{"id":41636,"date":"2024-07-24T15:16:47","date_gmt":"2024-07-24T20:16:47","guid":{"rendered":"https:\/\/mundoanimalito.com\/?page_id=41636"},"modified":"2024-09-05T11:47:24","modified_gmt":"2024-09-05T16:47:24","slug":"kerbl-perro-maxi-pet-80817-juguete-para-perros-tamano-grande-38-cm","status":"publish","type":"page","link":"https:\/\/mundoanimalito.com\/index.php\/kerbl-perro-maxi-pet-80817-juguete-para-perros-tamano-grande-38-cm\/","title":{"rendered":"Kerbl, Perro Maxi-Pet 80817 &#8211; Juguete para Perros (tama\u00f1o Grande, 38 cm)"},"content":{"rendered":"\t\t<div data-elementor-type=\"wp-page\" data-elementor-id=\"41636\" class=\"elementor elementor-41636\" data-elementor-post-type=\"page\">\n\t\t\t\t<div class=\"elementor-element elementor-element-76a12e7 e-flex e-con-boxed e-con e-parent\" data-id=\"76a12e7\" data-element_type=\"container\" data-e-type=\"container\">\n\t\t\t\t\t<div class=\"e-con-inner\">\n\t\t\t\t<div class=\"elementor-element elementor-element-a71a765 elementor-invisible elementor-widget elementor-widget-heading\" data-id=\"a71a765\" data-element_type=\"widget\" data-e-type=\"widget\" data-settings=\"{&quot;_animation&quot;:&quot;fadeInDown&quot;}\" data-widget_type=\"heading.default\">\n\t\t\t\t<div class=\"elementor-widget-container\">\n\t\t\t\t\t<h1 class=\"elementor-heading-title elementor-size-default\">\u00a1Reg\u00e1lale a tu perro horas de diversi\u00f3n y ejercicio con el juguete Kerbl Maxi-Pet! Dise\u00f1ado para mantener a tu mascota entretenida, saludable y feliz, este juguete es perfecto para perros grandes que adoran jugar y mantenerse activos<\/h1>\t\t\t\t<\/div>\n\t\t\t\t<\/div>\n\t\t\t\t\t<\/div>\n\t\t\t\t<\/div>\n\t\t<div class=\"elementor-element elementor-element-435661c e-flex e-con-boxed e-con e-parent\" data-id=\"435661c\" data-element_type=\"container\" data-e-type=\"container\">\n\t\t\t\t\t<div class=\"e-con-inner\">\n\t\t\t\t<div class=\"elementor-element elementor-element-2b4e109 elementor-widget elementor-widget-image\" data-id=\"2b4e109\" data-element_type=\"widget\" data-e-type=\"widget\" data-widget_type=\"image.default\">\n\t\t\t\t<div class=\"elementor-widget-container\">\n\t\t\t\t\t\t\t\t\t\t\t\t\t\t\t\t<a href=\"https:\/\/amzn.to\/4fl3Nmj\" target=\"_blank\">\n\t\t\t\t\t\t\t<img fetchpriority=\"high\" decoding=\"async\" width=\"768\" height=\"713\" src=\"https:\/\/mundoanimalito.com\/wp-content\/uploads\/2024\/07\/81Z2ZYNhXCL._AC_SL1500_-768x713.jpg\" class=\"attachment-medium_large size-medium_large wp-image-41626\" alt=\"Kerbl, Perro Maxi-Pet 80817 - Juguete para Perros (tama\u00f1o Grande, 38 cm)\" srcset=\"https:\/\/mundoanimalito.com\/wp-content\/uploads\/2024\/07\/81Z2ZYNhXCL._AC_SL1500_-768x713.jpg 768w, https:\/\/mundoanimalito.com\/wp-content\/uploads\/2024\/07\/81Z2ZYNhXCL._AC_SL1500_-300x278.jpg 300w, https:\/\/mundoanimalito.com\/wp-content\/uploads\/2024\/07\/81Z2ZYNhXCL._AC_SL1500_-1024x950.jpg 1024w, https:\/\/mundoanimalito.com\/wp-content\/uploads\/2024\/07\/81Z2ZYNhXCL._AC_SL1500_.jpg 1500w\" sizes=\"(max-width: 768px) 100vw, 768px\" \/>\t\t\t\t\t\t\t\t<\/a>\n\t\t\t\t\t\t\t\t\t\t\t\t\t\t\t<\/div>\n\t\t\t\t<\/div>\n\t\t\t\t\t<\/div>\n\t\t\t\t<\/div>\n\t\t<div class=\"elementor-element elementor-element-62fab6b e-flex e-con-boxed e-con e-parent\" data-id=\"62fab6b\" data-element_type=\"container\" data-e-type=\"container\">\n\t\t\t\t\t<div class=\"e-con-inner\">\n\t\t\t\t<div class=\"elementor-element elementor-element-196574c elementor-align-right elementor-widget elementor-widget-button\" data-id=\"196574c\" data-element_type=\"widget\" data-e-type=\"widget\" data-widget_type=\"button.default\">\n\t\t\t\t<div class=\"elementor-widget-container\">\n\t\t\t\t\t\t\t\t\t<div class=\"elementor-button-wrapper\">\n\t\t\t\t\t<a class=\"elementor-button elementor-button-link elementor-size-sm\" href=\"https:\/\/amzn.to\/4fl3Nmj\" target=\"_blank\">\n\t\t\t\t\t\t<span class=\"elementor-button-content-wrapper\">\n\t\t\t\t\t\t\t\t\t<span class=\"elementor-button-text\">Compra ahora en Amazon<\/span>\n\t\t\t\t\t<\/span>\n\t\t\t\t\t<\/a>\n\t\t\t\t<\/div>\n\t\t\t\t\t\t\t\t<\/div>\n\t\t\t\t<\/div>\n\t\t\t\t\t<\/div>\n\t\t\t\t<\/div>\n\t\t<div class=\"elementor-element elementor-element-1b05a63 e-flex e-con-boxed e-con e-parent\" data-id=\"1b05a63\" data-element_type=\"container\" data-e-type=\"container\">\n\t\t\t\t\t<div class=\"e-con-inner\">\n\t\t\t\t<div class=\"elementor-element elementor-element-bfa485d elementor-widget elementor-widget-text-editor\" data-id=\"bfa485d\" data-element_type=\"widget\" data-e-type=\"widget\" data-widget_type=\"text-editor.default\">\n\t\t\t\t<div class=\"elementor-widget-container\">\n\t\t\t\t\t\t\t\t\t<p><strong>\u00a1Descubre el Juguete Perfecto para tu Perro!<\/strong><\/p>\t\t\t\t\t\t\t\t<\/div>\n\t\t\t\t<\/div>\n\t\t\t\t\t<\/div>\n\t\t\t\t<\/div>\n\t\t<div class=\"elementor-element elementor-element-7b1b5d8 e-flex e-con-boxed e-con e-parent\" data-id=\"7b1b5d8\" data-element_type=\"container\" data-e-type=\"container\">\n\t\t\t\t\t<div class=\"e-con-inner\">\n\t\t\t\t<div class=\"elementor-element elementor-element-13ee80e elementor-widget elementor-widget-text-editor\" data-id=\"13ee80e\" data-element_type=\"widget\" data-e-type=\"widget\" data-widget_type=\"text-editor.default\">\n\t\t\t\t<div class=\"elementor-widget-container\">\n\t\t\t\t\t\t\t\t\t<p><strong>\ud83e\uddf5 Materiales de Alta Calidad para una Durabilidad \u00d3ptima: <\/strong>Hecho de una mezcla resistente de algod\u00f3n, poli\u00e9ster y caucho sint\u00e9tico, el juguete Kerbl Maxi-Pet est\u00e1 dise\u00f1ado para soportar las mordidas y tirones de los perros m\u00e1s en\u00e9rgicos. La calidad de los materiales asegura que tu perro pueda disfrutar de su nuevo juguete durante mucho tiempo.\u00a0<\/p><p>\u00a0<\/p><p><strong>\ud83e\udde0 Estimulaci\u00f3n F\u00edsica y Mental: <\/strong>La forma realista del juguete despierta el instinto natural de caza de tu perro, proporcionando una estimulaci\u00f3n mental y f\u00edsica esencial. Mant\u00e9n a tu perro activo y comprometido, evitando el aburrimiento y promoviendo un comportamiento saludable.\u00a0<\/p><p>\u00a0<\/p><p><strong>\ud83e\uddfc F\u00e1cil de Limpiar: <\/strong>El juguete es lavable a m\u00e1quina a 30 \u00b0C, lo que facilita mantenerlo limpio e higi\u00e9nico. No m\u00e1s preocupaciones por los g\u00e9rmenes o la suciedad: simplemente l\u00e1nzalo a la lavadora y estar\u00e1 como nuevo.\u00a0<\/p><p>\u00a0<\/p><p><strong>\ud83c\udf89Diversi\u00f3n Interactiva con Cuerda de Algod\u00f3n: <\/strong>Incluye una cuerda de algod\u00f3n, perfecta para juegos interactivos como tirar y aflojar. Esto no solo fortalece el v\u00ednculo entre t\u00fa y tu perro, sino que tambi\u00e9n proporciona un excelente ejercicio para ambos.\u00a0<\/p><p>\u00a0<\/p><p><strong>No esperes m\u00e1s para darle a tu perro el entretenimiento y el ejercicio que necesita. Compra ahora el juguete Kerbl Maxi-Pet 80817 en Amazon y aseg\u00farate de que tu amigo peludo tenga siempre algo divertido y saludable con qu\u00e9 jugar. \u00a1Haz clic en el enlace y realiza tu compra hoy mismo!<\/strong><\/p>\t\t\t\t\t\t\t\t<\/div>\n\t\t\t\t<\/div>\n\t\t\t\t\t<\/div>\n\t\t\t\t<\/div>\n\t\t<div class=\"elementor-element elementor-element-adacb74 e-flex e-con-boxed e-con e-parent\" data-id=\"adacb74\" data-element_type=\"container\" data-e-type=\"container\">\n\t\t\t\t\t<div class=\"e-con-inner\">\n\t\t\t\t<div class=\"elementor-element elementor-element-f95b876 elementor-align-right elementor-widget elementor-widget-button\" data-id=\"f95b876\" data-element_type=\"widget\" data-e-type=\"widget\" data-widget_type=\"button.default\">\n\t\t\t\t<div class=\"elementor-widget-container\">\n\t\t\t\t\t\t\t\t\t<div class=\"elementor-button-wrapper\">\n\t\t\t\t\t<a class=\"elementor-button elementor-button-link elementor-size-sm\" href=\"https:\/\/amzn.to\/4fl3Nmj\" target=\"_blank\">\n\t\t\t\t\t\t<span class=\"elementor-button-content-wrapper\">\n\t\t\t\t\t\t\t\t\t<span class=\"elementor-button-text\">Compra ahora en Amazon<\/span>\n\t\t\t\t\t<\/span>\n\t\t\t\t\t<\/a>\n\t\t\t\t<\/div>\n\t\t\t\t\t\t\t\t<\/div>\n\t\t\t\t<\/div>\n\t\t\t\t\t<\/div>\n\t\t\t\t<\/div>\n\t\t<div class=\"elementor-element elementor-element-d5c3249 e-flex e-con-boxed e-con e-parent\" data-id=\"d5c3249\" data-element_type=\"container\" data-e-type=\"container\">\n\t\t\t\t\t<div class=\"e-con-inner\">\n\t\t\t\t<div class=\"elementor-element elementor-element-6d1c64a elementor-widget elementor-widget-image\" data-id=\"6d1c64a\" data-element_type=\"widget\" data-e-type=\"widget\" data-widget_type=\"image.default\">\n\t\t\t\t<div class=\"elementor-widget-container\">\n\t\t\t\t\t\t\t\t\t\t\t\t\t\t\t<img fetchpriority=\"high\" decoding=\"async\" width=\"768\" height=\"713\" src=\"https:\/\/mundoanimalito.com\/wp-content\/uploads\/2024\/07\/81Z2ZYNhXCL._AC_SL1500_-768x713.jpg\" class=\"attachment-medium_large size-medium_large wp-image-41626\" alt=\"Kerbl, Perro Maxi-Pet 80817 - Juguete para Perros (tama\u00f1o Grande, 38 cm)\" srcset=\"https:\/\/mundoanimalito.com\/wp-content\/uploads\/2024\/07\/81Z2ZYNhXCL._AC_SL1500_-768x713.jpg 768w, https:\/\/mundoanimalito.com\/wp-content\/uploads\/2024\/07\/81Z2ZYNhXCL._AC_SL1500_-300x278.jpg 300w, https:\/\/mundoanimalito.com\/wp-content\/uploads\/2024\/07\/81Z2ZYNhXCL._AC_SL1500_-1024x950.jpg 1024w, https:\/\/mundoanimalito.com\/wp-content\/uploads\/2024\/07\/81Z2ZYNhXCL._AC_SL1500_.jpg 1500w\" sizes=\"(max-width: 768px) 100vw, 768px\" \/>\t\t\t\t\t\t\t\t\t\t\t\t\t\t\t<\/div>\n\t\t\t\t<\/div>\n\t\t\t\t\t<\/div>\n\t\t\t\t<\/div>\n\t\t<div class=\"elementor-element elementor-element-99c6c0f e-flex e-con-boxed e-con e-parent\" data-id=\"99c6c0f\" data-element_type=\"container\" data-e-type=\"container\">\n\t\t\t\t\t<div class=\"e-con-inner\">\n\t\t\t\t<div class=\"elementor-element elementor-element-8f43549 elementor-align-right elementor-widget elementor-widget-button\" data-id=\"8f43549\" data-element_type=\"widget\" data-e-type=\"widget\" data-widget_type=\"button.default\">\n\t\t\t\t<div class=\"elementor-widget-container\">\n\t\t\t\t\t\t\t\t\t<div class=\"elementor-button-wrapper\">\n\t\t\t\t\t<a class=\"elementor-button elementor-button-link elementor-size-sm\" href=\"https:\/\/amzn.to\/4fl3Nmj\" target=\"_blank\">\n\t\t\t\t\t\t<span class=\"elementor-button-content-wrapper\">\n\t\t\t\t\t\t\t\t\t<span class=\"elementor-button-text\">Compra ahora en Amazon<\/span>\n\t\t\t\t\t<\/span>\n\t\t\t\t\t<\/a>\n\t\t\t\t<\/div>\n\t\t\t\t\t\t\t\t<\/div>\n\t\t\t\t<\/div>\n\t\t\t\t\t<\/div>\n\t\t\t\t<\/div>\n\t\t\t\t<\/div>\n\t\t","protected":false},"excerpt":{"rendered":"<p>\u00a1Reg\u00e1lale a tu perro horas de diversi\u00f3n y ejercicio con el juguete Kerbl Maxi-Pet! Dise\u00f1ado para mantener a tu mascota entretenida, saludable y feliz, este juguete es perfecto para perros grandes que adoran jugar y mantenerse activos Compra ahora en Amazon \u00a1Descubre el Juguete Perfecto para tu Perro! \ud83e\uddf5 Materiales de Alta Calidad para una [&hellip;]<\/p>\n","protected":false},"author":1,"featured_media":0,"parent":0,"menu_order":0,"comment_status":"closed","ping_status":"closed","template":"","meta":{"site-sidebar-layout":"no-sidebar","site-content-layout":"page-builder","ast-site-content-layout":"full-width-container","site-content-style":"default","site-sidebar-style":"default","ast-global-header-display":"","ast-banner-title-visibility":"","ast-main-header-display":"","ast-hfb-above-header-display":"","ast-hfb-below-header-display":"","ast-hfb-mobile-header-display":"","site-post-title":"disabled","ast-breadcrumbs-content":"","ast-featured-img":"disabled","footer-sml-layout":"","ast-disable-related-posts":"","theme-transparent-header-meta":"","adv-header-id-meta":"","stick-header-meta":"","header-above-stick-meta":"","header-main-stick-meta":"","header-below-stick-meta":"","astra-migrate-meta-layouts":"set","ast-page-background-enabled":"default","ast-page-background-meta":{"desktop":{"background-color":"var(--ast-global-color-4)","background-image":"","background-repeat":"repeat","background-position":"center center","background-size":"auto","background-attachment":"scroll","background-type":"","background-media":"","overlay-type":"","overlay-color":"","overlay-opacity":"","overlay-gradient":""},"tablet":{"background-color":"","background-image":"","background-repeat":"repeat","background-position":"center center","background-size":"auto","background-attachment":"scroll","background-type":"","background-media":"","overlay-type":"","overlay-color":"","overlay-opacity":"","overlay-gradient":""},"mobile":{"background-color":"","background-image":"","background-repeat":"repeat","background-position":"center center","background-size":"auto","background-attachment":"scroll","background-type":"","background-media":"","overlay-type":"","overlay-color":"","overlay-opacity":"","overlay-gradient":""}},"ast-content-background-meta":{"desktop":{"background-color":"var(--ast-global-color-5)","background-image":"","background-repeat":"repeat","background-position":"center center","background-size":"auto","background-attachment":"scroll","background-type":"","background-media":"","overlay-type":"","overlay-color":"","overlay-opacity":"","overlay-gradient":""},"tablet":{"background-color":"var(--ast-global-color-5)","background-image":"","background-repeat":"repeat","background-position":"center center","background-size":"auto","background-attachment":"scroll","background-type":"","background-media":"","overlay-type":"","overlay-color":"","overlay-opacity":"","overlay-gradient":""},"mobile":{"background-color":"var(--ast-global-color-5)","background-image":"","background-repeat":"repeat","background-position":"center center","background-size":"auto","background-attachment":"scroll","background-type":"","background-media":"","overlay-type":"","overlay-color":"","overlay-opacity":"","overlay-gradient":""}},"footnotes":""},"class_list":["post-41636","page","type-page","status-publish","hentry"],"yoast_head":"<!-- This site is optimized with the Yoast SEO plugin v27.5 - https:\/\/yoast.com\/product\/yoast-seo-wordpress\/ -->\n<title>Juguete para Perros (tama\u00f1o Grande, 38 cm) | Mundo Animalito<\/title>\n<meta name=\"description\" content=\"\u00a1Reg\u00e1lale a tu perro horas de diversi\u00f3n y ejercicio con el juguete Kerbl Maxi-Pet! Dise\u00f1ado para mantener a tu mascota entretenida, saludable y feliz, este juguete es perfecto para perros grandes que adoran jugar y mantenerse activos\" \/>\n<meta name=\"robots\" content=\"index, follow, max-snippet:-1, max-image-preview:large, max-video-preview:-1\" \/>\n<link rel=\"canonical\" href=\"https:\/\/mundoanimalito.com\/index.php\/kerbl-perro-maxi-pet-80817-juguete-para-perros-tamano-grande-38-cm\/\" \/>\n<meta property=\"og:locale\" content=\"es_ES\" \/>\n<meta property=\"og:type\" content=\"article\" \/>\n<meta property=\"og:title\" content=\"Juguete para Perros (tama\u00f1o Grande, 38 cm) | Mundo Animalito\" \/>\n<meta property=\"og:description\" content=\"\u00a1Reg\u00e1lale a tu perro horas de diversi\u00f3n y ejercicio con el juguete Kerbl Maxi-Pet! Dise\u00f1ado para mantener a tu mascota entretenida, saludable y feliz, este juguete es perfecto para perros grandes que adoran jugar y mantenerse activos\" \/>\n<meta property=\"og:url\" content=\"https:\/\/mundoanimalito.com\/index.php\/kerbl-perro-maxi-pet-80817-juguete-para-perros-tamano-grande-38-cm\/\" \/>\n<meta property=\"og:site_name\" content=\"Mundo Animalito\" \/>\n<meta property=\"article:publisher\" content=\"https:\/\/www.facebook.com\/mundoanimalito77\" \/>\n<meta property=\"article:modified_time\" content=\"2024-09-05T16:47:24+00:00\" \/>\n<meta property=\"og:image\" content=\"https:\/\/mundoanimalito.com\/wp-content\/uploads\/2024\/07\/81Z2ZYNhXCL._AC_SL1500_-768x713.jpg\" \/>\n<meta name=\"twitter:card\" content=\"summary_large_image\" \/>\n<meta name=\"twitter:label1\" content=\"Tiempo de lectura\" \/>\n\t<meta name=\"twitter:data1\" content=\"2 minutos\" \/>\n<script type=\"application\/ld+json\" class=\"yoast-schema-graph\">{\"@context\":\"https:\\\/\\\/schema.org\",\"@graph\":[{\"@type\":\"WebPage\",\"@id\":\"https:\\\/\\\/mundoanimalito.com\\\/index.php\\\/kerbl-perro-maxi-pet-80817-juguete-para-perros-tamano-grande-38-cm\\\/\",\"url\":\"https:\\\/\\\/mundoanimalito.com\\\/index.php\\\/kerbl-perro-maxi-pet-80817-juguete-para-perros-tamano-grande-38-cm\\\/\",\"name\":\"Juguete para Perros (tama\u00f1o Grande, 38 cm) | Mundo Animalito\",\"isPartOf\":{\"@id\":\"https:\\\/\\\/mundoanimalito.com\\\/#website\"},\"primaryImageOfPage\":{\"@id\":\"https:\\\/\\\/mundoanimalito.com\\\/index.php\\\/kerbl-perro-maxi-pet-80817-juguete-para-perros-tamano-grande-38-cm\\\/#primaryimage\"},\"image\":{\"@id\":\"https:\\\/\\\/mundoanimalito.com\\\/index.php\\\/kerbl-perro-maxi-pet-80817-juguete-para-perros-tamano-grande-38-cm\\\/#primaryimage\"},\"thumbnailUrl\":\"https:\\\/\\\/mundoanimalito.com\\\/wp-content\\\/uploads\\\/2024\\\/07\\\/81Z2ZYNhXCL._AC_SL1500_-768x713.jpg\",\"datePublished\":\"2024-07-24T20:16:47+00:00\",\"dateModified\":\"2024-09-05T16:47:24+00:00\",\"description\":\"\u00a1Reg\u00e1lale a tu perro horas de diversi\u00f3n y ejercicio con el juguete Kerbl Maxi-Pet! Dise\u00f1ado para mantener a tu mascota entretenida, saludable y feliz, este juguete es perfecto para perros grandes que adoran jugar y mantenerse activos\",\"breadcrumb\":{\"@id\":\"https:\\\/\\\/mundoanimalito.com\\\/index.php\\\/kerbl-perro-maxi-pet-80817-juguete-para-perros-tamano-grande-38-cm\\\/#breadcrumb\"},\"inLanguage\":\"es\",\"potentialAction\":[{\"@type\":\"ReadAction\",\"target\":[\"https:\\\/\\\/mundoanimalito.com\\\/index.php\\\/kerbl-perro-maxi-pet-80817-juguete-para-perros-tamano-grande-38-cm\\\/\"]}]},{\"@type\":\"ImageObject\",\"inLanguage\":\"es\",\"@id\":\"https:\\\/\\\/mundoanimalito.com\\\/index.php\\\/kerbl-perro-maxi-pet-80817-juguete-para-perros-tamano-grande-38-cm\\\/#primaryimage\",\"url\":\"https:\\\/\\\/mundoanimalito.com\\\/wp-content\\\/uploads\\\/2024\\\/07\\\/81Z2ZYNhXCL._AC_SL1500_.jpg\",\"contentUrl\":\"https:\\\/\\\/mundoanimalito.com\\\/wp-content\\\/uploads\\\/2024\\\/07\\\/81Z2ZYNhXCL._AC_SL1500_.jpg\",\"width\":1500,\"height\":1392,\"caption\":\"Kerbl, Perro Maxi-Pet 80817 - Juguete para Perros (tama\u00f1o Grande, 38 cm)\"},{\"@type\":\"BreadcrumbList\",\"@id\":\"https:\\\/\\\/mundoanimalito.com\\\/index.php\\\/kerbl-perro-maxi-pet-80817-juguete-para-perros-tamano-grande-38-cm\\\/#breadcrumb\",\"itemListElement\":[{\"@type\":\"ListItem\",\"position\":1,\"name\":\"Portada\",\"item\":\"https:\\\/\\\/mundoanimalito.com\\\/\"},{\"@type\":\"ListItem\",\"position\":2,\"name\":\"Kerbl, Perro Maxi-Pet 80817 &#8211; Juguete para Perros (tama\u00f1o Grande, 38 cm)\"}]},{\"@type\":\"WebSite\",\"@id\":\"https:\\\/\\\/mundoanimalito.com\\\/#website\",\"url\":\"https:\\\/\\\/mundoanimalito.com\\\/\",\"name\":\"Mundo Animalito\",\"description\":\"Datos y curiosidades de los animales, encuentra ac\u00e1 todo para tu mascota\",\"publisher\":{\"@id\":\"https:\\\/\\\/mundoanimalito.com\\\/#organization\"},\"potentialAction\":[{\"@type\":\"SearchAction\",\"target\":{\"@type\":\"EntryPoint\",\"urlTemplate\":\"https:\\\/\\\/mundoanimalito.com\\\/?s={search_term_string}\"},\"query-input\":{\"@type\":\"PropertyValueSpecification\",\"valueRequired\":true,\"valueName\":\"search_term_string\"}}],\"inLanguage\":\"es\"},{\"@type\":\"Organization\",\"@id\":\"https:\\\/\\\/mundoanimalito.com\\\/#organization\",\"name\":\"Mundo Animalito\",\"url\":\"https:\\\/\\\/mundoanimalito.com\\\/\",\"logo\":{\"@type\":\"ImageObject\",\"inLanguage\":\"es\",\"@id\":\"https:\\\/\\\/mundoanimalito.com\\\/#\\\/schema\\\/logo\\\/image\\\/\",\"url\":\"https:\\\/\\\/mundoanimalito.com\\\/wp-content\\\/uploads\\\/2023\\\/10\\\/cropped-cropped-LOGO-OFICIAL-ULTIMA-VERSION-1.jpg\",\"contentUrl\":\"https:\\\/\\\/mundoanimalito.com\\\/wp-content\\\/uploads\\\/2023\\\/10\\\/cropped-cropped-LOGO-OFICIAL-ULTIMA-VERSION-1.jpg\",\"width\":374,\"height\":425,\"caption\":\"Mundo Animalito\"},\"image\":{\"@id\":\"https:\\\/\\\/mundoanimalito.com\\\/#\\\/schema\\\/logo\\\/image\\\/\"},\"sameAs\":[\"https:\\\/\\\/www.facebook.com\\\/mundoanimalito77\",\"https:\\\/\\\/www.instagram.com\\\/mundoanimalito77\\\/\",\"https:\\\/\\\/www.tiktok.com\\\/@mundoanimalito77\",\"https:\\\/\\\/www.youtube.com\\\/channel\\\/UCLo2JhNUNtHVraDt5aHadew\"]}]}<\/script>\n<!-- \/ Yoast SEO plugin. -->","yoast_head_json":{"title":"Juguete para Perros (tama\u00f1o Grande, 38 cm) | Mundo Animalito","description":"\u00a1Reg\u00e1lale a tu perro horas de diversi\u00f3n y ejercicio con el juguete Kerbl Maxi-Pet! Dise\u00f1ado para mantener a tu mascota entretenida, saludable y feliz, este juguete es perfecto para perros grandes que adoran jugar y mantenerse activos","robots":{"index":"index","follow":"follow","max-snippet":"max-snippet:-1","max-image-preview":"max-image-preview:large","max-video-preview":"max-video-preview:-1"},"canonical":"https:\/\/mundoanimalito.com\/index.php\/kerbl-perro-maxi-pet-80817-juguete-para-perros-tamano-grande-38-cm\/","og_locale":"es_ES","og_type":"article","og_title":"Juguete para Perros (tama\u00f1o Grande, 38 cm) | Mundo Animalito","og_description":"\u00a1Reg\u00e1lale a tu perro horas de diversi\u00f3n y ejercicio con el juguete Kerbl Maxi-Pet! Dise\u00f1ado para mantener a tu mascota entretenida, saludable y feliz, este juguete es perfecto para perros grandes que adoran jugar y mantenerse activos","og_url":"https:\/\/mundoanimalito.com\/index.php\/kerbl-perro-maxi-pet-80817-juguete-para-perros-tamano-grande-38-cm\/","og_site_name":"Mundo Animalito","article_publisher":"https:\/\/www.facebook.com\/mundoanimalito77","article_modified_time":"2024-09-05T16:47:24+00:00","og_image":[{"url":"https:\/\/mundoanimalito.com\/wp-content\/uploads\/2024\/07\/81Z2ZYNhXCL._AC_SL1500_-768x713.jpg","type":"","width":"","height":""}],"twitter_card":"summary_large_image","twitter_misc":{"Tiempo de lectura":"2 minutos"},"schema":{"@context":"https:\/\/schema.org","@graph":[{"@type":"WebPage","@id":"https:\/\/mundoanimalito.com\/index.php\/kerbl-perro-maxi-pet-80817-juguete-para-perros-tamano-grande-38-cm\/","url":"https:\/\/mundoanimalito.com\/index.php\/kerbl-perro-maxi-pet-80817-juguete-para-perros-tamano-grande-38-cm\/","name":"Juguete para Perros (tama\u00f1o Grande, 38 cm) | Mundo Animalito","isPartOf":{"@id":"https:\/\/mundoanimalito.com\/#website"},"primaryImageOfPage":{"@id":"https:\/\/mundoanimalito.com\/index.php\/kerbl-perro-maxi-pet-80817-juguete-para-perros-tamano-grande-38-cm\/#primaryimage"},"image":{"@id":"https:\/\/mundoanimalito.com\/index.php\/kerbl-perro-maxi-pet-80817-juguete-para-perros-tamano-grande-38-cm\/#primaryimage"},"thumbnailUrl":"https:\/\/mundoanimalito.com\/wp-content\/uploads\/2024\/07\/81Z2ZYNhXCL._AC_SL1500_-768x713.jpg","datePublished":"2024-07-24T20:16:47+00:00","dateModified":"2024-09-05T16:47:24+00:00","description":"\u00a1Reg\u00e1lale a tu perro horas de diversi\u00f3n y ejercicio con el juguete Kerbl Maxi-Pet! Dise\u00f1ado para mantener a tu mascota entretenida, saludable y feliz, este juguete es perfecto para perros grandes que adoran jugar y mantenerse activos","breadcrumb":{"@id":"https:\/\/mundoanimalito.com\/index.php\/kerbl-perro-maxi-pet-80817-juguete-para-perros-tamano-grande-38-cm\/#breadcrumb"},"inLanguage":"es","potentialAction":[{"@type":"ReadAction","target":["https:\/\/mundoanimalito.com\/index.php\/kerbl-perro-maxi-pet-80817-juguete-para-perros-tamano-grande-38-cm\/"]}]},{"@type":"ImageObject","inLanguage":"es","@id":"https:\/\/mundoanimalito.com\/index.php\/kerbl-perro-maxi-pet-80817-juguete-para-perros-tamano-grande-38-cm\/#primaryimage","url":"https:\/\/mundoanimalito.com\/wp-content\/uploads\/2024\/07\/81Z2ZYNhXCL._AC_SL1500_.jpg","contentUrl":"https:\/\/mundoanimalito.com\/wp-content\/uploads\/2024\/07\/81Z2ZYNhXCL._AC_SL1500_.jpg","width":1500,"height":1392,"caption":"Kerbl, Perro Maxi-Pet 80817 - Juguete para Perros (tama\u00f1o Grande, 38 cm)"},{"@type":"BreadcrumbList","@id":"https:\/\/mundoanimalito.com\/index.php\/kerbl-perro-maxi-pet-80817-juguete-para-perros-tamano-grande-38-cm\/#breadcrumb","itemListElement":[{"@type":"ListItem","position":1,"name":"Portada","item":"https:\/\/mundoanimalito.com\/"},{"@type":"ListItem","position":2,"name":"Kerbl, Perro Maxi-Pet 80817 &#8211; Juguete para Perros (tama\u00f1o Grande, 38 cm)"}]},{"@type":"WebSite","@id":"https:\/\/mundoanimalito.com\/#website","url":"https:\/\/mundoanimalito.com\/","name":"Mundo Animalito","description":"Datos y curiosidades de los animales, encuentra ac\u00e1 todo para tu mascota","publisher":{"@id":"https:\/\/mundoanimalito.com\/#organization"},"potentialAction":[{"@type":"SearchAction","target":{"@type":"EntryPoint","urlTemplate":"https:\/\/mundoanimalito.com\/?s={search_term_string}"},"query-input":{"@type":"PropertyValueSpecification","valueRequired":true,"valueName":"search_term_string"}}],"inLanguage":"es"},{"@type":"Organization","@id":"https:\/\/mundoanimalito.com\/#organization","name":"Mundo Animalito","url":"https:\/\/mundoanimalito.com\/","logo":{"@type":"ImageObject","inLanguage":"es","@id":"https:\/\/mundoanimalito.com\/#\/schema\/logo\/image\/","url":"https:\/\/mundoanimalito.com\/wp-content\/uploads\/2023\/10\/cropped-cropped-LOGO-OFICIAL-ULTIMA-VERSION-1.jpg","contentUrl":"https:\/\/mundoanimalito.com\/wp-content\/uploads\/2023\/10\/cropped-cropped-LOGO-OFICIAL-ULTIMA-VERSION-1.jpg","width":374,"height":425,"caption":"Mundo Animalito"},"image":{"@id":"https:\/\/mundoanimalito.com\/#\/schema\/logo\/image\/"},"sameAs":["https:\/\/www.facebook.com\/mundoanimalito77","https:\/\/www.instagram.com\/mundoanimalito77\/","https:\/\/www.tiktok.com\/@mundoanimalito77","https:\/\/www.youtube.com\/channel\/UCLo2JhNUNtHVraDt5aHadew"]}]}},"_links":{"self":[{"href":"https:\/\/mundoanimalito.com\/index.php\/wp-json\/wp\/v2\/pages\/41636","targetHints":{"allow":["GET"]}}],"collection":[{"href":"https:\/\/mundoanimalito.com\/index.php\/wp-json\/wp\/v2\/pages"}],"about":[{"href":"https:\/\/mundoanimalito.com\/index.php\/wp-json\/wp\/v2\/types\/page"}],"author":[{"embeddable":true,"href":"https:\/\/mundoanimalito.com\/index.php\/wp-json\/wp\/v2\/users\/1"}],"replies":[{"embeddable":true,"href":"https:\/\/mundoanimalito.com\/index.php\/wp-json\/wp\/v2\/comments?post=41636"}],"version-history":[{"count":0,"href":"https:\/\/mundoanimalito.com\/index.php\/wp-json\/wp\/v2\/pages\/41636\/revisions"}],"wp:attachment":[{"href":"https:\/\/mundoanimalito.com\/index.php\/wp-json\/wp\/v2\/media?parent=41636"}],"curies":[{"name":"wp","href":"https:\/\/api.w.org\/{rel}","templated":true}]}}