{"id":41048,"date":"2024-07-23T14:23:27","date_gmt":"2024-07-23T19:23:27","guid":{"rendered":"https:\/\/mundoanimalito.com\/?page_id=41048"},"modified":"2024-09-23T09:16:28","modified_gmt":"2024-09-23T14:16:28","slug":"trixie-oveja-patas-largas-para-perros","status":"publish","type":"page","link":"https:\/\/mundoanimalito.com\/index.php\/trixie-oveja-patas-largas-para-perros\/","title":{"rendered":"TRIXIE Oveja Patas Largas para Perros"},"content":{"rendered":"\t\t<div data-elementor-type=\"wp-page\" data-elementor-id=\"41048\" class=\"elementor elementor-41048\" data-elementor-post-type=\"page\">\n\t\t\t\t<div class=\"elementor-element elementor-element-96f826d e-flex e-con-boxed e-con e-parent\" data-id=\"96f826d\" data-element_type=\"container\" data-e-type=\"container\">\n\t\t\t\t\t<div class=\"e-con-inner\">\n\t\t\t\t<div class=\"elementor-element elementor-element-8602493 elementor-invisible elementor-widget elementor-widget-heading\" data-id=\"8602493\" data-element_type=\"widget\" data-e-type=\"widget\" data-settings=\"{&quot;_animation&quot;:&quot;fadeInDown&quot;}\" data-widget_type=\"heading.default\">\n\t\t\t\t<div class=\"elementor-widget-container\">\n\t\t\t\t\t<h1 class=\"elementor-heading-title elementor-size-default\">Dale a tu perro la diversi\u00f3n y el cari\u00f1o que se merece con el juguete TRIXIE Oveja Patas Largas! Este adorable y resistente juguete est\u00e1 dise\u00f1ado para satisfacer los instintos naturales de tu perro, brind\u00e1ndole horas de entretenimiento y compa\u00f1\u00eda<\/h1>\t\t\t\t<\/div>\n\t\t\t\t<\/div>\n\t\t\t\t\t<\/div>\n\t\t\t\t<\/div>\n\t\t<div class=\"elementor-element elementor-element-dfd27fc e-flex e-con-boxed e-con e-parent\" data-id=\"dfd27fc\" data-element_type=\"container\" data-e-type=\"container\">\n\t\t\t\t\t<div class=\"e-con-inner\">\n\t\t\t\t<div class=\"elementor-element elementor-element-fece78d elementor-widget elementor-widget-image\" data-id=\"fece78d\" data-element_type=\"widget\" data-e-type=\"widget\" data-widget_type=\"image.default\">\n\t\t\t\t<div class=\"elementor-widget-container\">\n\t\t\t\t\t\t\t\t\t\t\t\t\t\t\t\t<a href=\"https:\/\/amzn.to\/3A2KBtk\" target=\"_blank\">\n\t\t\t\t\t\t\t<img fetchpriority=\"high\" decoding=\"async\" width=\"768\" height=\"1373\" src=\"https:\/\/mundoanimalito.com\/wp-content\/uploads\/2024\/07\/61I7QjXdWzS._AC_SL1500_-768x1373.jpg\" class=\"attachment-medium_large size-medium_large wp-image-41032\" alt=\"TRIXIE Oveja Patas Largas para Perros\" srcset=\"https:\/\/mundoanimalito.com\/wp-content\/uploads\/2024\/07\/61I7QjXdWzS._AC_SL1500_-768x1373.jpg 768w, https:\/\/mundoanimalito.com\/wp-content\/uploads\/2024\/07\/61I7QjXdWzS._AC_SL1500_-168x300.jpg 168w, https:\/\/mundoanimalito.com\/wp-content\/uploads\/2024\/07\/61I7QjXdWzS._AC_SL1500_-573x1024.jpg 573w, https:\/\/mundoanimalito.com\/wp-content\/uploads\/2024\/07\/61I7QjXdWzS._AC_SL1500_.jpg 813w\" sizes=\"(max-width: 768px) 100vw, 768px\" \/>\t\t\t\t\t\t\t\t<\/a>\n\t\t\t\t\t\t\t\t\t\t\t\t\t\t\t<\/div>\n\t\t\t\t<\/div>\n\t\t\t\t\t<\/div>\n\t\t\t\t<\/div>\n\t\t<div class=\"elementor-element elementor-element-e2b0341 e-flex e-con-boxed e-con e-parent\" data-id=\"e2b0341\" data-element_type=\"container\" data-e-type=\"container\">\n\t\t\t\t\t<div class=\"e-con-inner\">\n\t\t\t\t<div class=\"elementor-element elementor-element-e8dd0de elementor-align-right elementor-widget elementor-widget-button\" data-id=\"e8dd0de\" data-element_type=\"widget\" data-e-type=\"widget\" data-widget_type=\"button.default\">\n\t\t\t\t<div class=\"elementor-widget-container\">\n\t\t\t\t\t\t\t\t\t<div class=\"elementor-button-wrapper\">\n\t\t\t\t\t<a class=\"elementor-button elementor-button-link elementor-size-sm\" href=\"https:\/\/amzn.to\/3A2KBtk\" target=\"_blank\">\n\t\t\t\t\t\t<span class=\"elementor-button-content-wrapper\">\n\t\t\t\t\t\t\t\t\t<span class=\"elementor-button-text\">Compra ahora en Amazon <\/span>\n\t\t\t\t\t<\/span>\n\t\t\t\t\t<\/a>\n\t\t\t\t<\/div>\n\t\t\t\t\t\t\t\t<\/div>\n\t\t\t\t<\/div>\n\t\t\t\t\t<\/div>\n\t\t\t\t<\/div>\n\t\t<div class=\"elementor-element elementor-element-633bdc7 e-flex e-con-boxed e-con e-parent\" data-id=\"633bdc7\" data-element_type=\"container\" data-e-type=\"container\">\n\t\t\t\t\t<div class=\"e-con-inner\">\n\t\t\t\t<div class=\"elementor-element elementor-element-9814389 elementor-widget elementor-widget-text-editor\" data-id=\"9814389\" data-element_type=\"widget\" data-e-type=\"widget\" data-widget_type=\"text-editor.default\">\n\t\t\t\t<div class=\"elementor-widget-container\">\n\t\t\t\t\t\t\t\t\t<p><strong>\u00a1Descubre el Juguete Perfecto para tu Perro! TRIXIE Oveja Patas Largas <\/strong><\/p>\t\t\t\t\t\t\t\t<\/div>\n\t\t\t\t<\/div>\n\t\t\t\t\t<\/div>\n\t\t\t\t<\/div>\n\t\t<div class=\"elementor-element elementor-element-cda4ba1 e-flex e-con-boxed e-con e-parent\" data-id=\"cda4ba1\" data-element_type=\"container\" data-e-type=\"container\">\n\t\t\t\t\t<div class=\"e-con-inner\">\n\t\t\t\t<div class=\"elementor-element elementor-element-5408419 elementor-widget elementor-widget-text-editor\" data-id=\"5408419\" data-element_type=\"widget\" data-e-type=\"widget\" data-widget_type=\"text-editor.default\">\n\t\t\t\t<div class=\"elementor-widget-container\">\n\t\t\t\t\t\t\t\t\t<p>\u00a0<\/p><p><strong>\ud83e\uddb4 Estimula sus Instintos Naturales: <\/strong>El esqueleto interno de cuerda anudada satisface los instintos de masticaci\u00f3n y juego de tu perro, ayudando a mantener sus mand\u00edbulas fuertes y sanas.\u00a0<\/p><p>\u00a0<\/p><p><strong>\ud83e\uddfcMenos Suciedad, M\u00e1s Diversi\u00f3n: <\/strong>Con un relleno m\u00ednimo, este juguete ensucia menos, permitiendo que tu perro disfrute de su tiempo de juego sin preocuparte por el desorden.\u00a0<\/p><p>\u00a0<\/p><p><strong>\ud83d\udcaa Suave y Duradero: <\/strong>Hecho de felpa suave de poli\u00e9ster, este juguete es perfecto para mimos y mordiscos, combinando suavidad con durabilidad para soportar las aventuras diarias de tu perro.\u00a0<\/p><p>\u00a0<\/p><p><strong>\ud83c\udfb5 Entretenimiento Interactivo: <\/strong>Incorpora sonido y sonajero en su interior, manteniendo a tu perro entretenido y estimulando su curiosidad y ganas de jugar.\u00a0<\/p><p>\u00a0<\/p><p><strong>\ud83d\udc3e Cuida a tu Mascota: <\/strong>Este producto est\u00e1 dise\u00f1ado pensando en el bienestar de tu mascota, promoviendo el ejercicio y los procesos mentales esenciales para su educaci\u00f3n y felicidad.\u00a0<\/p><p>\u00a0<\/p><p>\ud83d\udccf <strong>Disponibilidad en Varias Tallas:<\/strong><\/p><ul><li>XS<\/li><li>S\/M<\/li><li>M\/L<\/li><li>XL<\/li><\/ul><p><strong>No esperes m\u00e1s para darle a tu perro el mejor juguete que pueda desear. Compra ahora el TRIXIE Oveja Patas Largas y disfruta de momentos inolvidables de juego y conexi\u00f3n con tu amigo peludo. \u00a1Haz clic en el enlace y asegura la diversi\u00f3n para tu perro!<\/strong><\/p>\t\t\t\t\t\t\t\t<\/div>\n\t\t\t\t<\/div>\n\t\t\t\t\t<\/div>\n\t\t\t\t<\/div>\n\t\t<div class=\"elementor-element elementor-element-7fc0688 e-flex e-con-boxed e-con e-parent\" data-id=\"7fc0688\" data-element_type=\"container\" data-e-type=\"container\">\n\t\t\t\t\t<div class=\"e-con-inner\">\n\t\t\t\t<div class=\"elementor-element elementor-element-213384a elementor-align-right elementor-widget elementor-widget-button\" data-id=\"213384a\" data-element_type=\"widget\" data-e-type=\"widget\" data-widget_type=\"button.default\">\n\t\t\t\t<div class=\"elementor-widget-container\">\n\t\t\t\t\t\t\t\t\t<div class=\"elementor-button-wrapper\">\n\t\t\t\t\t<a class=\"elementor-button elementor-button-link elementor-size-sm\" href=\"https:\/\/amzn.to\/3A2KBtk\" target=\"_blank\">\n\t\t\t\t\t\t<span class=\"elementor-button-content-wrapper\">\n\t\t\t\t\t\t\t\t\t<span class=\"elementor-button-text\">Compra ahora en Amazon <\/span>\n\t\t\t\t\t<\/span>\n\t\t\t\t\t<\/a>\n\t\t\t\t<\/div>\n\t\t\t\t\t\t\t\t<\/div>\n\t\t\t\t<\/div>\n\t\t\t\t\t<\/div>\n\t\t\t\t<\/div>\n\t\t\t\t<\/div>\n\t\t","protected":false},"excerpt":{"rendered":"<p>Dale a tu perro la diversi\u00f3n y el cari\u00f1o que se merece con el juguete TRIXIE Oveja Patas Largas! Este adorable y resistente juguete est\u00e1 dise\u00f1ado para satisfacer los instintos naturales de tu perro, brind\u00e1ndole horas de entretenimiento y compa\u00f1\u00eda Compra ahora en Amazon \u00a1Descubre el Juguete Perfecto para tu Perro! TRIXIE Oveja Patas Largas [&hellip;]<\/p>\n","protected":false},"author":1,"featured_media":0,"parent":0,"menu_order":0,"comment_status":"closed","ping_status":"closed","template":"","meta":{"site-sidebar-layout":"no-sidebar","site-content-layout":"page-builder","ast-site-content-layout":"full-width-container","site-content-style":"default","site-sidebar-style":"default","ast-global-header-display":"","ast-banner-title-visibility":"","ast-main-header-display":"","ast-hfb-above-header-display":"","ast-hfb-below-header-display":"","ast-hfb-mobile-header-display":"","site-post-title":"disabled","ast-breadcrumbs-content":"","ast-featured-img":"disabled","footer-sml-layout":"","ast-disable-related-posts":"","theme-transparent-header-meta":"","adv-header-id-meta":"","stick-header-meta":"","header-above-stick-meta":"","header-main-stick-meta":"","header-below-stick-meta":"","astra-migrate-meta-layouts":"set","ast-page-background-enabled":"default","ast-page-background-meta":{"desktop":{"background-color":"var(--ast-global-color-4)","background-image":"","background-repeat":"repeat","background-position":"center center","background-size":"auto","background-attachment":"scroll","background-type":"","background-media":"","overlay-type":"","overlay-color":"","overlay-opacity":"","overlay-gradient":""},"tablet":{"background-color":"","background-image":"","background-repeat":"repeat","background-position":"center center","background-size":"auto","background-attachment":"scroll","background-type":"","background-media":"","overlay-type":"","overlay-color":"","overlay-opacity":"","overlay-gradient":""},"mobile":{"background-color":"","background-image":"","background-repeat":"repeat","background-position":"center center","background-size":"auto","background-attachment":"scroll","background-type":"","background-media":"","overlay-type":"","overlay-color":"","overlay-opacity":"","overlay-gradient":""}},"ast-content-background-meta":{"desktop":{"background-color":"var(--ast-global-color-5)","background-image":"","background-repeat":"repeat","background-position":"center center","background-size":"auto","background-attachment":"scroll","background-type":"","background-media":"","overlay-type":"","overlay-color":"","overlay-opacity":"","overlay-gradient":""},"tablet":{"background-color":"var(--ast-global-color-5)","background-image":"","background-repeat":"repeat","background-position":"center center","background-size":"auto","background-attachment":"scroll","background-type":"","background-media":"","overlay-type":"","overlay-color":"","overlay-opacity":"","overlay-gradient":""},"mobile":{"background-color":"var(--ast-global-color-5)","background-image":"","background-repeat":"repeat","background-position":"center center","background-size":"auto","background-attachment":"scroll","background-type":"","background-media":"","overlay-type":"","overlay-color":"","overlay-opacity":"","overlay-gradient":""}},"footnotes":""},"class_list":["post-41048","page","type-page","status-publish","hentry"],"yoast_head":"<!-- This site is optimized with the Yoast SEO plugin v27.4 - https:\/\/yoast.com\/product\/yoast-seo-wordpress\/ -->\n<title>TRIXIE Oveja Patas Largas para Perros | Mundo Animalito<\/title>\n<meta name=\"description\" content=\"Dale a tu perro la diversi\u00f3n y el cari\u00f1o que se merece con el juguete TRIXIE Oveja Patas Largas! Este adorable y resistente juguete est\u00e1 dise\u00f1ado para satisfacer los instintos naturales de tu perro, brind\u00e1ndole horas de entretenimiento y compa\u00f1\u00eda\" \/>\n<meta name=\"robots\" content=\"index, follow, max-snippet:-1, max-image-preview:large, max-video-preview:-1\" \/>\n<link rel=\"canonical\" href=\"https:\/\/mundoanimalito.com\/index.php\/trixie-oveja-patas-largas-para-perros\/\" \/>\n<meta property=\"og:locale\" content=\"es_ES\" \/>\n<meta property=\"og:type\" content=\"article\" \/>\n<meta property=\"og:title\" content=\"TRIXIE Oveja Patas Largas para Perros | Mundo Animalito\" \/>\n<meta property=\"og:description\" content=\"Dale a tu perro la diversi\u00f3n y el cari\u00f1o que se merece con el juguete TRIXIE Oveja Patas Largas! Este adorable y resistente juguete est\u00e1 dise\u00f1ado para satisfacer los instintos naturales de tu perro, brind\u00e1ndole horas de entretenimiento y compa\u00f1\u00eda\" \/>\n<meta property=\"og:url\" content=\"https:\/\/mundoanimalito.com\/index.php\/trixie-oveja-patas-largas-para-perros\/\" \/>\n<meta property=\"og:site_name\" content=\"Mundo Animalito\" \/>\n<meta property=\"article:publisher\" content=\"https:\/\/www.facebook.com\/mundoanimalito77\" \/>\n<meta property=\"article:modified_time\" content=\"2024-09-23T14:16:28+00:00\" \/>\n<meta property=\"og:image\" content=\"https:\/\/mundoanimalito.com\/wp-content\/uploads\/2024\/07\/61I7QjXdWzS._AC_SL1500_-768x1373.jpg\" \/>\n<meta name=\"twitter:card\" content=\"summary_large_image\" \/>\n<meta name=\"twitter:label1\" content=\"Tiempo de lectura\" \/>\n\t<meta name=\"twitter:data1\" content=\"2 minutos\" \/>\n<script type=\"application\/ld+json\" class=\"yoast-schema-graph\">{\"@context\":\"https:\\\/\\\/schema.org\",\"@graph\":[{\"@type\":\"WebPage\",\"@id\":\"https:\\\/\\\/mundoanimalito.com\\\/index.php\\\/trixie-oveja-patas-largas-para-perros\\\/\",\"url\":\"https:\\\/\\\/mundoanimalito.com\\\/index.php\\\/trixie-oveja-patas-largas-para-perros\\\/\",\"name\":\"TRIXIE Oveja Patas Largas para Perros | Mundo Animalito\",\"isPartOf\":{\"@id\":\"https:\\\/\\\/mundoanimalito.com\\\/#website\"},\"primaryImageOfPage\":{\"@id\":\"https:\\\/\\\/mundoanimalito.com\\\/index.php\\\/trixie-oveja-patas-largas-para-perros\\\/#primaryimage\"},\"image\":{\"@id\":\"https:\\\/\\\/mundoanimalito.com\\\/index.php\\\/trixie-oveja-patas-largas-para-perros\\\/#primaryimage\"},\"thumbnailUrl\":\"https:\\\/\\\/mundoanimalito.com\\\/wp-content\\\/uploads\\\/2024\\\/07\\\/61I7QjXdWzS._AC_SL1500_-768x1373.jpg\",\"datePublished\":\"2024-07-23T19:23:27+00:00\",\"dateModified\":\"2024-09-23T14:16:28+00:00\",\"description\":\"Dale a tu perro la diversi\u00f3n y el cari\u00f1o que se merece con el juguete TRIXIE Oveja Patas Largas! Este adorable y resistente juguete est\u00e1 dise\u00f1ado para satisfacer los instintos naturales de tu perro, brind\u00e1ndole horas de entretenimiento y compa\u00f1\u00eda\",\"breadcrumb\":{\"@id\":\"https:\\\/\\\/mundoanimalito.com\\\/index.php\\\/trixie-oveja-patas-largas-para-perros\\\/#breadcrumb\"},\"inLanguage\":\"es\",\"potentialAction\":[{\"@type\":\"ReadAction\",\"target\":[\"https:\\\/\\\/mundoanimalito.com\\\/index.php\\\/trixie-oveja-patas-largas-para-perros\\\/\"]}]},{\"@type\":\"ImageObject\",\"inLanguage\":\"es\",\"@id\":\"https:\\\/\\\/mundoanimalito.com\\\/index.php\\\/trixie-oveja-patas-largas-para-perros\\\/#primaryimage\",\"url\":\"https:\\\/\\\/mundoanimalito.com\\\/wp-content\\\/uploads\\\/2024\\\/07\\\/61I7QjXdWzS._AC_SL1500_.jpg\",\"contentUrl\":\"https:\\\/\\\/mundoanimalito.com\\\/wp-content\\\/uploads\\\/2024\\\/07\\\/61I7QjXdWzS._AC_SL1500_.jpg\",\"width\":813,\"height\":1453,\"caption\":\"TRIXIE Oveja Patas Largas para Perros\"},{\"@type\":\"BreadcrumbList\",\"@id\":\"https:\\\/\\\/mundoanimalito.com\\\/index.php\\\/trixie-oveja-patas-largas-para-perros\\\/#breadcrumb\",\"itemListElement\":[{\"@type\":\"ListItem\",\"position\":1,\"name\":\"Portada\",\"item\":\"https:\\\/\\\/mundoanimalito.com\\\/\"},{\"@type\":\"ListItem\",\"position\":2,\"name\":\"TRIXIE Oveja Patas Largas para Perros\"}]},{\"@type\":\"WebSite\",\"@id\":\"https:\\\/\\\/mundoanimalito.com\\\/#website\",\"url\":\"https:\\\/\\\/mundoanimalito.com\\\/\",\"name\":\"Mundo Animalito\",\"description\":\"Datos y curiosidades de los animales, encuentra ac\u00e1 todo para tu mascota\",\"publisher\":{\"@id\":\"https:\\\/\\\/mundoanimalito.com\\\/#organization\"},\"potentialAction\":[{\"@type\":\"SearchAction\",\"target\":{\"@type\":\"EntryPoint\",\"urlTemplate\":\"https:\\\/\\\/mundoanimalito.com\\\/?s={search_term_string}\"},\"query-input\":{\"@type\":\"PropertyValueSpecification\",\"valueRequired\":true,\"valueName\":\"search_term_string\"}}],\"inLanguage\":\"es\"},{\"@type\":\"Organization\",\"@id\":\"https:\\\/\\\/mundoanimalito.com\\\/#organization\",\"name\":\"Mundo Animalito\",\"url\":\"https:\\\/\\\/mundoanimalito.com\\\/\",\"logo\":{\"@type\":\"ImageObject\",\"inLanguage\":\"es\",\"@id\":\"https:\\\/\\\/mundoanimalito.com\\\/#\\\/schema\\\/logo\\\/image\\\/\",\"url\":\"https:\\\/\\\/mundoanimalito.com\\\/wp-content\\\/uploads\\\/2023\\\/10\\\/cropped-cropped-LOGO-OFICIAL-ULTIMA-VERSION-1.jpg\",\"contentUrl\":\"https:\\\/\\\/mundoanimalito.com\\\/wp-content\\\/uploads\\\/2023\\\/10\\\/cropped-cropped-LOGO-OFICIAL-ULTIMA-VERSION-1.jpg\",\"width\":374,\"height\":425,\"caption\":\"Mundo Animalito\"},\"image\":{\"@id\":\"https:\\\/\\\/mundoanimalito.com\\\/#\\\/schema\\\/logo\\\/image\\\/\"},\"sameAs\":[\"https:\\\/\\\/www.facebook.com\\\/mundoanimalito77\",\"https:\\\/\\\/www.instagram.com\\\/mundoanimalito77\\\/\",\"https:\\\/\\\/www.tiktok.com\\\/@mundoanimalito77\",\"https:\\\/\\\/www.youtube.com\\\/channel\\\/UCLo2JhNUNtHVraDt5aHadew\"]}]}<\/script>\n<!-- \/ Yoast SEO plugin. -->","yoast_head_json":{"title":"TRIXIE Oveja Patas Largas para Perros | Mundo Animalito","description":"Dale a tu perro la diversi\u00f3n y el cari\u00f1o que se merece con el juguete TRIXIE Oveja Patas Largas! Este adorable y resistente juguete est\u00e1 dise\u00f1ado para satisfacer los instintos naturales de tu perro, brind\u00e1ndole horas de entretenimiento y compa\u00f1\u00eda","robots":{"index":"index","follow":"follow","max-snippet":"max-snippet:-1","max-image-preview":"max-image-preview:large","max-video-preview":"max-video-preview:-1"},"canonical":"https:\/\/mundoanimalito.com\/index.php\/trixie-oveja-patas-largas-para-perros\/","og_locale":"es_ES","og_type":"article","og_title":"TRIXIE Oveja Patas Largas para Perros | Mundo Animalito","og_description":"Dale a tu perro la diversi\u00f3n y el cari\u00f1o que se merece con el juguete TRIXIE Oveja Patas Largas! Este adorable y resistente juguete est\u00e1 dise\u00f1ado para satisfacer los instintos naturales de tu perro, brind\u00e1ndole horas de entretenimiento y compa\u00f1\u00eda","og_url":"https:\/\/mundoanimalito.com\/index.php\/trixie-oveja-patas-largas-para-perros\/","og_site_name":"Mundo Animalito","article_publisher":"https:\/\/www.facebook.com\/mundoanimalito77","article_modified_time":"2024-09-23T14:16:28+00:00","og_image":[{"url":"https:\/\/mundoanimalito.com\/wp-content\/uploads\/2024\/07\/61I7QjXdWzS._AC_SL1500_-768x1373.jpg","type":"","width":"","height":""}],"twitter_card":"summary_large_image","twitter_misc":{"Tiempo de lectura":"2 minutos"},"schema":{"@context":"https:\/\/schema.org","@graph":[{"@type":"WebPage","@id":"https:\/\/mundoanimalito.com\/index.php\/trixie-oveja-patas-largas-para-perros\/","url":"https:\/\/mundoanimalito.com\/index.php\/trixie-oveja-patas-largas-para-perros\/","name":"TRIXIE Oveja Patas Largas para Perros | Mundo Animalito","isPartOf":{"@id":"https:\/\/mundoanimalito.com\/#website"},"primaryImageOfPage":{"@id":"https:\/\/mundoanimalito.com\/index.php\/trixie-oveja-patas-largas-para-perros\/#primaryimage"},"image":{"@id":"https:\/\/mundoanimalito.com\/index.php\/trixie-oveja-patas-largas-para-perros\/#primaryimage"},"thumbnailUrl":"https:\/\/mundoanimalito.com\/wp-content\/uploads\/2024\/07\/61I7QjXdWzS._AC_SL1500_-768x1373.jpg","datePublished":"2024-07-23T19:23:27+00:00","dateModified":"2024-09-23T14:16:28+00:00","description":"Dale a tu perro la diversi\u00f3n y el cari\u00f1o que se merece con el juguete TRIXIE Oveja Patas Largas! Este adorable y resistente juguete est\u00e1 dise\u00f1ado para satisfacer los instintos naturales de tu perro, brind\u00e1ndole horas de entretenimiento y compa\u00f1\u00eda","breadcrumb":{"@id":"https:\/\/mundoanimalito.com\/index.php\/trixie-oveja-patas-largas-para-perros\/#breadcrumb"},"inLanguage":"es","potentialAction":[{"@type":"ReadAction","target":["https:\/\/mundoanimalito.com\/index.php\/trixie-oveja-patas-largas-para-perros\/"]}]},{"@type":"ImageObject","inLanguage":"es","@id":"https:\/\/mundoanimalito.com\/index.php\/trixie-oveja-patas-largas-para-perros\/#primaryimage","url":"https:\/\/mundoanimalito.com\/wp-content\/uploads\/2024\/07\/61I7QjXdWzS._AC_SL1500_.jpg","contentUrl":"https:\/\/mundoanimalito.com\/wp-content\/uploads\/2024\/07\/61I7QjXdWzS._AC_SL1500_.jpg","width":813,"height":1453,"caption":"TRIXIE Oveja Patas Largas para Perros"},{"@type":"BreadcrumbList","@id":"https:\/\/mundoanimalito.com\/index.php\/trixie-oveja-patas-largas-para-perros\/#breadcrumb","itemListElement":[{"@type":"ListItem","position":1,"name":"Portada","item":"https:\/\/mundoanimalito.com\/"},{"@type":"ListItem","position":2,"name":"TRIXIE Oveja Patas Largas para Perros"}]},{"@type":"WebSite","@id":"https:\/\/mundoanimalito.com\/#website","url":"https:\/\/mundoanimalito.com\/","name":"Mundo Animalito","description":"Datos y curiosidades de los animales, encuentra ac\u00e1 todo para tu mascota","publisher":{"@id":"https:\/\/mundoanimalito.com\/#organization"},"potentialAction":[{"@type":"SearchAction","target":{"@type":"EntryPoint","urlTemplate":"https:\/\/mundoanimalito.com\/?s={search_term_string}"},"query-input":{"@type":"PropertyValueSpecification","valueRequired":true,"valueName":"search_term_string"}}],"inLanguage":"es"},{"@type":"Organization","@id":"https:\/\/mundoanimalito.com\/#organization","name":"Mundo Animalito","url":"https:\/\/mundoanimalito.com\/","logo":{"@type":"ImageObject","inLanguage":"es","@id":"https:\/\/mundoanimalito.com\/#\/schema\/logo\/image\/","url":"https:\/\/mundoanimalito.com\/wp-content\/uploads\/2023\/10\/cropped-cropped-LOGO-OFICIAL-ULTIMA-VERSION-1.jpg","contentUrl":"https:\/\/mundoanimalito.com\/wp-content\/uploads\/2023\/10\/cropped-cropped-LOGO-OFICIAL-ULTIMA-VERSION-1.jpg","width":374,"height":425,"caption":"Mundo Animalito"},"image":{"@id":"https:\/\/mundoanimalito.com\/#\/schema\/logo\/image\/"},"sameAs":["https:\/\/www.facebook.com\/mundoanimalito77","https:\/\/www.instagram.com\/mundoanimalito77\/","https:\/\/www.tiktok.com\/@mundoanimalito77","https:\/\/www.youtube.com\/channel\/UCLo2JhNUNtHVraDt5aHadew"]}]}},"_links":{"self":[{"href":"https:\/\/mundoanimalito.com\/index.php\/wp-json\/wp\/v2\/pages\/41048","targetHints":{"allow":["GET"]}}],"collection":[{"href":"https:\/\/mundoanimalito.com\/index.php\/wp-json\/wp\/v2\/pages"}],"about":[{"href":"https:\/\/mundoanimalito.com\/index.php\/wp-json\/wp\/v2\/types\/page"}],"author":[{"embeddable":true,"href":"https:\/\/mundoanimalito.com\/index.php\/wp-json\/wp\/v2\/users\/1"}],"replies":[{"embeddable":true,"href":"https:\/\/mundoanimalito.com\/index.php\/wp-json\/wp\/v2\/comments?post=41048"}],"version-history":[{"count":0,"href":"https:\/\/mundoanimalito.com\/index.php\/wp-json\/wp\/v2\/pages\/41048\/revisions"}],"wp:attachment":[{"href":"https:\/\/mundoanimalito.com\/index.php\/wp-json\/wp\/v2\/media?parent=41048"}],"curies":[{"name":"wp","href":"https:\/\/api.w.org\/{rel}","templated":true}]}}