{"id":35944,"date":"2024-07-10T14:08:25","date_gmt":"2024-07-10T19:08:25","guid":{"rendered":"https:\/\/mundoanimalito.com\/?page_id=35944"},"modified":"2024-09-23T09:10:27","modified_gmt":"2024-09-23T14:10:27","slug":"trixie-champu-con-aloe-vera-250-ml","status":"publish","type":"page","link":"https:\/\/mundoanimalito.com\/index.php\/trixie-champu-con-aloe-vera-250-ml\/","title":{"rendered":"Trixie Champ\u00fa con Aloe Vera, 250 ml"},"content":{"rendered":"\t\t<div data-elementor-type=\"wp-page\" data-elementor-id=\"35944\" class=\"elementor elementor-35944\" data-elementor-post-type=\"page\">\n\t\t\t\t<div class=\"elementor-element elementor-element-fcd90d3 e-flex e-con-boxed e-con e-parent\" data-id=\"fcd90d3\" data-element_type=\"container\" data-e-type=\"container\">\n\t\t\t\t\t<div class=\"e-con-inner\">\n\t\t\t\t<div class=\"elementor-element elementor-element-fd505ff elementor-invisible elementor-widget elementor-widget-heading\" data-id=\"fd505ff\" data-element_type=\"widget\" data-e-type=\"widget\" data-settings=\"{&quot;_animation&quot;:&quot;fadeInDown&quot;}\" data-widget_type=\"heading.default\">\n\t\t\t\t<div class=\"elementor-widget-container\">\n\t\t\t\t\t<h1 class=\"elementor-heading-title elementor-size-default\">\u00bfQuieres que tu perro luzca un pelaje brillante y saludable mientras disfruta de una piel bien cuidada? El Champ\u00fa Trixie con Aloe Vera es la soluci\u00f3n ideal para garantizar que tu mascota se vea y se sienta incre\u00edble.<\/h1>\t\t\t\t<\/div>\n\t\t\t\t<\/div>\n\t\t\t\t\t<\/div>\n\t\t\t\t<\/div>\n\t\t<div class=\"elementor-element elementor-element-48d8ed5 e-flex e-con-boxed e-con e-parent\" data-id=\"48d8ed5\" data-element_type=\"container\" data-e-type=\"container\">\n\t\t\t\t\t<div class=\"e-con-inner\">\n\t\t\t\t<div class=\"elementor-element elementor-element-87088c7 elementor-widget elementor-widget-image\" data-id=\"87088c7\" data-element_type=\"widget\" data-e-type=\"widget\" data-widget_type=\"image.default\">\n\t\t\t\t<div class=\"elementor-widget-container\">\n\t\t\t\t\t\t\t\t\t\t\t\t\t\t\t\t<a href=\"https:\/\/amzn.to\/466Ixwv\" target=\"_blank\">\n\t\t\t\t\t\t\t<img fetchpriority=\"high\" decoding=\"async\" width=\"521\" height=\"1500\" src=\"https:\/\/mundoanimalito.com\/wp-content\/uploads\/2024\/07\/61c7mYiIsfL._AC_SL1500_.jpg\" class=\"attachment-medium_large size-medium_large wp-image-35945\" alt=\"Champ\u00fa para perros\" srcset=\"https:\/\/mundoanimalito.com\/wp-content\/uploads\/2024\/07\/61c7mYiIsfL._AC_SL1500_.jpg 521w, https:\/\/mundoanimalito.com\/wp-content\/uploads\/2024\/07\/61c7mYiIsfL._AC_SL1500_-104x300.jpg 104w, https:\/\/mundoanimalito.com\/wp-content\/uploads\/2024\/07\/61c7mYiIsfL._AC_SL1500_-356x1024.jpg 356w\" sizes=\"(max-width: 521px) 100vw, 521px\" \/>\t\t\t\t\t\t\t\t<\/a>\n\t\t\t\t\t\t\t\t\t\t\t\t\t\t\t<\/div>\n\t\t\t\t<\/div>\n\t\t\t\t\t<\/div>\n\t\t\t\t<\/div>\n\t\t<div class=\"elementor-element elementor-element-6031001 e-flex e-con-boxed e-con e-parent\" data-id=\"6031001\" data-element_type=\"container\" data-e-type=\"container\">\n\t\t\t\t\t<div class=\"e-con-inner\">\n\t\t\t\t<div class=\"elementor-element elementor-element-3c302a1 elementor-align-left elementor-widget elementor-widget-button\" data-id=\"3c302a1\" data-element_type=\"widget\" data-e-type=\"widget\" data-widget_type=\"button.default\">\n\t\t\t\t<div class=\"elementor-widget-container\">\n\t\t\t\t\t\t\t\t\t<div class=\"elementor-button-wrapper\">\n\t\t\t\t\t<a class=\"elementor-button elementor-button-link elementor-size-sm\" href=\"https:\/\/amzn.to\/466Ixwv\" target=\"_blank\">\n\t\t\t\t\t\t<span class=\"elementor-button-content-wrapper\">\n\t\t\t\t\t\t\t\t\t<span class=\"elementor-button-text\">Compra Ahora en Amazon<\/span>\n\t\t\t\t\t<\/span>\n\t\t\t\t\t<\/a>\n\t\t\t\t<\/div>\n\t\t\t\t\t\t\t\t<\/div>\n\t\t\t\t<\/div>\n\t\t\t\t\t<\/div>\n\t\t\t\t<\/div>\n\t\t<div class=\"elementor-element elementor-element-49a7da2 e-flex e-con-boxed e-con e-parent\" data-id=\"49a7da2\" data-element_type=\"container\" data-e-type=\"container\">\n\t\t\t\t\t<div class=\"e-con-inner\">\n\t\t\t\t<div class=\"elementor-element elementor-element-8093a69 elementor-widget elementor-widget-text-editor\" data-id=\"8093a69\" data-element_type=\"widget\" data-e-type=\"widget\" data-widget_type=\"text-editor.default\">\n\t\t\t\t<div class=\"elementor-widget-container\">\n\t\t\t\t\t\t\t\t\t<p style=\"text-align: center;\"><strong>Descubre el Champ\u00fa Trixie con Aloe Vera &#8211; \u00a1El Cuidado Perfecto para la Piel y el Pelaje de tu Perro!<\/strong><\/p>\t\t\t\t\t\t\t\t<\/div>\n\t\t\t\t<\/div>\n\t\t\t\t\t<\/div>\n\t\t\t\t<\/div>\n\t\t<div class=\"elementor-element elementor-element-de2863c e-flex e-con-boxed e-con e-parent\" data-id=\"de2863c\" data-element_type=\"container\" data-e-type=\"container\">\n\t\t\t\t\t<div class=\"e-con-inner\">\n\t\t\t\t<div class=\"elementor-element elementor-element-74d8d89 elementor-widget elementor-widget-text-editor\" data-id=\"74d8d89\" data-element_type=\"widget\" data-e-type=\"widget\" data-widget_type=\"text-editor.default\">\n\t\t\t\t<div class=\"elementor-widget-container\">\n\t\t\t\t\t\t\t\t\t<p>\ud83c\udf3f <strong>Aloe Vera para una Piel Saludable: <\/strong>El aloe vera es conocido por sus propiedades hidratantes y calmantes. Este champ\u00fa no solo limpia, sino que tambi\u00e9n acondiciona la piel de tu perro, ayudando a aliviar cualquier irritaci\u00f3n o sequedad.<\/p><p>\u00a0<\/p><p>\ud83d\udc3e <strong>Limpieza Profunda y Suave: <\/strong>El Champ\u00fa Trixie con Aloe Vera proporciona una limpieza profunda que elimina la suciedad y los residuos del pelaje de tu perro, dej\u00e1ndolo limpio y fresco sin causar irritaci\u00f3n.<\/p><p>\u00a0<\/p><p>\ud83c\udf1f <strong>Mejora la Textura y el Brillo del Pelaje: <\/strong>Adem\u00e1s de limpiar, este champ\u00fa mejora significativamente la textura y el brillo del pelaje de tu perro. El resultado es un pelaje suave, manejable y con un aspecto saludable y radiante.<\/p><p>\u00a0<\/p><p>\ud83d\udca7 <strong>Sensaci\u00f3n Agradable y Relajante: <\/strong>El champ\u00fa ofrece una experiencia de ba\u00f1o agradable para tu perro. Su f\u00f3rmula suave y el agradable aroma del aloe vera hacen que la hora del ba\u00f1o sea relajante tanto para ti como para tu mascota.<\/p><p>\u00a0<\/p><p>No esperes m\u00e1s para darle a tu perro el cuidado que se merece. Compra ahora el Champ\u00fa Trixie con Aloe Vera en Amazon y asegura una piel y pelaje saludables para tu mejor amigo. \u00a1Haz clic y adquiere este incre\u00edble producto hoy mismo!<\/p>\t\t\t\t\t\t\t\t<\/div>\n\t\t\t\t<\/div>\n\t\t\t\t\t<\/div>\n\t\t\t\t<\/div>\n\t\t<div class=\"elementor-element elementor-element-784df1b e-flex e-con-boxed e-con e-parent\" data-id=\"784df1b\" data-element_type=\"container\" data-e-type=\"container\">\n\t\t\t\t\t<div class=\"e-con-inner\">\n\t\t\t\t<div class=\"elementor-element elementor-element-788e01d elementor-align-left elementor-widget elementor-widget-button\" data-id=\"788e01d\" data-element_type=\"widget\" data-e-type=\"widget\" data-widget_type=\"button.default\">\n\t\t\t\t<div class=\"elementor-widget-container\">\n\t\t\t\t\t\t\t\t\t<div class=\"elementor-button-wrapper\">\n\t\t\t\t\t<a class=\"elementor-button elementor-button-link elementor-size-sm\" href=\"https:\/\/amzn.to\/466Ixwv\" target=\"_blank\">\n\t\t\t\t\t\t<span class=\"elementor-button-content-wrapper\">\n\t\t\t\t\t\t\t\t\t<span class=\"elementor-button-text\">Compra Ahora en Amazon<\/span>\n\t\t\t\t\t<\/span>\n\t\t\t\t\t<\/a>\n\t\t\t\t<\/div>\n\t\t\t\t\t\t\t\t<\/div>\n\t\t\t\t<\/div>\n\t\t\t\t\t<\/div>\n\t\t\t\t<\/div>\n\t\t<div class=\"elementor-element elementor-element-bb95519 e-flex e-con-boxed e-con e-parent\" data-id=\"bb95519\" data-element_type=\"container\" data-e-type=\"container\">\n\t\t\t\t\t<div class=\"e-con-inner\">\n\t\t\t\t<div class=\"elementor-element elementor-element-3288636 elementor-widget elementor-widget-text-editor\" data-id=\"3288636\" data-element_type=\"widget\" data-e-type=\"widget\" data-widget_type=\"text-editor.default\">\n\t\t\t\t<div class=\"elementor-widget-container\">\n\t\t\t\t\t\t\t\t\t<p><strong>\u00bfPor Qu\u00e9 Elegir el Champ\u00fa Trixie con Aloe Vera?<\/strong><\/p><p>\u00a0<\/p><ul><li><strong>Hidrataci\u00f3n y Cuidado:<\/strong> El aloe vera hidrata profundamente la piel y el pelaje, manteni\u00e9ndolos saludables.<\/li><li><strong>Limpieza Efectiva:<\/strong> Elimina eficazmente la suciedad y los residuos sin causar irritaci\u00f3n.<\/li><li><strong>Pelaje Brillante y Suave:<\/strong> Mejora la apariencia del pelaje, dej\u00e1ndolo brillante y manejable.<\/li><li><strong>Agradable Sensaci\u00f3n:<\/strong> Transforma la hora del ba\u00f1o en una experiencia relajante y placentera para tu perro.<\/li><\/ul>\t\t\t\t\t\t\t\t<\/div>\n\t\t\t\t<\/div>\n\t\t\t\t\t<\/div>\n\t\t\t\t<\/div>\n\t\t<div class=\"elementor-element elementor-element-ad48b78 e-flex e-con-boxed e-con e-parent\" data-id=\"ad48b78\" data-element_type=\"container\" data-e-type=\"container\">\n\t\t\t\t\t<div class=\"e-con-inner\">\n\t\t\t\t<div class=\"elementor-element elementor-element-8b11fa6 elementor-widget elementor-widget-image\" data-id=\"8b11fa6\" data-element_type=\"widget\" data-e-type=\"widget\" data-widget_type=\"image.default\">\n\t\t\t\t<div class=\"elementor-widget-container\">\n\t\t\t\t\t\t\t\t\t\t\t\t\t\t\t<img decoding=\"async\" width=\"356\" height=\"1024\" src=\"https:\/\/mundoanimalito.com\/wp-content\/uploads\/2024\/07\/61c7mYiIsfL._AC_SL1500_-356x1024.jpg\" class=\"attachment-large size-large wp-image-35945\" alt=\"Champ\u00fa para perros\" srcset=\"https:\/\/mundoanimalito.com\/wp-content\/uploads\/2024\/07\/61c7mYiIsfL._AC_SL1500_-356x1024.jpg 356w, https:\/\/mundoanimalito.com\/wp-content\/uploads\/2024\/07\/61c7mYiIsfL._AC_SL1500_-104x300.jpg 104w, https:\/\/mundoanimalito.com\/wp-content\/uploads\/2024\/07\/61c7mYiIsfL._AC_SL1500_.jpg 521w\" sizes=\"(max-width: 356px) 100vw, 356px\" \/>\t\t\t\t\t\t\t\t\t\t\t\t\t\t\t<\/div>\n\t\t\t\t<\/div>\n\t\t\t\t\t<\/div>\n\t\t\t\t<\/div>\n\t\t<div class=\"elementor-element elementor-element-25a6f96 e-flex e-con-boxed e-con e-parent\" data-id=\"25a6f96\" data-element_type=\"container\" data-e-type=\"container\">\n\t\t\t\t\t<div class=\"e-con-inner\">\n\t\t\t\t<div class=\"elementor-element elementor-element-5360606 elementor-widget elementor-widget-text-editor\" data-id=\"5360606\" data-element_type=\"widget\" data-e-type=\"widget\" data-widget_type=\"text-editor.default\">\n\t\t\t\t<div class=\"elementor-widget-container\">\n\t\t\t\t\t\t\t\t\t<p><strong>C\u00f3mo Utilizar el Champ\u00fa Trixie con Aloe Vera:<\/strong><\/p><p>\u00a0<\/p><ol><li><strong>Mojar Completamente:<\/strong> Humedece el pelaje de tu perro con agua tibia.<\/li><li><strong>Aplicar el Champ\u00fa:<\/strong> Aplica una cantidad adecuada de champ\u00fa y masajea suavemente el pelaje desde la cabeza hasta las patas.<\/li><li><strong>Espuma y Masaje:<\/strong> Genera una espuma rica y masajea bien para asegurar que el champ\u00fa penetre en el pelaje y la piel.<\/li><li><strong>Aclarar Bien:<\/strong> Enjuaga completamente hasta que no queden residuos de champ\u00fa.<\/li><li><strong>Secar con Cuidado:<\/strong> Seca a tu perro con una toalla y cepilla el pelaje para obtener mejores resultados.<\/li><\/ol>\t\t\t\t\t\t\t\t<\/div>\n\t\t\t\t<\/div>\n\t\t\t\t\t<\/div>\n\t\t\t\t<\/div>\n\t\t<div class=\"elementor-element elementor-element-d5fbeb7 e-flex e-con-boxed e-con e-parent\" data-id=\"d5fbeb7\" data-element_type=\"container\" data-e-type=\"container\">\n\t\t\t\t\t<div class=\"e-con-inner\">\n\t\t\t\t<div class=\"elementor-element elementor-element-ad85fda elementor-align-left elementor-widget elementor-widget-button\" data-id=\"ad85fda\" data-element_type=\"widget\" data-e-type=\"widget\" data-widget_type=\"button.default\">\n\t\t\t\t<div class=\"elementor-widget-container\">\n\t\t\t\t\t\t\t\t\t<div class=\"elementor-button-wrapper\">\n\t\t\t\t\t<a class=\"elementor-button elementor-button-link elementor-size-sm\" href=\"https:\/\/amzn.to\/466Ixwv\" target=\"_blank\">\n\t\t\t\t\t\t<span class=\"elementor-button-content-wrapper\">\n\t\t\t\t\t\t\t\t\t<span class=\"elementor-button-text\">Compra Ahora en Amazon<\/span>\n\t\t\t\t\t<\/span>\n\t\t\t\t\t<\/a>\n\t\t\t\t<\/div>\n\t\t\t\t\t\t\t\t<\/div>\n\t\t\t\t<\/div>\n\t\t\t\t\t<\/div>\n\t\t\t\t<\/div>\n\t\t\t\t<\/div>\n\t\t","protected":false},"excerpt":{"rendered":"<p>\u00bfQuieres que tu perro luzca un pelaje brillante y saludable mientras disfruta de una piel bien cuidada? El Champ\u00fa Trixie con Aloe Vera es la soluci\u00f3n ideal para garantizar que tu mascota se vea y se sienta incre\u00edble. Compra Ahora en Amazon Descubre el Champ\u00fa Trixie con Aloe Vera &#8211; \u00a1El Cuidado Perfecto para la [&hellip;]<\/p>\n","protected":false},"author":1,"featured_media":0,"parent":0,"menu_order":0,"comment_status":"closed","ping_status":"closed","template":"","meta":{"site-sidebar-layout":"no-sidebar","site-content-layout":"page-builder","ast-site-content-layout":"full-width-container","site-content-style":"default","site-sidebar-style":"default","ast-global-header-display":"","ast-banner-title-visibility":"","ast-main-header-display":"","ast-hfb-above-header-display":"","ast-hfb-below-header-display":"","ast-hfb-mobile-header-display":"","site-post-title":"disabled","ast-breadcrumbs-content":"","ast-featured-img":"disabled","footer-sml-layout":"","ast-disable-related-posts":"","theme-transparent-header-meta":"","adv-header-id-meta":"","stick-header-meta":"","header-above-stick-meta":"","header-main-stick-meta":"","header-below-stick-meta":"","astra-migrate-meta-layouts":"set","ast-page-background-enabled":"default","ast-page-background-meta":{"desktop":{"background-color":"var(--ast-global-color-4)","background-image":"","background-repeat":"repeat","background-position":"center center","background-size":"auto","background-attachment":"scroll","background-type":"","background-media":"","overlay-type":"","overlay-color":"","overlay-opacity":"","overlay-gradient":""},"tablet":{"background-color":"","background-image":"","background-repeat":"repeat","background-position":"center center","background-size":"auto","background-attachment":"scroll","background-type":"","background-media":"","overlay-type":"","overlay-color":"","overlay-opacity":"","overlay-gradient":""},"mobile":{"background-color":"","background-image":"","background-repeat":"repeat","background-position":"center center","background-size":"auto","background-attachment":"scroll","background-type":"","background-media":"","overlay-type":"","overlay-color":"","overlay-opacity":"","overlay-gradient":""}},"ast-content-background-meta":{"desktop":{"background-color":"var(--ast-global-color-5)","background-image":"","background-repeat":"repeat","background-position":"center center","background-size":"auto","background-attachment":"scroll","background-type":"","background-media":"","overlay-type":"","overlay-color":"","overlay-opacity":"","overlay-gradient":""},"tablet":{"background-color":"var(--ast-global-color-5)","background-image":"","background-repeat":"repeat","background-position":"center center","background-size":"auto","background-attachment":"scroll","background-type":"","background-media":"","overlay-type":"","overlay-color":"","overlay-opacity":"","overlay-gradient":""},"mobile":{"background-color":"var(--ast-global-color-5)","background-image":"","background-repeat":"repeat","background-position":"center center","background-size":"auto","background-attachment":"scroll","background-type":"","background-media":"","overlay-type":"","overlay-color":"","overlay-opacity":"","overlay-gradient":""}},"footnotes":""},"class_list":["post-35944","page","type-page","status-publish","hentry"],"yoast_head":"<!-- This site is optimized with the Yoast SEO plugin v27.4 - https:\/\/yoast.com\/product\/yoast-seo-wordpress\/ -->\n<title>Trixie Champ\u00fa con Aloe Vera, 250 ml | Mundo Animalito<\/title>\n<meta name=\"description\" content=\"\u00bfQuieres que tu perro luzca un pelaje brillante y saludable mientras disfruta de una piel bien cuidada? El Champ\u00fa Trixie con Aloe Vera es la soluci\u00f3n ideal para garantizar que tu mascota se vea y se sienta incre\u00edble.\" \/>\n<meta name=\"robots\" content=\"index, follow, max-snippet:-1, max-image-preview:large, max-video-preview:-1\" \/>\n<link rel=\"canonical\" href=\"https:\/\/mundoanimalito.com\/index.php\/trixie-champu-con-aloe-vera-250-ml\/\" \/>\n<meta property=\"og:locale\" content=\"es_ES\" \/>\n<meta property=\"og:type\" content=\"article\" \/>\n<meta property=\"og:title\" content=\"Trixie Champ\u00fa con Aloe Vera, 250 ml | Mundo Animalito\" \/>\n<meta property=\"og:description\" content=\"\u00bfQuieres que tu perro luzca un pelaje brillante y saludable mientras disfruta de una piel bien cuidada? El Champ\u00fa Trixie con Aloe Vera es la soluci\u00f3n ideal para garantizar que tu mascota se vea y se sienta incre\u00edble.\" \/>\n<meta property=\"og:url\" content=\"https:\/\/mundoanimalito.com\/index.php\/trixie-champu-con-aloe-vera-250-ml\/\" \/>\n<meta property=\"og:site_name\" content=\"Mundo Animalito\" \/>\n<meta property=\"article:publisher\" content=\"https:\/\/www.facebook.com\/mundoanimalito77\" \/>\n<meta property=\"article:modified_time\" content=\"2024-09-23T14:10:27+00:00\" \/>\n<meta property=\"og:image\" content=\"https:\/\/mundoanimalito.com\/wp-content\/uploads\/2024\/07\/61c7mYiIsfL._AC_SL1500_.jpg\" \/>\n<meta name=\"twitter:card\" content=\"summary_large_image\" \/>\n<meta name=\"twitter:label1\" content=\"Tiempo de lectura\" \/>\n\t<meta name=\"twitter:data1\" content=\"3 minutos\" \/>\n<script type=\"application\/ld+json\" class=\"yoast-schema-graph\">{\"@context\":\"https:\\\/\\\/schema.org\",\"@graph\":[{\"@type\":\"WebPage\",\"@id\":\"https:\\\/\\\/mundoanimalito.com\\\/index.php\\\/trixie-champu-con-aloe-vera-250-ml\\\/\",\"url\":\"https:\\\/\\\/mundoanimalito.com\\\/index.php\\\/trixie-champu-con-aloe-vera-250-ml\\\/\",\"name\":\"Trixie Champ\u00fa con Aloe Vera, 250 ml | Mundo Animalito\",\"isPartOf\":{\"@id\":\"https:\\\/\\\/mundoanimalito.com\\\/#website\"},\"primaryImageOfPage\":{\"@id\":\"https:\\\/\\\/mundoanimalito.com\\\/index.php\\\/trixie-champu-con-aloe-vera-250-ml\\\/#primaryimage\"},\"image\":{\"@id\":\"https:\\\/\\\/mundoanimalito.com\\\/index.php\\\/trixie-champu-con-aloe-vera-250-ml\\\/#primaryimage\"},\"thumbnailUrl\":\"https:\\\/\\\/mundoanimalito.com\\\/wp-content\\\/uploads\\\/2024\\\/07\\\/61c7mYiIsfL._AC_SL1500_.jpg\",\"datePublished\":\"2024-07-10T19:08:25+00:00\",\"dateModified\":\"2024-09-23T14:10:27+00:00\",\"description\":\"\u00bfQuieres que tu perro luzca un pelaje brillante y saludable mientras disfruta de una piel bien cuidada? El Champ\u00fa Trixie con Aloe Vera es la soluci\u00f3n ideal para garantizar que tu mascota se vea y se sienta incre\u00edble.\",\"breadcrumb\":{\"@id\":\"https:\\\/\\\/mundoanimalito.com\\\/index.php\\\/trixie-champu-con-aloe-vera-250-ml\\\/#breadcrumb\"},\"inLanguage\":\"es\",\"potentialAction\":[{\"@type\":\"ReadAction\",\"target\":[\"https:\\\/\\\/mundoanimalito.com\\\/index.php\\\/trixie-champu-con-aloe-vera-250-ml\\\/\"]}]},{\"@type\":\"ImageObject\",\"inLanguage\":\"es\",\"@id\":\"https:\\\/\\\/mundoanimalito.com\\\/index.php\\\/trixie-champu-con-aloe-vera-250-ml\\\/#primaryimage\",\"url\":\"https:\\\/\\\/mundoanimalito.com\\\/wp-content\\\/uploads\\\/2024\\\/07\\\/61c7mYiIsfL._AC_SL1500_.jpg\",\"contentUrl\":\"https:\\\/\\\/mundoanimalito.com\\\/wp-content\\\/uploads\\\/2024\\\/07\\\/61c7mYiIsfL._AC_SL1500_.jpg\",\"width\":521,\"height\":1500,\"caption\":\"Champ\u00fa para perros\"},{\"@type\":\"BreadcrumbList\",\"@id\":\"https:\\\/\\\/mundoanimalito.com\\\/index.php\\\/trixie-champu-con-aloe-vera-250-ml\\\/#breadcrumb\",\"itemListElement\":[{\"@type\":\"ListItem\",\"position\":1,\"name\":\"Portada\",\"item\":\"https:\\\/\\\/mundoanimalito.com\\\/\"},{\"@type\":\"ListItem\",\"position\":2,\"name\":\"Trixie Champ\u00fa con Aloe Vera, 250 ml\"}]},{\"@type\":\"WebSite\",\"@id\":\"https:\\\/\\\/mundoanimalito.com\\\/#website\",\"url\":\"https:\\\/\\\/mundoanimalito.com\\\/\",\"name\":\"Mundo Animalito\",\"description\":\"Datos y curiosidades de los animales, encuentra ac\u00e1 todo para tu mascota\",\"publisher\":{\"@id\":\"https:\\\/\\\/mundoanimalito.com\\\/#organization\"},\"potentialAction\":[{\"@type\":\"SearchAction\",\"target\":{\"@type\":\"EntryPoint\",\"urlTemplate\":\"https:\\\/\\\/mundoanimalito.com\\\/?s={search_term_string}\"},\"query-input\":{\"@type\":\"PropertyValueSpecification\",\"valueRequired\":true,\"valueName\":\"search_term_string\"}}],\"inLanguage\":\"es\"},{\"@type\":\"Organization\",\"@id\":\"https:\\\/\\\/mundoanimalito.com\\\/#organization\",\"name\":\"Mundo Animalito\",\"url\":\"https:\\\/\\\/mundoanimalito.com\\\/\",\"logo\":{\"@type\":\"ImageObject\",\"inLanguage\":\"es\",\"@id\":\"https:\\\/\\\/mundoanimalito.com\\\/#\\\/schema\\\/logo\\\/image\\\/\",\"url\":\"https:\\\/\\\/mundoanimalito.com\\\/wp-content\\\/uploads\\\/2023\\\/10\\\/cropped-cropped-LOGO-OFICIAL-ULTIMA-VERSION-1.jpg\",\"contentUrl\":\"https:\\\/\\\/mundoanimalito.com\\\/wp-content\\\/uploads\\\/2023\\\/10\\\/cropped-cropped-LOGO-OFICIAL-ULTIMA-VERSION-1.jpg\",\"width\":374,\"height\":425,\"caption\":\"Mundo Animalito\"},\"image\":{\"@id\":\"https:\\\/\\\/mundoanimalito.com\\\/#\\\/schema\\\/logo\\\/image\\\/\"},\"sameAs\":[\"https:\\\/\\\/www.facebook.com\\\/mundoanimalito77\",\"https:\\\/\\\/www.instagram.com\\\/mundoanimalito77\\\/\",\"https:\\\/\\\/www.tiktok.com\\\/@mundoanimalito77\",\"https:\\\/\\\/www.youtube.com\\\/channel\\\/UCLo2JhNUNtHVraDt5aHadew\"]}]}<\/script>\n<!-- \/ Yoast SEO plugin. -->","yoast_head_json":{"title":"Trixie Champ\u00fa con Aloe Vera, 250 ml | Mundo Animalito","description":"\u00bfQuieres que tu perro luzca un pelaje brillante y saludable mientras disfruta de una piel bien cuidada? El Champ\u00fa Trixie con Aloe Vera es la soluci\u00f3n ideal para garantizar que tu mascota se vea y se sienta incre\u00edble.","robots":{"index":"index","follow":"follow","max-snippet":"max-snippet:-1","max-image-preview":"max-image-preview:large","max-video-preview":"max-video-preview:-1"},"canonical":"https:\/\/mundoanimalito.com\/index.php\/trixie-champu-con-aloe-vera-250-ml\/","og_locale":"es_ES","og_type":"article","og_title":"Trixie Champ\u00fa con Aloe Vera, 250 ml | Mundo Animalito","og_description":"\u00bfQuieres que tu perro luzca un pelaje brillante y saludable mientras disfruta de una piel bien cuidada? El Champ\u00fa Trixie con Aloe Vera es la soluci\u00f3n ideal para garantizar que tu mascota se vea y se sienta incre\u00edble.","og_url":"https:\/\/mundoanimalito.com\/index.php\/trixie-champu-con-aloe-vera-250-ml\/","og_site_name":"Mundo Animalito","article_publisher":"https:\/\/www.facebook.com\/mundoanimalito77","article_modified_time":"2024-09-23T14:10:27+00:00","og_image":[{"url":"https:\/\/mundoanimalito.com\/wp-content\/uploads\/2024\/07\/61c7mYiIsfL._AC_SL1500_.jpg","type":"","width":"","height":""}],"twitter_card":"summary_large_image","twitter_misc":{"Tiempo de lectura":"3 minutos"},"schema":{"@context":"https:\/\/schema.org","@graph":[{"@type":"WebPage","@id":"https:\/\/mundoanimalito.com\/index.php\/trixie-champu-con-aloe-vera-250-ml\/","url":"https:\/\/mundoanimalito.com\/index.php\/trixie-champu-con-aloe-vera-250-ml\/","name":"Trixie Champ\u00fa con Aloe Vera, 250 ml | Mundo Animalito","isPartOf":{"@id":"https:\/\/mundoanimalito.com\/#website"},"primaryImageOfPage":{"@id":"https:\/\/mundoanimalito.com\/index.php\/trixie-champu-con-aloe-vera-250-ml\/#primaryimage"},"image":{"@id":"https:\/\/mundoanimalito.com\/index.php\/trixie-champu-con-aloe-vera-250-ml\/#primaryimage"},"thumbnailUrl":"https:\/\/mundoanimalito.com\/wp-content\/uploads\/2024\/07\/61c7mYiIsfL._AC_SL1500_.jpg","datePublished":"2024-07-10T19:08:25+00:00","dateModified":"2024-09-23T14:10:27+00:00","description":"\u00bfQuieres que tu perro luzca un pelaje brillante y saludable mientras disfruta de una piel bien cuidada? El Champ\u00fa Trixie con Aloe Vera es la soluci\u00f3n ideal para garantizar que tu mascota se vea y se sienta incre\u00edble.","breadcrumb":{"@id":"https:\/\/mundoanimalito.com\/index.php\/trixie-champu-con-aloe-vera-250-ml\/#breadcrumb"},"inLanguage":"es","potentialAction":[{"@type":"ReadAction","target":["https:\/\/mundoanimalito.com\/index.php\/trixie-champu-con-aloe-vera-250-ml\/"]}]},{"@type":"ImageObject","inLanguage":"es","@id":"https:\/\/mundoanimalito.com\/index.php\/trixie-champu-con-aloe-vera-250-ml\/#primaryimage","url":"https:\/\/mundoanimalito.com\/wp-content\/uploads\/2024\/07\/61c7mYiIsfL._AC_SL1500_.jpg","contentUrl":"https:\/\/mundoanimalito.com\/wp-content\/uploads\/2024\/07\/61c7mYiIsfL._AC_SL1500_.jpg","width":521,"height":1500,"caption":"Champ\u00fa para perros"},{"@type":"BreadcrumbList","@id":"https:\/\/mundoanimalito.com\/index.php\/trixie-champu-con-aloe-vera-250-ml\/#breadcrumb","itemListElement":[{"@type":"ListItem","position":1,"name":"Portada","item":"https:\/\/mundoanimalito.com\/"},{"@type":"ListItem","position":2,"name":"Trixie Champ\u00fa con Aloe Vera, 250 ml"}]},{"@type":"WebSite","@id":"https:\/\/mundoanimalito.com\/#website","url":"https:\/\/mundoanimalito.com\/","name":"Mundo Animalito","description":"Datos y curiosidades de los animales, encuentra ac\u00e1 todo para tu mascota","publisher":{"@id":"https:\/\/mundoanimalito.com\/#organization"},"potentialAction":[{"@type":"SearchAction","target":{"@type":"EntryPoint","urlTemplate":"https:\/\/mundoanimalito.com\/?s={search_term_string}"},"query-input":{"@type":"PropertyValueSpecification","valueRequired":true,"valueName":"search_term_string"}}],"inLanguage":"es"},{"@type":"Organization","@id":"https:\/\/mundoanimalito.com\/#organization","name":"Mundo Animalito","url":"https:\/\/mundoanimalito.com\/","logo":{"@type":"ImageObject","inLanguage":"es","@id":"https:\/\/mundoanimalito.com\/#\/schema\/logo\/image\/","url":"https:\/\/mundoanimalito.com\/wp-content\/uploads\/2023\/10\/cropped-cropped-LOGO-OFICIAL-ULTIMA-VERSION-1.jpg","contentUrl":"https:\/\/mundoanimalito.com\/wp-content\/uploads\/2023\/10\/cropped-cropped-LOGO-OFICIAL-ULTIMA-VERSION-1.jpg","width":374,"height":425,"caption":"Mundo Animalito"},"image":{"@id":"https:\/\/mundoanimalito.com\/#\/schema\/logo\/image\/"},"sameAs":["https:\/\/www.facebook.com\/mundoanimalito77","https:\/\/www.instagram.com\/mundoanimalito77\/","https:\/\/www.tiktok.com\/@mundoanimalito77","https:\/\/www.youtube.com\/channel\/UCLo2JhNUNtHVraDt5aHadew"]}]}},"_links":{"self":[{"href":"https:\/\/mundoanimalito.com\/index.php\/wp-json\/wp\/v2\/pages\/35944","targetHints":{"allow":["GET"]}}],"collection":[{"href":"https:\/\/mundoanimalito.com\/index.php\/wp-json\/wp\/v2\/pages"}],"about":[{"href":"https:\/\/mundoanimalito.com\/index.php\/wp-json\/wp\/v2\/types\/page"}],"author":[{"embeddable":true,"href":"https:\/\/mundoanimalito.com\/index.php\/wp-json\/wp\/v2\/users\/1"}],"replies":[{"embeddable":true,"href":"https:\/\/mundoanimalito.com\/index.php\/wp-json\/wp\/v2\/comments?post=35944"}],"version-history":[{"count":0,"href":"https:\/\/mundoanimalito.com\/index.php\/wp-json\/wp\/v2\/pages\/35944\/revisions"}],"wp:attachment":[{"href":"https:\/\/mundoanimalito.com\/index.php\/wp-json\/wp\/v2\/media?parent=35944"}],"curies":[{"name":"wp","href":"https:\/\/api.w.org\/{rel}","templated":true}]}}