{"id":33253,"date":"2024-05-20T18:46:18","date_gmt":"2024-05-20T23:46:18","guid":{"rendered":"https:\/\/mundoanimalito.com\/?page_id=33253"},"modified":"2024-09-23T09:09:14","modified_gmt":"2024-09-23T14:09:14","slug":"trixie-accesorio-para-mascotas-420-g","status":"publish","type":"page","link":"https:\/\/mundoanimalito.com\/index.php\/trixie-accesorio-para-mascotas-420-g\/","title":{"rendered":"Trixie Accesorio para Mascotas 420 g"},"content":{"rendered":"\t\t<div data-elementor-type=\"wp-page\" data-elementor-id=\"33253\" class=\"elementor elementor-33253\" data-elementor-post-type=\"page\">\n\t\t\t\t<div class=\"elementor-element elementor-element-6bd09d0 e-flex e-con-boxed e-con e-parent\" data-id=\"6bd09d0\" data-element_type=\"container\" data-e-type=\"container\">\n\t\t\t\t\t<div class=\"e-con-inner\">\n\t\t\t\t<div class=\"elementor-element elementor-element-72ffdf7 elementor-invisible elementor-widget elementor-widget-heading\" data-id=\"72ffdf7\" data-element_type=\"widget\" data-e-type=\"widget\" data-settings=\"{&quot;_animation&quot;:&quot;fadeInDown&quot;}\" data-widget_type=\"heading.default\">\n\t\t\t\t<div class=\"elementor-widget-container\">\n\t\t\t\t\t<h2 class=\"elementor-heading-title elementor-size-default\">\u00bfQuieres proporcionar a tu perro una experiencia de descanso inigualable? El Accesorio para Mascotas Trixie de 420 g es la soluci\u00f3n perfecta para liberar la tensi\u00f3n muscular de tu mascota y ofrecerle una comodidad extra<\/h2>\t\t\t\t<\/div>\n\t\t\t\t<\/div>\n\t\t\t\t\t<\/div>\n\t\t\t\t<\/div>\n\t\t<div class=\"elementor-element elementor-element-75293a2 e-flex e-con-boxed e-con e-parent\" data-id=\"75293a2\" data-element_type=\"container\" data-e-type=\"container\">\n\t\t\t\t\t<div class=\"e-con-inner\">\n\t\t<div class=\"elementor-element elementor-element-29b6a72 e-con-full e-flex e-con e-child\" data-id=\"29b6a72\" data-element_type=\"container\" data-e-type=\"container\">\n\t\t\t\t<div class=\"elementor-element elementor-element-63f10b3 elementor-widget elementor-widget-image\" data-id=\"63f10b3\" data-element_type=\"widget\" data-e-type=\"widget\" data-widget_type=\"image.default\">\n\t\t\t\t<div class=\"elementor-widget-container\">\n\t\t\t\t\t\t\t\t\t\t\t\t\t\t\t\t<a href=\"https:\/\/amzn.to\/4ave3Fd\" target=\"_blank\">\n\t\t\t\t\t\t\t<img fetchpriority=\"high\" decoding=\"async\" width=\"1024\" height=\"503\" src=\"https:\/\/mundoanimalito.com\/wp-content\/uploads\/2024\/05\/71SMKBlI3eS._AC_SL1500_-1024x503.jpg\" class=\"attachment-large size-large wp-image-33231\" alt=\"Trixie Mantas perro - Manta Lingo, 75 \u00d7 50 cm, Blanco\/Beige\" srcset=\"https:\/\/mundoanimalito.com\/wp-content\/uploads\/2024\/05\/71SMKBlI3eS._AC_SL1500_-1024x503.jpg 1024w, https:\/\/mundoanimalito.com\/wp-content\/uploads\/2024\/05\/71SMKBlI3eS._AC_SL1500_-300x147.jpg 300w, https:\/\/mundoanimalito.com\/wp-content\/uploads\/2024\/05\/71SMKBlI3eS._AC_SL1500_-768x378.jpg 768w, https:\/\/mundoanimalito.com\/wp-content\/uploads\/2024\/05\/71SMKBlI3eS._AC_SL1500_.jpg 1426w\" sizes=\"(max-width: 1024px) 100vw, 1024px\" \/>\t\t\t\t\t\t\t\t<\/a>\n\t\t\t\t\t\t\t\t\t\t\t\t\t\t\t<\/div>\n\t\t\t\t<\/div>\n\t\t\t\t<\/div>\n\t\t<div class=\"elementor-element elementor-element-aae145e e-con-full e-flex e-con e-child\" data-id=\"aae145e\" data-element_type=\"container\" data-e-type=\"container\">\n\t\t\t\t<div class=\"elementor-element elementor-element-77c04a2 elementor-widget elementor-widget-text-editor\" data-id=\"77c04a2\" data-element_type=\"widget\" data-e-type=\"widget\" data-widget_type=\"text-editor.default\">\n\t\t\t\t<div class=\"elementor-widget-container\">\n\t\t\t\t\t\t\t\t\t<p>\ud83d\udca4 <strong>Alivia la Tensi\u00f3n Muscular: <\/strong>El Accesorio para Mascotas Trixie est\u00e1 dise\u00f1ado para liberar la musculatura de la cabeza y el cuello de tu perro. Esto es especialmente beneficioso para perros mayores o aquellos que sufren de tensiones o molestias musculares, proporcionando un alivio inmediato y mejorando su bienestar general.<\/p><p>\u00a0<\/p><p>\ud83c\udf1f <strong>Comodidad Extraordinaria:\u00a0<\/strong>Gracias a su forma ergon\u00f3mica y relleno de fibra hueca siliconada y fibra de poli\u00e9ster, esta almohada ofrece una comodidad excepcional para tu perro. Su forma estable y acolchonada asegura que tu mascota disfrute de un descanso profundo y reparador.<\/p>\t\t\t\t\t\t\t\t<\/div>\n\t\t\t\t<\/div>\n\t\t\t\t<\/div>\n\t\t\t\t\t<\/div>\n\t\t\t\t<\/div>\n\t\t<div class=\"elementor-element elementor-element-93d997a e-flex e-con-boxed e-con e-parent\" data-id=\"93d997a\" data-element_type=\"container\" data-e-type=\"container\">\n\t\t\t\t\t<div class=\"e-con-inner\">\n\t\t\t\t<div class=\"elementor-element elementor-element-6ebf4b0 elementor-widget elementor-widget-text-editor\" data-id=\"6ebf4b0\" data-element_type=\"widget\" data-e-type=\"widget\" data-widget_type=\"text-editor.default\">\n\t\t\t\t<div class=\"elementor-widget-container\">\n\t\t\t\t\t\t\t\t\t<p>\ud83d\udc36 <strong>Adecuada para Todo Tipo de Perros: <\/strong>Independientemente del tama\u00f1o o raza de tu perro, el dise\u00f1o ergon\u00f3mico del Accesorio para Mascotas Trixie se adapta perfectamente, proporcionando un soporte adecuado y una sensaci\u00f3n de confort incomparable.<\/p><p>\u00a0<\/p><p>\u00a1Haz clic ahora para comprar el Accesorio para Mascotas Trixie en Amazon y proporciona a tu perro el confort que se merece!<\/p>\t\t\t\t\t\t\t\t<\/div>\n\t\t\t\t<\/div>\n\t\t\t\t<div class=\"elementor-element elementor-element-8137f4c elementor-align-right elementor-widget elementor-widget-button\" data-id=\"8137f4c\" data-element_type=\"widget\" data-e-type=\"widget\" data-widget_type=\"button.default\">\n\t\t\t\t<div class=\"elementor-widget-container\">\n\t\t\t\t\t\t\t\t\t<div class=\"elementor-button-wrapper\">\n\t\t\t\t\t<a class=\"elementor-button elementor-button-link elementor-size-sm\" href=\"https:\/\/amzn.to\/4ave3Fd\" target=\"_blank\">\n\t\t\t\t\t\t<span class=\"elementor-button-content-wrapper\">\n\t\t\t\t\t\t\t\t\t<span class=\"elementor-button-text\">Compra ahora en Amazon <\/span>\n\t\t\t\t\t<\/span>\n\t\t\t\t\t<\/a>\n\t\t\t\t<\/div>\n\t\t\t\t\t\t\t\t<\/div>\n\t\t\t\t<\/div>\n\t\t\t\t\t<\/div>\n\t\t\t\t<\/div>\n\t\t\t\t<\/div>\n\t\t","protected":false},"excerpt":{"rendered":"<p>\u00bfQuieres proporcionar a tu perro una experiencia de descanso inigualable? El Accesorio para Mascotas Trixie de 420 g es la soluci\u00f3n perfecta para liberar la tensi\u00f3n muscular de tu mascota y ofrecerle una comodidad extra \ud83d\udca4 Alivia la Tensi\u00f3n Muscular: El Accesorio para Mascotas Trixie est\u00e1 dise\u00f1ado para liberar la musculatura de la cabeza y [&hellip;]<\/p>\n","protected":false},"author":1,"featured_media":0,"parent":0,"menu_order":0,"comment_status":"closed","ping_status":"closed","template":"","meta":{"site-sidebar-layout":"no-sidebar","site-content-layout":"page-builder","ast-site-content-layout":"full-width-container","site-content-style":"default","site-sidebar-style":"default","ast-global-header-display":"","ast-banner-title-visibility":"","ast-main-header-display":"","ast-hfb-above-header-display":"","ast-hfb-below-header-display":"","ast-hfb-mobile-header-display":"","site-post-title":"disabled","ast-breadcrumbs-content":"","ast-featured-img":"disabled","footer-sml-layout":"","ast-disable-related-posts":"","theme-transparent-header-meta":"","adv-header-id-meta":"","stick-header-meta":"","header-above-stick-meta":"","header-main-stick-meta":"","header-below-stick-meta":"","astra-migrate-meta-layouts":"set","ast-page-background-enabled":"default","ast-page-background-meta":{"desktop":{"background-color":"var(--ast-global-color-4)","background-image":"","background-repeat":"repeat","background-position":"center center","background-size":"auto","background-attachment":"scroll","background-type":"","background-media":"","overlay-type":"","overlay-color":"","overlay-opacity":"","overlay-gradient":""},"tablet":{"background-color":"","background-image":"","background-repeat":"repeat","background-position":"center center","background-size":"auto","background-attachment":"scroll","background-type":"","background-media":"","overlay-type":"","overlay-color":"","overlay-opacity":"","overlay-gradient":""},"mobile":{"background-color":"","background-image":"","background-repeat":"repeat","background-position":"center center","background-size":"auto","background-attachment":"scroll","background-type":"","background-media":"","overlay-type":"","overlay-color":"","overlay-opacity":"","overlay-gradient":""}},"ast-content-background-meta":{"desktop":{"background-color":"var(--ast-global-color-5)","background-image":"","background-repeat":"repeat","background-position":"center center","background-size":"auto","background-attachment":"scroll","background-type":"","background-media":"","overlay-type":"","overlay-color":"","overlay-opacity":"","overlay-gradient":""},"tablet":{"background-color":"var(--ast-global-color-5)","background-image":"","background-repeat":"repeat","background-position":"center center","background-size":"auto","background-attachment":"scroll","background-type":"","background-media":"","overlay-type":"","overlay-color":"","overlay-opacity":"","overlay-gradient":""},"mobile":{"background-color":"var(--ast-global-color-5)","background-image":"","background-repeat":"repeat","background-position":"center center","background-size":"auto","background-attachment":"scroll","background-type":"","background-media":"","overlay-type":"","overlay-color":"","overlay-opacity":"","overlay-gradient":""}},"footnotes":""},"class_list":["post-33253","page","type-page","status-publish","hentry"],"yoast_head":"<!-- This site is optimized with the Yoast SEO plugin v27.4 - https:\/\/yoast.com\/product\/yoast-seo-wordpress\/ -->\n<title>Trixie Almohada para Mascotas | Mundo Animalito<\/title>\n<meta name=\"description\" content=\"\u00bfQuieres proporcionar a tu perro una experiencia de descanso inigualable? El Accesorio para Mascotas Trixie de 420 g es la soluci\u00f3n perfecta para liberar la tensi\u00f3n muscular de tu mascota y ofrecerle una comodidad extra\" \/>\n<meta name=\"robots\" content=\"index, follow, max-snippet:-1, max-image-preview:large, max-video-preview:-1\" \/>\n<link rel=\"canonical\" href=\"https:\/\/mundoanimalito.com\/index.php\/trixie-accesorio-para-mascotas-420-g\/\" \/>\n<meta property=\"og:locale\" content=\"es_ES\" \/>\n<meta property=\"og:type\" content=\"article\" \/>\n<meta property=\"og:title\" content=\"Trixie Almohada para Mascotas | Mundo Animalito\" \/>\n<meta property=\"og:description\" content=\"\u00bfQuieres proporcionar a tu perro una experiencia de descanso inigualable? El Accesorio para Mascotas Trixie de 420 g es la soluci\u00f3n perfecta para liberar la tensi\u00f3n muscular de tu mascota y ofrecerle una comodidad extra\" \/>\n<meta property=\"og:url\" content=\"https:\/\/mundoanimalito.com\/index.php\/trixie-accesorio-para-mascotas-420-g\/\" \/>\n<meta property=\"og:site_name\" content=\"Mundo Animalito\" \/>\n<meta property=\"article:publisher\" content=\"https:\/\/www.facebook.com\/mundoanimalito77\" \/>\n<meta property=\"article:modified_time\" content=\"2024-09-23T14:09:14+00:00\" \/>\n<meta property=\"og:image\" content=\"https:\/\/mundoanimalito.com\/wp-content\/uploads\/2024\/05\/71SMKBlI3eS._AC_SL1500_-1024x503.jpg\" \/>\n<meta name=\"twitter:card\" content=\"summary_large_image\" \/>\n<meta name=\"twitter:label1\" content=\"Tiempo de lectura\" \/>\n\t<meta name=\"twitter:data1\" content=\"2 minutos\" \/>\n<script type=\"application\/ld+json\" class=\"yoast-schema-graph\">{\"@context\":\"https:\\\/\\\/schema.org\",\"@graph\":[{\"@type\":\"WebPage\",\"@id\":\"https:\\\/\\\/mundoanimalito.com\\\/index.php\\\/trixie-accesorio-para-mascotas-420-g\\\/\",\"url\":\"https:\\\/\\\/mundoanimalito.com\\\/index.php\\\/trixie-accesorio-para-mascotas-420-g\\\/\",\"name\":\"Trixie Almohada para Mascotas | Mundo Animalito\",\"isPartOf\":{\"@id\":\"https:\\\/\\\/mundoanimalito.com\\\/#website\"},\"primaryImageOfPage\":{\"@id\":\"https:\\\/\\\/mundoanimalito.com\\\/index.php\\\/trixie-accesorio-para-mascotas-420-g\\\/#primaryimage\"},\"image\":{\"@id\":\"https:\\\/\\\/mundoanimalito.com\\\/index.php\\\/trixie-accesorio-para-mascotas-420-g\\\/#primaryimage\"},\"thumbnailUrl\":\"https:\\\/\\\/mundoanimalito.com\\\/wp-content\\\/uploads\\\/2024\\\/05\\\/71SMKBlI3eS._AC_SL1500_-1024x503.jpg\",\"datePublished\":\"2024-05-20T23:46:18+00:00\",\"dateModified\":\"2024-09-23T14:09:14+00:00\",\"description\":\"\u00bfQuieres proporcionar a tu perro una experiencia de descanso inigualable? El Accesorio para Mascotas Trixie de 420 g es la soluci\u00f3n perfecta para liberar la tensi\u00f3n muscular de tu mascota y ofrecerle una comodidad extra\",\"breadcrumb\":{\"@id\":\"https:\\\/\\\/mundoanimalito.com\\\/index.php\\\/trixie-accesorio-para-mascotas-420-g\\\/#breadcrumb\"},\"inLanguage\":\"es\",\"potentialAction\":[{\"@type\":\"ReadAction\",\"target\":[\"https:\\\/\\\/mundoanimalito.com\\\/index.php\\\/trixie-accesorio-para-mascotas-420-g\\\/\"]}]},{\"@type\":\"ImageObject\",\"inLanguage\":\"es\",\"@id\":\"https:\\\/\\\/mundoanimalito.com\\\/index.php\\\/trixie-accesorio-para-mascotas-420-g\\\/#primaryimage\",\"url\":\"https:\\\/\\\/mundoanimalito.com\\\/wp-content\\\/uploads\\\/2024\\\/05\\\/71SMKBlI3eS._AC_SL1500_.jpg\",\"contentUrl\":\"https:\\\/\\\/mundoanimalito.com\\\/wp-content\\\/uploads\\\/2024\\\/05\\\/71SMKBlI3eS._AC_SL1500_.jpg\",\"width\":1426,\"height\":701,\"caption\":\"Trixie Mantas perro - Manta Lingo, 75 \u00d7 50 cm, Blanco\\\/Beige\"},{\"@type\":\"BreadcrumbList\",\"@id\":\"https:\\\/\\\/mundoanimalito.com\\\/index.php\\\/trixie-accesorio-para-mascotas-420-g\\\/#breadcrumb\",\"itemListElement\":[{\"@type\":\"ListItem\",\"position\":1,\"name\":\"Portada\",\"item\":\"https:\\\/\\\/mundoanimalito.com\\\/\"},{\"@type\":\"ListItem\",\"position\":2,\"name\":\"Trixie Accesorio para Mascotas 420 g\"}]},{\"@type\":\"WebSite\",\"@id\":\"https:\\\/\\\/mundoanimalito.com\\\/#website\",\"url\":\"https:\\\/\\\/mundoanimalito.com\\\/\",\"name\":\"Mundo Animalito\",\"description\":\"Datos y curiosidades de los animales, encuentra ac\u00e1 todo para tu mascota\",\"publisher\":{\"@id\":\"https:\\\/\\\/mundoanimalito.com\\\/#organization\"},\"potentialAction\":[{\"@type\":\"SearchAction\",\"target\":{\"@type\":\"EntryPoint\",\"urlTemplate\":\"https:\\\/\\\/mundoanimalito.com\\\/?s={search_term_string}\"},\"query-input\":{\"@type\":\"PropertyValueSpecification\",\"valueRequired\":true,\"valueName\":\"search_term_string\"}}],\"inLanguage\":\"es\"},{\"@type\":\"Organization\",\"@id\":\"https:\\\/\\\/mundoanimalito.com\\\/#organization\",\"name\":\"Mundo Animalito\",\"url\":\"https:\\\/\\\/mundoanimalito.com\\\/\",\"logo\":{\"@type\":\"ImageObject\",\"inLanguage\":\"es\",\"@id\":\"https:\\\/\\\/mundoanimalito.com\\\/#\\\/schema\\\/logo\\\/image\\\/\",\"url\":\"https:\\\/\\\/mundoanimalito.com\\\/wp-content\\\/uploads\\\/2023\\\/10\\\/cropped-cropped-LOGO-OFICIAL-ULTIMA-VERSION-1.jpg\",\"contentUrl\":\"https:\\\/\\\/mundoanimalito.com\\\/wp-content\\\/uploads\\\/2023\\\/10\\\/cropped-cropped-LOGO-OFICIAL-ULTIMA-VERSION-1.jpg\",\"width\":374,\"height\":425,\"caption\":\"Mundo Animalito\"},\"image\":{\"@id\":\"https:\\\/\\\/mundoanimalito.com\\\/#\\\/schema\\\/logo\\\/image\\\/\"},\"sameAs\":[\"https:\\\/\\\/www.facebook.com\\\/mundoanimalito77\",\"https:\\\/\\\/www.instagram.com\\\/mundoanimalito77\\\/\",\"https:\\\/\\\/www.tiktok.com\\\/@mundoanimalito77\",\"https:\\\/\\\/www.youtube.com\\\/channel\\\/UCLo2JhNUNtHVraDt5aHadew\"]}]}<\/script>\n<!-- \/ Yoast SEO plugin. -->","yoast_head_json":{"title":"Trixie Almohada para Mascotas | Mundo Animalito","description":"\u00bfQuieres proporcionar a tu perro una experiencia de descanso inigualable? El Accesorio para Mascotas Trixie de 420 g es la soluci\u00f3n perfecta para liberar la tensi\u00f3n muscular de tu mascota y ofrecerle una comodidad extra","robots":{"index":"index","follow":"follow","max-snippet":"max-snippet:-1","max-image-preview":"max-image-preview:large","max-video-preview":"max-video-preview:-1"},"canonical":"https:\/\/mundoanimalito.com\/index.php\/trixie-accesorio-para-mascotas-420-g\/","og_locale":"es_ES","og_type":"article","og_title":"Trixie Almohada para Mascotas | Mundo Animalito","og_description":"\u00bfQuieres proporcionar a tu perro una experiencia de descanso inigualable? El Accesorio para Mascotas Trixie de 420 g es la soluci\u00f3n perfecta para liberar la tensi\u00f3n muscular de tu mascota y ofrecerle una comodidad extra","og_url":"https:\/\/mundoanimalito.com\/index.php\/trixie-accesorio-para-mascotas-420-g\/","og_site_name":"Mundo Animalito","article_publisher":"https:\/\/www.facebook.com\/mundoanimalito77","article_modified_time":"2024-09-23T14:09:14+00:00","og_image":[{"url":"https:\/\/mundoanimalito.com\/wp-content\/uploads\/2024\/05\/71SMKBlI3eS._AC_SL1500_-1024x503.jpg","type":"","width":"","height":""}],"twitter_card":"summary_large_image","twitter_misc":{"Tiempo de lectura":"2 minutos"},"schema":{"@context":"https:\/\/schema.org","@graph":[{"@type":"WebPage","@id":"https:\/\/mundoanimalito.com\/index.php\/trixie-accesorio-para-mascotas-420-g\/","url":"https:\/\/mundoanimalito.com\/index.php\/trixie-accesorio-para-mascotas-420-g\/","name":"Trixie Almohada para Mascotas | Mundo Animalito","isPartOf":{"@id":"https:\/\/mundoanimalito.com\/#website"},"primaryImageOfPage":{"@id":"https:\/\/mundoanimalito.com\/index.php\/trixie-accesorio-para-mascotas-420-g\/#primaryimage"},"image":{"@id":"https:\/\/mundoanimalito.com\/index.php\/trixie-accesorio-para-mascotas-420-g\/#primaryimage"},"thumbnailUrl":"https:\/\/mundoanimalito.com\/wp-content\/uploads\/2024\/05\/71SMKBlI3eS._AC_SL1500_-1024x503.jpg","datePublished":"2024-05-20T23:46:18+00:00","dateModified":"2024-09-23T14:09:14+00:00","description":"\u00bfQuieres proporcionar a tu perro una experiencia de descanso inigualable? El Accesorio para Mascotas Trixie de 420 g es la soluci\u00f3n perfecta para liberar la tensi\u00f3n muscular de tu mascota y ofrecerle una comodidad extra","breadcrumb":{"@id":"https:\/\/mundoanimalito.com\/index.php\/trixie-accesorio-para-mascotas-420-g\/#breadcrumb"},"inLanguage":"es","potentialAction":[{"@type":"ReadAction","target":["https:\/\/mundoanimalito.com\/index.php\/trixie-accesorio-para-mascotas-420-g\/"]}]},{"@type":"ImageObject","inLanguage":"es","@id":"https:\/\/mundoanimalito.com\/index.php\/trixie-accesorio-para-mascotas-420-g\/#primaryimage","url":"https:\/\/mundoanimalito.com\/wp-content\/uploads\/2024\/05\/71SMKBlI3eS._AC_SL1500_.jpg","contentUrl":"https:\/\/mundoanimalito.com\/wp-content\/uploads\/2024\/05\/71SMKBlI3eS._AC_SL1500_.jpg","width":1426,"height":701,"caption":"Trixie Mantas perro - Manta Lingo, 75 \u00d7 50 cm, Blanco\/Beige"},{"@type":"BreadcrumbList","@id":"https:\/\/mundoanimalito.com\/index.php\/trixie-accesorio-para-mascotas-420-g\/#breadcrumb","itemListElement":[{"@type":"ListItem","position":1,"name":"Portada","item":"https:\/\/mundoanimalito.com\/"},{"@type":"ListItem","position":2,"name":"Trixie Accesorio para Mascotas 420 g"}]},{"@type":"WebSite","@id":"https:\/\/mundoanimalito.com\/#website","url":"https:\/\/mundoanimalito.com\/","name":"Mundo Animalito","description":"Datos y curiosidades de los animales, encuentra ac\u00e1 todo para tu mascota","publisher":{"@id":"https:\/\/mundoanimalito.com\/#organization"},"potentialAction":[{"@type":"SearchAction","target":{"@type":"EntryPoint","urlTemplate":"https:\/\/mundoanimalito.com\/?s={search_term_string}"},"query-input":{"@type":"PropertyValueSpecification","valueRequired":true,"valueName":"search_term_string"}}],"inLanguage":"es"},{"@type":"Organization","@id":"https:\/\/mundoanimalito.com\/#organization","name":"Mundo Animalito","url":"https:\/\/mundoanimalito.com\/","logo":{"@type":"ImageObject","inLanguage":"es","@id":"https:\/\/mundoanimalito.com\/#\/schema\/logo\/image\/","url":"https:\/\/mundoanimalito.com\/wp-content\/uploads\/2023\/10\/cropped-cropped-LOGO-OFICIAL-ULTIMA-VERSION-1.jpg","contentUrl":"https:\/\/mundoanimalito.com\/wp-content\/uploads\/2023\/10\/cropped-cropped-LOGO-OFICIAL-ULTIMA-VERSION-1.jpg","width":374,"height":425,"caption":"Mundo Animalito"},"image":{"@id":"https:\/\/mundoanimalito.com\/#\/schema\/logo\/image\/"},"sameAs":["https:\/\/www.facebook.com\/mundoanimalito77","https:\/\/www.instagram.com\/mundoanimalito77\/","https:\/\/www.tiktok.com\/@mundoanimalito77","https:\/\/www.youtube.com\/channel\/UCLo2JhNUNtHVraDt5aHadew"]}]}},"_links":{"self":[{"href":"https:\/\/mundoanimalito.com\/index.php\/wp-json\/wp\/v2\/pages\/33253","targetHints":{"allow":["GET"]}}],"collection":[{"href":"https:\/\/mundoanimalito.com\/index.php\/wp-json\/wp\/v2\/pages"}],"about":[{"href":"https:\/\/mundoanimalito.com\/index.php\/wp-json\/wp\/v2\/types\/page"}],"author":[{"embeddable":true,"href":"https:\/\/mundoanimalito.com\/index.php\/wp-json\/wp\/v2\/users\/1"}],"replies":[{"embeddable":true,"href":"https:\/\/mundoanimalito.com\/index.php\/wp-json\/wp\/v2\/comments?post=33253"}],"version-history":[{"count":0,"href":"https:\/\/mundoanimalito.com\/index.php\/wp-json\/wp\/v2\/pages\/33253\/revisions"}],"wp:attachment":[{"href":"https:\/\/mundoanimalito.com\/index.php\/wp-json\/wp\/v2\/media?parent=33253"}],"curies":[{"name":"wp","href":"https:\/\/api.w.org\/{rel}","templated":true}]}}