{"id":33171,"date":"2024-05-20T18:30:14","date_gmt":"2024-05-20T23:30:14","guid":{"rendered":"https:\/\/mundoanimalito.com\/?page_id=33171"},"modified":"2024-09-23T09:15:50","modified_gmt":"2024-09-23T14:15:50","slug":"trixie-mantas-perro-manta-lingo-75-x-50-cm-blanco-beige","status":"publish","type":"page","link":"https:\/\/mundoanimalito.com\/index.php\/trixie-mantas-perro-manta-lingo-75-x-50-cm-blanco-beige\/","title":{"rendered":"Trixie Mantas perro &#8211; Manta Lingo, 75 \u00d7 50 cm, Blanco\/Beige"},"content":{"rendered":"\t\t<div data-elementor-type=\"wp-page\" data-elementor-id=\"33171\" class=\"elementor elementor-33171\" data-elementor-post-type=\"page\">\n\t\t\t\t<div class=\"elementor-element elementor-element-31778b0 e-flex e-con-boxed e-con e-parent\" data-id=\"31778b0\" data-element_type=\"container\" data-e-type=\"container\">\n\t\t\t\t\t<div class=\"e-con-inner\">\n\t\t\t\t<div class=\"elementor-element elementor-element-0f152dc elementor-widget elementor-widget-heading\" data-id=\"0f152dc\" data-element_type=\"widget\" data-e-type=\"widget\" data-widget_type=\"heading.default\">\n\t\t\t\t<div class=\"elementor-widget-container\">\n\t\t\t\t\t<h2 class=\"elementor-heading-title elementor-size-default\">\u00bfEst\u00e1s buscando una manera de asegurar que tu perro est\u00e9 c\u00f3modo mientras proteges tus muebles de la suciedad y el pelo? La Manta Trixie Lingo es la elecci\u00f3n perfecta para ti<\/h2>\t\t\t\t<\/div>\n\t\t\t\t<\/div>\n\t\t\t\t\t<\/div>\n\t\t\t\t<\/div>\n\t\t<div class=\"elementor-element elementor-element-cf1c697 e-flex e-con-boxed e-con e-parent\" data-id=\"cf1c697\" data-element_type=\"container\" data-e-type=\"container\">\n\t\t\t\t\t<div class=\"e-con-inner\">\n\t\t<div class=\"elementor-element elementor-element-8ad5922 e-con-full e-flex e-con e-child\" data-id=\"8ad5922\" data-element_type=\"container\" data-e-type=\"container\">\n\t\t\t\t<div class=\"elementor-element elementor-element-e63ffcf elementor-widget elementor-widget-image\" data-id=\"e63ffcf\" data-element_type=\"widget\" data-e-type=\"widget\" data-widget_type=\"image.default\">\n\t\t\t\t<div class=\"elementor-widget-container\">\n\t\t\t\t\t\t\t\t\t\t\t\t\t\t\t\t<a href=\"https:\/\/amzn.to\/3UMWpqx\" target=\"_blank\">\n\t\t\t\t\t\t\t<img fetchpriority=\"high\" decoding=\"async\" width=\"1024\" height=\"616\" src=\"https:\/\/mundoanimalito.com\/wp-content\/uploads\/2024\/05\/61V9nLZU4PS._AC_SL1500_-1024x616.jpg\" class=\"attachment-large size-large wp-image-33161\" alt=\"Trixie Mantas perro - Manta Lingo, 75 \u00d7 50 cm, Blanco\/Beige\" srcset=\"https:\/\/mundoanimalito.com\/wp-content\/uploads\/2024\/05\/61V9nLZU4PS._AC_SL1500_-1024x616.jpg 1024w, https:\/\/mundoanimalito.com\/wp-content\/uploads\/2024\/05\/61V9nLZU4PS._AC_SL1500_-300x180.jpg 300w, https:\/\/mundoanimalito.com\/wp-content\/uploads\/2024\/05\/61V9nLZU4PS._AC_SL1500_-768x462.jpg 768w, https:\/\/mundoanimalito.com\/wp-content\/uploads\/2024\/05\/61V9nLZU4PS._AC_SL1500_.jpg 1443w\" sizes=\"(max-width: 1024px) 100vw, 1024px\" \/>\t\t\t\t\t\t\t\t<\/a>\n\t\t\t\t\t\t\t\t\t\t\t\t\t\t\t<\/div>\n\t\t\t\t<\/div>\n\t\t\t\t<\/div>\n\t\t<div class=\"elementor-element elementor-element-c1869d0 e-con-full e-flex e-con e-child\" data-id=\"c1869d0\" data-element_type=\"container\" data-e-type=\"container\">\n\t\t\t\t<div class=\"elementor-element elementor-element-ba983aa elementor-widget elementor-widget-text-editor\" data-id=\"ba983aa\" data-element_type=\"widget\" data-e-type=\"widget\" data-widget_type=\"text-editor.default\">\n\t\t\t\t<div class=\"elementor-widget-container\">\n\t\t\t\t\t\t\t\t\t<p>\ud83d\udecb\ufe0f <strong>Protege tus Muebles: <\/strong>La Manta Trixie Lingo es tu mejor aliada para mantener tus muebles libres de pelo y suciedad. Col\u00f3cala en el sof\u00e1, la cama o cualquier otro lugar donde tu perro prefiera descansar y disfruta de un hogar m\u00e1s limpio y ordenado.<\/p><p>\u00a0<\/p><p>\ud83d\udc36 <strong>Confort Extraordinario para tu Perro:\u00a0<\/strong>Fabricada con un forro extra suave, esta manta es incre\u00edblemente blanda y c\u00f3moda. Tu perro se sentir\u00e1 como si estuviera durmiendo sobre una nube, asegurando un descanso reparador y tranquilo.\u00a0<\/p><p>\u00a0<\/p><p>\ud83c\udfe0 <strong>Versatilidad de Uso: <\/strong>Disponible en tres tama\u00f1os (75 x 50 cm, 100 x 75 cm, 150 x 100 cm), la Manta Trixie Lingo es perfecta para perros de todas las razas y tama\u00f1os. Puedes usarla en su cama, dentro de su caseta, en el coche, o incluso llevarla de viaje para que tu mascota siempre tenga un lugar familiar y c\u00f3modo donde descansar.<\/p>\t\t\t\t\t\t\t\t<\/div>\n\t\t\t\t<\/div>\n\t\t\t\t<\/div>\n\t\t\t\t\t<\/div>\n\t\t\t\t<\/div>\n\t\t<div class=\"elementor-element elementor-element-c10d1ff e-flex e-con-boxed e-con e-parent\" data-id=\"c10d1ff\" data-element_type=\"container\" data-e-type=\"container\">\n\t\t\t\t\t<div class=\"e-con-inner\">\n\t\t\t\t<div class=\"elementor-element elementor-element-f65628e elementor-widget elementor-widget-text-editor\" data-id=\"f65628e\" data-element_type=\"widget\" data-e-type=\"widget\" data-widget_type=\"text-editor.default\">\n\t\t\t\t<div class=\"elementor-widget-container\">\n\t\t\t\t\t\t\t\t\t<p>\u00a1Haz clic ahora para comprar la Manta Trixie Lingo en Amazon y proporciona a tu perro el confort que se merece mientras mantienes tu hogar limpio y ordenado!<\/p>\t\t\t\t\t\t\t\t<\/div>\n\t\t\t\t<\/div>\n\t\t\t\t<div class=\"elementor-element elementor-element-7936265 elementor-align-right elementor-widget elementor-widget-button\" data-id=\"7936265\" data-element_type=\"widget\" data-e-type=\"widget\" data-widget_type=\"button.default\">\n\t\t\t\t<div class=\"elementor-widget-container\">\n\t\t\t\t\t\t\t\t\t<div class=\"elementor-button-wrapper\">\n\t\t\t\t\t<a class=\"elementor-button elementor-button-link elementor-size-sm\" href=\"https:\/\/amzn.to\/3UMWpqx\" target=\"_blank\">\n\t\t\t\t\t\t<span class=\"elementor-button-content-wrapper\">\n\t\t\t\t\t\t\t\t\t<span class=\"elementor-button-text\">Compra ahora en Amazon<\/span>\n\t\t\t\t\t<\/span>\n\t\t\t\t\t<\/a>\n\t\t\t\t<\/div>\n\t\t\t\t\t\t\t\t<\/div>\n\t\t\t\t<\/div>\n\t\t\t\t\t<\/div>\n\t\t\t\t<\/div>\n\t\t<div class=\"elementor-element elementor-element-88e220d e-flex e-con-boxed e-con e-parent\" data-id=\"88e220d\" data-element_type=\"container\" data-e-type=\"container\">\n\t\t\t\t\t<div class=\"e-con-inner\">\n\t\t\t\t<div class=\"elementor-element elementor-element-c89516b elementor-arrows-position-inside elementor-pagination-position-outside elementor-widget elementor-widget-image-carousel\" data-id=\"c89516b\" data-element_type=\"widget\" data-e-type=\"widget\" data-settings=\"{&quot;slides_to_show&quot;:&quot;1&quot;,&quot;navigation&quot;:&quot;both&quot;,&quot;autoplay&quot;:&quot;yes&quot;,&quot;pause_on_hover&quot;:&quot;yes&quot;,&quot;pause_on_interaction&quot;:&quot;yes&quot;,&quot;autoplay_speed&quot;:5000,&quot;infinite&quot;:&quot;yes&quot;,&quot;effect&quot;:&quot;slide&quot;,&quot;speed&quot;:500}\" data-widget_type=\"image-carousel.default\">\n\t\t\t\t<div class=\"elementor-widget-container\">\n\t\t\t\t\t\t\t<div class=\"elementor-image-carousel-wrapper swiper\" role=\"region\" aria-roledescription=\"carousel\" aria-label=\"Carrusel de im\u00e1genes\" dir=\"ltr\">\n\t\t\t<div class=\"elementor-image-carousel swiper-wrapper\" aria-live=\"off\">\n\t\t\t\t\t\t\t\t<div class=\"swiper-slide\" role=\"group\" aria-roledescription=\"slide\" aria-label=\"1 de 1\"><figure class=\"swiper-slide-inner\"><img decoding=\"async\" class=\"swiper-slide-image\" src=\"https:\/\/mundoanimalito.com\/wp-content\/uploads\/2024\/05\/81C1Oq0GcDL._AC_SL1500_-768x768.jpg\" alt=\"Trixie Mantas perro - Manta Lingo, 75 \u00d7 50 cm, Blanco\/Beige\" \/><\/figure><\/div>\t\t\t<\/div>\n\t\t\t\t\t<\/div>\n\t\t\t\t\t\t<\/div>\n\t\t\t\t<\/div>\n\t\t\t\t\t<\/div>\n\t\t\t\t<\/div>\n\t\t<div class=\"elementor-element elementor-element-d32c7cd e-flex e-con-boxed e-con e-parent\" data-id=\"d32c7cd\" data-element_type=\"container\" data-e-type=\"container\">\n\t\t\t\t\t<div class=\"e-con-inner\">\n\t\t\t\t<div class=\"elementor-element elementor-element-76bb31a elementor-align-right elementor-widget elementor-widget-button\" data-id=\"76bb31a\" data-element_type=\"widget\" data-e-type=\"widget\" data-widget_type=\"button.default\">\n\t\t\t\t<div class=\"elementor-widget-container\">\n\t\t\t\t\t\t\t\t\t<div class=\"elementor-button-wrapper\">\n\t\t\t\t\t<a class=\"elementor-button elementor-button-link elementor-size-sm\" href=\"https:\/\/amzn.to\/3UMWpqx\" target=\"_blank\">\n\t\t\t\t\t\t<span class=\"elementor-button-content-wrapper\">\n\t\t\t\t\t\t\t\t\t<span class=\"elementor-button-text\">Compra ahora en Amazon<\/span>\n\t\t\t\t\t<\/span>\n\t\t\t\t\t<\/a>\n\t\t\t\t<\/div>\n\t\t\t\t\t\t\t\t<\/div>\n\t\t\t\t<\/div>\n\t\t\t\t\t<\/div>\n\t\t\t\t<\/div>\n\t\t\t\t<\/div>\n\t\t","protected":false},"excerpt":{"rendered":"<p>\u00bfEst\u00e1s buscando una manera de asegurar que tu perro est\u00e9 c\u00f3modo mientras proteges tus muebles de la suciedad y el pelo? La Manta Trixie Lingo es la elecci\u00f3n perfecta para ti \ud83d\udecb\ufe0f Protege tus Muebles: La Manta Trixie Lingo es tu mejor aliada para mantener tus muebles libres de pelo y suciedad. Col\u00f3cala en el [&hellip;]<\/p>\n","protected":false},"author":1,"featured_media":0,"parent":0,"menu_order":0,"comment_status":"closed","ping_status":"closed","template":"","meta":{"site-sidebar-layout":"no-sidebar","site-content-layout":"page-builder","ast-site-content-layout":"full-width-container","site-content-style":"default","site-sidebar-style":"default","ast-global-header-display":"","ast-banner-title-visibility":"","ast-main-header-display":"","ast-hfb-above-header-display":"","ast-hfb-below-header-display":"","ast-hfb-mobile-header-display":"","site-post-title":"disabled","ast-breadcrumbs-content":"","ast-featured-img":"disabled","footer-sml-layout":"","ast-disable-related-posts":"","theme-transparent-header-meta":"","adv-header-id-meta":"","stick-header-meta":"","header-above-stick-meta":"","header-main-stick-meta":"","header-below-stick-meta":"","astra-migrate-meta-layouts":"set","ast-page-background-enabled":"default","ast-page-background-meta":{"desktop":{"background-color":"var(--ast-global-color-4)","background-image":"","background-repeat":"repeat","background-position":"center center","background-size":"auto","background-attachment":"scroll","background-type":"","background-media":"","overlay-type":"","overlay-color":"","overlay-opacity":"","overlay-gradient":""},"tablet":{"background-color":"","background-image":"","background-repeat":"repeat","background-position":"center center","background-size":"auto","background-attachment":"scroll","background-type":"","background-media":"","overlay-type":"","overlay-color":"","overlay-opacity":"","overlay-gradient":""},"mobile":{"background-color":"","background-image":"","background-repeat":"repeat","background-position":"center center","background-size":"auto","background-attachment":"scroll","background-type":"","background-media":"","overlay-type":"","overlay-color":"","overlay-opacity":"","overlay-gradient":""}},"ast-content-background-meta":{"desktop":{"background-color":"var(--ast-global-color-5)","background-image":"","background-repeat":"repeat","background-position":"center center","background-size":"auto","background-attachment":"scroll","background-type":"","background-media":"","overlay-type":"","overlay-color":"","overlay-opacity":"","overlay-gradient":""},"tablet":{"background-color":"var(--ast-global-color-5)","background-image":"","background-repeat":"repeat","background-position":"center center","background-size":"auto","background-attachment":"scroll","background-type":"","background-media":"","overlay-type":"","overlay-color":"","overlay-opacity":"","overlay-gradient":""},"mobile":{"background-color":"var(--ast-global-color-5)","background-image":"","background-repeat":"repeat","background-position":"center center","background-size":"auto","background-attachment":"scroll","background-type":"","background-media":"","overlay-type":"","overlay-color":"","overlay-opacity":"","overlay-gradient":""}},"footnotes":""},"class_list":["post-33171","page","type-page","status-publish","hentry"],"yoast_head":"<!-- This site is optimized with the Yoast SEO plugin v27.4 - https:\/\/yoast.com\/product\/yoast-seo-wordpress\/ -->\n<title>Trixie Mantas perro - Manta Lingo, 75 \u00d7 50 cm, Blanco\/Beige | Mundo Animalito<\/title>\n<meta name=\"description\" content=\"\u00bfEst\u00e1s buscando una manera de asegurar que tu perro est\u00e9 c\u00f3modo mientras proteges tus muebles de la suciedad y el pelo? La Manta Trixie Lingo es la elecci\u00f3n perfecta para ti\" \/>\n<meta name=\"robots\" content=\"index, follow, max-snippet:-1, max-image-preview:large, max-video-preview:-1\" \/>\n<link rel=\"canonical\" href=\"https:\/\/mundoanimalito.com\/index.php\/trixie-mantas-perro-manta-lingo-75-x-50-cm-blanco-beige\/\" \/>\n<meta property=\"og:locale\" content=\"es_ES\" \/>\n<meta property=\"og:type\" content=\"article\" \/>\n<meta property=\"og:title\" content=\"Trixie Mantas perro - Manta Lingo, 75 \u00d7 50 cm, Blanco\/Beige | Mundo Animalito\" \/>\n<meta property=\"og:description\" content=\"\u00bfEst\u00e1s buscando una manera de asegurar que tu perro est\u00e9 c\u00f3modo mientras proteges tus muebles de la suciedad y el pelo? La Manta Trixie Lingo es la elecci\u00f3n perfecta para ti\" \/>\n<meta property=\"og:url\" content=\"https:\/\/mundoanimalito.com\/index.php\/trixie-mantas-perro-manta-lingo-75-x-50-cm-blanco-beige\/\" \/>\n<meta property=\"og:site_name\" content=\"Mundo Animalito\" \/>\n<meta property=\"article:publisher\" content=\"https:\/\/www.facebook.com\/mundoanimalito77\" \/>\n<meta property=\"article:modified_time\" content=\"2024-09-23T14:15:50+00:00\" \/>\n<meta property=\"og:image\" content=\"https:\/\/mundoanimalito.com\/wp-content\/uploads\/2024\/05\/61V9nLZU4PS._AC_SL1500_-1024x616.jpg\" \/>\n<meta name=\"twitter:card\" content=\"summary_large_image\" \/>\n<meta name=\"twitter:label1\" content=\"Tiempo de lectura\" \/>\n\t<meta name=\"twitter:data1\" content=\"2 minutos\" \/>\n<script type=\"application\/ld+json\" class=\"yoast-schema-graph\">{\"@context\":\"https:\\\/\\\/schema.org\",\"@graph\":[{\"@type\":\"WebPage\",\"@id\":\"https:\\\/\\\/mundoanimalito.com\\\/index.php\\\/trixie-mantas-perro-manta-lingo-75-x-50-cm-blanco-beige\\\/\",\"url\":\"https:\\\/\\\/mundoanimalito.com\\\/index.php\\\/trixie-mantas-perro-manta-lingo-75-x-50-cm-blanco-beige\\\/\",\"name\":\"Trixie Mantas perro - Manta Lingo, 75 \u00d7 50 cm, Blanco\\\/Beige | Mundo Animalito\",\"isPartOf\":{\"@id\":\"https:\\\/\\\/mundoanimalito.com\\\/#website\"},\"primaryImageOfPage\":{\"@id\":\"https:\\\/\\\/mundoanimalito.com\\\/index.php\\\/trixie-mantas-perro-manta-lingo-75-x-50-cm-blanco-beige\\\/#primaryimage\"},\"image\":{\"@id\":\"https:\\\/\\\/mundoanimalito.com\\\/index.php\\\/trixie-mantas-perro-manta-lingo-75-x-50-cm-blanco-beige\\\/#primaryimage\"},\"thumbnailUrl\":\"https:\\\/\\\/mundoanimalito.com\\\/wp-content\\\/uploads\\\/2024\\\/05\\\/61V9nLZU4PS._AC_SL1500_-1024x616.jpg\",\"datePublished\":\"2024-05-20T23:30:14+00:00\",\"dateModified\":\"2024-09-23T14:15:50+00:00\",\"description\":\"\u00bfEst\u00e1s buscando una manera de asegurar que tu perro est\u00e9 c\u00f3modo mientras proteges tus muebles de la suciedad y el pelo? La Manta Trixie Lingo es la elecci\u00f3n perfecta para ti\",\"breadcrumb\":{\"@id\":\"https:\\\/\\\/mundoanimalito.com\\\/index.php\\\/trixie-mantas-perro-manta-lingo-75-x-50-cm-blanco-beige\\\/#breadcrumb\"},\"inLanguage\":\"es\",\"potentialAction\":[{\"@type\":\"ReadAction\",\"target\":[\"https:\\\/\\\/mundoanimalito.com\\\/index.php\\\/trixie-mantas-perro-manta-lingo-75-x-50-cm-blanco-beige\\\/\"]}]},{\"@type\":\"ImageObject\",\"inLanguage\":\"es\",\"@id\":\"https:\\\/\\\/mundoanimalito.com\\\/index.php\\\/trixie-mantas-perro-manta-lingo-75-x-50-cm-blanco-beige\\\/#primaryimage\",\"url\":\"https:\\\/\\\/mundoanimalito.com\\\/wp-content\\\/uploads\\\/2024\\\/05\\\/61V9nLZU4PS._AC_SL1500_.jpg\",\"contentUrl\":\"https:\\\/\\\/mundoanimalito.com\\\/wp-content\\\/uploads\\\/2024\\\/05\\\/61V9nLZU4PS._AC_SL1500_.jpg\",\"width\":1443,\"height\":868,\"caption\":\"Trixie Mantas perro - Manta Lingo, 75 \u00d7 50 cm, Blanco\\\/Beige\"},{\"@type\":\"BreadcrumbList\",\"@id\":\"https:\\\/\\\/mundoanimalito.com\\\/index.php\\\/trixie-mantas-perro-manta-lingo-75-x-50-cm-blanco-beige\\\/#breadcrumb\",\"itemListElement\":[{\"@type\":\"ListItem\",\"position\":1,\"name\":\"Portada\",\"item\":\"https:\\\/\\\/mundoanimalito.com\\\/\"},{\"@type\":\"ListItem\",\"position\":2,\"name\":\"Trixie Mantas perro &#8211; Manta Lingo, 75 \u00d7 50 cm, Blanco\\\/Beige\"}]},{\"@type\":\"WebSite\",\"@id\":\"https:\\\/\\\/mundoanimalito.com\\\/#website\",\"url\":\"https:\\\/\\\/mundoanimalito.com\\\/\",\"name\":\"Mundo Animalito\",\"description\":\"Datos y curiosidades de los animales, encuentra ac\u00e1 todo para tu mascota\",\"publisher\":{\"@id\":\"https:\\\/\\\/mundoanimalito.com\\\/#organization\"},\"potentialAction\":[{\"@type\":\"SearchAction\",\"target\":{\"@type\":\"EntryPoint\",\"urlTemplate\":\"https:\\\/\\\/mundoanimalito.com\\\/?s={search_term_string}\"},\"query-input\":{\"@type\":\"PropertyValueSpecification\",\"valueRequired\":true,\"valueName\":\"search_term_string\"}}],\"inLanguage\":\"es\"},{\"@type\":\"Organization\",\"@id\":\"https:\\\/\\\/mundoanimalito.com\\\/#organization\",\"name\":\"Mundo Animalito\",\"url\":\"https:\\\/\\\/mundoanimalito.com\\\/\",\"logo\":{\"@type\":\"ImageObject\",\"inLanguage\":\"es\",\"@id\":\"https:\\\/\\\/mundoanimalito.com\\\/#\\\/schema\\\/logo\\\/image\\\/\",\"url\":\"https:\\\/\\\/mundoanimalito.com\\\/wp-content\\\/uploads\\\/2023\\\/10\\\/cropped-cropped-LOGO-OFICIAL-ULTIMA-VERSION-1.jpg\",\"contentUrl\":\"https:\\\/\\\/mundoanimalito.com\\\/wp-content\\\/uploads\\\/2023\\\/10\\\/cropped-cropped-LOGO-OFICIAL-ULTIMA-VERSION-1.jpg\",\"width\":374,\"height\":425,\"caption\":\"Mundo Animalito\"},\"image\":{\"@id\":\"https:\\\/\\\/mundoanimalito.com\\\/#\\\/schema\\\/logo\\\/image\\\/\"},\"sameAs\":[\"https:\\\/\\\/www.facebook.com\\\/mundoanimalito77\",\"https:\\\/\\\/www.instagram.com\\\/mundoanimalito77\\\/\",\"https:\\\/\\\/www.tiktok.com\\\/@mundoanimalito77\",\"https:\\\/\\\/www.youtube.com\\\/channel\\\/UCLo2JhNUNtHVraDt5aHadew\"]}]}<\/script>\n<!-- \/ Yoast SEO plugin. -->","yoast_head_json":{"title":"Trixie Mantas perro - Manta Lingo, 75 \u00d7 50 cm, Blanco\/Beige | Mundo Animalito","description":"\u00bfEst\u00e1s buscando una manera de asegurar que tu perro est\u00e9 c\u00f3modo mientras proteges tus muebles de la suciedad y el pelo? La Manta Trixie Lingo es la elecci\u00f3n perfecta para ti","robots":{"index":"index","follow":"follow","max-snippet":"max-snippet:-1","max-image-preview":"max-image-preview:large","max-video-preview":"max-video-preview:-1"},"canonical":"https:\/\/mundoanimalito.com\/index.php\/trixie-mantas-perro-manta-lingo-75-x-50-cm-blanco-beige\/","og_locale":"es_ES","og_type":"article","og_title":"Trixie Mantas perro - Manta Lingo, 75 \u00d7 50 cm, Blanco\/Beige | Mundo Animalito","og_description":"\u00bfEst\u00e1s buscando una manera de asegurar que tu perro est\u00e9 c\u00f3modo mientras proteges tus muebles de la suciedad y el pelo? La Manta Trixie Lingo es la elecci\u00f3n perfecta para ti","og_url":"https:\/\/mundoanimalito.com\/index.php\/trixie-mantas-perro-manta-lingo-75-x-50-cm-blanco-beige\/","og_site_name":"Mundo Animalito","article_publisher":"https:\/\/www.facebook.com\/mundoanimalito77","article_modified_time":"2024-09-23T14:15:50+00:00","og_image":[{"url":"https:\/\/mundoanimalito.com\/wp-content\/uploads\/2024\/05\/61V9nLZU4PS._AC_SL1500_-1024x616.jpg","type":"","width":"","height":""}],"twitter_card":"summary_large_image","twitter_misc":{"Tiempo de lectura":"2 minutos"},"schema":{"@context":"https:\/\/schema.org","@graph":[{"@type":"WebPage","@id":"https:\/\/mundoanimalito.com\/index.php\/trixie-mantas-perro-manta-lingo-75-x-50-cm-blanco-beige\/","url":"https:\/\/mundoanimalito.com\/index.php\/trixie-mantas-perro-manta-lingo-75-x-50-cm-blanco-beige\/","name":"Trixie Mantas perro - Manta Lingo, 75 \u00d7 50 cm, Blanco\/Beige | Mundo Animalito","isPartOf":{"@id":"https:\/\/mundoanimalito.com\/#website"},"primaryImageOfPage":{"@id":"https:\/\/mundoanimalito.com\/index.php\/trixie-mantas-perro-manta-lingo-75-x-50-cm-blanco-beige\/#primaryimage"},"image":{"@id":"https:\/\/mundoanimalito.com\/index.php\/trixie-mantas-perro-manta-lingo-75-x-50-cm-blanco-beige\/#primaryimage"},"thumbnailUrl":"https:\/\/mundoanimalito.com\/wp-content\/uploads\/2024\/05\/61V9nLZU4PS._AC_SL1500_-1024x616.jpg","datePublished":"2024-05-20T23:30:14+00:00","dateModified":"2024-09-23T14:15:50+00:00","description":"\u00bfEst\u00e1s buscando una manera de asegurar que tu perro est\u00e9 c\u00f3modo mientras proteges tus muebles de la suciedad y el pelo? La Manta Trixie Lingo es la elecci\u00f3n perfecta para ti","breadcrumb":{"@id":"https:\/\/mundoanimalito.com\/index.php\/trixie-mantas-perro-manta-lingo-75-x-50-cm-blanco-beige\/#breadcrumb"},"inLanguage":"es","potentialAction":[{"@type":"ReadAction","target":["https:\/\/mundoanimalito.com\/index.php\/trixie-mantas-perro-manta-lingo-75-x-50-cm-blanco-beige\/"]}]},{"@type":"ImageObject","inLanguage":"es","@id":"https:\/\/mundoanimalito.com\/index.php\/trixie-mantas-perro-manta-lingo-75-x-50-cm-blanco-beige\/#primaryimage","url":"https:\/\/mundoanimalito.com\/wp-content\/uploads\/2024\/05\/61V9nLZU4PS._AC_SL1500_.jpg","contentUrl":"https:\/\/mundoanimalito.com\/wp-content\/uploads\/2024\/05\/61V9nLZU4PS._AC_SL1500_.jpg","width":1443,"height":868,"caption":"Trixie Mantas perro - Manta Lingo, 75 \u00d7 50 cm, Blanco\/Beige"},{"@type":"BreadcrumbList","@id":"https:\/\/mundoanimalito.com\/index.php\/trixie-mantas-perro-manta-lingo-75-x-50-cm-blanco-beige\/#breadcrumb","itemListElement":[{"@type":"ListItem","position":1,"name":"Portada","item":"https:\/\/mundoanimalito.com\/"},{"@type":"ListItem","position":2,"name":"Trixie Mantas perro &#8211; Manta Lingo, 75 \u00d7 50 cm, Blanco\/Beige"}]},{"@type":"WebSite","@id":"https:\/\/mundoanimalito.com\/#website","url":"https:\/\/mundoanimalito.com\/","name":"Mundo Animalito","description":"Datos y curiosidades de los animales, encuentra ac\u00e1 todo para tu mascota","publisher":{"@id":"https:\/\/mundoanimalito.com\/#organization"},"potentialAction":[{"@type":"SearchAction","target":{"@type":"EntryPoint","urlTemplate":"https:\/\/mundoanimalito.com\/?s={search_term_string}"},"query-input":{"@type":"PropertyValueSpecification","valueRequired":true,"valueName":"search_term_string"}}],"inLanguage":"es"},{"@type":"Organization","@id":"https:\/\/mundoanimalito.com\/#organization","name":"Mundo Animalito","url":"https:\/\/mundoanimalito.com\/","logo":{"@type":"ImageObject","inLanguage":"es","@id":"https:\/\/mundoanimalito.com\/#\/schema\/logo\/image\/","url":"https:\/\/mundoanimalito.com\/wp-content\/uploads\/2023\/10\/cropped-cropped-LOGO-OFICIAL-ULTIMA-VERSION-1.jpg","contentUrl":"https:\/\/mundoanimalito.com\/wp-content\/uploads\/2023\/10\/cropped-cropped-LOGO-OFICIAL-ULTIMA-VERSION-1.jpg","width":374,"height":425,"caption":"Mundo Animalito"},"image":{"@id":"https:\/\/mundoanimalito.com\/#\/schema\/logo\/image\/"},"sameAs":["https:\/\/www.facebook.com\/mundoanimalito77","https:\/\/www.instagram.com\/mundoanimalito77\/","https:\/\/www.tiktok.com\/@mundoanimalito77","https:\/\/www.youtube.com\/channel\/UCLo2JhNUNtHVraDt5aHadew"]}]}},"_links":{"self":[{"href":"https:\/\/mundoanimalito.com\/index.php\/wp-json\/wp\/v2\/pages\/33171","targetHints":{"allow":["GET"]}}],"collection":[{"href":"https:\/\/mundoanimalito.com\/index.php\/wp-json\/wp\/v2\/pages"}],"about":[{"href":"https:\/\/mundoanimalito.com\/index.php\/wp-json\/wp\/v2\/types\/page"}],"author":[{"embeddable":true,"href":"https:\/\/mundoanimalito.com\/index.php\/wp-json\/wp\/v2\/users\/1"}],"replies":[{"embeddable":true,"href":"https:\/\/mundoanimalito.com\/index.php\/wp-json\/wp\/v2\/comments?post=33171"}],"version-history":[{"count":0,"href":"https:\/\/mundoanimalito.com\/index.php\/wp-json\/wp\/v2\/pages\/33171\/revisions"}],"wp:attachment":[{"href":"https:\/\/mundoanimalito.com\/index.php\/wp-json\/wp\/v2\/media?parent=33171"}],"curies":[{"name":"wp","href":"https:\/\/api.w.org\/{rel}","templated":true}]}}