{"id":31640,"date":"2024-05-08T13:36:51","date_gmt":"2024-05-08T18:36:51","guid":{"rendered":"https:\/\/mundoanimalito.com\/?page_id=31640"},"modified":"2024-09-03T15:58:03","modified_gmt":"2024-09-03T20:58:03","slug":"arquivet-alfombra-refrescante-para-perros-y-gatos-50x90-alfombra-autorefrigerante","status":"publish","type":"page","link":"https:\/\/mundoanimalito.com\/index.php\/arquivet-alfombra-refrescante-para-perros-y-gatos-50x90-alfombra-autorefrigerante\/","title":{"rendered":"Arquivet- Alfombra refrescante para Perros y Gatos 50&#215;90, Alfombra autorefrigerante"},"content":{"rendered":"\t\t<div data-elementor-type=\"wp-page\" data-elementor-id=\"31640\" class=\"elementor elementor-31640\" data-elementor-post-type=\"page\">\n\t\t\t\t<div class=\"elementor-element elementor-element-2ea8dcd e-flex e-con-boxed e-con e-parent\" data-id=\"2ea8dcd\" data-element_type=\"container\" data-e-type=\"container\">\n\t\t\t\t\t<div class=\"e-con-inner\">\n\t\t\t\t<div class=\"elementor-element elementor-element-5c618e3 elementor-invisible elementor-widget elementor-widget-heading\" data-id=\"5c618e3\" data-element_type=\"widget\" data-e-type=\"widget\" data-settings=\"{&quot;_animation&quot;:&quot;fadeInDown&quot;}\" data-widget_type=\"heading.default\">\n\t\t\t\t<div class=\"elementor-widget-container\">\n\t\t\t\t\t<h2 class=\"elementor-heading-title elementor-size-default\">\u00bfTu amigo peludo sufre durante los d\u00edas calurosos? \u00a1Ya no m\u00e1s! Con la alfombra refrescante Arquivet, puedes asegurarte de que tu perro o gato est\u00e9 fresco y c\u00f3modo en todo momento<\/h2>\t\t\t\t<\/div>\n\t\t\t\t<\/div>\n\t\t\t\t\t<\/div>\n\t\t\t\t<\/div>\n\t\t<div class=\"elementor-element elementor-element-fe0a910 e-flex e-con-boxed e-con e-parent\" data-id=\"fe0a910\" data-element_type=\"container\" data-e-type=\"container\">\n\t\t\t\t\t<div class=\"e-con-inner\">\n\t\t<div class=\"elementor-element elementor-element-b1c4189 e-con-full e-flex e-con e-child\" data-id=\"b1c4189\" data-element_type=\"container\" data-e-type=\"container\">\n\t\t\t\t<div class=\"elementor-element elementor-element-1e20e7f elementor-widget elementor-widget-image\" data-id=\"1e20e7f\" data-element_type=\"widget\" data-e-type=\"widget\" data-widget_type=\"image.default\">\n\t\t\t\t<div class=\"elementor-widget-container\">\n\t\t\t\t\t\t\t\t\t\t\t\t\t\t\t\t<a href=\"https:\/\/amzn.to\/3URcsVz\" target=\"_blank\">\n\t\t\t\t\t\t\t<img fetchpriority=\"high\" decoding=\"async\" width=\"1024\" height=\"780\" src=\"https:\/\/mundoanimalito.com\/wp-content\/uploads\/2024\/05\/000-1024x780.jpg\" class=\"attachment-large size-large wp-image-31627\" alt=\"Arquivet- Alfombra refrescante para Perros y Gatos 50x90, Alfombra autorefrigerante, Pet Cooling Mat, Alfombra refrescante para Mascotas\" srcset=\"https:\/\/mundoanimalito.com\/wp-content\/uploads\/2024\/05\/000-1024x780.jpg 1024w, https:\/\/mundoanimalito.com\/wp-content\/uploads\/2024\/05\/000-300x229.jpg 300w, https:\/\/mundoanimalito.com\/wp-content\/uploads\/2024\/05\/000-768x585.jpg 768w, https:\/\/mundoanimalito.com\/wp-content\/uploads\/2024\/05\/000.jpg 1419w\" sizes=\"(max-width: 1024px) 100vw, 1024px\" \/>\t\t\t\t\t\t\t\t<\/a>\n\t\t\t\t\t\t\t\t\t\t\t\t\t\t\t<\/div>\n\t\t\t\t<\/div>\n\t\t\t\t<\/div>\n\t\t<div class=\"elementor-element elementor-element-b9ea29e e-con-full e-flex e-con e-child\" data-id=\"b9ea29e\" data-element_type=\"container\" data-e-type=\"container\">\n\t\t\t\t<div class=\"elementor-element elementor-element-f825f32 elementor-widget elementor-widget-text-editor\" data-id=\"f825f32\" data-element_type=\"widget\" data-e-type=\"widget\" data-widget_type=\"text-editor.default\">\n\t\t\t\t<div class=\"elementor-widget-container\">\n\t\t\t\t\t\t\t\t\t<p>\ud83c\udf1e <strong>Sin Necesidad de Refrigeraci\u00f3n Previa:<\/strong> Olv\u00eddate de congelar o preparar la alfombra. El gel de refrigeraci\u00f3n autom\u00e1tica seguro para humanos y mascotas se activa con la presi\u00f3n de tu mascota, proporcionando un frescor instant\u00e1neo sin complicaciones.<\/p><p>\u00a0<\/p><p>\ud83d\udc3e <strong>F\u00e1cil de Activar y Sin Electricidad:<\/strong> Con solo la presi\u00f3n de tu mascota, la alfombra Arquivet comienza a enfriarse, sin necesidad de electricidad ni agua. \u00a1Es una soluci\u00f3n pr\u00e1ctica y eficiente para mantener a tu mascota fresca en todo momento!<\/p><p>\u00a0<\/p><p>\ud83e\uddfc <strong>F\u00e1cil de Limpiar y Mantener:<\/strong> \u00bfPreocupado por la limpieza? No te preocupes. La alfombra Arquivet es f\u00e1cil de limpiar con un pa\u00f1o h\u00famedo o simplemente rociando agua en la superficie. Adem\u00e1s, se puede plegar para guardarla o transportarla c\u00f3modamente.<\/p><p>\u00a0<\/p><p>\ud83c\udf31 <strong>Filosof\u00eda de Alimentaci\u00f3n Natural:<\/strong> Arquivet se compromete a ofrecer productos naturales y equilibrados para la nutrici\u00f3n animal. Con una alimentaci\u00f3n natural, tu mascota puede disfrutar de una buena salud y prevenir enfermedades y desequilibrios nutricionales.<\/p>\t\t\t\t\t\t\t\t<\/div>\n\t\t\t\t<\/div>\n\t\t\t\t<\/div>\n\t\t\t\t\t<\/div>\n\t\t\t\t<\/div>\n\t\t<div class=\"elementor-element elementor-element-b3b8be3 e-flex e-con-boxed e-con e-parent\" data-id=\"b3b8be3\" data-element_type=\"container\" data-e-type=\"container\">\n\t\t\t\t\t<div class=\"e-con-inner\">\n\t\t\t\t<div class=\"elementor-element elementor-element-6fb54c5 elementor-widget elementor-widget-text-editor\" data-id=\"6fb54c5\" data-element_type=\"widget\" data-e-type=\"widget\" data-widget_type=\"text-editor.default\">\n\t\t\t\t<div class=\"elementor-widget-container\">\n\t\t\t\t\t\t\t\t\t<p>En Arquivet, creemos que tu mascota merece lo mejor. Nuestros productos est\u00e1n dise\u00f1ados con la salud y el bienestar de tu amigo peludo en mente. Con la alfombra refrescante Arquivet, puedes garantizar que tu mascota se mantenga fresca y feliz durante los d\u00edas m\u00e1s calurosos del a\u00f1o.<\/p><p>\u00a0<\/p><p>\u00a1No esperes m\u00e1s para brindarle a tu mascota el confort que se merece! Haz clic ahora y adquiere la Alfombra Refrescante Arquivet para hacer que cada d\u00eda sea m\u00e1s agradable para tu compa\u00f1ero peludo.<\/p>\t\t\t\t\t\t\t\t<\/div>\n\t\t\t\t<\/div>\n\t\t\t\t<div class=\"elementor-element elementor-element-2322a05 elementor-align-right elementor-widget elementor-widget-button\" data-id=\"2322a05\" data-element_type=\"widget\" data-e-type=\"widget\" data-widget_type=\"button.default\">\n\t\t\t\t<div class=\"elementor-widget-container\">\n\t\t\t\t\t\t\t\t\t<div class=\"elementor-button-wrapper\">\n\t\t\t\t\t<a class=\"elementor-button elementor-button-link elementor-size-sm\" href=\"https:\/\/amzn.to\/3URcsVz\" target=\"_blank\">\n\t\t\t\t\t\t<span class=\"elementor-button-content-wrapper\">\n\t\t\t\t\t\t\t\t\t<span class=\"elementor-button-text\">Compra ahora en Amazon<\/span>\n\t\t\t\t\t<\/span>\n\t\t\t\t\t<\/a>\n\t\t\t\t<\/div>\n\t\t\t\t\t\t\t\t<\/div>\n\t\t\t\t<\/div>\n\t\t\t\t\t<\/div>\n\t\t\t\t<\/div>\n\t\t<div class=\"elementor-element elementor-element-4eaaf93 e-flex e-con-boxed e-con e-parent\" data-id=\"4eaaf93\" data-element_type=\"container\" data-e-type=\"container\">\n\t\t\t\t\t<div class=\"e-con-inner\">\n\t\t\t\t<div class=\"elementor-element elementor-element-ca58f1d elementor-arrows-position-inside elementor-pagination-position-outside elementor-widget elementor-widget-image-carousel\" data-id=\"ca58f1d\" data-element_type=\"widget\" data-e-type=\"widget\" data-settings=\"{&quot;slides_to_show&quot;:&quot;1&quot;,&quot;navigation&quot;:&quot;both&quot;,&quot;autoplay&quot;:&quot;yes&quot;,&quot;pause_on_hover&quot;:&quot;yes&quot;,&quot;pause_on_interaction&quot;:&quot;yes&quot;,&quot;autoplay_speed&quot;:5000,&quot;infinite&quot;:&quot;yes&quot;,&quot;effect&quot;:&quot;slide&quot;,&quot;speed&quot;:500}\" data-widget_type=\"image-carousel.default\">\n\t\t\t\t<div class=\"elementor-widget-container\">\n\t\t\t\t\t\t\t<div class=\"elementor-image-carousel-wrapper swiper\" role=\"region\" aria-roledescription=\"carousel\" aria-label=\"Carrusel de im\u00e1genes\" dir=\"ltr\">\n\t\t\t<div class=\"elementor-image-carousel swiper-wrapper\" aria-live=\"off\">\n\t\t\t\t\t\t\t\t<div class=\"swiper-slide\" role=\"group\" aria-roledescription=\"slide\" aria-label=\"1 de 4\"><figure class=\"swiper-slide-inner\"><img decoding=\"async\" class=\"swiper-slide-image\" src=\"https:\/\/mundoanimalito.com\/wp-content\/uploads\/2024\/05\/61Eveb1pkrL._AC_SL1500_-768x342.jpg\" alt=\"Arquivet- Alfombra refrescante para Perros y Gatos 50x90, Alfombra autorefrigerante, Pet Cooling Mat, Alfombra refrescante para Mascotas\" \/><\/figure><\/div><div class=\"swiper-slide\" role=\"group\" aria-roledescription=\"slide\" aria-label=\"2 de 4\"><figure class=\"swiper-slide-inner\"><img decoding=\"async\" class=\"swiper-slide-image\" src=\"https:\/\/mundoanimalito.com\/wp-content\/uploads\/2024\/05\/811BhsTvgYL._AC_SL1500_-768x768.jpg\" alt=\"Arquivet- Alfombra refrescante para Perros y Gatos 50x90, Alfombra autorefrigerante, Pet Cooling Mat, Alfombra refrescante para Mascotas\" \/><\/figure><\/div><div class=\"swiper-slide\" role=\"group\" aria-roledescription=\"slide\" aria-label=\"3 de 4\"><figure class=\"swiper-slide-inner\"><img decoding=\"async\" class=\"swiper-slide-image\" src=\"https:\/\/mundoanimalito.com\/wp-content\/uploads\/2024\/05\/81zDo0M6nVL._AC_SL1500_-768x749.jpg\" alt=\"Arquivet- Alfombra refrescante para Perros y Gatos 50x90, Alfombra autorefrigerante, Pet Cooling Mat, Alfombra refrescante para Mascotas\" \/><\/figure><\/div><div class=\"swiper-slide\" role=\"group\" aria-roledescription=\"slide\" aria-label=\"4 de 4\"><figure class=\"swiper-slide-inner\"><img decoding=\"async\" class=\"swiper-slide-image\" src=\"https:\/\/mundoanimalito.com\/wp-content\/uploads\/2024\/05\/81CV33nTYDL._AC_SL1500_-768x768.jpg\" alt=\"Arquivet- Alfombra refrescante para Perros y Gatos 50x90, Alfombra autorefrigerante, Pet Cooling Mat, Alfombra refrescante para Mascotas\" \/><\/figure><\/div>\t\t\t<\/div>\n\t\t\t\t\t\t\t\t\t\t\t\t<div class=\"elementor-swiper-button elementor-swiper-button-prev\" role=\"button\" tabindex=\"0\">\n\t\t\t\t\t\t<i aria-hidden=\"true\" class=\"eicon-chevron-left\"><\/i>\t\t\t\t\t<\/div>\n\t\t\t\t\t<div class=\"elementor-swiper-button elementor-swiper-button-next\" role=\"button\" tabindex=\"0\">\n\t\t\t\t\t\t<i aria-hidden=\"true\" class=\"eicon-chevron-right\"><\/i>\t\t\t\t\t<\/div>\n\t\t\t\t\n\t\t\t\t\t\t\t\t\t<div class=\"swiper-pagination\"><\/div>\n\t\t\t\t\t\t\t\t\t<\/div>\n\t\t\t\t\t\t<\/div>\n\t\t\t\t<\/div>\n\t\t\t\t\t<\/div>\n\t\t\t\t<\/div>\n\t\t<div class=\"elementor-element elementor-element-7f1afd8 e-flex e-con-boxed e-con e-parent\" data-id=\"7f1afd8\" data-element_type=\"container\" data-e-type=\"container\">\n\t\t\t\t\t<div class=\"e-con-inner\">\n\t\t\t\t<div class=\"elementor-element elementor-element-7cf9511 elementor-align-right elementor-widget elementor-widget-button\" data-id=\"7cf9511\" data-element_type=\"widget\" data-e-type=\"widget\" data-widget_type=\"button.default\">\n\t\t\t\t<div class=\"elementor-widget-container\">\n\t\t\t\t\t\t\t\t\t<div class=\"elementor-button-wrapper\">\n\t\t\t\t\t<a class=\"elementor-button elementor-button-link elementor-size-sm\" href=\"https:\/\/amzn.to\/3URcsVz\" target=\"_blank\">\n\t\t\t\t\t\t<span class=\"elementor-button-content-wrapper\">\n\t\t\t\t\t\t\t\t\t<span class=\"elementor-button-text\">Compra ahora en Amazon<\/span>\n\t\t\t\t\t<\/span>\n\t\t\t\t\t<\/a>\n\t\t\t\t<\/div>\n\t\t\t\t\t\t\t\t<\/div>\n\t\t\t\t<\/div>\n\t\t\t\t\t<\/div>\n\t\t\t\t<\/div>\n\t\t\t\t<\/div>\n\t\t","protected":false},"excerpt":{"rendered":"<p>\u00bfTu amigo peludo sufre durante los d\u00edas calurosos? \u00a1Ya no m\u00e1s! Con la alfombra refrescante Arquivet, puedes asegurarte de que tu perro o gato est\u00e9 fresco y c\u00f3modo en todo momento \ud83c\udf1e Sin Necesidad de Refrigeraci\u00f3n Previa: Olv\u00eddate de congelar o preparar la alfombra. El gel de refrigeraci\u00f3n autom\u00e1tica seguro para humanos y mascotas se [&hellip;]<\/p>\n","protected":false},"author":1,"featured_media":0,"parent":0,"menu_order":0,"comment_status":"closed","ping_status":"closed","template":"","meta":{"site-sidebar-layout":"no-sidebar","site-content-layout":"page-builder","ast-site-content-layout":"full-width-container","site-content-style":"default","site-sidebar-style":"default","ast-global-header-display":"","ast-banner-title-visibility":"","ast-main-header-display":"","ast-hfb-above-header-display":"","ast-hfb-below-header-display":"","ast-hfb-mobile-header-display":"","site-post-title":"disabled","ast-breadcrumbs-content":"","ast-featured-img":"disabled","footer-sml-layout":"","ast-disable-related-posts":"","theme-transparent-header-meta":"","adv-header-id-meta":"","stick-header-meta":"","header-above-stick-meta":"","header-main-stick-meta":"","header-below-stick-meta":"","astra-migrate-meta-layouts":"set","ast-page-background-enabled":"default","ast-page-background-meta":{"desktop":{"background-color":"var(--ast-global-color-4)","background-image":"","background-repeat":"repeat","background-position":"center center","background-size":"auto","background-attachment":"scroll","background-type":"","background-media":"","overlay-type":"","overlay-color":"","overlay-opacity":"","overlay-gradient":""},"tablet":{"background-color":"","background-image":"","background-repeat":"repeat","background-position":"center center","background-size":"auto","background-attachment":"scroll","background-type":"","background-media":"","overlay-type":"","overlay-color":"","overlay-opacity":"","overlay-gradient":""},"mobile":{"background-color":"","background-image":"","background-repeat":"repeat","background-position":"center center","background-size":"auto","background-attachment":"scroll","background-type":"","background-media":"","overlay-type":"","overlay-color":"","overlay-opacity":"","overlay-gradient":""}},"ast-content-background-meta":{"desktop":{"background-color":"var(--ast-global-color-5)","background-image":"","background-repeat":"repeat","background-position":"center center","background-size":"auto","background-attachment":"scroll","background-type":"","background-media":"","overlay-type":"","overlay-color":"","overlay-opacity":"","overlay-gradient":""},"tablet":{"background-color":"var(--ast-global-color-5)","background-image":"","background-repeat":"repeat","background-position":"center center","background-size":"auto","background-attachment":"scroll","background-type":"","background-media":"","overlay-type":"","overlay-color":"","overlay-opacity":"","overlay-gradient":""},"mobile":{"background-color":"var(--ast-global-color-5)","background-image":"","background-repeat":"repeat","background-position":"center center","background-size":"auto","background-attachment":"scroll","background-type":"","background-media":"","overlay-type":"","overlay-color":"","overlay-opacity":"","overlay-gradient":""}},"footnotes":""},"class_list":["post-31640","page","type-page","status-publish","hentry"],"yoast_head":"<!-- This site is optimized with the Yoast SEO plugin v27.4 - https:\/\/yoast.com\/product\/yoast-seo-wordpress\/ -->\n<title>Arquivet- Alfombra refrescante para Perros y Gatos 50x90 | Mundo Animalito<\/title>\n<meta name=\"description\" content=\"\u00bfTu amigo peludo sufre durante los d\u00edas calurosos? \u00a1Ya no m\u00e1s! Con la alfombra refrescante Arquivet, puedes asegurarte de que tu perro o gato est\u00e9 fresco y c\u00f3modo en todo momento\" \/>\n<meta name=\"robots\" content=\"index, follow, max-snippet:-1, max-image-preview:large, max-video-preview:-1\" \/>\n<link rel=\"canonical\" href=\"https:\/\/mundoanimalito.com\/index.php\/arquivet-alfombra-refrescante-para-perros-y-gatos-50x90-alfombra-autorefrigerante\/\" \/>\n<meta property=\"og:locale\" content=\"es_ES\" \/>\n<meta property=\"og:type\" content=\"article\" \/>\n<meta property=\"og:title\" content=\"Arquivet- Alfombra refrescante para Perros y Gatos 50x90 | Mundo Animalito\" \/>\n<meta property=\"og:description\" content=\"\u00bfTu amigo peludo sufre durante los d\u00edas calurosos? \u00a1Ya no m\u00e1s! Con la alfombra refrescante Arquivet, puedes asegurarte de que tu perro o gato est\u00e9 fresco y c\u00f3modo en todo momento\" \/>\n<meta property=\"og:url\" content=\"https:\/\/mundoanimalito.com\/index.php\/arquivet-alfombra-refrescante-para-perros-y-gatos-50x90-alfombra-autorefrigerante\/\" \/>\n<meta property=\"og:site_name\" content=\"Mundo Animalito\" \/>\n<meta property=\"article:publisher\" content=\"https:\/\/www.facebook.com\/mundoanimalito77\" \/>\n<meta property=\"article:modified_time\" content=\"2024-09-03T20:58:03+00:00\" \/>\n<meta property=\"og:image\" content=\"https:\/\/mundoanimalito.com\/wp-content\/uploads\/2024\/05\/000-1024x780.jpg\" \/>\n<meta name=\"twitter:card\" content=\"summary_large_image\" \/>\n<meta name=\"twitter:label1\" content=\"Tiempo de lectura\" \/>\n\t<meta name=\"twitter:data1\" content=\"3 minutos\" \/>\n<script type=\"application\/ld+json\" class=\"yoast-schema-graph\">{\"@context\":\"https:\\\/\\\/schema.org\",\"@graph\":[{\"@type\":\"WebPage\",\"@id\":\"https:\\\/\\\/mundoanimalito.com\\\/index.php\\\/arquivet-alfombra-refrescante-para-perros-y-gatos-50x90-alfombra-autorefrigerante\\\/\",\"url\":\"https:\\\/\\\/mundoanimalito.com\\\/index.php\\\/arquivet-alfombra-refrescante-para-perros-y-gatos-50x90-alfombra-autorefrigerante\\\/\",\"name\":\"Arquivet- Alfombra refrescante para Perros y Gatos 50x90 | Mundo Animalito\",\"isPartOf\":{\"@id\":\"https:\\\/\\\/mundoanimalito.com\\\/#website\"},\"primaryImageOfPage\":{\"@id\":\"https:\\\/\\\/mundoanimalito.com\\\/index.php\\\/arquivet-alfombra-refrescante-para-perros-y-gatos-50x90-alfombra-autorefrigerante\\\/#primaryimage\"},\"image\":{\"@id\":\"https:\\\/\\\/mundoanimalito.com\\\/index.php\\\/arquivet-alfombra-refrescante-para-perros-y-gatos-50x90-alfombra-autorefrigerante\\\/#primaryimage\"},\"thumbnailUrl\":\"https:\\\/\\\/mundoanimalito.com\\\/wp-content\\\/uploads\\\/2024\\\/05\\\/000-1024x780.jpg\",\"datePublished\":\"2024-05-08T18:36:51+00:00\",\"dateModified\":\"2024-09-03T20:58:03+00:00\",\"description\":\"\u00bfTu amigo peludo sufre durante los d\u00edas calurosos? \u00a1Ya no m\u00e1s! Con la alfombra refrescante Arquivet, puedes asegurarte de que tu perro o gato est\u00e9 fresco y c\u00f3modo en todo momento\",\"breadcrumb\":{\"@id\":\"https:\\\/\\\/mundoanimalito.com\\\/index.php\\\/arquivet-alfombra-refrescante-para-perros-y-gatos-50x90-alfombra-autorefrigerante\\\/#breadcrumb\"},\"inLanguage\":\"es\",\"potentialAction\":[{\"@type\":\"ReadAction\",\"target\":[\"https:\\\/\\\/mundoanimalito.com\\\/index.php\\\/arquivet-alfombra-refrescante-para-perros-y-gatos-50x90-alfombra-autorefrigerante\\\/\"]}]},{\"@type\":\"ImageObject\",\"inLanguage\":\"es\",\"@id\":\"https:\\\/\\\/mundoanimalito.com\\\/index.php\\\/arquivet-alfombra-refrescante-para-perros-y-gatos-50x90-alfombra-autorefrigerante\\\/#primaryimage\",\"url\":\"https:\\\/\\\/mundoanimalito.com\\\/wp-content\\\/uploads\\\/2024\\\/05\\\/000.jpg\",\"contentUrl\":\"https:\\\/\\\/mundoanimalito.com\\\/wp-content\\\/uploads\\\/2024\\\/05\\\/000.jpg\",\"width\":1419,\"height\":1081,\"caption\":\"Arquivet- Alfombra refrescante para Perros y Gatos 50x90, Alfombra autorefrigerante, Pet Cooling Mat, Alfombra refrescante para Mascotas\"},{\"@type\":\"BreadcrumbList\",\"@id\":\"https:\\\/\\\/mundoanimalito.com\\\/index.php\\\/arquivet-alfombra-refrescante-para-perros-y-gatos-50x90-alfombra-autorefrigerante\\\/#breadcrumb\",\"itemListElement\":[{\"@type\":\"ListItem\",\"position\":1,\"name\":\"Portada\",\"item\":\"https:\\\/\\\/mundoanimalito.com\\\/\"},{\"@type\":\"ListItem\",\"position\":2,\"name\":\"Arquivet- Alfombra refrescante para Perros y Gatos 50&#215;90, Alfombra autorefrigerante\"}]},{\"@type\":\"WebSite\",\"@id\":\"https:\\\/\\\/mundoanimalito.com\\\/#website\",\"url\":\"https:\\\/\\\/mundoanimalito.com\\\/\",\"name\":\"Mundo Animalito\",\"description\":\"Datos y curiosidades de los animales, encuentra ac\u00e1 todo para tu mascota\",\"publisher\":{\"@id\":\"https:\\\/\\\/mundoanimalito.com\\\/#organization\"},\"potentialAction\":[{\"@type\":\"SearchAction\",\"target\":{\"@type\":\"EntryPoint\",\"urlTemplate\":\"https:\\\/\\\/mundoanimalito.com\\\/?s={search_term_string}\"},\"query-input\":{\"@type\":\"PropertyValueSpecification\",\"valueRequired\":true,\"valueName\":\"search_term_string\"}}],\"inLanguage\":\"es\"},{\"@type\":\"Organization\",\"@id\":\"https:\\\/\\\/mundoanimalito.com\\\/#organization\",\"name\":\"Mundo Animalito\",\"url\":\"https:\\\/\\\/mundoanimalito.com\\\/\",\"logo\":{\"@type\":\"ImageObject\",\"inLanguage\":\"es\",\"@id\":\"https:\\\/\\\/mundoanimalito.com\\\/#\\\/schema\\\/logo\\\/image\\\/\",\"url\":\"https:\\\/\\\/mundoanimalito.com\\\/wp-content\\\/uploads\\\/2023\\\/10\\\/cropped-cropped-LOGO-OFICIAL-ULTIMA-VERSION-1.jpg\",\"contentUrl\":\"https:\\\/\\\/mundoanimalito.com\\\/wp-content\\\/uploads\\\/2023\\\/10\\\/cropped-cropped-LOGO-OFICIAL-ULTIMA-VERSION-1.jpg\",\"width\":374,\"height\":425,\"caption\":\"Mundo Animalito\"},\"image\":{\"@id\":\"https:\\\/\\\/mundoanimalito.com\\\/#\\\/schema\\\/logo\\\/image\\\/\"},\"sameAs\":[\"https:\\\/\\\/www.facebook.com\\\/mundoanimalito77\",\"https:\\\/\\\/www.instagram.com\\\/mundoanimalito77\\\/\",\"https:\\\/\\\/www.tiktok.com\\\/@mundoanimalito77\",\"https:\\\/\\\/www.youtube.com\\\/channel\\\/UCLo2JhNUNtHVraDt5aHadew\"]}]}<\/script>\n<!-- \/ Yoast SEO plugin. -->","yoast_head_json":{"title":"Arquivet- Alfombra refrescante para Perros y Gatos 50x90 | Mundo Animalito","description":"\u00bfTu amigo peludo sufre durante los d\u00edas calurosos? \u00a1Ya no m\u00e1s! Con la alfombra refrescante Arquivet, puedes asegurarte de que tu perro o gato est\u00e9 fresco y c\u00f3modo en todo momento","robots":{"index":"index","follow":"follow","max-snippet":"max-snippet:-1","max-image-preview":"max-image-preview:large","max-video-preview":"max-video-preview:-1"},"canonical":"https:\/\/mundoanimalito.com\/index.php\/arquivet-alfombra-refrescante-para-perros-y-gatos-50x90-alfombra-autorefrigerante\/","og_locale":"es_ES","og_type":"article","og_title":"Arquivet- Alfombra refrescante para Perros y Gatos 50x90 | Mundo Animalito","og_description":"\u00bfTu amigo peludo sufre durante los d\u00edas calurosos? \u00a1Ya no m\u00e1s! Con la alfombra refrescante Arquivet, puedes asegurarte de que tu perro o gato est\u00e9 fresco y c\u00f3modo en todo momento","og_url":"https:\/\/mundoanimalito.com\/index.php\/arquivet-alfombra-refrescante-para-perros-y-gatos-50x90-alfombra-autorefrigerante\/","og_site_name":"Mundo Animalito","article_publisher":"https:\/\/www.facebook.com\/mundoanimalito77","article_modified_time":"2024-09-03T20:58:03+00:00","og_image":[{"url":"https:\/\/mundoanimalito.com\/wp-content\/uploads\/2024\/05\/000-1024x780.jpg","type":"","width":"","height":""}],"twitter_card":"summary_large_image","twitter_misc":{"Tiempo de lectura":"3 minutos"},"schema":{"@context":"https:\/\/schema.org","@graph":[{"@type":"WebPage","@id":"https:\/\/mundoanimalito.com\/index.php\/arquivet-alfombra-refrescante-para-perros-y-gatos-50x90-alfombra-autorefrigerante\/","url":"https:\/\/mundoanimalito.com\/index.php\/arquivet-alfombra-refrescante-para-perros-y-gatos-50x90-alfombra-autorefrigerante\/","name":"Arquivet- Alfombra refrescante para Perros y Gatos 50x90 | Mundo Animalito","isPartOf":{"@id":"https:\/\/mundoanimalito.com\/#website"},"primaryImageOfPage":{"@id":"https:\/\/mundoanimalito.com\/index.php\/arquivet-alfombra-refrescante-para-perros-y-gatos-50x90-alfombra-autorefrigerante\/#primaryimage"},"image":{"@id":"https:\/\/mundoanimalito.com\/index.php\/arquivet-alfombra-refrescante-para-perros-y-gatos-50x90-alfombra-autorefrigerante\/#primaryimage"},"thumbnailUrl":"https:\/\/mundoanimalito.com\/wp-content\/uploads\/2024\/05\/000-1024x780.jpg","datePublished":"2024-05-08T18:36:51+00:00","dateModified":"2024-09-03T20:58:03+00:00","description":"\u00bfTu amigo peludo sufre durante los d\u00edas calurosos? \u00a1Ya no m\u00e1s! Con la alfombra refrescante Arquivet, puedes asegurarte de que tu perro o gato est\u00e9 fresco y c\u00f3modo en todo momento","breadcrumb":{"@id":"https:\/\/mundoanimalito.com\/index.php\/arquivet-alfombra-refrescante-para-perros-y-gatos-50x90-alfombra-autorefrigerante\/#breadcrumb"},"inLanguage":"es","potentialAction":[{"@type":"ReadAction","target":["https:\/\/mundoanimalito.com\/index.php\/arquivet-alfombra-refrescante-para-perros-y-gatos-50x90-alfombra-autorefrigerante\/"]}]},{"@type":"ImageObject","inLanguage":"es","@id":"https:\/\/mundoanimalito.com\/index.php\/arquivet-alfombra-refrescante-para-perros-y-gatos-50x90-alfombra-autorefrigerante\/#primaryimage","url":"https:\/\/mundoanimalito.com\/wp-content\/uploads\/2024\/05\/000.jpg","contentUrl":"https:\/\/mundoanimalito.com\/wp-content\/uploads\/2024\/05\/000.jpg","width":1419,"height":1081,"caption":"Arquivet- Alfombra refrescante para Perros y Gatos 50x90, Alfombra autorefrigerante, Pet Cooling Mat, Alfombra refrescante para Mascotas"},{"@type":"BreadcrumbList","@id":"https:\/\/mundoanimalito.com\/index.php\/arquivet-alfombra-refrescante-para-perros-y-gatos-50x90-alfombra-autorefrigerante\/#breadcrumb","itemListElement":[{"@type":"ListItem","position":1,"name":"Portada","item":"https:\/\/mundoanimalito.com\/"},{"@type":"ListItem","position":2,"name":"Arquivet- Alfombra refrescante para Perros y Gatos 50&#215;90, Alfombra autorefrigerante"}]},{"@type":"WebSite","@id":"https:\/\/mundoanimalito.com\/#website","url":"https:\/\/mundoanimalito.com\/","name":"Mundo Animalito","description":"Datos y curiosidades de los animales, encuentra ac\u00e1 todo para tu mascota","publisher":{"@id":"https:\/\/mundoanimalito.com\/#organization"},"potentialAction":[{"@type":"SearchAction","target":{"@type":"EntryPoint","urlTemplate":"https:\/\/mundoanimalito.com\/?s={search_term_string}"},"query-input":{"@type":"PropertyValueSpecification","valueRequired":true,"valueName":"search_term_string"}}],"inLanguage":"es"},{"@type":"Organization","@id":"https:\/\/mundoanimalito.com\/#organization","name":"Mundo Animalito","url":"https:\/\/mundoanimalito.com\/","logo":{"@type":"ImageObject","inLanguage":"es","@id":"https:\/\/mundoanimalito.com\/#\/schema\/logo\/image\/","url":"https:\/\/mundoanimalito.com\/wp-content\/uploads\/2023\/10\/cropped-cropped-LOGO-OFICIAL-ULTIMA-VERSION-1.jpg","contentUrl":"https:\/\/mundoanimalito.com\/wp-content\/uploads\/2023\/10\/cropped-cropped-LOGO-OFICIAL-ULTIMA-VERSION-1.jpg","width":374,"height":425,"caption":"Mundo Animalito"},"image":{"@id":"https:\/\/mundoanimalito.com\/#\/schema\/logo\/image\/"},"sameAs":["https:\/\/www.facebook.com\/mundoanimalito77","https:\/\/www.instagram.com\/mundoanimalito77\/","https:\/\/www.tiktok.com\/@mundoanimalito77","https:\/\/www.youtube.com\/channel\/UCLo2JhNUNtHVraDt5aHadew"]}]}},"_links":{"self":[{"href":"https:\/\/mundoanimalito.com\/index.php\/wp-json\/wp\/v2\/pages\/31640","targetHints":{"allow":["GET"]}}],"collection":[{"href":"https:\/\/mundoanimalito.com\/index.php\/wp-json\/wp\/v2\/pages"}],"about":[{"href":"https:\/\/mundoanimalito.com\/index.php\/wp-json\/wp\/v2\/types\/page"}],"author":[{"embeddable":true,"href":"https:\/\/mundoanimalito.com\/index.php\/wp-json\/wp\/v2\/users\/1"}],"replies":[{"embeddable":true,"href":"https:\/\/mundoanimalito.com\/index.php\/wp-json\/wp\/v2\/comments?post=31640"}],"version-history":[{"count":0,"href":"https:\/\/mundoanimalito.com\/index.php\/wp-json\/wp\/v2\/pages\/31640\/revisions"}],"wp:attachment":[{"href":"https:\/\/mundoanimalito.com\/index.php\/wp-json\/wp\/v2\/media?parent=31640"}],"curies":[{"name":"wp","href":"https:\/\/api.w.org\/{rel}","templated":true}]}}