{"id":30612,"date":"2024-04-29T10:52:29","date_gmt":"2024-04-29T15:52:29","guid":{"rendered":"https:\/\/mundoanimalito.com\/?page_id=30612"},"modified":"2024-09-09T15:11:20","modified_gmt":"2024-09-09T20:11:20","slug":"lionto-cama-elevada-para-perros-tejido-en-textilene-xl-117x85-cm-negro","status":"publish","type":"page","link":"https:\/\/mundoanimalito.com\/index.php\/lionto-cama-elevada-para-perros-tejido-en-textilene-xl-117x85-cm-negro\/","title":{"rendered":"lionto Cama elevada para Perros Tejido en Textilene, (XL) 117&#215;85 cm Negro"},"content":{"rendered":"\t\t<div data-elementor-type=\"wp-page\" data-elementor-id=\"30612\" class=\"elementor elementor-30612\" data-elementor-post-type=\"page\">\n\t\t\t\t<div class=\"elementor-element elementor-element-6f52056 e-flex e-con-boxed e-con e-parent\" data-id=\"6f52056\" data-element_type=\"container\" data-e-type=\"container\">\n\t\t\t\t\t<div class=\"e-con-inner\">\n\t\t\t\t<div class=\"elementor-element elementor-element-3d38167 elementor-invisible elementor-widget elementor-widget-heading\" data-id=\"3d38167\" data-element_type=\"widget\" data-e-type=\"widget\" data-settings=\"{&quot;_animation&quot;:&quot;fadeInDown&quot;}\" data-widget_type=\"heading.default\">\n\t\t\t\t<div class=\"elementor-widget-container\">\n\t\t\t\t\t<h2 class=\"elementor-heading-title elementor-size-default\"> \u00bfBuscas una soluci\u00f3n c\u00f3moda y duradera para el descanso de tu mascota? La Cama Elevada lionto es la elecci\u00f3n perfecta. Dise\u00f1ada con la comodidad y el bienestar de tu amigo peludo en mente<\/h2>\t\t\t\t<\/div>\n\t\t\t\t<\/div>\n\t\t\t\t\t<\/div>\n\t\t\t\t<\/div>\n\t\t<div class=\"elementor-element elementor-element-14486df e-flex e-con-boxed e-con e-parent\" data-id=\"14486df\" data-element_type=\"container\" data-e-type=\"container\">\n\t\t\t\t\t<div class=\"e-con-inner\">\n\t\t<div class=\"elementor-element elementor-element-2023906 e-con-full e-flex e-con e-child\" data-id=\"2023906\" data-element_type=\"container\" data-e-type=\"container\">\n\t\t\t\t<div class=\"elementor-element elementor-element-695b413 elementor-widget elementor-widget-image\" data-id=\"695b413\" data-element_type=\"widget\" data-e-type=\"widget\" data-widget_type=\"image.default\">\n\t\t\t\t<div class=\"elementor-widget-container\">\n\t\t\t\t\t\t\t\t\t\t\t\t\t\t\t\t<a href=\"https:\/\/amzn.to\/3UNRF5n\" target=\"_blank\">\n\t\t\t\t\t\t\t<img fetchpriority=\"high\" decoding=\"async\" width=\"1024\" height=\"397\" src=\"https:\/\/mundoanimalito.com\/wp-content\/uploads\/2024\/04\/51rFaZiDpL._AC_SL1500_-1024x397.jpg\" class=\"attachment-large size-large wp-image-30593\" alt=\"lionto Cama elevada para Perros Tejido en Textilene, (XL) 117x85 cm Negro\" srcset=\"https:\/\/mundoanimalito.com\/wp-content\/uploads\/2024\/04\/51rFaZiDpL._AC_SL1500_-1024x397.jpg 1024w, https:\/\/mundoanimalito.com\/wp-content\/uploads\/2024\/04\/51rFaZiDpL._AC_SL1500_-300x116.jpg 300w, https:\/\/mundoanimalito.com\/wp-content\/uploads\/2024\/04\/51rFaZiDpL._AC_SL1500_-768x297.jpg 768w, https:\/\/mundoanimalito.com\/wp-content\/uploads\/2024\/04\/51rFaZiDpL._AC_SL1500_.jpg 1154w\" sizes=\"(max-width: 1024px) 100vw, 1024px\" \/>\t\t\t\t\t\t\t\t<\/a>\n\t\t\t\t\t\t\t\t\t\t\t\t\t\t\t<\/div>\n\t\t\t\t<\/div>\n\t\t\t\t<\/div>\n\t\t<div class=\"elementor-element elementor-element-28fe523 e-con-full e-flex e-con e-child\" data-id=\"28fe523\" data-element_type=\"container\" data-e-type=\"container\">\n\t\t\t\t<div class=\"elementor-element elementor-element-bd023d7 elementor-widget elementor-widget-text-editor\" data-id=\"bd023d7\" data-element_type=\"widget\" data-e-type=\"widget\" data-widget_type=\"text-editor.default\">\n\t\t\t\t<div class=\"elementor-widget-container\">\n\t\t\t\t\t\t\t\t\t<p>\ud83d\udc3e <strong>Comodidad para tu Mascota:<\/strong> Con un dise\u00f1o espacioso y c\u00f3modo, esta tumbona es perfecta para perros, gatos y otras mascotas. Tu amigo peludo disfrutar\u00e1 de un descanso placentero y sin preocupaciones.<\/p><p>\u00a0<\/p><p>\ud83d\udccf <strong>Variedad de Tama\u00f1os:<\/strong> Disponible en una variedad de tama\u00f1os para adaptarse a diferentes razas y tama\u00f1os de mascotas. Desde los m\u00e1s peque\u00f1os hasta los m\u00e1s grandes, hay una opci\u00f3n para todos.<\/p><p>\u00a0<\/p><p>\ud83d\udcaa <strong>Robusto y Resistente:<\/strong> Construida con un robusto marco tubular y tejido Textilene resistente, esta cama elevada puede soportar hasta 60 kg de peso. \u00a1Tu mascota estar\u00e1 segura y apoyada en todo momento!<\/p>\t\t\t\t\t\t\t\t<\/div>\n\t\t\t\t<\/div>\n\t\t\t\t<\/div>\n\t\t\t\t\t<\/div>\n\t\t\t\t<\/div>\n\t\t<div class=\"elementor-element elementor-element-4df6622 e-flex e-con-boxed e-con e-parent\" data-id=\"4df6622\" data-element_type=\"container\" data-e-type=\"container\">\n\t\t\t\t\t<div class=\"e-con-inner\">\n\t\t\t\t<div class=\"elementor-element elementor-element-c8c651b elementor-widget elementor-widget-text-editor\" data-id=\"c8c651b\" data-element_type=\"widget\" data-e-type=\"widget\" data-widget_type=\"text-editor.default\">\n\t\t\t\t<div class=\"elementor-widget-container\">\n\t\t\t\t\t\t\t\t\t<p>\ud83e\uddfc <strong>F\u00e1cil de Limpiar:<\/strong> Mantener esta cama limpia es pan comido. Simplemente enju\u00e1gala con un pa\u00f1o h\u00famedo y d\u00e9jala secar al aire. \u00a1As\u00ed de f\u00e1cil!<\/p><p>\u00a0<\/p><p>\ud83d\udd27 <strong>Montaje Sencillo:<\/strong> Con instrucciones claras y todas las herramientas incluidas, el montaje de esta tumbona es r\u00e1pido y sencillo. \u00a1Listo para que tu mascota disfrute en cuesti\u00f3n de minutos!<\/p><p>\u00a0<\/p><p><strong>\u00a1Reg\u00e1lale a tu Mascota el Descanso que se Merece con la Cama Elevada lionto!<\/strong> Con su dise\u00f1o robusto, f\u00e1cil limpieza y comodidad insuperable, esta tumbona elevar\u00e1 el descanso de tu mascota a otro nivel. \u00a1Haz clic ahora y dale a tu amigo peludo el lugar perfecto para relajarse y recargar energ\u00edas!<\/p>\t\t\t\t\t\t\t\t<\/div>\n\t\t\t\t<\/div>\n\t\t\t\t<div class=\"elementor-element elementor-element-5635eb6 elementor-align-right elementor-widget elementor-widget-button\" data-id=\"5635eb6\" data-element_type=\"widget\" data-e-type=\"widget\" data-widget_type=\"button.default\">\n\t\t\t\t<div class=\"elementor-widget-container\">\n\t\t\t\t\t\t\t\t\t<div class=\"elementor-button-wrapper\">\n\t\t\t\t\t<a class=\"elementor-button elementor-button-link elementor-size-sm\" href=\"https:\/\/amzn.to\/3UNRF5n\" target=\"_blank\">\n\t\t\t\t\t\t<span class=\"elementor-button-content-wrapper\">\n\t\t\t\t\t\t\t\t\t<span class=\"elementor-button-text\">Compra ahora en Amazon<\/span>\n\t\t\t\t\t<\/span>\n\t\t\t\t\t<\/a>\n\t\t\t\t<\/div>\n\t\t\t\t\t\t\t\t<\/div>\n\t\t\t\t<\/div>\n\t\t\t\t\t<\/div>\n\t\t\t\t<\/div>\n\t\t<div class=\"elementor-element elementor-element-0043393 e-flex e-con-boxed e-con e-parent\" data-id=\"0043393\" data-element_type=\"container\" data-e-type=\"container\">\n\t\t\t\t\t<div class=\"e-con-inner\">\n\t\t\t\t<div class=\"elementor-element elementor-element-9e59c82 elementor-arrows-position-inside elementor-pagination-position-outside elementor-widget elementor-widget-image-carousel\" data-id=\"9e59c82\" data-element_type=\"widget\" data-e-type=\"widget\" data-settings=\"{&quot;slides_to_show&quot;:&quot;1&quot;,&quot;navigation&quot;:&quot;both&quot;,&quot;autoplay&quot;:&quot;yes&quot;,&quot;pause_on_hover&quot;:&quot;yes&quot;,&quot;pause_on_interaction&quot;:&quot;yes&quot;,&quot;autoplay_speed&quot;:5000,&quot;infinite&quot;:&quot;yes&quot;,&quot;effect&quot;:&quot;slide&quot;,&quot;speed&quot;:500}\" data-widget_type=\"image-carousel.default\">\n\t\t\t\t<div class=\"elementor-widget-container\">\n\t\t\t\t\t\t\t<div class=\"elementor-image-carousel-wrapper swiper\" role=\"region\" aria-roledescription=\"carousel\" aria-label=\"Carrusel de im\u00e1genes\" dir=\"ltr\">\n\t\t\t<div class=\"elementor-image-carousel swiper-wrapper\" aria-live=\"off\">\n\t\t\t\t\t\t\t\t<div class=\"swiper-slide\" role=\"group\" aria-roledescription=\"slide\" aria-label=\"1 de 4\"><figure class=\"swiper-slide-inner\"><img decoding=\"async\" class=\"swiper-slide-image\" src=\"https:\/\/mundoanimalito.com\/wp-content\/uploads\/2024\/04\/91mFL-vin2L._AC_SL1500_-768x768.jpg\" alt=\"lionto Cama elevada para Perros Tejido en Textilene, (XL) 117x85 cm Negro\" \/><\/figure><\/div><div class=\"swiper-slide\" role=\"group\" aria-roledescription=\"slide\" aria-label=\"2 de 4\"><figure class=\"swiper-slide-inner\"><img decoding=\"async\" class=\"swiper-slide-image\" src=\"https:\/\/mundoanimalito.com\/wp-content\/uploads\/2024\/04\/6103dZkqMRL._AC_SL1500_-768x280.jpg\" alt=\"lionto Cama elevada para Perros Tejido en Textilene, (XL) 117x85 cm Negro\" \/><\/figure><\/div><div class=\"swiper-slide\" role=\"group\" aria-roledescription=\"slide\" aria-label=\"3 de 4\"><figure class=\"swiper-slide-inner\"><img decoding=\"async\" class=\"swiper-slide-image\" src=\"https:\/\/mundoanimalito.com\/wp-content\/uploads\/2024\/04\/815eQIbAo3L._AC_SL1500_-768x945.jpg\" alt=\"lionto Cama elevada para Perros Tejido en Textilene, (XL) 117x85 cm Negro\" \/><\/figure><\/div><div class=\"swiper-slide\" role=\"group\" aria-roledescription=\"slide\" aria-label=\"4 de 4\"><figure class=\"swiper-slide-inner\"><img decoding=\"async\" class=\"swiper-slide-image\" src=\"https:\/\/mundoanimalito.com\/wp-content\/uploads\/2024\/04\/613jN8AiicL._AC_SL1500_-768x1055.jpg\" alt=\"lionto Cama elevada para Perros Tejido en Textilene, (XL) 117x85 cm Negro\" \/><\/figure><\/div>\t\t\t<\/div>\n\t\t\t\t\t\t\t\t\t\t\t\t<div class=\"elementor-swiper-button elementor-swiper-button-prev\" role=\"button\" tabindex=\"0\">\n\t\t\t\t\t\t<i aria-hidden=\"true\" class=\"eicon-chevron-left\"><\/i>\t\t\t\t\t<\/div>\n\t\t\t\t\t<div class=\"elementor-swiper-button elementor-swiper-button-next\" role=\"button\" tabindex=\"0\">\n\t\t\t\t\t\t<i aria-hidden=\"true\" class=\"eicon-chevron-right\"><\/i>\t\t\t\t\t<\/div>\n\t\t\t\t\n\t\t\t\t\t\t\t\t\t<div class=\"swiper-pagination\"><\/div>\n\t\t\t\t\t\t\t\t\t<\/div>\n\t\t\t\t\t\t<\/div>\n\t\t\t\t<\/div>\n\t\t\t\t\t<\/div>\n\t\t\t\t<\/div>\n\t\t<div class=\"elementor-element elementor-element-53648d0 e-flex e-con-boxed e-con e-parent\" data-id=\"53648d0\" data-element_type=\"container\" data-e-type=\"container\">\n\t\t\t\t\t<div class=\"e-con-inner\">\n\t\t\t\t<div class=\"elementor-element elementor-element-7550d20 elementor-align-right elementor-widget elementor-widget-button\" data-id=\"7550d20\" data-element_type=\"widget\" data-e-type=\"widget\" data-widget_type=\"button.default\">\n\t\t\t\t<div class=\"elementor-widget-container\">\n\t\t\t\t\t\t\t\t\t<div class=\"elementor-button-wrapper\">\n\t\t\t\t\t<a class=\"elementor-button elementor-button-link elementor-size-sm\" href=\"https:\/\/amzn.to\/3UNRF5n\" target=\"_blank\">\n\t\t\t\t\t\t<span class=\"elementor-button-content-wrapper\">\n\t\t\t\t\t\t\t\t\t<span class=\"elementor-button-text\">Compra ahora en Amazon<\/span>\n\t\t\t\t\t<\/span>\n\t\t\t\t\t<\/a>\n\t\t\t\t<\/div>\n\t\t\t\t\t\t\t\t<\/div>\n\t\t\t\t<\/div>\n\t\t\t\t\t<\/div>\n\t\t\t\t<\/div>\n\t\t\t\t<\/div>\n\t\t","protected":false},"excerpt":{"rendered":"<p>\u00bfBuscas una soluci\u00f3n c\u00f3moda y duradera para el descanso de tu mascota? La Cama Elevada lionto es la elecci\u00f3n perfecta. Dise\u00f1ada con la comodidad y el bienestar de tu amigo peludo en mente \ud83d\udc3e Comodidad para tu Mascota: Con un dise\u00f1o espacioso y c\u00f3modo, esta tumbona es perfecta para perros, gatos y otras mascotas. Tu [&hellip;]<\/p>\n","protected":false},"author":1,"featured_media":0,"parent":0,"menu_order":0,"comment_status":"closed","ping_status":"closed","template":"","meta":{"site-sidebar-layout":"no-sidebar","site-content-layout":"page-builder","ast-site-content-layout":"full-width-container","site-content-style":"default","site-sidebar-style":"default","ast-global-header-display":"","ast-banner-title-visibility":"","ast-main-header-display":"","ast-hfb-above-header-display":"","ast-hfb-below-header-display":"","ast-hfb-mobile-header-display":"","site-post-title":"disabled","ast-breadcrumbs-content":"","ast-featured-img":"disabled","footer-sml-layout":"","ast-disable-related-posts":"","theme-transparent-header-meta":"","adv-header-id-meta":"","stick-header-meta":"","header-above-stick-meta":"","header-main-stick-meta":"","header-below-stick-meta":"","astra-migrate-meta-layouts":"set","ast-page-background-enabled":"default","ast-page-background-meta":{"desktop":{"background-color":"var(--ast-global-color-4)","background-image":"","background-repeat":"repeat","background-position":"center center","background-size":"auto","background-attachment":"scroll","background-type":"","background-media":"","overlay-type":"","overlay-color":"","overlay-opacity":"","overlay-gradient":""},"tablet":{"background-color":"","background-image":"","background-repeat":"repeat","background-position":"center center","background-size":"auto","background-attachment":"scroll","background-type":"","background-media":"","overlay-type":"","overlay-color":"","overlay-opacity":"","overlay-gradient":""},"mobile":{"background-color":"","background-image":"","background-repeat":"repeat","background-position":"center center","background-size":"auto","background-attachment":"scroll","background-type":"","background-media":"","overlay-type":"","overlay-color":"","overlay-opacity":"","overlay-gradient":""}},"ast-content-background-meta":{"desktop":{"background-color":"var(--ast-global-color-5)","background-image":"","background-repeat":"repeat","background-position":"center center","background-size":"auto","background-attachment":"scroll","background-type":"","background-media":"","overlay-type":"","overlay-color":"","overlay-opacity":"","overlay-gradient":""},"tablet":{"background-color":"var(--ast-global-color-5)","background-image":"","background-repeat":"repeat","background-position":"center center","background-size":"auto","background-attachment":"scroll","background-type":"","background-media":"","overlay-type":"","overlay-color":"","overlay-opacity":"","overlay-gradient":""},"mobile":{"background-color":"var(--ast-global-color-5)","background-image":"","background-repeat":"repeat","background-position":"center center","background-size":"auto","background-attachment":"scroll","background-type":"","background-media":"","overlay-type":"","overlay-color":"","overlay-opacity":"","overlay-gradient":""}},"footnotes":""},"class_list":["post-30612","page","type-page","status-publish","hentry"],"yoast_head":"<!-- This site is optimized with the Yoast SEO plugin v27.5 - https:\/\/yoast.com\/product\/yoast-seo-wordpress\/ -->\n<title>lionto Cama elevada para Perros Tejido en Textilene | Mundo Animalito<\/title>\n<meta name=\"description\" content=\"\u00bfBuscas una soluci\u00f3n c\u00f3moda y duradera para el descanso de tu mascota? La Cama Elevada lionto es la elecci\u00f3n perfecta. Dise\u00f1ada con la comodidad y el bienestar de tu amigo peludo en mente\" \/>\n<meta name=\"robots\" content=\"index, follow, max-snippet:-1, max-image-preview:large, max-video-preview:-1\" \/>\n<link rel=\"canonical\" href=\"https:\/\/mundoanimalito.com\/index.php\/lionto-cama-elevada-para-perros-tejido-en-textilene-xl-117x85-cm-negro\/\" \/>\n<meta property=\"og:locale\" content=\"es_ES\" \/>\n<meta property=\"og:type\" content=\"article\" \/>\n<meta property=\"og:title\" content=\"lionto Cama elevada para Perros Tejido en Textilene | Mundo Animalito\" \/>\n<meta property=\"og:description\" content=\"\u00bfBuscas una soluci\u00f3n c\u00f3moda y duradera para el descanso de tu mascota? La Cama Elevada lionto es la elecci\u00f3n perfecta. Dise\u00f1ada con la comodidad y el bienestar de tu amigo peludo en mente\" \/>\n<meta property=\"og:url\" content=\"https:\/\/mundoanimalito.com\/index.php\/lionto-cama-elevada-para-perros-tejido-en-textilene-xl-117x85-cm-negro\/\" \/>\n<meta property=\"og:site_name\" content=\"Mundo Animalito\" \/>\n<meta property=\"article:publisher\" content=\"https:\/\/www.facebook.com\/mundoanimalito77\" \/>\n<meta property=\"article:modified_time\" content=\"2024-09-09T20:11:20+00:00\" \/>\n<meta property=\"og:image\" content=\"https:\/\/mundoanimalito.com\/wp-content\/uploads\/2024\/04\/51rFaZiDpL._AC_SL1500_-1024x397.jpg\" \/>\n<meta name=\"twitter:card\" content=\"summary_large_image\" \/>\n<meta name=\"twitter:label1\" content=\"Tiempo de lectura\" \/>\n\t<meta name=\"twitter:data1\" content=\"3 minutos\" \/>\n<script type=\"application\/ld+json\" class=\"yoast-schema-graph\">{\"@context\":\"https:\\\/\\\/schema.org\",\"@graph\":[{\"@type\":\"WebPage\",\"@id\":\"https:\\\/\\\/mundoanimalito.com\\\/index.php\\\/lionto-cama-elevada-para-perros-tejido-en-textilene-xl-117x85-cm-negro\\\/\",\"url\":\"https:\\\/\\\/mundoanimalito.com\\\/index.php\\\/lionto-cama-elevada-para-perros-tejido-en-textilene-xl-117x85-cm-negro\\\/\",\"name\":\"lionto Cama elevada para Perros Tejido en Textilene | Mundo Animalito\",\"isPartOf\":{\"@id\":\"https:\\\/\\\/mundoanimalito.com\\\/#website\"},\"primaryImageOfPage\":{\"@id\":\"https:\\\/\\\/mundoanimalito.com\\\/index.php\\\/lionto-cama-elevada-para-perros-tejido-en-textilene-xl-117x85-cm-negro\\\/#primaryimage\"},\"image\":{\"@id\":\"https:\\\/\\\/mundoanimalito.com\\\/index.php\\\/lionto-cama-elevada-para-perros-tejido-en-textilene-xl-117x85-cm-negro\\\/#primaryimage\"},\"thumbnailUrl\":\"https:\\\/\\\/mundoanimalito.com\\\/wp-content\\\/uploads\\\/2024\\\/04\\\/51rFaZiDpL._AC_SL1500_-1024x397.jpg\",\"datePublished\":\"2024-04-29T15:52:29+00:00\",\"dateModified\":\"2024-09-09T20:11:20+00:00\",\"description\":\"\u00bfBuscas una soluci\u00f3n c\u00f3moda y duradera para el descanso de tu mascota? La Cama Elevada lionto es la elecci\u00f3n perfecta. Dise\u00f1ada con la comodidad y el bienestar de tu amigo peludo en mente\",\"breadcrumb\":{\"@id\":\"https:\\\/\\\/mundoanimalito.com\\\/index.php\\\/lionto-cama-elevada-para-perros-tejido-en-textilene-xl-117x85-cm-negro\\\/#breadcrumb\"},\"inLanguage\":\"es\",\"potentialAction\":[{\"@type\":\"ReadAction\",\"target\":[\"https:\\\/\\\/mundoanimalito.com\\\/index.php\\\/lionto-cama-elevada-para-perros-tejido-en-textilene-xl-117x85-cm-negro\\\/\"]}]},{\"@type\":\"ImageObject\",\"inLanguage\":\"es\",\"@id\":\"https:\\\/\\\/mundoanimalito.com\\\/index.php\\\/lionto-cama-elevada-para-perros-tejido-en-textilene-xl-117x85-cm-negro\\\/#primaryimage\",\"url\":\"https:\\\/\\\/mundoanimalito.com\\\/wp-content\\\/uploads\\\/2024\\\/04\\\/51rFaZiDpL._AC_SL1500_.jpg\",\"contentUrl\":\"https:\\\/\\\/mundoanimalito.com\\\/wp-content\\\/uploads\\\/2024\\\/04\\\/51rFaZiDpL._AC_SL1500_.jpg\",\"width\":1154,\"height\":447,\"caption\":\"lionto Cama elevada para Perros Tejido en Textilene, (XL) 117x85 cm Negro\"},{\"@type\":\"BreadcrumbList\",\"@id\":\"https:\\\/\\\/mundoanimalito.com\\\/index.php\\\/lionto-cama-elevada-para-perros-tejido-en-textilene-xl-117x85-cm-negro\\\/#breadcrumb\",\"itemListElement\":[{\"@type\":\"ListItem\",\"position\":1,\"name\":\"Portada\",\"item\":\"https:\\\/\\\/mundoanimalito.com\\\/\"},{\"@type\":\"ListItem\",\"position\":2,\"name\":\"lionto Cama elevada para Perros Tejido en Textilene, (XL) 117&#215;85 cm Negro\"}]},{\"@type\":\"WebSite\",\"@id\":\"https:\\\/\\\/mundoanimalito.com\\\/#website\",\"url\":\"https:\\\/\\\/mundoanimalito.com\\\/\",\"name\":\"Mundo Animalito\",\"description\":\"Datos y curiosidades de los animales, encuentra ac\u00e1 todo para tu mascota\",\"publisher\":{\"@id\":\"https:\\\/\\\/mundoanimalito.com\\\/#organization\"},\"potentialAction\":[{\"@type\":\"SearchAction\",\"target\":{\"@type\":\"EntryPoint\",\"urlTemplate\":\"https:\\\/\\\/mundoanimalito.com\\\/?s={search_term_string}\"},\"query-input\":{\"@type\":\"PropertyValueSpecification\",\"valueRequired\":true,\"valueName\":\"search_term_string\"}}],\"inLanguage\":\"es\"},{\"@type\":\"Organization\",\"@id\":\"https:\\\/\\\/mundoanimalito.com\\\/#organization\",\"name\":\"Mundo Animalito\",\"url\":\"https:\\\/\\\/mundoanimalito.com\\\/\",\"logo\":{\"@type\":\"ImageObject\",\"inLanguage\":\"es\",\"@id\":\"https:\\\/\\\/mundoanimalito.com\\\/#\\\/schema\\\/logo\\\/image\\\/\",\"url\":\"https:\\\/\\\/mundoanimalito.com\\\/wp-content\\\/uploads\\\/2023\\\/10\\\/cropped-cropped-LOGO-OFICIAL-ULTIMA-VERSION-1.jpg\",\"contentUrl\":\"https:\\\/\\\/mundoanimalito.com\\\/wp-content\\\/uploads\\\/2023\\\/10\\\/cropped-cropped-LOGO-OFICIAL-ULTIMA-VERSION-1.jpg\",\"width\":374,\"height\":425,\"caption\":\"Mundo Animalito\"},\"image\":{\"@id\":\"https:\\\/\\\/mundoanimalito.com\\\/#\\\/schema\\\/logo\\\/image\\\/\"},\"sameAs\":[\"https:\\\/\\\/www.facebook.com\\\/mundoanimalito77\",\"https:\\\/\\\/www.instagram.com\\\/mundoanimalito77\\\/\",\"https:\\\/\\\/www.tiktok.com\\\/@mundoanimalito77\",\"https:\\\/\\\/www.youtube.com\\\/channel\\\/UCLo2JhNUNtHVraDt5aHadew\"]}]}<\/script>\n<!-- \/ Yoast SEO plugin. -->","yoast_head_json":{"title":"lionto Cama elevada para Perros Tejido en Textilene | Mundo Animalito","description":"\u00bfBuscas una soluci\u00f3n c\u00f3moda y duradera para el descanso de tu mascota? La Cama Elevada lionto es la elecci\u00f3n perfecta. Dise\u00f1ada con la comodidad y el bienestar de tu amigo peludo en mente","robots":{"index":"index","follow":"follow","max-snippet":"max-snippet:-1","max-image-preview":"max-image-preview:large","max-video-preview":"max-video-preview:-1"},"canonical":"https:\/\/mundoanimalito.com\/index.php\/lionto-cama-elevada-para-perros-tejido-en-textilene-xl-117x85-cm-negro\/","og_locale":"es_ES","og_type":"article","og_title":"lionto Cama elevada para Perros Tejido en Textilene | Mundo Animalito","og_description":"\u00bfBuscas una soluci\u00f3n c\u00f3moda y duradera para el descanso de tu mascota? La Cama Elevada lionto es la elecci\u00f3n perfecta. Dise\u00f1ada con la comodidad y el bienestar de tu amigo peludo en mente","og_url":"https:\/\/mundoanimalito.com\/index.php\/lionto-cama-elevada-para-perros-tejido-en-textilene-xl-117x85-cm-negro\/","og_site_name":"Mundo Animalito","article_publisher":"https:\/\/www.facebook.com\/mundoanimalito77","article_modified_time":"2024-09-09T20:11:20+00:00","og_image":[{"url":"https:\/\/mundoanimalito.com\/wp-content\/uploads\/2024\/04\/51rFaZiDpL._AC_SL1500_-1024x397.jpg","type":"","width":"","height":""}],"twitter_card":"summary_large_image","twitter_misc":{"Tiempo de lectura":"3 minutos"},"schema":{"@context":"https:\/\/schema.org","@graph":[{"@type":"WebPage","@id":"https:\/\/mundoanimalito.com\/index.php\/lionto-cama-elevada-para-perros-tejido-en-textilene-xl-117x85-cm-negro\/","url":"https:\/\/mundoanimalito.com\/index.php\/lionto-cama-elevada-para-perros-tejido-en-textilene-xl-117x85-cm-negro\/","name":"lionto Cama elevada para Perros Tejido en Textilene | Mundo Animalito","isPartOf":{"@id":"https:\/\/mundoanimalito.com\/#website"},"primaryImageOfPage":{"@id":"https:\/\/mundoanimalito.com\/index.php\/lionto-cama-elevada-para-perros-tejido-en-textilene-xl-117x85-cm-negro\/#primaryimage"},"image":{"@id":"https:\/\/mundoanimalito.com\/index.php\/lionto-cama-elevada-para-perros-tejido-en-textilene-xl-117x85-cm-negro\/#primaryimage"},"thumbnailUrl":"https:\/\/mundoanimalito.com\/wp-content\/uploads\/2024\/04\/51rFaZiDpL._AC_SL1500_-1024x397.jpg","datePublished":"2024-04-29T15:52:29+00:00","dateModified":"2024-09-09T20:11:20+00:00","description":"\u00bfBuscas una soluci\u00f3n c\u00f3moda y duradera para el descanso de tu mascota? La Cama Elevada lionto es la elecci\u00f3n perfecta. Dise\u00f1ada con la comodidad y el bienestar de tu amigo peludo en mente","breadcrumb":{"@id":"https:\/\/mundoanimalito.com\/index.php\/lionto-cama-elevada-para-perros-tejido-en-textilene-xl-117x85-cm-negro\/#breadcrumb"},"inLanguage":"es","potentialAction":[{"@type":"ReadAction","target":["https:\/\/mundoanimalito.com\/index.php\/lionto-cama-elevada-para-perros-tejido-en-textilene-xl-117x85-cm-negro\/"]}]},{"@type":"ImageObject","inLanguage":"es","@id":"https:\/\/mundoanimalito.com\/index.php\/lionto-cama-elevada-para-perros-tejido-en-textilene-xl-117x85-cm-negro\/#primaryimage","url":"https:\/\/mundoanimalito.com\/wp-content\/uploads\/2024\/04\/51rFaZiDpL._AC_SL1500_.jpg","contentUrl":"https:\/\/mundoanimalito.com\/wp-content\/uploads\/2024\/04\/51rFaZiDpL._AC_SL1500_.jpg","width":1154,"height":447,"caption":"lionto Cama elevada para Perros Tejido en Textilene, (XL) 117x85 cm Negro"},{"@type":"BreadcrumbList","@id":"https:\/\/mundoanimalito.com\/index.php\/lionto-cama-elevada-para-perros-tejido-en-textilene-xl-117x85-cm-negro\/#breadcrumb","itemListElement":[{"@type":"ListItem","position":1,"name":"Portada","item":"https:\/\/mundoanimalito.com\/"},{"@type":"ListItem","position":2,"name":"lionto Cama elevada para Perros Tejido en Textilene, (XL) 117&#215;85 cm Negro"}]},{"@type":"WebSite","@id":"https:\/\/mundoanimalito.com\/#website","url":"https:\/\/mundoanimalito.com\/","name":"Mundo Animalito","description":"Datos y curiosidades de los animales, encuentra ac\u00e1 todo para tu mascota","publisher":{"@id":"https:\/\/mundoanimalito.com\/#organization"},"potentialAction":[{"@type":"SearchAction","target":{"@type":"EntryPoint","urlTemplate":"https:\/\/mundoanimalito.com\/?s={search_term_string}"},"query-input":{"@type":"PropertyValueSpecification","valueRequired":true,"valueName":"search_term_string"}}],"inLanguage":"es"},{"@type":"Organization","@id":"https:\/\/mundoanimalito.com\/#organization","name":"Mundo Animalito","url":"https:\/\/mundoanimalito.com\/","logo":{"@type":"ImageObject","inLanguage":"es","@id":"https:\/\/mundoanimalito.com\/#\/schema\/logo\/image\/","url":"https:\/\/mundoanimalito.com\/wp-content\/uploads\/2023\/10\/cropped-cropped-LOGO-OFICIAL-ULTIMA-VERSION-1.jpg","contentUrl":"https:\/\/mundoanimalito.com\/wp-content\/uploads\/2023\/10\/cropped-cropped-LOGO-OFICIAL-ULTIMA-VERSION-1.jpg","width":374,"height":425,"caption":"Mundo Animalito"},"image":{"@id":"https:\/\/mundoanimalito.com\/#\/schema\/logo\/image\/"},"sameAs":["https:\/\/www.facebook.com\/mundoanimalito77","https:\/\/www.instagram.com\/mundoanimalito77\/","https:\/\/www.tiktok.com\/@mundoanimalito77","https:\/\/www.youtube.com\/channel\/UCLo2JhNUNtHVraDt5aHadew"]}]}},"_links":{"self":[{"href":"https:\/\/mundoanimalito.com\/index.php\/wp-json\/wp\/v2\/pages\/30612","targetHints":{"allow":["GET"]}}],"collection":[{"href":"https:\/\/mundoanimalito.com\/index.php\/wp-json\/wp\/v2\/pages"}],"about":[{"href":"https:\/\/mundoanimalito.com\/index.php\/wp-json\/wp\/v2\/types\/page"}],"author":[{"embeddable":true,"href":"https:\/\/mundoanimalito.com\/index.php\/wp-json\/wp\/v2\/users\/1"}],"replies":[{"embeddable":true,"href":"https:\/\/mundoanimalito.com\/index.php\/wp-json\/wp\/v2\/comments?post=30612"}],"version-history":[{"count":0,"href":"https:\/\/mundoanimalito.com\/index.php\/wp-json\/wp\/v2\/pages\/30612\/revisions"}],"wp:attachment":[{"href":"https:\/\/mundoanimalito.com\/index.php\/wp-json\/wp\/v2\/media?parent=30612"}],"curies":[{"name":"wp","href":"https:\/\/api.w.org\/{rel}","templated":true}]}}