{"id":30374,"date":"2024-04-29T09:25:20","date_gmt":"2024-04-29T14:25:20","guid":{"rendered":"https:\/\/mundoanimalito.com\/?page_id=30374"},"modified":"2024-09-03T17:41:09","modified_gmt":"2024-09-03T22:41:09","slug":"bedsure-sofa-perro-ortopedica-grande-cama-perro-desenfundable-y-lavable","status":"publish","type":"page","link":"https:\/\/mundoanimalito.com\/index.php\/bedsure-sofa-perro-ortopedica-grande-cama-perro-desenfundable-y-lavable\/","title":{"rendered":"Bedsure Sof\u00e1 Perro Ortop\u00e9dica Grande &#8211; Cama Perro Desenfundable y Lavable"},"content":{"rendered":"\t\t<div data-elementor-type=\"wp-page\" data-elementor-id=\"30374\" class=\"elementor elementor-30374\" data-elementor-post-type=\"page\">\n\t\t\t\t<div class=\"elementor-element elementor-element-47ec4fb e-flex e-con-boxed e-con e-parent\" data-id=\"47ec4fb\" data-element_type=\"container\" data-e-type=\"container\">\n\t\t\t\t\t<div class=\"e-con-inner\">\n\t\t\t\t<div class=\"elementor-element elementor-element-bd518f8 elementor-invisible elementor-widget elementor-widget-heading\" data-id=\"bd518f8\" data-element_type=\"widget\" data-e-type=\"widget\" data-settings=\"{&quot;_animation&quot;:&quot;fadeInDown&quot;}\" data-widget_type=\"heading.default\">\n\t\t\t\t<div class=\"elementor-widget-container\">\n\t\t\t\t\t<h2 class=\"elementor-heading-title elementor-size-default\"> \u00bfBuscas brindarle a tu peludo amigo un lugar de descanso digno de realeza? \u00a1El sof\u00e1 perro ortop\u00e9dico de Bedsure es la respuesta! Con su dise\u00f1o innovador y materiales de alta calidad, esta cama ofrece un confort excepcional y un soporte \u00f3ptimo para tu perro<\/h2>\t\t\t\t<\/div>\n\t\t\t\t<\/div>\n\t\t\t\t\t<\/div>\n\t\t\t\t<\/div>\n\t\t<div class=\"elementor-element elementor-element-d13c4d3 e-flex e-con-boxed e-con e-parent\" data-id=\"d13c4d3\" data-element_type=\"container\" data-e-type=\"container\">\n\t\t\t\t\t<div class=\"e-con-inner\">\n\t\t<div class=\"elementor-element elementor-element-60a5bba e-con-full e-flex e-con e-child\" data-id=\"60a5bba\" data-element_type=\"container\" data-e-type=\"container\">\n\t\t\t\t<div class=\"elementor-element elementor-element-d8ed905 elementor-widget elementor-widget-image\" data-id=\"d8ed905\" data-element_type=\"widget\" data-e-type=\"widget\" data-widget_type=\"image.default\">\n\t\t\t\t<div class=\"elementor-widget-container\">\n\t\t\t\t\t\t\t\t\t\t\t\t\t\t\t\t<a href=\"https:\/\/amzn.to\/44mRWz7\" target=\"_blank\">\n\t\t\t\t\t\t\t<img fetchpriority=\"high\" decoding=\"async\" width=\"1024\" height=\"449\" src=\"https:\/\/mundoanimalito.com\/wp-content\/uploads\/2024\/04\/0000-16-1024x449.jpg\" class=\"attachment-large size-large wp-image-30367\" alt=\"Bedsure Sof\u00e1 Perro Ortop\u00e9dica Grande - Cama Perro Desenfundable y Lavable, Colchon Perro con Forro Impermeable y Espuma Viscoelastica, Gris, L\" srcset=\"https:\/\/mundoanimalito.com\/wp-content\/uploads\/2024\/04\/0000-16-1024x449.jpg 1024w, https:\/\/mundoanimalito.com\/wp-content\/uploads\/2024\/04\/0000-16-300x131.jpg 300w, https:\/\/mundoanimalito.com\/wp-content\/uploads\/2024\/04\/0000-16-768x336.jpg 768w, https:\/\/mundoanimalito.com\/wp-content\/uploads\/2024\/04\/0000-16.jpg 1500w\" sizes=\"(max-width: 1024px) 100vw, 1024px\" \/>\t\t\t\t\t\t\t\t<\/a>\n\t\t\t\t\t\t\t\t\t\t\t\t\t\t\t<\/div>\n\t\t\t\t<\/div>\n\t\t\t\t<\/div>\n\t\t<div class=\"elementor-element elementor-element-63bff1a e-con-full e-flex e-con e-child\" data-id=\"63bff1a\" data-element_type=\"container\" data-e-type=\"container\">\n\t\t\t\t<div class=\"elementor-element elementor-element-4fe9e0b elementor-widget elementor-widget-text-editor\" data-id=\"4fe9e0b\" data-element_type=\"widget\" data-e-type=\"widget\" data-widget_type=\"text-editor.default\">\n\t\t\t\t<div class=\"elementor-widget-container\">\n\t\t\t\t\t\t\t\t\t<p>\ud83d\udc3e <strong>Soporte Ortop\u00e9dico Avanzado:<\/strong> Equipado con una espuma de forma de caja de huevo, este sof\u00e1 para perros proporciona un soporte uniforme que alivia la presi\u00f3n articular y el dolor, especialmente beneficioso para perros mayores o aquellos con problemas de movilidad. Tu mascota podr\u00e1 descansar c\u00f3modamente, sin ning\u00fan tipo de molestia.<\/p><p>\u00a0<\/p><p>\ud83d\udecb\ufe0f <strong>Dise\u00f1o Elegante y Resistente:<\/strong> Fabricado con tela compuesta de suave franela y felpa, este sof\u00e1 no solo ofrece un lugar c\u00f3modo para tu perro, sino que tambi\u00e9n es resistente al rayado, garantizando su durabilidad a lo largo del tiempo. Adem\u00e1s, su dise\u00f1o moderno y elegante se adapta perfectamente a cualquier decoraci\u00f3n interior.<\/p>\t\t\t\t\t\t\t\t<\/div>\n\t\t\t\t<\/div>\n\t\t\t\t<\/div>\n\t\t\t\t\t<\/div>\n\t\t\t\t<\/div>\n\t\t<div class=\"elementor-element elementor-element-d7d62bb e-flex e-con-boxed e-con e-parent\" data-id=\"d7d62bb\" data-element_type=\"container\" data-e-type=\"container\">\n\t\t\t\t\t<div class=\"e-con-inner\">\n\t\t\t\t<div class=\"elementor-element elementor-element-9e23da0 elementor-widget elementor-widget-text-editor\" data-id=\"9e23da0\" data-element_type=\"widget\" data-e-type=\"widget\" data-widget_type=\"text-editor.default\">\n\t\t\t\t<div class=\"elementor-widget-container\">\n\t\t\t\t\t\t\t\t\t<p>\ud83e\uddfc <strong>F\u00e1cil de Limpiar y Mantener:<\/strong> Con una funda desenfundable y lavable a m\u00e1quina, mantener este sof\u00e1 limpio es pan comido. Simplemente retira la funda, l\u00e1vala en agua fr\u00eda con un detergente apto para mascotas, y vuelve a colocarla para un aspecto fresco y limpio en todo momento. \u00a1Tu perro siempre tendr\u00e1 un lugar impecable para descansar!<\/p><p>\u00a0<\/p><p>\ud83d\udccf <strong>Disponible en Varios Tama\u00f1os:<\/strong> Desde los m\u00e1s peque\u00f1os hasta los m\u00e1s grandes, este sof\u00e1 ortop\u00e9dico est\u00e1 disponible en diferentes tama\u00f1os para adaptarse a todas las razas de perros y gatos. Ya sea un Chihuahua o un Gran Dan\u00e9s, todos pueden disfrutar del lujo y la comodidad de este sof\u00e1 de alta calidad.<\/p><p>\u00a0<\/p><p><strong>\u00a1Regala a tu Mascota el Lujo y el Confort que se Merece con el Sof\u00e1 Perro Ortop\u00e9dico Bedsure!<\/strong> Con su dise\u00f1o ergon\u00f3mico y materiales premium, esta cama asegura el descanso \u00f3ptimo y el bienestar de tu amigo peludo. \u00a1Haz clic ahora y convierte el sue\u00f1o de tu mascota en una experiencia de lujo y estilo!<\/p>\t\t\t\t\t\t\t\t<\/div>\n\t\t\t\t<\/div>\n\t\t\t\t<div class=\"elementor-element elementor-element-f444779 elementor-align-right elementor-widget elementor-widget-button\" data-id=\"f444779\" data-element_type=\"widget\" data-e-type=\"widget\" data-widget_type=\"button.default\">\n\t\t\t\t<div class=\"elementor-widget-container\">\n\t\t\t\t\t\t\t\t\t<div class=\"elementor-button-wrapper\">\n\t\t\t\t\t<a class=\"elementor-button elementor-button-link elementor-size-sm\" href=\"https:\/\/amzn.to\/44mRWz7\" target=\"_blank\">\n\t\t\t\t\t\t<span class=\"elementor-button-content-wrapper\">\n\t\t\t\t\t\t\t\t\t<span class=\"elementor-button-text\">Compra ahora en Amazon<\/span>\n\t\t\t\t\t<\/span>\n\t\t\t\t\t<\/a>\n\t\t\t\t<\/div>\n\t\t\t\t\t\t\t\t<\/div>\n\t\t\t\t<\/div>\n\t\t\t\t\t<\/div>\n\t\t\t\t<\/div>\n\t\t<div class=\"elementor-element elementor-element-63fdb05 e-flex e-con-boxed e-con e-parent\" data-id=\"63fdb05\" data-element_type=\"container\" data-e-type=\"container\">\n\t\t\t\t\t<div class=\"e-con-inner\">\n\t\t\t\t<div class=\"elementor-element elementor-element-f0043a2 elementor-arrows-position-inside elementor-pagination-position-outside elementor-widget elementor-widget-image-carousel\" data-id=\"f0043a2\" data-element_type=\"widget\" data-e-type=\"widget\" data-settings=\"{&quot;slides_to_show&quot;:&quot;1&quot;,&quot;navigation&quot;:&quot;both&quot;,&quot;autoplay&quot;:&quot;yes&quot;,&quot;pause_on_hover&quot;:&quot;yes&quot;,&quot;pause_on_interaction&quot;:&quot;yes&quot;,&quot;autoplay_speed&quot;:5000,&quot;infinite&quot;:&quot;yes&quot;,&quot;effect&quot;:&quot;slide&quot;,&quot;speed&quot;:500}\" data-widget_type=\"image-carousel.default\">\n\t\t\t\t<div class=\"elementor-widget-container\">\n\t\t\t\t\t\t\t<div class=\"elementor-image-carousel-wrapper swiper\" role=\"region\" aria-roledescription=\"carousel\" aria-label=\"Carrusel de im\u00e1genes\" dir=\"ltr\">\n\t\t\t<div class=\"elementor-image-carousel swiper-wrapper\" aria-live=\"off\">\n\t\t\t\t\t\t\t\t<div class=\"swiper-slide\" role=\"group\" aria-roledescription=\"slide\" aria-label=\"1 de 4\"><figure class=\"swiper-slide-inner\"><img decoding=\"async\" class=\"swiper-slide-image\" src=\"https:\/\/mundoanimalito.com\/wp-content\/uploads\/2024\/04\/81vOQIzKMBL._AC_SL1500_-768x750.jpg\" alt=\"Bedsure Sof\u00e1 Perro Ortop\u00e9dica Grande - Cama Perro Desenfundable y Lavable, Colchon Perro con Forro Impermeable y Espuma Viscoelastica, Gris, L\" \/><\/figure><\/div><div class=\"swiper-slide\" role=\"group\" aria-roledescription=\"slide\" aria-label=\"2 de 4\"><figure class=\"swiper-slide-inner\"><img decoding=\"async\" class=\"swiper-slide-image\" src=\"https:\/\/mundoanimalito.com\/wp-content\/uploads\/2024\/04\/910HJPNSvPL._AC_SL1500_-768x744.jpg\" alt=\"Bedsure Sof\u00e1 Perro Ortop\u00e9dica Grande - Cama Perro Desenfundable y Lavable, Colchon Perro con Forro Impermeable y Espuma Viscoelastica, Gris, L\" \/><\/figure><\/div><div class=\"swiper-slide\" role=\"group\" aria-roledescription=\"slide\" aria-label=\"3 de 4\"><figure class=\"swiper-slide-inner\"><img decoding=\"async\" class=\"swiper-slide-image\" src=\"https:\/\/mundoanimalito.com\/wp-content\/uploads\/2024\/04\/71Lv5K6Q0ML._AC_SL1500_-768x768.jpg\" alt=\"Bedsure Sof\u00e1 Perro Ortop\u00e9dica Grande - Cama Perro Desenfundable y Lavable, Colchon Perro con Forro Impermeable y Espuma Viscoelastica, Gris, L\" \/><\/figure><\/div><div class=\"swiper-slide\" role=\"group\" aria-roledescription=\"slide\" aria-label=\"4 de 4\"><figure class=\"swiper-slide-inner\"><img decoding=\"async\" class=\"swiper-slide-image\" src=\"https:\/\/mundoanimalito.com\/wp-content\/uploads\/2024\/04\/91-wT6KPvLL._AC_SL1500_-768x768.jpg\" alt=\"Bedsure Sof\u00e1 Perro Ortop\u00e9dica Grande - Cama Perro Desenfundable y Lavable, Colchon Perro con Forro Impermeable y Espuma Viscoelastica, Gris, L\" \/><\/figure><\/div>\t\t\t<\/div>\n\t\t\t\t\t\t\t\t\t\t\t\t<div class=\"elementor-swiper-button elementor-swiper-button-prev\" role=\"button\" tabindex=\"0\">\n\t\t\t\t\t\t<i aria-hidden=\"true\" class=\"eicon-chevron-left\"><\/i>\t\t\t\t\t<\/div>\n\t\t\t\t\t<div class=\"elementor-swiper-button elementor-swiper-button-next\" role=\"button\" tabindex=\"0\">\n\t\t\t\t\t\t<i aria-hidden=\"true\" class=\"eicon-chevron-right\"><\/i>\t\t\t\t\t<\/div>\n\t\t\t\t\n\t\t\t\t\t\t\t\t\t<div class=\"swiper-pagination\"><\/div>\n\t\t\t\t\t\t\t\t\t<\/div>\n\t\t\t\t\t\t<\/div>\n\t\t\t\t<\/div>\n\t\t\t\t\t<\/div>\n\t\t\t\t<\/div>\n\t\t<div class=\"elementor-element elementor-element-92c4b79 e-flex e-con-boxed e-con e-parent\" data-id=\"92c4b79\" data-element_type=\"container\" data-e-type=\"container\">\n\t\t\t\t\t<div class=\"e-con-inner\">\n\t\t\t\t<div class=\"elementor-element elementor-element-7edf931 elementor-align-right elementor-widget elementor-widget-button\" data-id=\"7edf931\" data-element_type=\"widget\" data-e-type=\"widget\" data-widget_type=\"button.default\">\n\t\t\t\t<div class=\"elementor-widget-container\">\n\t\t\t\t\t\t\t\t\t<div class=\"elementor-button-wrapper\">\n\t\t\t\t\t<a class=\"elementor-button elementor-button-link elementor-size-sm\" href=\"https:\/\/amzn.to\/44mRWz7\" target=\"_blank\">\n\t\t\t\t\t\t<span class=\"elementor-button-content-wrapper\">\n\t\t\t\t\t\t\t\t\t<span class=\"elementor-button-text\">Compra ahora en Amazon<\/span>\n\t\t\t\t\t<\/span>\n\t\t\t\t\t<\/a>\n\t\t\t\t<\/div>\n\t\t\t\t\t\t\t\t<\/div>\n\t\t\t\t<\/div>\n\t\t\t\t\t<\/div>\n\t\t\t\t<\/div>\n\t\t\t\t<\/div>\n\t\t","protected":false},"excerpt":{"rendered":"<p>\u00bfBuscas brindarle a tu peludo amigo un lugar de descanso digno de realeza? \u00a1El sof\u00e1 perro ortop\u00e9dico de Bedsure es la respuesta! Con su dise\u00f1o innovador y materiales de alta calidad, esta cama ofrece un confort excepcional y un soporte \u00f3ptimo para tu perro \ud83d\udc3e Soporte Ortop\u00e9dico Avanzado: Equipado con una espuma de forma de [&hellip;]<\/p>\n","protected":false},"author":1,"featured_media":0,"parent":0,"menu_order":0,"comment_status":"closed","ping_status":"closed","template":"","meta":{"site-sidebar-layout":"no-sidebar","site-content-layout":"page-builder","ast-site-content-layout":"full-width-container","site-content-style":"default","site-sidebar-style":"default","ast-global-header-display":"","ast-banner-title-visibility":"","ast-main-header-display":"","ast-hfb-above-header-display":"","ast-hfb-below-header-display":"","ast-hfb-mobile-header-display":"","site-post-title":"disabled","ast-breadcrumbs-content":"","ast-featured-img":"disabled","footer-sml-layout":"","ast-disable-related-posts":"","theme-transparent-header-meta":"","adv-header-id-meta":"","stick-header-meta":"","header-above-stick-meta":"","header-main-stick-meta":"","header-below-stick-meta":"","astra-migrate-meta-layouts":"set","ast-page-background-enabled":"default","ast-page-background-meta":{"desktop":{"background-color":"var(--ast-global-color-4)","background-image":"","background-repeat":"repeat","background-position":"center center","background-size":"auto","background-attachment":"scroll","background-type":"","background-media":"","overlay-type":"","overlay-color":"","overlay-opacity":"","overlay-gradient":""},"tablet":{"background-color":"","background-image":"","background-repeat":"repeat","background-position":"center center","background-size":"auto","background-attachment":"scroll","background-type":"","background-media":"","overlay-type":"","overlay-color":"","overlay-opacity":"","overlay-gradient":""},"mobile":{"background-color":"","background-image":"","background-repeat":"repeat","background-position":"center center","background-size":"auto","background-attachment":"scroll","background-type":"","background-media":"","overlay-type":"","overlay-color":"","overlay-opacity":"","overlay-gradient":""}},"ast-content-background-meta":{"desktop":{"background-color":"var(--ast-global-color-5)","background-image":"","background-repeat":"repeat","background-position":"center center","background-size":"auto","background-attachment":"scroll","background-type":"","background-media":"","overlay-type":"","overlay-color":"","overlay-opacity":"","overlay-gradient":""},"tablet":{"background-color":"var(--ast-global-color-5)","background-image":"","background-repeat":"repeat","background-position":"center center","background-size":"auto","background-attachment":"scroll","background-type":"","background-media":"","overlay-type":"","overlay-color":"","overlay-opacity":"","overlay-gradient":""},"mobile":{"background-color":"var(--ast-global-color-5)","background-image":"","background-repeat":"repeat","background-position":"center center","background-size":"auto","background-attachment":"scroll","background-type":"","background-media":"","overlay-type":"","overlay-color":"","overlay-opacity":"","overlay-gradient":""}},"footnotes":""},"class_list":["post-30374","page","type-page","status-publish","hentry"],"yoast_head":"<!-- This site is optimized with the Yoast SEO plugin v27.4 - https:\/\/yoast.com\/product\/yoast-seo-wordpress\/ -->\n<title>Bedsure Sof\u00e1 Perro Ortop\u00e9dica Grande | Mundo Animalito<\/title>\n<meta name=\"description\" content=\"Bedsure Sof\u00e1 Perro Ortop\u00e9dica Grande - Cama Perro Desenfundable y Lavable, Colchon Perro con Forro Impermeable y Espuma Viscoelastica, Gris, L\" \/>\n<meta name=\"robots\" content=\"index, follow, max-snippet:-1, max-image-preview:large, max-video-preview:-1\" \/>\n<link rel=\"canonical\" href=\"https:\/\/mundoanimalito.com\/index.php\/bedsure-sofa-perro-ortopedica-grande-cama-perro-desenfundable-y-lavable\/\" \/>\n<meta property=\"og:locale\" content=\"es_ES\" \/>\n<meta property=\"og:type\" content=\"article\" \/>\n<meta property=\"og:title\" content=\"Bedsure Sof\u00e1 Perro Ortop\u00e9dica Grande | Mundo Animalito\" \/>\n<meta property=\"og:description\" content=\"Bedsure Sof\u00e1 Perro Ortop\u00e9dica Grande - Cama Perro Desenfundable y Lavable, Colchon Perro con Forro Impermeable y Espuma Viscoelastica, Gris, L\" \/>\n<meta property=\"og:url\" content=\"https:\/\/mundoanimalito.com\/index.php\/bedsure-sofa-perro-ortopedica-grande-cama-perro-desenfundable-y-lavable\/\" \/>\n<meta property=\"og:site_name\" content=\"Mundo Animalito\" \/>\n<meta property=\"article:publisher\" content=\"https:\/\/www.facebook.com\/mundoanimalito77\" \/>\n<meta property=\"article:modified_time\" content=\"2024-09-03T22:41:09+00:00\" \/>\n<meta property=\"og:image\" content=\"https:\/\/mundoanimalito.com\/wp-content\/uploads\/2024\/04\/0000-16-1024x449.jpg\" \/>\n<meta name=\"twitter:card\" content=\"summary_large_image\" \/>\n<meta name=\"twitter:label1\" content=\"Tiempo de lectura\" \/>\n\t<meta name=\"twitter:data1\" content=\"3 minutos\" \/>\n<script type=\"application\/ld+json\" class=\"yoast-schema-graph\">{\"@context\":\"https:\\\/\\\/schema.org\",\"@graph\":[{\"@type\":\"WebPage\",\"@id\":\"https:\\\/\\\/mundoanimalito.com\\\/index.php\\\/bedsure-sofa-perro-ortopedica-grande-cama-perro-desenfundable-y-lavable\\\/\",\"url\":\"https:\\\/\\\/mundoanimalito.com\\\/index.php\\\/bedsure-sofa-perro-ortopedica-grande-cama-perro-desenfundable-y-lavable\\\/\",\"name\":\"Bedsure Sof\u00e1 Perro Ortop\u00e9dica Grande | Mundo Animalito\",\"isPartOf\":{\"@id\":\"https:\\\/\\\/mundoanimalito.com\\\/#website\"},\"primaryImageOfPage\":{\"@id\":\"https:\\\/\\\/mundoanimalito.com\\\/index.php\\\/bedsure-sofa-perro-ortopedica-grande-cama-perro-desenfundable-y-lavable\\\/#primaryimage\"},\"image\":{\"@id\":\"https:\\\/\\\/mundoanimalito.com\\\/index.php\\\/bedsure-sofa-perro-ortopedica-grande-cama-perro-desenfundable-y-lavable\\\/#primaryimage\"},\"thumbnailUrl\":\"https:\\\/\\\/mundoanimalito.com\\\/wp-content\\\/uploads\\\/2024\\\/04\\\/0000-16-1024x449.jpg\",\"datePublished\":\"2024-04-29T14:25:20+00:00\",\"dateModified\":\"2024-09-03T22:41:09+00:00\",\"description\":\"Bedsure Sof\u00e1 Perro Ortop\u00e9dica Grande - Cama Perro Desenfundable y Lavable, Colchon Perro con Forro Impermeable y Espuma Viscoelastica, Gris, L\",\"breadcrumb\":{\"@id\":\"https:\\\/\\\/mundoanimalito.com\\\/index.php\\\/bedsure-sofa-perro-ortopedica-grande-cama-perro-desenfundable-y-lavable\\\/#breadcrumb\"},\"inLanguage\":\"es\",\"potentialAction\":[{\"@type\":\"ReadAction\",\"target\":[\"https:\\\/\\\/mundoanimalito.com\\\/index.php\\\/bedsure-sofa-perro-ortopedica-grande-cama-perro-desenfundable-y-lavable\\\/\"]}]},{\"@type\":\"ImageObject\",\"inLanguage\":\"es\",\"@id\":\"https:\\\/\\\/mundoanimalito.com\\\/index.php\\\/bedsure-sofa-perro-ortopedica-grande-cama-perro-desenfundable-y-lavable\\\/#primaryimage\",\"url\":\"https:\\\/\\\/mundoanimalito.com\\\/wp-content\\\/uploads\\\/2024\\\/04\\\/0000-16.jpg\",\"contentUrl\":\"https:\\\/\\\/mundoanimalito.com\\\/wp-content\\\/uploads\\\/2024\\\/04\\\/0000-16.jpg\",\"width\":1500,\"height\":657,\"caption\":\"Bedsure Sof\u00e1 Perro Ortop\u00e9dica Grande - Cama Perro Desenfundable y Lavable, Colchon Perro con Forro Impermeable y Espuma Viscoelastica, Gris, L\"},{\"@type\":\"BreadcrumbList\",\"@id\":\"https:\\\/\\\/mundoanimalito.com\\\/index.php\\\/bedsure-sofa-perro-ortopedica-grande-cama-perro-desenfundable-y-lavable\\\/#breadcrumb\",\"itemListElement\":[{\"@type\":\"ListItem\",\"position\":1,\"name\":\"Portada\",\"item\":\"https:\\\/\\\/mundoanimalito.com\\\/\"},{\"@type\":\"ListItem\",\"position\":2,\"name\":\"Bedsure Sof\u00e1 Perro Ortop\u00e9dica Grande &#8211; Cama Perro Desenfundable y Lavable\"}]},{\"@type\":\"WebSite\",\"@id\":\"https:\\\/\\\/mundoanimalito.com\\\/#website\",\"url\":\"https:\\\/\\\/mundoanimalito.com\\\/\",\"name\":\"Mundo Animalito\",\"description\":\"Datos y curiosidades de los animales, encuentra ac\u00e1 todo para tu mascota\",\"publisher\":{\"@id\":\"https:\\\/\\\/mundoanimalito.com\\\/#organization\"},\"potentialAction\":[{\"@type\":\"SearchAction\",\"target\":{\"@type\":\"EntryPoint\",\"urlTemplate\":\"https:\\\/\\\/mundoanimalito.com\\\/?s={search_term_string}\"},\"query-input\":{\"@type\":\"PropertyValueSpecification\",\"valueRequired\":true,\"valueName\":\"search_term_string\"}}],\"inLanguage\":\"es\"},{\"@type\":\"Organization\",\"@id\":\"https:\\\/\\\/mundoanimalito.com\\\/#organization\",\"name\":\"Mundo Animalito\",\"url\":\"https:\\\/\\\/mundoanimalito.com\\\/\",\"logo\":{\"@type\":\"ImageObject\",\"inLanguage\":\"es\",\"@id\":\"https:\\\/\\\/mundoanimalito.com\\\/#\\\/schema\\\/logo\\\/image\\\/\",\"url\":\"https:\\\/\\\/mundoanimalito.com\\\/wp-content\\\/uploads\\\/2023\\\/10\\\/cropped-cropped-LOGO-OFICIAL-ULTIMA-VERSION-1.jpg\",\"contentUrl\":\"https:\\\/\\\/mundoanimalito.com\\\/wp-content\\\/uploads\\\/2023\\\/10\\\/cropped-cropped-LOGO-OFICIAL-ULTIMA-VERSION-1.jpg\",\"width\":374,\"height\":425,\"caption\":\"Mundo Animalito\"},\"image\":{\"@id\":\"https:\\\/\\\/mundoanimalito.com\\\/#\\\/schema\\\/logo\\\/image\\\/\"},\"sameAs\":[\"https:\\\/\\\/www.facebook.com\\\/mundoanimalito77\",\"https:\\\/\\\/www.instagram.com\\\/mundoanimalito77\\\/\",\"https:\\\/\\\/www.tiktok.com\\\/@mundoanimalito77\",\"https:\\\/\\\/www.youtube.com\\\/channel\\\/UCLo2JhNUNtHVraDt5aHadew\"]}]}<\/script>\n<!-- \/ Yoast SEO plugin. -->","yoast_head_json":{"title":"Bedsure Sof\u00e1 Perro Ortop\u00e9dica Grande | Mundo Animalito","description":"Bedsure Sof\u00e1 Perro Ortop\u00e9dica Grande - Cama Perro Desenfundable y Lavable, Colchon Perro con Forro Impermeable y Espuma Viscoelastica, Gris, L","robots":{"index":"index","follow":"follow","max-snippet":"max-snippet:-1","max-image-preview":"max-image-preview:large","max-video-preview":"max-video-preview:-1"},"canonical":"https:\/\/mundoanimalito.com\/index.php\/bedsure-sofa-perro-ortopedica-grande-cama-perro-desenfundable-y-lavable\/","og_locale":"es_ES","og_type":"article","og_title":"Bedsure Sof\u00e1 Perro Ortop\u00e9dica Grande | Mundo Animalito","og_description":"Bedsure Sof\u00e1 Perro Ortop\u00e9dica Grande - Cama Perro Desenfundable y Lavable, Colchon Perro con Forro Impermeable y Espuma Viscoelastica, Gris, L","og_url":"https:\/\/mundoanimalito.com\/index.php\/bedsure-sofa-perro-ortopedica-grande-cama-perro-desenfundable-y-lavable\/","og_site_name":"Mundo Animalito","article_publisher":"https:\/\/www.facebook.com\/mundoanimalito77","article_modified_time":"2024-09-03T22:41:09+00:00","og_image":[{"url":"https:\/\/mundoanimalito.com\/wp-content\/uploads\/2024\/04\/0000-16-1024x449.jpg","type":"","width":"","height":""}],"twitter_card":"summary_large_image","twitter_misc":{"Tiempo de lectura":"3 minutos"},"schema":{"@context":"https:\/\/schema.org","@graph":[{"@type":"WebPage","@id":"https:\/\/mundoanimalito.com\/index.php\/bedsure-sofa-perro-ortopedica-grande-cama-perro-desenfundable-y-lavable\/","url":"https:\/\/mundoanimalito.com\/index.php\/bedsure-sofa-perro-ortopedica-grande-cama-perro-desenfundable-y-lavable\/","name":"Bedsure Sof\u00e1 Perro Ortop\u00e9dica Grande | Mundo Animalito","isPartOf":{"@id":"https:\/\/mundoanimalito.com\/#website"},"primaryImageOfPage":{"@id":"https:\/\/mundoanimalito.com\/index.php\/bedsure-sofa-perro-ortopedica-grande-cama-perro-desenfundable-y-lavable\/#primaryimage"},"image":{"@id":"https:\/\/mundoanimalito.com\/index.php\/bedsure-sofa-perro-ortopedica-grande-cama-perro-desenfundable-y-lavable\/#primaryimage"},"thumbnailUrl":"https:\/\/mundoanimalito.com\/wp-content\/uploads\/2024\/04\/0000-16-1024x449.jpg","datePublished":"2024-04-29T14:25:20+00:00","dateModified":"2024-09-03T22:41:09+00:00","description":"Bedsure Sof\u00e1 Perro Ortop\u00e9dica Grande - Cama Perro Desenfundable y Lavable, Colchon Perro con Forro Impermeable y Espuma Viscoelastica, Gris, L","breadcrumb":{"@id":"https:\/\/mundoanimalito.com\/index.php\/bedsure-sofa-perro-ortopedica-grande-cama-perro-desenfundable-y-lavable\/#breadcrumb"},"inLanguage":"es","potentialAction":[{"@type":"ReadAction","target":["https:\/\/mundoanimalito.com\/index.php\/bedsure-sofa-perro-ortopedica-grande-cama-perro-desenfundable-y-lavable\/"]}]},{"@type":"ImageObject","inLanguage":"es","@id":"https:\/\/mundoanimalito.com\/index.php\/bedsure-sofa-perro-ortopedica-grande-cama-perro-desenfundable-y-lavable\/#primaryimage","url":"https:\/\/mundoanimalito.com\/wp-content\/uploads\/2024\/04\/0000-16.jpg","contentUrl":"https:\/\/mundoanimalito.com\/wp-content\/uploads\/2024\/04\/0000-16.jpg","width":1500,"height":657,"caption":"Bedsure Sof\u00e1 Perro Ortop\u00e9dica Grande - Cama Perro Desenfundable y Lavable, Colchon Perro con Forro Impermeable y Espuma Viscoelastica, Gris, L"},{"@type":"BreadcrumbList","@id":"https:\/\/mundoanimalito.com\/index.php\/bedsure-sofa-perro-ortopedica-grande-cama-perro-desenfundable-y-lavable\/#breadcrumb","itemListElement":[{"@type":"ListItem","position":1,"name":"Portada","item":"https:\/\/mundoanimalito.com\/"},{"@type":"ListItem","position":2,"name":"Bedsure Sof\u00e1 Perro Ortop\u00e9dica Grande &#8211; Cama Perro Desenfundable y Lavable"}]},{"@type":"WebSite","@id":"https:\/\/mundoanimalito.com\/#website","url":"https:\/\/mundoanimalito.com\/","name":"Mundo Animalito","description":"Datos y curiosidades de los animales, encuentra ac\u00e1 todo para tu mascota","publisher":{"@id":"https:\/\/mundoanimalito.com\/#organization"},"potentialAction":[{"@type":"SearchAction","target":{"@type":"EntryPoint","urlTemplate":"https:\/\/mundoanimalito.com\/?s={search_term_string}"},"query-input":{"@type":"PropertyValueSpecification","valueRequired":true,"valueName":"search_term_string"}}],"inLanguage":"es"},{"@type":"Organization","@id":"https:\/\/mundoanimalito.com\/#organization","name":"Mundo Animalito","url":"https:\/\/mundoanimalito.com\/","logo":{"@type":"ImageObject","inLanguage":"es","@id":"https:\/\/mundoanimalito.com\/#\/schema\/logo\/image\/","url":"https:\/\/mundoanimalito.com\/wp-content\/uploads\/2023\/10\/cropped-cropped-LOGO-OFICIAL-ULTIMA-VERSION-1.jpg","contentUrl":"https:\/\/mundoanimalito.com\/wp-content\/uploads\/2023\/10\/cropped-cropped-LOGO-OFICIAL-ULTIMA-VERSION-1.jpg","width":374,"height":425,"caption":"Mundo Animalito"},"image":{"@id":"https:\/\/mundoanimalito.com\/#\/schema\/logo\/image\/"},"sameAs":["https:\/\/www.facebook.com\/mundoanimalito77","https:\/\/www.instagram.com\/mundoanimalito77\/","https:\/\/www.tiktok.com\/@mundoanimalito77","https:\/\/www.youtube.com\/channel\/UCLo2JhNUNtHVraDt5aHadew"]}]}},"_links":{"self":[{"href":"https:\/\/mundoanimalito.com\/index.php\/wp-json\/wp\/v2\/pages\/30374","targetHints":{"allow":["GET"]}}],"collection":[{"href":"https:\/\/mundoanimalito.com\/index.php\/wp-json\/wp\/v2\/pages"}],"about":[{"href":"https:\/\/mundoanimalito.com\/index.php\/wp-json\/wp\/v2\/types\/page"}],"author":[{"embeddable":true,"href":"https:\/\/mundoanimalito.com\/index.php\/wp-json\/wp\/v2\/users\/1"}],"replies":[{"embeddable":true,"href":"https:\/\/mundoanimalito.com\/index.php\/wp-json\/wp\/v2\/comments?post=30374"}],"version-history":[{"count":0,"href":"https:\/\/mundoanimalito.com\/index.php\/wp-json\/wp\/v2\/pages\/30374\/revisions"}],"wp:attachment":[{"href":"https:\/\/mundoanimalito.com\/index.php\/wp-json\/wp\/v2\/media?parent=30374"}],"curies":[{"name":"wp","href":"https:\/\/api.w.org\/{rel}","templated":true}]}}