{"id":29664,"date":"2024-04-27T18:44:03","date_gmt":"2024-04-27T23:44:03","guid":{"rendered":"https:\/\/mundoanimalito.com\/?page_id=29664"},"modified":"2024-09-04T17:36:32","modified_gmt":"2024-09-04T22:36:32","slug":"feandrea-cama-de-perros-cama-para-mascotas-cojin-central-extraible-y-lavable","status":"publish","type":"page","link":"https:\/\/mundoanimalito.com\/index.php\/feandrea-cama-de-perros-cama-para-mascotas-cojin-central-extraible-y-lavable\/","title":{"rendered":"FEANDREA Cama de Perros, Cama para Mascotas, Coj\u00edn Central Extra\u00edble y Lavable"},"content":{"rendered":"\t\t<div data-elementor-type=\"wp-page\" data-elementor-id=\"29664\" class=\"elementor elementor-29664\" data-elementor-post-type=\"page\">\n\t\t\t\t<div class=\"elementor-element elementor-element-c181d06 e-flex e-con-boxed e-con e-parent\" data-id=\"c181d06\" data-element_type=\"container\" data-e-type=\"container\">\n\t\t\t\t\t<div class=\"e-con-inner\">\n\t\t\t\t<div class=\"elementor-element elementor-element-1e0b212 elementor-invisible elementor-widget elementor-widget-heading\" data-id=\"1e0b212\" data-element_type=\"widget\" data-e-type=\"widget\" data-settings=\"{&quot;_animation&quot;:&quot;fadeInDown&quot;}\" data-widget_type=\"heading.default\">\n\t\t\t\t<div class=\"elementor-widget-container\">\n\t\t\t\t\t<h2 class=\"elementor-heading-title elementor-size-default\">\u00bfBuscas proporcionarle a tu perro un lugar acogedor y c\u00f3modo para descansar? La Cama Feandrea ofrece una soluci\u00f3n ideal para que tu mascota disfrute de un sue\u00f1o reparador y placentero, con beneficios que garantizan su comodidad y tu tranquilidad.<\/h2>\t\t\t\t<\/div>\n\t\t\t\t<\/div>\n\t\t\t\t\t<\/div>\n\t\t\t\t<\/div>\n\t\t<div class=\"elementor-element elementor-element-39bd902 e-flex e-con-boxed e-con e-parent\" data-id=\"39bd902\" data-element_type=\"container\" data-e-type=\"container\">\n\t\t\t\t\t<div class=\"e-con-inner\">\n\t\t<div class=\"elementor-element elementor-element-7416475 e-con-full e-flex e-con e-child\" data-id=\"7416475\" data-element_type=\"container\" data-e-type=\"container\">\n\t\t\t\t<div class=\"elementor-element elementor-element-c9f175e elementor-widget elementor-widget-image\" data-id=\"c9f175e\" data-element_type=\"widget\" data-e-type=\"widget\" data-widget_type=\"image.default\">\n\t\t\t\t<div class=\"elementor-widget-container\">\n\t\t\t\t\t\t\t\t\t\t\t\t\t\t\t\t<a href=\"https:\/\/amzn.to\/3UgYzhJ\" target=\"_blank\">\n\t\t\t\t\t\t\t<img fetchpriority=\"high\" decoding=\"async\" width=\"1024\" height=\"557\" src=\"https:\/\/mundoanimalito.com\/wp-content\/uploads\/2024\/04\/000-1-1-1024x557.jpg\" class=\"attachment-large size-large wp-image-29633\" alt=\"\" srcset=\"https:\/\/mundoanimalito.com\/wp-content\/uploads\/2024\/04\/000-1-1-1024x557.jpg 1024w, https:\/\/mundoanimalito.com\/wp-content\/uploads\/2024\/04\/000-1-1-300x163.jpg 300w, https:\/\/mundoanimalito.com\/wp-content\/uploads\/2024\/04\/000-1-1-768x418.jpg 768w, https:\/\/mundoanimalito.com\/wp-content\/uploads\/2024\/04\/000-1-1.jpg 1500w\" sizes=\"(max-width: 1024px) 100vw, 1024px\" \/>\t\t\t\t\t\t\t\t<\/a>\n\t\t\t\t\t\t\t\t\t\t\t\t\t\t\t<\/div>\n\t\t\t\t<\/div>\n\t\t\t\t<\/div>\n\t\t<div class=\"elementor-element elementor-element-628ac05 e-con-full e-flex e-con e-child\" data-id=\"628ac05\" data-element_type=\"container\" data-e-type=\"container\">\n\t\t\t\t<div class=\"elementor-element elementor-element-9486ab8 elementor-widget elementor-widget-text-editor\" data-id=\"9486ab8\" data-element_type=\"widget\" data-e-type=\"widget\" data-widget_type=\"text-editor.default\">\n\t\t\t\t<div class=\"elementor-widget-container\">\n\t\t\t\t\t\t\t\t\t<p>\ud83d\udc3e <strong>Felpa de Pelo Largo, Suavidad Infinita:<\/strong> Con su tejido de felpa de pelo largo de 4 cm, esta cama crea un espacio suave y mullido donde tu perro podr\u00e1 acurrucarse c\u00f3modamente. Adem\u00e1s, la felpa es duradera y resistente al desprendimiento, \u00a1as\u00ed que no tendr\u00e1s que preocuparte por los pelos sueltos!<\/p><p>\u00a0<\/p><p>\ud83d\ude34 <strong>Acolchado \u00d3ptimo para un Buen Sue\u00f1o:<\/strong> Con un grosor de 20 cm y relleno de algod\u00f3n PP, esta cama proporciona un soporte c\u00f3modo y acogedor para que tu perro descanse pl\u00e1cidamente. \u00a1Tu mascota disfrutar\u00e1 de un sue\u00f1o profundo y reparador cada vez que se acueste en su cama Feandrea!<\/p>\t\t\t\t\t\t\t\t<\/div>\n\t\t\t\t<\/div>\n\t\t\t\t<\/div>\n\t\t\t\t\t<\/div>\n\t\t\t\t<\/div>\n\t\t<div class=\"elementor-element elementor-element-9d97a97 e-flex e-con-boxed e-con e-parent\" data-id=\"9d97a97\" data-element_type=\"container\" data-e-type=\"container\">\n\t\t\t\t\t<div class=\"e-con-inner\">\n\t\t\t\t<div class=\"elementor-element elementor-element-574d8d1 elementor-widget elementor-widget-text-editor\" data-id=\"574d8d1\" data-element_type=\"widget\" data-e-type=\"widget\" data-widget_type=\"text-editor.default\">\n\t\t\t\t<div class=\"elementor-widget-container\">\n\t\t\t\t\t\t\t\t\t<p>\ud83e\uddfc <strong>Funda Lavable para una Limpieza F\u00e1cil:<\/strong> Gracias a su cremallera en la parte inferior, puedes retirar el coj\u00edn central y lavar la funda para eliminar la suciedad y los olores. Mantener una vida higi\u00e9nica para ti y tu mascota nunca ha sido tan f\u00e1cil.<\/p><p>\u00a0<\/p><p>\ud83d\udeab <strong>Antideslizante para Seguridad Extra:<\/strong> Equipada con puntos de goma antideslizantes en la parte inferior, esta cama garantiza que tu perro se sienta seguro al entrar y salir, especialmente para perros mayores o cachorros en\u00e9rgicos. \u00a1Adi\u00f3s a las preocupaciones por los resbalones!<\/p><p>\u00a0<\/p><p>\ud83d\udccf <strong>Tama\u00f1o Ideal para Perros Medianos:<\/strong> Con unas dimensiones de 70 x 20 cm (Di\u00e1metro x Altura), esta cama es perfecta para perros medianos de hasta 17 kg. Viene envasada al vac\u00edo para facilitar su transporte, \u00a1pero solo necesitas agitarla para que recupere su tama\u00f1o normal!<\/p><p>\u00a0<\/p><p><strong>\u00a1Dale a tu perro el confort que se merece con la Cama Feandrea!<\/strong> Con su suavidad, comodidad y facilidad de limpieza, esta cama se convertir\u00e1 en el lugar favorito de tu mascota para relajarse y descansar. \u00a1Haz clic ahora y reg\u00e1lale a tu peludo amigo el mejor descanso posible!<\/p>\t\t\t\t\t\t\t\t<\/div>\n\t\t\t\t<\/div>\n\t\t\t\t<div class=\"elementor-element elementor-element-676eaf9 elementor-align-right elementor-widget elementor-widget-button\" data-id=\"676eaf9\" data-element_type=\"widget\" data-e-type=\"widget\" data-widget_type=\"button.default\">\n\t\t\t\t<div class=\"elementor-widget-container\">\n\t\t\t\t\t\t\t\t\t<div class=\"elementor-button-wrapper\">\n\t\t\t\t\t<a class=\"elementor-button elementor-button-link elementor-size-sm\" href=\"https:\/\/amzn.to\/3UgYzhJ\" target=\"_blank\">\n\t\t\t\t\t\t<span class=\"elementor-button-content-wrapper\">\n\t\t\t\t\t\t\t\t\t<span class=\"elementor-button-text\">Compra ahora en Amazon<\/span>\n\t\t\t\t\t<\/span>\n\t\t\t\t\t<\/a>\n\t\t\t\t<\/div>\n\t\t\t\t\t\t\t\t<\/div>\n\t\t\t\t<\/div>\n\t\t\t\t\t<\/div>\n\t\t\t\t<\/div>\n\t\t<div class=\"elementor-element elementor-element-ee8d535 e-flex e-con-boxed e-con e-parent\" data-id=\"ee8d535\" data-element_type=\"container\" data-e-type=\"container\">\n\t\t\t\t\t<div class=\"e-con-inner\">\n\t\t\t\t<div class=\"elementor-element elementor-element-7fd375c elementor-arrows-position-inside elementor-pagination-position-outside elementor-widget elementor-widget-image-carousel\" data-id=\"7fd375c\" data-element_type=\"widget\" data-e-type=\"widget\" data-settings=\"{&quot;slides_to_show&quot;:&quot;1&quot;,&quot;navigation&quot;:&quot;both&quot;,&quot;autoplay&quot;:&quot;yes&quot;,&quot;pause_on_hover&quot;:&quot;yes&quot;,&quot;pause_on_interaction&quot;:&quot;yes&quot;,&quot;autoplay_speed&quot;:5000,&quot;infinite&quot;:&quot;yes&quot;,&quot;effect&quot;:&quot;slide&quot;,&quot;speed&quot;:500}\" data-widget_type=\"image-carousel.default\">\n\t\t\t\t<div class=\"elementor-widget-container\">\n\t\t\t\t\t\t\t<div class=\"elementor-image-carousel-wrapper swiper\" role=\"region\" aria-roledescription=\"carousel\" aria-label=\"Carrusel de im\u00e1genes\" dir=\"ltr\">\n\t\t\t<div class=\"elementor-image-carousel swiper-wrapper\" aria-live=\"off\">\n\t\t\t\t\t\t\t\t<div class=\"swiper-slide\" role=\"group\" aria-roledescription=\"slide\" aria-label=\"1 de 5\"><figure class=\"swiper-slide-inner\"><img decoding=\"async\" class=\"swiper-slide-image\" src=\"https:\/\/mundoanimalito.com\/wp-content\/uploads\/2024\/04\/91wpvtTch2L._AC_SL1500_-768x960.jpg\" alt=\"FEANDREA Cama de Perros, Cama para Mascotas, Coj\u00edn Central Extra\u00edble y Lavable, Alfombra de Felpa Suave y Mullida, 70 cm de Di\u00e1metro, Gris Ombr\u00e9 PGW039G01\" \/><\/figure><\/div><div class=\"swiper-slide\" role=\"group\" aria-roledescription=\"slide\" aria-label=\"2 de 5\"><figure class=\"swiper-slide-inner\"><img decoding=\"async\" class=\"swiper-slide-image\" src=\"https:\/\/mundoanimalito.com\/wp-content\/uploads\/2024\/04\/91u9DwZlMgL._AC_SL1500_-768x960.jpg\" alt=\"FEANDREA Cama de Perros, Cama para Mascotas, Coj\u00edn Central Extra\u00edble y Lavable, Alfombra de Felpa Suave y Mullida, 70 cm de Di\u00e1metro, Gris Ombr\u00e9 PGW039G01\" \/><\/figure><\/div><div class=\"swiper-slide\" role=\"group\" aria-roledescription=\"slide\" aria-label=\"3 de 5\"><figure class=\"swiper-slide-inner\"><img decoding=\"async\" class=\"swiper-slide-image\" src=\"https:\/\/mundoanimalito.com\/wp-content\/uploads\/2024\/04\/81hmPxOlhcL._AC_SL1500_-768x960.jpg\" alt=\"FEANDREA Cama de Perros, Cama para Mascotas, Coj\u00edn Central Extra\u00edble y Lavable, Alfombra de Felpa Suave y Mullida, 70 cm de Di\u00e1metro, Gris Ombr\u00e9 PGW039G01\" \/><\/figure><\/div><div class=\"swiper-slide\" role=\"group\" aria-roledescription=\"slide\" aria-label=\"4 de 5\"><figure class=\"swiper-slide-inner\"><img decoding=\"async\" class=\"swiper-slide-image\" src=\"https:\/\/mundoanimalito.com\/wp-content\/uploads\/2024\/04\/91na79GfcL._AC_SL1500_-768x960.jpg\" alt=\"FEANDREA Cama de Perros, Cama para Mascotas, Coj\u00edn Central Extra\u00edble y Lavable, Alfombra de Felpa Suave y Mullida, 70 cm de Di\u00e1metro, Gris Ombr\u00e9 PGW039G01\" \/><\/figure><\/div><div class=\"swiper-slide\" role=\"group\" aria-roledescription=\"slide\" aria-label=\"5 de 5\"><figure class=\"swiper-slide-inner\"><img decoding=\"async\" class=\"swiper-slide-image\" src=\"https:\/\/mundoanimalito.com\/wp-content\/uploads\/2024\/04\/91pWMlWrZ3L._AC_SL1500_-768x960.jpg\" alt=\"FEANDREA Cama de Perros, Cama para Mascotas, Coj\u00edn Central Extra\u00edble y Lavable, Alfombra de Felpa Suave y Mullida, 70 cm de Di\u00e1metro, Gris Ombr\u00e9 PGW039G01\" \/><\/figure><\/div>\t\t\t<\/div>\n\t\t\t\t\t\t\t\t\t\t\t\t<div class=\"elementor-swiper-button elementor-swiper-button-prev\" role=\"button\" tabindex=\"0\">\n\t\t\t\t\t\t<i aria-hidden=\"true\" class=\"eicon-chevron-left\"><\/i>\t\t\t\t\t<\/div>\n\t\t\t\t\t<div class=\"elementor-swiper-button elementor-swiper-button-next\" role=\"button\" tabindex=\"0\">\n\t\t\t\t\t\t<i aria-hidden=\"true\" class=\"eicon-chevron-right\"><\/i>\t\t\t\t\t<\/div>\n\t\t\t\t\n\t\t\t\t\t\t\t\t\t<div class=\"swiper-pagination\"><\/div>\n\t\t\t\t\t\t\t\t\t<\/div>\n\t\t\t\t\t\t<\/div>\n\t\t\t\t<\/div>\n\t\t\t\t\t<\/div>\n\t\t\t\t<\/div>\n\t\t<div class=\"elementor-element elementor-element-4eacdd6 e-flex e-con-boxed e-con e-parent\" data-id=\"4eacdd6\" data-element_type=\"container\" data-e-type=\"container\">\n\t\t\t\t\t<div class=\"e-con-inner\">\n\t\t\t\t<div class=\"elementor-element elementor-element-96e1284 elementor-align-right elementor-widget elementor-widget-button\" data-id=\"96e1284\" data-element_type=\"widget\" data-e-type=\"widget\" data-widget_type=\"button.default\">\n\t\t\t\t<div class=\"elementor-widget-container\">\n\t\t\t\t\t\t\t\t\t<div class=\"elementor-button-wrapper\">\n\t\t\t\t\t<a class=\"elementor-button elementor-button-link elementor-size-sm\" href=\"https:\/\/amzn.to\/3UgYzhJ\" target=\"_blank\">\n\t\t\t\t\t\t<span class=\"elementor-button-content-wrapper\">\n\t\t\t\t\t\t\t\t\t<span class=\"elementor-button-text\">Compra ahora en Amazon<\/span>\n\t\t\t\t\t<\/span>\n\t\t\t\t\t<\/a>\n\t\t\t\t<\/div>\n\t\t\t\t\t\t\t\t<\/div>\n\t\t\t\t<\/div>\n\t\t\t\t\t<\/div>\n\t\t\t\t<\/div>\n\t\t\t\t<\/div>\n\t\t","protected":false},"excerpt":{"rendered":"<p>\u00bfBuscas proporcionarle a tu perro un lugar acogedor y c\u00f3modo para descansar? La Cama Feandrea ofrece una soluci\u00f3n ideal para que tu mascota disfrute de un sue\u00f1o reparador y placentero, con beneficios que garantizan su comodidad y tu tranquilidad. \ud83d\udc3e Felpa de Pelo Largo, Suavidad Infinita: Con su tejido de felpa de pelo largo de [&hellip;]<\/p>\n","protected":false},"author":1,"featured_media":0,"parent":0,"menu_order":0,"comment_status":"closed","ping_status":"closed","template":"","meta":{"site-sidebar-layout":"no-sidebar","site-content-layout":"page-builder","ast-site-content-layout":"full-width-container","site-content-style":"default","site-sidebar-style":"default","ast-global-header-display":"","ast-banner-title-visibility":"","ast-main-header-display":"","ast-hfb-above-header-display":"","ast-hfb-below-header-display":"","ast-hfb-mobile-header-display":"","site-post-title":"disabled","ast-breadcrumbs-content":"","ast-featured-img":"disabled","footer-sml-layout":"","ast-disable-related-posts":"","theme-transparent-header-meta":"","adv-header-id-meta":"","stick-header-meta":"","header-above-stick-meta":"","header-main-stick-meta":"","header-below-stick-meta":"","astra-migrate-meta-layouts":"set","ast-page-background-enabled":"default","ast-page-background-meta":{"desktop":{"background-color":"var(--ast-global-color-4)","background-image":"","background-repeat":"repeat","background-position":"center center","background-size":"auto","background-attachment":"scroll","background-type":"","background-media":"","overlay-type":"","overlay-color":"","overlay-opacity":"","overlay-gradient":""},"tablet":{"background-color":"","background-image":"","background-repeat":"repeat","background-position":"center center","background-size":"auto","background-attachment":"scroll","background-type":"","background-media":"","overlay-type":"","overlay-color":"","overlay-opacity":"","overlay-gradient":""},"mobile":{"background-color":"","background-image":"","background-repeat":"repeat","background-position":"center center","background-size":"auto","background-attachment":"scroll","background-type":"","background-media":"","overlay-type":"","overlay-color":"","overlay-opacity":"","overlay-gradient":""}},"ast-content-background-meta":{"desktop":{"background-color":"var(--ast-global-color-5)","background-image":"","background-repeat":"repeat","background-position":"center center","background-size":"auto","background-attachment":"scroll","background-type":"","background-media":"","overlay-type":"","overlay-color":"","overlay-opacity":"","overlay-gradient":""},"tablet":{"background-color":"var(--ast-global-color-5)","background-image":"","background-repeat":"repeat","background-position":"center center","background-size":"auto","background-attachment":"scroll","background-type":"","background-media":"","overlay-type":"","overlay-color":"","overlay-opacity":"","overlay-gradient":""},"mobile":{"background-color":"var(--ast-global-color-5)","background-image":"","background-repeat":"repeat","background-position":"center center","background-size":"auto","background-attachment":"scroll","background-type":"","background-media":"","overlay-type":"","overlay-color":"","overlay-opacity":"","overlay-gradient":""}},"footnotes":""},"class_list":["post-29664","page","type-page","status-publish","hentry"],"yoast_head":"<!-- This site is optimized with the Yoast SEO plugin v27.4 - https:\/\/yoast.com\/product\/yoast-seo-wordpress\/ -->\n<title>Feandrea Cama de Perros, Coj\u00edn Central | Mundo Animalito<\/title>\n<meta name=\"description\" content=\"Feandrea Cama de Perros, Cama para Perros, Coj\u00edn Central Extra\u00edble y Lavable, Alfombra de Felpa Suave y Mullida, 70 cm de Di\u00e1metro, Gris PGW039G01\" \/>\n<meta name=\"robots\" content=\"index, follow, max-snippet:-1, max-image-preview:large, max-video-preview:-1\" \/>\n<link rel=\"canonical\" href=\"https:\/\/mundoanimalito.com\/index.php\/feandrea-cama-de-perros-cama-para-mascotas-cojin-central-extraible-y-lavable\/\" \/>\n<meta property=\"og:locale\" content=\"es_ES\" \/>\n<meta property=\"og:type\" content=\"article\" \/>\n<meta property=\"og:title\" content=\"Feandrea Cama de Perros, Coj\u00edn Central | Mundo Animalito\" \/>\n<meta property=\"og:description\" content=\"Feandrea Cama de Perros, Cama para Perros, Coj\u00edn Central Extra\u00edble y Lavable, Alfombra de Felpa Suave y Mullida, 70 cm de Di\u00e1metro, Gris PGW039G01\" \/>\n<meta property=\"og:url\" content=\"https:\/\/mundoanimalito.com\/index.php\/feandrea-cama-de-perros-cama-para-mascotas-cojin-central-extraible-y-lavable\/\" \/>\n<meta property=\"og:site_name\" content=\"Mundo Animalito\" \/>\n<meta property=\"article:publisher\" content=\"https:\/\/www.facebook.com\/mundoanimalito77\" \/>\n<meta property=\"article:modified_time\" content=\"2024-09-04T22:36:32+00:00\" \/>\n<meta property=\"og:image\" content=\"https:\/\/mundoanimalito.com\/wp-content\/uploads\/2024\/04\/000-1-1-1024x557.jpg\" \/>\n<meta name=\"twitter:card\" content=\"summary_large_image\" \/>\n<meta name=\"twitter:label1\" content=\"Tiempo de lectura\" \/>\n\t<meta name=\"twitter:data1\" content=\"3 minutos\" \/>\n<script type=\"application\/ld+json\" class=\"yoast-schema-graph\">{\"@context\":\"https:\\\/\\\/schema.org\",\"@graph\":[{\"@type\":\"WebPage\",\"@id\":\"https:\\\/\\\/mundoanimalito.com\\\/index.php\\\/feandrea-cama-de-perros-cama-para-mascotas-cojin-central-extraible-y-lavable\\\/\",\"url\":\"https:\\\/\\\/mundoanimalito.com\\\/index.php\\\/feandrea-cama-de-perros-cama-para-mascotas-cojin-central-extraible-y-lavable\\\/\",\"name\":\"Feandrea Cama de Perros, Coj\u00edn Central | Mundo Animalito\",\"isPartOf\":{\"@id\":\"https:\\\/\\\/mundoanimalito.com\\\/#website\"},\"primaryImageOfPage\":{\"@id\":\"https:\\\/\\\/mundoanimalito.com\\\/index.php\\\/feandrea-cama-de-perros-cama-para-mascotas-cojin-central-extraible-y-lavable\\\/#primaryimage\"},\"image\":{\"@id\":\"https:\\\/\\\/mundoanimalito.com\\\/index.php\\\/feandrea-cama-de-perros-cama-para-mascotas-cojin-central-extraible-y-lavable\\\/#primaryimage\"},\"thumbnailUrl\":\"https:\\\/\\\/mundoanimalito.com\\\/wp-content\\\/uploads\\\/2024\\\/04\\\/000-1-1-1024x557.jpg\",\"datePublished\":\"2024-04-27T23:44:03+00:00\",\"dateModified\":\"2024-09-04T22:36:32+00:00\",\"description\":\"Feandrea Cama de Perros, Cama para Perros, Coj\u00edn Central Extra\u00edble y Lavable, Alfombra de Felpa Suave y Mullida, 70 cm de Di\u00e1metro, Gris PGW039G01\",\"breadcrumb\":{\"@id\":\"https:\\\/\\\/mundoanimalito.com\\\/index.php\\\/feandrea-cama-de-perros-cama-para-mascotas-cojin-central-extraible-y-lavable\\\/#breadcrumb\"},\"inLanguage\":\"es\",\"potentialAction\":[{\"@type\":\"ReadAction\",\"target\":[\"https:\\\/\\\/mundoanimalito.com\\\/index.php\\\/feandrea-cama-de-perros-cama-para-mascotas-cojin-central-extraible-y-lavable\\\/\"]}]},{\"@type\":\"ImageObject\",\"inLanguage\":\"es\",\"@id\":\"https:\\\/\\\/mundoanimalito.com\\\/index.php\\\/feandrea-cama-de-perros-cama-para-mascotas-cojin-central-extraible-y-lavable\\\/#primaryimage\",\"url\":\"https:\\\/\\\/mundoanimalito.com\\\/wp-content\\\/uploads\\\/2024\\\/04\\\/000-1-1.jpg\",\"contentUrl\":\"https:\\\/\\\/mundoanimalito.com\\\/wp-content\\\/uploads\\\/2024\\\/04\\\/000-1-1.jpg\",\"width\":1500,\"height\":816},{\"@type\":\"BreadcrumbList\",\"@id\":\"https:\\\/\\\/mundoanimalito.com\\\/index.php\\\/feandrea-cama-de-perros-cama-para-mascotas-cojin-central-extraible-y-lavable\\\/#breadcrumb\",\"itemListElement\":[{\"@type\":\"ListItem\",\"position\":1,\"name\":\"Portada\",\"item\":\"https:\\\/\\\/mundoanimalito.com\\\/\"},{\"@type\":\"ListItem\",\"position\":2,\"name\":\"FEANDREA Cama de Perros, Cama para Mascotas, Coj\u00edn Central Extra\u00edble y Lavable\"}]},{\"@type\":\"WebSite\",\"@id\":\"https:\\\/\\\/mundoanimalito.com\\\/#website\",\"url\":\"https:\\\/\\\/mundoanimalito.com\\\/\",\"name\":\"Mundo Animalito\",\"description\":\"Datos y curiosidades de los animales, encuentra ac\u00e1 todo para tu mascota\",\"publisher\":{\"@id\":\"https:\\\/\\\/mundoanimalito.com\\\/#organization\"},\"potentialAction\":[{\"@type\":\"SearchAction\",\"target\":{\"@type\":\"EntryPoint\",\"urlTemplate\":\"https:\\\/\\\/mundoanimalito.com\\\/?s={search_term_string}\"},\"query-input\":{\"@type\":\"PropertyValueSpecification\",\"valueRequired\":true,\"valueName\":\"search_term_string\"}}],\"inLanguage\":\"es\"},{\"@type\":\"Organization\",\"@id\":\"https:\\\/\\\/mundoanimalito.com\\\/#organization\",\"name\":\"Mundo Animalito\",\"url\":\"https:\\\/\\\/mundoanimalito.com\\\/\",\"logo\":{\"@type\":\"ImageObject\",\"inLanguage\":\"es\",\"@id\":\"https:\\\/\\\/mundoanimalito.com\\\/#\\\/schema\\\/logo\\\/image\\\/\",\"url\":\"https:\\\/\\\/mundoanimalito.com\\\/wp-content\\\/uploads\\\/2023\\\/10\\\/cropped-cropped-LOGO-OFICIAL-ULTIMA-VERSION-1.jpg\",\"contentUrl\":\"https:\\\/\\\/mundoanimalito.com\\\/wp-content\\\/uploads\\\/2023\\\/10\\\/cropped-cropped-LOGO-OFICIAL-ULTIMA-VERSION-1.jpg\",\"width\":374,\"height\":425,\"caption\":\"Mundo Animalito\"},\"image\":{\"@id\":\"https:\\\/\\\/mundoanimalito.com\\\/#\\\/schema\\\/logo\\\/image\\\/\"},\"sameAs\":[\"https:\\\/\\\/www.facebook.com\\\/mundoanimalito77\",\"https:\\\/\\\/www.instagram.com\\\/mundoanimalito77\\\/\",\"https:\\\/\\\/www.tiktok.com\\\/@mundoanimalito77\",\"https:\\\/\\\/www.youtube.com\\\/channel\\\/UCLo2JhNUNtHVraDt5aHadew\"]}]}<\/script>\n<!-- \/ Yoast SEO plugin. -->","yoast_head_json":{"title":"Feandrea Cama de Perros, Coj\u00edn Central | Mundo Animalito","description":"Feandrea Cama de Perros, Cama para Perros, Coj\u00edn Central Extra\u00edble y Lavable, Alfombra de Felpa Suave y Mullida, 70 cm de Di\u00e1metro, Gris PGW039G01","robots":{"index":"index","follow":"follow","max-snippet":"max-snippet:-1","max-image-preview":"max-image-preview:large","max-video-preview":"max-video-preview:-1"},"canonical":"https:\/\/mundoanimalito.com\/index.php\/feandrea-cama-de-perros-cama-para-mascotas-cojin-central-extraible-y-lavable\/","og_locale":"es_ES","og_type":"article","og_title":"Feandrea Cama de Perros, Coj\u00edn Central | Mundo Animalito","og_description":"Feandrea Cama de Perros, Cama para Perros, Coj\u00edn Central Extra\u00edble y Lavable, Alfombra de Felpa Suave y Mullida, 70 cm de Di\u00e1metro, Gris PGW039G01","og_url":"https:\/\/mundoanimalito.com\/index.php\/feandrea-cama-de-perros-cama-para-mascotas-cojin-central-extraible-y-lavable\/","og_site_name":"Mundo Animalito","article_publisher":"https:\/\/www.facebook.com\/mundoanimalito77","article_modified_time":"2024-09-04T22:36:32+00:00","og_image":[{"url":"https:\/\/mundoanimalito.com\/wp-content\/uploads\/2024\/04\/000-1-1-1024x557.jpg","type":"","width":"","height":""}],"twitter_card":"summary_large_image","twitter_misc":{"Tiempo de lectura":"3 minutos"},"schema":{"@context":"https:\/\/schema.org","@graph":[{"@type":"WebPage","@id":"https:\/\/mundoanimalito.com\/index.php\/feandrea-cama-de-perros-cama-para-mascotas-cojin-central-extraible-y-lavable\/","url":"https:\/\/mundoanimalito.com\/index.php\/feandrea-cama-de-perros-cama-para-mascotas-cojin-central-extraible-y-lavable\/","name":"Feandrea Cama de Perros, Coj\u00edn Central | Mundo Animalito","isPartOf":{"@id":"https:\/\/mundoanimalito.com\/#website"},"primaryImageOfPage":{"@id":"https:\/\/mundoanimalito.com\/index.php\/feandrea-cama-de-perros-cama-para-mascotas-cojin-central-extraible-y-lavable\/#primaryimage"},"image":{"@id":"https:\/\/mundoanimalito.com\/index.php\/feandrea-cama-de-perros-cama-para-mascotas-cojin-central-extraible-y-lavable\/#primaryimage"},"thumbnailUrl":"https:\/\/mundoanimalito.com\/wp-content\/uploads\/2024\/04\/000-1-1-1024x557.jpg","datePublished":"2024-04-27T23:44:03+00:00","dateModified":"2024-09-04T22:36:32+00:00","description":"Feandrea Cama de Perros, Cama para Perros, Coj\u00edn Central Extra\u00edble y Lavable, Alfombra de Felpa Suave y Mullida, 70 cm de Di\u00e1metro, Gris PGW039G01","breadcrumb":{"@id":"https:\/\/mundoanimalito.com\/index.php\/feandrea-cama-de-perros-cama-para-mascotas-cojin-central-extraible-y-lavable\/#breadcrumb"},"inLanguage":"es","potentialAction":[{"@type":"ReadAction","target":["https:\/\/mundoanimalito.com\/index.php\/feandrea-cama-de-perros-cama-para-mascotas-cojin-central-extraible-y-lavable\/"]}]},{"@type":"ImageObject","inLanguage":"es","@id":"https:\/\/mundoanimalito.com\/index.php\/feandrea-cama-de-perros-cama-para-mascotas-cojin-central-extraible-y-lavable\/#primaryimage","url":"https:\/\/mundoanimalito.com\/wp-content\/uploads\/2024\/04\/000-1-1.jpg","contentUrl":"https:\/\/mundoanimalito.com\/wp-content\/uploads\/2024\/04\/000-1-1.jpg","width":1500,"height":816},{"@type":"BreadcrumbList","@id":"https:\/\/mundoanimalito.com\/index.php\/feandrea-cama-de-perros-cama-para-mascotas-cojin-central-extraible-y-lavable\/#breadcrumb","itemListElement":[{"@type":"ListItem","position":1,"name":"Portada","item":"https:\/\/mundoanimalito.com\/"},{"@type":"ListItem","position":2,"name":"FEANDREA Cama de Perros, Cama para Mascotas, Coj\u00edn Central Extra\u00edble y Lavable"}]},{"@type":"WebSite","@id":"https:\/\/mundoanimalito.com\/#website","url":"https:\/\/mundoanimalito.com\/","name":"Mundo Animalito","description":"Datos y curiosidades de los animales, encuentra ac\u00e1 todo para tu mascota","publisher":{"@id":"https:\/\/mundoanimalito.com\/#organization"},"potentialAction":[{"@type":"SearchAction","target":{"@type":"EntryPoint","urlTemplate":"https:\/\/mundoanimalito.com\/?s={search_term_string}"},"query-input":{"@type":"PropertyValueSpecification","valueRequired":true,"valueName":"search_term_string"}}],"inLanguage":"es"},{"@type":"Organization","@id":"https:\/\/mundoanimalito.com\/#organization","name":"Mundo Animalito","url":"https:\/\/mundoanimalito.com\/","logo":{"@type":"ImageObject","inLanguage":"es","@id":"https:\/\/mundoanimalito.com\/#\/schema\/logo\/image\/","url":"https:\/\/mundoanimalito.com\/wp-content\/uploads\/2023\/10\/cropped-cropped-LOGO-OFICIAL-ULTIMA-VERSION-1.jpg","contentUrl":"https:\/\/mundoanimalito.com\/wp-content\/uploads\/2023\/10\/cropped-cropped-LOGO-OFICIAL-ULTIMA-VERSION-1.jpg","width":374,"height":425,"caption":"Mundo Animalito"},"image":{"@id":"https:\/\/mundoanimalito.com\/#\/schema\/logo\/image\/"},"sameAs":["https:\/\/www.facebook.com\/mundoanimalito77","https:\/\/www.instagram.com\/mundoanimalito77\/","https:\/\/www.tiktok.com\/@mundoanimalito77","https:\/\/www.youtube.com\/channel\/UCLo2JhNUNtHVraDt5aHadew"]}]}},"_links":{"self":[{"href":"https:\/\/mundoanimalito.com\/index.php\/wp-json\/wp\/v2\/pages\/29664","targetHints":{"allow":["GET"]}}],"collection":[{"href":"https:\/\/mundoanimalito.com\/index.php\/wp-json\/wp\/v2\/pages"}],"about":[{"href":"https:\/\/mundoanimalito.com\/index.php\/wp-json\/wp\/v2\/types\/page"}],"author":[{"embeddable":true,"href":"https:\/\/mundoanimalito.com\/index.php\/wp-json\/wp\/v2\/users\/1"}],"replies":[{"embeddable":true,"href":"https:\/\/mundoanimalito.com\/index.php\/wp-json\/wp\/v2\/comments?post=29664"}],"version-history":[{"count":0,"href":"https:\/\/mundoanimalito.com\/index.php\/wp-json\/wp\/v2\/pages\/29664\/revisions"}],"wp:attachment":[{"href":"https:\/\/mundoanimalito.com\/index.php\/wp-json\/wp\/v2\/media?parent=29664"}],"curies":[{"name":"wp","href":"https:\/\/api.w.org\/{rel}","templated":true}]}}