{"id":29501,"date":"2024-04-27T15:16:47","date_gmt":"2024-04-27T20:16:47","guid":{"rendered":"https:\/\/mundoanimalito.com\/?page_id=29501"},"modified":"2024-09-03T17:40:03","modified_gmt":"2024-09-03T22:40:03","slug":"bedsure-cama-perro-impermeable-grande-91x68x10-cm-colchon-perro-lavable","status":"publish","type":"page","link":"https:\/\/mundoanimalito.com\/index.php\/bedsure-cama-perro-impermeable-grande-91x68x10-cm-colchon-perro-lavable\/","title":{"rendered":"Bedsure Cama Perro Impermeable Grande &#8211; 91x68x10 cm Colch\u00f3n Perro Lavable"},"content":{"rendered":"\t\t<div data-elementor-type=\"wp-page\" data-elementor-id=\"29501\" class=\"elementor elementor-29501\" data-elementor-post-type=\"page\">\n\t\t\t\t<div class=\"elementor-element elementor-element-503fe1b e-flex e-con-boxed e-con e-parent\" data-id=\"503fe1b\" data-element_type=\"container\" data-e-type=\"container\">\n\t\t\t\t\t<div class=\"e-con-inner\">\n\t\t\t\t<div class=\"elementor-element elementor-element-4946191 elementor-invisible elementor-widget elementor-widget-heading\" data-id=\"4946191\" data-element_type=\"widget\" data-e-type=\"widget\" data-settings=\"{&quot;_animation&quot;:&quot;fadeInDown&quot;}\" data-widget_type=\"heading.default\">\n\t\t\t\t<div class=\"elementor-widget-container\">\n\t\t\t\t\t<h2 class=\"elementor-heading-title elementor-size-default\">\u00bfBuscas brindarle a tu perro el descanso que se merece? La Cama Bedsure es la soluci\u00f3n perfecta para tu peludo amigo. Con una construcci\u00f3n cuidadosamente dise\u00f1ada y una tela de alta calidad<\/h2>\t\t\t\t<\/div>\n\t\t\t\t<\/div>\n\t\t\t\t\t<\/div>\n\t\t\t\t<\/div>\n\t\t<div class=\"elementor-element elementor-element-095139d e-flex e-con-boxed e-con e-parent\" data-id=\"095139d\" data-element_type=\"container\" data-e-type=\"container\">\n\t\t\t\t\t<div class=\"e-con-inner\">\n\t\t<div class=\"elementor-element elementor-element-676dc2b e-con-full e-flex e-con e-child\" data-id=\"676dc2b\" data-element_type=\"container\" data-e-type=\"container\">\n\t\t\t\t<div class=\"elementor-element elementor-element-44d65c8 elementor-widget elementor-widget-image\" data-id=\"44d65c8\" data-element_type=\"widget\" data-e-type=\"widget\" data-widget_type=\"image.default\">\n\t\t\t\t<div class=\"elementor-widget-container\">\n\t\t\t\t\t\t\t\t\t\t\t\t\t\t\t\t<a href=\"https:\/\/amzn.to\/3UldDuY\" target=\"_blank\">\n\t\t\t\t\t\t\t<img fetchpriority=\"high\" decoding=\"async\" width=\"1024\" height=\"545\" src=\"https:\/\/mundoanimalito.com\/wp-content\/uploads\/2024\/04\/613iUk1h2UL._AC_SL1500_-1024x545.jpg\" class=\"attachment-large size-large wp-image-29485\" alt=\"Bedsure Cama Perro Impermeable Grande - 91x68x10 cm Colch\u00f3n Perro Lavable, Coj\u00edn Perro Antipelo y Suave, Gris, L\" srcset=\"https:\/\/mundoanimalito.com\/wp-content\/uploads\/2024\/04\/613iUk1h2UL._AC_SL1500_-1024x545.jpg 1024w, https:\/\/mundoanimalito.com\/wp-content\/uploads\/2024\/04\/613iUk1h2UL._AC_SL1500_-300x160.jpg 300w, https:\/\/mundoanimalito.com\/wp-content\/uploads\/2024\/04\/613iUk1h2UL._AC_SL1500_-768x409.jpg 768w, https:\/\/mundoanimalito.com\/wp-content\/uploads\/2024\/04\/613iUk1h2UL._AC_SL1500_.jpg 1500w\" sizes=\"(max-width: 1024px) 100vw, 1024px\" \/>\t\t\t\t\t\t\t\t<\/a>\n\t\t\t\t\t\t\t\t\t\t\t\t\t\t\t<\/div>\n\t\t\t\t<\/div>\n\t\t\t\t<\/div>\n\t\t<div class=\"elementor-element elementor-element-5095467 e-con-full e-flex e-con e-child\" data-id=\"5095467\" data-element_type=\"container\" data-e-type=\"container\">\n\t\t\t\t<div class=\"elementor-element elementor-element-4d6ffd4 elementor-widget elementor-widget-text-editor\" data-id=\"4d6ffd4\" data-element_type=\"widget\" data-e-type=\"widget\" data-widget_type=\"text-editor.default\">\n\t\t\t\t<div class=\"elementor-widget-container\">\n\t\t\t\t\t\t\t\t\t<p>\u00a0<\/p><p>\ud83d\udc3e <strong>Construcci\u00f3n de Calidad:<\/strong> Dise\u00f1ada con una construcci\u00f3n individual, la Cama Bedsure proporciona a tus adorables perros y gatos un lugar c\u00f3modo para descansar. Con un dise\u00f1o de coj\u00edn con microfibra plisada, esta cama crea un espacio c\u00e1lido y tranquilo para que tu mascota se relaje y descanse pl\u00e1cidamente.<\/p><p>\u00a0<\/p><p>\ud83d\udca7 <strong>Funda Impermeable y Lavable:<\/strong> Fabricada con tela 100% Oxford, la cama es resistente al agua y se puede lavar a m\u00e1quina para facilitar su cuidado. Olv\u00eddate de preocuparte por el sudor de tu perro o los accidentes de orina, \u00a1esta cama mantendr\u00e1 tu habitaci\u00f3n limpia y fresca!<\/p>\t\t\t\t\t\t\t\t<\/div>\n\t\t\t\t<\/div>\n\t\t\t\t<\/div>\n\t\t\t\t\t<\/div>\n\t\t\t\t<\/div>\n\t\t<div class=\"elementor-element elementor-element-4107551 e-flex e-con-boxed e-con e-parent\" data-id=\"4107551\" data-element_type=\"container\" data-e-type=\"container\">\n\t\t\t\t\t<div class=\"e-con-inner\">\n\t\t\t\t<div class=\"elementor-element elementor-element-4e31447 elementor-widget elementor-widget-text-editor\" data-id=\"4e31447\" data-element_type=\"widget\" data-e-type=\"widget\" data-widget_type=\"text-editor.default\">\n\t\t\t\t<div class=\"elementor-widget-container\">\n\t\t\t\t\t\t\t\t\t<p>\ud83d\udc36 <strong>Dise\u00f1o Cuidadoso:<\/strong> El colch\u00f3n para perros de una pieza est\u00e1 dise\u00f1ado para la comodidad de tu mascota. Lleno de microfibra de excelente calidad en c\u00e1maras separadas y con un dise\u00f1o reversible ultra suave, esta cama ofrece el lugar ideal para que tu mascota descanse y se relaje. Adem\u00e1s, los puntos de la cama est\u00e1n bien cosidos para resistir la deformaci\u00f3n, asegurando durabilidad a largo plazo.<\/p><p>\u00a0<\/p><p>\ud83c\udfe1 <strong>Versatilidad de Uso:<\/strong> Perfecta para perros, gatos, conejos y otros animales, esta cama se adapta a diversas necesidades. Puede utilizarse en jaulas, portadores, casas de mascotas, camas elevadas para perros o simplemente como una c\u00f3moda cama para tu peludo amigo. \u00a1Tu mascota encontrar\u00e1 en la Cama Bedsure su lugar m\u00e1s acogedor y bienvenido!<\/p><p>\u00a0<\/p><p>\ud83c\udf31 <strong>Caracter\u00edsticas de Sostenibilidad:<\/strong> Reconocida por certificaciones de confianza, la Cama Bedsure est\u00e1 fabricada con productos qu\u00edmicos m\u00e1s seguros para la salud humana y el medioambiente, seg\u00fan lo certificado por OEKO-TEX STANDARD 100.<\/p><p>\u00a0<\/p><p>\u00a1Brinda a tu perro el descanso que se merece con la Cama Bedsure! Confort, durabilidad y limpieza se combinan en esta cama dise\u00f1ada para el bienestar de tu mascota. \u00a1Haz que cada momento de descanso sea especial para tu peludo amigo!<\/p>\t\t\t\t\t\t\t\t<\/div>\n\t\t\t\t<\/div>\n\t\t\t\t<div class=\"elementor-element elementor-element-2f25c73 elementor-align-right elementor-widget elementor-widget-button\" data-id=\"2f25c73\" data-element_type=\"widget\" data-e-type=\"widget\" data-widget_type=\"button.default\">\n\t\t\t\t<div class=\"elementor-widget-container\">\n\t\t\t\t\t\t\t\t\t<div class=\"elementor-button-wrapper\">\n\t\t\t\t\t<a class=\"elementor-button elementor-button-link elementor-size-sm\" href=\"https:\/\/amzn.to\/3UldDuY\" target=\"_blank\">\n\t\t\t\t\t\t<span class=\"elementor-button-content-wrapper\">\n\t\t\t\t\t\t\t\t\t<span class=\"elementor-button-text\">Compra ahora en Amazon<\/span>\n\t\t\t\t\t<\/span>\n\t\t\t\t\t<\/a>\n\t\t\t\t<\/div>\n\t\t\t\t\t\t\t\t<\/div>\n\t\t\t\t<\/div>\n\t\t\t\t\t<\/div>\n\t\t\t\t<\/div>\n\t\t<div class=\"elementor-element elementor-element-87ea6c9 e-flex e-con-boxed e-con e-parent\" data-id=\"87ea6c9\" data-element_type=\"container\" data-e-type=\"container\">\n\t\t\t\t\t<div class=\"e-con-inner\">\n\t\t\t\t<div class=\"elementor-element elementor-element-c196b24 elementor-arrows-position-inside elementor-pagination-position-outside elementor-widget elementor-widget-image-carousel\" data-id=\"c196b24\" data-element_type=\"widget\" data-e-type=\"widget\" data-settings=\"{&quot;slides_to_show&quot;:&quot;1&quot;,&quot;navigation&quot;:&quot;both&quot;,&quot;autoplay&quot;:&quot;yes&quot;,&quot;pause_on_hover&quot;:&quot;yes&quot;,&quot;pause_on_interaction&quot;:&quot;yes&quot;,&quot;autoplay_speed&quot;:5000,&quot;infinite&quot;:&quot;yes&quot;,&quot;effect&quot;:&quot;slide&quot;,&quot;speed&quot;:500}\" data-widget_type=\"image-carousel.default\">\n\t\t\t\t<div class=\"elementor-widget-container\">\n\t\t\t\t\t\t\t<div class=\"elementor-image-carousel-wrapper swiper\" role=\"region\" aria-roledescription=\"carousel\" aria-label=\"Carrusel de im\u00e1genes\" dir=\"ltr\">\n\t\t\t<div class=\"elementor-image-carousel swiper-wrapper\" aria-live=\"off\">\n\t\t\t\t\t\t\t\t<div class=\"swiper-slide\" role=\"group\" aria-roledescription=\"slide\" aria-label=\"1 de 4\"><figure class=\"swiper-slide-inner\"><img decoding=\"async\" class=\"swiper-slide-image\" src=\"https:\/\/mundoanimalito.com\/wp-content\/uploads\/2024\/04\/61H2zBgiKIL._AC_SL1500_-768x484.jpg\" alt=\"Bedsure Cama Perro Impermeable Grande - 91x68x10 cm Colch\u00f3n Perro Lavable, Coj\u00edn Perro Antipelo y Suave, Gris, L\" \/><\/figure><\/div><div class=\"swiper-slide\" role=\"group\" aria-roledescription=\"slide\" aria-label=\"2 de 4\"><figure class=\"swiper-slide-inner\"><img decoding=\"async\" class=\"swiper-slide-image\" src=\"https:\/\/mundoanimalito.com\/wp-content\/uploads\/2024\/04\/81t5Qq4Ae5L._AC_SL1500_-768x768.jpg\" alt=\"Bedsure Cama Perro Impermeable Grande - 91x68x10 cm Colch\u00f3n Perro Lavable, Coj\u00edn Perro Antipelo y Suave, Gris, L\" \/><\/figure><\/div><div class=\"swiper-slide\" role=\"group\" aria-roledescription=\"slide\" aria-label=\"3 de 4\"><figure class=\"swiper-slide-inner\"><img decoding=\"async\" class=\"swiper-slide-image\" src=\"https:\/\/mundoanimalito.com\/wp-content\/uploads\/2024\/04\/61NjF2D9iWL._AC_SL1500_-768x690.jpg\" alt=\"Bedsure Cama Perro Impermeable Grande - 91x68x10 cm Colch\u00f3n Perro Lavable, Coj\u00edn Perro Antipelo y Suave, Gris, L\" \/><\/figure><\/div><div class=\"swiper-slide\" role=\"group\" aria-roledescription=\"slide\" aria-label=\"4 de 4\"><figure class=\"swiper-slide-inner\"><img decoding=\"async\" class=\"swiper-slide-image\" src=\"https:\/\/mundoanimalito.com\/wp-content\/uploads\/2024\/04\/91Fck-eaYZL._AC_SL1500_-768x768.jpg\" alt=\"Bedsure Cama Perro Impermeable Grande - 91x68x10 cm Colch\u00f3n Perro Lavable, Coj\u00edn Perro Antipelo y Suave, Gris, L\" \/><\/figure><\/div>\t\t\t<\/div>\n\t\t\t\t\t\t\t\t\t\t\t\t<div class=\"elementor-swiper-button elementor-swiper-button-prev\" role=\"button\" tabindex=\"0\">\n\t\t\t\t\t\t<i aria-hidden=\"true\" class=\"eicon-chevron-left\"><\/i>\t\t\t\t\t<\/div>\n\t\t\t\t\t<div class=\"elementor-swiper-button elementor-swiper-button-next\" role=\"button\" tabindex=\"0\">\n\t\t\t\t\t\t<i aria-hidden=\"true\" class=\"eicon-chevron-right\"><\/i>\t\t\t\t\t<\/div>\n\t\t\t\t\n\t\t\t\t\t\t\t\t\t<div class=\"swiper-pagination\"><\/div>\n\t\t\t\t\t\t\t\t\t<\/div>\n\t\t\t\t\t\t<\/div>\n\t\t\t\t<\/div>\n\t\t\t\t\t<\/div>\n\t\t\t\t<\/div>\n\t\t<div class=\"elementor-element elementor-element-5ea2d30 e-flex e-con-boxed e-con e-parent\" data-id=\"5ea2d30\" data-element_type=\"container\" data-e-type=\"container\">\n\t\t\t\t\t<div class=\"e-con-inner\">\n\t\t\t\t<div class=\"elementor-element elementor-element-d2a5ef2 elementor-align-right elementor-widget elementor-widget-button\" data-id=\"d2a5ef2\" data-element_type=\"widget\" data-e-type=\"widget\" data-widget_type=\"button.default\">\n\t\t\t\t<div class=\"elementor-widget-container\">\n\t\t\t\t\t\t\t\t\t<div class=\"elementor-button-wrapper\">\n\t\t\t\t\t<a class=\"elementor-button elementor-button-link elementor-size-sm\" href=\"https:\/\/amzn.to\/3UldDuY\" target=\"_blank\">\n\t\t\t\t\t\t<span class=\"elementor-button-content-wrapper\">\n\t\t\t\t\t\t\t\t\t<span class=\"elementor-button-text\">Compra ahora en Amazon<\/span>\n\t\t\t\t\t<\/span>\n\t\t\t\t\t<\/a>\n\t\t\t\t<\/div>\n\t\t\t\t\t\t\t\t<\/div>\n\t\t\t\t<\/div>\n\t\t\t\t\t<\/div>\n\t\t\t\t<\/div>\n\t\t\t\t<\/div>\n\t\t","protected":false},"excerpt":{"rendered":"<p>\u00bfBuscas brindarle a tu perro el descanso que se merece? La Cama Bedsure es la soluci\u00f3n perfecta para tu peludo amigo. Con una construcci\u00f3n cuidadosamente dise\u00f1ada y una tela de alta calidad \u00a0 \ud83d\udc3e Construcci\u00f3n de Calidad: Dise\u00f1ada con una construcci\u00f3n individual, la Cama Bedsure proporciona a tus adorables perros y gatos un lugar c\u00f3modo [&hellip;]<\/p>\n","protected":false},"author":1,"featured_media":0,"parent":0,"menu_order":0,"comment_status":"closed","ping_status":"closed","template":"","meta":{"site-sidebar-layout":"no-sidebar","site-content-layout":"page-builder","ast-site-content-layout":"full-width-container","site-content-style":"default","site-sidebar-style":"default","ast-global-header-display":"","ast-banner-title-visibility":"","ast-main-header-display":"","ast-hfb-above-header-display":"","ast-hfb-below-header-display":"","ast-hfb-mobile-header-display":"","site-post-title":"disabled","ast-breadcrumbs-content":"","ast-featured-img":"disabled","footer-sml-layout":"","ast-disable-related-posts":"","theme-transparent-header-meta":"","adv-header-id-meta":"","stick-header-meta":"","header-above-stick-meta":"","header-main-stick-meta":"","header-below-stick-meta":"","astra-migrate-meta-layouts":"set","ast-page-background-enabled":"default","ast-page-background-meta":{"desktop":{"background-color":"var(--ast-global-color-4)","background-image":"","background-repeat":"repeat","background-position":"center center","background-size":"auto","background-attachment":"scroll","background-type":"","background-media":"","overlay-type":"","overlay-color":"","overlay-opacity":"","overlay-gradient":""},"tablet":{"background-color":"","background-image":"","background-repeat":"repeat","background-position":"center center","background-size":"auto","background-attachment":"scroll","background-type":"","background-media":"","overlay-type":"","overlay-color":"","overlay-opacity":"","overlay-gradient":""},"mobile":{"background-color":"","background-image":"","background-repeat":"repeat","background-position":"center center","background-size":"auto","background-attachment":"scroll","background-type":"","background-media":"","overlay-type":"","overlay-color":"","overlay-opacity":"","overlay-gradient":""}},"ast-content-background-meta":{"desktop":{"background-color":"var(--ast-global-color-5)","background-image":"","background-repeat":"repeat","background-position":"center center","background-size":"auto","background-attachment":"scroll","background-type":"","background-media":"","overlay-type":"","overlay-color":"","overlay-opacity":"","overlay-gradient":""},"tablet":{"background-color":"var(--ast-global-color-5)","background-image":"","background-repeat":"repeat","background-position":"center center","background-size":"auto","background-attachment":"scroll","background-type":"","background-media":"","overlay-type":"","overlay-color":"","overlay-opacity":"","overlay-gradient":""},"mobile":{"background-color":"var(--ast-global-color-5)","background-image":"","background-repeat":"repeat","background-position":"center center","background-size":"auto","background-attachment":"scroll","background-type":"","background-media":"","overlay-type":"","overlay-color":"","overlay-opacity":"","overlay-gradient":""}},"footnotes":""},"class_list":["post-29501","page","type-page","status-publish","hentry"],"yoast_head":"<!-- This site is optimized with the Yoast SEO plugin v27.4 - https:\/\/yoast.com\/product\/yoast-seo-wordpress\/ -->\n<title>Bedsure Cama Perro Impermeable Grande | Mundo Animalito<\/title>\n<meta name=\"description\" content=\"Bedsure Cama Perro Impermeable Grande - 91x68x10 cm Colch\u00f3n Perro Lavable, Coj\u00edn Perro Antipelo y Suave, Gris, L\" \/>\n<meta name=\"robots\" content=\"index, follow, max-snippet:-1, max-image-preview:large, max-video-preview:-1\" \/>\n<link rel=\"canonical\" href=\"https:\/\/mundoanimalito.com\/index.php\/bedsure-cama-perro-impermeable-grande-91x68x10-cm-colchon-perro-lavable\/\" \/>\n<meta property=\"og:locale\" content=\"es_ES\" \/>\n<meta property=\"og:type\" content=\"article\" \/>\n<meta property=\"og:title\" content=\"Bedsure Cama Perro Impermeable Grande | Mundo Animalito\" \/>\n<meta property=\"og:description\" content=\"Bedsure Cama Perro Impermeable Grande - 91x68x10 cm Colch\u00f3n Perro Lavable, Coj\u00edn Perro Antipelo y Suave, Gris, L\" \/>\n<meta property=\"og:url\" content=\"https:\/\/mundoanimalito.com\/index.php\/bedsure-cama-perro-impermeable-grande-91x68x10-cm-colchon-perro-lavable\/\" \/>\n<meta property=\"og:site_name\" content=\"Mundo Animalito\" \/>\n<meta property=\"article:publisher\" content=\"https:\/\/www.facebook.com\/mundoanimalito77\" \/>\n<meta property=\"article:modified_time\" content=\"2024-09-03T22:40:03+00:00\" \/>\n<meta property=\"og:image\" content=\"https:\/\/mundoanimalito.com\/wp-content\/uploads\/2024\/04\/613iUk1h2UL._AC_SL1500_-1024x545.jpg\" \/>\n<meta name=\"twitter:card\" content=\"summary_large_image\" \/>\n<meta name=\"twitter:label1\" content=\"Tiempo de lectura\" \/>\n\t<meta name=\"twitter:data1\" content=\"3 minutos\" \/>\n<script type=\"application\/ld+json\" class=\"yoast-schema-graph\">{\"@context\":\"https:\\\/\\\/schema.org\",\"@graph\":[{\"@type\":\"WebPage\",\"@id\":\"https:\\\/\\\/mundoanimalito.com\\\/index.php\\\/bedsure-cama-perro-impermeable-grande-91x68x10-cm-colchon-perro-lavable\\\/\",\"url\":\"https:\\\/\\\/mundoanimalito.com\\\/index.php\\\/bedsure-cama-perro-impermeable-grande-91x68x10-cm-colchon-perro-lavable\\\/\",\"name\":\"Bedsure Cama Perro Impermeable Grande | Mundo Animalito\",\"isPartOf\":{\"@id\":\"https:\\\/\\\/mundoanimalito.com\\\/#website\"},\"primaryImageOfPage\":{\"@id\":\"https:\\\/\\\/mundoanimalito.com\\\/index.php\\\/bedsure-cama-perro-impermeable-grande-91x68x10-cm-colchon-perro-lavable\\\/#primaryimage\"},\"image\":{\"@id\":\"https:\\\/\\\/mundoanimalito.com\\\/index.php\\\/bedsure-cama-perro-impermeable-grande-91x68x10-cm-colchon-perro-lavable\\\/#primaryimage\"},\"thumbnailUrl\":\"https:\\\/\\\/mundoanimalito.com\\\/wp-content\\\/uploads\\\/2024\\\/04\\\/613iUk1h2UL._AC_SL1500_-1024x545.jpg\",\"datePublished\":\"2024-04-27T20:16:47+00:00\",\"dateModified\":\"2024-09-03T22:40:03+00:00\",\"description\":\"Bedsure Cama Perro Impermeable Grande - 91x68x10 cm Colch\u00f3n Perro Lavable, Coj\u00edn Perro Antipelo y Suave, Gris, L\",\"breadcrumb\":{\"@id\":\"https:\\\/\\\/mundoanimalito.com\\\/index.php\\\/bedsure-cama-perro-impermeable-grande-91x68x10-cm-colchon-perro-lavable\\\/#breadcrumb\"},\"inLanguage\":\"es\",\"potentialAction\":[{\"@type\":\"ReadAction\",\"target\":[\"https:\\\/\\\/mundoanimalito.com\\\/index.php\\\/bedsure-cama-perro-impermeable-grande-91x68x10-cm-colchon-perro-lavable\\\/\"]}]},{\"@type\":\"ImageObject\",\"inLanguage\":\"es\",\"@id\":\"https:\\\/\\\/mundoanimalito.com\\\/index.php\\\/bedsure-cama-perro-impermeable-grande-91x68x10-cm-colchon-perro-lavable\\\/#primaryimage\",\"url\":\"https:\\\/\\\/mundoanimalito.com\\\/wp-content\\\/uploads\\\/2024\\\/04\\\/613iUk1h2UL._AC_SL1500_.jpg\",\"contentUrl\":\"https:\\\/\\\/mundoanimalito.com\\\/wp-content\\\/uploads\\\/2024\\\/04\\\/613iUk1h2UL._AC_SL1500_.jpg\",\"width\":1500,\"height\":799,\"caption\":\"Bedsure Cama Perro Impermeable Grande - 91x68x10 cm Colch\u00f3n Perro Lavable, Coj\u00edn Perro Antipelo y Suave, Gris, L\"},{\"@type\":\"BreadcrumbList\",\"@id\":\"https:\\\/\\\/mundoanimalito.com\\\/index.php\\\/bedsure-cama-perro-impermeable-grande-91x68x10-cm-colchon-perro-lavable\\\/#breadcrumb\",\"itemListElement\":[{\"@type\":\"ListItem\",\"position\":1,\"name\":\"Portada\",\"item\":\"https:\\\/\\\/mundoanimalito.com\\\/\"},{\"@type\":\"ListItem\",\"position\":2,\"name\":\"Bedsure Cama Perro Impermeable Grande &#8211; 91x68x10 cm Colch\u00f3n Perro Lavable\"}]},{\"@type\":\"WebSite\",\"@id\":\"https:\\\/\\\/mundoanimalito.com\\\/#website\",\"url\":\"https:\\\/\\\/mundoanimalito.com\\\/\",\"name\":\"Mundo Animalito\",\"description\":\"Datos y curiosidades de los animales, encuentra ac\u00e1 todo para tu mascota\",\"publisher\":{\"@id\":\"https:\\\/\\\/mundoanimalito.com\\\/#organization\"},\"potentialAction\":[{\"@type\":\"SearchAction\",\"target\":{\"@type\":\"EntryPoint\",\"urlTemplate\":\"https:\\\/\\\/mundoanimalito.com\\\/?s={search_term_string}\"},\"query-input\":{\"@type\":\"PropertyValueSpecification\",\"valueRequired\":true,\"valueName\":\"search_term_string\"}}],\"inLanguage\":\"es\"},{\"@type\":\"Organization\",\"@id\":\"https:\\\/\\\/mundoanimalito.com\\\/#organization\",\"name\":\"Mundo Animalito\",\"url\":\"https:\\\/\\\/mundoanimalito.com\\\/\",\"logo\":{\"@type\":\"ImageObject\",\"inLanguage\":\"es\",\"@id\":\"https:\\\/\\\/mundoanimalito.com\\\/#\\\/schema\\\/logo\\\/image\\\/\",\"url\":\"https:\\\/\\\/mundoanimalito.com\\\/wp-content\\\/uploads\\\/2023\\\/10\\\/cropped-cropped-LOGO-OFICIAL-ULTIMA-VERSION-1.jpg\",\"contentUrl\":\"https:\\\/\\\/mundoanimalito.com\\\/wp-content\\\/uploads\\\/2023\\\/10\\\/cropped-cropped-LOGO-OFICIAL-ULTIMA-VERSION-1.jpg\",\"width\":374,\"height\":425,\"caption\":\"Mundo Animalito\"},\"image\":{\"@id\":\"https:\\\/\\\/mundoanimalito.com\\\/#\\\/schema\\\/logo\\\/image\\\/\"},\"sameAs\":[\"https:\\\/\\\/www.facebook.com\\\/mundoanimalito77\",\"https:\\\/\\\/www.instagram.com\\\/mundoanimalito77\\\/\",\"https:\\\/\\\/www.tiktok.com\\\/@mundoanimalito77\",\"https:\\\/\\\/www.youtube.com\\\/channel\\\/UCLo2JhNUNtHVraDt5aHadew\"]}]}<\/script>\n<!-- \/ Yoast SEO plugin. -->","yoast_head_json":{"title":"Bedsure Cama Perro Impermeable Grande | Mundo Animalito","description":"Bedsure Cama Perro Impermeable Grande - 91x68x10 cm Colch\u00f3n Perro Lavable, Coj\u00edn Perro Antipelo y Suave, Gris, L","robots":{"index":"index","follow":"follow","max-snippet":"max-snippet:-1","max-image-preview":"max-image-preview:large","max-video-preview":"max-video-preview:-1"},"canonical":"https:\/\/mundoanimalito.com\/index.php\/bedsure-cama-perro-impermeable-grande-91x68x10-cm-colchon-perro-lavable\/","og_locale":"es_ES","og_type":"article","og_title":"Bedsure Cama Perro Impermeable Grande | Mundo Animalito","og_description":"Bedsure Cama Perro Impermeable Grande - 91x68x10 cm Colch\u00f3n Perro Lavable, Coj\u00edn Perro Antipelo y Suave, Gris, L","og_url":"https:\/\/mundoanimalito.com\/index.php\/bedsure-cama-perro-impermeable-grande-91x68x10-cm-colchon-perro-lavable\/","og_site_name":"Mundo Animalito","article_publisher":"https:\/\/www.facebook.com\/mundoanimalito77","article_modified_time":"2024-09-03T22:40:03+00:00","og_image":[{"url":"https:\/\/mundoanimalito.com\/wp-content\/uploads\/2024\/04\/613iUk1h2UL._AC_SL1500_-1024x545.jpg","type":"","width":"","height":""}],"twitter_card":"summary_large_image","twitter_misc":{"Tiempo de lectura":"3 minutos"},"schema":{"@context":"https:\/\/schema.org","@graph":[{"@type":"WebPage","@id":"https:\/\/mundoanimalito.com\/index.php\/bedsure-cama-perro-impermeable-grande-91x68x10-cm-colchon-perro-lavable\/","url":"https:\/\/mundoanimalito.com\/index.php\/bedsure-cama-perro-impermeable-grande-91x68x10-cm-colchon-perro-lavable\/","name":"Bedsure Cama Perro Impermeable Grande | Mundo Animalito","isPartOf":{"@id":"https:\/\/mundoanimalito.com\/#website"},"primaryImageOfPage":{"@id":"https:\/\/mundoanimalito.com\/index.php\/bedsure-cama-perro-impermeable-grande-91x68x10-cm-colchon-perro-lavable\/#primaryimage"},"image":{"@id":"https:\/\/mundoanimalito.com\/index.php\/bedsure-cama-perro-impermeable-grande-91x68x10-cm-colchon-perro-lavable\/#primaryimage"},"thumbnailUrl":"https:\/\/mundoanimalito.com\/wp-content\/uploads\/2024\/04\/613iUk1h2UL._AC_SL1500_-1024x545.jpg","datePublished":"2024-04-27T20:16:47+00:00","dateModified":"2024-09-03T22:40:03+00:00","description":"Bedsure Cama Perro Impermeable Grande - 91x68x10 cm Colch\u00f3n Perro Lavable, Coj\u00edn Perro Antipelo y Suave, Gris, L","breadcrumb":{"@id":"https:\/\/mundoanimalito.com\/index.php\/bedsure-cama-perro-impermeable-grande-91x68x10-cm-colchon-perro-lavable\/#breadcrumb"},"inLanguage":"es","potentialAction":[{"@type":"ReadAction","target":["https:\/\/mundoanimalito.com\/index.php\/bedsure-cama-perro-impermeable-grande-91x68x10-cm-colchon-perro-lavable\/"]}]},{"@type":"ImageObject","inLanguage":"es","@id":"https:\/\/mundoanimalito.com\/index.php\/bedsure-cama-perro-impermeable-grande-91x68x10-cm-colchon-perro-lavable\/#primaryimage","url":"https:\/\/mundoanimalito.com\/wp-content\/uploads\/2024\/04\/613iUk1h2UL._AC_SL1500_.jpg","contentUrl":"https:\/\/mundoanimalito.com\/wp-content\/uploads\/2024\/04\/613iUk1h2UL._AC_SL1500_.jpg","width":1500,"height":799,"caption":"Bedsure Cama Perro Impermeable Grande - 91x68x10 cm Colch\u00f3n Perro Lavable, Coj\u00edn Perro Antipelo y Suave, Gris, L"},{"@type":"BreadcrumbList","@id":"https:\/\/mundoanimalito.com\/index.php\/bedsure-cama-perro-impermeable-grande-91x68x10-cm-colchon-perro-lavable\/#breadcrumb","itemListElement":[{"@type":"ListItem","position":1,"name":"Portada","item":"https:\/\/mundoanimalito.com\/"},{"@type":"ListItem","position":2,"name":"Bedsure Cama Perro Impermeable Grande &#8211; 91x68x10 cm Colch\u00f3n Perro Lavable"}]},{"@type":"WebSite","@id":"https:\/\/mundoanimalito.com\/#website","url":"https:\/\/mundoanimalito.com\/","name":"Mundo Animalito","description":"Datos y curiosidades de los animales, encuentra ac\u00e1 todo para tu mascota","publisher":{"@id":"https:\/\/mundoanimalito.com\/#organization"},"potentialAction":[{"@type":"SearchAction","target":{"@type":"EntryPoint","urlTemplate":"https:\/\/mundoanimalito.com\/?s={search_term_string}"},"query-input":{"@type":"PropertyValueSpecification","valueRequired":true,"valueName":"search_term_string"}}],"inLanguage":"es"},{"@type":"Organization","@id":"https:\/\/mundoanimalito.com\/#organization","name":"Mundo Animalito","url":"https:\/\/mundoanimalito.com\/","logo":{"@type":"ImageObject","inLanguage":"es","@id":"https:\/\/mundoanimalito.com\/#\/schema\/logo\/image\/","url":"https:\/\/mundoanimalito.com\/wp-content\/uploads\/2023\/10\/cropped-cropped-LOGO-OFICIAL-ULTIMA-VERSION-1.jpg","contentUrl":"https:\/\/mundoanimalito.com\/wp-content\/uploads\/2023\/10\/cropped-cropped-LOGO-OFICIAL-ULTIMA-VERSION-1.jpg","width":374,"height":425,"caption":"Mundo Animalito"},"image":{"@id":"https:\/\/mundoanimalito.com\/#\/schema\/logo\/image\/"},"sameAs":["https:\/\/www.facebook.com\/mundoanimalito77","https:\/\/www.instagram.com\/mundoanimalito77\/","https:\/\/www.tiktok.com\/@mundoanimalito77","https:\/\/www.youtube.com\/channel\/UCLo2JhNUNtHVraDt5aHadew"]}]}},"_links":{"self":[{"href":"https:\/\/mundoanimalito.com\/index.php\/wp-json\/wp\/v2\/pages\/29501","targetHints":{"allow":["GET"]}}],"collection":[{"href":"https:\/\/mundoanimalito.com\/index.php\/wp-json\/wp\/v2\/pages"}],"about":[{"href":"https:\/\/mundoanimalito.com\/index.php\/wp-json\/wp\/v2\/types\/page"}],"author":[{"embeddable":true,"href":"https:\/\/mundoanimalito.com\/index.php\/wp-json\/wp\/v2\/users\/1"}],"replies":[{"embeddable":true,"href":"https:\/\/mundoanimalito.com\/index.php\/wp-json\/wp\/v2\/comments?post=29501"}],"version-history":[{"count":0,"href":"https:\/\/mundoanimalito.com\/index.php\/wp-json\/wp\/v2\/pages\/29501\/revisions"}],"wp:attachment":[{"href":"https:\/\/mundoanimalito.com\/index.php\/wp-json\/wp\/v2\/media?parent=29501"}],"curies":[{"name":"wp","href":"https:\/\/api.w.org\/{rel}","templated":true}]}}