{"id":29028,"date":"2024-04-25T13:44:43","date_gmt":"2024-04-25T18:44:43","guid":{"rendered":"https:\/\/mundoanimalito.com\/?page_id=29028"},"modified":"2024-09-18T14:12:52","modified_gmt":"2024-09-18T19:12:52","slug":"out-una-mano-perro-poop-scoop","status":"publish","type":"page","link":"https:\/\/mundoanimalito.com\/index.php\/out-una-mano-perro-poop-scoop\/","title":{"rendered":"OUT! Una Mano Perro Poop Scoop"},"content":{"rendered":"\t\t<div data-elementor-type=\"wp-page\" data-elementor-id=\"29028\" class=\"elementor elementor-29028\" data-elementor-post-type=\"page\">\n\t\t\t\t<div class=\"elementor-element elementor-element-32ea9a6 e-flex e-con-boxed e-con e-parent\" data-id=\"32ea9a6\" data-element_type=\"container\" data-e-type=\"container\">\n\t\t\t\t\t<div class=\"e-con-inner\">\n\t\t\t\t<div class=\"elementor-element elementor-element-8fa3f92 elementor-invisible elementor-widget elementor-widget-heading\" data-id=\"8fa3f92\" data-element_type=\"widget\" data-e-type=\"widget\" data-settings=\"{&quot;_animation&quot;:&quot;fadeInDown&quot;}\" data-widget_type=\"heading.default\">\n\t\t\t\t<div class=\"elementor-widget-container\">\n\t\t\t\t\t<h2 class=\"elementor-heading-title elementor-size-default\">\u00bfCansado de agacharte y recoger los desechos de tu perro con las manos desnudas? \u00a1Con el OUT! Una Mano Perro Poop Scoop, esa tarea inc\u00f3moda es cosa del pasado! Este pr\u00e1ctico dispositivo hace que recoger despu\u00e9s de tu mascota sea simple e indoloro<\/h2>\t\t\t\t<\/div>\n\t\t\t\t<\/div>\n\t\t\t\t\t<\/div>\n\t\t\t\t<\/div>\n\t\t<div class=\"elementor-element elementor-element-4d97284 e-flex e-con-boxed e-con e-parent\" data-id=\"4d97284\" data-element_type=\"container\" data-e-type=\"container\">\n\t\t\t\t\t<div class=\"e-con-inner\">\n\t\t<div class=\"elementor-element elementor-element-b96ad40 e-con-full e-flex e-con e-child\" data-id=\"b96ad40\" data-element_type=\"container\" data-e-type=\"container\">\n\t\t\t\t<div class=\"elementor-element elementor-element-a9b747b elementor-widget elementor-widget-image\" data-id=\"a9b747b\" data-element_type=\"widget\" data-e-type=\"widget\" data-widget_type=\"image.default\">\n\t\t\t\t<div class=\"elementor-widget-container\">\n\t\t\t\t\t\t\t\t\t\t\t\t\t\t\t\t<a href=\"https:\/\/amzn.to\/4deepCn\" target=\"_blank\">\n\t\t\t\t\t\t\t<img fetchpriority=\"high\" decoding=\"async\" width=\"422\" height=\"979\" src=\"https:\/\/mundoanimalito.com\/wp-content\/uploads\/2024\/04\/618Tv9j4xxL._AC_SL1000_.jpg\" class=\"attachment-large size-large wp-image-29015\" alt=\"OUT! Una Mano Perro Poop Scoop\" srcset=\"https:\/\/mundoanimalito.com\/wp-content\/uploads\/2024\/04\/618Tv9j4xxL._AC_SL1000_.jpg 422w, https:\/\/mundoanimalito.com\/wp-content\/uploads\/2024\/04\/618Tv9j4xxL._AC_SL1000_-129x300.jpg 129w\" sizes=\"(max-width: 422px) 100vw, 422px\" \/>\t\t\t\t\t\t\t\t<\/a>\n\t\t\t\t\t\t\t\t\t\t\t\t\t\t\t<\/div>\n\t\t\t\t<\/div>\n\t\t\t\t<\/div>\n\t\t<div class=\"elementor-element elementor-element-65e1512 e-con-full e-flex e-con e-child\" data-id=\"65e1512\" data-element_type=\"container\" data-e-type=\"container\">\n\t\t\t\t<div class=\"elementor-element elementor-element-ee61430 elementor-widget elementor-widget-text-editor\" data-id=\"ee61430\" data-element_type=\"widget\" data-e-type=\"widget\" data-widget_type=\"text-editor.default\">\n\t\t\t\t<div class=\"elementor-widget-container\">\n\t\t\t\t\t\t\t\t\t<p>\ud83d\udc3e <strong>Recogida sin Esfuerzo:<\/strong> Con el OUT! Una Mano Perro Poop Scoop, decir adi\u00f3s a la flexi\u00f3n y al inc\u00f3modo agacharse. Su dise\u00f1o de una sola mano con mango de f\u00e1cil apretamiento te permite recoger los desechos de tu perro con facilidad, \u00a1sin necesidad de hacer malabares!<\/p><p>\u00a0<\/p><p>\ud83c\udf3f <strong>Alcance Extra Largo:<\/strong> Con una longitud extendida de hasta 68.5 cm, este scooper te permite alcanzar esos desechos dif\u00edciles de alcanzar sin tener que agacharte ni estirarte demasiado. \u00a1Disfruta de una limpieza eficiente y c\u00f3moda en todo tu patio trasero!<\/p><p>\u00a0<\/p><p>\ud83d\udd12 <strong>F\u00e1cil Almacenamiento:<\/strong> Cuando termines de limpiar, simplemente colapsa el scooper hacia abajo para un almacenamiento compacto y conveniente. Su mecanismo de bloqueo simple y robusto garantiza que permanezca seguro cuando no est\u00e9 en uso, \u00a1manteniendo tu espacio ordenado y organizado!<\/p><p>\u00a0<\/p><p>\ud83c\udf1f <strong>Perfecto en Todas las Superficies:<\/strong> Ya sea c\u00e9sped, concreto o grava, el OUT! Una Mano Perro Poop Scoop funciona de manera ideal en todas las superficies. \u00a1No importa d\u00f3nde est\u00e9 tu perro, este scooper har\u00e1 el trabajo sin problemas!<\/p><p>\u00a0<\/p><p>Con el OUT! Una Mano Perro Poop Scoop, recoger despu\u00e9s de tu perro nunca ha sido tan f\u00e1cil y conveniente. \u00a1Dale a tu perro un patio limpio y seguro mientras te liberas del tedioso trabajo de limpieza!<\/p>\t\t\t\t\t\t\t\t<\/div>\n\t\t\t\t<\/div>\n\t\t\t\t<div class=\"elementor-element elementor-element-a38362e elementor-align-right elementor-widget elementor-widget-button\" data-id=\"a38362e\" data-element_type=\"widget\" data-e-type=\"widget\" data-widget_type=\"button.default\">\n\t\t\t\t<div class=\"elementor-widget-container\">\n\t\t\t\t\t\t\t\t\t<div class=\"elementor-button-wrapper\">\n\t\t\t\t\t<a class=\"elementor-button elementor-button-link elementor-size-sm\" href=\"https:\/\/amzn.to\/4deepCn\" target=\"_blank\">\n\t\t\t\t\t\t<span class=\"elementor-button-content-wrapper\">\n\t\t\t\t\t\t\t\t\t<span class=\"elementor-button-text\">Compra ahora en Amazon<\/span>\n\t\t\t\t\t<\/span>\n\t\t\t\t\t<\/a>\n\t\t\t\t<\/div>\n\t\t\t\t\t\t\t\t<\/div>\n\t\t\t\t<\/div>\n\t\t\t\t<\/div>\n\t\t\t\t\t<\/div>\n\t\t\t\t<\/div>\n\t\t<div class=\"elementor-element elementor-element-783bf43 e-flex e-con-boxed e-con e-parent\" data-id=\"783bf43\" data-element_type=\"container\" data-e-type=\"container\">\n\t\t\t\t\t<div class=\"e-con-inner\">\n\t\t\t\t\t<\/div>\n\t\t\t\t<\/div>\n\t\t\t\t<\/div>\n\t\t","protected":false},"excerpt":{"rendered":"<p>\u00bfCansado de agacharte y recoger los desechos de tu perro con las manos desnudas? \u00a1Con el OUT! Una Mano Perro Poop Scoop, esa tarea inc\u00f3moda es cosa del pasado! Este pr\u00e1ctico dispositivo hace que recoger despu\u00e9s de tu mascota sea simple e indoloro \ud83d\udc3e Recogida sin Esfuerzo: Con el OUT! Una Mano Perro Poop Scoop, [&hellip;]<\/p>\n","protected":false},"author":1,"featured_media":0,"parent":0,"menu_order":0,"comment_status":"closed","ping_status":"closed","template":"","meta":{"site-sidebar-layout":"no-sidebar","site-content-layout":"page-builder","ast-site-content-layout":"full-width-container","site-content-style":"default","site-sidebar-style":"default","ast-global-header-display":"","ast-banner-title-visibility":"","ast-main-header-display":"","ast-hfb-above-header-display":"","ast-hfb-below-header-display":"","ast-hfb-mobile-header-display":"","site-post-title":"disabled","ast-breadcrumbs-content":"","ast-featured-img":"disabled","footer-sml-layout":"","ast-disable-related-posts":"","theme-transparent-header-meta":"","adv-header-id-meta":"","stick-header-meta":"","header-above-stick-meta":"","header-main-stick-meta":"","header-below-stick-meta":"","astra-migrate-meta-layouts":"set","ast-page-background-enabled":"default","ast-page-background-meta":{"desktop":{"background-color":"var(--ast-global-color-4)","background-image":"","background-repeat":"repeat","background-position":"center center","background-size":"auto","background-attachment":"scroll","background-type":"","background-media":"","overlay-type":"","overlay-color":"","overlay-opacity":"","overlay-gradient":""},"tablet":{"background-color":"","background-image":"","background-repeat":"repeat","background-position":"center center","background-size":"auto","background-attachment":"scroll","background-type":"","background-media":"","overlay-type":"","overlay-color":"","overlay-opacity":"","overlay-gradient":""},"mobile":{"background-color":"","background-image":"","background-repeat":"repeat","background-position":"center center","background-size":"auto","background-attachment":"scroll","background-type":"","background-media":"","overlay-type":"","overlay-color":"","overlay-opacity":"","overlay-gradient":""}},"ast-content-background-meta":{"desktop":{"background-color":"var(--ast-global-color-5)","background-image":"","background-repeat":"repeat","background-position":"center center","background-size":"auto","background-attachment":"scroll","background-type":"","background-media":"","overlay-type":"","overlay-color":"","overlay-opacity":"","overlay-gradient":""},"tablet":{"background-color":"var(--ast-global-color-5)","background-image":"","background-repeat":"repeat","background-position":"center center","background-size":"auto","background-attachment":"scroll","background-type":"","background-media":"","overlay-type":"","overlay-color":"","overlay-opacity":"","overlay-gradient":""},"mobile":{"background-color":"var(--ast-global-color-5)","background-image":"","background-repeat":"repeat","background-position":"center center","background-size":"auto","background-attachment":"scroll","background-type":"","background-media":"","overlay-type":"","overlay-color":"","overlay-opacity":"","overlay-gradient":""}},"footnotes":""},"class_list":["post-29028","page","type-page","status-publish","hentry"],"yoast_head":"<!-- This site is optimized with the Yoast SEO plugin v27.4 - https:\/\/yoast.com\/product\/yoast-seo-wordpress\/ -->\n<title>OUT! Una Mano Perro Poop Scoop | Mundo Animalito<\/title>\n<meta name=\"description\" content=\"\u00bfCansado de agacharte y recoger los desechos de tu perro con las manos desnudas? \u00a1Con el OUT! Una Mano Perro Poop Scoop, esa tarea inc\u00f3moda es cosa del pasado! Este pr\u00e1ctico dispositivo hace que recoger despu\u00e9s de tu mascota sea simple e indoloro\" \/>\n<meta name=\"robots\" content=\"index, follow, max-snippet:-1, max-image-preview:large, max-video-preview:-1\" \/>\n<link rel=\"canonical\" href=\"https:\/\/mundoanimalito.com\/index.php\/out-una-mano-perro-poop-scoop\/\" \/>\n<meta property=\"og:locale\" content=\"es_ES\" \/>\n<meta property=\"og:type\" content=\"article\" \/>\n<meta property=\"og:title\" content=\"OUT! Una Mano Perro Poop Scoop | Mundo Animalito\" \/>\n<meta property=\"og:description\" content=\"\u00bfCansado de agacharte y recoger los desechos de tu perro con las manos desnudas? \u00a1Con el OUT! Una Mano Perro Poop Scoop, esa tarea inc\u00f3moda es cosa del pasado! Este pr\u00e1ctico dispositivo hace que recoger despu\u00e9s de tu mascota sea simple e indoloro\" \/>\n<meta property=\"og:url\" content=\"https:\/\/mundoanimalito.com\/index.php\/out-una-mano-perro-poop-scoop\/\" \/>\n<meta property=\"og:site_name\" content=\"Mundo Animalito\" \/>\n<meta property=\"article:publisher\" content=\"https:\/\/www.facebook.com\/mundoanimalito77\" \/>\n<meta property=\"article:modified_time\" content=\"2024-09-18T19:12:52+00:00\" \/>\n<meta property=\"og:image\" content=\"https:\/\/mundoanimalito.com\/wp-content\/uploads\/2024\/04\/618Tv9j4xxL._AC_SL1000_.jpg\" \/>\n<meta name=\"twitter:card\" content=\"summary_large_image\" \/>\n<meta name=\"twitter:label1\" content=\"Tiempo de lectura\" \/>\n\t<meta name=\"twitter:data1\" content=\"2 minutos\" \/>\n<script type=\"application\/ld+json\" class=\"yoast-schema-graph\">{\"@context\":\"https:\\\/\\\/schema.org\",\"@graph\":[{\"@type\":\"WebPage\",\"@id\":\"https:\\\/\\\/mundoanimalito.com\\\/index.php\\\/out-una-mano-perro-poop-scoop\\\/\",\"url\":\"https:\\\/\\\/mundoanimalito.com\\\/index.php\\\/out-una-mano-perro-poop-scoop\\\/\",\"name\":\"OUT! Una Mano Perro Poop Scoop | Mundo Animalito\",\"isPartOf\":{\"@id\":\"https:\\\/\\\/mundoanimalito.com\\\/#website\"},\"primaryImageOfPage\":{\"@id\":\"https:\\\/\\\/mundoanimalito.com\\\/index.php\\\/out-una-mano-perro-poop-scoop\\\/#primaryimage\"},\"image\":{\"@id\":\"https:\\\/\\\/mundoanimalito.com\\\/index.php\\\/out-una-mano-perro-poop-scoop\\\/#primaryimage\"},\"thumbnailUrl\":\"https:\\\/\\\/mundoanimalito.com\\\/wp-content\\\/uploads\\\/2024\\\/04\\\/618Tv9j4xxL._AC_SL1000_.jpg\",\"datePublished\":\"2024-04-25T18:44:43+00:00\",\"dateModified\":\"2024-09-18T19:12:52+00:00\",\"description\":\"\u00bfCansado de agacharte y recoger los desechos de tu perro con las manos desnudas? \u00a1Con el OUT! Una Mano Perro Poop Scoop, esa tarea inc\u00f3moda es cosa del pasado! Este pr\u00e1ctico dispositivo hace que recoger despu\u00e9s de tu mascota sea simple e indoloro\",\"breadcrumb\":{\"@id\":\"https:\\\/\\\/mundoanimalito.com\\\/index.php\\\/out-una-mano-perro-poop-scoop\\\/#breadcrumb\"},\"inLanguage\":\"es\",\"potentialAction\":[{\"@type\":\"ReadAction\",\"target\":[\"https:\\\/\\\/mundoanimalito.com\\\/index.php\\\/out-una-mano-perro-poop-scoop\\\/\"]}]},{\"@type\":\"ImageObject\",\"inLanguage\":\"es\",\"@id\":\"https:\\\/\\\/mundoanimalito.com\\\/index.php\\\/out-una-mano-perro-poop-scoop\\\/#primaryimage\",\"url\":\"https:\\\/\\\/mundoanimalito.com\\\/wp-content\\\/uploads\\\/2024\\\/04\\\/618Tv9j4xxL._AC_SL1000_.jpg\",\"contentUrl\":\"https:\\\/\\\/mundoanimalito.com\\\/wp-content\\\/uploads\\\/2024\\\/04\\\/618Tv9j4xxL._AC_SL1000_.jpg\",\"width\":422,\"height\":979,\"caption\":\"OUT! Una Mano Perro Poop Scoop\"},{\"@type\":\"BreadcrumbList\",\"@id\":\"https:\\\/\\\/mundoanimalito.com\\\/index.php\\\/out-una-mano-perro-poop-scoop\\\/#breadcrumb\",\"itemListElement\":[{\"@type\":\"ListItem\",\"position\":1,\"name\":\"Portada\",\"item\":\"https:\\\/\\\/mundoanimalito.com\\\/\"},{\"@type\":\"ListItem\",\"position\":2,\"name\":\"OUT! Una Mano Perro Poop Scoop\"}]},{\"@type\":\"WebSite\",\"@id\":\"https:\\\/\\\/mundoanimalito.com\\\/#website\",\"url\":\"https:\\\/\\\/mundoanimalito.com\\\/\",\"name\":\"Mundo Animalito\",\"description\":\"Datos y curiosidades de los animales, encuentra ac\u00e1 todo para tu mascota\",\"publisher\":{\"@id\":\"https:\\\/\\\/mundoanimalito.com\\\/#organization\"},\"potentialAction\":[{\"@type\":\"SearchAction\",\"target\":{\"@type\":\"EntryPoint\",\"urlTemplate\":\"https:\\\/\\\/mundoanimalito.com\\\/?s={search_term_string}\"},\"query-input\":{\"@type\":\"PropertyValueSpecification\",\"valueRequired\":true,\"valueName\":\"search_term_string\"}}],\"inLanguage\":\"es\"},{\"@type\":\"Organization\",\"@id\":\"https:\\\/\\\/mundoanimalito.com\\\/#organization\",\"name\":\"Mundo Animalito\",\"url\":\"https:\\\/\\\/mundoanimalito.com\\\/\",\"logo\":{\"@type\":\"ImageObject\",\"inLanguage\":\"es\",\"@id\":\"https:\\\/\\\/mundoanimalito.com\\\/#\\\/schema\\\/logo\\\/image\\\/\",\"url\":\"https:\\\/\\\/mundoanimalito.com\\\/wp-content\\\/uploads\\\/2023\\\/10\\\/cropped-cropped-LOGO-OFICIAL-ULTIMA-VERSION-1.jpg\",\"contentUrl\":\"https:\\\/\\\/mundoanimalito.com\\\/wp-content\\\/uploads\\\/2023\\\/10\\\/cropped-cropped-LOGO-OFICIAL-ULTIMA-VERSION-1.jpg\",\"width\":374,\"height\":425,\"caption\":\"Mundo Animalito\"},\"image\":{\"@id\":\"https:\\\/\\\/mundoanimalito.com\\\/#\\\/schema\\\/logo\\\/image\\\/\"},\"sameAs\":[\"https:\\\/\\\/www.facebook.com\\\/mundoanimalito77\",\"https:\\\/\\\/www.instagram.com\\\/mundoanimalito77\\\/\",\"https:\\\/\\\/www.tiktok.com\\\/@mundoanimalito77\",\"https:\\\/\\\/www.youtube.com\\\/channel\\\/UCLo2JhNUNtHVraDt5aHadew\"]}]}<\/script>\n<!-- \/ Yoast SEO plugin. -->","yoast_head_json":{"title":"OUT! Una Mano Perro Poop Scoop | Mundo Animalito","description":"\u00bfCansado de agacharte y recoger los desechos de tu perro con las manos desnudas? \u00a1Con el OUT! Una Mano Perro Poop Scoop, esa tarea inc\u00f3moda es cosa del pasado! Este pr\u00e1ctico dispositivo hace que recoger despu\u00e9s de tu mascota sea simple e indoloro","robots":{"index":"index","follow":"follow","max-snippet":"max-snippet:-1","max-image-preview":"max-image-preview:large","max-video-preview":"max-video-preview:-1"},"canonical":"https:\/\/mundoanimalito.com\/index.php\/out-una-mano-perro-poop-scoop\/","og_locale":"es_ES","og_type":"article","og_title":"OUT! Una Mano Perro Poop Scoop | Mundo Animalito","og_description":"\u00bfCansado de agacharte y recoger los desechos de tu perro con las manos desnudas? \u00a1Con el OUT! Una Mano Perro Poop Scoop, esa tarea inc\u00f3moda es cosa del pasado! Este pr\u00e1ctico dispositivo hace que recoger despu\u00e9s de tu mascota sea simple e indoloro","og_url":"https:\/\/mundoanimalito.com\/index.php\/out-una-mano-perro-poop-scoop\/","og_site_name":"Mundo Animalito","article_publisher":"https:\/\/www.facebook.com\/mundoanimalito77","article_modified_time":"2024-09-18T19:12:52+00:00","og_image":[{"url":"https:\/\/mundoanimalito.com\/wp-content\/uploads\/2024\/04\/618Tv9j4xxL._AC_SL1000_.jpg","type":"","width":"","height":""}],"twitter_card":"summary_large_image","twitter_misc":{"Tiempo de lectura":"2 minutos"},"schema":{"@context":"https:\/\/schema.org","@graph":[{"@type":"WebPage","@id":"https:\/\/mundoanimalito.com\/index.php\/out-una-mano-perro-poop-scoop\/","url":"https:\/\/mundoanimalito.com\/index.php\/out-una-mano-perro-poop-scoop\/","name":"OUT! Una Mano Perro Poop Scoop | Mundo Animalito","isPartOf":{"@id":"https:\/\/mundoanimalito.com\/#website"},"primaryImageOfPage":{"@id":"https:\/\/mundoanimalito.com\/index.php\/out-una-mano-perro-poop-scoop\/#primaryimage"},"image":{"@id":"https:\/\/mundoanimalito.com\/index.php\/out-una-mano-perro-poop-scoop\/#primaryimage"},"thumbnailUrl":"https:\/\/mundoanimalito.com\/wp-content\/uploads\/2024\/04\/618Tv9j4xxL._AC_SL1000_.jpg","datePublished":"2024-04-25T18:44:43+00:00","dateModified":"2024-09-18T19:12:52+00:00","description":"\u00bfCansado de agacharte y recoger los desechos de tu perro con las manos desnudas? \u00a1Con el OUT! Una Mano Perro Poop Scoop, esa tarea inc\u00f3moda es cosa del pasado! Este pr\u00e1ctico dispositivo hace que recoger despu\u00e9s de tu mascota sea simple e indoloro","breadcrumb":{"@id":"https:\/\/mundoanimalito.com\/index.php\/out-una-mano-perro-poop-scoop\/#breadcrumb"},"inLanguage":"es","potentialAction":[{"@type":"ReadAction","target":["https:\/\/mundoanimalito.com\/index.php\/out-una-mano-perro-poop-scoop\/"]}]},{"@type":"ImageObject","inLanguage":"es","@id":"https:\/\/mundoanimalito.com\/index.php\/out-una-mano-perro-poop-scoop\/#primaryimage","url":"https:\/\/mundoanimalito.com\/wp-content\/uploads\/2024\/04\/618Tv9j4xxL._AC_SL1000_.jpg","contentUrl":"https:\/\/mundoanimalito.com\/wp-content\/uploads\/2024\/04\/618Tv9j4xxL._AC_SL1000_.jpg","width":422,"height":979,"caption":"OUT! Una Mano Perro Poop Scoop"},{"@type":"BreadcrumbList","@id":"https:\/\/mundoanimalito.com\/index.php\/out-una-mano-perro-poop-scoop\/#breadcrumb","itemListElement":[{"@type":"ListItem","position":1,"name":"Portada","item":"https:\/\/mundoanimalito.com\/"},{"@type":"ListItem","position":2,"name":"OUT! Una Mano Perro Poop Scoop"}]},{"@type":"WebSite","@id":"https:\/\/mundoanimalito.com\/#website","url":"https:\/\/mundoanimalito.com\/","name":"Mundo Animalito","description":"Datos y curiosidades de los animales, encuentra ac\u00e1 todo para tu mascota","publisher":{"@id":"https:\/\/mundoanimalito.com\/#organization"},"potentialAction":[{"@type":"SearchAction","target":{"@type":"EntryPoint","urlTemplate":"https:\/\/mundoanimalito.com\/?s={search_term_string}"},"query-input":{"@type":"PropertyValueSpecification","valueRequired":true,"valueName":"search_term_string"}}],"inLanguage":"es"},{"@type":"Organization","@id":"https:\/\/mundoanimalito.com\/#organization","name":"Mundo Animalito","url":"https:\/\/mundoanimalito.com\/","logo":{"@type":"ImageObject","inLanguage":"es","@id":"https:\/\/mundoanimalito.com\/#\/schema\/logo\/image\/","url":"https:\/\/mundoanimalito.com\/wp-content\/uploads\/2023\/10\/cropped-cropped-LOGO-OFICIAL-ULTIMA-VERSION-1.jpg","contentUrl":"https:\/\/mundoanimalito.com\/wp-content\/uploads\/2023\/10\/cropped-cropped-LOGO-OFICIAL-ULTIMA-VERSION-1.jpg","width":374,"height":425,"caption":"Mundo Animalito"},"image":{"@id":"https:\/\/mundoanimalito.com\/#\/schema\/logo\/image\/"},"sameAs":["https:\/\/www.facebook.com\/mundoanimalito77","https:\/\/www.instagram.com\/mundoanimalito77\/","https:\/\/www.tiktok.com\/@mundoanimalito77","https:\/\/www.youtube.com\/channel\/UCLo2JhNUNtHVraDt5aHadew"]}]}},"_links":{"self":[{"href":"https:\/\/mundoanimalito.com\/index.php\/wp-json\/wp\/v2\/pages\/29028","targetHints":{"allow":["GET"]}}],"collection":[{"href":"https:\/\/mundoanimalito.com\/index.php\/wp-json\/wp\/v2\/pages"}],"about":[{"href":"https:\/\/mundoanimalito.com\/index.php\/wp-json\/wp\/v2\/types\/page"}],"author":[{"embeddable":true,"href":"https:\/\/mundoanimalito.com\/index.php\/wp-json\/wp\/v2\/users\/1"}],"replies":[{"embeddable":true,"href":"https:\/\/mundoanimalito.com\/index.php\/wp-json\/wp\/v2\/comments?post=29028"}],"version-history":[{"count":0,"href":"https:\/\/mundoanimalito.com\/index.php\/wp-json\/wp\/v2\/pages\/29028\/revisions"}],"wp:attachment":[{"href":"https:\/\/mundoanimalito.com\/index.php\/wp-json\/wp\/v2\/media?parent=29028"}],"curies":[{"name":"wp","href":"https:\/\/api.w.org\/{rel}","templated":true}]}}