{"id":28912,"date":"2024-04-25T11:54:39","date_gmt":"2024-04-25T16:54:39","guid":{"rendered":"https:\/\/mundoanimalito.com\/?page_id=28912"},"modified":"2024-09-04T18:41:00","modified_gmt":"2024-09-04T23:41:00","slug":"igadgitz-home-u7168-dispensador-de-tela-bolsas-caca-perro","status":"publish","type":"page","link":"https:\/\/mundoanimalito.com\/index.php\/igadgitz-home-u7168-dispensador-de-tela-bolsas-caca-perro\/","title":{"rendered":"iGadgitz Home U7168 Dispensador de Tela Bolsas Caca Perro"},"content":{"rendered":"\t\t<div data-elementor-type=\"wp-page\" data-elementor-id=\"28912\" class=\"elementor elementor-28912\" data-elementor-post-type=\"page\">\n\t\t\t\t<div class=\"elementor-element elementor-element-c11578e e-flex e-con-boxed e-con e-parent\" data-id=\"c11578e\" data-element_type=\"container\" data-e-type=\"container\">\n\t\t\t\t\t<div class=\"e-con-inner\">\n\t\t\t\t<div class=\"elementor-element elementor-element-f2562cc elementor-invisible elementor-widget elementor-widget-heading\" data-id=\"f2562cc\" data-element_type=\"widget\" data-e-type=\"widget\" data-settings=\"{&quot;_animation&quot;:&quot;fadeInDown&quot;}\" data-widget_type=\"heading.default\">\n\t\t\t\t<div class=\"elementor-widget-container\">\n\t\t\t\t\t<h2 class=\"elementor-heading-title elementor-size-default\">\u00bfCansado de lidiar con la inc\u00f3moda tarea de recoger los desechos de tu perro durante los paseos? \u00a1Con el Dispensador de Tela Bolsas Caca Perro iGadgitz Home, eso es cosa del pasado! Este ingenioso dispositivo te ofrece una soluci\u00f3n conveniente y pr\u00e1ctica para mantener limpia tu \u00e1rea local mientras cuidas a tu amigo peludo. <\/h2>\t\t\t\t<\/div>\n\t\t\t\t<\/div>\n\t\t\t\t\t<\/div>\n\t\t\t\t<\/div>\n\t\t<div class=\"elementor-element elementor-element-4a0546e e-flex e-con-boxed e-con e-parent\" data-id=\"4a0546e\" data-element_type=\"container\" data-e-type=\"container\">\n\t\t\t\t\t<div class=\"e-con-inner\">\n\t\t<div class=\"elementor-element elementor-element-05a6ac9 e-con-full e-flex e-con e-child\" data-id=\"05a6ac9\" data-element_type=\"container\" data-e-type=\"container\">\n\t\t\t\t<div class=\"elementor-element elementor-element-f9cc745 elementor-widget elementor-widget-image\" data-id=\"f9cc745\" data-element_type=\"widget\" data-e-type=\"widget\" data-widget_type=\"image.default\">\n\t\t\t\t<div class=\"elementor-widget-container\">\n\t\t\t\t\t\t\t\t\t\t\t\t\t\t\t\t<a href=\"https:\/\/amzn.to\/3UepDym\" target=\"_blank\">\n\t\t\t\t\t\t\t<img fetchpriority=\"high\" decoding=\"async\" width=\"629\" height=\"1024\" src=\"https:\/\/mundoanimalito.com\/wp-content\/uploads\/2024\/04\/61OCkP0NI4L._AC_SL1200_-629x1024.jpg\" class=\"attachment-large size-large wp-image-28893\" alt=\"iGadgitz Home U7168 Dispensador de Tela Bolsas Caca Perro, Soporte Bolsas Excrementos Perros con Mosquet\u00f3n - Negro\" srcset=\"https:\/\/mundoanimalito.com\/wp-content\/uploads\/2024\/04\/61OCkP0NI4L._AC_SL1200_-629x1024.jpg 629w, https:\/\/mundoanimalito.com\/wp-content\/uploads\/2024\/04\/61OCkP0NI4L._AC_SL1200_-184x300.jpg 184w, https:\/\/mundoanimalito.com\/wp-content\/uploads\/2024\/04\/61OCkP0NI4L._AC_SL1200_.jpg 734w\" sizes=\"(max-width: 629px) 100vw, 629px\" \/>\t\t\t\t\t\t\t\t<\/a>\n\t\t\t\t\t\t\t\t\t\t\t\t\t\t\t<\/div>\n\t\t\t\t<\/div>\n\t\t\t\t<\/div>\n\t\t<div class=\"elementor-element elementor-element-9e9769a e-con-full e-flex e-con e-child\" data-id=\"9e9769a\" data-element_type=\"container\" data-e-type=\"container\">\n\t\t\t\t<div class=\"elementor-element elementor-element-daa33a2 elementor-widget elementor-widget-text-editor\" data-id=\"daa33a2\" data-element_type=\"widget\" data-e-type=\"widget\" data-widget_type=\"text-editor.default\">\n\t\t\t\t<div class=\"elementor-widget-container\">\n\t\t\t\t\t\t\t\t\t<p>\u267b\ufe0f <strong>Suministro Conveniente:<\/strong> Con el orificio de dispensaci\u00f3n f\u00e1cil de tirar, este dispensador te permite agarrar una sola bolsa en cualquier momento sin necesidad de buscarla en tus bolsillos. \u00a1Siempre tendr\u00e1s una bolsa lista para recoger los desechos de tu perro durante tus paseos!<\/p><p>\u00a0<\/p><p>\ud83d\udc3e <strong>Dise\u00f1o Pr\u00e1ctico:<\/strong> Equipado con un mosquet\u00f3n resistente, este dispensador se puede sujetar f\u00e1cilmente a la ropa, la correa o cualquier otro lugar conveniente. \u00a1Ideal para largas caminatas al aire libre, en el jard\u00edn o durante tus viajes!<\/p><p>\u00a0<\/p><p>\ud83d\udd12 <strong>F\u00e1cil de Usar:<\/strong> Gracias al ojal de goma lateral, puedes quitar f\u00e1cilmente una bolsa sin tener que abrir el dispensador. Adem\u00e1s, la parte superior del tubo cuenta con una tapa con cremallera para insertar o quitar rollos de manera r\u00e1pida y sencilla.<\/p><p>\u00a0<\/p><p>\ud83c\udf3f <strong>Resistente y Duradero:<\/strong> Fabricado con poli\u00e9ster resistente al agua, este dispensador est\u00e1 dise\u00f1ado para soportar las condiciones m\u00e1s exigentes. \u00a1Disfruta de su compa\u00f1\u00eda sin preocupaciones en todas tus aventuras con tu perro!<\/p><p>\u00a0<\/p><p>\ud83d\udcbc <strong>Portabilidad \u00d3ptima:<\/strong> Ligero y port\u00e1til, este dispensador es el compa\u00f1ero perfecto para cualquier due\u00f1o o paseador de perros. Ya sea en tus salidas diarias o en escapadas m\u00e1s largas, este dispensador estar\u00e1 siempre listo para ayudarte a mantener limpio el entorno mientras cuidas de tu mascota.<\/p><p>\u00a0<\/p><p>Con un dise\u00f1o compacto y ligero, este dispensador cabe f\u00e1cilmente en tu bolsillo o se sujeta a la correa de tu perro, asegurando que siempre est\u00e9 al alcance cuando lo necesites. Adem\u00e1s, su resistente construcci\u00f3n lo hace perfecto para cualquier tipo de aventura al aire libre. \u00a1Haz que los paseos con tu perro sean m\u00e1s c\u00f3modos y sin complicaciones con el Dispensador de Bolsas Caca Perro iGadgitz Home!<\/p>\t\t\t\t\t\t\t\t<\/div>\n\t\t\t\t<\/div>\n\t\t\t\t<div class=\"elementor-element elementor-element-cc00def elementor-align-right elementor-widget elementor-widget-button\" data-id=\"cc00def\" data-element_type=\"widget\" data-e-type=\"widget\" data-widget_type=\"button.default\">\n\t\t\t\t<div class=\"elementor-widget-container\">\n\t\t\t\t\t\t\t\t\t<div class=\"elementor-button-wrapper\">\n\t\t\t\t\t<a class=\"elementor-button elementor-button-link elementor-size-sm\" href=\"https:\/\/amzn.to\/3UepDym\" target=\"_blank\">\n\t\t\t\t\t\t<span class=\"elementor-button-content-wrapper\">\n\t\t\t\t\t\t\t\t\t<span class=\"elementor-button-text\">Compra ahora en Amazon<\/span>\n\t\t\t\t\t<\/span>\n\t\t\t\t\t<\/a>\n\t\t\t\t<\/div>\n\t\t\t\t\t\t\t\t<\/div>\n\t\t\t\t<\/div>\n\t\t\t\t<\/div>\n\t\t\t\t\t<\/div>\n\t\t\t\t<\/div>\n\t\t<div class=\"elementor-element elementor-element-096e658 e-flex e-con-boxed e-con e-parent\" data-id=\"096e658\" data-element_type=\"container\" data-e-type=\"container\">\n\t\t\t\t\t<div class=\"e-con-inner\">\n\t\t\t\t<div class=\"elementor-element elementor-element-0f943fa elementor-arrows-position-inside elementor-pagination-position-outside elementor-widget elementor-widget-image-carousel\" data-id=\"0f943fa\" data-element_type=\"widget\" data-e-type=\"widget\" data-settings=\"{&quot;slides_to_show&quot;:&quot;1&quot;,&quot;navigation&quot;:&quot;both&quot;,&quot;autoplay&quot;:&quot;yes&quot;,&quot;pause_on_hover&quot;:&quot;yes&quot;,&quot;pause_on_interaction&quot;:&quot;yes&quot;,&quot;autoplay_speed&quot;:5000,&quot;infinite&quot;:&quot;yes&quot;,&quot;effect&quot;:&quot;slide&quot;,&quot;speed&quot;:500}\" data-widget_type=\"image-carousel.default\">\n\t\t\t\t<div class=\"elementor-widget-container\">\n\t\t\t\t\t\t\t<div class=\"elementor-image-carousel-wrapper swiper\" role=\"region\" aria-roledescription=\"carousel\" aria-label=\"Carrusel de im\u00e1genes\" dir=\"ltr\">\n\t\t\t<div class=\"elementor-image-carousel swiper-wrapper\" aria-live=\"off\">\n\t\t\t\t\t\t\t\t<div class=\"swiper-slide\" role=\"group\" aria-roledescription=\"slide\" aria-label=\"1 de 2\"><figure class=\"swiper-slide-inner\"><img decoding=\"async\" class=\"swiper-slide-image\" src=\"https:\/\/mundoanimalito.com\/wp-content\/uploads\/2024\/04\/61UFSk3TOZL._AC_SL1200_.jpg\" alt=\"iGadgitz Home U7168 Dispensador de Tela Bolsas Caca Perro, Soporte Bolsas Excrementos Perros con Mosquet\u00f3n - Negro\" \/><\/figure><\/div><div class=\"swiper-slide\" role=\"group\" aria-roledescription=\"slide\" aria-label=\"2 de 2\"><figure class=\"swiper-slide-inner\"><img decoding=\"async\" class=\"swiper-slide-image\" src=\"https:\/\/mundoanimalito.com\/wp-content\/uploads\/2024\/04\/61VZSAvxL0L._AC_SL1200_-768x764.jpg\" alt=\"iGadgitz Home U7168 Dispensador de Tela Bolsas Caca Perro, Soporte Bolsas Excrementos Perros con Mosquet\u00f3n - Negro\" \/><\/figure><\/div>\t\t\t<\/div>\n\t\t\t\t\t\t\t\t\t\t\t\t<div class=\"elementor-swiper-button elementor-swiper-button-prev\" role=\"button\" tabindex=\"0\">\n\t\t\t\t\t\t<i aria-hidden=\"true\" class=\"eicon-chevron-left\"><\/i>\t\t\t\t\t<\/div>\n\t\t\t\t\t<div class=\"elementor-swiper-button elementor-swiper-button-next\" role=\"button\" tabindex=\"0\">\n\t\t\t\t\t\t<i aria-hidden=\"true\" class=\"eicon-chevron-right\"><\/i>\t\t\t\t\t<\/div>\n\t\t\t\t\n\t\t\t\t\t\t\t\t\t<div class=\"swiper-pagination\"><\/div>\n\t\t\t\t\t\t\t\t\t<\/div>\n\t\t\t\t\t\t<\/div>\n\t\t\t\t<\/div>\n\t\t\t\t\t<\/div>\n\t\t\t\t<\/div>\n\t\t<div class=\"elementor-element elementor-element-18625e4 e-flex e-con-boxed e-con e-parent\" data-id=\"18625e4\" data-element_type=\"container\" data-e-type=\"container\">\n\t\t\t\t\t<div class=\"e-con-inner\">\n\t\t\t\t<div class=\"elementor-element elementor-element-d2e82b9 elementor-align-right elementor-widget elementor-widget-button\" data-id=\"d2e82b9\" data-element_type=\"widget\" data-e-type=\"widget\" data-widget_type=\"button.default\">\n\t\t\t\t<div class=\"elementor-widget-container\">\n\t\t\t\t\t\t\t\t\t<div class=\"elementor-button-wrapper\">\n\t\t\t\t\t<a class=\"elementor-button elementor-button-link elementor-size-sm\" href=\"https:\/\/amzn.to\/3UepDym\" target=\"_blank\">\n\t\t\t\t\t\t<span class=\"elementor-button-content-wrapper\">\n\t\t\t\t\t\t\t\t\t<span class=\"elementor-button-text\">Compra ahora en Amazon<\/span>\n\t\t\t\t\t<\/span>\n\t\t\t\t\t<\/a>\n\t\t\t\t<\/div>\n\t\t\t\t\t\t\t\t<\/div>\n\t\t\t\t<\/div>\n\t\t\t\t\t<\/div>\n\t\t\t\t<\/div>\n\t\t\t\t<\/div>\n\t\t","protected":false},"excerpt":{"rendered":"<p>\u00bfCansado de lidiar con la inc\u00f3moda tarea de recoger los desechos de tu perro durante los paseos? \u00a1Con el Dispensador de Tela Bolsas Caca Perro iGadgitz Home, eso es cosa del pasado! Este ingenioso dispositivo te ofrece una soluci\u00f3n conveniente y pr\u00e1ctica para mantener limpia tu \u00e1rea local mientras cuidas a tu amigo peludo. \u267b\ufe0f [&hellip;]<\/p>\n","protected":false},"author":1,"featured_media":0,"parent":0,"menu_order":0,"comment_status":"closed","ping_status":"closed","template":"","meta":{"site-sidebar-layout":"no-sidebar","site-content-layout":"page-builder","ast-site-content-layout":"full-width-container","site-content-style":"default","site-sidebar-style":"default","ast-global-header-display":"","ast-banner-title-visibility":"","ast-main-header-display":"","ast-hfb-above-header-display":"","ast-hfb-below-header-display":"","ast-hfb-mobile-header-display":"","site-post-title":"disabled","ast-breadcrumbs-content":"","ast-featured-img":"disabled","footer-sml-layout":"","ast-disable-related-posts":"","theme-transparent-header-meta":"","adv-header-id-meta":"","stick-header-meta":"","header-above-stick-meta":"","header-main-stick-meta":"","header-below-stick-meta":"","astra-migrate-meta-layouts":"set","ast-page-background-enabled":"default","ast-page-background-meta":{"desktop":{"background-color":"var(--ast-global-color-4)","background-image":"","background-repeat":"repeat","background-position":"center center","background-size":"auto","background-attachment":"scroll","background-type":"","background-media":"","overlay-type":"","overlay-color":"","overlay-opacity":"","overlay-gradient":""},"tablet":{"background-color":"","background-image":"","background-repeat":"repeat","background-position":"center center","background-size":"auto","background-attachment":"scroll","background-type":"","background-media":"","overlay-type":"","overlay-color":"","overlay-opacity":"","overlay-gradient":""},"mobile":{"background-color":"","background-image":"","background-repeat":"repeat","background-position":"center center","background-size":"auto","background-attachment":"scroll","background-type":"","background-media":"","overlay-type":"","overlay-color":"","overlay-opacity":"","overlay-gradient":""}},"ast-content-background-meta":{"desktop":{"background-color":"var(--ast-global-color-5)","background-image":"","background-repeat":"repeat","background-position":"center center","background-size":"auto","background-attachment":"scroll","background-type":"","background-media":"","overlay-type":"","overlay-color":"","overlay-opacity":"","overlay-gradient":""},"tablet":{"background-color":"var(--ast-global-color-5)","background-image":"","background-repeat":"repeat","background-position":"center center","background-size":"auto","background-attachment":"scroll","background-type":"","background-media":"","overlay-type":"","overlay-color":"","overlay-opacity":"","overlay-gradient":""},"mobile":{"background-color":"var(--ast-global-color-5)","background-image":"","background-repeat":"repeat","background-position":"center center","background-size":"auto","background-attachment":"scroll","background-type":"","background-media":"","overlay-type":"","overlay-color":"","overlay-opacity":"","overlay-gradient":""}},"footnotes":""},"class_list":["post-28912","page","type-page","status-publish","hentry"],"yoast_head":"<!-- This site is optimized with the Yoast SEO plugin v27.5 - https:\/\/yoast.com\/product\/yoast-seo-wordpress\/ -->\n<title>Igadgitz home Dispensador de Tela Bolsas Caca Perro | Mundo Animalito<\/title>\n<meta name=\"description\" content=\"Cansado de lidiar con la inc\u00f3moda tarea de recoger los desechos de tu perro durante los paseos? \u00a1Con el Dispensador de Tela Bolsas Caca Perro iGadgitz Home, eso es cosa del pasado! Este ingenioso dispositivo te ofrece una soluci\u00f3n conveniente y pr\u00e1ctica para mantener limpia tu \u00e1rea local mientras cuidas a tu amigo peludo.\" \/>\n<meta name=\"robots\" content=\"index, follow, max-snippet:-1, max-image-preview:large, max-video-preview:-1\" \/>\n<link rel=\"canonical\" href=\"https:\/\/mundoanimalito.com\/index.php\/igadgitz-home-u7168-dispensador-de-tela-bolsas-caca-perro\/\" \/>\n<meta property=\"og:locale\" content=\"es_ES\" \/>\n<meta property=\"og:type\" content=\"article\" \/>\n<meta property=\"og:title\" content=\"Igadgitz home Dispensador de Tela Bolsas Caca Perro | Mundo Animalito\" \/>\n<meta property=\"og:description\" content=\"Cansado de lidiar con la inc\u00f3moda tarea de recoger los desechos de tu perro durante los paseos? \u00a1Con el Dispensador de Tela Bolsas Caca Perro iGadgitz Home, eso es cosa del pasado! Este ingenioso dispositivo te ofrece una soluci\u00f3n conveniente y pr\u00e1ctica para mantener limpia tu \u00e1rea local mientras cuidas a tu amigo peludo.\" \/>\n<meta property=\"og:url\" content=\"https:\/\/mundoanimalito.com\/index.php\/igadgitz-home-u7168-dispensador-de-tela-bolsas-caca-perro\/\" \/>\n<meta property=\"og:site_name\" content=\"Mundo Animalito\" \/>\n<meta property=\"article:publisher\" content=\"https:\/\/www.facebook.com\/mundoanimalito77\" \/>\n<meta property=\"article:modified_time\" content=\"2024-09-04T23:41:00+00:00\" \/>\n<meta property=\"og:image\" content=\"https:\/\/mundoanimalito.com\/wp-content\/uploads\/2024\/04\/61OCkP0NI4L._AC_SL1200_-629x1024.jpg\" \/>\n<meta name=\"twitter:card\" content=\"summary_large_image\" \/>\n<meta name=\"twitter:label1\" content=\"Tiempo de lectura\" \/>\n\t<meta name=\"twitter:data1\" content=\"3 minutos\" \/>\n<script type=\"application\/ld+json\" class=\"yoast-schema-graph\">{\"@context\":\"https:\\\/\\\/schema.org\",\"@graph\":[{\"@type\":\"WebPage\",\"@id\":\"https:\\\/\\\/mundoanimalito.com\\\/index.php\\\/igadgitz-home-u7168-dispensador-de-tela-bolsas-caca-perro\\\/\",\"url\":\"https:\\\/\\\/mundoanimalito.com\\\/index.php\\\/igadgitz-home-u7168-dispensador-de-tela-bolsas-caca-perro\\\/\",\"name\":\"Igadgitz home Dispensador de Tela Bolsas Caca Perro | Mundo Animalito\",\"isPartOf\":{\"@id\":\"https:\\\/\\\/mundoanimalito.com\\\/#website\"},\"primaryImageOfPage\":{\"@id\":\"https:\\\/\\\/mundoanimalito.com\\\/index.php\\\/igadgitz-home-u7168-dispensador-de-tela-bolsas-caca-perro\\\/#primaryimage\"},\"image\":{\"@id\":\"https:\\\/\\\/mundoanimalito.com\\\/index.php\\\/igadgitz-home-u7168-dispensador-de-tela-bolsas-caca-perro\\\/#primaryimage\"},\"thumbnailUrl\":\"https:\\\/\\\/mundoanimalito.com\\\/wp-content\\\/uploads\\\/2024\\\/04\\\/61OCkP0NI4L._AC_SL1200_-629x1024.jpg\",\"datePublished\":\"2024-04-25T16:54:39+00:00\",\"dateModified\":\"2024-09-04T23:41:00+00:00\",\"description\":\"Cansado de lidiar con la inc\u00f3moda tarea de recoger los desechos de tu perro durante los paseos? \u00a1Con el Dispensador de Tela Bolsas Caca Perro iGadgitz Home, eso es cosa del pasado! Este ingenioso dispositivo te ofrece una soluci\u00f3n conveniente y pr\u00e1ctica para mantener limpia tu \u00e1rea local mientras cuidas a tu amigo peludo.\",\"breadcrumb\":{\"@id\":\"https:\\\/\\\/mundoanimalito.com\\\/index.php\\\/igadgitz-home-u7168-dispensador-de-tela-bolsas-caca-perro\\\/#breadcrumb\"},\"inLanguage\":\"es\",\"potentialAction\":[{\"@type\":\"ReadAction\",\"target\":[\"https:\\\/\\\/mundoanimalito.com\\\/index.php\\\/igadgitz-home-u7168-dispensador-de-tela-bolsas-caca-perro\\\/\"]}]},{\"@type\":\"ImageObject\",\"inLanguage\":\"es\",\"@id\":\"https:\\\/\\\/mundoanimalito.com\\\/index.php\\\/igadgitz-home-u7168-dispensador-de-tela-bolsas-caca-perro\\\/#primaryimage\",\"url\":\"https:\\\/\\\/mundoanimalito.com\\\/wp-content\\\/uploads\\\/2024\\\/04\\\/61OCkP0NI4L._AC_SL1200_.jpg\",\"contentUrl\":\"https:\\\/\\\/mundoanimalito.com\\\/wp-content\\\/uploads\\\/2024\\\/04\\\/61OCkP0NI4L._AC_SL1200_.jpg\",\"width\":734,\"height\":1194,\"caption\":\"iGadgitz Home U7168 Dispensador de Tela Bolsas Caca Perro, Soporte Bolsas Excrementos Perros con Mosquet\u00f3n - Negro\"},{\"@type\":\"BreadcrumbList\",\"@id\":\"https:\\\/\\\/mundoanimalito.com\\\/index.php\\\/igadgitz-home-u7168-dispensador-de-tela-bolsas-caca-perro\\\/#breadcrumb\",\"itemListElement\":[{\"@type\":\"ListItem\",\"position\":1,\"name\":\"Portada\",\"item\":\"https:\\\/\\\/mundoanimalito.com\\\/\"},{\"@type\":\"ListItem\",\"position\":2,\"name\":\"iGadgitz Home U7168 Dispensador de Tela Bolsas Caca Perro\"}]},{\"@type\":\"WebSite\",\"@id\":\"https:\\\/\\\/mundoanimalito.com\\\/#website\",\"url\":\"https:\\\/\\\/mundoanimalito.com\\\/\",\"name\":\"Mundo Animalito\",\"description\":\"Datos y curiosidades de los animales, encuentra ac\u00e1 todo para tu mascota\",\"publisher\":{\"@id\":\"https:\\\/\\\/mundoanimalito.com\\\/#organization\"},\"potentialAction\":[{\"@type\":\"SearchAction\",\"target\":{\"@type\":\"EntryPoint\",\"urlTemplate\":\"https:\\\/\\\/mundoanimalito.com\\\/?s={search_term_string}\"},\"query-input\":{\"@type\":\"PropertyValueSpecification\",\"valueRequired\":true,\"valueName\":\"search_term_string\"}}],\"inLanguage\":\"es\"},{\"@type\":\"Organization\",\"@id\":\"https:\\\/\\\/mundoanimalito.com\\\/#organization\",\"name\":\"Mundo Animalito\",\"url\":\"https:\\\/\\\/mundoanimalito.com\\\/\",\"logo\":{\"@type\":\"ImageObject\",\"inLanguage\":\"es\",\"@id\":\"https:\\\/\\\/mundoanimalito.com\\\/#\\\/schema\\\/logo\\\/image\\\/\",\"url\":\"https:\\\/\\\/mundoanimalito.com\\\/wp-content\\\/uploads\\\/2023\\\/10\\\/cropped-cropped-LOGO-OFICIAL-ULTIMA-VERSION-1.jpg\",\"contentUrl\":\"https:\\\/\\\/mundoanimalito.com\\\/wp-content\\\/uploads\\\/2023\\\/10\\\/cropped-cropped-LOGO-OFICIAL-ULTIMA-VERSION-1.jpg\",\"width\":374,\"height\":425,\"caption\":\"Mundo Animalito\"},\"image\":{\"@id\":\"https:\\\/\\\/mundoanimalito.com\\\/#\\\/schema\\\/logo\\\/image\\\/\"},\"sameAs\":[\"https:\\\/\\\/www.facebook.com\\\/mundoanimalito77\",\"https:\\\/\\\/www.instagram.com\\\/mundoanimalito77\\\/\",\"https:\\\/\\\/www.tiktok.com\\\/@mundoanimalito77\",\"https:\\\/\\\/www.youtube.com\\\/channel\\\/UCLo2JhNUNtHVraDt5aHadew\"]}]}<\/script>\n<!-- \/ Yoast SEO plugin. -->","yoast_head_json":{"title":"Igadgitz home Dispensador de Tela Bolsas Caca Perro | Mundo Animalito","description":"Cansado de lidiar con la inc\u00f3moda tarea de recoger los desechos de tu perro durante los paseos? \u00a1Con el Dispensador de Tela Bolsas Caca Perro iGadgitz Home, eso es cosa del pasado! Este ingenioso dispositivo te ofrece una soluci\u00f3n conveniente y pr\u00e1ctica para mantener limpia tu \u00e1rea local mientras cuidas a tu amigo peludo.","robots":{"index":"index","follow":"follow","max-snippet":"max-snippet:-1","max-image-preview":"max-image-preview:large","max-video-preview":"max-video-preview:-1"},"canonical":"https:\/\/mundoanimalito.com\/index.php\/igadgitz-home-u7168-dispensador-de-tela-bolsas-caca-perro\/","og_locale":"es_ES","og_type":"article","og_title":"Igadgitz home Dispensador de Tela Bolsas Caca Perro | Mundo Animalito","og_description":"Cansado de lidiar con la inc\u00f3moda tarea de recoger los desechos de tu perro durante los paseos? \u00a1Con el Dispensador de Tela Bolsas Caca Perro iGadgitz Home, eso es cosa del pasado! Este ingenioso dispositivo te ofrece una soluci\u00f3n conveniente y pr\u00e1ctica para mantener limpia tu \u00e1rea local mientras cuidas a tu amigo peludo.","og_url":"https:\/\/mundoanimalito.com\/index.php\/igadgitz-home-u7168-dispensador-de-tela-bolsas-caca-perro\/","og_site_name":"Mundo Animalito","article_publisher":"https:\/\/www.facebook.com\/mundoanimalito77","article_modified_time":"2024-09-04T23:41:00+00:00","og_image":[{"url":"https:\/\/mundoanimalito.com\/wp-content\/uploads\/2024\/04\/61OCkP0NI4L._AC_SL1200_-629x1024.jpg","type":"","width":"","height":""}],"twitter_card":"summary_large_image","twitter_misc":{"Tiempo de lectura":"3 minutos"},"schema":{"@context":"https:\/\/schema.org","@graph":[{"@type":"WebPage","@id":"https:\/\/mundoanimalito.com\/index.php\/igadgitz-home-u7168-dispensador-de-tela-bolsas-caca-perro\/","url":"https:\/\/mundoanimalito.com\/index.php\/igadgitz-home-u7168-dispensador-de-tela-bolsas-caca-perro\/","name":"Igadgitz home Dispensador de Tela Bolsas Caca Perro | Mundo Animalito","isPartOf":{"@id":"https:\/\/mundoanimalito.com\/#website"},"primaryImageOfPage":{"@id":"https:\/\/mundoanimalito.com\/index.php\/igadgitz-home-u7168-dispensador-de-tela-bolsas-caca-perro\/#primaryimage"},"image":{"@id":"https:\/\/mundoanimalito.com\/index.php\/igadgitz-home-u7168-dispensador-de-tela-bolsas-caca-perro\/#primaryimage"},"thumbnailUrl":"https:\/\/mundoanimalito.com\/wp-content\/uploads\/2024\/04\/61OCkP0NI4L._AC_SL1200_-629x1024.jpg","datePublished":"2024-04-25T16:54:39+00:00","dateModified":"2024-09-04T23:41:00+00:00","description":"Cansado de lidiar con la inc\u00f3moda tarea de recoger los desechos de tu perro durante los paseos? \u00a1Con el Dispensador de Tela Bolsas Caca Perro iGadgitz Home, eso es cosa del pasado! Este ingenioso dispositivo te ofrece una soluci\u00f3n conveniente y pr\u00e1ctica para mantener limpia tu \u00e1rea local mientras cuidas a tu amigo peludo.","breadcrumb":{"@id":"https:\/\/mundoanimalito.com\/index.php\/igadgitz-home-u7168-dispensador-de-tela-bolsas-caca-perro\/#breadcrumb"},"inLanguage":"es","potentialAction":[{"@type":"ReadAction","target":["https:\/\/mundoanimalito.com\/index.php\/igadgitz-home-u7168-dispensador-de-tela-bolsas-caca-perro\/"]}]},{"@type":"ImageObject","inLanguage":"es","@id":"https:\/\/mundoanimalito.com\/index.php\/igadgitz-home-u7168-dispensador-de-tela-bolsas-caca-perro\/#primaryimage","url":"https:\/\/mundoanimalito.com\/wp-content\/uploads\/2024\/04\/61OCkP0NI4L._AC_SL1200_.jpg","contentUrl":"https:\/\/mundoanimalito.com\/wp-content\/uploads\/2024\/04\/61OCkP0NI4L._AC_SL1200_.jpg","width":734,"height":1194,"caption":"iGadgitz Home U7168 Dispensador de Tela Bolsas Caca Perro, Soporte Bolsas Excrementos Perros con Mosquet\u00f3n - Negro"},{"@type":"BreadcrumbList","@id":"https:\/\/mundoanimalito.com\/index.php\/igadgitz-home-u7168-dispensador-de-tela-bolsas-caca-perro\/#breadcrumb","itemListElement":[{"@type":"ListItem","position":1,"name":"Portada","item":"https:\/\/mundoanimalito.com\/"},{"@type":"ListItem","position":2,"name":"iGadgitz Home U7168 Dispensador de Tela Bolsas Caca Perro"}]},{"@type":"WebSite","@id":"https:\/\/mundoanimalito.com\/#website","url":"https:\/\/mundoanimalito.com\/","name":"Mundo Animalito","description":"Datos y curiosidades de los animales, encuentra ac\u00e1 todo para tu mascota","publisher":{"@id":"https:\/\/mundoanimalito.com\/#organization"},"potentialAction":[{"@type":"SearchAction","target":{"@type":"EntryPoint","urlTemplate":"https:\/\/mundoanimalito.com\/?s={search_term_string}"},"query-input":{"@type":"PropertyValueSpecification","valueRequired":true,"valueName":"search_term_string"}}],"inLanguage":"es"},{"@type":"Organization","@id":"https:\/\/mundoanimalito.com\/#organization","name":"Mundo Animalito","url":"https:\/\/mundoanimalito.com\/","logo":{"@type":"ImageObject","inLanguage":"es","@id":"https:\/\/mundoanimalito.com\/#\/schema\/logo\/image\/","url":"https:\/\/mundoanimalito.com\/wp-content\/uploads\/2023\/10\/cropped-cropped-LOGO-OFICIAL-ULTIMA-VERSION-1.jpg","contentUrl":"https:\/\/mundoanimalito.com\/wp-content\/uploads\/2023\/10\/cropped-cropped-LOGO-OFICIAL-ULTIMA-VERSION-1.jpg","width":374,"height":425,"caption":"Mundo Animalito"},"image":{"@id":"https:\/\/mundoanimalito.com\/#\/schema\/logo\/image\/"},"sameAs":["https:\/\/www.facebook.com\/mundoanimalito77","https:\/\/www.instagram.com\/mundoanimalito77\/","https:\/\/www.tiktok.com\/@mundoanimalito77","https:\/\/www.youtube.com\/channel\/UCLo2JhNUNtHVraDt5aHadew"]}]}},"_links":{"self":[{"href":"https:\/\/mundoanimalito.com\/index.php\/wp-json\/wp\/v2\/pages\/28912","targetHints":{"allow":["GET"]}}],"collection":[{"href":"https:\/\/mundoanimalito.com\/index.php\/wp-json\/wp\/v2\/pages"}],"about":[{"href":"https:\/\/mundoanimalito.com\/index.php\/wp-json\/wp\/v2\/types\/page"}],"author":[{"embeddable":true,"href":"https:\/\/mundoanimalito.com\/index.php\/wp-json\/wp\/v2\/users\/1"}],"replies":[{"embeddable":true,"href":"https:\/\/mundoanimalito.com\/index.php\/wp-json\/wp\/v2\/comments?post=28912"}],"version-history":[{"count":0,"href":"https:\/\/mundoanimalito.com\/index.php\/wp-json\/wp\/v2\/pages\/28912\/revisions"}],"wp:attachment":[{"href":"https:\/\/mundoanimalito.com\/index.php\/wp-json\/wp\/v2\/media?parent=28912"}],"curies":[{"name":"wp","href":"https:\/\/api.w.org\/{rel}","templated":true}]}}