{"id":28743,"date":"2024-04-25T11:19:14","date_gmt":"2024-04-25T16:19:14","guid":{"rendered":"https:\/\/mundoanimalito.com\/?page_id=28743"},"modified":"2024-09-09T17:55:03","modified_gmt":"2024-09-09T22:55:03","slug":"mulevip-bolsas-extra-gruesas-para-caca-de-perro-a-prueba-de-fugas-520-unidades","status":"publish","type":"page","link":"https:\/\/mundoanimalito.com\/index.php\/mulevip-bolsas-extra-gruesas-para-caca-de-perro-a-prueba-de-fugas-520-unidades\/","title":{"rendered":"MULEVIP Bolsas Extra Gruesas para Caca de Perro, a Prueba de Fugas, 520 Unidades"},"content":{"rendered":"\t\t<div data-elementor-type=\"wp-page\" data-elementor-id=\"28743\" class=\"elementor elementor-28743\" data-elementor-post-type=\"page\">\n\t\t\t\t<div class=\"elementor-element elementor-element-874f4ea e-flex e-con-boxed e-con e-parent\" data-id=\"874f4ea\" data-element_type=\"container\" data-e-type=\"container\">\n\t\t\t\t\t<div class=\"e-con-inner\">\n\t\t\t\t<div class=\"elementor-element elementor-element-1918bb6 elementor-invisible elementor-widget elementor-widget-heading\" data-id=\"1918bb6\" data-element_type=\"widget\" data-e-type=\"widget\" data-settings=\"{&quot;_animation&quot;:&quot;fadeInDown&quot;}\" data-widget_type=\"heading.default\">\n\t\t\t\t<div class=\"elementor-widget-container\">\n\t\t\t\t\t<h2 class=\"elementor-heading-title elementor-size-default\">Haz que la limpieza sea una tarea r\u00e1pida y sin complicaciones, y mant\u00e9n a tu perro y a tu entorno limpios y saludables con las Bolsas Extra Gruesas para Caca de Perro de MULEVIP.<\/h2>\t\t\t\t<\/div>\n\t\t\t\t<\/div>\n\t\t\t\t\t<\/div>\n\t\t\t\t<\/div>\n\t\t<div class=\"elementor-element elementor-element-3793c7e e-flex e-con-boxed e-con e-parent\" data-id=\"3793c7e\" data-element_type=\"container\" data-e-type=\"container\">\n\t\t\t\t\t<div class=\"e-con-inner\">\n\t\t<div class=\"elementor-element elementor-element-712184a e-con-full e-flex e-con e-child\" data-id=\"712184a\" data-element_type=\"container\" data-e-type=\"container\">\n\t\t\t\t<div class=\"elementor-element elementor-element-2669f50 elementor-widget elementor-widget-image\" data-id=\"2669f50\" data-element_type=\"widget\" data-e-type=\"widget\" data-widget_type=\"image.default\">\n\t\t\t\t<div class=\"elementor-widget-container\">\n\t\t\t\t\t\t\t\t\t\t\t\t\t\t\t\t<a href=\"https:\/\/amzn.to\/3QiMlEk\" target=\"_blank\">\n\t\t\t\t\t\t\t<img fetchpriority=\"high\" decoding=\"async\" width=\"1008\" height=\"1024\" src=\"https:\/\/mundoanimalito.com\/wp-content\/uploads\/2024\/04\/81OX-fV3VL._AC_SL1500_-1008x1024.jpg\" class=\"attachment-large size-large wp-image-28726\" alt=\"MULEVIP Bolsas Extra Gruesas para Caca de Perro, a Prueba de Fugas, 520 Unidades\/26 Rollos, Bolsas para Excrementos, con 1 Dispensador\" srcset=\"https:\/\/mundoanimalito.com\/wp-content\/uploads\/2024\/04\/81OX-fV3VL._AC_SL1500_-1008x1024.jpg 1008w, https:\/\/mundoanimalito.com\/wp-content\/uploads\/2024\/04\/81OX-fV3VL._AC_SL1500_-295x300.jpg 295w, https:\/\/mundoanimalito.com\/wp-content\/uploads\/2024\/04\/81OX-fV3VL._AC_SL1500_-768x780.jpg 768w, https:\/\/mundoanimalito.com\/wp-content\/uploads\/2024\/04\/81OX-fV3VL._AC_SL1500_.jpg 1477w\" sizes=\"(max-width: 1008px) 100vw, 1008px\" \/>\t\t\t\t\t\t\t\t<\/a>\n\t\t\t\t\t\t\t\t\t\t\t\t\t\t\t<\/div>\n\t\t\t\t<\/div>\n\t\t\t\t<\/div>\n\t\t<div class=\"elementor-element elementor-element-bf2b43f e-con-full e-flex e-con e-child\" data-id=\"bf2b43f\" data-element_type=\"container\" data-e-type=\"container\">\n\t\t\t\t<div class=\"elementor-element elementor-element-dfc2fc4 elementor-widget elementor-widget-text-editor\" data-id=\"dfc2fc4\" data-element_type=\"widget\" data-e-type=\"widget\" data-widget_type=\"text-editor.default\">\n\t\t\t\t<div class=\"elementor-widget-container\">\n\t\t\t\t\t\t\t\t\t<p><strong>\ud83d\udecd\ufe0f Super Value Pack para seis meses de suministro:<\/strong> Con 520 bolsas de caca perfumadas en total y 1 dispensador incluido, este paquete tiene todo lo que necesitas para mantener la higiene de tu perro durante meses. \u00a1Nunca te quedar\u00e1s sin bolsas cuando m\u00e1s las necesites!\u00a0<\/p><p>\u00a0<\/p><p><strong>\ud83c\udf31 Respetuoso con el Medio Ambiente:<\/strong> Nuestras bolsas para caca de perro est\u00e1n hechas con una mezcla de almid\u00f3n de ma\u00edz m\u00e1s ecol\u00f3gica, y cuentan con un n\u00facleo de papel reciclable integrado. No solo estar\u00e1s cuidando de tu mascota, \u00a1sino tambi\u00e9n del medio ambiente!\u00a0<\/p><p>\u00a0<\/p><p><strong>\ud83e\udde4 F\u00e1cil de usar y resistente:<\/strong> Con l\u00edneas de puntos claras para facilitar el rasgado y el anudado, nuestras bolsas son robustas, duraderas, resistentes a rasgaduras, impermeables y a prueba de fugas. Mant\u00e9n tus manos limpias e higi\u00e9nicas en todo momento.\u00a0<\/p><p>\u00a0<\/p><p><strong>\ud83c\udf92 Pr\u00e1ctico y vers\u00e1til:<\/strong> Adem\u00e1s de la limpieza de desechos de mascotas, nuestras bolsas tambi\u00e9n son ideales para almacenar desechos diarios, pa\u00f1ales para beb\u00e9s, \u00a1y mucho m\u00e1s! Con su propio dispensador, son f\u00e1ciles de transportar y colgar en cualquier lugar.\u00a0<\/p>\t\t\t\t\t\t\t\t<\/div>\n\t\t\t\t<\/div>\n\t\t\t\t<div class=\"elementor-element elementor-element-166d7b5 elementor-align-right elementor-widget elementor-widget-button\" data-id=\"166d7b5\" data-element_type=\"widget\" data-e-type=\"widget\" data-widget_type=\"button.default\">\n\t\t\t\t<div class=\"elementor-widget-container\">\n\t\t\t\t\t\t\t\t\t<div class=\"elementor-button-wrapper\">\n\t\t\t\t\t<a class=\"elementor-button elementor-button-link elementor-size-sm\" href=\"https:\/\/amzn.to\/3QiMlEk\" target=\"_blank\">\n\t\t\t\t\t\t<span class=\"elementor-button-content-wrapper\">\n\t\t\t\t\t\t\t\t\t<span class=\"elementor-button-text\">Compra ahora en Amazon<\/span>\n\t\t\t\t\t<\/span>\n\t\t\t\t\t<\/a>\n\t\t\t\t<\/div>\n\t\t\t\t\t\t\t\t<\/div>\n\t\t\t\t<\/div>\n\t\t\t\t<\/div>\n\t\t\t\t\t<\/div>\n\t\t\t\t<\/div>\n\t\t<div class=\"elementor-element elementor-element-ea877be e-flex e-con-boxed e-con e-parent\" data-id=\"ea877be\" data-element_type=\"container\" data-e-type=\"container\">\n\t\t\t\t\t<div class=\"e-con-inner\">\n\t\t\t\t<div class=\"elementor-element elementor-element-d8d41bf elementor-arrows-position-inside elementor-pagination-position-outside elementor-widget elementor-widget-image-carousel\" data-id=\"d8d41bf\" data-element_type=\"widget\" data-e-type=\"widget\" data-settings=\"{&quot;slides_to_show&quot;:&quot;1&quot;,&quot;navigation&quot;:&quot;both&quot;,&quot;autoplay&quot;:&quot;yes&quot;,&quot;pause_on_hover&quot;:&quot;yes&quot;,&quot;pause_on_interaction&quot;:&quot;yes&quot;,&quot;autoplay_speed&quot;:5000,&quot;infinite&quot;:&quot;yes&quot;,&quot;effect&quot;:&quot;slide&quot;,&quot;speed&quot;:500}\" data-widget_type=\"image-carousel.default\">\n\t\t\t\t<div class=\"elementor-widget-container\">\n\t\t\t\t\t\t\t<div class=\"elementor-image-carousel-wrapper swiper\" role=\"region\" aria-roledescription=\"carousel\" aria-label=\"Carrusel de im\u00e1genes\" dir=\"ltr\">\n\t\t\t<div class=\"elementor-image-carousel swiper-wrapper\" aria-live=\"off\">\n\t\t\t\t\t\t\t\t<div class=\"swiper-slide\" role=\"group\" aria-roledescription=\"slide\" aria-label=\"1 de 6\"><figure class=\"swiper-slide-inner\"><img decoding=\"async\" class=\"swiper-slide-image\" src=\"https:\/\/mundoanimalito.com\/wp-content\/uploads\/2024\/04\/814sZfxkMjL._AC_SL1500_-768x768.jpg\" alt=\"MULEVIP Bolsas Extra Gruesas para Caca de Perro, a Prueba de Fugas, 520 Unidades\/26 Rollos, Bolsas para Excrementos, con 1 Dispensador\" \/><\/figure><\/div><div class=\"swiper-slide\" role=\"group\" aria-roledescription=\"slide\" aria-label=\"2 de 6\"><figure class=\"swiper-slide-inner\"><img decoding=\"async\" class=\"swiper-slide-image\" src=\"https:\/\/mundoanimalito.com\/wp-content\/uploads\/2024\/04\/714b9zIJJML._AC_SL1500_-768x768.jpg\" alt=\"MULEVIP Bolsas Extra Gruesas para Caca de Perro, a Prueba de Fugas, 520 Unidades\/26 Rollos, Bolsas para Excrementos, con 1 Dispensador\" \/><\/figure><\/div><div class=\"swiper-slide\" role=\"group\" aria-roledescription=\"slide\" aria-label=\"3 de 6\"><figure class=\"swiper-slide-inner\"><img decoding=\"async\" class=\"swiper-slide-image\" src=\"https:\/\/mundoanimalito.com\/wp-content\/uploads\/2024\/04\/91kR4mrI72L._AC_SL1500_-768x768.jpg\" alt=\"MULEVIP Bolsas Extra Gruesas para Caca de Perro, a Prueba de Fugas, 520 Unidades\/26 Rollos, Bolsas para Excrementos, con 1 Dispensador\" \/><\/figure><\/div><div class=\"swiper-slide\" role=\"group\" aria-roledescription=\"slide\" aria-label=\"4 de 6\"><figure class=\"swiper-slide-inner\"><img decoding=\"async\" class=\"swiper-slide-image\" src=\"https:\/\/mundoanimalito.com\/wp-content\/uploads\/2024\/04\/91Tm6m-FvL._AC_SL1500_-768x768.jpg\" alt=\"MULEVIP Bolsas Extra Gruesas para Caca de Perro, a Prueba de Fugas, 520 Unidades\/26 Rollos, Bolsas para Excrementos, con 1 Dispensador\" \/><\/figure><\/div><div class=\"swiper-slide\" role=\"group\" aria-roledescription=\"slide\" aria-label=\"5 de 6\"><figure class=\"swiper-slide-inner\"><img decoding=\"async\" class=\"swiper-slide-image\" src=\"https:\/\/mundoanimalito.com\/wp-content\/uploads\/2024\/04\/81utycdkyLL._AC_SL1500_-768x768.jpg\" alt=\"MULEVIP Bolsas Extra Gruesas para Caca de Perro, a Prueba de Fugas, 520 Unidades\/26 Rollos, Bolsas para Excrementos, con 1 Dispensador\" \/><\/figure><\/div><div class=\"swiper-slide\" role=\"group\" aria-roledescription=\"slide\" aria-label=\"6 de 6\"><figure class=\"swiper-slide-inner\"><img decoding=\"async\" class=\"swiper-slide-image\" src=\"https:\/\/mundoanimalito.com\/wp-content\/uploads\/2024\/04\/91UvuRfx8L._AC_SL1500_-768x768.jpg\" alt=\"MULEVIP Bolsas Extra Gruesas para Caca de Perro, a Prueba de Fugas, 520 Unidades\/26 Rollos, Bolsas para Excrementos, con 1 Dispensador\" \/><\/figure><\/div>\t\t\t<\/div>\n\t\t\t\t\t\t\t\t\t\t\t\t<div class=\"elementor-swiper-button elementor-swiper-button-prev\" role=\"button\" tabindex=\"0\">\n\t\t\t\t\t\t<i aria-hidden=\"true\" class=\"eicon-chevron-left\"><\/i>\t\t\t\t\t<\/div>\n\t\t\t\t\t<div class=\"elementor-swiper-button elementor-swiper-button-next\" role=\"button\" tabindex=\"0\">\n\t\t\t\t\t\t<i aria-hidden=\"true\" class=\"eicon-chevron-right\"><\/i>\t\t\t\t\t<\/div>\n\t\t\t\t\n\t\t\t\t\t\t\t\t\t<div class=\"swiper-pagination\"><\/div>\n\t\t\t\t\t\t\t\t\t<\/div>\n\t\t\t\t\t\t<\/div>\n\t\t\t\t<\/div>\n\t\t\t\t\t<\/div>\n\t\t\t\t<\/div>\n\t\t<div class=\"elementor-element elementor-element-ce7d913 e-flex e-con-boxed e-con e-parent\" data-id=\"ce7d913\" data-element_type=\"container\" data-e-type=\"container\">\n\t\t\t\t\t<div class=\"e-con-inner\">\n\t\t\t\t<div class=\"elementor-element elementor-element-abb6414 elementor-align-right elementor-widget elementor-widget-button\" data-id=\"abb6414\" data-element_type=\"widget\" data-e-type=\"widget\" data-widget_type=\"button.default\">\n\t\t\t\t<div class=\"elementor-widget-container\">\n\t\t\t\t\t\t\t\t\t<div class=\"elementor-button-wrapper\">\n\t\t\t\t\t<a class=\"elementor-button elementor-button-link elementor-size-sm\" href=\"https:\/\/amzn.to\/3QiMlEk\" target=\"_blank\">\n\t\t\t\t\t\t<span class=\"elementor-button-content-wrapper\">\n\t\t\t\t\t\t\t\t\t<span class=\"elementor-button-text\">Compra ahora en Amazon<\/span>\n\t\t\t\t\t<\/span>\n\t\t\t\t\t<\/a>\n\t\t\t\t<\/div>\n\t\t\t\t\t\t\t\t<\/div>\n\t\t\t\t<\/div>\n\t\t\t\t\t<\/div>\n\t\t\t\t<\/div>\n\t\t\t\t<\/div>\n\t\t","protected":false},"excerpt":{"rendered":"<p>Haz que la limpieza sea una tarea r\u00e1pida y sin complicaciones, y mant\u00e9n a tu perro y a tu entorno limpios y saludables con las Bolsas Extra Gruesas para Caca de Perro de MULEVIP. \ud83d\udecd\ufe0f Super Value Pack para seis meses de suministro: Con 520 bolsas de caca perfumadas en total y 1 dispensador incluido, [&hellip;]<\/p>\n","protected":false},"author":1,"featured_media":0,"parent":0,"menu_order":0,"comment_status":"closed","ping_status":"closed","template":"","meta":{"site-sidebar-layout":"no-sidebar","site-content-layout":"page-builder","ast-site-content-layout":"full-width-container","site-content-style":"default","site-sidebar-style":"default","ast-global-header-display":"","ast-banner-title-visibility":"","ast-main-header-display":"","ast-hfb-above-header-display":"","ast-hfb-below-header-display":"","ast-hfb-mobile-header-display":"","site-post-title":"disabled","ast-breadcrumbs-content":"","ast-featured-img":"disabled","footer-sml-layout":"","ast-disable-related-posts":"","theme-transparent-header-meta":"","adv-header-id-meta":"","stick-header-meta":"","header-above-stick-meta":"","header-main-stick-meta":"","header-below-stick-meta":"","astra-migrate-meta-layouts":"set","ast-page-background-enabled":"default","ast-page-background-meta":{"desktop":{"background-color":"var(--ast-global-color-4)","background-image":"","background-repeat":"repeat","background-position":"center center","background-size":"auto","background-attachment":"scroll","background-type":"","background-media":"","overlay-type":"","overlay-color":"","overlay-opacity":"","overlay-gradient":""},"tablet":{"background-color":"","background-image":"","background-repeat":"repeat","background-position":"center center","background-size":"auto","background-attachment":"scroll","background-type":"","background-media":"","overlay-type":"","overlay-color":"","overlay-opacity":"","overlay-gradient":""},"mobile":{"background-color":"","background-image":"","background-repeat":"repeat","background-position":"center center","background-size":"auto","background-attachment":"scroll","background-type":"","background-media":"","overlay-type":"","overlay-color":"","overlay-opacity":"","overlay-gradient":""}},"ast-content-background-meta":{"desktop":{"background-color":"var(--ast-global-color-5)","background-image":"","background-repeat":"repeat","background-position":"center center","background-size":"auto","background-attachment":"scroll","background-type":"","background-media":"","overlay-type":"","overlay-color":"","overlay-opacity":"","overlay-gradient":""},"tablet":{"background-color":"var(--ast-global-color-5)","background-image":"","background-repeat":"repeat","background-position":"center center","background-size":"auto","background-attachment":"scroll","background-type":"","background-media":"","overlay-type":"","overlay-color":"","overlay-opacity":"","overlay-gradient":""},"mobile":{"background-color":"var(--ast-global-color-5)","background-image":"","background-repeat":"repeat","background-position":"center center","background-size":"auto","background-attachment":"scroll","background-type":"","background-media":"","overlay-type":"","overlay-color":"","overlay-opacity":"","overlay-gradient":""}},"footnotes":""},"class_list":["post-28743","page","type-page","status-publish","hentry"],"yoast_head":"<!-- This site is optimized with the Yoast SEO plugin v27.4 - https:\/\/yoast.com\/product\/yoast-seo-wordpress\/ -->\n<title>MULEVIP Bolsas Extra Gruesas para Caca de Perro | Mundo Animalito<\/title>\n<meta name=\"description\" content=\"MULEVIP Bolsas Extra Gruesas para Caca de Perro, a Prueba de Fugas, 520 Unidades\/26 Rollos, Bolsas para Excrementos, con 1 Dispensador\" \/>\n<meta name=\"robots\" content=\"index, follow, max-snippet:-1, max-image-preview:large, max-video-preview:-1\" \/>\n<link rel=\"canonical\" href=\"https:\/\/mundoanimalito.com\/index.php\/mulevip-bolsas-extra-gruesas-para-caca-de-perro-a-prueba-de-fugas-520-unidades\/\" \/>\n<meta property=\"og:locale\" content=\"es_ES\" \/>\n<meta property=\"og:type\" content=\"article\" \/>\n<meta property=\"og:title\" content=\"MULEVIP Bolsas Extra Gruesas para Caca de Perro | Mundo Animalito\" \/>\n<meta property=\"og:description\" content=\"MULEVIP Bolsas Extra Gruesas para Caca de Perro, a Prueba de Fugas, 520 Unidades\/26 Rollos, Bolsas para Excrementos, con 1 Dispensador\" \/>\n<meta property=\"og:url\" content=\"https:\/\/mundoanimalito.com\/index.php\/mulevip-bolsas-extra-gruesas-para-caca-de-perro-a-prueba-de-fugas-520-unidades\/\" \/>\n<meta property=\"og:site_name\" content=\"Mundo Animalito\" \/>\n<meta property=\"article:publisher\" content=\"https:\/\/www.facebook.com\/mundoanimalito77\" \/>\n<meta property=\"article:modified_time\" content=\"2024-09-09T22:55:03+00:00\" \/>\n<meta property=\"og:image\" content=\"https:\/\/mundoanimalito.com\/wp-content\/uploads\/2024\/04\/81OX-fV3VL._AC_SL1500_-1008x1024.jpg\" \/>\n<meta name=\"twitter:card\" content=\"summary_large_image\" \/>\n<meta name=\"twitter:label1\" content=\"Tiempo de lectura\" \/>\n\t<meta name=\"twitter:data1\" content=\"3 minutos\" \/>\n<script type=\"application\/ld+json\" class=\"yoast-schema-graph\">{\"@context\":\"https:\\\/\\\/schema.org\",\"@graph\":[{\"@type\":\"WebPage\",\"@id\":\"https:\\\/\\\/mundoanimalito.com\\\/index.php\\\/mulevip-bolsas-extra-gruesas-para-caca-de-perro-a-prueba-de-fugas-520-unidades\\\/\",\"url\":\"https:\\\/\\\/mundoanimalito.com\\\/index.php\\\/mulevip-bolsas-extra-gruesas-para-caca-de-perro-a-prueba-de-fugas-520-unidades\\\/\",\"name\":\"MULEVIP Bolsas Extra Gruesas para Caca de Perro | Mundo Animalito\",\"isPartOf\":{\"@id\":\"https:\\\/\\\/mundoanimalito.com\\\/#website\"},\"primaryImageOfPage\":{\"@id\":\"https:\\\/\\\/mundoanimalito.com\\\/index.php\\\/mulevip-bolsas-extra-gruesas-para-caca-de-perro-a-prueba-de-fugas-520-unidades\\\/#primaryimage\"},\"image\":{\"@id\":\"https:\\\/\\\/mundoanimalito.com\\\/index.php\\\/mulevip-bolsas-extra-gruesas-para-caca-de-perro-a-prueba-de-fugas-520-unidades\\\/#primaryimage\"},\"thumbnailUrl\":\"https:\\\/\\\/mundoanimalito.com\\\/wp-content\\\/uploads\\\/2024\\\/04\\\/81OX-fV3VL._AC_SL1500_-1008x1024.jpg\",\"datePublished\":\"2024-04-25T16:19:14+00:00\",\"dateModified\":\"2024-09-09T22:55:03+00:00\",\"description\":\"MULEVIP Bolsas Extra Gruesas para Caca de Perro, a Prueba de Fugas, 520 Unidades\\\/26 Rollos, Bolsas para Excrementos, con 1 Dispensador\",\"breadcrumb\":{\"@id\":\"https:\\\/\\\/mundoanimalito.com\\\/index.php\\\/mulevip-bolsas-extra-gruesas-para-caca-de-perro-a-prueba-de-fugas-520-unidades\\\/#breadcrumb\"},\"inLanguage\":\"es\",\"potentialAction\":[{\"@type\":\"ReadAction\",\"target\":[\"https:\\\/\\\/mundoanimalito.com\\\/index.php\\\/mulevip-bolsas-extra-gruesas-para-caca-de-perro-a-prueba-de-fugas-520-unidades\\\/\"]}]},{\"@type\":\"ImageObject\",\"inLanguage\":\"es\",\"@id\":\"https:\\\/\\\/mundoanimalito.com\\\/index.php\\\/mulevip-bolsas-extra-gruesas-para-caca-de-perro-a-prueba-de-fugas-520-unidades\\\/#primaryimage\",\"url\":\"https:\\\/\\\/mundoanimalito.com\\\/wp-content\\\/uploads\\\/2024\\\/04\\\/81OX-fV3VL._AC_SL1500_.jpg\",\"contentUrl\":\"https:\\\/\\\/mundoanimalito.com\\\/wp-content\\\/uploads\\\/2024\\\/04\\\/81OX-fV3VL._AC_SL1500_.jpg\",\"width\":1477,\"height\":1500,\"caption\":\"MULEVIP Bolsas Extra Gruesas para Caca de Perro, a Prueba de Fugas, 520 Unidades\\\/26 Rollos, Bolsas para Excrementos, con 1 Dispensador\"},{\"@type\":\"BreadcrumbList\",\"@id\":\"https:\\\/\\\/mundoanimalito.com\\\/index.php\\\/mulevip-bolsas-extra-gruesas-para-caca-de-perro-a-prueba-de-fugas-520-unidades\\\/#breadcrumb\",\"itemListElement\":[{\"@type\":\"ListItem\",\"position\":1,\"name\":\"Portada\",\"item\":\"https:\\\/\\\/mundoanimalito.com\\\/\"},{\"@type\":\"ListItem\",\"position\":2,\"name\":\"MULEVIP Bolsas Extra Gruesas para Caca de Perro, a Prueba de Fugas, 520 Unidades\"}]},{\"@type\":\"WebSite\",\"@id\":\"https:\\\/\\\/mundoanimalito.com\\\/#website\",\"url\":\"https:\\\/\\\/mundoanimalito.com\\\/\",\"name\":\"Mundo Animalito\",\"description\":\"Datos y curiosidades de los animales, encuentra ac\u00e1 todo para tu mascota\",\"publisher\":{\"@id\":\"https:\\\/\\\/mundoanimalito.com\\\/#organization\"},\"potentialAction\":[{\"@type\":\"SearchAction\",\"target\":{\"@type\":\"EntryPoint\",\"urlTemplate\":\"https:\\\/\\\/mundoanimalito.com\\\/?s={search_term_string}\"},\"query-input\":{\"@type\":\"PropertyValueSpecification\",\"valueRequired\":true,\"valueName\":\"search_term_string\"}}],\"inLanguage\":\"es\"},{\"@type\":\"Organization\",\"@id\":\"https:\\\/\\\/mundoanimalito.com\\\/#organization\",\"name\":\"Mundo Animalito\",\"url\":\"https:\\\/\\\/mundoanimalito.com\\\/\",\"logo\":{\"@type\":\"ImageObject\",\"inLanguage\":\"es\",\"@id\":\"https:\\\/\\\/mundoanimalito.com\\\/#\\\/schema\\\/logo\\\/image\\\/\",\"url\":\"https:\\\/\\\/mundoanimalito.com\\\/wp-content\\\/uploads\\\/2023\\\/10\\\/cropped-cropped-LOGO-OFICIAL-ULTIMA-VERSION-1.jpg\",\"contentUrl\":\"https:\\\/\\\/mundoanimalito.com\\\/wp-content\\\/uploads\\\/2023\\\/10\\\/cropped-cropped-LOGO-OFICIAL-ULTIMA-VERSION-1.jpg\",\"width\":374,\"height\":425,\"caption\":\"Mundo Animalito\"},\"image\":{\"@id\":\"https:\\\/\\\/mundoanimalito.com\\\/#\\\/schema\\\/logo\\\/image\\\/\"},\"sameAs\":[\"https:\\\/\\\/www.facebook.com\\\/mundoanimalito77\",\"https:\\\/\\\/www.instagram.com\\\/mundoanimalito77\\\/\",\"https:\\\/\\\/www.tiktok.com\\\/@mundoanimalito77\",\"https:\\\/\\\/www.youtube.com\\\/channel\\\/UCLo2JhNUNtHVraDt5aHadew\"]}]}<\/script>\n<!-- \/ Yoast SEO plugin. -->","yoast_head_json":{"title":"MULEVIP Bolsas Extra Gruesas para Caca de Perro | Mundo Animalito","description":"MULEVIP Bolsas Extra Gruesas para Caca de Perro, a Prueba de Fugas, 520 Unidades\/26 Rollos, Bolsas para Excrementos, con 1 Dispensador","robots":{"index":"index","follow":"follow","max-snippet":"max-snippet:-1","max-image-preview":"max-image-preview:large","max-video-preview":"max-video-preview:-1"},"canonical":"https:\/\/mundoanimalito.com\/index.php\/mulevip-bolsas-extra-gruesas-para-caca-de-perro-a-prueba-de-fugas-520-unidades\/","og_locale":"es_ES","og_type":"article","og_title":"MULEVIP Bolsas Extra Gruesas para Caca de Perro | Mundo Animalito","og_description":"MULEVIP Bolsas Extra Gruesas para Caca de Perro, a Prueba de Fugas, 520 Unidades\/26 Rollos, Bolsas para Excrementos, con 1 Dispensador","og_url":"https:\/\/mundoanimalito.com\/index.php\/mulevip-bolsas-extra-gruesas-para-caca-de-perro-a-prueba-de-fugas-520-unidades\/","og_site_name":"Mundo Animalito","article_publisher":"https:\/\/www.facebook.com\/mundoanimalito77","article_modified_time":"2024-09-09T22:55:03+00:00","og_image":[{"url":"https:\/\/mundoanimalito.com\/wp-content\/uploads\/2024\/04\/81OX-fV3VL._AC_SL1500_-1008x1024.jpg","type":"","width":"","height":""}],"twitter_card":"summary_large_image","twitter_misc":{"Tiempo de lectura":"3 minutos"},"schema":{"@context":"https:\/\/schema.org","@graph":[{"@type":"WebPage","@id":"https:\/\/mundoanimalito.com\/index.php\/mulevip-bolsas-extra-gruesas-para-caca-de-perro-a-prueba-de-fugas-520-unidades\/","url":"https:\/\/mundoanimalito.com\/index.php\/mulevip-bolsas-extra-gruesas-para-caca-de-perro-a-prueba-de-fugas-520-unidades\/","name":"MULEVIP Bolsas Extra Gruesas para Caca de Perro | Mundo Animalito","isPartOf":{"@id":"https:\/\/mundoanimalito.com\/#website"},"primaryImageOfPage":{"@id":"https:\/\/mundoanimalito.com\/index.php\/mulevip-bolsas-extra-gruesas-para-caca-de-perro-a-prueba-de-fugas-520-unidades\/#primaryimage"},"image":{"@id":"https:\/\/mundoanimalito.com\/index.php\/mulevip-bolsas-extra-gruesas-para-caca-de-perro-a-prueba-de-fugas-520-unidades\/#primaryimage"},"thumbnailUrl":"https:\/\/mundoanimalito.com\/wp-content\/uploads\/2024\/04\/81OX-fV3VL._AC_SL1500_-1008x1024.jpg","datePublished":"2024-04-25T16:19:14+00:00","dateModified":"2024-09-09T22:55:03+00:00","description":"MULEVIP Bolsas Extra Gruesas para Caca de Perro, a Prueba de Fugas, 520 Unidades\/26 Rollos, Bolsas para Excrementos, con 1 Dispensador","breadcrumb":{"@id":"https:\/\/mundoanimalito.com\/index.php\/mulevip-bolsas-extra-gruesas-para-caca-de-perro-a-prueba-de-fugas-520-unidades\/#breadcrumb"},"inLanguage":"es","potentialAction":[{"@type":"ReadAction","target":["https:\/\/mundoanimalito.com\/index.php\/mulevip-bolsas-extra-gruesas-para-caca-de-perro-a-prueba-de-fugas-520-unidades\/"]}]},{"@type":"ImageObject","inLanguage":"es","@id":"https:\/\/mundoanimalito.com\/index.php\/mulevip-bolsas-extra-gruesas-para-caca-de-perro-a-prueba-de-fugas-520-unidades\/#primaryimage","url":"https:\/\/mundoanimalito.com\/wp-content\/uploads\/2024\/04\/81OX-fV3VL._AC_SL1500_.jpg","contentUrl":"https:\/\/mundoanimalito.com\/wp-content\/uploads\/2024\/04\/81OX-fV3VL._AC_SL1500_.jpg","width":1477,"height":1500,"caption":"MULEVIP Bolsas Extra Gruesas para Caca de Perro, a Prueba de Fugas, 520 Unidades\/26 Rollos, Bolsas para Excrementos, con 1 Dispensador"},{"@type":"BreadcrumbList","@id":"https:\/\/mundoanimalito.com\/index.php\/mulevip-bolsas-extra-gruesas-para-caca-de-perro-a-prueba-de-fugas-520-unidades\/#breadcrumb","itemListElement":[{"@type":"ListItem","position":1,"name":"Portada","item":"https:\/\/mundoanimalito.com\/"},{"@type":"ListItem","position":2,"name":"MULEVIP Bolsas Extra Gruesas para Caca de Perro, a Prueba de Fugas, 520 Unidades"}]},{"@type":"WebSite","@id":"https:\/\/mundoanimalito.com\/#website","url":"https:\/\/mundoanimalito.com\/","name":"Mundo Animalito","description":"Datos y curiosidades de los animales, encuentra ac\u00e1 todo para tu mascota","publisher":{"@id":"https:\/\/mundoanimalito.com\/#organization"},"potentialAction":[{"@type":"SearchAction","target":{"@type":"EntryPoint","urlTemplate":"https:\/\/mundoanimalito.com\/?s={search_term_string}"},"query-input":{"@type":"PropertyValueSpecification","valueRequired":true,"valueName":"search_term_string"}}],"inLanguage":"es"},{"@type":"Organization","@id":"https:\/\/mundoanimalito.com\/#organization","name":"Mundo Animalito","url":"https:\/\/mundoanimalito.com\/","logo":{"@type":"ImageObject","inLanguage":"es","@id":"https:\/\/mundoanimalito.com\/#\/schema\/logo\/image\/","url":"https:\/\/mundoanimalito.com\/wp-content\/uploads\/2023\/10\/cropped-cropped-LOGO-OFICIAL-ULTIMA-VERSION-1.jpg","contentUrl":"https:\/\/mundoanimalito.com\/wp-content\/uploads\/2023\/10\/cropped-cropped-LOGO-OFICIAL-ULTIMA-VERSION-1.jpg","width":374,"height":425,"caption":"Mundo Animalito"},"image":{"@id":"https:\/\/mundoanimalito.com\/#\/schema\/logo\/image\/"},"sameAs":["https:\/\/www.facebook.com\/mundoanimalito77","https:\/\/www.instagram.com\/mundoanimalito77\/","https:\/\/www.tiktok.com\/@mundoanimalito77","https:\/\/www.youtube.com\/channel\/UCLo2JhNUNtHVraDt5aHadew"]}]}},"_links":{"self":[{"href":"https:\/\/mundoanimalito.com\/index.php\/wp-json\/wp\/v2\/pages\/28743","targetHints":{"allow":["GET"]}}],"collection":[{"href":"https:\/\/mundoanimalito.com\/index.php\/wp-json\/wp\/v2\/pages"}],"about":[{"href":"https:\/\/mundoanimalito.com\/index.php\/wp-json\/wp\/v2\/types\/page"}],"author":[{"embeddable":true,"href":"https:\/\/mundoanimalito.com\/index.php\/wp-json\/wp\/v2\/users\/1"}],"replies":[{"embeddable":true,"href":"https:\/\/mundoanimalito.com\/index.php\/wp-json\/wp\/v2\/comments?post=28743"}],"version-history":[{"count":0,"href":"https:\/\/mundoanimalito.com\/index.php\/wp-json\/wp\/v2\/pages\/28743\/revisions"}],"wp:attachment":[{"href":"https:\/\/mundoanimalito.com\/index.php\/wp-json\/wp\/v2\/media?parent=28743"}],"curies":[{"name":"wp","href":"https:\/\/api.w.org\/{rel}","templated":true}]}}