{"id":28667,"date":"2024-04-25T10:37:10","date_gmt":"2024-04-25T15:37:10","guid":{"rendered":"https:\/\/mundoanimalito.com\/?page_id=28667"},"modified":"2024-09-04T17:04:43","modified_gmt":"2024-09-04T22:04:43","slug":"earth-rated-bolsas-para-excrementos-de-perro","status":"publish","type":"page","link":"https:\/\/mundoanimalito.com\/index.php\/earth-rated-bolsas-para-excrementos-de-perro\/","title":{"rendered":"Earth Rated &#8211; Bolsas para excrementos de perro"},"content":{"rendered":"\t\t<div data-elementor-type=\"wp-page\" data-elementor-id=\"28667\" class=\"elementor elementor-28667\" data-elementor-post-type=\"page\">\n\t\t\t\t<div class=\"elementor-element elementor-element-84960a7 e-flex e-con-boxed e-con e-parent\" data-id=\"84960a7\" data-element_type=\"container\" data-e-type=\"container\">\n\t\t\t\t\t<div class=\"e-con-inner\">\n\t\t\t\t<div class=\"elementor-element elementor-element-6191371 elementor-invisible elementor-widget elementor-widget-heading\" data-id=\"6191371\" data-element_type=\"widget\" data-e-type=\"widget\" data-settings=\"{&quot;_animation&quot;:&quot;fadeInDown&quot;}\" data-widget_type=\"heading.default\">\n\t\t\t\t<div class=\"elementor-widget-container\">\n\t\t\t\t\t<h2 class=\"elementor-heading-title elementor-size-default\">\u00bfEst\u00e1s cansado de preocuparte por las fugas y el desorden durante los paseos con tu mascota? Con nuestras bolsas para excrementos de perro, eso ya no ser\u00e1 un problema. Estas bolsas son esenciales para cualquier due\u00f1o de perro y son perfectas para usar con nuestro dispensador de bolsas Earth Rated<\/h2>\t\t\t\t<\/div>\n\t\t\t\t<\/div>\n\t\t\t\t\t<\/div>\n\t\t\t\t<\/div>\n\t\t<div class=\"elementor-element elementor-element-407e54b e-flex e-con-boxed e-con e-parent\" data-id=\"407e54b\" data-element_type=\"container\" data-e-type=\"container\">\n\t\t\t\t\t<div class=\"e-con-inner\">\n\t\t<div class=\"elementor-element elementor-element-55f5320 e-con-full e-flex e-con e-child\" data-id=\"55f5320\" data-element_type=\"container\" data-e-type=\"container\">\n\t\t\t\t<div class=\"elementor-element elementor-element-b9d3778 elementor-widget elementor-widget-image\" data-id=\"b9d3778\" data-element_type=\"widget\" data-e-type=\"widget\" data-widget_type=\"image.default\">\n\t\t\t\t<div class=\"elementor-widget-container\">\n\t\t\t\t\t\t\t\t\t\t\t\t\t\t\t\t<a href=\"https:\/\/amzn.to\/3QjAxBF\" target=\"_blank\">\n\t\t\t\t\t\t\t<img fetchpriority=\"high\" decoding=\"async\" width=\"1024\" height=\"973\" src=\"https:\/\/mundoanimalito.com\/wp-content\/uploads\/2024\/04\/000-9-1024x973.jpg\" class=\"attachment-large size-large wp-image-28642\" alt=\"Earth Rated - Bolsas para excrementos de perro - Bolsas para excrementos de mascotas a prueba de fugas y extragruesas, para perros de todos los tama\u00f1os - Con aroma a lavanda - 315 unidades\" srcset=\"https:\/\/mundoanimalito.com\/wp-content\/uploads\/2024\/04\/000-9-1024x973.jpg 1024w, https:\/\/mundoanimalito.com\/wp-content\/uploads\/2024\/04\/000-9-300x285.jpg 300w, https:\/\/mundoanimalito.com\/wp-content\/uploads\/2024\/04\/000-9-768x730.jpg 768w, https:\/\/mundoanimalito.com\/wp-content\/uploads\/2024\/04\/000-9.jpg 1500w\" sizes=\"(max-width: 1024px) 100vw, 1024px\" \/>\t\t\t\t\t\t\t\t<\/a>\n\t\t\t\t\t\t\t\t\t\t\t\t\t\t\t<\/div>\n\t\t\t\t<\/div>\n\t\t\t\t<\/div>\n\t\t<div class=\"elementor-element elementor-element-437b8ca e-con-full e-flex e-con e-child\" data-id=\"437b8ca\" data-element_type=\"container\" data-e-type=\"container\">\n\t\t\t\t<div class=\"elementor-element elementor-element-1ee2d0d elementor-widget elementor-widget-text-editor\" data-id=\"1ee2d0d\" data-element_type=\"widget\" data-e-type=\"widget\" data-widget_type=\"text-editor.default\">\n\t\t\t\t<div class=\"elementor-widget-container\">\n\t\t\t\t\t\t\t\t\t<p>\ud83d\udc3e <strong>A prueba de fugas y extra gruesas:<\/strong> Nuestras bolsas son extralargas, extrarresistentes y 100 % a prueba de fugas, lo que significa que tus manos se mantendr\u00e1n limpias mientras te ocupas de tu perro. Ya no tendr\u00e1s que preocuparte por roturas o derrames embarazosos.<\/p><p>\u00a0<\/p><p>\ud83c\udf38 <strong>Aroma a lavanda para una experiencia m\u00e1s fresca:<\/strong> \u00bfQui\u00e9n dijo que recoger los desechos de tu perro ten\u00eda que ser desagradable? Nuestras bolsas est\u00e1n perfumadas con un suave aroma a lavanda, lo que hace que cada paseo sea m\u00e1s agradable y fresco.<\/p><p>\u00a0<\/p><p>\ud83c\udf31 <strong>Compromiso con el medio ambiente:<\/strong> Nos enorgullece utilizar un 65 % de pl\u00e1stico reciclado certificado post-consumo en la fabricaci\u00f3n de nuestras bolsas, d\u00e1ndole una segunda vida a m\u00e1s de 2500 toneladas de pl\u00e1stico por a\u00f1o. Al elegir Earth Rated, est\u00e1s contribuyendo a reducir el impacto ambiental y a proteger nuestro planeta.<\/p><p>\u00a0<\/p><p>Convierte los rollos de recambio en tu compa\u00f1ero de confianza en cada aventura con tu perro. Nunca te quedes sin una bolsa para excremento cuando m\u00e1s la necesites. \u00a1Haz que cada paseo sea m\u00e1s limpio, fresco y sin preocupaciones con las bolsas para excrementos de perro Earth Rated!<\/p>\t\t\t\t\t\t\t\t<\/div>\n\t\t\t\t<\/div>\n\t\t\t\t<div class=\"elementor-element elementor-element-f2a7495 elementor-align-right elementor-widget elementor-widget-button\" data-id=\"f2a7495\" data-element_type=\"widget\" data-e-type=\"widget\" data-widget_type=\"button.default\">\n\t\t\t\t<div class=\"elementor-widget-container\">\n\t\t\t\t\t\t\t\t\t<div class=\"elementor-button-wrapper\">\n\t\t\t\t\t<a class=\"elementor-button elementor-button-link elementor-size-sm\" href=\"https:\/\/amzn.to\/3QjAxBF\" target=\"_blank\">\n\t\t\t\t\t\t<span class=\"elementor-button-content-wrapper\">\n\t\t\t\t\t\t\t\t\t<span class=\"elementor-button-text\">Compra ahora en Amazon<\/span>\n\t\t\t\t\t<\/span>\n\t\t\t\t\t<\/a>\n\t\t\t\t<\/div>\n\t\t\t\t\t\t\t\t<\/div>\n\t\t\t\t<\/div>\n\t\t\t\t<\/div>\n\t\t\t\t\t<\/div>\n\t\t\t\t<\/div>\n\t\t<div class=\"elementor-element elementor-element-6a2db1c e-flex e-con-boxed e-con e-parent\" data-id=\"6a2db1c\" data-element_type=\"container\" data-e-type=\"container\">\n\t\t\t\t\t<div class=\"e-con-inner\">\n\t\t\t\t<div class=\"elementor-element elementor-element-bb1d74d elementor-arrows-position-inside elementor-pagination-position-outside elementor-widget elementor-widget-image-carousel\" data-id=\"bb1d74d\" data-element_type=\"widget\" data-e-type=\"widget\" data-settings=\"{&quot;slides_to_show&quot;:&quot;1&quot;,&quot;navigation&quot;:&quot;both&quot;,&quot;autoplay&quot;:&quot;yes&quot;,&quot;pause_on_hover&quot;:&quot;yes&quot;,&quot;pause_on_interaction&quot;:&quot;yes&quot;,&quot;autoplay_speed&quot;:5000,&quot;infinite&quot;:&quot;yes&quot;,&quot;effect&quot;:&quot;slide&quot;,&quot;speed&quot;:500}\" data-widget_type=\"image-carousel.default\">\n\t\t\t\t<div class=\"elementor-widget-container\">\n\t\t\t\t\t\t\t<div class=\"elementor-image-carousel-wrapper swiper\" role=\"region\" aria-roledescription=\"carousel\" aria-label=\"Carrusel de im\u00e1genes\" dir=\"ltr\">\n\t\t\t<div class=\"elementor-image-carousel swiper-wrapper\" aria-live=\"off\">\n\t\t\t\t\t\t\t\t<div class=\"swiper-slide\" role=\"group\" aria-roledescription=\"slide\" aria-label=\"1 de 6\"><figure class=\"swiper-slide-inner\"><img decoding=\"async\" class=\"swiper-slide-image\" src=\"https:\/\/mundoanimalito.com\/wp-content\/uploads\/2024\/04\/618dRdzmOL._AC_SL1500_-768x768.jpg\" alt=\"Earth Rated - Bolsas para excrementos de perro - Bolsas para excrementos de mascotas a prueba de fugas y extragruesas, para perros de todos los tama\u00f1os - Con aroma a lavanda - 315 unidades\" \/><\/figure><\/div><div class=\"swiper-slide\" role=\"group\" aria-roledescription=\"slide\" aria-label=\"2 de 6\"><figure class=\"swiper-slide-inner\"><img decoding=\"async\" class=\"swiper-slide-image\" src=\"https:\/\/mundoanimalito.com\/wp-content\/uploads\/2024\/04\/71BrVdSrwCL._AC_SL1500_-768x708.jpg\" alt=\"Earth Rated - Bolsas para excrementos de perro - Bolsas para excrementos de mascotas a prueba de fugas y extragruesas, para perros de todos los tama\u00f1os - Con aroma a lavanda - 315 unidades\" \/><\/figure><\/div><div class=\"swiper-slide\" role=\"group\" aria-roledescription=\"slide\" aria-label=\"3 de 6\"><figure class=\"swiper-slide-inner\"><img decoding=\"async\" class=\"swiper-slide-image\" src=\"https:\/\/mundoanimalito.com\/wp-content\/uploads\/2024\/04\/71IZf9RgI-L._AC_SL1500_-768x768.jpg\" alt=\"Earth Rated - Bolsas para excrementos de perro - Bolsas para excrementos de mascotas a prueba de fugas y extragruesas, para perros de todos los tama\u00f1os - Con aroma a lavanda - 315 unidades\" \/><\/figure><\/div><div class=\"swiper-slide\" role=\"group\" aria-roledescription=\"slide\" aria-label=\"4 de 6\"><figure class=\"swiper-slide-inner\"><img decoding=\"async\" class=\"swiper-slide-image\" src=\"https:\/\/mundoanimalito.com\/wp-content\/uploads\/2024\/04\/816zxAgZmaL._AC_SL1500_-768x768.jpg\" alt=\"Earth Rated - Bolsas para excrementos de perro - Bolsas para excrementos de mascotas a prueba de fugas y extragruesas, para perros de todos los tama\u00f1os - Con aroma a lavanda - 315 unidades\" \/><\/figure><\/div><div class=\"swiper-slide\" role=\"group\" aria-roledescription=\"slide\" aria-label=\"5 de 6\"><figure class=\"swiper-slide-inner\"><img decoding=\"async\" class=\"swiper-slide-image\" src=\"https:\/\/mundoanimalito.com\/wp-content\/uploads\/2024\/04\/71O4ks9NwyL._AC_SL1500_-768x768.jpg\" alt=\"Earth Rated - Bolsas para excrementos de perro - Bolsas para excrementos de mascotas a prueba de fugas y extragruesas, para perros de todos los tama\u00f1os - Con aroma a lavanda - 315 unidades\" \/><\/figure><\/div><div class=\"swiper-slide\" role=\"group\" aria-roledescription=\"slide\" aria-label=\"6 de 6\"><figure class=\"swiper-slide-inner\"><img decoding=\"async\" class=\"swiper-slide-image\" src=\"https:\/\/mundoanimalito.com\/wp-content\/uploads\/2024\/04\/81YRriNTmNL._AC_SL1500_-768x768.jpg\" alt=\"Earth Rated - Bolsas para excrementos de perro - Bolsas para excrementos de mascotas a prueba de fugas y extragruesas, para perros de todos los tama\u00f1os - Con aroma a lavanda - 315 unidades\" \/><\/figure><\/div>\t\t\t<\/div>\n\t\t\t\t\t\t\t\t\t\t\t\t<div class=\"elementor-swiper-button elementor-swiper-button-prev\" role=\"button\" tabindex=\"0\">\n\t\t\t\t\t\t<i aria-hidden=\"true\" class=\"eicon-chevron-left\"><\/i>\t\t\t\t\t<\/div>\n\t\t\t\t\t<div class=\"elementor-swiper-button elementor-swiper-button-next\" role=\"button\" tabindex=\"0\">\n\t\t\t\t\t\t<i aria-hidden=\"true\" class=\"eicon-chevron-right\"><\/i>\t\t\t\t\t<\/div>\n\t\t\t\t\n\t\t\t\t\t\t\t\t\t<div class=\"swiper-pagination\"><\/div>\n\t\t\t\t\t\t\t\t\t<\/div>\n\t\t\t\t\t\t<\/div>\n\t\t\t\t<\/div>\n\t\t\t\t\t<\/div>\n\t\t\t\t<\/div>\n\t\t<div class=\"elementor-element elementor-element-17b7feb e-flex e-con-boxed e-con e-parent\" data-id=\"17b7feb\" data-element_type=\"container\" data-e-type=\"container\">\n\t\t\t\t\t<div class=\"e-con-inner\">\n\t\t\t\t<div class=\"elementor-element elementor-element-8834a75 elementor-align-right elementor-widget elementor-widget-button\" data-id=\"8834a75\" data-element_type=\"widget\" data-e-type=\"widget\" data-widget_type=\"button.default\">\n\t\t\t\t<div class=\"elementor-widget-container\">\n\t\t\t\t\t\t\t\t\t<div class=\"elementor-button-wrapper\">\n\t\t\t\t\t<a class=\"elementor-button elementor-button-link elementor-size-sm\" href=\"https:\/\/amzn.to\/3QjAxBF\" target=\"_blank\">\n\t\t\t\t\t\t<span class=\"elementor-button-content-wrapper\">\n\t\t\t\t\t\t\t\t\t<span class=\"elementor-button-text\">Compra ahora en Amazon<\/span>\n\t\t\t\t\t<\/span>\n\t\t\t\t\t<\/a>\n\t\t\t\t<\/div>\n\t\t\t\t\t\t\t\t<\/div>\n\t\t\t\t<\/div>\n\t\t\t\t\t<\/div>\n\t\t\t\t<\/div>\n\t\t\t\t<\/div>\n\t\t","protected":false},"excerpt":{"rendered":"<p>\u00bfEst\u00e1s cansado de preocuparte por las fugas y el desorden durante los paseos con tu mascota? Con nuestras bolsas para excrementos de perro, eso ya no ser\u00e1 un problema. Estas bolsas son esenciales para cualquier due\u00f1o de perro y son perfectas para usar con nuestro dispensador de bolsas Earth Rated \ud83d\udc3e A prueba de fugas [&hellip;]<\/p>\n","protected":false},"author":1,"featured_media":0,"parent":0,"menu_order":0,"comment_status":"closed","ping_status":"closed","template":"","meta":{"site-sidebar-layout":"no-sidebar","site-content-layout":"page-builder","ast-site-content-layout":"full-width-container","site-content-style":"default","site-sidebar-style":"default","ast-global-header-display":"","ast-banner-title-visibility":"","ast-main-header-display":"","ast-hfb-above-header-display":"","ast-hfb-below-header-display":"","ast-hfb-mobile-header-display":"","site-post-title":"disabled","ast-breadcrumbs-content":"","ast-featured-img":"disabled","footer-sml-layout":"","ast-disable-related-posts":"","theme-transparent-header-meta":"","adv-header-id-meta":"","stick-header-meta":"","header-above-stick-meta":"","header-main-stick-meta":"","header-below-stick-meta":"","astra-migrate-meta-layouts":"set","ast-page-background-enabled":"default","ast-page-background-meta":{"desktop":{"background-color":"var(--ast-global-color-4)","background-image":"","background-repeat":"repeat","background-position":"center center","background-size":"auto","background-attachment":"scroll","background-type":"","background-media":"","overlay-type":"","overlay-color":"","overlay-opacity":"","overlay-gradient":""},"tablet":{"background-color":"","background-image":"","background-repeat":"repeat","background-position":"center center","background-size":"auto","background-attachment":"scroll","background-type":"","background-media":"","overlay-type":"","overlay-color":"","overlay-opacity":"","overlay-gradient":""},"mobile":{"background-color":"","background-image":"","background-repeat":"repeat","background-position":"center center","background-size":"auto","background-attachment":"scroll","background-type":"","background-media":"","overlay-type":"","overlay-color":"","overlay-opacity":"","overlay-gradient":""}},"ast-content-background-meta":{"desktop":{"background-color":"var(--ast-global-color-5)","background-image":"","background-repeat":"repeat","background-position":"center center","background-size":"auto","background-attachment":"scroll","background-type":"","background-media":"","overlay-type":"","overlay-color":"","overlay-opacity":"","overlay-gradient":""},"tablet":{"background-color":"var(--ast-global-color-5)","background-image":"","background-repeat":"repeat","background-position":"center center","background-size":"auto","background-attachment":"scroll","background-type":"","background-media":"","overlay-type":"","overlay-color":"","overlay-opacity":"","overlay-gradient":""},"mobile":{"background-color":"var(--ast-global-color-5)","background-image":"","background-repeat":"repeat","background-position":"center center","background-size":"auto","background-attachment":"scroll","background-type":"","background-media":"","overlay-type":"","overlay-color":"","overlay-opacity":"","overlay-gradient":""}},"footnotes":""},"class_list":["post-28667","page","type-page","status-publish","hentry"],"yoast_head":"<!-- This site is optimized with the Yoast SEO plugin v27.5 - https:\/\/yoast.com\/product\/yoast-seo-wordpress\/ -->\n<title>Earth Rated - Bolsas para excrementos de perro | Mundo Animalito<\/title>\n<meta name=\"description\" content=\"Earth Rated - Bolsas para excrementos de perro - Bolsas para excrementos de mascotas a prueba de fugas y extragruesas, para perros de todos los tama\u00f1os - Con aroma a lavanda - 315 unidades\" \/>\n<meta name=\"robots\" content=\"index, follow, max-snippet:-1, max-image-preview:large, max-video-preview:-1\" \/>\n<link rel=\"canonical\" href=\"https:\/\/mundoanimalito.com\/index.php\/earth-rated-bolsas-para-excrementos-de-perro\/\" \/>\n<meta property=\"og:locale\" content=\"es_ES\" \/>\n<meta property=\"og:type\" content=\"article\" \/>\n<meta property=\"og:title\" content=\"Earth Rated - Bolsas para excrementos de perro | Mundo Animalito\" \/>\n<meta property=\"og:description\" content=\"Earth Rated - Bolsas para excrementos de perro - Bolsas para excrementos de mascotas a prueba de fugas y extragruesas, para perros de todos los tama\u00f1os - Con aroma a lavanda - 315 unidades\" \/>\n<meta property=\"og:url\" content=\"https:\/\/mundoanimalito.com\/index.php\/earth-rated-bolsas-para-excrementos-de-perro\/\" \/>\n<meta property=\"og:site_name\" content=\"Mundo Animalito\" \/>\n<meta property=\"article:publisher\" content=\"https:\/\/www.facebook.com\/mundoanimalito77\" \/>\n<meta property=\"article:modified_time\" content=\"2024-09-04T22:04:43+00:00\" \/>\n<meta property=\"og:image\" content=\"https:\/\/mundoanimalito.com\/wp-content\/uploads\/2024\/04\/000-9-1024x973.jpg\" \/>\n<meta name=\"twitter:card\" content=\"summary_large_image\" \/>\n<meta name=\"twitter:label1\" content=\"Tiempo de lectura\" \/>\n\t<meta name=\"twitter:data1\" content=\"3 minutos\" \/>\n<script type=\"application\/ld+json\" class=\"yoast-schema-graph\">{\"@context\":\"https:\\\/\\\/schema.org\",\"@graph\":[{\"@type\":\"WebPage\",\"@id\":\"https:\\\/\\\/mundoanimalito.com\\\/index.php\\\/earth-rated-bolsas-para-excrementos-de-perro\\\/\",\"url\":\"https:\\\/\\\/mundoanimalito.com\\\/index.php\\\/earth-rated-bolsas-para-excrementos-de-perro\\\/\",\"name\":\"Earth Rated - Bolsas para excrementos de perro | Mundo Animalito\",\"isPartOf\":{\"@id\":\"https:\\\/\\\/mundoanimalito.com\\\/#website\"},\"primaryImageOfPage\":{\"@id\":\"https:\\\/\\\/mundoanimalito.com\\\/index.php\\\/earth-rated-bolsas-para-excrementos-de-perro\\\/#primaryimage\"},\"image\":{\"@id\":\"https:\\\/\\\/mundoanimalito.com\\\/index.php\\\/earth-rated-bolsas-para-excrementos-de-perro\\\/#primaryimage\"},\"thumbnailUrl\":\"https:\\\/\\\/mundoanimalito.com\\\/wp-content\\\/uploads\\\/2024\\\/04\\\/000-9-1024x973.jpg\",\"datePublished\":\"2024-04-25T15:37:10+00:00\",\"dateModified\":\"2024-09-04T22:04:43+00:00\",\"description\":\"Earth Rated - Bolsas para excrementos de perro - Bolsas para excrementos de mascotas a prueba de fugas y extragruesas, para perros de todos los tama\u00f1os - Con aroma a lavanda - 315 unidades\",\"breadcrumb\":{\"@id\":\"https:\\\/\\\/mundoanimalito.com\\\/index.php\\\/earth-rated-bolsas-para-excrementos-de-perro\\\/#breadcrumb\"},\"inLanguage\":\"es\",\"potentialAction\":[{\"@type\":\"ReadAction\",\"target\":[\"https:\\\/\\\/mundoanimalito.com\\\/index.php\\\/earth-rated-bolsas-para-excrementos-de-perro\\\/\"]}]},{\"@type\":\"ImageObject\",\"inLanguage\":\"es\",\"@id\":\"https:\\\/\\\/mundoanimalito.com\\\/index.php\\\/earth-rated-bolsas-para-excrementos-de-perro\\\/#primaryimage\",\"url\":\"https:\\\/\\\/mundoanimalito.com\\\/wp-content\\\/uploads\\\/2024\\\/04\\\/000-9.jpg\",\"contentUrl\":\"https:\\\/\\\/mundoanimalito.com\\\/wp-content\\\/uploads\\\/2024\\\/04\\\/000-9.jpg\",\"width\":1500,\"height\":1426,\"caption\":\"Earth Rated - Bolsas para excrementos de perro - Bolsas para excrementos de mascotas a prueba de fugas y extragruesas, para perros de todos los tama\u00f1os - Con aroma a lavanda - 315 unidades\"},{\"@type\":\"BreadcrumbList\",\"@id\":\"https:\\\/\\\/mundoanimalito.com\\\/index.php\\\/earth-rated-bolsas-para-excrementos-de-perro\\\/#breadcrumb\",\"itemListElement\":[{\"@type\":\"ListItem\",\"position\":1,\"name\":\"Portada\",\"item\":\"https:\\\/\\\/mundoanimalito.com\\\/\"},{\"@type\":\"ListItem\",\"position\":2,\"name\":\"Earth Rated &#8211; Bolsas para excrementos de perro\"}]},{\"@type\":\"WebSite\",\"@id\":\"https:\\\/\\\/mundoanimalito.com\\\/#website\",\"url\":\"https:\\\/\\\/mundoanimalito.com\\\/\",\"name\":\"Mundo Animalito\",\"description\":\"Datos y curiosidades de los animales, encuentra ac\u00e1 todo para tu mascota\",\"publisher\":{\"@id\":\"https:\\\/\\\/mundoanimalito.com\\\/#organization\"},\"potentialAction\":[{\"@type\":\"SearchAction\",\"target\":{\"@type\":\"EntryPoint\",\"urlTemplate\":\"https:\\\/\\\/mundoanimalito.com\\\/?s={search_term_string}\"},\"query-input\":{\"@type\":\"PropertyValueSpecification\",\"valueRequired\":true,\"valueName\":\"search_term_string\"}}],\"inLanguage\":\"es\"},{\"@type\":\"Organization\",\"@id\":\"https:\\\/\\\/mundoanimalito.com\\\/#organization\",\"name\":\"Mundo Animalito\",\"url\":\"https:\\\/\\\/mundoanimalito.com\\\/\",\"logo\":{\"@type\":\"ImageObject\",\"inLanguage\":\"es\",\"@id\":\"https:\\\/\\\/mundoanimalito.com\\\/#\\\/schema\\\/logo\\\/image\\\/\",\"url\":\"https:\\\/\\\/mundoanimalito.com\\\/wp-content\\\/uploads\\\/2023\\\/10\\\/cropped-cropped-LOGO-OFICIAL-ULTIMA-VERSION-1.jpg\",\"contentUrl\":\"https:\\\/\\\/mundoanimalito.com\\\/wp-content\\\/uploads\\\/2023\\\/10\\\/cropped-cropped-LOGO-OFICIAL-ULTIMA-VERSION-1.jpg\",\"width\":374,\"height\":425,\"caption\":\"Mundo Animalito\"},\"image\":{\"@id\":\"https:\\\/\\\/mundoanimalito.com\\\/#\\\/schema\\\/logo\\\/image\\\/\"},\"sameAs\":[\"https:\\\/\\\/www.facebook.com\\\/mundoanimalito77\",\"https:\\\/\\\/www.instagram.com\\\/mundoanimalito77\\\/\",\"https:\\\/\\\/www.tiktok.com\\\/@mundoanimalito77\",\"https:\\\/\\\/www.youtube.com\\\/channel\\\/UCLo2JhNUNtHVraDt5aHadew\"]}]}<\/script>\n<!-- \/ Yoast SEO plugin. -->","yoast_head_json":{"title":"Earth Rated - Bolsas para excrementos de perro | Mundo Animalito","description":"Earth Rated - Bolsas para excrementos de perro - Bolsas para excrementos de mascotas a prueba de fugas y extragruesas, para perros de todos los tama\u00f1os - Con aroma a lavanda - 315 unidades","robots":{"index":"index","follow":"follow","max-snippet":"max-snippet:-1","max-image-preview":"max-image-preview:large","max-video-preview":"max-video-preview:-1"},"canonical":"https:\/\/mundoanimalito.com\/index.php\/earth-rated-bolsas-para-excrementos-de-perro\/","og_locale":"es_ES","og_type":"article","og_title":"Earth Rated - Bolsas para excrementos de perro | Mundo Animalito","og_description":"Earth Rated - Bolsas para excrementos de perro - Bolsas para excrementos de mascotas a prueba de fugas y extragruesas, para perros de todos los tama\u00f1os - Con aroma a lavanda - 315 unidades","og_url":"https:\/\/mundoanimalito.com\/index.php\/earth-rated-bolsas-para-excrementos-de-perro\/","og_site_name":"Mundo Animalito","article_publisher":"https:\/\/www.facebook.com\/mundoanimalito77","article_modified_time":"2024-09-04T22:04:43+00:00","og_image":[{"url":"https:\/\/mundoanimalito.com\/wp-content\/uploads\/2024\/04\/000-9-1024x973.jpg","type":"","width":"","height":""}],"twitter_card":"summary_large_image","twitter_misc":{"Tiempo de lectura":"3 minutos"},"schema":{"@context":"https:\/\/schema.org","@graph":[{"@type":"WebPage","@id":"https:\/\/mundoanimalito.com\/index.php\/earth-rated-bolsas-para-excrementos-de-perro\/","url":"https:\/\/mundoanimalito.com\/index.php\/earth-rated-bolsas-para-excrementos-de-perro\/","name":"Earth Rated - Bolsas para excrementos de perro | Mundo Animalito","isPartOf":{"@id":"https:\/\/mundoanimalito.com\/#website"},"primaryImageOfPage":{"@id":"https:\/\/mundoanimalito.com\/index.php\/earth-rated-bolsas-para-excrementos-de-perro\/#primaryimage"},"image":{"@id":"https:\/\/mundoanimalito.com\/index.php\/earth-rated-bolsas-para-excrementos-de-perro\/#primaryimage"},"thumbnailUrl":"https:\/\/mundoanimalito.com\/wp-content\/uploads\/2024\/04\/000-9-1024x973.jpg","datePublished":"2024-04-25T15:37:10+00:00","dateModified":"2024-09-04T22:04:43+00:00","description":"Earth Rated - Bolsas para excrementos de perro - Bolsas para excrementos de mascotas a prueba de fugas y extragruesas, para perros de todos los tama\u00f1os - Con aroma a lavanda - 315 unidades","breadcrumb":{"@id":"https:\/\/mundoanimalito.com\/index.php\/earth-rated-bolsas-para-excrementos-de-perro\/#breadcrumb"},"inLanguage":"es","potentialAction":[{"@type":"ReadAction","target":["https:\/\/mundoanimalito.com\/index.php\/earth-rated-bolsas-para-excrementos-de-perro\/"]}]},{"@type":"ImageObject","inLanguage":"es","@id":"https:\/\/mundoanimalito.com\/index.php\/earth-rated-bolsas-para-excrementos-de-perro\/#primaryimage","url":"https:\/\/mundoanimalito.com\/wp-content\/uploads\/2024\/04\/000-9.jpg","contentUrl":"https:\/\/mundoanimalito.com\/wp-content\/uploads\/2024\/04\/000-9.jpg","width":1500,"height":1426,"caption":"Earth Rated - Bolsas para excrementos de perro - Bolsas para excrementos de mascotas a prueba de fugas y extragruesas, para perros de todos los tama\u00f1os - Con aroma a lavanda - 315 unidades"},{"@type":"BreadcrumbList","@id":"https:\/\/mundoanimalito.com\/index.php\/earth-rated-bolsas-para-excrementos-de-perro\/#breadcrumb","itemListElement":[{"@type":"ListItem","position":1,"name":"Portada","item":"https:\/\/mundoanimalito.com\/"},{"@type":"ListItem","position":2,"name":"Earth Rated &#8211; Bolsas para excrementos de perro"}]},{"@type":"WebSite","@id":"https:\/\/mundoanimalito.com\/#website","url":"https:\/\/mundoanimalito.com\/","name":"Mundo Animalito","description":"Datos y curiosidades de los animales, encuentra ac\u00e1 todo para tu mascota","publisher":{"@id":"https:\/\/mundoanimalito.com\/#organization"},"potentialAction":[{"@type":"SearchAction","target":{"@type":"EntryPoint","urlTemplate":"https:\/\/mundoanimalito.com\/?s={search_term_string}"},"query-input":{"@type":"PropertyValueSpecification","valueRequired":true,"valueName":"search_term_string"}}],"inLanguage":"es"},{"@type":"Organization","@id":"https:\/\/mundoanimalito.com\/#organization","name":"Mundo Animalito","url":"https:\/\/mundoanimalito.com\/","logo":{"@type":"ImageObject","inLanguage":"es","@id":"https:\/\/mundoanimalito.com\/#\/schema\/logo\/image\/","url":"https:\/\/mundoanimalito.com\/wp-content\/uploads\/2023\/10\/cropped-cropped-LOGO-OFICIAL-ULTIMA-VERSION-1.jpg","contentUrl":"https:\/\/mundoanimalito.com\/wp-content\/uploads\/2023\/10\/cropped-cropped-LOGO-OFICIAL-ULTIMA-VERSION-1.jpg","width":374,"height":425,"caption":"Mundo Animalito"},"image":{"@id":"https:\/\/mundoanimalito.com\/#\/schema\/logo\/image\/"},"sameAs":["https:\/\/www.facebook.com\/mundoanimalito77","https:\/\/www.instagram.com\/mundoanimalito77\/","https:\/\/www.tiktok.com\/@mundoanimalito77","https:\/\/www.youtube.com\/channel\/UCLo2JhNUNtHVraDt5aHadew"]}]}},"_links":{"self":[{"href":"https:\/\/mundoanimalito.com\/index.php\/wp-json\/wp\/v2\/pages\/28667","targetHints":{"allow":["GET"]}}],"collection":[{"href":"https:\/\/mundoanimalito.com\/index.php\/wp-json\/wp\/v2\/pages"}],"about":[{"href":"https:\/\/mundoanimalito.com\/index.php\/wp-json\/wp\/v2\/types\/page"}],"author":[{"embeddable":true,"href":"https:\/\/mundoanimalito.com\/index.php\/wp-json\/wp\/v2\/users\/1"}],"replies":[{"embeddable":true,"href":"https:\/\/mundoanimalito.com\/index.php\/wp-json\/wp\/v2\/comments?post=28667"}],"version-history":[{"count":0,"href":"https:\/\/mundoanimalito.com\/index.php\/wp-json\/wp\/v2\/pages\/28667\/revisions"}],"wp:attachment":[{"href":"https:\/\/mundoanimalito.com\/index.php\/wp-json\/wp\/v2\/media?parent=28667"}],"curies":[{"name":"wp","href":"https:\/\/api.w.org\/{rel}","templated":true}]}}