{"id":28579,"date":"2024-04-25T10:21:09","date_gmt":"2024-04-25T15:21:09","guid":{"rendered":"https:\/\/mundoanimalito.com\/?page_id=28579"},"modified":"2024-09-04T18:00:07","modified_gmt":"2024-09-04T23:00:07","slug":"flexi-multi-box-1-unidad","status":"publish","type":"page","link":"https:\/\/mundoanimalito.com\/index.php\/flexi-multi-box-1-unidad\/","title":{"rendered":"Flexi &#8211; Multi box, 1 unidad"},"content":{"rendered":"\t\t<div data-elementor-type=\"wp-page\" data-elementor-id=\"28579\" class=\"elementor elementor-28579\" data-elementor-post-type=\"page\">\n\t\t\t\t<div class=\"elementor-element elementor-element-a2e2506 e-flex e-con-boxed e-con e-parent\" data-id=\"a2e2506\" data-element_type=\"container\" data-e-type=\"container\">\n\t\t\t\t\t<div class=\"e-con-inner\">\n\t\t\t\t<div class=\"elementor-element elementor-element-28ee571 elementor-invisible elementor-widget elementor-widget-heading\" data-id=\"28ee571\" data-element_type=\"widget\" data-e-type=\"widget\" data-settings=\"{&quot;_animation&quot;:&quot;fadeInDown&quot;}\" data-widget_type=\"heading.default\">\n\t\t\t\t<div class=\"elementor-widget-container\">\n\t\t\t\t\t<h2 class=\"elementor-heading-title elementor-size-default\">\u00bfAlguna vez has salido a pasear con tu perro y has deseado tener un lugar pr\u00e1ctico para guardar las bolsas higi\u00e9nicas o las croquetas? Con el Flexi Multi Box, esos problemas desaparecen. Este pr\u00e1ctico accesorio se adapta perfectamente a los modelos New Comfort, New Classic, Design y New Neon S, M y L de Flexi<\/h2>\t\t\t\t<\/div>\n\t\t\t\t<\/div>\n\t\t\t\t\t<\/div>\n\t\t\t\t<\/div>\n\t\t<div class=\"elementor-element elementor-element-93ae024 e-flex e-con-boxed e-con e-parent\" data-id=\"93ae024\" data-element_type=\"container\" data-e-type=\"container\">\n\t\t\t\t\t<div class=\"e-con-inner\">\n\t\t<div class=\"elementor-element elementor-element-738779b e-con-full e-flex e-con e-child\" data-id=\"738779b\" data-element_type=\"container\" data-e-type=\"container\">\n\t\t\t\t<div class=\"elementor-element elementor-element-675daba elementor-widget elementor-widget-image\" data-id=\"675daba\" data-element_type=\"widget\" data-e-type=\"widget\" data-widget_type=\"image.default\">\n\t\t\t\t<div class=\"elementor-widget-container\">\n\t\t\t\t\t\t\t\t\t\t\t\t\t\t\t\t<a href=\"https:\/\/amzn.to\/3JvYD8B\" target=\"_blank\">\n\t\t\t\t\t\t\t<img fetchpriority=\"high\" decoding=\"async\" width=\"1024\" height=\"1015\" src=\"https:\/\/mundoanimalito.com\/wp-content\/uploads\/2024\/04\/61uEf-V6XOL._AC_SL1500_-1024x1015.jpg\" class=\"attachment-large size-large wp-image-28560\" alt=\"Flexi - Multi box, 1 unidad\" srcset=\"https:\/\/mundoanimalito.com\/wp-content\/uploads\/2024\/04\/61uEf-V6XOL._AC_SL1500_-1024x1015.jpg 1024w, https:\/\/mundoanimalito.com\/wp-content\/uploads\/2024\/04\/61uEf-V6XOL._AC_SL1500_-300x297.jpg 300w, https:\/\/mundoanimalito.com\/wp-content\/uploads\/2024\/04\/61uEf-V6XOL._AC_SL1500_-150x150.jpg 150w, https:\/\/mundoanimalito.com\/wp-content\/uploads\/2024\/04\/61uEf-V6XOL._AC_SL1500_-768x762.jpg 768w, https:\/\/mundoanimalito.com\/wp-content\/uploads\/2024\/04\/61uEf-V6XOL._AC_SL1500_.jpg 1314w\" sizes=\"(max-width: 1024px) 100vw, 1024px\" \/>\t\t\t\t\t\t\t\t<\/a>\n\t\t\t\t\t\t\t\t\t\t\t\t\t\t\t<\/div>\n\t\t\t\t<\/div>\n\t\t\t\t<\/div>\n\t\t<div class=\"elementor-element elementor-element-4e6e515 e-con-full e-flex e-con e-child\" data-id=\"4e6e515\" data-element_type=\"container\" data-e-type=\"container\">\n\t\t\t\t<div class=\"elementor-element elementor-element-386d50a elementor-widget elementor-widget-text-editor\" data-id=\"386d50a\" data-element_type=\"widget\" data-e-type=\"widget\" data-widget_type=\"text-editor.default\">\n\t\t\t\t<div class=\"elementor-widget-container\">\n\t\t\t\t\t\t\t\t\t<p>\ud83d\udc3e <strong>Mant\u00e9n la limpieza en tus paseos:<\/strong> Con el Flexi Multi Box, siempre tendr\u00e1s a mano bolsas higi\u00e9nicas para recoger los desechos de tu perro. No m\u00e1s excusas para dejar residuos en la calle o en el parque. \u00a1Haz de cada paseo una experiencia limpia y respetuosa con el entorno!<\/p><p>\u00a0<\/p><p>\ud83c\udf56 <strong>Lleva premios para tu amigo peludo:<\/strong> \u00bfTu perro se porta bien durante el paseo? \u00a1Premia su buen comportamiento con croquetas o golosinas! El Flexi Multi Box te permite llevar consigo peque\u00f1as delicias para recompensar a tu compa\u00f1ero canino cuando se comporte de manera ejemplar.<\/p><p>\u00a0<\/p><p>\ud83d\udeb6\u200d\u2642\ufe0f <strong>Haz que tus paseos sean m\u00e1s c\u00f3modos:<\/strong> Con el Flexi Multi Box, no tendr\u00e1s que preocuparte por llevar bolsas o premios en tus manos o bolsillos. Este accesorio se engancha f\u00e1cilmente al collar o a la correa, manteniendo tus manos libres para disfrutar del paseo con tu perro.<\/p><p>\u00a0<\/p><p>En resumen, el Flexi Multi Box es el complemento perfecto para hacer que tus paseos con tu perro sean m\u00e1s convenientes y agradables. \u00a1No pierdas la oportunidad de mejorar la experiencia de ambos durante vuestros momentos juntos!<\/p>\t\t\t\t\t\t\t\t<\/div>\n\t\t\t\t<\/div>\n\t\t\t\t<div class=\"elementor-element elementor-element-c60a752 elementor-align-right elementor-widget elementor-widget-button\" data-id=\"c60a752\" data-element_type=\"widget\" data-e-type=\"widget\" data-widget_type=\"button.default\">\n\t\t\t\t<div class=\"elementor-widget-container\">\n\t\t\t\t\t\t\t\t\t<div class=\"elementor-button-wrapper\">\n\t\t\t\t\t<a class=\"elementor-button elementor-button-link elementor-size-sm\" href=\"https:\/\/amzn.to\/3JvYD8B\" target=\"_blank\">\n\t\t\t\t\t\t<span class=\"elementor-button-content-wrapper\">\n\t\t\t\t\t\t\t\t\t<span class=\"elementor-button-text\">Compra ahora en Amazon<\/span>\n\t\t\t\t\t<\/span>\n\t\t\t\t\t<\/a>\n\t\t\t\t<\/div>\n\t\t\t\t\t\t\t\t<\/div>\n\t\t\t\t<\/div>\n\t\t\t\t<\/div>\n\t\t\t\t\t<\/div>\n\t\t\t\t<\/div>\n\t\t<div class=\"elementor-element elementor-element-34b9f0e e-flex e-con-boxed e-con e-parent\" data-id=\"34b9f0e\" data-element_type=\"container\" data-e-type=\"container\">\n\t\t\t\t\t<div class=\"e-con-inner\">\n\t\t\t\t<div class=\"elementor-element elementor-element-7e3cbe1 elementor-arrows-position-inside elementor-pagination-position-outside elementor-widget elementor-widget-image-carousel\" data-id=\"7e3cbe1\" data-element_type=\"widget\" data-e-type=\"widget\" data-settings=\"{&quot;slides_to_show&quot;:&quot;1&quot;,&quot;navigation&quot;:&quot;both&quot;,&quot;autoplay&quot;:&quot;yes&quot;,&quot;pause_on_hover&quot;:&quot;yes&quot;,&quot;pause_on_interaction&quot;:&quot;yes&quot;,&quot;autoplay_speed&quot;:5000,&quot;infinite&quot;:&quot;yes&quot;,&quot;effect&quot;:&quot;slide&quot;,&quot;speed&quot;:500}\" data-widget_type=\"image-carousel.default\">\n\t\t\t\t<div class=\"elementor-widget-container\">\n\t\t\t\t\t\t\t<div class=\"elementor-image-carousel-wrapper swiper\" role=\"region\" aria-roledescription=\"carousel\" aria-label=\"Carrusel de im\u00e1genes\" dir=\"ltr\">\n\t\t\t<div class=\"elementor-image-carousel swiper-wrapper\" aria-live=\"off\">\n\t\t\t\t\t\t\t\t<div class=\"swiper-slide\" role=\"group\" aria-roledescription=\"slide\" aria-label=\"1 de 4\"><figure class=\"swiper-slide-inner\"><img decoding=\"async\" class=\"swiper-slide-image\" src=\"https:\/\/mundoanimalito.com\/wp-content\/uploads\/2024\/04\/71HjGjguiQL._AC_SL1500_-1-768x744.jpg\" alt=\"Flexi - Multi box, 1 unidad\" \/><\/figure><\/div><div class=\"swiper-slide\" role=\"group\" aria-roledescription=\"slide\" aria-label=\"2 de 4\"><figure class=\"swiper-slide-inner\"><img decoding=\"async\" class=\"swiper-slide-image\" src=\"https:\/\/mundoanimalito.com\/wp-content\/uploads\/2024\/04\/711IZ5W1biL._AC_SL1500_-768x741.jpg\" alt=\"Flexi - Multi box, 1 unidad\" \/><\/figure><\/div><div class=\"swiper-slide\" role=\"group\" aria-roledescription=\"slide\" aria-label=\"3 de 4\"><figure class=\"swiper-slide-inner\"><img decoding=\"async\" class=\"swiper-slide-image\" src=\"https:\/\/mundoanimalito.com\/wp-content\/uploads\/2024\/04\/91xnzpyupcL._AC_SL1500_-1-768x768.jpg\" alt=\"Flexi - Multi box, 1 unidad\" \/><\/figure><\/div><div class=\"swiper-slide\" role=\"group\" aria-roledescription=\"slide\" aria-label=\"4 de 4\"><figure class=\"swiper-slide-inner\"><img decoding=\"async\" class=\"swiper-slide-image\" src=\"https:\/\/mundoanimalito.com\/wp-content\/uploads\/2024\/04\/71t6GTVGTlL._AC_SL1500_-1-768x772.jpg\" alt=\"Flexi - Multi box, 1 unidad\" \/><\/figure><\/div>\t\t\t<\/div>\n\t\t\t\t\t\t\t\t\t\t\t\t<div class=\"elementor-swiper-button elementor-swiper-button-prev\" role=\"button\" tabindex=\"0\">\n\t\t\t\t\t\t<i aria-hidden=\"true\" class=\"eicon-chevron-left\"><\/i>\t\t\t\t\t<\/div>\n\t\t\t\t\t<div class=\"elementor-swiper-button elementor-swiper-button-next\" role=\"button\" tabindex=\"0\">\n\t\t\t\t\t\t<i aria-hidden=\"true\" class=\"eicon-chevron-right\"><\/i>\t\t\t\t\t<\/div>\n\t\t\t\t\n\t\t\t\t\t\t\t\t\t<div class=\"swiper-pagination\"><\/div>\n\t\t\t\t\t\t\t\t\t<\/div>\n\t\t\t\t\t\t<\/div>\n\t\t\t\t<\/div>\n\t\t\t\t\t<\/div>\n\t\t\t\t<\/div>\n\t\t<div class=\"elementor-element elementor-element-8f0dc82 e-flex e-con-boxed e-con e-parent\" data-id=\"8f0dc82\" data-element_type=\"container\" data-e-type=\"container\">\n\t\t\t\t\t<div class=\"e-con-inner\">\n\t\t\t\t<div class=\"elementor-element elementor-element-b4d1319 elementor-align-right elementor-widget elementor-widget-button\" data-id=\"b4d1319\" data-element_type=\"widget\" data-e-type=\"widget\" data-widget_type=\"button.default\">\n\t\t\t\t<div class=\"elementor-widget-container\">\n\t\t\t\t\t\t\t\t\t<div class=\"elementor-button-wrapper\">\n\t\t\t\t\t<a class=\"elementor-button elementor-button-link elementor-size-sm\" href=\"https:\/\/amzn.to\/3JvYD8B\" target=\"_blank\">\n\t\t\t\t\t\t<span class=\"elementor-button-content-wrapper\">\n\t\t\t\t\t\t\t\t\t<span class=\"elementor-button-text\">Compra ahora en Amazon<\/span>\n\t\t\t\t\t<\/span>\n\t\t\t\t\t<\/a>\n\t\t\t\t<\/div>\n\t\t\t\t\t\t\t\t<\/div>\n\t\t\t\t<\/div>\n\t\t\t\t\t<\/div>\n\t\t\t\t<\/div>\n\t\t\t\t<\/div>\n\t\t","protected":false},"excerpt":{"rendered":"<p>\u00bfAlguna vez has salido a pasear con tu perro y has deseado tener un lugar pr\u00e1ctico para guardar las bolsas higi\u00e9nicas o las croquetas? Con el Flexi Multi Box, esos problemas desaparecen. Este pr\u00e1ctico accesorio se adapta perfectamente a los modelos New Comfort, New Classic, Design y New Neon S, M y L de Flexi [&hellip;]<\/p>\n","protected":false},"author":1,"featured_media":0,"parent":0,"menu_order":0,"comment_status":"closed","ping_status":"closed","template":"","meta":{"site-sidebar-layout":"no-sidebar","site-content-layout":"page-builder","ast-site-content-layout":"full-width-container","site-content-style":"default","site-sidebar-style":"default","ast-global-header-display":"","ast-banner-title-visibility":"","ast-main-header-display":"","ast-hfb-above-header-display":"","ast-hfb-below-header-display":"","ast-hfb-mobile-header-display":"","site-post-title":"disabled","ast-breadcrumbs-content":"","ast-featured-img":"disabled","footer-sml-layout":"","ast-disable-related-posts":"","theme-transparent-header-meta":"","adv-header-id-meta":"","stick-header-meta":"","header-above-stick-meta":"","header-main-stick-meta":"","header-below-stick-meta":"","astra-migrate-meta-layouts":"set","ast-page-background-enabled":"default","ast-page-background-meta":{"desktop":{"background-color":"var(--ast-global-color-4)","background-image":"","background-repeat":"repeat","background-position":"center center","background-size":"auto","background-attachment":"scroll","background-type":"","background-media":"","overlay-type":"","overlay-color":"","overlay-opacity":"","overlay-gradient":""},"tablet":{"background-color":"","background-image":"","background-repeat":"repeat","background-position":"center center","background-size":"auto","background-attachment":"scroll","background-type":"","background-media":"","overlay-type":"","overlay-color":"","overlay-opacity":"","overlay-gradient":""},"mobile":{"background-color":"","background-image":"","background-repeat":"repeat","background-position":"center center","background-size":"auto","background-attachment":"scroll","background-type":"","background-media":"","overlay-type":"","overlay-color":"","overlay-opacity":"","overlay-gradient":""}},"ast-content-background-meta":{"desktop":{"background-color":"var(--ast-global-color-5)","background-image":"","background-repeat":"repeat","background-position":"center center","background-size":"auto","background-attachment":"scroll","background-type":"","background-media":"","overlay-type":"","overlay-color":"","overlay-opacity":"","overlay-gradient":""},"tablet":{"background-color":"var(--ast-global-color-5)","background-image":"","background-repeat":"repeat","background-position":"center center","background-size":"auto","background-attachment":"scroll","background-type":"","background-media":"","overlay-type":"","overlay-color":"","overlay-opacity":"","overlay-gradient":""},"mobile":{"background-color":"var(--ast-global-color-5)","background-image":"","background-repeat":"repeat","background-position":"center center","background-size":"auto","background-attachment":"scroll","background-type":"","background-media":"","overlay-type":"","overlay-color":"","overlay-opacity":"","overlay-gradient":""}},"footnotes":""},"class_list":["post-28579","page","type-page","status-publish","hentry"],"yoast_head":"<!-- This site is optimized with the Yoast SEO plugin v27.4 - https:\/\/yoast.com\/product\/yoast-seo-wordpress\/ -->\n<title>Flexi - Multi box, 1 unidad | Mundo Animalito<\/title>\n<meta name=\"description\" content=\"\u00bfAlguna vez has salido a pasear con tu perro y has deseado tener un lugar pr\u00e1ctico para guardar las bolsas higi\u00e9nicas o las croquetas? Con el Flexi Multi Box, esos problemas desaparecen. Este pr\u00e1ctico accesorio se adapta perfectamente a los modelos New Comfort, New Classic, Design y New Neon S, M y L de Flexi\" \/>\n<meta name=\"robots\" content=\"index, follow, max-snippet:-1, max-image-preview:large, max-video-preview:-1\" \/>\n<link rel=\"canonical\" href=\"https:\/\/mundoanimalito.com\/index.php\/flexi-multi-box-1-unidad\/\" \/>\n<meta property=\"og:locale\" content=\"es_ES\" \/>\n<meta property=\"og:type\" content=\"article\" \/>\n<meta property=\"og:title\" content=\"Flexi - Multi box, 1 unidad | Mundo Animalito\" \/>\n<meta property=\"og:description\" content=\"\u00bfAlguna vez has salido a pasear con tu perro y has deseado tener un lugar pr\u00e1ctico para guardar las bolsas higi\u00e9nicas o las croquetas? Con el Flexi Multi Box, esos problemas desaparecen. Este pr\u00e1ctico accesorio se adapta perfectamente a los modelos New Comfort, New Classic, Design y New Neon S, M y L de Flexi\" \/>\n<meta property=\"og:url\" content=\"https:\/\/mundoanimalito.com\/index.php\/flexi-multi-box-1-unidad\/\" \/>\n<meta property=\"og:site_name\" content=\"Mundo Animalito\" \/>\n<meta property=\"article:publisher\" content=\"https:\/\/www.facebook.com\/mundoanimalito77\" \/>\n<meta property=\"article:modified_time\" content=\"2024-09-04T23:00:07+00:00\" \/>\n<meta property=\"og:image\" content=\"https:\/\/mundoanimalito.com\/wp-content\/uploads\/2024\/04\/61uEf-V6XOL._AC_SL1500_-1024x1015.jpg\" \/>\n<meta name=\"twitter:card\" content=\"summary_large_image\" \/>\n<meta name=\"twitter:label1\" content=\"Tiempo de lectura\" \/>\n\t<meta name=\"twitter:data1\" content=\"3 minutos\" \/>\n<script type=\"application\/ld+json\" class=\"yoast-schema-graph\">{\"@context\":\"https:\\\/\\\/schema.org\",\"@graph\":[{\"@type\":\"WebPage\",\"@id\":\"https:\\\/\\\/mundoanimalito.com\\\/index.php\\\/flexi-multi-box-1-unidad\\\/\",\"url\":\"https:\\\/\\\/mundoanimalito.com\\\/index.php\\\/flexi-multi-box-1-unidad\\\/\",\"name\":\"Flexi - Multi box, 1 unidad | Mundo Animalito\",\"isPartOf\":{\"@id\":\"https:\\\/\\\/mundoanimalito.com\\\/#website\"},\"primaryImageOfPage\":{\"@id\":\"https:\\\/\\\/mundoanimalito.com\\\/index.php\\\/flexi-multi-box-1-unidad\\\/#primaryimage\"},\"image\":{\"@id\":\"https:\\\/\\\/mundoanimalito.com\\\/index.php\\\/flexi-multi-box-1-unidad\\\/#primaryimage\"},\"thumbnailUrl\":\"https:\\\/\\\/mundoanimalito.com\\\/wp-content\\\/uploads\\\/2024\\\/04\\\/61uEf-V6XOL._AC_SL1500_-1024x1015.jpg\",\"datePublished\":\"2024-04-25T15:21:09+00:00\",\"dateModified\":\"2024-09-04T23:00:07+00:00\",\"description\":\"\u00bfAlguna vez has salido a pasear con tu perro y has deseado tener un lugar pr\u00e1ctico para guardar las bolsas higi\u00e9nicas o las croquetas? Con el Flexi Multi Box, esos problemas desaparecen. Este pr\u00e1ctico accesorio se adapta perfectamente a los modelos New Comfort, New Classic, Design y New Neon S, M y L de Flexi\",\"breadcrumb\":{\"@id\":\"https:\\\/\\\/mundoanimalito.com\\\/index.php\\\/flexi-multi-box-1-unidad\\\/#breadcrumb\"},\"inLanguage\":\"es\",\"potentialAction\":[{\"@type\":\"ReadAction\",\"target\":[\"https:\\\/\\\/mundoanimalito.com\\\/index.php\\\/flexi-multi-box-1-unidad\\\/\"]}]},{\"@type\":\"ImageObject\",\"inLanguage\":\"es\",\"@id\":\"https:\\\/\\\/mundoanimalito.com\\\/index.php\\\/flexi-multi-box-1-unidad\\\/#primaryimage\",\"url\":\"https:\\\/\\\/mundoanimalito.com\\\/wp-content\\\/uploads\\\/2024\\\/04\\\/61uEf-V6XOL._AC_SL1500_.jpg\",\"contentUrl\":\"https:\\\/\\\/mundoanimalito.com\\\/wp-content\\\/uploads\\\/2024\\\/04\\\/61uEf-V6XOL._AC_SL1500_.jpg\",\"width\":1314,\"height\":1303,\"caption\":\"Flexi - Multi box, 1 unidad\"},{\"@type\":\"BreadcrumbList\",\"@id\":\"https:\\\/\\\/mundoanimalito.com\\\/index.php\\\/flexi-multi-box-1-unidad\\\/#breadcrumb\",\"itemListElement\":[{\"@type\":\"ListItem\",\"position\":1,\"name\":\"Portada\",\"item\":\"https:\\\/\\\/mundoanimalito.com\\\/\"},{\"@type\":\"ListItem\",\"position\":2,\"name\":\"Flexi &#8211; Multi box, 1 unidad\"}]},{\"@type\":\"WebSite\",\"@id\":\"https:\\\/\\\/mundoanimalito.com\\\/#website\",\"url\":\"https:\\\/\\\/mundoanimalito.com\\\/\",\"name\":\"Mundo Animalito\",\"description\":\"Datos y curiosidades de los animales, encuentra ac\u00e1 todo para tu mascota\",\"publisher\":{\"@id\":\"https:\\\/\\\/mundoanimalito.com\\\/#organization\"},\"potentialAction\":[{\"@type\":\"SearchAction\",\"target\":{\"@type\":\"EntryPoint\",\"urlTemplate\":\"https:\\\/\\\/mundoanimalito.com\\\/?s={search_term_string}\"},\"query-input\":{\"@type\":\"PropertyValueSpecification\",\"valueRequired\":true,\"valueName\":\"search_term_string\"}}],\"inLanguage\":\"es\"},{\"@type\":\"Organization\",\"@id\":\"https:\\\/\\\/mundoanimalito.com\\\/#organization\",\"name\":\"Mundo Animalito\",\"url\":\"https:\\\/\\\/mundoanimalito.com\\\/\",\"logo\":{\"@type\":\"ImageObject\",\"inLanguage\":\"es\",\"@id\":\"https:\\\/\\\/mundoanimalito.com\\\/#\\\/schema\\\/logo\\\/image\\\/\",\"url\":\"https:\\\/\\\/mundoanimalito.com\\\/wp-content\\\/uploads\\\/2023\\\/10\\\/cropped-cropped-LOGO-OFICIAL-ULTIMA-VERSION-1.jpg\",\"contentUrl\":\"https:\\\/\\\/mundoanimalito.com\\\/wp-content\\\/uploads\\\/2023\\\/10\\\/cropped-cropped-LOGO-OFICIAL-ULTIMA-VERSION-1.jpg\",\"width\":374,\"height\":425,\"caption\":\"Mundo Animalito\"},\"image\":{\"@id\":\"https:\\\/\\\/mundoanimalito.com\\\/#\\\/schema\\\/logo\\\/image\\\/\"},\"sameAs\":[\"https:\\\/\\\/www.facebook.com\\\/mundoanimalito77\",\"https:\\\/\\\/www.instagram.com\\\/mundoanimalito77\\\/\",\"https:\\\/\\\/www.tiktok.com\\\/@mundoanimalito77\",\"https:\\\/\\\/www.youtube.com\\\/channel\\\/UCLo2JhNUNtHVraDt5aHadew\"]}]}<\/script>\n<!-- \/ Yoast SEO plugin. -->","yoast_head_json":{"title":"Flexi - Multi box, 1 unidad | Mundo Animalito","description":"\u00bfAlguna vez has salido a pasear con tu perro y has deseado tener un lugar pr\u00e1ctico para guardar las bolsas higi\u00e9nicas o las croquetas? Con el Flexi Multi Box, esos problemas desaparecen. Este pr\u00e1ctico accesorio se adapta perfectamente a los modelos New Comfort, New Classic, Design y New Neon S, M y L de Flexi","robots":{"index":"index","follow":"follow","max-snippet":"max-snippet:-1","max-image-preview":"max-image-preview:large","max-video-preview":"max-video-preview:-1"},"canonical":"https:\/\/mundoanimalito.com\/index.php\/flexi-multi-box-1-unidad\/","og_locale":"es_ES","og_type":"article","og_title":"Flexi - Multi box, 1 unidad | Mundo Animalito","og_description":"\u00bfAlguna vez has salido a pasear con tu perro y has deseado tener un lugar pr\u00e1ctico para guardar las bolsas higi\u00e9nicas o las croquetas? Con el Flexi Multi Box, esos problemas desaparecen. Este pr\u00e1ctico accesorio se adapta perfectamente a los modelos New Comfort, New Classic, Design y New Neon S, M y L de Flexi","og_url":"https:\/\/mundoanimalito.com\/index.php\/flexi-multi-box-1-unidad\/","og_site_name":"Mundo Animalito","article_publisher":"https:\/\/www.facebook.com\/mundoanimalito77","article_modified_time":"2024-09-04T23:00:07+00:00","og_image":[{"url":"https:\/\/mundoanimalito.com\/wp-content\/uploads\/2024\/04\/61uEf-V6XOL._AC_SL1500_-1024x1015.jpg","type":"","width":"","height":""}],"twitter_card":"summary_large_image","twitter_misc":{"Tiempo de lectura":"3 minutos"},"schema":{"@context":"https:\/\/schema.org","@graph":[{"@type":"WebPage","@id":"https:\/\/mundoanimalito.com\/index.php\/flexi-multi-box-1-unidad\/","url":"https:\/\/mundoanimalito.com\/index.php\/flexi-multi-box-1-unidad\/","name":"Flexi - Multi box, 1 unidad | Mundo Animalito","isPartOf":{"@id":"https:\/\/mundoanimalito.com\/#website"},"primaryImageOfPage":{"@id":"https:\/\/mundoanimalito.com\/index.php\/flexi-multi-box-1-unidad\/#primaryimage"},"image":{"@id":"https:\/\/mundoanimalito.com\/index.php\/flexi-multi-box-1-unidad\/#primaryimage"},"thumbnailUrl":"https:\/\/mundoanimalito.com\/wp-content\/uploads\/2024\/04\/61uEf-V6XOL._AC_SL1500_-1024x1015.jpg","datePublished":"2024-04-25T15:21:09+00:00","dateModified":"2024-09-04T23:00:07+00:00","description":"\u00bfAlguna vez has salido a pasear con tu perro y has deseado tener un lugar pr\u00e1ctico para guardar las bolsas higi\u00e9nicas o las croquetas? Con el Flexi Multi Box, esos problemas desaparecen. Este pr\u00e1ctico accesorio se adapta perfectamente a los modelos New Comfort, New Classic, Design y New Neon S, M y L de Flexi","breadcrumb":{"@id":"https:\/\/mundoanimalito.com\/index.php\/flexi-multi-box-1-unidad\/#breadcrumb"},"inLanguage":"es","potentialAction":[{"@type":"ReadAction","target":["https:\/\/mundoanimalito.com\/index.php\/flexi-multi-box-1-unidad\/"]}]},{"@type":"ImageObject","inLanguage":"es","@id":"https:\/\/mundoanimalito.com\/index.php\/flexi-multi-box-1-unidad\/#primaryimage","url":"https:\/\/mundoanimalito.com\/wp-content\/uploads\/2024\/04\/61uEf-V6XOL._AC_SL1500_.jpg","contentUrl":"https:\/\/mundoanimalito.com\/wp-content\/uploads\/2024\/04\/61uEf-V6XOL._AC_SL1500_.jpg","width":1314,"height":1303,"caption":"Flexi - Multi box, 1 unidad"},{"@type":"BreadcrumbList","@id":"https:\/\/mundoanimalito.com\/index.php\/flexi-multi-box-1-unidad\/#breadcrumb","itemListElement":[{"@type":"ListItem","position":1,"name":"Portada","item":"https:\/\/mundoanimalito.com\/"},{"@type":"ListItem","position":2,"name":"Flexi &#8211; Multi box, 1 unidad"}]},{"@type":"WebSite","@id":"https:\/\/mundoanimalito.com\/#website","url":"https:\/\/mundoanimalito.com\/","name":"Mundo Animalito","description":"Datos y curiosidades de los animales, encuentra ac\u00e1 todo para tu mascota","publisher":{"@id":"https:\/\/mundoanimalito.com\/#organization"},"potentialAction":[{"@type":"SearchAction","target":{"@type":"EntryPoint","urlTemplate":"https:\/\/mundoanimalito.com\/?s={search_term_string}"},"query-input":{"@type":"PropertyValueSpecification","valueRequired":true,"valueName":"search_term_string"}}],"inLanguage":"es"},{"@type":"Organization","@id":"https:\/\/mundoanimalito.com\/#organization","name":"Mundo Animalito","url":"https:\/\/mundoanimalito.com\/","logo":{"@type":"ImageObject","inLanguage":"es","@id":"https:\/\/mundoanimalito.com\/#\/schema\/logo\/image\/","url":"https:\/\/mundoanimalito.com\/wp-content\/uploads\/2023\/10\/cropped-cropped-LOGO-OFICIAL-ULTIMA-VERSION-1.jpg","contentUrl":"https:\/\/mundoanimalito.com\/wp-content\/uploads\/2023\/10\/cropped-cropped-LOGO-OFICIAL-ULTIMA-VERSION-1.jpg","width":374,"height":425,"caption":"Mundo Animalito"},"image":{"@id":"https:\/\/mundoanimalito.com\/#\/schema\/logo\/image\/"},"sameAs":["https:\/\/www.facebook.com\/mundoanimalito77","https:\/\/www.instagram.com\/mundoanimalito77\/","https:\/\/www.tiktok.com\/@mundoanimalito77","https:\/\/www.youtube.com\/channel\/UCLo2JhNUNtHVraDt5aHadew"]}]}},"_links":{"self":[{"href":"https:\/\/mundoanimalito.com\/index.php\/wp-json\/wp\/v2\/pages\/28579","targetHints":{"allow":["GET"]}}],"collection":[{"href":"https:\/\/mundoanimalito.com\/index.php\/wp-json\/wp\/v2\/pages"}],"about":[{"href":"https:\/\/mundoanimalito.com\/index.php\/wp-json\/wp\/v2\/types\/page"}],"author":[{"embeddable":true,"href":"https:\/\/mundoanimalito.com\/index.php\/wp-json\/wp\/v2\/users\/1"}],"replies":[{"embeddable":true,"href":"https:\/\/mundoanimalito.com\/index.php\/wp-json\/wp\/v2\/comments?post=28579"}],"version-history":[{"count":0,"href":"https:\/\/mundoanimalito.com\/index.php\/wp-json\/wp\/v2\/pages\/28579\/revisions"}],"wp:attachment":[{"href":"https:\/\/mundoanimalito.com\/index.php\/wp-json\/wp\/v2\/media?parent=28579"}],"curies":[{"name":"wp","href":"https:\/\/api.w.org\/{rel}","templated":true}]}}