{"id":28490,"date":"2024-04-25T09:48:07","date_gmt":"2024-04-25T14:48:07","guid":{"rendered":"https:\/\/mundoanimalito.com\/?page_id=28490"},"modified":"2024-09-23T14:25:03","modified_gmt":"2024-09-23T19:25:03","slug":"yorja-bolsas-para-excrementos-de-perro24-rollos-360-unidades","status":"publish","type":"page","link":"https:\/\/mundoanimalito.com\/index.php\/yorja-bolsas-para-excrementos-de-perro24-rollos-360-unidades\/","title":{"rendered":"YORJA Bolsas para Excrementos de Perro,24 Rollos\/360 Unidades"},"content":{"rendered":"\t\t<div data-elementor-type=\"wp-page\" data-elementor-id=\"28490\" class=\"elementor elementor-28490\" data-elementor-post-type=\"page\">\n\t\t\t\t<div class=\"elementor-element elementor-element-4bebf2e e-flex e-con-boxed e-con e-parent\" data-id=\"4bebf2e\" data-element_type=\"container\" data-e-type=\"container\">\n\t\t\t\t\t<div class=\"e-con-inner\">\n\t\t\t\t<div class=\"elementor-element elementor-element-cfbb242 elementor-invisible elementor-widget elementor-widget-heading\" data-id=\"cfbb242\" data-element_type=\"widget\" data-e-type=\"widget\" data-settings=\"{&quot;_animation&quot;:&quot;fadeInDown&quot;}\" data-widget_type=\"heading.default\">\n\t\t\t\t<div class=\"elementor-widget-container\">\n\t\t\t\t\t<h2 class=\"elementor-heading-title elementor-size-default\">Cuando sales a pasear con tu peludo amigo, la \u00faltima cosa en la que quieres preocuparte es en c\u00f3mo manejar sus desechos. Con las Bolsas para Excrementos de Perro YORJA, puedes estar seguro de que est\u00e1s tomando la mejor decisi\u00f3n para ti, tu perro y el planeta.<\/h2>\t\t\t\t<\/div>\n\t\t\t\t<\/div>\n\t\t\t\t\t<\/div>\n\t\t\t\t<\/div>\n\t\t<div class=\"elementor-element elementor-element-0cb39b0 e-flex e-con-boxed e-con e-parent\" data-id=\"0cb39b0\" data-element_type=\"container\" data-e-type=\"container\">\n\t\t\t\t\t<div class=\"e-con-inner\">\n\t\t<div class=\"elementor-element elementor-element-245750a e-con-full e-flex e-con e-child\" data-id=\"245750a\" data-element_type=\"container\" data-e-type=\"container\">\n\t\t\t\t<div class=\"elementor-element elementor-element-c571fbd elementor-widget elementor-widget-image\" data-id=\"c571fbd\" data-element_type=\"widget\" data-e-type=\"widget\" data-widget_type=\"image.default\">\n\t\t\t\t<div class=\"elementor-widget-container\">\n\t\t\t\t\t\t\t\t\t\t\t\t\t\t\t\t<a href=\"https:\/\/amzn.to\/44g15JO\" target=\"_blank\">\n\t\t\t\t\t\t\t<img fetchpriority=\"high\" decoding=\"async\" width=\"1024\" height=\"961\" src=\"https:\/\/mundoanimalito.com\/wp-content\/uploads\/2024\/04\/8170cWPS6qL._AC_SL1500_-1024x961.jpg\" class=\"attachment-large size-large wp-image-28468\" alt=\"YORJA Bolsas para Excrementos de Perro,24 Rollos\/360 Unidades,Extra grueso,fuerte y a Prueba de Fugas Biodegradable Bolsas para Caca de Perro\" srcset=\"https:\/\/mundoanimalito.com\/wp-content\/uploads\/2024\/04\/8170cWPS6qL._AC_SL1500_-1024x961.jpg 1024w, https:\/\/mundoanimalito.com\/wp-content\/uploads\/2024\/04\/8170cWPS6qL._AC_SL1500_-300x281.jpg 300w, https:\/\/mundoanimalito.com\/wp-content\/uploads\/2024\/04\/8170cWPS6qL._AC_SL1500_-768x720.jpg 768w, https:\/\/mundoanimalito.com\/wp-content\/uploads\/2024\/04\/8170cWPS6qL._AC_SL1500_.jpg 1500w\" sizes=\"(max-width: 1024px) 100vw, 1024px\" \/>\t\t\t\t\t\t\t\t<\/a>\n\t\t\t\t\t\t\t\t\t\t\t\t\t\t\t<\/div>\n\t\t\t\t<\/div>\n\t\t\t\t<\/div>\n\t\t<div class=\"elementor-element elementor-element-8288135 e-con-full e-flex e-con e-child\" data-id=\"8288135\" data-element_type=\"container\" data-e-type=\"container\">\n\t\t\t\t<div class=\"elementor-element elementor-element-875ee05 elementor-widget elementor-widget-text-editor\" data-id=\"875ee05\" data-element_type=\"widget\" data-e-type=\"widget\" data-widget_type=\"text-editor.default\">\n\t\t\t\t<div class=\"elementor-widget-container\">\n\t\t\t\t\t\t\t\t\t<p>\ud83c\udf3f <strong>Amigable con el Medio Ambiente:<\/strong> Nuestras bolsas est\u00e1n hechas con almid\u00f3n de ma\u00edz y el rollo central est\u00e1 hecho de papel reciclado, lo que significa que est\u00e1s reduciendo tu huella de pl\u00e1stico y contribuyendo a un ambiente m\u00e1s limpio y saludable para todos.<\/p><p>\u00a0<\/p><p>\ud83d\udcaa <strong>Extra Gruesas y a Prueba de Fugas:<\/strong> Construidas para durar, nuestras bolsas son gruesas, fuertes y totalmente a prueba de fugas. Esto significa que puedes recoger los desechos de tu perro sin preocuparte por accidentes desagradables o roturas.<\/p><p>\u00a0<\/p><p>\ud83d\udc4d <strong>F\u00e1cil de Usar y Transportar:<\/strong> Con un tama\u00f1o de 9\u201dx13\u201d (23x23cm), nuestras bolsas tienen la capacidad perfecta para perros de todos los tama\u00f1os, desde cachorros hasta grandes compa\u00f1eros caninos. Adem\u00e1s, vienen en 24 rollos, suficientes para abastecerte por 5 meses, lo que significa que no tendr\u00e1s que preocuparte por quedarte sin bolsas r\u00e1pidamente.<\/p><p>\u00a0<\/p><p>\ud83c\udf1f <strong>Certificado de Calidad y Sostenibilidad:<\/strong> Nuestras bolsas est\u00e1n calificadas como \u201cGruesas\u201d, \u201cDuraderas\u201d, \u201cA prueba de fugas\u201d, \u201cF\u00e1ciles de rasgar\u201d y \u201cF\u00e1ciles de abrir\u201d. Adem\u00e1s, cuentan con certificaciones de sostenibilidad que garantizan que est\u00e1s tomando una decisi\u00f3n responsable para el planeta.<\/p>\t\t\t\t\t\t\t\t<\/div>\n\t\t\t\t<\/div>\n\t\t\t\t<\/div>\n\t\t\t\t\t<\/div>\n\t\t\t\t<\/div>\n\t\t<div class=\"elementor-element elementor-element-8ab198b e-flex e-con-boxed e-con e-parent\" data-id=\"8ab198b\" data-element_type=\"container\" data-e-type=\"container\">\n\t\t\t\t\t<div class=\"e-con-inner\">\n\t\t\t\t<div class=\"elementor-element elementor-element-89862f1 elementor-widget elementor-widget-text-editor\" data-id=\"89862f1\" data-element_type=\"widget\" data-e-type=\"widget\" data-widget_type=\"text-editor.default\">\n\t\t\t\t<div class=\"elementor-widget-container\">\n\t\t\t\t\t\t\t\t\t<p>No comprometas la limpieza ni la responsabilidad ambiental cuando salgas a pasear con tu perro. Haz clic ahora y elige las Bolsas para Excrementos de Perro YORJA, la elecci\u00f3n perfecta para un paseo m\u00e1s limpio y verde.<\/p>\t\t\t\t\t\t\t\t<\/div>\n\t\t\t\t<\/div>\n\t\t\t\t<div class=\"elementor-element elementor-element-39c4150 elementor-align-right elementor-widget elementor-widget-button\" data-id=\"39c4150\" data-element_type=\"widget\" data-e-type=\"widget\" data-widget_type=\"button.default\">\n\t\t\t\t<div class=\"elementor-widget-container\">\n\t\t\t\t\t\t\t\t\t<div class=\"elementor-button-wrapper\">\n\t\t\t\t\t<a class=\"elementor-button elementor-button-link elementor-size-sm\" href=\"https:\/\/amzn.to\/44g15JO\" target=\"_blank\">\n\t\t\t\t\t\t<span class=\"elementor-button-content-wrapper\">\n\t\t\t\t\t\t\t\t\t<span class=\"elementor-button-text\">Compra ahora en Amazon<\/span>\n\t\t\t\t\t<\/span>\n\t\t\t\t\t<\/a>\n\t\t\t\t<\/div>\n\t\t\t\t\t\t\t\t<\/div>\n\t\t\t\t<\/div>\n\t\t\t\t\t<\/div>\n\t\t\t\t<\/div>\n\t\t<div class=\"elementor-element elementor-element-53868f0 e-flex e-con-boxed e-con e-parent\" data-id=\"53868f0\" data-element_type=\"container\" data-e-type=\"container\">\n\t\t\t\t\t<div class=\"e-con-inner\">\n\t\t\t\t<div class=\"elementor-element elementor-element-10d57fb elementor-arrows-position-inside elementor-pagination-position-outside elementor-widget elementor-widget-image-carousel\" data-id=\"10d57fb\" data-element_type=\"widget\" data-e-type=\"widget\" data-settings=\"{&quot;slides_to_show&quot;:&quot;1&quot;,&quot;navigation&quot;:&quot;both&quot;,&quot;autoplay&quot;:&quot;yes&quot;,&quot;pause_on_hover&quot;:&quot;yes&quot;,&quot;pause_on_interaction&quot;:&quot;yes&quot;,&quot;autoplay_speed&quot;:5000,&quot;infinite&quot;:&quot;yes&quot;,&quot;effect&quot;:&quot;slide&quot;,&quot;speed&quot;:500}\" data-widget_type=\"image-carousel.default\">\n\t\t\t\t<div class=\"elementor-widget-container\">\n\t\t\t\t\t\t\t<div class=\"elementor-image-carousel-wrapper swiper\" role=\"region\" aria-roledescription=\"carousel\" aria-label=\"Carrusel de im\u00e1genes\" dir=\"ltr\">\n\t\t\t<div class=\"elementor-image-carousel swiper-wrapper\" aria-live=\"off\">\n\t\t\t\t\t\t\t\t<div class=\"swiper-slide\" role=\"group\" aria-roledescription=\"slide\" aria-label=\"1 de 5\"><figure class=\"swiper-slide-inner\"><img decoding=\"async\" class=\"swiper-slide-image\" src=\"https:\/\/mundoanimalito.com\/wp-content\/uploads\/2024\/04\/71uYqKz1LsL._AC_SL1500_-768x728.jpg\" alt=\"YORJA Bolsas para Excrementos de Perro,24 Rollos\/360 Unidades,Extra grueso,fuerte y a Prueba de Fugas Biodegradable Bolsas para Caca de Perro\" \/><\/figure><\/div><div class=\"swiper-slide\" role=\"group\" aria-roledescription=\"slide\" aria-label=\"2 de 5\"><figure class=\"swiper-slide-inner\"><img decoding=\"async\" class=\"swiper-slide-image\" src=\"https:\/\/mundoanimalito.com\/wp-content\/uploads\/2024\/04\/91EUFcLAv8L._AC_SL1500_-768x768.jpg\" alt=\"YORJA Bolsas para Excrementos de Perro,24 Rollos\/360 Unidades,Extra grueso,fuerte y a Prueba de Fugas Biodegradable Bolsas para Caca de Perro\" \/><\/figure><\/div><div class=\"swiper-slide\" role=\"group\" aria-roledescription=\"slide\" aria-label=\"3 de 5\"><figure class=\"swiper-slide-inner\"><img decoding=\"async\" class=\"swiper-slide-image\" src=\"https:\/\/mundoanimalito.com\/wp-content\/uploads\/2024\/04\/81Lxeld82GL._AC_SL1500_-768x802.jpg\" alt=\"YORJA Bolsas para Excrementos de Perro,24 Rollos\/360 Unidades,Extra grueso,fuerte y a Prueba de Fugas Biodegradable Bolsas para Caca de Perro\" \/><\/figure><\/div><div class=\"swiper-slide\" role=\"group\" aria-roledescription=\"slide\" aria-label=\"4 de 5\"><figure class=\"swiper-slide-inner\"><img decoding=\"async\" class=\"swiper-slide-image\" src=\"https:\/\/mundoanimalito.com\/wp-content\/uploads\/2024\/04\/81sPVsLWqpL._AC_SL1500_-768x768.jpg\" alt=\"YORJA Bolsas para Excrementos de Perro,24 Rollos\/360 Unidades,Extra grueso,fuerte y a Prueba de Fugas Biodegradable Bolsas para Caca de Perro\" \/><\/figure><\/div><div class=\"swiper-slide\" role=\"group\" aria-roledescription=\"slide\" aria-label=\"5 de 5\"><figure class=\"swiper-slide-inner\"><img decoding=\"async\" class=\"swiper-slide-image\" src=\"https:\/\/mundoanimalito.com\/wp-content\/uploads\/2024\/04\/81fTNV2BpL._AC_SL1500_-768x768.jpg\" alt=\"YORJA Bolsas para Excrementos de Perro,24 Rollos\/360 Unidades,Extra grueso,fuerte y a Prueba de Fugas Biodegradable Bolsas para Caca de Perro\" \/><\/figure><\/div>\t\t\t<\/div>\n\t\t\t\t\t\t\t\t\t\t\t\t<div class=\"elementor-swiper-button elementor-swiper-button-prev\" role=\"button\" tabindex=\"0\">\n\t\t\t\t\t\t<i aria-hidden=\"true\" class=\"eicon-chevron-left\"><\/i>\t\t\t\t\t<\/div>\n\t\t\t\t\t<div class=\"elementor-swiper-button elementor-swiper-button-next\" role=\"button\" tabindex=\"0\">\n\t\t\t\t\t\t<i aria-hidden=\"true\" class=\"eicon-chevron-right\"><\/i>\t\t\t\t\t<\/div>\n\t\t\t\t\n\t\t\t\t\t\t\t\t\t<div class=\"swiper-pagination\"><\/div>\n\t\t\t\t\t\t\t\t\t<\/div>\n\t\t\t\t\t\t<\/div>\n\t\t\t\t<\/div>\n\t\t\t\t\t<\/div>\n\t\t\t\t<\/div>\n\t\t<div class=\"elementor-element elementor-element-1a66365 e-flex e-con-boxed e-con e-parent\" data-id=\"1a66365\" data-element_type=\"container\" data-e-type=\"container\">\n\t\t\t\t\t<div class=\"e-con-inner\">\n\t\t\t\t<div class=\"elementor-element elementor-element-f59803d elementor-align-right elementor-widget elementor-widget-button\" data-id=\"f59803d\" data-element_type=\"widget\" data-e-type=\"widget\" data-widget_type=\"button.default\">\n\t\t\t\t<div class=\"elementor-widget-container\">\n\t\t\t\t\t\t\t\t\t<div class=\"elementor-button-wrapper\">\n\t\t\t\t\t<a class=\"elementor-button elementor-button-link elementor-size-sm\" href=\"https:\/\/amzn.to\/44g15JO\" target=\"_blank\">\n\t\t\t\t\t\t<span class=\"elementor-button-content-wrapper\">\n\t\t\t\t\t\t\t\t\t<span class=\"elementor-button-text\">Compra ahora en Amazon<\/span>\n\t\t\t\t\t<\/span>\n\t\t\t\t\t<\/a>\n\t\t\t\t<\/div>\n\t\t\t\t\t\t\t\t<\/div>\n\t\t\t\t<\/div>\n\t\t\t\t\t<\/div>\n\t\t\t\t<\/div>\n\t\t\t\t<\/div>\n\t\t","protected":false},"excerpt":{"rendered":"<p>Cuando sales a pasear con tu peludo amigo, la \u00faltima cosa en la que quieres preocuparte es en c\u00f3mo manejar sus desechos. Con las Bolsas para Excrementos de Perro YORJA, puedes estar seguro de que est\u00e1s tomando la mejor decisi\u00f3n para ti, tu perro y el planeta. \ud83c\udf3f Amigable con el Medio Ambiente: Nuestras bolsas [&hellip;]<\/p>\n","protected":false},"author":1,"featured_media":0,"parent":0,"menu_order":0,"comment_status":"closed","ping_status":"closed","template":"","meta":{"site-sidebar-layout":"no-sidebar","site-content-layout":"page-builder","ast-site-content-layout":"full-width-container","site-content-style":"default","site-sidebar-style":"default","ast-global-header-display":"","ast-banner-title-visibility":"","ast-main-header-display":"","ast-hfb-above-header-display":"","ast-hfb-below-header-display":"","ast-hfb-mobile-header-display":"","site-post-title":"disabled","ast-breadcrumbs-content":"","ast-featured-img":"disabled","footer-sml-layout":"","ast-disable-related-posts":"","theme-transparent-header-meta":"","adv-header-id-meta":"","stick-header-meta":"","header-above-stick-meta":"","header-main-stick-meta":"","header-below-stick-meta":"","astra-migrate-meta-layouts":"set","ast-page-background-enabled":"default","ast-page-background-meta":{"desktop":{"background-color":"var(--ast-global-color-4)","background-image":"","background-repeat":"repeat","background-position":"center center","background-size":"auto","background-attachment":"scroll","background-type":"","background-media":"","overlay-type":"","overlay-color":"","overlay-opacity":"","overlay-gradient":""},"tablet":{"background-color":"","background-image":"","background-repeat":"repeat","background-position":"center center","background-size":"auto","background-attachment":"scroll","background-type":"","background-media":"","overlay-type":"","overlay-color":"","overlay-opacity":"","overlay-gradient":""},"mobile":{"background-color":"","background-image":"","background-repeat":"repeat","background-position":"center center","background-size":"auto","background-attachment":"scroll","background-type":"","background-media":"","overlay-type":"","overlay-color":"","overlay-opacity":"","overlay-gradient":""}},"ast-content-background-meta":{"desktop":{"background-color":"var(--ast-global-color-5)","background-image":"","background-repeat":"repeat","background-position":"center center","background-size":"auto","background-attachment":"scroll","background-type":"","background-media":"","overlay-type":"","overlay-color":"","overlay-opacity":"","overlay-gradient":""},"tablet":{"background-color":"var(--ast-global-color-5)","background-image":"","background-repeat":"repeat","background-position":"center center","background-size":"auto","background-attachment":"scroll","background-type":"","background-media":"","overlay-type":"","overlay-color":"","overlay-opacity":"","overlay-gradient":""},"mobile":{"background-color":"var(--ast-global-color-5)","background-image":"","background-repeat":"repeat","background-position":"center center","background-size":"auto","background-attachment":"scroll","background-type":"","background-media":"","overlay-type":"","overlay-color":"","overlay-opacity":"","overlay-gradient":""}},"footnotes":""},"class_list":["post-28490","page","type-page","status-publish","hentry"],"yoast_head":"<!-- This site is optimized with the Yoast SEO plugin v27.4 - https:\/\/yoast.com\/product\/yoast-seo-wordpress\/ -->\n<title>YORJA Bolsas para Excrementos de Perro | Mundo Animalito<\/title>\n<meta name=\"description\" content=\"YORJA Bolsas para Excrementos de Perro,24 Rollos\/360 Unidades,Extra grueso,fuerte y a Prueba de Fugas Biodegradable Bolsas para Caca de Perro\" \/>\n<meta name=\"robots\" content=\"index, follow, max-snippet:-1, max-image-preview:large, max-video-preview:-1\" \/>\n<link rel=\"canonical\" href=\"https:\/\/mundoanimalito.com\/index.php\/yorja-bolsas-para-excrementos-de-perro24-rollos-360-unidades\/\" \/>\n<meta property=\"og:locale\" content=\"es_ES\" \/>\n<meta property=\"og:type\" content=\"article\" \/>\n<meta property=\"og:title\" content=\"YORJA Bolsas para Excrementos de Perro | Mundo Animalito\" \/>\n<meta property=\"og:description\" content=\"YORJA Bolsas para Excrementos de Perro,24 Rollos\/360 Unidades,Extra grueso,fuerte y a Prueba de Fugas Biodegradable Bolsas para Caca de Perro\" \/>\n<meta property=\"og:url\" content=\"https:\/\/mundoanimalito.com\/index.php\/yorja-bolsas-para-excrementos-de-perro24-rollos-360-unidades\/\" \/>\n<meta property=\"og:site_name\" content=\"Mundo Animalito\" \/>\n<meta property=\"article:publisher\" content=\"https:\/\/www.facebook.com\/mundoanimalito77\" \/>\n<meta property=\"article:modified_time\" content=\"2024-09-23T19:25:03+00:00\" \/>\n<meta property=\"og:image\" content=\"https:\/\/mundoanimalito.com\/wp-content\/uploads\/2024\/04\/8170cWPS6qL._AC_SL1500_-1024x961.jpg\" \/>\n<meta name=\"twitter:card\" content=\"summary_large_image\" \/>\n<meta name=\"twitter:label1\" content=\"Tiempo de lectura\" \/>\n\t<meta name=\"twitter:data1\" content=\"3 minutos\" \/>\n<script type=\"application\/ld+json\" class=\"yoast-schema-graph\">{\"@context\":\"https:\\\/\\\/schema.org\",\"@graph\":[{\"@type\":\"WebPage\",\"@id\":\"https:\\\/\\\/mundoanimalito.com\\\/index.php\\\/yorja-bolsas-para-excrementos-de-perro24-rollos-360-unidades\\\/\",\"url\":\"https:\\\/\\\/mundoanimalito.com\\\/index.php\\\/yorja-bolsas-para-excrementos-de-perro24-rollos-360-unidades\\\/\",\"name\":\"YORJA Bolsas para Excrementos de Perro | Mundo Animalito\",\"isPartOf\":{\"@id\":\"https:\\\/\\\/mundoanimalito.com\\\/#website\"},\"primaryImageOfPage\":{\"@id\":\"https:\\\/\\\/mundoanimalito.com\\\/index.php\\\/yorja-bolsas-para-excrementos-de-perro24-rollos-360-unidades\\\/#primaryimage\"},\"image\":{\"@id\":\"https:\\\/\\\/mundoanimalito.com\\\/index.php\\\/yorja-bolsas-para-excrementos-de-perro24-rollos-360-unidades\\\/#primaryimage\"},\"thumbnailUrl\":\"https:\\\/\\\/mundoanimalito.com\\\/wp-content\\\/uploads\\\/2024\\\/04\\\/8170cWPS6qL._AC_SL1500_-1024x961.jpg\",\"datePublished\":\"2024-04-25T14:48:07+00:00\",\"dateModified\":\"2024-09-23T19:25:03+00:00\",\"description\":\"YORJA Bolsas para Excrementos de Perro,24 Rollos\\\/360 Unidades,Extra grueso,fuerte y a Prueba de Fugas Biodegradable Bolsas para Caca de Perro\",\"breadcrumb\":{\"@id\":\"https:\\\/\\\/mundoanimalito.com\\\/index.php\\\/yorja-bolsas-para-excrementos-de-perro24-rollos-360-unidades\\\/#breadcrumb\"},\"inLanguage\":\"es\",\"potentialAction\":[{\"@type\":\"ReadAction\",\"target\":[\"https:\\\/\\\/mundoanimalito.com\\\/index.php\\\/yorja-bolsas-para-excrementos-de-perro24-rollos-360-unidades\\\/\"]}]},{\"@type\":\"ImageObject\",\"inLanguage\":\"es\",\"@id\":\"https:\\\/\\\/mundoanimalito.com\\\/index.php\\\/yorja-bolsas-para-excrementos-de-perro24-rollos-360-unidades\\\/#primaryimage\",\"url\":\"https:\\\/\\\/mundoanimalito.com\\\/wp-content\\\/uploads\\\/2024\\\/04\\\/8170cWPS6qL._AC_SL1500_.jpg\",\"contentUrl\":\"https:\\\/\\\/mundoanimalito.com\\\/wp-content\\\/uploads\\\/2024\\\/04\\\/8170cWPS6qL._AC_SL1500_.jpg\",\"width\":1500,\"height\":1407,\"caption\":\"YORJA Bolsas para Excrementos de Perro,24 Rollos\\\/360 Unidades,Extra grueso,fuerte y a Prueba de Fugas Biodegradable Bolsas para Caca de Perro\"},{\"@type\":\"BreadcrumbList\",\"@id\":\"https:\\\/\\\/mundoanimalito.com\\\/index.php\\\/yorja-bolsas-para-excrementos-de-perro24-rollos-360-unidades\\\/#breadcrumb\",\"itemListElement\":[{\"@type\":\"ListItem\",\"position\":1,\"name\":\"Portada\",\"item\":\"https:\\\/\\\/mundoanimalito.com\\\/\"},{\"@type\":\"ListItem\",\"position\":2,\"name\":\"YORJA Bolsas para Excrementos de Perro,24 Rollos\\\/360 Unidades\"}]},{\"@type\":\"WebSite\",\"@id\":\"https:\\\/\\\/mundoanimalito.com\\\/#website\",\"url\":\"https:\\\/\\\/mundoanimalito.com\\\/\",\"name\":\"Mundo Animalito\",\"description\":\"Datos y curiosidades de los animales, encuentra ac\u00e1 todo para tu mascota\",\"publisher\":{\"@id\":\"https:\\\/\\\/mundoanimalito.com\\\/#organization\"},\"potentialAction\":[{\"@type\":\"SearchAction\",\"target\":{\"@type\":\"EntryPoint\",\"urlTemplate\":\"https:\\\/\\\/mundoanimalito.com\\\/?s={search_term_string}\"},\"query-input\":{\"@type\":\"PropertyValueSpecification\",\"valueRequired\":true,\"valueName\":\"search_term_string\"}}],\"inLanguage\":\"es\"},{\"@type\":\"Organization\",\"@id\":\"https:\\\/\\\/mundoanimalito.com\\\/#organization\",\"name\":\"Mundo Animalito\",\"url\":\"https:\\\/\\\/mundoanimalito.com\\\/\",\"logo\":{\"@type\":\"ImageObject\",\"inLanguage\":\"es\",\"@id\":\"https:\\\/\\\/mundoanimalito.com\\\/#\\\/schema\\\/logo\\\/image\\\/\",\"url\":\"https:\\\/\\\/mundoanimalito.com\\\/wp-content\\\/uploads\\\/2023\\\/10\\\/cropped-cropped-LOGO-OFICIAL-ULTIMA-VERSION-1.jpg\",\"contentUrl\":\"https:\\\/\\\/mundoanimalito.com\\\/wp-content\\\/uploads\\\/2023\\\/10\\\/cropped-cropped-LOGO-OFICIAL-ULTIMA-VERSION-1.jpg\",\"width\":374,\"height\":425,\"caption\":\"Mundo Animalito\"},\"image\":{\"@id\":\"https:\\\/\\\/mundoanimalito.com\\\/#\\\/schema\\\/logo\\\/image\\\/\"},\"sameAs\":[\"https:\\\/\\\/www.facebook.com\\\/mundoanimalito77\",\"https:\\\/\\\/www.instagram.com\\\/mundoanimalito77\\\/\",\"https:\\\/\\\/www.tiktok.com\\\/@mundoanimalito77\",\"https:\\\/\\\/www.youtube.com\\\/channel\\\/UCLo2JhNUNtHVraDt5aHadew\"]}]}<\/script>\n<!-- \/ Yoast SEO plugin. -->","yoast_head_json":{"title":"YORJA Bolsas para Excrementos de Perro | Mundo Animalito","description":"YORJA Bolsas para Excrementos de Perro,24 Rollos\/360 Unidades,Extra grueso,fuerte y a Prueba de Fugas Biodegradable Bolsas para Caca de Perro","robots":{"index":"index","follow":"follow","max-snippet":"max-snippet:-1","max-image-preview":"max-image-preview:large","max-video-preview":"max-video-preview:-1"},"canonical":"https:\/\/mundoanimalito.com\/index.php\/yorja-bolsas-para-excrementos-de-perro24-rollos-360-unidades\/","og_locale":"es_ES","og_type":"article","og_title":"YORJA Bolsas para Excrementos de Perro | Mundo Animalito","og_description":"YORJA Bolsas para Excrementos de Perro,24 Rollos\/360 Unidades,Extra grueso,fuerte y a Prueba de Fugas Biodegradable Bolsas para Caca de Perro","og_url":"https:\/\/mundoanimalito.com\/index.php\/yorja-bolsas-para-excrementos-de-perro24-rollos-360-unidades\/","og_site_name":"Mundo Animalito","article_publisher":"https:\/\/www.facebook.com\/mundoanimalito77","article_modified_time":"2024-09-23T19:25:03+00:00","og_image":[{"url":"https:\/\/mundoanimalito.com\/wp-content\/uploads\/2024\/04\/8170cWPS6qL._AC_SL1500_-1024x961.jpg","type":"","width":"","height":""}],"twitter_card":"summary_large_image","twitter_misc":{"Tiempo de lectura":"3 minutos"},"schema":{"@context":"https:\/\/schema.org","@graph":[{"@type":"WebPage","@id":"https:\/\/mundoanimalito.com\/index.php\/yorja-bolsas-para-excrementos-de-perro24-rollos-360-unidades\/","url":"https:\/\/mundoanimalito.com\/index.php\/yorja-bolsas-para-excrementos-de-perro24-rollos-360-unidades\/","name":"YORJA Bolsas para Excrementos de Perro | Mundo Animalito","isPartOf":{"@id":"https:\/\/mundoanimalito.com\/#website"},"primaryImageOfPage":{"@id":"https:\/\/mundoanimalito.com\/index.php\/yorja-bolsas-para-excrementos-de-perro24-rollos-360-unidades\/#primaryimage"},"image":{"@id":"https:\/\/mundoanimalito.com\/index.php\/yorja-bolsas-para-excrementos-de-perro24-rollos-360-unidades\/#primaryimage"},"thumbnailUrl":"https:\/\/mundoanimalito.com\/wp-content\/uploads\/2024\/04\/8170cWPS6qL._AC_SL1500_-1024x961.jpg","datePublished":"2024-04-25T14:48:07+00:00","dateModified":"2024-09-23T19:25:03+00:00","description":"YORJA Bolsas para Excrementos de Perro,24 Rollos\/360 Unidades,Extra grueso,fuerte y a Prueba de Fugas Biodegradable Bolsas para Caca de Perro","breadcrumb":{"@id":"https:\/\/mundoanimalito.com\/index.php\/yorja-bolsas-para-excrementos-de-perro24-rollos-360-unidades\/#breadcrumb"},"inLanguage":"es","potentialAction":[{"@type":"ReadAction","target":["https:\/\/mundoanimalito.com\/index.php\/yorja-bolsas-para-excrementos-de-perro24-rollos-360-unidades\/"]}]},{"@type":"ImageObject","inLanguage":"es","@id":"https:\/\/mundoanimalito.com\/index.php\/yorja-bolsas-para-excrementos-de-perro24-rollos-360-unidades\/#primaryimage","url":"https:\/\/mundoanimalito.com\/wp-content\/uploads\/2024\/04\/8170cWPS6qL._AC_SL1500_.jpg","contentUrl":"https:\/\/mundoanimalito.com\/wp-content\/uploads\/2024\/04\/8170cWPS6qL._AC_SL1500_.jpg","width":1500,"height":1407,"caption":"YORJA Bolsas para Excrementos de Perro,24 Rollos\/360 Unidades,Extra grueso,fuerte y a Prueba de Fugas Biodegradable Bolsas para Caca de Perro"},{"@type":"BreadcrumbList","@id":"https:\/\/mundoanimalito.com\/index.php\/yorja-bolsas-para-excrementos-de-perro24-rollos-360-unidades\/#breadcrumb","itemListElement":[{"@type":"ListItem","position":1,"name":"Portada","item":"https:\/\/mundoanimalito.com\/"},{"@type":"ListItem","position":2,"name":"YORJA Bolsas para Excrementos de Perro,24 Rollos\/360 Unidades"}]},{"@type":"WebSite","@id":"https:\/\/mundoanimalito.com\/#website","url":"https:\/\/mundoanimalito.com\/","name":"Mundo Animalito","description":"Datos y curiosidades de los animales, encuentra ac\u00e1 todo para tu mascota","publisher":{"@id":"https:\/\/mundoanimalito.com\/#organization"},"potentialAction":[{"@type":"SearchAction","target":{"@type":"EntryPoint","urlTemplate":"https:\/\/mundoanimalito.com\/?s={search_term_string}"},"query-input":{"@type":"PropertyValueSpecification","valueRequired":true,"valueName":"search_term_string"}}],"inLanguage":"es"},{"@type":"Organization","@id":"https:\/\/mundoanimalito.com\/#organization","name":"Mundo Animalito","url":"https:\/\/mundoanimalito.com\/","logo":{"@type":"ImageObject","inLanguage":"es","@id":"https:\/\/mundoanimalito.com\/#\/schema\/logo\/image\/","url":"https:\/\/mundoanimalito.com\/wp-content\/uploads\/2023\/10\/cropped-cropped-LOGO-OFICIAL-ULTIMA-VERSION-1.jpg","contentUrl":"https:\/\/mundoanimalito.com\/wp-content\/uploads\/2023\/10\/cropped-cropped-LOGO-OFICIAL-ULTIMA-VERSION-1.jpg","width":374,"height":425,"caption":"Mundo Animalito"},"image":{"@id":"https:\/\/mundoanimalito.com\/#\/schema\/logo\/image\/"},"sameAs":["https:\/\/www.facebook.com\/mundoanimalito77","https:\/\/www.instagram.com\/mundoanimalito77\/","https:\/\/www.tiktok.com\/@mundoanimalito77","https:\/\/www.youtube.com\/channel\/UCLo2JhNUNtHVraDt5aHadew"]}]}},"_links":{"self":[{"href":"https:\/\/mundoanimalito.com\/index.php\/wp-json\/wp\/v2\/pages\/28490","targetHints":{"allow":["GET"]}}],"collection":[{"href":"https:\/\/mundoanimalito.com\/index.php\/wp-json\/wp\/v2\/pages"}],"about":[{"href":"https:\/\/mundoanimalito.com\/index.php\/wp-json\/wp\/v2\/types\/page"}],"author":[{"embeddable":true,"href":"https:\/\/mundoanimalito.com\/index.php\/wp-json\/wp\/v2\/users\/1"}],"replies":[{"embeddable":true,"href":"https:\/\/mundoanimalito.com\/index.php\/wp-json\/wp\/v2\/comments?post=28490"}],"version-history":[{"count":0,"href":"https:\/\/mundoanimalito.com\/index.php\/wp-json\/wp\/v2\/pages\/28490\/revisions"}],"wp:attachment":[{"href":"https:\/\/mundoanimalito.com\/index.php\/wp-json\/wp\/v2\/media?parent=28490"}],"curies":[{"name":"wp","href":"https:\/\/api.w.org\/{rel}","templated":true}]}}