{"id":28305,"date":"2024-04-25T09:19:04","date_gmt":"2024-04-25T14:19:04","guid":{"rendered":"https:\/\/mundoanimalito.com\/?page_id=28305"},"modified":"2024-09-03T14:35:43","modified_gmt":"2024-09-03T19:35:43","slug":"amazon-basics-bolsas-para-excrementos-de-perro-con-dispensador-y-clip-para-correa","status":"publish","type":"page","link":"https:\/\/mundoanimalito.com\/index.php\/amazon-basics-bolsas-para-excrementos-de-perro-con-dispensador-y-clip-para-correa\/","title":{"rendered":"Amazon Basics Bolsas para excrementos de perro con dispensador y clip para correa"},"content":{"rendered":"\t\t<div data-elementor-type=\"wp-page\" data-elementor-id=\"28305\" class=\"elementor elementor-28305\" data-elementor-post-type=\"page\">\n\t\t\t\t<div class=\"elementor-element elementor-element-06eb306 e-flex e-con-boxed e-con e-parent\" data-id=\"06eb306\" data-element_type=\"container\" data-e-type=\"container\">\n\t\t\t\t\t<div class=\"e-con-inner\">\n\t\t\t\t<div class=\"elementor-element elementor-element-f7dd2df elementor-invisible elementor-widget elementor-widget-heading\" data-id=\"f7dd2df\" data-element_type=\"widget\" data-e-type=\"widget\" data-settings=\"{&quot;_animation&quot;:&quot;fadeInDown&quot;}\" data-widget_type=\"heading.default\">\n\t\t\t\t<div class=\"elementor-widget-container\">\n\t\t\t\t\t<h2 class=\"elementor-heading-title elementor-size-default\">Cuando sales a pasear con tu fiel compa\u00f1ero, la \u00faltima cosa que deseas es lidiar con la b\u00fasqueda fren\u00e9tica de bolsas para recoger sus necesidades. Con el pack de 600 bolsas para excrementos de perro de AmazonBasics, junto con su pr\u00e1ctico dispensador y clip para correa, tus paseos ser\u00e1n m\u00e1s relajados y libres de estr\u00e9s.<\/h2>\t\t\t\t<\/div>\n\t\t\t\t<\/div>\n\t\t\t\t\t<\/div>\n\t\t\t\t<\/div>\n\t\t<div class=\"elementor-element elementor-element-e17a1ed e-flex e-con-boxed e-con e-parent\" data-id=\"e17a1ed\" data-element_type=\"container\" data-e-type=\"container\">\n\t\t\t\t\t<div class=\"e-con-inner\">\n\t\t<div class=\"elementor-element elementor-element-d96757d e-con-full e-flex e-con e-child\" data-id=\"d96757d\" data-element_type=\"container\" data-e-type=\"container\">\n\t\t\t\t<div class=\"elementor-element elementor-element-9249dd3 elementor-widget elementor-widget-image\" data-id=\"9249dd3\" data-element_type=\"widget\" data-e-type=\"widget\" data-widget_type=\"image.default\">\n\t\t\t\t<div class=\"elementor-widget-container\">\n\t\t\t\t\t\t\t\t\t\t\t\t\t\t\t\t<a href=\"https:\/\/amzn.to\/3QgTHrG\" target=\"_blank\">\n\t\t\t\t\t\t\t<img fetchpriority=\"high\" decoding=\"async\" width=\"1024\" height=\"522\" src=\"https:\/\/mundoanimalito.com\/wp-content\/uploads\/2024\/04\/0000-10-1024x522.jpg\" class=\"attachment-large size-large wp-image-28295\" alt=\"Amazon Basics Bolsas para excrementos de perro con dispensador y clip para correa, Sin fragancia, 600 Unidad, 40 Paquetes de 15 Visita la tienda de Amazon Basics\" srcset=\"https:\/\/mundoanimalito.com\/wp-content\/uploads\/2024\/04\/0000-10-1024x522.jpg 1024w, https:\/\/mundoanimalito.com\/wp-content\/uploads\/2024\/04\/0000-10-300x153.jpg 300w, https:\/\/mundoanimalito.com\/wp-content\/uploads\/2024\/04\/0000-10-768x391.jpg 768w, https:\/\/mundoanimalito.com\/wp-content\/uploads\/2024\/04\/0000-10.jpg 1500w\" sizes=\"(max-width: 1024px) 100vw, 1024px\" \/>\t\t\t\t\t\t\t\t<\/a>\n\t\t\t\t\t\t\t\t\t\t\t\t\t\t\t<\/div>\n\t\t\t\t<\/div>\n\t\t\t\t<\/div>\n\t\t<div class=\"elementor-element elementor-element-ed15f9a e-con-full e-flex e-con e-child\" data-id=\"ed15f9a\" data-element_type=\"container\" data-e-type=\"container\">\n\t\t\t\t<div class=\"elementor-element elementor-element-162c493 elementor-widget elementor-widget-text-editor\" data-id=\"162c493\" data-element_type=\"widget\" data-e-type=\"widget\" data-widget_type=\"text-editor.default\">\n\t\t\t\t<div class=\"elementor-widget-container\">\n\t\t\t\t\t\t\t\t\t<p>\ud83d\udc3e <strong>Pr\u00e1ctico y Completo:<\/strong> Con 40 rollos que contienen 15 bolsas cada uno, tendr\u00e1s un suministro generoso de bolsas para excrementos que durar\u00e1n mucho tiempo. \u00a1Nunca m\u00e1s te encontrar\u00e1s sin bolsas en el momento crucial! Adem\u00e1s, el dispensador y el clip para correa te permiten llevar las bolsas de manera conveniente y sin esfuerzo, dej\u00e1ndote las manos libres para disfrutar del paseo.<\/p><p>\u00a0<\/p><p>\ud83d\udeb6 <strong>F\u00e1cil de Usar en Todo Momento:<\/strong> Los rollos son compatibles con dispensadores est\u00e1ndar, y las bolsas se separan f\u00e1cilmente con flechas que indican la apertura para un acceso r\u00e1pido. Adem\u00e1s, el dise\u00f1o antifugas garantiza un manejo higi\u00e9nico y seguro, mientras que las dimensiones adecuadas de cada bolsa proporcionan espacio suficiente para cubrir tu mano y recoger los excrementos sin problemas.<\/p>\t\t\t\t\t\t\t\t<\/div>\n\t\t\t\t<\/div>\n\t\t\t\t<\/div>\n\t\t\t\t\t<\/div>\n\t\t\t\t<\/div>\n\t\t<div class=\"elementor-element elementor-element-4505b3c e-flex e-con-boxed e-con e-parent\" data-id=\"4505b3c\" data-element_type=\"container\" data-e-type=\"container\">\n\t\t\t\t\t<div class=\"e-con-inner\">\n\t\t\t\t<div class=\"elementor-element elementor-element-4cfe47a elementor-widget elementor-widget-text-editor\" data-id=\"4cfe47a\" data-element_type=\"widget\" data-e-type=\"widget\" data-widget_type=\"text-editor.default\">\n\t\t\t\t<div class=\"elementor-widget-container\">\n\t\t\t\t\t\t\t\t\t<p>\ud83d\udc36 <strong>Ideal para Nuevos Due\u00f1os de Mascotas:<\/strong> Si acabas de adoptar un cachorro o si tienes un nuevo miembro peludo en la familia, estas bolsas para excrementos son un complemento esencial. Adem\u00e1s, son un regalo perfecto para amigos o familiares que tambi\u00e9n tienen perros. \u00a1Con estas bolsas, estar\u00e1n preparados para cualquier aventura al aire libre con sus queridos compa\u00f1eros caninos!<\/p><p>\u00a0<\/p><p>No dejes que la falta de bolsas arruine tus paseos con tu perro. \u00a1Haz clic ahora y aseg\u00farate de tener siempre a mano las Bolsas para Excrementos de Perro de AmazonBasics para una experiencia de paseo sin preocupaciones!<\/p>\t\t\t\t\t\t\t\t<\/div>\n\t\t\t\t<\/div>\n\t\t\t\t<div class=\"elementor-element elementor-element-ac5171e elementor-align-right elementor-widget elementor-widget-button\" data-id=\"ac5171e\" data-element_type=\"widget\" data-e-type=\"widget\" data-widget_type=\"button.default\">\n\t\t\t\t<div class=\"elementor-widget-container\">\n\t\t\t\t\t\t\t\t\t<div class=\"elementor-button-wrapper\">\n\t\t\t\t\t<a class=\"elementor-button elementor-button-link elementor-size-sm\" href=\"https:\/\/amzn.to\/3QgTHrG\" target=\"_blank\">\n\t\t\t\t\t\t<span class=\"elementor-button-content-wrapper\">\n\t\t\t\t\t\t\t\t\t<span class=\"elementor-button-text\">Compra ahora en Amazon<\/span>\n\t\t\t\t\t<\/span>\n\t\t\t\t\t<\/a>\n\t\t\t\t<\/div>\n\t\t\t\t\t\t\t\t<\/div>\n\t\t\t\t<\/div>\n\t\t\t\t\t<\/div>\n\t\t\t\t<\/div>\n\t\t<div class=\"elementor-element elementor-element-32e77f8 e-flex e-con-boxed e-con e-parent\" data-id=\"32e77f8\" data-element_type=\"container\" data-e-type=\"container\">\n\t\t\t\t\t<div class=\"e-con-inner\">\n\t\t\t\t<div class=\"elementor-element elementor-element-739ec49 elementor-arrows-position-inside elementor-pagination-position-outside elementor-widget elementor-widget-image-carousel\" data-id=\"739ec49\" data-element_type=\"widget\" data-e-type=\"widget\" data-settings=\"{&quot;slides_to_show&quot;:&quot;1&quot;,&quot;navigation&quot;:&quot;both&quot;,&quot;autoplay&quot;:&quot;yes&quot;,&quot;pause_on_hover&quot;:&quot;yes&quot;,&quot;pause_on_interaction&quot;:&quot;yes&quot;,&quot;autoplay_speed&quot;:5000,&quot;infinite&quot;:&quot;yes&quot;,&quot;effect&quot;:&quot;slide&quot;,&quot;speed&quot;:500}\" data-widget_type=\"image-carousel.default\">\n\t\t\t\t<div class=\"elementor-widget-container\">\n\t\t\t\t\t\t\t<div class=\"elementor-image-carousel-wrapper swiper\" role=\"region\" aria-roledescription=\"carousel\" aria-label=\"Carrusel de im\u00e1genes\" dir=\"ltr\">\n\t\t\t<div class=\"elementor-image-carousel swiper-wrapper\" aria-live=\"off\">\n\t\t\t\t\t\t\t\t<div class=\"swiper-slide\" role=\"group\" aria-roledescription=\"slide\" aria-label=\"1 de 5\"><figure class=\"swiper-slide-inner\"><img decoding=\"async\" class=\"swiper-slide-image\" src=\"https:\/\/mundoanimalito.com\/wp-content\/uploads\/2024\/04\/61YiVPsHHNL._AC_SL1500_-768x625.jpg\" alt=\"Amazon Basics Bolsas para excrementos de perro con dispensador y clip para correa, Sin fragancia, 600 Unidad, 40 Paquetes de 15\" \/><\/figure><\/div><div class=\"swiper-slide\" role=\"group\" aria-roledescription=\"slide\" aria-label=\"2 de 5\"><figure class=\"swiper-slide-inner\"><img decoding=\"async\" class=\"swiper-slide-image\" src=\"https:\/\/mundoanimalito.com\/wp-content\/uploads\/2024\/04\/81UP9h5aGL._AC_SL1500_-768x769.jpg\" alt=\"Amazon Basics Bolsas para excrementos de perro con dispensador y clip para correa, Sin fragancia, 600 Unidad, 40 Paquetes de 15\" \/><\/figure><\/div><div class=\"swiper-slide\" role=\"group\" aria-roledescription=\"slide\" aria-label=\"3 de 5\"><figure class=\"swiper-slide-inner\"><img decoding=\"async\" class=\"swiper-slide-image\" src=\"https:\/\/mundoanimalito.com\/wp-content\/uploads\/2024\/04\/71h8saFAZuL._AC_SL1500_-768x729.jpg\" alt=\"Amazon Basics Bolsas para excrementos de perro con dispensador y clip para correa, Sin fragancia, 600 Unidad, 40 Paquetes de 15\" \/><\/figure><\/div><div class=\"swiper-slide\" role=\"group\" aria-roledescription=\"slide\" aria-label=\"4 de 5\"><figure class=\"swiper-slide-inner\"><img decoding=\"async\" class=\"swiper-slide-image\" src=\"https:\/\/mundoanimalito.com\/wp-content\/uploads\/2024\/04\/81i34OkQlRL._AC_SL1500_-768x997.jpg\" alt=\"Amazon Basics Bolsas para excrementos de perro con dispensador y clip para correa, Sin fragancia, 600 Unidad, 40 Paquetes de 15\" \/><\/figure><\/div><div class=\"swiper-slide\" role=\"group\" aria-roledescription=\"slide\" aria-label=\"5 de 5\"><figure class=\"swiper-slide-inner\"><img decoding=\"async\" class=\"swiper-slide-image\" src=\"https:\/\/mundoanimalito.com\/wp-content\/uploads\/2024\/04\/71PuEAP9C4L._AC_SL1500_-768x1019.jpg\" alt=\"Amazon Basics Bolsas para excrementos de perro con dispensador y clip para correa, Sin fragancia, 600 Unidad, 40 Paquetes de 15\" \/><\/figure><\/div>\t\t\t<\/div>\n\t\t\t\t\t\t\t\t\t\t\t\t<div class=\"elementor-swiper-button elementor-swiper-button-prev\" role=\"button\" tabindex=\"0\">\n\t\t\t\t\t\t<i aria-hidden=\"true\" class=\"eicon-chevron-left\"><\/i>\t\t\t\t\t<\/div>\n\t\t\t\t\t<div class=\"elementor-swiper-button elementor-swiper-button-next\" role=\"button\" tabindex=\"0\">\n\t\t\t\t\t\t<i aria-hidden=\"true\" class=\"eicon-chevron-right\"><\/i>\t\t\t\t\t<\/div>\n\t\t\t\t\n\t\t\t\t\t\t\t\t\t<div class=\"swiper-pagination\"><\/div>\n\t\t\t\t\t\t\t\t\t<\/div>\n\t\t\t\t\t\t<\/div>\n\t\t\t\t<\/div>\n\t\t\t\t\t<\/div>\n\t\t\t\t<\/div>\n\t\t<div class=\"elementor-element elementor-element-a2fcd73 e-flex e-con-boxed e-con e-parent\" data-id=\"a2fcd73\" data-element_type=\"container\" data-e-type=\"container\">\n\t\t\t\t\t<div class=\"e-con-inner\">\n\t\t\t\t<div class=\"elementor-element elementor-element-20a1dee elementor-align-right elementor-widget elementor-widget-button\" data-id=\"20a1dee\" data-element_type=\"widget\" data-e-type=\"widget\" data-widget_type=\"button.default\">\n\t\t\t\t<div class=\"elementor-widget-container\">\n\t\t\t\t\t\t\t\t\t<div class=\"elementor-button-wrapper\">\n\t\t\t\t\t<a class=\"elementor-button elementor-button-link elementor-size-sm\" href=\"https:\/\/amzn.to\/3QgTHrG\" target=\"_blank\">\n\t\t\t\t\t\t<span class=\"elementor-button-content-wrapper\">\n\t\t\t\t\t\t\t\t\t<span class=\"elementor-button-text\">Compra ahora en Amazon<\/span>\n\t\t\t\t\t<\/span>\n\t\t\t\t\t<\/a>\n\t\t\t\t<\/div>\n\t\t\t\t\t\t\t\t<\/div>\n\t\t\t\t<\/div>\n\t\t\t\t\t<\/div>\n\t\t\t\t<\/div>\n\t\t\t\t<\/div>\n\t\t","protected":false},"excerpt":{"rendered":"<p>Cuando sales a pasear con tu fiel compa\u00f1ero, la \u00faltima cosa que deseas es lidiar con la b\u00fasqueda fren\u00e9tica de bolsas para recoger sus necesidades. Con el pack de 600 bolsas para excrementos de perro de AmazonBasics, junto con su pr\u00e1ctico dispensador y clip para correa, tus paseos ser\u00e1n m\u00e1s relajados y libres de estr\u00e9s. [&hellip;]<\/p>\n","protected":false},"author":1,"featured_media":0,"parent":0,"menu_order":0,"comment_status":"closed","ping_status":"closed","template":"","meta":{"site-sidebar-layout":"no-sidebar","site-content-layout":"page-builder","ast-site-content-layout":"full-width-container","site-content-style":"default","site-sidebar-style":"default","ast-global-header-display":"","ast-banner-title-visibility":"","ast-main-header-display":"","ast-hfb-above-header-display":"","ast-hfb-below-header-display":"","ast-hfb-mobile-header-display":"","site-post-title":"disabled","ast-breadcrumbs-content":"","ast-featured-img":"disabled","footer-sml-layout":"","ast-disable-related-posts":"","theme-transparent-header-meta":"","adv-header-id-meta":"","stick-header-meta":"","header-above-stick-meta":"","header-main-stick-meta":"","header-below-stick-meta":"","astra-migrate-meta-layouts":"set","ast-page-background-enabled":"default","ast-page-background-meta":{"desktop":{"background-color":"var(--ast-global-color-4)","background-image":"","background-repeat":"repeat","background-position":"center center","background-size":"auto","background-attachment":"scroll","background-type":"","background-media":"","overlay-type":"","overlay-color":"","overlay-opacity":"","overlay-gradient":""},"tablet":{"background-color":"","background-image":"","background-repeat":"repeat","background-position":"center center","background-size":"auto","background-attachment":"scroll","background-type":"","background-media":"","overlay-type":"","overlay-color":"","overlay-opacity":"","overlay-gradient":""},"mobile":{"background-color":"","background-image":"","background-repeat":"repeat","background-position":"center center","background-size":"auto","background-attachment":"scroll","background-type":"","background-media":"","overlay-type":"","overlay-color":"","overlay-opacity":"","overlay-gradient":""}},"ast-content-background-meta":{"desktop":{"background-color":"var(--ast-global-color-5)","background-image":"","background-repeat":"repeat","background-position":"center center","background-size":"auto","background-attachment":"scroll","background-type":"","background-media":"","overlay-type":"","overlay-color":"","overlay-opacity":"","overlay-gradient":""},"tablet":{"background-color":"var(--ast-global-color-5)","background-image":"","background-repeat":"repeat","background-position":"center center","background-size":"auto","background-attachment":"scroll","background-type":"","background-media":"","overlay-type":"","overlay-color":"","overlay-opacity":"","overlay-gradient":""},"mobile":{"background-color":"var(--ast-global-color-5)","background-image":"","background-repeat":"repeat","background-position":"center center","background-size":"auto","background-attachment":"scroll","background-type":"","background-media":"","overlay-type":"","overlay-color":"","overlay-opacity":"","overlay-gradient":""}},"footnotes":""},"class_list":["post-28305","page","type-page","status-publish","hentry"],"yoast_head":"<!-- This site is optimized with the Yoast SEO plugin v27.4 - https:\/\/yoast.com\/product\/yoast-seo-wordpress\/ -->\n<title>Bolsas para Excrementos de Perro con Dispensador | Mundo Animalito<\/title>\n<meta name=\"description\" content=\"Amazon Basics Bolsas para excrementos de perro con dispensador y clip para correa, Sin fragancia, 600 Unidad, 40 Paquetes de 15\" \/>\n<meta name=\"robots\" content=\"index, follow, max-snippet:-1, max-image-preview:large, max-video-preview:-1\" \/>\n<link rel=\"canonical\" href=\"https:\/\/mundoanimalito.com\/index.php\/amazon-basics-bolsas-para-excrementos-de-perro-con-dispensador-y-clip-para-correa\/\" \/>\n<meta property=\"og:locale\" content=\"es_ES\" \/>\n<meta property=\"og:type\" content=\"article\" \/>\n<meta property=\"og:title\" content=\"Bolsas para Excrementos de Perro con Dispensador | Mundo Animalito\" \/>\n<meta property=\"og:description\" content=\"Amazon Basics Bolsas para excrementos de perro con dispensador y clip para correa, Sin fragancia, 600 Unidad, 40 Paquetes de 15\" \/>\n<meta property=\"og:url\" content=\"https:\/\/mundoanimalito.com\/index.php\/amazon-basics-bolsas-para-excrementos-de-perro-con-dispensador-y-clip-para-correa\/\" \/>\n<meta property=\"og:site_name\" content=\"Mundo Animalito\" \/>\n<meta property=\"article:publisher\" content=\"https:\/\/www.facebook.com\/mundoanimalito77\" \/>\n<meta property=\"article:modified_time\" content=\"2024-09-03T19:35:43+00:00\" \/>\n<meta property=\"og:image\" content=\"https:\/\/mundoanimalito.com\/wp-content\/uploads\/2024\/04\/0000-10-1024x522.jpg\" \/>\n<meta name=\"twitter:card\" content=\"summary_large_image\" \/>\n<meta name=\"twitter:label1\" content=\"Tiempo de lectura\" \/>\n\t<meta name=\"twitter:data1\" content=\"3 minutos\" \/>\n<script type=\"application\/ld+json\" class=\"yoast-schema-graph\">{\"@context\":\"https:\\\/\\\/schema.org\",\"@graph\":[{\"@type\":\"WebPage\",\"@id\":\"https:\\\/\\\/mundoanimalito.com\\\/index.php\\\/amazon-basics-bolsas-para-excrementos-de-perro-con-dispensador-y-clip-para-correa\\\/\",\"url\":\"https:\\\/\\\/mundoanimalito.com\\\/index.php\\\/amazon-basics-bolsas-para-excrementos-de-perro-con-dispensador-y-clip-para-correa\\\/\",\"name\":\"Bolsas para Excrementos de Perro con Dispensador | Mundo Animalito\",\"isPartOf\":{\"@id\":\"https:\\\/\\\/mundoanimalito.com\\\/#website\"},\"primaryImageOfPage\":{\"@id\":\"https:\\\/\\\/mundoanimalito.com\\\/index.php\\\/amazon-basics-bolsas-para-excrementos-de-perro-con-dispensador-y-clip-para-correa\\\/#primaryimage\"},\"image\":{\"@id\":\"https:\\\/\\\/mundoanimalito.com\\\/index.php\\\/amazon-basics-bolsas-para-excrementos-de-perro-con-dispensador-y-clip-para-correa\\\/#primaryimage\"},\"thumbnailUrl\":\"https:\\\/\\\/mundoanimalito.com\\\/wp-content\\\/uploads\\\/2024\\\/04\\\/0000-10-1024x522.jpg\",\"datePublished\":\"2024-04-25T14:19:04+00:00\",\"dateModified\":\"2024-09-03T19:35:43+00:00\",\"description\":\"Amazon Basics Bolsas para excrementos de perro con dispensador y clip para correa, Sin fragancia, 600 Unidad, 40 Paquetes de 15\",\"breadcrumb\":{\"@id\":\"https:\\\/\\\/mundoanimalito.com\\\/index.php\\\/amazon-basics-bolsas-para-excrementos-de-perro-con-dispensador-y-clip-para-correa\\\/#breadcrumb\"},\"inLanguage\":\"es\",\"potentialAction\":[{\"@type\":\"ReadAction\",\"target\":[\"https:\\\/\\\/mundoanimalito.com\\\/index.php\\\/amazon-basics-bolsas-para-excrementos-de-perro-con-dispensador-y-clip-para-correa\\\/\"]}]},{\"@type\":\"ImageObject\",\"inLanguage\":\"es\",\"@id\":\"https:\\\/\\\/mundoanimalito.com\\\/index.php\\\/amazon-basics-bolsas-para-excrementos-de-perro-con-dispensador-y-clip-para-correa\\\/#primaryimage\",\"url\":\"https:\\\/\\\/mundoanimalito.com\\\/wp-content\\\/uploads\\\/2024\\\/04\\\/0000-10.jpg\",\"contentUrl\":\"https:\\\/\\\/mundoanimalito.com\\\/wp-content\\\/uploads\\\/2024\\\/04\\\/0000-10.jpg\",\"width\":1500,\"height\":764,\"caption\":\"Amazon Basics Bolsas para excrementos de perro con dispensador y clip para correa, Sin fragancia, 600 Unidad, 40 Paquetes de 15 Visita la tienda de Amazon Basics\"},{\"@type\":\"BreadcrumbList\",\"@id\":\"https:\\\/\\\/mundoanimalito.com\\\/index.php\\\/amazon-basics-bolsas-para-excrementos-de-perro-con-dispensador-y-clip-para-correa\\\/#breadcrumb\",\"itemListElement\":[{\"@type\":\"ListItem\",\"position\":1,\"name\":\"Portada\",\"item\":\"https:\\\/\\\/mundoanimalito.com\\\/\"},{\"@type\":\"ListItem\",\"position\":2,\"name\":\"Amazon Basics Bolsas para excrementos de perro con dispensador y clip para correa\"}]},{\"@type\":\"WebSite\",\"@id\":\"https:\\\/\\\/mundoanimalito.com\\\/#website\",\"url\":\"https:\\\/\\\/mundoanimalito.com\\\/\",\"name\":\"Mundo Animalito\",\"description\":\"Datos y curiosidades de los animales, encuentra ac\u00e1 todo para tu mascota\",\"publisher\":{\"@id\":\"https:\\\/\\\/mundoanimalito.com\\\/#organization\"},\"potentialAction\":[{\"@type\":\"SearchAction\",\"target\":{\"@type\":\"EntryPoint\",\"urlTemplate\":\"https:\\\/\\\/mundoanimalito.com\\\/?s={search_term_string}\"},\"query-input\":{\"@type\":\"PropertyValueSpecification\",\"valueRequired\":true,\"valueName\":\"search_term_string\"}}],\"inLanguage\":\"es\"},{\"@type\":\"Organization\",\"@id\":\"https:\\\/\\\/mundoanimalito.com\\\/#organization\",\"name\":\"Mundo Animalito\",\"url\":\"https:\\\/\\\/mundoanimalito.com\\\/\",\"logo\":{\"@type\":\"ImageObject\",\"inLanguage\":\"es\",\"@id\":\"https:\\\/\\\/mundoanimalito.com\\\/#\\\/schema\\\/logo\\\/image\\\/\",\"url\":\"https:\\\/\\\/mundoanimalito.com\\\/wp-content\\\/uploads\\\/2023\\\/10\\\/cropped-cropped-LOGO-OFICIAL-ULTIMA-VERSION-1.jpg\",\"contentUrl\":\"https:\\\/\\\/mundoanimalito.com\\\/wp-content\\\/uploads\\\/2023\\\/10\\\/cropped-cropped-LOGO-OFICIAL-ULTIMA-VERSION-1.jpg\",\"width\":374,\"height\":425,\"caption\":\"Mundo Animalito\"},\"image\":{\"@id\":\"https:\\\/\\\/mundoanimalito.com\\\/#\\\/schema\\\/logo\\\/image\\\/\"},\"sameAs\":[\"https:\\\/\\\/www.facebook.com\\\/mundoanimalito77\",\"https:\\\/\\\/www.instagram.com\\\/mundoanimalito77\\\/\",\"https:\\\/\\\/www.tiktok.com\\\/@mundoanimalito77\",\"https:\\\/\\\/www.youtube.com\\\/channel\\\/UCLo2JhNUNtHVraDt5aHadew\"]}]}<\/script>\n<!-- \/ Yoast SEO plugin. -->","yoast_head_json":{"title":"Bolsas para Excrementos de Perro con Dispensador | Mundo Animalito","description":"Amazon Basics Bolsas para excrementos de perro con dispensador y clip para correa, Sin fragancia, 600 Unidad, 40 Paquetes de 15","robots":{"index":"index","follow":"follow","max-snippet":"max-snippet:-1","max-image-preview":"max-image-preview:large","max-video-preview":"max-video-preview:-1"},"canonical":"https:\/\/mundoanimalito.com\/index.php\/amazon-basics-bolsas-para-excrementos-de-perro-con-dispensador-y-clip-para-correa\/","og_locale":"es_ES","og_type":"article","og_title":"Bolsas para Excrementos de Perro con Dispensador | Mundo Animalito","og_description":"Amazon Basics Bolsas para excrementos de perro con dispensador y clip para correa, Sin fragancia, 600 Unidad, 40 Paquetes de 15","og_url":"https:\/\/mundoanimalito.com\/index.php\/amazon-basics-bolsas-para-excrementos-de-perro-con-dispensador-y-clip-para-correa\/","og_site_name":"Mundo Animalito","article_publisher":"https:\/\/www.facebook.com\/mundoanimalito77","article_modified_time":"2024-09-03T19:35:43+00:00","og_image":[{"url":"https:\/\/mundoanimalito.com\/wp-content\/uploads\/2024\/04\/0000-10-1024x522.jpg","type":"","width":"","height":""}],"twitter_card":"summary_large_image","twitter_misc":{"Tiempo de lectura":"3 minutos"},"schema":{"@context":"https:\/\/schema.org","@graph":[{"@type":"WebPage","@id":"https:\/\/mundoanimalito.com\/index.php\/amazon-basics-bolsas-para-excrementos-de-perro-con-dispensador-y-clip-para-correa\/","url":"https:\/\/mundoanimalito.com\/index.php\/amazon-basics-bolsas-para-excrementos-de-perro-con-dispensador-y-clip-para-correa\/","name":"Bolsas para Excrementos de Perro con Dispensador | Mundo Animalito","isPartOf":{"@id":"https:\/\/mundoanimalito.com\/#website"},"primaryImageOfPage":{"@id":"https:\/\/mundoanimalito.com\/index.php\/amazon-basics-bolsas-para-excrementos-de-perro-con-dispensador-y-clip-para-correa\/#primaryimage"},"image":{"@id":"https:\/\/mundoanimalito.com\/index.php\/amazon-basics-bolsas-para-excrementos-de-perro-con-dispensador-y-clip-para-correa\/#primaryimage"},"thumbnailUrl":"https:\/\/mundoanimalito.com\/wp-content\/uploads\/2024\/04\/0000-10-1024x522.jpg","datePublished":"2024-04-25T14:19:04+00:00","dateModified":"2024-09-03T19:35:43+00:00","description":"Amazon Basics Bolsas para excrementos de perro con dispensador y clip para correa, Sin fragancia, 600 Unidad, 40 Paquetes de 15","breadcrumb":{"@id":"https:\/\/mundoanimalito.com\/index.php\/amazon-basics-bolsas-para-excrementos-de-perro-con-dispensador-y-clip-para-correa\/#breadcrumb"},"inLanguage":"es","potentialAction":[{"@type":"ReadAction","target":["https:\/\/mundoanimalito.com\/index.php\/amazon-basics-bolsas-para-excrementos-de-perro-con-dispensador-y-clip-para-correa\/"]}]},{"@type":"ImageObject","inLanguage":"es","@id":"https:\/\/mundoanimalito.com\/index.php\/amazon-basics-bolsas-para-excrementos-de-perro-con-dispensador-y-clip-para-correa\/#primaryimage","url":"https:\/\/mundoanimalito.com\/wp-content\/uploads\/2024\/04\/0000-10.jpg","contentUrl":"https:\/\/mundoanimalito.com\/wp-content\/uploads\/2024\/04\/0000-10.jpg","width":1500,"height":764,"caption":"Amazon Basics Bolsas para excrementos de perro con dispensador y clip para correa, Sin fragancia, 600 Unidad, 40 Paquetes de 15 Visita la tienda de Amazon Basics"},{"@type":"BreadcrumbList","@id":"https:\/\/mundoanimalito.com\/index.php\/amazon-basics-bolsas-para-excrementos-de-perro-con-dispensador-y-clip-para-correa\/#breadcrumb","itemListElement":[{"@type":"ListItem","position":1,"name":"Portada","item":"https:\/\/mundoanimalito.com\/"},{"@type":"ListItem","position":2,"name":"Amazon Basics Bolsas para excrementos de perro con dispensador y clip para correa"}]},{"@type":"WebSite","@id":"https:\/\/mundoanimalito.com\/#website","url":"https:\/\/mundoanimalito.com\/","name":"Mundo Animalito","description":"Datos y curiosidades de los animales, encuentra ac\u00e1 todo para tu mascota","publisher":{"@id":"https:\/\/mundoanimalito.com\/#organization"},"potentialAction":[{"@type":"SearchAction","target":{"@type":"EntryPoint","urlTemplate":"https:\/\/mundoanimalito.com\/?s={search_term_string}"},"query-input":{"@type":"PropertyValueSpecification","valueRequired":true,"valueName":"search_term_string"}}],"inLanguage":"es"},{"@type":"Organization","@id":"https:\/\/mundoanimalito.com\/#organization","name":"Mundo Animalito","url":"https:\/\/mundoanimalito.com\/","logo":{"@type":"ImageObject","inLanguage":"es","@id":"https:\/\/mundoanimalito.com\/#\/schema\/logo\/image\/","url":"https:\/\/mundoanimalito.com\/wp-content\/uploads\/2023\/10\/cropped-cropped-LOGO-OFICIAL-ULTIMA-VERSION-1.jpg","contentUrl":"https:\/\/mundoanimalito.com\/wp-content\/uploads\/2023\/10\/cropped-cropped-LOGO-OFICIAL-ULTIMA-VERSION-1.jpg","width":374,"height":425,"caption":"Mundo Animalito"},"image":{"@id":"https:\/\/mundoanimalito.com\/#\/schema\/logo\/image\/"},"sameAs":["https:\/\/www.facebook.com\/mundoanimalito77","https:\/\/www.instagram.com\/mundoanimalito77\/","https:\/\/www.tiktok.com\/@mundoanimalito77","https:\/\/www.youtube.com\/channel\/UCLo2JhNUNtHVraDt5aHadew"]}]}},"_links":{"self":[{"href":"https:\/\/mundoanimalito.com\/index.php\/wp-json\/wp\/v2\/pages\/28305","targetHints":{"allow":["GET"]}}],"collection":[{"href":"https:\/\/mundoanimalito.com\/index.php\/wp-json\/wp\/v2\/pages"}],"about":[{"href":"https:\/\/mundoanimalito.com\/index.php\/wp-json\/wp\/v2\/types\/page"}],"author":[{"embeddable":true,"href":"https:\/\/mundoanimalito.com\/index.php\/wp-json\/wp\/v2\/users\/1"}],"replies":[{"embeddable":true,"href":"https:\/\/mundoanimalito.com\/index.php\/wp-json\/wp\/v2\/comments?post=28305"}],"version-history":[{"count":0,"href":"https:\/\/mundoanimalito.com\/index.php\/wp-json\/wp\/v2\/pages\/28305\/revisions"}],"wp:attachment":[{"href":"https:\/\/mundoanimalito.com\/index.php\/wp-json\/wp\/v2\/media?parent=28305"}],"curies":[{"name":"wp","href":"https:\/\/api.w.org\/{rel}","templated":true}]}}