{"id":28147,"date":"2024-04-25T08:27:54","date_gmt":"2024-04-25T13:27:54","guid":{"rendered":"https:\/\/mundoanimalito.com\/?page_id=28147"},"modified":"2024-09-09T08:16:08","modified_gmt":"2024-09-09T13:16:08","slug":"kong-flyer-frisbee-de-caucho-resistente-para-perros-grandes","status":"publish","type":"page","link":"https:\/\/mundoanimalito.com\/index.php\/kong-flyer-frisbee-de-caucho-resistente-para-perros-grandes\/","title":{"rendered":"KONG &#8211; Flyer &#8211; Frisbee de caucho resistente &#8211; Para Perros Grandes"},"content":{"rendered":"\t\t<div data-elementor-type=\"wp-page\" data-elementor-id=\"28147\" class=\"elementor elementor-28147\" data-elementor-post-type=\"page\">\n\t\t\t\t<div class=\"elementor-element elementor-element-067dfef e-flex e-con-boxed e-con e-parent\" data-id=\"067dfef\" data-element_type=\"container\" data-e-type=\"container\">\n\t\t\t\t\t<div class=\"e-con-inner\">\n\t\t\t\t<div class=\"elementor-element elementor-element-0f6dceb elementor-invisible elementor-widget elementor-widget-heading\" data-id=\"0f6dceb\" data-element_type=\"widget\" data-e-type=\"widget\" data-settings=\"{&quot;_animation&quot;:&quot;fadeInDown&quot;}\" data-widget_type=\"heading.default\">\n\t\t\t\t<div class=\"elementor-widget-container\">\n\t\t\t\t\t<h2 class=\"elementor-heading-title elementor-size-default\">\u00bfQuieres llevar el juego al siguiente nivel para tu perro grande? \u00a1El Frisbee KONG es la elecci\u00f3n perfecta para mantener a tu mejor amigo activo, feliz y saludable!<\/h2>\t\t\t\t<\/div>\n\t\t\t\t<\/div>\n\t\t\t\t\t<\/div>\n\t\t\t\t<\/div>\n\t\t<div class=\"elementor-element elementor-element-44da254 e-flex e-con-boxed e-con e-parent\" data-id=\"44da254\" data-element_type=\"container\" data-e-type=\"container\">\n\t\t\t\t\t<div class=\"e-con-inner\">\n\t\t<div class=\"elementor-element elementor-element-ee2f939 e-con-full e-flex e-con e-child\" data-id=\"ee2f939\" data-element_type=\"container\" data-e-type=\"container\">\n\t\t\t\t<div class=\"elementor-element elementor-element-fd7190b elementor-widget elementor-widget-image\" data-id=\"fd7190b\" data-element_type=\"widget\" data-e-type=\"widget\" data-widget_type=\"image.default\">\n\t\t\t\t<div class=\"elementor-widget-container\">\n\t\t\t\t\t\t\t\t\t\t\t\t\t\t\t\t<a href=\"https:\/\/amzn.to\/3Uzqo6y\" target=\"_blank\">\n\t\t\t\t\t\t\t<img fetchpriority=\"high\" decoding=\"async\" width=\"1024\" height=\"1024\" src=\"https:\/\/mundoanimalito.com\/wp-content\/uploads\/2024\/04\/00000-3-1024x1024.jpg\" class=\"attachment-large size-large wp-image-28125\" alt=\"KONG - Flyer - Frisbee de caucho resistente - Para Perros Grandes\" srcset=\"https:\/\/mundoanimalito.com\/wp-content\/uploads\/2024\/04\/00000-3-1024x1024.jpg 1024w, https:\/\/mundoanimalito.com\/wp-content\/uploads\/2024\/04\/00000-3-300x300.jpg 300w, https:\/\/mundoanimalito.com\/wp-content\/uploads\/2024\/04\/00000-3-150x150.jpg 150w, https:\/\/mundoanimalito.com\/wp-content\/uploads\/2024\/04\/00000-3-768x768.jpg 768w, https:\/\/mundoanimalito.com\/wp-content\/uploads\/2024\/04\/00000-3.jpg 1500w\" sizes=\"(max-width: 1024px) 100vw, 1024px\" \/>\t\t\t\t\t\t\t\t<\/a>\n\t\t\t\t\t\t\t\t\t\t\t\t\t\t\t<\/div>\n\t\t\t\t<\/div>\n\t\t\t\t<\/div>\n\t\t<div class=\"elementor-element elementor-element-2c6adf0 e-con-full e-flex e-con e-child\" data-id=\"2c6adf0\" data-element_type=\"container\" data-e-type=\"container\">\n\t\t\t\t<div class=\"elementor-element elementor-element-8421248 elementor-widget elementor-widget-text-editor\" data-id=\"8421248\" data-element_type=\"widget\" data-e-type=\"widget\" data-widget_type=\"text-editor.default\">\n\t\t\t\t<div class=\"elementor-widget-container\">\n\t\t\t\t\t\t\t\t\t<p>\u00a0<\/p><p>\ud83d\udc3e <strong>Diversi\u00f3n sin L\u00edmites:<\/strong> El Frisbee KONG est\u00e1 dise\u00f1ado para proporcionar horas interminables de diversi\u00f3n para tu perro grande. Su suave tacto de caucho natural hace que la captura sea suave y perdonadora, lo que significa m\u00e1s tiempo de juego y menos lesiones durante la recogida. \u00a1Dale a tu perro la emoci\u00f3n de perseguir y atrapar este Frisbee una y otra vez!<\/p><p>\u00a0<\/p><p>\ud83d\udcaa <strong>Ejercicio Saludable:<\/strong> Este juguete no solo es divertido, sino que tambi\u00e9n promueve el ejercicio saludable y satisface las necesidades instintivas de tu perro. Con el Frisbee KONG, puedes estar seguro de que tu mascota est\u00e1 recibiendo la actividad f\u00edsica necesaria para mantenerse en forma y feliz. \u00a1Anima a tu perro a correr, saltar y jugar al aire libre con este emocionante Frisbee!<\/p><p>\u00a0<\/p><p>\ud83e\uddb4 <strong>Durabilidad Inigualable:<\/strong> Con la f\u00f3rmula de caucho rojo natural KONG Classic, este Frisbee est\u00e1 dise\u00f1ado para durar. Es resistente y flexible, lo que lo hace perfecto para juegos vigorosos y capturas repetidas. \u00a1No te preocupes por reemplazar juguetes rotos o desgastados! Con el Frisbee KONG, puedes confiar en su durabilidad excepcional.<\/p>\t\t\t\t\t\t\t\t<\/div>\n\t\t\t\t<\/div>\n\t\t\t\t<\/div>\n\t\t\t\t\t<\/div>\n\t\t\t\t<\/div>\n\t\t<div class=\"elementor-element elementor-element-9b3a1c5 e-flex e-con-boxed e-con e-parent\" data-id=\"9b3a1c5\" data-element_type=\"container\" data-e-type=\"container\">\n\t\t\t\t\t<div class=\"e-con-inner\">\n\t\t\t\t<div class=\"elementor-element elementor-element-62499f5 elementor-widget elementor-widget-text-editor\" data-id=\"62499f5\" data-element_type=\"widget\" data-e-type=\"widget\" data-widget_type=\"text-editor.default\">\n\t\t\t\t<div class=\"elementor-widget-container\">\n\t\t\t\t\t\t\t\t\t<p>\ud83c\uddfa\ud83c\uddf8 <strong>Hecho en EE. UU.:<\/strong> El Frisbee KONG es fabricado en Estados Unidos con los m\u00e1s altos est\u00e1ndares de calidad. Puedes confiar en la excelencia y la seguridad de este producto para tu perro. \u00a1Ofrece a tu mascota lo mejor con un Frisbee hecho con cuidado y atenci\u00f3n en cada detalle!<\/p><p>\u00a0<\/p><p>\u00a1No esperes m\u00e1s para llevar la diversi\u00f3n al siguiente nivel con el Frisbee KONG para perros grandes! Haz clic ahora y br\u00edndale a tu mascota la experiencia de juego que se merece. \u00a1Dale a tu perro horas interminables de alegr\u00eda, ejercicio y aventura con el Frisbee KONG!<\/p>\t\t\t\t\t\t\t\t<\/div>\n\t\t\t\t<\/div>\n\t\t\t\t<div class=\"elementor-element elementor-element-d815d83 elementor-align-right elementor-widget elementor-widget-button\" data-id=\"d815d83\" data-element_type=\"widget\" data-e-type=\"widget\" data-widget_type=\"button.default\">\n\t\t\t\t<div class=\"elementor-widget-container\">\n\t\t\t\t\t\t\t\t\t<div class=\"elementor-button-wrapper\">\n\t\t\t\t\t<a class=\"elementor-button elementor-button-link elementor-size-sm\" href=\"https:\/\/amzn.to\/3Uzqo6y\" target=\"_blank\">\n\t\t\t\t\t\t<span class=\"elementor-button-content-wrapper\">\n\t\t\t\t\t\t\t\t\t<span class=\"elementor-button-text\">Compra ahora en Amazon<\/span>\n\t\t\t\t\t<\/span>\n\t\t\t\t\t<\/a>\n\t\t\t\t<\/div>\n\t\t\t\t\t\t\t\t<\/div>\n\t\t\t\t<\/div>\n\t\t\t\t\t<\/div>\n\t\t\t\t<\/div>\n\t\t<div class=\"elementor-element elementor-element-d932faf e-flex e-con-boxed e-con e-parent\" data-id=\"d932faf\" data-element_type=\"container\" data-e-type=\"container\">\n\t\t\t\t\t<div class=\"e-con-inner\">\n\t\t\t\t<div class=\"elementor-element elementor-element-b0af96b elementor-arrows-position-inside elementor-pagination-position-outside elementor-widget elementor-widget-image-carousel\" data-id=\"b0af96b\" data-element_type=\"widget\" data-e-type=\"widget\" data-settings=\"{&quot;slides_to_show&quot;:&quot;1&quot;,&quot;navigation&quot;:&quot;both&quot;,&quot;autoplay&quot;:&quot;yes&quot;,&quot;pause_on_hover&quot;:&quot;yes&quot;,&quot;pause_on_interaction&quot;:&quot;yes&quot;,&quot;autoplay_speed&quot;:5000,&quot;infinite&quot;:&quot;yes&quot;,&quot;effect&quot;:&quot;slide&quot;,&quot;speed&quot;:500}\" data-widget_type=\"image-carousel.default\">\n\t\t\t\t<div class=\"elementor-widget-container\">\n\t\t\t\t\t\t\t<div class=\"elementor-image-carousel-wrapper swiper\" role=\"region\" aria-roledescription=\"carousel\" aria-label=\"Carrusel de im\u00e1genes\" dir=\"ltr\">\n\t\t\t<div class=\"elementor-image-carousel swiper-wrapper\" aria-live=\"off\">\n\t\t\t\t\t\t\t\t<div class=\"swiper-slide\" role=\"group\" aria-roledescription=\"slide\" aria-label=\"1 de 5\"><figure class=\"swiper-slide-inner\"><img decoding=\"async\" class=\"swiper-slide-image\" src=\"https:\/\/mundoanimalito.com\/wp-content\/uploads\/2024\/04\/71A1Is4w38L._AC_SL1500_-768x761.jpg\" alt=\"KONG - Flyer - Frisbee de caucho resistente - Para Perros Grandes\" \/><\/figure><\/div><div class=\"swiper-slide\" role=\"group\" aria-roledescription=\"slide\" aria-label=\"2 de 5\"><figure class=\"swiper-slide-inner\"><img decoding=\"async\" class=\"swiper-slide-image\" src=\"https:\/\/mundoanimalito.com\/wp-content\/uploads\/2024\/04\/71BktpxSLOL._AC_SL1500_-768x832.jpg\" alt=\"KONG - Flyer - Frisbee de caucho resistente - Para Perros Grandes\" \/><\/figure><\/div><div class=\"swiper-slide\" role=\"group\" aria-roledescription=\"slide\" aria-label=\"3 de 5\"><figure class=\"swiper-slide-inner\"><img decoding=\"async\" class=\"swiper-slide-image\" src=\"https:\/\/mundoanimalito.com\/wp-content\/uploads\/2024\/04\/81W4xG9ATwL._AC_SL1500_-768x768.jpg\" alt=\"KONG - Flyer - Frisbee de caucho resistente - Para Perros Grandes\" \/><\/figure><\/div><div class=\"swiper-slide\" role=\"group\" aria-roledescription=\"slide\" aria-label=\"4 de 5\"><figure class=\"swiper-slide-inner\"><img decoding=\"async\" class=\"swiper-slide-image\" src=\"https:\/\/mundoanimalito.com\/wp-content\/uploads\/2024\/04\/61N2Os89qtL._AC_SL1500_-768x1158.jpg\" alt=\"KONG - Flyer - Frisbee de caucho resistente - Para Perros Grandes\" \/><\/figure><\/div><div class=\"swiper-slide\" role=\"group\" aria-roledescription=\"slide\" aria-label=\"5 de 5\"><figure class=\"swiper-slide-inner\"><img decoding=\"async\" class=\"swiper-slide-image\" src=\"https:\/\/mundoanimalito.com\/wp-content\/uploads\/2024\/04\/81aEBXs5ZL._AC_SL1500_-768x768.jpg\" alt=\"KONG - Flyer - Frisbee de caucho resistente - Para Perros Grandes\" \/><\/figure><\/div>\t\t\t<\/div>\n\t\t\t\t\t\t\t\t\t\t\t\t<div class=\"elementor-swiper-button elementor-swiper-button-prev\" role=\"button\" tabindex=\"0\">\n\t\t\t\t\t\t<i aria-hidden=\"true\" class=\"eicon-chevron-left\"><\/i>\t\t\t\t\t<\/div>\n\t\t\t\t\t<div class=\"elementor-swiper-button elementor-swiper-button-next\" role=\"button\" tabindex=\"0\">\n\t\t\t\t\t\t<i aria-hidden=\"true\" class=\"eicon-chevron-right\"><\/i>\t\t\t\t\t<\/div>\n\t\t\t\t\n\t\t\t\t\t\t\t\t\t<div class=\"swiper-pagination\"><\/div>\n\t\t\t\t\t\t\t\t\t<\/div>\n\t\t\t\t\t\t<\/div>\n\t\t\t\t<\/div>\n\t\t\t\t\t<\/div>\n\t\t\t\t<\/div>\n\t\t<div class=\"elementor-element elementor-element-97a9c5f e-flex e-con-boxed e-con e-parent\" data-id=\"97a9c5f\" data-element_type=\"container\" data-e-type=\"container\">\n\t\t\t\t\t<div class=\"e-con-inner\">\n\t\t\t\t<div class=\"elementor-element elementor-element-d26ac1b elementor-align-right elementor-widget elementor-widget-button\" data-id=\"d26ac1b\" data-element_type=\"widget\" data-e-type=\"widget\" data-widget_type=\"button.default\">\n\t\t\t\t<div class=\"elementor-widget-container\">\n\t\t\t\t\t\t\t\t\t<div class=\"elementor-button-wrapper\">\n\t\t\t\t\t<a class=\"elementor-button elementor-button-link elementor-size-sm\" href=\"https:\/\/amzn.to\/3Uzqo6y\" target=\"_blank\">\n\t\t\t\t\t\t<span class=\"elementor-button-content-wrapper\">\n\t\t\t\t\t\t\t\t\t<span class=\"elementor-button-text\">Compra ahora en Amazon<\/span>\n\t\t\t\t\t<\/span>\n\t\t\t\t\t<\/a>\n\t\t\t\t<\/div>\n\t\t\t\t\t\t\t\t<\/div>\n\t\t\t\t<\/div>\n\t\t\t\t\t<\/div>\n\t\t\t\t<\/div>\n\t\t\t\t<\/div>\n\t\t","protected":false},"excerpt":{"rendered":"<p>\u00bfQuieres llevar el juego al siguiente nivel para tu perro grande? \u00a1El Frisbee KONG es la elecci\u00f3n perfecta para mantener a tu mejor amigo activo, feliz y saludable! \u00a0 \ud83d\udc3e Diversi\u00f3n sin L\u00edmites: El Frisbee KONG est\u00e1 dise\u00f1ado para proporcionar horas interminables de diversi\u00f3n para tu perro grande. Su suave tacto de caucho natural hace [&hellip;]<\/p>\n","protected":false},"author":1,"featured_media":0,"parent":0,"menu_order":0,"comment_status":"closed","ping_status":"closed","template":"","meta":{"site-sidebar-layout":"no-sidebar","site-content-layout":"page-builder","ast-site-content-layout":"full-width-container","site-content-style":"default","site-sidebar-style":"default","ast-global-header-display":"","ast-banner-title-visibility":"","ast-main-header-display":"","ast-hfb-above-header-display":"","ast-hfb-below-header-display":"","ast-hfb-mobile-header-display":"","site-post-title":"disabled","ast-breadcrumbs-content":"","ast-featured-img":"disabled","footer-sml-layout":"","ast-disable-related-posts":"","theme-transparent-header-meta":"","adv-header-id-meta":"","stick-header-meta":"","header-above-stick-meta":"","header-main-stick-meta":"","header-below-stick-meta":"","astra-migrate-meta-layouts":"set","ast-page-background-enabled":"default","ast-page-background-meta":{"desktop":{"background-color":"var(--ast-global-color-4)","background-image":"","background-repeat":"repeat","background-position":"center center","background-size":"auto","background-attachment":"scroll","background-type":"","background-media":"","overlay-type":"","overlay-color":"","overlay-opacity":"","overlay-gradient":""},"tablet":{"background-color":"","background-image":"","background-repeat":"repeat","background-position":"center center","background-size":"auto","background-attachment":"scroll","background-type":"","background-media":"","overlay-type":"","overlay-color":"","overlay-opacity":"","overlay-gradient":""},"mobile":{"background-color":"","background-image":"","background-repeat":"repeat","background-position":"center center","background-size":"auto","background-attachment":"scroll","background-type":"","background-media":"","overlay-type":"","overlay-color":"","overlay-opacity":"","overlay-gradient":""}},"ast-content-background-meta":{"desktop":{"background-color":"var(--ast-global-color-5)","background-image":"","background-repeat":"repeat","background-position":"center center","background-size":"auto","background-attachment":"scroll","background-type":"","background-media":"","overlay-type":"","overlay-color":"","overlay-opacity":"","overlay-gradient":""},"tablet":{"background-color":"var(--ast-global-color-5)","background-image":"","background-repeat":"repeat","background-position":"center center","background-size":"auto","background-attachment":"scroll","background-type":"","background-media":"","overlay-type":"","overlay-color":"","overlay-opacity":"","overlay-gradient":""},"mobile":{"background-color":"var(--ast-global-color-5)","background-image":"","background-repeat":"repeat","background-position":"center center","background-size":"auto","background-attachment":"scroll","background-type":"","background-media":"","overlay-type":"","overlay-color":"","overlay-opacity":"","overlay-gradient":""}},"footnotes":""},"class_list":["post-28147","page","type-page","status-publish","hentry"],"yoast_head":"<!-- This site is optimized with the Yoast SEO plugin v27.4 - https:\/\/yoast.com\/product\/yoast-seo-wordpress\/ -->\n<title>Frisbee de caucho Resistente Para Perros Grandes | Mundo Animalito<\/title>\n<meta name=\"description\" content=\"\u00bfQuieres llevar el juego al siguiente nivel para tu perro grande? \u00a1El Frisbee KONG es la elecci\u00f3n perfecta para mantener a tu mejor amigo activo, feliz y saludable!\" \/>\n<meta name=\"robots\" content=\"index, follow, max-snippet:-1, max-image-preview:large, max-video-preview:-1\" \/>\n<link rel=\"canonical\" href=\"https:\/\/mundoanimalito.com\/index.php\/kong-flyer-frisbee-de-caucho-resistente-para-perros-grandes\/\" \/>\n<meta property=\"og:locale\" content=\"es_ES\" \/>\n<meta property=\"og:type\" content=\"article\" \/>\n<meta property=\"og:title\" content=\"Frisbee de caucho Resistente Para Perros Grandes | Mundo Animalito\" \/>\n<meta property=\"og:description\" content=\"\u00bfQuieres llevar el juego al siguiente nivel para tu perro grande? \u00a1El Frisbee KONG es la elecci\u00f3n perfecta para mantener a tu mejor amigo activo, feliz y saludable!\" \/>\n<meta property=\"og:url\" content=\"https:\/\/mundoanimalito.com\/index.php\/kong-flyer-frisbee-de-caucho-resistente-para-perros-grandes\/\" \/>\n<meta property=\"og:site_name\" content=\"Mundo Animalito\" \/>\n<meta property=\"article:publisher\" content=\"https:\/\/www.facebook.com\/mundoanimalito77\" \/>\n<meta property=\"article:modified_time\" content=\"2024-09-09T13:16:08+00:00\" \/>\n<meta property=\"og:image\" content=\"https:\/\/mundoanimalito.com\/wp-content\/uploads\/2024\/04\/00000-3-1024x1024.jpg\" \/>\n<meta name=\"twitter:card\" content=\"summary_large_image\" \/>\n<meta name=\"twitter:label1\" content=\"Tiempo de lectura\" \/>\n\t<meta name=\"twitter:data1\" content=\"3 minutos\" \/>\n<script type=\"application\/ld+json\" class=\"yoast-schema-graph\">{\"@context\":\"https:\\\/\\\/schema.org\",\"@graph\":[{\"@type\":\"WebPage\",\"@id\":\"https:\\\/\\\/mundoanimalito.com\\\/index.php\\\/kong-flyer-frisbee-de-caucho-resistente-para-perros-grandes\\\/\",\"url\":\"https:\\\/\\\/mundoanimalito.com\\\/index.php\\\/kong-flyer-frisbee-de-caucho-resistente-para-perros-grandes\\\/\",\"name\":\"Frisbee de caucho Resistente Para Perros Grandes | Mundo Animalito\",\"isPartOf\":{\"@id\":\"https:\\\/\\\/mundoanimalito.com\\\/#website\"},\"primaryImageOfPage\":{\"@id\":\"https:\\\/\\\/mundoanimalito.com\\\/index.php\\\/kong-flyer-frisbee-de-caucho-resistente-para-perros-grandes\\\/#primaryimage\"},\"image\":{\"@id\":\"https:\\\/\\\/mundoanimalito.com\\\/index.php\\\/kong-flyer-frisbee-de-caucho-resistente-para-perros-grandes\\\/#primaryimage\"},\"thumbnailUrl\":\"https:\\\/\\\/mundoanimalito.com\\\/wp-content\\\/uploads\\\/2024\\\/04\\\/00000-3-1024x1024.jpg\",\"datePublished\":\"2024-04-25T13:27:54+00:00\",\"dateModified\":\"2024-09-09T13:16:08+00:00\",\"description\":\"\u00bfQuieres llevar el juego al siguiente nivel para tu perro grande? \u00a1El Frisbee KONG es la elecci\u00f3n perfecta para mantener a tu mejor amigo activo, feliz y saludable!\",\"breadcrumb\":{\"@id\":\"https:\\\/\\\/mundoanimalito.com\\\/index.php\\\/kong-flyer-frisbee-de-caucho-resistente-para-perros-grandes\\\/#breadcrumb\"},\"inLanguage\":\"es\",\"potentialAction\":[{\"@type\":\"ReadAction\",\"target\":[\"https:\\\/\\\/mundoanimalito.com\\\/index.php\\\/kong-flyer-frisbee-de-caucho-resistente-para-perros-grandes\\\/\"]}]},{\"@type\":\"ImageObject\",\"inLanguage\":\"es\",\"@id\":\"https:\\\/\\\/mundoanimalito.com\\\/index.php\\\/kong-flyer-frisbee-de-caucho-resistente-para-perros-grandes\\\/#primaryimage\",\"url\":\"https:\\\/\\\/mundoanimalito.com\\\/wp-content\\\/uploads\\\/2024\\\/04\\\/00000-3.jpg\",\"contentUrl\":\"https:\\\/\\\/mundoanimalito.com\\\/wp-content\\\/uploads\\\/2024\\\/04\\\/00000-3.jpg\",\"width\":1500,\"height\":1500,\"caption\":\"KONG - Flyer - Frisbee de caucho resistente - Para Perros Grandes\"},{\"@type\":\"BreadcrumbList\",\"@id\":\"https:\\\/\\\/mundoanimalito.com\\\/index.php\\\/kong-flyer-frisbee-de-caucho-resistente-para-perros-grandes\\\/#breadcrumb\",\"itemListElement\":[{\"@type\":\"ListItem\",\"position\":1,\"name\":\"Portada\",\"item\":\"https:\\\/\\\/mundoanimalito.com\\\/\"},{\"@type\":\"ListItem\",\"position\":2,\"name\":\"KONG &#8211; Flyer &#8211; Frisbee de caucho resistente &#8211; Para Perros Grandes\"}]},{\"@type\":\"WebSite\",\"@id\":\"https:\\\/\\\/mundoanimalito.com\\\/#website\",\"url\":\"https:\\\/\\\/mundoanimalito.com\\\/\",\"name\":\"Mundo Animalito\",\"description\":\"Datos y curiosidades de los animales, encuentra ac\u00e1 todo para tu mascota\",\"publisher\":{\"@id\":\"https:\\\/\\\/mundoanimalito.com\\\/#organization\"},\"potentialAction\":[{\"@type\":\"SearchAction\",\"target\":{\"@type\":\"EntryPoint\",\"urlTemplate\":\"https:\\\/\\\/mundoanimalito.com\\\/?s={search_term_string}\"},\"query-input\":{\"@type\":\"PropertyValueSpecification\",\"valueRequired\":true,\"valueName\":\"search_term_string\"}}],\"inLanguage\":\"es\"},{\"@type\":\"Organization\",\"@id\":\"https:\\\/\\\/mundoanimalito.com\\\/#organization\",\"name\":\"Mundo Animalito\",\"url\":\"https:\\\/\\\/mundoanimalito.com\\\/\",\"logo\":{\"@type\":\"ImageObject\",\"inLanguage\":\"es\",\"@id\":\"https:\\\/\\\/mundoanimalito.com\\\/#\\\/schema\\\/logo\\\/image\\\/\",\"url\":\"https:\\\/\\\/mundoanimalito.com\\\/wp-content\\\/uploads\\\/2023\\\/10\\\/cropped-cropped-LOGO-OFICIAL-ULTIMA-VERSION-1.jpg\",\"contentUrl\":\"https:\\\/\\\/mundoanimalito.com\\\/wp-content\\\/uploads\\\/2023\\\/10\\\/cropped-cropped-LOGO-OFICIAL-ULTIMA-VERSION-1.jpg\",\"width\":374,\"height\":425,\"caption\":\"Mundo Animalito\"},\"image\":{\"@id\":\"https:\\\/\\\/mundoanimalito.com\\\/#\\\/schema\\\/logo\\\/image\\\/\"},\"sameAs\":[\"https:\\\/\\\/www.facebook.com\\\/mundoanimalito77\",\"https:\\\/\\\/www.instagram.com\\\/mundoanimalito77\\\/\",\"https:\\\/\\\/www.tiktok.com\\\/@mundoanimalito77\",\"https:\\\/\\\/www.youtube.com\\\/channel\\\/UCLo2JhNUNtHVraDt5aHadew\"]}]}<\/script>\n<!-- \/ Yoast SEO plugin. -->","yoast_head_json":{"title":"Frisbee de caucho Resistente Para Perros Grandes | Mundo Animalito","description":"\u00bfQuieres llevar el juego al siguiente nivel para tu perro grande? \u00a1El Frisbee KONG es la elecci\u00f3n perfecta para mantener a tu mejor amigo activo, feliz y saludable!","robots":{"index":"index","follow":"follow","max-snippet":"max-snippet:-1","max-image-preview":"max-image-preview:large","max-video-preview":"max-video-preview:-1"},"canonical":"https:\/\/mundoanimalito.com\/index.php\/kong-flyer-frisbee-de-caucho-resistente-para-perros-grandes\/","og_locale":"es_ES","og_type":"article","og_title":"Frisbee de caucho Resistente Para Perros Grandes | Mundo Animalito","og_description":"\u00bfQuieres llevar el juego al siguiente nivel para tu perro grande? \u00a1El Frisbee KONG es la elecci\u00f3n perfecta para mantener a tu mejor amigo activo, feliz y saludable!","og_url":"https:\/\/mundoanimalito.com\/index.php\/kong-flyer-frisbee-de-caucho-resistente-para-perros-grandes\/","og_site_name":"Mundo Animalito","article_publisher":"https:\/\/www.facebook.com\/mundoanimalito77","article_modified_time":"2024-09-09T13:16:08+00:00","og_image":[{"url":"https:\/\/mundoanimalito.com\/wp-content\/uploads\/2024\/04\/00000-3-1024x1024.jpg","type":"","width":"","height":""}],"twitter_card":"summary_large_image","twitter_misc":{"Tiempo de lectura":"3 minutos"},"schema":{"@context":"https:\/\/schema.org","@graph":[{"@type":"WebPage","@id":"https:\/\/mundoanimalito.com\/index.php\/kong-flyer-frisbee-de-caucho-resistente-para-perros-grandes\/","url":"https:\/\/mundoanimalito.com\/index.php\/kong-flyer-frisbee-de-caucho-resistente-para-perros-grandes\/","name":"Frisbee de caucho Resistente Para Perros Grandes | Mundo Animalito","isPartOf":{"@id":"https:\/\/mundoanimalito.com\/#website"},"primaryImageOfPage":{"@id":"https:\/\/mundoanimalito.com\/index.php\/kong-flyer-frisbee-de-caucho-resistente-para-perros-grandes\/#primaryimage"},"image":{"@id":"https:\/\/mundoanimalito.com\/index.php\/kong-flyer-frisbee-de-caucho-resistente-para-perros-grandes\/#primaryimage"},"thumbnailUrl":"https:\/\/mundoanimalito.com\/wp-content\/uploads\/2024\/04\/00000-3-1024x1024.jpg","datePublished":"2024-04-25T13:27:54+00:00","dateModified":"2024-09-09T13:16:08+00:00","description":"\u00bfQuieres llevar el juego al siguiente nivel para tu perro grande? \u00a1El Frisbee KONG es la elecci\u00f3n perfecta para mantener a tu mejor amigo activo, feliz y saludable!","breadcrumb":{"@id":"https:\/\/mundoanimalito.com\/index.php\/kong-flyer-frisbee-de-caucho-resistente-para-perros-grandes\/#breadcrumb"},"inLanguage":"es","potentialAction":[{"@type":"ReadAction","target":["https:\/\/mundoanimalito.com\/index.php\/kong-flyer-frisbee-de-caucho-resistente-para-perros-grandes\/"]}]},{"@type":"ImageObject","inLanguage":"es","@id":"https:\/\/mundoanimalito.com\/index.php\/kong-flyer-frisbee-de-caucho-resistente-para-perros-grandes\/#primaryimage","url":"https:\/\/mundoanimalito.com\/wp-content\/uploads\/2024\/04\/00000-3.jpg","contentUrl":"https:\/\/mundoanimalito.com\/wp-content\/uploads\/2024\/04\/00000-3.jpg","width":1500,"height":1500,"caption":"KONG - Flyer - Frisbee de caucho resistente - Para Perros Grandes"},{"@type":"BreadcrumbList","@id":"https:\/\/mundoanimalito.com\/index.php\/kong-flyer-frisbee-de-caucho-resistente-para-perros-grandes\/#breadcrumb","itemListElement":[{"@type":"ListItem","position":1,"name":"Portada","item":"https:\/\/mundoanimalito.com\/"},{"@type":"ListItem","position":2,"name":"KONG &#8211; Flyer &#8211; Frisbee de caucho resistente &#8211; Para Perros Grandes"}]},{"@type":"WebSite","@id":"https:\/\/mundoanimalito.com\/#website","url":"https:\/\/mundoanimalito.com\/","name":"Mundo Animalito","description":"Datos y curiosidades de los animales, encuentra ac\u00e1 todo para tu mascota","publisher":{"@id":"https:\/\/mundoanimalito.com\/#organization"},"potentialAction":[{"@type":"SearchAction","target":{"@type":"EntryPoint","urlTemplate":"https:\/\/mundoanimalito.com\/?s={search_term_string}"},"query-input":{"@type":"PropertyValueSpecification","valueRequired":true,"valueName":"search_term_string"}}],"inLanguage":"es"},{"@type":"Organization","@id":"https:\/\/mundoanimalito.com\/#organization","name":"Mundo Animalito","url":"https:\/\/mundoanimalito.com\/","logo":{"@type":"ImageObject","inLanguage":"es","@id":"https:\/\/mundoanimalito.com\/#\/schema\/logo\/image\/","url":"https:\/\/mundoanimalito.com\/wp-content\/uploads\/2023\/10\/cropped-cropped-LOGO-OFICIAL-ULTIMA-VERSION-1.jpg","contentUrl":"https:\/\/mundoanimalito.com\/wp-content\/uploads\/2023\/10\/cropped-cropped-LOGO-OFICIAL-ULTIMA-VERSION-1.jpg","width":374,"height":425,"caption":"Mundo Animalito"},"image":{"@id":"https:\/\/mundoanimalito.com\/#\/schema\/logo\/image\/"},"sameAs":["https:\/\/www.facebook.com\/mundoanimalito77","https:\/\/www.instagram.com\/mundoanimalito77\/","https:\/\/www.tiktok.com\/@mundoanimalito77","https:\/\/www.youtube.com\/channel\/UCLo2JhNUNtHVraDt5aHadew"]}]}},"_links":{"self":[{"href":"https:\/\/mundoanimalito.com\/index.php\/wp-json\/wp\/v2\/pages\/28147","targetHints":{"allow":["GET"]}}],"collection":[{"href":"https:\/\/mundoanimalito.com\/index.php\/wp-json\/wp\/v2\/pages"}],"about":[{"href":"https:\/\/mundoanimalito.com\/index.php\/wp-json\/wp\/v2\/types\/page"}],"author":[{"embeddable":true,"href":"https:\/\/mundoanimalito.com\/index.php\/wp-json\/wp\/v2\/users\/1"}],"replies":[{"embeddable":true,"href":"https:\/\/mundoanimalito.com\/index.php\/wp-json\/wp\/v2\/comments?post=28147"}],"version-history":[{"count":0,"href":"https:\/\/mundoanimalito.com\/index.php\/wp-json\/wp\/v2\/pages\/28147\/revisions"}],"wp:attachment":[{"href":"https:\/\/mundoanimalito.com\/index.php\/wp-json\/wp\/v2\/media?parent=28147"}],"curies":[{"name":"wp","href":"https:\/\/api.w.org\/{rel}","templated":true}]}}