{"id":28062,"date":"2024-04-23T18:42:34","date_gmt":"2024-04-23T23:42:34","guid":{"rendered":"https:\/\/mundoanimalito.com\/?page_id=28062"},"modified":"2024-09-23T09:18:35","modified_gmt":"2024-09-23T14:18:35","slug":"trixie-pelota-denta-fun-para-perros","status":"publish","type":"page","link":"https:\/\/mundoanimalito.com\/index.php\/trixie-pelota-denta-fun-para-perros\/","title":{"rendered":"TRIXIE Pelota Denta Fun para Perros"},"content":{"rendered":"\t\t<div data-elementor-type=\"wp-page\" data-elementor-id=\"28062\" class=\"elementor elementor-28062\" data-elementor-post-type=\"page\">\n\t\t\t\t<div class=\"elementor-element elementor-element-a3fb80f e-flex e-con-boxed e-con e-parent\" data-id=\"a3fb80f\" data-element_type=\"container\" data-e-type=\"container\">\n\t\t\t\t\t<div class=\"e-con-inner\">\n\t\t\t\t<div class=\"elementor-element elementor-element-3480dca elementor-invisible elementor-widget elementor-widget-heading\" data-id=\"3480dca\" data-element_type=\"widget\" data-e-type=\"widget\" data-settings=\"{&quot;_animation&quot;:&quot;fadeInDown&quot;}\" data-widget_type=\"heading.default\">\n\t\t\t\t<div class=\"elementor-widget-container\">\n\t\t\t\t\t<h2 class=\"elementor-heading-title elementor-size-default\">\u00bfQuieres que tu perro se divierta mientras cuida su salud bucal? \u00a1La Pelota Denta Fun de Trixie es la soluci\u00f3n perfecta para ti y tu mascota! Descubre c\u00f3mo este incre\u00edble juguete puede proporcionar una experiencia de juego emocionante y beneficiosa para tu perro.<\/h2>\t\t\t\t<\/div>\n\t\t\t\t<\/div>\n\t\t\t\t\t<\/div>\n\t\t\t\t<\/div>\n\t\t<div class=\"elementor-element elementor-element-3ff308e e-flex e-con-boxed e-con e-parent\" data-id=\"3ff308e\" data-element_type=\"container\" data-e-type=\"container\">\n\t\t\t\t\t<div class=\"e-con-inner\">\n\t\t<div class=\"elementor-element elementor-element-3059a00 e-con-full e-flex e-con e-child\" data-id=\"3059a00\" data-element_type=\"container\" data-e-type=\"container\">\n\t\t\t\t<div class=\"elementor-element elementor-element-d6105c5 elementor-widget elementor-widget-image\" data-id=\"d6105c5\" data-element_type=\"widget\" data-e-type=\"widget\" data-widget_type=\"image.default\">\n\t\t\t\t<div class=\"elementor-widget-container\">\n\t\t\t\t\t\t\t\t\t\t\t\t\t\t\t\t<a href=\"https:\/\/amzn.to\/3JymS60\" target=\"_blank\">\n\t\t\t\t\t\t\t<img fetchpriority=\"high\" decoding=\"async\" width=\"1024\" height=\"1019\" src=\"https:\/\/mundoanimalito.com\/wp-content\/uploads\/2024\/04\/000000-1024x1019.jpg\" class=\"attachment-large size-large wp-image-28043\" alt=\"TRIXIE Pelota Denta Fun para Perros\" srcset=\"https:\/\/mundoanimalito.com\/wp-content\/uploads\/2024\/04\/000000-1024x1019.jpg 1024w, https:\/\/mundoanimalito.com\/wp-content\/uploads\/2024\/04\/000000-300x300.jpg 300w, https:\/\/mundoanimalito.com\/wp-content\/uploads\/2024\/04\/000000-150x150.jpg 150w, https:\/\/mundoanimalito.com\/wp-content\/uploads\/2024\/04\/000000-768x764.jpg 768w, https:\/\/mundoanimalito.com\/wp-content\/uploads\/2024\/04\/000000.jpg 1058w\" sizes=\"(max-width: 1024px) 100vw, 1024px\" \/>\t\t\t\t\t\t\t\t<\/a>\n\t\t\t\t\t\t\t\t\t\t\t\t\t\t\t<\/div>\n\t\t\t\t<\/div>\n\t\t\t\t<\/div>\n\t\t<div class=\"elementor-element elementor-element-e51397d e-con-full e-flex e-con e-child\" data-id=\"e51397d\" data-element_type=\"container\" data-e-type=\"container\">\n\t\t\t\t<div class=\"elementor-element elementor-element-557fb9d elementor-widget elementor-widget-text-editor\" data-id=\"557fb9d\" data-element_type=\"widget\" data-e-type=\"widget\" data-widget_type=\"text-editor.default\">\n\t\t\t\t<div class=\"elementor-widget-container\">\n\t\t\t\t\t\t\t\t\t<p>\ud83e\uddb7 <strong>Salud Dental Mejorada:<\/strong> La Pelota Denta Fun de Trixie est\u00e1 dise\u00f1ada con material de caucho natural que masajea suavemente las enc\u00edas de tu perro mientras juega. Adem\u00e1s, el sabor a menta ayuda a refrescar su aliento y promueve una mejor higiene bucal. \u00a1Dale a tu perro la oportunidad de disfrutar de un juego divertido mientras cuida sus dientes y enc\u00edas!<\/p><p>\u00a0<\/p><p>\ud83d\udc3e <strong>Divertido y Entretenido:<\/strong> Con su dise\u00f1o atractivo y su textura de caucho, la Pelota Denta Fun de Trixie proporciona horas de diversi\u00f3n para tu perro. Este juguete vers\u00e1til es perfecto para juegos interactivos de lanzar y atrapar, lo que mantendr\u00e1 a tu mascota activa y feliz. \u00a1Haz que cada momento de juego sea emocionante y gratificante para tu perro!<\/p><p>\u00a0<\/p><p>\ud83d\udc45 <strong>Sabor Irresistible:<\/strong> El delicioso sabor a menta de la Pelota Denta Fun de Trixie hace que sea irresistible para tu perro. Estimula su sentido del gusto y lo motiva a jugar m\u00e1s tiempo, lo que ayuda a liberar el estr\u00e9s y la energ\u00eda acumulada. \u00a1Convierte el tiempo de juego en una experiencia deliciosa y satisfactoria para tu mascota!<\/p><p>\u00a0<\/p><p>\ud83c\udf1f <strong>Calidad y Durabilidad:<\/strong> Fabricada con caucho natural de alta calidad, la Pelota Denta Fun de Trixie es resistente y duradera, lo que garantiza que pueda soportar incluso el juego m\u00e1s vigoroso. Su dise\u00f1o robusto y seguro proporciona a tu perro un juguete confiable que disfrutar\u00e1 durante mucho tiempo. \u00a1Invierte en la felicidad y el bienestar de tu mascota con este excelente juguete!<\/p>\t\t\t\t\t\t\t\t<\/div>\n\t\t\t\t<\/div>\n\t\t\t\t<\/div>\n\t\t\t\t\t<\/div>\n\t\t\t\t<\/div>\n\t\t<div class=\"elementor-element elementor-element-da6e285 e-flex e-con-boxed e-con e-parent\" data-id=\"da6e285\" data-element_type=\"container\" data-e-type=\"container\">\n\t\t\t\t\t<div class=\"e-con-inner\">\n\t\t\t\t<div class=\"elementor-element elementor-element-a72a78d elementor-widget elementor-widget-text-editor\" data-id=\"a72a78d\" data-element_type=\"widget\" data-e-type=\"widget\" data-widget_type=\"text-editor.default\">\n\t\t\t\t<div class=\"elementor-widget-container\">\n\t\t\t\t\t\t\t\t\t<p>No esperes m\u00e1s para proporcionarle a tu perro una experiencia de juego divertida y beneficiosa. \u00a1Haz clic ahora y lleva a casa la Pelota Denta Fun de Trixie para mantener a tu perro feliz, saludable y entretenido todos los d\u00edas!<\/p>\t\t\t\t\t\t\t\t<\/div>\n\t\t\t\t<\/div>\n\t\t\t\t<div class=\"elementor-element elementor-element-5984986 elementor-align-right elementor-widget elementor-widget-button\" data-id=\"5984986\" data-element_type=\"widget\" data-e-type=\"widget\" data-widget_type=\"button.default\">\n\t\t\t\t<div class=\"elementor-widget-container\">\n\t\t\t\t\t\t\t\t\t<div class=\"elementor-button-wrapper\">\n\t\t\t\t\t<a class=\"elementor-button elementor-button-link elementor-size-sm\" href=\"https:\/\/amzn.to\/3JymS60\" target=\"_blank\">\n\t\t\t\t\t\t<span class=\"elementor-button-content-wrapper\">\n\t\t\t\t\t\t\t\t\t<span class=\"elementor-button-text\">Compra ahora en Amazon<\/span>\n\t\t\t\t\t<\/span>\n\t\t\t\t\t<\/a>\n\t\t\t\t<\/div>\n\t\t\t\t\t\t\t\t<\/div>\n\t\t\t\t<\/div>\n\t\t\t\t\t<\/div>\n\t\t\t\t<\/div>\n\t\t<div class=\"elementor-element elementor-element-0d24e53 e-flex e-con-boxed e-con e-parent\" data-id=\"0d24e53\" data-element_type=\"container\" data-e-type=\"container\">\n\t\t\t\t\t<div class=\"e-con-inner\">\n\t\t\t\t<div class=\"elementor-element elementor-element-cce3a6e elementor-arrows-position-inside elementor-pagination-position-outside elementor-widget elementor-widget-image-carousel\" data-id=\"cce3a6e\" data-element_type=\"widget\" data-e-type=\"widget\" data-settings=\"{&quot;slides_to_show&quot;:&quot;1&quot;,&quot;navigation&quot;:&quot;both&quot;,&quot;autoplay&quot;:&quot;yes&quot;,&quot;pause_on_hover&quot;:&quot;yes&quot;,&quot;pause_on_interaction&quot;:&quot;yes&quot;,&quot;autoplay_speed&quot;:5000,&quot;infinite&quot;:&quot;yes&quot;,&quot;effect&quot;:&quot;slide&quot;,&quot;speed&quot;:500}\" data-widget_type=\"image-carousel.default\">\n\t\t\t\t<div class=\"elementor-widget-container\">\n\t\t\t\t\t\t\t<div class=\"elementor-image-carousel-wrapper swiper\" role=\"region\" aria-roledescription=\"carousel\" aria-label=\"Carrusel de im\u00e1genes\" dir=\"ltr\">\n\t\t\t<div class=\"elementor-image-carousel swiper-wrapper\" aria-live=\"off\">\n\t\t\t\t\t\t\t\t<div class=\"swiper-slide\" role=\"group\" aria-roledescription=\"slide\" aria-label=\"1 de 4\"><figure class=\"swiper-slide-inner\"><img decoding=\"async\" class=\"swiper-slide-image\" src=\"https:\/\/mundoanimalito.com\/wp-content\/uploads\/2024\/04\/71qT03ByG9L._AC_SL1500_-768x901.jpg\" alt=\"TRIXIE Pelota Denta Fun para Perros\" \/><\/figure><\/div><div class=\"swiper-slide\" role=\"group\" aria-roledescription=\"slide\" aria-label=\"2 de 4\"><figure class=\"swiper-slide-inner\"><img decoding=\"async\" class=\"swiper-slide-image\" src=\"https:\/\/mundoanimalito.com\/wp-content\/uploads\/2024\/04\/61Uh3BPhwbS._AC_SL1500_-768x780.jpg\" alt=\"TRIXIE Pelota Denta Fun para Perros\" \/><\/figure><\/div><div class=\"swiper-slide\" role=\"group\" aria-roledescription=\"slide\" aria-label=\"3 de 4\"><figure class=\"swiper-slide-inner\"><img decoding=\"async\" class=\"swiper-slide-image\" src=\"https:\/\/mundoanimalito.com\/wp-content\/uploads\/2024\/04\/81QlIt00IEL._AC_SL1500_-768x768.jpg\" alt=\"TRIXIE Pelota Denta Fun para Perros\" \/><\/figure><\/div><div class=\"swiper-slide\" role=\"group\" aria-roledescription=\"slide\" aria-label=\"4 de 4\"><figure class=\"swiper-slide-inner\"><img decoding=\"async\" class=\"swiper-slide-image\" src=\"https:\/\/mundoanimalito.com\/wp-content\/uploads\/2024\/04\/61Z0aXZzdJL._AC_SL1285_-768x777.jpg\" alt=\"TRIXIE Pelota Denta Fun para Perros\" \/><\/figure><\/div>\t\t\t<\/div>\n\t\t\t\t\t\t\t\t\t\t\t\t<div class=\"elementor-swiper-button elementor-swiper-button-prev\" role=\"button\" tabindex=\"0\">\n\t\t\t\t\t\t<i aria-hidden=\"true\" class=\"eicon-chevron-left\"><\/i>\t\t\t\t\t<\/div>\n\t\t\t\t\t<div class=\"elementor-swiper-button elementor-swiper-button-next\" role=\"button\" tabindex=\"0\">\n\t\t\t\t\t\t<i aria-hidden=\"true\" class=\"eicon-chevron-right\"><\/i>\t\t\t\t\t<\/div>\n\t\t\t\t\n\t\t\t\t\t\t\t\t\t<div class=\"swiper-pagination\"><\/div>\n\t\t\t\t\t\t\t\t\t<\/div>\n\t\t\t\t\t\t<\/div>\n\t\t\t\t<\/div>\n\t\t\t\t\t<\/div>\n\t\t\t\t<\/div>\n\t\t<div class=\"elementor-element elementor-element-4787fab e-flex e-con-boxed e-con e-parent\" data-id=\"4787fab\" data-element_type=\"container\" data-e-type=\"container\">\n\t\t\t\t\t<div class=\"e-con-inner\">\n\t\t\t\t<div class=\"elementor-element elementor-element-91635ab elementor-align-right elementor-widget elementor-widget-button\" data-id=\"91635ab\" data-element_type=\"widget\" data-e-type=\"widget\" data-widget_type=\"button.default\">\n\t\t\t\t<div class=\"elementor-widget-container\">\n\t\t\t\t\t\t\t\t\t<div class=\"elementor-button-wrapper\">\n\t\t\t\t\t<a class=\"elementor-button elementor-button-link elementor-size-sm\" href=\"https:\/\/amzn.to\/3JymS60\" target=\"_blank\">\n\t\t\t\t\t\t<span class=\"elementor-button-content-wrapper\">\n\t\t\t\t\t\t\t\t\t<span class=\"elementor-button-text\">Compra ahora en Amazon<\/span>\n\t\t\t\t\t<\/span>\n\t\t\t\t\t<\/a>\n\t\t\t\t<\/div>\n\t\t\t\t\t\t\t\t<\/div>\n\t\t\t\t<\/div>\n\t\t\t\t\t<\/div>\n\t\t\t\t<\/div>\n\t\t\t\t<\/div>\n\t\t","protected":false},"excerpt":{"rendered":"<p>\u00bfQuieres que tu perro se divierta mientras cuida su salud bucal? \u00a1La Pelota Denta Fun de Trixie es la soluci\u00f3n perfecta para ti y tu mascota! Descubre c\u00f3mo este incre\u00edble juguete puede proporcionar una experiencia de juego emocionante y beneficiosa para tu perro. \ud83e\uddb7 Salud Dental Mejorada: La Pelota Denta Fun de Trixie est\u00e1 dise\u00f1ada [&hellip;]<\/p>\n","protected":false},"author":1,"featured_media":0,"parent":0,"menu_order":0,"comment_status":"closed","ping_status":"closed","template":"","meta":{"site-sidebar-layout":"no-sidebar","site-content-layout":"page-builder","ast-site-content-layout":"full-width-container","site-content-style":"default","site-sidebar-style":"default","ast-global-header-display":"","ast-banner-title-visibility":"","ast-main-header-display":"","ast-hfb-above-header-display":"","ast-hfb-below-header-display":"","ast-hfb-mobile-header-display":"","site-post-title":"disabled","ast-breadcrumbs-content":"","ast-featured-img":"disabled","footer-sml-layout":"","ast-disable-related-posts":"","theme-transparent-header-meta":"","adv-header-id-meta":"","stick-header-meta":"","header-above-stick-meta":"","header-main-stick-meta":"","header-below-stick-meta":"","astra-migrate-meta-layouts":"set","ast-page-background-enabled":"default","ast-page-background-meta":{"desktop":{"background-color":"var(--ast-global-color-4)","background-image":"","background-repeat":"repeat","background-position":"center center","background-size":"auto","background-attachment":"scroll","background-type":"","background-media":"","overlay-type":"","overlay-color":"","overlay-opacity":"","overlay-gradient":""},"tablet":{"background-color":"","background-image":"","background-repeat":"repeat","background-position":"center center","background-size":"auto","background-attachment":"scroll","background-type":"","background-media":"","overlay-type":"","overlay-color":"","overlay-opacity":"","overlay-gradient":""},"mobile":{"background-color":"","background-image":"","background-repeat":"repeat","background-position":"center center","background-size":"auto","background-attachment":"scroll","background-type":"","background-media":"","overlay-type":"","overlay-color":"","overlay-opacity":"","overlay-gradient":""}},"ast-content-background-meta":{"desktop":{"background-color":"var(--ast-global-color-5)","background-image":"","background-repeat":"repeat","background-position":"center center","background-size":"auto","background-attachment":"scroll","background-type":"","background-media":"","overlay-type":"","overlay-color":"","overlay-opacity":"","overlay-gradient":""},"tablet":{"background-color":"var(--ast-global-color-5)","background-image":"","background-repeat":"repeat","background-position":"center center","background-size":"auto","background-attachment":"scroll","background-type":"","background-media":"","overlay-type":"","overlay-color":"","overlay-opacity":"","overlay-gradient":""},"mobile":{"background-color":"var(--ast-global-color-5)","background-image":"","background-repeat":"repeat","background-position":"center center","background-size":"auto","background-attachment":"scroll","background-type":"","background-media":"","overlay-type":"","overlay-color":"","overlay-opacity":"","overlay-gradient":""}},"footnotes":""},"class_list":["post-28062","page","type-page","status-publish","hentry"],"yoast_head":"<!-- This site is optimized with the Yoast SEO plugin v27.5 - https:\/\/yoast.com\/product\/yoast-seo-wordpress\/ -->\n<title>TRIXIE Pelota Denta Fun para Perros | Mundo Animalito<\/title>\n<meta name=\"description\" content=\"\u00bfQuieres que tu perro se divierta mientras cuida su salud bucal? \u00a1La Pelota Denta Fun de Trixie es la soluci\u00f3n perfecta para ti y tu mascota! Descubre c\u00f3mo este incre\u00edble juguete puede proporcionar una experiencia de juego emocionante y beneficiosa para tu perro.\" \/>\n<meta name=\"robots\" content=\"index, follow, max-snippet:-1, max-image-preview:large, max-video-preview:-1\" \/>\n<link rel=\"canonical\" href=\"https:\/\/mundoanimalito.com\/index.php\/trixie-pelota-denta-fun-para-perros\/\" \/>\n<meta property=\"og:locale\" content=\"es_ES\" \/>\n<meta property=\"og:type\" content=\"article\" \/>\n<meta property=\"og:title\" content=\"TRIXIE Pelota Denta Fun para Perros | Mundo Animalito\" \/>\n<meta property=\"og:description\" content=\"\u00bfQuieres que tu perro se divierta mientras cuida su salud bucal? \u00a1La Pelota Denta Fun de Trixie es la soluci\u00f3n perfecta para ti y tu mascota! Descubre c\u00f3mo este incre\u00edble juguete puede proporcionar una experiencia de juego emocionante y beneficiosa para tu perro.\" \/>\n<meta property=\"og:url\" content=\"https:\/\/mundoanimalito.com\/index.php\/trixie-pelota-denta-fun-para-perros\/\" \/>\n<meta property=\"og:site_name\" content=\"Mundo Animalito\" \/>\n<meta property=\"article:publisher\" content=\"https:\/\/www.facebook.com\/mundoanimalito77\" \/>\n<meta property=\"article:modified_time\" content=\"2024-09-23T14:18:35+00:00\" \/>\n<meta property=\"og:image\" content=\"https:\/\/mundoanimalito.com\/wp-content\/uploads\/2024\/04\/000000-1024x1019.jpg\" \/>\n<meta name=\"twitter:card\" content=\"summary_large_image\" \/>\n<meta name=\"twitter:label1\" content=\"Tiempo de lectura\" \/>\n\t<meta name=\"twitter:data1\" content=\"3 minutos\" \/>\n<script type=\"application\/ld+json\" class=\"yoast-schema-graph\">{\"@context\":\"https:\\\/\\\/schema.org\",\"@graph\":[{\"@type\":\"WebPage\",\"@id\":\"https:\\\/\\\/mundoanimalito.com\\\/index.php\\\/trixie-pelota-denta-fun-para-perros\\\/\",\"url\":\"https:\\\/\\\/mundoanimalito.com\\\/index.php\\\/trixie-pelota-denta-fun-para-perros\\\/\",\"name\":\"TRIXIE Pelota Denta Fun para Perros | Mundo Animalito\",\"isPartOf\":{\"@id\":\"https:\\\/\\\/mundoanimalito.com\\\/#website\"},\"primaryImageOfPage\":{\"@id\":\"https:\\\/\\\/mundoanimalito.com\\\/index.php\\\/trixie-pelota-denta-fun-para-perros\\\/#primaryimage\"},\"image\":{\"@id\":\"https:\\\/\\\/mundoanimalito.com\\\/index.php\\\/trixie-pelota-denta-fun-para-perros\\\/#primaryimage\"},\"thumbnailUrl\":\"https:\\\/\\\/mundoanimalito.com\\\/wp-content\\\/uploads\\\/2024\\\/04\\\/000000-1024x1019.jpg\",\"datePublished\":\"2024-04-23T23:42:34+00:00\",\"dateModified\":\"2024-09-23T14:18:35+00:00\",\"description\":\"\u00bfQuieres que tu perro se divierta mientras cuida su salud bucal? \u00a1La Pelota Denta Fun de Trixie es la soluci\u00f3n perfecta para ti y tu mascota! Descubre c\u00f3mo este incre\u00edble juguete puede proporcionar una experiencia de juego emocionante y beneficiosa para tu perro.\",\"breadcrumb\":{\"@id\":\"https:\\\/\\\/mundoanimalito.com\\\/index.php\\\/trixie-pelota-denta-fun-para-perros\\\/#breadcrumb\"},\"inLanguage\":\"es\",\"potentialAction\":[{\"@type\":\"ReadAction\",\"target\":[\"https:\\\/\\\/mundoanimalito.com\\\/index.php\\\/trixie-pelota-denta-fun-para-perros\\\/\"]}]},{\"@type\":\"ImageObject\",\"inLanguage\":\"es\",\"@id\":\"https:\\\/\\\/mundoanimalito.com\\\/index.php\\\/trixie-pelota-denta-fun-para-perros\\\/#primaryimage\",\"url\":\"https:\\\/\\\/mundoanimalito.com\\\/wp-content\\\/uploads\\\/2024\\\/04\\\/000000.jpg\",\"contentUrl\":\"https:\\\/\\\/mundoanimalito.com\\\/wp-content\\\/uploads\\\/2024\\\/04\\\/000000.jpg\",\"width\":1058,\"height\":1053,\"caption\":\"TRIXIE Pelota Denta Fun para Perros\"},{\"@type\":\"BreadcrumbList\",\"@id\":\"https:\\\/\\\/mundoanimalito.com\\\/index.php\\\/trixie-pelota-denta-fun-para-perros\\\/#breadcrumb\",\"itemListElement\":[{\"@type\":\"ListItem\",\"position\":1,\"name\":\"Portada\",\"item\":\"https:\\\/\\\/mundoanimalito.com\\\/\"},{\"@type\":\"ListItem\",\"position\":2,\"name\":\"TRIXIE Pelota Denta Fun para Perros\"}]},{\"@type\":\"WebSite\",\"@id\":\"https:\\\/\\\/mundoanimalito.com\\\/#website\",\"url\":\"https:\\\/\\\/mundoanimalito.com\\\/\",\"name\":\"Mundo Animalito\",\"description\":\"Datos y curiosidades de los animales, encuentra ac\u00e1 todo para tu mascota\",\"publisher\":{\"@id\":\"https:\\\/\\\/mundoanimalito.com\\\/#organization\"},\"potentialAction\":[{\"@type\":\"SearchAction\",\"target\":{\"@type\":\"EntryPoint\",\"urlTemplate\":\"https:\\\/\\\/mundoanimalito.com\\\/?s={search_term_string}\"},\"query-input\":{\"@type\":\"PropertyValueSpecification\",\"valueRequired\":true,\"valueName\":\"search_term_string\"}}],\"inLanguage\":\"es\"},{\"@type\":\"Organization\",\"@id\":\"https:\\\/\\\/mundoanimalito.com\\\/#organization\",\"name\":\"Mundo Animalito\",\"url\":\"https:\\\/\\\/mundoanimalito.com\\\/\",\"logo\":{\"@type\":\"ImageObject\",\"inLanguage\":\"es\",\"@id\":\"https:\\\/\\\/mundoanimalito.com\\\/#\\\/schema\\\/logo\\\/image\\\/\",\"url\":\"https:\\\/\\\/mundoanimalito.com\\\/wp-content\\\/uploads\\\/2023\\\/10\\\/cropped-cropped-LOGO-OFICIAL-ULTIMA-VERSION-1.jpg\",\"contentUrl\":\"https:\\\/\\\/mundoanimalito.com\\\/wp-content\\\/uploads\\\/2023\\\/10\\\/cropped-cropped-LOGO-OFICIAL-ULTIMA-VERSION-1.jpg\",\"width\":374,\"height\":425,\"caption\":\"Mundo Animalito\"},\"image\":{\"@id\":\"https:\\\/\\\/mundoanimalito.com\\\/#\\\/schema\\\/logo\\\/image\\\/\"},\"sameAs\":[\"https:\\\/\\\/www.facebook.com\\\/mundoanimalito77\",\"https:\\\/\\\/www.instagram.com\\\/mundoanimalito77\\\/\",\"https:\\\/\\\/www.tiktok.com\\\/@mundoanimalito77\",\"https:\\\/\\\/www.youtube.com\\\/channel\\\/UCLo2JhNUNtHVraDt5aHadew\"]}]}<\/script>\n<!-- \/ Yoast SEO plugin. -->","yoast_head_json":{"title":"TRIXIE Pelota Denta Fun para Perros | Mundo Animalito","description":"\u00bfQuieres que tu perro se divierta mientras cuida su salud bucal? \u00a1La Pelota Denta Fun de Trixie es la soluci\u00f3n perfecta para ti y tu mascota! Descubre c\u00f3mo este incre\u00edble juguete puede proporcionar una experiencia de juego emocionante y beneficiosa para tu perro.","robots":{"index":"index","follow":"follow","max-snippet":"max-snippet:-1","max-image-preview":"max-image-preview:large","max-video-preview":"max-video-preview:-1"},"canonical":"https:\/\/mundoanimalito.com\/index.php\/trixie-pelota-denta-fun-para-perros\/","og_locale":"es_ES","og_type":"article","og_title":"TRIXIE Pelota Denta Fun para Perros | Mundo Animalito","og_description":"\u00bfQuieres que tu perro se divierta mientras cuida su salud bucal? \u00a1La Pelota Denta Fun de Trixie es la soluci\u00f3n perfecta para ti y tu mascota! Descubre c\u00f3mo este incre\u00edble juguete puede proporcionar una experiencia de juego emocionante y beneficiosa para tu perro.","og_url":"https:\/\/mundoanimalito.com\/index.php\/trixie-pelota-denta-fun-para-perros\/","og_site_name":"Mundo Animalito","article_publisher":"https:\/\/www.facebook.com\/mundoanimalito77","article_modified_time":"2024-09-23T14:18:35+00:00","og_image":[{"url":"https:\/\/mundoanimalito.com\/wp-content\/uploads\/2024\/04\/000000-1024x1019.jpg","type":"","width":"","height":""}],"twitter_card":"summary_large_image","twitter_misc":{"Tiempo de lectura":"3 minutos"},"schema":{"@context":"https:\/\/schema.org","@graph":[{"@type":"WebPage","@id":"https:\/\/mundoanimalito.com\/index.php\/trixie-pelota-denta-fun-para-perros\/","url":"https:\/\/mundoanimalito.com\/index.php\/trixie-pelota-denta-fun-para-perros\/","name":"TRIXIE Pelota Denta Fun para Perros | Mundo Animalito","isPartOf":{"@id":"https:\/\/mundoanimalito.com\/#website"},"primaryImageOfPage":{"@id":"https:\/\/mundoanimalito.com\/index.php\/trixie-pelota-denta-fun-para-perros\/#primaryimage"},"image":{"@id":"https:\/\/mundoanimalito.com\/index.php\/trixie-pelota-denta-fun-para-perros\/#primaryimage"},"thumbnailUrl":"https:\/\/mundoanimalito.com\/wp-content\/uploads\/2024\/04\/000000-1024x1019.jpg","datePublished":"2024-04-23T23:42:34+00:00","dateModified":"2024-09-23T14:18:35+00:00","description":"\u00bfQuieres que tu perro se divierta mientras cuida su salud bucal? \u00a1La Pelota Denta Fun de Trixie es la soluci\u00f3n perfecta para ti y tu mascota! Descubre c\u00f3mo este incre\u00edble juguete puede proporcionar una experiencia de juego emocionante y beneficiosa para tu perro.","breadcrumb":{"@id":"https:\/\/mundoanimalito.com\/index.php\/trixie-pelota-denta-fun-para-perros\/#breadcrumb"},"inLanguage":"es","potentialAction":[{"@type":"ReadAction","target":["https:\/\/mundoanimalito.com\/index.php\/trixie-pelota-denta-fun-para-perros\/"]}]},{"@type":"ImageObject","inLanguage":"es","@id":"https:\/\/mundoanimalito.com\/index.php\/trixie-pelota-denta-fun-para-perros\/#primaryimage","url":"https:\/\/mundoanimalito.com\/wp-content\/uploads\/2024\/04\/000000.jpg","contentUrl":"https:\/\/mundoanimalito.com\/wp-content\/uploads\/2024\/04\/000000.jpg","width":1058,"height":1053,"caption":"TRIXIE Pelota Denta Fun para Perros"},{"@type":"BreadcrumbList","@id":"https:\/\/mundoanimalito.com\/index.php\/trixie-pelota-denta-fun-para-perros\/#breadcrumb","itemListElement":[{"@type":"ListItem","position":1,"name":"Portada","item":"https:\/\/mundoanimalito.com\/"},{"@type":"ListItem","position":2,"name":"TRIXIE Pelota Denta Fun para Perros"}]},{"@type":"WebSite","@id":"https:\/\/mundoanimalito.com\/#website","url":"https:\/\/mundoanimalito.com\/","name":"Mundo Animalito","description":"Datos y curiosidades de los animales, encuentra ac\u00e1 todo para tu mascota","publisher":{"@id":"https:\/\/mundoanimalito.com\/#organization"},"potentialAction":[{"@type":"SearchAction","target":{"@type":"EntryPoint","urlTemplate":"https:\/\/mundoanimalito.com\/?s={search_term_string}"},"query-input":{"@type":"PropertyValueSpecification","valueRequired":true,"valueName":"search_term_string"}}],"inLanguage":"es"},{"@type":"Organization","@id":"https:\/\/mundoanimalito.com\/#organization","name":"Mundo Animalito","url":"https:\/\/mundoanimalito.com\/","logo":{"@type":"ImageObject","inLanguage":"es","@id":"https:\/\/mundoanimalito.com\/#\/schema\/logo\/image\/","url":"https:\/\/mundoanimalito.com\/wp-content\/uploads\/2023\/10\/cropped-cropped-LOGO-OFICIAL-ULTIMA-VERSION-1.jpg","contentUrl":"https:\/\/mundoanimalito.com\/wp-content\/uploads\/2023\/10\/cropped-cropped-LOGO-OFICIAL-ULTIMA-VERSION-1.jpg","width":374,"height":425,"caption":"Mundo Animalito"},"image":{"@id":"https:\/\/mundoanimalito.com\/#\/schema\/logo\/image\/"},"sameAs":["https:\/\/www.facebook.com\/mundoanimalito77","https:\/\/www.instagram.com\/mundoanimalito77\/","https:\/\/www.tiktok.com\/@mundoanimalito77","https:\/\/www.youtube.com\/channel\/UCLo2JhNUNtHVraDt5aHadew"]}]}},"_links":{"self":[{"href":"https:\/\/mundoanimalito.com\/index.php\/wp-json\/wp\/v2\/pages\/28062","targetHints":{"allow":["GET"]}}],"collection":[{"href":"https:\/\/mundoanimalito.com\/index.php\/wp-json\/wp\/v2\/pages"}],"about":[{"href":"https:\/\/mundoanimalito.com\/index.php\/wp-json\/wp\/v2\/types\/page"}],"author":[{"embeddable":true,"href":"https:\/\/mundoanimalito.com\/index.php\/wp-json\/wp\/v2\/users\/1"}],"replies":[{"embeddable":true,"href":"https:\/\/mundoanimalito.com\/index.php\/wp-json\/wp\/v2\/comments?post=28062"}],"version-history":[{"count":0,"href":"https:\/\/mundoanimalito.com\/index.php\/wp-json\/wp\/v2\/pages\/28062\/revisions"}],"wp:attachment":[{"href":"https:\/\/mundoanimalito.com\/index.php\/wp-json\/wp\/v2\/media?parent=28062"}],"curies":[{"name":"wp","href":"https:\/\/api.w.org\/{rel}","templated":true}]}}