{"id":27974,"date":"2024-04-23T18:28:41","date_gmt":"2024-04-23T23:28:41","guid":{"rendered":"https:\/\/mundoanimalito.com\/?page_id=27974"},"modified":"2024-09-04T11:19:52","modified_gmt":"2024-09-04T16:19:52","slug":"chuckit-juguetes-lanzador-de-pelotas-para-perros-fetch-fold-launcher","status":"publish","type":"page","link":"https:\/\/mundoanimalito.com\/index.php\/chuckit-juguetes-lanzador-de-pelotas-para-perros-fetch-fold-launcher\/","title":{"rendered":"Chuckit Juguetes Lanzador de pelotas Para Perros Fetch &amp; Fold Launcher"},"content":{"rendered":"\t\t<div data-elementor-type=\"wp-page\" data-elementor-id=\"27974\" class=\"elementor elementor-27974\" data-elementor-post-type=\"page\">\n\t\t\t\t<div class=\"elementor-element elementor-element-527a81a e-flex e-con-boxed e-con e-parent\" data-id=\"527a81a\" data-element_type=\"container\" data-e-type=\"container\">\n\t\t\t\t\t<div class=\"e-con-inner\">\n\t\t\t\t<div class=\"elementor-element elementor-element-fdd1314 elementor-invisible elementor-widget elementor-widget-heading\" data-id=\"fdd1314\" data-element_type=\"widget\" data-e-type=\"widget\" data-settings=\"{&quot;_animation&quot;:&quot;fadeInDown&quot;}\" data-widget_type=\"heading.default\">\n\t\t\t\t<div class=\"elementor-widget-container\">\n\t\t\t\t\t<h2 class=\"elementor-heading-title elementor-size-default\">\u00bfQuieres llevar el juego con tu perro al siguiente nivel? \u00a1El Chuckit Juguetes Lanzador de Pelotas es la soluci\u00f3n perfecta para ti y tu mascota! Descubre c\u00f3mo este incre\u00edble juguete puede transformar el tiempo de juego de tu perro y fortalecer vuestro v\u00ednculo.<\/h2>\t\t\t\t<\/div>\n\t\t\t\t<\/div>\n\t\t\t\t\t<\/div>\n\t\t\t\t<\/div>\n\t\t<div class=\"elementor-element elementor-element-e37ca46 e-flex e-con-boxed e-con e-parent\" data-id=\"e37ca46\" data-element_type=\"container\" data-e-type=\"container\">\n\t\t\t\t\t<div class=\"e-con-inner\">\n\t\t<div class=\"elementor-element elementor-element-93d0b97 e-con-full e-flex e-con e-child\" data-id=\"93d0b97\" data-element_type=\"container\" data-e-type=\"container\">\n\t\t\t\t<div class=\"elementor-element elementor-element-d167112 elementor-widget elementor-widget-image\" data-id=\"d167112\" data-element_type=\"widget\" data-e-type=\"widget\" data-widget_type=\"image.default\">\n\t\t\t\t<div class=\"elementor-widget-container\">\n\t\t\t\t\t\t\t\t\t\t\t\t\t\t\t\t<a href=\"https:\/\/amzn.to\/3Uv42CT\" target=\"_blank\">\n\t\t\t\t\t\t\t<img fetchpriority=\"high\" decoding=\"async\" width=\"413\" height=\"1024\" src=\"https:\/\/mundoanimalito.com\/wp-content\/uploads\/2024\/04\/0000-9-413x1024.jpg\" class=\"attachment-large size-large wp-image-27949\" alt=\"Chuckit Juguetes Lanzador de pelotas Para Perros Fetch &amp; Fold Launcher\" srcset=\"https:\/\/mundoanimalito.com\/wp-content\/uploads\/2024\/04\/0000-9-413x1024.jpg 413w, https:\/\/mundoanimalito.com\/wp-content\/uploads\/2024\/04\/0000-9-121x300.jpg 121w, https:\/\/mundoanimalito.com\/wp-content\/uploads\/2024\/04\/0000-9.jpg 605w\" sizes=\"(max-width: 413px) 100vw, 413px\" \/>\t\t\t\t\t\t\t\t<\/a>\n\t\t\t\t\t\t\t\t\t\t\t\t\t\t\t<\/div>\n\t\t\t\t<\/div>\n\t\t\t\t<\/div>\n\t\t<div class=\"elementor-element elementor-element-25e5b2a e-con-full e-flex e-con e-child\" data-id=\"25e5b2a\" data-element_type=\"container\" data-e-type=\"container\">\n\t\t\t\t<div class=\"elementor-element elementor-element-cb63529 elementor-widget elementor-widget-text-editor\" data-id=\"cb63529\" data-element_type=\"widget\" data-e-type=\"widget\" data-widget_type=\"text-editor.default\">\n\t\t\t\t<div class=\"elementor-widget-container\">\n\t\t\t\t\t\t\t\t\t<p>\ud83d\udc3e <strong>Juego Interactivo y Ejercicio Aumentado:<\/strong> Con el Chuckit Juguetes Lanzador de Pelotas, puedes lanzar la pelota m\u00e1s lejos y m\u00e1s r\u00e1pido, brindando a tu perro una emocionante carrera para atraparla. Este juego activo no solo mantiene a tu perro entretenido, sino que tambi\u00e9n promueve el ejercicio y la salud f\u00edsica. \u00a1Haz que cada lanzamiento sea una aventura emocionante para tu mejor amigo peludo!<\/p><p>\u00a0<\/p><p>\ud83c\udf08 <strong>Dise\u00f1o Atractivo y Colores Brillantes:<\/strong> El dise\u00f1o especial y los colores vibrantes del Chuckit Juguetes Lanzador de Pelotas son irresistibles para tu mascota. Estimula sus sentidos y despierta su curiosidad, haciendo que el tiempo de juego sea a\u00fan m\u00e1s emocionante. \u00a1Prep\u00e1rate para ver a tu perro emocionado cada vez que saques este juguete para jugar!<\/p><p>\u00a0<\/p><p>\ud83d\udee1\ufe0f <strong>Seguro y Duradero:<\/strong> Fabricado con materiales de alta calidad y no t\u00f3xicos, este lanzador de pelotas garantiza la seguridad de tu perro mientras juega. Su dise\u00f1o resistente y duradero asegura que el juguete pueda soportar incluso los juegos m\u00e1s vigorosos. \u00a1Disfruta de la tranquilidad de saber que est\u00e1s proporcionando a tu mascota un juguete seguro y confiable!<\/p><p>\u00a0<\/p><p>\ud83c\udf89 <strong>M\u00e1s Diversi\u00f3n, M\u00e1s V\u00ednculo:<\/strong> Con el Chuckit Juguetes Lanzador de Pelotas, fortalecer\u00e1s tu relaci\u00f3n con tu perro mientras disfrutan juntos de emocionantes sesiones de juego. Compartir momentos de diversi\u00f3n y emoci\u00f3n crea recuerdos inolvidables y fortalece el v\u00ednculo entre t\u00fa y tu mascota. \u00a1Haz que cada d\u00eda sea especial con este incre\u00edble juguete!<\/p><p>\u00a0<\/p><p>No esperes m\u00e1s para llevar la diversi\u00f3n y la emoci\u00f3n al tiempo de juego de tu perro. \u00a1Haz clic ahora y lleva a casa el Chuckit Juguetes Lanzador de Pelotas para disfrutar de momentos inolvidables junto a tu mejor amigo peludo!<\/p>\t\t\t\t\t\t\t\t<\/div>\n\t\t\t\t<\/div>\n\t\t\t\t<div class=\"elementor-element elementor-element-09eca1e elementor-align-right elementor-widget elementor-widget-button\" data-id=\"09eca1e\" data-element_type=\"widget\" data-e-type=\"widget\" data-widget_type=\"button.default\">\n\t\t\t\t<div class=\"elementor-widget-container\">\n\t\t\t\t\t\t\t\t\t<div class=\"elementor-button-wrapper\">\n\t\t\t\t\t<a class=\"elementor-button elementor-button-link elementor-size-sm\" href=\"https:\/\/amzn.to\/3Uv42CT\" target=\"_blank\">\n\t\t\t\t\t\t<span class=\"elementor-button-content-wrapper\">\n\t\t\t\t\t\t\t\t\t<span class=\"elementor-button-text\">Compra ahora en Amazon<\/span>\n\t\t\t\t\t<\/span>\n\t\t\t\t\t<\/a>\n\t\t\t\t<\/div>\n\t\t\t\t\t\t\t\t<\/div>\n\t\t\t\t<\/div>\n\t\t\t\t<\/div>\n\t\t\t\t\t<\/div>\n\t\t\t\t<\/div>\n\t\t<div class=\"elementor-element elementor-element-d1c8213 e-flex e-con-boxed e-con e-parent\" data-id=\"d1c8213\" data-element_type=\"container\" data-e-type=\"container\">\n\t\t\t\t\t<div class=\"e-con-inner\">\n\t\t\t\t<div class=\"elementor-element elementor-element-0b1091b elementor-arrows-position-inside elementor-pagination-position-outside elementor-widget elementor-widget-image-carousel\" data-id=\"0b1091b\" data-element_type=\"widget\" data-e-type=\"widget\" data-settings=\"{&quot;slides_to_show&quot;:&quot;1&quot;,&quot;navigation&quot;:&quot;both&quot;,&quot;autoplay&quot;:&quot;yes&quot;,&quot;pause_on_hover&quot;:&quot;yes&quot;,&quot;pause_on_interaction&quot;:&quot;yes&quot;,&quot;autoplay_speed&quot;:5000,&quot;infinite&quot;:&quot;yes&quot;,&quot;effect&quot;:&quot;slide&quot;,&quot;speed&quot;:500}\" data-widget_type=\"image-carousel.default\">\n\t\t\t\t<div class=\"elementor-widget-container\">\n\t\t\t\t\t\t\t<div class=\"elementor-image-carousel-wrapper swiper\" role=\"region\" aria-roledescription=\"carousel\" aria-label=\"Carrusel de im\u00e1genes\" dir=\"ltr\">\n\t\t\t<div class=\"elementor-image-carousel swiper-wrapper\" aria-live=\"off\">\n\t\t\t\t\t\t\t\t<div class=\"swiper-slide\" role=\"group\" aria-roledescription=\"slide\" aria-label=\"1 de 6\"><figure class=\"swiper-slide-inner\"><img decoding=\"async\" class=\"swiper-slide-image\" src=\"https:\/\/mundoanimalito.com\/wp-content\/uploads\/2024\/04\/51TLfgSU7EL._AC_SL1500_.jpg\" alt=\"Chuckit Juguetes Lanzador de pelotas Para Perros Fetch &amp; Fold Launcher\" \/><\/figure><\/div><div class=\"swiper-slide\" role=\"group\" aria-roledescription=\"slide\" aria-label=\"2 de 6\"><figure class=\"swiper-slide-inner\"><img decoding=\"async\" class=\"swiper-slide-image\" src=\"https:\/\/mundoanimalito.com\/wp-content\/uploads\/2024\/04\/61Zk4OCJ0HL._AC_SL1500_-768x626.jpg\" alt=\"Chuckit Juguetes Lanzador de pelotas Para Perros Fetch &amp; Fold Launcher\" \/><\/figure><\/div><div class=\"swiper-slide\" role=\"group\" aria-roledescription=\"slide\" aria-label=\"3 de 6\"><figure class=\"swiper-slide-inner\"><img decoding=\"async\" class=\"swiper-slide-image\" src=\"https:\/\/mundoanimalito.com\/wp-content\/uploads\/2024\/04\/61QmyVrjUVL._AC_SL1500_-768x236.jpg\" alt=\"Chuckit Juguetes Lanzador de pelotas Para Perros Fetch &amp; Fold Launcher\" \/><\/figure><\/div><div class=\"swiper-slide\" role=\"group\" aria-roledescription=\"slide\" aria-label=\"4 de 6\"><figure class=\"swiper-slide-inner\"><img decoding=\"async\" class=\"swiper-slide-image\" src=\"https:\/\/mundoanimalito.com\/wp-content\/uploads\/2024\/04\/81wzkNY-zVL._AC_SL1500_-768x768.jpg\" alt=\"Chuckit Juguetes Lanzador de pelotas Para Perros Fetch &amp; Fold Launcher\" \/><\/figure><\/div><div class=\"swiper-slide\" role=\"group\" aria-roledescription=\"slide\" aria-label=\"5 de 6\"><figure class=\"swiper-slide-inner\"><img decoding=\"async\" class=\"swiper-slide-image\" src=\"https:\/\/mundoanimalito.com\/wp-content\/uploads\/2024\/04\/71jEN6S8FOL._AC_SL1500_.jpg\" alt=\"Chuckit Juguetes Lanzador de pelotas Para Perros Fetch &amp; Fold Launcher\" \/><\/figure><\/div><div class=\"swiper-slide\" role=\"group\" aria-roledescription=\"slide\" aria-label=\"6 de 6\"><figure class=\"swiper-slide-inner\"><img decoding=\"async\" class=\"swiper-slide-image\" src=\"https:\/\/mundoanimalito.com\/wp-content\/uploads\/2024\/04\/91S7DdNHK5L._AC_SL1500_-768x769.jpg\" alt=\"Chuckit Juguetes Lanzador de pelotas Para Perros Fetch &amp; Fold Launcher\" \/><\/figure><\/div>\t\t\t<\/div>\n\t\t\t\t\t\t\t\t\t\t\t\t<div class=\"elementor-swiper-button elementor-swiper-button-prev\" role=\"button\" tabindex=\"0\">\n\t\t\t\t\t\t<i aria-hidden=\"true\" class=\"eicon-chevron-left\"><\/i>\t\t\t\t\t<\/div>\n\t\t\t\t\t<div class=\"elementor-swiper-button elementor-swiper-button-next\" role=\"button\" tabindex=\"0\">\n\t\t\t\t\t\t<i aria-hidden=\"true\" class=\"eicon-chevron-right\"><\/i>\t\t\t\t\t<\/div>\n\t\t\t\t\n\t\t\t\t\t\t\t\t\t<div class=\"swiper-pagination\"><\/div>\n\t\t\t\t\t\t\t\t\t<\/div>\n\t\t\t\t\t\t<\/div>\n\t\t\t\t<\/div>\n\t\t\t\t\t<\/div>\n\t\t\t\t<\/div>\n\t\t<div class=\"elementor-element elementor-element-e40242e e-flex e-con-boxed e-con e-parent\" data-id=\"e40242e\" data-element_type=\"container\" data-e-type=\"container\">\n\t\t\t\t\t<div class=\"e-con-inner\">\n\t\t\t\t<div class=\"elementor-element elementor-element-7a71c25 elementor-align-right elementor-widget elementor-widget-button\" data-id=\"7a71c25\" data-element_type=\"widget\" data-e-type=\"widget\" data-widget_type=\"button.default\">\n\t\t\t\t<div class=\"elementor-widget-container\">\n\t\t\t\t\t\t\t\t\t<div class=\"elementor-button-wrapper\">\n\t\t\t\t\t<a class=\"elementor-button elementor-button-link elementor-size-sm\" href=\"https:\/\/amzn.to\/3Uv42CT\" target=\"_blank\">\n\t\t\t\t\t\t<span class=\"elementor-button-content-wrapper\">\n\t\t\t\t\t\t\t\t\t<span class=\"elementor-button-text\">Compra ahora en Amazon<\/span>\n\t\t\t\t\t<\/span>\n\t\t\t\t\t<\/a>\n\t\t\t\t<\/div>\n\t\t\t\t\t\t\t\t<\/div>\n\t\t\t\t<\/div>\n\t\t\t\t\t<\/div>\n\t\t\t\t<\/div>\n\t\t\t\t<\/div>\n\t\t","protected":false},"excerpt":{"rendered":"<p>\u00bfQuieres llevar el juego con tu perro al siguiente nivel? \u00a1El Chuckit Juguetes Lanzador de Pelotas es la soluci\u00f3n perfecta para ti y tu mascota! Descubre c\u00f3mo este incre\u00edble juguete puede transformar el tiempo de juego de tu perro y fortalecer vuestro v\u00ednculo. \ud83d\udc3e Juego Interactivo y Ejercicio Aumentado: Con el Chuckit Juguetes Lanzador de [&hellip;]<\/p>\n","protected":false},"author":1,"featured_media":0,"parent":0,"menu_order":0,"comment_status":"closed","ping_status":"closed","template":"","meta":{"site-sidebar-layout":"no-sidebar","site-content-layout":"page-builder","ast-site-content-layout":"full-width-container","site-content-style":"default","site-sidebar-style":"default","ast-global-header-display":"","ast-banner-title-visibility":"","ast-main-header-display":"","ast-hfb-above-header-display":"","ast-hfb-below-header-display":"","ast-hfb-mobile-header-display":"","site-post-title":"disabled","ast-breadcrumbs-content":"","ast-featured-img":"disabled","footer-sml-layout":"","ast-disable-related-posts":"","theme-transparent-header-meta":"","adv-header-id-meta":"","stick-header-meta":"","header-above-stick-meta":"","header-main-stick-meta":"","header-below-stick-meta":"","astra-migrate-meta-layouts":"set","ast-page-background-enabled":"default","ast-page-background-meta":{"desktop":{"background-color":"var(--ast-global-color-4)","background-image":"","background-repeat":"repeat","background-position":"center center","background-size":"auto","background-attachment":"scroll","background-type":"","background-media":"","overlay-type":"","overlay-color":"","overlay-opacity":"","overlay-gradient":""},"tablet":{"background-color":"","background-image":"","background-repeat":"repeat","background-position":"center center","background-size":"auto","background-attachment":"scroll","background-type":"","background-media":"","overlay-type":"","overlay-color":"","overlay-opacity":"","overlay-gradient":""},"mobile":{"background-color":"","background-image":"","background-repeat":"repeat","background-position":"center center","background-size":"auto","background-attachment":"scroll","background-type":"","background-media":"","overlay-type":"","overlay-color":"","overlay-opacity":"","overlay-gradient":""}},"ast-content-background-meta":{"desktop":{"background-color":"var(--ast-global-color-5)","background-image":"","background-repeat":"repeat","background-position":"center center","background-size":"auto","background-attachment":"scroll","background-type":"","background-media":"","overlay-type":"","overlay-color":"","overlay-opacity":"","overlay-gradient":""},"tablet":{"background-color":"var(--ast-global-color-5)","background-image":"","background-repeat":"repeat","background-position":"center center","background-size":"auto","background-attachment":"scroll","background-type":"","background-media":"","overlay-type":"","overlay-color":"","overlay-opacity":"","overlay-gradient":""},"mobile":{"background-color":"var(--ast-global-color-5)","background-image":"","background-repeat":"repeat","background-position":"center center","background-size":"auto","background-attachment":"scroll","background-type":"","background-media":"","overlay-type":"","overlay-color":"","overlay-opacity":"","overlay-gradient":""}},"footnotes":""},"class_list":["post-27974","page","type-page","status-publish","hentry"],"yoast_head":"<!-- This site is optimized with the Yoast SEO plugin v27.4 - https:\/\/yoast.com\/product\/yoast-seo-wordpress\/ -->\n<title>Chuckit Juguetes Lanzador de pelotas Para Perros | Mundo Animalito<\/title>\n<meta name=\"description\" content=\"\u00bfQuieres llevar el juego con tu perro al siguiente nivel? \u00a1El Chuckit Juguetes Lanzador de Pelotas es la soluci\u00f3n perfecta para ti y tu mascota! Descubre c\u00f3mo este incre\u00edble juguete puede transformar el tiempo de juego de tu perro y fortalecer vuestro v\u00ednculo\" \/>\n<meta name=\"robots\" content=\"index, follow, max-snippet:-1, max-image-preview:large, max-video-preview:-1\" \/>\n<link rel=\"canonical\" href=\"https:\/\/mundoanimalito.com\/index.php\/chuckit-juguetes-lanzador-de-pelotas-para-perros-fetch-fold-launcher\/\" \/>\n<meta property=\"og:locale\" content=\"es_ES\" \/>\n<meta property=\"og:type\" content=\"article\" \/>\n<meta property=\"og:title\" content=\"Chuckit Juguetes Lanzador de pelotas Para Perros | Mundo Animalito\" \/>\n<meta property=\"og:description\" content=\"\u00bfQuieres llevar el juego con tu perro al siguiente nivel? \u00a1El Chuckit Juguetes Lanzador de Pelotas es la soluci\u00f3n perfecta para ti y tu mascota! Descubre c\u00f3mo este incre\u00edble juguete puede transformar el tiempo de juego de tu perro y fortalecer vuestro v\u00ednculo\" \/>\n<meta property=\"og:url\" content=\"https:\/\/mundoanimalito.com\/index.php\/chuckit-juguetes-lanzador-de-pelotas-para-perros-fetch-fold-launcher\/\" \/>\n<meta property=\"og:site_name\" content=\"Mundo Animalito\" \/>\n<meta property=\"article:publisher\" content=\"https:\/\/www.facebook.com\/mundoanimalito77\" \/>\n<meta property=\"article:modified_time\" content=\"2024-09-04T16:19:52+00:00\" \/>\n<meta property=\"og:image\" content=\"https:\/\/mundoanimalito.com\/wp-content\/uploads\/2024\/04\/0000-9-413x1024.jpg\" \/>\n<meta name=\"twitter:card\" content=\"summary_large_image\" \/>\n<meta name=\"twitter:label1\" content=\"Tiempo de lectura\" \/>\n\t<meta name=\"twitter:data1\" content=\"3 minutos\" \/>\n<script type=\"application\/ld+json\" class=\"yoast-schema-graph\">{\"@context\":\"https:\\\/\\\/schema.org\",\"@graph\":[{\"@type\":\"WebPage\",\"@id\":\"https:\\\/\\\/mundoanimalito.com\\\/index.php\\\/chuckit-juguetes-lanzador-de-pelotas-para-perros-fetch-fold-launcher\\\/\",\"url\":\"https:\\\/\\\/mundoanimalito.com\\\/index.php\\\/chuckit-juguetes-lanzador-de-pelotas-para-perros-fetch-fold-launcher\\\/\",\"name\":\"Chuckit Juguetes Lanzador de pelotas Para Perros | Mundo Animalito\",\"isPartOf\":{\"@id\":\"https:\\\/\\\/mundoanimalito.com\\\/#website\"},\"primaryImageOfPage\":{\"@id\":\"https:\\\/\\\/mundoanimalito.com\\\/index.php\\\/chuckit-juguetes-lanzador-de-pelotas-para-perros-fetch-fold-launcher\\\/#primaryimage\"},\"image\":{\"@id\":\"https:\\\/\\\/mundoanimalito.com\\\/index.php\\\/chuckit-juguetes-lanzador-de-pelotas-para-perros-fetch-fold-launcher\\\/#primaryimage\"},\"thumbnailUrl\":\"https:\\\/\\\/mundoanimalito.com\\\/wp-content\\\/uploads\\\/2024\\\/04\\\/0000-9-413x1024.jpg\",\"datePublished\":\"2024-04-23T23:28:41+00:00\",\"dateModified\":\"2024-09-04T16:19:52+00:00\",\"description\":\"\u00bfQuieres llevar el juego con tu perro al siguiente nivel? \u00a1El Chuckit Juguetes Lanzador de Pelotas es la soluci\u00f3n perfecta para ti y tu mascota! Descubre c\u00f3mo este incre\u00edble juguete puede transformar el tiempo de juego de tu perro y fortalecer vuestro v\u00ednculo\",\"breadcrumb\":{\"@id\":\"https:\\\/\\\/mundoanimalito.com\\\/index.php\\\/chuckit-juguetes-lanzador-de-pelotas-para-perros-fetch-fold-launcher\\\/#breadcrumb\"},\"inLanguage\":\"es\",\"potentialAction\":[{\"@type\":\"ReadAction\",\"target\":[\"https:\\\/\\\/mundoanimalito.com\\\/index.php\\\/chuckit-juguetes-lanzador-de-pelotas-para-perros-fetch-fold-launcher\\\/\"]}]},{\"@type\":\"ImageObject\",\"inLanguage\":\"es\",\"@id\":\"https:\\\/\\\/mundoanimalito.com\\\/index.php\\\/chuckit-juguetes-lanzador-de-pelotas-para-perros-fetch-fold-launcher\\\/#primaryimage\",\"url\":\"https:\\\/\\\/mundoanimalito.com\\\/wp-content\\\/uploads\\\/2024\\\/04\\\/0000-9.jpg\",\"contentUrl\":\"https:\\\/\\\/mundoanimalito.com\\\/wp-content\\\/uploads\\\/2024\\\/04\\\/0000-9.jpg\",\"width\":605,\"height\":1500,\"caption\":\"Chuckit Juguetes Lanzador de pelotas Para Perros Fetch & Fold Launcher\"},{\"@type\":\"BreadcrumbList\",\"@id\":\"https:\\\/\\\/mundoanimalito.com\\\/index.php\\\/chuckit-juguetes-lanzador-de-pelotas-para-perros-fetch-fold-launcher\\\/#breadcrumb\",\"itemListElement\":[{\"@type\":\"ListItem\",\"position\":1,\"name\":\"Portada\",\"item\":\"https:\\\/\\\/mundoanimalito.com\\\/\"},{\"@type\":\"ListItem\",\"position\":2,\"name\":\"Chuckit Juguetes Lanzador de pelotas Para Perros Fetch &amp; Fold Launcher\"}]},{\"@type\":\"WebSite\",\"@id\":\"https:\\\/\\\/mundoanimalito.com\\\/#website\",\"url\":\"https:\\\/\\\/mundoanimalito.com\\\/\",\"name\":\"Mundo Animalito\",\"description\":\"Datos y curiosidades de los animales, encuentra ac\u00e1 todo para tu mascota\",\"publisher\":{\"@id\":\"https:\\\/\\\/mundoanimalito.com\\\/#organization\"},\"potentialAction\":[{\"@type\":\"SearchAction\",\"target\":{\"@type\":\"EntryPoint\",\"urlTemplate\":\"https:\\\/\\\/mundoanimalito.com\\\/?s={search_term_string}\"},\"query-input\":{\"@type\":\"PropertyValueSpecification\",\"valueRequired\":true,\"valueName\":\"search_term_string\"}}],\"inLanguage\":\"es\"},{\"@type\":\"Organization\",\"@id\":\"https:\\\/\\\/mundoanimalito.com\\\/#organization\",\"name\":\"Mundo Animalito\",\"url\":\"https:\\\/\\\/mundoanimalito.com\\\/\",\"logo\":{\"@type\":\"ImageObject\",\"inLanguage\":\"es\",\"@id\":\"https:\\\/\\\/mundoanimalito.com\\\/#\\\/schema\\\/logo\\\/image\\\/\",\"url\":\"https:\\\/\\\/mundoanimalito.com\\\/wp-content\\\/uploads\\\/2023\\\/10\\\/cropped-cropped-LOGO-OFICIAL-ULTIMA-VERSION-1.jpg\",\"contentUrl\":\"https:\\\/\\\/mundoanimalito.com\\\/wp-content\\\/uploads\\\/2023\\\/10\\\/cropped-cropped-LOGO-OFICIAL-ULTIMA-VERSION-1.jpg\",\"width\":374,\"height\":425,\"caption\":\"Mundo Animalito\"},\"image\":{\"@id\":\"https:\\\/\\\/mundoanimalito.com\\\/#\\\/schema\\\/logo\\\/image\\\/\"},\"sameAs\":[\"https:\\\/\\\/www.facebook.com\\\/mundoanimalito77\",\"https:\\\/\\\/www.instagram.com\\\/mundoanimalito77\\\/\",\"https:\\\/\\\/www.tiktok.com\\\/@mundoanimalito77\",\"https:\\\/\\\/www.youtube.com\\\/channel\\\/UCLo2JhNUNtHVraDt5aHadew\"]}]}<\/script>\n<!-- \/ Yoast SEO plugin. -->","yoast_head_json":{"title":"Chuckit Juguetes Lanzador de pelotas Para Perros | Mundo Animalito","description":"\u00bfQuieres llevar el juego con tu perro al siguiente nivel? \u00a1El Chuckit Juguetes Lanzador de Pelotas es la soluci\u00f3n perfecta para ti y tu mascota! Descubre c\u00f3mo este incre\u00edble juguete puede transformar el tiempo de juego de tu perro y fortalecer vuestro v\u00ednculo","robots":{"index":"index","follow":"follow","max-snippet":"max-snippet:-1","max-image-preview":"max-image-preview:large","max-video-preview":"max-video-preview:-1"},"canonical":"https:\/\/mundoanimalito.com\/index.php\/chuckit-juguetes-lanzador-de-pelotas-para-perros-fetch-fold-launcher\/","og_locale":"es_ES","og_type":"article","og_title":"Chuckit Juguetes Lanzador de pelotas Para Perros | Mundo Animalito","og_description":"\u00bfQuieres llevar el juego con tu perro al siguiente nivel? \u00a1El Chuckit Juguetes Lanzador de Pelotas es la soluci\u00f3n perfecta para ti y tu mascota! Descubre c\u00f3mo este incre\u00edble juguete puede transformar el tiempo de juego de tu perro y fortalecer vuestro v\u00ednculo","og_url":"https:\/\/mundoanimalito.com\/index.php\/chuckit-juguetes-lanzador-de-pelotas-para-perros-fetch-fold-launcher\/","og_site_name":"Mundo Animalito","article_publisher":"https:\/\/www.facebook.com\/mundoanimalito77","article_modified_time":"2024-09-04T16:19:52+00:00","og_image":[{"url":"https:\/\/mundoanimalito.com\/wp-content\/uploads\/2024\/04\/0000-9-413x1024.jpg","type":"","width":"","height":""}],"twitter_card":"summary_large_image","twitter_misc":{"Tiempo de lectura":"3 minutos"},"schema":{"@context":"https:\/\/schema.org","@graph":[{"@type":"WebPage","@id":"https:\/\/mundoanimalito.com\/index.php\/chuckit-juguetes-lanzador-de-pelotas-para-perros-fetch-fold-launcher\/","url":"https:\/\/mundoanimalito.com\/index.php\/chuckit-juguetes-lanzador-de-pelotas-para-perros-fetch-fold-launcher\/","name":"Chuckit Juguetes Lanzador de pelotas Para Perros | Mundo Animalito","isPartOf":{"@id":"https:\/\/mundoanimalito.com\/#website"},"primaryImageOfPage":{"@id":"https:\/\/mundoanimalito.com\/index.php\/chuckit-juguetes-lanzador-de-pelotas-para-perros-fetch-fold-launcher\/#primaryimage"},"image":{"@id":"https:\/\/mundoanimalito.com\/index.php\/chuckit-juguetes-lanzador-de-pelotas-para-perros-fetch-fold-launcher\/#primaryimage"},"thumbnailUrl":"https:\/\/mundoanimalito.com\/wp-content\/uploads\/2024\/04\/0000-9-413x1024.jpg","datePublished":"2024-04-23T23:28:41+00:00","dateModified":"2024-09-04T16:19:52+00:00","description":"\u00bfQuieres llevar el juego con tu perro al siguiente nivel? \u00a1El Chuckit Juguetes Lanzador de Pelotas es la soluci\u00f3n perfecta para ti y tu mascota! Descubre c\u00f3mo este incre\u00edble juguete puede transformar el tiempo de juego de tu perro y fortalecer vuestro v\u00ednculo","breadcrumb":{"@id":"https:\/\/mundoanimalito.com\/index.php\/chuckit-juguetes-lanzador-de-pelotas-para-perros-fetch-fold-launcher\/#breadcrumb"},"inLanguage":"es","potentialAction":[{"@type":"ReadAction","target":["https:\/\/mundoanimalito.com\/index.php\/chuckit-juguetes-lanzador-de-pelotas-para-perros-fetch-fold-launcher\/"]}]},{"@type":"ImageObject","inLanguage":"es","@id":"https:\/\/mundoanimalito.com\/index.php\/chuckit-juguetes-lanzador-de-pelotas-para-perros-fetch-fold-launcher\/#primaryimage","url":"https:\/\/mundoanimalito.com\/wp-content\/uploads\/2024\/04\/0000-9.jpg","contentUrl":"https:\/\/mundoanimalito.com\/wp-content\/uploads\/2024\/04\/0000-9.jpg","width":605,"height":1500,"caption":"Chuckit Juguetes Lanzador de pelotas Para Perros Fetch & Fold Launcher"},{"@type":"BreadcrumbList","@id":"https:\/\/mundoanimalito.com\/index.php\/chuckit-juguetes-lanzador-de-pelotas-para-perros-fetch-fold-launcher\/#breadcrumb","itemListElement":[{"@type":"ListItem","position":1,"name":"Portada","item":"https:\/\/mundoanimalito.com\/"},{"@type":"ListItem","position":2,"name":"Chuckit Juguetes Lanzador de pelotas Para Perros Fetch &amp; Fold Launcher"}]},{"@type":"WebSite","@id":"https:\/\/mundoanimalito.com\/#website","url":"https:\/\/mundoanimalito.com\/","name":"Mundo Animalito","description":"Datos y curiosidades de los animales, encuentra ac\u00e1 todo para tu mascota","publisher":{"@id":"https:\/\/mundoanimalito.com\/#organization"},"potentialAction":[{"@type":"SearchAction","target":{"@type":"EntryPoint","urlTemplate":"https:\/\/mundoanimalito.com\/?s={search_term_string}"},"query-input":{"@type":"PropertyValueSpecification","valueRequired":true,"valueName":"search_term_string"}}],"inLanguage":"es"},{"@type":"Organization","@id":"https:\/\/mundoanimalito.com\/#organization","name":"Mundo Animalito","url":"https:\/\/mundoanimalito.com\/","logo":{"@type":"ImageObject","inLanguage":"es","@id":"https:\/\/mundoanimalito.com\/#\/schema\/logo\/image\/","url":"https:\/\/mundoanimalito.com\/wp-content\/uploads\/2023\/10\/cropped-cropped-LOGO-OFICIAL-ULTIMA-VERSION-1.jpg","contentUrl":"https:\/\/mundoanimalito.com\/wp-content\/uploads\/2023\/10\/cropped-cropped-LOGO-OFICIAL-ULTIMA-VERSION-1.jpg","width":374,"height":425,"caption":"Mundo Animalito"},"image":{"@id":"https:\/\/mundoanimalito.com\/#\/schema\/logo\/image\/"},"sameAs":["https:\/\/www.facebook.com\/mundoanimalito77","https:\/\/www.instagram.com\/mundoanimalito77\/","https:\/\/www.tiktok.com\/@mundoanimalito77","https:\/\/www.youtube.com\/channel\/UCLo2JhNUNtHVraDt5aHadew"]}]}},"_links":{"self":[{"href":"https:\/\/mundoanimalito.com\/index.php\/wp-json\/wp\/v2\/pages\/27974","targetHints":{"allow":["GET"]}}],"collection":[{"href":"https:\/\/mundoanimalito.com\/index.php\/wp-json\/wp\/v2\/pages"}],"about":[{"href":"https:\/\/mundoanimalito.com\/index.php\/wp-json\/wp\/v2\/types\/page"}],"author":[{"embeddable":true,"href":"https:\/\/mundoanimalito.com\/index.php\/wp-json\/wp\/v2\/users\/1"}],"replies":[{"embeddable":true,"href":"https:\/\/mundoanimalito.com\/index.php\/wp-json\/wp\/v2\/comments?post=27974"}],"version-history":[{"count":0,"href":"https:\/\/mundoanimalito.com\/index.php\/wp-json\/wp\/v2\/pages\/27974\/revisions"}],"wp:attachment":[{"href":"https:\/\/mundoanimalito.com\/index.php\/wp-json\/wp\/v2\/media?parent=27974"}],"curies":[{"name":"wp","href":"https:\/\/api.w.org\/{rel}","templated":true}]}}