{"id":27838,"date":"2024-04-23T16:56:46","date_gmt":"2024-04-23T21:56:46","guid":{"rendered":"https:\/\/mundoanimalito.com\/?page_id=27838"},"modified":"2024-09-03T11:57:39","modified_gmt":"2024-09-03T16:57:39","slug":"aime-901635-juguete-pelota-5-sentidos-6-cm","status":"publish","type":"page","link":"https:\/\/mundoanimalito.com\/index.php\/aime-901635-juguete-pelota-5-sentidos-6-cm\/","title":{"rendered":"Aim\u00e9 901635 Juguete Pelota 5 Sentidos, 6 cm"},"content":{"rendered":"\t\t<div data-elementor-type=\"wp-page\" data-elementor-id=\"27838\" class=\"elementor elementor-27838\" data-elementor-post-type=\"page\">\n\t\t\t\t<div class=\"elementor-element elementor-element-e83b1f8 e-flex e-con-boxed e-con e-parent\" data-id=\"e83b1f8\" data-element_type=\"container\" data-e-type=\"container\">\n\t\t\t\t\t<div class=\"e-con-inner\">\n\t\t\t\t<div class=\"elementor-element elementor-element-4a7d4db elementor-invisible elementor-widget elementor-widget-heading\" data-id=\"4a7d4db\" data-element_type=\"widget\" data-e-type=\"widget\" data-settings=\"{&quot;_animation&quot;:&quot;fadeInDown&quot;}\" data-widget_type=\"heading.default\">\n\t\t\t\t<div class=\"elementor-widget-container\">\n\t\t\t\t\t<h2 class=\"elementor-heading-title elementor-size-default\">Tu perro merece una vida llena de estimulaci\u00f3n y diversi\u00f3n, y nuestra Pelota 5 Sentidos de Aim\u00e9 est\u00e1 dise\u00f1ada para ofrecer exactamente eso. Descubre c\u00f3mo este innovador juguete puede satisfacer las necesidades sensoriales de tu mascota y fortalecer vuestro v\u00ednculo.<\/h2>\t\t\t\t<\/div>\n\t\t\t\t<\/div>\n\t\t\t\t\t<\/div>\n\t\t\t\t<\/div>\n\t\t<div class=\"elementor-element elementor-element-3ed2b55 e-flex e-con-boxed e-con e-parent\" data-id=\"3ed2b55\" data-element_type=\"container\" data-e-type=\"container\">\n\t\t\t\t\t<div class=\"e-con-inner\">\n\t\t<div class=\"elementor-element elementor-element-1f5ea6b e-con-full e-flex e-con e-child\" data-id=\"1f5ea6b\" data-element_type=\"container\" data-e-type=\"container\">\n\t\t\t\t<div class=\"elementor-element elementor-element-218fab9 elementor-widget elementor-widget-image\" data-id=\"218fab9\" data-element_type=\"widget\" data-e-type=\"widget\" data-widget_type=\"image.default\">\n\t\t\t\t<div class=\"elementor-widget-container\">\n\t\t\t\t\t\t\t\t\t\t\t\t\t\t\t\t<a href=\"https:\/\/amzn.to\/3Wdm2Dd\" target=\"_blank\">\n\t\t\t\t\t\t\t<img fetchpriority=\"high\" decoding=\"async\" width=\"825\" height=\"1024\" src=\"https:\/\/mundoanimalito.com\/wp-content\/uploads\/2024\/04\/71Wz2xFZV-S._AC_SL1500_-825x1024.jpg\" class=\"attachment-large size-large wp-image-27822\" alt=\"Aim\u00e9 901635 Juguete Pelota 5 Sentidos, 6 cm\" srcset=\"https:\/\/mundoanimalito.com\/wp-content\/uploads\/2024\/04\/71Wz2xFZV-S._AC_SL1500_-825x1024.jpg 825w, https:\/\/mundoanimalito.com\/wp-content\/uploads\/2024\/04\/71Wz2xFZV-S._AC_SL1500_-242x300.jpg 242w, https:\/\/mundoanimalito.com\/wp-content\/uploads\/2024\/04\/71Wz2xFZV-S._AC_SL1500_-768x954.jpg 768w, https:\/\/mundoanimalito.com\/wp-content\/uploads\/2024\/04\/71Wz2xFZV-S._AC_SL1500_.jpg 1208w\" sizes=\"(max-width: 825px) 100vw, 825px\" \/>\t\t\t\t\t\t\t\t<\/a>\n\t\t\t\t\t\t\t\t\t\t\t\t\t\t\t<\/div>\n\t\t\t\t<\/div>\n\t\t\t\t<\/div>\n\t\t<div class=\"elementor-element elementor-element-672dec8 e-con-full e-flex e-con e-child\" data-id=\"672dec8\" data-element_type=\"container\" data-e-type=\"container\">\n\t\t\t\t<div class=\"elementor-element elementor-element-19922e2 elementor-widget elementor-widget-text-editor\" data-id=\"19922e2\" data-element_type=\"widget\" data-e-type=\"widget\" data-widget_type=\"text-editor.default\">\n\t\t\t\t<div class=\"elementor-widget-container\">\n\t\t\t\t\t\t\t\t\t<p>\ud83d\udc3e <strong>Est\u00edmulo Sensorial Completo:<\/strong> Nuestra pelota \u00ab5 sentidos\u00bb est\u00e1 dise\u00f1ada para despertar los sentidos de tu perro en cada juego. Con colores brillantes que atraen la vista, textura estimulante para el tacto, sonido de silbato para el o\u00eddo y sabor irresistible a carne de res, esta pelota ofrece una experiencia sensorial completa.<\/p><p>\u00a0<\/p><p>\ud83e\udde0 <strong>Beneficios Educativos:<\/strong> El juego es una parte esencial del proceso educativo de tu perro. Con la Pelota 5 Sentidos de Aim\u00e9, puedes entrenar a tu mascota de manera divertida y efectiva. Combina \u00f3rdenes con el placer del juego para reforzar su aprendizaje y mantener una educaci\u00f3n constante a lo largo de su vida.<\/p><p>\u00a0<\/p><p>\ud83e\udd1d <strong>Interacci\u00f3n y V\u00ednculo:<\/strong> Fortalece tu relaci\u00f3n con tu perro a trav\u00e9s del juego interactivo. La Pelota 5 Sentidos de Aim\u00e9 crea momentos de conexi\u00f3n y complicidad entre t\u00fa y tu mascota, ayudando a construir una relaci\u00f3n s\u00f3lida basada en el amor y la diversi\u00f3n compartida.<\/p><p>\u00a0<\/p><p>\ud83d\udcaa <strong>Agilidad y Salud:<\/strong> El juego activo es fundamental para la salud y el bienestar de tu perro. Con nuestra pelota, cada juego promueve la agilidad f\u00edsica de tu mascota, fortaleciendo sus m\u00fasculos y articulaciones mientras desarrolla una mayor conciencia de su cuerpo y entorno.<\/p><p>\u00a0<\/p><p>\u00a1Haz del juego una experiencia sensorialmente enriquecedora para tu perro con la Pelota 5 Sentidos de Aim\u00e9! A\u00f1\u00e1dela a tu carrito ahora y dale a tu mascota la diversi\u00f3n y el est\u00edmulo que se merece.<\/p>\t\t\t\t\t\t\t\t<\/div>\n\t\t\t\t<\/div>\n\t\t\t\t<div class=\"elementor-element elementor-element-c215287 elementor-align-right elementor-widget elementor-widget-button\" data-id=\"c215287\" data-element_type=\"widget\" data-e-type=\"widget\" data-widget_type=\"button.default\">\n\t\t\t\t<div class=\"elementor-widget-container\">\n\t\t\t\t\t\t\t\t\t<div class=\"elementor-button-wrapper\">\n\t\t\t\t\t<a class=\"elementor-button elementor-button-link elementor-size-sm\" href=\"https:\/\/amzn.to\/3Wdm2Dd\" target=\"_blank\">\n\t\t\t\t\t\t<span class=\"elementor-button-content-wrapper\">\n\t\t\t\t\t\t\t\t\t<span class=\"elementor-button-text\">Compra ahora en Amazon<\/span>\n\t\t\t\t\t<\/span>\n\t\t\t\t\t<\/a>\n\t\t\t\t<\/div>\n\t\t\t\t\t\t\t\t<\/div>\n\t\t\t\t<\/div>\n\t\t\t\t<\/div>\n\t\t\t\t\t<\/div>\n\t\t\t\t<\/div>\n\t\t<div class=\"elementor-element elementor-element-f9941b6 e-flex e-con-boxed e-con e-parent\" data-id=\"f9941b6\" data-element_type=\"container\" data-e-type=\"container\">\n\t\t\t\t\t<div class=\"e-con-inner\">\n\t\t\t\t<div class=\"elementor-element elementor-element-efbaf28 elementor-arrows-position-inside elementor-pagination-position-outside elementor-widget elementor-widget-image-carousel\" data-id=\"efbaf28\" data-element_type=\"widget\" data-e-type=\"widget\" data-settings=\"{&quot;slides_to_show&quot;:&quot;1&quot;,&quot;navigation&quot;:&quot;both&quot;,&quot;autoplay&quot;:&quot;yes&quot;,&quot;pause_on_hover&quot;:&quot;yes&quot;,&quot;pause_on_interaction&quot;:&quot;yes&quot;,&quot;autoplay_speed&quot;:5000,&quot;infinite&quot;:&quot;yes&quot;,&quot;effect&quot;:&quot;slide&quot;,&quot;speed&quot;:500}\" data-widget_type=\"image-carousel.default\">\n\t\t\t\t<div class=\"elementor-widget-container\">\n\t\t\t\t\t\t\t<div class=\"elementor-image-carousel-wrapper swiper\" role=\"region\" aria-roledescription=\"carousel\" aria-label=\"Carrusel de im\u00e1genes\" dir=\"ltr\">\n\t\t\t<div class=\"elementor-image-carousel swiper-wrapper\" aria-live=\"off\">\n\t\t\t\t\t\t\t\t<div class=\"swiper-slide\" role=\"group\" aria-roledescription=\"slide\" aria-label=\"1 de 5\"><figure class=\"swiper-slide-inner\"><img decoding=\"async\" class=\"swiper-slide-image\" src=\"https:\/\/mundoanimalito.com\/wp-content\/uploads\/2024\/04\/71OIxFI3CqL._AC_SL1500_-768x706.jpg\" alt=\"Aim\u00e9 901635 Juguete Pelota 5 Sentidos, 6 cm\" \/><\/figure><\/div><div class=\"swiper-slide\" role=\"group\" aria-roledescription=\"slide\" aria-label=\"2 de 5\"><figure class=\"swiper-slide-inner\"><img decoding=\"async\" class=\"swiper-slide-image\" src=\"https:\/\/mundoanimalito.com\/wp-content\/uploads\/2024\/04\/71IvL1IsdwL._AC_SL1500_-768x632.jpg\" alt=\"Aim\u00e9 901635 Juguete Pelota 5 Sentidos, 6 cm\" \/><\/figure><\/div><div class=\"swiper-slide\" role=\"group\" aria-roledescription=\"slide\" aria-label=\"3 de 5\"><figure class=\"swiper-slide-inner\"><img decoding=\"async\" class=\"swiper-slide-image\" src=\"https:\/\/mundoanimalito.com\/wp-content\/uploads\/2024\/04\/91lnG0iBBrL._AC_SL1500_-768x1152.jpg\" alt=\"Aim\u00e9 901635 Juguete Pelota 5 Sentidos, 6 cm\" \/><\/figure><\/div><div class=\"swiper-slide\" role=\"group\" aria-roledescription=\"slide\" aria-label=\"4 de 5\"><figure class=\"swiper-slide-inner\"><img decoding=\"async\" class=\"swiper-slide-image\" src=\"https:\/\/mundoanimalito.com\/wp-content\/uploads\/2024\/04\/71Ok8c6hv0S._AC_SL1500_-768x610.jpg\" alt=\"Aim\u00e9 901635 Juguete Pelota 5 Sentidos, 6 cm\" \/><\/figure><\/div><div class=\"swiper-slide\" role=\"group\" aria-roledescription=\"slide\" aria-label=\"5 de 5\"><figure class=\"swiper-slide-inner\"><img decoding=\"async\" class=\"swiper-slide-image\" src=\"https:\/\/mundoanimalito.com\/wp-content\/uploads\/2024\/04\/71RuYTsFbS._AC_SL1500_-768x955.jpg\" alt=\"Aim\u00e9 901635 Juguete Pelota 5 Sentidos, 6 cm\" \/><\/figure><\/div>\t\t\t<\/div>\n\t\t\t\t\t\t\t\t\t\t\t\t<div class=\"elementor-swiper-button elementor-swiper-button-prev\" role=\"button\" tabindex=\"0\">\n\t\t\t\t\t\t<i aria-hidden=\"true\" class=\"eicon-chevron-left\"><\/i>\t\t\t\t\t<\/div>\n\t\t\t\t\t<div class=\"elementor-swiper-button elementor-swiper-button-next\" role=\"button\" tabindex=\"0\">\n\t\t\t\t\t\t<i aria-hidden=\"true\" class=\"eicon-chevron-right\"><\/i>\t\t\t\t\t<\/div>\n\t\t\t\t\n\t\t\t\t\t\t\t\t\t<div class=\"swiper-pagination\"><\/div>\n\t\t\t\t\t\t\t\t\t<\/div>\n\t\t\t\t\t\t<\/div>\n\t\t\t\t<\/div>\n\t\t\t\t\t<\/div>\n\t\t\t\t<\/div>\n\t\t<div class=\"elementor-element elementor-element-e664b56 e-flex e-con-boxed e-con e-parent\" data-id=\"e664b56\" data-element_type=\"container\" data-e-type=\"container\">\n\t\t\t\t\t<div class=\"e-con-inner\">\n\t\t\t\t<div class=\"elementor-element elementor-element-9a70d84 elementor-align-right elementor-widget elementor-widget-button\" data-id=\"9a70d84\" data-element_type=\"widget\" data-e-type=\"widget\" data-widget_type=\"button.default\">\n\t\t\t\t<div class=\"elementor-widget-container\">\n\t\t\t\t\t\t\t\t\t<div class=\"elementor-button-wrapper\">\n\t\t\t\t\t<a class=\"elementor-button elementor-button-link elementor-size-sm\" href=\"https:\/\/amzn.to\/3Wdm2Dd\" target=\"_blank\">\n\t\t\t\t\t\t<span class=\"elementor-button-content-wrapper\">\n\t\t\t\t\t\t\t\t\t<span class=\"elementor-button-text\">Compra ahora en Amazon<\/span>\n\t\t\t\t\t<\/span>\n\t\t\t\t\t<\/a>\n\t\t\t\t<\/div>\n\t\t\t\t\t\t\t\t<\/div>\n\t\t\t\t<\/div>\n\t\t\t\t\t<\/div>\n\t\t\t\t<\/div>\n\t\t\t\t<\/div>\n\t\t","protected":false},"excerpt":{"rendered":"<p>Tu perro merece una vida llena de estimulaci\u00f3n y diversi\u00f3n, y nuestra Pelota 5 Sentidos de Aim\u00e9 est\u00e1 dise\u00f1ada para ofrecer exactamente eso. Descubre c\u00f3mo este innovador juguete puede satisfacer las necesidades sensoriales de tu mascota y fortalecer vuestro v\u00ednculo. \ud83d\udc3e Est\u00edmulo Sensorial Completo: Nuestra pelota \u00ab5 sentidos\u00bb est\u00e1 dise\u00f1ada para despertar los sentidos de [&hellip;]<\/p>\n","protected":false},"author":1,"featured_media":0,"parent":0,"menu_order":0,"comment_status":"closed","ping_status":"closed","template":"","meta":{"site-sidebar-layout":"no-sidebar","site-content-layout":"page-builder","ast-site-content-layout":"full-width-container","site-content-style":"default","site-sidebar-style":"default","ast-global-header-display":"","ast-banner-title-visibility":"","ast-main-header-display":"","ast-hfb-above-header-display":"","ast-hfb-below-header-display":"","ast-hfb-mobile-header-display":"","site-post-title":"disabled","ast-breadcrumbs-content":"","ast-featured-img":"disabled","footer-sml-layout":"","ast-disable-related-posts":"","theme-transparent-header-meta":"","adv-header-id-meta":"","stick-header-meta":"","header-above-stick-meta":"","header-main-stick-meta":"","header-below-stick-meta":"","astra-migrate-meta-layouts":"set","ast-page-background-enabled":"default","ast-page-background-meta":{"desktop":{"background-color":"var(--ast-global-color-4)","background-image":"","background-repeat":"repeat","background-position":"center center","background-size":"auto","background-attachment":"scroll","background-type":"","background-media":"","overlay-type":"","overlay-color":"","overlay-opacity":"","overlay-gradient":""},"tablet":{"background-color":"","background-image":"","background-repeat":"repeat","background-position":"center center","background-size":"auto","background-attachment":"scroll","background-type":"","background-media":"","overlay-type":"","overlay-color":"","overlay-opacity":"","overlay-gradient":""},"mobile":{"background-color":"","background-image":"","background-repeat":"repeat","background-position":"center center","background-size":"auto","background-attachment":"scroll","background-type":"","background-media":"","overlay-type":"","overlay-color":"","overlay-opacity":"","overlay-gradient":""}},"ast-content-background-meta":{"desktop":{"background-color":"var(--ast-global-color-5)","background-image":"","background-repeat":"repeat","background-position":"center center","background-size":"auto","background-attachment":"scroll","background-type":"","background-media":"","overlay-type":"","overlay-color":"","overlay-opacity":"","overlay-gradient":""},"tablet":{"background-color":"var(--ast-global-color-5)","background-image":"","background-repeat":"repeat","background-position":"center center","background-size":"auto","background-attachment":"scroll","background-type":"","background-media":"","overlay-type":"","overlay-color":"","overlay-opacity":"","overlay-gradient":""},"mobile":{"background-color":"var(--ast-global-color-5)","background-image":"","background-repeat":"repeat","background-position":"center center","background-size":"auto","background-attachment":"scroll","background-type":"","background-media":"","overlay-type":"","overlay-color":"","overlay-opacity":"","overlay-gradient":""}},"footnotes":""},"class_list":["post-27838","page","type-page","status-publish","hentry"],"yoast_head":"<!-- This site is optimized with the Yoast SEO plugin v27.4 - https:\/\/yoast.com\/product\/yoast-seo-wordpress\/ -->\n<title>Aim\u00e9 - Pelota Perro 5 en 1 Ternera 6cm | Mundo Animalito<\/title>\n<meta name=\"description\" content=\"Aim\u00e9 - Pelota Perro 5 en 1 Ternera 6cm - Juguetes para Perros Educativo - Desarrollar y Estimular 5 Sentidos - Todas las Razas y Edades - Compatible Lanzador de Pelotas para Perros - Perros Accesorios\" \/>\n<meta name=\"robots\" content=\"index, follow, max-snippet:-1, max-image-preview:large, max-video-preview:-1\" \/>\n<link rel=\"canonical\" href=\"https:\/\/mundoanimalito.com\/index.php\/aime-901635-juguete-pelota-5-sentidos-6-cm\/\" \/>\n<meta property=\"og:locale\" content=\"es_ES\" \/>\n<meta property=\"og:type\" content=\"article\" \/>\n<meta property=\"og:title\" content=\"Aim\u00e9 - Pelota Perro 5 en 1 Ternera 6cm | Mundo Animalito\" \/>\n<meta property=\"og:description\" content=\"Aim\u00e9 - Pelota Perro 5 en 1 Ternera 6cm - Juguetes para Perros Educativo - Desarrollar y Estimular 5 Sentidos - Todas las Razas y Edades - Compatible Lanzador de Pelotas para Perros - Perros Accesorios\" \/>\n<meta property=\"og:url\" content=\"https:\/\/mundoanimalito.com\/index.php\/aime-901635-juguete-pelota-5-sentidos-6-cm\/\" \/>\n<meta property=\"og:site_name\" content=\"Mundo Animalito\" \/>\n<meta property=\"article:publisher\" content=\"https:\/\/www.facebook.com\/mundoanimalito77\" \/>\n<meta property=\"article:modified_time\" content=\"2024-09-03T16:57:39+00:00\" \/>\n<meta property=\"og:image\" content=\"https:\/\/mundoanimalito.com\/wp-content\/uploads\/2024\/04\/71Wz2xFZV-S._AC_SL1500_-825x1024.jpg\" \/>\n<meta name=\"twitter:card\" content=\"summary_large_image\" \/>\n<meta name=\"twitter:label1\" content=\"Tiempo de lectura\" \/>\n\t<meta name=\"twitter:data1\" content=\"3 minutos\" \/>\n<script type=\"application\/ld+json\" class=\"yoast-schema-graph\">{\"@context\":\"https:\\\/\\\/schema.org\",\"@graph\":[{\"@type\":\"WebPage\",\"@id\":\"https:\\\/\\\/mundoanimalito.com\\\/index.php\\\/aime-901635-juguete-pelota-5-sentidos-6-cm\\\/\",\"url\":\"https:\\\/\\\/mundoanimalito.com\\\/index.php\\\/aime-901635-juguete-pelota-5-sentidos-6-cm\\\/\",\"name\":\"Aim\u00e9 - Pelota Perro 5 en 1 Ternera 6cm | Mundo Animalito\",\"isPartOf\":{\"@id\":\"https:\\\/\\\/mundoanimalito.com\\\/#website\"},\"primaryImageOfPage\":{\"@id\":\"https:\\\/\\\/mundoanimalito.com\\\/index.php\\\/aime-901635-juguete-pelota-5-sentidos-6-cm\\\/#primaryimage\"},\"image\":{\"@id\":\"https:\\\/\\\/mundoanimalito.com\\\/index.php\\\/aime-901635-juguete-pelota-5-sentidos-6-cm\\\/#primaryimage\"},\"thumbnailUrl\":\"https:\\\/\\\/mundoanimalito.com\\\/wp-content\\\/uploads\\\/2024\\\/04\\\/71Wz2xFZV-S._AC_SL1500_-825x1024.jpg\",\"datePublished\":\"2024-04-23T21:56:46+00:00\",\"dateModified\":\"2024-09-03T16:57:39+00:00\",\"description\":\"Aim\u00e9 - Pelota Perro 5 en 1 Ternera 6cm - Juguetes para Perros Educativo - Desarrollar y Estimular 5 Sentidos - Todas las Razas y Edades - Compatible Lanzador de Pelotas para Perros - Perros Accesorios\",\"breadcrumb\":{\"@id\":\"https:\\\/\\\/mundoanimalito.com\\\/index.php\\\/aime-901635-juguete-pelota-5-sentidos-6-cm\\\/#breadcrumb\"},\"inLanguage\":\"es\",\"potentialAction\":[{\"@type\":\"ReadAction\",\"target\":[\"https:\\\/\\\/mundoanimalito.com\\\/index.php\\\/aime-901635-juguete-pelota-5-sentidos-6-cm\\\/\"]}]},{\"@type\":\"ImageObject\",\"inLanguage\":\"es\",\"@id\":\"https:\\\/\\\/mundoanimalito.com\\\/index.php\\\/aime-901635-juguete-pelota-5-sentidos-6-cm\\\/#primaryimage\",\"url\":\"https:\\\/\\\/mundoanimalito.com\\\/wp-content\\\/uploads\\\/2024\\\/04\\\/71Wz2xFZV-S._AC_SL1500_.jpg\",\"contentUrl\":\"https:\\\/\\\/mundoanimalito.com\\\/wp-content\\\/uploads\\\/2024\\\/04\\\/71Wz2xFZV-S._AC_SL1500_.jpg\",\"width\":1208,\"height\":1500,\"caption\":\"Aim\u00e9 901635 Juguete Pelota 5 Sentidos, 6 cm\"},{\"@type\":\"BreadcrumbList\",\"@id\":\"https:\\\/\\\/mundoanimalito.com\\\/index.php\\\/aime-901635-juguete-pelota-5-sentidos-6-cm\\\/#breadcrumb\",\"itemListElement\":[{\"@type\":\"ListItem\",\"position\":1,\"name\":\"Portada\",\"item\":\"https:\\\/\\\/mundoanimalito.com\\\/\"},{\"@type\":\"ListItem\",\"position\":2,\"name\":\"Aim\u00e9 901635 Juguete Pelota 5 Sentidos, 6 cm\"}]},{\"@type\":\"WebSite\",\"@id\":\"https:\\\/\\\/mundoanimalito.com\\\/#website\",\"url\":\"https:\\\/\\\/mundoanimalito.com\\\/\",\"name\":\"Mundo Animalito\",\"description\":\"Datos y curiosidades de los animales, encuentra ac\u00e1 todo para tu mascota\",\"publisher\":{\"@id\":\"https:\\\/\\\/mundoanimalito.com\\\/#organization\"},\"potentialAction\":[{\"@type\":\"SearchAction\",\"target\":{\"@type\":\"EntryPoint\",\"urlTemplate\":\"https:\\\/\\\/mundoanimalito.com\\\/?s={search_term_string}\"},\"query-input\":{\"@type\":\"PropertyValueSpecification\",\"valueRequired\":true,\"valueName\":\"search_term_string\"}}],\"inLanguage\":\"es\"},{\"@type\":\"Organization\",\"@id\":\"https:\\\/\\\/mundoanimalito.com\\\/#organization\",\"name\":\"Mundo Animalito\",\"url\":\"https:\\\/\\\/mundoanimalito.com\\\/\",\"logo\":{\"@type\":\"ImageObject\",\"inLanguage\":\"es\",\"@id\":\"https:\\\/\\\/mundoanimalito.com\\\/#\\\/schema\\\/logo\\\/image\\\/\",\"url\":\"https:\\\/\\\/mundoanimalito.com\\\/wp-content\\\/uploads\\\/2023\\\/10\\\/cropped-cropped-LOGO-OFICIAL-ULTIMA-VERSION-1.jpg\",\"contentUrl\":\"https:\\\/\\\/mundoanimalito.com\\\/wp-content\\\/uploads\\\/2023\\\/10\\\/cropped-cropped-LOGO-OFICIAL-ULTIMA-VERSION-1.jpg\",\"width\":374,\"height\":425,\"caption\":\"Mundo Animalito\"},\"image\":{\"@id\":\"https:\\\/\\\/mundoanimalito.com\\\/#\\\/schema\\\/logo\\\/image\\\/\"},\"sameAs\":[\"https:\\\/\\\/www.facebook.com\\\/mundoanimalito77\",\"https:\\\/\\\/www.instagram.com\\\/mundoanimalito77\\\/\",\"https:\\\/\\\/www.tiktok.com\\\/@mundoanimalito77\",\"https:\\\/\\\/www.youtube.com\\\/channel\\\/UCLo2JhNUNtHVraDt5aHadew\"]}]}<\/script>\n<!-- \/ Yoast SEO plugin. -->","yoast_head_json":{"title":"Aim\u00e9 - Pelota Perro 5 en 1 Ternera 6cm | Mundo Animalito","description":"Aim\u00e9 - Pelota Perro 5 en 1 Ternera 6cm - Juguetes para Perros Educativo - Desarrollar y Estimular 5 Sentidos - Todas las Razas y Edades - Compatible Lanzador de Pelotas para Perros - Perros Accesorios","robots":{"index":"index","follow":"follow","max-snippet":"max-snippet:-1","max-image-preview":"max-image-preview:large","max-video-preview":"max-video-preview:-1"},"canonical":"https:\/\/mundoanimalito.com\/index.php\/aime-901635-juguete-pelota-5-sentidos-6-cm\/","og_locale":"es_ES","og_type":"article","og_title":"Aim\u00e9 - Pelota Perro 5 en 1 Ternera 6cm | Mundo Animalito","og_description":"Aim\u00e9 - Pelota Perro 5 en 1 Ternera 6cm - Juguetes para Perros Educativo - Desarrollar y Estimular 5 Sentidos - Todas las Razas y Edades - Compatible Lanzador de Pelotas para Perros - Perros Accesorios","og_url":"https:\/\/mundoanimalito.com\/index.php\/aime-901635-juguete-pelota-5-sentidos-6-cm\/","og_site_name":"Mundo Animalito","article_publisher":"https:\/\/www.facebook.com\/mundoanimalito77","article_modified_time":"2024-09-03T16:57:39+00:00","og_image":[{"url":"https:\/\/mundoanimalito.com\/wp-content\/uploads\/2024\/04\/71Wz2xFZV-S._AC_SL1500_-825x1024.jpg","type":"","width":"","height":""}],"twitter_card":"summary_large_image","twitter_misc":{"Tiempo de lectura":"3 minutos"},"schema":{"@context":"https:\/\/schema.org","@graph":[{"@type":"WebPage","@id":"https:\/\/mundoanimalito.com\/index.php\/aime-901635-juguete-pelota-5-sentidos-6-cm\/","url":"https:\/\/mundoanimalito.com\/index.php\/aime-901635-juguete-pelota-5-sentidos-6-cm\/","name":"Aim\u00e9 - Pelota Perro 5 en 1 Ternera 6cm | Mundo Animalito","isPartOf":{"@id":"https:\/\/mundoanimalito.com\/#website"},"primaryImageOfPage":{"@id":"https:\/\/mundoanimalito.com\/index.php\/aime-901635-juguete-pelota-5-sentidos-6-cm\/#primaryimage"},"image":{"@id":"https:\/\/mundoanimalito.com\/index.php\/aime-901635-juguete-pelota-5-sentidos-6-cm\/#primaryimage"},"thumbnailUrl":"https:\/\/mundoanimalito.com\/wp-content\/uploads\/2024\/04\/71Wz2xFZV-S._AC_SL1500_-825x1024.jpg","datePublished":"2024-04-23T21:56:46+00:00","dateModified":"2024-09-03T16:57:39+00:00","description":"Aim\u00e9 - Pelota Perro 5 en 1 Ternera 6cm - Juguetes para Perros Educativo - Desarrollar y Estimular 5 Sentidos - Todas las Razas y Edades - Compatible Lanzador de Pelotas para Perros - Perros Accesorios","breadcrumb":{"@id":"https:\/\/mundoanimalito.com\/index.php\/aime-901635-juguete-pelota-5-sentidos-6-cm\/#breadcrumb"},"inLanguage":"es","potentialAction":[{"@type":"ReadAction","target":["https:\/\/mundoanimalito.com\/index.php\/aime-901635-juguete-pelota-5-sentidos-6-cm\/"]}]},{"@type":"ImageObject","inLanguage":"es","@id":"https:\/\/mundoanimalito.com\/index.php\/aime-901635-juguete-pelota-5-sentidos-6-cm\/#primaryimage","url":"https:\/\/mundoanimalito.com\/wp-content\/uploads\/2024\/04\/71Wz2xFZV-S._AC_SL1500_.jpg","contentUrl":"https:\/\/mundoanimalito.com\/wp-content\/uploads\/2024\/04\/71Wz2xFZV-S._AC_SL1500_.jpg","width":1208,"height":1500,"caption":"Aim\u00e9 901635 Juguete Pelota 5 Sentidos, 6 cm"},{"@type":"BreadcrumbList","@id":"https:\/\/mundoanimalito.com\/index.php\/aime-901635-juguete-pelota-5-sentidos-6-cm\/#breadcrumb","itemListElement":[{"@type":"ListItem","position":1,"name":"Portada","item":"https:\/\/mundoanimalito.com\/"},{"@type":"ListItem","position":2,"name":"Aim\u00e9 901635 Juguete Pelota 5 Sentidos, 6 cm"}]},{"@type":"WebSite","@id":"https:\/\/mundoanimalito.com\/#website","url":"https:\/\/mundoanimalito.com\/","name":"Mundo Animalito","description":"Datos y curiosidades de los animales, encuentra ac\u00e1 todo para tu mascota","publisher":{"@id":"https:\/\/mundoanimalito.com\/#organization"},"potentialAction":[{"@type":"SearchAction","target":{"@type":"EntryPoint","urlTemplate":"https:\/\/mundoanimalito.com\/?s={search_term_string}"},"query-input":{"@type":"PropertyValueSpecification","valueRequired":true,"valueName":"search_term_string"}}],"inLanguage":"es"},{"@type":"Organization","@id":"https:\/\/mundoanimalito.com\/#organization","name":"Mundo Animalito","url":"https:\/\/mundoanimalito.com\/","logo":{"@type":"ImageObject","inLanguage":"es","@id":"https:\/\/mundoanimalito.com\/#\/schema\/logo\/image\/","url":"https:\/\/mundoanimalito.com\/wp-content\/uploads\/2023\/10\/cropped-cropped-LOGO-OFICIAL-ULTIMA-VERSION-1.jpg","contentUrl":"https:\/\/mundoanimalito.com\/wp-content\/uploads\/2023\/10\/cropped-cropped-LOGO-OFICIAL-ULTIMA-VERSION-1.jpg","width":374,"height":425,"caption":"Mundo Animalito"},"image":{"@id":"https:\/\/mundoanimalito.com\/#\/schema\/logo\/image\/"},"sameAs":["https:\/\/www.facebook.com\/mundoanimalito77","https:\/\/www.instagram.com\/mundoanimalito77\/","https:\/\/www.tiktok.com\/@mundoanimalito77","https:\/\/www.youtube.com\/channel\/UCLo2JhNUNtHVraDt5aHadew"]}]}},"_links":{"self":[{"href":"https:\/\/mundoanimalito.com\/index.php\/wp-json\/wp\/v2\/pages\/27838","targetHints":{"allow":["GET"]}}],"collection":[{"href":"https:\/\/mundoanimalito.com\/index.php\/wp-json\/wp\/v2\/pages"}],"about":[{"href":"https:\/\/mundoanimalito.com\/index.php\/wp-json\/wp\/v2\/types\/page"}],"author":[{"embeddable":true,"href":"https:\/\/mundoanimalito.com\/index.php\/wp-json\/wp\/v2\/users\/1"}],"replies":[{"embeddable":true,"href":"https:\/\/mundoanimalito.com\/index.php\/wp-json\/wp\/v2\/comments?post=27838"}],"version-history":[{"count":0,"href":"https:\/\/mundoanimalito.com\/index.php\/wp-json\/wp\/v2\/pages\/27838\/revisions"}],"wp:attachment":[{"href":"https:\/\/mundoanimalito.com\/index.php\/wp-json\/wp\/v2\/media?parent=27838"}],"curies":[{"name":"wp","href":"https:\/\/api.w.org\/{rel}","templated":true}]}}