{"id":27446,"date":"2024-04-23T10:31:03","date_gmt":"2024-04-23T15:31:03","guid":{"rendered":"https:\/\/mundoanimalito.com\/?page_id=27446"},"modified":"2024-09-05T11:46:17","modified_gmt":"2024-09-05T16:46:17","slug":"julius-k9-mordedor-del-algodon-nylon-para-perros-25-x-55-cm-interior-cosido-2-manijas","status":"publish","type":"page","link":"https:\/\/mundoanimalito.com\/index.php\/julius-k9-mordedor-del-algodon-nylon-para-perros-25-x-55-cm-interior-cosido-2-manijas\/","title":{"rendered":"Julius-K9, Mordedor del algod\u00f3n\/nylon para perros, 25 x 5,5 cm, interior cosido, 2 manijas"},"content":{"rendered":"\t\t<div data-elementor-type=\"wp-page\" data-elementor-id=\"27446\" class=\"elementor elementor-27446\" data-elementor-post-type=\"page\">\n\t\t\t\t<div class=\"elementor-element elementor-element-43e1e5c e-flex e-con-boxed e-con e-parent\" data-id=\"43e1e5c\" data-element_type=\"container\" data-e-type=\"container\">\n\t\t\t\t\t<div class=\"e-con-inner\">\n\t\t\t\t<div class=\"elementor-element elementor-element-a510fe8 elementor-invisible elementor-widget elementor-widget-heading\" data-id=\"a510fe8\" data-element_type=\"widget\" data-e-type=\"widget\" data-settings=\"{&quot;_animation&quot;:&quot;fadeInDown&quot;}\" data-widget_type=\"heading.default\">\n\t\t\t\t<div class=\"elementor-widget-container\">\n\t\t\t\t\t<h2 class=\"elementor-heading-title elementor-size-default\">\u00a1Potencia el entrenamiento de tu perro y fortalece su mand\u00edbula con el Mordedor Julius-K9! Descubre c\u00f3mo este robusto juguete puede mejorar la fuerza y resistencia de tu mascota mientras disfrutan juntos de momentos de juego inigualables.<\/h2>\t\t\t\t<\/div>\n\t\t\t\t<\/div>\n\t\t\t\t\t<\/div>\n\t\t\t\t<\/div>\n\t\t<div class=\"elementor-element elementor-element-fefd4e3 e-flex e-con-boxed e-con e-parent\" data-id=\"fefd4e3\" data-element_type=\"container\" data-e-type=\"container\">\n\t\t\t\t\t<div class=\"e-con-inner\">\n\t\t<div class=\"elementor-element elementor-element-b892efc e-con-full e-flex e-con e-child\" data-id=\"b892efc\" data-element_type=\"container\" data-e-type=\"container\">\n\t\t\t\t<div class=\"elementor-element elementor-element-7b83520 elementor-widget elementor-widget-image\" data-id=\"7b83520\" data-element_type=\"widget\" data-e-type=\"widget\" data-widget_type=\"image.default\">\n\t\t\t\t<div class=\"elementor-widget-container\">\n\t\t\t\t\t\t\t\t\t\t\t\t\t\t\t\t<a href=\"https:\/\/amzn.to\/3Uw2ojx\" target=\"_blank\">\n\t\t\t\t\t\t\t<img fetchpriority=\"high\" decoding=\"async\" width=\"1024\" height=\"546\" src=\"https:\/\/mundoanimalito.com\/wp-content\/uploads\/2024\/04\/00000-2-1024x546.jpg\" class=\"attachment-large size-large wp-image-27430\" alt=\"Julius-K9, Mordedor del algod\u00f3n\/nylon para perros, 25 x 5,5 cm, interior cosido, 2 manijas\" srcset=\"https:\/\/mundoanimalito.com\/wp-content\/uploads\/2024\/04\/00000-2-1024x546.jpg 1024w, https:\/\/mundoanimalito.com\/wp-content\/uploads\/2024\/04\/00000-2-300x160.jpg 300w, https:\/\/mundoanimalito.com\/wp-content\/uploads\/2024\/04\/00000-2-768x410.jpg 768w, https:\/\/mundoanimalito.com\/wp-content\/uploads\/2024\/04\/00000-2.jpg 1500w\" sizes=\"(max-width: 1024px) 100vw, 1024px\" \/>\t\t\t\t\t\t\t\t<\/a>\n\t\t\t\t\t\t\t\t\t\t\t\t\t\t\t<\/div>\n\t\t\t\t<\/div>\n\t\t\t\t<\/div>\n\t\t<div class=\"elementor-element elementor-element-6365b04 e-con-full e-flex e-con e-child\" data-id=\"6365b04\" data-element_type=\"container\" data-e-type=\"container\">\n\t\t\t\t<div class=\"elementor-element elementor-element-bf1c3bf elementor-widget elementor-widget-text-editor\" data-id=\"bf1c3bf\" data-element_type=\"widget\" data-e-type=\"widget\" data-widget_type=\"text-editor.default\">\n\t\t\t\t<div class=\"elementor-widget-container\">\n\t\t\t\t\t\t\t\t\t<p>\u00a0<\/p><p><strong>\ud83d\udcaa Entrenamiento Eficaz<\/strong> El Mordedor Julius-K9 es ideal para el entrenamiento del trabajo de la mordedura, ayudando a desarrollar la fuerza de la quijada de tu perro. Con su dise\u00f1o resistente y duradero, es perfecto para sesiones de entrenamiento intensas y productivas.<\/p><p>\u00a0<\/p><p><strong>\ud83d\udd17 Material Resistente<\/strong> Fabricado con una combinaci\u00f3n especial de algod\u00f3n y nylon, este mordedor ofrece una resistencia excepcional ante las mordidas m\u00e1s fuertes. Su superficie resbaladiza motiva a tu perro a morder con mayor intensidad, garantizando un entrenamiento efectivo y seguro.<\/p><p>\u00a0<\/p><p><strong>\ud83d\udc50 Manijas Resistentes<\/strong> Equipado con dos manijas bien fijas y f\u00e1ciles de agarrar, el Mordedor Julius-K9 proporciona un control \u00f3ptimo durante el juego. Tanto t\u00fa como tu perro disfrutar\u00e1n de una experiencia de juego segura y c\u00f3moda, fortaleciendo a\u00fan m\u00e1s vuestro v\u00ednculo.<\/p>\t\t\t\t\t\t\t\t<\/div>\n\t\t\t\t<\/div>\n\t\t\t\t<\/div>\n\t\t\t\t\t<\/div>\n\t\t\t\t<\/div>\n\t\t<div class=\"elementor-element elementor-element-52c19aa e-flex e-con-boxed e-con e-parent\" data-id=\"52c19aa\" data-element_type=\"container\" data-e-type=\"container\">\n\t\t\t\t\t<div class=\"e-con-inner\">\n\t\t\t\t<div class=\"elementor-element elementor-element-28a004d elementor-widget elementor-widget-text-editor\" data-id=\"28a004d\" data-element_type=\"widget\" data-e-type=\"widget\" data-widget_type=\"text-editor.default\">\n\t\t\t\t<div class=\"elementor-widget-container\">\n\t\t\t\t\t\t\t\t\t<p><strong>\ud83d\udc3e Versatilidad y Durabilidad<\/strong> Ya sea para entrenar o simplemente para jugar, este mordedor es la elecci\u00f3n perfecta. Su durabilidad y resistencia lo hacen adecuado para todo tipo de juegos de tirones, asegurando horas de diversi\u00f3n y ejercicio para tu fiel compa\u00f1ero.<\/p><p>\u00a0<\/p><p><strong>\ud83d\udecd\ufe0f Visita Nuestra Tienda<\/strong> Descubre m\u00e1s productos de calidad para tu mascota en nuestra Tienda Amazon Storefront. Desde juguetes hasta accesorios, tenemos todo lo que necesitas para mantener feliz y saludable a tu perro.<\/p><p>\u00a0<\/p><p>Potencia el entrenamiento y la diversi\u00f3n de tu perro con el Mordedor Julius-K9. \u00a1Agrega este resistente juguete a tu carrito de compras hoy mismo y lleva la experiencia de juego al siguiente nivel!<\/p>\t\t\t\t\t\t\t\t<\/div>\n\t\t\t\t<\/div>\n\t\t\t\t<div class=\"elementor-element elementor-element-db78df5 elementor-align-right elementor-widget elementor-widget-button\" data-id=\"db78df5\" data-element_type=\"widget\" data-e-type=\"widget\" data-widget_type=\"button.default\">\n\t\t\t\t<div class=\"elementor-widget-container\">\n\t\t\t\t\t\t\t\t\t<div class=\"elementor-button-wrapper\">\n\t\t\t\t\t<a class=\"elementor-button elementor-button-link elementor-size-sm\" href=\"https:\/\/amzn.to\/3Uw2ojx\" target=\"_blank\">\n\t\t\t\t\t\t<span class=\"elementor-button-content-wrapper\">\n\t\t\t\t\t\t\t\t\t<span class=\"elementor-button-text\">Compra ahora en Amazon<\/span>\n\t\t\t\t\t<\/span>\n\t\t\t\t\t<\/a>\n\t\t\t\t<\/div>\n\t\t\t\t\t\t\t\t<\/div>\n\t\t\t\t<\/div>\n\t\t\t\t\t<\/div>\n\t\t\t\t<\/div>\n\t\t<div class=\"elementor-element elementor-element-edfe5fa e-flex e-con-boxed e-con e-parent\" data-id=\"edfe5fa\" data-element_type=\"container\" data-e-type=\"container\">\n\t\t\t\t\t<div class=\"e-con-inner\">\n\t\t\t\t<div class=\"elementor-element elementor-element-753c6e1 elementor-arrows-position-inside elementor-pagination-position-outside elementor-widget elementor-widget-image-carousel\" data-id=\"753c6e1\" data-element_type=\"widget\" data-e-type=\"widget\" data-settings=\"{&quot;slides_to_show&quot;:&quot;1&quot;,&quot;navigation&quot;:&quot;both&quot;,&quot;autoplay&quot;:&quot;yes&quot;,&quot;pause_on_hover&quot;:&quot;yes&quot;,&quot;pause_on_interaction&quot;:&quot;yes&quot;,&quot;autoplay_speed&quot;:5000,&quot;infinite&quot;:&quot;yes&quot;,&quot;effect&quot;:&quot;slide&quot;,&quot;speed&quot;:500}\" data-widget_type=\"image-carousel.default\">\n\t\t\t\t<div class=\"elementor-widget-container\">\n\t\t\t\t\t\t\t<div class=\"elementor-image-carousel-wrapper swiper\" role=\"region\" aria-roledescription=\"carousel\" aria-label=\"Carrusel de im\u00e1genes\" dir=\"ltr\">\n\t\t\t<div class=\"elementor-image-carousel swiper-wrapper\" aria-live=\"off\">\n\t\t\t\t\t\t\t\t<div class=\"swiper-slide\" role=\"group\" aria-roledescription=\"slide\" aria-label=\"1 de 4\"><figure class=\"swiper-slide-inner\"><img decoding=\"async\" class=\"swiper-slide-image\" src=\"https:\/\/mundoanimalito.com\/wp-content\/uploads\/2024\/04\/71sFL19xbYL._AC_SL1500_-768x368.jpg\" alt=\"Julius-K9, Mordedor del algod\u00f3n\/nylon para perros, 25 x 5,5 cm, interior cosido, 2 manijas\" \/><\/figure><\/div><div class=\"swiper-slide\" role=\"group\" aria-roledescription=\"slide\" aria-label=\"2 de 4\"><figure class=\"swiper-slide-inner\"><img decoding=\"async\" class=\"swiper-slide-image\" src=\"https:\/\/mundoanimalito.com\/wp-content\/uploads\/2024\/04\/81Pm8L2RDgL._AC_SL1500_-768x302.jpg\" alt=\"Julius-K9, Mordedor del algod\u00f3n\/nylon para perros, 25 x 5,5 cm, interior cosido, 2 manijas\" \/><\/figure><\/div><div class=\"swiper-slide\" role=\"group\" aria-roledescription=\"slide\" aria-label=\"3 de 4\"><figure class=\"swiper-slide-inner\"><img decoding=\"async\" class=\"swiper-slide-image\" src=\"https:\/\/mundoanimalito.com\/wp-content\/uploads\/2024\/04\/71vyz5l3mAL._AC_SL1500_-768x175.jpg\" alt=\"Julius-K9, Mordedor del algod\u00f3n\/nylon para perros, 25 x 5,5 cm, interior cosido, 2 manijas\" \/><\/figure><\/div><div class=\"swiper-slide\" role=\"group\" aria-roledescription=\"slide\" aria-label=\"4 de 4\"><figure class=\"swiper-slide-inner\"><img decoding=\"async\" class=\"swiper-slide-image\" src=\"https:\/\/mundoanimalito.com\/wp-content\/uploads\/2024\/04\/81k1PfiyOL._AC_SL1500_-768x316.jpg\" alt=\"Julius-K9, Mordedor del algod\u00f3n\/nylon para perros, 25 x 5,5 cm, interior cosido, 2 manijas\" \/><\/figure><\/div>\t\t\t<\/div>\n\t\t\t\t\t\t\t\t\t\t\t\t<div class=\"elementor-swiper-button elementor-swiper-button-prev\" role=\"button\" tabindex=\"0\">\n\t\t\t\t\t\t<i aria-hidden=\"true\" class=\"eicon-chevron-left\"><\/i>\t\t\t\t\t<\/div>\n\t\t\t\t\t<div class=\"elementor-swiper-button elementor-swiper-button-next\" role=\"button\" tabindex=\"0\">\n\t\t\t\t\t\t<i aria-hidden=\"true\" class=\"eicon-chevron-right\"><\/i>\t\t\t\t\t<\/div>\n\t\t\t\t\n\t\t\t\t\t\t\t\t\t<div class=\"swiper-pagination\"><\/div>\n\t\t\t\t\t\t\t\t\t<\/div>\n\t\t\t\t\t\t<\/div>\n\t\t\t\t<\/div>\n\t\t\t\t\t<\/div>\n\t\t\t\t<\/div>\n\t\t<div class=\"elementor-element elementor-element-a71c21d e-flex e-con-boxed e-con e-parent\" data-id=\"a71c21d\" data-element_type=\"container\" data-e-type=\"container\">\n\t\t\t\t\t<div class=\"e-con-inner\">\n\t\t\t\t<div class=\"elementor-element elementor-element-16e0e55 elementor-align-right elementor-widget elementor-widget-button\" data-id=\"16e0e55\" data-element_type=\"widget\" data-e-type=\"widget\" data-widget_type=\"button.default\">\n\t\t\t\t<div class=\"elementor-widget-container\">\n\t\t\t\t\t\t\t\t\t<div class=\"elementor-button-wrapper\">\n\t\t\t\t\t<a class=\"elementor-button elementor-button-link elementor-size-sm\" href=\"https:\/\/amzn.to\/3Uw2ojx\" target=\"_blank\">\n\t\t\t\t\t\t<span class=\"elementor-button-content-wrapper\">\n\t\t\t\t\t\t\t\t\t<span class=\"elementor-button-text\">Compra ahora en Amazon<\/span>\n\t\t\t\t\t<\/span>\n\t\t\t\t\t<\/a>\n\t\t\t\t<\/div>\n\t\t\t\t\t\t\t\t<\/div>\n\t\t\t\t<\/div>\n\t\t\t\t\t<\/div>\n\t\t\t\t<\/div>\n\t\t\t\t<\/div>\n\t\t","protected":false},"excerpt":{"rendered":"<p>\u00a1Potencia el entrenamiento de tu perro y fortalece su mand\u00edbula con el Mordedor Julius-K9! Descubre c\u00f3mo este robusto juguete puede mejorar la fuerza y resistencia de tu mascota mientras disfrutan juntos de momentos de juego inigualables. \u00a0 \ud83d\udcaa Entrenamiento Eficaz El Mordedor Julius-K9 es ideal para el entrenamiento del trabajo de la mordedura, ayudando a [&hellip;]<\/p>\n","protected":false},"author":1,"featured_media":0,"parent":0,"menu_order":0,"comment_status":"closed","ping_status":"closed","template":"","meta":{"site-sidebar-layout":"no-sidebar","site-content-layout":"page-builder","ast-site-content-layout":"full-width-container","site-content-style":"default","site-sidebar-style":"default","ast-global-header-display":"","ast-banner-title-visibility":"","ast-main-header-display":"","ast-hfb-above-header-display":"","ast-hfb-below-header-display":"","ast-hfb-mobile-header-display":"","site-post-title":"disabled","ast-breadcrumbs-content":"","ast-featured-img":"disabled","footer-sml-layout":"","ast-disable-related-posts":"","theme-transparent-header-meta":"","adv-header-id-meta":"","stick-header-meta":"","header-above-stick-meta":"","header-main-stick-meta":"","header-below-stick-meta":"","astra-migrate-meta-layouts":"set","ast-page-background-enabled":"default","ast-page-background-meta":{"desktop":{"background-color":"var(--ast-global-color-4)","background-image":"","background-repeat":"repeat","background-position":"center center","background-size":"auto","background-attachment":"scroll","background-type":"","background-media":"","overlay-type":"","overlay-color":"","overlay-opacity":"","overlay-gradient":""},"tablet":{"background-color":"","background-image":"","background-repeat":"repeat","background-position":"center center","background-size":"auto","background-attachment":"scroll","background-type":"","background-media":"","overlay-type":"","overlay-color":"","overlay-opacity":"","overlay-gradient":""},"mobile":{"background-color":"","background-image":"","background-repeat":"repeat","background-position":"center center","background-size":"auto","background-attachment":"scroll","background-type":"","background-media":"","overlay-type":"","overlay-color":"","overlay-opacity":"","overlay-gradient":""}},"ast-content-background-meta":{"desktop":{"background-color":"var(--ast-global-color-5)","background-image":"","background-repeat":"repeat","background-position":"center center","background-size":"auto","background-attachment":"scroll","background-type":"","background-media":"","overlay-type":"","overlay-color":"","overlay-opacity":"","overlay-gradient":""},"tablet":{"background-color":"var(--ast-global-color-5)","background-image":"","background-repeat":"repeat","background-position":"center center","background-size":"auto","background-attachment":"scroll","background-type":"","background-media":"","overlay-type":"","overlay-color":"","overlay-opacity":"","overlay-gradient":""},"mobile":{"background-color":"var(--ast-global-color-5)","background-image":"","background-repeat":"repeat","background-position":"center center","background-size":"auto","background-attachment":"scroll","background-type":"","background-media":"","overlay-type":"","overlay-color":"","overlay-opacity":"","overlay-gradient":""}},"footnotes":""},"class_list":["post-27446","page","type-page","status-publish","hentry"],"yoast_head":"<!-- This site is optimized with the Yoast SEO plugin v27.5 - https:\/\/yoast.com\/product\/yoast-seo-wordpress\/ -->\n<title>Julius-K9, Mordedor de Algod\u00f3n\/Nylon para Perros<\/title>\n<meta name=\"description\" content=\"\u00a1Potencia el entrenamiento de tu perro y fortalece su mand\u00edbula con el Mordedor Julius-K9! Descubre c\u00f3mo este robusto juguete puede mejorar la fuerza y resistencia de tu mascota mientras disfrutan juntos de momentos de juego inigualables.\" \/>\n<meta name=\"robots\" content=\"index, follow, max-snippet:-1, max-image-preview:large, max-video-preview:-1\" \/>\n<link rel=\"canonical\" href=\"https:\/\/mundoanimalito.com\/index.php\/julius-k9-mordedor-del-algodon-nylon-para-perros-25-x-55-cm-interior-cosido-2-manijas\/\" \/>\n<meta property=\"og:locale\" content=\"es_ES\" \/>\n<meta property=\"og:type\" content=\"article\" \/>\n<meta property=\"og:title\" content=\"Julius-K9, Mordedor de Algod\u00f3n\/Nylon para Perros\" \/>\n<meta property=\"og:description\" content=\"\u00a1Potencia el entrenamiento de tu perro y fortalece su mand\u00edbula con el Mordedor Julius-K9! Descubre c\u00f3mo este robusto juguete puede mejorar la fuerza y resistencia de tu mascota mientras disfrutan juntos de momentos de juego inigualables.\" \/>\n<meta property=\"og:url\" content=\"https:\/\/mundoanimalito.com\/index.php\/julius-k9-mordedor-del-algodon-nylon-para-perros-25-x-55-cm-interior-cosido-2-manijas\/\" \/>\n<meta property=\"og:site_name\" content=\"Mundo Animalito\" \/>\n<meta property=\"article:publisher\" content=\"https:\/\/www.facebook.com\/mundoanimalito77\" \/>\n<meta property=\"article:modified_time\" content=\"2024-09-05T16:46:17+00:00\" \/>\n<meta property=\"og:image\" content=\"https:\/\/mundoanimalito.com\/wp-content\/uploads\/2024\/04\/00000-2-1024x546.jpg\" \/>\n<meta name=\"twitter:card\" content=\"summary_large_image\" \/>\n<meta name=\"twitter:label1\" content=\"Tiempo de lectura\" \/>\n\t<meta name=\"twitter:data1\" content=\"3 minutos\" \/>\n<script type=\"application\/ld+json\" class=\"yoast-schema-graph\">{\"@context\":\"https:\\\/\\\/schema.org\",\"@graph\":[{\"@type\":\"WebPage\",\"@id\":\"https:\\\/\\\/mundoanimalito.com\\\/index.php\\\/julius-k9-mordedor-del-algodon-nylon-para-perros-25-x-55-cm-interior-cosido-2-manijas\\\/\",\"url\":\"https:\\\/\\\/mundoanimalito.com\\\/index.php\\\/julius-k9-mordedor-del-algodon-nylon-para-perros-25-x-55-cm-interior-cosido-2-manijas\\\/\",\"name\":\"Julius-K9, Mordedor de Algod\u00f3n\\\/Nylon para Perros\",\"isPartOf\":{\"@id\":\"https:\\\/\\\/mundoanimalito.com\\\/#website\"},\"primaryImageOfPage\":{\"@id\":\"https:\\\/\\\/mundoanimalito.com\\\/index.php\\\/julius-k9-mordedor-del-algodon-nylon-para-perros-25-x-55-cm-interior-cosido-2-manijas\\\/#primaryimage\"},\"image\":{\"@id\":\"https:\\\/\\\/mundoanimalito.com\\\/index.php\\\/julius-k9-mordedor-del-algodon-nylon-para-perros-25-x-55-cm-interior-cosido-2-manijas\\\/#primaryimage\"},\"thumbnailUrl\":\"https:\\\/\\\/mundoanimalito.com\\\/wp-content\\\/uploads\\\/2024\\\/04\\\/00000-2-1024x546.jpg\",\"datePublished\":\"2024-04-23T15:31:03+00:00\",\"dateModified\":\"2024-09-05T16:46:17+00:00\",\"description\":\"\u00a1Potencia el entrenamiento de tu perro y fortalece su mand\u00edbula con el Mordedor Julius-K9! Descubre c\u00f3mo este robusto juguete puede mejorar la fuerza y resistencia de tu mascota mientras disfrutan juntos de momentos de juego inigualables.\",\"breadcrumb\":{\"@id\":\"https:\\\/\\\/mundoanimalito.com\\\/index.php\\\/julius-k9-mordedor-del-algodon-nylon-para-perros-25-x-55-cm-interior-cosido-2-manijas\\\/#breadcrumb\"},\"inLanguage\":\"es\",\"potentialAction\":[{\"@type\":\"ReadAction\",\"target\":[\"https:\\\/\\\/mundoanimalito.com\\\/index.php\\\/julius-k9-mordedor-del-algodon-nylon-para-perros-25-x-55-cm-interior-cosido-2-manijas\\\/\"]}]},{\"@type\":\"ImageObject\",\"inLanguage\":\"es\",\"@id\":\"https:\\\/\\\/mundoanimalito.com\\\/index.php\\\/julius-k9-mordedor-del-algodon-nylon-para-perros-25-x-55-cm-interior-cosido-2-manijas\\\/#primaryimage\",\"url\":\"https:\\\/\\\/mundoanimalito.com\\\/wp-content\\\/uploads\\\/2024\\\/04\\\/00000-2.jpg\",\"contentUrl\":\"https:\\\/\\\/mundoanimalito.com\\\/wp-content\\\/uploads\\\/2024\\\/04\\\/00000-2.jpg\",\"width\":1500,\"height\":800,\"caption\":\"Julius-K9, Mordedor del algod\u00f3n\\\/nylon para perros, 25 x 5,5 cm, interior cosido, 2 manijas\"},{\"@type\":\"BreadcrumbList\",\"@id\":\"https:\\\/\\\/mundoanimalito.com\\\/index.php\\\/julius-k9-mordedor-del-algodon-nylon-para-perros-25-x-55-cm-interior-cosido-2-manijas\\\/#breadcrumb\",\"itemListElement\":[{\"@type\":\"ListItem\",\"position\":1,\"name\":\"Portada\",\"item\":\"https:\\\/\\\/mundoanimalito.com\\\/\"},{\"@type\":\"ListItem\",\"position\":2,\"name\":\"Julius-K9, Mordedor del algod\u00f3n\\\/nylon para perros, 25 x 5,5 cm, interior cosido, 2 manijas\"}]},{\"@type\":\"WebSite\",\"@id\":\"https:\\\/\\\/mundoanimalito.com\\\/#website\",\"url\":\"https:\\\/\\\/mundoanimalito.com\\\/\",\"name\":\"Mundo Animalito\",\"description\":\"Datos y curiosidades de los animales, encuentra ac\u00e1 todo para tu mascota\",\"publisher\":{\"@id\":\"https:\\\/\\\/mundoanimalito.com\\\/#organization\"},\"potentialAction\":[{\"@type\":\"SearchAction\",\"target\":{\"@type\":\"EntryPoint\",\"urlTemplate\":\"https:\\\/\\\/mundoanimalito.com\\\/?s={search_term_string}\"},\"query-input\":{\"@type\":\"PropertyValueSpecification\",\"valueRequired\":true,\"valueName\":\"search_term_string\"}}],\"inLanguage\":\"es\"},{\"@type\":\"Organization\",\"@id\":\"https:\\\/\\\/mundoanimalito.com\\\/#organization\",\"name\":\"Mundo Animalito\",\"url\":\"https:\\\/\\\/mundoanimalito.com\\\/\",\"logo\":{\"@type\":\"ImageObject\",\"inLanguage\":\"es\",\"@id\":\"https:\\\/\\\/mundoanimalito.com\\\/#\\\/schema\\\/logo\\\/image\\\/\",\"url\":\"https:\\\/\\\/mundoanimalito.com\\\/wp-content\\\/uploads\\\/2023\\\/10\\\/cropped-cropped-LOGO-OFICIAL-ULTIMA-VERSION-1.jpg\",\"contentUrl\":\"https:\\\/\\\/mundoanimalito.com\\\/wp-content\\\/uploads\\\/2023\\\/10\\\/cropped-cropped-LOGO-OFICIAL-ULTIMA-VERSION-1.jpg\",\"width\":374,\"height\":425,\"caption\":\"Mundo Animalito\"},\"image\":{\"@id\":\"https:\\\/\\\/mundoanimalito.com\\\/#\\\/schema\\\/logo\\\/image\\\/\"},\"sameAs\":[\"https:\\\/\\\/www.facebook.com\\\/mundoanimalito77\",\"https:\\\/\\\/www.instagram.com\\\/mundoanimalito77\\\/\",\"https:\\\/\\\/www.tiktok.com\\\/@mundoanimalito77\",\"https:\\\/\\\/www.youtube.com\\\/channel\\\/UCLo2JhNUNtHVraDt5aHadew\"]}]}<\/script>\n<!-- \/ Yoast SEO plugin. -->","yoast_head_json":{"title":"Julius-K9, Mordedor de Algod\u00f3n\/Nylon para Perros","description":"\u00a1Potencia el entrenamiento de tu perro y fortalece su mand\u00edbula con el Mordedor Julius-K9! Descubre c\u00f3mo este robusto juguete puede mejorar la fuerza y resistencia de tu mascota mientras disfrutan juntos de momentos de juego inigualables.","robots":{"index":"index","follow":"follow","max-snippet":"max-snippet:-1","max-image-preview":"max-image-preview:large","max-video-preview":"max-video-preview:-1"},"canonical":"https:\/\/mundoanimalito.com\/index.php\/julius-k9-mordedor-del-algodon-nylon-para-perros-25-x-55-cm-interior-cosido-2-manijas\/","og_locale":"es_ES","og_type":"article","og_title":"Julius-K9, Mordedor de Algod\u00f3n\/Nylon para Perros","og_description":"\u00a1Potencia el entrenamiento de tu perro y fortalece su mand\u00edbula con el Mordedor Julius-K9! Descubre c\u00f3mo este robusto juguete puede mejorar la fuerza y resistencia de tu mascota mientras disfrutan juntos de momentos de juego inigualables.","og_url":"https:\/\/mundoanimalito.com\/index.php\/julius-k9-mordedor-del-algodon-nylon-para-perros-25-x-55-cm-interior-cosido-2-manijas\/","og_site_name":"Mundo Animalito","article_publisher":"https:\/\/www.facebook.com\/mundoanimalito77","article_modified_time":"2024-09-05T16:46:17+00:00","og_image":[{"url":"https:\/\/mundoanimalito.com\/wp-content\/uploads\/2024\/04\/00000-2-1024x546.jpg","type":"","width":"","height":""}],"twitter_card":"summary_large_image","twitter_misc":{"Tiempo de lectura":"3 minutos"},"schema":{"@context":"https:\/\/schema.org","@graph":[{"@type":"WebPage","@id":"https:\/\/mundoanimalito.com\/index.php\/julius-k9-mordedor-del-algodon-nylon-para-perros-25-x-55-cm-interior-cosido-2-manijas\/","url":"https:\/\/mundoanimalito.com\/index.php\/julius-k9-mordedor-del-algodon-nylon-para-perros-25-x-55-cm-interior-cosido-2-manijas\/","name":"Julius-K9, Mordedor de Algod\u00f3n\/Nylon para Perros","isPartOf":{"@id":"https:\/\/mundoanimalito.com\/#website"},"primaryImageOfPage":{"@id":"https:\/\/mundoanimalito.com\/index.php\/julius-k9-mordedor-del-algodon-nylon-para-perros-25-x-55-cm-interior-cosido-2-manijas\/#primaryimage"},"image":{"@id":"https:\/\/mundoanimalito.com\/index.php\/julius-k9-mordedor-del-algodon-nylon-para-perros-25-x-55-cm-interior-cosido-2-manijas\/#primaryimage"},"thumbnailUrl":"https:\/\/mundoanimalito.com\/wp-content\/uploads\/2024\/04\/00000-2-1024x546.jpg","datePublished":"2024-04-23T15:31:03+00:00","dateModified":"2024-09-05T16:46:17+00:00","description":"\u00a1Potencia el entrenamiento de tu perro y fortalece su mand\u00edbula con el Mordedor Julius-K9! Descubre c\u00f3mo este robusto juguete puede mejorar la fuerza y resistencia de tu mascota mientras disfrutan juntos de momentos de juego inigualables.","breadcrumb":{"@id":"https:\/\/mundoanimalito.com\/index.php\/julius-k9-mordedor-del-algodon-nylon-para-perros-25-x-55-cm-interior-cosido-2-manijas\/#breadcrumb"},"inLanguage":"es","potentialAction":[{"@type":"ReadAction","target":["https:\/\/mundoanimalito.com\/index.php\/julius-k9-mordedor-del-algodon-nylon-para-perros-25-x-55-cm-interior-cosido-2-manijas\/"]}]},{"@type":"ImageObject","inLanguage":"es","@id":"https:\/\/mundoanimalito.com\/index.php\/julius-k9-mordedor-del-algodon-nylon-para-perros-25-x-55-cm-interior-cosido-2-manijas\/#primaryimage","url":"https:\/\/mundoanimalito.com\/wp-content\/uploads\/2024\/04\/00000-2.jpg","contentUrl":"https:\/\/mundoanimalito.com\/wp-content\/uploads\/2024\/04\/00000-2.jpg","width":1500,"height":800,"caption":"Julius-K9, Mordedor del algod\u00f3n\/nylon para perros, 25 x 5,5 cm, interior cosido, 2 manijas"},{"@type":"BreadcrumbList","@id":"https:\/\/mundoanimalito.com\/index.php\/julius-k9-mordedor-del-algodon-nylon-para-perros-25-x-55-cm-interior-cosido-2-manijas\/#breadcrumb","itemListElement":[{"@type":"ListItem","position":1,"name":"Portada","item":"https:\/\/mundoanimalito.com\/"},{"@type":"ListItem","position":2,"name":"Julius-K9, Mordedor del algod\u00f3n\/nylon para perros, 25 x 5,5 cm, interior cosido, 2 manijas"}]},{"@type":"WebSite","@id":"https:\/\/mundoanimalito.com\/#website","url":"https:\/\/mundoanimalito.com\/","name":"Mundo Animalito","description":"Datos y curiosidades de los animales, encuentra ac\u00e1 todo para tu mascota","publisher":{"@id":"https:\/\/mundoanimalito.com\/#organization"},"potentialAction":[{"@type":"SearchAction","target":{"@type":"EntryPoint","urlTemplate":"https:\/\/mundoanimalito.com\/?s={search_term_string}"},"query-input":{"@type":"PropertyValueSpecification","valueRequired":true,"valueName":"search_term_string"}}],"inLanguage":"es"},{"@type":"Organization","@id":"https:\/\/mundoanimalito.com\/#organization","name":"Mundo Animalito","url":"https:\/\/mundoanimalito.com\/","logo":{"@type":"ImageObject","inLanguage":"es","@id":"https:\/\/mundoanimalito.com\/#\/schema\/logo\/image\/","url":"https:\/\/mundoanimalito.com\/wp-content\/uploads\/2023\/10\/cropped-cropped-LOGO-OFICIAL-ULTIMA-VERSION-1.jpg","contentUrl":"https:\/\/mundoanimalito.com\/wp-content\/uploads\/2023\/10\/cropped-cropped-LOGO-OFICIAL-ULTIMA-VERSION-1.jpg","width":374,"height":425,"caption":"Mundo Animalito"},"image":{"@id":"https:\/\/mundoanimalito.com\/#\/schema\/logo\/image\/"},"sameAs":["https:\/\/www.facebook.com\/mundoanimalito77","https:\/\/www.instagram.com\/mundoanimalito77\/","https:\/\/www.tiktok.com\/@mundoanimalito77","https:\/\/www.youtube.com\/channel\/UCLo2JhNUNtHVraDt5aHadew"]}]}},"_links":{"self":[{"href":"https:\/\/mundoanimalito.com\/index.php\/wp-json\/wp\/v2\/pages\/27446","targetHints":{"allow":["GET"]}}],"collection":[{"href":"https:\/\/mundoanimalito.com\/index.php\/wp-json\/wp\/v2\/pages"}],"about":[{"href":"https:\/\/mundoanimalito.com\/index.php\/wp-json\/wp\/v2\/types\/page"}],"author":[{"embeddable":true,"href":"https:\/\/mundoanimalito.com\/index.php\/wp-json\/wp\/v2\/users\/1"}],"replies":[{"embeddable":true,"href":"https:\/\/mundoanimalito.com\/index.php\/wp-json\/wp\/v2\/comments?post=27446"}],"version-history":[{"count":0,"href":"https:\/\/mundoanimalito.com\/index.php\/wp-json\/wp\/v2\/pages\/27446\/revisions"}],"wp:attachment":[{"href":"https:\/\/mundoanimalito.com\/index.php\/wp-json\/wp\/v2\/media?parent=27446"}],"curies":[{"name":"wp","href":"https:\/\/api.w.org\/{rel}","templated":true}]}}