{"id":26269,"date":"2024-04-22T08:51:48","date_gmt":"2024-04-22T13:51:48","guid":{"rendered":"https:\/\/mundoanimalito.com\/?page_id=26269"},"modified":"2024-09-04T15:26:04","modified_gmt":"2024-09-04T20:26:04","slug":"correa-para-perros-amortiguador-antitirones-para-perros-medianos-y-grandes","status":"publish","type":"page","link":"https:\/\/mundoanimalito.com\/index.php\/correa-para-perros-amortiguador-antitirones-para-perros-medianos-y-grandes\/","title":{"rendered":"Correa para Perros, Amortiguador, Antitirones, para Perros medianos y Grandes,"},"content":{"rendered":"\t\t<div data-elementor-type=\"wp-page\" data-elementor-id=\"26269\" class=\"elementor elementor-26269\" data-elementor-post-type=\"page\">\n\t\t\t\t<div class=\"elementor-element elementor-element-43ada92 e-flex e-con-boxed e-con e-parent\" data-id=\"43ada92\" data-element_type=\"container\" data-e-type=\"container\">\n\t\t\t\t\t<div class=\"e-con-inner\">\n\t\t\t\t<div class=\"elementor-element elementor-element-8d21c99 elementor-invisible elementor-widget elementor-widget-heading\" data-id=\"8d21c99\" data-element_type=\"widget\" data-e-type=\"widget\" data-settings=\"{&quot;_animation&quot;:&quot;fadeInDown&quot;}\" data-widget_type=\"heading.default\">\n\t\t\t\t<div class=\"elementor-widget-container\">\n\t\t\t\t\t<h2 class=\"elementor-heading-title elementor-size-default\">\u00bfEst\u00e1s cansado de los tirones durante los paseos con tu perro? \u00a1La soluci\u00f3n ha llegado con nuestra Correa para Perros Avanzona! Descubre c\u00f3mo esta correa puede mejorar la experiencia de caminar con tu fiel amigo<\/h2>\t\t\t\t<\/div>\n\t\t\t\t<\/div>\n\t\t\t\t\t<\/div>\n\t\t\t\t<\/div>\n\t\t<div class=\"elementor-element elementor-element-eb07131 e-flex e-con-boxed e-con e-parent\" data-id=\"eb07131\" data-element_type=\"container\" data-e-type=\"container\">\n\t\t\t\t\t<div class=\"e-con-inner\">\n\t\t<div class=\"elementor-element elementor-element-d755d3c e-con-full e-flex e-con e-child\" data-id=\"d755d3c\" data-element_type=\"container\" data-e-type=\"container\">\n\t\t\t\t<div class=\"elementor-element elementor-element-93aef8c elementor-widget elementor-widget-image\" data-id=\"93aef8c\" data-element_type=\"widget\" data-e-type=\"widget\" data-widget_type=\"image.default\">\n\t\t\t\t<div class=\"elementor-widget-container\">\n\t\t\t\t\t\t\t\t\t\t\t\t\t\t\t\t<a href=\"https:\/\/amzn.to\/44bguuX\" target=\"_blank\">\n\t\t\t\t\t\t\t<img fetchpriority=\"high\" decoding=\"async\" width=\"744\" height=\"1024\" src=\"https:\/\/mundoanimalito.com\/wp-content\/uploads\/2024\/04\/71TaqqOWK7L._AC_SL1500_-744x1024.jpg\" class=\"attachment-large size-large wp-image-26258\" alt=\"Correa para Perros, Amortiguador, Antitirones, para Perros medianos y Grandes, Fabricada en Espa\u00f1a. 60cm. Negro\" srcset=\"https:\/\/mundoanimalito.com\/wp-content\/uploads\/2024\/04\/71TaqqOWK7L._AC_SL1500_-744x1024.jpg 744w, https:\/\/mundoanimalito.com\/wp-content\/uploads\/2024\/04\/71TaqqOWK7L._AC_SL1500_-218x300.jpg 218w, https:\/\/mundoanimalito.com\/wp-content\/uploads\/2024\/04\/71TaqqOWK7L._AC_SL1500_-768x1057.jpg 768w, https:\/\/mundoanimalito.com\/wp-content\/uploads\/2024\/04\/71TaqqOWK7L._AC_SL1500_.jpg 1090w\" sizes=\"(max-width: 744px) 100vw, 744px\" \/>\t\t\t\t\t\t\t\t<\/a>\n\t\t\t\t\t\t\t\t\t\t\t\t\t\t\t<\/div>\n\t\t\t\t<\/div>\n\t\t\t\t<\/div>\n\t\t<div class=\"elementor-element elementor-element-d8c3a1c e-con-full e-flex e-con e-child\" data-id=\"d8c3a1c\" data-element_type=\"container\" data-e-type=\"container\">\n\t\t\t\t<div class=\"elementor-element elementor-element-0470d2e elementor-widget elementor-widget-text-editor\" data-id=\"0470d2e\" data-element_type=\"widget\" data-e-type=\"widget\" data-widget_type=\"text-editor.default\">\n\t\t\t\t<div class=\"elementor-widget-container\">\n\t\t\t\t\t\t\t\t\t<p>\ud83d\udccf <strong>Dos Longitudes Disponibles:<\/strong> Con opciones de 60 cm o 120 cm, puedes elegir la longitud que mejor se adapte a tus necesidades y preferencias. \u00a1Flexibilidad para paseos cortos o largos!<\/p><p>\u00a0<\/p><p>\ud83d\udee1\ufe0f <strong>Materiales de Alta Resistencia:<\/strong> Fabricada en Espa\u00f1a con hilo de poli\u00e9ster de alta resistencia, conocido como cuerda de paraca\u00eddas, esta correa es fuerte, duradera e ign\u00edfuga. \u00a1Calidad y seguridad garantizadas!<\/p><p>\u00a0<\/p><p>\ud83d\udd04 <strong>Amortiguador Incorporado:<\/strong> Equipada con un amortiguador en forma de muelle, nuestra correa amortigua el impacto cuando tu perro tira con fuerza, brind\u00e1ndole mayor comodidad y reduciendo el estr\u00e9s en tus manos y brazos.<\/p><p>\u00a0<\/p><p>\ud83d\udd17 <strong>Funcionalidad Vers\u00e1til:<\/strong> El mango cuenta con un anillo de metal para fijar la correa a un punto fijo, ofreciendo opciones de sujeci\u00f3n seguras. Adem\u00e1s, el colorido logo cumple una funci\u00f3n decorativa y pr\u00e1ctica como colgador para objetos ligeros.<\/p><p>\u00a0<\/p><p>\ud83c\udf1f <strong>Dise\u00f1o Exclusivo Avanzona:<\/strong> Inspirados en nuestro amado Boston Terrier Goku, cada detalle de nuestra correa refleja nuestra pasi\u00f3n por las mascotas y su bienestar. \u00a1Cada paseo se convierte en un momento especial!<\/p><p>\u00a0<\/p><p>\ud83d\udc69\u200d\ud83d\udcbc <strong>Servicio al Cliente Prioritario:<\/strong> Tu satisfacci\u00f3n es nuestra prioridad. Nuestro dedicado equipo de atenci\u00f3n al cliente est\u00e1 disponible para responder tus preguntas e inquietudes en un plazo de 8 horas. \u00a1Estamos aqu\u00ed para ti!<\/p><p>\u00a0<\/p><p>Mejora la experiencia de los paseos con tu perro con la Correa para Perros Avanzona. \u00a1Elige calidad, comodidad y seguridad para ti y tu mascota! Aprovecha nuestras opciones de longitud, materiales de alta calidad y dise\u00f1o exclusivo. \u00a1Haz que cada paseo sea una experiencia inolvidable para ambos!<\/p>\t\t\t\t\t\t\t\t<\/div>\n\t\t\t\t<\/div>\n\t\t\t\t<div class=\"elementor-element elementor-element-c5a3288 elementor-align-right elementor-widget elementor-widget-button\" data-id=\"c5a3288\" data-element_type=\"widget\" data-e-type=\"widget\" data-widget_type=\"button.default\">\n\t\t\t\t<div class=\"elementor-widget-container\">\n\t\t\t\t\t\t\t\t\t<div class=\"elementor-button-wrapper\">\n\t\t\t\t\t<a class=\"elementor-button elementor-button-link elementor-size-sm\" href=\"https:\/\/amzn.to\/3UtWh0i\" target=\"_blank\">\n\t\t\t\t\t\t<span class=\"elementor-button-content-wrapper\">\n\t\t\t\t\t\t\t\t\t<span class=\"elementor-button-text\">Compra ahora en Amazon<\/span>\n\t\t\t\t\t<\/span>\n\t\t\t\t\t<\/a>\n\t\t\t\t<\/div>\n\t\t\t\t\t\t\t\t<\/div>\n\t\t\t\t<\/div>\n\t\t\t\t<\/div>\n\t\t\t\t\t<\/div>\n\t\t\t\t<\/div>\n\t\t<div class=\"elementor-element elementor-element-7949d6f e-flex e-con-boxed e-con e-parent\" data-id=\"7949d6f\" data-element_type=\"container\" data-e-type=\"container\">\n\t\t\t\t\t<div class=\"e-con-inner\">\n\t\t\t\t<div class=\"elementor-element elementor-element-ed5525f elementor-arrows-position-inside elementor-pagination-position-outside elementor-widget elementor-widget-image-carousel\" data-id=\"ed5525f\" data-element_type=\"widget\" data-e-type=\"widget\" data-settings=\"{&quot;slides_to_show&quot;:&quot;1&quot;,&quot;navigation&quot;:&quot;both&quot;,&quot;autoplay&quot;:&quot;yes&quot;,&quot;pause_on_hover&quot;:&quot;yes&quot;,&quot;pause_on_interaction&quot;:&quot;yes&quot;,&quot;autoplay_speed&quot;:5000,&quot;infinite&quot;:&quot;yes&quot;,&quot;effect&quot;:&quot;slide&quot;,&quot;speed&quot;:500}\" data-widget_type=\"image-carousel.default\">\n\t\t\t\t<div class=\"elementor-widget-container\">\n\t\t\t\t\t\t\t<div class=\"elementor-image-carousel-wrapper swiper\" role=\"region\" aria-roledescription=\"carousel\" aria-label=\"Carrusel de im\u00e1genes\" dir=\"ltr\">\n\t\t\t<div class=\"elementor-image-carousel swiper-wrapper\" aria-live=\"off\">\n\t\t\t\t\t\t\t\t<div class=\"swiper-slide\" role=\"group\" aria-roledescription=\"slide\" aria-label=\"1 de 4\"><figure class=\"swiper-slide-inner\"><img decoding=\"async\" class=\"swiper-slide-image\" src=\"https:\/\/mundoanimalito.com\/wp-content\/uploads\/2024\/04\/A19m0GWiG4L._AC_SL1500_-768x1024.jpg\" alt=\"Correa para Perros, Amortiguador, Antitirones, para Perros medianos y Grandes, Fabricada en Espa\u00f1a. 60cm. Negro\" \/><\/figure><\/div><div class=\"swiper-slide\" role=\"group\" aria-roledescription=\"slide\" aria-label=\"2 de 4\"><figure class=\"swiper-slide-inner\"><img decoding=\"async\" class=\"swiper-slide-image\" src=\"https:\/\/mundoanimalito.com\/wp-content\/uploads\/2024\/04\/81bjZDO4-mL._AC_SL1500_-768x753.jpg\" alt=\"Correa para Perros, Amortiguador, Antitirones, para Perros medianos y Grandes, Fabricada en Espa\u00f1a. 60cm. Negro\" \/><\/figure><\/div><div class=\"swiper-slide\" role=\"group\" aria-roledescription=\"slide\" aria-label=\"3 de 4\"><figure class=\"swiper-slide-inner\"><img decoding=\"async\" class=\"swiper-slide-image\" src=\"https:\/\/mundoanimalito.com\/wp-content\/uploads\/2024\/04\/A1LzcGmOfdL._AC_SL1500_-768x768.jpg\" alt=\"A1LzcGmOfdL._AC_SL1500_\" \/><\/figure><\/div><div class=\"swiper-slide\" role=\"group\" aria-roledescription=\"slide\" aria-label=\"4 de 4\"><figure class=\"swiper-slide-inner\"><img decoding=\"async\" class=\"swiper-slide-image\" src=\"https:\/\/mundoanimalito.com\/wp-content\/uploads\/2024\/04\/81LX7RJkFzS._AC_SL1500_-768x839.jpg\" alt=\"81LX7RJkFzS._AC_SL1500_\" \/><\/figure><\/div>\t\t\t<\/div>\n\t\t\t\t\t\t\t\t\t\t\t\t<div class=\"elementor-swiper-button elementor-swiper-button-prev\" role=\"button\" tabindex=\"0\">\n\t\t\t\t\t\t<i aria-hidden=\"true\" class=\"eicon-chevron-left\"><\/i>\t\t\t\t\t<\/div>\n\t\t\t\t\t<div class=\"elementor-swiper-button elementor-swiper-button-next\" role=\"button\" tabindex=\"0\">\n\t\t\t\t\t\t<i aria-hidden=\"true\" class=\"eicon-chevron-right\"><\/i>\t\t\t\t\t<\/div>\n\t\t\t\t\n\t\t\t\t\t\t\t\t\t<div class=\"swiper-pagination\"><\/div>\n\t\t\t\t\t\t\t\t\t<\/div>\n\t\t\t\t\t\t<\/div>\n\t\t\t\t<\/div>\n\t\t\t\t\t<\/div>\n\t\t\t\t<\/div>\n\t\t<div class=\"elementor-element elementor-element-6bd1384 e-flex e-con-boxed e-con e-parent\" data-id=\"6bd1384\" data-element_type=\"container\" data-e-type=\"container\">\n\t\t\t\t\t<div class=\"e-con-inner\">\n\t\t\t\t<div class=\"elementor-element elementor-element-7463045 elementor-align-right elementor-widget elementor-widget-button\" data-id=\"7463045\" data-element_type=\"widget\" data-e-type=\"widget\" data-widget_type=\"button.default\">\n\t\t\t\t<div class=\"elementor-widget-container\">\n\t\t\t\t\t\t\t\t\t<div class=\"elementor-button-wrapper\">\n\t\t\t\t\t<a class=\"elementor-button elementor-button-link elementor-size-sm\" href=\"https:\/\/amzn.to\/3UtWh0i\" target=\"_blank\">\n\t\t\t\t\t\t<span class=\"elementor-button-content-wrapper\">\n\t\t\t\t\t\t\t\t\t<span class=\"elementor-button-text\">Compra ahora en Amazon<\/span>\n\t\t\t\t\t<\/span>\n\t\t\t\t\t<\/a>\n\t\t\t\t<\/div>\n\t\t\t\t\t\t\t\t<\/div>\n\t\t\t\t<\/div>\n\t\t\t\t\t<\/div>\n\t\t\t\t<\/div>\n\t\t\t\t<\/div>\n\t\t","protected":false},"excerpt":{"rendered":"<p>\u00bfEst\u00e1s cansado de los tirones durante los paseos con tu perro? \u00a1La soluci\u00f3n ha llegado con nuestra Correa para Perros Avanzona! Descubre c\u00f3mo esta correa puede mejorar la experiencia de caminar con tu fiel amigo \ud83d\udccf Dos Longitudes Disponibles: Con opciones de 60 cm o 120 cm, puedes elegir la longitud que mejor se adapte [&hellip;]<\/p>\n","protected":false},"author":1,"featured_media":0,"parent":0,"menu_order":0,"comment_status":"closed","ping_status":"closed","template":"","meta":{"site-sidebar-layout":"no-sidebar","site-content-layout":"page-builder","ast-site-content-layout":"full-width-container","site-content-style":"default","site-sidebar-style":"default","ast-global-header-display":"","ast-banner-title-visibility":"","ast-main-header-display":"","ast-hfb-above-header-display":"","ast-hfb-below-header-display":"","ast-hfb-mobile-header-display":"","site-post-title":"disabled","ast-breadcrumbs-content":"","ast-featured-img":"disabled","footer-sml-layout":"","ast-disable-related-posts":"","theme-transparent-header-meta":"","adv-header-id-meta":"","stick-header-meta":"","header-above-stick-meta":"","header-main-stick-meta":"","header-below-stick-meta":"","astra-migrate-meta-layouts":"set","ast-page-background-enabled":"default","ast-page-background-meta":{"desktop":{"background-color":"var(--ast-global-color-4)","background-image":"","background-repeat":"repeat","background-position":"center center","background-size":"auto","background-attachment":"scroll","background-type":"","background-media":"","overlay-type":"","overlay-color":"","overlay-opacity":"","overlay-gradient":""},"tablet":{"background-color":"","background-image":"","background-repeat":"repeat","background-position":"center center","background-size":"auto","background-attachment":"scroll","background-type":"","background-media":"","overlay-type":"","overlay-color":"","overlay-opacity":"","overlay-gradient":""},"mobile":{"background-color":"","background-image":"","background-repeat":"repeat","background-position":"center center","background-size":"auto","background-attachment":"scroll","background-type":"","background-media":"","overlay-type":"","overlay-color":"","overlay-opacity":"","overlay-gradient":""}},"ast-content-background-meta":{"desktop":{"background-color":"var(--ast-global-color-5)","background-image":"","background-repeat":"repeat","background-position":"center center","background-size":"auto","background-attachment":"scroll","background-type":"","background-media":"","overlay-type":"","overlay-color":"","overlay-opacity":"","overlay-gradient":""},"tablet":{"background-color":"var(--ast-global-color-5)","background-image":"","background-repeat":"repeat","background-position":"center center","background-size":"auto","background-attachment":"scroll","background-type":"","background-media":"","overlay-type":"","overlay-color":"","overlay-opacity":"","overlay-gradient":""},"mobile":{"background-color":"var(--ast-global-color-5)","background-image":"","background-repeat":"repeat","background-position":"center center","background-size":"auto","background-attachment":"scroll","background-type":"","background-media":"","overlay-type":"","overlay-color":"","overlay-opacity":"","overlay-gradient":""}},"footnotes":""},"class_list":["post-26269","page","type-page","status-publish","hentry"],"yoast_head":"<!-- This site is optimized with the Yoast SEO plugin v27.4 - https:\/\/yoast.com\/product\/yoast-seo-wordpress\/ -->\n<title>Correa para Perros, Amortiguador, Antitirones | Mundo Animalito<\/title>\n<meta name=\"description\" content=\"\u00bfEst\u00e1s cansado de los tirones durante los paseos con tu perro? \u00a1La soluci\u00f3n ha llegado con nuestra Correa para Perros Avanzona! Descubre c\u00f3mo esta correa puede mejorar la experiencia de caminar con tu fiel amigo\" \/>\n<meta name=\"robots\" content=\"index, follow, max-snippet:-1, max-image-preview:large, max-video-preview:-1\" \/>\n<link rel=\"canonical\" href=\"https:\/\/mundoanimalito.com\/index.php\/correa-para-perros-amortiguador-antitirones-para-perros-medianos-y-grandes\/\" \/>\n<meta property=\"og:locale\" content=\"es_ES\" \/>\n<meta property=\"og:type\" content=\"article\" \/>\n<meta property=\"og:title\" content=\"Correa para Perros, Amortiguador, Antitirones | Mundo Animalito\" \/>\n<meta property=\"og:description\" content=\"\u00bfEst\u00e1s cansado de los tirones durante los paseos con tu perro? \u00a1La soluci\u00f3n ha llegado con nuestra Correa para Perros Avanzona! Descubre c\u00f3mo esta correa puede mejorar la experiencia de caminar con tu fiel amigo\" \/>\n<meta property=\"og:url\" content=\"https:\/\/mundoanimalito.com\/index.php\/correa-para-perros-amortiguador-antitirones-para-perros-medianos-y-grandes\/\" \/>\n<meta property=\"og:site_name\" content=\"Mundo Animalito\" \/>\n<meta property=\"article:publisher\" content=\"https:\/\/www.facebook.com\/mundoanimalito77\" \/>\n<meta property=\"article:modified_time\" content=\"2024-09-04T20:26:04+00:00\" \/>\n<meta property=\"og:image\" content=\"https:\/\/mundoanimalito.com\/wp-content\/uploads\/2024\/04\/71TaqqOWK7L._AC_SL1500_-744x1024.jpg\" \/>\n<meta name=\"twitter:card\" content=\"summary_large_image\" \/>\n<meta name=\"twitter:label1\" content=\"Tiempo de lectura\" \/>\n\t<meta name=\"twitter:data1\" content=\"3 minutos\" \/>\n<script type=\"application\/ld+json\" class=\"yoast-schema-graph\">{\"@context\":\"https:\\\/\\\/schema.org\",\"@graph\":[{\"@type\":\"WebPage\",\"@id\":\"https:\\\/\\\/mundoanimalito.com\\\/index.php\\\/correa-para-perros-amortiguador-antitirones-para-perros-medianos-y-grandes\\\/\",\"url\":\"https:\\\/\\\/mundoanimalito.com\\\/index.php\\\/correa-para-perros-amortiguador-antitirones-para-perros-medianos-y-grandes\\\/\",\"name\":\"Correa para Perros, Amortiguador, Antitirones | Mundo Animalito\",\"isPartOf\":{\"@id\":\"https:\\\/\\\/mundoanimalito.com\\\/#website\"},\"primaryImageOfPage\":{\"@id\":\"https:\\\/\\\/mundoanimalito.com\\\/index.php\\\/correa-para-perros-amortiguador-antitirones-para-perros-medianos-y-grandes\\\/#primaryimage\"},\"image\":{\"@id\":\"https:\\\/\\\/mundoanimalito.com\\\/index.php\\\/correa-para-perros-amortiguador-antitirones-para-perros-medianos-y-grandes\\\/#primaryimage\"},\"thumbnailUrl\":\"https:\\\/\\\/mundoanimalito.com\\\/wp-content\\\/uploads\\\/2024\\\/04\\\/71TaqqOWK7L._AC_SL1500_-744x1024.jpg\",\"datePublished\":\"2024-04-22T13:51:48+00:00\",\"dateModified\":\"2024-09-04T20:26:04+00:00\",\"description\":\"\u00bfEst\u00e1s cansado de los tirones durante los paseos con tu perro? \u00a1La soluci\u00f3n ha llegado con nuestra Correa para Perros Avanzona! Descubre c\u00f3mo esta correa puede mejorar la experiencia de caminar con tu fiel amigo\",\"breadcrumb\":{\"@id\":\"https:\\\/\\\/mundoanimalito.com\\\/index.php\\\/correa-para-perros-amortiguador-antitirones-para-perros-medianos-y-grandes\\\/#breadcrumb\"},\"inLanguage\":\"es\",\"potentialAction\":[{\"@type\":\"ReadAction\",\"target\":[\"https:\\\/\\\/mundoanimalito.com\\\/index.php\\\/correa-para-perros-amortiguador-antitirones-para-perros-medianos-y-grandes\\\/\"]}]},{\"@type\":\"ImageObject\",\"inLanguage\":\"es\",\"@id\":\"https:\\\/\\\/mundoanimalito.com\\\/index.php\\\/correa-para-perros-amortiguador-antitirones-para-perros-medianos-y-grandes\\\/#primaryimage\",\"url\":\"https:\\\/\\\/mundoanimalito.com\\\/wp-content\\\/uploads\\\/2024\\\/04\\\/71TaqqOWK7L._AC_SL1500_.jpg\",\"contentUrl\":\"https:\\\/\\\/mundoanimalito.com\\\/wp-content\\\/uploads\\\/2024\\\/04\\\/71TaqqOWK7L._AC_SL1500_.jpg\",\"width\":1090,\"height\":1500,\"caption\":\"Correa para Perros, Amortiguador, Antitirones, para Perros medianos y Grandes, Fabricada en Espa\u00f1a. 60cm. Negro\"},{\"@type\":\"BreadcrumbList\",\"@id\":\"https:\\\/\\\/mundoanimalito.com\\\/index.php\\\/correa-para-perros-amortiguador-antitirones-para-perros-medianos-y-grandes\\\/#breadcrumb\",\"itemListElement\":[{\"@type\":\"ListItem\",\"position\":1,\"name\":\"Portada\",\"item\":\"https:\\\/\\\/mundoanimalito.com\\\/\"},{\"@type\":\"ListItem\",\"position\":2,\"name\":\"Correa para Perros, Amortiguador, Antitirones, para Perros medianos y Grandes,\"}]},{\"@type\":\"WebSite\",\"@id\":\"https:\\\/\\\/mundoanimalito.com\\\/#website\",\"url\":\"https:\\\/\\\/mundoanimalito.com\\\/\",\"name\":\"Mundo Animalito\",\"description\":\"Datos y curiosidades de los animales, encuentra ac\u00e1 todo para tu mascota\",\"publisher\":{\"@id\":\"https:\\\/\\\/mundoanimalito.com\\\/#organization\"},\"potentialAction\":[{\"@type\":\"SearchAction\",\"target\":{\"@type\":\"EntryPoint\",\"urlTemplate\":\"https:\\\/\\\/mundoanimalito.com\\\/?s={search_term_string}\"},\"query-input\":{\"@type\":\"PropertyValueSpecification\",\"valueRequired\":true,\"valueName\":\"search_term_string\"}}],\"inLanguage\":\"es\"},{\"@type\":\"Organization\",\"@id\":\"https:\\\/\\\/mundoanimalito.com\\\/#organization\",\"name\":\"Mundo Animalito\",\"url\":\"https:\\\/\\\/mundoanimalito.com\\\/\",\"logo\":{\"@type\":\"ImageObject\",\"inLanguage\":\"es\",\"@id\":\"https:\\\/\\\/mundoanimalito.com\\\/#\\\/schema\\\/logo\\\/image\\\/\",\"url\":\"https:\\\/\\\/mundoanimalito.com\\\/wp-content\\\/uploads\\\/2023\\\/10\\\/cropped-cropped-LOGO-OFICIAL-ULTIMA-VERSION-1.jpg\",\"contentUrl\":\"https:\\\/\\\/mundoanimalito.com\\\/wp-content\\\/uploads\\\/2023\\\/10\\\/cropped-cropped-LOGO-OFICIAL-ULTIMA-VERSION-1.jpg\",\"width\":374,\"height\":425,\"caption\":\"Mundo Animalito\"},\"image\":{\"@id\":\"https:\\\/\\\/mundoanimalito.com\\\/#\\\/schema\\\/logo\\\/image\\\/\"},\"sameAs\":[\"https:\\\/\\\/www.facebook.com\\\/mundoanimalito77\",\"https:\\\/\\\/www.instagram.com\\\/mundoanimalito77\\\/\",\"https:\\\/\\\/www.tiktok.com\\\/@mundoanimalito77\",\"https:\\\/\\\/www.youtube.com\\\/channel\\\/UCLo2JhNUNtHVraDt5aHadew\"]}]}<\/script>\n<!-- \/ Yoast SEO plugin. -->","yoast_head_json":{"title":"Correa para Perros, Amortiguador, Antitirones | Mundo Animalito","description":"\u00bfEst\u00e1s cansado de los tirones durante los paseos con tu perro? \u00a1La soluci\u00f3n ha llegado con nuestra Correa para Perros Avanzona! Descubre c\u00f3mo esta correa puede mejorar la experiencia de caminar con tu fiel amigo","robots":{"index":"index","follow":"follow","max-snippet":"max-snippet:-1","max-image-preview":"max-image-preview:large","max-video-preview":"max-video-preview:-1"},"canonical":"https:\/\/mundoanimalito.com\/index.php\/correa-para-perros-amortiguador-antitirones-para-perros-medianos-y-grandes\/","og_locale":"es_ES","og_type":"article","og_title":"Correa para Perros, Amortiguador, Antitirones | Mundo Animalito","og_description":"\u00bfEst\u00e1s cansado de los tirones durante los paseos con tu perro? \u00a1La soluci\u00f3n ha llegado con nuestra Correa para Perros Avanzona! Descubre c\u00f3mo esta correa puede mejorar la experiencia de caminar con tu fiel amigo","og_url":"https:\/\/mundoanimalito.com\/index.php\/correa-para-perros-amortiguador-antitirones-para-perros-medianos-y-grandes\/","og_site_name":"Mundo Animalito","article_publisher":"https:\/\/www.facebook.com\/mundoanimalito77","article_modified_time":"2024-09-04T20:26:04+00:00","og_image":[{"url":"https:\/\/mundoanimalito.com\/wp-content\/uploads\/2024\/04\/71TaqqOWK7L._AC_SL1500_-744x1024.jpg","type":"","width":"","height":""}],"twitter_card":"summary_large_image","twitter_misc":{"Tiempo de lectura":"3 minutos"},"schema":{"@context":"https:\/\/schema.org","@graph":[{"@type":"WebPage","@id":"https:\/\/mundoanimalito.com\/index.php\/correa-para-perros-amortiguador-antitirones-para-perros-medianos-y-grandes\/","url":"https:\/\/mundoanimalito.com\/index.php\/correa-para-perros-amortiguador-antitirones-para-perros-medianos-y-grandes\/","name":"Correa para Perros, Amortiguador, Antitirones | Mundo Animalito","isPartOf":{"@id":"https:\/\/mundoanimalito.com\/#website"},"primaryImageOfPage":{"@id":"https:\/\/mundoanimalito.com\/index.php\/correa-para-perros-amortiguador-antitirones-para-perros-medianos-y-grandes\/#primaryimage"},"image":{"@id":"https:\/\/mundoanimalito.com\/index.php\/correa-para-perros-amortiguador-antitirones-para-perros-medianos-y-grandes\/#primaryimage"},"thumbnailUrl":"https:\/\/mundoanimalito.com\/wp-content\/uploads\/2024\/04\/71TaqqOWK7L._AC_SL1500_-744x1024.jpg","datePublished":"2024-04-22T13:51:48+00:00","dateModified":"2024-09-04T20:26:04+00:00","description":"\u00bfEst\u00e1s cansado de los tirones durante los paseos con tu perro? \u00a1La soluci\u00f3n ha llegado con nuestra Correa para Perros Avanzona! Descubre c\u00f3mo esta correa puede mejorar la experiencia de caminar con tu fiel amigo","breadcrumb":{"@id":"https:\/\/mundoanimalito.com\/index.php\/correa-para-perros-amortiguador-antitirones-para-perros-medianos-y-grandes\/#breadcrumb"},"inLanguage":"es","potentialAction":[{"@type":"ReadAction","target":["https:\/\/mundoanimalito.com\/index.php\/correa-para-perros-amortiguador-antitirones-para-perros-medianos-y-grandes\/"]}]},{"@type":"ImageObject","inLanguage":"es","@id":"https:\/\/mundoanimalito.com\/index.php\/correa-para-perros-amortiguador-antitirones-para-perros-medianos-y-grandes\/#primaryimage","url":"https:\/\/mundoanimalito.com\/wp-content\/uploads\/2024\/04\/71TaqqOWK7L._AC_SL1500_.jpg","contentUrl":"https:\/\/mundoanimalito.com\/wp-content\/uploads\/2024\/04\/71TaqqOWK7L._AC_SL1500_.jpg","width":1090,"height":1500,"caption":"Correa para Perros, Amortiguador, Antitirones, para Perros medianos y Grandes, Fabricada en Espa\u00f1a. 60cm. Negro"},{"@type":"BreadcrumbList","@id":"https:\/\/mundoanimalito.com\/index.php\/correa-para-perros-amortiguador-antitirones-para-perros-medianos-y-grandes\/#breadcrumb","itemListElement":[{"@type":"ListItem","position":1,"name":"Portada","item":"https:\/\/mundoanimalito.com\/"},{"@type":"ListItem","position":2,"name":"Correa para Perros, Amortiguador, Antitirones, para Perros medianos y Grandes,"}]},{"@type":"WebSite","@id":"https:\/\/mundoanimalito.com\/#website","url":"https:\/\/mundoanimalito.com\/","name":"Mundo Animalito","description":"Datos y curiosidades de los animales, encuentra ac\u00e1 todo para tu mascota","publisher":{"@id":"https:\/\/mundoanimalito.com\/#organization"},"potentialAction":[{"@type":"SearchAction","target":{"@type":"EntryPoint","urlTemplate":"https:\/\/mundoanimalito.com\/?s={search_term_string}"},"query-input":{"@type":"PropertyValueSpecification","valueRequired":true,"valueName":"search_term_string"}}],"inLanguage":"es"},{"@type":"Organization","@id":"https:\/\/mundoanimalito.com\/#organization","name":"Mundo Animalito","url":"https:\/\/mundoanimalito.com\/","logo":{"@type":"ImageObject","inLanguage":"es","@id":"https:\/\/mundoanimalito.com\/#\/schema\/logo\/image\/","url":"https:\/\/mundoanimalito.com\/wp-content\/uploads\/2023\/10\/cropped-cropped-LOGO-OFICIAL-ULTIMA-VERSION-1.jpg","contentUrl":"https:\/\/mundoanimalito.com\/wp-content\/uploads\/2023\/10\/cropped-cropped-LOGO-OFICIAL-ULTIMA-VERSION-1.jpg","width":374,"height":425,"caption":"Mundo Animalito"},"image":{"@id":"https:\/\/mundoanimalito.com\/#\/schema\/logo\/image\/"},"sameAs":["https:\/\/www.facebook.com\/mundoanimalito77","https:\/\/www.instagram.com\/mundoanimalito77\/","https:\/\/www.tiktok.com\/@mundoanimalito77","https:\/\/www.youtube.com\/channel\/UCLo2JhNUNtHVraDt5aHadew"]}]}},"_links":{"self":[{"href":"https:\/\/mundoanimalito.com\/index.php\/wp-json\/wp\/v2\/pages\/26269","targetHints":{"allow":["GET"]}}],"collection":[{"href":"https:\/\/mundoanimalito.com\/index.php\/wp-json\/wp\/v2\/pages"}],"about":[{"href":"https:\/\/mundoanimalito.com\/index.php\/wp-json\/wp\/v2\/types\/page"}],"author":[{"embeddable":true,"href":"https:\/\/mundoanimalito.com\/index.php\/wp-json\/wp\/v2\/users\/1"}],"replies":[{"embeddable":true,"href":"https:\/\/mundoanimalito.com\/index.php\/wp-json\/wp\/v2\/comments?post=26269"}],"version-history":[{"count":0,"href":"https:\/\/mundoanimalito.com\/index.php\/wp-json\/wp\/v2\/pages\/26269\/revisions"}],"wp:attachment":[{"href":"https:\/\/mundoanimalito.com\/index.php\/wp-json\/wp\/v2\/media?parent=26269"}],"curies":[{"name":"wp","href":"https:\/\/api.w.org\/{rel}","templated":true}]}}