{"id":26204,"date":"2024-04-22T08:37:19","date_gmt":"2024-04-22T13:37:19","guid":{"rendered":"https:\/\/mundoanimalito.com\/?page_id=26204"},"modified":"2024-09-09T15:13:17","modified_gmt":"2024-09-09T20:13:17","slug":"lionto-correa-regulable-para-perros-correa-regulable-multiusos","status":"publish","type":"page","link":"https:\/\/mundoanimalito.com\/index.php\/lionto-correa-regulable-para-perros-correa-regulable-multiusos\/","title":{"rendered":"lionto Correa Regulable para Perros Correa Regulable Multiusos"},"content":{"rendered":"\t\t<div data-elementor-type=\"wp-page\" data-elementor-id=\"26204\" class=\"elementor elementor-26204\" data-elementor-post-type=\"page\">\n\t\t\t\t<div class=\"elementor-element elementor-element-ce7ec95 e-flex e-con-boxed e-con e-parent\" data-id=\"ce7ec95\" data-element_type=\"container\" data-e-type=\"container\">\n\t\t\t\t\t<div class=\"e-con-inner\">\n\t\t\t\t<div class=\"elementor-element elementor-element-ff94f46 elementor-widget elementor-widget-heading\" data-id=\"ff94f46\" data-element_type=\"widget\" data-e-type=\"widget\" data-widget_type=\"heading.default\">\n\t\t\t\t<div class=\"elementor-widget-container\">\n\t\t\t\t\t<h2 class=\"elementor-heading-title elementor-size-default\">\u00bfQuieres llevar los paseos con tu perro al siguiente nivel? \u00a1La Correa Regulable Lionto es la soluci\u00f3n perfecta para ti y tu compa\u00f1ero peludo!<\/h2>\t\t\t\t<\/div>\n\t\t\t\t<\/div>\n\t\t\t\t\t<\/div>\n\t\t\t\t<\/div>\n\t\t<div class=\"elementor-element elementor-element-32c97e0 e-flex e-con-boxed e-con e-parent\" data-id=\"32c97e0\" data-element_type=\"container\" data-e-type=\"container\">\n\t\t\t\t\t<div class=\"e-con-inner\">\n\t\t<div class=\"elementor-element elementor-element-d13c9a3 e-con-full e-flex e-con e-child\" data-id=\"d13c9a3\" data-element_type=\"container\" data-e-type=\"container\">\n\t\t\t\t<div class=\"elementor-element elementor-element-64b5b36 elementor-widget elementor-widget-image\" data-id=\"64b5b36\" data-element_type=\"widget\" data-e-type=\"widget\" data-widget_type=\"image.default\">\n\t\t\t\t<div class=\"elementor-widget-container\">\n\t\t\t\t\t\t\t\t\t\t\t\t\t\t\t\t<a href=\"https:\/\/amzn.to\/4aLUDws\" target=\"_blank\">\n\t\t\t\t\t\t\t<img fetchpriority=\"high\" decoding=\"async\" width=\"1024\" height=\"289\" src=\"https:\/\/mundoanimalito.com\/wp-content\/uploads\/2024\/04\/61V25NRb0L._AC_SL1500_-1024x289.jpg\" class=\"attachment-large size-large wp-image-26182\" alt=\"lionto Correa Regulable para Perros Correa Regulable Multiusos Correa Doble Correa de Manos Libres Longitud 200 cm, Negro\" srcset=\"https:\/\/mundoanimalito.com\/wp-content\/uploads\/2024\/04\/61V25NRb0L._AC_SL1500_-1024x289.jpg 1024w, https:\/\/mundoanimalito.com\/wp-content\/uploads\/2024\/04\/61V25NRb0L._AC_SL1500_-300x85.jpg 300w, https:\/\/mundoanimalito.com\/wp-content\/uploads\/2024\/04\/61V25NRb0L._AC_SL1500_-768x217.jpg 768w, https:\/\/mundoanimalito.com\/wp-content\/uploads\/2024\/04\/61V25NRb0L._AC_SL1500_.jpg 1500w\" sizes=\"(max-width: 1024px) 100vw, 1024px\" \/>\t\t\t\t\t\t\t\t<\/a>\n\t\t\t\t\t\t\t\t\t\t\t\t\t\t\t<\/div>\n\t\t\t\t<\/div>\n\t\t\t\t<\/div>\n\t\t<div class=\"elementor-element elementor-element-3fe757b e-con-full e-flex e-con e-child\" data-id=\"3fe757b\" data-element_type=\"container\" data-e-type=\"container\">\n\t\t\t\t<div class=\"elementor-element elementor-element-4a66feb elementor-widget elementor-widget-text-editor\" data-id=\"4a66feb\" data-element_type=\"widget\" data-e-type=\"widget\" data-widget_type=\"text-editor.default\">\n\t\t\t\t<div class=\"elementor-widget-container\">\n\t\t\t\t\t\t\t\t\t<p>\ud83d\udccf <strong>Regulable en Tres Longitudes:<\/strong> \u00a1Ad\u00e1ptate a cualquier situaci\u00f3n con facilidad! Con la capacidad de ajustarse en tres longitudes diferentes, esta correa te permite cambiar r\u00e1pidamente entre una correa corta, mediana o larga seg\u00fan lo necesites. \u00a1Mant\u00e9n el control en todo momento!<\/p><p>\u00a0<\/p><p>\ud83d\udd17 <strong>Multiusos:<\/strong> \u00a1Una correa, m\u00faltiples funciones! Util\u00edzala como una correa de manos libres para disfrutar de paseos sin manos, o convi\u00e9rtela en una correa doble para caminar con dos perros al mismo tiempo. \u00a1La versatilidad que necesitas en un solo producto!<\/p>\t\t\t\t\t\t\t\t<\/div>\n\t\t\t\t<\/div>\n\t\t\t\t<\/div>\n\t\t\t\t\t<\/div>\n\t\t\t\t<\/div>\n\t\t<div class=\"elementor-element elementor-element-e484069 e-flex e-con-boxed e-con e-parent\" data-id=\"e484069\" data-element_type=\"container\" data-e-type=\"container\">\n\t\t\t\t\t<div class=\"e-con-inner\">\n\t\t\t\t<div class=\"elementor-element elementor-element-b1f2261 elementor-widget elementor-widget-text-editor\" data-id=\"b1f2261\" data-element_type=\"widget\" data-e-type=\"widget\" data-widget_type=\"text-editor.default\">\n\t\t\t\t<div class=\"elementor-widget-container\">\n\t\t\t\t\t\t\t\t\t<p>\ud83d\udcaa <strong>Materiales Robustos:<\/strong> Fabricada con nailon resistente e impermeable y adornada con capuchones de cuero artificial, esta correa est\u00e1 dise\u00f1ada para durar. Los mosquetones de acero inoxidable con articulaciones de 360\u00b0 garantizan una sujeci\u00f3n segura en todo momento.<\/p><p>\u00a0<\/p><p>\ud83e\uddfc <strong>F\u00e1cil de Limpiar:<\/strong> Su material impermeable no solo ofrece un agarre s\u00f3lido incluso en condiciones h\u00famedas, sino que tambi\u00e9n facilita la limpieza. Con solo un pa\u00f1o y agua caliente, podr\u00e1s mantener tu correa impecable en todo momento.<\/p><p>\u00a0<\/p><p>\ud83c\udf08 <strong>Variedad de Colores:<\/strong> Disponible en elegante negro, esta correa combina estilo y funcionalidad a la perfecci\u00f3n. \u00a1Haz que cada paseo sea una declaraci\u00f3n de moda con tu perro!<\/p><p>\u00a0<\/p><p>Ya sea que est\u00e9s dando un paseo tranquilo por el parque o aventur\u00e1ndote en una caminata emocionante, la Correa Regulable Lionto te ofrece la libertad y versatilidad que necesitas. \u00a1Hazte con la tuya hoy mismo y lleva los paseos con tu perro a otro nivel de comodidad y estilo!<\/p>\t\t\t\t\t\t\t\t<\/div>\n\t\t\t\t<\/div>\n\t\t\t\t<div class=\"elementor-element elementor-element-bbd3097 elementor-align-right elementor-widget elementor-widget-button\" data-id=\"bbd3097\" data-element_type=\"widget\" data-e-type=\"widget\" data-widget_type=\"button.default\">\n\t\t\t\t<div class=\"elementor-widget-container\">\n\t\t\t\t\t\t\t\t\t<div class=\"elementor-button-wrapper\">\n\t\t\t\t\t<a class=\"elementor-button elementor-button-link elementor-size-sm\" href=\"https:\/\/amzn.to\/4aLUDws\" target=\"_blank\">\n\t\t\t\t\t\t<span class=\"elementor-button-content-wrapper\">\n\t\t\t\t\t\t\t\t\t<span class=\"elementor-button-text\">Compra ahora en Amazon<\/span>\n\t\t\t\t\t<\/span>\n\t\t\t\t\t<\/a>\n\t\t\t\t<\/div>\n\t\t\t\t\t\t\t\t<\/div>\n\t\t\t\t<\/div>\n\t\t\t\t\t<\/div>\n\t\t\t\t<\/div>\n\t\t<div class=\"elementor-element elementor-element-93540c6 e-flex e-con-boxed e-con e-parent\" data-id=\"93540c6\" data-element_type=\"container\" data-e-type=\"container\">\n\t\t\t\t\t<div class=\"e-con-inner\">\n\t\t\t\t<div class=\"elementor-element elementor-element-9ba3c66 elementor-arrows-position-inside elementor-pagination-position-outside elementor-widget elementor-widget-image-carousel\" data-id=\"9ba3c66\" data-element_type=\"widget\" data-e-type=\"widget\" data-settings=\"{&quot;slides_to_show&quot;:&quot;1&quot;,&quot;navigation&quot;:&quot;both&quot;,&quot;autoplay&quot;:&quot;yes&quot;,&quot;pause_on_hover&quot;:&quot;yes&quot;,&quot;pause_on_interaction&quot;:&quot;yes&quot;,&quot;autoplay_speed&quot;:5000,&quot;infinite&quot;:&quot;yes&quot;,&quot;effect&quot;:&quot;slide&quot;,&quot;speed&quot;:500}\" data-widget_type=\"image-carousel.default\">\n\t\t\t\t<div class=\"elementor-widget-container\">\n\t\t\t\t\t\t\t<div class=\"elementor-image-carousel-wrapper swiper\" role=\"region\" aria-roledescription=\"carousel\" aria-label=\"Carrusel de im\u00e1genes\" dir=\"ltr\">\n\t\t\t<div class=\"elementor-image-carousel swiper-wrapper\" aria-live=\"off\">\n\t\t\t\t\t\t\t\t<div class=\"swiper-slide\" role=\"group\" aria-roledescription=\"slide\" aria-label=\"1 de 4\"><figure class=\"swiper-slide-inner\"><img decoding=\"async\" class=\"swiper-slide-image\" src=\"https:\/\/mundoanimalito.com\/wp-content\/uploads\/2024\/04\/91U9ha6GXtL._AC_SL1500_-768x768.jpg\" alt=\"lionto Correa Regulable para Perros Correa Regulable Multiusos Correa Doble Correa de Manos Libres Longitud 200 cm, Negro\" \/><\/figure><\/div><div class=\"swiper-slide\" role=\"group\" aria-roledescription=\"slide\" aria-label=\"2 de 4\"><figure class=\"swiper-slide-inner\"><img decoding=\"async\" class=\"swiper-slide-image\" src=\"https:\/\/mundoanimalito.com\/wp-content\/uploads\/2024\/04\/91qEt9Sg2HL._AC_SL1500_-768x768.jpg\" alt=\"lionto Correa Regulable para Perros Correa Regulable Multiusos Correa Doble Correa de Manos Libres Longitud 200 cm, Negro\" \/><\/figure><\/div><div class=\"swiper-slide\" role=\"group\" aria-roledescription=\"slide\" aria-label=\"3 de 4\"><figure class=\"swiper-slide-inner\"><img decoding=\"async\" class=\"swiper-slide-image\" src=\"https:\/\/mundoanimalito.com\/wp-content\/uploads\/2024\/04\/914sn0fAanL._AC_SL1500_-768x768.jpg\" alt=\"lionto Correa Regulable para Perros Correa Regulable Multiusos Correa Doble Correa de Manos Libres Longitud 200 cm, Negro\" \/><\/figure><\/div><div class=\"swiper-slide\" role=\"group\" aria-roledescription=\"slide\" aria-label=\"4 de 4\"><figure class=\"swiper-slide-inner\"><img decoding=\"async\" class=\"swiper-slide-image\" src=\"https:\/\/mundoanimalito.com\/wp-content\/uploads\/2024\/04\/A190eqXuT1L._AC_SL1500_-768x768.jpg\" alt=\"lionto Correa Regulable para Perros Correa Regulable Multiusos Correa Doble Correa de Manos Libres Longitud 200 cm, Negro\" \/><\/figure><\/div>\t\t\t<\/div>\n\t\t\t\t\t\t\t\t\t\t\t\t<div class=\"elementor-swiper-button elementor-swiper-button-prev\" role=\"button\" tabindex=\"0\">\n\t\t\t\t\t\t<i aria-hidden=\"true\" class=\"eicon-chevron-left\"><\/i>\t\t\t\t\t<\/div>\n\t\t\t\t\t<div class=\"elementor-swiper-button elementor-swiper-button-next\" role=\"button\" tabindex=\"0\">\n\t\t\t\t\t\t<i aria-hidden=\"true\" class=\"eicon-chevron-right\"><\/i>\t\t\t\t\t<\/div>\n\t\t\t\t\n\t\t\t\t\t\t\t\t\t<div class=\"swiper-pagination\"><\/div>\n\t\t\t\t\t\t\t\t\t<\/div>\n\t\t\t\t\t\t<\/div>\n\t\t\t\t<\/div>\n\t\t\t\t\t<\/div>\n\t\t\t\t<\/div>\n\t\t<div class=\"elementor-element elementor-element-532277b e-flex e-con-boxed e-con e-parent\" data-id=\"532277b\" data-element_type=\"container\" data-e-type=\"container\">\n\t\t\t\t\t<div class=\"e-con-inner\">\n\t\t\t\t<div class=\"elementor-element elementor-element-5cdbd69 elementor-align-right elementor-widget elementor-widget-button\" data-id=\"5cdbd69\" data-element_type=\"widget\" data-e-type=\"widget\" data-widget_type=\"button.default\">\n\t\t\t\t<div class=\"elementor-widget-container\">\n\t\t\t\t\t\t\t\t\t<div class=\"elementor-button-wrapper\">\n\t\t\t\t\t<a class=\"elementor-button elementor-button-link elementor-size-sm\" href=\"https:\/\/amzn.to\/4aLUDws\" target=\"_blank\">\n\t\t\t\t\t\t<span class=\"elementor-button-content-wrapper\">\n\t\t\t\t\t\t\t\t\t<span class=\"elementor-button-text\">Compra ahora en Amazon<\/span>\n\t\t\t\t\t<\/span>\n\t\t\t\t\t<\/a>\n\t\t\t\t<\/div>\n\t\t\t\t\t\t\t\t<\/div>\n\t\t\t\t<\/div>\n\t\t\t\t\t<\/div>\n\t\t\t\t<\/div>\n\t\t\t\t<\/div>\n\t\t","protected":false},"excerpt":{"rendered":"<p>\u00bfQuieres llevar los paseos con tu perro al siguiente nivel? \u00a1La Correa Regulable Lionto es la soluci\u00f3n perfecta para ti y tu compa\u00f1ero peludo! \ud83d\udccf Regulable en Tres Longitudes: \u00a1Ad\u00e1ptate a cualquier situaci\u00f3n con facilidad! Con la capacidad de ajustarse en tres longitudes diferentes, esta correa te permite cambiar r\u00e1pidamente entre una correa corta, mediana [&hellip;]<\/p>\n","protected":false},"author":1,"featured_media":0,"parent":0,"menu_order":0,"comment_status":"closed","ping_status":"closed","template":"","meta":{"site-sidebar-layout":"no-sidebar","site-content-layout":"page-builder","ast-site-content-layout":"full-width-container","site-content-style":"default","site-sidebar-style":"default","ast-global-header-display":"","ast-banner-title-visibility":"","ast-main-header-display":"","ast-hfb-above-header-display":"","ast-hfb-below-header-display":"","ast-hfb-mobile-header-display":"","site-post-title":"disabled","ast-breadcrumbs-content":"","ast-featured-img":"disabled","footer-sml-layout":"","ast-disable-related-posts":"","theme-transparent-header-meta":"","adv-header-id-meta":"","stick-header-meta":"","header-above-stick-meta":"","header-main-stick-meta":"","header-below-stick-meta":"","astra-migrate-meta-layouts":"set","ast-page-background-enabled":"default","ast-page-background-meta":{"desktop":{"background-color":"var(--ast-global-color-4)","background-image":"","background-repeat":"repeat","background-position":"center center","background-size":"auto","background-attachment":"scroll","background-type":"","background-media":"","overlay-type":"","overlay-color":"","overlay-opacity":"","overlay-gradient":""},"tablet":{"background-color":"","background-image":"","background-repeat":"repeat","background-position":"center center","background-size":"auto","background-attachment":"scroll","background-type":"","background-media":"","overlay-type":"","overlay-color":"","overlay-opacity":"","overlay-gradient":""},"mobile":{"background-color":"","background-image":"","background-repeat":"repeat","background-position":"center center","background-size":"auto","background-attachment":"scroll","background-type":"","background-media":"","overlay-type":"","overlay-color":"","overlay-opacity":"","overlay-gradient":""}},"ast-content-background-meta":{"desktop":{"background-color":"var(--ast-global-color-5)","background-image":"","background-repeat":"repeat","background-position":"center center","background-size":"auto","background-attachment":"scroll","background-type":"","background-media":"","overlay-type":"","overlay-color":"","overlay-opacity":"","overlay-gradient":""},"tablet":{"background-color":"var(--ast-global-color-5)","background-image":"","background-repeat":"repeat","background-position":"center center","background-size":"auto","background-attachment":"scroll","background-type":"","background-media":"","overlay-type":"","overlay-color":"","overlay-opacity":"","overlay-gradient":""},"mobile":{"background-color":"var(--ast-global-color-5)","background-image":"","background-repeat":"repeat","background-position":"center center","background-size":"auto","background-attachment":"scroll","background-type":"","background-media":"","overlay-type":"","overlay-color":"","overlay-opacity":"","overlay-gradient":""}},"footnotes":""},"class_list":["post-26204","page","type-page","status-publish","hentry"],"yoast_head":"<!-- This site is optimized with the Yoast SEO plugin v27.5 - https:\/\/yoast.com\/product\/yoast-seo-wordpress\/ -->\n<title>Lionto Correa Regulable para Perros | Mundo Animalito<\/title>\n<meta name=\"description\" content=\"\u00bfQuieres llevar los paseos con tu perro al siguiente nivel? \u00a1La Correa Regulable Lionto es la soluci\u00f3n perfecta para ti y tu compa\u00f1ero peludo!\" \/>\n<meta name=\"robots\" content=\"index, follow, max-snippet:-1, max-image-preview:large, max-video-preview:-1\" \/>\n<link rel=\"canonical\" href=\"https:\/\/mundoanimalito.com\/index.php\/lionto-correa-regulable-para-perros-correa-regulable-multiusos\/\" \/>\n<meta property=\"og:locale\" content=\"es_ES\" \/>\n<meta property=\"og:type\" content=\"article\" \/>\n<meta property=\"og:title\" content=\"Lionto Correa Regulable para Perros | Mundo Animalito\" \/>\n<meta property=\"og:description\" content=\"\u00bfQuieres llevar los paseos con tu perro al siguiente nivel? \u00a1La Correa Regulable Lionto es la soluci\u00f3n perfecta para ti y tu compa\u00f1ero peludo!\" \/>\n<meta property=\"og:url\" content=\"https:\/\/mundoanimalito.com\/index.php\/lionto-correa-regulable-para-perros-correa-regulable-multiusos\/\" \/>\n<meta property=\"og:site_name\" content=\"Mundo Animalito\" \/>\n<meta property=\"article:publisher\" content=\"https:\/\/www.facebook.com\/mundoanimalito77\" \/>\n<meta property=\"article:modified_time\" content=\"2024-09-09T20:13:17+00:00\" \/>\n<meta property=\"og:image\" content=\"https:\/\/mundoanimalito.com\/wp-content\/uploads\/2024\/04\/61V25NRb0L._AC_SL1500_-1024x289.jpg\" \/>\n<meta name=\"twitter:card\" content=\"summary_large_image\" \/>\n<meta name=\"twitter:label1\" content=\"Tiempo de lectura\" \/>\n\t<meta name=\"twitter:data1\" content=\"3 minutos\" \/>\n<script type=\"application\/ld+json\" class=\"yoast-schema-graph\">{\"@context\":\"https:\\\/\\\/schema.org\",\"@graph\":[{\"@type\":\"WebPage\",\"@id\":\"https:\\\/\\\/mundoanimalito.com\\\/index.php\\\/lionto-correa-regulable-para-perros-correa-regulable-multiusos\\\/\",\"url\":\"https:\\\/\\\/mundoanimalito.com\\\/index.php\\\/lionto-correa-regulable-para-perros-correa-regulable-multiusos\\\/\",\"name\":\"Lionto Correa Regulable para Perros | Mundo Animalito\",\"isPartOf\":{\"@id\":\"https:\\\/\\\/mundoanimalito.com\\\/#website\"},\"primaryImageOfPage\":{\"@id\":\"https:\\\/\\\/mundoanimalito.com\\\/index.php\\\/lionto-correa-regulable-para-perros-correa-regulable-multiusos\\\/#primaryimage\"},\"image\":{\"@id\":\"https:\\\/\\\/mundoanimalito.com\\\/index.php\\\/lionto-correa-regulable-para-perros-correa-regulable-multiusos\\\/#primaryimage\"},\"thumbnailUrl\":\"https:\\\/\\\/mundoanimalito.com\\\/wp-content\\\/uploads\\\/2024\\\/04\\\/61V25NRb0L._AC_SL1500_-1024x289.jpg\",\"datePublished\":\"2024-04-22T13:37:19+00:00\",\"dateModified\":\"2024-09-09T20:13:17+00:00\",\"description\":\"\u00bfQuieres llevar los paseos con tu perro al siguiente nivel? \u00a1La Correa Regulable Lionto es la soluci\u00f3n perfecta para ti y tu compa\u00f1ero peludo!\",\"breadcrumb\":{\"@id\":\"https:\\\/\\\/mundoanimalito.com\\\/index.php\\\/lionto-correa-regulable-para-perros-correa-regulable-multiusos\\\/#breadcrumb\"},\"inLanguage\":\"es\",\"potentialAction\":[{\"@type\":\"ReadAction\",\"target\":[\"https:\\\/\\\/mundoanimalito.com\\\/index.php\\\/lionto-correa-regulable-para-perros-correa-regulable-multiusos\\\/\"]}]},{\"@type\":\"ImageObject\",\"inLanguage\":\"es\",\"@id\":\"https:\\\/\\\/mundoanimalito.com\\\/index.php\\\/lionto-correa-regulable-para-perros-correa-regulable-multiusos\\\/#primaryimage\",\"url\":\"https:\\\/\\\/mundoanimalito.com\\\/wp-content\\\/uploads\\\/2024\\\/04\\\/61V25NRb0L._AC_SL1500_.jpg\",\"contentUrl\":\"https:\\\/\\\/mundoanimalito.com\\\/wp-content\\\/uploads\\\/2024\\\/04\\\/61V25NRb0L._AC_SL1500_.jpg\",\"width\":1500,\"height\":424,\"caption\":\"lionto Correa Regulable para Perros Correa Regulable Multiusos Correa Doble Correa de Manos Libres Longitud 200 cm, Negro\"},{\"@type\":\"BreadcrumbList\",\"@id\":\"https:\\\/\\\/mundoanimalito.com\\\/index.php\\\/lionto-correa-regulable-para-perros-correa-regulable-multiusos\\\/#breadcrumb\",\"itemListElement\":[{\"@type\":\"ListItem\",\"position\":1,\"name\":\"Portada\",\"item\":\"https:\\\/\\\/mundoanimalito.com\\\/\"},{\"@type\":\"ListItem\",\"position\":2,\"name\":\"lionto Correa Regulable para Perros Correa Regulable Multiusos\"}]},{\"@type\":\"WebSite\",\"@id\":\"https:\\\/\\\/mundoanimalito.com\\\/#website\",\"url\":\"https:\\\/\\\/mundoanimalito.com\\\/\",\"name\":\"Mundo Animalito\",\"description\":\"Datos y curiosidades de los animales, encuentra ac\u00e1 todo para tu mascota\",\"publisher\":{\"@id\":\"https:\\\/\\\/mundoanimalito.com\\\/#organization\"},\"potentialAction\":[{\"@type\":\"SearchAction\",\"target\":{\"@type\":\"EntryPoint\",\"urlTemplate\":\"https:\\\/\\\/mundoanimalito.com\\\/?s={search_term_string}\"},\"query-input\":{\"@type\":\"PropertyValueSpecification\",\"valueRequired\":true,\"valueName\":\"search_term_string\"}}],\"inLanguage\":\"es\"},{\"@type\":\"Organization\",\"@id\":\"https:\\\/\\\/mundoanimalito.com\\\/#organization\",\"name\":\"Mundo Animalito\",\"url\":\"https:\\\/\\\/mundoanimalito.com\\\/\",\"logo\":{\"@type\":\"ImageObject\",\"inLanguage\":\"es\",\"@id\":\"https:\\\/\\\/mundoanimalito.com\\\/#\\\/schema\\\/logo\\\/image\\\/\",\"url\":\"https:\\\/\\\/mundoanimalito.com\\\/wp-content\\\/uploads\\\/2023\\\/10\\\/cropped-cropped-LOGO-OFICIAL-ULTIMA-VERSION-1.jpg\",\"contentUrl\":\"https:\\\/\\\/mundoanimalito.com\\\/wp-content\\\/uploads\\\/2023\\\/10\\\/cropped-cropped-LOGO-OFICIAL-ULTIMA-VERSION-1.jpg\",\"width\":374,\"height\":425,\"caption\":\"Mundo Animalito\"},\"image\":{\"@id\":\"https:\\\/\\\/mundoanimalito.com\\\/#\\\/schema\\\/logo\\\/image\\\/\"},\"sameAs\":[\"https:\\\/\\\/www.facebook.com\\\/mundoanimalito77\",\"https:\\\/\\\/www.instagram.com\\\/mundoanimalito77\\\/\",\"https:\\\/\\\/www.tiktok.com\\\/@mundoanimalito77\",\"https:\\\/\\\/www.youtube.com\\\/channel\\\/UCLo2JhNUNtHVraDt5aHadew\"]}]}<\/script>\n<!-- \/ Yoast SEO plugin. -->","yoast_head_json":{"title":"Lionto Correa Regulable para Perros | Mundo Animalito","description":"\u00bfQuieres llevar los paseos con tu perro al siguiente nivel? \u00a1La Correa Regulable Lionto es la soluci\u00f3n perfecta para ti y tu compa\u00f1ero peludo!","robots":{"index":"index","follow":"follow","max-snippet":"max-snippet:-1","max-image-preview":"max-image-preview:large","max-video-preview":"max-video-preview:-1"},"canonical":"https:\/\/mundoanimalito.com\/index.php\/lionto-correa-regulable-para-perros-correa-regulable-multiusos\/","og_locale":"es_ES","og_type":"article","og_title":"Lionto Correa Regulable para Perros | Mundo Animalito","og_description":"\u00bfQuieres llevar los paseos con tu perro al siguiente nivel? \u00a1La Correa Regulable Lionto es la soluci\u00f3n perfecta para ti y tu compa\u00f1ero peludo!","og_url":"https:\/\/mundoanimalito.com\/index.php\/lionto-correa-regulable-para-perros-correa-regulable-multiusos\/","og_site_name":"Mundo Animalito","article_publisher":"https:\/\/www.facebook.com\/mundoanimalito77","article_modified_time":"2024-09-09T20:13:17+00:00","og_image":[{"url":"https:\/\/mundoanimalito.com\/wp-content\/uploads\/2024\/04\/61V25NRb0L._AC_SL1500_-1024x289.jpg","type":"","width":"","height":""}],"twitter_card":"summary_large_image","twitter_misc":{"Tiempo de lectura":"3 minutos"},"schema":{"@context":"https:\/\/schema.org","@graph":[{"@type":"WebPage","@id":"https:\/\/mundoanimalito.com\/index.php\/lionto-correa-regulable-para-perros-correa-regulable-multiusos\/","url":"https:\/\/mundoanimalito.com\/index.php\/lionto-correa-regulable-para-perros-correa-regulable-multiusos\/","name":"Lionto Correa Regulable para Perros | Mundo Animalito","isPartOf":{"@id":"https:\/\/mundoanimalito.com\/#website"},"primaryImageOfPage":{"@id":"https:\/\/mundoanimalito.com\/index.php\/lionto-correa-regulable-para-perros-correa-regulable-multiusos\/#primaryimage"},"image":{"@id":"https:\/\/mundoanimalito.com\/index.php\/lionto-correa-regulable-para-perros-correa-regulable-multiusos\/#primaryimage"},"thumbnailUrl":"https:\/\/mundoanimalito.com\/wp-content\/uploads\/2024\/04\/61V25NRb0L._AC_SL1500_-1024x289.jpg","datePublished":"2024-04-22T13:37:19+00:00","dateModified":"2024-09-09T20:13:17+00:00","description":"\u00bfQuieres llevar los paseos con tu perro al siguiente nivel? \u00a1La Correa Regulable Lionto es la soluci\u00f3n perfecta para ti y tu compa\u00f1ero peludo!","breadcrumb":{"@id":"https:\/\/mundoanimalito.com\/index.php\/lionto-correa-regulable-para-perros-correa-regulable-multiusos\/#breadcrumb"},"inLanguage":"es","potentialAction":[{"@type":"ReadAction","target":["https:\/\/mundoanimalito.com\/index.php\/lionto-correa-regulable-para-perros-correa-regulable-multiusos\/"]}]},{"@type":"ImageObject","inLanguage":"es","@id":"https:\/\/mundoanimalito.com\/index.php\/lionto-correa-regulable-para-perros-correa-regulable-multiusos\/#primaryimage","url":"https:\/\/mundoanimalito.com\/wp-content\/uploads\/2024\/04\/61V25NRb0L._AC_SL1500_.jpg","contentUrl":"https:\/\/mundoanimalito.com\/wp-content\/uploads\/2024\/04\/61V25NRb0L._AC_SL1500_.jpg","width":1500,"height":424,"caption":"lionto Correa Regulable para Perros Correa Regulable Multiusos Correa Doble Correa de Manos Libres Longitud 200 cm, Negro"},{"@type":"BreadcrumbList","@id":"https:\/\/mundoanimalito.com\/index.php\/lionto-correa-regulable-para-perros-correa-regulable-multiusos\/#breadcrumb","itemListElement":[{"@type":"ListItem","position":1,"name":"Portada","item":"https:\/\/mundoanimalito.com\/"},{"@type":"ListItem","position":2,"name":"lionto Correa Regulable para Perros Correa Regulable Multiusos"}]},{"@type":"WebSite","@id":"https:\/\/mundoanimalito.com\/#website","url":"https:\/\/mundoanimalito.com\/","name":"Mundo Animalito","description":"Datos y curiosidades de los animales, encuentra ac\u00e1 todo para tu mascota","publisher":{"@id":"https:\/\/mundoanimalito.com\/#organization"},"potentialAction":[{"@type":"SearchAction","target":{"@type":"EntryPoint","urlTemplate":"https:\/\/mundoanimalito.com\/?s={search_term_string}"},"query-input":{"@type":"PropertyValueSpecification","valueRequired":true,"valueName":"search_term_string"}}],"inLanguage":"es"},{"@type":"Organization","@id":"https:\/\/mundoanimalito.com\/#organization","name":"Mundo Animalito","url":"https:\/\/mundoanimalito.com\/","logo":{"@type":"ImageObject","inLanguage":"es","@id":"https:\/\/mundoanimalito.com\/#\/schema\/logo\/image\/","url":"https:\/\/mundoanimalito.com\/wp-content\/uploads\/2023\/10\/cropped-cropped-LOGO-OFICIAL-ULTIMA-VERSION-1.jpg","contentUrl":"https:\/\/mundoanimalito.com\/wp-content\/uploads\/2023\/10\/cropped-cropped-LOGO-OFICIAL-ULTIMA-VERSION-1.jpg","width":374,"height":425,"caption":"Mundo Animalito"},"image":{"@id":"https:\/\/mundoanimalito.com\/#\/schema\/logo\/image\/"},"sameAs":["https:\/\/www.facebook.com\/mundoanimalito77","https:\/\/www.instagram.com\/mundoanimalito77\/","https:\/\/www.tiktok.com\/@mundoanimalito77","https:\/\/www.youtube.com\/channel\/UCLo2JhNUNtHVraDt5aHadew"]}]}},"_links":{"self":[{"href":"https:\/\/mundoanimalito.com\/index.php\/wp-json\/wp\/v2\/pages\/26204","targetHints":{"allow":["GET"]}}],"collection":[{"href":"https:\/\/mundoanimalito.com\/index.php\/wp-json\/wp\/v2\/pages"}],"about":[{"href":"https:\/\/mundoanimalito.com\/index.php\/wp-json\/wp\/v2\/types\/page"}],"author":[{"embeddable":true,"href":"https:\/\/mundoanimalito.com\/index.php\/wp-json\/wp\/v2\/users\/1"}],"replies":[{"embeddable":true,"href":"https:\/\/mundoanimalito.com\/index.php\/wp-json\/wp\/v2\/comments?post=26204"}],"version-history":[{"count":0,"href":"https:\/\/mundoanimalito.com\/index.php\/wp-json\/wp\/v2\/pages\/26204\/revisions"}],"wp:attachment":[{"href":"https:\/\/mundoanimalito.com\/index.php\/wp-json\/wp\/v2\/media?parent=26204"}],"curies":[{"name":"wp","href":"https:\/\/api.w.org\/{rel}","templated":true}]}}