{"id":26127,"date":"2024-04-22T07:55:06","date_gmt":"2024-04-22T12:55:06","guid":{"rendered":"https:\/\/mundoanimalito.com\/?page_id=26127"},"modified":"2024-09-04T15:20:25","modified_gmt":"2024-09-04T20:20:25","slug":"correa-ajustable-color-gray-20-mm-x-22-m-negro-gris","status":"publish","type":"page","link":"https:\/\/mundoanimalito.com\/index.php\/correa-ajustable-color-gray-20-mm-x-22-m-negro-gris\/","title":{"rendered":"Correa Ajustable Color &amp; Gray, 20 mm x 2,2 m, Negro-Gris"},"content":{"rendered":"\t\t<div data-elementor-type=\"wp-page\" data-elementor-id=\"26127\" class=\"elementor elementor-26127\" data-elementor-post-type=\"page\">\n\t\t\t\t<div class=\"elementor-element elementor-element-9af9328 e-flex e-con-boxed e-con e-parent\" data-id=\"9af9328\" data-element_type=\"container\" data-e-type=\"container\">\n\t\t\t\t\t<div class=\"e-con-inner\">\n\t\t\t\t<div class=\"elementor-element elementor-element-4566405 elementor-invisible elementor-widget elementor-widget-heading\" data-id=\"4566405\" data-element_type=\"widget\" data-e-type=\"widget\" data-settings=\"{&quot;_animation&quot;:&quot;fadeInDown&quot;}\" data-widget_type=\"heading.default\">\n\t\t\t\t<div class=\"elementor-widget-container\">\n\t\t\t\t\t<h2 class=\"elementor-heading-title elementor-size-default\">\u00bfEst\u00e1s buscando una correa que brinde comodidad, seguridad y estilo a tus paseos con tu perro? \u00a1La Correa Ajustable Color &amp; Gray es la elecci\u00f3n perfecta para ti y tu mejor amigo peludo! <\/h2>\t\t\t\t<\/div>\n\t\t\t\t<\/div>\n\t\t\t\t\t<\/div>\n\t\t\t\t<\/div>\n\t\t<div class=\"elementor-element elementor-element-186ef78 e-flex e-con-boxed e-con e-parent\" data-id=\"186ef78\" data-element_type=\"container\" data-e-type=\"container\">\n\t\t\t\t\t<div class=\"e-con-inner\">\n\t\t<div class=\"elementor-element elementor-element-24244af e-con-full e-flex e-con e-child\" data-id=\"24244af\" data-element_type=\"container\" data-e-type=\"container\">\n\t\t\t\t<div class=\"elementor-element elementor-element-272a17b elementor-widget elementor-widget-image\" data-id=\"272a17b\" data-element_type=\"widget\" data-e-type=\"widget\" data-widget_type=\"image.default\">\n\t\t\t\t<div class=\"elementor-widget-container\">\n\t\t\t\t\t\t\t\t\t\t\t\t\t\t\t\t<a href=\"https:\/\/amzn.to\/4daKdbm\" target=\"_blank\">\n\t\t\t\t\t\t\t<img fetchpriority=\"high\" decoding=\"async\" width=\"1500\" height=\"753\" src=\"https:\/\/mundoanimalito.com\/wp-content\/uploads\/2024\/04\/71s8wed2K7L._AC_SL1500_.jpg\" class=\"attachment-2048x2048 size-2048x2048 wp-image-26099\" alt=\"Correa Ajustable Color &amp; Gray, 20 mm x 2,2 m, Negro-Gris\" srcset=\"https:\/\/mundoanimalito.com\/wp-content\/uploads\/2024\/04\/71s8wed2K7L._AC_SL1500_.jpg 1500w, https:\/\/mundoanimalito.com\/wp-content\/uploads\/2024\/04\/71s8wed2K7L._AC_SL1500_-300x151.jpg 300w, https:\/\/mundoanimalito.com\/wp-content\/uploads\/2024\/04\/71s8wed2K7L._AC_SL1500_-1024x514.jpg 1024w, https:\/\/mundoanimalito.com\/wp-content\/uploads\/2024\/04\/71s8wed2K7L._AC_SL1500_-768x386.jpg 768w\" sizes=\"(max-width: 1500px) 100vw, 1500px\" \/>\t\t\t\t\t\t\t\t<\/a>\n\t\t\t\t\t\t\t\t\t\t\t\t\t\t\t<\/div>\n\t\t\t\t<\/div>\n\t\t\t\t<\/div>\n\t\t<div class=\"elementor-element elementor-element-91d2475 e-con-full e-flex e-con e-child\" data-id=\"91d2475\" data-element_type=\"container\" data-e-type=\"container\">\n\t\t\t\t<div class=\"elementor-element elementor-element-cd4acd3 elementor-widget elementor-widget-text-editor\" data-id=\"cd4acd3\" data-element_type=\"widget\" data-e-type=\"widget\" data-widget_type=\"text-editor.default\">\n\t\t\t\t<div class=\"elementor-widget-container\">\n\t\t\t\t\t\t\t\t\t<p>\ud83c\udf08 <strong>Armoniza con Estilo:<\/strong> La Correa Ajustable Color &amp; Gray no solo es funcional, sino que tambi\u00e9n complementa perfectamente el estilo de los collares y arneses de la misma l\u00ednea. \u00a1Tu perro lucir\u00e1 elegante y a la moda en cada paseo!<\/p><p>\u00a0<\/p><p>\u2614 <strong>Listo para Cualquier Clima:<\/strong> Dise\u00f1ado para resistir las inclemencias del tiempo, esta correa puede ser utilizada sin preocupaciones bajo la lluvia o en ambientes mojados. \u00a1Nada detendr\u00e1 tus aventuras al aire libre con tu perro!<\/p><p>\u00a0<\/p><p>\ud83d\udc4c <strong>Agarre \u00d3ptimo:<\/strong> Los hilos de goma tejidos en el material de la correa garantizan un agarre \u00f3ptimo en cualquier situaci\u00f3n. As\u00ed podr\u00e1s tener un control total sobre tu perro mientras disfrutas del paseo juntos.<\/p>\t\t\t\t\t\t\t\t<\/div>\n\t\t\t\t<\/div>\n\t\t\t\t<\/div>\n\t\t\t\t\t<\/div>\n\t\t\t\t<\/div>\n\t\t<div class=\"elementor-element elementor-element-76a71a0 e-flex e-con-boxed e-con e-parent\" data-id=\"76a71a0\" data-element_type=\"container\" data-e-type=\"container\">\n\t\t\t\t\t<div class=\"e-con-inner\">\n\t\t\t\t<div class=\"elementor-element elementor-element-80f5e7e elementor-widget elementor-widget-text-editor\" data-id=\"80f5e7e\" data-element_type=\"widget\" data-e-type=\"widget\" data-widget_type=\"text-editor.default\">\n\t\t\t\t<div class=\"elementor-widget-container\">\n\t\t\t\t\t\t\t\t\t<p>\ud83d\udccf <strong>Longitud Ajustable:<\/strong> Con longitudes ajustables de 215 cm, 160 cm y 125 cm, esta correa se adapta a tus necesidades y preferencias, brind\u00e1ndote la flexibilidad necesaria para cada ocasi\u00f3n.<\/p><p>\u00a0<\/p><p>\ud83d\udecd\ufe0f <strong>Visita Nuestra Tienda:<\/strong> \u00bfBuscas m\u00e1s productos para tu mascota? \u00a1Visita nuestro Amazon Storefront para descubrir una amplia gama de opciones que har\u00e1n la vida de tu perro a\u00fan m\u00e1s feliz y saludable!<\/p><p>\u00a0<\/p><p>No pierdas la oportunidad de mejorar la experiencia de cada paseo con tu perro. Con la Correa Ajustable Color &amp; Gray, cada salida ser\u00e1 una aventura emocionante y placentera para ambos. \u00a1Hazte con la tuya hoy mismo y comienza a disfrutar de momentos inolvidables con tu fiel compa\u00f1ero!<\/p>\t\t\t\t\t\t\t\t<\/div>\n\t\t\t\t<\/div>\n\t\t\t\t<div class=\"elementor-element elementor-element-e279288 elementor-align-right elementor-widget elementor-widget-button\" data-id=\"e279288\" data-element_type=\"widget\" data-e-type=\"widget\" data-widget_type=\"button.default\">\n\t\t\t\t<div class=\"elementor-widget-container\">\n\t\t\t\t\t\t\t\t\t<div class=\"elementor-button-wrapper\">\n\t\t\t\t\t<a class=\"elementor-button elementor-button-link elementor-size-sm\" href=\"https:\/\/amzn.to\/4daKdbm\" target=\"_blank\">\n\t\t\t\t\t\t<span class=\"elementor-button-content-wrapper\">\n\t\t\t\t\t\t\t\t\t<span class=\"elementor-button-text\">Compra ahora en Amazon<\/span>\n\t\t\t\t\t<\/span>\n\t\t\t\t\t<\/a>\n\t\t\t\t<\/div>\n\t\t\t\t\t\t\t\t<\/div>\n\t\t\t\t<\/div>\n\t\t\t\t\t<\/div>\n\t\t\t\t<\/div>\n\t\t<div class=\"elementor-element elementor-element-1ee569f e-flex e-con-boxed e-con e-parent\" data-id=\"1ee569f\" data-element_type=\"container\" data-e-type=\"container\">\n\t\t\t\t\t<div class=\"e-con-inner\">\n\t\t\t\t<div class=\"elementor-element elementor-element-9f62dbc elementor-arrows-position-inside elementor-pagination-position-outside elementor-widget elementor-widget-image-carousel\" data-id=\"9f62dbc\" data-element_type=\"widget\" data-e-type=\"widget\" data-settings=\"{&quot;slides_to_show&quot;:&quot;1&quot;,&quot;navigation&quot;:&quot;both&quot;,&quot;autoplay&quot;:&quot;yes&quot;,&quot;pause_on_hover&quot;:&quot;yes&quot;,&quot;pause_on_interaction&quot;:&quot;yes&quot;,&quot;autoplay_speed&quot;:5000,&quot;infinite&quot;:&quot;yes&quot;,&quot;effect&quot;:&quot;slide&quot;,&quot;speed&quot;:500}\" data-widget_type=\"image-carousel.default\">\n\t\t\t\t<div class=\"elementor-widget-container\">\n\t\t\t\t\t\t\t<div class=\"elementor-image-carousel-wrapper swiper\" role=\"region\" aria-roledescription=\"carousel\" aria-label=\"Carrusel de im\u00e1genes\" dir=\"ltr\">\n\t\t\t<div class=\"elementor-image-carousel swiper-wrapper\" aria-live=\"off\">\n\t\t\t\t\t\t\t\t<div class=\"swiper-slide\" role=\"group\" aria-roledescription=\"slide\" aria-label=\"1 de 2\"><figure class=\"swiper-slide-inner\"><img decoding=\"async\" class=\"swiper-slide-image\" src=\"https:\/\/mundoanimalito.com\/wp-content\/uploads\/2024\/04\/818O8Lv-hyL._AC_SL1500_-768x583.jpg\" alt=\"Correa Ajustable Color &amp; Gray, 20 mm x 2,2 m, Negro-Gris\" \/><\/figure><\/div><div class=\"swiper-slide\" role=\"group\" aria-roledescription=\"slide\" aria-label=\"2 de 2\"><figure class=\"swiper-slide-inner\"><img decoding=\"async\" class=\"swiper-slide-image\" src=\"https:\/\/mundoanimalito.com\/wp-content\/uploads\/2024\/04\/71yGFU5X1L._AC_SL1500_-768x237.jpg\" alt=\"Correa Ajustable Color &amp; Gray, 20 mm x 2,2 m, Negro-Gris\" \/><\/figure><\/div>\t\t\t<\/div>\n\t\t\t\t\t\t\t\t\t\t\t\t<div class=\"elementor-swiper-button elementor-swiper-button-prev\" role=\"button\" tabindex=\"0\">\n\t\t\t\t\t\t<i aria-hidden=\"true\" class=\"eicon-chevron-left\"><\/i>\t\t\t\t\t<\/div>\n\t\t\t\t\t<div class=\"elementor-swiper-button elementor-swiper-button-next\" role=\"button\" tabindex=\"0\">\n\t\t\t\t\t\t<i aria-hidden=\"true\" class=\"eicon-chevron-right\"><\/i>\t\t\t\t\t<\/div>\n\t\t\t\t\n\t\t\t\t\t\t\t\t\t<div class=\"swiper-pagination\"><\/div>\n\t\t\t\t\t\t\t\t\t<\/div>\n\t\t\t\t\t\t<\/div>\n\t\t\t\t<\/div>\n\t\t\t\t\t<\/div>\n\t\t\t\t<\/div>\n\t\t<div class=\"elementor-element elementor-element-24a0fa8 e-flex e-con-boxed e-con e-parent\" data-id=\"24a0fa8\" data-element_type=\"container\" data-e-type=\"container\">\n\t\t\t\t\t<div class=\"e-con-inner\">\n\t\t\t\t<div class=\"elementor-element elementor-element-3d6cefd elementor-align-right elementor-widget elementor-widget-button\" data-id=\"3d6cefd\" data-element_type=\"widget\" data-e-type=\"widget\" data-widget_type=\"button.default\">\n\t\t\t\t<div class=\"elementor-widget-container\">\n\t\t\t\t\t\t\t\t\t<div class=\"elementor-button-wrapper\">\n\t\t\t\t\t<a class=\"elementor-button elementor-button-link elementor-size-sm\" href=\"https:\/\/amzn.to\/4daKdbm\" target=\"_blank\">\n\t\t\t\t\t\t<span class=\"elementor-button-content-wrapper\">\n\t\t\t\t\t\t\t\t\t<span class=\"elementor-button-text\">Compra ahora en Amazon<\/span>\n\t\t\t\t\t<\/span>\n\t\t\t\t\t<\/a>\n\t\t\t\t<\/div>\n\t\t\t\t\t\t\t\t<\/div>\n\t\t\t\t<\/div>\n\t\t\t\t\t<\/div>\n\t\t\t\t<\/div>\n\t\t\t\t<\/div>\n\t\t","protected":false},"excerpt":{"rendered":"<p>\u00bfEst\u00e1s buscando una correa que brinde comodidad, seguridad y estilo a tus paseos con tu perro? \u00a1La Correa Ajustable Color &#038; Gray es la elecci\u00f3n perfecta para ti y tu mejor amigo peludo! \ud83c\udf08 Armoniza con Estilo: La Correa Ajustable Color &amp; Gray no solo es funcional, sino que tambi\u00e9n complementa perfectamente el estilo de [&hellip;]<\/p>\n","protected":false},"author":1,"featured_media":0,"parent":0,"menu_order":0,"comment_status":"closed","ping_status":"closed","template":"","meta":{"site-sidebar-layout":"no-sidebar","site-content-layout":"page-builder","ast-site-content-layout":"full-width-container","site-content-style":"default","site-sidebar-style":"default","ast-global-header-display":"","ast-banner-title-visibility":"","ast-main-header-display":"","ast-hfb-above-header-display":"","ast-hfb-below-header-display":"","ast-hfb-mobile-header-display":"","site-post-title":"disabled","ast-breadcrumbs-content":"","ast-featured-img":"disabled","footer-sml-layout":"","ast-disable-related-posts":"","theme-transparent-header-meta":"","adv-header-id-meta":"","stick-header-meta":"","header-above-stick-meta":"","header-main-stick-meta":"","header-below-stick-meta":"","astra-migrate-meta-layouts":"set","ast-page-background-enabled":"default","ast-page-background-meta":{"desktop":{"background-color":"var(--ast-global-color-4)","background-image":"","background-repeat":"repeat","background-position":"center center","background-size":"auto","background-attachment":"scroll","background-type":"","background-media":"","overlay-type":"","overlay-color":"","overlay-opacity":"","overlay-gradient":""},"tablet":{"background-color":"","background-image":"","background-repeat":"repeat","background-position":"center center","background-size":"auto","background-attachment":"scroll","background-type":"","background-media":"","overlay-type":"","overlay-color":"","overlay-opacity":"","overlay-gradient":""},"mobile":{"background-color":"","background-image":"","background-repeat":"repeat","background-position":"center center","background-size":"auto","background-attachment":"scroll","background-type":"","background-media":"","overlay-type":"","overlay-color":"","overlay-opacity":"","overlay-gradient":""}},"ast-content-background-meta":{"desktop":{"background-color":"var(--ast-global-color-5)","background-image":"","background-repeat":"repeat","background-position":"center center","background-size":"auto","background-attachment":"scroll","background-type":"","background-media":"","overlay-type":"","overlay-color":"","overlay-opacity":"","overlay-gradient":""},"tablet":{"background-color":"var(--ast-global-color-5)","background-image":"","background-repeat":"repeat","background-position":"center center","background-size":"auto","background-attachment":"scroll","background-type":"","background-media":"","overlay-type":"","overlay-color":"","overlay-opacity":"","overlay-gradient":""},"mobile":{"background-color":"var(--ast-global-color-5)","background-image":"","background-repeat":"repeat","background-position":"center center","background-size":"auto","background-attachment":"scroll","background-type":"","background-media":"","overlay-type":"","overlay-color":"","overlay-opacity":"","overlay-gradient":""}},"footnotes":""},"class_list":["post-26127","page","type-page","status-publish","hentry"],"yoast_head":"<!-- This site is optimized with the Yoast SEO plugin v27.4 - https:\/\/yoast.com\/product\/yoast-seo-wordpress\/ -->\n<title>Correa Ajustable Color &amp; Gray, 20 mm x 2,2 m, Negro-Gris | Mundo Animalito<\/title>\n<meta name=\"description\" content=\"\u00bfEst\u00e1s buscando una correa que brinde comodidad, seguridad y estilo a tus paseos con tu perro? \u00a1La Correa Ajustable Color &amp; Gray es la elecci\u00f3n perfecta para ti y tu mejor amigo peludo!\" \/>\n<meta name=\"robots\" content=\"index, follow, max-snippet:-1, max-image-preview:large, max-video-preview:-1\" \/>\n<link rel=\"canonical\" href=\"https:\/\/mundoanimalito.com\/index.php\/correa-ajustable-color-gray-20-mm-x-22-m-negro-gris\/\" \/>\n<meta property=\"og:locale\" content=\"es_ES\" \/>\n<meta property=\"og:type\" content=\"article\" \/>\n<meta property=\"og:title\" content=\"Correa Ajustable Color &amp; Gray, 20 mm x 2,2 m, Negro-Gris | Mundo Animalito\" \/>\n<meta property=\"og:description\" content=\"\u00bfEst\u00e1s buscando una correa que brinde comodidad, seguridad y estilo a tus paseos con tu perro? \u00a1La Correa Ajustable Color &amp; Gray es la elecci\u00f3n perfecta para ti y tu mejor amigo peludo!\" \/>\n<meta property=\"og:url\" content=\"https:\/\/mundoanimalito.com\/index.php\/correa-ajustable-color-gray-20-mm-x-22-m-negro-gris\/\" \/>\n<meta property=\"og:site_name\" content=\"Mundo Animalito\" \/>\n<meta property=\"article:publisher\" content=\"https:\/\/www.facebook.com\/mundoanimalito77\" \/>\n<meta property=\"article:modified_time\" content=\"2024-09-04T20:20:25+00:00\" \/>\n<meta property=\"og:image\" content=\"https:\/\/mundoanimalito.com\/wp-content\/uploads\/2024\/04\/71s8wed2K7L._AC_SL1500_.jpg\" \/>\n<meta name=\"twitter:card\" content=\"summary_large_image\" \/>\n<meta name=\"twitter:label1\" content=\"Tiempo de lectura\" \/>\n\t<meta name=\"twitter:data1\" content=\"2 minutos\" \/>\n<script type=\"application\/ld+json\" class=\"yoast-schema-graph\">{\"@context\":\"https:\\\/\\\/schema.org\",\"@graph\":[{\"@type\":\"WebPage\",\"@id\":\"https:\\\/\\\/mundoanimalito.com\\\/index.php\\\/correa-ajustable-color-gray-20-mm-x-22-m-negro-gris\\\/\",\"url\":\"https:\\\/\\\/mundoanimalito.com\\\/index.php\\\/correa-ajustable-color-gray-20-mm-x-22-m-negro-gris\\\/\",\"name\":\"Correa Ajustable Color & Gray, 20 mm x 2,2 m, Negro-Gris | Mundo Animalito\",\"isPartOf\":{\"@id\":\"https:\\\/\\\/mundoanimalito.com\\\/#website\"},\"primaryImageOfPage\":{\"@id\":\"https:\\\/\\\/mundoanimalito.com\\\/index.php\\\/correa-ajustable-color-gray-20-mm-x-22-m-negro-gris\\\/#primaryimage\"},\"image\":{\"@id\":\"https:\\\/\\\/mundoanimalito.com\\\/index.php\\\/correa-ajustable-color-gray-20-mm-x-22-m-negro-gris\\\/#primaryimage\"},\"thumbnailUrl\":\"https:\\\/\\\/mundoanimalito.com\\\/wp-content\\\/uploads\\\/2024\\\/04\\\/71s8wed2K7L._AC_SL1500_.jpg\",\"datePublished\":\"2024-04-22T12:55:06+00:00\",\"dateModified\":\"2024-09-04T20:20:25+00:00\",\"description\":\"\u00bfEst\u00e1s buscando una correa que brinde comodidad, seguridad y estilo a tus paseos con tu perro? \u00a1La Correa Ajustable Color & Gray es la elecci\u00f3n perfecta para ti y tu mejor amigo peludo!\",\"breadcrumb\":{\"@id\":\"https:\\\/\\\/mundoanimalito.com\\\/index.php\\\/correa-ajustable-color-gray-20-mm-x-22-m-negro-gris\\\/#breadcrumb\"},\"inLanguage\":\"es\",\"potentialAction\":[{\"@type\":\"ReadAction\",\"target\":[\"https:\\\/\\\/mundoanimalito.com\\\/index.php\\\/correa-ajustable-color-gray-20-mm-x-22-m-negro-gris\\\/\"]}]},{\"@type\":\"ImageObject\",\"inLanguage\":\"es\",\"@id\":\"https:\\\/\\\/mundoanimalito.com\\\/index.php\\\/correa-ajustable-color-gray-20-mm-x-22-m-negro-gris\\\/#primaryimage\",\"url\":\"https:\\\/\\\/mundoanimalito.com\\\/wp-content\\\/uploads\\\/2024\\\/04\\\/71s8wed2K7L._AC_SL1500_.jpg\",\"contentUrl\":\"https:\\\/\\\/mundoanimalito.com\\\/wp-content\\\/uploads\\\/2024\\\/04\\\/71s8wed2K7L._AC_SL1500_.jpg\",\"width\":1500,\"height\":753,\"caption\":\"Correa Ajustable Color & Gray, 20 mm x 2,2 m, Negro-Gris\"},{\"@type\":\"BreadcrumbList\",\"@id\":\"https:\\\/\\\/mundoanimalito.com\\\/index.php\\\/correa-ajustable-color-gray-20-mm-x-22-m-negro-gris\\\/#breadcrumb\",\"itemListElement\":[{\"@type\":\"ListItem\",\"position\":1,\"name\":\"Portada\",\"item\":\"https:\\\/\\\/mundoanimalito.com\\\/\"},{\"@type\":\"ListItem\",\"position\":2,\"name\":\"Correa Ajustable Color &amp; Gray, 20 mm x 2,2 m, Negro-Gris\"}]},{\"@type\":\"WebSite\",\"@id\":\"https:\\\/\\\/mundoanimalito.com\\\/#website\",\"url\":\"https:\\\/\\\/mundoanimalito.com\\\/\",\"name\":\"Mundo Animalito\",\"description\":\"Datos y curiosidades de los animales, encuentra ac\u00e1 todo para tu mascota\",\"publisher\":{\"@id\":\"https:\\\/\\\/mundoanimalito.com\\\/#organization\"},\"potentialAction\":[{\"@type\":\"SearchAction\",\"target\":{\"@type\":\"EntryPoint\",\"urlTemplate\":\"https:\\\/\\\/mundoanimalito.com\\\/?s={search_term_string}\"},\"query-input\":{\"@type\":\"PropertyValueSpecification\",\"valueRequired\":true,\"valueName\":\"search_term_string\"}}],\"inLanguage\":\"es\"},{\"@type\":\"Organization\",\"@id\":\"https:\\\/\\\/mundoanimalito.com\\\/#organization\",\"name\":\"Mundo Animalito\",\"url\":\"https:\\\/\\\/mundoanimalito.com\\\/\",\"logo\":{\"@type\":\"ImageObject\",\"inLanguage\":\"es\",\"@id\":\"https:\\\/\\\/mundoanimalito.com\\\/#\\\/schema\\\/logo\\\/image\\\/\",\"url\":\"https:\\\/\\\/mundoanimalito.com\\\/wp-content\\\/uploads\\\/2023\\\/10\\\/cropped-cropped-LOGO-OFICIAL-ULTIMA-VERSION-1.jpg\",\"contentUrl\":\"https:\\\/\\\/mundoanimalito.com\\\/wp-content\\\/uploads\\\/2023\\\/10\\\/cropped-cropped-LOGO-OFICIAL-ULTIMA-VERSION-1.jpg\",\"width\":374,\"height\":425,\"caption\":\"Mundo Animalito\"},\"image\":{\"@id\":\"https:\\\/\\\/mundoanimalito.com\\\/#\\\/schema\\\/logo\\\/image\\\/\"},\"sameAs\":[\"https:\\\/\\\/www.facebook.com\\\/mundoanimalito77\",\"https:\\\/\\\/www.instagram.com\\\/mundoanimalito77\\\/\",\"https:\\\/\\\/www.tiktok.com\\\/@mundoanimalito77\",\"https:\\\/\\\/www.youtube.com\\\/channel\\\/UCLo2JhNUNtHVraDt5aHadew\"]}]}<\/script>\n<!-- \/ Yoast SEO plugin. -->","yoast_head_json":{"title":"Correa Ajustable Color & Gray, 20 mm x 2,2 m, Negro-Gris | Mundo Animalito","description":"\u00bfEst\u00e1s buscando una correa que brinde comodidad, seguridad y estilo a tus paseos con tu perro? \u00a1La Correa Ajustable Color & Gray es la elecci\u00f3n perfecta para ti y tu mejor amigo peludo!","robots":{"index":"index","follow":"follow","max-snippet":"max-snippet:-1","max-image-preview":"max-image-preview:large","max-video-preview":"max-video-preview:-1"},"canonical":"https:\/\/mundoanimalito.com\/index.php\/correa-ajustable-color-gray-20-mm-x-22-m-negro-gris\/","og_locale":"es_ES","og_type":"article","og_title":"Correa Ajustable Color & Gray, 20 mm x 2,2 m, Negro-Gris | Mundo Animalito","og_description":"\u00bfEst\u00e1s buscando una correa que brinde comodidad, seguridad y estilo a tus paseos con tu perro? \u00a1La Correa Ajustable Color & Gray es la elecci\u00f3n perfecta para ti y tu mejor amigo peludo!","og_url":"https:\/\/mundoanimalito.com\/index.php\/correa-ajustable-color-gray-20-mm-x-22-m-negro-gris\/","og_site_name":"Mundo Animalito","article_publisher":"https:\/\/www.facebook.com\/mundoanimalito77","article_modified_time":"2024-09-04T20:20:25+00:00","og_image":[{"url":"https:\/\/mundoanimalito.com\/wp-content\/uploads\/2024\/04\/71s8wed2K7L._AC_SL1500_.jpg","type":"","width":"","height":""}],"twitter_card":"summary_large_image","twitter_misc":{"Tiempo de lectura":"2 minutos"},"schema":{"@context":"https:\/\/schema.org","@graph":[{"@type":"WebPage","@id":"https:\/\/mundoanimalito.com\/index.php\/correa-ajustable-color-gray-20-mm-x-22-m-negro-gris\/","url":"https:\/\/mundoanimalito.com\/index.php\/correa-ajustable-color-gray-20-mm-x-22-m-negro-gris\/","name":"Correa Ajustable Color & Gray, 20 mm x 2,2 m, Negro-Gris | Mundo Animalito","isPartOf":{"@id":"https:\/\/mundoanimalito.com\/#website"},"primaryImageOfPage":{"@id":"https:\/\/mundoanimalito.com\/index.php\/correa-ajustable-color-gray-20-mm-x-22-m-negro-gris\/#primaryimage"},"image":{"@id":"https:\/\/mundoanimalito.com\/index.php\/correa-ajustable-color-gray-20-mm-x-22-m-negro-gris\/#primaryimage"},"thumbnailUrl":"https:\/\/mundoanimalito.com\/wp-content\/uploads\/2024\/04\/71s8wed2K7L._AC_SL1500_.jpg","datePublished":"2024-04-22T12:55:06+00:00","dateModified":"2024-09-04T20:20:25+00:00","description":"\u00bfEst\u00e1s buscando una correa que brinde comodidad, seguridad y estilo a tus paseos con tu perro? \u00a1La Correa Ajustable Color & Gray es la elecci\u00f3n perfecta para ti y tu mejor amigo peludo!","breadcrumb":{"@id":"https:\/\/mundoanimalito.com\/index.php\/correa-ajustable-color-gray-20-mm-x-22-m-negro-gris\/#breadcrumb"},"inLanguage":"es","potentialAction":[{"@type":"ReadAction","target":["https:\/\/mundoanimalito.com\/index.php\/correa-ajustable-color-gray-20-mm-x-22-m-negro-gris\/"]}]},{"@type":"ImageObject","inLanguage":"es","@id":"https:\/\/mundoanimalito.com\/index.php\/correa-ajustable-color-gray-20-mm-x-22-m-negro-gris\/#primaryimage","url":"https:\/\/mundoanimalito.com\/wp-content\/uploads\/2024\/04\/71s8wed2K7L._AC_SL1500_.jpg","contentUrl":"https:\/\/mundoanimalito.com\/wp-content\/uploads\/2024\/04\/71s8wed2K7L._AC_SL1500_.jpg","width":1500,"height":753,"caption":"Correa Ajustable Color & Gray, 20 mm x 2,2 m, Negro-Gris"},{"@type":"BreadcrumbList","@id":"https:\/\/mundoanimalito.com\/index.php\/correa-ajustable-color-gray-20-mm-x-22-m-negro-gris\/#breadcrumb","itemListElement":[{"@type":"ListItem","position":1,"name":"Portada","item":"https:\/\/mundoanimalito.com\/"},{"@type":"ListItem","position":2,"name":"Correa Ajustable Color &amp; Gray, 20 mm x 2,2 m, Negro-Gris"}]},{"@type":"WebSite","@id":"https:\/\/mundoanimalito.com\/#website","url":"https:\/\/mundoanimalito.com\/","name":"Mundo Animalito","description":"Datos y curiosidades de los animales, encuentra ac\u00e1 todo para tu mascota","publisher":{"@id":"https:\/\/mundoanimalito.com\/#organization"},"potentialAction":[{"@type":"SearchAction","target":{"@type":"EntryPoint","urlTemplate":"https:\/\/mundoanimalito.com\/?s={search_term_string}"},"query-input":{"@type":"PropertyValueSpecification","valueRequired":true,"valueName":"search_term_string"}}],"inLanguage":"es"},{"@type":"Organization","@id":"https:\/\/mundoanimalito.com\/#organization","name":"Mundo Animalito","url":"https:\/\/mundoanimalito.com\/","logo":{"@type":"ImageObject","inLanguage":"es","@id":"https:\/\/mundoanimalito.com\/#\/schema\/logo\/image\/","url":"https:\/\/mundoanimalito.com\/wp-content\/uploads\/2023\/10\/cropped-cropped-LOGO-OFICIAL-ULTIMA-VERSION-1.jpg","contentUrl":"https:\/\/mundoanimalito.com\/wp-content\/uploads\/2023\/10\/cropped-cropped-LOGO-OFICIAL-ULTIMA-VERSION-1.jpg","width":374,"height":425,"caption":"Mundo Animalito"},"image":{"@id":"https:\/\/mundoanimalito.com\/#\/schema\/logo\/image\/"},"sameAs":["https:\/\/www.facebook.com\/mundoanimalito77","https:\/\/www.instagram.com\/mundoanimalito77\/","https:\/\/www.tiktok.com\/@mundoanimalito77","https:\/\/www.youtube.com\/channel\/UCLo2JhNUNtHVraDt5aHadew"]}]}},"_links":{"self":[{"href":"https:\/\/mundoanimalito.com\/index.php\/wp-json\/wp\/v2\/pages\/26127","targetHints":{"allow":["GET"]}}],"collection":[{"href":"https:\/\/mundoanimalito.com\/index.php\/wp-json\/wp\/v2\/pages"}],"about":[{"href":"https:\/\/mundoanimalito.com\/index.php\/wp-json\/wp\/v2\/types\/page"}],"author":[{"embeddable":true,"href":"https:\/\/mundoanimalito.com\/index.php\/wp-json\/wp\/v2\/users\/1"}],"replies":[{"embeddable":true,"href":"https:\/\/mundoanimalito.com\/index.php\/wp-json\/wp\/v2\/comments?post=26127"}],"version-history":[{"count":0,"href":"https:\/\/mundoanimalito.com\/index.php\/wp-json\/wp\/v2\/pages\/26127\/revisions"}],"wp:attachment":[{"href":"https:\/\/mundoanimalito.com\/index.php\/wp-json\/wp\/v2\/media?parent=26127"}],"curies":[{"name":"wp","href":"https:\/\/api.w.org\/{rel}","templated":true}]}}