{"id":26029,"date":"2024-04-22T07:38:04","date_gmt":"2024-04-22T12:38:04","guid":{"rendered":"https:\/\/mundoanimalito.com\/?page_id=26029"},"modified":"2024-09-04T17:11:55","modified_gmt":"2024-09-04T22:11:55","slug":"edipets-correa-perro-correas-para-perros","status":"publish","type":"page","link":"https:\/\/mundoanimalito.com\/index.php\/edipets-correa-perro-correas-para-perros\/","title":{"rendered":"Edipets, Correa Perro, Correas para Perros"},"content":{"rendered":"\t\t<div data-elementor-type=\"wp-page\" data-elementor-id=\"26029\" class=\"elementor elementor-26029\" data-elementor-post-type=\"page\">\n\t\t\t\t<div class=\"elementor-element elementor-element-80335a2 e-flex e-con-boxed e-con e-parent\" data-id=\"80335a2\" data-element_type=\"container\" data-e-type=\"container\">\n\t\t\t\t\t<div class=\"e-con-inner\">\n\t\t\t\t<div class=\"elementor-element elementor-element-4f8a4a6 elementor-invisible elementor-widget elementor-widget-heading\" data-id=\"4f8a4a6\" data-element_type=\"widget\" data-e-type=\"widget\" data-settings=\"{&quot;_animation&quot;:&quot;fadeInDown&quot;}\" data-widget_type=\"heading.default\">\n\t\t\t\t<div class=\"elementor-widget-container\">\n\t\t\t\t\t<h2 class=\"elementor-heading-title elementor-size-default\">\u00bfBuscas una correa que ofrezca calidad, comodidad y seguridad para tus aventuras con tu fiel compa\u00f1ero peludo? \u00a1La Correa Edipets es la soluci\u00f3n perfecta para ti y tu perro!<\/h2>\t\t\t\t<\/div>\n\t\t\t\t<\/div>\n\t\t\t\t\t<\/div>\n\t\t\t\t<\/div>\n\t\t<div class=\"elementor-element elementor-element-79dce80 e-flex e-con-boxed e-con e-parent\" data-id=\"79dce80\" data-element_type=\"container\" data-e-type=\"container\">\n\t\t\t\t\t<div class=\"e-con-inner\">\n\t\t<div class=\"elementor-element elementor-element-24c8a5b e-con-full e-flex e-con e-child\" data-id=\"24c8a5b\" data-element_type=\"container\" data-e-type=\"container\">\n\t\t\t\t<div class=\"elementor-element elementor-element-878f346 elementor-widget elementor-widget-image\" data-id=\"878f346\" data-element_type=\"widget\" data-e-type=\"widget\" data-widget_type=\"image.default\">\n\t\t\t\t<div class=\"elementor-widget-container\">\n\t\t\t\t\t\t\t\t\t\t\t\t\t\t\t\t<a href=\"https:\/\/amzn.to\/3UsHJOf\" target=\"_blank\">\n\t\t\t\t\t\t\t<img fetchpriority=\"high\" decoding=\"async\" width=\"1024\" height=\"1013\" src=\"https:\/\/mundoanimalito.com\/wp-content\/uploads\/2024\/04\/71YWzRufohL._AC_SL1500_-1024x1013.jpg\" class=\"attachment-large size-large wp-image-26013\" alt=\"Edipets, Correa Perro, Correas para Perros, para Cachorro, Peque\u00f1os, Medianos y Grandes, 1,2 m, 1,5 m, 2,2 m, Correa Perro Adiestramiento (220 CM, Negro)\" srcset=\"https:\/\/mundoanimalito.com\/wp-content\/uploads\/2024\/04\/71YWzRufohL._AC_SL1500_-1024x1013.jpg 1024w, https:\/\/mundoanimalito.com\/wp-content\/uploads\/2024\/04\/71YWzRufohL._AC_SL1500_-300x297.jpg 300w, https:\/\/mundoanimalito.com\/wp-content\/uploads\/2024\/04\/71YWzRufohL._AC_SL1500_-768x760.jpg 768w, https:\/\/mundoanimalito.com\/wp-content\/uploads\/2024\/04\/71YWzRufohL._AC_SL1500_.jpg 1453w\" sizes=\"(max-width: 1024px) 100vw, 1024px\" \/>\t\t\t\t\t\t\t\t<\/a>\n\t\t\t\t\t\t\t\t\t\t\t\t\t\t\t<\/div>\n\t\t\t\t<\/div>\n\t\t\t\t<\/div>\n\t\t<div class=\"elementor-element elementor-element-fb27014 e-con-full e-flex e-con e-child\" data-id=\"fb27014\" data-element_type=\"container\" data-e-type=\"container\">\n\t\t\t\t<div class=\"elementor-element elementor-element-90719b5 elementor-widget elementor-widget-text-editor\" data-id=\"90719b5\" data-element_type=\"widget\" data-e-type=\"widget\" data-widget_type=\"text-editor.default\">\n\t\t\t\t<div class=\"elementor-widget-container\">\n\t\t\t\t\t\t\t\t\t<p>\ud83c\udf1f <strong>Materiales de Alta Calidad:<\/strong> Fabricada con nailon resistente, esta correa presenta una cuerda de escalada de roca de 1\/2 pulgadas de di\u00e1metro, garantizando durabilidad y resistencia. El gancho de acero inoxidable con rotaci\u00f3n de 360\u00ba y el mango acolchado de goma EVA ofrecen un agarre seguro y c\u00f3modo para ti y tu perro.<\/p><p>\u00a0<\/p><p>\ud83c\udf19 <strong>Reflectante para Mayor Seguridad:<\/strong> Equipada con material reflectante, la Correa Edipets asegura una mayor visibilidad durante los paseos nocturnos, manteni\u00e9ndote a ti y a tu perro seguros en todo momento, incluso en condiciones de baja luminosidad.<\/p><p>\u00a0<\/p><p>\ud83d\udc15 <strong>Polivalente y Ajustable:<\/strong> Ideal para caminar, correr o entrenar, esta correa proporciona un equilibrio perfecto entre libertad y control para tu perro. Con longitudes de 1,2 m, 1,5 m y 2,2 m disponibles, puedes elegir la opci\u00f3n que mejor se adapte a tus necesidades y las de tu perro.<\/p><p>\u00a0<\/p><p>\ud83d\udd04 <strong>Clip Giratorio de 360\u00ba:<\/strong> El clip de acero inoxidable con giro de 360\u00ba evita los enredos y favorece una mayor estabilidad y control durante los paseos, permiti\u00e9ndote disfrutar de momentos de calidad con tu perro sin preocupaciones.<\/p>\t\t\t\t\t\t\t\t<\/div>\n\t\t\t\t<\/div>\n\t\t\t\t<\/div>\n\t\t\t\t\t<\/div>\n\t\t\t\t<\/div>\n\t\t<div class=\"elementor-element elementor-element-11fd461 e-flex e-con-boxed e-con e-parent\" data-id=\"11fd461\" data-element_type=\"container\" data-e-type=\"container\">\n\t\t\t\t\t<div class=\"e-con-inner\">\n\t\t\t\t<div class=\"elementor-element elementor-element-47e8079 elementor-widget elementor-widget-text-editor\" data-id=\"47e8079\" data-element_type=\"widget\" data-e-type=\"widget\" data-widget_type=\"text-editor.default\">\n\t\t\t\t<div class=\"elementor-widget-container\">\n\t\t\t\t\t\t\t\t\t<p>\ud83d\udee1\ufe0f <strong>Garant\u00eda de Calidad:<\/strong> Con la garant\u00eda europea de Edipets, puedes confiar en la fiabilidad y protecci\u00f3n de tu compra. Adem\u00e1s, la resistencia, durabilidad y comodidad de esta correa aseguran una experiencia de paseo satisfactoria y segura para ti y tu perro.<\/p><p>\u00a0<\/p><p>\u00a1Mejora la experiencia de pasear a tu perro con la Correa Edipets! Disfruta de paseos seguros, c\u00f3modos y placenteros en cualquier momento del d\u00eda o de la noche. \u00a1No esperes m\u00e1s y hazte con la tuya hoy mismo!<\/p>\t\t\t\t\t\t\t\t<\/div>\n\t\t\t\t<\/div>\n\t\t\t\t<div class=\"elementor-element elementor-element-20956c5 elementor-align-right elementor-widget elementor-widget-button\" data-id=\"20956c5\" data-element_type=\"widget\" data-e-type=\"widget\" data-widget_type=\"button.default\">\n\t\t\t\t<div class=\"elementor-widget-container\">\n\t\t\t\t\t\t\t\t\t<div class=\"elementor-button-wrapper\">\n\t\t\t\t\t<a class=\"elementor-button elementor-button-link elementor-size-sm\" href=\"https:\/\/amzn.to\/3UsHJOf\" target=\"_blank\">\n\t\t\t\t\t\t<span class=\"elementor-button-content-wrapper\">\n\t\t\t\t\t\t\t\t\t<span class=\"elementor-button-text\">Compra ahora en Amazon<\/span>\n\t\t\t\t\t<\/span>\n\t\t\t\t\t<\/a>\n\t\t\t\t<\/div>\n\t\t\t\t\t\t\t\t<\/div>\n\t\t\t\t<\/div>\n\t\t\t\t\t<\/div>\n\t\t\t\t<\/div>\n\t\t<div class=\"elementor-element elementor-element-13d7ba5 e-flex e-con-boxed e-con e-parent\" data-id=\"13d7ba5\" data-element_type=\"container\" data-e-type=\"container\">\n\t\t\t\t\t<div class=\"e-con-inner\">\n\t\t\t\t<div class=\"elementor-element elementor-element-8526ca9 elementor-arrows-position-inside elementor-pagination-position-outside elementor-widget elementor-widget-image-carousel\" data-id=\"8526ca9\" data-element_type=\"widget\" data-e-type=\"widget\" data-settings=\"{&quot;slides_to_show&quot;:&quot;1&quot;,&quot;navigation&quot;:&quot;both&quot;,&quot;autoplay&quot;:&quot;yes&quot;,&quot;pause_on_hover&quot;:&quot;yes&quot;,&quot;pause_on_interaction&quot;:&quot;yes&quot;,&quot;autoplay_speed&quot;:5000,&quot;infinite&quot;:&quot;yes&quot;,&quot;effect&quot;:&quot;slide&quot;,&quot;speed&quot;:500}\" data-widget_type=\"image-carousel.default\">\n\t\t\t\t<div class=\"elementor-widget-container\">\n\t\t\t\t\t\t\t<div class=\"elementor-image-carousel-wrapper swiper\" role=\"region\" aria-roledescription=\"carousel\" aria-label=\"Carrusel de im\u00e1genes\" dir=\"ltr\">\n\t\t\t<div class=\"elementor-image-carousel swiper-wrapper\" aria-live=\"off\">\n\t\t\t\t\t\t\t\t<div class=\"swiper-slide\" role=\"group\" aria-roledescription=\"slide\" aria-label=\"1 de 5\"><figure class=\"swiper-slide-inner\"><img decoding=\"async\" class=\"swiper-slide-image\" src=\"https:\/\/mundoanimalito.com\/wp-content\/uploads\/2024\/04\/613kX3U-QuL._AC_SL1500_-768x752.jpg\" alt=\"Edipets, Correa Perro, Correas para Perros, para Cachorro, Peque\u00f1os, Medianos y Grandes, 1,2 m, 1,5 m, 2,2 m, Correa Perro Adiestramiento (220 CM, Negro)\" \/><\/figure><\/div><div class=\"swiper-slide\" role=\"group\" aria-roledescription=\"slide\" aria-label=\"2 de 5\"><figure class=\"swiper-slide-inner\"><img decoding=\"async\" class=\"swiper-slide-image\" src=\"https:\/\/mundoanimalito.com\/wp-content\/uploads\/2024\/04\/71XB7ZTv6nL._AC_SL1500_-768x817.jpg\" alt=\"Edipets, Correa Perro, Correas para Perros, para Cachorro, Peque\u00f1os, Medianos y Grandes, 1,2 m, 1,5 m, 2,2 m, Correa Perro Adiestramiento (220 CM, Negro)\" \/><\/figure><\/div><div class=\"swiper-slide\" role=\"group\" aria-roledescription=\"slide\" aria-label=\"3 de 5\"><figure class=\"swiper-slide-inner\"><img decoding=\"async\" class=\"swiper-slide-image\" src=\"https:\/\/mundoanimalito.com\/wp-content\/uploads\/2024\/04\/61YiXvXvZXL._AC_SL1500_-768x771.jpg\" alt=\"Edipets, Correa Perro, Correas para Perros, para Cachorro, Peque\u00f1os, Medianos y Grandes, 1,2 m, 1,5 m, 2,2 m, Correa Perro Adiestramiento (220 CM, Negro)\" \/><\/figure><\/div><div class=\"swiper-slide\" role=\"group\" aria-roledescription=\"slide\" aria-label=\"4 de 5\"><figure class=\"swiper-slide-inner\"><img decoding=\"async\" class=\"swiper-slide-image\" src=\"https:\/\/mundoanimalito.com\/wp-content\/uploads\/2024\/04\/61-3cN5J6rL._AC_SL1500_-768x778.jpg\" alt=\"Edipets, Correa Perro, Correas para Perros, para Cachorro, Peque\u00f1os, Medianos y Grandes, 1,2 m, 1,5 m, 2,2 m, Correa Perro Adiestramiento (220 CM, Negro)\" \/><\/figure><\/div><div class=\"swiper-slide\" role=\"group\" aria-roledescription=\"slide\" aria-label=\"5 de 5\"><figure class=\"swiper-slide-inner\"><img decoding=\"async\" class=\"swiper-slide-image\" src=\"https:\/\/mundoanimalito.com\/wp-content\/uploads\/2024\/04\/716ibc8cYyL._AC_SL1500_-768x768.jpg\" alt=\"Edipets, Correa Perro, Correas para Perros, para Cachorro, Peque\u00f1os, Medianos y Grandes, 1,2 m, 1,5 m, 2,2 m, Correa Perro Adiestramiento (220 CM, Negro)\" \/><\/figure><\/div>\t\t\t<\/div>\n\t\t\t\t\t\t\t\t\t\t\t\t<div class=\"elementor-swiper-button elementor-swiper-button-prev\" role=\"button\" tabindex=\"0\">\n\t\t\t\t\t\t<i aria-hidden=\"true\" class=\"eicon-chevron-left\"><\/i>\t\t\t\t\t<\/div>\n\t\t\t\t\t<div class=\"elementor-swiper-button elementor-swiper-button-next\" role=\"button\" tabindex=\"0\">\n\t\t\t\t\t\t<i aria-hidden=\"true\" class=\"eicon-chevron-right\"><\/i>\t\t\t\t\t<\/div>\n\t\t\t\t\n\t\t\t\t\t\t\t\t\t<div class=\"swiper-pagination\"><\/div>\n\t\t\t\t\t\t\t\t\t<\/div>\n\t\t\t\t\t\t<\/div>\n\t\t\t\t<\/div>\n\t\t\t\t\t<\/div>\n\t\t\t\t<\/div>\n\t\t<div class=\"elementor-element elementor-element-8261461 e-flex e-con-boxed e-con e-parent\" data-id=\"8261461\" data-element_type=\"container\" data-e-type=\"container\">\n\t\t\t\t\t<div class=\"e-con-inner\">\n\t\t\t\t<div class=\"elementor-element elementor-element-a14b450 elementor-align-right elementor-widget elementor-widget-button\" data-id=\"a14b450\" data-element_type=\"widget\" data-e-type=\"widget\" data-widget_type=\"button.default\">\n\t\t\t\t<div class=\"elementor-widget-container\">\n\t\t\t\t\t\t\t\t\t<div class=\"elementor-button-wrapper\">\n\t\t\t\t\t<a class=\"elementor-button elementor-button-link elementor-size-sm\" href=\"https:\/\/amzn.to\/3UsHJOf\" target=\"_blank\">\n\t\t\t\t\t\t<span class=\"elementor-button-content-wrapper\">\n\t\t\t\t\t\t\t\t\t<span class=\"elementor-button-text\">Compra ahora en Amazon<\/span>\n\t\t\t\t\t<\/span>\n\t\t\t\t\t<\/a>\n\t\t\t\t<\/div>\n\t\t\t\t\t\t\t\t<\/div>\n\t\t\t\t<\/div>\n\t\t\t\t\t<\/div>\n\t\t\t\t<\/div>\n\t\t\t\t<\/div>\n\t\t","protected":false},"excerpt":{"rendered":"<p>\u00bfBuscas una correa que ofrezca calidad, comodidad y seguridad para tus aventuras con tu fiel compa\u00f1ero peludo? \u00a1La Correa Edipets es la soluci\u00f3n perfecta para ti y tu perro! \ud83c\udf1f Materiales de Alta Calidad: Fabricada con nailon resistente, esta correa presenta una cuerda de escalada de roca de 1\/2 pulgadas de di\u00e1metro, garantizando durabilidad y [&hellip;]<\/p>\n","protected":false},"author":1,"featured_media":0,"parent":0,"menu_order":0,"comment_status":"closed","ping_status":"closed","template":"","meta":{"site-sidebar-layout":"no-sidebar","site-content-layout":"page-builder","ast-site-content-layout":"full-width-container","site-content-style":"default","site-sidebar-style":"default","ast-global-header-display":"","ast-banner-title-visibility":"","ast-main-header-display":"","ast-hfb-above-header-display":"","ast-hfb-below-header-display":"","ast-hfb-mobile-header-display":"","site-post-title":"disabled","ast-breadcrumbs-content":"","ast-featured-img":"disabled","footer-sml-layout":"","ast-disable-related-posts":"","theme-transparent-header-meta":"","adv-header-id-meta":"","stick-header-meta":"","header-above-stick-meta":"","header-main-stick-meta":"","header-below-stick-meta":"","astra-migrate-meta-layouts":"set","ast-page-background-enabled":"default","ast-page-background-meta":{"desktop":{"background-color":"var(--ast-global-color-4)","background-image":"","background-repeat":"repeat","background-position":"center center","background-size":"auto","background-attachment":"scroll","background-type":"","background-media":"","overlay-type":"","overlay-color":"","overlay-opacity":"","overlay-gradient":""},"tablet":{"background-color":"","background-image":"","background-repeat":"repeat","background-position":"center center","background-size":"auto","background-attachment":"scroll","background-type":"","background-media":"","overlay-type":"","overlay-color":"","overlay-opacity":"","overlay-gradient":""},"mobile":{"background-color":"","background-image":"","background-repeat":"repeat","background-position":"center center","background-size":"auto","background-attachment":"scroll","background-type":"","background-media":"","overlay-type":"","overlay-color":"","overlay-opacity":"","overlay-gradient":""}},"ast-content-background-meta":{"desktop":{"background-color":"var(--ast-global-color-5)","background-image":"","background-repeat":"repeat","background-position":"center center","background-size":"auto","background-attachment":"scroll","background-type":"","background-media":"","overlay-type":"","overlay-color":"","overlay-opacity":"","overlay-gradient":""},"tablet":{"background-color":"var(--ast-global-color-5)","background-image":"","background-repeat":"repeat","background-position":"center center","background-size":"auto","background-attachment":"scroll","background-type":"","background-media":"","overlay-type":"","overlay-color":"","overlay-opacity":"","overlay-gradient":""},"mobile":{"background-color":"var(--ast-global-color-5)","background-image":"","background-repeat":"repeat","background-position":"center center","background-size":"auto","background-attachment":"scroll","background-type":"","background-media":"","overlay-type":"","overlay-color":"","overlay-opacity":"","overlay-gradient":""}},"footnotes":""},"class_list":["post-26029","page","type-page","status-publish","hentry"],"yoast_head":"<!-- This site is optimized with the Yoast SEO plugin v27.4 - https:\/\/yoast.com\/product\/yoast-seo-wordpress\/ -->\n<title>Edipets, Correas para Perros | Mundo Animalito<\/title>\n<meta name=\"description\" content=\"\u00bfBuscas una correa que ofrezca calidad, comodidad y seguridad para tus aventuras con tu fiel compa\u00f1ero peludo? \u00a1La Correa Edipets es la soluci\u00f3n perfecta para ti y tu perro!\" \/>\n<meta name=\"robots\" content=\"index, follow, max-snippet:-1, max-image-preview:large, max-video-preview:-1\" \/>\n<link rel=\"canonical\" href=\"https:\/\/mundoanimalito.com\/index.php\/edipets-correa-perro-correas-para-perros\/\" \/>\n<meta property=\"og:locale\" content=\"es_ES\" \/>\n<meta property=\"og:type\" content=\"article\" \/>\n<meta property=\"og:title\" content=\"Edipets, Correas para Perros | Mundo Animalito\" \/>\n<meta property=\"og:description\" content=\"\u00bfBuscas una correa que ofrezca calidad, comodidad y seguridad para tus aventuras con tu fiel compa\u00f1ero peludo? \u00a1La Correa Edipets es la soluci\u00f3n perfecta para ti y tu perro!\" \/>\n<meta property=\"og:url\" content=\"https:\/\/mundoanimalito.com\/index.php\/edipets-correa-perro-correas-para-perros\/\" \/>\n<meta property=\"og:site_name\" content=\"Mundo Animalito\" \/>\n<meta property=\"article:publisher\" content=\"https:\/\/www.facebook.com\/mundoanimalito77\" \/>\n<meta property=\"article:modified_time\" content=\"2024-09-04T22:11:55+00:00\" \/>\n<meta property=\"og:image\" content=\"https:\/\/mundoanimalito.com\/wp-content\/uploads\/2024\/04\/71YWzRufohL._AC_SL1500_-1024x1013.jpg\" \/>\n<meta name=\"twitter:card\" content=\"summary_large_image\" \/>\n<meta name=\"twitter:label1\" content=\"Tiempo de lectura\" \/>\n\t<meta name=\"twitter:data1\" content=\"3 minutos\" \/>\n<script type=\"application\/ld+json\" class=\"yoast-schema-graph\">{\"@context\":\"https:\\\/\\\/schema.org\",\"@graph\":[{\"@type\":\"WebPage\",\"@id\":\"https:\\\/\\\/mundoanimalito.com\\\/index.php\\\/edipets-correa-perro-correas-para-perros\\\/\",\"url\":\"https:\\\/\\\/mundoanimalito.com\\\/index.php\\\/edipets-correa-perro-correas-para-perros\\\/\",\"name\":\"Edipets, Correas para Perros | Mundo Animalito\",\"isPartOf\":{\"@id\":\"https:\\\/\\\/mundoanimalito.com\\\/#website\"},\"primaryImageOfPage\":{\"@id\":\"https:\\\/\\\/mundoanimalito.com\\\/index.php\\\/edipets-correa-perro-correas-para-perros\\\/#primaryimage\"},\"image\":{\"@id\":\"https:\\\/\\\/mundoanimalito.com\\\/index.php\\\/edipets-correa-perro-correas-para-perros\\\/#primaryimage\"},\"thumbnailUrl\":\"https:\\\/\\\/mundoanimalito.com\\\/wp-content\\\/uploads\\\/2024\\\/04\\\/71YWzRufohL._AC_SL1500_-1024x1013.jpg\",\"datePublished\":\"2024-04-22T12:38:04+00:00\",\"dateModified\":\"2024-09-04T22:11:55+00:00\",\"description\":\"\u00bfBuscas una correa que ofrezca calidad, comodidad y seguridad para tus aventuras con tu fiel compa\u00f1ero peludo? \u00a1La Correa Edipets es la soluci\u00f3n perfecta para ti y tu perro!\",\"breadcrumb\":{\"@id\":\"https:\\\/\\\/mundoanimalito.com\\\/index.php\\\/edipets-correa-perro-correas-para-perros\\\/#breadcrumb\"},\"inLanguage\":\"es\",\"potentialAction\":[{\"@type\":\"ReadAction\",\"target\":[\"https:\\\/\\\/mundoanimalito.com\\\/index.php\\\/edipets-correa-perro-correas-para-perros\\\/\"]}]},{\"@type\":\"ImageObject\",\"inLanguage\":\"es\",\"@id\":\"https:\\\/\\\/mundoanimalito.com\\\/index.php\\\/edipets-correa-perro-correas-para-perros\\\/#primaryimage\",\"url\":\"https:\\\/\\\/mundoanimalito.com\\\/wp-content\\\/uploads\\\/2024\\\/04\\\/71YWzRufohL._AC_SL1500_.jpg\",\"contentUrl\":\"https:\\\/\\\/mundoanimalito.com\\\/wp-content\\\/uploads\\\/2024\\\/04\\\/71YWzRufohL._AC_SL1500_.jpg\",\"width\":1453,\"height\":1438,\"caption\":\"Edipets, Correa Perro, Correas para Perros, para Cachorro, Peque\u00f1os, Medianos y Grandes, 1,2 m, 1,5 m, 2,2 m, Correa Perro Adiestramiento (220 CM, Negro)\"},{\"@type\":\"BreadcrumbList\",\"@id\":\"https:\\\/\\\/mundoanimalito.com\\\/index.php\\\/edipets-correa-perro-correas-para-perros\\\/#breadcrumb\",\"itemListElement\":[{\"@type\":\"ListItem\",\"position\":1,\"name\":\"Portada\",\"item\":\"https:\\\/\\\/mundoanimalito.com\\\/\"},{\"@type\":\"ListItem\",\"position\":2,\"name\":\"Edipets, Correa Perro, Correas para Perros\"}]},{\"@type\":\"WebSite\",\"@id\":\"https:\\\/\\\/mundoanimalito.com\\\/#website\",\"url\":\"https:\\\/\\\/mundoanimalito.com\\\/\",\"name\":\"Mundo Animalito\",\"description\":\"Datos y curiosidades de los animales, encuentra ac\u00e1 todo para tu mascota\",\"publisher\":{\"@id\":\"https:\\\/\\\/mundoanimalito.com\\\/#organization\"},\"potentialAction\":[{\"@type\":\"SearchAction\",\"target\":{\"@type\":\"EntryPoint\",\"urlTemplate\":\"https:\\\/\\\/mundoanimalito.com\\\/?s={search_term_string}\"},\"query-input\":{\"@type\":\"PropertyValueSpecification\",\"valueRequired\":true,\"valueName\":\"search_term_string\"}}],\"inLanguage\":\"es\"},{\"@type\":\"Organization\",\"@id\":\"https:\\\/\\\/mundoanimalito.com\\\/#organization\",\"name\":\"Mundo Animalito\",\"url\":\"https:\\\/\\\/mundoanimalito.com\\\/\",\"logo\":{\"@type\":\"ImageObject\",\"inLanguage\":\"es\",\"@id\":\"https:\\\/\\\/mundoanimalito.com\\\/#\\\/schema\\\/logo\\\/image\\\/\",\"url\":\"https:\\\/\\\/mundoanimalito.com\\\/wp-content\\\/uploads\\\/2023\\\/10\\\/cropped-cropped-LOGO-OFICIAL-ULTIMA-VERSION-1.jpg\",\"contentUrl\":\"https:\\\/\\\/mundoanimalito.com\\\/wp-content\\\/uploads\\\/2023\\\/10\\\/cropped-cropped-LOGO-OFICIAL-ULTIMA-VERSION-1.jpg\",\"width\":374,\"height\":425,\"caption\":\"Mundo Animalito\"},\"image\":{\"@id\":\"https:\\\/\\\/mundoanimalito.com\\\/#\\\/schema\\\/logo\\\/image\\\/\"},\"sameAs\":[\"https:\\\/\\\/www.facebook.com\\\/mundoanimalito77\",\"https:\\\/\\\/www.instagram.com\\\/mundoanimalito77\\\/\",\"https:\\\/\\\/www.tiktok.com\\\/@mundoanimalito77\",\"https:\\\/\\\/www.youtube.com\\\/channel\\\/UCLo2JhNUNtHVraDt5aHadew\"]}]}<\/script>\n<!-- \/ Yoast SEO plugin. -->","yoast_head_json":{"title":"Edipets, Correas para Perros | Mundo Animalito","description":"\u00bfBuscas una correa que ofrezca calidad, comodidad y seguridad para tus aventuras con tu fiel compa\u00f1ero peludo? \u00a1La Correa Edipets es la soluci\u00f3n perfecta para ti y tu perro!","robots":{"index":"index","follow":"follow","max-snippet":"max-snippet:-1","max-image-preview":"max-image-preview:large","max-video-preview":"max-video-preview:-1"},"canonical":"https:\/\/mundoanimalito.com\/index.php\/edipets-correa-perro-correas-para-perros\/","og_locale":"es_ES","og_type":"article","og_title":"Edipets, Correas para Perros | Mundo Animalito","og_description":"\u00bfBuscas una correa que ofrezca calidad, comodidad y seguridad para tus aventuras con tu fiel compa\u00f1ero peludo? \u00a1La Correa Edipets es la soluci\u00f3n perfecta para ti y tu perro!","og_url":"https:\/\/mundoanimalito.com\/index.php\/edipets-correa-perro-correas-para-perros\/","og_site_name":"Mundo Animalito","article_publisher":"https:\/\/www.facebook.com\/mundoanimalito77","article_modified_time":"2024-09-04T22:11:55+00:00","og_image":[{"url":"https:\/\/mundoanimalito.com\/wp-content\/uploads\/2024\/04\/71YWzRufohL._AC_SL1500_-1024x1013.jpg","type":"","width":"","height":""}],"twitter_card":"summary_large_image","twitter_misc":{"Tiempo de lectura":"3 minutos"},"schema":{"@context":"https:\/\/schema.org","@graph":[{"@type":"WebPage","@id":"https:\/\/mundoanimalito.com\/index.php\/edipets-correa-perro-correas-para-perros\/","url":"https:\/\/mundoanimalito.com\/index.php\/edipets-correa-perro-correas-para-perros\/","name":"Edipets, Correas para Perros | Mundo Animalito","isPartOf":{"@id":"https:\/\/mundoanimalito.com\/#website"},"primaryImageOfPage":{"@id":"https:\/\/mundoanimalito.com\/index.php\/edipets-correa-perro-correas-para-perros\/#primaryimage"},"image":{"@id":"https:\/\/mundoanimalito.com\/index.php\/edipets-correa-perro-correas-para-perros\/#primaryimage"},"thumbnailUrl":"https:\/\/mundoanimalito.com\/wp-content\/uploads\/2024\/04\/71YWzRufohL._AC_SL1500_-1024x1013.jpg","datePublished":"2024-04-22T12:38:04+00:00","dateModified":"2024-09-04T22:11:55+00:00","description":"\u00bfBuscas una correa que ofrezca calidad, comodidad y seguridad para tus aventuras con tu fiel compa\u00f1ero peludo? \u00a1La Correa Edipets es la soluci\u00f3n perfecta para ti y tu perro!","breadcrumb":{"@id":"https:\/\/mundoanimalito.com\/index.php\/edipets-correa-perro-correas-para-perros\/#breadcrumb"},"inLanguage":"es","potentialAction":[{"@type":"ReadAction","target":["https:\/\/mundoanimalito.com\/index.php\/edipets-correa-perro-correas-para-perros\/"]}]},{"@type":"ImageObject","inLanguage":"es","@id":"https:\/\/mundoanimalito.com\/index.php\/edipets-correa-perro-correas-para-perros\/#primaryimage","url":"https:\/\/mundoanimalito.com\/wp-content\/uploads\/2024\/04\/71YWzRufohL._AC_SL1500_.jpg","contentUrl":"https:\/\/mundoanimalito.com\/wp-content\/uploads\/2024\/04\/71YWzRufohL._AC_SL1500_.jpg","width":1453,"height":1438,"caption":"Edipets, Correa Perro, Correas para Perros, para Cachorro, Peque\u00f1os, Medianos y Grandes, 1,2 m, 1,5 m, 2,2 m, Correa Perro Adiestramiento (220 CM, Negro)"},{"@type":"BreadcrumbList","@id":"https:\/\/mundoanimalito.com\/index.php\/edipets-correa-perro-correas-para-perros\/#breadcrumb","itemListElement":[{"@type":"ListItem","position":1,"name":"Portada","item":"https:\/\/mundoanimalito.com\/"},{"@type":"ListItem","position":2,"name":"Edipets, Correa Perro, Correas para Perros"}]},{"@type":"WebSite","@id":"https:\/\/mundoanimalito.com\/#website","url":"https:\/\/mundoanimalito.com\/","name":"Mundo Animalito","description":"Datos y curiosidades de los animales, encuentra ac\u00e1 todo para tu mascota","publisher":{"@id":"https:\/\/mundoanimalito.com\/#organization"},"potentialAction":[{"@type":"SearchAction","target":{"@type":"EntryPoint","urlTemplate":"https:\/\/mundoanimalito.com\/?s={search_term_string}"},"query-input":{"@type":"PropertyValueSpecification","valueRequired":true,"valueName":"search_term_string"}}],"inLanguage":"es"},{"@type":"Organization","@id":"https:\/\/mundoanimalito.com\/#organization","name":"Mundo Animalito","url":"https:\/\/mundoanimalito.com\/","logo":{"@type":"ImageObject","inLanguage":"es","@id":"https:\/\/mundoanimalito.com\/#\/schema\/logo\/image\/","url":"https:\/\/mundoanimalito.com\/wp-content\/uploads\/2023\/10\/cropped-cropped-LOGO-OFICIAL-ULTIMA-VERSION-1.jpg","contentUrl":"https:\/\/mundoanimalito.com\/wp-content\/uploads\/2023\/10\/cropped-cropped-LOGO-OFICIAL-ULTIMA-VERSION-1.jpg","width":374,"height":425,"caption":"Mundo Animalito"},"image":{"@id":"https:\/\/mundoanimalito.com\/#\/schema\/logo\/image\/"},"sameAs":["https:\/\/www.facebook.com\/mundoanimalito77","https:\/\/www.instagram.com\/mundoanimalito77\/","https:\/\/www.tiktok.com\/@mundoanimalito77","https:\/\/www.youtube.com\/channel\/UCLo2JhNUNtHVraDt5aHadew"]}]}},"_links":{"self":[{"href":"https:\/\/mundoanimalito.com\/index.php\/wp-json\/wp\/v2\/pages\/26029","targetHints":{"allow":["GET"]}}],"collection":[{"href":"https:\/\/mundoanimalito.com\/index.php\/wp-json\/wp\/v2\/pages"}],"about":[{"href":"https:\/\/mundoanimalito.com\/index.php\/wp-json\/wp\/v2\/types\/page"}],"author":[{"embeddable":true,"href":"https:\/\/mundoanimalito.com\/index.php\/wp-json\/wp\/v2\/users\/1"}],"replies":[{"embeddable":true,"href":"https:\/\/mundoanimalito.com\/index.php\/wp-json\/wp\/v2\/comments?post=26029"}],"version-history":[{"count":0,"href":"https:\/\/mundoanimalito.com\/index.php\/wp-json\/wp\/v2\/pages\/26029\/revisions"}],"wp:attachment":[{"href":"https:\/\/mundoanimalito.com\/index.php\/wp-json\/wp\/v2\/media?parent=26029"}],"curies":[{"name":"wp","href":"https:\/\/api.w.org\/{rel}","templated":true}]}}