{"id":25939,"date":"2024-04-21T06:08:36","date_gmt":"2024-04-21T11:08:36","guid":{"rendered":"https:\/\/mundoanimalito.com\/?page_id=25939"},"modified":"2024-09-04T15:21:29","modified_gmt":"2024-09-04T20:21:29","slug":"correa-idc-color-gray-con-asa-y-anillo-en-d-20-mm-x-2-m-negro-gris","status":"publish","type":"page","link":"https:\/\/mundoanimalito.com\/index.php\/correa-idc-color-gray-con-asa-y-anillo-en-d-20-mm-x-2-m-negro-gris\/","title":{"rendered":"Correa IDC Color &amp; Gray con asa y anillo en D, 20 mm x 2 m, Negro-Gris"},"content":{"rendered":"\t\t<div data-elementor-type=\"wp-page\" data-elementor-id=\"25939\" class=\"elementor elementor-25939\" data-elementor-post-type=\"page\">\n\t\t\t\t<div class=\"elementor-element elementor-element-7fe6e5d e-flex e-con-boxed e-con e-parent\" data-id=\"7fe6e5d\" data-element_type=\"container\" data-e-type=\"container\">\n\t\t\t\t\t<div class=\"e-con-inner\">\n\t\t\t\t<div class=\"elementor-element elementor-element-931a0ac elementor-invisible elementor-widget elementor-widget-heading\" data-id=\"931a0ac\" data-element_type=\"widget\" data-e-type=\"widget\" data-settings=\"{&quot;_animation&quot;:&quot;fadeInDown&quot;}\" data-widget_type=\"heading.default\">\n\t\t\t\t<div class=\"elementor-widget-container\">\n\t\t\t\t\t<h2 class=\"elementor-heading-title elementor-size-default\">\u00bfEst\u00e1s buscando una correa que combine estilo, funcionalidad y seguridad para tus paseos con tu perro? \u00a1La Correa IDC Color &amp; Gray es la elecci\u00f3n perfecta para ti y tu compa\u00f1ero peludo! <\/h2>\t\t\t\t<\/div>\n\t\t\t\t<\/div>\n\t\t\t\t\t<\/div>\n\t\t\t\t<\/div>\n\t\t<div class=\"elementor-element elementor-element-3f43980 e-flex e-con-boxed e-con e-parent\" data-id=\"3f43980\" data-element_type=\"container\" data-e-type=\"container\">\n\t\t\t\t\t<div class=\"e-con-inner\">\n\t\t<div class=\"elementor-element elementor-element-b72d961 e-con-full e-flex e-con e-child\" data-id=\"b72d961\" data-element_type=\"container\" data-e-type=\"container\">\n\t\t\t\t<div class=\"elementor-element elementor-element-043fa3b elementor-widget elementor-widget-image\" data-id=\"043fa3b\" data-element_type=\"widget\" data-e-type=\"widget\" data-widget_type=\"image.default\">\n\t\t\t\t<div class=\"elementor-widget-container\">\n\t\t\t\t\t\t\t\t\t\t\t\t\t\t\t\t<a href=\"https:\/\/amzn.to\/3vRAjuJ\" target=\"_blank\">\n\t\t\t\t\t\t\t<img fetchpriority=\"high\" decoding=\"async\" width=\"1024\" height=\"564\" src=\"https:\/\/mundoanimalito.com\/wp-content\/uploads\/2024\/04\/000-3-1024x564.jpg\" class=\"attachment-large size-large wp-image-25911\" alt=\"Correa IDC Color &amp; Gray con asa y anillo en D, 20 mm x 2 m, Negro-Gris\" srcset=\"https:\/\/mundoanimalito.com\/wp-content\/uploads\/2024\/04\/000-3-1024x564.jpg 1024w, https:\/\/mundoanimalito.com\/wp-content\/uploads\/2024\/04\/000-3-300x165.jpg 300w, https:\/\/mundoanimalito.com\/wp-content\/uploads\/2024\/04\/000-3-768x423.jpg 768w, https:\/\/mundoanimalito.com\/wp-content\/uploads\/2024\/04\/000-3.jpg 1500w\" sizes=\"(max-width: 1024px) 100vw, 1024px\" \/>\t\t\t\t\t\t\t\t<\/a>\n\t\t\t\t\t\t\t\t\t\t\t\t\t\t\t<\/div>\n\t\t\t\t<\/div>\n\t\t\t\t<\/div>\n\t\t<div class=\"elementor-element elementor-element-972bae3 e-con-full e-flex e-con e-child\" data-id=\"972bae3\" data-element_type=\"container\" data-e-type=\"container\">\n\t\t\t\t<div class=\"elementor-element elementor-element-766332d elementor-widget elementor-widget-text-editor\" data-id=\"766332d\" data-element_type=\"widget\" data-e-type=\"widget\" data-widget_type=\"text-editor.default\">\n\t\t\t\t<div class=\"elementor-widget-container\">\n\t\t\t\t\t\t\t\t\t<p>\ud83c\udf08 <strong>Armon\u00eda Estil\u00edstica:<\/strong> La Correa IDC Color &amp; Gray se integra perfectamente con los collares y arneses de la misma l\u00ednea, brindando un aspecto coordinado y elegante a tus paseos. \u00a1Tu perro lucir\u00e1 a la moda en todo momento!<\/p><p>\u00a0<\/p><p>\u2614 <strong>Resistente a la Intemperie:<\/strong> Dise\u00f1ada para soportar la lluvia y los ambientes h\u00famedos, esta correa te permite disfrutar de paseos sin preocuparte por las condiciones clim\u00e1ticas. \u00a1Tanto t\u00fa como tu perro estar\u00e1n protegidos en cualquier clima!<\/p><p>\u00a0<\/p><p>\ud83d\udcaa <strong>Agarre \u00d3ptimo:<\/strong> Los hilos de goma tejidos en el material de la correa garantizan un agarre seguro y c\u00f3modo, brind\u00e1ndote control total sobre tu perro en todo momento. \u00a1Disfruta de paseos sin preocupaciones ni resbalones!<\/p>\t\t\t\t\t\t\t\t<\/div>\n\t\t\t\t<\/div>\n\t\t\t\t<\/div>\n\t\t\t\t\t<\/div>\n\t\t\t\t<\/div>\n\t\t<div class=\"elementor-element elementor-element-7d3de2b e-flex e-con-boxed e-con e-parent\" data-id=\"7d3de2b\" data-element_type=\"container\" data-e-type=\"container\">\n\t\t\t\t\t<div class=\"e-con-inner\">\n\t\t\t\t<div class=\"elementor-element elementor-element-3b1b18c elementor-widget elementor-widget-text-editor\" data-id=\"3b1b18c\" data-element_type=\"widget\" data-e-type=\"widget\" data-widget_type=\"text-editor.default\">\n\t\t\t\t<div class=\"elementor-widget-container\">\n\t\t\t\t\t\t\t\t\t<p>\ud83d\udccf <strong>Variedad de Opciones:<\/strong> Disponible en diversas longitudes, con o sin asa, y en una amplia gama de colores, puedes elegir la correa que mejor se adapte a las necesidades y preferencias de tu perro. \u00a1Encuentra la combinaci\u00f3n perfecta para ti y tu amigo peludo!<\/p><p>\u00a0<\/p><p>\ud83d\uded2 <strong>M\u00e1s Productos Disponibles:<\/strong> Explora nuestro Amazon Storefront para descubrir m\u00e1s productos de alta calidad para tu perro. Desde collares hasta arneses, tenemos todo lo que necesitas para mantener a tu mascota feliz y segura.<\/p><p>\u00a0<\/p><p>\u00a1No pierdas la oportunidad de mejorar la experiencia de pasear a tu perro con la Correa IDC Color &amp; Gray! Asegura paseos seguros, c\u00f3modos y con estilo para ti y tu mejor amigo. \u00a1Compra ahora y disfruta de momentos inolvidables juntos!<\/p>\t\t\t\t\t\t\t\t<\/div>\n\t\t\t\t<\/div>\n\t\t\t\t<div class=\"elementor-element elementor-element-fc713e4 elementor-align-right elementor-widget elementor-widget-button\" data-id=\"fc713e4\" data-element_type=\"widget\" data-e-type=\"widget\" data-widget_type=\"button.default\">\n\t\t\t\t<div class=\"elementor-widget-container\">\n\t\t\t\t\t\t\t\t\t<div class=\"elementor-button-wrapper\">\n\t\t\t\t\t<a class=\"elementor-button elementor-button-link elementor-size-sm\" href=\"https:\/\/amzn.to\/3vRAjuJ\" target=\"_blank\">\n\t\t\t\t\t\t<span class=\"elementor-button-content-wrapper\">\n\t\t\t\t\t\t\t\t\t<span class=\"elementor-button-text\">Compra ahora en Amazon<\/span>\n\t\t\t\t\t<\/span>\n\t\t\t\t\t<\/a>\n\t\t\t\t<\/div>\n\t\t\t\t\t\t\t\t<\/div>\n\t\t\t\t<\/div>\n\t\t\t\t\t<\/div>\n\t\t\t\t<\/div>\n\t\t<div class=\"elementor-element elementor-element-0fbeee1 e-flex e-con-boxed e-con e-parent\" data-id=\"0fbeee1\" data-element_type=\"container\" data-e-type=\"container\">\n\t\t\t\t\t<div class=\"e-con-inner\">\n\t\t\t\t<div class=\"elementor-element elementor-element-dfec526 elementor-arrows-position-inside elementor-pagination-position-outside elementor-widget elementor-widget-image-carousel\" data-id=\"dfec526\" data-element_type=\"widget\" data-e-type=\"widget\" data-settings=\"{&quot;slides_to_show&quot;:&quot;1&quot;,&quot;navigation&quot;:&quot;both&quot;,&quot;autoplay&quot;:&quot;yes&quot;,&quot;pause_on_hover&quot;:&quot;yes&quot;,&quot;pause_on_interaction&quot;:&quot;yes&quot;,&quot;autoplay_speed&quot;:5000,&quot;infinite&quot;:&quot;yes&quot;,&quot;effect&quot;:&quot;slide&quot;,&quot;speed&quot;:500}\" data-widget_type=\"image-carousel.default\">\n\t\t\t\t<div class=\"elementor-widget-container\">\n\t\t\t\t\t\t\t<div class=\"elementor-image-carousel-wrapper swiper\" role=\"region\" aria-roledescription=\"carousel\" aria-label=\"Carrusel de im\u00e1genes\" dir=\"ltr\">\n\t\t\t<div class=\"elementor-image-carousel swiper-wrapper\" aria-live=\"off\">\n\t\t\t\t\t\t\t\t<div class=\"swiper-slide\" role=\"group\" aria-roledescription=\"slide\" aria-label=\"1 de 3\"><figure class=\"swiper-slide-inner\"><img decoding=\"async\" class=\"swiper-slide-image\" src=\"https:\/\/mundoanimalito.com\/wp-content\/uploads\/2024\/04\/71Ca4N89DLL._AC_SL1500_-768x284.jpg\" alt=\"Correa IDC Color &amp; Gray con asa y anillo en D, 20 mm x 2 m, Negro-Gris\" \/><\/figure><\/div><div class=\"swiper-slide\" role=\"group\" aria-roledescription=\"slide\" aria-label=\"2 de 3\"><figure class=\"swiper-slide-inner\"><img decoding=\"async\" class=\"swiper-slide-image\" src=\"https:\/\/mundoanimalito.com\/wp-content\/uploads\/2024\/04\/81ZhBgZjXsL._AC_SL1500_-768x433.jpg\" alt=\"Correa IDC Color &amp; Gray con asa y anillo en D, 20 mm x 2 m, Negro-Gris\" \/><\/figure><\/div><div class=\"swiper-slide\" role=\"group\" aria-roledescription=\"slide\" aria-label=\"3 de 3\"><figure class=\"swiper-slide-inner\"><img decoding=\"async\" class=\"swiper-slide-image\" src=\"https:\/\/mundoanimalito.com\/wp-content\/uploads\/2024\/04\/71tP4RLmzBL._AC_SL1500_-768x310.jpg\" alt=\"Correa IDC Color &amp; Gray con asa y anillo en D, 20 mm x 2 m, Negro-Gris\" \/><\/figure><\/div>\t\t\t<\/div>\n\t\t\t\t\t\t\t\t\t\t\t\t<div class=\"elementor-swiper-button elementor-swiper-button-prev\" role=\"button\" tabindex=\"0\">\n\t\t\t\t\t\t<i aria-hidden=\"true\" class=\"eicon-chevron-left\"><\/i>\t\t\t\t\t<\/div>\n\t\t\t\t\t<div class=\"elementor-swiper-button elementor-swiper-button-next\" role=\"button\" tabindex=\"0\">\n\t\t\t\t\t\t<i aria-hidden=\"true\" class=\"eicon-chevron-right\"><\/i>\t\t\t\t\t<\/div>\n\t\t\t\t\n\t\t\t\t\t\t\t\t\t<div class=\"swiper-pagination\"><\/div>\n\t\t\t\t\t\t\t\t\t<\/div>\n\t\t\t\t\t\t<\/div>\n\t\t\t\t<\/div>\n\t\t\t\t\t<\/div>\n\t\t\t\t<\/div>\n\t\t<div class=\"elementor-element elementor-element-5e0184e e-flex e-con-boxed e-con e-parent\" data-id=\"5e0184e\" data-element_type=\"container\" data-e-type=\"container\">\n\t\t\t\t\t<div class=\"e-con-inner\">\n\t\t\t\t<div class=\"elementor-element elementor-element-b6fb93c elementor-align-right elementor-widget elementor-widget-button\" data-id=\"b6fb93c\" data-element_type=\"widget\" data-e-type=\"widget\" data-widget_type=\"button.default\">\n\t\t\t\t<div class=\"elementor-widget-container\">\n\t\t\t\t\t\t\t\t\t<div class=\"elementor-button-wrapper\">\n\t\t\t\t\t<a class=\"elementor-button elementor-button-link elementor-size-sm\" href=\"https:\/\/amzn.to\/3vRAjuJ\" target=\"_blank\">\n\t\t\t\t\t\t<span class=\"elementor-button-content-wrapper\">\n\t\t\t\t\t\t\t\t\t<span class=\"elementor-button-text\">Compra ahora en Amazon<\/span>\n\t\t\t\t\t<\/span>\n\t\t\t\t\t<\/a>\n\t\t\t\t<\/div>\n\t\t\t\t\t\t\t\t<\/div>\n\t\t\t\t<\/div>\n\t\t\t\t\t<\/div>\n\t\t\t\t<\/div>\n\t\t\t\t<\/div>\n\t\t","protected":false},"excerpt":{"rendered":"<p>\u00bfEst\u00e1s buscando una correa que combine estilo, funcionalidad y seguridad para tus paseos con tu perro? \u00a1La Correa IDC Color &#038; Gray es la elecci\u00f3n perfecta para ti y tu compa\u00f1ero peludo! \ud83c\udf08 Armon\u00eda Estil\u00edstica: La Correa IDC Color &amp; Gray se integra perfectamente con los collares y arneses de la misma l\u00ednea, brindando un [&hellip;]<\/p>\n","protected":false},"author":1,"featured_media":0,"parent":0,"menu_order":0,"comment_status":"closed","ping_status":"closed","template":"","meta":{"site-sidebar-layout":"no-sidebar","site-content-layout":"page-builder","ast-site-content-layout":"full-width-container","site-content-style":"default","site-sidebar-style":"default","ast-global-header-display":"","ast-banner-title-visibility":"","ast-main-header-display":"","ast-hfb-above-header-display":"","ast-hfb-below-header-display":"","ast-hfb-mobile-header-display":"","site-post-title":"disabled","ast-breadcrumbs-content":"","ast-featured-img":"disabled","footer-sml-layout":"","ast-disable-related-posts":"","theme-transparent-header-meta":"","adv-header-id-meta":"","stick-header-meta":"","header-above-stick-meta":"","header-main-stick-meta":"","header-below-stick-meta":"","astra-migrate-meta-layouts":"set","ast-page-background-enabled":"default","ast-page-background-meta":{"desktop":{"background-color":"var(--ast-global-color-4)","background-image":"","background-repeat":"repeat","background-position":"center center","background-size":"auto","background-attachment":"scroll","background-type":"","background-media":"","overlay-type":"","overlay-color":"","overlay-opacity":"","overlay-gradient":""},"tablet":{"background-color":"","background-image":"","background-repeat":"repeat","background-position":"center center","background-size":"auto","background-attachment":"scroll","background-type":"","background-media":"","overlay-type":"","overlay-color":"","overlay-opacity":"","overlay-gradient":""},"mobile":{"background-color":"","background-image":"","background-repeat":"repeat","background-position":"center center","background-size":"auto","background-attachment":"scroll","background-type":"","background-media":"","overlay-type":"","overlay-color":"","overlay-opacity":"","overlay-gradient":""}},"ast-content-background-meta":{"desktop":{"background-color":"var(--ast-global-color-5)","background-image":"","background-repeat":"repeat","background-position":"center center","background-size":"auto","background-attachment":"scroll","background-type":"","background-media":"","overlay-type":"","overlay-color":"","overlay-opacity":"","overlay-gradient":""},"tablet":{"background-color":"var(--ast-global-color-5)","background-image":"","background-repeat":"repeat","background-position":"center center","background-size":"auto","background-attachment":"scroll","background-type":"","background-media":"","overlay-type":"","overlay-color":"","overlay-opacity":"","overlay-gradient":""},"mobile":{"background-color":"var(--ast-global-color-5)","background-image":"","background-repeat":"repeat","background-position":"center center","background-size":"auto","background-attachment":"scroll","background-type":"","background-media":"","overlay-type":"","overlay-color":"","overlay-opacity":"","overlay-gradient":""}},"footnotes":""},"class_list":["post-25939","page","type-page","status-publish","hentry"],"yoast_head":"<!-- This site is optimized with the Yoast SEO plugin v27.5 - https:\/\/yoast.com\/product\/yoast-seo-wordpress\/ -->\n<title>Correa IDC Color &amp; Gray con asa y anillo en D, 20 mm x 2 m, Negro-Gris | Mundo Animalito<\/title>\n<meta name=\"description\" content=\"\u00bfEst\u00e1s buscando una correa que combine estilo, funcionalidad y seguridad para tus paseos con tu perro? \u00a1La Correa IDC Color &amp; Gray es la elecci\u00f3n perfecta para ti y tu compa\u00f1ero peludo!\" \/>\n<meta name=\"robots\" content=\"index, follow, max-snippet:-1, max-image-preview:large, max-video-preview:-1\" \/>\n<link rel=\"canonical\" href=\"https:\/\/mundoanimalito.com\/index.php\/correa-idc-color-gray-con-asa-y-anillo-en-d-20-mm-x-2-m-negro-gris\/\" \/>\n<meta property=\"og:locale\" content=\"es_ES\" \/>\n<meta property=\"og:type\" content=\"article\" \/>\n<meta property=\"og:title\" content=\"Correa IDC Color &amp; Gray con asa y anillo en D, 20 mm x 2 m, Negro-Gris | Mundo Animalito\" \/>\n<meta property=\"og:description\" content=\"\u00bfEst\u00e1s buscando una correa que combine estilo, funcionalidad y seguridad para tus paseos con tu perro? \u00a1La Correa IDC Color &amp; Gray es la elecci\u00f3n perfecta para ti y tu compa\u00f1ero peludo!\" \/>\n<meta property=\"og:url\" content=\"https:\/\/mundoanimalito.com\/index.php\/correa-idc-color-gray-con-asa-y-anillo-en-d-20-mm-x-2-m-negro-gris\/\" \/>\n<meta property=\"og:site_name\" content=\"Mundo Animalito\" \/>\n<meta property=\"article:publisher\" content=\"https:\/\/www.facebook.com\/mundoanimalito77\" \/>\n<meta property=\"article:modified_time\" content=\"2024-09-04T20:21:29+00:00\" \/>\n<meta property=\"og:image\" content=\"https:\/\/mundoanimalito.com\/wp-content\/uploads\/2024\/04\/000-3-1024x564.jpg\" \/>\n<meta name=\"twitter:card\" content=\"summary_large_image\" \/>\n<meta name=\"twitter:label1\" content=\"Tiempo de lectura\" \/>\n\t<meta name=\"twitter:data1\" content=\"3 minutos\" \/>\n<script type=\"application\/ld+json\" class=\"yoast-schema-graph\">{\"@context\":\"https:\\\/\\\/schema.org\",\"@graph\":[{\"@type\":\"WebPage\",\"@id\":\"https:\\\/\\\/mundoanimalito.com\\\/index.php\\\/correa-idc-color-gray-con-asa-y-anillo-en-d-20-mm-x-2-m-negro-gris\\\/\",\"url\":\"https:\\\/\\\/mundoanimalito.com\\\/index.php\\\/correa-idc-color-gray-con-asa-y-anillo-en-d-20-mm-x-2-m-negro-gris\\\/\",\"name\":\"Correa IDC Color & Gray con asa y anillo en D, 20 mm x 2 m, Negro-Gris | Mundo Animalito\",\"isPartOf\":{\"@id\":\"https:\\\/\\\/mundoanimalito.com\\\/#website\"},\"primaryImageOfPage\":{\"@id\":\"https:\\\/\\\/mundoanimalito.com\\\/index.php\\\/correa-idc-color-gray-con-asa-y-anillo-en-d-20-mm-x-2-m-negro-gris\\\/#primaryimage\"},\"image\":{\"@id\":\"https:\\\/\\\/mundoanimalito.com\\\/index.php\\\/correa-idc-color-gray-con-asa-y-anillo-en-d-20-mm-x-2-m-negro-gris\\\/#primaryimage\"},\"thumbnailUrl\":\"https:\\\/\\\/mundoanimalito.com\\\/wp-content\\\/uploads\\\/2024\\\/04\\\/000-3-1024x564.jpg\",\"datePublished\":\"2024-04-21T11:08:36+00:00\",\"dateModified\":\"2024-09-04T20:21:29+00:00\",\"description\":\"\u00bfEst\u00e1s buscando una correa que combine estilo, funcionalidad y seguridad para tus paseos con tu perro? \u00a1La Correa IDC Color & Gray es la elecci\u00f3n perfecta para ti y tu compa\u00f1ero peludo!\",\"breadcrumb\":{\"@id\":\"https:\\\/\\\/mundoanimalito.com\\\/index.php\\\/correa-idc-color-gray-con-asa-y-anillo-en-d-20-mm-x-2-m-negro-gris\\\/#breadcrumb\"},\"inLanguage\":\"es\",\"potentialAction\":[{\"@type\":\"ReadAction\",\"target\":[\"https:\\\/\\\/mundoanimalito.com\\\/index.php\\\/correa-idc-color-gray-con-asa-y-anillo-en-d-20-mm-x-2-m-negro-gris\\\/\"]}]},{\"@type\":\"ImageObject\",\"inLanguage\":\"es\",\"@id\":\"https:\\\/\\\/mundoanimalito.com\\\/index.php\\\/correa-idc-color-gray-con-asa-y-anillo-en-d-20-mm-x-2-m-negro-gris\\\/#primaryimage\",\"url\":\"https:\\\/\\\/mundoanimalito.com\\\/wp-content\\\/uploads\\\/2024\\\/04\\\/000-3.jpg\",\"contentUrl\":\"https:\\\/\\\/mundoanimalito.com\\\/wp-content\\\/uploads\\\/2024\\\/04\\\/000-3.jpg\",\"width\":1500,\"height\":826,\"caption\":\"Correa IDC Color & Gray con asa y anillo en D, 20 mm x 2 m, Negro-Gris\"},{\"@type\":\"BreadcrumbList\",\"@id\":\"https:\\\/\\\/mundoanimalito.com\\\/index.php\\\/correa-idc-color-gray-con-asa-y-anillo-en-d-20-mm-x-2-m-negro-gris\\\/#breadcrumb\",\"itemListElement\":[{\"@type\":\"ListItem\",\"position\":1,\"name\":\"Portada\",\"item\":\"https:\\\/\\\/mundoanimalito.com\\\/\"},{\"@type\":\"ListItem\",\"position\":2,\"name\":\"Correa IDC Color &amp; Gray con asa y anillo en D, 20 mm x 2 m, Negro-Gris\"}]},{\"@type\":\"WebSite\",\"@id\":\"https:\\\/\\\/mundoanimalito.com\\\/#website\",\"url\":\"https:\\\/\\\/mundoanimalito.com\\\/\",\"name\":\"Mundo Animalito\",\"description\":\"Datos y curiosidades de los animales, encuentra ac\u00e1 todo para tu mascota\",\"publisher\":{\"@id\":\"https:\\\/\\\/mundoanimalito.com\\\/#organization\"},\"potentialAction\":[{\"@type\":\"SearchAction\",\"target\":{\"@type\":\"EntryPoint\",\"urlTemplate\":\"https:\\\/\\\/mundoanimalito.com\\\/?s={search_term_string}\"},\"query-input\":{\"@type\":\"PropertyValueSpecification\",\"valueRequired\":true,\"valueName\":\"search_term_string\"}}],\"inLanguage\":\"es\"},{\"@type\":\"Organization\",\"@id\":\"https:\\\/\\\/mundoanimalito.com\\\/#organization\",\"name\":\"Mundo Animalito\",\"url\":\"https:\\\/\\\/mundoanimalito.com\\\/\",\"logo\":{\"@type\":\"ImageObject\",\"inLanguage\":\"es\",\"@id\":\"https:\\\/\\\/mundoanimalito.com\\\/#\\\/schema\\\/logo\\\/image\\\/\",\"url\":\"https:\\\/\\\/mundoanimalito.com\\\/wp-content\\\/uploads\\\/2023\\\/10\\\/cropped-cropped-LOGO-OFICIAL-ULTIMA-VERSION-1.jpg\",\"contentUrl\":\"https:\\\/\\\/mundoanimalito.com\\\/wp-content\\\/uploads\\\/2023\\\/10\\\/cropped-cropped-LOGO-OFICIAL-ULTIMA-VERSION-1.jpg\",\"width\":374,\"height\":425,\"caption\":\"Mundo Animalito\"},\"image\":{\"@id\":\"https:\\\/\\\/mundoanimalito.com\\\/#\\\/schema\\\/logo\\\/image\\\/\"},\"sameAs\":[\"https:\\\/\\\/www.facebook.com\\\/mundoanimalito77\",\"https:\\\/\\\/www.instagram.com\\\/mundoanimalito77\\\/\",\"https:\\\/\\\/www.tiktok.com\\\/@mundoanimalito77\",\"https:\\\/\\\/www.youtube.com\\\/channel\\\/UCLo2JhNUNtHVraDt5aHadew\"]}]}<\/script>\n<!-- \/ Yoast SEO plugin. -->","yoast_head_json":{"title":"Correa IDC Color & Gray con asa y anillo en D, 20 mm x 2 m, Negro-Gris | Mundo Animalito","description":"\u00bfEst\u00e1s buscando una correa que combine estilo, funcionalidad y seguridad para tus paseos con tu perro? \u00a1La Correa IDC Color & Gray es la elecci\u00f3n perfecta para ti y tu compa\u00f1ero peludo!","robots":{"index":"index","follow":"follow","max-snippet":"max-snippet:-1","max-image-preview":"max-image-preview:large","max-video-preview":"max-video-preview:-1"},"canonical":"https:\/\/mundoanimalito.com\/index.php\/correa-idc-color-gray-con-asa-y-anillo-en-d-20-mm-x-2-m-negro-gris\/","og_locale":"es_ES","og_type":"article","og_title":"Correa IDC Color & Gray con asa y anillo en D, 20 mm x 2 m, Negro-Gris | Mundo Animalito","og_description":"\u00bfEst\u00e1s buscando una correa que combine estilo, funcionalidad y seguridad para tus paseos con tu perro? \u00a1La Correa IDC Color & Gray es la elecci\u00f3n perfecta para ti y tu compa\u00f1ero peludo!","og_url":"https:\/\/mundoanimalito.com\/index.php\/correa-idc-color-gray-con-asa-y-anillo-en-d-20-mm-x-2-m-negro-gris\/","og_site_name":"Mundo Animalito","article_publisher":"https:\/\/www.facebook.com\/mundoanimalito77","article_modified_time":"2024-09-04T20:21:29+00:00","og_image":[{"url":"https:\/\/mundoanimalito.com\/wp-content\/uploads\/2024\/04\/000-3-1024x564.jpg","type":"","width":"","height":""}],"twitter_card":"summary_large_image","twitter_misc":{"Tiempo de lectura":"3 minutos"},"schema":{"@context":"https:\/\/schema.org","@graph":[{"@type":"WebPage","@id":"https:\/\/mundoanimalito.com\/index.php\/correa-idc-color-gray-con-asa-y-anillo-en-d-20-mm-x-2-m-negro-gris\/","url":"https:\/\/mundoanimalito.com\/index.php\/correa-idc-color-gray-con-asa-y-anillo-en-d-20-mm-x-2-m-negro-gris\/","name":"Correa IDC Color & Gray con asa y anillo en D, 20 mm x 2 m, Negro-Gris | Mundo Animalito","isPartOf":{"@id":"https:\/\/mundoanimalito.com\/#website"},"primaryImageOfPage":{"@id":"https:\/\/mundoanimalito.com\/index.php\/correa-idc-color-gray-con-asa-y-anillo-en-d-20-mm-x-2-m-negro-gris\/#primaryimage"},"image":{"@id":"https:\/\/mundoanimalito.com\/index.php\/correa-idc-color-gray-con-asa-y-anillo-en-d-20-mm-x-2-m-negro-gris\/#primaryimage"},"thumbnailUrl":"https:\/\/mundoanimalito.com\/wp-content\/uploads\/2024\/04\/000-3-1024x564.jpg","datePublished":"2024-04-21T11:08:36+00:00","dateModified":"2024-09-04T20:21:29+00:00","description":"\u00bfEst\u00e1s buscando una correa que combine estilo, funcionalidad y seguridad para tus paseos con tu perro? \u00a1La Correa IDC Color & Gray es la elecci\u00f3n perfecta para ti y tu compa\u00f1ero peludo!","breadcrumb":{"@id":"https:\/\/mundoanimalito.com\/index.php\/correa-idc-color-gray-con-asa-y-anillo-en-d-20-mm-x-2-m-negro-gris\/#breadcrumb"},"inLanguage":"es","potentialAction":[{"@type":"ReadAction","target":["https:\/\/mundoanimalito.com\/index.php\/correa-idc-color-gray-con-asa-y-anillo-en-d-20-mm-x-2-m-negro-gris\/"]}]},{"@type":"ImageObject","inLanguage":"es","@id":"https:\/\/mundoanimalito.com\/index.php\/correa-idc-color-gray-con-asa-y-anillo-en-d-20-mm-x-2-m-negro-gris\/#primaryimage","url":"https:\/\/mundoanimalito.com\/wp-content\/uploads\/2024\/04\/000-3.jpg","contentUrl":"https:\/\/mundoanimalito.com\/wp-content\/uploads\/2024\/04\/000-3.jpg","width":1500,"height":826,"caption":"Correa IDC Color & Gray con asa y anillo en D, 20 mm x 2 m, Negro-Gris"},{"@type":"BreadcrumbList","@id":"https:\/\/mundoanimalito.com\/index.php\/correa-idc-color-gray-con-asa-y-anillo-en-d-20-mm-x-2-m-negro-gris\/#breadcrumb","itemListElement":[{"@type":"ListItem","position":1,"name":"Portada","item":"https:\/\/mundoanimalito.com\/"},{"@type":"ListItem","position":2,"name":"Correa IDC Color &amp; Gray con asa y anillo en D, 20 mm x 2 m, Negro-Gris"}]},{"@type":"WebSite","@id":"https:\/\/mundoanimalito.com\/#website","url":"https:\/\/mundoanimalito.com\/","name":"Mundo Animalito","description":"Datos y curiosidades de los animales, encuentra ac\u00e1 todo para tu mascota","publisher":{"@id":"https:\/\/mundoanimalito.com\/#organization"},"potentialAction":[{"@type":"SearchAction","target":{"@type":"EntryPoint","urlTemplate":"https:\/\/mundoanimalito.com\/?s={search_term_string}"},"query-input":{"@type":"PropertyValueSpecification","valueRequired":true,"valueName":"search_term_string"}}],"inLanguage":"es"},{"@type":"Organization","@id":"https:\/\/mundoanimalito.com\/#organization","name":"Mundo Animalito","url":"https:\/\/mundoanimalito.com\/","logo":{"@type":"ImageObject","inLanguage":"es","@id":"https:\/\/mundoanimalito.com\/#\/schema\/logo\/image\/","url":"https:\/\/mundoanimalito.com\/wp-content\/uploads\/2023\/10\/cropped-cropped-LOGO-OFICIAL-ULTIMA-VERSION-1.jpg","contentUrl":"https:\/\/mundoanimalito.com\/wp-content\/uploads\/2023\/10\/cropped-cropped-LOGO-OFICIAL-ULTIMA-VERSION-1.jpg","width":374,"height":425,"caption":"Mundo Animalito"},"image":{"@id":"https:\/\/mundoanimalito.com\/#\/schema\/logo\/image\/"},"sameAs":["https:\/\/www.facebook.com\/mundoanimalito77","https:\/\/www.instagram.com\/mundoanimalito77\/","https:\/\/www.tiktok.com\/@mundoanimalito77","https:\/\/www.youtube.com\/channel\/UCLo2JhNUNtHVraDt5aHadew"]}]}},"_links":{"self":[{"href":"https:\/\/mundoanimalito.com\/index.php\/wp-json\/wp\/v2\/pages\/25939","targetHints":{"allow":["GET"]}}],"collection":[{"href":"https:\/\/mundoanimalito.com\/index.php\/wp-json\/wp\/v2\/pages"}],"about":[{"href":"https:\/\/mundoanimalito.com\/index.php\/wp-json\/wp\/v2\/types\/page"}],"author":[{"embeddable":true,"href":"https:\/\/mundoanimalito.com\/index.php\/wp-json\/wp\/v2\/users\/1"}],"replies":[{"embeddable":true,"href":"https:\/\/mundoanimalito.com\/index.php\/wp-json\/wp\/v2\/comments?post=25939"}],"version-history":[{"count":0,"href":"https:\/\/mundoanimalito.com\/index.php\/wp-json\/wp\/v2\/pages\/25939\/revisions"}],"wp:attachment":[{"href":"https:\/\/mundoanimalito.com\/index.php\/wp-json\/wp\/v2\/media?parent=25939"}],"curies":[{"name":"wp","href":"https:\/\/api.w.org\/{rel}","templated":true}]}}