{"id":25475,"date":"2024-04-19T16:03:46","date_gmt":"2024-04-19T21:03:46","guid":{"rendered":"https:\/\/mundoanimalito.com\/?page_id=25475"},"modified":"2024-09-05T09:14:53","modified_gmt":"2024-09-05T14:14:53","slug":"joytale-collar-perro-resistente-collar-perro-mediano","status":"publish","type":"page","link":"https:\/\/mundoanimalito.com\/index.php\/joytale-collar-perro-resistente-collar-perro-mediano\/","title":{"rendered":"Joytale Collar Perro, Resistente Collar Perro Mediano"},"content":{"rendered":"\t\t<div data-elementor-type=\"wp-page\" data-elementor-id=\"25475\" class=\"elementor elementor-25475\" data-elementor-post-type=\"page\">\n\t\t\t\t<div class=\"elementor-element elementor-element-5360cb5 e-flex e-con-boxed e-con e-parent\" data-id=\"5360cb5\" data-element_type=\"container\" data-e-type=\"container\">\n\t\t\t\t\t<div class=\"e-con-inner\">\n\t\t\t\t<div class=\"elementor-element elementor-element-5c35e53 elementor-invisible elementor-widget elementor-widget-heading\" data-id=\"5c35e53\" data-element_type=\"widget\" data-e-type=\"widget\" data-settings=\"{&quot;_animation&quot;:&quot;fadeInDown&quot;}\" data-widget_type=\"heading.default\">\n\t\t\t\t<div class=\"elementor-widget-container\">\n\t\t\t\t\t<h2 class=\"elementor-heading-title elementor-size-default\">\u00bfPor qu\u00e9 elegir nuestro collar para perros? Aqu\u00ed te presentamos todos los beneficios que ofrecemos para ti y tu mascota<\/h2>\t\t\t\t<\/div>\n\t\t\t\t<\/div>\n\t\t\t\t\t<\/div>\n\t\t\t\t<\/div>\n\t\t<div class=\"elementor-element elementor-element-6b34114 e-flex e-con-boxed e-con e-parent\" data-id=\"6b34114\" data-element_type=\"container\" data-e-type=\"container\">\n\t\t\t\t\t<div class=\"e-con-inner\">\n\t\t<div class=\"elementor-element elementor-element-5457ff5 e-con-full e-flex e-con e-child\" data-id=\"5457ff5\" data-element_type=\"container\" data-e-type=\"container\">\n\t\t\t\t<div class=\"elementor-element elementor-element-b834a43 elementor-widget elementor-widget-image\" data-id=\"b834a43\" data-element_type=\"widget\" data-e-type=\"widget\" data-widget_type=\"image.default\">\n\t\t\t\t<div class=\"elementor-widget-container\">\n\t\t\t\t\t\t\t\t\t\t\t\t\t\t\t\t<a href=\"https:\/\/amzn.to\/3QagEx0\" target=\"_blank\">\n\t\t\t\t\t\t\t<img fetchpriority=\"high\" decoding=\"async\" width=\"1013\" height=\"1024\" src=\"https:\/\/mundoanimalito.com\/wp-content\/uploads\/2024\/04\/81ht5l6hTOL._AC_SL1500_-1013x1024.jpg\" class=\"attachment-large size-large wp-image-25462\" alt=\"Joytale Collar Perro, Resistente Collar Perro Mediano, Reflectante Ajustable Collar Perros de Acolchado Neopreno Nylon, Negro, M\" srcset=\"https:\/\/mundoanimalito.com\/wp-content\/uploads\/2024\/04\/81ht5l6hTOL._AC_SL1500_-1013x1024.jpg 1013w, https:\/\/mundoanimalito.com\/wp-content\/uploads\/2024\/04\/81ht5l6hTOL._AC_SL1500_-297x300.jpg 297w, https:\/\/mundoanimalito.com\/wp-content\/uploads\/2024\/04\/81ht5l6hTOL._AC_SL1500_-768x776.jpg 768w, https:\/\/mundoanimalito.com\/wp-content\/uploads\/2024\/04\/81ht5l6hTOL._AC_SL1500_.jpg 1484w\" sizes=\"(max-width: 1013px) 100vw, 1013px\" \/>\t\t\t\t\t\t\t\t<\/a>\n\t\t\t\t\t\t\t\t\t\t\t\t\t\t\t<\/div>\n\t\t\t\t<\/div>\n\t\t\t\t<\/div>\n\t\t<div class=\"elementor-element elementor-element-f2168d9 e-con-full e-flex e-con e-child\" data-id=\"f2168d9\" data-element_type=\"container\" data-e-type=\"container\">\n\t\t\t\t<div class=\"elementor-element elementor-element-7432bb9 elementor-widget elementor-widget-text-editor\" data-id=\"7432bb9\" data-element_type=\"widget\" data-e-type=\"widget\" data-widget_type=\"text-editor.default\">\n\t\t\t\t<div class=\"elementor-widget-container\">\n\t\t\t\t\t\t\t\t\t<p>\ud83d\udccf <strong>Ajuste Perfecto:<\/strong> Con nuestra tabla de tallas detallada, aseguramos que el collar se ajuste de manera \u00f3ptima al cuello de tu perro. \u00a1No m\u00e1s collares demasiado apretados o sueltos!<\/p><p>\u00a0<\/p><p>\ud83d\udee1\ufe0f <strong>Acolchado de Neopreno Suave:<\/strong> El acolchado de neopreno suave garantiza una experiencia c\u00f3moda para tu perro, absorbiendo el impacto y evitando la irritaci\u00f3n en el cuello. \u00a1Tu perro estar\u00e1 encantado con la sensaci\u00f3n de confort en cada paseo!<\/p><p>\u00a0<\/p><p>\ud83c\udf1f <strong>Alta Visibilidad y Durabilidad:<\/strong> Nuestro collar cuenta con costuras reflectantes y una construcci\u00f3n de doble capa para una mayor visibilidad y resistencia. \u00a1Disfruta de paseos nocturnos seguros y sin preocupaciones!<\/p><p>\u00a0<\/p><p>\ud83d\udcaa <strong>Resistencia y Ligereza:<\/strong> Dise\u00f1ado para adaptarse a todas las razas y tama\u00f1os, nuestro collar es resistente pero ligero, perfecto para perros activos y juguetones. La hebilla de metal y los ojales refuerzan la durabilidad, asegurando un uso prolongado.<\/p><p>\u00a0<\/p><p>\ud83d\udd17 <strong>Detalles Pr\u00e1cticos:<\/strong> Con un anillo en D resistente y un lazo para etiquetas, nuestro collar ofrece una sujeci\u00f3n segura para la correa y la identificaci\u00f3n de tu perro. \u00a1Combina accesorios para hacer destacar a tu peludo amigo!<\/p>\t\t\t\t\t\t\t\t<\/div>\n\t\t\t\t<\/div>\n\t\t\t\t<\/div>\n\t\t\t\t\t<\/div>\n\t\t\t\t<\/div>\n\t\t<div class=\"elementor-element elementor-element-c5fcf96 e-flex e-con-boxed e-con e-parent\" data-id=\"c5fcf96\" data-element_type=\"container\" data-e-type=\"container\">\n\t\t\t\t\t<div class=\"e-con-inner\">\n\t\t\t\t<div class=\"elementor-element elementor-element-972367a elementor-widget elementor-widget-text-editor\" data-id=\"972367a\" data-element_type=\"widget\" data-e-type=\"widget\" data-widget_type=\"text-editor.default\">\n\t\t\t\t<div class=\"elementor-widget-container\">\n\t\t\t\t\t\t\t\t\t<p>En Joytale, nos esforzamos por mejorar la experiencia de los paseos para ti y tu perro. Nuestro collar est\u00e1 dise\u00f1ado para ofrecer conveniencia, seguridad y comodidad en cada aventura juntos. Con millones de clientes satisfechos respaldando nuestra calidad, puedes confiar en Joytale para potenciar la relaci\u00f3n entre t\u00fa y tu fiel compa\u00f1ero. \u00a1Haz clic en \u00abComprar Ahora\u00bb y lleva la experiencia de pasear a tu perro al siguiente nivel con Joytale!<\/p>\t\t\t\t\t\t\t\t<\/div>\n\t\t\t\t<\/div>\n\t\t\t\t<div class=\"elementor-element elementor-element-86d626d elementor-align-right elementor-widget elementor-widget-button\" data-id=\"86d626d\" data-element_type=\"widget\" data-e-type=\"widget\" data-widget_type=\"button.default\">\n\t\t\t\t<div class=\"elementor-widget-container\">\n\t\t\t\t\t\t\t\t\t<div class=\"elementor-button-wrapper\">\n\t\t\t\t\t<a class=\"elementor-button elementor-button-link elementor-size-sm\" href=\"https:\/\/amzn.to\/3QagEx0\" target=\"_blank\">\n\t\t\t\t\t\t<span class=\"elementor-button-content-wrapper\">\n\t\t\t\t\t\t\t\t\t<span class=\"elementor-button-text\">Compra ahora en Amazon<\/span>\n\t\t\t\t\t<\/span>\n\t\t\t\t\t<\/a>\n\t\t\t\t<\/div>\n\t\t\t\t\t\t\t\t<\/div>\n\t\t\t\t<\/div>\n\t\t\t\t\t<\/div>\n\t\t\t\t<\/div>\n\t\t<div class=\"elementor-element elementor-element-63c9a16 e-flex e-con-boxed e-con e-parent\" data-id=\"63c9a16\" data-element_type=\"container\" data-e-type=\"container\">\n\t\t\t\t\t<div class=\"e-con-inner\">\n\t\t\t\t<div class=\"elementor-element elementor-element-0cac46b elementor-arrows-position-inside elementor-pagination-position-outside elementor-widget elementor-widget-image-carousel\" data-id=\"0cac46b\" data-element_type=\"widget\" data-e-type=\"widget\" data-settings=\"{&quot;slides_to_show&quot;:&quot;1&quot;,&quot;navigation&quot;:&quot;both&quot;,&quot;autoplay&quot;:&quot;yes&quot;,&quot;pause_on_hover&quot;:&quot;yes&quot;,&quot;pause_on_interaction&quot;:&quot;yes&quot;,&quot;autoplay_speed&quot;:5000,&quot;infinite&quot;:&quot;yes&quot;,&quot;effect&quot;:&quot;slide&quot;,&quot;speed&quot;:500}\" data-widget_type=\"image-carousel.default\">\n\t\t\t\t<div class=\"elementor-widget-container\">\n\t\t\t\t\t\t\t<div class=\"elementor-image-carousel-wrapper swiper\" role=\"region\" aria-roledescription=\"carousel\" aria-label=\"Carrusel de im\u00e1genes\" dir=\"ltr\">\n\t\t\t<div class=\"elementor-image-carousel swiper-wrapper\" aria-live=\"off\">\n\t\t\t\t\t\t\t\t<div class=\"swiper-slide\" role=\"group\" aria-roledescription=\"slide\" aria-label=\"1 de 5\"><figure class=\"swiper-slide-inner\"><img decoding=\"async\" class=\"swiper-slide-image\" src=\"https:\/\/mundoanimalito.com\/wp-content\/uploads\/2024\/04\/71qsFE9nOtL._AC_SL1500_-768x739.jpg\" alt=\"Joytale Collar Perro, Resistente Collar Perro Mediano, Reflectante Ajustable Collar Perros de Acolchado Neopreno Nylon, Negro, M\" \/><\/figure><\/div><div class=\"swiper-slide\" role=\"group\" aria-roledescription=\"slide\" aria-label=\"2 de 5\"><figure class=\"swiper-slide-inner\"><img decoding=\"async\" class=\"swiper-slide-image\" src=\"https:\/\/mundoanimalito.com\/wp-content\/uploads\/2024\/04\/71dUPATtvfL._AC_SL1500_-768x768.jpg\" alt=\"Joytale Collar Perro, Resistente Collar Perro Mediano, Reflectante Ajustable Collar Perros de Acolchado Neopreno Nylon, Negro, M\" \/><\/figure><\/div><div class=\"swiper-slide\" role=\"group\" aria-roledescription=\"slide\" aria-label=\"3 de 5\"><figure class=\"swiper-slide-inner\"><img decoding=\"async\" class=\"swiper-slide-image\" src=\"https:\/\/mundoanimalito.com\/wp-content\/uploads\/2024\/04\/61mwvJ0zhsL._AC_SL1500_-768x768.jpg\" alt=\"Joytale Collar Perro, Resistente Collar Perro Mediano, Reflectante Ajustable Collar Perros de Acolchado Neopreno Nylon, Negro, M\" \/><\/figure><\/div><div class=\"swiper-slide\" role=\"group\" aria-roledescription=\"slide\" aria-label=\"4 de 5\"><figure class=\"swiper-slide-inner\"><img decoding=\"async\" class=\"swiper-slide-image\" src=\"https:\/\/mundoanimalito.com\/wp-content\/uploads\/2024\/04\/61C9B19lOYL._AC_SL1500_-768x742.jpg\" alt=\"Joytale Collar Perro, Resistente Collar Perro Mediano, Reflectante Ajustable Collar Perros de Acolchado Neopreno Nylon, Negro, M\" \/><\/figure><\/div><div class=\"swiper-slide\" role=\"group\" aria-roledescription=\"slide\" aria-label=\"5 de 5\"><figure class=\"swiper-slide-inner\"><img decoding=\"async\" class=\"swiper-slide-image\" src=\"https:\/\/mundoanimalito.com\/wp-content\/uploads\/2024\/04\/71oYM9wBaVL._AC_SL1500_-768x720.jpg\" alt=\"Joytale Collar Perro, Resistente Collar Perro Mediano, Reflectante Ajustable Collar Perros de Acolchado Neopreno Nylon, Negro, M\" \/><\/figure><\/div>\t\t\t<\/div>\n\t\t\t\t\t\t\t\t\t\t\t\t<div class=\"elementor-swiper-button elementor-swiper-button-prev\" role=\"button\" tabindex=\"0\">\n\t\t\t\t\t\t<i aria-hidden=\"true\" class=\"eicon-chevron-left\"><\/i>\t\t\t\t\t<\/div>\n\t\t\t\t\t<div class=\"elementor-swiper-button elementor-swiper-button-next\" role=\"button\" tabindex=\"0\">\n\t\t\t\t\t\t<i aria-hidden=\"true\" class=\"eicon-chevron-right\"><\/i>\t\t\t\t\t<\/div>\n\t\t\t\t\n\t\t\t\t\t\t\t\t\t<div class=\"swiper-pagination\"><\/div>\n\t\t\t\t\t\t\t\t\t<\/div>\n\t\t\t\t\t\t<\/div>\n\t\t\t\t<\/div>\n\t\t\t\t\t<\/div>\n\t\t\t\t<\/div>\n\t\t<div class=\"elementor-element elementor-element-528ca24 e-flex e-con-boxed e-con e-parent\" data-id=\"528ca24\" data-element_type=\"container\" data-e-type=\"container\">\n\t\t\t\t\t<div class=\"e-con-inner\">\n\t\t\t\t<div class=\"elementor-element elementor-element-e281225 elementor-align-right elementor-widget elementor-widget-button\" data-id=\"e281225\" data-element_type=\"widget\" data-e-type=\"widget\" data-widget_type=\"button.default\">\n\t\t\t\t<div class=\"elementor-widget-container\">\n\t\t\t\t\t\t\t\t\t<div class=\"elementor-button-wrapper\">\n\t\t\t\t\t<a class=\"elementor-button elementor-button-link elementor-size-sm\" href=\"https:\/\/amzn.to\/3QagEx0\" target=\"_blank\">\n\t\t\t\t\t\t<span class=\"elementor-button-content-wrapper\">\n\t\t\t\t\t\t\t\t\t<span class=\"elementor-button-text\">Compra ahora en Amazon<\/span>\n\t\t\t\t\t<\/span>\n\t\t\t\t\t<\/a>\n\t\t\t\t<\/div>\n\t\t\t\t\t\t\t\t<\/div>\n\t\t\t\t<\/div>\n\t\t\t\t\t<\/div>\n\t\t\t\t<\/div>\n\t\t\t\t<\/div>\n\t\t","protected":false},"excerpt":{"rendered":"<p>\u00bfPor qu\u00e9 elegir nuestro collar para perros? Aqu\u00ed te presentamos todos los beneficios que ofrecemos para ti y tu mascota \ud83d\udccf Ajuste Perfecto: Con nuestra tabla de tallas detallada, aseguramos que el collar se ajuste de manera \u00f3ptima al cuello de tu perro. \u00a1No m\u00e1s collares demasiado apretados o sueltos! \u00a0 \ud83d\udee1\ufe0f Acolchado de Neopreno [&hellip;]<\/p>\n","protected":false},"author":1,"featured_media":0,"parent":0,"menu_order":0,"comment_status":"closed","ping_status":"closed","template":"","meta":{"site-sidebar-layout":"no-sidebar","site-content-layout":"page-builder","ast-site-content-layout":"full-width-container","site-content-style":"default","site-sidebar-style":"default","ast-global-header-display":"","ast-banner-title-visibility":"","ast-main-header-display":"","ast-hfb-above-header-display":"","ast-hfb-below-header-display":"","ast-hfb-mobile-header-display":"","site-post-title":"disabled","ast-breadcrumbs-content":"","ast-featured-img":"disabled","footer-sml-layout":"","ast-disable-related-posts":"","theme-transparent-header-meta":"","adv-header-id-meta":"","stick-header-meta":"","header-above-stick-meta":"","header-main-stick-meta":"","header-below-stick-meta":"","astra-migrate-meta-layouts":"set","ast-page-background-enabled":"default","ast-page-background-meta":{"desktop":{"background-color":"var(--ast-global-color-4)","background-image":"","background-repeat":"repeat","background-position":"center center","background-size":"auto","background-attachment":"scroll","background-type":"","background-media":"","overlay-type":"","overlay-color":"","overlay-opacity":"","overlay-gradient":""},"tablet":{"background-color":"","background-image":"","background-repeat":"repeat","background-position":"center center","background-size":"auto","background-attachment":"scroll","background-type":"","background-media":"","overlay-type":"","overlay-color":"","overlay-opacity":"","overlay-gradient":""},"mobile":{"background-color":"","background-image":"","background-repeat":"repeat","background-position":"center center","background-size":"auto","background-attachment":"scroll","background-type":"","background-media":"","overlay-type":"","overlay-color":"","overlay-opacity":"","overlay-gradient":""}},"ast-content-background-meta":{"desktop":{"background-color":"var(--ast-global-color-5)","background-image":"","background-repeat":"repeat","background-position":"center center","background-size":"auto","background-attachment":"scroll","background-type":"","background-media":"","overlay-type":"","overlay-color":"","overlay-opacity":"","overlay-gradient":""},"tablet":{"background-color":"var(--ast-global-color-5)","background-image":"","background-repeat":"repeat","background-position":"center center","background-size":"auto","background-attachment":"scroll","background-type":"","background-media":"","overlay-type":"","overlay-color":"","overlay-opacity":"","overlay-gradient":""},"mobile":{"background-color":"var(--ast-global-color-5)","background-image":"","background-repeat":"repeat","background-position":"center center","background-size":"auto","background-attachment":"scroll","background-type":"","background-media":"","overlay-type":"","overlay-color":"","overlay-opacity":"","overlay-gradient":""}},"footnotes":""},"class_list":["post-25475","page","type-page","status-publish","hentry"],"yoast_head":"<!-- This site is optimized with the Yoast SEO plugin v27.4 - https:\/\/yoast.com\/product\/yoast-seo-wordpress\/ -->\n<title>Joytale Collar Perro, Resistente Collar Perro Mediano | Mundo Animalito<\/title>\n<meta name=\"description\" content=\"Joytale Collar Perro, Resistente Collar Perro Mediano, Reflectante Ajustable Collar Perros de Acolchado Neopreno Nylon, Negro, M\" \/>\n<meta name=\"robots\" content=\"index, follow, max-snippet:-1, max-image-preview:large, max-video-preview:-1\" \/>\n<link rel=\"canonical\" href=\"https:\/\/mundoanimalito.com\/index.php\/joytale-collar-perro-resistente-collar-perro-mediano\/\" \/>\n<meta property=\"og:locale\" content=\"es_ES\" \/>\n<meta property=\"og:type\" content=\"article\" \/>\n<meta property=\"og:title\" content=\"Joytale Collar Perro, Resistente Collar Perro Mediano | Mundo Animalito\" \/>\n<meta property=\"og:description\" content=\"Joytale Collar Perro, Resistente Collar Perro Mediano, Reflectante Ajustable Collar Perros de Acolchado Neopreno Nylon, Negro, M\" \/>\n<meta property=\"og:url\" content=\"https:\/\/mundoanimalito.com\/index.php\/joytale-collar-perro-resistente-collar-perro-mediano\/\" \/>\n<meta property=\"og:site_name\" content=\"Mundo Animalito\" \/>\n<meta property=\"article:publisher\" content=\"https:\/\/www.facebook.com\/mundoanimalito77\" \/>\n<meta property=\"article:modified_time\" content=\"2024-09-05T14:14:53+00:00\" \/>\n<meta property=\"og:image\" content=\"https:\/\/mundoanimalito.com\/wp-content\/uploads\/2024\/04\/81ht5l6hTOL._AC_SL1500_-1013x1024.jpg\" \/>\n<meta name=\"twitter:card\" content=\"summary_large_image\" \/>\n<meta name=\"twitter:label1\" content=\"Tiempo de lectura\" \/>\n\t<meta name=\"twitter:data1\" content=\"3 minutos\" \/>\n<script type=\"application\/ld+json\" class=\"yoast-schema-graph\">{\"@context\":\"https:\\\/\\\/schema.org\",\"@graph\":[{\"@type\":\"WebPage\",\"@id\":\"https:\\\/\\\/mundoanimalito.com\\\/index.php\\\/joytale-collar-perro-resistente-collar-perro-mediano\\\/\",\"url\":\"https:\\\/\\\/mundoanimalito.com\\\/index.php\\\/joytale-collar-perro-resistente-collar-perro-mediano\\\/\",\"name\":\"Joytale Collar Perro, Resistente Collar Perro Mediano | Mundo Animalito\",\"isPartOf\":{\"@id\":\"https:\\\/\\\/mundoanimalito.com\\\/#website\"},\"primaryImageOfPage\":{\"@id\":\"https:\\\/\\\/mundoanimalito.com\\\/index.php\\\/joytale-collar-perro-resistente-collar-perro-mediano\\\/#primaryimage\"},\"image\":{\"@id\":\"https:\\\/\\\/mundoanimalito.com\\\/index.php\\\/joytale-collar-perro-resistente-collar-perro-mediano\\\/#primaryimage\"},\"thumbnailUrl\":\"https:\\\/\\\/mundoanimalito.com\\\/wp-content\\\/uploads\\\/2024\\\/04\\\/81ht5l6hTOL._AC_SL1500_-1013x1024.jpg\",\"datePublished\":\"2024-04-19T21:03:46+00:00\",\"dateModified\":\"2024-09-05T14:14:53+00:00\",\"description\":\"Joytale Collar Perro, Resistente Collar Perro Mediano, Reflectante Ajustable Collar Perros de Acolchado Neopreno Nylon, Negro, M\",\"breadcrumb\":{\"@id\":\"https:\\\/\\\/mundoanimalito.com\\\/index.php\\\/joytale-collar-perro-resistente-collar-perro-mediano\\\/#breadcrumb\"},\"inLanguage\":\"es\",\"potentialAction\":[{\"@type\":\"ReadAction\",\"target\":[\"https:\\\/\\\/mundoanimalito.com\\\/index.php\\\/joytale-collar-perro-resistente-collar-perro-mediano\\\/\"]}]},{\"@type\":\"ImageObject\",\"inLanguage\":\"es\",\"@id\":\"https:\\\/\\\/mundoanimalito.com\\\/index.php\\\/joytale-collar-perro-resistente-collar-perro-mediano\\\/#primaryimage\",\"url\":\"https:\\\/\\\/mundoanimalito.com\\\/wp-content\\\/uploads\\\/2024\\\/04\\\/81ht5l6hTOL._AC_SL1500_.jpg\",\"contentUrl\":\"https:\\\/\\\/mundoanimalito.com\\\/wp-content\\\/uploads\\\/2024\\\/04\\\/81ht5l6hTOL._AC_SL1500_.jpg\",\"width\":1484,\"height\":1500,\"caption\":\"Joytale Collar Perro, Resistente Collar Perro Mediano, Reflectante Ajustable Collar Perros de Acolchado Neopreno Nylon, Negro, M\"},{\"@type\":\"BreadcrumbList\",\"@id\":\"https:\\\/\\\/mundoanimalito.com\\\/index.php\\\/joytale-collar-perro-resistente-collar-perro-mediano\\\/#breadcrumb\",\"itemListElement\":[{\"@type\":\"ListItem\",\"position\":1,\"name\":\"Portada\",\"item\":\"https:\\\/\\\/mundoanimalito.com\\\/\"},{\"@type\":\"ListItem\",\"position\":2,\"name\":\"Joytale Collar Perro, Resistente Collar Perro Mediano\"}]},{\"@type\":\"WebSite\",\"@id\":\"https:\\\/\\\/mundoanimalito.com\\\/#website\",\"url\":\"https:\\\/\\\/mundoanimalito.com\\\/\",\"name\":\"Mundo Animalito\",\"description\":\"Datos y curiosidades de los animales, encuentra ac\u00e1 todo para tu mascota\",\"publisher\":{\"@id\":\"https:\\\/\\\/mundoanimalito.com\\\/#organization\"},\"potentialAction\":[{\"@type\":\"SearchAction\",\"target\":{\"@type\":\"EntryPoint\",\"urlTemplate\":\"https:\\\/\\\/mundoanimalito.com\\\/?s={search_term_string}\"},\"query-input\":{\"@type\":\"PropertyValueSpecification\",\"valueRequired\":true,\"valueName\":\"search_term_string\"}}],\"inLanguage\":\"es\"},{\"@type\":\"Organization\",\"@id\":\"https:\\\/\\\/mundoanimalito.com\\\/#organization\",\"name\":\"Mundo Animalito\",\"url\":\"https:\\\/\\\/mundoanimalito.com\\\/\",\"logo\":{\"@type\":\"ImageObject\",\"inLanguage\":\"es\",\"@id\":\"https:\\\/\\\/mundoanimalito.com\\\/#\\\/schema\\\/logo\\\/image\\\/\",\"url\":\"https:\\\/\\\/mundoanimalito.com\\\/wp-content\\\/uploads\\\/2023\\\/10\\\/cropped-cropped-LOGO-OFICIAL-ULTIMA-VERSION-1.jpg\",\"contentUrl\":\"https:\\\/\\\/mundoanimalito.com\\\/wp-content\\\/uploads\\\/2023\\\/10\\\/cropped-cropped-LOGO-OFICIAL-ULTIMA-VERSION-1.jpg\",\"width\":374,\"height\":425,\"caption\":\"Mundo Animalito\"},\"image\":{\"@id\":\"https:\\\/\\\/mundoanimalito.com\\\/#\\\/schema\\\/logo\\\/image\\\/\"},\"sameAs\":[\"https:\\\/\\\/www.facebook.com\\\/mundoanimalito77\",\"https:\\\/\\\/www.instagram.com\\\/mundoanimalito77\\\/\",\"https:\\\/\\\/www.tiktok.com\\\/@mundoanimalito77\",\"https:\\\/\\\/www.youtube.com\\\/channel\\\/UCLo2JhNUNtHVraDt5aHadew\"]}]}<\/script>\n<!-- \/ Yoast SEO plugin. -->","yoast_head_json":{"title":"Joytale Collar Perro, Resistente Collar Perro Mediano | Mundo Animalito","description":"Joytale Collar Perro, Resistente Collar Perro Mediano, Reflectante Ajustable Collar Perros de Acolchado Neopreno Nylon, Negro, M","robots":{"index":"index","follow":"follow","max-snippet":"max-snippet:-1","max-image-preview":"max-image-preview:large","max-video-preview":"max-video-preview:-1"},"canonical":"https:\/\/mundoanimalito.com\/index.php\/joytale-collar-perro-resistente-collar-perro-mediano\/","og_locale":"es_ES","og_type":"article","og_title":"Joytale Collar Perro, Resistente Collar Perro Mediano | Mundo Animalito","og_description":"Joytale Collar Perro, Resistente Collar Perro Mediano, Reflectante Ajustable Collar Perros de Acolchado Neopreno Nylon, Negro, M","og_url":"https:\/\/mundoanimalito.com\/index.php\/joytale-collar-perro-resistente-collar-perro-mediano\/","og_site_name":"Mundo Animalito","article_publisher":"https:\/\/www.facebook.com\/mundoanimalito77","article_modified_time":"2024-09-05T14:14:53+00:00","og_image":[{"url":"https:\/\/mundoanimalito.com\/wp-content\/uploads\/2024\/04\/81ht5l6hTOL._AC_SL1500_-1013x1024.jpg","type":"","width":"","height":""}],"twitter_card":"summary_large_image","twitter_misc":{"Tiempo de lectura":"3 minutos"},"schema":{"@context":"https:\/\/schema.org","@graph":[{"@type":"WebPage","@id":"https:\/\/mundoanimalito.com\/index.php\/joytale-collar-perro-resistente-collar-perro-mediano\/","url":"https:\/\/mundoanimalito.com\/index.php\/joytale-collar-perro-resistente-collar-perro-mediano\/","name":"Joytale Collar Perro, Resistente Collar Perro Mediano | Mundo Animalito","isPartOf":{"@id":"https:\/\/mundoanimalito.com\/#website"},"primaryImageOfPage":{"@id":"https:\/\/mundoanimalito.com\/index.php\/joytale-collar-perro-resistente-collar-perro-mediano\/#primaryimage"},"image":{"@id":"https:\/\/mundoanimalito.com\/index.php\/joytale-collar-perro-resistente-collar-perro-mediano\/#primaryimage"},"thumbnailUrl":"https:\/\/mundoanimalito.com\/wp-content\/uploads\/2024\/04\/81ht5l6hTOL._AC_SL1500_-1013x1024.jpg","datePublished":"2024-04-19T21:03:46+00:00","dateModified":"2024-09-05T14:14:53+00:00","description":"Joytale Collar Perro, Resistente Collar Perro Mediano, Reflectante Ajustable Collar Perros de Acolchado Neopreno Nylon, Negro, M","breadcrumb":{"@id":"https:\/\/mundoanimalito.com\/index.php\/joytale-collar-perro-resistente-collar-perro-mediano\/#breadcrumb"},"inLanguage":"es","potentialAction":[{"@type":"ReadAction","target":["https:\/\/mundoanimalito.com\/index.php\/joytale-collar-perro-resistente-collar-perro-mediano\/"]}]},{"@type":"ImageObject","inLanguage":"es","@id":"https:\/\/mundoanimalito.com\/index.php\/joytale-collar-perro-resistente-collar-perro-mediano\/#primaryimage","url":"https:\/\/mundoanimalito.com\/wp-content\/uploads\/2024\/04\/81ht5l6hTOL._AC_SL1500_.jpg","contentUrl":"https:\/\/mundoanimalito.com\/wp-content\/uploads\/2024\/04\/81ht5l6hTOL._AC_SL1500_.jpg","width":1484,"height":1500,"caption":"Joytale Collar Perro, Resistente Collar Perro Mediano, Reflectante Ajustable Collar Perros de Acolchado Neopreno Nylon, Negro, M"},{"@type":"BreadcrumbList","@id":"https:\/\/mundoanimalito.com\/index.php\/joytale-collar-perro-resistente-collar-perro-mediano\/#breadcrumb","itemListElement":[{"@type":"ListItem","position":1,"name":"Portada","item":"https:\/\/mundoanimalito.com\/"},{"@type":"ListItem","position":2,"name":"Joytale Collar Perro, Resistente Collar Perro Mediano"}]},{"@type":"WebSite","@id":"https:\/\/mundoanimalito.com\/#website","url":"https:\/\/mundoanimalito.com\/","name":"Mundo Animalito","description":"Datos y curiosidades de los animales, encuentra ac\u00e1 todo para tu mascota","publisher":{"@id":"https:\/\/mundoanimalito.com\/#organization"},"potentialAction":[{"@type":"SearchAction","target":{"@type":"EntryPoint","urlTemplate":"https:\/\/mundoanimalito.com\/?s={search_term_string}"},"query-input":{"@type":"PropertyValueSpecification","valueRequired":true,"valueName":"search_term_string"}}],"inLanguage":"es"},{"@type":"Organization","@id":"https:\/\/mundoanimalito.com\/#organization","name":"Mundo Animalito","url":"https:\/\/mundoanimalito.com\/","logo":{"@type":"ImageObject","inLanguage":"es","@id":"https:\/\/mundoanimalito.com\/#\/schema\/logo\/image\/","url":"https:\/\/mundoanimalito.com\/wp-content\/uploads\/2023\/10\/cropped-cropped-LOGO-OFICIAL-ULTIMA-VERSION-1.jpg","contentUrl":"https:\/\/mundoanimalito.com\/wp-content\/uploads\/2023\/10\/cropped-cropped-LOGO-OFICIAL-ULTIMA-VERSION-1.jpg","width":374,"height":425,"caption":"Mundo Animalito"},"image":{"@id":"https:\/\/mundoanimalito.com\/#\/schema\/logo\/image\/"},"sameAs":["https:\/\/www.facebook.com\/mundoanimalito77","https:\/\/www.instagram.com\/mundoanimalito77\/","https:\/\/www.tiktok.com\/@mundoanimalito77","https:\/\/www.youtube.com\/channel\/UCLo2JhNUNtHVraDt5aHadew"]}]}},"_links":{"self":[{"href":"https:\/\/mundoanimalito.com\/index.php\/wp-json\/wp\/v2\/pages\/25475","targetHints":{"allow":["GET"]}}],"collection":[{"href":"https:\/\/mundoanimalito.com\/index.php\/wp-json\/wp\/v2\/pages"}],"about":[{"href":"https:\/\/mundoanimalito.com\/index.php\/wp-json\/wp\/v2\/types\/page"}],"author":[{"embeddable":true,"href":"https:\/\/mundoanimalito.com\/index.php\/wp-json\/wp\/v2\/users\/1"}],"replies":[{"embeddable":true,"href":"https:\/\/mundoanimalito.com\/index.php\/wp-json\/wp\/v2\/comments?post=25475"}],"version-history":[{"count":0,"href":"https:\/\/mundoanimalito.com\/index.php\/wp-json\/wp\/v2\/pages\/25475\/revisions"}],"wp:attachment":[{"href":"https:\/\/mundoanimalito.com\/index.php\/wp-json\/wp\/v2\/media?parent=25475"}],"curies":[{"name":"wp","href":"https:\/\/api.w.org\/{rel}","templated":true}]}}