{"id":25323,"date":"2024-04-19T15:35:11","date_gmt":"2024-04-19T20:35:11","guid":{"rendered":"https:\/\/mundoanimalito.com\/?page_id=25323"},"modified":"2024-09-04T11:27:06","modified_gmt":"2024-09-04T16:27:06","slug":"collar-color-gray-con-la-manija-la-cerradura-de-seguridad-y-el-remiendo-intercambiables","status":"publish","type":"page","link":"https:\/\/mundoanimalito.com\/index.php\/collar-color-gray-con-la-manija-la-cerradura-de-seguridad-y-el-remiendo-intercambiables\/","title":{"rendered":"Collar Color &amp; Gray con la manija, la cerradura de seguridad y el remiendo intercambiables"},"content":{"rendered":"\t\t<div data-elementor-type=\"wp-page\" data-elementor-id=\"25323\" class=\"elementor elementor-25323\" data-elementor-post-type=\"page\">\n\t\t\t\t<div class=\"elementor-element elementor-element-acbf6af e-flex e-con-boxed e-con e-parent\" data-id=\"acbf6af\" data-element_type=\"container\" data-e-type=\"container\">\n\t\t\t\t\t<div class=\"e-con-inner\">\n\t\t\t\t<div class=\"elementor-element elementor-element-092a1b7 elementor-invisible elementor-widget elementor-widget-heading\" data-id=\"092a1b7\" data-element_type=\"widget\" data-e-type=\"widget\" data-settings=\"{&quot;_animation&quot;:&quot;fadeInDown&quot;}\" data-widget_type=\"heading.default\">\n\t\t\t\t<div class=\"elementor-widget-container\">\n\t\t\t\t\t<h2 class=\"elementor-heading-title elementor-size-default\">Descubre este collar innovador dise\u00f1ado para brindar lo mejor en seguridad y comodidad para tu perro. Aqu\u00ed est\u00e1n los beneficios que este collar excepcional ofrece<\/h2>\t\t\t\t<\/div>\n\t\t\t\t<\/div>\n\t\t\t\t\t<\/div>\n\t\t\t\t<\/div>\n\t\t<div class=\"elementor-element elementor-element-49759ff e-flex e-con-boxed e-con e-parent\" data-id=\"49759ff\" data-element_type=\"container\" data-e-type=\"container\">\n\t\t\t\t\t<div class=\"e-con-inner\">\n\t\t<div class=\"elementor-element elementor-element-57f50d9 e-con-full e-flex e-con e-child\" data-id=\"57f50d9\" data-element_type=\"container\" data-e-type=\"container\">\n\t\t\t\t<div class=\"elementor-element elementor-element-662bbc8 elementor-widget elementor-widget-image\" data-id=\"662bbc8\" data-element_type=\"widget\" data-e-type=\"widget\" data-widget_type=\"image.default\">\n\t\t\t\t<div class=\"elementor-widget-container\">\n\t\t\t\t\t\t\t\t\t\t\t\t\t\t\t\t<a href=\"https:\/\/amzn.to\/4aX0m2V\" target=\"_blank\">\n\t\t\t\t\t\t\t<img fetchpriority=\"high\" decoding=\"async\" width=\"616\" height=\"1024\" src=\"https:\/\/mundoanimalito.com\/wp-content\/uploads\/2024\/04\/718hskSolPL._AC_SL1500_-616x1024.jpg\" class=\"attachment-large size-large wp-image-25304\" alt=\"Collar Color &amp; Gray con la manija, la cerradura de seguridad y el remiendo intercambiables, 50 mm (49-70 cm), Negro-Gris\" srcset=\"https:\/\/mundoanimalito.com\/wp-content\/uploads\/2024\/04\/718hskSolPL._AC_SL1500_-616x1024.jpg 616w, https:\/\/mundoanimalito.com\/wp-content\/uploads\/2024\/04\/718hskSolPL._AC_SL1500_-181x300.jpg 181w, https:\/\/mundoanimalito.com\/wp-content\/uploads\/2024\/04\/718hskSolPL._AC_SL1500_-768x1276.jpg 768w, https:\/\/mundoanimalito.com\/wp-content\/uploads\/2024\/04\/718hskSolPL._AC_SL1500_.jpg 903w\" sizes=\"(max-width: 616px) 100vw, 616px\" \/>\t\t\t\t\t\t\t\t<\/a>\n\t\t\t\t\t\t\t\t\t\t\t\t\t\t\t<\/div>\n\t\t\t\t<\/div>\n\t\t\t\t<\/div>\n\t\t<div class=\"elementor-element elementor-element-1416981 e-con-full e-flex e-con e-child\" data-id=\"1416981\" data-element_type=\"container\" data-e-type=\"container\">\n\t\t\t\t<div class=\"elementor-element elementor-element-5586d55 elementor-widget elementor-widget-text-editor\" data-id=\"5586d55\" data-element_type=\"widget\" data-e-type=\"widget\" data-widget_type=\"text-editor.default\">\n\t\t\t\t<div class=\"elementor-widget-container\">\n\t\t\t\t\t\t\t\t\t<p>\u2705 <strong>Tama\u00f1o Ajustable:<\/strong> Con una circunferencia del cuello de 49-70 cm, este collar se adapta perfectamente a perros de diferentes tama\u00f1os, asegurando un ajuste c\u00f3modo y seguro. \u00a1Encuentra el tama\u00f1o perfecto para tu compa\u00f1ero peludo y haz que cada paseo sea una experiencia placentera!<\/p><p>\u00a0<\/p><p>\ud83c\udf08 <strong>Estilo y Personalidad:<\/strong> El llamativo color del collar a\u00f1ade un toque de estilo a tus paseos diarios con tu perro. Adem\u00e1s, la opci\u00f3n de personalizarlo con r\u00f3tulos de velcro te permite expresar la personalidad \u00fanica de tu mascota o agregar informaci\u00f3n \u00fatil, como su nombre o n\u00famero de contacto en caso de emergencia.<\/p><p>\u00a0<\/p><p>\ud83d\udd12 <strong>Resistente y Seguro:<\/strong> Equipado con una manija que facilita el control de tu perro, este collar tambi\u00e9n cuenta con un cierre de seguridad para mayor tranquilidad. Su durabilidad y resistencia est\u00e1n garantizadas por las correas de alta calidad y la certificaci\u00f3n OEKO-TEX, brindando un nivel excepcional de seguridad para tu mascota.<\/p><p>\u00a0<\/p><p>\ud83d\udd04 <strong>F\u00e1cil de Personalizar:<\/strong> Con un dise\u00f1o \u00fanico que permite cambiar los parches de velcro, ahora puedes a\u00f1adir parches frescos al collar de tu perro. Expresa su estado de \u00e1nimo, intereses o simplemente a\u00f1ade un toque de diversi\u00f3n a cada salida.<\/p><p>\u00a0<\/p><p>\ud83d\udee1\ufe0f <strong>Alta Calidad y Confort:<\/strong> Fabricado con materiales de primera calidad, este collar ofrece la combinaci\u00f3n perfecta de resistencia y comodidad. Su asa ajustable y el cierre de velcro garantizan un ajuste seguro y c\u00f3modo para tu perro en todo momento.<\/p><p>\u00a0<\/p><p>\u00a1No esperes m\u00e1s para darle a tu perro el collar que se merece! Haz clic en \u00abComprar Ahora\u00bb y lleva a casa el Collar Color &amp; Gray para disfrutar de paseos seguros, c\u00f3modos y llenos de estilo junto a tu compa\u00f1ero peludo.<\/p>\t\t\t\t\t\t\t\t<\/div>\n\t\t\t\t<\/div>\n\t\t\t\t<div class=\"elementor-element elementor-element-9a0116c elementor-align-right elementor-widget elementor-widget-button\" data-id=\"9a0116c\" data-element_type=\"widget\" data-e-type=\"widget\" data-widget_type=\"button.default\">\n\t\t\t\t<div class=\"elementor-widget-container\">\n\t\t\t\t\t\t\t\t\t<div class=\"elementor-button-wrapper\">\n\t\t\t\t\t<a class=\"elementor-button elementor-button-link elementor-size-sm\" href=\"https:\/\/amzn.to\/4aX0m2V\" target=\"_blank\">\n\t\t\t\t\t\t<span class=\"elementor-button-content-wrapper\">\n\t\t\t\t\t\t\t\t\t<span class=\"elementor-button-text\">Compra ahora en Amazon<\/span>\n\t\t\t\t\t<\/span>\n\t\t\t\t\t<\/a>\n\t\t\t\t<\/div>\n\t\t\t\t\t\t\t\t<\/div>\n\t\t\t\t<\/div>\n\t\t\t\t<\/div>\n\t\t\t\t\t<\/div>\n\t\t\t\t<\/div>\n\t\t<div class=\"elementor-element elementor-element-d3cb3b9 e-flex e-con-boxed e-con e-parent\" data-id=\"d3cb3b9\" data-element_type=\"container\" data-e-type=\"container\">\n\t\t\t\t\t<div class=\"e-con-inner\">\n\t\t\t\t<div class=\"elementor-element elementor-element-0d823e4 elementor-arrows-position-inside elementor-pagination-position-outside elementor-widget elementor-widget-image-carousel\" data-id=\"0d823e4\" data-element_type=\"widget\" data-e-type=\"widget\" data-settings=\"{&quot;slides_to_show&quot;:&quot;1&quot;,&quot;navigation&quot;:&quot;both&quot;,&quot;autoplay&quot;:&quot;yes&quot;,&quot;pause_on_hover&quot;:&quot;yes&quot;,&quot;pause_on_interaction&quot;:&quot;yes&quot;,&quot;autoplay_speed&quot;:5000,&quot;infinite&quot;:&quot;yes&quot;,&quot;effect&quot;:&quot;slide&quot;,&quot;speed&quot;:500}\" data-widget_type=\"image-carousel.default\">\n\t\t\t\t<div class=\"elementor-widget-container\">\n\t\t\t\t\t\t\t<div class=\"elementor-image-carousel-wrapper swiper\" role=\"region\" aria-roledescription=\"carousel\" aria-label=\"Carrusel de im\u00e1genes\" dir=\"ltr\">\n\t\t\t<div class=\"elementor-image-carousel swiper-wrapper\" aria-live=\"off\">\n\t\t\t\t\t\t\t\t<div class=\"swiper-slide\" role=\"group\" aria-roledescription=\"slide\" aria-label=\"1 de 5\"><figure class=\"swiper-slide-inner\"><img decoding=\"async\" class=\"swiper-slide-image\" src=\"https:\/\/mundoanimalito.com\/wp-content\/uploads\/2024\/04\/81spbt5r1IL._AC_SL1500_-768x675.jpg\" alt=\"Collar Color &amp; Gray con la manija, la cerradura de seguridad y el remiendo intercambiables, 50 mm (49-70 cm), Negro-Gris\" \/><\/figure><\/div><div class=\"swiper-slide\" role=\"group\" aria-roledescription=\"slide\" aria-label=\"2 de 5\"><figure class=\"swiper-slide-inner\"><img decoding=\"async\" class=\"swiper-slide-image\" src=\"https:\/\/mundoanimalito.com\/wp-content\/uploads\/2024\/04\/61fS3mnFm5L._AC_SL1200_-768x854.jpg\" alt=\"Collar Color &amp; Gray con la manija, la cerradura de seguridad y el remiendo intercambiables, 50 mm (49-70 cm), Negro-Gris\" \/><\/figure><\/div><div class=\"swiper-slide\" role=\"group\" aria-roledescription=\"slide\" aria-label=\"3 de 5\"><figure class=\"swiper-slide-inner\"><img decoding=\"async\" class=\"swiper-slide-image\" src=\"https:\/\/mundoanimalito.com\/wp-content\/uploads\/2024\/04\/71ptl7xbBL._AC_SL1500_-768x359.jpg\" alt=\"Collar Color &amp; Gray con la manija, la cerradura de seguridad y el remiendo intercambiables, 50 mm (49-70 cm), Negro-Gris\" \/><\/figure><\/div><div class=\"swiper-slide\" role=\"group\" aria-roledescription=\"slide\" aria-label=\"4 de 5\"><figure class=\"swiper-slide-inner\"><img decoding=\"async\" class=\"swiper-slide-image\" src=\"https:\/\/mundoanimalito.com\/wp-content\/uploads\/2024\/04\/71JPOpAc8oL._AC_SL1500_-768x599.jpg\" alt=\"Collar Color &amp; Gray con la manija, la cerradura de seguridad y el remiendo intercambiables, 50 mm (49-70 cm), Negro-Gris\" \/><\/figure><\/div><div class=\"swiper-slide\" role=\"group\" aria-roledescription=\"slide\" aria-label=\"5 de 5\"><figure class=\"swiper-slide-inner\"><img decoding=\"async\" class=\"swiper-slide-image\" src=\"https:\/\/mundoanimalito.com\/wp-content\/uploads\/2024\/04\/71FnvwlwHAL._AC_SL1500_-768x355.jpg\" alt=\"Collar Color &amp; Gray con la manija, la cerradura de seguridad y el remiendo intercambiables, 50 mm (49-70 cm), Negro-Gris\" \/><\/figure><\/div>\t\t\t<\/div>\n\t\t\t\t\t\t\t\t\t\t\t\t<div class=\"elementor-swiper-button elementor-swiper-button-prev\" role=\"button\" tabindex=\"0\">\n\t\t\t\t\t\t<i aria-hidden=\"true\" class=\"eicon-chevron-left\"><\/i>\t\t\t\t\t<\/div>\n\t\t\t\t\t<div class=\"elementor-swiper-button elementor-swiper-button-next\" role=\"button\" tabindex=\"0\">\n\t\t\t\t\t\t<i aria-hidden=\"true\" class=\"eicon-chevron-right\"><\/i>\t\t\t\t\t<\/div>\n\t\t\t\t\n\t\t\t\t\t\t\t\t\t<div class=\"swiper-pagination\"><\/div>\n\t\t\t\t\t\t\t\t\t<\/div>\n\t\t\t\t\t\t<\/div>\n\t\t\t\t<\/div>\n\t\t\t\t\t<\/div>\n\t\t\t\t<\/div>\n\t\t<div class=\"elementor-element elementor-element-4f02bcc e-flex e-con-boxed e-con e-parent\" data-id=\"4f02bcc\" data-element_type=\"container\" data-e-type=\"container\">\n\t\t\t\t\t<div class=\"e-con-inner\">\n\t\t\t\t<div class=\"elementor-element elementor-element-8563e73 elementor-align-right elementor-widget elementor-widget-button\" data-id=\"8563e73\" data-element_type=\"widget\" data-e-type=\"widget\" data-widget_type=\"button.default\">\n\t\t\t\t<div class=\"elementor-widget-container\">\n\t\t\t\t\t\t\t\t\t<div class=\"elementor-button-wrapper\">\n\t\t\t\t\t<a class=\"elementor-button elementor-button-link elementor-size-sm\" href=\"https:\/\/amzn.to\/4aX0m2V\" target=\"_blank\">\n\t\t\t\t\t\t<span class=\"elementor-button-content-wrapper\">\n\t\t\t\t\t\t\t\t\t<span class=\"elementor-button-text\">Compra ahora en Amazon<\/span>\n\t\t\t\t\t<\/span>\n\t\t\t\t\t<\/a>\n\t\t\t\t<\/div>\n\t\t\t\t\t\t\t\t<\/div>\n\t\t\t\t<\/div>\n\t\t\t\t\t<\/div>\n\t\t\t\t<\/div>\n\t\t\t\t<\/div>\n\t\t","protected":false},"excerpt":{"rendered":"<p>Descubre este collar innovador dise\u00f1ado para brindar lo mejor en seguridad y comodidad para tu perro. Aqu\u00ed est\u00e1n los beneficios que este collar excepcional ofrece \u2705 Tama\u00f1o Ajustable: Con una circunferencia del cuello de 49-70 cm, este collar se adapta perfectamente a perros de diferentes tama\u00f1os, asegurando un ajuste c\u00f3modo y seguro. \u00a1Encuentra el tama\u00f1o [&hellip;]<\/p>\n","protected":false},"author":1,"featured_media":0,"parent":0,"menu_order":0,"comment_status":"closed","ping_status":"closed","template":"","meta":{"site-sidebar-layout":"no-sidebar","site-content-layout":"page-builder","ast-site-content-layout":"full-width-container","site-content-style":"default","site-sidebar-style":"default","ast-global-header-display":"","ast-banner-title-visibility":"","ast-main-header-display":"","ast-hfb-above-header-display":"","ast-hfb-below-header-display":"","ast-hfb-mobile-header-display":"","site-post-title":"disabled","ast-breadcrumbs-content":"","ast-featured-img":"disabled","footer-sml-layout":"","ast-disable-related-posts":"","theme-transparent-header-meta":"","adv-header-id-meta":"","stick-header-meta":"","header-above-stick-meta":"","header-main-stick-meta":"","header-below-stick-meta":"","astra-migrate-meta-layouts":"set","ast-page-background-enabled":"default","ast-page-background-meta":{"desktop":{"background-color":"var(--ast-global-color-4)","background-image":"","background-repeat":"repeat","background-position":"center center","background-size":"auto","background-attachment":"scroll","background-type":"","background-media":"","overlay-type":"","overlay-color":"","overlay-opacity":"","overlay-gradient":""},"tablet":{"background-color":"","background-image":"","background-repeat":"repeat","background-position":"center center","background-size":"auto","background-attachment":"scroll","background-type":"","background-media":"","overlay-type":"","overlay-color":"","overlay-opacity":"","overlay-gradient":""},"mobile":{"background-color":"","background-image":"","background-repeat":"repeat","background-position":"center center","background-size":"auto","background-attachment":"scroll","background-type":"","background-media":"","overlay-type":"","overlay-color":"","overlay-opacity":"","overlay-gradient":""}},"ast-content-background-meta":{"desktop":{"background-color":"var(--ast-global-color-5)","background-image":"","background-repeat":"repeat","background-position":"center center","background-size":"auto","background-attachment":"scroll","background-type":"","background-media":"","overlay-type":"","overlay-color":"","overlay-opacity":"","overlay-gradient":""},"tablet":{"background-color":"var(--ast-global-color-5)","background-image":"","background-repeat":"repeat","background-position":"center center","background-size":"auto","background-attachment":"scroll","background-type":"","background-media":"","overlay-type":"","overlay-color":"","overlay-opacity":"","overlay-gradient":""},"mobile":{"background-color":"var(--ast-global-color-5)","background-image":"","background-repeat":"repeat","background-position":"center center","background-size":"auto","background-attachment":"scroll","background-type":"","background-media":"","overlay-type":"","overlay-color":"","overlay-opacity":"","overlay-gradient":""}},"footnotes":""},"class_list":["post-25323","page","type-page","status-publish","hentry"],"yoast_head":"<!-- This site is optimized with the Yoast SEO plugin v27.5 - https:\/\/yoast.com\/product\/yoast-seo-wordpress\/ -->\n<title>Collar Color &amp; Gray con la Manija para Perro | Mundo Animalito<\/title>\n<meta name=\"description\" content=\"Descubre este collar innovador dise\u00f1ado para brindar lo mejor en seguridad y comodidad para tu perro. Aqu\u00ed est\u00e1n los beneficios que este collar excepcional ofrece\" \/>\n<meta name=\"robots\" content=\"index, follow, max-snippet:-1, max-image-preview:large, max-video-preview:-1\" \/>\n<link rel=\"canonical\" href=\"https:\/\/mundoanimalito.com\/index.php\/collar-color-gray-con-la-manija-la-cerradura-de-seguridad-y-el-remiendo-intercambiables\/\" \/>\n<meta property=\"og:locale\" content=\"es_ES\" \/>\n<meta property=\"og:type\" content=\"article\" \/>\n<meta property=\"og:title\" content=\"Collar Color &amp; Gray con la Manija para Perro | Mundo Animalito\" \/>\n<meta property=\"og:description\" content=\"Descubre este collar innovador dise\u00f1ado para brindar lo mejor en seguridad y comodidad para tu perro. Aqu\u00ed est\u00e1n los beneficios que este collar excepcional ofrece\" \/>\n<meta property=\"og:url\" content=\"https:\/\/mundoanimalito.com\/index.php\/collar-color-gray-con-la-manija-la-cerradura-de-seguridad-y-el-remiendo-intercambiables\/\" \/>\n<meta property=\"og:site_name\" content=\"Mundo Animalito\" \/>\n<meta property=\"article:publisher\" content=\"https:\/\/www.facebook.com\/mundoanimalito77\" \/>\n<meta property=\"article:modified_time\" content=\"2024-09-04T16:27:06+00:00\" \/>\n<meta property=\"og:image\" content=\"https:\/\/mundoanimalito.com\/wp-content\/uploads\/2024\/04\/718hskSolPL._AC_SL1500_-616x1024.jpg\" \/>\n<meta name=\"twitter:card\" content=\"summary_large_image\" \/>\n<meta name=\"twitter:label1\" content=\"Tiempo de lectura\" \/>\n\t<meta name=\"twitter:data1\" content=\"3 minutos\" \/>\n<script type=\"application\/ld+json\" class=\"yoast-schema-graph\">{\"@context\":\"https:\\\/\\\/schema.org\",\"@graph\":[{\"@type\":\"WebPage\",\"@id\":\"https:\\\/\\\/mundoanimalito.com\\\/index.php\\\/collar-color-gray-con-la-manija-la-cerradura-de-seguridad-y-el-remiendo-intercambiables\\\/\",\"url\":\"https:\\\/\\\/mundoanimalito.com\\\/index.php\\\/collar-color-gray-con-la-manija-la-cerradura-de-seguridad-y-el-remiendo-intercambiables\\\/\",\"name\":\"Collar Color & Gray con la Manija para Perro | Mundo Animalito\",\"isPartOf\":{\"@id\":\"https:\\\/\\\/mundoanimalito.com\\\/#website\"},\"primaryImageOfPage\":{\"@id\":\"https:\\\/\\\/mundoanimalito.com\\\/index.php\\\/collar-color-gray-con-la-manija-la-cerradura-de-seguridad-y-el-remiendo-intercambiables\\\/#primaryimage\"},\"image\":{\"@id\":\"https:\\\/\\\/mundoanimalito.com\\\/index.php\\\/collar-color-gray-con-la-manija-la-cerradura-de-seguridad-y-el-remiendo-intercambiables\\\/#primaryimage\"},\"thumbnailUrl\":\"https:\\\/\\\/mundoanimalito.com\\\/wp-content\\\/uploads\\\/2024\\\/04\\\/718hskSolPL._AC_SL1500_-616x1024.jpg\",\"datePublished\":\"2024-04-19T20:35:11+00:00\",\"dateModified\":\"2024-09-04T16:27:06+00:00\",\"description\":\"Descubre este collar innovador dise\u00f1ado para brindar lo mejor en seguridad y comodidad para tu perro. Aqu\u00ed est\u00e1n los beneficios que este collar excepcional ofrece\",\"breadcrumb\":{\"@id\":\"https:\\\/\\\/mundoanimalito.com\\\/index.php\\\/collar-color-gray-con-la-manija-la-cerradura-de-seguridad-y-el-remiendo-intercambiables\\\/#breadcrumb\"},\"inLanguage\":\"es\",\"potentialAction\":[{\"@type\":\"ReadAction\",\"target\":[\"https:\\\/\\\/mundoanimalito.com\\\/index.php\\\/collar-color-gray-con-la-manija-la-cerradura-de-seguridad-y-el-remiendo-intercambiables\\\/\"]}]},{\"@type\":\"ImageObject\",\"inLanguage\":\"es\",\"@id\":\"https:\\\/\\\/mundoanimalito.com\\\/index.php\\\/collar-color-gray-con-la-manija-la-cerradura-de-seguridad-y-el-remiendo-intercambiables\\\/#primaryimage\",\"url\":\"https:\\\/\\\/mundoanimalito.com\\\/wp-content\\\/uploads\\\/2024\\\/04\\\/718hskSolPL._AC_SL1500_.jpg\",\"contentUrl\":\"https:\\\/\\\/mundoanimalito.com\\\/wp-content\\\/uploads\\\/2024\\\/04\\\/718hskSolPL._AC_SL1500_.jpg\",\"width\":903,\"height\":1500,\"caption\":\"Collar Color & Gray con la manija, la cerradura de seguridad y el remiendo intercambiables, 50 mm (49-70 cm), Negro-Gris\"},{\"@type\":\"BreadcrumbList\",\"@id\":\"https:\\\/\\\/mundoanimalito.com\\\/index.php\\\/collar-color-gray-con-la-manija-la-cerradura-de-seguridad-y-el-remiendo-intercambiables\\\/#breadcrumb\",\"itemListElement\":[{\"@type\":\"ListItem\",\"position\":1,\"name\":\"Portada\",\"item\":\"https:\\\/\\\/mundoanimalito.com\\\/\"},{\"@type\":\"ListItem\",\"position\":2,\"name\":\"Collar Color &amp; Gray con la manija, la cerradura de seguridad y el remiendo intercambiables\"}]},{\"@type\":\"WebSite\",\"@id\":\"https:\\\/\\\/mundoanimalito.com\\\/#website\",\"url\":\"https:\\\/\\\/mundoanimalito.com\\\/\",\"name\":\"Mundo Animalito\",\"description\":\"Datos y curiosidades de los animales, encuentra ac\u00e1 todo para tu mascota\",\"publisher\":{\"@id\":\"https:\\\/\\\/mundoanimalito.com\\\/#organization\"},\"potentialAction\":[{\"@type\":\"SearchAction\",\"target\":{\"@type\":\"EntryPoint\",\"urlTemplate\":\"https:\\\/\\\/mundoanimalito.com\\\/?s={search_term_string}\"},\"query-input\":{\"@type\":\"PropertyValueSpecification\",\"valueRequired\":true,\"valueName\":\"search_term_string\"}}],\"inLanguage\":\"es\"},{\"@type\":\"Organization\",\"@id\":\"https:\\\/\\\/mundoanimalito.com\\\/#organization\",\"name\":\"Mundo Animalito\",\"url\":\"https:\\\/\\\/mundoanimalito.com\\\/\",\"logo\":{\"@type\":\"ImageObject\",\"inLanguage\":\"es\",\"@id\":\"https:\\\/\\\/mundoanimalito.com\\\/#\\\/schema\\\/logo\\\/image\\\/\",\"url\":\"https:\\\/\\\/mundoanimalito.com\\\/wp-content\\\/uploads\\\/2023\\\/10\\\/cropped-cropped-LOGO-OFICIAL-ULTIMA-VERSION-1.jpg\",\"contentUrl\":\"https:\\\/\\\/mundoanimalito.com\\\/wp-content\\\/uploads\\\/2023\\\/10\\\/cropped-cropped-LOGO-OFICIAL-ULTIMA-VERSION-1.jpg\",\"width\":374,\"height\":425,\"caption\":\"Mundo Animalito\"},\"image\":{\"@id\":\"https:\\\/\\\/mundoanimalito.com\\\/#\\\/schema\\\/logo\\\/image\\\/\"},\"sameAs\":[\"https:\\\/\\\/www.facebook.com\\\/mundoanimalito77\",\"https:\\\/\\\/www.instagram.com\\\/mundoanimalito77\\\/\",\"https:\\\/\\\/www.tiktok.com\\\/@mundoanimalito77\",\"https:\\\/\\\/www.youtube.com\\\/channel\\\/UCLo2JhNUNtHVraDt5aHadew\"]}]}<\/script>\n<!-- \/ Yoast SEO plugin. -->","yoast_head_json":{"title":"Collar Color & Gray con la Manija para Perro | Mundo Animalito","description":"Descubre este collar innovador dise\u00f1ado para brindar lo mejor en seguridad y comodidad para tu perro. Aqu\u00ed est\u00e1n los beneficios que este collar excepcional ofrece","robots":{"index":"index","follow":"follow","max-snippet":"max-snippet:-1","max-image-preview":"max-image-preview:large","max-video-preview":"max-video-preview:-1"},"canonical":"https:\/\/mundoanimalito.com\/index.php\/collar-color-gray-con-la-manija-la-cerradura-de-seguridad-y-el-remiendo-intercambiables\/","og_locale":"es_ES","og_type":"article","og_title":"Collar Color & Gray con la Manija para Perro | Mundo Animalito","og_description":"Descubre este collar innovador dise\u00f1ado para brindar lo mejor en seguridad y comodidad para tu perro. Aqu\u00ed est\u00e1n los beneficios que este collar excepcional ofrece","og_url":"https:\/\/mundoanimalito.com\/index.php\/collar-color-gray-con-la-manija-la-cerradura-de-seguridad-y-el-remiendo-intercambiables\/","og_site_name":"Mundo Animalito","article_publisher":"https:\/\/www.facebook.com\/mundoanimalito77","article_modified_time":"2024-09-04T16:27:06+00:00","og_image":[{"url":"https:\/\/mundoanimalito.com\/wp-content\/uploads\/2024\/04\/718hskSolPL._AC_SL1500_-616x1024.jpg","type":"","width":"","height":""}],"twitter_card":"summary_large_image","twitter_misc":{"Tiempo de lectura":"3 minutos"},"schema":{"@context":"https:\/\/schema.org","@graph":[{"@type":"WebPage","@id":"https:\/\/mundoanimalito.com\/index.php\/collar-color-gray-con-la-manija-la-cerradura-de-seguridad-y-el-remiendo-intercambiables\/","url":"https:\/\/mundoanimalito.com\/index.php\/collar-color-gray-con-la-manija-la-cerradura-de-seguridad-y-el-remiendo-intercambiables\/","name":"Collar Color & Gray con la Manija para Perro | Mundo Animalito","isPartOf":{"@id":"https:\/\/mundoanimalito.com\/#website"},"primaryImageOfPage":{"@id":"https:\/\/mundoanimalito.com\/index.php\/collar-color-gray-con-la-manija-la-cerradura-de-seguridad-y-el-remiendo-intercambiables\/#primaryimage"},"image":{"@id":"https:\/\/mundoanimalito.com\/index.php\/collar-color-gray-con-la-manija-la-cerradura-de-seguridad-y-el-remiendo-intercambiables\/#primaryimage"},"thumbnailUrl":"https:\/\/mundoanimalito.com\/wp-content\/uploads\/2024\/04\/718hskSolPL._AC_SL1500_-616x1024.jpg","datePublished":"2024-04-19T20:35:11+00:00","dateModified":"2024-09-04T16:27:06+00:00","description":"Descubre este collar innovador dise\u00f1ado para brindar lo mejor en seguridad y comodidad para tu perro. Aqu\u00ed est\u00e1n los beneficios que este collar excepcional ofrece","breadcrumb":{"@id":"https:\/\/mundoanimalito.com\/index.php\/collar-color-gray-con-la-manija-la-cerradura-de-seguridad-y-el-remiendo-intercambiables\/#breadcrumb"},"inLanguage":"es","potentialAction":[{"@type":"ReadAction","target":["https:\/\/mundoanimalito.com\/index.php\/collar-color-gray-con-la-manija-la-cerradura-de-seguridad-y-el-remiendo-intercambiables\/"]}]},{"@type":"ImageObject","inLanguage":"es","@id":"https:\/\/mundoanimalito.com\/index.php\/collar-color-gray-con-la-manija-la-cerradura-de-seguridad-y-el-remiendo-intercambiables\/#primaryimage","url":"https:\/\/mundoanimalito.com\/wp-content\/uploads\/2024\/04\/718hskSolPL._AC_SL1500_.jpg","contentUrl":"https:\/\/mundoanimalito.com\/wp-content\/uploads\/2024\/04\/718hskSolPL._AC_SL1500_.jpg","width":903,"height":1500,"caption":"Collar Color & Gray con la manija, la cerradura de seguridad y el remiendo intercambiables, 50 mm (49-70 cm), Negro-Gris"},{"@type":"BreadcrumbList","@id":"https:\/\/mundoanimalito.com\/index.php\/collar-color-gray-con-la-manija-la-cerradura-de-seguridad-y-el-remiendo-intercambiables\/#breadcrumb","itemListElement":[{"@type":"ListItem","position":1,"name":"Portada","item":"https:\/\/mundoanimalito.com\/"},{"@type":"ListItem","position":2,"name":"Collar Color &amp; Gray con la manija, la cerradura de seguridad y el remiendo intercambiables"}]},{"@type":"WebSite","@id":"https:\/\/mundoanimalito.com\/#website","url":"https:\/\/mundoanimalito.com\/","name":"Mundo Animalito","description":"Datos y curiosidades de los animales, encuentra ac\u00e1 todo para tu mascota","publisher":{"@id":"https:\/\/mundoanimalito.com\/#organization"},"potentialAction":[{"@type":"SearchAction","target":{"@type":"EntryPoint","urlTemplate":"https:\/\/mundoanimalito.com\/?s={search_term_string}"},"query-input":{"@type":"PropertyValueSpecification","valueRequired":true,"valueName":"search_term_string"}}],"inLanguage":"es"},{"@type":"Organization","@id":"https:\/\/mundoanimalito.com\/#organization","name":"Mundo Animalito","url":"https:\/\/mundoanimalito.com\/","logo":{"@type":"ImageObject","inLanguage":"es","@id":"https:\/\/mundoanimalito.com\/#\/schema\/logo\/image\/","url":"https:\/\/mundoanimalito.com\/wp-content\/uploads\/2023\/10\/cropped-cropped-LOGO-OFICIAL-ULTIMA-VERSION-1.jpg","contentUrl":"https:\/\/mundoanimalito.com\/wp-content\/uploads\/2023\/10\/cropped-cropped-LOGO-OFICIAL-ULTIMA-VERSION-1.jpg","width":374,"height":425,"caption":"Mundo Animalito"},"image":{"@id":"https:\/\/mundoanimalito.com\/#\/schema\/logo\/image\/"},"sameAs":["https:\/\/www.facebook.com\/mundoanimalito77","https:\/\/www.instagram.com\/mundoanimalito77\/","https:\/\/www.tiktok.com\/@mundoanimalito77","https:\/\/www.youtube.com\/channel\/UCLo2JhNUNtHVraDt5aHadew"]}]}},"_links":{"self":[{"href":"https:\/\/mundoanimalito.com\/index.php\/wp-json\/wp\/v2\/pages\/25323","targetHints":{"allow":["GET"]}}],"collection":[{"href":"https:\/\/mundoanimalito.com\/index.php\/wp-json\/wp\/v2\/pages"}],"about":[{"href":"https:\/\/mundoanimalito.com\/index.php\/wp-json\/wp\/v2\/types\/page"}],"author":[{"embeddable":true,"href":"https:\/\/mundoanimalito.com\/index.php\/wp-json\/wp\/v2\/users\/1"}],"replies":[{"embeddable":true,"href":"https:\/\/mundoanimalito.com\/index.php\/wp-json\/wp\/v2\/comments?post=25323"}],"version-history":[{"count":0,"href":"https:\/\/mundoanimalito.com\/index.php\/wp-json\/wp\/v2\/pages\/25323\/revisions"}],"wp:attachment":[{"href":"https:\/\/mundoanimalito.com\/index.php\/wp-json\/wp\/v2\/media?parent=25323"}],"curies":[{"name":"wp","href":"https:\/\/api.w.org\/{rel}","templated":true}]}}