{"id":24904,"date":"2024-04-18T14:23:53","date_gmt":"2024-04-18T19:23:53","guid":{"rendered":"https:\/\/mundoanimalito.com\/?page_id=24904"},"modified":"2024-09-03T15:45:07","modified_gmt":"2024-09-03T20:45:07","slug":"arppe-196202040009-arnes-nylon-basic-triple-negro-m","status":"publish","type":"page","link":"https:\/\/mundoanimalito.com\/index.php\/arppe-196202040009-arnes-nylon-basic-triple-negro-m\/","title":{"rendered":"arppe 196202040009 Arn\u00e9s Nylon Basic Triple, Negro, M"},"content":{"rendered":"\t\t<div data-elementor-type=\"wp-page\" data-elementor-id=\"24904\" class=\"elementor elementor-24904\" data-elementor-post-type=\"page\">\n\t\t\t\t<div class=\"elementor-element elementor-element-7481b3b e-flex e-con-boxed e-con e-parent\" data-id=\"7481b3b\" data-element_type=\"container\" data-e-type=\"container\">\n\t\t\t\t\t<div class=\"e-con-inner\">\n\t\t\t\t<div class=\"elementor-element elementor-element-02cc684 elementor-invisible elementor-widget elementor-widget-heading\" data-id=\"02cc684\" data-element_type=\"widget\" data-e-type=\"widget\" data-settings=\"{&quot;_animation&quot;:&quot;fadeInDown&quot;}\" data-widget_type=\"heading.default\">\n\t\t\t\t<div class=\"elementor-widget-container\">\n\t\t\t\t\t<h2 class=\"elementor-heading-title elementor-size-default\">En arppe, nos enorgullece presentar nuestro Arn\u00e9s Nylon Basic Triple, dise\u00f1ado con amor y cuidado para ofrecer la m\u00e1xima comodidad y seguridad a tu fiel compa\u00f1ero de cuatro patas. <\/h2>\t\t\t\t<\/div>\n\t\t\t\t<\/div>\n\t\t\t\t\t<\/div>\n\t\t\t\t<\/div>\n\t\t<div class=\"elementor-element elementor-element-2597c2a e-flex e-con-boxed e-con e-parent\" data-id=\"2597c2a\" data-element_type=\"container\" data-e-type=\"container\">\n\t\t\t\t\t<div class=\"e-con-inner\">\n\t\t<div class=\"elementor-element elementor-element-f71541a e-con-full e-flex e-con e-child\" data-id=\"f71541a\" data-element_type=\"container\" data-e-type=\"container\">\n\t\t\t\t<div class=\"elementor-element elementor-element-01c85e2 elementor-widget elementor-widget-image\" data-id=\"01c85e2\" data-element_type=\"widget\" data-e-type=\"widget\" data-widget_type=\"image.default\">\n\t\t\t\t<div class=\"elementor-widget-container\">\n\t\t\t\t\t\t\t\t\t\t\t\t\t\t\t\t<a href=\"https:\/\/amzn.to\/3JJyO57\" target=\"_blank\">\n\t\t\t\t\t\t\t<img fetchpriority=\"high\" decoding=\"async\" width=\"1000\" height=\"690\" src=\"https:\/\/mundoanimalito.com\/wp-content\/uploads\/2024\/04\/51dIIfA4lS._AC_SL1000_.jpg\" class=\"attachment-large size-large wp-image-24885\" alt=\"arppe 196202040009 Arn\u00e9s Nylon Basic Triple, Negro, M\" srcset=\"https:\/\/mundoanimalito.com\/wp-content\/uploads\/2024\/04\/51dIIfA4lS._AC_SL1000_.jpg 1000w, https:\/\/mundoanimalito.com\/wp-content\/uploads\/2024\/04\/51dIIfA4lS._AC_SL1000_-300x207.jpg 300w, https:\/\/mundoanimalito.com\/wp-content\/uploads\/2024\/04\/51dIIfA4lS._AC_SL1000_-768x530.jpg 768w\" sizes=\"(max-width: 1000px) 100vw, 1000px\" \/>\t\t\t\t\t\t\t\t<\/a>\n\t\t\t\t\t\t\t\t\t\t\t\t\t\t\t<\/div>\n\t\t\t\t<\/div>\n\t\t\t\t<\/div>\n\t\t<div class=\"elementor-element elementor-element-cfb9063 e-con-full e-flex e-con e-child\" data-id=\"cfb9063\" data-element_type=\"container\" data-e-type=\"container\">\n\t\t\t\t<div class=\"elementor-element elementor-element-cdb96f4 elementor-widget elementor-widget-text-editor\" data-id=\"cdb96f4\" data-element_type=\"widget\" data-e-type=\"widget\" data-widget_type=\"text-editor.default\">\n\t\t\t\t<div class=\"elementor-widget-container\">\n\t\t\t\t\t\t\t\t\t<p><strong>\ud83d\udc15 Dise\u00f1o Ajustable y Suave:<\/strong> Este arn\u00e9s est\u00e1 dise\u00f1ado pensando en la comodidad de tu perro. Confeccionado con cinta de nylon suave y ajustable, ofrece un ajuste c\u00f3modo y seguro para perros de tama\u00f1o mediano como galgos y podencos. \u00a1Tu mascota se sentir\u00e1 libre y c\u00f3moda durante cada paseo!\u00a0<\/p><p>\u00a0<\/p><p><strong>\ud83c\udf1f Triple Zona de Sujeci\u00f3n:<\/strong> Con 3 zonas de sujeci\u00f3n estrat\u00e9gicamente ubicadas, este arn\u00e9s garantiza un control \u00f3ptimo sin ejercer presi\u00f3n innecesaria sobre el cuello de tu perro. \u00a1Disfruta de paseos m\u00e1s relajados y seguros para ambos!<\/p><p>\u00a0<\/p><p><strong>\ud83c\udfde\ufe0f Materiales Duraderos y Lavables:<\/strong> Fabricado con materiales de alta calidad, este arn\u00e9s cuenta con piezas met\u00e1licas de hierro cromado y cierres de pl\u00e1stico negro resistentes. Adem\u00e1s, es lavable para mantenerlo siempre limpio y fresco. \u00a1Un producto duradero que te acompa\u00f1ar\u00e1 en innumerables aventuras!\u00a0<\/p>\t\t\t\t\t\t\t\t<\/div>\n\t\t\t\t<\/div>\n\t\t\t\t<\/div>\n\t\t\t\t\t<\/div>\n\t\t\t\t<\/div>\n\t\t<div class=\"elementor-element elementor-element-1a175d5 e-flex e-con-boxed e-con e-parent\" data-id=\"1a175d5\" data-element_type=\"container\" data-e-type=\"container\">\n\t\t\t\t\t<div class=\"e-con-inner\">\n\t\t\t\t<div class=\"elementor-element elementor-element-90aefab elementor-widget elementor-widget-text-editor\" data-id=\"90aefab\" data-element_type=\"widget\" data-e-type=\"widget\" data-widget_type=\"text-editor.default\">\n\t\t\t\t<div class=\"elementor-widget-container\">\n\t\t\t\t\t\t\t\t\t<p><strong>\ud83d\udeb6\u200d\u2642\ufe0f F\u00e1cil de Usar y Ajustar:<\/strong> Con las sencillas instrucciones de uso, colocar este arn\u00e9s en tu perro ser\u00e1 pan comido. Ajusta las correas para que quede c\u00f3modo pero seguro, asegur\u00e1ndote de que tu mascota tenga total libertad de movimiento. \u00a1Listo para salir a explorar juntos!\u00a0<\/p><p>\u00a0<\/p><p><strong>\ud83c\uddea\ud83c\uddf8 Fabricaci\u00f3n Artesanal y Calidad Garantizada:<\/strong> Fabricado por arppe, una empresa espa\u00f1ola comprometida con la calidad y el bienestar de las mascotas, este arn\u00e9s se produce de manera casi artesanal en talleres especializados. Con arppe, puedes confiar en que est\u00e1s adquiriendo un producto de alta calidad para tu compa\u00f1ero peludo.\u00a0<\/p><p>\u00a0<\/p><p>\u00a1Asegura paseos placenteros y seguros con tu perro hoy mismo! Haz clic en \u00abComprar Ahora\u00bb y lleva a casa el Arn\u00e9s Nylon Basic Triple de arppe para disfrutar de aventuras sin preocupaciones junto a tu mejor amigo.<\/p>\t\t\t\t\t\t\t\t<\/div>\n\t\t\t\t<\/div>\n\t\t\t\t<div class=\"elementor-element elementor-element-c3ffec5 elementor-align-right elementor-widget elementor-widget-button\" data-id=\"c3ffec5\" data-element_type=\"widget\" data-e-type=\"widget\" data-widget_type=\"button.default\">\n\t\t\t\t<div class=\"elementor-widget-container\">\n\t\t\t\t\t\t\t\t\t<div class=\"elementor-button-wrapper\">\n\t\t\t\t\t<a class=\"elementor-button elementor-button-link elementor-size-sm\" href=\"https:\/\/amzn.to\/3JJyO57\" target=\"_blank\">\n\t\t\t\t\t\t<span class=\"elementor-button-content-wrapper\">\n\t\t\t\t\t\t\t\t\t<span class=\"elementor-button-text\">Compra ahora en Amazon<\/span>\n\t\t\t\t\t<\/span>\n\t\t\t\t\t<\/a>\n\t\t\t\t<\/div>\n\t\t\t\t\t\t\t\t<\/div>\n\t\t\t\t<\/div>\n\t\t\t\t\t<\/div>\n\t\t\t\t<\/div>\n\t\t<div class=\"elementor-element elementor-element-6128a4c e-flex e-con-boxed e-con e-parent\" data-id=\"6128a4c\" data-element_type=\"container\" data-e-type=\"container\">\n\t\t\t\t\t<div class=\"e-con-inner\">\n\t\t\t\t<div class=\"elementor-element elementor-element-392f745 elementor-arrows-position-inside elementor-pagination-position-outside elementor-widget elementor-widget-image-carousel\" data-id=\"392f745\" data-element_type=\"widget\" data-e-type=\"widget\" data-settings=\"{&quot;slides_to_show&quot;:&quot;1&quot;,&quot;navigation&quot;:&quot;both&quot;,&quot;autoplay&quot;:&quot;yes&quot;,&quot;pause_on_hover&quot;:&quot;yes&quot;,&quot;pause_on_interaction&quot;:&quot;yes&quot;,&quot;autoplay_speed&quot;:5000,&quot;infinite&quot;:&quot;yes&quot;,&quot;effect&quot;:&quot;slide&quot;,&quot;speed&quot;:500}\" data-widget_type=\"image-carousel.default\">\n\t\t\t\t<div class=\"elementor-widget-container\">\n\t\t\t\t\t\t\t<div class=\"elementor-image-carousel-wrapper swiper\" role=\"region\" aria-roledescription=\"carousel\" aria-label=\"Carrusel de im\u00e1genes\" dir=\"ltr\">\n\t\t\t<div class=\"elementor-image-carousel swiper-wrapper\" aria-live=\"off\">\n\t\t\t\t\t\t\t\t<div class=\"swiper-slide\" role=\"group\" aria-roledescription=\"slide\" aria-label=\"1 de 2\"><figure class=\"swiper-slide-inner\"><img decoding=\"async\" class=\"swiper-slide-image\" src=\"https:\/\/mundoanimalito.com\/wp-content\/uploads\/2024\/04\/b3807c30-05f2-4a82-a273-b9e02ec3e193.__CR00800800_PT0_SX300_V1___.jpg\" alt=\"arppe 196202040009 Arn\u00e9s Nylon Basic Triple, Negro, M\" \/><\/figure><\/div><div class=\"swiper-slide\" role=\"group\" aria-roledescription=\"slide\" aria-label=\"2 de 2\"><figure class=\"swiper-slide-inner\"><img decoding=\"async\" class=\"swiper-slide-image\" src=\"https:\/\/mundoanimalito.com\/wp-content\/uploads\/2024\/04\/b2befba2-f904-4fc3-b7c5-1962e57fbba2.__CR00800800_PT0_SX300_V1___.jpg\" alt=\"arppe 196202040009 Arn\u00e9s Nylon Basic Triple, Negro, M\" \/><\/figure><\/div>\t\t\t<\/div>\n\t\t\t\t\t\t\t\t\t\t\t\t<div class=\"elementor-swiper-button elementor-swiper-button-prev\" role=\"button\" tabindex=\"0\">\n\t\t\t\t\t\t<i aria-hidden=\"true\" class=\"eicon-chevron-left\"><\/i>\t\t\t\t\t<\/div>\n\t\t\t\t\t<div class=\"elementor-swiper-button elementor-swiper-button-next\" role=\"button\" tabindex=\"0\">\n\t\t\t\t\t\t<i aria-hidden=\"true\" class=\"eicon-chevron-right\"><\/i>\t\t\t\t\t<\/div>\n\t\t\t\t\n\t\t\t\t\t\t\t\t\t<div class=\"swiper-pagination\"><\/div>\n\t\t\t\t\t\t\t\t\t<\/div>\n\t\t\t\t\t\t<\/div>\n\t\t\t\t<\/div>\n\t\t\t\t\t<\/div>\n\t\t\t\t<\/div>\n\t\t<div class=\"elementor-element elementor-element-e2a43c4 e-flex e-con-boxed e-con e-parent\" data-id=\"e2a43c4\" data-element_type=\"container\" data-e-type=\"container\">\n\t\t\t\t\t<div class=\"e-con-inner\">\n\t\t\t\t<div class=\"elementor-element elementor-element-50d0880 elementor-align-right elementor-widget elementor-widget-button\" data-id=\"50d0880\" data-element_type=\"widget\" data-e-type=\"widget\" data-widget_type=\"button.default\">\n\t\t\t\t<div class=\"elementor-widget-container\">\n\t\t\t\t\t\t\t\t\t<div class=\"elementor-button-wrapper\">\n\t\t\t\t\t<a class=\"elementor-button elementor-button-link elementor-size-sm\" href=\"https:\/\/amzn.to\/3JJyO57\" target=\"_blank\">\n\t\t\t\t\t\t<span class=\"elementor-button-content-wrapper\">\n\t\t\t\t\t\t\t\t\t<span class=\"elementor-button-text\">Compra ahora en Amazon<\/span>\n\t\t\t\t\t<\/span>\n\t\t\t\t\t<\/a>\n\t\t\t\t<\/div>\n\t\t\t\t\t\t\t\t<\/div>\n\t\t\t\t<\/div>\n\t\t\t\t\t<\/div>\n\t\t\t\t<\/div>\n\t\t\t\t<\/div>\n\t\t","protected":false},"excerpt":{"rendered":"<p>En arppe, nos enorgullece presentar nuestro Arn\u00e9s Nylon Basic Triple, dise\u00f1ado con amor y cuidado para ofrecer la m\u00e1xima comodidad y seguridad a tu fiel compa\u00f1ero de cuatro patas. \ud83d\udc15 Dise\u00f1o Ajustable y Suave: Este arn\u00e9s est\u00e1 dise\u00f1ado pensando en la comodidad de tu perro. Confeccionado con cinta de nylon suave y ajustable, ofrece un [&hellip;]<\/p>\n","protected":false},"author":1,"featured_media":0,"parent":0,"menu_order":0,"comment_status":"closed","ping_status":"closed","template":"","meta":{"site-sidebar-layout":"no-sidebar","site-content-layout":"page-builder","ast-site-content-layout":"full-width-container","site-content-style":"default","site-sidebar-style":"default","ast-global-header-display":"","ast-banner-title-visibility":"","ast-main-header-display":"","ast-hfb-above-header-display":"","ast-hfb-below-header-display":"","ast-hfb-mobile-header-display":"","site-post-title":"disabled","ast-breadcrumbs-content":"","ast-featured-img":"disabled","footer-sml-layout":"","ast-disable-related-posts":"","theme-transparent-header-meta":"","adv-header-id-meta":"","stick-header-meta":"","header-above-stick-meta":"","header-main-stick-meta":"","header-below-stick-meta":"","astra-migrate-meta-layouts":"set","ast-page-background-enabled":"default","ast-page-background-meta":{"desktop":{"background-color":"var(--ast-global-color-4)","background-image":"","background-repeat":"repeat","background-position":"center center","background-size":"auto","background-attachment":"scroll","background-type":"","background-media":"","overlay-type":"","overlay-color":"","overlay-opacity":"","overlay-gradient":""},"tablet":{"background-color":"","background-image":"","background-repeat":"repeat","background-position":"center center","background-size":"auto","background-attachment":"scroll","background-type":"","background-media":"","overlay-type":"","overlay-color":"","overlay-opacity":"","overlay-gradient":""},"mobile":{"background-color":"","background-image":"","background-repeat":"repeat","background-position":"center center","background-size":"auto","background-attachment":"scroll","background-type":"","background-media":"","overlay-type":"","overlay-color":"","overlay-opacity":"","overlay-gradient":""}},"ast-content-background-meta":{"desktop":{"background-color":"var(--ast-global-color-5)","background-image":"","background-repeat":"repeat","background-position":"center center","background-size":"auto","background-attachment":"scroll","background-type":"","background-media":"","overlay-type":"","overlay-color":"","overlay-opacity":"","overlay-gradient":""},"tablet":{"background-color":"var(--ast-global-color-5)","background-image":"","background-repeat":"repeat","background-position":"center center","background-size":"auto","background-attachment":"scroll","background-type":"","background-media":"","overlay-type":"","overlay-color":"","overlay-opacity":"","overlay-gradient":""},"mobile":{"background-color":"var(--ast-global-color-5)","background-image":"","background-repeat":"repeat","background-position":"center center","background-size":"auto","background-attachment":"scroll","background-type":"","background-media":"","overlay-type":"","overlay-color":"","overlay-opacity":"","overlay-gradient":""}},"footnotes":""},"class_list":["post-24904","page","type-page","status-publish","hentry"],"yoast_head":"<!-- This site is optimized with the Yoast SEO plugin v27.4 - https:\/\/yoast.com\/product\/yoast-seo-wordpress\/ -->\n<title>Arn\u00e9s Nylon Basic Triple, Negro, M | Mundo Animalito<\/title>\n<meta name=\"description\" content=\"En arppe, nos enorgullece presentar nuestro Arn\u00e9s Nylon Basic Triple, dise\u00f1ado con amor y cuidado para ofrecer la m\u00e1xima comodidad y seguridad a tu fiel compa\u00f1ero de cuatro patas\" \/>\n<meta name=\"robots\" content=\"index, follow, max-snippet:-1, max-image-preview:large, max-video-preview:-1\" \/>\n<link rel=\"canonical\" href=\"https:\/\/mundoanimalito.com\/index.php\/arppe-196202040009-arnes-nylon-basic-triple-negro-m\/\" \/>\n<meta property=\"og:locale\" content=\"es_ES\" \/>\n<meta property=\"og:type\" content=\"article\" \/>\n<meta property=\"og:title\" content=\"Arn\u00e9s Nylon Basic Triple, Negro, M | Mundo Animalito\" \/>\n<meta property=\"og:description\" content=\"En arppe, nos enorgullece presentar nuestro Arn\u00e9s Nylon Basic Triple, dise\u00f1ado con amor y cuidado para ofrecer la m\u00e1xima comodidad y seguridad a tu fiel compa\u00f1ero de cuatro patas\" \/>\n<meta property=\"og:url\" content=\"https:\/\/mundoanimalito.com\/index.php\/arppe-196202040009-arnes-nylon-basic-triple-negro-m\/\" \/>\n<meta property=\"og:site_name\" content=\"Mundo Animalito\" \/>\n<meta property=\"article:publisher\" content=\"https:\/\/www.facebook.com\/mundoanimalito77\" \/>\n<meta property=\"article:modified_time\" content=\"2024-09-03T20:45:07+00:00\" \/>\n<meta property=\"og:image\" content=\"https:\/\/mundoanimalito.com\/wp-content\/uploads\/2024\/04\/51dIIfA4lS._AC_SL1000_.jpg\" \/>\n<meta name=\"twitter:card\" content=\"summary_large_image\" \/>\n<meta name=\"twitter:label1\" content=\"Tiempo de lectura\" \/>\n\t<meta name=\"twitter:data1\" content=\"2 minutos\" \/>\n<script type=\"application\/ld+json\" class=\"yoast-schema-graph\">{\"@context\":\"https:\\\/\\\/schema.org\",\"@graph\":[{\"@type\":\"WebPage\",\"@id\":\"https:\\\/\\\/mundoanimalito.com\\\/index.php\\\/arppe-196202040009-arnes-nylon-basic-triple-negro-m\\\/\",\"url\":\"https:\\\/\\\/mundoanimalito.com\\\/index.php\\\/arppe-196202040009-arnes-nylon-basic-triple-negro-m\\\/\",\"name\":\"Arn\u00e9s Nylon Basic Triple, Negro, M | Mundo Animalito\",\"isPartOf\":{\"@id\":\"https:\\\/\\\/mundoanimalito.com\\\/#website\"},\"primaryImageOfPage\":{\"@id\":\"https:\\\/\\\/mundoanimalito.com\\\/index.php\\\/arppe-196202040009-arnes-nylon-basic-triple-negro-m\\\/#primaryimage\"},\"image\":{\"@id\":\"https:\\\/\\\/mundoanimalito.com\\\/index.php\\\/arppe-196202040009-arnes-nylon-basic-triple-negro-m\\\/#primaryimage\"},\"thumbnailUrl\":\"https:\\\/\\\/mundoanimalito.com\\\/wp-content\\\/uploads\\\/2024\\\/04\\\/51dIIfA4lS._AC_SL1000_.jpg\",\"datePublished\":\"2024-04-18T19:23:53+00:00\",\"dateModified\":\"2024-09-03T20:45:07+00:00\",\"description\":\"En arppe, nos enorgullece presentar nuestro Arn\u00e9s Nylon Basic Triple, dise\u00f1ado con amor y cuidado para ofrecer la m\u00e1xima comodidad y seguridad a tu fiel compa\u00f1ero de cuatro patas\",\"breadcrumb\":{\"@id\":\"https:\\\/\\\/mundoanimalito.com\\\/index.php\\\/arppe-196202040009-arnes-nylon-basic-triple-negro-m\\\/#breadcrumb\"},\"inLanguage\":\"es\",\"potentialAction\":[{\"@type\":\"ReadAction\",\"target\":[\"https:\\\/\\\/mundoanimalito.com\\\/index.php\\\/arppe-196202040009-arnes-nylon-basic-triple-negro-m\\\/\"]}]},{\"@type\":\"ImageObject\",\"inLanguage\":\"es\",\"@id\":\"https:\\\/\\\/mundoanimalito.com\\\/index.php\\\/arppe-196202040009-arnes-nylon-basic-triple-negro-m\\\/#primaryimage\",\"url\":\"https:\\\/\\\/mundoanimalito.com\\\/wp-content\\\/uploads\\\/2024\\\/04\\\/51dIIfA4lS._AC_SL1000_.jpg\",\"contentUrl\":\"https:\\\/\\\/mundoanimalito.com\\\/wp-content\\\/uploads\\\/2024\\\/04\\\/51dIIfA4lS._AC_SL1000_.jpg\",\"width\":1000,\"height\":690,\"caption\":\"arppe 196202040009 Arn\u00e9s Nylon Basic Triple, Negro, M\"},{\"@type\":\"BreadcrumbList\",\"@id\":\"https:\\\/\\\/mundoanimalito.com\\\/index.php\\\/arppe-196202040009-arnes-nylon-basic-triple-negro-m\\\/#breadcrumb\",\"itemListElement\":[{\"@type\":\"ListItem\",\"position\":1,\"name\":\"Portada\",\"item\":\"https:\\\/\\\/mundoanimalito.com\\\/\"},{\"@type\":\"ListItem\",\"position\":2,\"name\":\"arppe 196202040009 Arn\u00e9s Nylon Basic Triple, Negro, M\"}]},{\"@type\":\"WebSite\",\"@id\":\"https:\\\/\\\/mundoanimalito.com\\\/#website\",\"url\":\"https:\\\/\\\/mundoanimalito.com\\\/\",\"name\":\"Mundo Animalito\",\"description\":\"Datos y curiosidades de los animales, encuentra ac\u00e1 todo para tu mascota\",\"publisher\":{\"@id\":\"https:\\\/\\\/mundoanimalito.com\\\/#organization\"},\"potentialAction\":[{\"@type\":\"SearchAction\",\"target\":{\"@type\":\"EntryPoint\",\"urlTemplate\":\"https:\\\/\\\/mundoanimalito.com\\\/?s={search_term_string}\"},\"query-input\":{\"@type\":\"PropertyValueSpecification\",\"valueRequired\":true,\"valueName\":\"search_term_string\"}}],\"inLanguage\":\"es\"},{\"@type\":\"Organization\",\"@id\":\"https:\\\/\\\/mundoanimalito.com\\\/#organization\",\"name\":\"Mundo Animalito\",\"url\":\"https:\\\/\\\/mundoanimalito.com\\\/\",\"logo\":{\"@type\":\"ImageObject\",\"inLanguage\":\"es\",\"@id\":\"https:\\\/\\\/mundoanimalito.com\\\/#\\\/schema\\\/logo\\\/image\\\/\",\"url\":\"https:\\\/\\\/mundoanimalito.com\\\/wp-content\\\/uploads\\\/2023\\\/10\\\/cropped-cropped-LOGO-OFICIAL-ULTIMA-VERSION-1.jpg\",\"contentUrl\":\"https:\\\/\\\/mundoanimalito.com\\\/wp-content\\\/uploads\\\/2023\\\/10\\\/cropped-cropped-LOGO-OFICIAL-ULTIMA-VERSION-1.jpg\",\"width\":374,\"height\":425,\"caption\":\"Mundo Animalito\"},\"image\":{\"@id\":\"https:\\\/\\\/mundoanimalito.com\\\/#\\\/schema\\\/logo\\\/image\\\/\"},\"sameAs\":[\"https:\\\/\\\/www.facebook.com\\\/mundoanimalito77\",\"https:\\\/\\\/www.instagram.com\\\/mundoanimalito77\\\/\",\"https:\\\/\\\/www.tiktok.com\\\/@mundoanimalito77\",\"https:\\\/\\\/www.youtube.com\\\/channel\\\/UCLo2JhNUNtHVraDt5aHadew\"]}]}<\/script>\n<!-- \/ Yoast SEO plugin. -->","yoast_head_json":{"title":"Arn\u00e9s Nylon Basic Triple, Negro, M | Mundo Animalito","description":"En arppe, nos enorgullece presentar nuestro Arn\u00e9s Nylon Basic Triple, dise\u00f1ado con amor y cuidado para ofrecer la m\u00e1xima comodidad y seguridad a tu fiel compa\u00f1ero de cuatro patas","robots":{"index":"index","follow":"follow","max-snippet":"max-snippet:-1","max-image-preview":"max-image-preview:large","max-video-preview":"max-video-preview:-1"},"canonical":"https:\/\/mundoanimalito.com\/index.php\/arppe-196202040009-arnes-nylon-basic-triple-negro-m\/","og_locale":"es_ES","og_type":"article","og_title":"Arn\u00e9s Nylon Basic Triple, Negro, M | Mundo Animalito","og_description":"En arppe, nos enorgullece presentar nuestro Arn\u00e9s Nylon Basic Triple, dise\u00f1ado con amor y cuidado para ofrecer la m\u00e1xima comodidad y seguridad a tu fiel compa\u00f1ero de cuatro patas","og_url":"https:\/\/mundoanimalito.com\/index.php\/arppe-196202040009-arnes-nylon-basic-triple-negro-m\/","og_site_name":"Mundo Animalito","article_publisher":"https:\/\/www.facebook.com\/mundoanimalito77","article_modified_time":"2024-09-03T20:45:07+00:00","og_image":[{"url":"https:\/\/mundoanimalito.com\/wp-content\/uploads\/2024\/04\/51dIIfA4lS._AC_SL1000_.jpg","type":"","width":"","height":""}],"twitter_card":"summary_large_image","twitter_misc":{"Tiempo de lectura":"2 minutos"},"schema":{"@context":"https:\/\/schema.org","@graph":[{"@type":"WebPage","@id":"https:\/\/mundoanimalito.com\/index.php\/arppe-196202040009-arnes-nylon-basic-triple-negro-m\/","url":"https:\/\/mundoanimalito.com\/index.php\/arppe-196202040009-arnes-nylon-basic-triple-negro-m\/","name":"Arn\u00e9s Nylon Basic Triple, Negro, M | Mundo Animalito","isPartOf":{"@id":"https:\/\/mundoanimalito.com\/#website"},"primaryImageOfPage":{"@id":"https:\/\/mundoanimalito.com\/index.php\/arppe-196202040009-arnes-nylon-basic-triple-negro-m\/#primaryimage"},"image":{"@id":"https:\/\/mundoanimalito.com\/index.php\/arppe-196202040009-arnes-nylon-basic-triple-negro-m\/#primaryimage"},"thumbnailUrl":"https:\/\/mundoanimalito.com\/wp-content\/uploads\/2024\/04\/51dIIfA4lS._AC_SL1000_.jpg","datePublished":"2024-04-18T19:23:53+00:00","dateModified":"2024-09-03T20:45:07+00:00","description":"En arppe, nos enorgullece presentar nuestro Arn\u00e9s Nylon Basic Triple, dise\u00f1ado con amor y cuidado para ofrecer la m\u00e1xima comodidad y seguridad a tu fiel compa\u00f1ero de cuatro patas","breadcrumb":{"@id":"https:\/\/mundoanimalito.com\/index.php\/arppe-196202040009-arnes-nylon-basic-triple-negro-m\/#breadcrumb"},"inLanguage":"es","potentialAction":[{"@type":"ReadAction","target":["https:\/\/mundoanimalito.com\/index.php\/arppe-196202040009-arnes-nylon-basic-triple-negro-m\/"]}]},{"@type":"ImageObject","inLanguage":"es","@id":"https:\/\/mundoanimalito.com\/index.php\/arppe-196202040009-arnes-nylon-basic-triple-negro-m\/#primaryimage","url":"https:\/\/mundoanimalito.com\/wp-content\/uploads\/2024\/04\/51dIIfA4lS._AC_SL1000_.jpg","contentUrl":"https:\/\/mundoanimalito.com\/wp-content\/uploads\/2024\/04\/51dIIfA4lS._AC_SL1000_.jpg","width":1000,"height":690,"caption":"arppe 196202040009 Arn\u00e9s Nylon Basic Triple, Negro, M"},{"@type":"BreadcrumbList","@id":"https:\/\/mundoanimalito.com\/index.php\/arppe-196202040009-arnes-nylon-basic-triple-negro-m\/#breadcrumb","itemListElement":[{"@type":"ListItem","position":1,"name":"Portada","item":"https:\/\/mundoanimalito.com\/"},{"@type":"ListItem","position":2,"name":"arppe 196202040009 Arn\u00e9s Nylon Basic Triple, Negro, M"}]},{"@type":"WebSite","@id":"https:\/\/mundoanimalito.com\/#website","url":"https:\/\/mundoanimalito.com\/","name":"Mundo Animalito","description":"Datos y curiosidades de los animales, encuentra ac\u00e1 todo para tu mascota","publisher":{"@id":"https:\/\/mundoanimalito.com\/#organization"},"potentialAction":[{"@type":"SearchAction","target":{"@type":"EntryPoint","urlTemplate":"https:\/\/mundoanimalito.com\/?s={search_term_string}"},"query-input":{"@type":"PropertyValueSpecification","valueRequired":true,"valueName":"search_term_string"}}],"inLanguage":"es"},{"@type":"Organization","@id":"https:\/\/mundoanimalito.com\/#organization","name":"Mundo Animalito","url":"https:\/\/mundoanimalito.com\/","logo":{"@type":"ImageObject","inLanguage":"es","@id":"https:\/\/mundoanimalito.com\/#\/schema\/logo\/image\/","url":"https:\/\/mundoanimalito.com\/wp-content\/uploads\/2023\/10\/cropped-cropped-LOGO-OFICIAL-ULTIMA-VERSION-1.jpg","contentUrl":"https:\/\/mundoanimalito.com\/wp-content\/uploads\/2023\/10\/cropped-cropped-LOGO-OFICIAL-ULTIMA-VERSION-1.jpg","width":374,"height":425,"caption":"Mundo Animalito"},"image":{"@id":"https:\/\/mundoanimalito.com\/#\/schema\/logo\/image\/"},"sameAs":["https:\/\/www.facebook.com\/mundoanimalito77","https:\/\/www.instagram.com\/mundoanimalito77\/","https:\/\/www.tiktok.com\/@mundoanimalito77","https:\/\/www.youtube.com\/channel\/UCLo2JhNUNtHVraDt5aHadew"]}]}},"_links":{"self":[{"href":"https:\/\/mundoanimalito.com\/index.php\/wp-json\/wp\/v2\/pages\/24904","targetHints":{"allow":["GET"]}}],"collection":[{"href":"https:\/\/mundoanimalito.com\/index.php\/wp-json\/wp\/v2\/pages"}],"about":[{"href":"https:\/\/mundoanimalito.com\/index.php\/wp-json\/wp\/v2\/types\/page"}],"author":[{"embeddable":true,"href":"https:\/\/mundoanimalito.com\/index.php\/wp-json\/wp\/v2\/users\/1"}],"replies":[{"embeddable":true,"href":"https:\/\/mundoanimalito.com\/index.php\/wp-json\/wp\/v2\/comments?post=24904"}],"version-history":[{"count":0,"href":"https:\/\/mundoanimalito.com\/index.php\/wp-json\/wp\/v2\/pages\/24904\/revisions"}],"wp:attachment":[{"href":"https:\/\/mundoanimalito.com\/index.php\/wp-json\/wp\/v2\/media?parent=24904"}],"curies":[{"name":"wp","href":"https:\/\/api.w.org\/{rel}","templated":true}]}}