{"id":24747,"date":"2024-04-17T18:20:57","date_gmt":"2024-04-17T23:20:57","guid":{"rendered":"https:\/\/mundoanimalito.com\/?page_id=24747"},"modified":"2024-09-05T11:44:49","modified_gmt":"2024-09-05T16:44:49","slug":"julius-k9-arnes-idc-power-tamano-s-mini-negro","status":"publish","type":"page","link":"https:\/\/mundoanimalito.com\/index.php\/julius-k9-arnes-idc-power-tamano-s-mini-negro\/","title":{"rendered":"Julius-K9, Arn\u00e9s IDC Power, Tama\u00f1o: S \/ Mini, Negro"},"content":{"rendered":"\t\t<div data-elementor-type=\"wp-page\" data-elementor-id=\"24747\" class=\"elementor elementor-24747\" data-elementor-post-type=\"page\">\n\t\t\t\t<div class=\"elementor-element elementor-element-9af3812 e-flex e-con-boxed e-con e-parent\" data-id=\"9af3812\" data-element_type=\"container\" data-e-type=\"container\">\n\t\t\t\t\t<div class=\"e-con-inner\">\n\t\t\t\t<div class=\"elementor-element elementor-element-a6ebd76 elementor-invisible elementor-widget elementor-widget-heading\" data-id=\"a6ebd76\" data-element_type=\"widget\" data-e-type=\"widget\" data-settings=\"{&quot;_animation&quot;:&quot;fadeInDown&quot;}\" data-widget_type=\"heading.default\">\n\t\t\t\t<div class=\"elementor-widget-container\">\n\t\t\t\t\t<h2 class=\"elementor-heading-title elementor-size-default\">\u00bfEst\u00e1s buscando el arn\u00e9s perfecto para tus paseos diarios con tu perro? \u00a1El Arn\u00e9s IDC\u00aePower es la respuesta a tus necesidades de control y seguridad!<\/h2>\t\t\t\t<\/div>\n\t\t\t\t<\/div>\n\t\t\t\t\t<\/div>\n\t\t\t\t<\/div>\n\t\t<div class=\"elementor-element elementor-element-aa832c5 e-flex e-con-boxed e-con e-parent\" data-id=\"aa832c5\" data-element_type=\"container\" data-e-type=\"container\">\n\t\t\t\t\t<div class=\"e-con-inner\">\n\t\t<div class=\"elementor-element elementor-element-fc06205 e-con-full e-flex e-con e-child\" data-id=\"fc06205\" data-element_type=\"container\" data-e-type=\"container\">\n\t\t\t\t<div class=\"elementor-element elementor-element-71f409f elementor-widget elementor-widget-image\" data-id=\"71f409f\" data-element_type=\"widget\" data-e-type=\"widget\" data-widget_type=\"image.default\">\n\t\t\t\t<div class=\"elementor-widget-container\">\n\t\t\t\t\t\t\t\t\t\t\t\t\t\t\t\t<a href=\"https:\/\/amzn.to\/49JbnTZ\" target=\"_blank\">\n\t\t\t\t\t\t\t<img fetchpriority=\"high\" decoding=\"async\" width=\"1024\" height=\"915\" src=\"https:\/\/mundoanimalito.com\/wp-content\/uploads\/2024\/04\/81L8NtY30pL._AC_SL1500_-1024x915.jpg\" class=\"attachment-large size-large wp-image-24728\" alt=\"Julius-K9, Arn\u00e9s IDC Power, Tama\u00f1o: S \/ Mini, Negro\" srcset=\"https:\/\/mundoanimalito.com\/wp-content\/uploads\/2024\/04\/81L8NtY30pL._AC_SL1500_-1024x915.jpg 1024w, https:\/\/mundoanimalito.com\/wp-content\/uploads\/2024\/04\/81L8NtY30pL._AC_SL1500_-300x268.jpg 300w, https:\/\/mundoanimalito.com\/wp-content\/uploads\/2024\/04\/81L8NtY30pL._AC_SL1500_-768x686.jpg 768w, https:\/\/mundoanimalito.com\/wp-content\/uploads\/2024\/04\/81L8NtY30pL._AC_SL1500_.jpg 1500w\" sizes=\"(max-width: 1024px) 100vw, 1024px\" \/>\t\t\t\t\t\t\t\t<\/a>\n\t\t\t\t\t\t\t\t\t\t\t\t\t\t\t<\/div>\n\t\t\t\t<\/div>\n\t\t\t\t<\/div>\n\t\t<div class=\"elementor-element elementor-element-3157f55 e-con-full e-flex e-con e-child\" data-id=\"3157f55\" data-element_type=\"container\" data-e-type=\"container\">\n\t\t\t\t<div class=\"elementor-element elementor-element-e04fecd elementor-widget elementor-widget-text-editor\" data-id=\"e04fecd\" data-element_type=\"widget\" data-e-type=\"widget\" data-widget_type=\"text-editor.default\">\n\t\t\t\t<div class=\"elementor-widget-container\">\n\t\t\t\t\t\t\t\t\t<p><strong>\ud83d\udcbc Profesional y Pr\u00e1ctico:<\/strong>\u00a0 Dise\u00f1ado para los d\u00edas m\u00e1s ajetreados y los paseos matutinos, el Arn\u00e9s IDC\u00aePower ofrece un control profesional con un solo movimiento. \u00a1Conf\u00eda en \u00e9l en todas tus salidas!<\/p><p>\u00a0<\/p><p><strong>\ud83c\udff7\ufe0f Personalizaci\u00f3n sin L\u00edmites:<\/strong>\u00a0 Con etiquetas intercambiables, puedes expresar la personalidad de tu perro o mostrar informaci\u00f3n \u00fatil. Dale un toque \u00fanico y seguro a tus paseos.<\/p><p>\u00a0<\/p><p><strong>\ud83d\udcaa Robusto y Duradero:<\/strong>\u00a0 Su estructura resistente y su hebilla a prueba de golpes garantizan la fiabilidad y durabilidad del arn\u00e9s. Adem\u00e1s, los elementos reflectantes aseguran una alta visibilidad, \u00a1manteniendo a tu perro seguro en todo momento!<\/p><p>\u00a0<\/p><p><strong>\ud83d\uddb1\ufe0f Ajuste Perfecto con un Clic:<\/strong>\u00a0 Col\u00f3calo con un solo movimiento y disfruta de su comodidad durante todo el d\u00eda. \u00a1Ideal para una vida urbana activa y llena de aventuras!<\/p><p>\u00a0<\/p><p><strong>\ud83c\udf2c\ufe0f Libertad de Movimiento y Respiraci\u00f3n:<\/strong>\u00a0 Su dise\u00f1o \u00fanico permite una respiraci\u00f3n libre y saludable, sin poner presi\u00f3n en el cuello. \u00a1Tu perro disfrutar\u00e1 de una experiencia c\u00f3moda y segura en cada paseo!<\/p>\t\t\t\t\t\t\t\t<\/div>\n\t\t\t\t<\/div>\n\t\t\t\t<\/div>\n\t\t\t\t\t<\/div>\n\t\t\t\t<\/div>\n\t\t<div class=\"elementor-element elementor-element-f8adf85 e-flex e-con-boxed e-con e-parent\" data-id=\"f8adf85\" data-element_type=\"container\" data-e-type=\"container\">\n\t\t\t\t\t<div class=\"e-con-inner\">\n\t\t\t\t<div class=\"elementor-element elementor-element-22422a6 elementor-widget elementor-widget-text-editor\" data-id=\"22422a6\" data-element_type=\"widget\" data-e-type=\"widget\" data-widget_type=\"text-editor.default\">\n\t\t\t\t<div class=\"elementor-widget-container\">\n\t\t\t\t\t\t\t\t\t<p><strong>\ud83c\udf1fInnovaci\u00f3n y Experiencia:<\/strong>\u00a0 Con m\u00e1s de 20 a\u00f1os de experiencia en el dise\u00f1o de arneses para perros, el Arn\u00e9s IDC\u00aePower combina innovaci\u00f3n y calidad para ser tu compa\u00f1ero perfecto en todas tus aventuras.<\/p><p>\u00a0<\/p><p>\u00a1No esperes m\u00e1s para mejorar tus paseos con tu mejor amigo! Haz clic en \u00abComprar Ahora\u00bb y descubre por qu\u00e9 el Arn\u00e9s IDC\u00aePower es la elecci\u00f3n preferida por entrenadores, veterinarios y amantes de los perros en todo el mundo.<\/p>\t\t\t\t\t\t\t\t<\/div>\n\t\t\t\t<\/div>\n\t\t\t\t<div class=\"elementor-element elementor-element-cf19355 elementor-align-right elementor-widget elementor-widget-button\" data-id=\"cf19355\" data-element_type=\"widget\" data-e-type=\"widget\" data-widget_type=\"button.default\">\n\t\t\t\t<div class=\"elementor-widget-container\">\n\t\t\t\t\t\t\t\t\t<div class=\"elementor-button-wrapper\">\n\t\t\t\t\t<a class=\"elementor-button elementor-button-link elementor-size-sm\" href=\"https:\/\/amzn.to\/49JbnTZ\" target=\"_blank\">\n\t\t\t\t\t\t<span class=\"elementor-button-content-wrapper\">\n\t\t\t\t\t\t\t\t\t<span class=\"elementor-button-text\">Compra ahora en Amazon<\/span>\n\t\t\t\t\t<\/span>\n\t\t\t\t\t<\/a>\n\t\t\t\t<\/div>\n\t\t\t\t\t\t\t\t<\/div>\n\t\t\t\t<\/div>\n\t\t\t\t\t<\/div>\n\t\t\t\t<\/div>\n\t\t<div class=\"elementor-element elementor-element-e61c23d e-flex e-con-boxed e-con e-parent\" data-id=\"e61c23d\" data-element_type=\"container\" data-e-type=\"container\">\n\t\t\t\t\t<div class=\"e-con-inner\">\n\t\t\t\t<div class=\"elementor-element elementor-element-12bdb97 elementor-arrows-position-inside elementor-pagination-position-outside elementor-widget elementor-widget-image-carousel\" data-id=\"12bdb97\" data-element_type=\"widget\" data-e-type=\"widget\" data-settings=\"{&quot;slides_to_show&quot;:&quot;1&quot;,&quot;navigation&quot;:&quot;both&quot;,&quot;autoplay&quot;:&quot;yes&quot;,&quot;pause_on_hover&quot;:&quot;yes&quot;,&quot;pause_on_interaction&quot;:&quot;yes&quot;,&quot;autoplay_speed&quot;:5000,&quot;infinite&quot;:&quot;yes&quot;,&quot;effect&quot;:&quot;slide&quot;,&quot;speed&quot;:500}\" data-widget_type=\"image-carousel.default\">\n\t\t\t\t<div class=\"elementor-widget-container\">\n\t\t\t\t\t\t\t<div class=\"elementor-image-carousel-wrapper swiper\" role=\"region\" aria-roledescription=\"carousel\" aria-label=\"Carrusel de im\u00e1genes\" dir=\"ltr\">\n\t\t\t<div class=\"elementor-image-carousel swiper-wrapper\" aria-live=\"off\">\n\t\t\t\t\t\t\t\t<div class=\"swiper-slide\" role=\"group\" aria-roledescription=\"slide\" aria-label=\"1 de 3\"><figure class=\"swiper-slide-inner\"><img decoding=\"async\" class=\"swiper-slide-image\" src=\"https:\/\/mundoanimalito.com\/wp-content\/uploads\/2024\/04\/815adcYm3gL._AC_SL1500_-768x632.jpg\" alt=\"Julius-K9, Arn\u00e9s IDC Power, Tama\u00f1o: S \/ Mini, Negro\" \/><\/figure><\/div><div class=\"swiper-slide\" role=\"group\" aria-roledescription=\"slide\" aria-label=\"2 de 3\"><figure class=\"swiper-slide-inner\"><img decoding=\"async\" class=\"swiper-slide-image\" src=\"https:\/\/mundoanimalito.com\/wp-content\/uploads\/2024\/04\/71oTnZmN8L._AC_SL1284_-768x543.jpg\" alt=\"Julius-K9, Arn\u00e9s IDC Power, Tama\u00f1o: S \/ Mini, Negro\" \/><\/figure><\/div><div class=\"swiper-slide\" role=\"group\" aria-roledescription=\"slide\" aria-label=\"3 de 3\"><figure class=\"swiper-slide-inner\"><img decoding=\"async\" class=\"swiper-slide-image\" src=\"https:\/\/mundoanimalito.com\/wp-content\/uploads\/2024\/04\/91WCNZDOr7L._AC_SL1500_-768x768.jpg\" alt=\"Julius-K9, Arn\u00e9s IDC Power, Tama\u00f1o: S \/ Mini, Negro\" \/><\/figure><\/div>\t\t\t<\/div>\n\t\t\t\t\t\t\t\t\t\t\t\t<div class=\"elementor-swiper-button elementor-swiper-button-prev\" role=\"button\" tabindex=\"0\">\n\t\t\t\t\t\t<i aria-hidden=\"true\" class=\"eicon-chevron-left\"><\/i>\t\t\t\t\t<\/div>\n\t\t\t\t\t<div class=\"elementor-swiper-button elementor-swiper-button-next\" role=\"button\" tabindex=\"0\">\n\t\t\t\t\t\t<i aria-hidden=\"true\" class=\"eicon-chevron-right\"><\/i>\t\t\t\t\t<\/div>\n\t\t\t\t\n\t\t\t\t\t\t\t\t\t<div class=\"swiper-pagination\"><\/div>\n\t\t\t\t\t\t\t\t\t<\/div>\n\t\t\t\t\t\t<\/div>\n\t\t\t\t<\/div>\n\t\t\t\t\t<\/div>\n\t\t\t\t<\/div>\n\t\t<div class=\"elementor-element elementor-element-bd74ce2 e-flex e-con-boxed e-con e-parent\" data-id=\"bd74ce2\" data-element_type=\"container\" data-e-type=\"container\">\n\t\t\t\t\t<div class=\"e-con-inner\">\n\t\t\t\t<div class=\"elementor-element elementor-element-9a2a0ed elementor-align-right elementor-widget elementor-widget-button\" data-id=\"9a2a0ed\" data-element_type=\"widget\" data-e-type=\"widget\" data-widget_type=\"button.default\">\n\t\t\t\t<div class=\"elementor-widget-container\">\n\t\t\t\t\t\t\t\t\t<div class=\"elementor-button-wrapper\">\n\t\t\t\t\t<a class=\"elementor-button elementor-button-link elementor-size-sm\" href=\"https:\/\/amzn.to\/49JbnTZ\" target=\"_blank\">\n\t\t\t\t\t\t<span class=\"elementor-button-content-wrapper\">\n\t\t\t\t\t\t\t\t\t<span class=\"elementor-button-text\">Compra ahora en Amazon<\/span>\n\t\t\t\t\t<\/span>\n\t\t\t\t\t<\/a>\n\t\t\t\t<\/div>\n\t\t\t\t\t\t\t\t<\/div>\n\t\t\t\t<\/div>\n\t\t\t\t\t<\/div>\n\t\t\t\t<\/div>\n\t\t\t\t<\/div>\n\t\t","protected":false},"excerpt":{"rendered":"<p>\u00bfEst\u00e1s buscando el arn\u00e9s perfecto para tus paseos diarios con tu perro? \u00a1El Arn\u00e9s IDC\u00aePower es la respuesta a tus necesidades de control y seguridad! \ud83d\udcbc Profesional y Pr\u00e1ctico:\u00a0 Dise\u00f1ado para los d\u00edas m\u00e1s ajetreados y los paseos matutinos, el Arn\u00e9s IDC\u00aePower ofrece un control profesional con un solo movimiento. \u00a1Conf\u00eda en \u00e9l en todas [&hellip;]<\/p>\n","protected":false},"author":1,"featured_media":0,"parent":0,"menu_order":0,"comment_status":"closed","ping_status":"closed","template":"","meta":{"site-sidebar-layout":"no-sidebar","site-content-layout":"page-builder","ast-site-content-layout":"full-width-container","site-content-style":"default","site-sidebar-style":"default","ast-global-header-display":"","ast-banner-title-visibility":"","ast-main-header-display":"","ast-hfb-above-header-display":"","ast-hfb-below-header-display":"","ast-hfb-mobile-header-display":"","site-post-title":"disabled","ast-breadcrumbs-content":"","ast-featured-img":"disabled","footer-sml-layout":"","ast-disable-related-posts":"","theme-transparent-header-meta":"","adv-header-id-meta":"","stick-header-meta":"","header-above-stick-meta":"","header-main-stick-meta":"","header-below-stick-meta":"","astra-migrate-meta-layouts":"set","ast-page-background-enabled":"default","ast-page-background-meta":{"desktop":{"background-color":"var(--ast-global-color-4)","background-image":"","background-repeat":"repeat","background-position":"center center","background-size":"auto","background-attachment":"scroll","background-type":"","background-media":"","overlay-type":"","overlay-color":"","overlay-opacity":"","overlay-gradient":""},"tablet":{"background-color":"","background-image":"","background-repeat":"repeat","background-position":"center center","background-size":"auto","background-attachment":"scroll","background-type":"","background-media":"","overlay-type":"","overlay-color":"","overlay-opacity":"","overlay-gradient":""},"mobile":{"background-color":"","background-image":"","background-repeat":"repeat","background-position":"center center","background-size":"auto","background-attachment":"scroll","background-type":"","background-media":"","overlay-type":"","overlay-color":"","overlay-opacity":"","overlay-gradient":""}},"ast-content-background-meta":{"desktop":{"background-color":"var(--ast-global-color-5)","background-image":"","background-repeat":"repeat","background-position":"center center","background-size":"auto","background-attachment":"scroll","background-type":"","background-media":"","overlay-type":"","overlay-color":"","overlay-opacity":"","overlay-gradient":""},"tablet":{"background-color":"var(--ast-global-color-5)","background-image":"","background-repeat":"repeat","background-position":"center center","background-size":"auto","background-attachment":"scroll","background-type":"","background-media":"","overlay-type":"","overlay-color":"","overlay-opacity":"","overlay-gradient":""},"mobile":{"background-color":"var(--ast-global-color-5)","background-image":"","background-repeat":"repeat","background-position":"center center","background-size":"auto","background-attachment":"scroll","background-type":"","background-media":"","overlay-type":"","overlay-color":"","overlay-opacity":"","overlay-gradient":""}},"footnotes":""},"class_list":["post-24747","page","type-page","status-publish","hentry"],"yoast_head":"<!-- This site is optimized with the Yoast SEO plugin v27.4 - https:\/\/yoast.com\/product\/yoast-seo-wordpress\/ -->\n<title>Julius-K9, Arn\u00e9s para Perro Peque\u00f1o | Mundo Animalito<\/title>\n<meta name=\"description\" content=\"Est\u00e1s buscando el arn\u00e9s perfecto para tus paseos diarios con tu perro? \u00a1El Arn\u00e9s IDC\u00aePower es la respuesta a tus necesidades de control y seguridad!\" \/>\n<meta name=\"robots\" content=\"index, follow, max-snippet:-1, max-image-preview:large, max-video-preview:-1\" \/>\n<link rel=\"canonical\" href=\"https:\/\/mundoanimalito.com\/index.php\/julius-k9-arnes-idc-power-tamano-s-mini-negro\/\" \/>\n<meta property=\"og:locale\" content=\"es_ES\" \/>\n<meta property=\"og:type\" content=\"article\" \/>\n<meta property=\"og:title\" content=\"Julius-K9, Arn\u00e9s para Perro Peque\u00f1o | Mundo Animalito\" \/>\n<meta property=\"og:description\" content=\"Est\u00e1s buscando el arn\u00e9s perfecto para tus paseos diarios con tu perro? \u00a1El Arn\u00e9s IDC\u00aePower es la respuesta a tus necesidades de control y seguridad!\" \/>\n<meta property=\"og:url\" content=\"https:\/\/mundoanimalito.com\/index.php\/julius-k9-arnes-idc-power-tamano-s-mini-negro\/\" \/>\n<meta property=\"og:site_name\" content=\"Mundo Animalito\" \/>\n<meta property=\"article:publisher\" content=\"https:\/\/www.facebook.com\/mundoanimalito77\" \/>\n<meta property=\"article:modified_time\" content=\"2024-09-05T16:44:49+00:00\" \/>\n<meta property=\"og:image\" content=\"https:\/\/mundoanimalito.com\/wp-content\/uploads\/2024\/04\/81L8NtY30pL._AC_SL1500_-1024x915.jpg\" \/>\n<meta name=\"twitter:card\" content=\"summary_large_image\" \/>\n<meta name=\"twitter:label1\" content=\"Tiempo de lectura\" \/>\n\t<meta name=\"twitter:data1\" content=\"3 minutos\" \/>\n<script type=\"application\/ld+json\" class=\"yoast-schema-graph\">{\"@context\":\"https:\\\/\\\/schema.org\",\"@graph\":[{\"@type\":\"WebPage\",\"@id\":\"https:\\\/\\\/mundoanimalito.com\\\/index.php\\\/julius-k9-arnes-idc-power-tamano-s-mini-negro\\\/\",\"url\":\"https:\\\/\\\/mundoanimalito.com\\\/index.php\\\/julius-k9-arnes-idc-power-tamano-s-mini-negro\\\/\",\"name\":\"Julius-K9, Arn\u00e9s para Perro Peque\u00f1o | Mundo Animalito\",\"isPartOf\":{\"@id\":\"https:\\\/\\\/mundoanimalito.com\\\/#website\"},\"primaryImageOfPage\":{\"@id\":\"https:\\\/\\\/mundoanimalito.com\\\/index.php\\\/julius-k9-arnes-idc-power-tamano-s-mini-negro\\\/#primaryimage\"},\"image\":{\"@id\":\"https:\\\/\\\/mundoanimalito.com\\\/index.php\\\/julius-k9-arnes-idc-power-tamano-s-mini-negro\\\/#primaryimage\"},\"thumbnailUrl\":\"https:\\\/\\\/mundoanimalito.com\\\/wp-content\\\/uploads\\\/2024\\\/04\\\/81L8NtY30pL._AC_SL1500_-1024x915.jpg\",\"datePublished\":\"2024-04-17T23:20:57+00:00\",\"dateModified\":\"2024-09-05T16:44:49+00:00\",\"description\":\"Est\u00e1s buscando el arn\u00e9s perfecto para tus paseos diarios con tu perro? \u00a1El Arn\u00e9s IDC\u00aePower es la respuesta a tus necesidades de control y seguridad!\",\"breadcrumb\":{\"@id\":\"https:\\\/\\\/mundoanimalito.com\\\/index.php\\\/julius-k9-arnes-idc-power-tamano-s-mini-negro\\\/#breadcrumb\"},\"inLanguage\":\"es\",\"potentialAction\":[{\"@type\":\"ReadAction\",\"target\":[\"https:\\\/\\\/mundoanimalito.com\\\/index.php\\\/julius-k9-arnes-idc-power-tamano-s-mini-negro\\\/\"]}]},{\"@type\":\"ImageObject\",\"inLanguage\":\"es\",\"@id\":\"https:\\\/\\\/mundoanimalito.com\\\/index.php\\\/julius-k9-arnes-idc-power-tamano-s-mini-negro\\\/#primaryimage\",\"url\":\"https:\\\/\\\/mundoanimalito.com\\\/wp-content\\\/uploads\\\/2024\\\/04\\\/81L8NtY30pL._AC_SL1500_.jpg\",\"contentUrl\":\"https:\\\/\\\/mundoanimalito.com\\\/wp-content\\\/uploads\\\/2024\\\/04\\\/81L8NtY30pL._AC_SL1500_.jpg\",\"width\":1500,\"height\":1340,\"caption\":\"Julius-K9, Arn\u00e9s IDC Power, Tama\u00f1o: S \\\/ Mini, Negro\"},{\"@type\":\"BreadcrumbList\",\"@id\":\"https:\\\/\\\/mundoanimalito.com\\\/index.php\\\/julius-k9-arnes-idc-power-tamano-s-mini-negro\\\/#breadcrumb\",\"itemListElement\":[{\"@type\":\"ListItem\",\"position\":1,\"name\":\"Portada\",\"item\":\"https:\\\/\\\/mundoanimalito.com\\\/\"},{\"@type\":\"ListItem\",\"position\":2,\"name\":\"Julius-K9, Arn\u00e9s IDC Power, Tama\u00f1o: S \\\/ Mini, Negro\"}]},{\"@type\":\"WebSite\",\"@id\":\"https:\\\/\\\/mundoanimalito.com\\\/#website\",\"url\":\"https:\\\/\\\/mundoanimalito.com\\\/\",\"name\":\"Mundo Animalito\",\"description\":\"Datos y curiosidades de los animales, encuentra ac\u00e1 todo para tu mascota\",\"publisher\":{\"@id\":\"https:\\\/\\\/mundoanimalito.com\\\/#organization\"},\"potentialAction\":[{\"@type\":\"SearchAction\",\"target\":{\"@type\":\"EntryPoint\",\"urlTemplate\":\"https:\\\/\\\/mundoanimalito.com\\\/?s={search_term_string}\"},\"query-input\":{\"@type\":\"PropertyValueSpecification\",\"valueRequired\":true,\"valueName\":\"search_term_string\"}}],\"inLanguage\":\"es\"},{\"@type\":\"Organization\",\"@id\":\"https:\\\/\\\/mundoanimalito.com\\\/#organization\",\"name\":\"Mundo Animalito\",\"url\":\"https:\\\/\\\/mundoanimalito.com\\\/\",\"logo\":{\"@type\":\"ImageObject\",\"inLanguage\":\"es\",\"@id\":\"https:\\\/\\\/mundoanimalito.com\\\/#\\\/schema\\\/logo\\\/image\\\/\",\"url\":\"https:\\\/\\\/mundoanimalito.com\\\/wp-content\\\/uploads\\\/2023\\\/10\\\/cropped-cropped-LOGO-OFICIAL-ULTIMA-VERSION-1.jpg\",\"contentUrl\":\"https:\\\/\\\/mundoanimalito.com\\\/wp-content\\\/uploads\\\/2023\\\/10\\\/cropped-cropped-LOGO-OFICIAL-ULTIMA-VERSION-1.jpg\",\"width\":374,\"height\":425,\"caption\":\"Mundo Animalito\"},\"image\":{\"@id\":\"https:\\\/\\\/mundoanimalito.com\\\/#\\\/schema\\\/logo\\\/image\\\/\"},\"sameAs\":[\"https:\\\/\\\/www.facebook.com\\\/mundoanimalito77\",\"https:\\\/\\\/www.instagram.com\\\/mundoanimalito77\\\/\",\"https:\\\/\\\/www.tiktok.com\\\/@mundoanimalito77\",\"https:\\\/\\\/www.youtube.com\\\/channel\\\/UCLo2JhNUNtHVraDt5aHadew\"]}]}<\/script>\n<!-- \/ Yoast SEO plugin. -->","yoast_head_json":{"title":"Julius-K9, Arn\u00e9s para Perro Peque\u00f1o | Mundo Animalito","description":"Est\u00e1s buscando el arn\u00e9s perfecto para tus paseos diarios con tu perro? \u00a1El Arn\u00e9s IDC\u00aePower es la respuesta a tus necesidades de control y seguridad!","robots":{"index":"index","follow":"follow","max-snippet":"max-snippet:-1","max-image-preview":"max-image-preview:large","max-video-preview":"max-video-preview:-1"},"canonical":"https:\/\/mundoanimalito.com\/index.php\/julius-k9-arnes-idc-power-tamano-s-mini-negro\/","og_locale":"es_ES","og_type":"article","og_title":"Julius-K9, Arn\u00e9s para Perro Peque\u00f1o | Mundo Animalito","og_description":"Est\u00e1s buscando el arn\u00e9s perfecto para tus paseos diarios con tu perro? \u00a1El Arn\u00e9s IDC\u00aePower es la respuesta a tus necesidades de control y seguridad!","og_url":"https:\/\/mundoanimalito.com\/index.php\/julius-k9-arnes-idc-power-tamano-s-mini-negro\/","og_site_name":"Mundo Animalito","article_publisher":"https:\/\/www.facebook.com\/mundoanimalito77","article_modified_time":"2024-09-05T16:44:49+00:00","og_image":[{"url":"https:\/\/mundoanimalito.com\/wp-content\/uploads\/2024\/04\/81L8NtY30pL._AC_SL1500_-1024x915.jpg","type":"","width":"","height":""}],"twitter_card":"summary_large_image","twitter_misc":{"Tiempo de lectura":"3 minutos"},"schema":{"@context":"https:\/\/schema.org","@graph":[{"@type":"WebPage","@id":"https:\/\/mundoanimalito.com\/index.php\/julius-k9-arnes-idc-power-tamano-s-mini-negro\/","url":"https:\/\/mundoanimalito.com\/index.php\/julius-k9-arnes-idc-power-tamano-s-mini-negro\/","name":"Julius-K9, Arn\u00e9s para Perro Peque\u00f1o | Mundo Animalito","isPartOf":{"@id":"https:\/\/mundoanimalito.com\/#website"},"primaryImageOfPage":{"@id":"https:\/\/mundoanimalito.com\/index.php\/julius-k9-arnes-idc-power-tamano-s-mini-negro\/#primaryimage"},"image":{"@id":"https:\/\/mundoanimalito.com\/index.php\/julius-k9-arnes-idc-power-tamano-s-mini-negro\/#primaryimage"},"thumbnailUrl":"https:\/\/mundoanimalito.com\/wp-content\/uploads\/2024\/04\/81L8NtY30pL._AC_SL1500_-1024x915.jpg","datePublished":"2024-04-17T23:20:57+00:00","dateModified":"2024-09-05T16:44:49+00:00","description":"Est\u00e1s buscando el arn\u00e9s perfecto para tus paseos diarios con tu perro? \u00a1El Arn\u00e9s IDC\u00aePower es la respuesta a tus necesidades de control y seguridad!","breadcrumb":{"@id":"https:\/\/mundoanimalito.com\/index.php\/julius-k9-arnes-idc-power-tamano-s-mini-negro\/#breadcrumb"},"inLanguage":"es","potentialAction":[{"@type":"ReadAction","target":["https:\/\/mundoanimalito.com\/index.php\/julius-k9-arnes-idc-power-tamano-s-mini-negro\/"]}]},{"@type":"ImageObject","inLanguage":"es","@id":"https:\/\/mundoanimalito.com\/index.php\/julius-k9-arnes-idc-power-tamano-s-mini-negro\/#primaryimage","url":"https:\/\/mundoanimalito.com\/wp-content\/uploads\/2024\/04\/81L8NtY30pL._AC_SL1500_.jpg","contentUrl":"https:\/\/mundoanimalito.com\/wp-content\/uploads\/2024\/04\/81L8NtY30pL._AC_SL1500_.jpg","width":1500,"height":1340,"caption":"Julius-K9, Arn\u00e9s IDC Power, Tama\u00f1o: S \/ Mini, Negro"},{"@type":"BreadcrumbList","@id":"https:\/\/mundoanimalito.com\/index.php\/julius-k9-arnes-idc-power-tamano-s-mini-negro\/#breadcrumb","itemListElement":[{"@type":"ListItem","position":1,"name":"Portada","item":"https:\/\/mundoanimalito.com\/"},{"@type":"ListItem","position":2,"name":"Julius-K9, Arn\u00e9s IDC Power, Tama\u00f1o: S \/ Mini, Negro"}]},{"@type":"WebSite","@id":"https:\/\/mundoanimalito.com\/#website","url":"https:\/\/mundoanimalito.com\/","name":"Mundo Animalito","description":"Datos y curiosidades de los animales, encuentra ac\u00e1 todo para tu mascota","publisher":{"@id":"https:\/\/mundoanimalito.com\/#organization"},"potentialAction":[{"@type":"SearchAction","target":{"@type":"EntryPoint","urlTemplate":"https:\/\/mundoanimalito.com\/?s={search_term_string}"},"query-input":{"@type":"PropertyValueSpecification","valueRequired":true,"valueName":"search_term_string"}}],"inLanguage":"es"},{"@type":"Organization","@id":"https:\/\/mundoanimalito.com\/#organization","name":"Mundo Animalito","url":"https:\/\/mundoanimalito.com\/","logo":{"@type":"ImageObject","inLanguage":"es","@id":"https:\/\/mundoanimalito.com\/#\/schema\/logo\/image\/","url":"https:\/\/mundoanimalito.com\/wp-content\/uploads\/2023\/10\/cropped-cropped-LOGO-OFICIAL-ULTIMA-VERSION-1.jpg","contentUrl":"https:\/\/mundoanimalito.com\/wp-content\/uploads\/2023\/10\/cropped-cropped-LOGO-OFICIAL-ULTIMA-VERSION-1.jpg","width":374,"height":425,"caption":"Mundo Animalito"},"image":{"@id":"https:\/\/mundoanimalito.com\/#\/schema\/logo\/image\/"},"sameAs":["https:\/\/www.facebook.com\/mundoanimalito77","https:\/\/www.instagram.com\/mundoanimalito77\/","https:\/\/www.tiktok.com\/@mundoanimalito77","https:\/\/www.youtube.com\/channel\/UCLo2JhNUNtHVraDt5aHadew"]}]}},"_links":{"self":[{"href":"https:\/\/mundoanimalito.com\/index.php\/wp-json\/wp\/v2\/pages\/24747","targetHints":{"allow":["GET"]}}],"collection":[{"href":"https:\/\/mundoanimalito.com\/index.php\/wp-json\/wp\/v2\/pages"}],"about":[{"href":"https:\/\/mundoanimalito.com\/index.php\/wp-json\/wp\/v2\/types\/page"}],"author":[{"embeddable":true,"href":"https:\/\/mundoanimalito.com\/index.php\/wp-json\/wp\/v2\/users\/1"}],"replies":[{"embeddable":true,"href":"https:\/\/mundoanimalito.com\/index.php\/wp-json\/wp\/v2\/comments?post=24747"}],"version-history":[{"count":0,"href":"https:\/\/mundoanimalito.com\/index.php\/wp-json\/wp\/v2\/pages\/24747\/revisions"}],"wp:attachment":[{"href":"https:\/\/mundoanimalito.com\/index.php\/wp-json\/wp\/v2\/media?parent=24747"}],"curies":[{"name":"wp","href":"https:\/\/api.w.org\/{rel}","templated":true}]}}