{"id":24514,"date":"2024-04-17T16:19:32","date_gmt":"2024-04-17T21:19:32","guid":{"rendered":"https:\/\/mundoanimalito.com\/?page_id=24514"},"modified":"2024-09-03T15:39:57","modified_gmt":"2024-09-03T20:39:57","slug":"arnes-de-control-frontal-halti-para-evitar-que-tu-perro-tire-de-la-correa","status":"publish","type":"page","link":"https:\/\/mundoanimalito.com\/index.php\/arnes-de-control-frontal-halti-para-evitar-que-tu-perro-tire-de-la-correa\/","title":{"rendered":"Arn\u00e9s de control frontal HALTI &#8211; Para evitar que tu perro tire de la correa"},"content":{"rendered":"\t\t<div data-elementor-type=\"wp-page\" data-elementor-id=\"24514\" class=\"elementor elementor-24514\" data-elementor-post-type=\"page\">\n\t\t\t\t<div class=\"elementor-element elementor-element-912f0e4 e-flex e-con-boxed e-con e-parent\" data-id=\"912f0e4\" data-element_type=\"container\" data-e-type=\"container\">\n\t\t\t\t\t<div class=\"e-con-inner\">\n\t\t\t\t<div class=\"elementor-element elementor-element-b7d3d73 elementor-invisible elementor-widget elementor-widget-heading\" data-id=\"b7d3d73\" data-element_type=\"widget\" data-e-type=\"widget\" data-settings=\"{&quot;_animation&quot;:&quot;fadeInDown&quot;}\" data-widget_type=\"heading.default\">\n\t\t\t\t<div class=\"elementor-widget-container\">\n\t\t\t\t\t<h2 class=\"elementor-heading-title elementor-size-default\">\u00bfTe cuesta mantener el control cuando paseas a tu perro? \u00a1No te preocupes m\u00e1s! Con el Arn\u00e9s de Control Frontal HALTI, podr\u00e1s disfrutar de paseos m\u00e1s relajados y seguros con tu mascota.<\/h2>\t\t\t\t<\/div>\n\t\t\t\t<\/div>\n\t\t\t\t\t<\/div>\n\t\t\t\t<\/div>\n\t\t<div class=\"elementor-element elementor-element-38e8289 e-flex e-con-boxed e-con e-parent\" data-id=\"38e8289\" data-element_type=\"container\" data-e-type=\"container\">\n\t\t\t\t\t<div class=\"e-con-inner\">\n\t\t<div class=\"elementor-element elementor-element-8095494 e-con-full e-flex e-con e-child\" data-id=\"8095494\" data-element_type=\"container\" data-e-type=\"container\">\n\t\t\t\t<div class=\"elementor-element elementor-element-2c5ce5c elementor-widget elementor-widget-image\" data-id=\"2c5ce5c\" data-element_type=\"widget\" data-e-type=\"widget\" data-widget_type=\"image.default\">\n\t\t\t\t<div class=\"elementor-widget-container\">\n\t\t\t\t\t\t\t\t\t\t\t\t\t\t\t\t<a href=\"https:\/\/amzn.to\/4aDSaEs\" target=\"_blank\">\n\t\t\t\t\t\t\t<img fetchpriority=\"high\" decoding=\"async\" width=\"1024\" height=\"977\" src=\"https:\/\/mundoanimalito.com\/wp-content\/uploads\/2024\/04\/81pQc2HuLBL._AC_SL1500_-1024x977.jpg\" class=\"attachment-large size-large wp-image-24504\" alt=\"Arn\u00e9s de control frontal HALTI - Para evitar que tu perro tire de la correa, Ajustable, Ligero y F\u00e1cil de Usar. Adiestramiento canino antitirones Arn\u00e9s para perros medianos (Talla M)\" srcset=\"https:\/\/mundoanimalito.com\/wp-content\/uploads\/2024\/04\/81pQc2HuLBL._AC_SL1500_-1024x977.jpg 1024w, https:\/\/mundoanimalito.com\/wp-content\/uploads\/2024\/04\/81pQc2HuLBL._AC_SL1500_-300x286.jpg 300w, https:\/\/mundoanimalito.com\/wp-content\/uploads\/2024\/04\/81pQc2HuLBL._AC_SL1500_-768x733.jpg 768w, https:\/\/mundoanimalito.com\/wp-content\/uploads\/2024\/04\/81pQc2HuLBL._AC_SL1500_.jpg 1500w\" sizes=\"(max-width: 1024px) 100vw, 1024px\" \/>\t\t\t\t\t\t\t\t<\/a>\n\t\t\t\t\t\t\t\t\t\t\t\t\t\t\t<\/div>\n\t\t\t\t<\/div>\n\t\t\t\t<\/div>\n\t\t<div class=\"elementor-element elementor-element-a850502 e-con-full e-flex e-con e-child\" data-id=\"a850502\" data-element_type=\"container\" data-e-type=\"container\">\n\t\t\t\t<div class=\"elementor-element elementor-element-120e45f elementor-widget elementor-widget-text-editor\" data-id=\"120e45f\" data-element_type=\"widget\" data-e-type=\"widget\" data-widget_type=\"text-editor.default\">\n\t\t\t\t<div class=\"elementor-widget-container\">\n\t\t\t\t\t\t\t\t\t<p><strong>Detiene los Tirones:<\/strong> \ud83d\udeab Este arn\u00e9s controla a tu perro desde el pecho y los hombros, lo que proporciona un mejor control, incluso para los perros m\u00e1s en\u00e9rgicos que tienden a tirar con fuerza.<\/p><p>\u00a0<\/p><p><strong>Dise\u00f1o C\u00f3modo y Humano:<\/strong> \ud83c\udf1f El arn\u00e9s HALTI est\u00e1 dise\u00f1ado pensando en la comodidad de tu perro. Con correas acolchadas de neopreno en los hombros, garantiza la m\u00e1xima comodidad en todo momento, evitando cualquier incomodidad para tu mascota.<\/p><p>\u00a0<\/p><p><strong>Ajuste Perfecto para Todos los Tama\u00f1os:<\/strong> \ud83d\udccf Con su dise\u00f1o ajustable, el arn\u00e9s HALTI se adapta f\u00e1cilmente a cualquier tama\u00f1o de perro, proporcionando una soluci\u00f3n c\u00f3moda y segura para todas las razas.<\/p><p>\u00a0<\/p><p><strong>Seguridad Asegurada:<\/strong> \ud83d\udd12 Con un clip de seguridad resistente que se acopla al collar del perro, puedes estar tranquilo sabiendo que tu mascota est\u00e1 segura en todo momento durante el paseo.<\/p><p>\u00a0<\/p><p><strong>Mejor Juntos:<\/strong> \ud83d\udc36 Para una experiencia de adiestramiento antitirones \u00f3ptima, combina el arn\u00e9s HALTI con nuestra correa de adiestramiento Halti Training Lead de doble clip, \u00a1juntos lograr\u00e1n resultados asombrosos!<\/p><p>\u00a0<\/p><p>El Arn\u00e9s de Control Frontal HALTI es la soluci\u00f3n perfecta para controlar a tu perro durante los paseos. \u00a1Haz clic en \u00abComprar Ahora\u00bb y disfruta de paseos m\u00e1s placenteros y seguros con tu mejor amigo!<\/p>\t\t\t\t\t\t\t\t<\/div>\n\t\t\t\t<\/div>\n\t\t\t\t<div class=\"elementor-element elementor-element-cf780fb elementor-align-right elementor-widget elementor-widget-button\" data-id=\"cf780fb\" data-element_type=\"widget\" data-e-type=\"widget\" data-widget_type=\"button.default\">\n\t\t\t\t<div class=\"elementor-widget-container\">\n\t\t\t\t\t\t\t\t\t<div class=\"elementor-button-wrapper\">\n\t\t\t\t\t<a class=\"elementor-button elementor-button-link elementor-size-sm\" href=\"https:\/\/amzn.to\/4aDSaEs\" target=\"_blank\">\n\t\t\t\t\t\t<span class=\"elementor-button-content-wrapper\">\n\t\t\t\t\t\t\t\t\t<span class=\"elementor-button-text\">Compra ahora en Amazon<\/span>\n\t\t\t\t\t<\/span>\n\t\t\t\t\t<\/a>\n\t\t\t\t<\/div>\n\t\t\t\t\t\t\t\t<\/div>\n\t\t\t\t<\/div>\n\t\t\t\t<\/div>\n\t\t\t\t\t<\/div>\n\t\t\t\t<\/div>\n\t\t<div class=\"elementor-element elementor-element-c957458 e-flex e-con-boxed e-con e-parent\" data-id=\"c957458\" data-element_type=\"container\" data-e-type=\"container\">\n\t\t\t\t\t<div class=\"e-con-inner\">\n\t\t\t\t<div class=\"elementor-element elementor-element-1b09619 elementor-arrows-position-inside elementor-pagination-position-outside elementor-widget elementor-widget-image-carousel\" data-id=\"1b09619\" data-element_type=\"widget\" data-e-type=\"widget\" data-settings=\"{&quot;slides_to_show&quot;:&quot;1&quot;,&quot;navigation&quot;:&quot;both&quot;,&quot;autoplay&quot;:&quot;yes&quot;,&quot;pause_on_hover&quot;:&quot;yes&quot;,&quot;pause_on_interaction&quot;:&quot;yes&quot;,&quot;autoplay_speed&quot;:5000,&quot;infinite&quot;:&quot;yes&quot;,&quot;effect&quot;:&quot;slide&quot;,&quot;speed&quot;:500}\" data-widget_type=\"image-carousel.default\">\n\t\t\t\t<div class=\"elementor-widget-container\">\n\t\t\t\t\t\t\t<div class=\"elementor-image-carousel-wrapper swiper\" role=\"region\" aria-roledescription=\"carousel\" aria-label=\"Carrusel de im\u00e1genes\" dir=\"ltr\">\n\t\t\t<div class=\"elementor-image-carousel swiper-wrapper\" aria-live=\"off\">\n\t\t\t\t\t\t\t\t<div class=\"swiper-slide\" role=\"group\" aria-roledescription=\"slide\" aria-label=\"1 de 5\"><figure class=\"swiper-slide-inner\"><img decoding=\"async\" class=\"swiper-slide-image\" src=\"https:\/\/mundoanimalito.com\/wp-content\/uploads\/2024\/04\/8174XYyZ1ZL._AC_SL1500_-768x760.jpg\" alt=\"Arn\u00e9s de control frontal HALTI - Para evitar que tu perro tire de la correa, Ajustable, Ligero y F\u00e1cil de Usar. Adiestramiento canino antitirones Arn\u00e9s para perros medianos (Talla M)\" \/><\/figure><\/div><div class=\"swiper-slide\" role=\"group\" aria-roledescription=\"slide\" aria-label=\"2 de 5\"><figure class=\"swiper-slide-inner\"><img decoding=\"async\" class=\"swiper-slide-image\" src=\"https:\/\/mundoanimalito.com\/wp-content\/uploads\/2024\/04\/81C2EGvq4uL._AC_SL1500_-768x768.jpg\" alt=\"Arn\u00e9s de control frontal HALTI - Para evitar que tu perro tire de la correa, Ajustable, Ligero y F\u00e1cil de Usar. Adiestramiento canino antitirones Arn\u00e9s para perros medianos (Talla M)\" \/><\/figure><\/div><div class=\"swiper-slide\" role=\"group\" aria-roledescription=\"slide\" aria-label=\"3 de 5\"><figure class=\"swiper-slide-inner\"><img decoding=\"async\" class=\"swiper-slide-image\" src=\"https:\/\/mundoanimalito.com\/wp-content\/uploads\/2024\/04\/81fKqrWM-LL._AC_SL1500_-768x768.jpg\" alt=\"Arn\u00e9s de control frontal HALTI - Para evitar que tu perro tire de la correa, Ajustable, Ligero y F\u00e1cil de Usar. Adiestramiento canino antitirones Arn\u00e9s para perros medianos (Talla M)\" \/><\/figure><\/div><div class=\"swiper-slide\" role=\"group\" aria-roledescription=\"slide\" aria-label=\"4 de 5\"><figure class=\"swiper-slide-inner\"><img decoding=\"async\" class=\"swiper-slide-image\" src=\"https:\/\/mundoanimalito.com\/wp-content\/uploads\/2024\/04\/81rKN-tvhkL._AC_SL1500_-768x768.jpg\" alt=\"Arn\u00e9s de control frontal HALTI - Para evitar que tu perro tire de la correa, Ajustable, Ligero y F\u00e1cil de Usar. Adiestramiento canino antitirones Arn\u00e9s para perros medianos (Talla M)\" \/><\/figure><\/div><div class=\"swiper-slide\" role=\"group\" aria-roledescription=\"slide\" aria-label=\"5 de 5\"><figure class=\"swiper-slide-inner\"><img decoding=\"async\" class=\"swiper-slide-image\" src=\"https:\/\/mundoanimalito.com\/wp-content\/uploads\/2024\/04\/81rmE1mjqAL._AC_SL1500_-768x768.jpg\" alt=\"Arn\u00e9s de control frontal HALTI - Para evitar que tu perro tire de la correa, Ajustable, Ligero y F\u00e1cil de Usar. Adiestramiento canino antitirones Arn\u00e9s para perros medianos (Talla M)\" \/><\/figure><\/div>\t\t\t<\/div>\n\t\t\t\t\t\t\t\t\t\t\t\t<div class=\"elementor-swiper-button elementor-swiper-button-prev\" role=\"button\" tabindex=\"0\">\n\t\t\t\t\t\t<i aria-hidden=\"true\" class=\"eicon-chevron-left\"><\/i>\t\t\t\t\t<\/div>\n\t\t\t\t\t<div class=\"elementor-swiper-button elementor-swiper-button-next\" role=\"button\" tabindex=\"0\">\n\t\t\t\t\t\t<i aria-hidden=\"true\" class=\"eicon-chevron-right\"><\/i>\t\t\t\t\t<\/div>\n\t\t\t\t\n\t\t\t\t\t\t\t\t\t<div class=\"swiper-pagination\"><\/div>\n\t\t\t\t\t\t\t\t\t<\/div>\n\t\t\t\t\t\t<\/div>\n\t\t\t\t<\/div>\n\t\t\t\t\t<\/div>\n\t\t\t\t<\/div>\n\t\t<div class=\"elementor-element elementor-element-bdfe697 e-flex e-con-boxed e-con e-parent\" data-id=\"bdfe697\" data-element_type=\"container\" data-e-type=\"container\">\n\t\t\t\t\t<div class=\"e-con-inner\">\n\t\t\t\t<div class=\"elementor-element elementor-element-f94d4a1 elementor-align-right elementor-widget elementor-widget-button\" data-id=\"f94d4a1\" data-element_type=\"widget\" data-e-type=\"widget\" data-widget_type=\"button.default\">\n\t\t\t\t<div class=\"elementor-widget-container\">\n\t\t\t\t\t\t\t\t\t<div class=\"elementor-button-wrapper\">\n\t\t\t\t\t<a class=\"elementor-button elementor-button-link elementor-size-sm\" href=\"https:\/\/amzn.to\/4aDSaEs\" target=\"_blank\">\n\t\t\t\t\t\t<span class=\"elementor-button-content-wrapper\">\n\t\t\t\t\t\t\t\t\t<span class=\"elementor-button-text\">Compra ahora en Amazon<\/span>\n\t\t\t\t\t<\/span>\n\t\t\t\t\t<\/a>\n\t\t\t\t<\/div>\n\t\t\t\t\t\t\t\t<\/div>\n\t\t\t\t<\/div>\n\t\t\t\t\t<\/div>\n\t\t\t\t<\/div>\n\t\t\t\t<\/div>\n\t\t","protected":false},"excerpt":{"rendered":"<p>\u00bfTe cuesta mantener el control cuando paseas a tu perro? \u00a1No te preocupes m\u00e1s! Con el Arn\u00e9s de Control Frontal HALTI, podr\u00e1s disfrutar de paseos m\u00e1s relajados y seguros con tu mascota. Detiene los Tirones: \ud83d\udeab Este arn\u00e9s controla a tu perro desde el pecho y los hombros, lo que proporciona un mejor control, incluso [&hellip;]<\/p>\n","protected":false},"author":1,"featured_media":0,"parent":0,"menu_order":0,"comment_status":"closed","ping_status":"closed","template":"","meta":{"site-sidebar-layout":"no-sidebar","site-content-layout":"page-builder","ast-site-content-layout":"full-width-container","site-content-style":"default","site-sidebar-style":"default","ast-global-header-display":"","ast-banner-title-visibility":"","ast-main-header-display":"","ast-hfb-above-header-display":"","ast-hfb-below-header-display":"","ast-hfb-mobile-header-display":"","site-post-title":"disabled","ast-breadcrumbs-content":"","ast-featured-img":"disabled","footer-sml-layout":"","ast-disable-related-posts":"","theme-transparent-header-meta":"","adv-header-id-meta":"","stick-header-meta":"","header-above-stick-meta":"","header-main-stick-meta":"","header-below-stick-meta":"","astra-migrate-meta-layouts":"set","ast-page-background-enabled":"default","ast-page-background-meta":{"desktop":{"background-color":"var(--ast-global-color-4)","background-image":"","background-repeat":"repeat","background-position":"center center","background-size":"auto","background-attachment":"scroll","background-type":"","background-media":"","overlay-type":"","overlay-color":"","overlay-opacity":"","overlay-gradient":""},"tablet":{"background-color":"","background-image":"","background-repeat":"repeat","background-position":"center center","background-size":"auto","background-attachment":"scroll","background-type":"","background-media":"","overlay-type":"","overlay-color":"","overlay-opacity":"","overlay-gradient":""},"mobile":{"background-color":"","background-image":"","background-repeat":"repeat","background-position":"center center","background-size":"auto","background-attachment":"scroll","background-type":"","background-media":"","overlay-type":"","overlay-color":"","overlay-opacity":"","overlay-gradient":""}},"ast-content-background-meta":{"desktop":{"background-color":"var(--ast-global-color-5)","background-image":"","background-repeat":"repeat","background-position":"center center","background-size":"auto","background-attachment":"scroll","background-type":"","background-media":"","overlay-type":"","overlay-color":"","overlay-opacity":"","overlay-gradient":""},"tablet":{"background-color":"var(--ast-global-color-5)","background-image":"","background-repeat":"repeat","background-position":"center center","background-size":"auto","background-attachment":"scroll","background-type":"","background-media":"","overlay-type":"","overlay-color":"","overlay-opacity":"","overlay-gradient":""},"mobile":{"background-color":"var(--ast-global-color-5)","background-image":"","background-repeat":"repeat","background-position":"center center","background-size":"auto","background-attachment":"scroll","background-type":"","background-media":"","overlay-type":"","overlay-color":"","overlay-opacity":"","overlay-gradient":""}},"footnotes":""},"class_list":["post-24514","page","type-page","status-publish","hentry"],"yoast_head":"<!-- This site is optimized with the Yoast SEO plugin v27.4 - https:\/\/yoast.com\/product\/yoast-seo-wordpress\/ -->\n<title>Arn\u00e9s de control frontal HALTI | Mundo Animalito<\/title>\n<meta name=\"description\" content=\"Arn\u00e9s de control frontal HALTI - Para evitar que tu perro tire de la correa, Ajustable, Ligero y F\u00e1cil de Usar. Adiestramiento canino antitirones Arn\u00e9s para perros medianos (Talla M)\" \/>\n<meta name=\"robots\" content=\"index, follow, max-snippet:-1, max-image-preview:large, max-video-preview:-1\" \/>\n<link rel=\"canonical\" href=\"https:\/\/mundoanimalito.com\/index.php\/arnes-de-control-frontal-halti-para-evitar-que-tu-perro-tire-de-la-correa\/\" \/>\n<meta property=\"og:locale\" content=\"es_ES\" \/>\n<meta property=\"og:type\" content=\"article\" \/>\n<meta property=\"og:title\" content=\"Arn\u00e9s de control frontal HALTI | Mundo Animalito\" \/>\n<meta property=\"og:description\" content=\"Arn\u00e9s de control frontal HALTI - Para evitar que tu perro tire de la correa, Ajustable, Ligero y F\u00e1cil de Usar. Adiestramiento canino antitirones Arn\u00e9s para perros medianos (Talla M)\" \/>\n<meta property=\"og:url\" content=\"https:\/\/mundoanimalito.com\/index.php\/arnes-de-control-frontal-halti-para-evitar-que-tu-perro-tire-de-la-correa\/\" \/>\n<meta property=\"og:site_name\" content=\"Mundo Animalito\" \/>\n<meta property=\"article:publisher\" content=\"https:\/\/www.facebook.com\/mundoanimalito77\" \/>\n<meta property=\"article:modified_time\" content=\"2024-09-03T20:39:57+00:00\" \/>\n<meta property=\"og:image\" content=\"https:\/\/mundoanimalito.com\/wp-content\/uploads\/2024\/04\/81pQc2HuLBL._AC_SL1500_-1024x977.jpg\" \/>\n<meta name=\"twitter:card\" content=\"summary_large_image\" \/>\n<meta name=\"twitter:label1\" content=\"Tiempo de lectura\" \/>\n\t<meta name=\"twitter:data1\" content=\"3 minutos\" \/>\n<script type=\"application\/ld+json\" class=\"yoast-schema-graph\">{\"@context\":\"https:\\\/\\\/schema.org\",\"@graph\":[{\"@type\":\"WebPage\",\"@id\":\"https:\\\/\\\/mundoanimalito.com\\\/index.php\\\/arnes-de-control-frontal-halti-para-evitar-que-tu-perro-tire-de-la-correa\\\/\",\"url\":\"https:\\\/\\\/mundoanimalito.com\\\/index.php\\\/arnes-de-control-frontal-halti-para-evitar-que-tu-perro-tire-de-la-correa\\\/\",\"name\":\"Arn\u00e9s de control frontal HALTI | Mundo Animalito\",\"isPartOf\":{\"@id\":\"https:\\\/\\\/mundoanimalito.com\\\/#website\"},\"primaryImageOfPage\":{\"@id\":\"https:\\\/\\\/mundoanimalito.com\\\/index.php\\\/arnes-de-control-frontal-halti-para-evitar-que-tu-perro-tire-de-la-correa\\\/#primaryimage\"},\"image\":{\"@id\":\"https:\\\/\\\/mundoanimalito.com\\\/index.php\\\/arnes-de-control-frontal-halti-para-evitar-que-tu-perro-tire-de-la-correa\\\/#primaryimage\"},\"thumbnailUrl\":\"https:\\\/\\\/mundoanimalito.com\\\/wp-content\\\/uploads\\\/2024\\\/04\\\/81pQc2HuLBL._AC_SL1500_-1024x977.jpg\",\"datePublished\":\"2024-04-17T21:19:32+00:00\",\"dateModified\":\"2024-09-03T20:39:57+00:00\",\"description\":\"Arn\u00e9s de control frontal HALTI - Para evitar que tu perro tire de la correa, Ajustable, Ligero y F\u00e1cil de Usar. Adiestramiento canino antitirones Arn\u00e9s para perros medianos (Talla M)\",\"breadcrumb\":{\"@id\":\"https:\\\/\\\/mundoanimalito.com\\\/index.php\\\/arnes-de-control-frontal-halti-para-evitar-que-tu-perro-tire-de-la-correa\\\/#breadcrumb\"},\"inLanguage\":\"es\",\"potentialAction\":[{\"@type\":\"ReadAction\",\"target\":[\"https:\\\/\\\/mundoanimalito.com\\\/index.php\\\/arnes-de-control-frontal-halti-para-evitar-que-tu-perro-tire-de-la-correa\\\/\"]}]},{\"@type\":\"ImageObject\",\"inLanguage\":\"es\",\"@id\":\"https:\\\/\\\/mundoanimalito.com\\\/index.php\\\/arnes-de-control-frontal-halti-para-evitar-que-tu-perro-tire-de-la-correa\\\/#primaryimage\",\"url\":\"https:\\\/\\\/mundoanimalito.com\\\/wp-content\\\/uploads\\\/2024\\\/04\\\/81pQc2HuLBL._AC_SL1500_.jpg\",\"contentUrl\":\"https:\\\/\\\/mundoanimalito.com\\\/wp-content\\\/uploads\\\/2024\\\/04\\\/81pQc2HuLBL._AC_SL1500_.jpg\",\"width\":1500,\"height\":1431,\"caption\":\"Arn\u00e9s de control frontal HALTI - Para evitar que tu perro tire de la correa, Ajustable, Ligero y F\u00e1cil de Usar. Adiestramiento canino antitirones Arn\u00e9s para perros medianos (Talla M)\"},{\"@type\":\"BreadcrumbList\",\"@id\":\"https:\\\/\\\/mundoanimalito.com\\\/index.php\\\/arnes-de-control-frontal-halti-para-evitar-que-tu-perro-tire-de-la-correa\\\/#breadcrumb\",\"itemListElement\":[{\"@type\":\"ListItem\",\"position\":1,\"name\":\"Portada\",\"item\":\"https:\\\/\\\/mundoanimalito.com\\\/\"},{\"@type\":\"ListItem\",\"position\":2,\"name\":\"Arn\u00e9s de control frontal HALTI &#8211; Para evitar que tu perro tire de la correa\"}]},{\"@type\":\"WebSite\",\"@id\":\"https:\\\/\\\/mundoanimalito.com\\\/#website\",\"url\":\"https:\\\/\\\/mundoanimalito.com\\\/\",\"name\":\"Mundo Animalito\",\"description\":\"Datos y curiosidades de los animales, encuentra ac\u00e1 todo para tu mascota\",\"publisher\":{\"@id\":\"https:\\\/\\\/mundoanimalito.com\\\/#organization\"},\"potentialAction\":[{\"@type\":\"SearchAction\",\"target\":{\"@type\":\"EntryPoint\",\"urlTemplate\":\"https:\\\/\\\/mundoanimalito.com\\\/?s={search_term_string}\"},\"query-input\":{\"@type\":\"PropertyValueSpecification\",\"valueRequired\":true,\"valueName\":\"search_term_string\"}}],\"inLanguage\":\"es\"},{\"@type\":\"Organization\",\"@id\":\"https:\\\/\\\/mundoanimalito.com\\\/#organization\",\"name\":\"Mundo Animalito\",\"url\":\"https:\\\/\\\/mundoanimalito.com\\\/\",\"logo\":{\"@type\":\"ImageObject\",\"inLanguage\":\"es\",\"@id\":\"https:\\\/\\\/mundoanimalito.com\\\/#\\\/schema\\\/logo\\\/image\\\/\",\"url\":\"https:\\\/\\\/mundoanimalito.com\\\/wp-content\\\/uploads\\\/2023\\\/10\\\/cropped-cropped-LOGO-OFICIAL-ULTIMA-VERSION-1.jpg\",\"contentUrl\":\"https:\\\/\\\/mundoanimalito.com\\\/wp-content\\\/uploads\\\/2023\\\/10\\\/cropped-cropped-LOGO-OFICIAL-ULTIMA-VERSION-1.jpg\",\"width\":374,\"height\":425,\"caption\":\"Mundo Animalito\"},\"image\":{\"@id\":\"https:\\\/\\\/mundoanimalito.com\\\/#\\\/schema\\\/logo\\\/image\\\/\"},\"sameAs\":[\"https:\\\/\\\/www.facebook.com\\\/mundoanimalito77\",\"https:\\\/\\\/www.instagram.com\\\/mundoanimalito77\\\/\",\"https:\\\/\\\/www.tiktok.com\\\/@mundoanimalito77\",\"https:\\\/\\\/www.youtube.com\\\/channel\\\/UCLo2JhNUNtHVraDt5aHadew\"]}]}<\/script>\n<!-- \/ Yoast SEO plugin. -->","yoast_head_json":{"title":"Arn\u00e9s de control frontal HALTI | Mundo Animalito","description":"Arn\u00e9s de control frontal HALTI - Para evitar que tu perro tire de la correa, Ajustable, Ligero y F\u00e1cil de Usar. Adiestramiento canino antitirones Arn\u00e9s para perros medianos (Talla M)","robots":{"index":"index","follow":"follow","max-snippet":"max-snippet:-1","max-image-preview":"max-image-preview:large","max-video-preview":"max-video-preview:-1"},"canonical":"https:\/\/mundoanimalito.com\/index.php\/arnes-de-control-frontal-halti-para-evitar-que-tu-perro-tire-de-la-correa\/","og_locale":"es_ES","og_type":"article","og_title":"Arn\u00e9s de control frontal HALTI | Mundo Animalito","og_description":"Arn\u00e9s de control frontal HALTI - Para evitar que tu perro tire de la correa, Ajustable, Ligero y F\u00e1cil de Usar. Adiestramiento canino antitirones Arn\u00e9s para perros medianos (Talla M)","og_url":"https:\/\/mundoanimalito.com\/index.php\/arnes-de-control-frontal-halti-para-evitar-que-tu-perro-tire-de-la-correa\/","og_site_name":"Mundo Animalito","article_publisher":"https:\/\/www.facebook.com\/mundoanimalito77","article_modified_time":"2024-09-03T20:39:57+00:00","og_image":[{"url":"https:\/\/mundoanimalito.com\/wp-content\/uploads\/2024\/04\/81pQc2HuLBL._AC_SL1500_-1024x977.jpg","type":"","width":"","height":""}],"twitter_card":"summary_large_image","twitter_misc":{"Tiempo de lectura":"3 minutos"},"schema":{"@context":"https:\/\/schema.org","@graph":[{"@type":"WebPage","@id":"https:\/\/mundoanimalito.com\/index.php\/arnes-de-control-frontal-halti-para-evitar-que-tu-perro-tire-de-la-correa\/","url":"https:\/\/mundoanimalito.com\/index.php\/arnes-de-control-frontal-halti-para-evitar-que-tu-perro-tire-de-la-correa\/","name":"Arn\u00e9s de control frontal HALTI | Mundo Animalito","isPartOf":{"@id":"https:\/\/mundoanimalito.com\/#website"},"primaryImageOfPage":{"@id":"https:\/\/mundoanimalito.com\/index.php\/arnes-de-control-frontal-halti-para-evitar-que-tu-perro-tire-de-la-correa\/#primaryimage"},"image":{"@id":"https:\/\/mundoanimalito.com\/index.php\/arnes-de-control-frontal-halti-para-evitar-que-tu-perro-tire-de-la-correa\/#primaryimage"},"thumbnailUrl":"https:\/\/mundoanimalito.com\/wp-content\/uploads\/2024\/04\/81pQc2HuLBL._AC_SL1500_-1024x977.jpg","datePublished":"2024-04-17T21:19:32+00:00","dateModified":"2024-09-03T20:39:57+00:00","description":"Arn\u00e9s de control frontal HALTI - Para evitar que tu perro tire de la correa, Ajustable, Ligero y F\u00e1cil de Usar. Adiestramiento canino antitirones Arn\u00e9s para perros medianos (Talla M)","breadcrumb":{"@id":"https:\/\/mundoanimalito.com\/index.php\/arnes-de-control-frontal-halti-para-evitar-que-tu-perro-tire-de-la-correa\/#breadcrumb"},"inLanguage":"es","potentialAction":[{"@type":"ReadAction","target":["https:\/\/mundoanimalito.com\/index.php\/arnes-de-control-frontal-halti-para-evitar-que-tu-perro-tire-de-la-correa\/"]}]},{"@type":"ImageObject","inLanguage":"es","@id":"https:\/\/mundoanimalito.com\/index.php\/arnes-de-control-frontal-halti-para-evitar-que-tu-perro-tire-de-la-correa\/#primaryimage","url":"https:\/\/mundoanimalito.com\/wp-content\/uploads\/2024\/04\/81pQc2HuLBL._AC_SL1500_.jpg","contentUrl":"https:\/\/mundoanimalito.com\/wp-content\/uploads\/2024\/04\/81pQc2HuLBL._AC_SL1500_.jpg","width":1500,"height":1431,"caption":"Arn\u00e9s de control frontal HALTI - Para evitar que tu perro tire de la correa, Ajustable, Ligero y F\u00e1cil de Usar. Adiestramiento canino antitirones Arn\u00e9s para perros medianos (Talla M)"},{"@type":"BreadcrumbList","@id":"https:\/\/mundoanimalito.com\/index.php\/arnes-de-control-frontal-halti-para-evitar-que-tu-perro-tire-de-la-correa\/#breadcrumb","itemListElement":[{"@type":"ListItem","position":1,"name":"Portada","item":"https:\/\/mundoanimalito.com\/"},{"@type":"ListItem","position":2,"name":"Arn\u00e9s de control frontal HALTI &#8211; Para evitar que tu perro tire de la correa"}]},{"@type":"WebSite","@id":"https:\/\/mundoanimalito.com\/#website","url":"https:\/\/mundoanimalito.com\/","name":"Mundo Animalito","description":"Datos y curiosidades de los animales, encuentra ac\u00e1 todo para tu mascota","publisher":{"@id":"https:\/\/mundoanimalito.com\/#organization"},"potentialAction":[{"@type":"SearchAction","target":{"@type":"EntryPoint","urlTemplate":"https:\/\/mundoanimalito.com\/?s={search_term_string}"},"query-input":{"@type":"PropertyValueSpecification","valueRequired":true,"valueName":"search_term_string"}}],"inLanguage":"es"},{"@type":"Organization","@id":"https:\/\/mundoanimalito.com\/#organization","name":"Mundo Animalito","url":"https:\/\/mundoanimalito.com\/","logo":{"@type":"ImageObject","inLanguage":"es","@id":"https:\/\/mundoanimalito.com\/#\/schema\/logo\/image\/","url":"https:\/\/mundoanimalito.com\/wp-content\/uploads\/2023\/10\/cropped-cropped-LOGO-OFICIAL-ULTIMA-VERSION-1.jpg","contentUrl":"https:\/\/mundoanimalito.com\/wp-content\/uploads\/2023\/10\/cropped-cropped-LOGO-OFICIAL-ULTIMA-VERSION-1.jpg","width":374,"height":425,"caption":"Mundo Animalito"},"image":{"@id":"https:\/\/mundoanimalito.com\/#\/schema\/logo\/image\/"},"sameAs":["https:\/\/www.facebook.com\/mundoanimalito77","https:\/\/www.instagram.com\/mundoanimalito77\/","https:\/\/www.tiktok.com\/@mundoanimalito77","https:\/\/www.youtube.com\/channel\/UCLo2JhNUNtHVraDt5aHadew"]}]}},"_links":{"self":[{"href":"https:\/\/mundoanimalito.com\/index.php\/wp-json\/wp\/v2\/pages\/24514","targetHints":{"allow":["GET"]}}],"collection":[{"href":"https:\/\/mundoanimalito.com\/index.php\/wp-json\/wp\/v2\/pages"}],"about":[{"href":"https:\/\/mundoanimalito.com\/index.php\/wp-json\/wp\/v2\/types\/page"}],"author":[{"embeddable":true,"href":"https:\/\/mundoanimalito.com\/index.php\/wp-json\/wp\/v2\/users\/1"}],"replies":[{"embeddable":true,"href":"https:\/\/mundoanimalito.com\/index.php\/wp-json\/wp\/v2\/comments?post=24514"}],"version-history":[{"count":0,"href":"https:\/\/mundoanimalito.com\/index.php\/wp-json\/wp\/v2\/pages\/24514\/revisions"}],"wp:attachment":[{"href":"https:\/\/mundoanimalito.com\/index.php\/wp-json\/wp\/v2\/media?parent=24514"}],"curies":[{"name":"wp","href":"https:\/\/api.w.org\/{rel}","templated":true}]}}