{"id":23008,"date":"2024-04-16T14:31:17","date_gmt":"2024-04-16T19:31:17","guid":{"rendered":"https:\/\/mundoanimalito.com\/?page_id=23008"},"modified":"2024-09-18T17:16:45","modified_gmt":"2024-09-18T22:16:45","slug":"petace-bebedero-perro-antigoteo-bebedero-antisalpicaduras-perro-13-l","status":"publish","type":"page","link":"https:\/\/mundoanimalito.com\/index.php\/petace-bebedero-perro-antigoteo-bebedero-antisalpicaduras-perro-13-l\/","title":{"rendered":"Petace Bebedero Perro Antigoteo, Bebedero Antisalpicaduras Perro 1,3 L"},"content":{"rendered":"\t\t<div data-elementor-type=\"wp-page\" data-elementor-id=\"23008\" class=\"elementor elementor-23008\" data-elementor-post-type=\"page\">\n\t\t\t\t<div class=\"elementor-element elementor-element-c6f52e5 e-flex e-con-boxed e-con e-parent\" data-id=\"c6f52e5\" data-element_type=\"container\" data-e-type=\"container\">\n\t\t\t\t\t<div class=\"e-con-inner\">\n\t\t\t\t<div class=\"elementor-element elementor-element-003eeb5 elementor-invisible elementor-widget elementor-widget-heading\" data-id=\"003eeb5\" data-element_type=\"widget\" data-e-type=\"widget\" data-settings=\"{&quot;_animation&quot;:&quot;fadeInDown&quot;}\" data-widget_type=\"heading.default\">\n\t\t\t\t<div class=\"elementor-widget-container\">\n\t\t\t\t\t<h2 class=\"elementor-heading-title elementor-size-default\">\u00bfEst\u00e1s cansado de los derrames de agua de tu mascota? \u00a1Con el Petace Bebedero Perro Antigoteo, esos d\u00edas han terminado! <\/h2>\t\t\t\t<\/div>\n\t\t\t\t<\/div>\n\t\t\t\t\t<\/div>\n\t\t\t\t<\/div>\n\t\t<div class=\"elementor-element elementor-element-d894243 e-flex e-con-boxed e-con e-parent\" data-id=\"d894243\" data-element_type=\"container\" data-e-type=\"container\">\n\t\t\t\t\t<div class=\"e-con-inner\">\n\t\t<div class=\"elementor-element elementor-element-06e417b e-con-full e-flex e-con e-child\" data-id=\"06e417b\" data-element_type=\"container\" data-e-type=\"container\">\n\t\t\t\t<div class=\"elementor-element elementor-element-37395d7 elementor-widget elementor-widget-image\" data-id=\"37395d7\" data-element_type=\"widget\" data-e-type=\"widget\" data-widget_type=\"image.default\">\n\t\t\t\t<div class=\"elementor-widget-container\">\n\t\t\t\t\t\t\t\t\t\t\t\t\t\t\t\t<a href=\"https:\/\/amzn.to\/3UjbEZ7\" target=\"_blank\">\n\t\t\t\t\t\t\t<img fetchpriority=\"high\" decoding=\"async\" width=\"1024\" height=\"818\" src=\"https:\/\/mundoanimalito.com\/wp-content\/uploads\/2024\/04\/61g7QTmhcHL._AC_SL1500_-1024x818.jpg\" class=\"attachment-large size-large wp-image-22983\" alt=\"Petace Bebedero Perro Antigoteo, Bebedero Antisalpicaduras Perro 1,3 L, Bebedero Lento Antideslizante para Mascotas Desordenados\" srcset=\"https:\/\/mundoanimalito.com\/wp-content\/uploads\/2024\/04\/61g7QTmhcHL._AC_SL1500_-1024x818.jpg 1024w, https:\/\/mundoanimalito.com\/wp-content\/uploads\/2024\/04\/61g7QTmhcHL._AC_SL1500_-300x240.jpg 300w, https:\/\/mundoanimalito.com\/wp-content\/uploads\/2024\/04\/61g7QTmhcHL._AC_SL1500_-768x613.jpg 768w, https:\/\/mundoanimalito.com\/wp-content\/uploads\/2024\/04\/61g7QTmhcHL._AC_SL1500_.jpg 1500w\" sizes=\"(max-width: 1024px) 100vw, 1024px\" \/>\t\t\t\t\t\t\t\t<\/a>\n\t\t\t\t\t\t\t\t\t\t\t\t\t\t\t<\/div>\n\t\t\t\t<\/div>\n\t\t\t\t<\/div>\n\t\t<div class=\"elementor-element elementor-element-b85cc6c e-con-full e-flex e-con e-child\" data-id=\"b85cc6c\" data-element_type=\"container\" data-e-type=\"container\">\n\t\t\t\t<div class=\"elementor-element elementor-element-9211c45 elementor-widget elementor-widget-text-editor\" data-id=\"9211c45\" data-element_type=\"widget\" data-e-type=\"widget\" data-widget_type=\"text-editor.default\">\n\t\t\t\t<div class=\"elementor-widget-container\">\n\t\t\t\t\t\t\t\t\t<p>\u00a0<\/p><p>\u2705 <strong>Dise\u00f1o sin Derrames:<\/strong> Gracias al flotador y la base antideslizante, este bebedero evita eficazmente que el agua salpique y se derrame. La estructura mejorada garantiza que incluso los perros m\u00e1s juguetones no puedan desalojar el flotador, manteniendo el \u00e1rea de alimentaci\u00f3n ordenada y seca.<\/p><p>\u00a0<\/p><p>\ud83d\udca7 <strong>Alimentador de Agua Lento:<\/strong> El mecanismo de presionar-dispensar ralentiza el consumo de agua, promoviendo una hidrataci\u00f3n m\u00e1s segura. Esto reduce el riesgo de asfixia y mantiene el pelaje de tu perro seco y limpio, mejorando su salud y bienestar general.<\/p><p>\u00a0<\/p><p>\ud83d\udebf <strong>Mantenga el Agua Limpia:<\/strong> El flotador cuenta con un filtro que evita que el polvo, la suciedad y el pelo caigan al agua, mientras absorbe los olores desagradables. Fabricado con materiales libres de BPA, puedes estar seguro de que este bebedero es seguro para tus mascotas y beneficioso para su salud.<\/p>\t\t\t\t\t\t\t\t<\/div>\n\t\t\t\t<\/div>\n\t\t\t\t<\/div>\n\t\t\t\t\t<\/div>\n\t\t\t\t<\/div>\n\t\t<div class=\"elementor-element elementor-element-3be2f94 e-flex e-con-boxed e-con e-parent\" data-id=\"3be2f94\" data-element_type=\"container\" data-e-type=\"container\">\n\t\t\t\t\t<div class=\"e-con-inner\">\n\t\t\t\t<div class=\"elementor-element elementor-element-04f1270 elementor-widget elementor-widget-text-editor\" data-id=\"04f1270\" data-element_type=\"widget\" data-e-type=\"widget\" data-widget_type=\"text-editor.default\">\n\t\t\t\t<div class=\"elementor-widget-container\">\n\t\t\t\t\t\t\t\t\t<p>\ud83e\uddfc <strong>Limpieza R\u00e1pida y F\u00e1cil:<\/strong> Con un dise\u00f1o desmontable y una construcci\u00f3n simple, este bebedero es f\u00e1cil de instalar y limpiar. Puedes desmontarlo r\u00e1pidamente para una limpieza a fondo sin esfuerzo, garantizando agua fresca y limpia para tu perro en todo momento.<\/p><p>\u00a0<\/p><p>\ud83d\udca6 <strong>Capacidad Amplia:<\/strong> Con una generosa capacidad de 1,3 L, este bebedero es adecuado para perros de hasta 27 kg, asegurando que tu mascota tenga acceso a agua fresca todo el d\u00eda sin la necesidad de rellenarlo constantemente.<\/p><p>\u00a0<\/p><p>\u00a1Dale a tu perro la hidrataci\u00f3n que se merece con el Petace Bebedero Perro Antigoteo! Aprovecha ahora esta soluci\u00f3n innovadora para mantener a tu mascota feliz, saludable y sin desorden. Haz clic en el bot\u00f3n y br\u00edndale a tu perro la mejor experiencia de hidrataci\u00f3n.<\/p>\t\t\t\t\t\t\t\t<\/div>\n\t\t\t\t<\/div>\n\t\t\t\t<div class=\"elementor-element elementor-element-7ee62be elementor-align-right elementor-widget elementor-widget-button\" data-id=\"7ee62be\" data-element_type=\"widget\" data-e-type=\"widget\" data-widget_type=\"button.default\">\n\t\t\t\t<div class=\"elementor-widget-container\">\n\t\t\t\t\t\t\t\t\t<div class=\"elementor-button-wrapper\">\n\t\t\t\t\t<a class=\"elementor-button elementor-button-link elementor-size-sm\" href=\"https:\/\/amzn.to\/3UjbEZ7\" target=\"_blank\">\n\t\t\t\t\t\t<span class=\"elementor-button-content-wrapper\">\n\t\t\t\t\t\t\t\t\t<span class=\"elementor-button-text\">Compra ahora en Amazon<\/span>\n\t\t\t\t\t<\/span>\n\t\t\t\t\t<\/a>\n\t\t\t\t<\/div>\n\t\t\t\t\t\t\t\t<\/div>\n\t\t\t\t<\/div>\n\t\t\t\t\t<\/div>\n\t\t\t\t<\/div>\n\t\t<div class=\"elementor-element elementor-element-b8f1b57 e-flex e-con-boxed e-con e-parent\" data-id=\"b8f1b57\" data-element_type=\"container\" data-e-type=\"container\">\n\t\t\t\t\t<div class=\"e-con-inner\">\n\t\t\t\t<div class=\"elementor-element elementor-element-269eacf elementor-arrows-position-inside elementor-pagination-position-outside elementor-widget elementor-widget-image-carousel\" data-id=\"269eacf\" data-element_type=\"widget\" data-e-type=\"widget\" data-settings=\"{&quot;slides_to_show&quot;:&quot;1&quot;,&quot;navigation&quot;:&quot;both&quot;,&quot;autoplay&quot;:&quot;yes&quot;,&quot;pause_on_hover&quot;:&quot;yes&quot;,&quot;pause_on_interaction&quot;:&quot;yes&quot;,&quot;autoplay_speed&quot;:5000,&quot;infinite&quot;:&quot;yes&quot;,&quot;effect&quot;:&quot;slide&quot;,&quot;speed&quot;:500}\" data-widget_type=\"image-carousel.default\">\n\t\t\t\t<div class=\"elementor-widget-container\">\n\t\t\t\t\t\t\t<div class=\"elementor-image-carousel-wrapper swiper\" role=\"region\" aria-roledescription=\"carousel\" aria-label=\"Carrusel de im\u00e1genes\" dir=\"ltr\">\n\t\t\t<div class=\"elementor-image-carousel swiper-wrapper\" aria-live=\"off\">\n\t\t\t\t\t\t\t\t<div class=\"swiper-slide\" role=\"group\" aria-roledescription=\"slide\" aria-label=\"1 de 5\"><figure class=\"swiper-slide-inner\"><img decoding=\"async\" class=\"swiper-slide-image\" src=\"https:\/\/mundoanimalito.com\/wp-content\/uploads\/2024\/04\/61zppNc8TRL._AC_SL1500_-768x754.jpg\" alt=\"Petace Bebedero Perro Antigoteo, Bebedero Antisalpicaduras Perro 1,3 L, Bebedero Lento Antideslizante para Mascotas Desordenados\" \/><\/figure><\/div><div class=\"swiper-slide\" role=\"group\" aria-roledescription=\"slide\" aria-label=\"2 de 5\"><figure class=\"swiper-slide-inner\"><img decoding=\"async\" class=\"swiper-slide-image\" src=\"https:\/\/mundoanimalito.com\/wp-content\/uploads\/2024\/04\/81tq-rg4olL._AC_SL1500_-768x754.jpg\" alt=\"Petace Bebedero Perro Antigoteo, Bebedero Antisalpicaduras Perro 1,3 L, Bebedero Lento Antideslizante para Mascotas Desordenados\" \/><\/figure><\/div><div class=\"swiper-slide\" role=\"group\" aria-roledescription=\"slide\" aria-label=\"3 de 5\"><figure class=\"swiper-slide-inner\"><img decoding=\"async\" class=\"swiper-slide-image\" src=\"https:\/\/mundoanimalito.com\/wp-content\/uploads\/2024\/04\/61OJZhUOT-L._AC_SL1500_-768x895.jpg\" alt=\"Petace Bebedero Perro Antigoteo, Bebedero Antisalpicaduras Perro 1,3 L, Bebedero Lento Antideslizante para Mascotas Desordenados\" \/><\/figure><\/div><div class=\"swiper-slide\" role=\"group\" aria-roledescription=\"slide\" aria-label=\"4 de 5\"><figure class=\"swiper-slide-inner\"><img decoding=\"async\" class=\"swiper-slide-image\" src=\"https:\/\/mundoanimalito.com\/wp-content\/uploads\/2024\/04\/71fMRrLKl-L._AC_SL1500_-768x774.jpg\" alt=\"Petace Bebedero Perro Antigoteo, Bebedero Antisalpicaduras Perro 1,3 L, Bebedero Lento Antideslizante para Mascotas Desordenados\" \/><\/figure><\/div><div class=\"swiper-slide\" role=\"group\" aria-roledescription=\"slide\" aria-label=\"5 de 5\"><figure class=\"swiper-slide-inner\"><img decoding=\"async\" class=\"swiper-slide-image\" src=\"https:\/\/mundoanimalito.com\/wp-content\/uploads\/2024\/04\/71IFpHFvHuL._AC_SL1500_-768x743.jpg\" alt=\"Petace Bebedero Perro Antigoteo, Bebedero Antisalpicaduras Perro 1,3 L, Bebedero Lento Antideslizante para Mascotas Desordenados\" \/><\/figure><\/div>\t\t\t<\/div>\n\t\t\t\t\t\t\t\t\t\t\t\t<div class=\"elementor-swiper-button elementor-swiper-button-prev\" role=\"button\" tabindex=\"0\">\n\t\t\t\t\t\t<i aria-hidden=\"true\" class=\"eicon-chevron-left\"><\/i>\t\t\t\t\t<\/div>\n\t\t\t\t\t<div class=\"elementor-swiper-button elementor-swiper-button-next\" role=\"button\" tabindex=\"0\">\n\t\t\t\t\t\t<i aria-hidden=\"true\" class=\"eicon-chevron-right\"><\/i>\t\t\t\t\t<\/div>\n\t\t\t\t\n\t\t\t\t\t\t\t\t\t<div class=\"swiper-pagination\"><\/div>\n\t\t\t\t\t\t\t\t\t<\/div>\n\t\t\t\t\t\t<\/div>\n\t\t\t\t<\/div>\n\t\t\t\t\t<\/div>\n\t\t\t\t<\/div>\n\t\t<div class=\"elementor-element elementor-element-3023a9f e-flex e-con-boxed e-con e-parent\" data-id=\"3023a9f\" data-element_type=\"container\" data-e-type=\"container\">\n\t\t\t\t\t<div class=\"e-con-inner\">\n\t\t\t\t<div class=\"elementor-element elementor-element-0d2c315 elementor-align-right elementor-widget elementor-widget-button\" data-id=\"0d2c315\" data-element_type=\"widget\" data-e-type=\"widget\" data-widget_type=\"button.default\">\n\t\t\t\t<div class=\"elementor-widget-container\">\n\t\t\t\t\t\t\t\t\t<div class=\"elementor-button-wrapper\">\n\t\t\t\t\t<a class=\"elementor-button elementor-button-link elementor-size-sm\" href=\"https:\/\/amzn.to\/3UjbEZ7\" target=\"_blank\">\n\t\t\t\t\t\t<span class=\"elementor-button-content-wrapper\">\n\t\t\t\t\t\t\t\t\t<span class=\"elementor-button-text\">Compra ahora en Amazon<\/span>\n\t\t\t\t\t<\/span>\n\t\t\t\t\t<\/a>\n\t\t\t\t<\/div>\n\t\t\t\t\t\t\t\t<\/div>\n\t\t\t\t<\/div>\n\t\t\t\t\t<\/div>\n\t\t\t\t<\/div>\n\t\t\t\t<\/div>\n\t\t","protected":false},"excerpt":{"rendered":"<p>\u00bfEst\u00e1s cansado de los derrames de agua de tu mascota? \u00a1Con el Petace Bebedero Perro Antigoteo, esos d\u00edas han terminado! \u00a0 \u2705 Dise\u00f1o sin Derrames: Gracias al flotador y la base antideslizante, este bebedero evita eficazmente que el agua salpique y se derrame. La estructura mejorada garantiza que incluso los perros m\u00e1s juguetones no puedan [&hellip;]<\/p>\n","protected":false},"author":1,"featured_media":0,"parent":0,"menu_order":0,"comment_status":"closed","ping_status":"closed","template":"","meta":{"site-sidebar-layout":"no-sidebar","site-content-layout":"page-builder","ast-site-content-layout":"full-width-container","site-content-style":"default","site-sidebar-style":"default","ast-global-header-display":"","ast-banner-title-visibility":"","ast-main-header-display":"","ast-hfb-above-header-display":"","ast-hfb-below-header-display":"","ast-hfb-mobile-header-display":"","site-post-title":"disabled","ast-breadcrumbs-content":"","ast-featured-img":"disabled","footer-sml-layout":"","ast-disable-related-posts":"","theme-transparent-header-meta":"","adv-header-id-meta":"","stick-header-meta":"","header-above-stick-meta":"","header-main-stick-meta":"","header-below-stick-meta":"","astra-migrate-meta-layouts":"set","ast-page-background-enabled":"default","ast-page-background-meta":{"desktop":{"background-color":"var(--ast-global-color-4)","background-image":"","background-repeat":"repeat","background-position":"center center","background-size":"auto","background-attachment":"scroll","background-type":"","background-media":"","overlay-type":"","overlay-color":"","overlay-opacity":"","overlay-gradient":""},"tablet":{"background-color":"","background-image":"","background-repeat":"repeat","background-position":"center center","background-size":"auto","background-attachment":"scroll","background-type":"","background-media":"","overlay-type":"","overlay-color":"","overlay-opacity":"","overlay-gradient":""},"mobile":{"background-color":"","background-image":"","background-repeat":"repeat","background-position":"center center","background-size":"auto","background-attachment":"scroll","background-type":"","background-media":"","overlay-type":"","overlay-color":"","overlay-opacity":"","overlay-gradient":""}},"ast-content-background-meta":{"desktop":{"background-color":"var(--ast-global-color-5)","background-image":"","background-repeat":"repeat","background-position":"center center","background-size":"auto","background-attachment":"scroll","background-type":"","background-media":"","overlay-type":"","overlay-color":"","overlay-opacity":"","overlay-gradient":""},"tablet":{"background-color":"var(--ast-global-color-5)","background-image":"","background-repeat":"repeat","background-position":"center center","background-size":"auto","background-attachment":"scroll","background-type":"","background-media":"","overlay-type":"","overlay-color":"","overlay-opacity":"","overlay-gradient":""},"mobile":{"background-color":"var(--ast-global-color-5)","background-image":"","background-repeat":"repeat","background-position":"center center","background-size":"auto","background-attachment":"scroll","background-type":"","background-media":"","overlay-type":"","overlay-color":"","overlay-opacity":"","overlay-gradient":""}},"footnotes":""},"class_list":["post-23008","page","type-page","status-publish","hentry"],"yoast_head":"<!-- This site is optimized with the Yoast SEO plugin v27.4 - https:\/\/yoast.com\/product\/yoast-seo-wordpress\/ -->\n<title>Petace Bebedero Perro Antigoteo | Mundo Animalito<\/title>\n<meta name=\"description\" content=\"Petace Bebedero Perro Antigoteo, Bebedero Antisalpicaduras Perro 1,3 L, Bebedero Lento Antideslizante para Mascotas Desordenados\" \/>\n<meta name=\"robots\" content=\"index, follow, max-snippet:-1, max-image-preview:large, max-video-preview:-1\" \/>\n<link rel=\"canonical\" href=\"https:\/\/mundoanimalito.com\/index.php\/petace-bebedero-perro-antigoteo-bebedero-antisalpicaduras-perro-13-l\/\" \/>\n<meta property=\"og:locale\" content=\"es_ES\" \/>\n<meta property=\"og:type\" content=\"article\" \/>\n<meta property=\"og:title\" content=\"Petace Bebedero Perro Antigoteo | Mundo Animalito\" \/>\n<meta property=\"og:description\" content=\"Petace Bebedero Perro Antigoteo, Bebedero Antisalpicaduras Perro 1,3 L, Bebedero Lento Antideslizante para Mascotas Desordenados\" \/>\n<meta property=\"og:url\" content=\"https:\/\/mundoanimalito.com\/index.php\/petace-bebedero-perro-antigoteo-bebedero-antisalpicaduras-perro-13-l\/\" \/>\n<meta property=\"og:site_name\" content=\"Mundo Animalito\" \/>\n<meta property=\"article:publisher\" content=\"https:\/\/www.facebook.com\/mundoanimalito77\" \/>\n<meta property=\"article:modified_time\" content=\"2024-09-18T22:16:45+00:00\" \/>\n<meta property=\"og:image\" content=\"https:\/\/mundoanimalito.com\/wp-content\/uploads\/2024\/04\/61g7QTmhcHL._AC_SL1500_-1024x818.jpg\" \/>\n<meta name=\"twitter:card\" content=\"summary_large_image\" \/>\n<meta name=\"twitter:label1\" content=\"Tiempo de lectura\" \/>\n\t<meta name=\"twitter:data1\" content=\"3 minutos\" \/>\n<script type=\"application\/ld+json\" class=\"yoast-schema-graph\">{\"@context\":\"https:\\\/\\\/schema.org\",\"@graph\":[{\"@type\":\"WebPage\",\"@id\":\"https:\\\/\\\/mundoanimalito.com\\\/index.php\\\/petace-bebedero-perro-antigoteo-bebedero-antisalpicaduras-perro-13-l\\\/\",\"url\":\"https:\\\/\\\/mundoanimalito.com\\\/index.php\\\/petace-bebedero-perro-antigoteo-bebedero-antisalpicaduras-perro-13-l\\\/\",\"name\":\"Petace Bebedero Perro Antigoteo | Mundo Animalito\",\"isPartOf\":{\"@id\":\"https:\\\/\\\/mundoanimalito.com\\\/#website\"},\"primaryImageOfPage\":{\"@id\":\"https:\\\/\\\/mundoanimalito.com\\\/index.php\\\/petace-bebedero-perro-antigoteo-bebedero-antisalpicaduras-perro-13-l\\\/#primaryimage\"},\"image\":{\"@id\":\"https:\\\/\\\/mundoanimalito.com\\\/index.php\\\/petace-bebedero-perro-antigoteo-bebedero-antisalpicaduras-perro-13-l\\\/#primaryimage\"},\"thumbnailUrl\":\"https:\\\/\\\/mundoanimalito.com\\\/wp-content\\\/uploads\\\/2024\\\/04\\\/61g7QTmhcHL._AC_SL1500_-1024x818.jpg\",\"datePublished\":\"2024-04-16T19:31:17+00:00\",\"dateModified\":\"2024-09-18T22:16:45+00:00\",\"description\":\"Petace Bebedero Perro Antigoteo, Bebedero Antisalpicaduras Perro 1,3 L, Bebedero Lento Antideslizante para Mascotas Desordenados\",\"breadcrumb\":{\"@id\":\"https:\\\/\\\/mundoanimalito.com\\\/index.php\\\/petace-bebedero-perro-antigoteo-bebedero-antisalpicaduras-perro-13-l\\\/#breadcrumb\"},\"inLanguage\":\"es\",\"potentialAction\":[{\"@type\":\"ReadAction\",\"target\":[\"https:\\\/\\\/mundoanimalito.com\\\/index.php\\\/petace-bebedero-perro-antigoteo-bebedero-antisalpicaduras-perro-13-l\\\/\"]}]},{\"@type\":\"ImageObject\",\"inLanguage\":\"es\",\"@id\":\"https:\\\/\\\/mundoanimalito.com\\\/index.php\\\/petace-bebedero-perro-antigoteo-bebedero-antisalpicaduras-perro-13-l\\\/#primaryimage\",\"url\":\"https:\\\/\\\/mundoanimalito.com\\\/wp-content\\\/uploads\\\/2024\\\/04\\\/61g7QTmhcHL._AC_SL1500_.jpg\",\"contentUrl\":\"https:\\\/\\\/mundoanimalito.com\\\/wp-content\\\/uploads\\\/2024\\\/04\\\/61g7QTmhcHL._AC_SL1500_.jpg\",\"width\":1500,\"height\":1198,\"caption\":\"Petace Bebedero Perro Antigoteo, Bebedero Antisalpicaduras Perro 1,3 L, Bebedero Lento Antideslizante para Mascotas Desordenados\"},{\"@type\":\"BreadcrumbList\",\"@id\":\"https:\\\/\\\/mundoanimalito.com\\\/index.php\\\/petace-bebedero-perro-antigoteo-bebedero-antisalpicaduras-perro-13-l\\\/#breadcrumb\",\"itemListElement\":[{\"@type\":\"ListItem\",\"position\":1,\"name\":\"Portada\",\"item\":\"https:\\\/\\\/mundoanimalito.com\\\/\"},{\"@type\":\"ListItem\",\"position\":2,\"name\":\"Petace Bebedero Perro Antigoteo, Bebedero Antisalpicaduras Perro 1,3 L\"}]},{\"@type\":\"WebSite\",\"@id\":\"https:\\\/\\\/mundoanimalito.com\\\/#website\",\"url\":\"https:\\\/\\\/mundoanimalito.com\\\/\",\"name\":\"Mundo Animalito\",\"description\":\"Datos y curiosidades de los animales, encuentra ac\u00e1 todo para tu mascota\",\"publisher\":{\"@id\":\"https:\\\/\\\/mundoanimalito.com\\\/#organization\"},\"potentialAction\":[{\"@type\":\"SearchAction\",\"target\":{\"@type\":\"EntryPoint\",\"urlTemplate\":\"https:\\\/\\\/mundoanimalito.com\\\/?s={search_term_string}\"},\"query-input\":{\"@type\":\"PropertyValueSpecification\",\"valueRequired\":true,\"valueName\":\"search_term_string\"}}],\"inLanguage\":\"es\"},{\"@type\":\"Organization\",\"@id\":\"https:\\\/\\\/mundoanimalito.com\\\/#organization\",\"name\":\"Mundo Animalito\",\"url\":\"https:\\\/\\\/mundoanimalito.com\\\/\",\"logo\":{\"@type\":\"ImageObject\",\"inLanguage\":\"es\",\"@id\":\"https:\\\/\\\/mundoanimalito.com\\\/#\\\/schema\\\/logo\\\/image\\\/\",\"url\":\"https:\\\/\\\/mundoanimalito.com\\\/wp-content\\\/uploads\\\/2023\\\/10\\\/cropped-cropped-LOGO-OFICIAL-ULTIMA-VERSION-1.jpg\",\"contentUrl\":\"https:\\\/\\\/mundoanimalito.com\\\/wp-content\\\/uploads\\\/2023\\\/10\\\/cropped-cropped-LOGO-OFICIAL-ULTIMA-VERSION-1.jpg\",\"width\":374,\"height\":425,\"caption\":\"Mundo Animalito\"},\"image\":{\"@id\":\"https:\\\/\\\/mundoanimalito.com\\\/#\\\/schema\\\/logo\\\/image\\\/\"},\"sameAs\":[\"https:\\\/\\\/www.facebook.com\\\/mundoanimalito77\",\"https:\\\/\\\/www.instagram.com\\\/mundoanimalito77\\\/\",\"https:\\\/\\\/www.tiktok.com\\\/@mundoanimalito77\",\"https:\\\/\\\/www.youtube.com\\\/channel\\\/UCLo2JhNUNtHVraDt5aHadew\"]}]}<\/script>\n<!-- \/ Yoast SEO plugin. -->","yoast_head_json":{"title":"Petace Bebedero Perro Antigoteo | Mundo Animalito","description":"Petace Bebedero Perro Antigoteo, Bebedero Antisalpicaduras Perro 1,3 L, Bebedero Lento Antideslizante para Mascotas Desordenados","robots":{"index":"index","follow":"follow","max-snippet":"max-snippet:-1","max-image-preview":"max-image-preview:large","max-video-preview":"max-video-preview:-1"},"canonical":"https:\/\/mundoanimalito.com\/index.php\/petace-bebedero-perro-antigoteo-bebedero-antisalpicaduras-perro-13-l\/","og_locale":"es_ES","og_type":"article","og_title":"Petace Bebedero Perro Antigoteo | Mundo Animalito","og_description":"Petace Bebedero Perro Antigoteo, Bebedero Antisalpicaduras Perro 1,3 L, Bebedero Lento Antideslizante para Mascotas Desordenados","og_url":"https:\/\/mundoanimalito.com\/index.php\/petace-bebedero-perro-antigoteo-bebedero-antisalpicaduras-perro-13-l\/","og_site_name":"Mundo Animalito","article_publisher":"https:\/\/www.facebook.com\/mundoanimalito77","article_modified_time":"2024-09-18T22:16:45+00:00","og_image":[{"url":"https:\/\/mundoanimalito.com\/wp-content\/uploads\/2024\/04\/61g7QTmhcHL._AC_SL1500_-1024x818.jpg","type":"","width":"","height":""}],"twitter_card":"summary_large_image","twitter_misc":{"Tiempo de lectura":"3 minutos"},"schema":{"@context":"https:\/\/schema.org","@graph":[{"@type":"WebPage","@id":"https:\/\/mundoanimalito.com\/index.php\/petace-bebedero-perro-antigoteo-bebedero-antisalpicaduras-perro-13-l\/","url":"https:\/\/mundoanimalito.com\/index.php\/petace-bebedero-perro-antigoteo-bebedero-antisalpicaduras-perro-13-l\/","name":"Petace Bebedero Perro Antigoteo | Mundo Animalito","isPartOf":{"@id":"https:\/\/mundoanimalito.com\/#website"},"primaryImageOfPage":{"@id":"https:\/\/mundoanimalito.com\/index.php\/petace-bebedero-perro-antigoteo-bebedero-antisalpicaduras-perro-13-l\/#primaryimage"},"image":{"@id":"https:\/\/mundoanimalito.com\/index.php\/petace-bebedero-perro-antigoteo-bebedero-antisalpicaduras-perro-13-l\/#primaryimage"},"thumbnailUrl":"https:\/\/mundoanimalito.com\/wp-content\/uploads\/2024\/04\/61g7QTmhcHL._AC_SL1500_-1024x818.jpg","datePublished":"2024-04-16T19:31:17+00:00","dateModified":"2024-09-18T22:16:45+00:00","description":"Petace Bebedero Perro Antigoteo, Bebedero Antisalpicaduras Perro 1,3 L, Bebedero Lento Antideslizante para Mascotas Desordenados","breadcrumb":{"@id":"https:\/\/mundoanimalito.com\/index.php\/petace-bebedero-perro-antigoteo-bebedero-antisalpicaduras-perro-13-l\/#breadcrumb"},"inLanguage":"es","potentialAction":[{"@type":"ReadAction","target":["https:\/\/mundoanimalito.com\/index.php\/petace-bebedero-perro-antigoteo-bebedero-antisalpicaduras-perro-13-l\/"]}]},{"@type":"ImageObject","inLanguage":"es","@id":"https:\/\/mundoanimalito.com\/index.php\/petace-bebedero-perro-antigoteo-bebedero-antisalpicaduras-perro-13-l\/#primaryimage","url":"https:\/\/mundoanimalito.com\/wp-content\/uploads\/2024\/04\/61g7QTmhcHL._AC_SL1500_.jpg","contentUrl":"https:\/\/mundoanimalito.com\/wp-content\/uploads\/2024\/04\/61g7QTmhcHL._AC_SL1500_.jpg","width":1500,"height":1198,"caption":"Petace Bebedero Perro Antigoteo, Bebedero Antisalpicaduras Perro 1,3 L, Bebedero Lento Antideslizante para Mascotas Desordenados"},{"@type":"BreadcrumbList","@id":"https:\/\/mundoanimalito.com\/index.php\/petace-bebedero-perro-antigoteo-bebedero-antisalpicaduras-perro-13-l\/#breadcrumb","itemListElement":[{"@type":"ListItem","position":1,"name":"Portada","item":"https:\/\/mundoanimalito.com\/"},{"@type":"ListItem","position":2,"name":"Petace Bebedero Perro Antigoteo, Bebedero Antisalpicaduras Perro 1,3 L"}]},{"@type":"WebSite","@id":"https:\/\/mundoanimalito.com\/#website","url":"https:\/\/mundoanimalito.com\/","name":"Mundo Animalito","description":"Datos y curiosidades de los animales, encuentra ac\u00e1 todo para tu mascota","publisher":{"@id":"https:\/\/mundoanimalito.com\/#organization"},"potentialAction":[{"@type":"SearchAction","target":{"@type":"EntryPoint","urlTemplate":"https:\/\/mundoanimalito.com\/?s={search_term_string}"},"query-input":{"@type":"PropertyValueSpecification","valueRequired":true,"valueName":"search_term_string"}}],"inLanguage":"es"},{"@type":"Organization","@id":"https:\/\/mundoanimalito.com\/#organization","name":"Mundo Animalito","url":"https:\/\/mundoanimalito.com\/","logo":{"@type":"ImageObject","inLanguage":"es","@id":"https:\/\/mundoanimalito.com\/#\/schema\/logo\/image\/","url":"https:\/\/mundoanimalito.com\/wp-content\/uploads\/2023\/10\/cropped-cropped-LOGO-OFICIAL-ULTIMA-VERSION-1.jpg","contentUrl":"https:\/\/mundoanimalito.com\/wp-content\/uploads\/2023\/10\/cropped-cropped-LOGO-OFICIAL-ULTIMA-VERSION-1.jpg","width":374,"height":425,"caption":"Mundo Animalito"},"image":{"@id":"https:\/\/mundoanimalito.com\/#\/schema\/logo\/image\/"},"sameAs":["https:\/\/www.facebook.com\/mundoanimalito77","https:\/\/www.instagram.com\/mundoanimalito77\/","https:\/\/www.tiktok.com\/@mundoanimalito77","https:\/\/www.youtube.com\/channel\/UCLo2JhNUNtHVraDt5aHadew"]}]}},"_links":{"self":[{"href":"https:\/\/mundoanimalito.com\/index.php\/wp-json\/wp\/v2\/pages\/23008","targetHints":{"allow":["GET"]}}],"collection":[{"href":"https:\/\/mundoanimalito.com\/index.php\/wp-json\/wp\/v2\/pages"}],"about":[{"href":"https:\/\/mundoanimalito.com\/index.php\/wp-json\/wp\/v2\/types\/page"}],"author":[{"embeddable":true,"href":"https:\/\/mundoanimalito.com\/index.php\/wp-json\/wp\/v2\/users\/1"}],"replies":[{"embeddable":true,"href":"https:\/\/mundoanimalito.com\/index.php\/wp-json\/wp\/v2\/comments?post=23008"}],"version-history":[{"count":0,"href":"https:\/\/mundoanimalito.com\/index.php\/wp-json\/wp\/v2\/pages\/23008\/revisions"}],"wp:attachment":[{"href":"https:\/\/mundoanimalito.com\/index.php\/wp-json\/wp\/v2\/media?parent=23008"}],"curies":[{"name":"wp","href":"https:\/\/api.w.org\/{rel}","templated":true}]}}