{"id":22444,"date":"2024-04-15T18:49:31","date_gmt":"2024-04-15T23:49:31","guid":{"rendered":"https:\/\/mundoanimalito.com\/?page_id=22444"},"modified":"2024-09-03T15:47:51","modified_gmt":"2024-09-03T20:47:51","slug":"arquivet-comedero-bebedero-acero-inoxidable","status":"publish","type":"page","link":"https:\/\/mundoanimalito.com\/index.php\/arquivet-comedero-bebedero-acero-inoxidable\/","title":{"rendered":"Arquivet Comedero, Bebedero Acero Inoxidable"},"content":{"rendered":"\t\t<div data-elementor-type=\"wp-page\" data-elementor-id=\"22444\" class=\"elementor elementor-22444\" data-elementor-post-type=\"page\">\n\t\t\t\t<div class=\"elementor-element elementor-element-f77031e e-flex e-con-boxed e-con e-parent\" data-id=\"f77031e\" data-element_type=\"container\" data-e-type=\"container\">\n\t\t\t\t\t<div class=\"e-con-inner\">\n\t\t\t\t<div class=\"elementor-element elementor-element-f4d8c51 elementor-invisible elementor-widget elementor-widget-heading\" data-id=\"f4d8c51\" data-element_type=\"widget\" data-e-type=\"widget\" data-settings=\"{&quot;_animation&quot;:&quot;fadeInDown&quot;}\" data-widget_type=\"heading.default\">\n\t\t\t\t<div class=\"elementor-widget-container\">\n\t\t\t\t\t<h2 class=\"elementor-heading-title elementor-size-default\">\u00bfBuscas un comedero y bebedero confiable para tu perro o gato? \u00a1El Arquivet Comedero y Bebedero de Acero Inoxidable es la soluci\u00f3n perfecta! Este producto no solo ofrece calidad y durabilidad, sino que tambi\u00e9n brinda una serie de beneficios que mejorar\u00e1n la experiencia de alimentaci\u00f3n de tu mascota.<\/h2>\t\t\t\t<\/div>\n\t\t\t\t<\/div>\n\t\t\t\t\t<\/div>\n\t\t\t\t<\/div>\n\t\t<div class=\"elementor-element elementor-element-d62ee66 e-flex e-con-boxed e-con e-parent\" data-id=\"d62ee66\" data-element_type=\"container\" data-e-type=\"container\">\n\t\t\t\t\t<div class=\"e-con-inner\">\n\t\t<div class=\"elementor-element elementor-element-2fc7ab0 e-con-full e-flex e-con e-child\" data-id=\"2fc7ab0\" data-element_type=\"container\" data-e-type=\"container\">\n\t\t\t\t<div class=\"elementor-element elementor-element-880ca38 elementor-widget elementor-widget-image\" data-id=\"880ca38\" data-element_type=\"widget\" data-e-type=\"widget\" data-widget_type=\"image.default\">\n\t\t\t\t<div class=\"elementor-widget-container\">\n\t\t\t\t\t\t\t\t\t\t\t\t\t\t\t\t<a href=\"https:\/\/amzn.to\/3vHM4nq\" target=\"_blank\">\n\t\t\t\t\t\t\t<img fetchpriority=\"high\" decoding=\"async\" width=\"1024\" height=\"757\" src=\"https:\/\/mundoanimalito.com\/wp-content\/uploads\/2024\/04\/61svB9ZVmRL._AC_SL1500_-1024x757.jpg\" class=\"attachment-large size-large wp-image-22425\" alt=\"Arquivet Comedero, Bebedero Acero Inoxidable para Perro o Gato, Acero Inoxidable, 350 ml \/ 13 cm\" srcset=\"https:\/\/mundoanimalito.com\/wp-content\/uploads\/2024\/04\/61svB9ZVmRL._AC_SL1500_-1024x757.jpg 1024w, https:\/\/mundoanimalito.com\/wp-content\/uploads\/2024\/04\/61svB9ZVmRL._AC_SL1500_-300x222.jpg 300w, https:\/\/mundoanimalito.com\/wp-content\/uploads\/2024\/04\/61svB9ZVmRL._AC_SL1500_-768x567.jpg 768w, https:\/\/mundoanimalito.com\/wp-content\/uploads\/2024\/04\/61svB9ZVmRL._AC_SL1500_.jpg 1413w\" sizes=\"(max-width: 1024px) 100vw, 1024px\" \/>\t\t\t\t\t\t\t\t<\/a>\n\t\t\t\t\t\t\t\t\t\t\t\t\t\t\t<\/div>\n\t\t\t\t<\/div>\n\t\t\t\t<\/div>\n\t\t<div class=\"elementor-element elementor-element-0a68afe e-con-full e-flex e-con e-child\" data-id=\"0a68afe\" data-element_type=\"container\" data-e-type=\"container\">\n\t\t\t\t<div class=\"elementor-element elementor-element-0a19aee elementor-widget elementor-widget-text-editor\" data-id=\"0a19aee\" data-element_type=\"widget\" data-e-type=\"widget\" data-widget_type=\"text-editor.default\">\n\t\t\t\t<div class=\"elementor-widget-container\">\n\t\t\t\t\t\t\t\t\t<p>\u00a0<\/p><p>\u2705 <strong>Hecho de Acero Inoxidable:<\/strong> Este comedero y bebedero est\u00e1n fabricados con acero inoxidable de alta calidad, lo que garantiza durabilidad y resistencia a la corrosi\u00f3n. Adem\u00e1s, el material no contiene productos t\u00f3xicos, asegurando la seguridad de tu mascota.<\/p><p>\u00a0<\/p><p>\ud83d\udebf <strong>F\u00e1cil de Lavar:<\/strong> La limpieza de este comedero y bebedero es un juego de ni\u00f1os. Gracias a su material de acero inoxidable, puedes lavarlo f\u00e1cilmente con agua y jab\u00f3n suave, y tambi\u00e9n es apto para lavavajillas. Mant\u00e9n la vajilla de tu mascota impecable sin complicaciones.<\/p><p>\u00a0<\/p><p>\ud83d\udca7 <strong>\u00datil como Comedero o Bebedero:<\/strong> Con una capacidad de 350 ml, este producto es vers\u00e1til y se puede utilizar tanto como comedero como bebedero. Es perfecto para proporcionar a tu mascota agua fresca o comida de forma conveniente y segura.<\/p>\t\t\t\t\t\t\t\t<\/div>\n\t\t\t\t<\/div>\n\t\t\t\t<\/div>\n\t\t\t\t\t<\/div>\n\t\t\t\t<\/div>\n\t\t<div class=\"elementor-element elementor-element-7aabd9b e-flex e-con-boxed e-con e-parent\" data-id=\"7aabd9b\" data-element_type=\"container\" data-e-type=\"container\">\n\t\t\t\t\t<div class=\"e-con-inner\">\n\t\t\t\t<div class=\"elementor-element elementor-element-303b3db elementor-widget elementor-widget-text-editor\" data-id=\"303b3db\" data-element_type=\"widget\" data-e-type=\"widget\" data-widget_type=\"text-editor.default\">\n\t\t\t\t<div class=\"elementor-widget-container\">\n\t\t\t\t\t\t\t\t\t<p>\ud83d\udc31\ud83d\udc36 <strong>Ideal para Perros y Gatos:<\/strong> Este comedero y bebedero son adecuados para perros y gatos de todas las razas y tama\u00f1os. Su dise\u00f1o sencillo y funcional se adapta f\u00e1cilmente a las necesidades de tu mascota, sin importar su tama\u00f1o o preferencias alimenticias.<\/p><p>\u00a0<\/p><p>Ya sea que est\u00e9s buscando un comedero, un bebedero o ambos, el Arquivet Comedero y Bebedero de Acero Inoxidable es la elecci\u00f3n perfecta para garantizar que tu mascota disfrute de cada comida y se mantenga hidratada en todo momento. \u00a1Haz clic ahora en \u00abAgregar al carrito\u00bb y br\u00edndale a tu amigo peludo la vajilla de calidad que se merece!<\/p>\t\t\t\t\t\t\t\t<\/div>\n\t\t\t\t<\/div>\n\t\t\t\t<div class=\"elementor-element elementor-element-3238b49 elementor-align-right elementor-widget elementor-widget-button\" data-id=\"3238b49\" data-element_type=\"widget\" data-e-type=\"widget\" data-widget_type=\"button.default\">\n\t\t\t\t<div class=\"elementor-widget-container\">\n\t\t\t\t\t\t\t\t\t<div class=\"elementor-button-wrapper\">\n\t\t\t\t\t<a class=\"elementor-button elementor-button-link elementor-size-sm\" href=\"https:\/\/amzn.to\/3vHM4nq\" target=\"_blank\">\n\t\t\t\t\t\t<span class=\"elementor-button-content-wrapper\">\n\t\t\t\t\t\t\t\t\t<span class=\"elementor-button-text\">Compra ahora en Amazon<\/span>\n\t\t\t\t\t<\/span>\n\t\t\t\t\t<\/a>\n\t\t\t\t<\/div>\n\t\t\t\t\t\t\t\t<\/div>\n\t\t\t\t<\/div>\n\t\t\t\t\t<\/div>\n\t\t\t\t<\/div>\n\t\t<div class=\"elementor-element elementor-element-13503ed e-flex e-con-boxed e-con e-parent\" data-id=\"13503ed\" data-element_type=\"container\" data-e-type=\"container\">\n\t\t\t\t\t<div class=\"e-con-inner\">\n\t\t\t\t<div class=\"elementor-element elementor-element-f2a4a3e elementor-arrows-position-inside elementor-pagination-position-outside elementor-widget elementor-widget-image-carousel\" data-id=\"f2a4a3e\" data-element_type=\"widget\" data-e-type=\"widget\" data-settings=\"{&quot;slides_to_show&quot;:&quot;1&quot;,&quot;navigation&quot;:&quot;both&quot;,&quot;autoplay&quot;:&quot;yes&quot;,&quot;pause_on_hover&quot;:&quot;yes&quot;,&quot;pause_on_interaction&quot;:&quot;yes&quot;,&quot;autoplay_speed&quot;:5000,&quot;infinite&quot;:&quot;yes&quot;,&quot;effect&quot;:&quot;slide&quot;,&quot;speed&quot;:500}\" data-widget_type=\"image-carousel.default\">\n\t\t\t\t<div class=\"elementor-widget-container\">\n\t\t\t\t\t\t\t<div class=\"elementor-image-carousel-wrapper swiper\" role=\"region\" aria-roledescription=\"carousel\" aria-label=\"Carrusel de im\u00e1genes\" dir=\"ltr\">\n\t\t\t<div class=\"elementor-image-carousel swiper-wrapper\" aria-live=\"off\">\n\t\t\t\t\t\t\t\t<div class=\"swiper-slide\" role=\"group\" aria-roledescription=\"slide\" aria-label=\"1 de 1\"><figure class=\"swiper-slide-inner\"><img decoding=\"async\" class=\"swiper-slide-image\" src=\"https:\/\/mundoanimalito.com\/wp-content\/uploads\/2024\/04\/81ZTDNEg09L._AC_SL1500_-768x768.jpg\" alt=\"Arquivet Comedero, Bebedero Acero Inoxidable para Perro o Gato, Acero Inoxidable, 350 ml \/ 13 cm\" \/><\/figure><\/div>\t\t\t<\/div>\n\t\t\t\t\t<\/div>\n\t\t\t\t\t\t<\/div>\n\t\t\t\t<\/div>\n\t\t\t\t\t<\/div>\n\t\t\t\t<\/div>\n\t\t<div class=\"elementor-element elementor-element-89fa473 e-flex e-con-boxed e-con e-parent\" data-id=\"89fa473\" data-element_type=\"container\" data-e-type=\"container\">\n\t\t\t\t\t<div class=\"e-con-inner\">\n\t\t\t\t<div class=\"elementor-element elementor-element-bb2226a elementor-align-right elementor-widget elementor-widget-button\" data-id=\"bb2226a\" data-element_type=\"widget\" data-e-type=\"widget\" data-widget_type=\"button.default\">\n\t\t\t\t<div class=\"elementor-widget-container\">\n\t\t\t\t\t\t\t\t\t<div class=\"elementor-button-wrapper\">\n\t\t\t\t\t<a class=\"elementor-button elementor-button-link elementor-size-sm\" href=\"https:\/\/amzn.to\/3vHM4nq\" target=\"_blank\">\n\t\t\t\t\t\t<span class=\"elementor-button-content-wrapper\">\n\t\t\t\t\t\t\t\t\t<span class=\"elementor-button-text\">Compra ahora en Amazon<\/span>\n\t\t\t\t\t<\/span>\n\t\t\t\t\t<\/a>\n\t\t\t\t<\/div>\n\t\t\t\t\t\t\t\t<\/div>\n\t\t\t\t<\/div>\n\t\t\t\t\t<\/div>\n\t\t\t\t<\/div>\n\t\t\t\t<\/div>\n\t\t","protected":false},"excerpt":{"rendered":"<p>\u00bfBuscas un comedero y bebedero confiable para tu perro o gato? \u00a1El Arquivet Comedero y Bebedero de Acero Inoxidable es la soluci\u00f3n perfecta! Este producto no solo ofrece calidad y durabilidad, sino que tambi\u00e9n brinda una serie de beneficios que mejorar\u00e1n la experiencia de alimentaci\u00f3n de tu mascota. \u00a0 \u2705 Hecho de Acero Inoxidable: Este [&hellip;]<\/p>\n","protected":false},"author":1,"featured_media":0,"parent":0,"menu_order":0,"comment_status":"closed","ping_status":"closed","template":"","meta":{"site-sidebar-layout":"no-sidebar","site-content-layout":"page-builder","ast-site-content-layout":"full-width-container","site-content-style":"default","site-sidebar-style":"default","ast-global-header-display":"","ast-banner-title-visibility":"","ast-main-header-display":"","ast-hfb-above-header-display":"","ast-hfb-below-header-display":"","ast-hfb-mobile-header-display":"","site-post-title":"disabled","ast-breadcrumbs-content":"","ast-featured-img":"disabled","footer-sml-layout":"","ast-disable-related-posts":"","theme-transparent-header-meta":"","adv-header-id-meta":"","stick-header-meta":"","header-above-stick-meta":"","header-main-stick-meta":"","header-below-stick-meta":"","astra-migrate-meta-layouts":"set","ast-page-background-enabled":"default","ast-page-background-meta":{"desktop":{"background-color":"var(--ast-global-color-4)","background-image":"","background-repeat":"repeat","background-position":"center center","background-size":"auto","background-attachment":"scroll","background-type":"","background-media":"","overlay-type":"","overlay-color":"","overlay-opacity":"","overlay-gradient":""},"tablet":{"background-color":"","background-image":"","background-repeat":"repeat","background-position":"center center","background-size":"auto","background-attachment":"scroll","background-type":"","background-media":"","overlay-type":"","overlay-color":"","overlay-opacity":"","overlay-gradient":""},"mobile":{"background-color":"","background-image":"","background-repeat":"repeat","background-position":"center center","background-size":"auto","background-attachment":"scroll","background-type":"","background-media":"","overlay-type":"","overlay-color":"","overlay-opacity":"","overlay-gradient":""}},"ast-content-background-meta":{"desktop":{"background-color":"var(--ast-global-color-5)","background-image":"","background-repeat":"repeat","background-position":"center center","background-size":"auto","background-attachment":"scroll","background-type":"","background-media":"","overlay-type":"","overlay-color":"","overlay-opacity":"","overlay-gradient":""},"tablet":{"background-color":"var(--ast-global-color-5)","background-image":"","background-repeat":"repeat","background-position":"center center","background-size":"auto","background-attachment":"scroll","background-type":"","background-media":"","overlay-type":"","overlay-color":"","overlay-opacity":"","overlay-gradient":""},"mobile":{"background-color":"var(--ast-global-color-5)","background-image":"","background-repeat":"repeat","background-position":"center center","background-size":"auto","background-attachment":"scroll","background-type":"","background-media":"","overlay-type":"","overlay-color":"","overlay-opacity":"","overlay-gradient":""}},"footnotes":""},"class_list":["post-22444","page","type-page","status-publish","hentry"],"yoast_head":"<!-- This site is optimized with the Yoast SEO plugin v27.4 - https:\/\/yoast.com\/product\/yoast-seo-wordpress\/ -->\n<title>Arquivet Comedero, Bebedero Acero Inoxidable para Perro o Gato | Mundo Animalito<\/title>\n<meta name=\"description\" content=\"\u00bfBuscas un comedero y bebedero confiable para tu perro o gato? \u00a1El Arquivet Comedero y Bebedero de Acero Inoxidable es la soluci\u00f3n perfecta! Este producto no solo ofrece calidad y durabilidad, sino que tambi\u00e9n brinda una serie de beneficios que mejorar\u00e1n la experiencia de alimentaci\u00f3n de tu mascota.\" \/>\n<meta name=\"robots\" content=\"index, follow, max-snippet:-1, max-image-preview:large, max-video-preview:-1\" \/>\n<link rel=\"canonical\" href=\"https:\/\/mundoanimalito.com\/index.php\/arquivet-comedero-bebedero-acero-inoxidable\/\" \/>\n<meta property=\"og:locale\" content=\"es_ES\" \/>\n<meta property=\"og:type\" content=\"article\" \/>\n<meta property=\"og:title\" content=\"Arquivet Comedero, Bebedero Acero Inoxidable para Perro o Gato | Mundo Animalito\" \/>\n<meta property=\"og:description\" content=\"\u00bfBuscas un comedero y bebedero confiable para tu perro o gato? \u00a1El Arquivet Comedero y Bebedero de Acero Inoxidable es la soluci\u00f3n perfecta! Este producto no solo ofrece calidad y durabilidad, sino que tambi\u00e9n brinda una serie de beneficios que mejorar\u00e1n la experiencia de alimentaci\u00f3n de tu mascota.\" \/>\n<meta property=\"og:url\" content=\"https:\/\/mundoanimalito.com\/index.php\/arquivet-comedero-bebedero-acero-inoxidable\/\" \/>\n<meta property=\"og:site_name\" content=\"Mundo Animalito\" \/>\n<meta property=\"article:publisher\" content=\"https:\/\/www.facebook.com\/mundoanimalito77\" \/>\n<meta property=\"article:modified_time\" content=\"2024-09-03T20:47:51+00:00\" \/>\n<meta property=\"og:image\" content=\"https:\/\/mundoanimalito.com\/wp-content\/uploads\/2024\/04\/61svB9ZVmRL._AC_SL1500_-1024x757.jpg\" \/>\n<meta name=\"twitter:card\" content=\"summary_large_image\" \/>\n<meta name=\"twitter:label1\" content=\"Tiempo de lectura\" \/>\n\t<meta name=\"twitter:data1\" content=\"2 minutos\" \/>\n<script type=\"application\/ld+json\" class=\"yoast-schema-graph\">{\"@context\":\"https:\\\/\\\/schema.org\",\"@graph\":[{\"@type\":\"WebPage\",\"@id\":\"https:\\\/\\\/mundoanimalito.com\\\/index.php\\\/arquivet-comedero-bebedero-acero-inoxidable\\\/\",\"url\":\"https:\\\/\\\/mundoanimalito.com\\\/index.php\\\/arquivet-comedero-bebedero-acero-inoxidable\\\/\",\"name\":\"Arquivet Comedero, Bebedero Acero Inoxidable para Perro o Gato | Mundo Animalito\",\"isPartOf\":{\"@id\":\"https:\\\/\\\/mundoanimalito.com\\\/#website\"},\"primaryImageOfPage\":{\"@id\":\"https:\\\/\\\/mundoanimalito.com\\\/index.php\\\/arquivet-comedero-bebedero-acero-inoxidable\\\/#primaryimage\"},\"image\":{\"@id\":\"https:\\\/\\\/mundoanimalito.com\\\/index.php\\\/arquivet-comedero-bebedero-acero-inoxidable\\\/#primaryimage\"},\"thumbnailUrl\":\"https:\\\/\\\/mundoanimalito.com\\\/wp-content\\\/uploads\\\/2024\\\/04\\\/61svB9ZVmRL._AC_SL1500_-1024x757.jpg\",\"datePublished\":\"2024-04-15T23:49:31+00:00\",\"dateModified\":\"2024-09-03T20:47:51+00:00\",\"description\":\"\u00bfBuscas un comedero y bebedero confiable para tu perro o gato? \u00a1El Arquivet Comedero y Bebedero de Acero Inoxidable es la soluci\u00f3n perfecta! Este producto no solo ofrece calidad y durabilidad, sino que tambi\u00e9n brinda una serie de beneficios que mejorar\u00e1n la experiencia de alimentaci\u00f3n de tu mascota.\",\"breadcrumb\":{\"@id\":\"https:\\\/\\\/mundoanimalito.com\\\/index.php\\\/arquivet-comedero-bebedero-acero-inoxidable\\\/#breadcrumb\"},\"inLanguage\":\"es\",\"potentialAction\":[{\"@type\":\"ReadAction\",\"target\":[\"https:\\\/\\\/mundoanimalito.com\\\/index.php\\\/arquivet-comedero-bebedero-acero-inoxidable\\\/\"]}]},{\"@type\":\"ImageObject\",\"inLanguage\":\"es\",\"@id\":\"https:\\\/\\\/mundoanimalito.com\\\/index.php\\\/arquivet-comedero-bebedero-acero-inoxidable\\\/#primaryimage\",\"url\":\"https:\\\/\\\/mundoanimalito.com\\\/wp-content\\\/uploads\\\/2024\\\/04\\\/61svB9ZVmRL._AC_SL1500_.jpg\",\"contentUrl\":\"https:\\\/\\\/mundoanimalito.com\\\/wp-content\\\/uploads\\\/2024\\\/04\\\/61svB9ZVmRL._AC_SL1500_.jpg\",\"width\":1413,\"height\":1044,\"caption\":\"Arquivet Comedero, Bebedero Acero Inoxidable para Perro o Gato, Acero Inoxidable, 350 ml \\\/ 13 cm\"},{\"@type\":\"BreadcrumbList\",\"@id\":\"https:\\\/\\\/mundoanimalito.com\\\/index.php\\\/arquivet-comedero-bebedero-acero-inoxidable\\\/#breadcrumb\",\"itemListElement\":[{\"@type\":\"ListItem\",\"position\":1,\"name\":\"Portada\",\"item\":\"https:\\\/\\\/mundoanimalito.com\\\/\"},{\"@type\":\"ListItem\",\"position\":2,\"name\":\"Arquivet Comedero, Bebedero Acero Inoxidable\"}]},{\"@type\":\"WebSite\",\"@id\":\"https:\\\/\\\/mundoanimalito.com\\\/#website\",\"url\":\"https:\\\/\\\/mundoanimalito.com\\\/\",\"name\":\"Mundo Animalito\",\"description\":\"Datos y curiosidades de los animales, encuentra ac\u00e1 todo para tu mascota\",\"publisher\":{\"@id\":\"https:\\\/\\\/mundoanimalito.com\\\/#organization\"},\"potentialAction\":[{\"@type\":\"SearchAction\",\"target\":{\"@type\":\"EntryPoint\",\"urlTemplate\":\"https:\\\/\\\/mundoanimalito.com\\\/?s={search_term_string}\"},\"query-input\":{\"@type\":\"PropertyValueSpecification\",\"valueRequired\":true,\"valueName\":\"search_term_string\"}}],\"inLanguage\":\"es\"},{\"@type\":\"Organization\",\"@id\":\"https:\\\/\\\/mundoanimalito.com\\\/#organization\",\"name\":\"Mundo Animalito\",\"url\":\"https:\\\/\\\/mundoanimalito.com\\\/\",\"logo\":{\"@type\":\"ImageObject\",\"inLanguage\":\"es\",\"@id\":\"https:\\\/\\\/mundoanimalito.com\\\/#\\\/schema\\\/logo\\\/image\\\/\",\"url\":\"https:\\\/\\\/mundoanimalito.com\\\/wp-content\\\/uploads\\\/2023\\\/10\\\/cropped-cropped-LOGO-OFICIAL-ULTIMA-VERSION-1.jpg\",\"contentUrl\":\"https:\\\/\\\/mundoanimalito.com\\\/wp-content\\\/uploads\\\/2023\\\/10\\\/cropped-cropped-LOGO-OFICIAL-ULTIMA-VERSION-1.jpg\",\"width\":374,\"height\":425,\"caption\":\"Mundo Animalito\"},\"image\":{\"@id\":\"https:\\\/\\\/mundoanimalito.com\\\/#\\\/schema\\\/logo\\\/image\\\/\"},\"sameAs\":[\"https:\\\/\\\/www.facebook.com\\\/mundoanimalito77\",\"https:\\\/\\\/www.instagram.com\\\/mundoanimalito77\\\/\",\"https:\\\/\\\/www.tiktok.com\\\/@mundoanimalito77\",\"https:\\\/\\\/www.youtube.com\\\/channel\\\/UCLo2JhNUNtHVraDt5aHadew\"]}]}<\/script>\n<!-- \/ Yoast SEO plugin. -->","yoast_head_json":{"title":"Arquivet Comedero, Bebedero Acero Inoxidable para Perro o Gato | Mundo Animalito","description":"\u00bfBuscas un comedero y bebedero confiable para tu perro o gato? \u00a1El Arquivet Comedero y Bebedero de Acero Inoxidable es la soluci\u00f3n perfecta! Este producto no solo ofrece calidad y durabilidad, sino que tambi\u00e9n brinda una serie de beneficios que mejorar\u00e1n la experiencia de alimentaci\u00f3n de tu mascota.","robots":{"index":"index","follow":"follow","max-snippet":"max-snippet:-1","max-image-preview":"max-image-preview:large","max-video-preview":"max-video-preview:-1"},"canonical":"https:\/\/mundoanimalito.com\/index.php\/arquivet-comedero-bebedero-acero-inoxidable\/","og_locale":"es_ES","og_type":"article","og_title":"Arquivet Comedero, Bebedero Acero Inoxidable para Perro o Gato | Mundo Animalito","og_description":"\u00bfBuscas un comedero y bebedero confiable para tu perro o gato? \u00a1El Arquivet Comedero y Bebedero de Acero Inoxidable es la soluci\u00f3n perfecta! Este producto no solo ofrece calidad y durabilidad, sino que tambi\u00e9n brinda una serie de beneficios que mejorar\u00e1n la experiencia de alimentaci\u00f3n de tu mascota.","og_url":"https:\/\/mundoanimalito.com\/index.php\/arquivet-comedero-bebedero-acero-inoxidable\/","og_site_name":"Mundo Animalito","article_publisher":"https:\/\/www.facebook.com\/mundoanimalito77","article_modified_time":"2024-09-03T20:47:51+00:00","og_image":[{"url":"https:\/\/mundoanimalito.com\/wp-content\/uploads\/2024\/04\/61svB9ZVmRL._AC_SL1500_-1024x757.jpg","type":"","width":"","height":""}],"twitter_card":"summary_large_image","twitter_misc":{"Tiempo de lectura":"2 minutos"},"schema":{"@context":"https:\/\/schema.org","@graph":[{"@type":"WebPage","@id":"https:\/\/mundoanimalito.com\/index.php\/arquivet-comedero-bebedero-acero-inoxidable\/","url":"https:\/\/mundoanimalito.com\/index.php\/arquivet-comedero-bebedero-acero-inoxidable\/","name":"Arquivet Comedero, Bebedero Acero Inoxidable para Perro o Gato | Mundo Animalito","isPartOf":{"@id":"https:\/\/mundoanimalito.com\/#website"},"primaryImageOfPage":{"@id":"https:\/\/mundoanimalito.com\/index.php\/arquivet-comedero-bebedero-acero-inoxidable\/#primaryimage"},"image":{"@id":"https:\/\/mundoanimalito.com\/index.php\/arquivet-comedero-bebedero-acero-inoxidable\/#primaryimage"},"thumbnailUrl":"https:\/\/mundoanimalito.com\/wp-content\/uploads\/2024\/04\/61svB9ZVmRL._AC_SL1500_-1024x757.jpg","datePublished":"2024-04-15T23:49:31+00:00","dateModified":"2024-09-03T20:47:51+00:00","description":"\u00bfBuscas un comedero y bebedero confiable para tu perro o gato? \u00a1El Arquivet Comedero y Bebedero de Acero Inoxidable es la soluci\u00f3n perfecta! Este producto no solo ofrece calidad y durabilidad, sino que tambi\u00e9n brinda una serie de beneficios que mejorar\u00e1n la experiencia de alimentaci\u00f3n de tu mascota.","breadcrumb":{"@id":"https:\/\/mundoanimalito.com\/index.php\/arquivet-comedero-bebedero-acero-inoxidable\/#breadcrumb"},"inLanguage":"es","potentialAction":[{"@type":"ReadAction","target":["https:\/\/mundoanimalito.com\/index.php\/arquivet-comedero-bebedero-acero-inoxidable\/"]}]},{"@type":"ImageObject","inLanguage":"es","@id":"https:\/\/mundoanimalito.com\/index.php\/arquivet-comedero-bebedero-acero-inoxidable\/#primaryimage","url":"https:\/\/mundoanimalito.com\/wp-content\/uploads\/2024\/04\/61svB9ZVmRL._AC_SL1500_.jpg","contentUrl":"https:\/\/mundoanimalito.com\/wp-content\/uploads\/2024\/04\/61svB9ZVmRL._AC_SL1500_.jpg","width":1413,"height":1044,"caption":"Arquivet Comedero, Bebedero Acero Inoxidable para Perro o Gato, Acero Inoxidable, 350 ml \/ 13 cm"},{"@type":"BreadcrumbList","@id":"https:\/\/mundoanimalito.com\/index.php\/arquivet-comedero-bebedero-acero-inoxidable\/#breadcrumb","itemListElement":[{"@type":"ListItem","position":1,"name":"Portada","item":"https:\/\/mundoanimalito.com\/"},{"@type":"ListItem","position":2,"name":"Arquivet Comedero, Bebedero Acero Inoxidable"}]},{"@type":"WebSite","@id":"https:\/\/mundoanimalito.com\/#website","url":"https:\/\/mundoanimalito.com\/","name":"Mundo Animalito","description":"Datos y curiosidades de los animales, encuentra ac\u00e1 todo para tu mascota","publisher":{"@id":"https:\/\/mundoanimalito.com\/#organization"},"potentialAction":[{"@type":"SearchAction","target":{"@type":"EntryPoint","urlTemplate":"https:\/\/mundoanimalito.com\/?s={search_term_string}"},"query-input":{"@type":"PropertyValueSpecification","valueRequired":true,"valueName":"search_term_string"}}],"inLanguage":"es"},{"@type":"Organization","@id":"https:\/\/mundoanimalito.com\/#organization","name":"Mundo Animalito","url":"https:\/\/mundoanimalito.com\/","logo":{"@type":"ImageObject","inLanguage":"es","@id":"https:\/\/mundoanimalito.com\/#\/schema\/logo\/image\/","url":"https:\/\/mundoanimalito.com\/wp-content\/uploads\/2023\/10\/cropped-cropped-LOGO-OFICIAL-ULTIMA-VERSION-1.jpg","contentUrl":"https:\/\/mundoanimalito.com\/wp-content\/uploads\/2023\/10\/cropped-cropped-LOGO-OFICIAL-ULTIMA-VERSION-1.jpg","width":374,"height":425,"caption":"Mundo Animalito"},"image":{"@id":"https:\/\/mundoanimalito.com\/#\/schema\/logo\/image\/"},"sameAs":["https:\/\/www.facebook.com\/mundoanimalito77","https:\/\/www.instagram.com\/mundoanimalito77\/","https:\/\/www.tiktok.com\/@mundoanimalito77","https:\/\/www.youtube.com\/channel\/UCLo2JhNUNtHVraDt5aHadew"]}]}},"_links":{"self":[{"href":"https:\/\/mundoanimalito.com\/index.php\/wp-json\/wp\/v2\/pages\/22444","targetHints":{"allow":["GET"]}}],"collection":[{"href":"https:\/\/mundoanimalito.com\/index.php\/wp-json\/wp\/v2\/pages"}],"about":[{"href":"https:\/\/mundoanimalito.com\/index.php\/wp-json\/wp\/v2\/types\/page"}],"author":[{"embeddable":true,"href":"https:\/\/mundoanimalito.com\/index.php\/wp-json\/wp\/v2\/users\/1"}],"replies":[{"embeddable":true,"href":"https:\/\/mundoanimalito.com\/index.php\/wp-json\/wp\/v2\/comments?post=22444"}],"version-history":[{"count":0,"href":"https:\/\/mundoanimalito.com\/index.php\/wp-json\/wp\/v2\/pages\/22444\/revisions"}],"wp:attachment":[{"href":"https:\/\/mundoanimalito.com\/index.php\/wp-json\/wp\/v2\/media?parent=22444"}],"curies":[{"name":"wp","href":"https:\/\/api.w.org\/{rel}","templated":true}]}}