{"id":22037,"date":"2024-04-15T15:42:32","date_gmt":"2024-04-15T20:42:32","guid":{"rendered":"https:\/\/mundoanimalito.com\/?page_id=22037"},"modified":"2024-09-04T17:10:48","modified_gmt":"2024-09-04T22:10:48","slug":"edipets-bebedero-perro-antigoteo","status":"publish","type":"page","link":"https:\/\/mundoanimalito.com\/index.php\/edipets-bebedero-perro-antigoteo\/","title":{"rendered":"Edipets, Bebedero Perro Antigoteo"},"content":{"rendered":"\t\t<div data-elementor-type=\"wp-page\" data-elementor-id=\"22037\" class=\"elementor elementor-22037\" data-elementor-post-type=\"page\">\n\t\t\t\t<div class=\"elementor-element elementor-element-3a71f46 e-flex e-con-boxed e-con e-parent\" data-id=\"3a71f46\" data-element_type=\"container\" data-e-type=\"container\">\n\t\t\t\t\t<div class=\"e-con-inner\">\n\t\t\t\t<div class=\"elementor-element elementor-element-6077043 elementor-invisible elementor-widget elementor-widget-heading\" data-id=\"6077043\" data-element_type=\"widget\" data-e-type=\"widget\" data-settings=\"{&quot;_animation&quot;:&quot;fadeInDown&quot;}\" data-widget_type=\"heading.default\">\n\t\t\t\t<div class=\"elementor-widget-container\">\n\t\t\t\t\t<h2 class=\"elementor-heading-title elementor-size-default\">\u00bfEst\u00e1s cansado de lidiar con derrames y charcos de agua por toda la casa cada vez que tu perro toma un trago? \u00a1Ya no m\u00e1s! Con el Bebedero de Perro Flotante Edipets, puedes proporcionar a tu mejor amigo una fuente de agua limpia y fresca sin preocuparte por los derrames y las manchas en el suelo.<\/h2>\t\t\t\t<\/div>\n\t\t\t\t<\/div>\n\t\t\t\t\t<\/div>\n\t\t\t\t<\/div>\n\t\t<div class=\"elementor-element elementor-element-882326b e-flex e-con-boxed e-con e-parent\" data-id=\"882326b\" data-element_type=\"container\" data-e-type=\"container\">\n\t\t\t\t\t<div class=\"e-con-inner\">\n\t\t<div class=\"elementor-element elementor-element-734ac9b e-con-full e-flex e-con e-child\" data-id=\"734ac9b\" data-element_type=\"container\" data-e-type=\"container\">\n\t\t\t\t<div class=\"elementor-element elementor-element-674d23e elementor-widget elementor-widget-image\" data-id=\"674d23e\" data-element_type=\"widget\" data-e-type=\"widget\" data-widget_type=\"image.default\">\n\t\t\t\t<div class=\"elementor-widget-container\">\n\t\t\t\t\t\t\t\t\t\t\t\t\t\t\t\t<a href=\"https:\/\/amzn.to\/3TYqbs2\" target=\"_blank\">\n\t\t\t\t\t\t\t<img fetchpriority=\"high\" decoding=\"async\" width=\"810\" height=\"1024\" src=\"https:\/\/mundoanimalito.com\/wp-content\/uploads\/2024\/04\/515demleqL._AC_SL1080_-810x1024.jpg\" class=\"attachment-large size-large wp-image-22015\" alt=\"Edipets, Bebedero Perro Antigoteo, Flotante, Antivuelco, Antisalpicaduras, Capacidad de 1.5L, con Base Antideslizante, con Aro de Seguridad (Blanco\/Gris)\" srcset=\"https:\/\/mundoanimalito.com\/wp-content\/uploads\/2024\/04\/515demleqL._AC_SL1080_-810x1024.jpg 810w, https:\/\/mundoanimalito.com\/wp-content\/uploads\/2024\/04\/515demleqL._AC_SL1080_-237x300.jpg 237w, https:\/\/mundoanimalito.com\/wp-content\/uploads\/2024\/04\/515demleqL._AC_SL1080_-768x971.jpg 768w, https:\/\/mundoanimalito.com\/wp-content\/uploads\/2024\/04\/515demleqL._AC_SL1080_.jpg 812w\" sizes=\"(max-width: 810px) 100vw, 810px\" \/>\t\t\t\t\t\t\t\t<\/a>\n\t\t\t\t\t\t\t\t\t\t\t\t\t\t\t<\/div>\n\t\t\t\t<\/div>\n\t\t\t\t<\/div>\n\t\t<div class=\"elementor-element elementor-element-2dd3d7a e-con-full e-flex e-con e-child\" data-id=\"2dd3d7a\" data-element_type=\"container\" data-e-type=\"container\">\n\t\t\t\t<div class=\"elementor-element elementor-element-17bd7b0 elementor-widget elementor-widget-text-editor\" data-id=\"17bd7b0\" data-element_type=\"widget\" data-e-type=\"widget\" data-widget_type=\"text-editor.default\">\n\t\t\t\t<div class=\"elementor-widget-container\">\n\t\t\t\t\t\t\t\t\t<p>\u2705 <strong>Dise\u00f1o Antigoteo y Antivuelco:<\/strong> Gracias a su cubierta flotante y su dise\u00f1o antivuelco, este bebedero evita eficazmente derrames y manchas en el suelo, proporcionando a tu perro un ambiente limpio y ordenado para beber. Adem\u00e1s, la cubierta flotante controla la velocidad a la que tu perro bebe, evitando la posibilidad de asfixia y promoviendo una hidrataci\u00f3n segura.<\/p><p>\u00a0<\/p><p>\ud83e\uddfc <strong>Limpieza sin Esfuerzo:<\/strong> Con su dise\u00f1o f\u00e1cil de desmontar y limpiar, mantener el bebedero Edipets impecable es pan comido. La cubierta superior act\u00faa como un filtro, impidiendo que objetos grandes o suciedad del aire contaminen el agua, mientras que la base antideslizante evita manchas y suciedad en el suelo. \u00a1Solo necesitas limpiar la cubierta cada 2 o 3 semanas para garantizar la frescura del agua!<\/p><p>\u00a0<\/p><p>\ud83d\ude97 <strong>Vers\u00e1til y Port\u00e1til:<\/strong> Perfecto para uso en interiores y exteriores, este bebedero es ideal para llevar de viaje o simplemente para el d\u00eda a d\u00eda en casa. Con su montaje sencillo y su dise\u00f1o ligero, puedes llevarlo a cualquier parte para asegurarte de que tu perro est\u00e9 siempre hidratado y feliz, sin importar d\u00f3nde est\u00e9n tus aventuras juntos.<\/p><p>\u00a0<\/p><p>Con la garant\u00eda europea respaldando tu compra, puedes estar seguro de que est\u00e1s invirtiendo en un producto de calidad que cuidar\u00e1 la salud y el bienestar de tu mascota. No esperes m\u00e1s para darle a tu perro la experiencia de beber que se merece. \u00a1Haz clic en \u00abAgregar al carrito\u00bb y dale a tu peludo amigo el mejor bebedero posible!<\/p>\t\t\t\t\t\t\t\t<\/div>\n\t\t\t\t<\/div>\n\t\t\t\t<div class=\"elementor-element elementor-element-0e96a66 elementor-align-right elementor-widget elementor-widget-button\" data-id=\"0e96a66\" data-element_type=\"widget\" data-e-type=\"widget\" data-widget_type=\"button.default\">\n\t\t\t\t<div class=\"elementor-widget-container\">\n\t\t\t\t\t\t\t\t\t<div class=\"elementor-button-wrapper\">\n\t\t\t\t\t<a class=\"elementor-button elementor-button-link elementor-size-sm\" href=\"https:\/\/amzn.to\/3TYqbs2\" target=\"_blank\">\n\t\t\t\t\t\t<span class=\"elementor-button-content-wrapper\">\n\t\t\t\t\t\t\t\t\t<span class=\"elementor-button-text\">Compra ahora en Amazon<\/span>\n\t\t\t\t\t<\/span>\n\t\t\t\t\t<\/a>\n\t\t\t\t<\/div>\n\t\t\t\t\t\t\t\t<\/div>\n\t\t\t\t<\/div>\n\t\t\t\t<\/div>\n\t\t\t\t\t<\/div>\n\t\t\t\t<\/div>\n\t\t<div class=\"elementor-element elementor-element-551f3fa e-flex e-con-boxed e-con e-parent\" data-id=\"551f3fa\" data-element_type=\"container\" data-e-type=\"container\">\n\t\t\t\t\t<div class=\"e-con-inner\">\n\t\t\t\t<div class=\"elementor-element elementor-element-517a622 elementor-arrows-position-inside elementor-pagination-position-outside elementor-widget elementor-widget-image-carousel\" data-id=\"517a622\" data-element_type=\"widget\" data-e-type=\"widget\" data-settings=\"{&quot;slides_to_show&quot;:&quot;1&quot;,&quot;navigation&quot;:&quot;both&quot;,&quot;autoplay&quot;:&quot;yes&quot;,&quot;pause_on_hover&quot;:&quot;yes&quot;,&quot;pause_on_interaction&quot;:&quot;yes&quot;,&quot;autoplay_speed&quot;:5000,&quot;infinite&quot;:&quot;yes&quot;,&quot;effect&quot;:&quot;slide&quot;,&quot;speed&quot;:500}\" data-widget_type=\"image-carousel.default\">\n\t\t\t\t<div class=\"elementor-widget-container\">\n\t\t\t\t\t\t\t<div class=\"elementor-image-carousel-wrapper swiper\" role=\"region\" aria-roledescription=\"carousel\" aria-label=\"Carrusel de im\u00e1genes\" dir=\"ltr\">\n\t\t\t<div class=\"elementor-image-carousel swiper-wrapper\" aria-live=\"off\">\n\t\t\t\t\t\t\t\t<div class=\"swiper-slide\" role=\"group\" aria-roledescription=\"slide\" aria-label=\"1 de 5\"><figure class=\"swiper-slide-inner\"><img decoding=\"async\" class=\"swiper-slide-image\" src=\"https:\/\/mundoanimalito.com\/wp-content\/uploads\/2024\/04\/61zB1c0ve8L._AC_SL1080_-768x743.jpg\" alt=\"Edipets, Bebedero Perro Antigoteo, Flotante, Antivuelco, Antisalpicaduras, Capacidad de 1.5L, con Base Antideslizante, con Aro de Seguridad (Blanco\/Gris)\" \/><\/figure><\/div><div class=\"swiper-slide\" role=\"group\" aria-roledescription=\"slide\" aria-label=\"2 de 5\"><figure class=\"swiper-slide-inner\"><img decoding=\"async\" class=\"swiper-slide-image\" src=\"https:\/\/mundoanimalito.com\/wp-content\/uploads\/2024\/04\/61BBkTWkvlL._AC_SL1080_-768x768.jpg\" alt=\"Edipets, Bebedero Perro Antigoteo, Flotante, Antivuelco, Antisalpicaduras, Capacidad de 1.5L, con Base Antideslizante, con Aro de Seguridad (Blanco\/Gris)\" \/><\/figure><\/div><div class=\"swiper-slide\" role=\"group\" aria-roledescription=\"slide\" aria-label=\"3 de 5\"><figure class=\"swiper-slide-inner\"><img decoding=\"async\" class=\"swiper-slide-image\" src=\"https:\/\/mundoanimalito.com\/wp-content\/uploads\/2024\/04\/51qJL4vvcL._AC_-768x833.jpg\" alt=\"Edipets, Bebedero Perro Antigoteo, Flotante, Antivuelco, Antisalpicaduras, Capacidad de 1.5L, con Base Antideslizante, con Aro de Seguridad (Blanco\/Gris)\" \/><\/figure><\/div><div class=\"swiper-slide\" role=\"group\" aria-roledescription=\"slide\" aria-label=\"4 de 5\"><figure class=\"swiper-slide-inner\"><img decoding=\"async\" class=\"swiper-slide-image\" src=\"https:\/\/mundoanimalito.com\/wp-content\/uploads\/2024\/04\/61Vs4k28WFL._AC_SL1080_-768x768.jpg\" alt=\"Edipets, Bebedero Perro Antigoteo, Flotante, Antivuelco, Antisalpicaduras, Capacidad de 1.5L, con Base Antideslizante, con Aro de Seguridad (Blanco\/Gris)\" \/><\/figure><\/div><div class=\"swiper-slide\" role=\"group\" aria-roledescription=\"slide\" aria-label=\"5 de 5\"><figure class=\"swiper-slide-inner\"><img decoding=\"async\" class=\"swiper-slide-image\" src=\"https:\/\/mundoanimalito.com\/wp-content\/uploads\/2024\/04\/61kaIb2YEL._AC_SL1080_-768x768.jpg\" alt=\"Edipets, Bebedero Perro Antigoteo, Flotante, Antivuelco, Antisalpicaduras, Capacidad de 1.5L, con Base Antideslizante, con Aro de Seguridad (Blanco\/Gris)\" \/><\/figure><\/div>\t\t\t<\/div>\n\t\t\t\t\t\t\t\t\t\t\t\t<div class=\"elementor-swiper-button elementor-swiper-button-prev\" role=\"button\" tabindex=\"0\">\n\t\t\t\t\t\t<i aria-hidden=\"true\" class=\"eicon-chevron-left\"><\/i>\t\t\t\t\t<\/div>\n\t\t\t\t\t<div class=\"elementor-swiper-button elementor-swiper-button-next\" role=\"button\" tabindex=\"0\">\n\t\t\t\t\t\t<i aria-hidden=\"true\" class=\"eicon-chevron-right\"><\/i>\t\t\t\t\t<\/div>\n\t\t\t\t\n\t\t\t\t\t\t\t\t\t<div class=\"swiper-pagination\"><\/div>\n\t\t\t\t\t\t\t\t\t<\/div>\n\t\t\t\t\t\t<\/div>\n\t\t\t\t<\/div>\n\t\t\t\t\t<\/div>\n\t\t\t\t<\/div>\n\t\t<div class=\"elementor-element elementor-element-099f306 e-flex e-con-boxed e-con e-parent\" data-id=\"099f306\" data-element_type=\"container\" data-e-type=\"container\">\n\t\t\t\t\t<div class=\"e-con-inner\">\n\t\t\t\t<div class=\"elementor-element elementor-element-786780c elementor-align-right elementor-widget elementor-widget-button\" data-id=\"786780c\" data-element_type=\"widget\" data-e-type=\"widget\" data-widget_type=\"button.default\">\n\t\t\t\t<div class=\"elementor-widget-container\">\n\t\t\t\t\t\t\t\t\t<div class=\"elementor-button-wrapper\">\n\t\t\t\t\t<a class=\"elementor-button elementor-button-link elementor-size-sm\" href=\"https:\/\/amzn.to\/3TYqbs2\" target=\"_blank\">\n\t\t\t\t\t\t<span class=\"elementor-button-content-wrapper\">\n\t\t\t\t\t\t\t\t\t<span class=\"elementor-button-text\">Compra ahora en Amazon<\/span>\n\t\t\t\t\t<\/span>\n\t\t\t\t\t<\/a>\n\t\t\t\t<\/div>\n\t\t\t\t\t\t\t\t<\/div>\n\t\t\t\t<\/div>\n\t\t\t\t\t<\/div>\n\t\t\t\t<\/div>\n\t\t\t\t<\/div>\n\t\t","protected":false},"excerpt":{"rendered":"<p>\u00bfEst\u00e1s cansado de lidiar con derrames y charcos de agua por toda la casa cada vez que tu perro toma un trago? \u00a1Ya no m\u00e1s! Con el Bebedero de Perro Flotante Edipets, puedes proporcionar a tu mejor amigo una fuente de agua limpia y fresca sin preocuparte por los derrames y las manchas en el [&hellip;]<\/p>\n","protected":false},"author":1,"featured_media":0,"parent":0,"menu_order":0,"comment_status":"closed","ping_status":"closed","template":"","meta":{"site-sidebar-layout":"no-sidebar","site-content-layout":"page-builder","ast-site-content-layout":"full-width-container","site-content-style":"default","site-sidebar-style":"default","ast-global-header-display":"","ast-banner-title-visibility":"","ast-main-header-display":"","ast-hfb-above-header-display":"","ast-hfb-below-header-display":"","ast-hfb-mobile-header-display":"","site-post-title":"disabled","ast-breadcrumbs-content":"","ast-featured-img":"disabled","footer-sml-layout":"","ast-disable-related-posts":"","theme-transparent-header-meta":"","adv-header-id-meta":"","stick-header-meta":"","header-above-stick-meta":"","header-main-stick-meta":"","header-below-stick-meta":"","astra-migrate-meta-layouts":"set","ast-page-background-enabled":"default","ast-page-background-meta":{"desktop":{"background-color":"var(--ast-global-color-4)","background-image":"","background-repeat":"repeat","background-position":"center center","background-size":"auto","background-attachment":"scroll","background-type":"","background-media":"","overlay-type":"","overlay-color":"","overlay-opacity":"","overlay-gradient":""},"tablet":{"background-color":"","background-image":"","background-repeat":"repeat","background-position":"center center","background-size":"auto","background-attachment":"scroll","background-type":"","background-media":"","overlay-type":"","overlay-color":"","overlay-opacity":"","overlay-gradient":""},"mobile":{"background-color":"","background-image":"","background-repeat":"repeat","background-position":"center center","background-size":"auto","background-attachment":"scroll","background-type":"","background-media":"","overlay-type":"","overlay-color":"","overlay-opacity":"","overlay-gradient":""}},"ast-content-background-meta":{"desktop":{"background-color":"var(--ast-global-color-5)","background-image":"","background-repeat":"repeat","background-position":"center center","background-size":"auto","background-attachment":"scroll","background-type":"","background-media":"","overlay-type":"","overlay-color":"","overlay-opacity":"","overlay-gradient":""},"tablet":{"background-color":"var(--ast-global-color-5)","background-image":"","background-repeat":"repeat","background-position":"center center","background-size":"auto","background-attachment":"scroll","background-type":"","background-media":"","overlay-type":"","overlay-color":"","overlay-opacity":"","overlay-gradient":""},"mobile":{"background-color":"var(--ast-global-color-5)","background-image":"","background-repeat":"repeat","background-position":"center center","background-size":"auto","background-attachment":"scroll","background-type":"","background-media":"","overlay-type":"","overlay-color":"","overlay-opacity":"","overlay-gradient":""}},"footnotes":""},"class_list":["post-22037","page","type-page","status-publish","hentry"],"yoast_head":"<!-- This site is optimized with the Yoast SEO plugin v27.5 - https:\/\/yoast.com\/product\/yoast-seo-wordpress\/ -->\n<title>Edipets, Bebedero Perro Antigoteo | Mundo Animalito<\/title>\n<meta name=\"description\" content=\"Edipets, Bebedero Perro Antigoteo, Flotante, Antivuelco, Antisalpicaduras, Capacidad de 1.5L, con Base Antideslizante, con Aro de Seguridad (Blanco\/Gris)\" \/>\n<meta name=\"robots\" content=\"index, follow, max-snippet:-1, max-image-preview:large, max-video-preview:-1\" \/>\n<link rel=\"canonical\" href=\"https:\/\/mundoanimalito.com\/index.php\/edipets-bebedero-perro-antigoteo\/\" \/>\n<meta property=\"og:locale\" content=\"es_ES\" \/>\n<meta property=\"og:type\" content=\"article\" \/>\n<meta property=\"og:title\" content=\"Edipets, Bebedero Perro Antigoteo | Mundo Animalito\" \/>\n<meta property=\"og:description\" content=\"Edipets, Bebedero Perro Antigoteo, Flotante, Antivuelco, Antisalpicaduras, Capacidad de 1.5L, con Base Antideslizante, con Aro de Seguridad (Blanco\/Gris)\" \/>\n<meta property=\"og:url\" content=\"https:\/\/mundoanimalito.com\/index.php\/edipets-bebedero-perro-antigoteo\/\" \/>\n<meta property=\"og:site_name\" content=\"Mundo Animalito\" \/>\n<meta property=\"article:publisher\" content=\"https:\/\/www.facebook.com\/mundoanimalito77\" \/>\n<meta property=\"article:modified_time\" content=\"2024-09-04T22:10:48+00:00\" \/>\n<meta property=\"og:image\" content=\"https:\/\/mundoanimalito.com\/wp-content\/uploads\/2024\/04\/515demleqL._AC_SL1080_-810x1024.jpg\" \/>\n<meta name=\"twitter:card\" content=\"summary_large_image\" \/>\n<meta name=\"twitter:label1\" content=\"Tiempo de lectura\" \/>\n\t<meta name=\"twitter:data1\" content=\"3 minutos\" \/>\n<script type=\"application\/ld+json\" class=\"yoast-schema-graph\">{\"@context\":\"https:\\\/\\\/schema.org\",\"@graph\":[{\"@type\":\"WebPage\",\"@id\":\"https:\\\/\\\/mundoanimalito.com\\\/index.php\\\/edipets-bebedero-perro-antigoteo\\\/\",\"url\":\"https:\\\/\\\/mundoanimalito.com\\\/index.php\\\/edipets-bebedero-perro-antigoteo\\\/\",\"name\":\"Edipets, Bebedero Perro Antigoteo | Mundo Animalito\",\"isPartOf\":{\"@id\":\"https:\\\/\\\/mundoanimalito.com\\\/#website\"},\"primaryImageOfPage\":{\"@id\":\"https:\\\/\\\/mundoanimalito.com\\\/index.php\\\/edipets-bebedero-perro-antigoteo\\\/#primaryimage\"},\"image\":{\"@id\":\"https:\\\/\\\/mundoanimalito.com\\\/index.php\\\/edipets-bebedero-perro-antigoteo\\\/#primaryimage\"},\"thumbnailUrl\":\"https:\\\/\\\/mundoanimalito.com\\\/wp-content\\\/uploads\\\/2024\\\/04\\\/515demleqL._AC_SL1080_-810x1024.jpg\",\"datePublished\":\"2024-04-15T20:42:32+00:00\",\"dateModified\":\"2024-09-04T22:10:48+00:00\",\"description\":\"Edipets, Bebedero Perro Antigoteo, Flotante, Antivuelco, Antisalpicaduras, Capacidad de 1.5L, con Base Antideslizante, con Aro de Seguridad (Blanco\\\/Gris)\",\"breadcrumb\":{\"@id\":\"https:\\\/\\\/mundoanimalito.com\\\/index.php\\\/edipets-bebedero-perro-antigoteo\\\/#breadcrumb\"},\"inLanguage\":\"es\",\"potentialAction\":[{\"@type\":\"ReadAction\",\"target\":[\"https:\\\/\\\/mundoanimalito.com\\\/index.php\\\/edipets-bebedero-perro-antigoteo\\\/\"]}]},{\"@type\":\"ImageObject\",\"inLanguage\":\"es\",\"@id\":\"https:\\\/\\\/mundoanimalito.com\\\/index.php\\\/edipets-bebedero-perro-antigoteo\\\/#primaryimage\",\"url\":\"https:\\\/\\\/mundoanimalito.com\\\/wp-content\\\/uploads\\\/2024\\\/04\\\/515demleqL._AC_SL1080_.jpg\",\"contentUrl\":\"https:\\\/\\\/mundoanimalito.com\\\/wp-content\\\/uploads\\\/2024\\\/04\\\/515demleqL._AC_SL1080_.jpg\",\"width\":812,\"height\":1027,\"caption\":\"Edipets, Bebedero Perro Antigoteo, Flotante, Antivuelco, Antisalpicaduras, Capacidad de 1.5L, con Base Antideslizante, con Aro de Seguridad (Blanco\\\/Gris)\"},{\"@type\":\"BreadcrumbList\",\"@id\":\"https:\\\/\\\/mundoanimalito.com\\\/index.php\\\/edipets-bebedero-perro-antigoteo\\\/#breadcrumb\",\"itemListElement\":[{\"@type\":\"ListItem\",\"position\":1,\"name\":\"Portada\",\"item\":\"https:\\\/\\\/mundoanimalito.com\\\/\"},{\"@type\":\"ListItem\",\"position\":2,\"name\":\"Edipets, Bebedero Perro Antigoteo\"}]},{\"@type\":\"WebSite\",\"@id\":\"https:\\\/\\\/mundoanimalito.com\\\/#website\",\"url\":\"https:\\\/\\\/mundoanimalito.com\\\/\",\"name\":\"Mundo Animalito\",\"description\":\"Datos y curiosidades de los animales, encuentra ac\u00e1 todo para tu mascota\",\"publisher\":{\"@id\":\"https:\\\/\\\/mundoanimalito.com\\\/#organization\"},\"potentialAction\":[{\"@type\":\"SearchAction\",\"target\":{\"@type\":\"EntryPoint\",\"urlTemplate\":\"https:\\\/\\\/mundoanimalito.com\\\/?s={search_term_string}\"},\"query-input\":{\"@type\":\"PropertyValueSpecification\",\"valueRequired\":true,\"valueName\":\"search_term_string\"}}],\"inLanguage\":\"es\"},{\"@type\":\"Organization\",\"@id\":\"https:\\\/\\\/mundoanimalito.com\\\/#organization\",\"name\":\"Mundo Animalito\",\"url\":\"https:\\\/\\\/mundoanimalito.com\\\/\",\"logo\":{\"@type\":\"ImageObject\",\"inLanguage\":\"es\",\"@id\":\"https:\\\/\\\/mundoanimalito.com\\\/#\\\/schema\\\/logo\\\/image\\\/\",\"url\":\"https:\\\/\\\/mundoanimalito.com\\\/wp-content\\\/uploads\\\/2023\\\/10\\\/cropped-cropped-LOGO-OFICIAL-ULTIMA-VERSION-1.jpg\",\"contentUrl\":\"https:\\\/\\\/mundoanimalito.com\\\/wp-content\\\/uploads\\\/2023\\\/10\\\/cropped-cropped-LOGO-OFICIAL-ULTIMA-VERSION-1.jpg\",\"width\":374,\"height\":425,\"caption\":\"Mundo Animalito\"},\"image\":{\"@id\":\"https:\\\/\\\/mundoanimalito.com\\\/#\\\/schema\\\/logo\\\/image\\\/\"},\"sameAs\":[\"https:\\\/\\\/www.facebook.com\\\/mundoanimalito77\",\"https:\\\/\\\/www.instagram.com\\\/mundoanimalito77\\\/\",\"https:\\\/\\\/www.tiktok.com\\\/@mundoanimalito77\",\"https:\\\/\\\/www.youtube.com\\\/channel\\\/UCLo2JhNUNtHVraDt5aHadew\"]}]}<\/script>\n<!-- \/ Yoast SEO plugin. -->","yoast_head_json":{"title":"Edipets, Bebedero Perro Antigoteo | Mundo Animalito","description":"Edipets, Bebedero Perro Antigoteo, Flotante, Antivuelco, Antisalpicaduras, Capacidad de 1.5L, con Base Antideslizante, con Aro de Seguridad (Blanco\/Gris)","robots":{"index":"index","follow":"follow","max-snippet":"max-snippet:-1","max-image-preview":"max-image-preview:large","max-video-preview":"max-video-preview:-1"},"canonical":"https:\/\/mundoanimalito.com\/index.php\/edipets-bebedero-perro-antigoteo\/","og_locale":"es_ES","og_type":"article","og_title":"Edipets, Bebedero Perro Antigoteo | Mundo Animalito","og_description":"Edipets, Bebedero Perro Antigoteo, Flotante, Antivuelco, Antisalpicaduras, Capacidad de 1.5L, con Base Antideslizante, con Aro de Seguridad (Blanco\/Gris)","og_url":"https:\/\/mundoanimalito.com\/index.php\/edipets-bebedero-perro-antigoteo\/","og_site_name":"Mundo Animalito","article_publisher":"https:\/\/www.facebook.com\/mundoanimalito77","article_modified_time":"2024-09-04T22:10:48+00:00","og_image":[{"url":"https:\/\/mundoanimalito.com\/wp-content\/uploads\/2024\/04\/515demleqL._AC_SL1080_-810x1024.jpg","type":"","width":"","height":""}],"twitter_card":"summary_large_image","twitter_misc":{"Tiempo de lectura":"3 minutos"},"schema":{"@context":"https:\/\/schema.org","@graph":[{"@type":"WebPage","@id":"https:\/\/mundoanimalito.com\/index.php\/edipets-bebedero-perro-antigoteo\/","url":"https:\/\/mundoanimalito.com\/index.php\/edipets-bebedero-perro-antigoteo\/","name":"Edipets, Bebedero Perro Antigoteo | Mundo Animalito","isPartOf":{"@id":"https:\/\/mundoanimalito.com\/#website"},"primaryImageOfPage":{"@id":"https:\/\/mundoanimalito.com\/index.php\/edipets-bebedero-perro-antigoteo\/#primaryimage"},"image":{"@id":"https:\/\/mundoanimalito.com\/index.php\/edipets-bebedero-perro-antigoteo\/#primaryimage"},"thumbnailUrl":"https:\/\/mundoanimalito.com\/wp-content\/uploads\/2024\/04\/515demleqL._AC_SL1080_-810x1024.jpg","datePublished":"2024-04-15T20:42:32+00:00","dateModified":"2024-09-04T22:10:48+00:00","description":"Edipets, Bebedero Perro Antigoteo, Flotante, Antivuelco, Antisalpicaduras, Capacidad de 1.5L, con Base Antideslizante, con Aro de Seguridad (Blanco\/Gris)","breadcrumb":{"@id":"https:\/\/mundoanimalito.com\/index.php\/edipets-bebedero-perro-antigoteo\/#breadcrumb"},"inLanguage":"es","potentialAction":[{"@type":"ReadAction","target":["https:\/\/mundoanimalito.com\/index.php\/edipets-bebedero-perro-antigoteo\/"]}]},{"@type":"ImageObject","inLanguage":"es","@id":"https:\/\/mundoanimalito.com\/index.php\/edipets-bebedero-perro-antigoteo\/#primaryimage","url":"https:\/\/mundoanimalito.com\/wp-content\/uploads\/2024\/04\/515demleqL._AC_SL1080_.jpg","contentUrl":"https:\/\/mundoanimalito.com\/wp-content\/uploads\/2024\/04\/515demleqL._AC_SL1080_.jpg","width":812,"height":1027,"caption":"Edipets, Bebedero Perro Antigoteo, Flotante, Antivuelco, Antisalpicaduras, Capacidad de 1.5L, con Base Antideslizante, con Aro de Seguridad (Blanco\/Gris)"},{"@type":"BreadcrumbList","@id":"https:\/\/mundoanimalito.com\/index.php\/edipets-bebedero-perro-antigoteo\/#breadcrumb","itemListElement":[{"@type":"ListItem","position":1,"name":"Portada","item":"https:\/\/mundoanimalito.com\/"},{"@type":"ListItem","position":2,"name":"Edipets, Bebedero Perro Antigoteo"}]},{"@type":"WebSite","@id":"https:\/\/mundoanimalito.com\/#website","url":"https:\/\/mundoanimalito.com\/","name":"Mundo Animalito","description":"Datos y curiosidades de los animales, encuentra ac\u00e1 todo para tu mascota","publisher":{"@id":"https:\/\/mundoanimalito.com\/#organization"},"potentialAction":[{"@type":"SearchAction","target":{"@type":"EntryPoint","urlTemplate":"https:\/\/mundoanimalito.com\/?s={search_term_string}"},"query-input":{"@type":"PropertyValueSpecification","valueRequired":true,"valueName":"search_term_string"}}],"inLanguage":"es"},{"@type":"Organization","@id":"https:\/\/mundoanimalito.com\/#organization","name":"Mundo Animalito","url":"https:\/\/mundoanimalito.com\/","logo":{"@type":"ImageObject","inLanguage":"es","@id":"https:\/\/mundoanimalito.com\/#\/schema\/logo\/image\/","url":"https:\/\/mundoanimalito.com\/wp-content\/uploads\/2023\/10\/cropped-cropped-LOGO-OFICIAL-ULTIMA-VERSION-1.jpg","contentUrl":"https:\/\/mundoanimalito.com\/wp-content\/uploads\/2023\/10\/cropped-cropped-LOGO-OFICIAL-ULTIMA-VERSION-1.jpg","width":374,"height":425,"caption":"Mundo Animalito"},"image":{"@id":"https:\/\/mundoanimalito.com\/#\/schema\/logo\/image\/"},"sameAs":["https:\/\/www.facebook.com\/mundoanimalito77","https:\/\/www.instagram.com\/mundoanimalito77\/","https:\/\/www.tiktok.com\/@mundoanimalito77","https:\/\/www.youtube.com\/channel\/UCLo2JhNUNtHVraDt5aHadew"]}]}},"_links":{"self":[{"href":"https:\/\/mundoanimalito.com\/index.php\/wp-json\/wp\/v2\/pages\/22037","targetHints":{"allow":["GET"]}}],"collection":[{"href":"https:\/\/mundoanimalito.com\/index.php\/wp-json\/wp\/v2\/pages"}],"about":[{"href":"https:\/\/mundoanimalito.com\/index.php\/wp-json\/wp\/v2\/types\/page"}],"author":[{"embeddable":true,"href":"https:\/\/mundoanimalito.com\/index.php\/wp-json\/wp\/v2\/users\/1"}],"replies":[{"embeddable":true,"href":"https:\/\/mundoanimalito.com\/index.php\/wp-json\/wp\/v2\/comments?post=22037"}],"version-history":[{"count":0,"href":"https:\/\/mundoanimalito.com\/index.php\/wp-json\/wp\/v2\/pages\/22037\/revisions"}],"wp:attachment":[{"href":"https:\/\/mundoanimalito.com\/index.php\/wp-json\/wp\/v2\/media?parent=22037"}],"curies":[{"name":"wp","href":"https:\/\/api.w.org\/{rel}","templated":true}]}}