{"id":21820,"date":"2024-04-15T11:53:02","date_gmt":"2024-04-15T16:53:02","guid":{"rendered":"https:\/\/mundoanimalito.com\/?page_id=21820"},"modified":"2024-09-04T15:37:36","modified_gmt":"2024-09-04T20:37:36","slug":"dentalife-purina-large-snacks-para-perros-grandes","status":"publish","type":"page","link":"https:\/\/mundoanimalito.com\/index.php\/dentalife-purina-large-snacks-para-perros-grandes\/","title":{"rendered":"Dentalife Purina Large &#8211; Snacks para perros grandes"},"content":{"rendered":"\t\t<div data-elementor-type=\"wp-page\" data-elementor-id=\"21820\" class=\"elementor elementor-21820\" data-elementor-post-type=\"page\">\n\t\t\t\t<div class=\"elementor-element elementor-element-cdf3972 e-flex e-con-boxed e-con e-parent\" data-id=\"cdf3972\" data-element_type=\"container\" data-e-type=\"container\">\n\t\t\t\t\t<div class=\"e-con-inner\">\n\t\t\t\t<div class=\"elementor-element elementor-element-5ecee58 elementor-invisible elementor-widget elementor-widget-heading\" data-id=\"5ecee58\" data-element_type=\"widget\" data-e-type=\"widget\" data-settings=\"{&quot;_animation&quot;:&quot;fadeInDown&quot;}\" data-widget_type=\"heading.default\">\n\t\t\t\t<div class=\"elementor-widget-container\">\n\t\t\t\t\t<h2 class=\"elementor-heading-title elementor-size-default\">\u00a1Tu perro merece una sonrisa brillante y saludable todos los d\u00edas! Con los snacks Dentalife de Purina, puedes asegurarte de que tu amigo peludo mantenga una salud bucal \u00f3ptima mientras disfruta de un delicioso premio.<\/h2>\t\t\t\t<\/div>\n\t\t\t\t<\/div>\n\t\t\t\t\t<\/div>\n\t\t\t\t<\/div>\n\t\t<div class=\"elementor-element elementor-element-698e880 e-flex e-con-boxed e-con e-parent\" data-id=\"698e880\" data-element_type=\"container\" data-e-type=\"container\">\n\t\t\t\t\t<div class=\"e-con-inner\">\n\t\t<div class=\"elementor-element elementor-element-35cea9a e-con-full e-flex e-con e-child\" data-id=\"35cea9a\" data-element_type=\"container\" data-e-type=\"container\">\n\t\t\t\t<div class=\"elementor-element elementor-element-ae3dcdf elementor-widget elementor-widget-image\" data-id=\"ae3dcdf\" data-element_type=\"widget\" data-e-type=\"widget\" data-widget_type=\"image.default\">\n\t\t\t\t<div class=\"elementor-widget-container\">\n\t\t\t\t\t\t\t\t\t\t\t\t\t\t\t\t<a href=\"https:\/\/amzn.to\/3Q1CCSF\" target=\"_blank\">\n\t\t\t\t\t\t\t<img fetchpriority=\"high\" decoding=\"async\" width=\"1024\" height=\"613\" src=\"https:\/\/mundoanimalito.com\/wp-content\/uploads\/2024\/04\/81r3ipQyWnL._AC_SL1500_-1024x613.jpg\" class=\"attachment-large size-large wp-image-21798\" alt=\"Dentalife Purina Large - Snacks para perros grandes (multipack 72 sticks, 2 x 36) 1280 g Pack de\" srcset=\"https:\/\/mundoanimalito.com\/wp-content\/uploads\/2024\/04\/81r3ipQyWnL._AC_SL1500_-1024x613.jpg 1024w, https:\/\/mundoanimalito.com\/wp-content\/uploads\/2024\/04\/81r3ipQyWnL._AC_SL1500_-300x180.jpg 300w, https:\/\/mundoanimalito.com\/wp-content\/uploads\/2024\/04\/81r3ipQyWnL._AC_SL1500_-768x460.jpg 768w, https:\/\/mundoanimalito.com\/wp-content\/uploads\/2024\/04\/81r3ipQyWnL._AC_SL1500_.jpg 1500w\" sizes=\"(max-width: 1024px) 100vw, 1024px\" \/>\t\t\t\t\t\t\t\t<\/a>\n\t\t\t\t\t\t\t\t\t\t\t\t\t\t\t<\/div>\n\t\t\t\t<\/div>\n\t\t\t\t<\/div>\n\t\t<div class=\"elementor-element elementor-element-1f414e8 e-con-full e-flex e-con e-child\" data-id=\"1f414e8\" data-element_type=\"container\" data-e-type=\"container\">\n\t\t\t\t<div class=\"elementor-element elementor-element-5de5e80 elementor-widget elementor-widget-text-editor\" data-id=\"5de5e80\" data-element_type=\"widget\" data-e-type=\"widget\" data-widget_type=\"text-editor.default\">\n\t\t\t\t<div class=\"elementor-widget-container\">\n\t\t\t\t\t\t\t\t\t<p>\u00a0<\/p><p>\u2728 <strong>Reducci\u00f3n Comprobada de Sarro:<\/strong> \u00bfPreocupado por la salud dental de tu perro? Los sticks dentales Dentalife est\u00e1n cient\u00edficamente probados para reducir la formaci\u00f3n de sarro, promoviendo as\u00ed unos dientes y enc\u00edas m\u00e1s saludables con cada mordisco. Con su uso diario, estar\u00e1s protegiendo la sonrisa de tu mascota de manera efectiva.<\/p><p>\u00a0<\/p><p>\ud83c\udf3d <strong>Ingredientes Nutritivos:<\/strong> Hechos con ingredientes de alta calidad, como ma\u00edz y trigo, estos snacks no solo son deliciosos, sino tambi\u00e9n nutritivos. Adem\u00e1s, est\u00e1n libres de az\u00facares a\u00f1adidos y son bajos en grasas, asegurando que tu perro obtenga el cuidado dental que necesita sin sacrificar su dieta equilibrada.<\/p>\t\t\t\t\t\t\t\t<\/div>\n\t\t\t\t<\/div>\n\t\t\t\t<\/div>\n\t\t\t\t\t<\/div>\n\t\t\t\t<\/div>\n\t\t<div class=\"elementor-element elementor-element-525d5d4 e-flex e-con-boxed e-con e-parent\" data-id=\"525d5d4\" data-element_type=\"container\" data-e-type=\"container\">\n\t\t\t\t\t<div class=\"e-con-inner\">\n\t\t\t\t<div class=\"elementor-element elementor-element-3af797e elementor-widget elementor-widget-text-editor\" data-id=\"3af797e\" data-element_type=\"widget\" data-e-type=\"widget\" data-widget_type=\"text-editor.default\">\n\t\t\t\t<div class=\"elementor-widget-container\">\n\t\t\t\t\t\t\t\t\t<p>\ud83d\udcaa <strong>Fortalecimiento Dental:<\/strong> Enriquecidos con vitamina D y calcio, los sticks Dentalife ayudan a mantener los dientes de tu perro fuertes y saludables. Este beneficio adicional garantiza que tu mascota pueda morder, jugar y disfrutar de la vida con una dentadura robusta y resistente.<\/p><p>\u00a0<\/p><p>\ud83d\udeab <strong>Sin Componentes Artificiales:<\/strong> En Purina, nos preocupamos por la salud y el bienestar de tu mascota. Es por eso que nuestros snacks dentales est\u00e1n libres de colorantes y aromatizantes artificiales, as\u00ed como de cualquier qu\u00edmico dental activo. Solo ofrecemos lo mejor para tu perro.<\/p><p>\u00a0<\/p><p>Con Purina Dentalife, est\u00e1s dando a tu perro m\u00e1s que un simple premio: le est\u00e1s brindando una herramienta efectiva para mantener su salud bucal en \u00f3ptimas condiciones. A\u00f1ade este multipack a tu carrito hoy mismo y regala a tu perro la sonrisa radiante que se merece<\/p>\t\t\t\t\t\t\t\t<\/div>\n\t\t\t\t<\/div>\n\t\t\t\t<div class=\"elementor-element elementor-element-d866ca5 elementor-align-right elementor-widget elementor-widget-button\" data-id=\"d866ca5\" data-element_type=\"widget\" data-e-type=\"widget\" data-widget_type=\"button.default\">\n\t\t\t\t<div class=\"elementor-widget-container\">\n\t\t\t\t\t\t\t\t\t<div class=\"elementor-button-wrapper\">\n\t\t\t\t\t<a class=\"elementor-button elementor-button-link elementor-size-sm\" href=\"https:\/\/amzn.to\/3Q1CCSF\" target=\"_blank\">\n\t\t\t\t\t\t<span class=\"elementor-button-content-wrapper\">\n\t\t\t\t\t\t\t\t\t<span class=\"elementor-button-text\">Compra ahora en Amazon<\/span>\n\t\t\t\t\t<\/span>\n\t\t\t\t\t<\/a>\n\t\t\t\t<\/div>\n\t\t\t\t\t\t\t\t<\/div>\n\t\t\t\t<\/div>\n\t\t\t\t\t<\/div>\n\t\t\t\t<\/div>\n\t\t<div class=\"elementor-element elementor-element-330764c e-flex e-con-boxed e-con e-parent\" data-id=\"330764c\" data-element_type=\"container\" data-e-type=\"container\">\n\t\t\t\t\t<div class=\"e-con-inner\">\n\t\t\t\t<div class=\"elementor-element elementor-element-47447f2 elementor-arrows-position-inside elementor-pagination-position-outside elementor-widget elementor-widget-image-carousel\" data-id=\"47447f2\" data-element_type=\"widget\" data-e-type=\"widget\" data-settings=\"{&quot;slides_to_show&quot;:&quot;1&quot;,&quot;navigation&quot;:&quot;both&quot;,&quot;autoplay&quot;:&quot;yes&quot;,&quot;pause_on_hover&quot;:&quot;yes&quot;,&quot;pause_on_interaction&quot;:&quot;yes&quot;,&quot;autoplay_speed&quot;:5000,&quot;infinite&quot;:&quot;yes&quot;,&quot;effect&quot;:&quot;slide&quot;,&quot;speed&quot;:500}\" data-widget_type=\"image-carousel.default\">\n\t\t\t\t<div class=\"elementor-widget-container\">\n\t\t\t\t\t\t\t<div class=\"elementor-image-carousel-wrapper swiper\" role=\"region\" aria-roledescription=\"carousel\" aria-label=\"Carrusel de im\u00e1genes\" dir=\"ltr\">\n\t\t\t<div class=\"elementor-image-carousel swiper-wrapper\" aria-live=\"off\">\n\t\t\t\t\t\t\t\t<div class=\"swiper-slide\" role=\"group\" aria-roledescription=\"slide\" aria-label=\"1 de 6\"><figure class=\"swiper-slide-inner\"><img decoding=\"async\" class=\"swiper-slide-image\" src=\"https:\/\/mundoanimalito.com\/wp-content\/uploads\/2024\/04\/81ONeFmNuSL._AC_SL1500_-768x768.jpg\" alt=\"Dentalife Purina Large - Snacks para perros grandes (multipack 72 sticks, 2 x 36) 1280 g Pack de\" \/><\/figure><\/div><div class=\"swiper-slide\" role=\"group\" aria-roledescription=\"slide\" aria-label=\"2 de 6\"><figure class=\"swiper-slide-inner\"><img decoding=\"async\" class=\"swiper-slide-image\" src=\"https:\/\/mundoanimalito.com\/wp-content\/uploads\/2024\/04\/81W0KyjM1YL._AC_SL1500_-768x768.jpg\" alt=\"Dentalife Purina Large - Snacks para perros grandes (multipack 72 sticks, 2 x 36) 1280 g Pack de\" \/><\/figure><\/div><div class=\"swiper-slide\" role=\"group\" aria-roledescription=\"slide\" aria-label=\"3 de 6\"><figure class=\"swiper-slide-inner\"><img decoding=\"async\" class=\"swiper-slide-image\" src=\"https:\/\/mundoanimalito.com\/wp-content\/uploads\/2024\/04\/914w7h-0NL._AC_SL1500_-768x768.jpg\" alt=\"Dentalife Purina Large - Snacks para perros grandes (multipack 72 sticks, 2 x 36) 1280 g Pack de\" \/><\/figure><\/div><div class=\"swiper-slide\" role=\"group\" aria-roledescription=\"slide\" aria-label=\"4 de 6\"><figure class=\"swiper-slide-inner\"><img decoding=\"async\" class=\"swiper-slide-image\" src=\"https:\/\/mundoanimalito.com\/wp-content\/uploads\/2024\/04\/81WyFBNuk0L._AC_SL1500_-768x768.jpg\" alt=\"Dentalife Purina Large - Snacks para perros grandes (multipack 72 sticks, 2 x 36) 1280 g Pack de\" \/><\/figure><\/div><div class=\"swiper-slide\" role=\"group\" aria-roledescription=\"slide\" aria-label=\"5 de 6\"><figure class=\"swiper-slide-inner\"><img decoding=\"async\" class=\"swiper-slide-image\" src=\"https:\/\/mundoanimalito.com\/wp-content\/uploads\/2024\/04\/51GCBiZuoXL._AC_.jpg\" alt=\"Dentalife Purina Large - Snacks para perros grandes (multipack 72 sticks, 2 x 36) 1280 g Pack de\" \/><\/figure><\/div><div class=\"swiper-slide\" role=\"group\" aria-roledescription=\"slide\" aria-label=\"6 de 6\"><figure class=\"swiper-slide-inner\"><img decoding=\"async\" class=\"swiper-slide-image\" src=\"https:\/\/mundoanimalito.com\/wp-content\/uploads\/2024\/04\/61oL4FEpDXL._AC_.jpg\" alt=\"Dentalife Purina Large - Snacks para perros grandes (multipack 72 sticks, 2 x 36) 1280 g Pack de\" \/><\/figure><\/div>\t\t\t<\/div>\n\t\t\t\t\t\t\t\t\t\t\t\t<div class=\"elementor-swiper-button elementor-swiper-button-prev\" role=\"button\" tabindex=\"0\">\n\t\t\t\t\t\t<i aria-hidden=\"true\" class=\"eicon-chevron-left\"><\/i>\t\t\t\t\t<\/div>\n\t\t\t\t\t<div class=\"elementor-swiper-button elementor-swiper-button-next\" role=\"button\" tabindex=\"0\">\n\t\t\t\t\t\t<i aria-hidden=\"true\" class=\"eicon-chevron-right\"><\/i>\t\t\t\t\t<\/div>\n\t\t\t\t\n\t\t\t\t\t\t\t\t\t<div class=\"swiper-pagination\"><\/div>\n\t\t\t\t\t\t\t\t\t<\/div>\n\t\t\t\t\t\t<\/div>\n\t\t\t\t<\/div>\n\t\t\t\t\t<\/div>\n\t\t\t\t<\/div>\n\t\t<div class=\"elementor-element elementor-element-7533f4c e-flex e-con-boxed e-con e-parent\" data-id=\"7533f4c\" data-element_type=\"container\" data-e-type=\"container\">\n\t\t\t\t\t<div class=\"e-con-inner\">\n\t\t\t\t<div class=\"elementor-element elementor-element-09ae500 elementor-align-right elementor-widget elementor-widget-button\" data-id=\"09ae500\" data-element_type=\"widget\" data-e-type=\"widget\" data-widget_type=\"button.default\">\n\t\t\t\t<div class=\"elementor-widget-container\">\n\t\t\t\t\t\t\t\t\t<div class=\"elementor-button-wrapper\">\n\t\t\t\t\t<a class=\"elementor-button elementor-button-link elementor-size-sm\" href=\"https:\/\/amzn.to\/3Q1CCSF\" target=\"_blank\">\n\t\t\t\t\t\t<span class=\"elementor-button-content-wrapper\">\n\t\t\t\t\t\t\t\t\t<span class=\"elementor-button-text\">Compra ahora en Amazon<\/span>\n\t\t\t\t\t<\/span>\n\t\t\t\t\t<\/a>\n\t\t\t\t<\/div>\n\t\t\t\t\t\t\t\t<\/div>\n\t\t\t\t<\/div>\n\t\t\t\t\t<\/div>\n\t\t\t\t<\/div>\n\t\t\t\t<\/div>\n\t\t","protected":false},"excerpt":{"rendered":"<p>\u00a1Tu perro merece una sonrisa brillante y saludable todos los d\u00edas! Con los snacks Dentalife de Purina, puedes asegurarte de que tu amigo peludo mantenga una salud bucal \u00f3ptima mientras disfruta de un delicioso premio. \u00a0 \u2728 Reducci\u00f3n Comprobada de Sarro: \u00bfPreocupado por la salud dental de tu perro? Los sticks dentales Dentalife est\u00e1n cient\u00edficamente [&hellip;]<\/p>\n","protected":false},"author":1,"featured_media":0,"parent":0,"menu_order":0,"comment_status":"closed","ping_status":"closed","template":"","meta":{"site-sidebar-layout":"no-sidebar","site-content-layout":"page-builder","ast-site-content-layout":"full-width-container","site-content-style":"default","site-sidebar-style":"default","ast-global-header-display":"","ast-banner-title-visibility":"","ast-main-header-display":"","ast-hfb-above-header-display":"","ast-hfb-below-header-display":"","ast-hfb-mobile-header-display":"","site-post-title":"disabled","ast-breadcrumbs-content":"","ast-featured-img":"disabled","footer-sml-layout":"","ast-disable-related-posts":"","theme-transparent-header-meta":"","adv-header-id-meta":"","stick-header-meta":"","header-above-stick-meta":"","header-main-stick-meta":"","header-below-stick-meta":"","astra-migrate-meta-layouts":"set","ast-page-background-enabled":"default","ast-page-background-meta":{"desktop":{"background-color":"var(--ast-global-color-4)","background-image":"","background-repeat":"repeat","background-position":"center center","background-size":"auto","background-attachment":"scroll","background-type":"","background-media":"","overlay-type":"","overlay-color":"","overlay-opacity":"","overlay-gradient":""},"tablet":{"background-color":"","background-image":"","background-repeat":"repeat","background-position":"center center","background-size":"auto","background-attachment":"scroll","background-type":"","background-media":"","overlay-type":"","overlay-color":"","overlay-opacity":"","overlay-gradient":""},"mobile":{"background-color":"","background-image":"","background-repeat":"repeat","background-position":"center center","background-size":"auto","background-attachment":"scroll","background-type":"","background-media":"","overlay-type":"","overlay-color":"","overlay-opacity":"","overlay-gradient":""}},"ast-content-background-meta":{"desktop":{"background-color":"var(--ast-global-color-5)","background-image":"","background-repeat":"repeat","background-position":"center center","background-size":"auto","background-attachment":"scroll","background-type":"","background-media":"","overlay-type":"","overlay-color":"","overlay-opacity":"","overlay-gradient":""},"tablet":{"background-color":"var(--ast-global-color-5)","background-image":"","background-repeat":"repeat","background-position":"center center","background-size":"auto","background-attachment":"scroll","background-type":"","background-media":"","overlay-type":"","overlay-color":"","overlay-opacity":"","overlay-gradient":""},"mobile":{"background-color":"var(--ast-global-color-5)","background-image":"","background-repeat":"repeat","background-position":"center center","background-size":"auto","background-attachment":"scroll","background-type":"","background-media":"","overlay-type":"","overlay-color":"","overlay-opacity":"","overlay-gradient":""}},"footnotes":""},"class_list":["post-21820","page","type-page","status-publish","hentry"],"yoast_head":"<!-- This site is optimized with the Yoast SEO plugin v27.4 - https:\/\/yoast.com\/product\/yoast-seo-wordpress\/ -->\n<title>Dentalife Purina Large - Snacks para perros grandes | Mundo Animalito<\/title>\n<meta name=\"description\" content=\"\u00a1Tu perro merece una sonrisa brillante y saludable todos los d\u00edas! Con los snacks Dentalife de Purina, puedes asegurarte de que tu amigo peludo mantenga una salud bucal \u00f3ptima mientras disfruta de un delicioso premio.\" \/>\n<meta name=\"robots\" content=\"index, follow, max-snippet:-1, max-image-preview:large, max-video-preview:-1\" \/>\n<link rel=\"canonical\" href=\"https:\/\/mundoanimalito.com\/index.php\/dentalife-purina-large-snacks-para-perros-grandes\/\" \/>\n<meta property=\"og:locale\" content=\"es_ES\" \/>\n<meta property=\"og:type\" content=\"article\" \/>\n<meta property=\"og:title\" content=\"Dentalife Purina Large - Snacks para perros grandes | Mundo Animalito\" \/>\n<meta property=\"og:description\" content=\"\u00a1Tu perro merece una sonrisa brillante y saludable todos los d\u00edas! Con los snacks Dentalife de Purina, puedes asegurarte de que tu amigo peludo mantenga una salud bucal \u00f3ptima mientras disfruta de un delicioso premio.\" \/>\n<meta property=\"og:url\" content=\"https:\/\/mundoanimalito.com\/index.php\/dentalife-purina-large-snacks-para-perros-grandes\/\" \/>\n<meta property=\"og:site_name\" content=\"Mundo Animalito\" \/>\n<meta property=\"article:publisher\" content=\"https:\/\/www.facebook.com\/mundoanimalito77\" \/>\n<meta property=\"article:modified_time\" content=\"2024-09-04T20:37:36+00:00\" \/>\n<meta property=\"og:image\" content=\"https:\/\/mundoanimalito.com\/wp-content\/uploads\/2024\/04\/81r3ipQyWnL._AC_SL1500_-1024x613.jpg\" \/>\n<meta name=\"twitter:card\" content=\"summary_large_image\" \/>\n<meta name=\"twitter:label1\" content=\"Tiempo de lectura\" \/>\n\t<meta name=\"twitter:data1\" content=\"3 minutos\" \/>\n<script type=\"application\/ld+json\" class=\"yoast-schema-graph\">{\"@context\":\"https:\\\/\\\/schema.org\",\"@graph\":[{\"@type\":\"WebPage\",\"@id\":\"https:\\\/\\\/mundoanimalito.com\\\/index.php\\\/dentalife-purina-large-snacks-para-perros-grandes\\\/\",\"url\":\"https:\\\/\\\/mundoanimalito.com\\\/index.php\\\/dentalife-purina-large-snacks-para-perros-grandes\\\/\",\"name\":\"Dentalife Purina Large - Snacks para perros grandes | Mundo Animalito\",\"isPartOf\":{\"@id\":\"https:\\\/\\\/mundoanimalito.com\\\/#website\"},\"primaryImageOfPage\":{\"@id\":\"https:\\\/\\\/mundoanimalito.com\\\/index.php\\\/dentalife-purina-large-snacks-para-perros-grandes\\\/#primaryimage\"},\"image\":{\"@id\":\"https:\\\/\\\/mundoanimalito.com\\\/index.php\\\/dentalife-purina-large-snacks-para-perros-grandes\\\/#primaryimage\"},\"thumbnailUrl\":\"https:\\\/\\\/mundoanimalito.com\\\/wp-content\\\/uploads\\\/2024\\\/04\\\/81r3ipQyWnL._AC_SL1500_-1024x613.jpg\",\"datePublished\":\"2024-04-15T16:53:02+00:00\",\"dateModified\":\"2024-09-04T20:37:36+00:00\",\"description\":\"\u00a1Tu perro merece una sonrisa brillante y saludable todos los d\u00edas! Con los snacks Dentalife de Purina, puedes asegurarte de que tu amigo peludo mantenga una salud bucal \u00f3ptima mientras disfruta de un delicioso premio.\",\"breadcrumb\":{\"@id\":\"https:\\\/\\\/mundoanimalito.com\\\/index.php\\\/dentalife-purina-large-snacks-para-perros-grandes\\\/#breadcrumb\"},\"inLanguage\":\"es\",\"potentialAction\":[{\"@type\":\"ReadAction\",\"target\":[\"https:\\\/\\\/mundoanimalito.com\\\/index.php\\\/dentalife-purina-large-snacks-para-perros-grandes\\\/\"]}]},{\"@type\":\"ImageObject\",\"inLanguage\":\"es\",\"@id\":\"https:\\\/\\\/mundoanimalito.com\\\/index.php\\\/dentalife-purina-large-snacks-para-perros-grandes\\\/#primaryimage\",\"url\":\"https:\\\/\\\/mundoanimalito.com\\\/wp-content\\\/uploads\\\/2024\\\/04\\\/81r3ipQyWnL._AC_SL1500_.jpg\",\"contentUrl\":\"https:\\\/\\\/mundoanimalito.com\\\/wp-content\\\/uploads\\\/2024\\\/04\\\/81r3ipQyWnL._AC_SL1500_.jpg\",\"width\":1500,\"height\":898,\"caption\":\"Dentalife Purina Large - Snacks para perros grandes (multipack 72 sticks, 2 x 36) 1280 g Pack de\"},{\"@type\":\"BreadcrumbList\",\"@id\":\"https:\\\/\\\/mundoanimalito.com\\\/index.php\\\/dentalife-purina-large-snacks-para-perros-grandes\\\/#breadcrumb\",\"itemListElement\":[{\"@type\":\"ListItem\",\"position\":1,\"name\":\"Portada\",\"item\":\"https:\\\/\\\/mundoanimalito.com\\\/\"},{\"@type\":\"ListItem\",\"position\":2,\"name\":\"Dentalife Purina Large &#8211; Snacks para perros grandes\"}]},{\"@type\":\"WebSite\",\"@id\":\"https:\\\/\\\/mundoanimalito.com\\\/#website\",\"url\":\"https:\\\/\\\/mundoanimalito.com\\\/\",\"name\":\"Mundo Animalito\",\"description\":\"Datos y curiosidades de los animales, encuentra ac\u00e1 todo para tu mascota\",\"publisher\":{\"@id\":\"https:\\\/\\\/mundoanimalito.com\\\/#organization\"},\"potentialAction\":[{\"@type\":\"SearchAction\",\"target\":{\"@type\":\"EntryPoint\",\"urlTemplate\":\"https:\\\/\\\/mundoanimalito.com\\\/?s={search_term_string}\"},\"query-input\":{\"@type\":\"PropertyValueSpecification\",\"valueRequired\":true,\"valueName\":\"search_term_string\"}}],\"inLanguage\":\"es\"},{\"@type\":\"Organization\",\"@id\":\"https:\\\/\\\/mundoanimalito.com\\\/#organization\",\"name\":\"Mundo Animalito\",\"url\":\"https:\\\/\\\/mundoanimalito.com\\\/\",\"logo\":{\"@type\":\"ImageObject\",\"inLanguage\":\"es\",\"@id\":\"https:\\\/\\\/mundoanimalito.com\\\/#\\\/schema\\\/logo\\\/image\\\/\",\"url\":\"https:\\\/\\\/mundoanimalito.com\\\/wp-content\\\/uploads\\\/2023\\\/10\\\/cropped-cropped-LOGO-OFICIAL-ULTIMA-VERSION-1.jpg\",\"contentUrl\":\"https:\\\/\\\/mundoanimalito.com\\\/wp-content\\\/uploads\\\/2023\\\/10\\\/cropped-cropped-LOGO-OFICIAL-ULTIMA-VERSION-1.jpg\",\"width\":374,\"height\":425,\"caption\":\"Mundo Animalito\"},\"image\":{\"@id\":\"https:\\\/\\\/mundoanimalito.com\\\/#\\\/schema\\\/logo\\\/image\\\/\"},\"sameAs\":[\"https:\\\/\\\/www.facebook.com\\\/mundoanimalito77\",\"https:\\\/\\\/www.instagram.com\\\/mundoanimalito77\\\/\",\"https:\\\/\\\/www.tiktok.com\\\/@mundoanimalito77\",\"https:\\\/\\\/www.youtube.com\\\/channel\\\/UCLo2JhNUNtHVraDt5aHadew\"]}]}<\/script>\n<!-- \/ Yoast SEO plugin. -->","yoast_head_json":{"title":"Dentalife Purina Large - Snacks para perros grandes | Mundo Animalito","description":"\u00a1Tu perro merece una sonrisa brillante y saludable todos los d\u00edas! Con los snacks Dentalife de Purina, puedes asegurarte de que tu amigo peludo mantenga una salud bucal \u00f3ptima mientras disfruta de un delicioso premio.","robots":{"index":"index","follow":"follow","max-snippet":"max-snippet:-1","max-image-preview":"max-image-preview:large","max-video-preview":"max-video-preview:-1"},"canonical":"https:\/\/mundoanimalito.com\/index.php\/dentalife-purina-large-snacks-para-perros-grandes\/","og_locale":"es_ES","og_type":"article","og_title":"Dentalife Purina Large - Snacks para perros grandes | Mundo Animalito","og_description":"\u00a1Tu perro merece una sonrisa brillante y saludable todos los d\u00edas! Con los snacks Dentalife de Purina, puedes asegurarte de que tu amigo peludo mantenga una salud bucal \u00f3ptima mientras disfruta de un delicioso premio.","og_url":"https:\/\/mundoanimalito.com\/index.php\/dentalife-purina-large-snacks-para-perros-grandes\/","og_site_name":"Mundo Animalito","article_publisher":"https:\/\/www.facebook.com\/mundoanimalito77","article_modified_time":"2024-09-04T20:37:36+00:00","og_image":[{"url":"https:\/\/mundoanimalito.com\/wp-content\/uploads\/2024\/04\/81r3ipQyWnL._AC_SL1500_-1024x613.jpg","type":"","width":"","height":""}],"twitter_card":"summary_large_image","twitter_misc":{"Tiempo de lectura":"3 minutos"},"schema":{"@context":"https:\/\/schema.org","@graph":[{"@type":"WebPage","@id":"https:\/\/mundoanimalito.com\/index.php\/dentalife-purina-large-snacks-para-perros-grandes\/","url":"https:\/\/mundoanimalito.com\/index.php\/dentalife-purina-large-snacks-para-perros-grandes\/","name":"Dentalife Purina Large - Snacks para perros grandes | Mundo Animalito","isPartOf":{"@id":"https:\/\/mundoanimalito.com\/#website"},"primaryImageOfPage":{"@id":"https:\/\/mundoanimalito.com\/index.php\/dentalife-purina-large-snacks-para-perros-grandes\/#primaryimage"},"image":{"@id":"https:\/\/mundoanimalito.com\/index.php\/dentalife-purina-large-snacks-para-perros-grandes\/#primaryimage"},"thumbnailUrl":"https:\/\/mundoanimalito.com\/wp-content\/uploads\/2024\/04\/81r3ipQyWnL._AC_SL1500_-1024x613.jpg","datePublished":"2024-04-15T16:53:02+00:00","dateModified":"2024-09-04T20:37:36+00:00","description":"\u00a1Tu perro merece una sonrisa brillante y saludable todos los d\u00edas! Con los snacks Dentalife de Purina, puedes asegurarte de que tu amigo peludo mantenga una salud bucal \u00f3ptima mientras disfruta de un delicioso premio.","breadcrumb":{"@id":"https:\/\/mundoanimalito.com\/index.php\/dentalife-purina-large-snacks-para-perros-grandes\/#breadcrumb"},"inLanguage":"es","potentialAction":[{"@type":"ReadAction","target":["https:\/\/mundoanimalito.com\/index.php\/dentalife-purina-large-snacks-para-perros-grandes\/"]}]},{"@type":"ImageObject","inLanguage":"es","@id":"https:\/\/mundoanimalito.com\/index.php\/dentalife-purina-large-snacks-para-perros-grandes\/#primaryimage","url":"https:\/\/mundoanimalito.com\/wp-content\/uploads\/2024\/04\/81r3ipQyWnL._AC_SL1500_.jpg","contentUrl":"https:\/\/mundoanimalito.com\/wp-content\/uploads\/2024\/04\/81r3ipQyWnL._AC_SL1500_.jpg","width":1500,"height":898,"caption":"Dentalife Purina Large - Snacks para perros grandes (multipack 72 sticks, 2 x 36) 1280 g Pack de"},{"@type":"BreadcrumbList","@id":"https:\/\/mundoanimalito.com\/index.php\/dentalife-purina-large-snacks-para-perros-grandes\/#breadcrumb","itemListElement":[{"@type":"ListItem","position":1,"name":"Portada","item":"https:\/\/mundoanimalito.com\/"},{"@type":"ListItem","position":2,"name":"Dentalife Purina Large &#8211; Snacks para perros grandes"}]},{"@type":"WebSite","@id":"https:\/\/mundoanimalito.com\/#website","url":"https:\/\/mundoanimalito.com\/","name":"Mundo Animalito","description":"Datos y curiosidades de los animales, encuentra ac\u00e1 todo para tu mascota","publisher":{"@id":"https:\/\/mundoanimalito.com\/#organization"},"potentialAction":[{"@type":"SearchAction","target":{"@type":"EntryPoint","urlTemplate":"https:\/\/mundoanimalito.com\/?s={search_term_string}"},"query-input":{"@type":"PropertyValueSpecification","valueRequired":true,"valueName":"search_term_string"}}],"inLanguage":"es"},{"@type":"Organization","@id":"https:\/\/mundoanimalito.com\/#organization","name":"Mundo Animalito","url":"https:\/\/mundoanimalito.com\/","logo":{"@type":"ImageObject","inLanguage":"es","@id":"https:\/\/mundoanimalito.com\/#\/schema\/logo\/image\/","url":"https:\/\/mundoanimalito.com\/wp-content\/uploads\/2023\/10\/cropped-cropped-LOGO-OFICIAL-ULTIMA-VERSION-1.jpg","contentUrl":"https:\/\/mundoanimalito.com\/wp-content\/uploads\/2023\/10\/cropped-cropped-LOGO-OFICIAL-ULTIMA-VERSION-1.jpg","width":374,"height":425,"caption":"Mundo Animalito"},"image":{"@id":"https:\/\/mundoanimalito.com\/#\/schema\/logo\/image\/"},"sameAs":["https:\/\/www.facebook.com\/mundoanimalito77","https:\/\/www.instagram.com\/mundoanimalito77\/","https:\/\/www.tiktok.com\/@mundoanimalito77","https:\/\/www.youtube.com\/channel\/UCLo2JhNUNtHVraDt5aHadew"]}]}},"_links":{"self":[{"href":"https:\/\/mundoanimalito.com\/index.php\/wp-json\/wp\/v2\/pages\/21820","targetHints":{"allow":["GET"]}}],"collection":[{"href":"https:\/\/mundoanimalito.com\/index.php\/wp-json\/wp\/v2\/pages"}],"about":[{"href":"https:\/\/mundoanimalito.com\/index.php\/wp-json\/wp\/v2\/types\/page"}],"author":[{"embeddable":true,"href":"https:\/\/mundoanimalito.com\/index.php\/wp-json\/wp\/v2\/users\/1"}],"replies":[{"embeddable":true,"href":"https:\/\/mundoanimalito.com\/index.php\/wp-json\/wp\/v2\/comments?post=21820"}],"version-history":[{"count":0,"href":"https:\/\/mundoanimalito.com\/index.php\/wp-json\/wp\/v2\/pages\/21820\/revisions"}],"wp:attachment":[{"href":"https:\/\/mundoanimalito.com\/index.php\/wp-json\/wp\/v2\/media?parent=21820"}],"curies":[{"name":"wp","href":"https:\/\/api.w.org\/{rel}","templated":true}]}}