{"id":21608,"date":"2024-04-10T17:34:32","date_gmt":"2024-04-10T22:34:32","guid":{"rendered":"https:\/\/mundoanimalito.com\/?page_id=21608"},"modified":"2024-09-09T15:34:15","modified_gmt":"2024-09-09T20:34:15","slug":"marca-amazon-lifelong-palitos-dentales-sin-cereales-para-perros-de-razas-medianas-y-grandes","status":"publish","type":"page","link":"https:\/\/mundoanimalito.com\/index.php\/marca-amazon-lifelong-palitos-dentales-sin-cereales-para-perros-de-razas-medianas-y-grandes\/","title":{"rendered":"Marca Amazon &#8211; Lifelong Palitos dentales sin cereales para perros de razas medianas y grandes"},"content":{"rendered":"\t\t<div data-elementor-type=\"wp-page\" data-elementor-id=\"21608\" class=\"elementor elementor-21608\" data-elementor-post-type=\"page\">\n\t\t\t\t<div class=\"elementor-element elementor-element-1d6f2ff e-flex e-con-boxed e-con e-parent\" data-id=\"1d6f2ff\" data-element_type=\"container\" data-e-type=\"container\">\n\t\t\t\t\t<div class=\"e-con-inner\">\n\t\t\t\t<div class=\"elementor-element elementor-element-d2d4a11 elementor-invisible elementor-widget elementor-widget-heading\" data-id=\"d2d4a11\" data-element_type=\"widget\" data-e-type=\"widget\" data-settings=\"{&quot;_animation&quot;:&quot;fadeInDown&quot;}\" data-widget_type=\"heading.default\">\n\t\t\t\t<div class=\"elementor-widget-container\">\n\t\t\t\t\t<h2 class=\"elementor-heading-title elementor-size-default\">\u00bfQuieres ver a tu perro disfrutar de una sonrisa radiante y una salud dental \u00f3ptima? \u00a1Los Palitos Dentales sin Cereales de Lifelong son la respuesta que estabas buscando! <\/h2>\t\t\t\t<\/div>\n\t\t\t\t<\/div>\n\t\t\t\t\t<\/div>\n\t\t\t\t<\/div>\n\t\t<div class=\"elementor-element elementor-element-48e8b21 e-flex e-con-boxed e-con e-parent\" data-id=\"48e8b21\" data-element_type=\"container\" data-e-type=\"container\">\n\t\t\t\t\t<div class=\"e-con-inner\">\n\t\t<div class=\"elementor-element elementor-element-7ee735b e-con-full e-flex e-con e-child\" data-id=\"7ee735b\" data-element_type=\"container\" data-e-type=\"container\">\n\t\t\t\t<div class=\"elementor-element elementor-element-2a0eb17 elementor-widget elementor-widget-image\" data-id=\"2a0eb17\" data-element_type=\"widget\" data-e-type=\"widget\" data-widget_type=\"image.default\">\n\t\t\t\t<div class=\"elementor-widget-container\">\n\t\t\t\t\t\t\t\t\t\t\t\t\t\t\t\t<a href=\"https:\/\/amzn.to\/3xo6C4z\" target=\"_blank\">\n\t\t\t\t\t\t\t<img fetchpriority=\"high\" decoding=\"async\" width=\"661\" height=\"889\" src=\"https:\/\/mundoanimalito.com\/wp-content\/uploads\/2024\/04\/61-QQ77LOQL._AC_SL1000_.jpg\" class=\"attachment-large size-large wp-image-21592\" alt=\"Marca Amazon - Lifelong Palitos dentales sin cereales para perros de razas medianas y grandes, Pollo, 180g, Paquete de 6\" srcset=\"https:\/\/mundoanimalito.com\/wp-content\/uploads\/2024\/04\/61-QQ77LOQL._AC_SL1000_.jpg 661w, https:\/\/mundoanimalito.com\/wp-content\/uploads\/2024\/04\/61-QQ77LOQL._AC_SL1000_-223x300.jpg 223w\" sizes=\"(max-width: 661px) 100vw, 661px\" \/>\t\t\t\t\t\t\t\t<\/a>\n\t\t\t\t\t\t\t\t\t\t\t\t\t\t\t<\/div>\n\t\t\t\t<\/div>\n\t\t\t\t<\/div>\n\t\t<div class=\"elementor-element elementor-element-1612344 e-con-full e-flex e-con e-child\" data-id=\"1612344\" data-element_type=\"container\" data-e-type=\"container\">\n\t\t\t\t<div class=\"elementor-element elementor-element-300db2b elementor-widget elementor-widget-text-editor\" data-id=\"300db2b\" data-element_type=\"widget\" data-e-type=\"widget\" data-widget_type=\"text-editor.default\">\n\t\t\t\t<div class=\"elementor-widget-container\">\n\t\t\t\t\t\t\t\t\t<p>\u2728 <strong>Reducci\u00f3n de la Placa Dental:<\/strong> Con ingredientes cuidadosamente seleccionados como el kelp, una fuente natural de vitaminas y minerales, estos palitos ayudan a reducir la formaci\u00f3n de placa dental, manteniendo los dientes de tu perro limpios y saludables.<\/p><p>\u00a0<\/p><p>\ud83c\udf4f <strong>Rico en Antioxidantes:<\/strong> Gracias a los extractos c\u00edtricos y de manzana presentes en su f\u00f3rmula, estos palitos son una excelente fuente de antioxidantes naturales, que contribuyen a la salud general de tu mascota y ayudan a mantener su sistema inmunol\u00f3gico fuerte.<\/p><p>\u00a0<\/p><p>\ud83c\udf3e <strong>Sin Cereales y Bajo en Grasa:<\/strong> Libre de cereales y con un bajo contenido de grasa, este snack es ideal para perros de razas medianas y grandes que necesitan cuidar su peso y su salud digestiva. Adem\u00e1s, est\u00e1 enriquecido con vitaminas y minerales esenciales para una nutrici\u00f3n \u00f3ptima.<\/p><p>\u00a0<\/p><p>\ud83d\udc3e <strong>Fabricado en Espa\u00f1a:<\/strong> Con la calidad y la seguridad que caracterizan a los productos fabricados en Espa\u00f1a, puedes estar seguro de que est\u00e1s ofreciendo a tu perro un producto de primera calidad, elaborado con los m\u00e1s altos est\u00e1ndares de producci\u00f3n y seguridad.<\/p><p>\u00a0<\/p><p>Estos palitos dentales no solo son una delicia para tu perro, sino que tambi\u00e9n son una inversi\u00f3n en su salud a largo plazo. \u00a1A\u00f1ade este producto a tu carrito de compras hoy mismo y br\u00edndale a tu peludo amigo una sonrisa m\u00e1s brillante y una vida m\u00e1s saludable!<\/p>\t\t\t\t\t\t\t\t<\/div>\n\t\t\t\t<\/div>\n\t\t\t\t<div class=\"elementor-element elementor-element-2d57144 elementor-align-right elementor-widget elementor-widget-button\" data-id=\"2d57144\" data-element_type=\"widget\" data-e-type=\"widget\" data-widget_type=\"button.default\">\n\t\t\t\t<div class=\"elementor-widget-container\">\n\t\t\t\t\t\t\t\t\t<div class=\"elementor-button-wrapper\">\n\t\t\t\t\t<a class=\"elementor-button elementor-button-link elementor-size-sm\" href=\"https:\/\/amzn.to\/3xo6C4z\" target=\"_blank\">\n\t\t\t\t\t\t<span class=\"elementor-button-content-wrapper\">\n\t\t\t\t\t\t\t\t\t<span class=\"elementor-button-text\">Compra ahora en Amazon<\/span>\n\t\t\t\t\t<\/span>\n\t\t\t\t\t<\/a>\n\t\t\t\t<\/div>\n\t\t\t\t\t\t\t\t<\/div>\n\t\t\t\t<\/div>\n\t\t\t\t<\/div>\n\t\t\t\t\t<\/div>\n\t\t\t\t<\/div>\n\t\t<div class=\"elementor-element elementor-element-54d2959 e-flex e-con-boxed e-con e-parent\" data-id=\"54d2959\" data-element_type=\"container\" data-e-type=\"container\">\n\t\t\t\t\t<div class=\"e-con-inner\">\n\t\t\t\t<div class=\"elementor-element elementor-element-cafe1c8 elementor-arrows-position-inside elementor-pagination-position-outside elementor-widget elementor-widget-image-carousel\" data-id=\"cafe1c8\" data-element_type=\"widget\" data-e-type=\"widget\" data-settings=\"{&quot;slides_to_show&quot;:&quot;1&quot;,&quot;navigation&quot;:&quot;both&quot;,&quot;autoplay&quot;:&quot;yes&quot;,&quot;pause_on_hover&quot;:&quot;yes&quot;,&quot;pause_on_interaction&quot;:&quot;yes&quot;,&quot;autoplay_speed&quot;:5000,&quot;infinite&quot;:&quot;yes&quot;,&quot;effect&quot;:&quot;slide&quot;,&quot;speed&quot;:500}\" data-widget_type=\"image-carousel.default\">\n\t\t\t\t<div class=\"elementor-widget-container\">\n\t\t\t\t\t\t\t<div class=\"elementor-image-carousel-wrapper swiper\" role=\"region\" aria-roledescription=\"carousel\" aria-label=\"Carrusel de im\u00e1genes\" dir=\"ltr\">\n\t\t\t<div class=\"elementor-image-carousel swiper-wrapper\" aria-live=\"off\">\n\t\t\t\t\t\t\t\t<div class=\"swiper-slide\" role=\"group\" aria-roledescription=\"slide\" aria-label=\"1 de 4\"><figure class=\"swiper-slide-inner\"><img decoding=\"async\" class=\"swiper-slide-image\" src=\"https:\/\/mundoanimalito.com\/wp-content\/uploads\/2024\/04\/61Nj3Dk7fjL._AC_SL1001_.jpg\" alt=\"Marca Amazon - Lifelong Palitos dentales sin cereales para perros de razas medianas y grandes, Pollo, 180g, Paquete de 6\" \/><\/figure><\/div><div class=\"swiper-slide\" role=\"group\" aria-roledescription=\"slide\" aria-label=\"2 de 4\"><figure class=\"swiper-slide-inner\"><img decoding=\"async\" class=\"swiper-slide-image\" src=\"https:\/\/mundoanimalito.com\/wp-content\/uploads\/2024\/04\/61e3h9ZydiL._AC_SL1001_.jpg\" alt=\"Marca Amazon - Lifelong Palitos dentales sin cereales para perros de razas medianas y grandes, Pollo, 180g, Paquete de 6\" \/><\/figure><\/div><div class=\"swiper-slide\" role=\"group\" aria-roledescription=\"slide\" aria-label=\"3 de 4\"><figure class=\"swiper-slide-inner\"><img decoding=\"async\" class=\"swiper-slide-image\" src=\"https:\/\/mundoanimalito.com\/wp-content\/uploads\/2024\/04\/61cphhhxb0L._AC_SL1000_.jpg\" alt=\"Marca Amazon - Lifelong Palitos dentales sin cereales para perros de razas medianas y grandes, Pollo, 180g, Paquete de 6\" \/><\/figure><\/div><div class=\"swiper-slide\" role=\"group\" aria-roledescription=\"slide\" aria-label=\"4 de 4\"><figure class=\"swiper-slide-inner\"><img decoding=\"async\" class=\"swiper-slide-image\" src=\"https:\/\/mundoanimalito.com\/wp-content\/uploads\/2024\/04\/61D9xO294aL._AC_SL1000_.jpg\" alt=\"Marca Amazon - Lifelong Palitos dentales sin cereales para perros de razas medianas y grandes, Pollo, 180g, Paquete de 6\" \/><\/figure><\/div>\t\t\t<\/div>\n\t\t\t\t\t\t\t\t\t\t\t\t<div class=\"elementor-swiper-button elementor-swiper-button-prev\" role=\"button\" tabindex=\"0\">\n\t\t\t\t\t\t<i aria-hidden=\"true\" class=\"eicon-chevron-left\"><\/i>\t\t\t\t\t<\/div>\n\t\t\t\t\t<div class=\"elementor-swiper-button elementor-swiper-button-next\" role=\"button\" tabindex=\"0\">\n\t\t\t\t\t\t<i aria-hidden=\"true\" class=\"eicon-chevron-right\"><\/i>\t\t\t\t\t<\/div>\n\t\t\t\t\n\t\t\t\t\t\t\t\t\t<div class=\"swiper-pagination\"><\/div>\n\t\t\t\t\t\t\t\t\t<\/div>\n\t\t\t\t\t\t<\/div>\n\t\t\t\t<\/div>\n\t\t\t\t\t<\/div>\n\t\t\t\t<\/div>\n\t\t<div class=\"elementor-element elementor-element-dcb99ef e-flex e-con-boxed e-con e-parent\" data-id=\"dcb99ef\" data-element_type=\"container\" data-e-type=\"container\">\n\t\t\t\t\t<div class=\"e-con-inner\">\n\t\t\t\t<div class=\"elementor-element elementor-element-49d79a0 elementor-align-right elementor-widget elementor-widget-button\" data-id=\"49d79a0\" data-element_type=\"widget\" data-e-type=\"widget\" data-widget_type=\"button.default\">\n\t\t\t\t<div class=\"elementor-widget-container\">\n\t\t\t\t\t\t\t\t\t<div class=\"elementor-button-wrapper\">\n\t\t\t\t\t<a class=\"elementor-button elementor-button-link elementor-size-sm\" href=\"https:\/\/amzn.to\/3xo6C4z\" target=\"_blank\">\n\t\t\t\t\t\t<span class=\"elementor-button-content-wrapper\">\n\t\t\t\t\t\t\t\t\t<span class=\"elementor-button-text\">Compra ahora en Amazon<\/span>\n\t\t\t\t\t<\/span>\n\t\t\t\t\t<\/a>\n\t\t\t\t<\/div>\n\t\t\t\t\t\t\t\t<\/div>\n\t\t\t\t<\/div>\n\t\t\t\t\t<\/div>\n\t\t\t\t<\/div>\n\t\t\t\t<\/div>\n\t\t","protected":false},"excerpt":{"rendered":"<p>\u00bfQuieres ver a tu perro disfrutar de una sonrisa radiante y una salud dental \u00f3ptima? \u00a1Los Palitos Dentales sin Cereales de Lifelong son la respuesta que estabas buscando! \u2728 Reducci\u00f3n de la Placa Dental: Con ingredientes cuidadosamente seleccionados como el kelp, una fuente natural de vitaminas y minerales, estos palitos ayudan a reducir la formaci\u00f3n [&hellip;]<\/p>\n","protected":false},"author":1,"featured_media":0,"parent":0,"menu_order":0,"comment_status":"closed","ping_status":"closed","template":"","meta":{"site-sidebar-layout":"no-sidebar","site-content-layout":"page-builder","ast-site-content-layout":"full-width-container","site-content-style":"default","site-sidebar-style":"default","ast-global-header-display":"","ast-banner-title-visibility":"","ast-main-header-display":"","ast-hfb-above-header-display":"","ast-hfb-below-header-display":"","ast-hfb-mobile-header-display":"","site-post-title":"disabled","ast-breadcrumbs-content":"","ast-featured-img":"disabled","footer-sml-layout":"","ast-disable-related-posts":"","theme-transparent-header-meta":"","adv-header-id-meta":"","stick-header-meta":"","header-above-stick-meta":"","header-main-stick-meta":"","header-below-stick-meta":"","astra-migrate-meta-layouts":"set","ast-page-background-enabled":"default","ast-page-background-meta":{"desktop":{"background-color":"var(--ast-global-color-4)","background-image":"","background-repeat":"repeat","background-position":"center center","background-size":"auto","background-attachment":"scroll","background-type":"","background-media":"","overlay-type":"","overlay-color":"","overlay-opacity":"","overlay-gradient":""},"tablet":{"background-color":"","background-image":"","background-repeat":"repeat","background-position":"center center","background-size":"auto","background-attachment":"scroll","background-type":"","background-media":"","overlay-type":"","overlay-color":"","overlay-opacity":"","overlay-gradient":""},"mobile":{"background-color":"","background-image":"","background-repeat":"repeat","background-position":"center center","background-size":"auto","background-attachment":"scroll","background-type":"","background-media":"","overlay-type":"","overlay-color":"","overlay-opacity":"","overlay-gradient":""}},"ast-content-background-meta":{"desktop":{"background-color":"var(--ast-global-color-5)","background-image":"","background-repeat":"repeat","background-position":"center center","background-size":"auto","background-attachment":"scroll","background-type":"","background-media":"","overlay-type":"","overlay-color":"","overlay-opacity":"","overlay-gradient":""},"tablet":{"background-color":"var(--ast-global-color-5)","background-image":"","background-repeat":"repeat","background-position":"center center","background-size":"auto","background-attachment":"scroll","background-type":"","background-media":"","overlay-type":"","overlay-color":"","overlay-opacity":"","overlay-gradient":""},"mobile":{"background-color":"var(--ast-global-color-5)","background-image":"","background-repeat":"repeat","background-position":"center center","background-size":"auto","background-attachment":"scroll","background-type":"","background-media":"","overlay-type":"","overlay-color":"","overlay-opacity":"","overlay-gradient":""}},"footnotes":""},"class_list":["post-21608","page","type-page","status-publish","hentry"],"yoast_head":"<!-- This site is optimized with the Yoast SEO plugin v27.5 - https:\/\/yoast.com\/product\/yoast-seo-wordpress\/ -->\n<title>Lifelong Palitos Dentales sin Cereales para Perros | Mundo Animalito<\/title>\n<meta name=\"description\" content=\"Marca Amazon - Lifelong Palitos dentales sin cereales para perros de razas medianas y grandes, Pollo, 180g, Paquete de 6\" \/>\n<meta name=\"robots\" content=\"index, follow, max-snippet:-1, max-image-preview:large, max-video-preview:-1\" \/>\n<link rel=\"canonical\" href=\"https:\/\/mundoanimalito.com\/index.php\/marca-amazon-lifelong-palitos-dentales-sin-cereales-para-perros-de-razas-medianas-y-grandes\/\" \/>\n<meta property=\"og:locale\" content=\"es_ES\" \/>\n<meta property=\"og:type\" content=\"article\" \/>\n<meta property=\"og:title\" content=\"Lifelong Palitos Dentales sin Cereales para Perros | Mundo Animalito\" \/>\n<meta property=\"og:description\" content=\"Marca Amazon - Lifelong Palitos dentales sin cereales para perros de razas medianas y grandes, Pollo, 180g, Paquete de 6\" \/>\n<meta property=\"og:url\" content=\"https:\/\/mundoanimalito.com\/index.php\/marca-amazon-lifelong-palitos-dentales-sin-cereales-para-perros-de-razas-medianas-y-grandes\/\" \/>\n<meta property=\"og:site_name\" content=\"Mundo Animalito\" \/>\n<meta property=\"article:publisher\" content=\"https:\/\/www.facebook.com\/mundoanimalito77\" \/>\n<meta property=\"article:modified_time\" content=\"2024-09-09T20:34:15+00:00\" \/>\n<meta property=\"og:image\" content=\"https:\/\/mundoanimalito.com\/wp-content\/uploads\/2024\/04\/61-QQ77LOQL._AC_SL1000_.jpg\" \/>\n<meta name=\"twitter:card\" content=\"summary_large_image\" \/>\n<meta name=\"twitter:label1\" content=\"Tiempo de lectura\" \/>\n\t<meta name=\"twitter:data1\" content=\"3 minutos\" \/>\n<script type=\"application\/ld+json\" class=\"yoast-schema-graph\">{\"@context\":\"https:\\\/\\\/schema.org\",\"@graph\":[{\"@type\":\"WebPage\",\"@id\":\"https:\\\/\\\/mundoanimalito.com\\\/index.php\\\/marca-amazon-lifelong-palitos-dentales-sin-cereales-para-perros-de-razas-medianas-y-grandes\\\/\",\"url\":\"https:\\\/\\\/mundoanimalito.com\\\/index.php\\\/marca-amazon-lifelong-palitos-dentales-sin-cereales-para-perros-de-razas-medianas-y-grandes\\\/\",\"name\":\"Lifelong Palitos Dentales sin Cereales para Perros | Mundo Animalito\",\"isPartOf\":{\"@id\":\"https:\\\/\\\/mundoanimalito.com\\\/#website\"},\"primaryImageOfPage\":{\"@id\":\"https:\\\/\\\/mundoanimalito.com\\\/index.php\\\/marca-amazon-lifelong-palitos-dentales-sin-cereales-para-perros-de-razas-medianas-y-grandes\\\/#primaryimage\"},\"image\":{\"@id\":\"https:\\\/\\\/mundoanimalito.com\\\/index.php\\\/marca-amazon-lifelong-palitos-dentales-sin-cereales-para-perros-de-razas-medianas-y-grandes\\\/#primaryimage\"},\"thumbnailUrl\":\"https:\\\/\\\/mundoanimalito.com\\\/wp-content\\\/uploads\\\/2024\\\/04\\\/61-QQ77LOQL._AC_SL1000_.jpg\",\"datePublished\":\"2024-04-10T22:34:32+00:00\",\"dateModified\":\"2024-09-09T20:34:15+00:00\",\"description\":\"Marca Amazon - Lifelong Palitos dentales sin cereales para perros de razas medianas y grandes, Pollo, 180g, Paquete de 6\",\"breadcrumb\":{\"@id\":\"https:\\\/\\\/mundoanimalito.com\\\/index.php\\\/marca-amazon-lifelong-palitos-dentales-sin-cereales-para-perros-de-razas-medianas-y-grandes\\\/#breadcrumb\"},\"inLanguage\":\"es\",\"potentialAction\":[{\"@type\":\"ReadAction\",\"target\":[\"https:\\\/\\\/mundoanimalito.com\\\/index.php\\\/marca-amazon-lifelong-palitos-dentales-sin-cereales-para-perros-de-razas-medianas-y-grandes\\\/\"]}]},{\"@type\":\"ImageObject\",\"inLanguage\":\"es\",\"@id\":\"https:\\\/\\\/mundoanimalito.com\\\/index.php\\\/marca-amazon-lifelong-palitos-dentales-sin-cereales-para-perros-de-razas-medianas-y-grandes\\\/#primaryimage\",\"url\":\"https:\\\/\\\/mundoanimalito.com\\\/wp-content\\\/uploads\\\/2024\\\/04\\\/61-QQ77LOQL._AC_SL1000_.jpg\",\"contentUrl\":\"https:\\\/\\\/mundoanimalito.com\\\/wp-content\\\/uploads\\\/2024\\\/04\\\/61-QQ77LOQL._AC_SL1000_.jpg\",\"width\":661,\"height\":889,\"caption\":\"Marca Amazon - Lifelong Palitos dentales sin cereales para perros de razas medianas y grandes, Pollo, 180g, Paquete de 6\"},{\"@type\":\"BreadcrumbList\",\"@id\":\"https:\\\/\\\/mundoanimalito.com\\\/index.php\\\/marca-amazon-lifelong-palitos-dentales-sin-cereales-para-perros-de-razas-medianas-y-grandes\\\/#breadcrumb\",\"itemListElement\":[{\"@type\":\"ListItem\",\"position\":1,\"name\":\"Portada\",\"item\":\"https:\\\/\\\/mundoanimalito.com\\\/\"},{\"@type\":\"ListItem\",\"position\":2,\"name\":\"Marca Amazon &#8211; Lifelong Palitos dentales sin cereales para perros de razas medianas y grandes\"}]},{\"@type\":\"WebSite\",\"@id\":\"https:\\\/\\\/mundoanimalito.com\\\/#website\",\"url\":\"https:\\\/\\\/mundoanimalito.com\\\/\",\"name\":\"Mundo Animalito\",\"description\":\"Datos y curiosidades de los animales, encuentra ac\u00e1 todo para tu mascota\",\"publisher\":{\"@id\":\"https:\\\/\\\/mundoanimalito.com\\\/#organization\"},\"potentialAction\":[{\"@type\":\"SearchAction\",\"target\":{\"@type\":\"EntryPoint\",\"urlTemplate\":\"https:\\\/\\\/mundoanimalito.com\\\/?s={search_term_string}\"},\"query-input\":{\"@type\":\"PropertyValueSpecification\",\"valueRequired\":true,\"valueName\":\"search_term_string\"}}],\"inLanguage\":\"es\"},{\"@type\":\"Organization\",\"@id\":\"https:\\\/\\\/mundoanimalito.com\\\/#organization\",\"name\":\"Mundo Animalito\",\"url\":\"https:\\\/\\\/mundoanimalito.com\\\/\",\"logo\":{\"@type\":\"ImageObject\",\"inLanguage\":\"es\",\"@id\":\"https:\\\/\\\/mundoanimalito.com\\\/#\\\/schema\\\/logo\\\/image\\\/\",\"url\":\"https:\\\/\\\/mundoanimalito.com\\\/wp-content\\\/uploads\\\/2023\\\/10\\\/cropped-cropped-LOGO-OFICIAL-ULTIMA-VERSION-1.jpg\",\"contentUrl\":\"https:\\\/\\\/mundoanimalito.com\\\/wp-content\\\/uploads\\\/2023\\\/10\\\/cropped-cropped-LOGO-OFICIAL-ULTIMA-VERSION-1.jpg\",\"width\":374,\"height\":425,\"caption\":\"Mundo Animalito\"},\"image\":{\"@id\":\"https:\\\/\\\/mundoanimalito.com\\\/#\\\/schema\\\/logo\\\/image\\\/\"},\"sameAs\":[\"https:\\\/\\\/www.facebook.com\\\/mundoanimalito77\",\"https:\\\/\\\/www.instagram.com\\\/mundoanimalito77\\\/\",\"https:\\\/\\\/www.tiktok.com\\\/@mundoanimalito77\",\"https:\\\/\\\/www.youtube.com\\\/channel\\\/UCLo2JhNUNtHVraDt5aHadew\"]}]}<\/script>\n<!-- \/ Yoast SEO plugin. -->","yoast_head_json":{"title":"Lifelong Palitos Dentales sin Cereales para Perros | Mundo Animalito","description":"Marca Amazon - Lifelong Palitos dentales sin cereales para perros de razas medianas y grandes, Pollo, 180g, Paquete de 6","robots":{"index":"index","follow":"follow","max-snippet":"max-snippet:-1","max-image-preview":"max-image-preview:large","max-video-preview":"max-video-preview:-1"},"canonical":"https:\/\/mundoanimalito.com\/index.php\/marca-amazon-lifelong-palitos-dentales-sin-cereales-para-perros-de-razas-medianas-y-grandes\/","og_locale":"es_ES","og_type":"article","og_title":"Lifelong Palitos Dentales sin Cereales para Perros | Mundo Animalito","og_description":"Marca Amazon - Lifelong Palitos dentales sin cereales para perros de razas medianas y grandes, Pollo, 180g, Paquete de 6","og_url":"https:\/\/mundoanimalito.com\/index.php\/marca-amazon-lifelong-palitos-dentales-sin-cereales-para-perros-de-razas-medianas-y-grandes\/","og_site_name":"Mundo Animalito","article_publisher":"https:\/\/www.facebook.com\/mundoanimalito77","article_modified_time":"2024-09-09T20:34:15+00:00","og_image":[{"url":"https:\/\/mundoanimalito.com\/wp-content\/uploads\/2024\/04\/61-QQ77LOQL._AC_SL1000_.jpg","type":"","width":"","height":""}],"twitter_card":"summary_large_image","twitter_misc":{"Tiempo de lectura":"3 minutos"},"schema":{"@context":"https:\/\/schema.org","@graph":[{"@type":"WebPage","@id":"https:\/\/mundoanimalito.com\/index.php\/marca-amazon-lifelong-palitos-dentales-sin-cereales-para-perros-de-razas-medianas-y-grandes\/","url":"https:\/\/mundoanimalito.com\/index.php\/marca-amazon-lifelong-palitos-dentales-sin-cereales-para-perros-de-razas-medianas-y-grandes\/","name":"Lifelong Palitos Dentales sin Cereales para Perros | Mundo Animalito","isPartOf":{"@id":"https:\/\/mundoanimalito.com\/#website"},"primaryImageOfPage":{"@id":"https:\/\/mundoanimalito.com\/index.php\/marca-amazon-lifelong-palitos-dentales-sin-cereales-para-perros-de-razas-medianas-y-grandes\/#primaryimage"},"image":{"@id":"https:\/\/mundoanimalito.com\/index.php\/marca-amazon-lifelong-palitos-dentales-sin-cereales-para-perros-de-razas-medianas-y-grandes\/#primaryimage"},"thumbnailUrl":"https:\/\/mundoanimalito.com\/wp-content\/uploads\/2024\/04\/61-QQ77LOQL._AC_SL1000_.jpg","datePublished":"2024-04-10T22:34:32+00:00","dateModified":"2024-09-09T20:34:15+00:00","description":"Marca Amazon - Lifelong Palitos dentales sin cereales para perros de razas medianas y grandes, Pollo, 180g, Paquete de 6","breadcrumb":{"@id":"https:\/\/mundoanimalito.com\/index.php\/marca-amazon-lifelong-palitos-dentales-sin-cereales-para-perros-de-razas-medianas-y-grandes\/#breadcrumb"},"inLanguage":"es","potentialAction":[{"@type":"ReadAction","target":["https:\/\/mundoanimalito.com\/index.php\/marca-amazon-lifelong-palitos-dentales-sin-cereales-para-perros-de-razas-medianas-y-grandes\/"]}]},{"@type":"ImageObject","inLanguage":"es","@id":"https:\/\/mundoanimalito.com\/index.php\/marca-amazon-lifelong-palitos-dentales-sin-cereales-para-perros-de-razas-medianas-y-grandes\/#primaryimage","url":"https:\/\/mundoanimalito.com\/wp-content\/uploads\/2024\/04\/61-QQ77LOQL._AC_SL1000_.jpg","contentUrl":"https:\/\/mundoanimalito.com\/wp-content\/uploads\/2024\/04\/61-QQ77LOQL._AC_SL1000_.jpg","width":661,"height":889,"caption":"Marca Amazon - Lifelong Palitos dentales sin cereales para perros de razas medianas y grandes, Pollo, 180g, Paquete de 6"},{"@type":"BreadcrumbList","@id":"https:\/\/mundoanimalito.com\/index.php\/marca-amazon-lifelong-palitos-dentales-sin-cereales-para-perros-de-razas-medianas-y-grandes\/#breadcrumb","itemListElement":[{"@type":"ListItem","position":1,"name":"Portada","item":"https:\/\/mundoanimalito.com\/"},{"@type":"ListItem","position":2,"name":"Marca Amazon &#8211; Lifelong Palitos dentales sin cereales para perros de razas medianas y grandes"}]},{"@type":"WebSite","@id":"https:\/\/mundoanimalito.com\/#website","url":"https:\/\/mundoanimalito.com\/","name":"Mundo Animalito","description":"Datos y curiosidades de los animales, encuentra ac\u00e1 todo para tu mascota","publisher":{"@id":"https:\/\/mundoanimalito.com\/#organization"},"potentialAction":[{"@type":"SearchAction","target":{"@type":"EntryPoint","urlTemplate":"https:\/\/mundoanimalito.com\/?s={search_term_string}"},"query-input":{"@type":"PropertyValueSpecification","valueRequired":true,"valueName":"search_term_string"}}],"inLanguage":"es"},{"@type":"Organization","@id":"https:\/\/mundoanimalito.com\/#organization","name":"Mundo Animalito","url":"https:\/\/mundoanimalito.com\/","logo":{"@type":"ImageObject","inLanguage":"es","@id":"https:\/\/mundoanimalito.com\/#\/schema\/logo\/image\/","url":"https:\/\/mundoanimalito.com\/wp-content\/uploads\/2023\/10\/cropped-cropped-LOGO-OFICIAL-ULTIMA-VERSION-1.jpg","contentUrl":"https:\/\/mundoanimalito.com\/wp-content\/uploads\/2023\/10\/cropped-cropped-LOGO-OFICIAL-ULTIMA-VERSION-1.jpg","width":374,"height":425,"caption":"Mundo Animalito"},"image":{"@id":"https:\/\/mundoanimalito.com\/#\/schema\/logo\/image\/"},"sameAs":["https:\/\/www.facebook.com\/mundoanimalito77","https:\/\/www.instagram.com\/mundoanimalito77\/","https:\/\/www.tiktok.com\/@mundoanimalito77","https:\/\/www.youtube.com\/channel\/UCLo2JhNUNtHVraDt5aHadew"]}]}},"_links":{"self":[{"href":"https:\/\/mundoanimalito.com\/index.php\/wp-json\/wp\/v2\/pages\/21608","targetHints":{"allow":["GET"]}}],"collection":[{"href":"https:\/\/mundoanimalito.com\/index.php\/wp-json\/wp\/v2\/pages"}],"about":[{"href":"https:\/\/mundoanimalito.com\/index.php\/wp-json\/wp\/v2\/types\/page"}],"author":[{"embeddable":true,"href":"https:\/\/mundoanimalito.com\/index.php\/wp-json\/wp\/v2\/users\/1"}],"replies":[{"embeddable":true,"href":"https:\/\/mundoanimalito.com\/index.php\/wp-json\/wp\/v2\/comments?post=21608"}],"version-history":[{"count":0,"href":"https:\/\/mundoanimalito.com\/index.php\/wp-json\/wp\/v2\/pages\/21608\/revisions"}],"wp:attachment":[{"href":"https:\/\/mundoanimalito.com\/index.php\/wp-json\/wp\/v2\/media?parent=21608"}],"curies":[{"name":"wp","href":"https:\/\/api.w.org\/{rel}","templated":true}]}}