{"id":21263,"date":"2024-04-10T10:18:14","date_gmt":"2024-04-10T15:18:14","guid":{"rendered":"https:\/\/mundoanimalito.com\/?page_id=21263"},"modified":"2024-09-03T11:35:28","modified_gmt":"2024-09-03T16:35:28","slug":"advance-dental-stick-mini-dogs-pack-28-dias","status":"publish","type":"page","link":"https:\/\/mundoanimalito.com\/index.php\/advance-dental-stick-mini-dogs-pack-28-dias\/","title":{"rendered":"Advance Dental Stick Mini Dogs pack 28 d\u00edas"},"content":{"rendered":"\t\t<div data-elementor-type=\"wp-page\" data-elementor-id=\"21263\" class=\"elementor elementor-21263\" data-elementor-post-type=\"page\">\n\t\t\t\t<div class=\"elementor-element elementor-element-929b86e e-flex e-con-boxed e-con e-parent\" data-id=\"929b86e\" data-element_type=\"container\" data-e-type=\"container\">\n\t\t\t\t\t<div class=\"e-con-inner\">\n\t\t\t\t<div class=\"elementor-element elementor-element-a373497 elementor-invisible elementor-widget elementor-widget-heading\" data-id=\"a373497\" data-element_type=\"widget\" data-e-type=\"widget\" data-settings=\"{&quot;_animation&quot;:&quot;fadeInDown&quot;}\" data-widget_type=\"heading.default\">\n\t\t\t\t<div class=\"elementor-widget-container\">\n\t\t\t\t\t<h2 class=\"elementor-heading-title elementor-size-default\">\u00bfQuieres mantener la sonrisa de tu peludo amigo siempre radiante y saludable? \u00a1Entonces los Advance Dental Stick Mini Dogs son la elecci\u00f3n perfecta para ti!<\/h2>\t\t\t\t<\/div>\n\t\t\t\t<\/div>\n\t\t\t\t\t<\/div>\n\t\t\t\t<\/div>\n\t\t<div class=\"elementor-element elementor-element-3250403 e-flex e-con-boxed e-con e-parent\" data-id=\"3250403\" data-element_type=\"container\" data-e-type=\"container\">\n\t\t\t\t\t<div class=\"e-con-inner\">\n\t\t<div class=\"elementor-element elementor-element-8f3f56a e-con-full e-flex e-con e-child\" data-id=\"8f3f56a\" data-element_type=\"container\" data-e-type=\"container\">\n\t\t\t\t<div class=\"elementor-element elementor-element-276a582 elementor-widget elementor-widget-image\" data-id=\"276a582\" data-element_type=\"widget\" data-e-type=\"widget\" data-widget_type=\"image.default\">\n\t\t\t\t<div class=\"elementor-widget-container\">\n\t\t\t\t\t\t\t\t\t\t\t\t\t\t\t\t<a href=\"https:\/\/amzn.to\/4aP99TI\" target=\"_blank\">\n\t\t\t\t\t\t\t<img fetchpriority=\"high\" decoding=\"async\" width=\"990\" height=\"1024\" src=\"https:\/\/mundoanimalito.com\/wp-content\/uploads\/2024\/04\/814zFAFs06L._AC_SL1500_-990x1024.jpg\" class=\"attachment-large size-large wp-image-21250\" alt=\"Advance Dental Stick Mini Dogs pack 28 d\u00edas\" srcset=\"https:\/\/mundoanimalito.com\/wp-content\/uploads\/2024\/04\/814zFAFs06L._AC_SL1500_-990x1024.jpg 990w, https:\/\/mundoanimalito.com\/wp-content\/uploads\/2024\/04\/814zFAFs06L._AC_SL1500_-290x300.jpg 290w, https:\/\/mundoanimalito.com\/wp-content\/uploads\/2024\/04\/814zFAFs06L._AC_SL1500_-768x794.jpg 768w, https:\/\/mundoanimalito.com\/wp-content\/uploads\/2024\/04\/814zFAFs06L._AC_SL1500_.jpg 1450w\" sizes=\"(max-width: 990px) 100vw, 990px\" \/>\t\t\t\t\t\t\t\t<\/a>\n\t\t\t\t\t\t\t\t\t\t\t\t\t\t\t<\/div>\n\t\t\t\t<\/div>\n\t\t\t\t<\/div>\n\t\t<div class=\"elementor-element elementor-element-40ceb7f e-con-full e-flex e-con e-child\" data-id=\"40ceb7f\" data-element_type=\"container\" data-e-type=\"container\">\n\t\t\t\t<div class=\"elementor-element elementor-element-d8f5b69 elementor-widget elementor-widget-text-editor\" data-id=\"d8f5b69\" data-element_type=\"widget\" data-e-type=\"widget\" data-widget_type=\"text-editor.default\">\n\t\t\t\t<div class=\"elementor-widget-container\">\n\t\t\t\t\t\t\t\t\t<p>\u00a0<\/p><p>\u00a0<\/p><p>\ud83e\uddb7 <strong>Acci\u00f3n Mec\u00e1nica Eficaz:<\/strong> Gracias a su forma especial, estos sticks proporcionan una acci\u00f3n mec\u00e1nica que elimina eficazmente los residuos de comida de los dientes de tu perro. \u00a1Adi\u00f3s a la suciedad y hola a una sonrisa limpia y reluciente!<\/p><p>\u00a0<\/p><p>\ud83d\udd12 <strong>Protecci\u00f3n Dental Avanzada:<\/strong> Con el Protector Dental Advance, estos sticks limitan la formaci\u00f3n de placa bacteriana en la boca de tu mascota. \u00a1Mant\u00e9n sus dientes y enc\u00edas protegidos de manera \u00f3ptima y previene problemas dentales desagradables!<\/p><p>\u00a0<\/p><p>\ud83c\udf1f <strong>Pirofosfatos para una Mayor Eficacia:<\/strong> La inclusi\u00f3n de pirofosfatos en la f\u00f3rmula ayuda a evitar la acumulaci\u00f3n de sarro, garantizando una higiene dental completa y reduciendo el riesgo de enfermedades bucales.<\/p><p>\u00a0<\/p><p>\ud83d\udcc5 <strong>Resultados Comprobados:<\/strong> \u00a1No solo promesas vac\u00edas! Estos sticks han sido cl\u00ednicamente probados, y los resultados hablan por s\u00ed mismos: el 94% de los perros reduce la formaci\u00f3n de sarro en tan solo 1 mes, el 65% disfruta de un aliento m\u00e1s fresco, y el 82% reduce la acumulaci\u00f3n de placa. \u00a1Tu perro merece lo mejor, y estos sticks lo proporcionan!<\/p>\t\t\t\t\t\t\t\t<\/div>\n\t\t\t\t<\/div>\n\t\t\t\t<\/div>\n\t\t\t\t\t<\/div>\n\t\t\t\t<\/div>\n\t\t<div class=\"elementor-element elementor-element-1a898d0 e-flex e-con-boxed e-con e-parent\" data-id=\"1a898d0\" data-element_type=\"container\" data-e-type=\"container\">\n\t\t\t\t\t<div class=\"e-con-inner\">\n\t\t\t\t<div class=\"elementor-element elementor-element-2643060 elementor-widget elementor-widget-text-editor\" data-id=\"2643060\" data-element_type=\"widget\" data-e-type=\"widget\" data-widget_type=\"text-editor.default\">\n\t\t\t\t<div class=\"elementor-widget-container\">\n\t\t\t\t\t\t\t\t\t<p>\ud83d\udce6 <strong>Formato Pr\u00e1ctico Mensual:<\/strong> Con un formato mensual que incluye 4 bolsas con 7 sticks cada una (un total de 28 sticks), tendr\u00e1s suficientes unidades para cuidar la salud dental de tu perro durante todo el mes. \u00a1Es la manera perfecta de garantizar una rutina dental efectiva y sin complicaciones!<\/p><p>\u00a0<\/p><p>No esperes m\u00e1s para brindarle a tu perro la atenci\u00f3n dental que se merece. Agrega Advance Dental Stick Mini Dogs a tu carrito de compras ahora y aseg\u00farate de que tu mejor amigo peludo tenga una sonrisa radiante y una salud bucal impecable. \u00a1Tu perro te lo agradecer\u00e1 con toda su alegr\u00eda y cari\u00f1o!<\/p>\t\t\t\t\t\t\t\t<\/div>\n\t\t\t\t<\/div>\n\t\t\t\t\t<\/div>\n\t\t\t\t<\/div>\n\t\t<div class=\"elementor-element elementor-element-120d8dd e-flex e-con-boxed e-con e-parent\" data-id=\"120d8dd\" data-element_type=\"container\" data-e-type=\"container\">\n\t\t\t\t\t<div class=\"e-con-inner\">\n\t\t\t\t<div class=\"elementor-element elementor-element-aea0832 elementor-align-right elementor-widget elementor-widget-button\" data-id=\"aea0832\" data-element_type=\"widget\" data-e-type=\"widget\" data-widget_type=\"button.default\">\n\t\t\t\t<div class=\"elementor-widget-container\">\n\t\t\t\t\t\t\t\t\t<div class=\"elementor-button-wrapper\">\n\t\t\t\t\t<a class=\"elementor-button elementor-button-link elementor-size-sm\" href=\"https:\/\/amzn.to\/4aP99TI\" target=\"_blank\">\n\t\t\t\t\t\t<span class=\"elementor-button-content-wrapper\">\n\t\t\t\t\t\t\t\t\t<span class=\"elementor-button-text\">Compra ahora en Amazon<\/span>\n\t\t\t\t\t<\/span>\n\t\t\t\t\t<\/a>\n\t\t\t\t<\/div>\n\t\t\t\t\t\t\t\t<\/div>\n\t\t\t\t<\/div>\n\t\t\t\t\t<\/div>\n\t\t\t\t<\/div>\n\t\t<div class=\"elementor-element elementor-element-1774e0a e-flex e-con-boxed e-con e-parent\" data-id=\"1774e0a\" data-element_type=\"container\" data-e-type=\"container\">\n\t\t\t\t\t<div class=\"e-con-inner\">\n\t\t\t\t<div class=\"elementor-element elementor-element-7c7cd0e elementor-arrows-position-inside elementor-pagination-position-outside elementor-widget elementor-widget-image-carousel\" data-id=\"7c7cd0e\" data-element_type=\"widget\" data-e-type=\"widget\" data-settings=\"{&quot;slides_to_show&quot;:&quot;1&quot;,&quot;navigation&quot;:&quot;both&quot;,&quot;autoplay&quot;:&quot;yes&quot;,&quot;pause_on_hover&quot;:&quot;yes&quot;,&quot;pause_on_interaction&quot;:&quot;yes&quot;,&quot;autoplay_speed&quot;:5000,&quot;infinite&quot;:&quot;yes&quot;,&quot;effect&quot;:&quot;slide&quot;,&quot;speed&quot;:500}\" data-widget_type=\"image-carousel.default\">\n\t\t\t\t<div class=\"elementor-widget-container\">\n\t\t\t\t\t\t\t<div class=\"elementor-image-carousel-wrapper swiper\" role=\"region\" aria-roledescription=\"carousel\" aria-label=\"Carrusel de im\u00e1genes\" dir=\"ltr\">\n\t\t\t<div class=\"elementor-image-carousel swiper-wrapper\" aria-live=\"off\">\n\t\t\t\t\t\t\t\t<div class=\"swiper-slide\" role=\"group\" aria-roledescription=\"slide\" aria-label=\"1 de 4\"><figure class=\"swiper-slide-inner\"><img decoding=\"async\" class=\"swiper-slide-image\" src=\"https:\/\/mundoanimalito.com\/wp-content\/uploads\/2024\/04\/71PML9GaZvL._AC_SL1500_-937x1024.jpg\" alt=\"Advance Dental Stick Mini Dogs pack 28 d\u00edas\" \/><\/figure><\/div><div class=\"swiper-slide\" role=\"group\" aria-roledescription=\"slide\" aria-label=\"2 de 4\"><figure class=\"swiper-slide-inner\"><img decoding=\"async\" class=\"swiper-slide-image\" src=\"https:\/\/mundoanimalito.com\/wp-content\/uploads\/2024\/04\/61Blyd087lL._AC_SL1500_-1024x637.jpg\" alt=\"Advance Dental Stick Mini Dogs pack 28 d\u00edas\" \/><\/figure><\/div><div class=\"swiper-slide\" role=\"group\" aria-roledescription=\"slide\" aria-label=\"3 de 4\"><figure class=\"swiper-slide-inner\"><img decoding=\"async\" class=\"swiper-slide-image\" src=\"https:\/\/mundoanimalito.com\/wp-content\/uploads\/2024\/04\/715TQRQaLqL._AC_SL1500_-1017x1024.jpg\" alt=\"Advance Dental Stick Mini Dogs pack 28 d\u00edas\" \/><\/figure><\/div><div class=\"swiper-slide\" role=\"group\" aria-roledescription=\"slide\" aria-label=\"4 de 4\"><figure class=\"swiper-slide-inner\"><img decoding=\"async\" class=\"swiper-slide-image\" src=\"https:\/\/mundoanimalito.com\/wp-content\/uploads\/2024\/04\/81SINrpNbVL._AC_SL1500_-1024x836.jpg\" alt=\"Advance Dental Stick Mini Dogs pack 28 d\u00edas\" \/><\/figure><\/div>\t\t\t<\/div>\n\t\t\t\t\t\t\t\t\t\t\t\t<div class=\"elementor-swiper-button elementor-swiper-button-prev\" role=\"button\" tabindex=\"0\">\n\t\t\t\t\t\t<i aria-hidden=\"true\" class=\"eicon-chevron-left\"><\/i>\t\t\t\t\t<\/div>\n\t\t\t\t\t<div class=\"elementor-swiper-button elementor-swiper-button-next\" role=\"button\" tabindex=\"0\">\n\t\t\t\t\t\t<i aria-hidden=\"true\" class=\"eicon-chevron-right\"><\/i>\t\t\t\t\t<\/div>\n\t\t\t\t\n\t\t\t\t\t\t\t\t\t<div class=\"swiper-pagination\"><\/div>\n\t\t\t\t\t\t\t\t\t<\/div>\n\t\t\t\t\t\t<\/div>\n\t\t\t\t<\/div>\n\t\t\t\t\t<\/div>\n\t\t\t\t<\/div>\n\t\t<div class=\"elementor-element elementor-element-57dab4d e-flex e-con-boxed e-con e-parent\" data-id=\"57dab4d\" data-element_type=\"container\" data-e-type=\"container\">\n\t\t\t\t\t<div class=\"e-con-inner\">\n\t\t\t\t<div class=\"elementor-element elementor-element-541cbf0 elementor-align-right elementor-widget elementor-widget-button\" data-id=\"541cbf0\" data-element_type=\"widget\" data-e-type=\"widget\" data-widget_type=\"button.default\">\n\t\t\t\t<div class=\"elementor-widget-container\">\n\t\t\t\t\t\t\t\t\t<div class=\"elementor-button-wrapper\">\n\t\t\t\t\t<a class=\"elementor-button elementor-button-link elementor-size-sm\" href=\"https:\/\/amzn.to\/4aP99TI\" target=\"_blank\">\n\t\t\t\t\t\t<span class=\"elementor-button-content-wrapper\">\n\t\t\t\t\t\t\t\t\t<span class=\"elementor-button-text\">Compra ahora en Amazon<\/span>\n\t\t\t\t\t<\/span>\n\t\t\t\t\t<\/a>\n\t\t\t\t<\/div>\n\t\t\t\t\t\t\t\t<\/div>\n\t\t\t\t<\/div>\n\t\t\t\t\t<\/div>\n\t\t\t\t<\/div>\n\t\t\t\t<\/div>\n\t\t","protected":false},"excerpt":{"rendered":"<p>\u00bfQuieres mantener la sonrisa de tu peludo amigo siempre radiante y saludable? \u00a1Entonces los Advance Dental Stick Mini Dogs son la elecci\u00f3n perfecta para ti! \u00a0 \u00a0 \ud83e\uddb7 Acci\u00f3n Mec\u00e1nica Eficaz: Gracias a su forma especial, estos sticks proporcionan una acci\u00f3n mec\u00e1nica que elimina eficazmente los residuos de comida de los dientes de tu perro. [&hellip;]<\/p>\n","protected":false},"author":1,"featured_media":0,"parent":0,"menu_order":0,"comment_status":"closed","ping_status":"closed","template":"","meta":{"site-sidebar-layout":"no-sidebar","site-content-layout":"page-builder","ast-site-content-layout":"full-width-container","site-content-style":"default","site-sidebar-style":"default","ast-global-header-display":"","ast-banner-title-visibility":"","ast-main-header-display":"","ast-hfb-above-header-display":"","ast-hfb-below-header-display":"","ast-hfb-mobile-header-display":"","site-post-title":"disabled","ast-breadcrumbs-content":"","ast-featured-img":"disabled","footer-sml-layout":"","ast-disable-related-posts":"","theme-transparent-header-meta":"","adv-header-id-meta":"","stick-header-meta":"","header-above-stick-meta":"","header-main-stick-meta":"","header-below-stick-meta":"","astra-migrate-meta-layouts":"set","ast-page-background-enabled":"default","ast-page-background-meta":{"desktop":{"background-color":"var(--ast-global-color-4)","background-image":"","background-repeat":"repeat","background-position":"center center","background-size":"auto","background-attachment":"scroll","background-type":"","background-media":"","overlay-type":"","overlay-color":"","overlay-opacity":"","overlay-gradient":""},"tablet":{"background-color":"","background-image":"","background-repeat":"repeat","background-position":"center center","background-size":"auto","background-attachment":"scroll","background-type":"","background-media":"","overlay-type":"","overlay-color":"","overlay-opacity":"","overlay-gradient":""},"mobile":{"background-color":"","background-image":"","background-repeat":"repeat","background-position":"center center","background-size":"auto","background-attachment":"scroll","background-type":"","background-media":"","overlay-type":"","overlay-color":"","overlay-opacity":"","overlay-gradient":""}},"ast-content-background-meta":{"desktop":{"background-color":"var(--ast-global-color-5)","background-image":"","background-repeat":"repeat","background-position":"center center","background-size":"auto","background-attachment":"scroll","background-type":"","background-media":"","overlay-type":"","overlay-color":"","overlay-opacity":"","overlay-gradient":""},"tablet":{"background-color":"var(--ast-global-color-5)","background-image":"","background-repeat":"repeat","background-position":"center center","background-size":"auto","background-attachment":"scroll","background-type":"","background-media":"","overlay-type":"","overlay-color":"","overlay-opacity":"","overlay-gradient":""},"mobile":{"background-color":"var(--ast-global-color-5)","background-image":"","background-repeat":"repeat","background-position":"center center","background-size":"auto","background-attachment":"scroll","background-type":"","background-media":"","overlay-type":"","overlay-color":"","overlay-opacity":"","overlay-gradient":""}},"footnotes":""},"class_list":["post-21263","page","type-page","status-publish","hentry"],"yoast_head":"<!-- This site is optimized with the Yoast SEO plugin v27.5 - https:\/\/yoast.com\/product\/yoast-seo-wordpress\/ -->\n<title>Stick Dental | Mundo Animalito<\/title>\n<meta name=\"description\" content=\"\u00bfQuieres mantener la sonrisa de tu peludo amigo siempre radiante y saludable? \u00a1Entonces los Advance Dental Stick Mini Dogs son la elecci\u00f3n perfecta para ti!\" \/>\n<meta name=\"robots\" content=\"index, follow, max-snippet:-1, max-image-preview:large, max-video-preview:-1\" \/>\n<link rel=\"canonical\" href=\"https:\/\/mundoanimalito.com\/index.php\/advance-dental-stick-mini-dogs-pack-28-dias\/\" \/>\n<meta property=\"og:locale\" content=\"es_ES\" \/>\n<meta property=\"og:type\" content=\"article\" \/>\n<meta property=\"og:title\" content=\"Stick Dental | Mundo Animalito\" \/>\n<meta property=\"og:description\" content=\"\u00bfQuieres mantener la sonrisa de tu peludo amigo siempre radiante y saludable? \u00a1Entonces los Advance Dental Stick Mini Dogs son la elecci\u00f3n perfecta para ti!\" \/>\n<meta property=\"og:url\" content=\"https:\/\/mundoanimalito.com\/index.php\/advance-dental-stick-mini-dogs-pack-28-dias\/\" \/>\n<meta property=\"og:site_name\" content=\"Mundo Animalito\" \/>\n<meta property=\"article:publisher\" content=\"https:\/\/www.facebook.com\/mundoanimalito77\" \/>\n<meta property=\"article:modified_time\" content=\"2024-09-03T16:35:28+00:00\" \/>\n<meta property=\"og:image\" content=\"https:\/\/mundoanimalito.com\/wp-content\/uploads\/2024\/04\/814zFAFs06L._AC_SL1500_-990x1024.jpg\" \/>\n<meta name=\"twitter:card\" content=\"summary_large_image\" \/>\n<meta name=\"twitter:label1\" content=\"Tiempo de lectura\" \/>\n\t<meta name=\"twitter:data1\" content=\"3 minutos\" \/>\n<script type=\"application\/ld+json\" class=\"yoast-schema-graph\">{\"@context\":\"https:\\\/\\\/schema.org\",\"@graph\":[{\"@type\":\"WebPage\",\"@id\":\"https:\\\/\\\/mundoanimalito.com\\\/index.php\\\/advance-dental-stick-mini-dogs-pack-28-dias\\\/\",\"url\":\"https:\\\/\\\/mundoanimalito.com\\\/index.php\\\/advance-dental-stick-mini-dogs-pack-28-dias\\\/\",\"name\":\"Stick Dental | Mundo Animalito\",\"isPartOf\":{\"@id\":\"https:\\\/\\\/mundoanimalito.com\\\/#website\"},\"primaryImageOfPage\":{\"@id\":\"https:\\\/\\\/mundoanimalito.com\\\/index.php\\\/advance-dental-stick-mini-dogs-pack-28-dias\\\/#primaryimage\"},\"image\":{\"@id\":\"https:\\\/\\\/mundoanimalito.com\\\/index.php\\\/advance-dental-stick-mini-dogs-pack-28-dias\\\/#primaryimage\"},\"thumbnailUrl\":\"https:\\\/\\\/mundoanimalito.com\\\/wp-content\\\/uploads\\\/2024\\\/04\\\/814zFAFs06L._AC_SL1500_-990x1024.jpg\",\"datePublished\":\"2024-04-10T15:18:14+00:00\",\"dateModified\":\"2024-09-03T16:35:28+00:00\",\"description\":\"\u00bfQuieres mantener la sonrisa de tu peludo amigo siempre radiante y saludable? \u00a1Entonces los Advance Dental Stick Mini Dogs son la elecci\u00f3n perfecta para ti!\",\"breadcrumb\":{\"@id\":\"https:\\\/\\\/mundoanimalito.com\\\/index.php\\\/advance-dental-stick-mini-dogs-pack-28-dias\\\/#breadcrumb\"},\"inLanguage\":\"es\",\"potentialAction\":[{\"@type\":\"ReadAction\",\"target\":[\"https:\\\/\\\/mundoanimalito.com\\\/index.php\\\/advance-dental-stick-mini-dogs-pack-28-dias\\\/\"]}]},{\"@type\":\"ImageObject\",\"inLanguage\":\"es\",\"@id\":\"https:\\\/\\\/mundoanimalito.com\\\/index.php\\\/advance-dental-stick-mini-dogs-pack-28-dias\\\/#primaryimage\",\"url\":\"https:\\\/\\\/mundoanimalito.com\\\/wp-content\\\/uploads\\\/2024\\\/04\\\/814zFAFs06L._AC_SL1500_.jpg\",\"contentUrl\":\"https:\\\/\\\/mundoanimalito.com\\\/wp-content\\\/uploads\\\/2024\\\/04\\\/814zFAFs06L._AC_SL1500_.jpg\",\"width\":1450,\"height\":1500,\"caption\":\"Advance Dental Stick Mini Dogs pack 28 d\u00edas\"},{\"@type\":\"BreadcrumbList\",\"@id\":\"https:\\\/\\\/mundoanimalito.com\\\/index.php\\\/advance-dental-stick-mini-dogs-pack-28-dias\\\/#breadcrumb\",\"itemListElement\":[{\"@type\":\"ListItem\",\"position\":1,\"name\":\"Portada\",\"item\":\"https:\\\/\\\/mundoanimalito.com\\\/\"},{\"@type\":\"ListItem\",\"position\":2,\"name\":\"Advance Dental Stick Mini Dogs pack 28 d\u00edas\"}]},{\"@type\":\"WebSite\",\"@id\":\"https:\\\/\\\/mundoanimalito.com\\\/#website\",\"url\":\"https:\\\/\\\/mundoanimalito.com\\\/\",\"name\":\"Mundo Animalito\",\"description\":\"Datos y curiosidades de los animales, encuentra ac\u00e1 todo para tu mascota\",\"publisher\":{\"@id\":\"https:\\\/\\\/mundoanimalito.com\\\/#organization\"},\"potentialAction\":[{\"@type\":\"SearchAction\",\"target\":{\"@type\":\"EntryPoint\",\"urlTemplate\":\"https:\\\/\\\/mundoanimalito.com\\\/?s={search_term_string}\"},\"query-input\":{\"@type\":\"PropertyValueSpecification\",\"valueRequired\":true,\"valueName\":\"search_term_string\"}}],\"inLanguage\":\"es\"},{\"@type\":\"Organization\",\"@id\":\"https:\\\/\\\/mundoanimalito.com\\\/#organization\",\"name\":\"Mundo Animalito\",\"url\":\"https:\\\/\\\/mundoanimalito.com\\\/\",\"logo\":{\"@type\":\"ImageObject\",\"inLanguage\":\"es\",\"@id\":\"https:\\\/\\\/mundoanimalito.com\\\/#\\\/schema\\\/logo\\\/image\\\/\",\"url\":\"https:\\\/\\\/mundoanimalito.com\\\/wp-content\\\/uploads\\\/2023\\\/10\\\/cropped-cropped-LOGO-OFICIAL-ULTIMA-VERSION-1.jpg\",\"contentUrl\":\"https:\\\/\\\/mundoanimalito.com\\\/wp-content\\\/uploads\\\/2023\\\/10\\\/cropped-cropped-LOGO-OFICIAL-ULTIMA-VERSION-1.jpg\",\"width\":374,\"height\":425,\"caption\":\"Mundo Animalito\"},\"image\":{\"@id\":\"https:\\\/\\\/mundoanimalito.com\\\/#\\\/schema\\\/logo\\\/image\\\/\"},\"sameAs\":[\"https:\\\/\\\/www.facebook.com\\\/mundoanimalito77\",\"https:\\\/\\\/www.instagram.com\\\/mundoanimalito77\\\/\",\"https:\\\/\\\/www.tiktok.com\\\/@mundoanimalito77\",\"https:\\\/\\\/www.youtube.com\\\/channel\\\/UCLo2JhNUNtHVraDt5aHadew\"]}]}<\/script>\n<!-- \/ Yoast SEO plugin. -->","yoast_head_json":{"title":"Stick Dental | Mundo Animalito","description":"\u00bfQuieres mantener la sonrisa de tu peludo amigo siempre radiante y saludable? \u00a1Entonces los Advance Dental Stick Mini Dogs son la elecci\u00f3n perfecta para ti!","robots":{"index":"index","follow":"follow","max-snippet":"max-snippet:-1","max-image-preview":"max-image-preview:large","max-video-preview":"max-video-preview:-1"},"canonical":"https:\/\/mundoanimalito.com\/index.php\/advance-dental-stick-mini-dogs-pack-28-dias\/","og_locale":"es_ES","og_type":"article","og_title":"Stick Dental | Mundo Animalito","og_description":"\u00bfQuieres mantener la sonrisa de tu peludo amigo siempre radiante y saludable? \u00a1Entonces los Advance Dental Stick Mini Dogs son la elecci\u00f3n perfecta para ti!","og_url":"https:\/\/mundoanimalito.com\/index.php\/advance-dental-stick-mini-dogs-pack-28-dias\/","og_site_name":"Mundo Animalito","article_publisher":"https:\/\/www.facebook.com\/mundoanimalito77","article_modified_time":"2024-09-03T16:35:28+00:00","og_image":[{"url":"https:\/\/mundoanimalito.com\/wp-content\/uploads\/2024\/04\/814zFAFs06L._AC_SL1500_-990x1024.jpg","type":"","width":"","height":""}],"twitter_card":"summary_large_image","twitter_misc":{"Tiempo de lectura":"3 minutos"},"schema":{"@context":"https:\/\/schema.org","@graph":[{"@type":"WebPage","@id":"https:\/\/mundoanimalito.com\/index.php\/advance-dental-stick-mini-dogs-pack-28-dias\/","url":"https:\/\/mundoanimalito.com\/index.php\/advance-dental-stick-mini-dogs-pack-28-dias\/","name":"Stick Dental | Mundo Animalito","isPartOf":{"@id":"https:\/\/mundoanimalito.com\/#website"},"primaryImageOfPage":{"@id":"https:\/\/mundoanimalito.com\/index.php\/advance-dental-stick-mini-dogs-pack-28-dias\/#primaryimage"},"image":{"@id":"https:\/\/mundoanimalito.com\/index.php\/advance-dental-stick-mini-dogs-pack-28-dias\/#primaryimage"},"thumbnailUrl":"https:\/\/mundoanimalito.com\/wp-content\/uploads\/2024\/04\/814zFAFs06L._AC_SL1500_-990x1024.jpg","datePublished":"2024-04-10T15:18:14+00:00","dateModified":"2024-09-03T16:35:28+00:00","description":"\u00bfQuieres mantener la sonrisa de tu peludo amigo siempre radiante y saludable? \u00a1Entonces los Advance Dental Stick Mini Dogs son la elecci\u00f3n perfecta para ti!","breadcrumb":{"@id":"https:\/\/mundoanimalito.com\/index.php\/advance-dental-stick-mini-dogs-pack-28-dias\/#breadcrumb"},"inLanguage":"es","potentialAction":[{"@type":"ReadAction","target":["https:\/\/mundoanimalito.com\/index.php\/advance-dental-stick-mini-dogs-pack-28-dias\/"]}]},{"@type":"ImageObject","inLanguage":"es","@id":"https:\/\/mundoanimalito.com\/index.php\/advance-dental-stick-mini-dogs-pack-28-dias\/#primaryimage","url":"https:\/\/mundoanimalito.com\/wp-content\/uploads\/2024\/04\/814zFAFs06L._AC_SL1500_.jpg","contentUrl":"https:\/\/mundoanimalito.com\/wp-content\/uploads\/2024\/04\/814zFAFs06L._AC_SL1500_.jpg","width":1450,"height":1500,"caption":"Advance Dental Stick Mini Dogs pack 28 d\u00edas"},{"@type":"BreadcrumbList","@id":"https:\/\/mundoanimalito.com\/index.php\/advance-dental-stick-mini-dogs-pack-28-dias\/#breadcrumb","itemListElement":[{"@type":"ListItem","position":1,"name":"Portada","item":"https:\/\/mundoanimalito.com\/"},{"@type":"ListItem","position":2,"name":"Advance Dental Stick Mini Dogs pack 28 d\u00edas"}]},{"@type":"WebSite","@id":"https:\/\/mundoanimalito.com\/#website","url":"https:\/\/mundoanimalito.com\/","name":"Mundo Animalito","description":"Datos y curiosidades de los animales, encuentra ac\u00e1 todo para tu mascota","publisher":{"@id":"https:\/\/mundoanimalito.com\/#organization"},"potentialAction":[{"@type":"SearchAction","target":{"@type":"EntryPoint","urlTemplate":"https:\/\/mundoanimalito.com\/?s={search_term_string}"},"query-input":{"@type":"PropertyValueSpecification","valueRequired":true,"valueName":"search_term_string"}}],"inLanguage":"es"},{"@type":"Organization","@id":"https:\/\/mundoanimalito.com\/#organization","name":"Mundo Animalito","url":"https:\/\/mundoanimalito.com\/","logo":{"@type":"ImageObject","inLanguage":"es","@id":"https:\/\/mundoanimalito.com\/#\/schema\/logo\/image\/","url":"https:\/\/mundoanimalito.com\/wp-content\/uploads\/2023\/10\/cropped-cropped-LOGO-OFICIAL-ULTIMA-VERSION-1.jpg","contentUrl":"https:\/\/mundoanimalito.com\/wp-content\/uploads\/2023\/10\/cropped-cropped-LOGO-OFICIAL-ULTIMA-VERSION-1.jpg","width":374,"height":425,"caption":"Mundo Animalito"},"image":{"@id":"https:\/\/mundoanimalito.com\/#\/schema\/logo\/image\/"},"sameAs":["https:\/\/www.facebook.com\/mundoanimalito77","https:\/\/www.instagram.com\/mundoanimalito77\/","https:\/\/www.tiktok.com\/@mundoanimalito77","https:\/\/www.youtube.com\/channel\/UCLo2JhNUNtHVraDt5aHadew"]}]}},"_links":{"self":[{"href":"https:\/\/mundoanimalito.com\/index.php\/wp-json\/wp\/v2\/pages\/21263","targetHints":{"allow":["GET"]}}],"collection":[{"href":"https:\/\/mundoanimalito.com\/index.php\/wp-json\/wp\/v2\/pages"}],"about":[{"href":"https:\/\/mundoanimalito.com\/index.php\/wp-json\/wp\/v2\/types\/page"}],"author":[{"embeddable":true,"href":"https:\/\/mundoanimalito.com\/index.php\/wp-json\/wp\/v2\/users\/1"}],"replies":[{"embeddable":true,"href":"https:\/\/mundoanimalito.com\/index.php\/wp-json\/wp\/v2\/comments?post=21263"}],"version-history":[{"count":0,"href":"https:\/\/mundoanimalito.com\/index.php\/wp-json\/wp\/v2\/pages\/21263\/revisions"}],"wp:attachment":[{"href":"https:\/\/mundoanimalito.com\/index.php\/wp-json\/wp\/v2\/media?parent=21263"}],"curies":[{"name":"wp","href":"https:\/\/api.w.org\/{rel}","templated":true}]}}