{"id":21084,"date":"2024-04-10T09:24:17","date_gmt":"2024-04-10T14:24:17","guid":{"rendered":"https:\/\/mundoanimalito.com\/?page_id=21084"},"modified":"2024-09-03T11:59:42","modified_gmt":"2024-09-03T16:59:42","slug":"aime-galletas-para-cachorros-05-kg","status":"publish","type":"page","link":"https:\/\/mundoanimalito.com\/index.php\/aime-galletas-para-cachorros-05-kg\/","title":{"rendered":"Aime Galletas para Cachorros 0,5 kg"},"content":{"rendered":"\t\t<div data-elementor-type=\"wp-page\" data-elementor-id=\"21084\" class=\"elementor elementor-21084\" data-elementor-post-type=\"page\">\n\t\t\t\t<div class=\"elementor-element elementor-element-330c54d e-flex e-con-boxed e-con e-parent\" data-id=\"330c54d\" data-element_type=\"container\" data-e-type=\"container\">\n\t\t\t\t\t<div class=\"e-con-inner\">\n\t\t\t\t<div class=\"elementor-element elementor-element-8f9a990 elementor-invisible elementor-widget elementor-widget-heading\" data-id=\"8f9a990\" data-element_type=\"widget\" data-e-type=\"widget\" data-settings=\"{&quot;_animation&quot;:&quot;fadeInDown&quot;}\" data-widget_type=\"heading.default\">\n\t\t\t\t<div class=\"elementor-widget-container\">\n\t\t\t\t\t<h2 class=\"elementor-heading-title elementor-size-default\">\u00a1Dale a tu cachorro la alegr\u00eda que se merece con las deliciosas y nutritivas galletas de Aime!<\/h2>\t\t\t\t<\/div>\n\t\t\t\t<\/div>\n\t\t\t\t\t<\/div>\n\t\t\t\t<\/div>\n\t\t<div class=\"elementor-element elementor-element-3368931 e-flex e-con-boxed e-con e-parent\" data-id=\"3368931\" data-element_type=\"container\" data-e-type=\"container\">\n\t\t\t\t\t<div class=\"e-con-inner\">\n\t\t<div class=\"elementor-element elementor-element-0d52576 e-con-full e-flex e-con e-child\" data-id=\"0d52576\" data-element_type=\"container\" data-e-type=\"container\">\n\t\t\t\t<div class=\"elementor-element elementor-element-21b2583 elementor-widget elementor-widget-image\" data-id=\"21b2583\" data-element_type=\"widget\" data-e-type=\"widget\" data-widget_type=\"image.default\">\n\t\t\t\t<div class=\"elementor-widget-container\">\n\t\t\t\t\t\t\t\t\t\t\t\t\t\t\t\t<a href=\"https:\/\/amzn.to\/4aLuKMY\" target=\"_blank\">\n\t\t\t\t\t\t\t<img fetchpriority=\"high\" decoding=\"async\" width=\"595\" height=\"1024\" src=\"https:\/\/mundoanimalito.com\/wp-content\/uploads\/2024\/04\/81FWRKgsvzL._AC_SL1500_-595x1024.jpg\" class=\"attachment-large size-large wp-image-21064\" alt=\"Aime Galletas para Cachorros 0,5 kg\" srcset=\"https:\/\/mundoanimalito.com\/wp-content\/uploads\/2024\/04\/81FWRKgsvzL._AC_SL1500_-595x1024.jpg 595w, https:\/\/mundoanimalito.com\/wp-content\/uploads\/2024\/04\/81FWRKgsvzL._AC_SL1500_-174x300.jpg 174w, https:\/\/mundoanimalito.com\/wp-content\/uploads\/2024\/04\/81FWRKgsvzL._AC_SL1500_-768x1321.jpg 768w, https:\/\/mundoanimalito.com\/wp-content\/uploads\/2024\/04\/81FWRKgsvzL._AC_SL1500_.jpg 872w\" sizes=\"(max-width: 595px) 100vw, 595px\" \/>\t\t\t\t\t\t\t\t<\/a>\n\t\t\t\t\t\t\t\t\t\t\t\t\t\t\t<\/div>\n\t\t\t\t<\/div>\n\t\t\t\t<\/div>\n\t\t<div class=\"elementor-element elementor-element-78984a8 e-con-full e-flex e-con e-child\" data-id=\"78984a8\" data-element_type=\"container\" data-e-type=\"container\">\n\t\t\t\t<div class=\"elementor-element elementor-element-2ed13dc elementor-widget elementor-widget-text-editor\" data-id=\"2ed13dc\" data-element_type=\"widget\" data-e-type=\"widget\" data-widget_type=\"text-editor.default\">\n\t\t\t\t<div class=\"elementor-widget-container\">\n\t\t\t\t\t\t\t\t\t<p>\ud83c\udf56 <strong>Sabrosas y Nutritivas:<\/strong> Estas galletas est\u00e1n especialmente formuladas para satisfacer las necesidades de tu cachorro en crecimiento. Con una alta potencia y un sabor irresistible, cada bocado est\u00e1 lleno de ingredientes de calidad que contribuyen a su salud y felicidad.<\/p><p>\u00a0<\/p><p>\ud83c\udf81 <strong>Ideal para Mimarlo:<\/strong> Ya sea como una recompensa por un buen comportamiento o simplemente como un gesto de amor, estas galletas son el regalo perfecto para tu cachorro. \u00a1Ver\u00e1s c\u00f3mo su cola no para de moverse de emoci\u00f3n cada vez que le ofrezcas una!<\/p><p>\u00a0<\/p><p>\ud83d\udc69\u200d\u2695\ufe0f <strong>Seguro y Confiable:<\/strong> Puedes estar tranquilo sabiendo que estas galletas han sido dise\u00f1adas pensando en la salud y el bienestar de tu mascota. Sin embargo, recuerda que este producto no debe sustituir una dieta completa y equilibrada. Siempre consulta con tu veterinario antes de introducir nuevos alimentos en la dieta de tu cachorro.<\/p><p>\u00a0<\/p><p>\ud83d\udd52 <strong>Disfruta de Momentos Especiales:<\/strong> Comparte momentos de alegr\u00eda y complicidad con tu cachorro mientras disfruta de estas deliciosas galletas. Ya sea durante un paseo, una sesi\u00f3n de entrenamiento o simplemente en casa, estas galletas har\u00e1n que cada momento sea a\u00fan m\u00e1s especial.<\/p><p>\u00a0<\/p><p>\ud83e\udd70 <strong>Amor en Cada Bocado:<\/strong> Aime se preocupa por el bienestar de tu mascota tanto como t\u00fa. Por eso, cada galleta est\u00e1 hecha con amor y cuidado para garantizar la m\u00e1xima calidad y frescura en cada paquete.<\/p><p>\u00a0<\/p><p>\ud83e\udd63 <strong>F\u00e1cil de Dar:<\/strong> Simplemente ofrece estas galletas a tu cachorro en cualquier momento del d\u00eda, junto con sus comidas regulares. Recuerda mantener siempre agua fresca a disposici\u00f3n de tu perro para mantenerlo hidratado y feliz.<\/p><p>\u00a0<\/p><p>\u00a1No esperes m\u00e1s para consentir a tu cachorro con las deliciosas galletas de Aime! A\u00f1\u00e1delas a tu carrito de compras ahora y disfruta de momentos de felicidad y satisfacci\u00f3n junto a tu peludo amigo.<\/p>\t\t\t\t\t\t\t\t<\/div>\n\t\t\t\t<\/div>\n\t\t\t\t<div class=\"elementor-element elementor-element-c164f4b elementor-align-right elementor-widget elementor-widget-button\" data-id=\"c164f4b\" data-element_type=\"widget\" data-e-type=\"widget\" data-widget_type=\"button.default\">\n\t\t\t\t<div class=\"elementor-widget-container\">\n\t\t\t\t\t\t\t\t\t<div class=\"elementor-button-wrapper\">\n\t\t\t\t\t<a class=\"elementor-button elementor-button-link elementor-size-sm\" href=\"https:\/\/amzn.to\/4aLuKMY\" target=\"_blank\">\n\t\t\t\t\t\t<span class=\"elementor-button-content-wrapper\">\n\t\t\t\t\t\t\t\t\t<span class=\"elementor-button-text\">Compra ahora en Amazon<\/span>\n\t\t\t\t\t<\/span>\n\t\t\t\t\t<\/a>\n\t\t\t\t<\/div>\n\t\t\t\t\t\t\t\t<\/div>\n\t\t\t\t<\/div>\n\t\t\t\t<\/div>\n\t\t\t\t\t<\/div>\n\t\t\t\t<\/div>\n\t\t<div class=\"elementor-element elementor-element-45de612 e-flex e-con-boxed e-con e-parent\" data-id=\"45de612\" data-element_type=\"container\" data-e-type=\"container\">\n\t\t\t\t\t<div class=\"e-con-inner\">\n\t\t\t\t<div class=\"elementor-element elementor-element-05a1e17 elementor-arrows-position-inside elementor-pagination-position-outside elementor-widget elementor-widget-image-carousel\" data-id=\"05a1e17\" data-element_type=\"widget\" data-e-type=\"widget\" data-settings=\"{&quot;slides_to_show&quot;:&quot;1&quot;,&quot;navigation&quot;:&quot;both&quot;,&quot;autoplay&quot;:&quot;yes&quot;,&quot;pause_on_hover&quot;:&quot;yes&quot;,&quot;pause_on_interaction&quot;:&quot;yes&quot;,&quot;autoplay_speed&quot;:5000,&quot;infinite&quot;:&quot;yes&quot;,&quot;effect&quot;:&quot;slide&quot;,&quot;speed&quot;:500}\" data-widget_type=\"image-carousel.default\">\n\t\t\t\t<div class=\"elementor-widget-container\">\n\t\t\t\t\t\t\t<div class=\"elementor-image-carousel-wrapper swiper\" role=\"region\" aria-roledescription=\"carousel\" aria-label=\"Carrusel de im\u00e1genes\" dir=\"ltr\">\n\t\t\t<div class=\"elementor-image-carousel swiper-wrapper\" aria-live=\"off\">\n\t\t\t\t\t\t\t\t<div class=\"swiper-slide\" role=\"group\" aria-roledescription=\"slide\" aria-label=\"1 de 6\"><figure class=\"swiper-slide-inner\"><img decoding=\"async\" class=\"swiper-slide-image\" src=\"https:\/\/mundoanimalito.com\/wp-content\/uploads\/2024\/04\/812Uzc6ExtL._AC_SL1500_-578x1024.jpg\" alt=\"Aime Galletas para Cachorros 0,5 kg\" \/><\/figure><\/div><div class=\"swiper-slide\" role=\"group\" aria-roledescription=\"slide\" aria-label=\"2 de 6\"><figure class=\"swiper-slide-inner\"><img decoding=\"async\" class=\"swiper-slide-image\" src=\"https:\/\/mundoanimalito.com\/wp-content\/uploads\/2024\/04\/81GBG7-Ax4L._AC_SL1500_-1024x999.jpg\" alt=\"Aime Galletas para Cachorros 0,5 kg\" \/><\/figure><\/div><div class=\"swiper-slide\" role=\"group\" aria-roledescription=\"slide\" aria-label=\"3 de 6\"><figure class=\"swiper-slide-inner\"><img decoding=\"async\" class=\"swiper-slide-image\" src=\"https:\/\/mundoanimalito.com\/wp-content\/uploads\/2024\/04\/81AhnbIUI7L._AC_SL1500_-842x1024.jpg\" alt=\"Aime Galletas para Cachorros 0,5 kg\" \/><\/figure><\/div><div class=\"swiper-slide\" role=\"group\" aria-roledescription=\"slide\" aria-label=\"4 de 6\"><figure class=\"swiper-slide-inner\"><img decoding=\"async\" class=\"swiper-slide-image\" src=\"https:\/\/mundoanimalito.com\/wp-content\/uploads\/2024\/04\/91Kch1qRDlL._AC_SL1500_-788x1024.jpg\" alt=\"Aime Galletas para Cachorros 0,5 kg\" \/><\/figure><\/div><div class=\"swiper-slide\" role=\"group\" aria-roledescription=\"slide\" aria-label=\"5 de 6\"><figure class=\"swiper-slide-inner\"><img decoding=\"async\" class=\"swiper-slide-image\" src=\"https:\/\/mundoanimalito.com\/wp-content\/uploads\/2024\/04\/81ak4kvt-UL._AC_SL1500_-599x1024.jpg\" alt=\"Aime Galletas para Cachorros 0,5 kg\" \/><\/figure><\/div><div class=\"swiper-slide\" role=\"group\" aria-roledescription=\"slide\" aria-label=\"6 de 6\"><figure class=\"swiper-slide-inner\"><img decoding=\"async\" class=\"swiper-slide-image\" src=\"https:\/\/mundoanimalito.com\/wp-content\/uploads\/2024\/04\/81hs24ec59L._AC_SL1500_-983x1024.jpg\" alt=\"Aime Galletas para Cachorros 0,5 kg\" \/><\/figure><\/div>\t\t\t<\/div>\n\t\t\t\t\t\t\t\t\t\t\t\t<div class=\"elementor-swiper-button elementor-swiper-button-prev\" role=\"button\" tabindex=\"0\">\n\t\t\t\t\t\t<i aria-hidden=\"true\" class=\"eicon-chevron-left\"><\/i>\t\t\t\t\t<\/div>\n\t\t\t\t\t<div class=\"elementor-swiper-button elementor-swiper-button-next\" role=\"button\" tabindex=\"0\">\n\t\t\t\t\t\t<i aria-hidden=\"true\" class=\"eicon-chevron-right\"><\/i>\t\t\t\t\t<\/div>\n\t\t\t\t\n\t\t\t\t\t\t\t\t\t<div class=\"swiper-pagination\"><\/div>\n\t\t\t\t\t\t\t\t\t<\/div>\n\t\t\t\t\t\t<\/div>\n\t\t\t\t<\/div>\n\t\t\t\t\t<\/div>\n\t\t\t\t<\/div>\n\t\t<div class=\"elementor-element elementor-element-03cdb97 e-flex e-con-boxed e-con e-parent\" data-id=\"03cdb97\" data-element_type=\"container\" data-e-type=\"container\">\n\t\t\t\t\t<div class=\"e-con-inner\">\n\t\t\t\t<div class=\"elementor-element elementor-element-117006f elementor-align-right elementor-widget elementor-widget-button\" data-id=\"117006f\" data-element_type=\"widget\" data-e-type=\"widget\" data-widget_type=\"button.default\">\n\t\t\t\t<div class=\"elementor-widget-container\">\n\t\t\t\t\t\t\t\t\t<div class=\"elementor-button-wrapper\">\n\t\t\t\t\t<a class=\"elementor-button elementor-button-link elementor-size-sm\" href=\"https:\/\/amzn.to\/4aLuKMY\" target=\"_blank\">\n\t\t\t\t\t\t<span class=\"elementor-button-content-wrapper\">\n\t\t\t\t\t\t\t\t\t<span class=\"elementor-button-text\">Compra ahora en Amazon<\/span>\n\t\t\t\t\t<\/span>\n\t\t\t\t\t<\/a>\n\t\t\t\t<\/div>\n\t\t\t\t\t\t\t\t<\/div>\n\t\t\t\t<\/div>\n\t\t\t\t\t<\/div>\n\t\t\t\t<\/div>\n\t\t\t\t<\/div>\n\t\t","protected":false},"excerpt":{"rendered":"<p>\u00a1Dale a tu cachorro la alegr\u00eda que se merece con las deliciosas y nutritivas galletas de Aime! \ud83c\udf56 Sabrosas y Nutritivas: Estas galletas est\u00e1n especialmente formuladas para satisfacer las necesidades de tu cachorro en crecimiento. Con una alta potencia y un sabor irresistible, cada bocado est\u00e1 lleno de ingredientes de calidad que contribuyen a su [&hellip;]<\/p>\n","protected":false},"author":1,"featured_media":0,"parent":0,"menu_order":0,"comment_status":"closed","ping_status":"closed","template":"","meta":{"site-sidebar-layout":"no-sidebar","site-content-layout":"page-builder","ast-site-content-layout":"full-width-container","site-content-style":"default","site-sidebar-style":"default","ast-global-header-display":"","ast-banner-title-visibility":"","ast-main-header-display":"","ast-hfb-above-header-display":"","ast-hfb-below-header-display":"","ast-hfb-mobile-header-display":"","site-post-title":"disabled","ast-breadcrumbs-content":"","ast-featured-img":"disabled","footer-sml-layout":"","ast-disable-related-posts":"","theme-transparent-header-meta":"","adv-header-id-meta":"","stick-header-meta":"","header-above-stick-meta":"","header-main-stick-meta":"","header-below-stick-meta":"","astra-migrate-meta-layouts":"set","ast-page-background-enabled":"default","ast-page-background-meta":{"desktop":{"background-color":"var(--ast-global-color-4)","background-image":"","background-repeat":"repeat","background-position":"center center","background-size":"auto","background-attachment":"scroll","background-type":"","background-media":"","overlay-type":"","overlay-color":"","overlay-opacity":"","overlay-gradient":""},"tablet":{"background-color":"","background-image":"","background-repeat":"repeat","background-position":"center center","background-size":"auto","background-attachment":"scroll","background-type":"","background-media":"","overlay-type":"","overlay-color":"","overlay-opacity":"","overlay-gradient":""},"mobile":{"background-color":"","background-image":"","background-repeat":"repeat","background-position":"center center","background-size":"auto","background-attachment":"scroll","background-type":"","background-media":"","overlay-type":"","overlay-color":"","overlay-opacity":"","overlay-gradient":""}},"ast-content-background-meta":{"desktop":{"background-color":"var(--ast-global-color-5)","background-image":"","background-repeat":"repeat","background-position":"center center","background-size":"auto","background-attachment":"scroll","background-type":"","background-media":"","overlay-type":"","overlay-color":"","overlay-opacity":"","overlay-gradient":""},"tablet":{"background-color":"var(--ast-global-color-5)","background-image":"","background-repeat":"repeat","background-position":"center center","background-size":"auto","background-attachment":"scroll","background-type":"","background-media":"","overlay-type":"","overlay-color":"","overlay-opacity":"","overlay-gradient":""},"mobile":{"background-color":"var(--ast-global-color-5)","background-image":"","background-repeat":"repeat","background-position":"center center","background-size":"auto","background-attachment":"scroll","background-type":"","background-media":"","overlay-type":"","overlay-color":"","overlay-opacity":"","overlay-gradient":""}},"footnotes":""},"class_list":["post-21084","page","type-page","status-publish","hentry"],"yoast_head":"<!-- This site is optimized with the Yoast SEO plugin v27.4 - https:\/\/yoast.com\/product\/yoast-seo-wordpress\/ -->\n<title>Galletas Huesos Peque\u00f1os 500g | Snacks Para Perros | Mundo Animalito<\/title>\n<meta name=\"description\" content=\"Aim\u00e9 | Galletas Huesos Peque\u00f1os 500g | Snacks Para Perros | Alimento y Suplemento Diario a base de Calcio para Cachorros y Perros Peque\u00f1os | Golosinas, Chuches para Perros Sin Conservantes\" \/>\n<meta name=\"robots\" content=\"index, follow, max-snippet:-1, max-image-preview:large, max-video-preview:-1\" \/>\n<link rel=\"canonical\" href=\"https:\/\/mundoanimalito.com\/index.php\/aime-galletas-para-cachorros-05-kg\/\" \/>\n<meta property=\"og:locale\" content=\"es_ES\" \/>\n<meta property=\"og:type\" content=\"article\" \/>\n<meta property=\"og:title\" content=\"Galletas Huesos Peque\u00f1os 500g | Snacks Para Perros | Mundo Animalito\" \/>\n<meta property=\"og:description\" content=\"Aim\u00e9 | Galletas Huesos Peque\u00f1os 500g | Snacks Para Perros | Alimento y Suplemento Diario a base de Calcio para Cachorros y Perros Peque\u00f1os | Golosinas, Chuches para Perros Sin Conservantes\" \/>\n<meta property=\"og:url\" content=\"https:\/\/mundoanimalito.com\/index.php\/aime-galletas-para-cachorros-05-kg\/\" \/>\n<meta property=\"og:site_name\" content=\"Mundo Animalito\" \/>\n<meta property=\"article:publisher\" content=\"https:\/\/www.facebook.com\/mundoanimalito77\" \/>\n<meta property=\"article:modified_time\" content=\"2024-09-03T16:59:42+00:00\" \/>\n<meta property=\"og:image\" content=\"https:\/\/mundoanimalito.com\/wp-content\/uploads\/2024\/04\/81FWRKgsvzL._AC_SL1500_-595x1024.jpg\" \/>\n<meta name=\"twitter:card\" content=\"summary_large_image\" \/>\n<meta name=\"twitter:label1\" content=\"Tiempo de lectura\" \/>\n\t<meta name=\"twitter:data1\" content=\"3 minutos\" \/>\n<script type=\"application\/ld+json\" class=\"yoast-schema-graph\">{\"@context\":\"https:\\\/\\\/schema.org\",\"@graph\":[{\"@type\":\"WebPage\",\"@id\":\"https:\\\/\\\/mundoanimalito.com\\\/index.php\\\/aime-galletas-para-cachorros-05-kg\\\/\",\"url\":\"https:\\\/\\\/mundoanimalito.com\\\/index.php\\\/aime-galletas-para-cachorros-05-kg\\\/\",\"name\":\"Galletas Huesos Peque\u00f1os 500g | Snacks Para Perros | Mundo Animalito\",\"isPartOf\":{\"@id\":\"https:\\\/\\\/mundoanimalito.com\\\/#website\"},\"primaryImageOfPage\":{\"@id\":\"https:\\\/\\\/mundoanimalito.com\\\/index.php\\\/aime-galletas-para-cachorros-05-kg\\\/#primaryimage\"},\"image\":{\"@id\":\"https:\\\/\\\/mundoanimalito.com\\\/index.php\\\/aime-galletas-para-cachorros-05-kg\\\/#primaryimage\"},\"thumbnailUrl\":\"https:\\\/\\\/mundoanimalito.com\\\/wp-content\\\/uploads\\\/2024\\\/04\\\/81FWRKgsvzL._AC_SL1500_-595x1024.jpg\",\"datePublished\":\"2024-04-10T14:24:17+00:00\",\"dateModified\":\"2024-09-03T16:59:42+00:00\",\"description\":\"Aim\u00e9 | Galletas Huesos Peque\u00f1os 500g | Snacks Para Perros | Alimento y Suplemento Diario a base de Calcio para Cachorros y Perros Peque\u00f1os | Golosinas, Chuches para Perros Sin Conservantes\",\"breadcrumb\":{\"@id\":\"https:\\\/\\\/mundoanimalito.com\\\/index.php\\\/aime-galletas-para-cachorros-05-kg\\\/#breadcrumb\"},\"inLanguage\":\"es\",\"potentialAction\":[{\"@type\":\"ReadAction\",\"target\":[\"https:\\\/\\\/mundoanimalito.com\\\/index.php\\\/aime-galletas-para-cachorros-05-kg\\\/\"]}]},{\"@type\":\"ImageObject\",\"inLanguage\":\"es\",\"@id\":\"https:\\\/\\\/mundoanimalito.com\\\/index.php\\\/aime-galletas-para-cachorros-05-kg\\\/#primaryimage\",\"url\":\"https:\\\/\\\/mundoanimalito.com\\\/wp-content\\\/uploads\\\/2024\\\/04\\\/81FWRKgsvzL._AC_SL1500_.jpg\",\"contentUrl\":\"https:\\\/\\\/mundoanimalito.com\\\/wp-content\\\/uploads\\\/2024\\\/04\\\/81FWRKgsvzL._AC_SL1500_.jpg\",\"width\":872,\"height\":1500,\"caption\":\"Aime Galletas para Cachorros 0,5 kg\"},{\"@type\":\"BreadcrumbList\",\"@id\":\"https:\\\/\\\/mundoanimalito.com\\\/index.php\\\/aime-galletas-para-cachorros-05-kg\\\/#breadcrumb\",\"itemListElement\":[{\"@type\":\"ListItem\",\"position\":1,\"name\":\"Portada\",\"item\":\"https:\\\/\\\/mundoanimalito.com\\\/\"},{\"@type\":\"ListItem\",\"position\":2,\"name\":\"Aime Galletas para Cachorros 0,5 kg\"}]},{\"@type\":\"WebSite\",\"@id\":\"https:\\\/\\\/mundoanimalito.com\\\/#website\",\"url\":\"https:\\\/\\\/mundoanimalito.com\\\/\",\"name\":\"Mundo Animalito\",\"description\":\"Datos y curiosidades de los animales, encuentra ac\u00e1 todo para tu mascota\",\"publisher\":{\"@id\":\"https:\\\/\\\/mundoanimalito.com\\\/#organization\"},\"potentialAction\":[{\"@type\":\"SearchAction\",\"target\":{\"@type\":\"EntryPoint\",\"urlTemplate\":\"https:\\\/\\\/mundoanimalito.com\\\/?s={search_term_string}\"},\"query-input\":{\"@type\":\"PropertyValueSpecification\",\"valueRequired\":true,\"valueName\":\"search_term_string\"}}],\"inLanguage\":\"es\"},{\"@type\":\"Organization\",\"@id\":\"https:\\\/\\\/mundoanimalito.com\\\/#organization\",\"name\":\"Mundo Animalito\",\"url\":\"https:\\\/\\\/mundoanimalito.com\\\/\",\"logo\":{\"@type\":\"ImageObject\",\"inLanguage\":\"es\",\"@id\":\"https:\\\/\\\/mundoanimalito.com\\\/#\\\/schema\\\/logo\\\/image\\\/\",\"url\":\"https:\\\/\\\/mundoanimalito.com\\\/wp-content\\\/uploads\\\/2023\\\/10\\\/cropped-cropped-LOGO-OFICIAL-ULTIMA-VERSION-1.jpg\",\"contentUrl\":\"https:\\\/\\\/mundoanimalito.com\\\/wp-content\\\/uploads\\\/2023\\\/10\\\/cropped-cropped-LOGO-OFICIAL-ULTIMA-VERSION-1.jpg\",\"width\":374,\"height\":425,\"caption\":\"Mundo Animalito\"},\"image\":{\"@id\":\"https:\\\/\\\/mundoanimalito.com\\\/#\\\/schema\\\/logo\\\/image\\\/\"},\"sameAs\":[\"https:\\\/\\\/www.facebook.com\\\/mundoanimalito77\",\"https:\\\/\\\/www.instagram.com\\\/mundoanimalito77\\\/\",\"https:\\\/\\\/www.tiktok.com\\\/@mundoanimalito77\",\"https:\\\/\\\/www.youtube.com\\\/channel\\\/UCLo2JhNUNtHVraDt5aHadew\"]}]}<\/script>\n<!-- \/ Yoast SEO plugin. -->","yoast_head_json":{"title":"Galletas Huesos Peque\u00f1os 500g | Snacks Para Perros | Mundo Animalito","description":"Aim\u00e9 | Galletas Huesos Peque\u00f1os 500g | Snacks Para Perros | Alimento y Suplemento Diario a base de Calcio para Cachorros y Perros Peque\u00f1os | Golosinas, Chuches para Perros Sin Conservantes","robots":{"index":"index","follow":"follow","max-snippet":"max-snippet:-1","max-image-preview":"max-image-preview:large","max-video-preview":"max-video-preview:-1"},"canonical":"https:\/\/mundoanimalito.com\/index.php\/aime-galletas-para-cachorros-05-kg\/","og_locale":"es_ES","og_type":"article","og_title":"Galletas Huesos Peque\u00f1os 500g | Snacks Para Perros | Mundo Animalito","og_description":"Aim\u00e9 | Galletas Huesos Peque\u00f1os 500g | Snacks Para Perros | Alimento y Suplemento Diario a base de Calcio para Cachorros y Perros Peque\u00f1os | Golosinas, Chuches para Perros Sin Conservantes","og_url":"https:\/\/mundoanimalito.com\/index.php\/aime-galletas-para-cachorros-05-kg\/","og_site_name":"Mundo Animalito","article_publisher":"https:\/\/www.facebook.com\/mundoanimalito77","article_modified_time":"2024-09-03T16:59:42+00:00","og_image":[{"url":"https:\/\/mundoanimalito.com\/wp-content\/uploads\/2024\/04\/81FWRKgsvzL._AC_SL1500_-595x1024.jpg","type":"","width":"","height":""}],"twitter_card":"summary_large_image","twitter_misc":{"Tiempo de lectura":"3 minutos"},"schema":{"@context":"https:\/\/schema.org","@graph":[{"@type":"WebPage","@id":"https:\/\/mundoanimalito.com\/index.php\/aime-galletas-para-cachorros-05-kg\/","url":"https:\/\/mundoanimalito.com\/index.php\/aime-galletas-para-cachorros-05-kg\/","name":"Galletas Huesos Peque\u00f1os 500g | Snacks Para Perros | Mundo Animalito","isPartOf":{"@id":"https:\/\/mundoanimalito.com\/#website"},"primaryImageOfPage":{"@id":"https:\/\/mundoanimalito.com\/index.php\/aime-galletas-para-cachorros-05-kg\/#primaryimage"},"image":{"@id":"https:\/\/mundoanimalito.com\/index.php\/aime-galletas-para-cachorros-05-kg\/#primaryimage"},"thumbnailUrl":"https:\/\/mundoanimalito.com\/wp-content\/uploads\/2024\/04\/81FWRKgsvzL._AC_SL1500_-595x1024.jpg","datePublished":"2024-04-10T14:24:17+00:00","dateModified":"2024-09-03T16:59:42+00:00","description":"Aim\u00e9 | Galletas Huesos Peque\u00f1os 500g | Snacks Para Perros | Alimento y Suplemento Diario a base de Calcio para Cachorros y Perros Peque\u00f1os | Golosinas, Chuches para Perros Sin Conservantes","breadcrumb":{"@id":"https:\/\/mundoanimalito.com\/index.php\/aime-galletas-para-cachorros-05-kg\/#breadcrumb"},"inLanguage":"es","potentialAction":[{"@type":"ReadAction","target":["https:\/\/mundoanimalito.com\/index.php\/aime-galletas-para-cachorros-05-kg\/"]}]},{"@type":"ImageObject","inLanguage":"es","@id":"https:\/\/mundoanimalito.com\/index.php\/aime-galletas-para-cachorros-05-kg\/#primaryimage","url":"https:\/\/mundoanimalito.com\/wp-content\/uploads\/2024\/04\/81FWRKgsvzL._AC_SL1500_.jpg","contentUrl":"https:\/\/mundoanimalito.com\/wp-content\/uploads\/2024\/04\/81FWRKgsvzL._AC_SL1500_.jpg","width":872,"height":1500,"caption":"Aime Galletas para Cachorros 0,5 kg"},{"@type":"BreadcrumbList","@id":"https:\/\/mundoanimalito.com\/index.php\/aime-galletas-para-cachorros-05-kg\/#breadcrumb","itemListElement":[{"@type":"ListItem","position":1,"name":"Portada","item":"https:\/\/mundoanimalito.com\/"},{"@type":"ListItem","position":2,"name":"Aime Galletas para Cachorros 0,5 kg"}]},{"@type":"WebSite","@id":"https:\/\/mundoanimalito.com\/#website","url":"https:\/\/mundoanimalito.com\/","name":"Mundo Animalito","description":"Datos y curiosidades de los animales, encuentra ac\u00e1 todo para tu mascota","publisher":{"@id":"https:\/\/mundoanimalito.com\/#organization"},"potentialAction":[{"@type":"SearchAction","target":{"@type":"EntryPoint","urlTemplate":"https:\/\/mundoanimalito.com\/?s={search_term_string}"},"query-input":{"@type":"PropertyValueSpecification","valueRequired":true,"valueName":"search_term_string"}}],"inLanguage":"es"},{"@type":"Organization","@id":"https:\/\/mundoanimalito.com\/#organization","name":"Mundo Animalito","url":"https:\/\/mundoanimalito.com\/","logo":{"@type":"ImageObject","inLanguage":"es","@id":"https:\/\/mundoanimalito.com\/#\/schema\/logo\/image\/","url":"https:\/\/mundoanimalito.com\/wp-content\/uploads\/2023\/10\/cropped-cropped-LOGO-OFICIAL-ULTIMA-VERSION-1.jpg","contentUrl":"https:\/\/mundoanimalito.com\/wp-content\/uploads\/2023\/10\/cropped-cropped-LOGO-OFICIAL-ULTIMA-VERSION-1.jpg","width":374,"height":425,"caption":"Mundo Animalito"},"image":{"@id":"https:\/\/mundoanimalito.com\/#\/schema\/logo\/image\/"},"sameAs":["https:\/\/www.facebook.com\/mundoanimalito77","https:\/\/www.instagram.com\/mundoanimalito77\/","https:\/\/www.tiktok.com\/@mundoanimalito77","https:\/\/www.youtube.com\/channel\/UCLo2JhNUNtHVraDt5aHadew"]}]}},"_links":{"self":[{"href":"https:\/\/mundoanimalito.com\/index.php\/wp-json\/wp\/v2\/pages\/21084","targetHints":{"allow":["GET"]}}],"collection":[{"href":"https:\/\/mundoanimalito.com\/index.php\/wp-json\/wp\/v2\/pages"}],"about":[{"href":"https:\/\/mundoanimalito.com\/index.php\/wp-json\/wp\/v2\/types\/page"}],"author":[{"embeddable":true,"href":"https:\/\/mundoanimalito.com\/index.php\/wp-json\/wp\/v2\/users\/1"}],"replies":[{"embeddable":true,"href":"https:\/\/mundoanimalito.com\/index.php\/wp-json\/wp\/v2\/comments?post=21084"}],"version-history":[{"count":0,"href":"https:\/\/mundoanimalito.com\/index.php\/wp-json\/wp\/v2\/pages\/21084\/revisions"}],"wp:attachment":[{"href":"https:\/\/mundoanimalito.com\/index.php\/wp-json\/wp\/v2\/media?parent=21084"}],"curies":[{"name":"wp","href":"https:\/\/api.w.org\/{rel}","templated":true}]}}