{"id":20985,"date":"2024-04-10T09:03:48","date_gmt":"2024-04-10T14:03:48","guid":{"rendered":"https:\/\/mundoanimalito.com\/?page_id=20985"},"modified":"2024-09-23T12:09:56","modified_gmt":"2024-09-23T17:09:56","slug":"vitakraft-beef-stick-caza-snack-para-perros-de-carne-de-ternera-12-g","status":"publish","type":"page","link":"https:\/\/mundoanimalito.com\/index.php\/vitakraft-beef-stick-caza-snack-para-perros-de-carne-de-ternera-12-g\/","title":{"rendered":"Vitakraft &#8211; Beef Stick Caza, Snack para Perros de Carne de Ternera &#8211; 12 g"},"content":{"rendered":"\t\t<div data-elementor-type=\"wp-page\" data-elementor-id=\"20985\" class=\"elementor elementor-20985\" data-elementor-post-type=\"page\">\n\t\t\t\t<div class=\"elementor-element elementor-element-933f40b e-flex e-con-boxed e-con e-parent\" data-id=\"933f40b\" data-element_type=\"container\" data-e-type=\"container\">\n\t\t\t\t\t<div class=\"e-con-inner\">\n\t\t\t\t<div class=\"elementor-element elementor-element-20aaeea elementor-invisible elementor-widget elementor-widget-heading\" data-id=\"20aaeea\" data-element_type=\"widget\" data-e-type=\"widget\" data-settings=\"{&quot;_animation&quot;:&quot;fadeInDown&quot;}\" data-widget_type=\"heading.default\">\n\t\t\t\t<div class=\"elementor-widget-container\">\n\t\t\t\t\t<h2 class=\"elementor-heading-title elementor-size-default\">\u00a1Haz feliz a tu mejor amigo con el delicioso sabor de la carne de caza con el Beef Stick Caza de Vitakraft!<\/h2>\t\t\t\t<\/div>\n\t\t\t\t<\/div>\n\t\t\t\t\t<\/div>\n\t\t\t\t<\/div>\n\t\t<div class=\"elementor-element elementor-element-5aab082 e-flex e-con-boxed e-con e-parent\" data-id=\"5aab082\" data-element_type=\"container\" data-e-type=\"container\">\n\t\t\t\t\t<div class=\"e-con-inner\">\n\t\t<div class=\"elementor-element elementor-element-2be5f28 e-con-full e-flex e-con e-child\" data-id=\"2be5f28\" data-element_type=\"container\" data-e-type=\"container\">\n\t\t\t\t<div class=\"elementor-element elementor-element-ebe286f elementor-widget elementor-widget-image\" data-id=\"ebe286f\" data-element_type=\"widget\" data-e-type=\"widget\" data-widget_type=\"image.default\">\n\t\t\t\t<div class=\"elementor-widget-container\">\n\t\t\t\t\t\t\t\t\t\t\t\t\t\t\t\t<a href=\"https:\/\/amzn.to\/4aqldvd\" target=\"_blank\">\n\t\t\t\t\t\t\t<img fetchpriority=\"high\" decoding=\"async\" width=\"186\" height=\"1024\" src=\"https:\/\/mundoanimalito.com\/wp-content\/uploads\/2024\/04\/811P-Lq4vDL._AC_SL1500_-186x1024.jpg\" class=\"attachment-large size-large wp-image-20975\" alt=\"Vitakraft - Beef Stick Caza, Snack para Perros de Carne de Ternera - 12 g\" \/>\t\t\t\t\t\t\t\t<\/a>\n\t\t\t\t\t\t\t\t\t\t\t\t\t\t\t<\/div>\n\t\t\t\t<\/div>\n\t\t\t\t<\/div>\n\t\t<div class=\"elementor-element elementor-element-3c08ca9 e-con-full e-flex e-con e-child\" data-id=\"3c08ca9\" data-element_type=\"container\" data-e-type=\"container\">\n\t\t\t\t<div class=\"elementor-element elementor-element-6b2184e elementor-widget elementor-widget-text-editor\" data-id=\"6b2184e\" data-element_type=\"widget\" data-e-type=\"widget\" data-widget_type=\"text-editor.default\">\n\t\t\t\t<div class=\"elementor-widget-container\">\n\t\t\t\t\t\t\t\t\t<p>\ud83e\udd69 <strong>Extra de Carne para un Sabor Irresistible:<\/strong> Este stick est\u00e1 cargado con m\u00e1s del 85% de carne, \u00a1lo que lo convierte en el favorito de perros de todas las razas! El sabor aut\u00e9ntico a carne de caza har\u00e1 que tu mascota disfrute cada bocado y anhele m\u00e1s.<\/p><p>\u00a0<\/p><p>\ud83c\udf89 <strong>Ideal para Mimar y Premiar:<\/strong> Ya sea como un premio por una conducta ejemplar o simplemente para consentir a tu perro, el Beef Stick Caza de Vitakraft es la elecci\u00f3n perfecta. \u00a1Tu mascota se sentir\u00e1 amada y valorada con este sabroso snack!<\/p><p>\u00a0<\/p><p>\ud83d\ude80 <strong>Pr\u00e1ctico y F\u00e1cil de Usar:<\/strong> Gracias a su empaquetado con sellado individual, este snack es conveniente para llevar a todas partes. Perfecto para recompensar a tu perro durante los paseos o entrenamientos, \u00a1o simplemente para disfrutar en casa!<\/p><p>\u00a0<\/p><p>\ud83d\udeab <strong>Sin Ingredientes Nocivos:<\/strong> Con Vitakraft, puedes estar seguro de que est\u00e1s ofreciendo lo mejor a tu mascota. Este snack no contiene az\u00facar, conservantes ni potenciadores artificiales de sabor, garantizando una alimentaci\u00f3n sana y equilibrada.<\/p><p>\u00a0<\/p><p>\ud83d\udccf <strong>Flexible seg\u00fan el Tama\u00f1o de tu Mascota:<\/strong> Puedes ofrecer el Beef Stick completo o en porciones m\u00e1s peque\u00f1as, seg\u00fan el tama\u00f1o de tu perro. Es adecuado para razas grandes, medianas y peque\u00f1as, \u00a1as\u00ed que todos pueden disfrutar de este delicioso bocado!<\/p><p>\u00a0<\/p><p>\ud83c\udf1f <strong>Calidad Garantizada por Vitakraft:<\/strong> Con m\u00e1s de 150 a\u00f1os de experiencia en la fabricaci\u00f3n de alimentos para mascotas, Vitakraft se ha ganado la confianza de los due\u00f1os de mascotas en todo el mundo. Conf\u00eda en Vitakraft para cuidar la alimentaci\u00f3n de tu perro.<\/p><p>\u00a0<\/p><p>\u00a1No esperes m\u00e1s para consentir a tu perro con el delicioso sabor y los beneficios nutritivos del Beef Stick Caza de Vitakraft! A\u00f1\u00e1delo a tu carrito de compras hoy mismo y observa c\u00f3mo tu mascota disfruta de cada momento.<\/p>\t\t\t\t\t\t\t\t<\/div>\n\t\t\t\t<\/div>\n\t\t\t\t<div class=\"elementor-element elementor-element-64e0073 elementor-align-right elementor-widget elementor-widget-button\" data-id=\"64e0073\" data-element_type=\"widget\" data-e-type=\"widget\" data-widget_type=\"button.default\">\n\t\t\t\t<div class=\"elementor-widget-container\">\n\t\t\t\t\t\t\t\t\t<div class=\"elementor-button-wrapper\">\n\t\t\t\t\t<a class=\"elementor-button elementor-button-link elementor-size-sm\" href=\"https:\/\/amzn.to\/3UmFEnf\" target=\"_blank\">\n\t\t\t\t\t\t<span class=\"elementor-button-content-wrapper\">\n\t\t\t\t\t\t\t\t\t<span class=\"elementor-button-text\">Compra ahora en Amazon<\/span>\n\t\t\t\t\t<\/span>\n\t\t\t\t\t<\/a>\n\t\t\t\t<\/div>\n\t\t\t\t\t\t\t\t<\/div>\n\t\t\t\t<\/div>\n\t\t\t\t<\/div>\n\t\t\t\t\t<\/div>\n\t\t\t\t<\/div>\n\t\t<div class=\"elementor-element elementor-element-b134fa0 e-flex e-con-boxed e-con e-parent\" data-id=\"b134fa0\" data-element_type=\"container\" data-e-type=\"container\">\n\t\t\t\t\t<div class=\"e-con-inner\">\n\t\t\t\t<div class=\"elementor-element elementor-element-f681fcf elementor-arrows-position-inside elementor-pagination-position-outside elementor-widget elementor-widget-image-carousel\" data-id=\"f681fcf\" data-element_type=\"widget\" data-e-type=\"widget\" data-settings=\"{&quot;slides_to_show&quot;:&quot;1&quot;,&quot;navigation&quot;:&quot;both&quot;,&quot;autoplay&quot;:&quot;yes&quot;,&quot;pause_on_hover&quot;:&quot;yes&quot;,&quot;pause_on_interaction&quot;:&quot;yes&quot;,&quot;autoplay_speed&quot;:5000,&quot;infinite&quot;:&quot;yes&quot;,&quot;effect&quot;:&quot;slide&quot;,&quot;speed&quot;:500}\" data-widget_type=\"image-carousel.default\">\n\t\t\t\t<div class=\"elementor-widget-container\">\n\t\t\t\t\t\t\t<div class=\"elementor-image-carousel-wrapper swiper\" role=\"region\" aria-roledescription=\"carousel\" aria-label=\"Carrusel de im\u00e1genes\" dir=\"ltr\">\n\t\t\t<div class=\"elementor-image-carousel swiper-wrapper\" aria-live=\"off\">\n\t\t\t\t\t\t\t\t<div class=\"swiper-slide\" role=\"group\" aria-roledescription=\"slide\" aria-label=\"1 de 5\"><figure class=\"swiper-slide-inner\"><img decoding=\"async\" class=\"swiper-slide-image\" src=\"https:\/\/mundoanimalito.com\/wp-content\/uploads\/2024\/04\/91SEFUE5DfL._AC_SL1500_-1024x1024.jpg\" alt=\"Vitakraft - Beef Stick Caza, Snack para Perros de Carne de Ternera - 12 g\" \/><\/figure><\/div><div class=\"swiper-slide\" role=\"group\" aria-roledescription=\"slide\" aria-label=\"2 de 5\"><figure class=\"swiper-slide-inner\"><img decoding=\"async\" class=\"swiper-slide-image\" src=\"https:\/\/mundoanimalito.com\/wp-content\/uploads\/2024\/04\/910r7dt31DL._AC_SL1500_-1024x1024.jpg\" alt=\"Vitakraft - Beef Stick Caza, Snack para Perros de Carne de Ternera - 12 g\" \/><\/figure><\/div><div class=\"swiper-slide\" role=\"group\" aria-roledescription=\"slide\" aria-label=\"3 de 5\"><figure class=\"swiper-slide-inner\"><img decoding=\"async\" class=\"swiper-slide-image\" src=\"https:\/\/mundoanimalito.com\/wp-content\/uploads\/2024\/04\/81HSn7obB5L._AC_SL1500_-1024x1024.jpg\" alt=\"Vitakraft - Beef Stick Caza, Snack para Perros de Carne de Ternera - 12 g\" \/><\/figure><\/div><div class=\"swiper-slide\" role=\"group\" aria-roledescription=\"slide\" aria-label=\"4 de 5\"><figure class=\"swiper-slide-inner\"><img decoding=\"async\" class=\"swiper-slide-image\" src=\"https:\/\/mundoanimalito.com\/wp-content\/uploads\/2024\/04\/91Bpx6xolOL._AC_SL1500_-1024x1024.jpg\" alt=\"Vitakraft - Beef Stick Caza, Snack para Perros de Carne de Ternera - 12 g\" \/><\/figure><\/div><div class=\"swiper-slide\" role=\"group\" aria-roledescription=\"slide\" aria-label=\"5 de 5\"><figure class=\"swiper-slide-inner\"><img decoding=\"async\" class=\"swiper-slide-image\" src=\"https:\/\/mundoanimalito.com\/wp-content\/uploads\/2024\/04\/91OJGRV8JL._AC_SL1500_-1024x1024.jpg\" alt=\"Vitakraft - Beef Stick Caza, Snack para Perros de Carne de Ternera - 12 g\" \/><\/figure><\/div>\t\t\t<\/div>\n\t\t\t\t\t\t\t\t\t\t\t\t<div class=\"elementor-swiper-button elementor-swiper-button-prev\" role=\"button\" tabindex=\"0\">\n\t\t\t\t\t\t<i aria-hidden=\"true\" class=\"eicon-chevron-left\"><\/i>\t\t\t\t\t<\/div>\n\t\t\t\t\t<div class=\"elementor-swiper-button elementor-swiper-button-next\" role=\"button\" tabindex=\"0\">\n\t\t\t\t\t\t<i aria-hidden=\"true\" class=\"eicon-chevron-right\"><\/i>\t\t\t\t\t<\/div>\n\t\t\t\t\n\t\t\t\t\t\t\t\t\t<div class=\"swiper-pagination\"><\/div>\n\t\t\t\t\t\t\t\t\t<\/div>\n\t\t\t\t\t\t<\/div>\n\t\t\t\t<\/div>\n\t\t\t\t\t<\/div>\n\t\t\t\t<\/div>\n\t\t<div class=\"elementor-element elementor-element-4fd6b7f e-flex e-con-boxed e-con e-parent\" data-id=\"4fd6b7f\" data-element_type=\"container\" data-e-type=\"container\">\n\t\t\t\t\t<div class=\"e-con-inner\">\n\t\t\t\t<div class=\"elementor-element elementor-element-586d945 elementor-align-right elementor-widget elementor-widget-button\" data-id=\"586d945\" data-element_type=\"widget\" data-e-type=\"widget\" data-widget_type=\"button.default\">\n\t\t\t\t<div class=\"elementor-widget-container\">\n\t\t\t\t\t\t\t\t\t<div class=\"elementor-button-wrapper\">\n\t\t\t\t\t<a class=\"elementor-button elementor-button-link elementor-size-sm\" href=\"https:\/\/amzn.to\/3UmFEnf\" target=\"_blank\">\n\t\t\t\t\t\t<span class=\"elementor-button-content-wrapper\">\n\t\t\t\t\t\t\t\t\t<span class=\"elementor-button-text\">Compra ahora en Amazon<\/span>\n\t\t\t\t\t<\/span>\n\t\t\t\t\t<\/a>\n\t\t\t\t<\/div>\n\t\t\t\t\t\t\t\t<\/div>\n\t\t\t\t<\/div>\n\t\t\t\t\t<\/div>\n\t\t\t\t<\/div>\n\t\t\t\t<\/div>\n\t\t","protected":false},"excerpt":{"rendered":"<p>\u00a1Haz feliz a tu mejor amigo con el delicioso sabor de la carne de caza con el Beef Stick Caza de Vitakraft! \ud83e\udd69 Extra de Carne para un Sabor Irresistible: Este stick est\u00e1 cargado con m\u00e1s del 85% de carne, \u00a1lo que lo convierte en el favorito de perros de todas las razas! El sabor [&hellip;]<\/p>\n","protected":false},"author":1,"featured_media":0,"parent":0,"menu_order":0,"comment_status":"closed","ping_status":"closed","template":"","meta":{"site-sidebar-layout":"no-sidebar","site-content-layout":"page-builder","ast-site-content-layout":"full-width-container","site-content-style":"default","site-sidebar-style":"default","ast-global-header-display":"","ast-banner-title-visibility":"","ast-main-header-display":"","ast-hfb-above-header-display":"","ast-hfb-below-header-display":"","ast-hfb-mobile-header-display":"","site-post-title":"disabled","ast-breadcrumbs-content":"","ast-featured-img":"disabled","footer-sml-layout":"","ast-disable-related-posts":"","theme-transparent-header-meta":"","adv-header-id-meta":"","stick-header-meta":"","header-above-stick-meta":"","header-main-stick-meta":"","header-below-stick-meta":"","astra-migrate-meta-layouts":"set","ast-page-background-enabled":"default","ast-page-background-meta":{"desktop":{"background-color":"var(--ast-global-color-4)","background-image":"","background-repeat":"repeat","background-position":"center center","background-size":"auto","background-attachment":"scroll","background-type":"","background-media":"","overlay-type":"","overlay-color":"","overlay-opacity":"","overlay-gradient":""},"tablet":{"background-color":"","background-image":"","background-repeat":"repeat","background-position":"center center","background-size":"auto","background-attachment":"scroll","background-type":"","background-media":"","overlay-type":"","overlay-color":"","overlay-opacity":"","overlay-gradient":""},"mobile":{"background-color":"","background-image":"","background-repeat":"repeat","background-position":"center center","background-size":"auto","background-attachment":"scroll","background-type":"","background-media":"","overlay-type":"","overlay-color":"","overlay-opacity":"","overlay-gradient":""}},"ast-content-background-meta":{"desktop":{"background-color":"var(--ast-global-color-5)","background-image":"","background-repeat":"repeat","background-position":"center center","background-size":"auto","background-attachment":"scroll","background-type":"","background-media":"","overlay-type":"","overlay-color":"","overlay-opacity":"","overlay-gradient":""},"tablet":{"background-color":"var(--ast-global-color-5)","background-image":"","background-repeat":"repeat","background-position":"center center","background-size":"auto","background-attachment":"scroll","background-type":"","background-media":"","overlay-type":"","overlay-color":"","overlay-opacity":"","overlay-gradient":""},"mobile":{"background-color":"var(--ast-global-color-5)","background-image":"","background-repeat":"repeat","background-position":"center center","background-size":"auto","background-attachment":"scroll","background-type":"","background-media":"","overlay-type":"","overlay-color":"","overlay-opacity":"","overlay-gradient":""}},"footnotes":""},"class_list":["post-20985","page","type-page","status-publish","hentry"],"yoast_head":"<!-- This site is optimized with the Yoast SEO plugin v27.4 - https:\/\/yoast.com\/product\/yoast-seo-wordpress\/ -->\n<title>Vitakraft Beef Stick Wild, golosina para perros con carne de caza | Mundo Animalito<\/title>\n<meta name=\"description\" content=\"Vitakraft Beef Stick Wild, golosina para perros con carne de caza, stick de carne como recompensa, extra alto contenido de carne, snack para perros, sin az\u00facar a\u00f1adido (1x 12g)\" \/>\n<meta name=\"robots\" content=\"index, follow, max-snippet:-1, max-image-preview:large, max-video-preview:-1\" \/>\n<link rel=\"canonical\" href=\"https:\/\/mundoanimalito.com\/index.php\/vitakraft-beef-stick-caza-snack-para-perros-de-carne-de-ternera-12-g\/\" \/>\n<meta property=\"og:locale\" content=\"es_ES\" \/>\n<meta property=\"og:type\" content=\"article\" \/>\n<meta property=\"og:title\" content=\"Vitakraft Beef Stick Wild, golosina para perros con carne de caza | Mundo Animalito\" \/>\n<meta property=\"og:description\" content=\"Vitakraft Beef Stick Wild, golosina para perros con carne de caza, stick de carne como recompensa, extra alto contenido de carne, snack para perros, sin az\u00facar a\u00f1adido (1x 12g)\" \/>\n<meta property=\"og:url\" content=\"https:\/\/mundoanimalito.com\/index.php\/vitakraft-beef-stick-caza-snack-para-perros-de-carne-de-ternera-12-g\/\" \/>\n<meta property=\"og:site_name\" content=\"Mundo Animalito\" \/>\n<meta property=\"article:publisher\" content=\"https:\/\/www.facebook.com\/mundoanimalito77\" \/>\n<meta property=\"article:modified_time\" content=\"2024-09-23T17:09:56+00:00\" \/>\n<meta property=\"og:image\" content=\"https:\/\/mundoanimalito.com\/wp-content\/uploads\/2024\/04\/811P-Lq4vDL._AC_SL1500_-186x1024.jpg\" \/>\n<meta name=\"twitter:card\" content=\"summary_large_image\" \/>\n<meta name=\"twitter:label1\" content=\"Tiempo de lectura\" \/>\n\t<meta name=\"twitter:data1\" content=\"3 minutos\" \/>\n<script type=\"application\/ld+json\" class=\"yoast-schema-graph\">{\"@context\":\"https:\\\/\\\/schema.org\",\"@graph\":[{\"@type\":\"WebPage\",\"@id\":\"https:\\\/\\\/mundoanimalito.com\\\/index.php\\\/vitakraft-beef-stick-caza-snack-para-perros-de-carne-de-ternera-12-g\\\/\",\"url\":\"https:\\\/\\\/mundoanimalito.com\\\/index.php\\\/vitakraft-beef-stick-caza-snack-para-perros-de-carne-de-ternera-12-g\\\/\",\"name\":\"Vitakraft Beef Stick Wild, golosina para perros con carne de caza | Mundo Animalito\",\"isPartOf\":{\"@id\":\"https:\\\/\\\/mundoanimalito.com\\\/#website\"},\"primaryImageOfPage\":{\"@id\":\"https:\\\/\\\/mundoanimalito.com\\\/index.php\\\/vitakraft-beef-stick-caza-snack-para-perros-de-carne-de-ternera-12-g\\\/#primaryimage\"},\"image\":{\"@id\":\"https:\\\/\\\/mundoanimalito.com\\\/index.php\\\/vitakraft-beef-stick-caza-snack-para-perros-de-carne-de-ternera-12-g\\\/#primaryimage\"},\"thumbnailUrl\":\"https:\\\/\\\/mundoanimalito.com\\\/wp-content\\\/uploads\\\/2024\\\/04\\\/811P-Lq4vDL._AC_SL1500_-186x1024.jpg\",\"datePublished\":\"2024-04-10T14:03:48+00:00\",\"dateModified\":\"2024-09-23T17:09:56+00:00\",\"description\":\"Vitakraft Beef Stick Wild, golosina para perros con carne de caza, stick de carne como recompensa, extra alto contenido de carne, snack para perros, sin az\u00facar a\u00f1adido (1x 12g)\",\"breadcrumb\":{\"@id\":\"https:\\\/\\\/mundoanimalito.com\\\/index.php\\\/vitakraft-beef-stick-caza-snack-para-perros-de-carne-de-ternera-12-g\\\/#breadcrumb\"},\"inLanguage\":\"es\",\"potentialAction\":[{\"@type\":\"ReadAction\",\"target\":[\"https:\\\/\\\/mundoanimalito.com\\\/index.php\\\/vitakraft-beef-stick-caza-snack-para-perros-de-carne-de-ternera-12-g\\\/\"]}]},{\"@type\":\"ImageObject\",\"inLanguage\":\"es\",\"@id\":\"https:\\\/\\\/mundoanimalito.com\\\/index.php\\\/vitakraft-beef-stick-caza-snack-para-perros-de-carne-de-ternera-12-g\\\/#primaryimage\",\"url\":\"https:\\\/\\\/mundoanimalito.com\\\/wp-content\\\/uploads\\\/2024\\\/04\\\/811P-Lq4vDL._AC_SL1500_.jpg\",\"contentUrl\":\"https:\\\/\\\/mundoanimalito.com\\\/wp-content\\\/uploads\\\/2024\\\/04\\\/811P-Lq4vDL._AC_SL1500_.jpg\",\"width\":273,\"height\":1500,\"caption\":\"Vitakraft - Beef Stick Caza, Snack para Perros de Carne de Ternera - 12 g\"},{\"@type\":\"BreadcrumbList\",\"@id\":\"https:\\\/\\\/mundoanimalito.com\\\/index.php\\\/vitakraft-beef-stick-caza-snack-para-perros-de-carne-de-ternera-12-g\\\/#breadcrumb\",\"itemListElement\":[{\"@type\":\"ListItem\",\"position\":1,\"name\":\"Portada\",\"item\":\"https:\\\/\\\/mundoanimalito.com\\\/\"},{\"@type\":\"ListItem\",\"position\":2,\"name\":\"Vitakraft &#8211; Beef Stick Caza, Snack para Perros de Carne de Ternera &#8211; 12 g\"}]},{\"@type\":\"WebSite\",\"@id\":\"https:\\\/\\\/mundoanimalito.com\\\/#website\",\"url\":\"https:\\\/\\\/mundoanimalito.com\\\/\",\"name\":\"Mundo Animalito\",\"description\":\"Datos y curiosidades de los animales, encuentra ac\u00e1 todo para tu mascota\",\"publisher\":{\"@id\":\"https:\\\/\\\/mundoanimalito.com\\\/#organization\"},\"potentialAction\":[{\"@type\":\"SearchAction\",\"target\":{\"@type\":\"EntryPoint\",\"urlTemplate\":\"https:\\\/\\\/mundoanimalito.com\\\/?s={search_term_string}\"},\"query-input\":{\"@type\":\"PropertyValueSpecification\",\"valueRequired\":true,\"valueName\":\"search_term_string\"}}],\"inLanguage\":\"es\"},{\"@type\":\"Organization\",\"@id\":\"https:\\\/\\\/mundoanimalito.com\\\/#organization\",\"name\":\"Mundo Animalito\",\"url\":\"https:\\\/\\\/mundoanimalito.com\\\/\",\"logo\":{\"@type\":\"ImageObject\",\"inLanguage\":\"es\",\"@id\":\"https:\\\/\\\/mundoanimalito.com\\\/#\\\/schema\\\/logo\\\/image\\\/\",\"url\":\"https:\\\/\\\/mundoanimalito.com\\\/wp-content\\\/uploads\\\/2023\\\/10\\\/cropped-cropped-LOGO-OFICIAL-ULTIMA-VERSION-1.jpg\",\"contentUrl\":\"https:\\\/\\\/mundoanimalito.com\\\/wp-content\\\/uploads\\\/2023\\\/10\\\/cropped-cropped-LOGO-OFICIAL-ULTIMA-VERSION-1.jpg\",\"width\":374,\"height\":425,\"caption\":\"Mundo Animalito\"},\"image\":{\"@id\":\"https:\\\/\\\/mundoanimalito.com\\\/#\\\/schema\\\/logo\\\/image\\\/\"},\"sameAs\":[\"https:\\\/\\\/www.facebook.com\\\/mundoanimalito77\",\"https:\\\/\\\/www.instagram.com\\\/mundoanimalito77\\\/\",\"https:\\\/\\\/www.tiktok.com\\\/@mundoanimalito77\",\"https:\\\/\\\/www.youtube.com\\\/channel\\\/UCLo2JhNUNtHVraDt5aHadew\"]}]}<\/script>\n<!-- \/ Yoast SEO plugin. -->","yoast_head_json":{"title":"Vitakraft Beef Stick Wild, golosina para perros con carne de caza | Mundo Animalito","description":"Vitakraft Beef Stick Wild, golosina para perros con carne de caza, stick de carne como recompensa, extra alto contenido de carne, snack para perros, sin az\u00facar a\u00f1adido (1x 12g)","robots":{"index":"index","follow":"follow","max-snippet":"max-snippet:-1","max-image-preview":"max-image-preview:large","max-video-preview":"max-video-preview:-1"},"canonical":"https:\/\/mundoanimalito.com\/index.php\/vitakraft-beef-stick-caza-snack-para-perros-de-carne-de-ternera-12-g\/","og_locale":"es_ES","og_type":"article","og_title":"Vitakraft Beef Stick Wild, golosina para perros con carne de caza | Mundo Animalito","og_description":"Vitakraft Beef Stick Wild, golosina para perros con carne de caza, stick de carne como recompensa, extra alto contenido de carne, snack para perros, sin az\u00facar a\u00f1adido (1x 12g)","og_url":"https:\/\/mundoanimalito.com\/index.php\/vitakraft-beef-stick-caza-snack-para-perros-de-carne-de-ternera-12-g\/","og_site_name":"Mundo Animalito","article_publisher":"https:\/\/www.facebook.com\/mundoanimalito77","article_modified_time":"2024-09-23T17:09:56+00:00","og_image":[{"url":"https:\/\/mundoanimalito.com\/wp-content\/uploads\/2024\/04\/811P-Lq4vDL._AC_SL1500_-186x1024.jpg","type":"","width":"","height":""}],"twitter_card":"summary_large_image","twitter_misc":{"Tiempo de lectura":"3 minutos"},"schema":{"@context":"https:\/\/schema.org","@graph":[{"@type":"WebPage","@id":"https:\/\/mundoanimalito.com\/index.php\/vitakraft-beef-stick-caza-snack-para-perros-de-carne-de-ternera-12-g\/","url":"https:\/\/mundoanimalito.com\/index.php\/vitakraft-beef-stick-caza-snack-para-perros-de-carne-de-ternera-12-g\/","name":"Vitakraft Beef Stick Wild, golosina para perros con carne de caza | Mundo Animalito","isPartOf":{"@id":"https:\/\/mundoanimalito.com\/#website"},"primaryImageOfPage":{"@id":"https:\/\/mundoanimalito.com\/index.php\/vitakraft-beef-stick-caza-snack-para-perros-de-carne-de-ternera-12-g\/#primaryimage"},"image":{"@id":"https:\/\/mundoanimalito.com\/index.php\/vitakraft-beef-stick-caza-snack-para-perros-de-carne-de-ternera-12-g\/#primaryimage"},"thumbnailUrl":"https:\/\/mundoanimalito.com\/wp-content\/uploads\/2024\/04\/811P-Lq4vDL._AC_SL1500_-186x1024.jpg","datePublished":"2024-04-10T14:03:48+00:00","dateModified":"2024-09-23T17:09:56+00:00","description":"Vitakraft Beef Stick Wild, golosina para perros con carne de caza, stick de carne como recompensa, extra alto contenido de carne, snack para perros, sin az\u00facar a\u00f1adido (1x 12g)","breadcrumb":{"@id":"https:\/\/mundoanimalito.com\/index.php\/vitakraft-beef-stick-caza-snack-para-perros-de-carne-de-ternera-12-g\/#breadcrumb"},"inLanguage":"es","potentialAction":[{"@type":"ReadAction","target":["https:\/\/mundoanimalito.com\/index.php\/vitakraft-beef-stick-caza-snack-para-perros-de-carne-de-ternera-12-g\/"]}]},{"@type":"ImageObject","inLanguage":"es","@id":"https:\/\/mundoanimalito.com\/index.php\/vitakraft-beef-stick-caza-snack-para-perros-de-carne-de-ternera-12-g\/#primaryimage","url":"https:\/\/mundoanimalito.com\/wp-content\/uploads\/2024\/04\/811P-Lq4vDL._AC_SL1500_.jpg","contentUrl":"https:\/\/mundoanimalito.com\/wp-content\/uploads\/2024\/04\/811P-Lq4vDL._AC_SL1500_.jpg","width":273,"height":1500,"caption":"Vitakraft - Beef Stick Caza, Snack para Perros de Carne de Ternera - 12 g"},{"@type":"BreadcrumbList","@id":"https:\/\/mundoanimalito.com\/index.php\/vitakraft-beef-stick-caza-snack-para-perros-de-carne-de-ternera-12-g\/#breadcrumb","itemListElement":[{"@type":"ListItem","position":1,"name":"Portada","item":"https:\/\/mundoanimalito.com\/"},{"@type":"ListItem","position":2,"name":"Vitakraft &#8211; Beef Stick Caza, Snack para Perros de Carne de Ternera &#8211; 12 g"}]},{"@type":"WebSite","@id":"https:\/\/mundoanimalito.com\/#website","url":"https:\/\/mundoanimalito.com\/","name":"Mundo Animalito","description":"Datos y curiosidades de los animales, encuentra ac\u00e1 todo para tu mascota","publisher":{"@id":"https:\/\/mundoanimalito.com\/#organization"},"potentialAction":[{"@type":"SearchAction","target":{"@type":"EntryPoint","urlTemplate":"https:\/\/mundoanimalito.com\/?s={search_term_string}"},"query-input":{"@type":"PropertyValueSpecification","valueRequired":true,"valueName":"search_term_string"}}],"inLanguage":"es"},{"@type":"Organization","@id":"https:\/\/mundoanimalito.com\/#organization","name":"Mundo Animalito","url":"https:\/\/mundoanimalito.com\/","logo":{"@type":"ImageObject","inLanguage":"es","@id":"https:\/\/mundoanimalito.com\/#\/schema\/logo\/image\/","url":"https:\/\/mundoanimalito.com\/wp-content\/uploads\/2023\/10\/cropped-cropped-LOGO-OFICIAL-ULTIMA-VERSION-1.jpg","contentUrl":"https:\/\/mundoanimalito.com\/wp-content\/uploads\/2023\/10\/cropped-cropped-LOGO-OFICIAL-ULTIMA-VERSION-1.jpg","width":374,"height":425,"caption":"Mundo Animalito"},"image":{"@id":"https:\/\/mundoanimalito.com\/#\/schema\/logo\/image\/"},"sameAs":["https:\/\/www.facebook.com\/mundoanimalito77","https:\/\/www.instagram.com\/mundoanimalito77\/","https:\/\/www.tiktok.com\/@mundoanimalito77","https:\/\/www.youtube.com\/channel\/UCLo2JhNUNtHVraDt5aHadew"]}]}},"_links":{"self":[{"href":"https:\/\/mundoanimalito.com\/index.php\/wp-json\/wp\/v2\/pages\/20985","targetHints":{"allow":["GET"]}}],"collection":[{"href":"https:\/\/mundoanimalito.com\/index.php\/wp-json\/wp\/v2\/pages"}],"about":[{"href":"https:\/\/mundoanimalito.com\/index.php\/wp-json\/wp\/v2\/types\/page"}],"author":[{"embeddable":true,"href":"https:\/\/mundoanimalito.com\/index.php\/wp-json\/wp\/v2\/users\/1"}],"replies":[{"embeddable":true,"href":"https:\/\/mundoanimalito.com\/index.php\/wp-json\/wp\/v2\/comments?post=20985"}],"version-history":[{"count":0,"href":"https:\/\/mundoanimalito.com\/index.php\/wp-json\/wp\/v2\/pages\/20985\/revisions"}],"wp:attachment":[{"href":"https:\/\/mundoanimalito.com\/index.php\/wp-json\/wp\/v2\/media?parent=20985"}],"curies":[{"name":"wp","href":"https:\/\/api.w.org\/{rel}","templated":true}]}}