{"id":20648,"date":"2024-04-09T18:09:44","date_gmt":"2024-04-09T23:09:44","guid":{"rendered":"https:\/\/mundoanimalito.com\/?page_id=20648"},"modified":"2024-09-23T08:51:24","modified_gmt":"2024-09-23T13:51:24","slug":"trixie-30-rollitos-con-pollo-denta-fun-12-cm-240-g","status":"publish","type":"page","link":"https:\/\/mundoanimalito.com\/index.php\/trixie-30-rollitos-con-pollo-denta-fun-12-cm-240-g\/","title":{"rendered":"TRIXIE 30 Rollitos con Pollo Denta Fun, 12 cm, 240 g"},"content":{"rendered":"\t\t<div data-elementor-type=\"wp-page\" data-elementor-id=\"20648\" class=\"elementor elementor-20648\" data-elementor-post-type=\"page\">\n\t\t\t\t<div class=\"elementor-element elementor-element-61cd884 e-flex e-con-boxed e-con e-parent\" data-id=\"61cd884\" data-element_type=\"container\" data-e-type=\"container\">\n\t\t\t\t\t<div class=\"e-con-inner\">\n\t\t\t\t<div class=\"elementor-element elementor-element-def3885 elementor-invisible elementor-widget elementor-widget-heading\" data-id=\"def3885\" data-element_type=\"widget\" data-e-type=\"widget\" data-settings=\"{&quot;_animation&quot;:&quot;fadeInDown&quot;}\" data-widget_type=\"heading.default\">\n\t\t\t\t<div class=\"elementor-widget-container\">\n\t\t\t\t\t<h2 class=\"elementor-heading-title elementor-size-default\">\u00a1Haz que cada mordida cuente con los Rollitos de Pollo Trixie Denta Fun! Estos deliciosos snacks no solo satisfacen el instinto natural de masticar de tu perro, sino que tambi\u00e9n brindan una serie de beneficios que promueven su salud dental y general.<\/h2>\t\t\t\t<\/div>\n\t\t\t\t<\/div>\n\t\t\t\t\t<\/div>\n\t\t\t\t<\/div>\n\t\t<div class=\"elementor-element elementor-element-a5012e3 e-flex e-con-boxed e-con e-parent\" data-id=\"a5012e3\" data-element_type=\"container\" data-e-type=\"container\">\n\t\t\t\t\t<div class=\"e-con-inner\">\n\t\t<div class=\"elementor-element elementor-element-c31f997 e-con-full e-flex e-con e-child\" data-id=\"c31f997\" data-element_type=\"container\" data-e-type=\"container\">\n\t\t\t\t<div class=\"elementor-element elementor-element-b75d159 elementor-widget elementor-widget-image\" data-id=\"b75d159\" data-element_type=\"widget\" data-e-type=\"widget\" data-widget_type=\"image.default\">\n\t\t\t\t<div class=\"elementor-widget-container\">\n\t\t\t\t\t\t\t\t\t\t\t\t\t\t\t\t<a href=\"https:\/\/amzn.to\/4ay0IN1\" target=\"_blank\">\n\t\t\t\t\t\t\t<img fetchpriority=\"high\" decoding=\"async\" width=\"781\" height=\"1024\" src=\"https:\/\/mundoanimalito.com\/wp-content\/uploads\/2024\/04\/81mjmCoWYAS._AC_SL1500_-781x1024.jpg\" class=\"attachment-large size-large wp-image-20635\" alt=\"TRIXIE 30 Rollitos con Pollo Denta Fun, 12 cm, 240 g, Perro\" srcset=\"https:\/\/mundoanimalito.com\/wp-content\/uploads\/2024\/04\/81mjmCoWYAS._AC_SL1500_-781x1024.jpg 781w, https:\/\/mundoanimalito.com\/wp-content\/uploads\/2024\/04\/81mjmCoWYAS._AC_SL1500_-229x300.jpg 229w, https:\/\/mundoanimalito.com\/wp-content\/uploads\/2024\/04\/81mjmCoWYAS._AC_SL1500_-768x1007.jpg 768w, https:\/\/mundoanimalito.com\/wp-content\/uploads\/2024\/04\/81mjmCoWYAS._AC_SL1500_.jpg 1144w\" sizes=\"(max-width: 781px) 100vw, 781px\" \/>\t\t\t\t\t\t\t\t<\/a>\n\t\t\t\t\t\t\t\t\t\t\t\t\t\t\t<\/div>\n\t\t\t\t<\/div>\n\t\t\t\t<\/div>\n\t\t<div class=\"elementor-element elementor-element-2a0bda9 e-con-full e-flex e-con e-child\" data-id=\"2a0bda9\" data-element_type=\"container\" data-e-type=\"container\">\n\t\t\t\t<div class=\"elementor-element elementor-element-3691201 elementor-widget elementor-widget-text-editor\" data-id=\"3691201\" data-element_type=\"widget\" data-e-type=\"widget\" data-widget_type=\"text-editor.default\">\n\t\t\t\t<div class=\"elementor-widget-container\">\n\t\t\t\t\t\t\t\t\t<p>\ud83e\uddb7 <strong>Masticaci\u00f3n Duradera y Beneficiosa:<\/strong> Los Rollitos de Pollo est\u00e1n cubiertos con piel natural y filete de pollo, especialmente gruesos para garantizar un mayor tiempo de masticado. Esta acci\u00f3n ayuda a reducir la acumulaci\u00f3n de placa y sarro, promoviendo una dentadura m\u00e1s limpia y sana.<\/p><p>\u00a0<\/p><p>\ud83d\udc36 <strong>Premio Nutritivo y Sabroso:<\/strong> Los snacks Trixie no solo son un premio por una buena conducta, sino que tambi\u00e9n aportan nutrientes esenciales a la dieta de tu perro. Con ingredientes de alta calidad como la carne de pollo y una variedad de sabores, tu mascota disfrutar\u00e1 cada bocado.<\/p><p>\u00a0<\/p><p>\ud83d\udc69\u200d\u2695\ufe0f <strong>Promueve la Salud Dental:<\/strong> Los Rollitos Denta Fun son parte de la l\u00ednea de productos dise\u00f1ados para cuidar la salud bucal de tu perro. Al masticarlos, ayudan a fortalecer las enc\u00edas y los dientes, previniendo problemas como la gingivitis y la acumulaci\u00f3n de placa.<\/p><p>\u00a0<\/p><p>\ud83d\udd0d <strong>Variedad de Opciones:<\/strong> Con Trixie, tienes una amplia gama de premios para elegir, todos dise\u00f1ados para satisfacer las necesidades y preferencias de tu mascota. Desde carne de pollo hasta res, pasando por pato y cordero, hay algo para cada perro y cada ocasi\u00f3n.<\/p><p>\u00a0<\/p><p>\ud83c\udf1f <strong>La Elecci\u00f3n de los Expertos:<\/strong> Conf\u00eda en la calidad y experiencia de Trixie para brindar a tu perro los mejores cuidados. Con sus productos, puedes estar seguro de que est\u00e1s ofreciendo lo mejor para la salud y felicidad de tu fiel compa\u00f1ero.<\/p><p>\u00a0<\/p><p>No esperes m\u00e1s para darle a tu perro la atenci\u00f3n dental que se merece. A\u00f1ade los Rollitos de Pollo Trixie Denta Fun a tu carrito de compras ahora y reg\u00e1lale a tu mascota una sonrisa radiante y una vida llena de masticaci\u00f3n saludable.<\/p>\t\t\t\t\t\t\t\t<\/div>\n\t\t\t\t<\/div>\n\t\t\t\t<div class=\"elementor-element elementor-element-2dc21a5 elementor-align-right elementor-widget elementor-widget-button\" data-id=\"2dc21a5\" data-element_type=\"widget\" data-e-type=\"widget\" data-widget_type=\"button.default\">\n\t\t\t\t<div class=\"elementor-widget-container\">\n\t\t\t\t\t\t\t\t\t<div class=\"elementor-button-wrapper\">\n\t\t\t\t\t<a class=\"elementor-button elementor-button-link elementor-size-sm\" href=\"https:\/\/amzn.to\/4ay0IN1\" target=\"_blank\">\n\t\t\t\t\t\t<span class=\"elementor-button-content-wrapper\">\n\t\t\t\t\t\t\t\t\t<span class=\"elementor-button-text\">Compra ahora en Amazon<\/span>\n\t\t\t\t\t<\/span>\n\t\t\t\t\t<\/a>\n\t\t\t\t<\/div>\n\t\t\t\t\t\t\t\t<\/div>\n\t\t\t\t<\/div>\n\t\t\t\t<\/div>\n\t\t\t\t\t<\/div>\n\t\t\t\t<\/div>\n\t\t<div class=\"elementor-element elementor-element-7614d6b e-flex e-con-boxed e-con e-parent\" data-id=\"7614d6b\" data-element_type=\"container\" data-e-type=\"container\">\n\t\t\t\t\t<div class=\"e-con-inner\">\n\t\t\t\t<div class=\"elementor-element elementor-element-989e219 elementor-arrows-position-inside elementor-pagination-position-outside elementor-widget elementor-widget-image-carousel\" data-id=\"989e219\" data-element_type=\"widget\" data-e-type=\"widget\" data-settings=\"{&quot;slides_to_show&quot;:&quot;1&quot;,&quot;navigation&quot;:&quot;both&quot;,&quot;autoplay&quot;:&quot;yes&quot;,&quot;pause_on_hover&quot;:&quot;yes&quot;,&quot;pause_on_interaction&quot;:&quot;yes&quot;,&quot;autoplay_speed&quot;:5000,&quot;infinite&quot;:&quot;yes&quot;,&quot;effect&quot;:&quot;slide&quot;,&quot;speed&quot;:500}\" data-widget_type=\"image-carousel.default\">\n\t\t\t\t<div class=\"elementor-widget-container\">\n\t\t\t\t\t\t\t<div class=\"elementor-image-carousel-wrapper swiper\" role=\"region\" aria-roledescription=\"carousel\" aria-label=\"Carrusel de im\u00e1genes\" dir=\"ltr\">\n\t\t\t<div class=\"elementor-image-carousel swiper-wrapper\" aria-live=\"off\">\n\t\t\t\t\t\t\t\t<div class=\"swiper-slide\" role=\"group\" aria-roledescription=\"slide\" aria-label=\"1 de 2\"><figure class=\"swiper-slide-inner\"><img decoding=\"async\" class=\"swiper-slide-image\" src=\"https:\/\/mundoanimalito.com\/wp-content\/uploads\/2024\/04\/31LFT-hzlES._AC_.jpg\" alt=\"TRIXIE 30 Rollitos con Pollo Denta Fun, 12 cm, 240 g, Perro\" \/><\/figure><\/div><div class=\"swiper-slide\" role=\"group\" aria-roledescription=\"slide\" aria-label=\"2 de 2\"><figure class=\"swiper-slide-inner\"><img decoding=\"async\" class=\"swiper-slide-image\" src=\"https:\/\/mundoanimalito.com\/wp-content\/uploads\/2024\/04\/71EOCHdebbS._AC_SL1213_-878x1024.jpg\" alt=\"TRIXIE 30 Rollitos con Pollo Denta Fun, 12 cm, 240 g, Perro\" \/><\/figure><\/div>\t\t\t<\/div>\n\t\t\t\t\t\t\t\t\t\t\t\t<div class=\"elementor-swiper-button elementor-swiper-button-prev\" role=\"button\" tabindex=\"0\">\n\t\t\t\t\t\t<i aria-hidden=\"true\" class=\"eicon-chevron-left\"><\/i>\t\t\t\t\t<\/div>\n\t\t\t\t\t<div class=\"elementor-swiper-button elementor-swiper-button-next\" role=\"button\" tabindex=\"0\">\n\t\t\t\t\t\t<i aria-hidden=\"true\" class=\"eicon-chevron-right\"><\/i>\t\t\t\t\t<\/div>\n\t\t\t\t\n\t\t\t\t\t\t\t\t\t<div class=\"swiper-pagination\"><\/div>\n\t\t\t\t\t\t\t\t\t<\/div>\n\t\t\t\t\t\t<\/div>\n\t\t\t\t<\/div>\n\t\t\t\t\t<\/div>\n\t\t\t\t<\/div>\n\t\t<div class=\"elementor-element elementor-element-1fffe80 e-flex e-con-boxed e-con e-parent\" data-id=\"1fffe80\" data-element_type=\"container\" data-e-type=\"container\">\n\t\t\t\t\t<div class=\"e-con-inner\">\n\t\t\t\t<div class=\"elementor-element elementor-element-028226a elementor-align-right elementor-widget elementor-widget-button\" data-id=\"028226a\" data-element_type=\"widget\" data-e-type=\"widget\" data-widget_type=\"button.default\">\n\t\t\t\t<div class=\"elementor-widget-container\">\n\t\t\t\t\t\t\t\t\t<div class=\"elementor-button-wrapper\">\n\t\t\t\t\t<a class=\"elementor-button elementor-button-link elementor-size-sm\" href=\"https:\/\/amzn.to\/4ay0IN1\" target=\"_blank\">\n\t\t\t\t\t\t<span class=\"elementor-button-content-wrapper\">\n\t\t\t\t\t\t\t\t\t<span class=\"elementor-button-text\">Compra ahora en Amazon<\/span>\n\t\t\t\t\t<\/span>\n\t\t\t\t\t<\/a>\n\t\t\t\t<\/div>\n\t\t\t\t\t\t\t\t<\/div>\n\t\t\t\t<\/div>\n\t\t\t\t\t<\/div>\n\t\t\t\t<\/div>\n\t\t\t\t<\/div>\n\t\t","protected":false},"excerpt":{"rendered":"<p>\u00a1Haz que cada mordida cuente con los Rollitos de Pollo Trixie Denta Fun! Estos deliciosos snacks no solo satisfacen el instinto natural de masticar de tu perro, sino que tambi\u00e9n brindan una serie de beneficios que promueven su salud dental y general. \ud83e\uddb7 Masticaci\u00f3n Duradera y Beneficiosa: Los Rollitos de Pollo est\u00e1n cubiertos con piel [&hellip;]<\/p>\n","protected":false},"author":1,"featured_media":0,"parent":0,"menu_order":0,"comment_status":"closed","ping_status":"closed","template":"","meta":{"site-sidebar-layout":"no-sidebar","site-content-layout":"page-builder","ast-site-content-layout":"full-width-container","site-content-style":"default","site-sidebar-style":"default","ast-global-header-display":"","ast-banner-title-visibility":"","ast-main-header-display":"","ast-hfb-above-header-display":"","ast-hfb-below-header-display":"","ast-hfb-mobile-header-display":"","site-post-title":"disabled","ast-breadcrumbs-content":"","ast-featured-img":"disabled","footer-sml-layout":"","ast-disable-related-posts":"","theme-transparent-header-meta":"","adv-header-id-meta":"","stick-header-meta":"","header-above-stick-meta":"","header-main-stick-meta":"","header-below-stick-meta":"","astra-migrate-meta-layouts":"set","ast-page-background-enabled":"default","ast-page-background-meta":{"desktop":{"background-color":"var(--ast-global-color-4)","background-image":"","background-repeat":"repeat","background-position":"center center","background-size":"auto","background-attachment":"scroll","background-type":"","background-media":"","overlay-type":"","overlay-color":"","overlay-opacity":"","overlay-gradient":""},"tablet":{"background-color":"","background-image":"","background-repeat":"repeat","background-position":"center center","background-size":"auto","background-attachment":"scroll","background-type":"","background-media":"","overlay-type":"","overlay-color":"","overlay-opacity":"","overlay-gradient":""},"mobile":{"background-color":"","background-image":"","background-repeat":"repeat","background-position":"center center","background-size":"auto","background-attachment":"scroll","background-type":"","background-media":"","overlay-type":"","overlay-color":"","overlay-opacity":"","overlay-gradient":""}},"ast-content-background-meta":{"desktop":{"background-color":"var(--ast-global-color-5)","background-image":"","background-repeat":"repeat","background-position":"center center","background-size":"auto","background-attachment":"scroll","background-type":"","background-media":"","overlay-type":"","overlay-color":"","overlay-opacity":"","overlay-gradient":""},"tablet":{"background-color":"var(--ast-global-color-5)","background-image":"","background-repeat":"repeat","background-position":"center center","background-size":"auto","background-attachment":"scroll","background-type":"","background-media":"","overlay-type":"","overlay-color":"","overlay-opacity":"","overlay-gradient":""},"mobile":{"background-color":"var(--ast-global-color-5)","background-image":"","background-repeat":"repeat","background-position":"center center","background-size":"auto","background-attachment":"scroll","background-type":"","background-media":"","overlay-type":"","overlay-color":"","overlay-opacity":"","overlay-gradient":""}},"footnotes":""},"class_list":["post-20648","page","type-page","status-publish","hentry"],"yoast_head":"<!-- This site is optimized with the Yoast SEO plugin v27.4 - https:\/\/yoast.com\/product\/yoast-seo-wordpress\/ -->\n<title>TRIXIE 30 Rollitos con Pollo Denta Fun | Mundo Animalito<\/title>\n<meta name=\"description\" content=\"\u00a1Haz que cada mordida cuente con los Rollitos de Pollo Trixie Denta Fun! Estos deliciosos snacks no solo satisfacen el instinto natural de masticar de tu perro, sino que tambi\u00e9n brindan una serie de beneficios que promueven su salud dental y general.\" \/>\n<meta name=\"robots\" content=\"index, follow, max-snippet:-1, max-image-preview:large, max-video-preview:-1\" \/>\n<link rel=\"canonical\" href=\"https:\/\/mundoanimalito.com\/index.php\/trixie-30-rollitos-con-pollo-denta-fun-12-cm-240-g\/\" \/>\n<meta property=\"og:locale\" content=\"es_ES\" \/>\n<meta property=\"og:type\" content=\"article\" \/>\n<meta property=\"og:title\" content=\"TRIXIE 30 Rollitos con Pollo Denta Fun | Mundo Animalito\" \/>\n<meta property=\"og:description\" content=\"\u00a1Haz que cada mordida cuente con los Rollitos de Pollo Trixie Denta Fun! Estos deliciosos snacks no solo satisfacen el instinto natural de masticar de tu perro, sino que tambi\u00e9n brindan una serie de beneficios que promueven su salud dental y general.\" \/>\n<meta property=\"og:url\" content=\"https:\/\/mundoanimalito.com\/index.php\/trixie-30-rollitos-con-pollo-denta-fun-12-cm-240-g\/\" \/>\n<meta property=\"og:site_name\" content=\"Mundo Animalito\" \/>\n<meta property=\"article:publisher\" content=\"https:\/\/www.facebook.com\/mundoanimalito77\" \/>\n<meta property=\"article:modified_time\" content=\"2024-09-23T13:51:24+00:00\" \/>\n<meta property=\"og:image\" content=\"https:\/\/mundoanimalito.com\/wp-content\/uploads\/2024\/04\/81mjmCoWYAS._AC_SL1500_-781x1024.jpg\" \/>\n<meta name=\"twitter:card\" content=\"summary_large_image\" \/>\n<meta name=\"twitter:label1\" content=\"Tiempo de lectura\" \/>\n\t<meta name=\"twitter:data1\" content=\"3 minutos\" \/>\n<script type=\"application\/ld+json\" class=\"yoast-schema-graph\">{\"@context\":\"https:\\\/\\\/schema.org\",\"@graph\":[{\"@type\":\"WebPage\",\"@id\":\"https:\\\/\\\/mundoanimalito.com\\\/index.php\\\/trixie-30-rollitos-con-pollo-denta-fun-12-cm-240-g\\\/\",\"url\":\"https:\\\/\\\/mundoanimalito.com\\\/index.php\\\/trixie-30-rollitos-con-pollo-denta-fun-12-cm-240-g\\\/\",\"name\":\"TRIXIE 30 Rollitos con Pollo Denta Fun | Mundo Animalito\",\"isPartOf\":{\"@id\":\"https:\\\/\\\/mundoanimalito.com\\\/#website\"},\"primaryImageOfPage\":{\"@id\":\"https:\\\/\\\/mundoanimalito.com\\\/index.php\\\/trixie-30-rollitos-con-pollo-denta-fun-12-cm-240-g\\\/#primaryimage\"},\"image\":{\"@id\":\"https:\\\/\\\/mundoanimalito.com\\\/index.php\\\/trixie-30-rollitos-con-pollo-denta-fun-12-cm-240-g\\\/#primaryimage\"},\"thumbnailUrl\":\"https:\\\/\\\/mundoanimalito.com\\\/wp-content\\\/uploads\\\/2024\\\/04\\\/81mjmCoWYAS._AC_SL1500_-781x1024.jpg\",\"datePublished\":\"2024-04-09T23:09:44+00:00\",\"dateModified\":\"2024-09-23T13:51:24+00:00\",\"description\":\"\u00a1Haz que cada mordida cuente con los Rollitos de Pollo Trixie Denta Fun! Estos deliciosos snacks no solo satisfacen el instinto natural de masticar de tu perro, sino que tambi\u00e9n brindan una serie de beneficios que promueven su salud dental y general.\",\"breadcrumb\":{\"@id\":\"https:\\\/\\\/mundoanimalito.com\\\/index.php\\\/trixie-30-rollitos-con-pollo-denta-fun-12-cm-240-g\\\/#breadcrumb\"},\"inLanguage\":\"es\",\"potentialAction\":[{\"@type\":\"ReadAction\",\"target\":[\"https:\\\/\\\/mundoanimalito.com\\\/index.php\\\/trixie-30-rollitos-con-pollo-denta-fun-12-cm-240-g\\\/\"]}]},{\"@type\":\"ImageObject\",\"inLanguage\":\"es\",\"@id\":\"https:\\\/\\\/mundoanimalito.com\\\/index.php\\\/trixie-30-rollitos-con-pollo-denta-fun-12-cm-240-g\\\/#primaryimage\",\"url\":\"https:\\\/\\\/mundoanimalito.com\\\/wp-content\\\/uploads\\\/2024\\\/04\\\/81mjmCoWYAS._AC_SL1500_.jpg\",\"contentUrl\":\"https:\\\/\\\/mundoanimalito.com\\\/wp-content\\\/uploads\\\/2024\\\/04\\\/81mjmCoWYAS._AC_SL1500_.jpg\",\"width\":1144,\"height\":1500,\"caption\":\"TRIXIE 30 Rollitos con Pollo Denta Fun, 12 cm, 240 g, Perro\"},{\"@type\":\"BreadcrumbList\",\"@id\":\"https:\\\/\\\/mundoanimalito.com\\\/index.php\\\/trixie-30-rollitos-con-pollo-denta-fun-12-cm-240-g\\\/#breadcrumb\",\"itemListElement\":[{\"@type\":\"ListItem\",\"position\":1,\"name\":\"Portada\",\"item\":\"https:\\\/\\\/mundoanimalito.com\\\/\"},{\"@type\":\"ListItem\",\"position\":2,\"name\":\"TRIXIE 30 Rollitos con Pollo Denta Fun, 12 cm, 240 g\"}]},{\"@type\":\"WebSite\",\"@id\":\"https:\\\/\\\/mundoanimalito.com\\\/#website\",\"url\":\"https:\\\/\\\/mundoanimalito.com\\\/\",\"name\":\"Mundo Animalito\",\"description\":\"Datos y curiosidades de los animales, encuentra ac\u00e1 todo para tu mascota\",\"publisher\":{\"@id\":\"https:\\\/\\\/mundoanimalito.com\\\/#organization\"},\"potentialAction\":[{\"@type\":\"SearchAction\",\"target\":{\"@type\":\"EntryPoint\",\"urlTemplate\":\"https:\\\/\\\/mundoanimalito.com\\\/?s={search_term_string}\"},\"query-input\":{\"@type\":\"PropertyValueSpecification\",\"valueRequired\":true,\"valueName\":\"search_term_string\"}}],\"inLanguage\":\"es\"},{\"@type\":\"Organization\",\"@id\":\"https:\\\/\\\/mundoanimalito.com\\\/#organization\",\"name\":\"Mundo Animalito\",\"url\":\"https:\\\/\\\/mundoanimalito.com\\\/\",\"logo\":{\"@type\":\"ImageObject\",\"inLanguage\":\"es\",\"@id\":\"https:\\\/\\\/mundoanimalito.com\\\/#\\\/schema\\\/logo\\\/image\\\/\",\"url\":\"https:\\\/\\\/mundoanimalito.com\\\/wp-content\\\/uploads\\\/2023\\\/10\\\/cropped-cropped-LOGO-OFICIAL-ULTIMA-VERSION-1.jpg\",\"contentUrl\":\"https:\\\/\\\/mundoanimalito.com\\\/wp-content\\\/uploads\\\/2023\\\/10\\\/cropped-cropped-LOGO-OFICIAL-ULTIMA-VERSION-1.jpg\",\"width\":374,\"height\":425,\"caption\":\"Mundo Animalito\"},\"image\":{\"@id\":\"https:\\\/\\\/mundoanimalito.com\\\/#\\\/schema\\\/logo\\\/image\\\/\"},\"sameAs\":[\"https:\\\/\\\/www.facebook.com\\\/mundoanimalito77\",\"https:\\\/\\\/www.instagram.com\\\/mundoanimalito77\\\/\",\"https:\\\/\\\/www.tiktok.com\\\/@mundoanimalito77\",\"https:\\\/\\\/www.youtube.com\\\/channel\\\/UCLo2JhNUNtHVraDt5aHadew\"]}]}<\/script>\n<!-- \/ Yoast SEO plugin. -->","yoast_head_json":{"title":"TRIXIE 30 Rollitos con Pollo Denta Fun | Mundo Animalito","description":"\u00a1Haz que cada mordida cuente con los Rollitos de Pollo Trixie Denta Fun! Estos deliciosos snacks no solo satisfacen el instinto natural de masticar de tu perro, sino que tambi\u00e9n brindan una serie de beneficios que promueven su salud dental y general.","robots":{"index":"index","follow":"follow","max-snippet":"max-snippet:-1","max-image-preview":"max-image-preview:large","max-video-preview":"max-video-preview:-1"},"canonical":"https:\/\/mundoanimalito.com\/index.php\/trixie-30-rollitos-con-pollo-denta-fun-12-cm-240-g\/","og_locale":"es_ES","og_type":"article","og_title":"TRIXIE 30 Rollitos con Pollo Denta Fun | Mundo Animalito","og_description":"\u00a1Haz que cada mordida cuente con los Rollitos de Pollo Trixie Denta Fun! Estos deliciosos snacks no solo satisfacen el instinto natural de masticar de tu perro, sino que tambi\u00e9n brindan una serie de beneficios que promueven su salud dental y general.","og_url":"https:\/\/mundoanimalito.com\/index.php\/trixie-30-rollitos-con-pollo-denta-fun-12-cm-240-g\/","og_site_name":"Mundo Animalito","article_publisher":"https:\/\/www.facebook.com\/mundoanimalito77","article_modified_time":"2024-09-23T13:51:24+00:00","og_image":[{"url":"https:\/\/mundoanimalito.com\/wp-content\/uploads\/2024\/04\/81mjmCoWYAS._AC_SL1500_-781x1024.jpg","type":"","width":"","height":""}],"twitter_card":"summary_large_image","twitter_misc":{"Tiempo de lectura":"3 minutos"},"schema":{"@context":"https:\/\/schema.org","@graph":[{"@type":"WebPage","@id":"https:\/\/mundoanimalito.com\/index.php\/trixie-30-rollitos-con-pollo-denta-fun-12-cm-240-g\/","url":"https:\/\/mundoanimalito.com\/index.php\/trixie-30-rollitos-con-pollo-denta-fun-12-cm-240-g\/","name":"TRIXIE 30 Rollitos con Pollo Denta Fun | Mundo Animalito","isPartOf":{"@id":"https:\/\/mundoanimalito.com\/#website"},"primaryImageOfPage":{"@id":"https:\/\/mundoanimalito.com\/index.php\/trixie-30-rollitos-con-pollo-denta-fun-12-cm-240-g\/#primaryimage"},"image":{"@id":"https:\/\/mundoanimalito.com\/index.php\/trixie-30-rollitos-con-pollo-denta-fun-12-cm-240-g\/#primaryimage"},"thumbnailUrl":"https:\/\/mundoanimalito.com\/wp-content\/uploads\/2024\/04\/81mjmCoWYAS._AC_SL1500_-781x1024.jpg","datePublished":"2024-04-09T23:09:44+00:00","dateModified":"2024-09-23T13:51:24+00:00","description":"\u00a1Haz que cada mordida cuente con los Rollitos de Pollo Trixie Denta Fun! Estos deliciosos snacks no solo satisfacen el instinto natural de masticar de tu perro, sino que tambi\u00e9n brindan una serie de beneficios que promueven su salud dental y general.","breadcrumb":{"@id":"https:\/\/mundoanimalito.com\/index.php\/trixie-30-rollitos-con-pollo-denta-fun-12-cm-240-g\/#breadcrumb"},"inLanguage":"es","potentialAction":[{"@type":"ReadAction","target":["https:\/\/mundoanimalito.com\/index.php\/trixie-30-rollitos-con-pollo-denta-fun-12-cm-240-g\/"]}]},{"@type":"ImageObject","inLanguage":"es","@id":"https:\/\/mundoanimalito.com\/index.php\/trixie-30-rollitos-con-pollo-denta-fun-12-cm-240-g\/#primaryimage","url":"https:\/\/mundoanimalito.com\/wp-content\/uploads\/2024\/04\/81mjmCoWYAS._AC_SL1500_.jpg","contentUrl":"https:\/\/mundoanimalito.com\/wp-content\/uploads\/2024\/04\/81mjmCoWYAS._AC_SL1500_.jpg","width":1144,"height":1500,"caption":"TRIXIE 30 Rollitos con Pollo Denta Fun, 12 cm, 240 g, Perro"},{"@type":"BreadcrumbList","@id":"https:\/\/mundoanimalito.com\/index.php\/trixie-30-rollitos-con-pollo-denta-fun-12-cm-240-g\/#breadcrumb","itemListElement":[{"@type":"ListItem","position":1,"name":"Portada","item":"https:\/\/mundoanimalito.com\/"},{"@type":"ListItem","position":2,"name":"TRIXIE 30 Rollitos con Pollo Denta Fun, 12 cm, 240 g"}]},{"@type":"WebSite","@id":"https:\/\/mundoanimalito.com\/#website","url":"https:\/\/mundoanimalito.com\/","name":"Mundo Animalito","description":"Datos y curiosidades de los animales, encuentra ac\u00e1 todo para tu mascota","publisher":{"@id":"https:\/\/mundoanimalito.com\/#organization"},"potentialAction":[{"@type":"SearchAction","target":{"@type":"EntryPoint","urlTemplate":"https:\/\/mundoanimalito.com\/?s={search_term_string}"},"query-input":{"@type":"PropertyValueSpecification","valueRequired":true,"valueName":"search_term_string"}}],"inLanguage":"es"},{"@type":"Organization","@id":"https:\/\/mundoanimalito.com\/#organization","name":"Mundo Animalito","url":"https:\/\/mundoanimalito.com\/","logo":{"@type":"ImageObject","inLanguage":"es","@id":"https:\/\/mundoanimalito.com\/#\/schema\/logo\/image\/","url":"https:\/\/mundoanimalito.com\/wp-content\/uploads\/2023\/10\/cropped-cropped-LOGO-OFICIAL-ULTIMA-VERSION-1.jpg","contentUrl":"https:\/\/mundoanimalito.com\/wp-content\/uploads\/2023\/10\/cropped-cropped-LOGO-OFICIAL-ULTIMA-VERSION-1.jpg","width":374,"height":425,"caption":"Mundo Animalito"},"image":{"@id":"https:\/\/mundoanimalito.com\/#\/schema\/logo\/image\/"},"sameAs":["https:\/\/www.facebook.com\/mundoanimalito77","https:\/\/www.instagram.com\/mundoanimalito77\/","https:\/\/www.tiktok.com\/@mundoanimalito77","https:\/\/www.youtube.com\/channel\/UCLo2JhNUNtHVraDt5aHadew"]}]}},"_links":{"self":[{"href":"https:\/\/mundoanimalito.com\/index.php\/wp-json\/wp\/v2\/pages\/20648","targetHints":{"allow":["GET"]}}],"collection":[{"href":"https:\/\/mundoanimalito.com\/index.php\/wp-json\/wp\/v2\/pages"}],"about":[{"href":"https:\/\/mundoanimalito.com\/index.php\/wp-json\/wp\/v2\/types\/page"}],"author":[{"embeddable":true,"href":"https:\/\/mundoanimalito.com\/index.php\/wp-json\/wp\/v2\/users\/1"}],"replies":[{"embeddable":true,"href":"https:\/\/mundoanimalito.com\/index.php\/wp-json\/wp\/v2\/comments?post=20648"}],"version-history":[{"count":0,"href":"https:\/\/mundoanimalito.com\/index.php\/wp-json\/wp\/v2\/pages\/20648\/revisions"}],"wp:attachment":[{"href":"https:\/\/mundoanimalito.com\/index.php\/wp-json\/wp\/v2\/media?parent=20648"}],"curies":[{"name":"wp","href":"https:\/\/api.w.org\/{rel}","templated":true}]}}