{"id":20560,"date":"2024-04-09T17:54:48","date_gmt":"2024-04-09T22:54:48","guid":{"rendered":"https:\/\/mundoanimalito.com\/?page_id=20560"},"modified":"2024-09-03T15:59:44","modified_gmt":"2024-09-03T20:59:44","slug":"arquivet-soft-snacks-naturales-para-perro-en-forma-de-corazon-mix-de-sabores","status":"publish","type":"page","link":"https:\/\/mundoanimalito.com\/index.php\/arquivet-soft-snacks-naturales-para-perro-en-forma-de-corazon-mix-de-sabores\/","title":{"rendered":"Arquivet, Soft Snacks Naturales para Perro en Forma de coraz\u00f3n Mix de sabores"},"content":{"rendered":"\t\t<div data-elementor-type=\"wp-page\" data-elementor-id=\"20560\" class=\"elementor elementor-20560\" data-elementor-post-type=\"page\">\n\t\t\t\t<div class=\"elementor-element elementor-element-5348525 e-flex e-con-boxed e-con e-parent\" data-id=\"5348525\" data-element_type=\"container\" data-e-type=\"container\">\n\t\t\t\t\t<div class=\"e-con-inner\">\n\t\t\t\t<div class=\"elementor-element elementor-element-5cd0274 elementor-invisible elementor-widget elementor-widget-heading\" data-id=\"5cd0274\" data-element_type=\"widget\" data-e-type=\"widget\" data-settings=\"{&quot;_animation&quot;:&quot;fadeInDown&quot;}\" data-widget_type=\"heading.default\">\n\t\t\t\t<div class=\"elementor-widget-container\">\n\t\t\t\t\t<h2 class=\"elementor-heading-title elementor-size-default\">\u00bfEst\u00e1s buscando una forma deliciosa de consentir a tu perro? \u00a1Los Soft Snacks Naturales de Arquivet son la respuesta! Con una mezcla de sabores exquisitos<\/h2>\t\t\t\t<\/div>\n\t\t\t\t<\/div>\n\t\t\t\t\t<\/div>\n\t\t\t\t<\/div>\n\t\t<div class=\"elementor-element elementor-element-74362af e-flex e-con-boxed e-con e-parent\" data-id=\"74362af\" data-element_type=\"container\" data-e-type=\"container\">\n\t\t\t\t\t<div class=\"e-con-inner\">\n\t\t<div class=\"elementor-element elementor-element-d35a71f e-con-full e-flex e-con e-child\" data-id=\"d35a71f\" data-element_type=\"container\" data-e-type=\"container\">\n\t\t\t\t<div class=\"elementor-element elementor-element-16cae7f elementor-widget elementor-widget-image\" data-id=\"16cae7f\" data-element_type=\"widget\" data-e-type=\"widget\" data-widget_type=\"image.default\">\n\t\t\t\t<div class=\"elementor-widget-container\">\n\t\t\t\t\t\t\t\t\t\t\t\t\t\t\t\t<a href=\"https:\/\/amzn.to\/3VNLVcD\" target=\"_blank\">\n\t\t\t\t\t\t\t<img fetchpriority=\"high\" decoding=\"async\" width=\"949\" height=\"1024\" src=\"https:\/\/mundoanimalito.com\/wp-content\/uploads\/2024\/04\/71N9eWlCofL._AC_SL1500_-949x1024.jpg\" class=\"attachment-large size-large wp-image-20541\" alt=\"Arquivet, Soft Snacks Naturales para Perro en Forma de coraz\u00f3n Mix de sabores, Pollo, Caza, Cordero, salm\u00f3n y arroz, Chuches para Perro, Golosinas para Perro, 800 g\" srcset=\"https:\/\/mundoanimalito.com\/wp-content\/uploads\/2024\/04\/71N9eWlCofL._AC_SL1500_-949x1024.jpg 949w, https:\/\/mundoanimalito.com\/wp-content\/uploads\/2024\/04\/71N9eWlCofL._AC_SL1500_-278x300.jpg 278w, https:\/\/mundoanimalito.com\/wp-content\/uploads\/2024\/04\/71N9eWlCofL._AC_SL1500_-768x829.jpg 768w, https:\/\/mundoanimalito.com\/wp-content\/uploads\/2024\/04\/71N9eWlCofL._AC_SL1500_.jpg 1305w\" sizes=\"(max-width: 949px) 100vw, 949px\" \/>\t\t\t\t\t\t\t\t<\/a>\n\t\t\t\t\t\t\t\t\t\t\t\t\t\t\t<\/div>\n\t\t\t\t<\/div>\n\t\t\t\t<\/div>\n\t\t<div class=\"elementor-element elementor-element-ae4e561 e-con-full e-flex e-con e-child\" data-id=\"ae4e561\" data-element_type=\"container\" data-e-type=\"container\">\n\t\t\t\t<div class=\"elementor-element elementor-element-eadf24f elementor-widget elementor-widget-text-editor\" data-id=\"eadf24f\" data-element_type=\"widget\" data-e-type=\"widget\" data-widget_type=\"text-editor.default\">\n\t\t\t\t<div class=\"elementor-widget-container\">\n\t\t\t\t\t\t\t\t\t<p>\ud83e\udd69 <strong>Variedad de Sabores Irresistibles:<\/strong> Con sabores a pollo, caza, cordero, salm\u00f3n y arroz, estos snacks ofrecen una experiencia de sabor \u00fanica que tu perro adorar\u00e1. \u00a1Cada mordisco es una explosi\u00f3n de sabor y diversi\u00f3n!<\/p><p>\u00a0<\/p><p>\ud83d\udc45 <strong>Ideal para Entrenamiento y Bienestar:<\/strong> Ya sea como un snack de bienvenida o como recompensa durante el entrenamiento, estos Soft Snacks son perfectos para fortalecer el v\u00ednculo con tu mascota y fomentar un comportamiento positivo.<\/p><p>\u00a0<\/p><p>\ud83c\udf1f <strong>Complemento Nutricional:<\/strong> Adem\u00e1s de ser deliciosos, estos premios son una excelente adici\u00f3n a la dieta diaria de tu perro. Son una fuente de calcio y vitaminas esenciales que contribuyen a su salud y bienestar general.<\/p><p>\u00a0<\/p><p>\ud83d\udce6 <strong>Presentaci\u00f3n Pr\u00e1ctica:<\/strong> La caja de 800 gramos se cierra f\u00e1cilmente para mantener los snacks frescos y tiernos por m\u00e1s tiempo. As\u00ed, siempre tendr\u00e1s a mano una recompensa saludable y deliciosa para tu peludo amigo.<\/p><p>\u00a0<\/p><p>\ud83d\udc36 <strong>Para una Vida Feliz y Saludable:<\/strong> Con Arquivet Soft Snacks Naturales, puedes estar seguro de que est\u00e1s ofreciendo a tu perro lo mejor en t\u00e9rminos de sabor y nutrici\u00f3n. \u00a1Haz que cada momento juntos sea especial con estas golosinas irresistibles!\u00a0<\/p>\t\t\t\t\t\t\t\t<\/div>\n\t\t\t\t<\/div>\n\t\t\t\t<\/div>\n\t\t\t\t\t<\/div>\n\t\t\t\t<\/div>\n\t\t<div class=\"elementor-element elementor-element-20e07af e-flex e-con-boxed e-con e-parent\" data-id=\"20e07af\" data-element_type=\"container\" data-e-type=\"container\">\n\t\t\t\t\t<div class=\"e-con-inner\">\n\t\t\t\t<div class=\"elementor-element elementor-element-942fcf9 elementor-widget elementor-widget-text-editor\" data-id=\"942fcf9\" data-element_type=\"widget\" data-e-type=\"widget\" data-widget_type=\"text-editor.default\">\n\t\t\t\t<div class=\"elementor-widget-container\">\n\t\t\t\t\t\t\t\t\t<p>No esperes m\u00e1s para consentir a tu fiel compa\u00f1ero. A\u00f1ade los Soft Snacks Naturales de Arquivet a tu carrito de compras hoy mismo y reg\u00e1lale a tu perro momentos de felicidad y satisfacci\u00f3n.<\/p>\t\t\t\t\t\t\t\t<\/div>\n\t\t\t\t<\/div>\n\t\t\t\t<div class=\"elementor-element elementor-element-84fd066 elementor-align-right elementor-widget elementor-widget-button\" data-id=\"84fd066\" data-element_type=\"widget\" data-e-type=\"widget\" data-widget_type=\"button.default\">\n\t\t\t\t<div class=\"elementor-widget-container\">\n\t\t\t\t\t\t\t\t\t<div class=\"elementor-button-wrapper\">\n\t\t\t\t\t<a class=\"elementor-button elementor-button-link elementor-size-sm\" href=\"https:\/\/amzn.to\/3VNLVcD\" target=\"_blank\">\n\t\t\t\t\t\t<span class=\"elementor-button-content-wrapper\">\n\t\t\t\t\t\t\t\t\t<span class=\"elementor-button-text\">Compra ahora en Amazon<\/span>\n\t\t\t\t\t<\/span>\n\t\t\t\t\t<\/a>\n\t\t\t\t<\/div>\n\t\t\t\t\t\t\t\t<\/div>\n\t\t\t\t<\/div>\n\t\t\t\t\t<\/div>\n\t\t\t\t<\/div>\n\t\t<div class=\"elementor-element elementor-element-3c6f89d e-flex e-con-boxed e-con e-parent\" data-id=\"3c6f89d\" data-element_type=\"container\" data-e-type=\"container\">\n\t\t\t\t\t<div class=\"e-con-inner\">\n\t\t\t\t<div class=\"elementor-element elementor-element-2f6fbb5 elementor-arrows-position-inside elementor-pagination-position-outside elementor-widget elementor-widget-image-carousel\" data-id=\"2f6fbb5\" data-element_type=\"widget\" data-e-type=\"widget\" data-settings=\"{&quot;slides_to_show&quot;:&quot;1&quot;,&quot;navigation&quot;:&quot;both&quot;,&quot;autoplay&quot;:&quot;yes&quot;,&quot;pause_on_hover&quot;:&quot;yes&quot;,&quot;pause_on_interaction&quot;:&quot;yes&quot;,&quot;autoplay_speed&quot;:5000,&quot;infinite&quot;:&quot;yes&quot;,&quot;effect&quot;:&quot;slide&quot;,&quot;speed&quot;:500}\" data-widget_type=\"image-carousel.default\">\n\t\t\t\t<div class=\"elementor-widget-container\">\n\t\t\t\t\t\t\t<div class=\"elementor-image-carousel-wrapper swiper\" role=\"region\" aria-roledescription=\"carousel\" aria-label=\"Carrusel de im\u00e1genes\" dir=\"ltr\">\n\t\t\t<div class=\"elementor-image-carousel swiper-wrapper\" aria-live=\"off\">\n\t\t\t\t\t\t\t\t<div class=\"swiper-slide\" role=\"group\" aria-roledescription=\"slide\" aria-label=\"1 de 3\"><figure class=\"swiper-slide-inner\"><img decoding=\"async\" class=\"swiper-slide-image\" src=\"https:\/\/mundoanimalito.com\/wp-content\/uploads\/2024\/04\/71BW2RlAm9L._AC_SL1500_-1024x649.jpg\" alt=\"Arquivet, Soft Snacks Naturales para Perro en Forma de coraz\u00f3n Mix de sabores, Pollo, Caza, Cordero, salm\u00f3n y arroz, Chuches para Perro, Golosinas para Perro, 800 g\" \/><\/figure><\/div><div class=\"swiper-slide\" role=\"group\" aria-roledescription=\"slide\" aria-label=\"2 de 3\"><figure class=\"swiper-slide-inner\"><img decoding=\"async\" class=\"swiper-slide-image\" src=\"https:\/\/mundoanimalito.com\/wp-content\/uploads\/2024\/04\/812rIoA7jSL._AC_SL1500_-949x1024.jpg\" alt=\"Arquivet, Soft Snacks Naturales para Perro en Forma de coraz\u00f3n Mix de sabores, Pollo, Caza, Cordero, salm\u00f3n y arroz, Chuches para Perro, Golosinas para Perro, 800 g\" \/><\/figure><\/div><div class=\"swiper-slide\" role=\"group\" aria-roledescription=\"slide\" aria-label=\"3 de 3\"><figure class=\"swiper-slide-inner\"><img decoding=\"async\" class=\"swiper-slide-image\" src=\"https:\/\/mundoanimalito.com\/wp-content\/uploads\/2024\/04\/81JYcHG6JbL._AC_SL1500_-949x1024.jpg\" alt=\"Arquivet, Soft Snacks Naturales para Perro en Forma de coraz\u00f3n Mix de sabores, Pollo, Caza, Cordero, salm\u00f3n y arroz, Chuches para Perro, Golosinas para Perro, 800 g\" \/><\/figure><\/div>\t\t\t<\/div>\n\t\t\t\t\t\t\t\t\t\t\t\t<div class=\"elementor-swiper-button elementor-swiper-button-prev\" role=\"button\" tabindex=\"0\">\n\t\t\t\t\t\t<i aria-hidden=\"true\" class=\"eicon-chevron-left\"><\/i>\t\t\t\t\t<\/div>\n\t\t\t\t\t<div class=\"elementor-swiper-button elementor-swiper-button-next\" role=\"button\" tabindex=\"0\">\n\t\t\t\t\t\t<i aria-hidden=\"true\" class=\"eicon-chevron-right\"><\/i>\t\t\t\t\t<\/div>\n\t\t\t\t\n\t\t\t\t\t\t\t\t\t<div class=\"swiper-pagination\"><\/div>\n\t\t\t\t\t\t\t\t\t<\/div>\n\t\t\t\t\t\t<\/div>\n\t\t\t\t<\/div>\n\t\t\t\t\t<\/div>\n\t\t\t\t<\/div>\n\t\t<div class=\"elementor-element elementor-element-af00a39 e-flex e-con-boxed e-con e-parent\" data-id=\"af00a39\" data-element_type=\"container\" data-e-type=\"container\">\n\t\t\t\t\t<div class=\"e-con-inner\">\n\t\t\t\t<div class=\"elementor-element elementor-element-254d0b2 elementor-align-right elementor-widget elementor-widget-button\" data-id=\"254d0b2\" data-element_type=\"widget\" data-e-type=\"widget\" data-widget_type=\"button.default\">\n\t\t\t\t<div class=\"elementor-widget-container\">\n\t\t\t\t\t\t\t\t\t<div class=\"elementor-button-wrapper\">\n\t\t\t\t\t<a class=\"elementor-button elementor-button-link elementor-size-sm\" href=\"https:\/\/amzn.to\/3VNLVcD\" target=\"_blank\">\n\t\t\t\t\t\t<span class=\"elementor-button-content-wrapper\">\n\t\t\t\t\t\t\t\t\t<span class=\"elementor-button-text\">Compra ahora en Amazon<\/span>\n\t\t\t\t\t<\/span>\n\t\t\t\t\t<\/a>\n\t\t\t\t<\/div>\n\t\t\t\t\t\t\t\t<\/div>\n\t\t\t\t<\/div>\n\t\t\t\t\t<\/div>\n\t\t\t\t<\/div>\n\t\t\t\t<\/div>\n\t\t","protected":false},"excerpt":{"rendered":"<p>\u00bfEst\u00e1s buscando una forma deliciosa de consentir a tu perro? \u00a1Los Soft Snacks Naturales de Arquivet son la respuesta! Con una mezcla de sabores exquisitos \ud83e\udd69 Variedad de Sabores Irresistibles: Con sabores a pollo, caza, cordero, salm\u00f3n y arroz, estos snacks ofrecen una experiencia de sabor \u00fanica que tu perro adorar\u00e1. \u00a1Cada mordisco es una [&hellip;]<\/p>\n","protected":false},"author":1,"featured_media":0,"parent":0,"menu_order":0,"comment_status":"closed","ping_status":"closed","template":"","meta":{"site-sidebar-layout":"no-sidebar","site-content-layout":"page-builder","ast-site-content-layout":"full-width-container","site-content-style":"default","site-sidebar-style":"default","ast-global-header-display":"","ast-banner-title-visibility":"","ast-main-header-display":"","ast-hfb-above-header-display":"","ast-hfb-below-header-display":"","ast-hfb-mobile-header-display":"","site-post-title":"disabled","ast-breadcrumbs-content":"","ast-featured-img":"disabled","footer-sml-layout":"","ast-disable-related-posts":"","theme-transparent-header-meta":"","adv-header-id-meta":"","stick-header-meta":"","header-above-stick-meta":"","header-main-stick-meta":"","header-below-stick-meta":"","astra-migrate-meta-layouts":"set","ast-page-background-enabled":"default","ast-page-background-meta":{"desktop":{"background-color":"var(--ast-global-color-4)","background-image":"","background-repeat":"repeat","background-position":"center center","background-size":"auto","background-attachment":"scroll","background-type":"","background-media":"","overlay-type":"","overlay-color":"","overlay-opacity":"","overlay-gradient":""},"tablet":{"background-color":"","background-image":"","background-repeat":"repeat","background-position":"center center","background-size":"auto","background-attachment":"scroll","background-type":"","background-media":"","overlay-type":"","overlay-color":"","overlay-opacity":"","overlay-gradient":""},"mobile":{"background-color":"","background-image":"","background-repeat":"repeat","background-position":"center center","background-size":"auto","background-attachment":"scroll","background-type":"","background-media":"","overlay-type":"","overlay-color":"","overlay-opacity":"","overlay-gradient":""}},"ast-content-background-meta":{"desktop":{"background-color":"var(--ast-global-color-5)","background-image":"","background-repeat":"repeat","background-position":"center center","background-size":"auto","background-attachment":"scroll","background-type":"","background-media":"","overlay-type":"","overlay-color":"","overlay-opacity":"","overlay-gradient":""},"tablet":{"background-color":"var(--ast-global-color-5)","background-image":"","background-repeat":"repeat","background-position":"center center","background-size":"auto","background-attachment":"scroll","background-type":"","background-media":"","overlay-type":"","overlay-color":"","overlay-opacity":"","overlay-gradient":""},"mobile":{"background-color":"var(--ast-global-color-5)","background-image":"","background-repeat":"repeat","background-position":"center center","background-size":"auto","background-attachment":"scroll","background-type":"","background-media":"","overlay-type":"","overlay-color":"","overlay-opacity":"","overlay-gradient":""}},"footnotes":""},"class_list":["post-20560","page","type-page","status-publish","hentry"],"yoast_head":"<!-- This site is optimized with the Yoast SEO plugin v27.4 - https:\/\/yoast.com\/product\/yoast-seo-wordpress\/ -->\n<title>Arquivet, Soft Snacks Naturales para Perro en Forma de Coraz\u00f3n | Mundo Animalito<\/title>\n<meta name=\"description\" content=\"\u00bfEst\u00e1s buscando una forma deliciosa de consentir a tu perro? \u00a1Los Soft Snacks Naturales de Arquivet son la respuesta! Con una mezcla de sabores exquisitos\" \/>\n<meta name=\"robots\" content=\"index, follow, max-snippet:-1, max-image-preview:large, max-video-preview:-1\" \/>\n<link rel=\"canonical\" href=\"https:\/\/mundoanimalito.com\/index.php\/arquivet-soft-snacks-naturales-para-perro-en-forma-de-corazon-mix-de-sabores\/\" \/>\n<meta property=\"og:locale\" content=\"es_ES\" \/>\n<meta property=\"og:type\" content=\"article\" \/>\n<meta property=\"og:title\" content=\"Arquivet, Soft Snacks Naturales para Perro en Forma de Coraz\u00f3n | Mundo Animalito\" \/>\n<meta property=\"og:description\" content=\"\u00bfEst\u00e1s buscando una forma deliciosa de consentir a tu perro? \u00a1Los Soft Snacks Naturales de Arquivet son la respuesta! Con una mezcla de sabores exquisitos\" \/>\n<meta property=\"og:url\" content=\"https:\/\/mundoanimalito.com\/index.php\/arquivet-soft-snacks-naturales-para-perro-en-forma-de-corazon-mix-de-sabores\/\" \/>\n<meta property=\"og:site_name\" content=\"Mundo Animalito\" \/>\n<meta property=\"article:publisher\" content=\"https:\/\/www.facebook.com\/mundoanimalito77\" \/>\n<meta property=\"article:modified_time\" content=\"2024-09-03T20:59:44+00:00\" \/>\n<meta property=\"og:image\" content=\"https:\/\/mundoanimalito.com\/wp-content\/uploads\/2024\/04\/71N9eWlCofL._AC_SL1500_-949x1024.jpg\" \/>\n<meta name=\"twitter:card\" content=\"summary_large_image\" \/>\n<meta name=\"twitter:label1\" content=\"Tiempo de lectura\" \/>\n\t<meta name=\"twitter:data1\" content=\"2 minutos\" \/>\n<script type=\"application\/ld+json\" class=\"yoast-schema-graph\">{\"@context\":\"https:\\\/\\\/schema.org\",\"@graph\":[{\"@type\":\"WebPage\",\"@id\":\"https:\\\/\\\/mundoanimalito.com\\\/index.php\\\/arquivet-soft-snacks-naturales-para-perro-en-forma-de-corazon-mix-de-sabores\\\/\",\"url\":\"https:\\\/\\\/mundoanimalito.com\\\/index.php\\\/arquivet-soft-snacks-naturales-para-perro-en-forma-de-corazon-mix-de-sabores\\\/\",\"name\":\"Arquivet, Soft Snacks Naturales para Perro en Forma de Coraz\u00f3n | Mundo Animalito\",\"isPartOf\":{\"@id\":\"https:\\\/\\\/mundoanimalito.com\\\/#website\"},\"primaryImageOfPage\":{\"@id\":\"https:\\\/\\\/mundoanimalito.com\\\/index.php\\\/arquivet-soft-snacks-naturales-para-perro-en-forma-de-corazon-mix-de-sabores\\\/#primaryimage\"},\"image\":{\"@id\":\"https:\\\/\\\/mundoanimalito.com\\\/index.php\\\/arquivet-soft-snacks-naturales-para-perro-en-forma-de-corazon-mix-de-sabores\\\/#primaryimage\"},\"thumbnailUrl\":\"https:\\\/\\\/mundoanimalito.com\\\/wp-content\\\/uploads\\\/2024\\\/04\\\/71N9eWlCofL._AC_SL1500_-949x1024.jpg\",\"datePublished\":\"2024-04-09T22:54:48+00:00\",\"dateModified\":\"2024-09-03T20:59:44+00:00\",\"description\":\"\u00bfEst\u00e1s buscando una forma deliciosa de consentir a tu perro? \u00a1Los Soft Snacks Naturales de Arquivet son la respuesta! Con una mezcla de sabores exquisitos\",\"breadcrumb\":{\"@id\":\"https:\\\/\\\/mundoanimalito.com\\\/index.php\\\/arquivet-soft-snacks-naturales-para-perro-en-forma-de-corazon-mix-de-sabores\\\/#breadcrumb\"},\"inLanguage\":\"es\",\"potentialAction\":[{\"@type\":\"ReadAction\",\"target\":[\"https:\\\/\\\/mundoanimalito.com\\\/index.php\\\/arquivet-soft-snacks-naturales-para-perro-en-forma-de-corazon-mix-de-sabores\\\/\"]}]},{\"@type\":\"ImageObject\",\"inLanguage\":\"es\",\"@id\":\"https:\\\/\\\/mundoanimalito.com\\\/index.php\\\/arquivet-soft-snacks-naturales-para-perro-en-forma-de-corazon-mix-de-sabores\\\/#primaryimage\",\"url\":\"https:\\\/\\\/mundoanimalito.com\\\/wp-content\\\/uploads\\\/2024\\\/04\\\/71N9eWlCofL._AC_SL1500_.jpg\",\"contentUrl\":\"https:\\\/\\\/mundoanimalito.com\\\/wp-content\\\/uploads\\\/2024\\\/04\\\/71N9eWlCofL._AC_SL1500_.jpg\",\"width\":1305,\"height\":1408,\"caption\":\"Arquivet, Soft Snacks Naturales para Perro en Forma de coraz\u00f3n Mix de sabores, Pollo, Caza, Cordero, salm\u00f3n y arroz, Chuches para Perro, Golosinas para Perro, 800 g\"},{\"@type\":\"BreadcrumbList\",\"@id\":\"https:\\\/\\\/mundoanimalito.com\\\/index.php\\\/arquivet-soft-snacks-naturales-para-perro-en-forma-de-corazon-mix-de-sabores\\\/#breadcrumb\",\"itemListElement\":[{\"@type\":\"ListItem\",\"position\":1,\"name\":\"Portada\",\"item\":\"https:\\\/\\\/mundoanimalito.com\\\/\"},{\"@type\":\"ListItem\",\"position\":2,\"name\":\"Arquivet, Soft Snacks Naturales para Perro en Forma de coraz\u00f3n Mix de sabores\"}]},{\"@type\":\"WebSite\",\"@id\":\"https:\\\/\\\/mundoanimalito.com\\\/#website\",\"url\":\"https:\\\/\\\/mundoanimalito.com\\\/\",\"name\":\"Mundo Animalito\",\"description\":\"Datos y curiosidades de los animales, encuentra ac\u00e1 todo para tu mascota\",\"publisher\":{\"@id\":\"https:\\\/\\\/mundoanimalito.com\\\/#organization\"},\"potentialAction\":[{\"@type\":\"SearchAction\",\"target\":{\"@type\":\"EntryPoint\",\"urlTemplate\":\"https:\\\/\\\/mundoanimalito.com\\\/?s={search_term_string}\"},\"query-input\":{\"@type\":\"PropertyValueSpecification\",\"valueRequired\":true,\"valueName\":\"search_term_string\"}}],\"inLanguage\":\"es\"},{\"@type\":\"Organization\",\"@id\":\"https:\\\/\\\/mundoanimalito.com\\\/#organization\",\"name\":\"Mundo Animalito\",\"url\":\"https:\\\/\\\/mundoanimalito.com\\\/\",\"logo\":{\"@type\":\"ImageObject\",\"inLanguage\":\"es\",\"@id\":\"https:\\\/\\\/mundoanimalito.com\\\/#\\\/schema\\\/logo\\\/image\\\/\",\"url\":\"https:\\\/\\\/mundoanimalito.com\\\/wp-content\\\/uploads\\\/2023\\\/10\\\/cropped-cropped-LOGO-OFICIAL-ULTIMA-VERSION-1.jpg\",\"contentUrl\":\"https:\\\/\\\/mundoanimalito.com\\\/wp-content\\\/uploads\\\/2023\\\/10\\\/cropped-cropped-LOGO-OFICIAL-ULTIMA-VERSION-1.jpg\",\"width\":374,\"height\":425,\"caption\":\"Mundo Animalito\"},\"image\":{\"@id\":\"https:\\\/\\\/mundoanimalito.com\\\/#\\\/schema\\\/logo\\\/image\\\/\"},\"sameAs\":[\"https:\\\/\\\/www.facebook.com\\\/mundoanimalito77\",\"https:\\\/\\\/www.instagram.com\\\/mundoanimalito77\\\/\",\"https:\\\/\\\/www.tiktok.com\\\/@mundoanimalito77\",\"https:\\\/\\\/www.youtube.com\\\/channel\\\/UCLo2JhNUNtHVraDt5aHadew\"]}]}<\/script>\n<!-- \/ Yoast SEO plugin. -->","yoast_head_json":{"title":"Arquivet, Soft Snacks Naturales para Perro en Forma de Coraz\u00f3n | Mundo Animalito","description":"\u00bfEst\u00e1s buscando una forma deliciosa de consentir a tu perro? \u00a1Los Soft Snacks Naturales de Arquivet son la respuesta! Con una mezcla de sabores exquisitos","robots":{"index":"index","follow":"follow","max-snippet":"max-snippet:-1","max-image-preview":"max-image-preview:large","max-video-preview":"max-video-preview:-1"},"canonical":"https:\/\/mundoanimalito.com\/index.php\/arquivet-soft-snacks-naturales-para-perro-en-forma-de-corazon-mix-de-sabores\/","og_locale":"es_ES","og_type":"article","og_title":"Arquivet, Soft Snacks Naturales para Perro en Forma de Coraz\u00f3n | Mundo Animalito","og_description":"\u00bfEst\u00e1s buscando una forma deliciosa de consentir a tu perro? \u00a1Los Soft Snacks Naturales de Arquivet son la respuesta! Con una mezcla de sabores exquisitos","og_url":"https:\/\/mundoanimalito.com\/index.php\/arquivet-soft-snacks-naturales-para-perro-en-forma-de-corazon-mix-de-sabores\/","og_site_name":"Mundo Animalito","article_publisher":"https:\/\/www.facebook.com\/mundoanimalito77","article_modified_time":"2024-09-03T20:59:44+00:00","og_image":[{"url":"https:\/\/mundoanimalito.com\/wp-content\/uploads\/2024\/04\/71N9eWlCofL._AC_SL1500_-949x1024.jpg","type":"","width":"","height":""}],"twitter_card":"summary_large_image","twitter_misc":{"Tiempo de lectura":"2 minutos"},"schema":{"@context":"https:\/\/schema.org","@graph":[{"@type":"WebPage","@id":"https:\/\/mundoanimalito.com\/index.php\/arquivet-soft-snacks-naturales-para-perro-en-forma-de-corazon-mix-de-sabores\/","url":"https:\/\/mundoanimalito.com\/index.php\/arquivet-soft-snacks-naturales-para-perro-en-forma-de-corazon-mix-de-sabores\/","name":"Arquivet, Soft Snacks Naturales para Perro en Forma de Coraz\u00f3n | Mundo Animalito","isPartOf":{"@id":"https:\/\/mundoanimalito.com\/#website"},"primaryImageOfPage":{"@id":"https:\/\/mundoanimalito.com\/index.php\/arquivet-soft-snacks-naturales-para-perro-en-forma-de-corazon-mix-de-sabores\/#primaryimage"},"image":{"@id":"https:\/\/mundoanimalito.com\/index.php\/arquivet-soft-snacks-naturales-para-perro-en-forma-de-corazon-mix-de-sabores\/#primaryimage"},"thumbnailUrl":"https:\/\/mundoanimalito.com\/wp-content\/uploads\/2024\/04\/71N9eWlCofL._AC_SL1500_-949x1024.jpg","datePublished":"2024-04-09T22:54:48+00:00","dateModified":"2024-09-03T20:59:44+00:00","description":"\u00bfEst\u00e1s buscando una forma deliciosa de consentir a tu perro? \u00a1Los Soft Snacks Naturales de Arquivet son la respuesta! Con una mezcla de sabores exquisitos","breadcrumb":{"@id":"https:\/\/mundoanimalito.com\/index.php\/arquivet-soft-snacks-naturales-para-perro-en-forma-de-corazon-mix-de-sabores\/#breadcrumb"},"inLanguage":"es","potentialAction":[{"@type":"ReadAction","target":["https:\/\/mundoanimalito.com\/index.php\/arquivet-soft-snacks-naturales-para-perro-en-forma-de-corazon-mix-de-sabores\/"]}]},{"@type":"ImageObject","inLanguage":"es","@id":"https:\/\/mundoanimalito.com\/index.php\/arquivet-soft-snacks-naturales-para-perro-en-forma-de-corazon-mix-de-sabores\/#primaryimage","url":"https:\/\/mundoanimalito.com\/wp-content\/uploads\/2024\/04\/71N9eWlCofL._AC_SL1500_.jpg","contentUrl":"https:\/\/mundoanimalito.com\/wp-content\/uploads\/2024\/04\/71N9eWlCofL._AC_SL1500_.jpg","width":1305,"height":1408,"caption":"Arquivet, Soft Snacks Naturales para Perro en Forma de coraz\u00f3n Mix de sabores, Pollo, Caza, Cordero, salm\u00f3n y arroz, Chuches para Perro, Golosinas para Perro, 800 g"},{"@type":"BreadcrumbList","@id":"https:\/\/mundoanimalito.com\/index.php\/arquivet-soft-snacks-naturales-para-perro-en-forma-de-corazon-mix-de-sabores\/#breadcrumb","itemListElement":[{"@type":"ListItem","position":1,"name":"Portada","item":"https:\/\/mundoanimalito.com\/"},{"@type":"ListItem","position":2,"name":"Arquivet, Soft Snacks Naturales para Perro en Forma de coraz\u00f3n Mix de sabores"}]},{"@type":"WebSite","@id":"https:\/\/mundoanimalito.com\/#website","url":"https:\/\/mundoanimalito.com\/","name":"Mundo Animalito","description":"Datos y curiosidades de los animales, encuentra ac\u00e1 todo para tu mascota","publisher":{"@id":"https:\/\/mundoanimalito.com\/#organization"},"potentialAction":[{"@type":"SearchAction","target":{"@type":"EntryPoint","urlTemplate":"https:\/\/mundoanimalito.com\/?s={search_term_string}"},"query-input":{"@type":"PropertyValueSpecification","valueRequired":true,"valueName":"search_term_string"}}],"inLanguage":"es"},{"@type":"Organization","@id":"https:\/\/mundoanimalito.com\/#organization","name":"Mundo Animalito","url":"https:\/\/mundoanimalito.com\/","logo":{"@type":"ImageObject","inLanguage":"es","@id":"https:\/\/mundoanimalito.com\/#\/schema\/logo\/image\/","url":"https:\/\/mundoanimalito.com\/wp-content\/uploads\/2023\/10\/cropped-cropped-LOGO-OFICIAL-ULTIMA-VERSION-1.jpg","contentUrl":"https:\/\/mundoanimalito.com\/wp-content\/uploads\/2023\/10\/cropped-cropped-LOGO-OFICIAL-ULTIMA-VERSION-1.jpg","width":374,"height":425,"caption":"Mundo Animalito"},"image":{"@id":"https:\/\/mundoanimalito.com\/#\/schema\/logo\/image\/"},"sameAs":["https:\/\/www.facebook.com\/mundoanimalito77","https:\/\/www.instagram.com\/mundoanimalito77\/","https:\/\/www.tiktok.com\/@mundoanimalito77","https:\/\/www.youtube.com\/channel\/UCLo2JhNUNtHVraDt5aHadew"]}]}},"_links":{"self":[{"href":"https:\/\/mundoanimalito.com\/index.php\/wp-json\/wp\/v2\/pages\/20560","targetHints":{"allow":["GET"]}}],"collection":[{"href":"https:\/\/mundoanimalito.com\/index.php\/wp-json\/wp\/v2\/pages"}],"about":[{"href":"https:\/\/mundoanimalito.com\/index.php\/wp-json\/wp\/v2\/types\/page"}],"author":[{"embeddable":true,"href":"https:\/\/mundoanimalito.com\/index.php\/wp-json\/wp\/v2\/users\/1"}],"replies":[{"embeddable":true,"href":"https:\/\/mundoanimalito.com\/index.php\/wp-json\/wp\/v2\/comments?post=20560"}],"version-history":[{"count":0,"href":"https:\/\/mundoanimalito.com\/index.php\/wp-json\/wp\/v2\/pages\/20560\/revisions"}],"wp:attachment":[{"href":"https:\/\/mundoanimalito.com\/index.php\/wp-json\/wp\/v2\/media?parent=20560"}],"curies":[{"name":"wp","href":"https:\/\/api.w.org\/{rel}","templated":true}]}}