{"id":20370,"date":"2024-04-09T16:32:35","date_gmt":"2024-04-09T21:32:35","guid":{"rendered":"https:\/\/mundoanimalito.com\/?page_id=20370"},"modified":"2024-09-04T18:20:56","modified_gmt":"2024-09-04T23:20:56","slug":"greenies-snack-dental-100-natural-para-perros-teenie-pack-de-6-x-170g","status":"publish","type":"page","link":"https:\/\/mundoanimalito.com\/index.php\/greenies-snack-dental-100-natural-para-perros-teenie-pack-de-6-x-170g\/","title":{"rendered":"Greenies Snack Dental 100% Natural para perros Teenie (Pack de 6 x 170g)"},"content":{"rendered":"\t\t<div data-elementor-type=\"wp-page\" data-elementor-id=\"20370\" class=\"elementor elementor-20370\" data-elementor-post-type=\"page\">\n\t\t\t\t<div class=\"elementor-element elementor-element-f089cf6 e-flex e-con-boxed e-con e-parent\" data-id=\"f089cf6\" data-element_type=\"container\" data-e-type=\"container\">\n\t\t\t\t\t<div class=\"e-con-inner\">\n\t\t\t\t<div class=\"elementor-element elementor-element-a213f1d elementor-invisible elementor-widget elementor-widget-heading\" data-id=\"a213f1d\" data-element_type=\"widget\" data-e-type=\"widget\" data-settings=\"{&quot;_animation&quot;:&quot;fadeInDown&quot;}\" data-widget_type=\"heading.default\">\n\t\t\t\t<div class=\"elementor-widget-container\">\n\t\t\t\t\t<h2 class=\"elementor-heading-title elementor-size-default\">\u00a1Cuida la salud bucal de tu perro con Greenies Snack Dental! Desarrollado en colaboraci\u00f3n con veterinarios, este snack dental ofrece una soluci\u00f3n efectiva y deliciosa para la higiene oral de tu mascota.<\/h2>\t\t\t\t<\/div>\n\t\t\t\t<\/div>\n\t\t\t\t\t<\/div>\n\t\t\t\t<\/div>\n\t\t<div class=\"elementor-element elementor-element-d956309 e-flex e-con-boxed e-con e-parent\" data-id=\"d956309\" data-element_type=\"container\" data-e-type=\"container\">\n\t\t\t\t\t<div class=\"e-con-inner\">\n\t\t<div class=\"elementor-element elementor-element-a6afa5b e-con-full e-flex e-con e-child\" data-id=\"a6afa5b\" data-element_type=\"container\" data-e-type=\"container\">\n\t\t\t\t<div class=\"elementor-element elementor-element-d367efb elementor-widget elementor-widget-image\" data-id=\"d367efb\" data-element_type=\"widget\" data-e-type=\"widget\" data-widget_type=\"image.default\">\n\t\t\t\t<div class=\"elementor-widget-container\">\n\t\t\t\t\t\t\t\t\t\t\t\t\t\t\t\t<a href=\"https:\/\/amzn.to\/4aFBnAE\" target=\"_blank\">\n\t\t\t\t\t\t\t<img fetchpriority=\"high\" decoding=\"async\" width=\"789\" height=\"842\" src=\"https:\/\/mundoanimalito.com\/wp-content\/uploads\/2024\/04\/612R7vV47L._AC_SL1000_.jpg\" class=\"attachment-large size-large wp-image-20357\" alt=\"Greenies Snack Dental 100% Natural para perros Teenie (Pack de 6 x 170g)\" srcset=\"https:\/\/mundoanimalito.com\/wp-content\/uploads\/2024\/04\/612R7vV47L._AC_SL1000_.jpg 789w, https:\/\/mundoanimalito.com\/wp-content\/uploads\/2024\/04\/612R7vV47L._AC_SL1000_-281x300.jpg 281w, https:\/\/mundoanimalito.com\/wp-content\/uploads\/2024\/04\/612R7vV47L._AC_SL1000_-768x820.jpg 768w\" sizes=\"(max-width: 789px) 100vw, 789px\" \/>\t\t\t\t\t\t\t\t<\/a>\n\t\t\t\t\t\t\t\t\t\t\t\t\t\t\t<\/div>\n\t\t\t\t<\/div>\n\t\t\t\t<\/div>\n\t\t<div class=\"elementor-element elementor-element-e64d913 e-con-full e-flex e-con e-child\" data-id=\"e64d913\" data-element_type=\"container\" data-e-type=\"container\">\n\t\t\t\t<div class=\"elementor-element elementor-element-d4bdc04 elementor-widget elementor-widget-text-editor\" data-id=\"d4bdc04\" data-element_type=\"widget\" data-e-type=\"widget\" data-widget_type=\"text-editor.default\">\n\t\t\t\t<div class=\"elementor-widget-container\">\n\t\t\t\t\t\t\t\t\t<p>\ud83d\udc9a <strong>Eficacia Comprobada:<\/strong> Greenies ha demostrado su eficacia contra la acumulaci\u00f3n de placa bacteriana, la formaci\u00f3n de sarro y el mal aliento, ayudando a mantener la boca de tu perro fresca y saludable.<\/p><p>\u00a0<\/p><p>\ud83d\udc3e <strong>Dise\u00f1o Inteligente:<\/strong> El dise\u00f1o \u00fanico de estos premios favorece la masticaci\u00f3n y disoluci\u00f3n, promoviendo una mejor higiene bucal con cada bocado. Su textura flexible previene la acumulaci\u00f3n de placa en las enc\u00edas, donde m\u00e1s importa.<\/p><p>\u00a0<\/p><p>\ud83d\udccf <strong>Tama\u00f1os Adaptados:<\/strong> Disponibles en distintos tama\u00f1os, los Greenies se adaptan a las necesidades de perros de diferentes razas y pesos, garantizando una limpieza c\u00f3moda y profunda para cada uno.<\/p><p>\u00a0<\/p><p>\ud83c\udf1f <strong>Nutrici\u00f3n Completa y Equilibrada:<\/strong> Enriquecidos con vitaminas y minerales, estos snacks son nutricionalmente completos, contribuyendo a una dieta saludable para tu perro. Su alto contenido proteico tambi\u00e9n favorece una mejor digesti\u00f3n.<\/p><p>\u00a0<\/p><p>\ud83d\udd0d <strong>Aprobado por Expertos:<\/strong> Respaldados por el Consejo de Salud Oral de Veterinarios y la Sociedad Dental Europea de Veterinarios, los Greenies son la elecci\u00f3n confiable para el cuidado dental de tu perro.<\/p>\t\t\t\t\t\t\t\t<\/div>\n\t\t\t\t<\/div>\n\t\t\t\t<\/div>\n\t\t\t\t\t<\/div>\n\t\t\t\t<\/div>\n\t\t<div class=\"elementor-element elementor-element-508fc02 e-flex e-con-boxed e-con e-parent\" data-id=\"508fc02\" data-element_type=\"container\" data-e-type=\"container\">\n\t\t\t\t\t<div class=\"e-con-inner\">\n\t\t\t\t<div class=\"elementor-element elementor-element-dfbd109 elementor-widget elementor-widget-text-editor\" data-id=\"dfbd109\" data-element_type=\"widget\" data-e-type=\"widget\" data-widget_type=\"text-editor.default\">\n\t\t\t\t<div class=\"elementor-widget-container\">\n\t\t\t\t\t\t\t\t\t<p>\ud83d\udc36 <strong>Para Perros de Todas las Edades:<\/strong> Desde cachorros hasta perros adultos, Greenies es adecuado para todas las etapas de la vida de tu mascota. Solo aseg\u00farate de elegir el tama\u00f1o adecuado seg\u00fan su peso y edad.<\/p><p>\u00a0<\/p><p>Cuida la sonrisa de tu mejor amigo con Greenies Snack Dental. \u00a1Haz clic en el enlace y a\u00f1\u00e1delo a tu carrito de compras para disfrutar de una boca m\u00e1s sana y un perro m\u00e1s feliz!<\/p>\t\t\t\t\t\t\t\t<\/div>\n\t\t\t\t<\/div>\n\t\t\t\t<div class=\"elementor-element elementor-element-94748ee elementor-align-right elementor-widget elementor-widget-button\" data-id=\"94748ee\" data-element_type=\"widget\" data-e-type=\"widget\" data-widget_type=\"button.default\">\n\t\t\t\t<div class=\"elementor-widget-container\">\n\t\t\t\t\t\t\t\t\t<div class=\"elementor-button-wrapper\">\n\t\t\t\t\t<a class=\"elementor-button elementor-button-link elementor-size-sm\" href=\"https:\/\/amzn.to\/4aFBnAE\" target=\"_blank\">\n\t\t\t\t\t\t<span class=\"elementor-button-content-wrapper\">\n\t\t\t\t\t\t\t\t\t<span class=\"elementor-button-text\">Compra ahora en Amazon<\/span>\n\t\t\t\t\t<\/span>\n\t\t\t\t\t<\/a>\n\t\t\t\t<\/div>\n\t\t\t\t\t\t\t\t<\/div>\n\t\t\t\t<\/div>\n\t\t\t\t\t<\/div>\n\t\t\t\t<\/div>\n\t\t<div class=\"elementor-element elementor-element-e60d00f e-flex e-con-boxed e-con e-parent\" data-id=\"e60d00f\" data-element_type=\"container\" data-e-type=\"container\">\n\t\t\t\t\t<div class=\"e-con-inner\">\n\t\t\t\t<div class=\"elementor-element elementor-element-cb81874 elementor-arrows-position-inside elementor-pagination-position-outside elementor-widget elementor-widget-image-carousel\" data-id=\"cb81874\" data-element_type=\"widget\" data-e-type=\"widget\" data-settings=\"{&quot;slides_to_show&quot;:&quot;1&quot;,&quot;navigation&quot;:&quot;both&quot;,&quot;autoplay&quot;:&quot;yes&quot;,&quot;pause_on_hover&quot;:&quot;yes&quot;,&quot;pause_on_interaction&quot;:&quot;yes&quot;,&quot;autoplay_speed&quot;:5000,&quot;infinite&quot;:&quot;yes&quot;,&quot;effect&quot;:&quot;slide&quot;,&quot;speed&quot;:500}\" data-widget_type=\"image-carousel.default\">\n\t\t\t\t<div class=\"elementor-widget-container\">\n\t\t\t\t\t\t\t<div class=\"elementor-image-carousel-wrapper swiper\" role=\"region\" aria-roledescription=\"carousel\" aria-label=\"Carrusel de im\u00e1genes\" dir=\"ltr\">\n\t\t\t<div class=\"elementor-image-carousel swiper-wrapper\" aria-live=\"off\">\n\t\t\t\t\t\t\t\t<div class=\"swiper-slide\" role=\"group\" aria-roledescription=\"slide\" aria-label=\"1 de 5\"><figure class=\"swiper-slide-inner\"><img decoding=\"async\" class=\"swiper-slide-image\" src=\"https:\/\/mundoanimalito.com\/wp-content\/uploads\/2024\/04\/61F35EGokqL._AC_SL1000_.jpg\" alt=\"Greenies Snack Dental 100% Natural para perros Teenie (Pack de 6 x 170g)\" \/><\/figure><\/div><div class=\"swiper-slide\" role=\"group\" aria-roledescription=\"slide\" aria-label=\"2 de 5\"><figure class=\"swiper-slide-inner\"><img decoding=\"async\" class=\"swiper-slide-image\" src=\"https:\/\/mundoanimalito.com\/wp-content\/uploads\/2024\/04\/619GmsyLKOL._AC_SL1000_.jpg\" alt=\"Greenies Snack Dental 100% Natural para perros Teenie (Pack de 6 x 170g)\" \/><\/figure><\/div><div class=\"swiper-slide\" role=\"group\" aria-roledescription=\"slide\" aria-label=\"3 de 5\"><figure class=\"swiper-slide-inner\"><img decoding=\"async\" class=\"swiper-slide-image\" src=\"https:\/\/mundoanimalito.com\/wp-content\/uploads\/2024\/04\/714LjANVbL._AC_SL1000_.jpg\" alt=\"Greenies Snack Dental 100% Natural para perros Teenie (Pack de 6 x 170g)\" \/><\/figure><\/div><div class=\"swiper-slide\" role=\"group\" aria-roledescription=\"slide\" aria-label=\"4 de 5\"><figure class=\"swiper-slide-inner\"><img decoding=\"async\" class=\"swiper-slide-image\" src=\"https:\/\/mundoanimalito.com\/wp-content\/uploads\/2024\/04\/61JRLMPdJfL._AC_SL1000_.jpg\" alt=\"Greenies Snack Dental 100% Natural para perros Teenie (Pack de 6 x 170g)\" \/><\/figure><\/div><div class=\"swiper-slide\" role=\"group\" aria-roledescription=\"slide\" aria-label=\"5 de 5\"><figure class=\"swiper-slide-inner\"><img decoding=\"async\" class=\"swiper-slide-image\" src=\"https:\/\/mundoanimalito.com\/wp-content\/uploads\/2024\/04\/61KbIR6nNOL._AC_SL1000_.jpg\" alt=\"Greenies Snack Dental 100% Natural para perros Teenie (Pack de 6 x 170g)\" \/><\/figure><\/div>\t\t\t<\/div>\n\t\t\t\t\t\t\t\t\t\t\t\t<div class=\"elementor-swiper-button elementor-swiper-button-prev\" role=\"button\" tabindex=\"0\">\n\t\t\t\t\t\t<i aria-hidden=\"true\" class=\"eicon-chevron-left\"><\/i>\t\t\t\t\t<\/div>\n\t\t\t\t\t<div class=\"elementor-swiper-button elementor-swiper-button-next\" role=\"button\" tabindex=\"0\">\n\t\t\t\t\t\t<i aria-hidden=\"true\" class=\"eicon-chevron-right\"><\/i>\t\t\t\t\t<\/div>\n\t\t\t\t\n\t\t\t\t\t\t\t\t\t<div class=\"swiper-pagination\"><\/div>\n\t\t\t\t\t\t\t\t\t<\/div>\n\t\t\t\t\t\t<\/div>\n\t\t\t\t<\/div>\n\t\t\t\t\t<\/div>\n\t\t\t\t<\/div>\n\t\t<div class=\"elementor-element elementor-element-e769d12 e-flex e-con-boxed e-con e-parent\" data-id=\"e769d12\" data-element_type=\"container\" data-e-type=\"container\">\n\t\t\t\t\t<div class=\"e-con-inner\">\n\t\t\t\t<div class=\"elementor-element elementor-element-9d6657b elementor-align-right elementor-widget elementor-widget-button\" data-id=\"9d6657b\" data-element_type=\"widget\" data-e-type=\"widget\" data-widget_type=\"button.default\">\n\t\t\t\t<div class=\"elementor-widget-container\">\n\t\t\t\t\t\t\t\t\t<div class=\"elementor-button-wrapper\">\n\t\t\t\t\t<a class=\"elementor-button elementor-button-link elementor-size-sm\" href=\"https:\/\/amzn.to\/4aFBnAE\" target=\"_blank\">\n\t\t\t\t\t\t<span class=\"elementor-button-content-wrapper\">\n\t\t\t\t\t\t\t\t\t<span class=\"elementor-button-text\">Compra ahora en Amazon<\/span>\n\t\t\t\t\t<\/span>\n\t\t\t\t\t<\/a>\n\t\t\t\t<\/div>\n\t\t\t\t\t\t\t\t<\/div>\n\t\t\t\t<\/div>\n\t\t\t\t\t<\/div>\n\t\t\t\t<\/div>\n\t\t\t\t<\/div>\n\t\t","protected":false},"excerpt":{"rendered":"<p>\u00a1Cuida la salud bucal de tu perro con Greenies Snack Dental! Desarrollado en colaboraci\u00f3n con veterinarios, este snack dental ofrece una soluci\u00f3n efectiva y deliciosa para la higiene oral de tu mascota. \ud83d\udc9a Eficacia Comprobada: Greenies ha demostrado su eficacia contra la acumulaci\u00f3n de placa bacteriana, la formaci\u00f3n de sarro y el mal aliento, ayudando [&hellip;]<\/p>\n","protected":false},"author":1,"featured_media":0,"parent":0,"menu_order":0,"comment_status":"closed","ping_status":"closed","template":"","meta":{"site-sidebar-layout":"no-sidebar","site-content-layout":"page-builder","ast-site-content-layout":"full-width-container","site-content-style":"default","site-sidebar-style":"default","ast-global-header-display":"","ast-banner-title-visibility":"","ast-main-header-display":"","ast-hfb-above-header-display":"","ast-hfb-below-header-display":"","ast-hfb-mobile-header-display":"","site-post-title":"disabled","ast-breadcrumbs-content":"","ast-featured-img":"disabled","footer-sml-layout":"","ast-disable-related-posts":"","theme-transparent-header-meta":"","adv-header-id-meta":"","stick-header-meta":"","header-above-stick-meta":"","header-main-stick-meta":"","header-below-stick-meta":"","astra-migrate-meta-layouts":"set","ast-page-background-enabled":"default","ast-page-background-meta":{"desktop":{"background-color":"var(--ast-global-color-4)","background-image":"","background-repeat":"repeat","background-position":"center center","background-size":"auto","background-attachment":"scroll","background-type":"","background-media":"","overlay-type":"","overlay-color":"","overlay-opacity":"","overlay-gradient":""},"tablet":{"background-color":"","background-image":"","background-repeat":"repeat","background-position":"center center","background-size":"auto","background-attachment":"scroll","background-type":"","background-media":"","overlay-type":"","overlay-color":"","overlay-opacity":"","overlay-gradient":""},"mobile":{"background-color":"","background-image":"","background-repeat":"repeat","background-position":"center center","background-size":"auto","background-attachment":"scroll","background-type":"","background-media":"","overlay-type":"","overlay-color":"","overlay-opacity":"","overlay-gradient":""}},"ast-content-background-meta":{"desktop":{"background-color":"var(--ast-global-color-5)","background-image":"","background-repeat":"repeat","background-position":"center center","background-size":"auto","background-attachment":"scroll","background-type":"","background-media":"","overlay-type":"","overlay-color":"","overlay-opacity":"","overlay-gradient":""},"tablet":{"background-color":"var(--ast-global-color-5)","background-image":"","background-repeat":"repeat","background-position":"center center","background-size":"auto","background-attachment":"scroll","background-type":"","background-media":"","overlay-type":"","overlay-color":"","overlay-opacity":"","overlay-gradient":""},"mobile":{"background-color":"var(--ast-global-color-5)","background-image":"","background-repeat":"repeat","background-position":"center center","background-size":"auto","background-attachment":"scroll","background-type":"","background-media":"","overlay-type":"","overlay-color":"","overlay-opacity":"","overlay-gradient":""}},"footnotes":""},"class_list":["post-20370","page","type-page","status-publish","hentry"],"yoast_head":"<!-- This site is optimized with the Yoast SEO plugin v27.5 - https:\/\/yoast.com\/product\/yoast-seo-wordpress\/ -->\n<title>Greenies Snack Dental 100% Natural para perros | Mundo Animalito<\/title>\n<meta name=\"description\" content=\"\u00a1Cuida la salud bucal de tu perro con Greenies Snack Dental! Desarrollado en colaboraci\u00f3n con veterinarios, este snack dental ofrece una soluci\u00f3n efectiva y deliciosa para la higiene oral de tu mascota.\" \/>\n<meta name=\"robots\" content=\"index, follow, max-snippet:-1, max-image-preview:large, max-video-preview:-1\" \/>\n<link rel=\"canonical\" href=\"https:\/\/mundoanimalito.com\/index.php\/greenies-snack-dental-100-natural-para-perros-teenie-pack-de-6-x-170g\/\" \/>\n<meta property=\"og:locale\" content=\"es_ES\" \/>\n<meta property=\"og:type\" content=\"article\" \/>\n<meta property=\"og:title\" content=\"Greenies Snack Dental 100% Natural para perros | Mundo Animalito\" \/>\n<meta property=\"og:description\" content=\"\u00a1Cuida la salud bucal de tu perro con Greenies Snack Dental! Desarrollado en colaboraci\u00f3n con veterinarios, este snack dental ofrece una soluci\u00f3n efectiva y deliciosa para la higiene oral de tu mascota.\" \/>\n<meta property=\"og:url\" content=\"https:\/\/mundoanimalito.com\/index.php\/greenies-snack-dental-100-natural-para-perros-teenie-pack-de-6-x-170g\/\" \/>\n<meta property=\"og:site_name\" content=\"Mundo Animalito\" \/>\n<meta property=\"article:publisher\" content=\"https:\/\/www.facebook.com\/mundoanimalito77\" \/>\n<meta property=\"article:modified_time\" content=\"2024-09-04T23:20:56+00:00\" \/>\n<meta property=\"og:image\" content=\"https:\/\/mundoanimalito.com\/wp-content\/uploads\/2024\/04\/612R7vV47L._AC_SL1000_.jpg\" \/>\n<meta name=\"twitter:card\" content=\"summary_large_image\" \/>\n<meta name=\"twitter:label1\" content=\"Tiempo de lectura\" \/>\n\t<meta name=\"twitter:data1\" content=\"3 minutos\" \/>\n<script type=\"application\/ld+json\" class=\"yoast-schema-graph\">{\"@context\":\"https:\\\/\\\/schema.org\",\"@graph\":[{\"@type\":\"WebPage\",\"@id\":\"https:\\\/\\\/mundoanimalito.com\\\/index.php\\\/greenies-snack-dental-100-natural-para-perros-teenie-pack-de-6-x-170g\\\/\",\"url\":\"https:\\\/\\\/mundoanimalito.com\\\/index.php\\\/greenies-snack-dental-100-natural-para-perros-teenie-pack-de-6-x-170g\\\/\",\"name\":\"Greenies Snack Dental 100% Natural para perros | Mundo Animalito\",\"isPartOf\":{\"@id\":\"https:\\\/\\\/mundoanimalito.com\\\/#website\"},\"primaryImageOfPage\":{\"@id\":\"https:\\\/\\\/mundoanimalito.com\\\/index.php\\\/greenies-snack-dental-100-natural-para-perros-teenie-pack-de-6-x-170g\\\/#primaryimage\"},\"image\":{\"@id\":\"https:\\\/\\\/mundoanimalito.com\\\/index.php\\\/greenies-snack-dental-100-natural-para-perros-teenie-pack-de-6-x-170g\\\/#primaryimage\"},\"thumbnailUrl\":\"https:\\\/\\\/mundoanimalito.com\\\/wp-content\\\/uploads\\\/2024\\\/04\\\/612R7vV47L._AC_SL1000_.jpg\",\"datePublished\":\"2024-04-09T21:32:35+00:00\",\"dateModified\":\"2024-09-04T23:20:56+00:00\",\"description\":\"\u00a1Cuida la salud bucal de tu perro con Greenies Snack Dental! Desarrollado en colaboraci\u00f3n con veterinarios, este snack dental ofrece una soluci\u00f3n efectiva y deliciosa para la higiene oral de tu mascota.\",\"breadcrumb\":{\"@id\":\"https:\\\/\\\/mundoanimalito.com\\\/index.php\\\/greenies-snack-dental-100-natural-para-perros-teenie-pack-de-6-x-170g\\\/#breadcrumb\"},\"inLanguage\":\"es\",\"potentialAction\":[{\"@type\":\"ReadAction\",\"target\":[\"https:\\\/\\\/mundoanimalito.com\\\/index.php\\\/greenies-snack-dental-100-natural-para-perros-teenie-pack-de-6-x-170g\\\/\"]}]},{\"@type\":\"ImageObject\",\"inLanguage\":\"es\",\"@id\":\"https:\\\/\\\/mundoanimalito.com\\\/index.php\\\/greenies-snack-dental-100-natural-para-perros-teenie-pack-de-6-x-170g\\\/#primaryimage\",\"url\":\"https:\\\/\\\/mundoanimalito.com\\\/wp-content\\\/uploads\\\/2024\\\/04\\\/612R7vV47L._AC_SL1000_.jpg\",\"contentUrl\":\"https:\\\/\\\/mundoanimalito.com\\\/wp-content\\\/uploads\\\/2024\\\/04\\\/612R7vV47L._AC_SL1000_.jpg\",\"width\":789,\"height\":842,\"caption\":\"Greenies Snack Dental 100% Natural para perros Teenie (Pack de 6 x 170g)\"},{\"@type\":\"BreadcrumbList\",\"@id\":\"https:\\\/\\\/mundoanimalito.com\\\/index.php\\\/greenies-snack-dental-100-natural-para-perros-teenie-pack-de-6-x-170g\\\/#breadcrumb\",\"itemListElement\":[{\"@type\":\"ListItem\",\"position\":1,\"name\":\"Portada\",\"item\":\"https:\\\/\\\/mundoanimalito.com\\\/\"},{\"@type\":\"ListItem\",\"position\":2,\"name\":\"Greenies Snack Dental 100% Natural para perros Teenie (Pack de 6 x 170g)\"}]},{\"@type\":\"WebSite\",\"@id\":\"https:\\\/\\\/mundoanimalito.com\\\/#website\",\"url\":\"https:\\\/\\\/mundoanimalito.com\\\/\",\"name\":\"Mundo Animalito\",\"description\":\"Datos y curiosidades de los animales, encuentra ac\u00e1 todo para tu mascota\",\"publisher\":{\"@id\":\"https:\\\/\\\/mundoanimalito.com\\\/#organization\"},\"potentialAction\":[{\"@type\":\"SearchAction\",\"target\":{\"@type\":\"EntryPoint\",\"urlTemplate\":\"https:\\\/\\\/mundoanimalito.com\\\/?s={search_term_string}\"},\"query-input\":{\"@type\":\"PropertyValueSpecification\",\"valueRequired\":true,\"valueName\":\"search_term_string\"}}],\"inLanguage\":\"es\"},{\"@type\":\"Organization\",\"@id\":\"https:\\\/\\\/mundoanimalito.com\\\/#organization\",\"name\":\"Mundo Animalito\",\"url\":\"https:\\\/\\\/mundoanimalito.com\\\/\",\"logo\":{\"@type\":\"ImageObject\",\"inLanguage\":\"es\",\"@id\":\"https:\\\/\\\/mundoanimalito.com\\\/#\\\/schema\\\/logo\\\/image\\\/\",\"url\":\"https:\\\/\\\/mundoanimalito.com\\\/wp-content\\\/uploads\\\/2023\\\/10\\\/cropped-cropped-LOGO-OFICIAL-ULTIMA-VERSION-1.jpg\",\"contentUrl\":\"https:\\\/\\\/mundoanimalito.com\\\/wp-content\\\/uploads\\\/2023\\\/10\\\/cropped-cropped-LOGO-OFICIAL-ULTIMA-VERSION-1.jpg\",\"width\":374,\"height\":425,\"caption\":\"Mundo Animalito\"},\"image\":{\"@id\":\"https:\\\/\\\/mundoanimalito.com\\\/#\\\/schema\\\/logo\\\/image\\\/\"},\"sameAs\":[\"https:\\\/\\\/www.facebook.com\\\/mundoanimalito77\",\"https:\\\/\\\/www.instagram.com\\\/mundoanimalito77\\\/\",\"https:\\\/\\\/www.tiktok.com\\\/@mundoanimalito77\",\"https:\\\/\\\/www.youtube.com\\\/channel\\\/UCLo2JhNUNtHVraDt5aHadew\"]}]}<\/script>\n<!-- \/ Yoast SEO plugin. -->","yoast_head_json":{"title":"Greenies Snack Dental 100% Natural para perros | Mundo Animalito","description":"\u00a1Cuida la salud bucal de tu perro con Greenies Snack Dental! Desarrollado en colaboraci\u00f3n con veterinarios, este snack dental ofrece una soluci\u00f3n efectiva y deliciosa para la higiene oral de tu mascota.","robots":{"index":"index","follow":"follow","max-snippet":"max-snippet:-1","max-image-preview":"max-image-preview:large","max-video-preview":"max-video-preview:-1"},"canonical":"https:\/\/mundoanimalito.com\/index.php\/greenies-snack-dental-100-natural-para-perros-teenie-pack-de-6-x-170g\/","og_locale":"es_ES","og_type":"article","og_title":"Greenies Snack Dental 100% Natural para perros | Mundo Animalito","og_description":"\u00a1Cuida la salud bucal de tu perro con Greenies Snack Dental! Desarrollado en colaboraci\u00f3n con veterinarios, este snack dental ofrece una soluci\u00f3n efectiva y deliciosa para la higiene oral de tu mascota.","og_url":"https:\/\/mundoanimalito.com\/index.php\/greenies-snack-dental-100-natural-para-perros-teenie-pack-de-6-x-170g\/","og_site_name":"Mundo Animalito","article_publisher":"https:\/\/www.facebook.com\/mundoanimalito77","article_modified_time":"2024-09-04T23:20:56+00:00","og_image":[{"url":"https:\/\/mundoanimalito.com\/wp-content\/uploads\/2024\/04\/612R7vV47L._AC_SL1000_.jpg","type":"","width":"","height":""}],"twitter_card":"summary_large_image","twitter_misc":{"Tiempo de lectura":"3 minutos"},"schema":{"@context":"https:\/\/schema.org","@graph":[{"@type":"WebPage","@id":"https:\/\/mundoanimalito.com\/index.php\/greenies-snack-dental-100-natural-para-perros-teenie-pack-de-6-x-170g\/","url":"https:\/\/mundoanimalito.com\/index.php\/greenies-snack-dental-100-natural-para-perros-teenie-pack-de-6-x-170g\/","name":"Greenies Snack Dental 100% Natural para perros | Mundo Animalito","isPartOf":{"@id":"https:\/\/mundoanimalito.com\/#website"},"primaryImageOfPage":{"@id":"https:\/\/mundoanimalito.com\/index.php\/greenies-snack-dental-100-natural-para-perros-teenie-pack-de-6-x-170g\/#primaryimage"},"image":{"@id":"https:\/\/mundoanimalito.com\/index.php\/greenies-snack-dental-100-natural-para-perros-teenie-pack-de-6-x-170g\/#primaryimage"},"thumbnailUrl":"https:\/\/mundoanimalito.com\/wp-content\/uploads\/2024\/04\/612R7vV47L._AC_SL1000_.jpg","datePublished":"2024-04-09T21:32:35+00:00","dateModified":"2024-09-04T23:20:56+00:00","description":"\u00a1Cuida la salud bucal de tu perro con Greenies Snack Dental! Desarrollado en colaboraci\u00f3n con veterinarios, este snack dental ofrece una soluci\u00f3n efectiva y deliciosa para la higiene oral de tu mascota.","breadcrumb":{"@id":"https:\/\/mundoanimalito.com\/index.php\/greenies-snack-dental-100-natural-para-perros-teenie-pack-de-6-x-170g\/#breadcrumb"},"inLanguage":"es","potentialAction":[{"@type":"ReadAction","target":["https:\/\/mundoanimalito.com\/index.php\/greenies-snack-dental-100-natural-para-perros-teenie-pack-de-6-x-170g\/"]}]},{"@type":"ImageObject","inLanguage":"es","@id":"https:\/\/mundoanimalito.com\/index.php\/greenies-snack-dental-100-natural-para-perros-teenie-pack-de-6-x-170g\/#primaryimage","url":"https:\/\/mundoanimalito.com\/wp-content\/uploads\/2024\/04\/612R7vV47L._AC_SL1000_.jpg","contentUrl":"https:\/\/mundoanimalito.com\/wp-content\/uploads\/2024\/04\/612R7vV47L._AC_SL1000_.jpg","width":789,"height":842,"caption":"Greenies Snack Dental 100% Natural para perros Teenie (Pack de 6 x 170g)"},{"@type":"BreadcrumbList","@id":"https:\/\/mundoanimalito.com\/index.php\/greenies-snack-dental-100-natural-para-perros-teenie-pack-de-6-x-170g\/#breadcrumb","itemListElement":[{"@type":"ListItem","position":1,"name":"Portada","item":"https:\/\/mundoanimalito.com\/"},{"@type":"ListItem","position":2,"name":"Greenies Snack Dental 100% Natural para perros Teenie (Pack de 6 x 170g)"}]},{"@type":"WebSite","@id":"https:\/\/mundoanimalito.com\/#website","url":"https:\/\/mundoanimalito.com\/","name":"Mundo Animalito","description":"Datos y curiosidades de los animales, encuentra ac\u00e1 todo para tu mascota","publisher":{"@id":"https:\/\/mundoanimalito.com\/#organization"},"potentialAction":[{"@type":"SearchAction","target":{"@type":"EntryPoint","urlTemplate":"https:\/\/mundoanimalito.com\/?s={search_term_string}"},"query-input":{"@type":"PropertyValueSpecification","valueRequired":true,"valueName":"search_term_string"}}],"inLanguage":"es"},{"@type":"Organization","@id":"https:\/\/mundoanimalito.com\/#organization","name":"Mundo Animalito","url":"https:\/\/mundoanimalito.com\/","logo":{"@type":"ImageObject","inLanguage":"es","@id":"https:\/\/mundoanimalito.com\/#\/schema\/logo\/image\/","url":"https:\/\/mundoanimalito.com\/wp-content\/uploads\/2023\/10\/cropped-cropped-LOGO-OFICIAL-ULTIMA-VERSION-1.jpg","contentUrl":"https:\/\/mundoanimalito.com\/wp-content\/uploads\/2023\/10\/cropped-cropped-LOGO-OFICIAL-ULTIMA-VERSION-1.jpg","width":374,"height":425,"caption":"Mundo Animalito"},"image":{"@id":"https:\/\/mundoanimalito.com\/#\/schema\/logo\/image\/"},"sameAs":["https:\/\/www.facebook.com\/mundoanimalito77","https:\/\/www.instagram.com\/mundoanimalito77\/","https:\/\/www.tiktok.com\/@mundoanimalito77","https:\/\/www.youtube.com\/channel\/UCLo2JhNUNtHVraDt5aHadew"]}]}},"_links":{"self":[{"href":"https:\/\/mundoanimalito.com\/index.php\/wp-json\/wp\/v2\/pages\/20370","targetHints":{"allow":["GET"]}}],"collection":[{"href":"https:\/\/mundoanimalito.com\/index.php\/wp-json\/wp\/v2\/pages"}],"about":[{"href":"https:\/\/mundoanimalito.com\/index.php\/wp-json\/wp\/v2\/types\/page"}],"author":[{"embeddable":true,"href":"https:\/\/mundoanimalito.com\/index.php\/wp-json\/wp\/v2\/users\/1"}],"replies":[{"embeddable":true,"href":"https:\/\/mundoanimalito.com\/index.php\/wp-json\/wp\/v2\/comments?post=20370"}],"version-history":[{"count":0,"href":"https:\/\/mundoanimalito.com\/index.php\/wp-json\/wp\/v2\/pages\/20370\/revisions"}],"wp:attachment":[{"href":"https:\/\/mundoanimalito.com\/index.php\/wp-json\/wp\/v2\/media?parent=20370"}],"curies":[{"name":"wp","href":"https:\/\/api.w.org\/{rel}","templated":true}]}}