{"id":20309,"date":"2024-04-09T16:14:27","date_gmt":"2024-04-09T21:14:27","guid":{"rendered":"https:\/\/mundoanimalito.com\/?page_id=20309"},"modified":"2024-09-21T15:30:56","modified_gmt":"2024-09-21T20:30:56","slug":"snackomio-snack-de-calidad-para-perros","status":"publish","type":"page","link":"https:\/\/mundoanimalito.com\/index.php\/snackomio-snack-de-calidad-para-perros\/","title":{"rendered":"SnackOMio Snack de Calidad para Perros"},"content":{"rendered":"\t\t<div data-elementor-type=\"wp-page\" data-elementor-id=\"20309\" class=\"elementor elementor-20309\" data-elementor-post-type=\"page\">\n\t\t\t\t<div class=\"elementor-element elementor-element-a3c3a24 e-flex e-con-boxed e-con e-parent\" data-id=\"a3c3a24\" data-element_type=\"container\" data-e-type=\"container\">\n\t\t\t\t\t<div class=\"e-con-inner\">\n\t\t\t\t<div class=\"elementor-element elementor-element-c1ffbe1 elementor-invisible elementor-widget elementor-widget-heading\" data-id=\"c1ffbe1\" data-element_type=\"widget\" data-e-type=\"widget\" data-settings=\"{&quot;_animation&quot;:&quot;fadeInDown&quot;}\" data-widget_type=\"heading.default\">\n\t\t\t\t<div class=\"elementor-widget-container\">\n\t\t\t\t\t<h2 class=\"elementor-heading-title elementor-size-default\">\u00a1Tu perro merece lo mejor, y eso es exactamente lo que ofrece SnackOMio! Hecho en Alemania con los m\u00e1s altos est\u00e1ndares de calidad, estos crujientes palitos masticables de filete de pechuga de pollo son el regalo perfecto para tu fiel amigo.<\/h2>\t\t\t\t<\/div>\n\t\t\t\t<\/div>\n\t\t\t\t\t<\/div>\n\t\t\t\t<\/div>\n\t\t<div class=\"elementor-element elementor-element-a574442 e-flex e-con-boxed e-con e-parent\" data-id=\"a574442\" data-element_type=\"container\" data-e-type=\"container\">\n\t\t\t\t\t<div class=\"e-con-inner\">\n\t\t<div class=\"elementor-element elementor-element-711c634 e-con-full e-flex e-con e-child\" data-id=\"711c634\" data-element_type=\"container\" data-e-type=\"container\">\n\t\t\t\t<div class=\"elementor-element elementor-element-2a80344 elementor-widget elementor-widget-image\" data-id=\"2a80344\" data-element_type=\"widget\" data-e-type=\"widget\" data-widget_type=\"image.default\">\n\t\t\t\t<div class=\"elementor-widget-container\">\n\t\t\t\t\t\t\t\t\t\t\t\t\t\t\t\t<a href=\"https:\/\/amzn.to\/43QCn2k\" target=\"_blank\">\n\t\t\t\t\t\t\t<img fetchpriority=\"high\" decoding=\"async\" width=\"728\" height=\"1024\" src=\"https:\/\/mundoanimalito.com\/wp-content\/uploads\/2024\/04\/716Pqa0VFzL._AC_SL1500_-728x1024.jpg\" class=\"attachment-large size-large wp-image-20299\" alt=\"SnackOMio Snack de Calidad para Perros - crujientes palitos masticables de Filete de pechuga de Pollo, sin Cereales, 1 envase (1 x 70 g)\" srcset=\"https:\/\/mundoanimalito.com\/wp-content\/uploads\/2024\/04\/716Pqa0VFzL._AC_SL1500_-728x1024.jpg 728w, https:\/\/mundoanimalito.com\/wp-content\/uploads\/2024\/04\/716Pqa0VFzL._AC_SL1500_-213x300.jpg 213w, https:\/\/mundoanimalito.com\/wp-content\/uploads\/2024\/04\/716Pqa0VFzL._AC_SL1500_-768x1080.jpg 768w, https:\/\/mundoanimalito.com\/wp-content\/uploads\/2024\/04\/716Pqa0VFzL._AC_SL1500_.jpg 1067w\" sizes=\"(max-width: 728px) 100vw, 728px\" \/>\t\t\t\t\t\t\t\t<\/a>\n\t\t\t\t\t\t\t\t\t\t\t\t\t\t\t<\/div>\n\t\t\t\t<\/div>\n\t\t\t\t<\/div>\n\t\t<div class=\"elementor-element elementor-element-e5de3c6 e-con-full e-flex e-con e-child\" data-id=\"e5de3c6\" data-element_type=\"container\" data-e-type=\"container\">\n\t\t\t\t<div class=\"elementor-element elementor-element-b80eb22 elementor-widget elementor-widget-text-editor\" data-id=\"b80eb22\" data-element_type=\"widget\" data-e-type=\"widget\" data-widget_type=\"text-editor.default\">\n\t\t\t\t<div class=\"elementor-widget-container\">\n\t\t\t\t\t\t\t\t\t<p>\ud83c\udf57 <strong>Extra de Carne:<\/strong> Con un 50% de ternera y un 47,3% de filete de pechuga de pollo, cada bocado est\u00e1 lleno de deliciosa prote\u00edna, esencial para el crecimiento y la salud muscular de tu perro.<\/p><p>\u00a0<\/p><p>\ud83c\udf3f <strong>Ingredientes Naturales:<\/strong> Sin cereales ni az\u00facar a\u00f1adido, estos snacks est\u00e1n hechos con materias primas naturales, lo que garantiza una experiencia de masticaci\u00f3n segura y saludable para tu mascota.<\/p><p>\u00a0<\/p><p>\ud83d\udeab <strong>Sin Aditivos Artificiales:<\/strong> En SnackOMio, nos comprometemos a ofrecer solo lo mejor para tu perro. Por eso, nuestros snacks est\u00e1n libres de aditivos qu\u00edmicos, asegurando que cada bocado sea puro y natural.<\/p><p>\u00a0<\/p><p>\ud83e\uddb7 <strong>Favorece la Masticaci\u00f3n Natural:<\/strong> Las crujientes barras para morder de SnackOMio est\u00e1n dise\u00f1adas para favorecer una masticaci\u00f3n natural, promoviendo una buena salud dental y ayudando a mantener los dientes de tu perro limpios y fuertes.<\/p><p>\u00a0<\/p><p>\ud83e\udd70 <strong>Disfruta de Momentos Especiales:<\/strong> Ya sea en casa, durante un paseo o como recompensa durante el entrenamiento, SnackOMio hace que cada momento sea especial para ti y tu mascota. Con su delicioso sabor y textura irresistible, estos snacks seguramente se convertir\u00e1n en los favoritos de tu perro.<\/p><p>\u00a0<\/p><p>\ud83d\udce6 <strong>Administraci\u00f3n Recomendada:<\/strong> Simplemente administra estos deliciosos snacks entre las comidas principales como un regalo o recompensa. \u00a1Y recuerda siempre tener suficiente agua potable disponible para tu peludo amigo!<\/p>\t\t\t\t\t\t\t\t<\/div>\n\t\t\t\t<\/div>\n\t\t\t\t<\/div>\n\t\t\t\t\t<\/div>\n\t\t\t\t<\/div>\n\t\t<div class=\"elementor-element elementor-element-5930590 e-flex e-con-boxed e-con e-parent\" data-id=\"5930590\" data-element_type=\"container\" data-e-type=\"container\">\n\t\t\t\t\t<div class=\"e-con-inner\">\n\t\t\t\t<div class=\"elementor-element elementor-element-55750aa elementor-widget elementor-widget-text-editor\" data-id=\"55750aa\" data-element_type=\"widget\" data-e-type=\"widget\" data-widget_type=\"text-editor.default\">\n\t\t\t\t<div class=\"elementor-widget-container\">\n\t\t\t\t\t\t\t\t\t<p>Aseg\u00farate de consentir a tu perro con lo mejor. Haz clic en el enlace y a\u00f1ade SnackOMio a tu carrito de compras hoy mismo para brindarle a tu mascota una experiencia de masticaci\u00f3n \u00fanica y llena de sabor. \u00a1Tu perro te lo agradecer\u00e1 con amor y lealtad incondicional!<\/p>\t\t\t\t\t\t\t\t<\/div>\n\t\t\t\t<\/div>\n\t\t\t\t<div class=\"elementor-element elementor-element-98b454e elementor-align-right elementor-widget elementor-widget-button\" data-id=\"98b454e\" data-element_type=\"widget\" data-e-type=\"widget\" data-widget_type=\"button.default\">\n\t\t\t\t<div class=\"elementor-widget-container\">\n\t\t\t\t\t\t\t\t\t<div class=\"elementor-button-wrapper\">\n\t\t\t\t\t<a class=\"elementor-button elementor-button-link elementor-size-sm\" href=\"https:\/\/amzn.to\/43QCn2k\" target=\"_blank\">\n\t\t\t\t\t\t<span class=\"elementor-button-content-wrapper\">\n\t\t\t\t\t\t\t\t\t<span class=\"elementor-button-text\">Compra ahora en Amazon<\/span>\n\t\t\t\t\t<\/span>\n\t\t\t\t\t<\/a>\n\t\t\t\t<\/div>\n\t\t\t\t\t\t\t\t<\/div>\n\t\t\t\t<\/div>\n\t\t\t\t\t<\/div>\n\t\t\t\t<\/div>\n\t\t<div class=\"elementor-element elementor-element-6991886 e-flex e-con-boxed e-con e-parent\" data-id=\"6991886\" data-element_type=\"container\" data-e-type=\"container\">\n\t\t\t\t\t<div class=\"e-con-inner\">\n\t\t\t\t<div class=\"elementor-element elementor-element-216a541 elementor-arrows-position-inside elementor-pagination-position-outside elementor-widget elementor-widget-image-carousel\" data-id=\"216a541\" data-element_type=\"widget\" data-e-type=\"widget\" data-settings=\"{&quot;slides_to_show&quot;:&quot;1&quot;,&quot;navigation&quot;:&quot;both&quot;,&quot;autoplay&quot;:&quot;yes&quot;,&quot;pause_on_hover&quot;:&quot;yes&quot;,&quot;pause_on_interaction&quot;:&quot;yes&quot;,&quot;autoplay_speed&quot;:5000,&quot;infinite&quot;:&quot;yes&quot;,&quot;effect&quot;:&quot;slide&quot;,&quot;speed&quot;:500}\" data-widget_type=\"image-carousel.default\">\n\t\t\t\t<div class=\"elementor-widget-container\">\n\t\t\t\t\t\t\t<div class=\"elementor-image-carousel-wrapper swiper\" role=\"region\" aria-roledescription=\"carousel\" aria-label=\"Carrusel de im\u00e1genes\" dir=\"ltr\">\n\t\t\t<div class=\"elementor-image-carousel swiper-wrapper\" aria-live=\"off\">\n\t\t\t\t\t\t\t\t<div class=\"swiper-slide\" role=\"group\" aria-roledescription=\"slide\" aria-label=\"1 de 1\"><figure class=\"swiper-slide-inner\"><img decoding=\"async\" class=\"swiper-slide-image\" src=\"https:\/\/mundoanimalito.com\/wp-content\/uploads\/2024\/04\/81t9OGWWQEL._AC_SL1500_-1024x1024.jpg\" alt=\"SnackOMio Snack de Calidad para Perros - crujientes palitos masticables de Filete de pechuga de Pollo, sin Cereales, 1 envase (1 x 70 g)\" \/><\/figure><\/div>\t\t\t<\/div>\n\t\t\t\t\t<\/div>\n\t\t\t\t\t\t<\/div>\n\t\t\t\t<\/div>\n\t\t\t\t\t<\/div>\n\t\t\t\t<\/div>\n\t\t<div class=\"elementor-element elementor-element-bfec5ac e-flex e-con-boxed e-con e-parent\" data-id=\"bfec5ac\" data-element_type=\"container\" data-e-type=\"container\">\n\t\t\t\t\t<div class=\"e-con-inner\">\n\t\t\t\t<div class=\"elementor-element elementor-element-95ca9a2 elementor-align-right elementor-widget elementor-widget-button\" data-id=\"95ca9a2\" data-element_type=\"widget\" data-e-type=\"widget\" data-widget_type=\"button.default\">\n\t\t\t\t<div class=\"elementor-widget-container\">\n\t\t\t\t\t\t\t\t\t<div class=\"elementor-button-wrapper\">\n\t\t\t\t\t<a class=\"elementor-button elementor-button-link elementor-size-sm\" href=\"https:\/\/amzn.to\/43QCn2k\" target=\"_blank\">\n\t\t\t\t\t\t<span class=\"elementor-button-content-wrapper\">\n\t\t\t\t\t\t\t\t\t<span class=\"elementor-button-text\">Compra ahora en Amazon<\/span>\n\t\t\t\t\t<\/span>\n\t\t\t\t\t<\/a>\n\t\t\t\t<\/div>\n\t\t\t\t\t\t\t\t<\/div>\n\t\t\t\t<\/div>\n\t\t\t\t\t<\/div>\n\t\t\t\t<\/div>\n\t\t\t\t<\/div>\n\t\t","protected":false},"excerpt":{"rendered":"<p>\u00a1Tu perro merece lo mejor, y eso es exactamente lo que ofrece SnackOMio! Hecho en Alemania con los m\u00e1s altos est\u00e1ndares de calidad, estos crujientes palitos masticables de filete de pechuga de pollo son el regalo perfecto para tu fiel amigo. \ud83c\udf57 Extra de Carne: Con un 50% de ternera y un 47,3% de filete [&hellip;]<\/p>\n","protected":false},"author":1,"featured_media":0,"parent":0,"menu_order":0,"comment_status":"closed","ping_status":"closed","template":"","meta":{"site-sidebar-layout":"no-sidebar","site-content-layout":"page-builder","ast-site-content-layout":"full-width-container","site-content-style":"default","site-sidebar-style":"default","ast-global-header-display":"","ast-banner-title-visibility":"","ast-main-header-display":"","ast-hfb-above-header-display":"","ast-hfb-below-header-display":"","ast-hfb-mobile-header-display":"","site-post-title":"disabled","ast-breadcrumbs-content":"","ast-featured-img":"disabled","footer-sml-layout":"","ast-disable-related-posts":"","theme-transparent-header-meta":"","adv-header-id-meta":"","stick-header-meta":"","header-above-stick-meta":"","header-main-stick-meta":"","header-below-stick-meta":"","astra-migrate-meta-layouts":"set","ast-page-background-enabled":"default","ast-page-background-meta":{"desktop":{"background-color":"var(--ast-global-color-4)","background-image":"","background-repeat":"repeat","background-position":"center center","background-size":"auto","background-attachment":"scroll","background-type":"","background-media":"","overlay-type":"","overlay-color":"","overlay-opacity":"","overlay-gradient":""},"tablet":{"background-color":"","background-image":"","background-repeat":"repeat","background-position":"center center","background-size":"auto","background-attachment":"scroll","background-type":"","background-media":"","overlay-type":"","overlay-color":"","overlay-opacity":"","overlay-gradient":""},"mobile":{"background-color":"","background-image":"","background-repeat":"repeat","background-position":"center center","background-size":"auto","background-attachment":"scroll","background-type":"","background-media":"","overlay-type":"","overlay-color":"","overlay-opacity":"","overlay-gradient":""}},"ast-content-background-meta":{"desktop":{"background-color":"var(--ast-global-color-5)","background-image":"","background-repeat":"repeat","background-position":"center center","background-size":"auto","background-attachment":"scroll","background-type":"","background-media":"","overlay-type":"","overlay-color":"","overlay-opacity":"","overlay-gradient":""},"tablet":{"background-color":"var(--ast-global-color-5)","background-image":"","background-repeat":"repeat","background-position":"center center","background-size":"auto","background-attachment":"scroll","background-type":"","background-media":"","overlay-type":"","overlay-color":"","overlay-opacity":"","overlay-gradient":""},"mobile":{"background-color":"var(--ast-global-color-5)","background-image":"","background-repeat":"repeat","background-position":"center center","background-size":"auto","background-attachment":"scroll","background-type":"","background-media":"","overlay-type":"","overlay-color":"","overlay-opacity":"","overlay-gradient":""}},"footnotes":""},"class_list":["post-20309","page","type-page","status-publish","hentry"],"yoast_head":"<!-- This site is optimized with the Yoast SEO plugin v27.5 - https:\/\/yoast.com\/product\/yoast-seo-wordpress\/ -->\n<title>SnackOMio - Snack Premium para Perros | Mundo Animalito<\/title>\n<meta name=\"description\" content=\"SnackOMio - Snack Premium para Perros - Barrita masticable crujiente con Filete de pechuga de Pollo, sin Cereales, 1 Pack (1 x 70g)\" \/>\n<meta name=\"robots\" content=\"index, follow, max-snippet:-1, max-image-preview:large, max-video-preview:-1\" \/>\n<link rel=\"canonical\" href=\"https:\/\/mundoanimalito.com\/index.php\/snackomio-snack-de-calidad-para-perros\/\" \/>\n<meta property=\"og:locale\" content=\"es_ES\" \/>\n<meta property=\"og:type\" content=\"article\" \/>\n<meta property=\"og:title\" content=\"SnackOMio - Snack Premium para Perros | Mundo Animalito\" \/>\n<meta property=\"og:description\" content=\"SnackOMio - Snack Premium para Perros - Barrita masticable crujiente con Filete de pechuga de Pollo, sin Cereales, 1 Pack (1 x 70g)\" \/>\n<meta property=\"og:url\" content=\"https:\/\/mundoanimalito.com\/index.php\/snackomio-snack-de-calidad-para-perros\/\" \/>\n<meta property=\"og:site_name\" content=\"Mundo Animalito\" \/>\n<meta property=\"article:publisher\" content=\"https:\/\/www.facebook.com\/mundoanimalito77\" \/>\n<meta property=\"article:modified_time\" content=\"2024-09-21T20:30:56+00:00\" \/>\n<meta property=\"og:image\" content=\"https:\/\/mundoanimalito.com\/wp-content\/uploads\/2024\/04\/716Pqa0VFzL._AC_SL1500_-728x1024.jpg\" \/>\n<meta name=\"twitter:card\" content=\"summary_large_image\" \/>\n<meta name=\"twitter:label1\" content=\"Tiempo de lectura\" \/>\n\t<meta name=\"twitter:data1\" content=\"2 minutos\" \/>\n<script type=\"application\/ld+json\" class=\"yoast-schema-graph\">{\"@context\":\"https:\\\/\\\/schema.org\",\"@graph\":[{\"@type\":\"WebPage\",\"@id\":\"https:\\\/\\\/mundoanimalito.com\\\/index.php\\\/snackomio-snack-de-calidad-para-perros\\\/\",\"url\":\"https:\\\/\\\/mundoanimalito.com\\\/index.php\\\/snackomio-snack-de-calidad-para-perros\\\/\",\"name\":\"SnackOMio - Snack Premium para Perros | Mundo Animalito\",\"isPartOf\":{\"@id\":\"https:\\\/\\\/mundoanimalito.com\\\/#website\"},\"primaryImageOfPage\":{\"@id\":\"https:\\\/\\\/mundoanimalito.com\\\/index.php\\\/snackomio-snack-de-calidad-para-perros\\\/#primaryimage\"},\"image\":{\"@id\":\"https:\\\/\\\/mundoanimalito.com\\\/index.php\\\/snackomio-snack-de-calidad-para-perros\\\/#primaryimage\"},\"thumbnailUrl\":\"https:\\\/\\\/mundoanimalito.com\\\/wp-content\\\/uploads\\\/2024\\\/04\\\/716Pqa0VFzL._AC_SL1500_-728x1024.jpg\",\"datePublished\":\"2024-04-09T21:14:27+00:00\",\"dateModified\":\"2024-09-21T20:30:56+00:00\",\"description\":\"SnackOMio - Snack Premium para Perros - Barrita masticable crujiente con Filete de pechuga de Pollo, sin Cereales, 1 Pack (1 x 70g)\",\"breadcrumb\":{\"@id\":\"https:\\\/\\\/mundoanimalito.com\\\/index.php\\\/snackomio-snack-de-calidad-para-perros\\\/#breadcrumb\"},\"inLanguage\":\"es\",\"potentialAction\":[{\"@type\":\"ReadAction\",\"target\":[\"https:\\\/\\\/mundoanimalito.com\\\/index.php\\\/snackomio-snack-de-calidad-para-perros\\\/\"]}]},{\"@type\":\"ImageObject\",\"inLanguage\":\"es\",\"@id\":\"https:\\\/\\\/mundoanimalito.com\\\/index.php\\\/snackomio-snack-de-calidad-para-perros\\\/#primaryimage\",\"url\":\"https:\\\/\\\/mundoanimalito.com\\\/wp-content\\\/uploads\\\/2024\\\/04\\\/716Pqa0VFzL._AC_SL1500_.jpg\",\"contentUrl\":\"https:\\\/\\\/mundoanimalito.com\\\/wp-content\\\/uploads\\\/2024\\\/04\\\/716Pqa0VFzL._AC_SL1500_.jpg\",\"width\":1067,\"height\":1500,\"caption\":\"SnackOMio Snack de Calidad para Perros - crujientes palitos masticables de Filete de pechuga de Pollo, sin Cereales, 1 envase (1 x 70 g)\"},{\"@type\":\"BreadcrumbList\",\"@id\":\"https:\\\/\\\/mundoanimalito.com\\\/index.php\\\/snackomio-snack-de-calidad-para-perros\\\/#breadcrumb\",\"itemListElement\":[{\"@type\":\"ListItem\",\"position\":1,\"name\":\"Portada\",\"item\":\"https:\\\/\\\/mundoanimalito.com\\\/\"},{\"@type\":\"ListItem\",\"position\":2,\"name\":\"SnackOMio Snack de Calidad para Perros\"}]},{\"@type\":\"WebSite\",\"@id\":\"https:\\\/\\\/mundoanimalito.com\\\/#website\",\"url\":\"https:\\\/\\\/mundoanimalito.com\\\/\",\"name\":\"Mundo Animalito\",\"description\":\"Datos y curiosidades de los animales, encuentra ac\u00e1 todo para tu mascota\",\"publisher\":{\"@id\":\"https:\\\/\\\/mundoanimalito.com\\\/#organization\"},\"potentialAction\":[{\"@type\":\"SearchAction\",\"target\":{\"@type\":\"EntryPoint\",\"urlTemplate\":\"https:\\\/\\\/mundoanimalito.com\\\/?s={search_term_string}\"},\"query-input\":{\"@type\":\"PropertyValueSpecification\",\"valueRequired\":true,\"valueName\":\"search_term_string\"}}],\"inLanguage\":\"es\"},{\"@type\":\"Organization\",\"@id\":\"https:\\\/\\\/mundoanimalito.com\\\/#organization\",\"name\":\"Mundo Animalito\",\"url\":\"https:\\\/\\\/mundoanimalito.com\\\/\",\"logo\":{\"@type\":\"ImageObject\",\"inLanguage\":\"es\",\"@id\":\"https:\\\/\\\/mundoanimalito.com\\\/#\\\/schema\\\/logo\\\/image\\\/\",\"url\":\"https:\\\/\\\/mundoanimalito.com\\\/wp-content\\\/uploads\\\/2023\\\/10\\\/cropped-cropped-LOGO-OFICIAL-ULTIMA-VERSION-1.jpg\",\"contentUrl\":\"https:\\\/\\\/mundoanimalito.com\\\/wp-content\\\/uploads\\\/2023\\\/10\\\/cropped-cropped-LOGO-OFICIAL-ULTIMA-VERSION-1.jpg\",\"width\":374,\"height\":425,\"caption\":\"Mundo Animalito\"},\"image\":{\"@id\":\"https:\\\/\\\/mundoanimalito.com\\\/#\\\/schema\\\/logo\\\/image\\\/\"},\"sameAs\":[\"https:\\\/\\\/www.facebook.com\\\/mundoanimalito77\",\"https:\\\/\\\/www.instagram.com\\\/mundoanimalito77\\\/\",\"https:\\\/\\\/www.tiktok.com\\\/@mundoanimalito77\",\"https:\\\/\\\/www.youtube.com\\\/channel\\\/UCLo2JhNUNtHVraDt5aHadew\"]}]}<\/script>\n<!-- \/ Yoast SEO plugin. -->","yoast_head_json":{"title":"SnackOMio - Snack Premium para Perros | Mundo Animalito","description":"SnackOMio - Snack Premium para Perros - Barrita masticable crujiente con Filete de pechuga de Pollo, sin Cereales, 1 Pack (1 x 70g)","robots":{"index":"index","follow":"follow","max-snippet":"max-snippet:-1","max-image-preview":"max-image-preview:large","max-video-preview":"max-video-preview:-1"},"canonical":"https:\/\/mundoanimalito.com\/index.php\/snackomio-snack-de-calidad-para-perros\/","og_locale":"es_ES","og_type":"article","og_title":"SnackOMio - Snack Premium para Perros | Mundo Animalito","og_description":"SnackOMio - Snack Premium para Perros - Barrita masticable crujiente con Filete de pechuga de Pollo, sin Cereales, 1 Pack (1 x 70g)","og_url":"https:\/\/mundoanimalito.com\/index.php\/snackomio-snack-de-calidad-para-perros\/","og_site_name":"Mundo Animalito","article_publisher":"https:\/\/www.facebook.com\/mundoanimalito77","article_modified_time":"2024-09-21T20:30:56+00:00","og_image":[{"url":"https:\/\/mundoanimalito.com\/wp-content\/uploads\/2024\/04\/716Pqa0VFzL._AC_SL1500_-728x1024.jpg","type":"","width":"","height":""}],"twitter_card":"summary_large_image","twitter_misc":{"Tiempo de lectura":"2 minutos"},"schema":{"@context":"https:\/\/schema.org","@graph":[{"@type":"WebPage","@id":"https:\/\/mundoanimalito.com\/index.php\/snackomio-snack-de-calidad-para-perros\/","url":"https:\/\/mundoanimalito.com\/index.php\/snackomio-snack-de-calidad-para-perros\/","name":"SnackOMio - Snack Premium para Perros | Mundo Animalito","isPartOf":{"@id":"https:\/\/mundoanimalito.com\/#website"},"primaryImageOfPage":{"@id":"https:\/\/mundoanimalito.com\/index.php\/snackomio-snack-de-calidad-para-perros\/#primaryimage"},"image":{"@id":"https:\/\/mundoanimalito.com\/index.php\/snackomio-snack-de-calidad-para-perros\/#primaryimage"},"thumbnailUrl":"https:\/\/mundoanimalito.com\/wp-content\/uploads\/2024\/04\/716Pqa0VFzL._AC_SL1500_-728x1024.jpg","datePublished":"2024-04-09T21:14:27+00:00","dateModified":"2024-09-21T20:30:56+00:00","description":"SnackOMio - Snack Premium para Perros - Barrita masticable crujiente con Filete de pechuga de Pollo, sin Cereales, 1 Pack (1 x 70g)","breadcrumb":{"@id":"https:\/\/mundoanimalito.com\/index.php\/snackomio-snack-de-calidad-para-perros\/#breadcrumb"},"inLanguage":"es","potentialAction":[{"@type":"ReadAction","target":["https:\/\/mundoanimalito.com\/index.php\/snackomio-snack-de-calidad-para-perros\/"]}]},{"@type":"ImageObject","inLanguage":"es","@id":"https:\/\/mundoanimalito.com\/index.php\/snackomio-snack-de-calidad-para-perros\/#primaryimage","url":"https:\/\/mundoanimalito.com\/wp-content\/uploads\/2024\/04\/716Pqa0VFzL._AC_SL1500_.jpg","contentUrl":"https:\/\/mundoanimalito.com\/wp-content\/uploads\/2024\/04\/716Pqa0VFzL._AC_SL1500_.jpg","width":1067,"height":1500,"caption":"SnackOMio Snack de Calidad para Perros - crujientes palitos masticables de Filete de pechuga de Pollo, sin Cereales, 1 envase (1 x 70 g)"},{"@type":"BreadcrumbList","@id":"https:\/\/mundoanimalito.com\/index.php\/snackomio-snack-de-calidad-para-perros\/#breadcrumb","itemListElement":[{"@type":"ListItem","position":1,"name":"Portada","item":"https:\/\/mundoanimalito.com\/"},{"@type":"ListItem","position":2,"name":"SnackOMio Snack de Calidad para Perros"}]},{"@type":"WebSite","@id":"https:\/\/mundoanimalito.com\/#website","url":"https:\/\/mundoanimalito.com\/","name":"Mundo Animalito","description":"Datos y curiosidades de los animales, encuentra ac\u00e1 todo para tu mascota","publisher":{"@id":"https:\/\/mundoanimalito.com\/#organization"},"potentialAction":[{"@type":"SearchAction","target":{"@type":"EntryPoint","urlTemplate":"https:\/\/mundoanimalito.com\/?s={search_term_string}"},"query-input":{"@type":"PropertyValueSpecification","valueRequired":true,"valueName":"search_term_string"}}],"inLanguage":"es"},{"@type":"Organization","@id":"https:\/\/mundoanimalito.com\/#organization","name":"Mundo Animalito","url":"https:\/\/mundoanimalito.com\/","logo":{"@type":"ImageObject","inLanguage":"es","@id":"https:\/\/mundoanimalito.com\/#\/schema\/logo\/image\/","url":"https:\/\/mundoanimalito.com\/wp-content\/uploads\/2023\/10\/cropped-cropped-LOGO-OFICIAL-ULTIMA-VERSION-1.jpg","contentUrl":"https:\/\/mundoanimalito.com\/wp-content\/uploads\/2023\/10\/cropped-cropped-LOGO-OFICIAL-ULTIMA-VERSION-1.jpg","width":374,"height":425,"caption":"Mundo Animalito"},"image":{"@id":"https:\/\/mundoanimalito.com\/#\/schema\/logo\/image\/"},"sameAs":["https:\/\/www.facebook.com\/mundoanimalito77","https:\/\/www.instagram.com\/mundoanimalito77\/","https:\/\/www.tiktok.com\/@mundoanimalito77","https:\/\/www.youtube.com\/channel\/UCLo2JhNUNtHVraDt5aHadew"]}]}},"_links":{"self":[{"href":"https:\/\/mundoanimalito.com\/index.php\/wp-json\/wp\/v2\/pages\/20309","targetHints":{"allow":["GET"]}}],"collection":[{"href":"https:\/\/mundoanimalito.com\/index.php\/wp-json\/wp\/v2\/pages"}],"about":[{"href":"https:\/\/mundoanimalito.com\/index.php\/wp-json\/wp\/v2\/types\/page"}],"author":[{"embeddable":true,"href":"https:\/\/mundoanimalito.com\/index.php\/wp-json\/wp\/v2\/users\/1"}],"replies":[{"embeddable":true,"href":"https:\/\/mundoanimalito.com\/index.php\/wp-json\/wp\/v2\/comments?post=20309"}],"version-history":[{"count":0,"href":"https:\/\/mundoanimalito.com\/index.php\/wp-json\/wp\/v2\/pages\/20309\/revisions"}],"wp:attachment":[{"href":"https:\/\/mundoanimalito.com\/index.php\/wp-json\/wp\/v2\/media?parent=20309"}],"curies":[{"name":"wp","href":"https:\/\/api.w.org\/{rel}","templated":true}]}}