{"id":20227,"date":"2024-04-09T15:59:51","date_gmt":"2024-04-09T20:59:51","guid":{"rendered":"https:\/\/mundoanimalito.com\/?page_id=20227"},"modified":"2024-09-03T11:50:30","modified_gmt":"2024-09-03T16:50:30","slug":"advance-snacks-hypoallergenic-galletas-para-perros-pack-de-7-x-150-g-total-105-kg","status":"publish","type":"page","link":"https:\/\/mundoanimalito.com\/index.php\/advance-snacks-hypoallergenic-galletas-para-perros-pack-de-7-x-150-g-total-105-kg\/","title":{"rendered":"ADVANCE Snacks Hypoallergenic &#8211; Galletas Para Perros &#8211; Pack De 7 x 150 g &#8211; Total 1,05 kg"},"content":{"rendered":"\t\t<div data-elementor-type=\"wp-page\" data-elementor-id=\"20227\" class=\"elementor elementor-20227\" data-elementor-post-type=\"page\">\n\t\t\t\t<div class=\"elementor-element elementor-element-9eef3ce e-flex e-con-boxed e-con e-parent\" data-id=\"9eef3ce\" data-element_type=\"container\" data-e-type=\"container\">\n\t\t\t\t\t<div class=\"e-con-inner\">\n\t\t\t\t<div class=\"elementor-element elementor-element-9099ce9 elementor-invisible elementor-widget elementor-widget-heading\" data-id=\"9099ce9\" data-element_type=\"widget\" data-e-type=\"widget\" data-settings=\"{&quot;_animation&quot;:&quot;fadeInDown&quot;}\" data-widget_type=\"heading.default\">\n\t\t\t\t<div class=\"elementor-widget-container\">\n\t\t\t\t\t<h2 class=\"elementor-heading-title elementor-size-default\">\u00bfTu perro sufre de sensibilidad alimentaria o alergias? \u00a1No te preocupes m\u00e1s! Las galletas ADVANCE Hypoallergenic Snack est\u00e1n aqu\u00ed para proporcionarle a tu mascota una soluci\u00f3n sabrosa y saludable.<\/h2>\t\t\t\t<\/div>\n\t\t\t\t<\/div>\n\t\t\t\t\t<\/div>\n\t\t\t\t<\/div>\n\t\t<div class=\"elementor-element elementor-element-1f902c2 e-flex e-con-boxed e-con e-parent\" data-id=\"1f902c2\" data-element_type=\"container\" data-e-type=\"container\">\n\t\t\t\t\t<div class=\"e-con-inner\">\n\t\t<div class=\"elementor-element elementor-element-0c25f50 e-con-full e-flex e-con e-child\" data-id=\"0c25f50\" data-element_type=\"container\" data-e-type=\"container\">\n\t\t\t\t<div class=\"elementor-element elementor-element-88c6c39 elementor-widget elementor-widget-image\" data-id=\"88c6c39\" data-element_type=\"widget\" data-e-type=\"widget\" data-widget_type=\"image.default\">\n\t\t\t\t<div class=\"elementor-widget-container\">\n\t\t\t\t\t\t\t\t\t\t\t\t\t\t\t\t<a href=\"https:\/\/amzn.to\/3vNSP7a\" target=\"_blank\">\n\t\t\t\t\t\t\t<img fetchpriority=\"high\" decoding=\"async\" width=\"671\" height=\"1024\" src=\"https:\/\/mundoanimalito.com\/wp-content\/uploads\/2024\/04\/71zvxPSxEHL._AC_SL1500_-671x1024.jpg\" class=\"attachment-large size-large wp-image-20205\" alt=\"ADVANCE Snacks Hypoallergenic - Galletas Para Perros - Pack De 7 x 150 g - Total 1,05 kg\" srcset=\"https:\/\/mundoanimalito.com\/wp-content\/uploads\/2024\/04\/71zvxPSxEHL._AC_SL1500_-671x1024.jpg 671w, https:\/\/mundoanimalito.com\/wp-content\/uploads\/2024\/04\/71zvxPSxEHL._AC_SL1500_-197x300.jpg 197w, https:\/\/mundoanimalito.com\/wp-content\/uploads\/2024\/04\/71zvxPSxEHL._AC_SL1500_-768x1172.jpg 768w, https:\/\/mundoanimalito.com\/wp-content\/uploads\/2024\/04\/71zvxPSxEHL._AC_SL1500_.jpg 983w\" sizes=\"(max-width: 671px) 100vw, 671px\" \/>\t\t\t\t\t\t\t\t<\/a>\n\t\t\t\t\t\t\t\t\t\t\t\t\t\t\t<\/div>\n\t\t\t\t<\/div>\n\t\t\t\t<\/div>\n\t\t<div class=\"elementor-element elementor-element-0cd9d83 e-con-full e-flex e-con e-child\" data-id=\"0cd9d83\" data-element_type=\"container\" data-e-type=\"container\">\n\t\t\t\t<div class=\"elementor-element elementor-element-ca96093 elementor-widget elementor-widget-text-editor\" data-id=\"ca96093\" data-element_type=\"widget\" data-e-type=\"widget\" data-widget_type=\"text-editor.default\">\n\t\t\t\t<div class=\"elementor-widget-container\">\n\t\t\t\t\t\t\t\t\t<p>\ud83e\udd69 <strong>Prote\u00edna Hidrolizada:<\/strong> Estas galletas est\u00e1n hechas con un 100% de prote\u00edna hidrolizada, lo que significa que reducen significativamente el riesgo de reacciones al\u00e9rgicas alimentarias. Su bajo peso molecular las hace f\u00e1cilmente digeribles y menos propensas a desencadenar problemas de sensibilidad en tu perro.<\/p><p>\u00a0<\/p><p>\ud83c\udf7d\ufe0f <strong>Alta Digestibilidad:<\/strong> \u00bfTu perro tiene problemas digestivos? \u00a1Estas galletas pueden ser la soluci\u00f3n! Favorecen una digesti\u00f3n \u00f3ptima de los ingredientes, asegurando que tu mascota absorba todos los nutrientes necesarios para mantenerse saludable y lleno de energ\u00eda.<\/p><p>\u00a0<\/p><p>\ud83c\udf3e <strong>Carbohidratos Puros:<\/strong> Con carbohidratos puros y sin residuos proteicos, estas galletas son seguras incluso para los perros m\u00e1s sensibles. No hay riesgo de desencadenar reacciones al\u00e9rgicas, lo que proporciona tranquilidad tanto para ti como para tu mascota.<\/p><p>\u00a0<\/p><p>\ud83d\udc36 <strong>Cuidado Especializado:<\/strong> Dise\u00f1adas para perros adultos con sensibilidad alimentaria, estas galletas son una opci\u00f3n inteligente para mantener a tu amigo peludo feliz y saludable. Ya sea como un premio diario o como una golosina especial, cada bocado est\u00e1 lleno de beneficios nutricionales.<\/p><p>\u00a0<\/p><p>\ud83c\udf89 <strong>Pack de 7 Bolsas:<\/strong> Con 7 bolsas de 150g cada una, tendr\u00e1s suficientes galletas para consentir a tu perro durante mucho tiempo. \u00a1Es la soluci\u00f3n perfecta para mantener a tu mascota satisfecha y contenta!<\/p><p>\u00a0<\/p><p>No comprometas la felicidad y la salud de tu perro. \u00a1Haz clic en el enlace y a\u00f1ade las galletas ADVANCE Hypoallergenic Snack a tu carrito de compras hoy mismo para brindarle a tu peludo amigo el cuidado y la atenci\u00f3n que se merece!<\/p>\t\t\t\t\t\t\t\t<\/div>\n\t\t\t\t<\/div>\n\t\t\t\t<div class=\"elementor-element elementor-element-b9bd94f elementor-align-right elementor-widget elementor-widget-button\" data-id=\"b9bd94f\" data-element_type=\"widget\" data-e-type=\"widget\" data-widget_type=\"button.default\">\n\t\t\t\t<div class=\"elementor-widget-container\">\n\t\t\t\t\t\t\t\t\t<div class=\"elementor-button-wrapper\">\n\t\t\t\t\t<a class=\"elementor-button elementor-button-link elementor-size-sm\" href=\"https:\/\/amzn.to\/3vNSP7a\" target=\"_blank\">\n\t\t\t\t\t\t<span class=\"elementor-button-content-wrapper\">\n\t\t\t\t\t\t\t\t\t<span class=\"elementor-button-text\">Compra ahora en Amazon<\/span>\n\t\t\t\t\t<\/span>\n\t\t\t\t\t<\/a>\n\t\t\t\t<\/div>\n\t\t\t\t\t\t\t\t<\/div>\n\t\t\t\t<\/div>\n\t\t\t\t<\/div>\n\t\t\t\t\t<\/div>\n\t\t\t\t<\/div>\n\t\t<div class=\"elementor-element elementor-element-ee6ae7d e-flex e-con-boxed e-con e-parent\" data-id=\"ee6ae7d\" data-element_type=\"container\" data-e-type=\"container\">\n\t\t\t\t\t<div class=\"e-con-inner\">\n\t\t\t\t<div class=\"elementor-element elementor-element-0c8d919 elementor-arrows-position-inside elementor-pagination-position-outside elementor-widget elementor-widget-image-carousel\" data-id=\"0c8d919\" data-element_type=\"widget\" data-e-type=\"widget\" data-settings=\"{&quot;slides_to_show&quot;:&quot;1&quot;,&quot;navigation&quot;:&quot;both&quot;,&quot;autoplay&quot;:&quot;yes&quot;,&quot;pause_on_hover&quot;:&quot;yes&quot;,&quot;pause_on_interaction&quot;:&quot;yes&quot;,&quot;autoplay_speed&quot;:5000,&quot;infinite&quot;:&quot;yes&quot;,&quot;effect&quot;:&quot;slide&quot;,&quot;speed&quot;:500}\" data-widget_type=\"image-carousel.default\">\n\t\t\t\t<div class=\"elementor-widget-container\">\n\t\t\t\t\t\t\t<div class=\"elementor-image-carousel-wrapper swiper\" role=\"region\" aria-roledescription=\"carousel\" aria-label=\"Carrusel de im\u00e1genes\" dir=\"ltr\">\n\t\t\t<div class=\"elementor-image-carousel swiper-wrapper\" aria-live=\"off\">\n\t\t\t\t\t\t\t\t<div class=\"swiper-slide\" role=\"group\" aria-roledescription=\"slide\" aria-label=\"1 de 4\"><figure class=\"swiper-slide-inner\"><img decoding=\"async\" class=\"swiper-slide-image\" src=\"https:\/\/mundoanimalito.com\/wp-content\/uploads\/2024\/04\/51J2-ZZJvoL._AC_SX425_.jpg\" alt=\"ADVANCE Snacks Hypoallergenic - Galletas Para Perros - Pack De 7 x 150 g - Total 1,05 kg\" \/><\/figure><\/div><div class=\"swiper-slide\" role=\"group\" aria-roledescription=\"slide\" aria-label=\"2 de 4\"><figure class=\"swiper-slide-inner\"><img decoding=\"async\" class=\"swiper-slide-image\" src=\"https:\/\/mundoanimalito.com\/wp-content\/uploads\/2024\/04\/615cTugcsOL._AC_SL1500_-936x1024.jpg\" alt=\"ADVANCE Snacks Hypoallergenic - Galletas Para Perros - Pack De 7 x 150 g - Total 1,05 kg\" \/><\/figure><\/div><div class=\"swiper-slide\" role=\"group\" aria-roledescription=\"slide\" aria-label=\"3 de 4\"><figure class=\"swiper-slide-inner\"><img decoding=\"async\" class=\"swiper-slide-image\" src=\"https:\/\/mundoanimalito.com\/wp-content\/uploads\/2024\/04\/71Ay7fKi5JL._AC_SL1500_-1024x455.jpg\" alt=\"ADVANCE Snacks Hypoallergenic - Galletas Para Perros - Pack De 7 x 150 g - Total 1,05 kg\" \/><\/figure><\/div><div class=\"swiper-slide\" role=\"group\" aria-roledescription=\"slide\" aria-label=\"4 de 4\"><figure class=\"swiper-slide-inner\"><img decoding=\"async\" class=\"swiper-slide-image\" src=\"https:\/\/mundoanimalito.com\/wp-content\/uploads\/2024\/04\/81CGgBoL9uL._AC_SX425_.jpg\" alt=\"ADVANCE Snacks Hypoallergenic - Galletas Para Perros - Pack De 7 x 150 g - Total 1,05 kg\" \/><\/figure><\/div>\t\t\t<\/div>\n\t\t\t\t\t\t\t\t\t\t\t\t<div class=\"elementor-swiper-button elementor-swiper-button-prev\" role=\"button\" tabindex=\"0\">\n\t\t\t\t\t\t<i aria-hidden=\"true\" class=\"eicon-chevron-left\"><\/i>\t\t\t\t\t<\/div>\n\t\t\t\t\t<div class=\"elementor-swiper-button elementor-swiper-button-next\" role=\"button\" tabindex=\"0\">\n\t\t\t\t\t\t<i aria-hidden=\"true\" class=\"eicon-chevron-right\"><\/i>\t\t\t\t\t<\/div>\n\t\t\t\t\n\t\t\t\t\t\t\t\t\t<div class=\"swiper-pagination\"><\/div>\n\t\t\t\t\t\t\t\t\t<\/div>\n\t\t\t\t\t\t<\/div>\n\t\t\t\t<\/div>\n\t\t\t\t\t<\/div>\n\t\t\t\t<\/div>\n\t\t<div class=\"elementor-element elementor-element-54af4dd e-flex e-con-boxed e-con e-parent\" data-id=\"54af4dd\" data-element_type=\"container\" data-e-type=\"container\">\n\t\t\t\t\t<div class=\"e-con-inner\">\n\t\t\t\t<div class=\"elementor-element elementor-element-7d100c3 elementor-align-right elementor-widget elementor-widget-button\" data-id=\"7d100c3\" data-element_type=\"widget\" data-e-type=\"widget\" data-widget_type=\"button.default\">\n\t\t\t\t<div class=\"elementor-widget-container\">\n\t\t\t\t\t\t\t\t\t<div class=\"elementor-button-wrapper\">\n\t\t\t\t\t<a class=\"elementor-button elementor-button-link elementor-size-sm\" href=\"https:\/\/amzn.to\/3vNSP7a\" target=\"_blank\">\n\t\t\t\t\t\t<span class=\"elementor-button-content-wrapper\">\n\t\t\t\t\t\t\t\t\t<span class=\"elementor-button-text\">Compra ahora en Amazon<\/span>\n\t\t\t\t\t<\/span>\n\t\t\t\t\t<\/a>\n\t\t\t\t<\/div>\n\t\t\t\t\t\t\t\t<\/div>\n\t\t\t\t<\/div>\n\t\t\t\t\t<\/div>\n\t\t\t\t<\/div>\n\t\t\t\t<\/div>\n\t\t","protected":false},"excerpt":{"rendered":"<p>\u00bfTu perro sufre de sensibilidad alimentaria o alergias? \u00a1No te preocupes m\u00e1s! Las galletas ADVANCE Hypoallergenic Snack est\u00e1n aqu\u00ed para proporcionarle a tu mascota una soluci\u00f3n sabrosa y saludable. \ud83e\udd69 Prote\u00edna Hidrolizada: Estas galletas est\u00e1n hechas con un 100% de prote\u00edna hidrolizada, lo que significa que reducen significativamente el riesgo de reacciones al\u00e9rgicas alimentarias. Su [&hellip;]<\/p>\n","protected":false},"author":1,"featured_media":0,"parent":0,"menu_order":0,"comment_status":"closed","ping_status":"closed","template":"","meta":{"site-sidebar-layout":"no-sidebar","site-content-layout":"page-builder","ast-site-content-layout":"full-width-container","site-content-style":"default","site-sidebar-style":"default","ast-global-header-display":"","ast-banner-title-visibility":"","ast-main-header-display":"","ast-hfb-above-header-display":"","ast-hfb-below-header-display":"","ast-hfb-mobile-header-display":"","site-post-title":"disabled","ast-breadcrumbs-content":"","ast-featured-img":"disabled","footer-sml-layout":"","ast-disable-related-posts":"","theme-transparent-header-meta":"","adv-header-id-meta":"","stick-header-meta":"","header-above-stick-meta":"","header-main-stick-meta":"","header-below-stick-meta":"","astra-migrate-meta-layouts":"set","ast-page-background-enabled":"default","ast-page-background-meta":{"desktop":{"background-color":"var(--ast-global-color-4)","background-image":"","background-repeat":"repeat","background-position":"center center","background-size":"auto","background-attachment":"scroll","background-type":"","background-media":"","overlay-type":"","overlay-color":"","overlay-opacity":"","overlay-gradient":""},"tablet":{"background-color":"","background-image":"","background-repeat":"repeat","background-position":"center center","background-size":"auto","background-attachment":"scroll","background-type":"","background-media":"","overlay-type":"","overlay-color":"","overlay-opacity":"","overlay-gradient":""},"mobile":{"background-color":"","background-image":"","background-repeat":"repeat","background-position":"center center","background-size":"auto","background-attachment":"scroll","background-type":"","background-media":"","overlay-type":"","overlay-color":"","overlay-opacity":"","overlay-gradient":""}},"ast-content-background-meta":{"desktop":{"background-color":"var(--ast-global-color-5)","background-image":"","background-repeat":"repeat","background-position":"center center","background-size":"auto","background-attachment":"scroll","background-type":"","background-media":"","overlay-type":"","overlay-color":"","overlay-opacity":"","overlay-gradient":""},"tablet":{"background-color":"var(--ast-global-color-5)","background-image":"","background-repeat":"repeat","background-position":"center center","background-size":"auto","background-attachment":"scroll","background-type":"","background-media":"","overlay-type":"","overlay-color":"","overlay-opacity":"","overlay-gradient":""},"mobile":{"background-color":"var(--ast-global-color-5)","background-image":"","background-repeat":"repeat","background-position":"center center","background-size":"auto","background-attachment":"scroll","background-type":"","background-media":"","overlay-type":"","overlay-color":"","overlay-opacity":"","overlay-gradient":""}},"footnotes":""},"class_list":["post-20227","page","type-page","status-publish","hentry"],"yoast_head":"<!-- This site is optimized with the Yoast SEO plugin v27.5 - https:\/\/yoast.com\/product\/yoast-seo-wordpress\/ -->\n<title>Galletas para Perro | Mundo Animalito<\/title>\n<meta name=\"description\" content=\"ADVANCE Snacks Hypoallergenic - Galletas Para Perros - Pack De 7 x 150 g - Total 1,05 kg. Una Soluci\u00f3n Sabrosa y Saludable\" \/>\n<meta name=\"robots\" content=\"index, follow, max-snippet:-1, max-image-preview:large, max-video-preview:-1\" \/>\n<link rel=\"canonical\" href=\"https:\/\/mundoanimalito.com\/index.php\/advance-snacks-hypoallergenic-galletas-para-perros-pack-de-7-x-150-g-total-105-kg\/\" \/>\n<meta property=\"og:locale\" content=\"es_ES\" \/>\n<meta property=\"og:type\" content=\"article\" \/>\n<meta property=\"og:title\" content=\"Galletas para Perro | Mundo Animalito\" \/>\n<meta property=\"og:description\" content=\"ADVANCE Snacks Hypoallergenic - Galletas Para Perros - Pack De 7 x 150 g - Total 1,05 kg. Una Soluci\u00f3n Sabrosa y Saludable\" \/>\n<meta property=\"og:url\" content=\"https:\/\/mundoanimalito.com\/index.php\/advance-snacks-hypoallergenic-galletas-para-perros-pack-de-7-x-150-g-total-105-kg\/\" \/>\n<meta property=\"og:site_name\" content=\"Mundo Animalito\" \/>\n<meta property=\"article:publisher\" content=\"https:\/\/www.facebook.com\/mundoanimalito77\" \/>\n<meta property=\"article:modified_time\" content=\"2024-09-03T16:50:30+00:00\" \/>\n<meta property=\"og:image\" content=\"https:\/\/mundoanimalito.com\/wp-content\/uploads\/2024\/04\/71zvxPSxEHL._AC_SL1500_-671x1024.jpg\" \/>\n<meta name=\"twitter:card\" content=\"summary_large_image\" \/>\n<meta name=\"twitter:label1\" content=\"Tiempo de lectura\" \/>\n\t<meta name=\"twitter:data1\" content=\"3 minutos\" \/>\n<script type=\"application\/ld+json\" class=\"yoast-schema-graph\">{\"@context\":\"https:\\\/\\\/schema.org\",\"@graph\":[{\"@type\":\"WebPage\",\"@id\":\"https:\\\/\\\/mundoanimalito.com\\\/index.php\\\/advance-snacks-hypoallergenic-galletas-para-perros-pack-de-7-x-150-g-total-105-kg\\\/\",\"url\":\"https:\\\/\\\/mundoanimalito.com\\\/index.php\\\/advance-snacks-hypoallergenic-galletas-para-perros-pack-de-7-x-150-g-total-105-kg\\\/\",\"name\":\"Galletas para Perro | Mundo Animalito\",\"isPartOf\":{\"@id\":\"https:\\\/\\\/mundoanimalito.com\\\/#website\"},\"primaryImageOfPage\":{\"@id\":\"https:\\\/\\\/mundoanimalito.com\\\/index.php\\\/advance-snacks-hypoallergenic-galletas-para-perros-pack-de-7-x-150-g-total-105-kg\\\/#primaryimage\"},\"image\":{\"@id\":\"https:\\\/\\\/mundoanimalito.com\\\/index.php\\\/advance-snacks-hypoallergenic-galletas-para-perros-pack-de-7-x-150-g-total-105-kg\\\/#primaryimage\"},\"thumbnailUrl\":\"https:\\\/\\\/mundoanimalito.com\\\/wp-content\\\/uploads\\\/2024\\\/04\\\/71zvxPSxEHL._AC_SL1500_-671x1024.jpg\",\"datePublished\":\"2024-04-09T20:59:51+00:00\",\"dateModified\":\"2024-09-03T16:50:30+00:00\",\"description\":\"ADVANCE Snacks Hypoallergenic - Galletas Para Perros - Pack De 7 x 150 g - Total 1,05 kg. Una Soluci\u00f3n Sabrosa y Saludable\",\"breadcrumb\":{\"@id\":\"https:\\\/\\\/mundoanimalito.com\\\/index.php\\\/advance-snacks-hypoallergenic-galletas-para-perros-pack-de-7-x-150-g-total-105-kg\\\/#breadcrumb\"},\"inLanguage\":\"es\",\"potentialAction\":[{\"@type\":\"ReadAction\",\"target\":[\"https:\\\/\\\/mundoanimalito.com\\\/index.php\\\/advance-snacks-hypoallergenic-galletas-para-perros-pack-de-7-x-150-g-total-105-kg\\\/\"]}]},{\"@type\":\"ImageObject\",\"inLanguage\":\"es\",\"@id\":\"https:\\\/\\\/mundoanimalito.com\\\/index.php\\\/advance-snacks-hypoallergenic-galletas-para-perros-pack-de-7-x-150-g-total-105-kg\\\/#primaryimage\",\"url\":\"https:\\\/\\\/mundoanimalito.com\\\/wp-content\\\/uploads\\\/2024\\\/04\\\/71zvxPSxEHL._AC_SL1500_.jpg\",\"contentUrl\":\"https:\\\/\\\/mundoanimalito.com\\\/wp-content\\\/uploads\\\/2024\\\/04\\\/71zvxPSxEHL._AC_SL1500_.jpg\",\"width\":983,\"height\":1500,\"caption\":\"ADVANCE Snacks Hypoallergenic - Galletas Para Perros - Pack De 7 x 150 g - Total 1,05 kg\"},{\"@type\":\"BreadcrumbList\",\"@id\":\"https:\\\/\\\/mundoanimalito.com\\\/index.php\\\/advance-snacks-hypoallergenic-galletas-para-perros-pack-de-7-x-150-g-total-105-kg\\\/#breadcrumb\",\"itemListElement\":[{\"@type\":\"ListItem\",\"position\":1,\"name\":\"Portada\",\"item\":\"https:\\\/\\\/mundoanimalito.com\\\/\"},{\"@type\":\"ListItem\",\"position\":2,\"name\":\"ADVANCE Snacks Hypoallergenic &#8211; Galletas Para Perros &#8211; Pack De 7 x 150 g &#8211; Total 1,05 kg\"}]},{\"@type\":\"WebSite\",\"@id\":\"https:\\\/\\\/mundoanimalito.com\\\/#website\",\"url\":\"https:\\\/\\\/mundoanimalito.com\\\/\",\"name\":\"Mundo Animalito\",\"description\":\"Datos y curiosidades de los animales, encuentra ac\u00e1 todo para tu mascota\",\"publisher\":{\"@id\":\"https:\\\/\\\/mundoanimalito.com\\\/#organization\"},\"potentialAction\":[{\"@type\":\"SearchAction\",\"target\":{\"@type\":\"EntryPoint\",\"urlTemplate\":\"https:\\\/\\\/mundoanimalito.com\\\/?s={search_term_string}\"},\"query-input\":{\"@type\":\"PropertyValueSpecification\",\"valueRequired\":true,\"valueName\":\"search_term_string\"}}],\"inLanguage\":\"es\"},{\"@type\":\"Organization\",\"@id\":\"https:\\\/\\\/mundoanimalito.com\\\/#organization\",\"name\":\"Mundo Animalito\",\"url\":\"https:\\\/\\\/mundoanimalito.com\\\/\",\"logo\":{\"@type\":\"ImageObject\",\"inLanguage\":\"es\",\"@id\":\"https:\\\/\\\/mundoanimalito.com\\\/#\\\/schema\\\/logo\\\/image\\\/\",\"url\":\"https:\\\/\\\/mundoanimalito.com\\\/wp-content\\\/uploads\\\/2023\\\/10\\\/cropped-cropped-LOGO-OFICIAL-ULTIMA-VERSION-1.jpg\",\"contentUrl\":\"https:\\\/\\\/mundoanimalito.com\\\/wp-content\\\/uploads\\\/2023\\\/10\\\/cropped-cropped-LOGO-OFICIAL-ULTIMA-VERSION-1.jpg\",\"width\":374,\"height\":425,\"caption\":\"Mundo Animalito\"},\"image\":{\"@id\":\"https:\\\/\\\/mundoanimalito.com\\\/#\\\/schema\\\/logo\\\/image\\\/\"},\"sameAs\":[\"https:\\\/\\\/www.facebook.com\\\/mundoanimalito77\",\"https:\\\/\\\/www.instagram.com\\\/mundoanimalito77\\\/\",\"https:\\\/\\\/www.tiktok.com\\\/@mundoanimalito77\",\"https:\\\/\\\/www.youtube.com\\\/channel\\\/UCLo2JhNUNtHVraDt5aHadew\"]}]}<\/script>\n<!-- \/ Yoast SEO plugin. -->","yoast_head_json":{"title":"Galletas para Perro | Mundo Animalito","description":"ADVANCE Snacks Hypoallergenic - Galletas Para Perros - Pack De 7 x 150 g - Total 1,05 kg. Una Soluci\u00f3n Sabrosa y Saludable","robots":{"index":"index","follow":"follow","max-snippet":"max-snippet:-1","max-image-preview":"max-image-preview:large","max-video-preview":"max-video-preview:-1"},"canonical":"https:\/\/mundoanimalito.com\/index.php\/advance-snacks-hypoallergenic-galletas-para-perros-pack-de-7-x-150-g-total-105-kg\/","og_locale":"es_ES","og_type":"article","og_title":"Galletas para Perro | Mundo Animalito","og_description":"ADVANCE Snacks Hypoallergenic - Galletas Para Perros - Pack De 7 x 150 g - Total 1,05 kg. Una Soluci\u00f3n Sabrosa y Saludable","og_url":"https:\/\/mundoanimalito.com\/index.php\/advance-snacks-hypoallergenic-galletas-para-perros-pack-de-7-x-150-g-total-105-kg\/","og_site_name":"Mundo Animalito","article_publisher":"https:\/\/www.facebook.com\/mundoanimalito77","article_modified_time":"2024-09-03T16:50:30+00:00","og_image":[{"url":"https:\/\/mundoanimalito.com\/wp-content\/uploads\/2024\/04\/71zvxPSxEHL._AC_SL1500_-671x1024.jpg","type":"","width":"","height":""}],"twitter_card":"summary_large_image","twitter_misc":{"Tiempo de lectura":"3 minutos"},"schema":{"@context":"https:\/\/schema.org","@graph":[{"@type":"WebPage","@id":"https:\/\/mundoanimalito.com\/index.php\/advance-snacks-hypoallergenic-galletas-para-perros-pack-de-7-x-150-g-total-105-kg\/","url":"https:\/\/mundoanimalito.com\/index.php\/advance-snacks-hypoallergenic-galletas-para-perros-pack-de-7-x-150-g-total-105-kg\/","name":"Galletas para Perro | Mundo Animalito","isPartOf":{"@id":"https:\/\/mundoanimalito.com\/#website"},"primaryImageOfPage":{"@id":"https:\/\/mundoanimalito.com\/index.php\/advance-snacks-hypoallergenic-galletas-para-perros-pack-de-7-x-150-g-total-105-kg\/#primaryimage"},"image":{"@id":"https:\/\/mundoanimalito.com\/index.php\/advance-snacks-hypoallergenic-galletas-para-perros-pack-de-7-x-150-g-total-105-kg\/#primaryimage"},"thumbnailUrl":"https:\/\/mundoanimalito.com\/wp-content\/uploads\/2024\/04\/71zvxPSxEHL._AC_SL1500_-671x1024.jpg","datePublished":"2024-04-09T20:59:51+00:00","dateModified":"2024-09-03T16:50:30+00:00","description":"ADVANCE Snacks Hypoallergenic - Galletas Para Perros - Pack De 7 x 150 g - Total 1,05 kg. Una Soluci\u00f3n Sabrosa y Saludable","breadcrumb":{"@id":"https:\/\/mundoanimalito.com\/index.php\/advance-snacks-hypoallergenic-galletas-para-perros-pack-de-7-x-150-g-total-105-kg\/#breadcrumb"},"inLanguage":"es","potentialAction":[{"@type":"ReadAction","target":["https:\/\/mundoanimalito.com\/index.php\/advance-snacks-hypoallergenic-galletas-para-perros-pack-de-7-x-150-g-total-105-kg\/"]}]},{"@type":"ImageObject","inLanguage":"es","@id":"https:\/\/mundoanimalito.com\/index.php\/advance-snacks-hypoallergenic-galletas-para-perros-pack-de-7-x-150-g-total-105-kg\/#primaryimage","url":"https:\/\/mundoanimalito.com\/wp-content\/uploads\/2024\/04\/71zvxPSxEHL._AC_SL1500_.jpg","contentUrl":"https:\/\/mundoanimalito.com\/wp-content\/uploads\/2024\/04\/71zvxPSxEHL._AC_SL1500_.jpg","width":983,"height":1500,"caption":"ADVANCE Snacks Hypoallergenic - Galletas Para Perros - Pack De 7 x 150 g - Total 1,05 kg"},{"@type":"BreadcrumbList","@id":"https:\/\/mundoanimalito.com\/index.php\/advance-snacks-hypoallergenic-galletas-para-perros-pack-de-7-x-150-g-total-105-kg\/#breadcrumb","itemListElement":[{"@type":"ListItem","position":1,"name":"Portada","item":"https:\/\/mundoanimalito.com\/"},{"@type":"ListItem","position":2,"name":"ADVANCE Snacks Hypoallergenic &#8211; Galletas Para Perros &#8211; Pack De 7 x 150 g &#8211; Total 1,05 kg"}]},{"@type":"WebSite","@id":"https:\/\/mundoanimalito.com\/#website","url":"https:\/\/mundoanimalito.com\/","name":"Mundo Animalito","description":"Datos y curiosidades de los animales, encuentra ac\u00e1 todo para tu mascota","publisher":{"@id":"https:\/\/mundoanimalito.com\/#organization"},"potentialAction":[{"@type":"SearchAction","target":{"@type":"EntryPoint","urlTemplate":"https:\/\/mundoanimalito.com\/?s={search_term_string}"},"query-input":{"@type":"PropertyValueSpecification","valueRequired":true,"valueName":"search_term_string"}}],"inLanguage":"es"},{"@type":"Organization","@id":"https:\/\/mundoanimalito.com\/#organization","name":"Mundo Animalito","url":"https:\/\/mundoanimalito.com\/","logo":{"@type":"ImageObject","inLanguage":"es","@id":"https:\/\/mundoanimalito.com\/#\/schema\/logo\/image\/","url":"https:\/\/mundoanimalito.com\/wp-content\/uploads\/2023\/10\/cropped-cropped-LOGO-OFICIAL-ULTIMA-VERSION-1.jpg","contentUrl":"https:\/\/mundoanimalito.com\/wp-content\/uploads\/2023\/10\/cropped-cropped-LOGO-OFICIAL-ULTIMA-VERSION-1.jpg","width":374,"height":425,"caption":"Mundo Animalito"},"image":{"@id":"https:\/\/mundoanimalito.com\/#\/schema\/logo\/image\/"},"sameAs":["https:\/\/www.facebook.com\/mundoanimalito77","https:\/\/www.instagram.com\/mundoanimalito77\/","https:\/\/www.tiktok.com\/@mundoanimalito77","https:\/\/www.youtube.com\/channel\/UCLo2JhNUNtHVraDt5aHadew"]}]}},"_links":{"self":[{"href":"https:\/\/mundoanimalito.com\/index.php\/wp-json\/wp\/v2\/pages\/20227","targetHints":{"allow":["GET"]}}],"collection":[{"href":"https:\/\/mundoanimalito.com\/index.php\/wp-json\/wp\/v2\/pages"}],"about":[{"href":"https:\/\/mundoanimalito.com\/index.php\/wp-json\/wp\/v2\/types\/page"}],"author":[{"embeddable":true,"href":"https:\/\/mundoanimalito.com\/index.php\/wp-json\/wp\/v2\/users\/1"}],"replies":[{"embeddable":true,"href":"https:\/\/mundoanimalito.com\/index.php\/wp-json\/wp\/v2\/comments?post=20227"}],"version-history":[{"count":0,"href":"https:\/\/mundoanimalito.com\/index.php\/wp-json\/wp\/v2\/pages\/20227\/revisions"}],"wp:attachment":[{"href":"https:\/\/mundoanimalito.com\/index.php\/wp-json\/wp\/v2\/media?parent=20227"}],"curies":[{"name":"wp","href":"https:\/\/api.w.org\/{rel}","templated":true}]}}