{"id":20116,"date":"2024-04-09T14:54:30","date_gmt":"2024-04-09T19:54:30","guid":{"rendered":"https:\/\/mundoanimalito.com\/?page_id=20116"},"modified":"2024-09-03T16:00:53","modified_gmt":"2024-09-03T21:00:53","slug":"arquivet-twist-con-pollo-enrollado-snacks-naturales-para-perros","status":"publish","type":"page","link":"https:\/\/mundoanimalito.com\/index.php\/arquivet-twist-con-pollo-enrollado-snacks-naturales-para-perros\/","title":{"rendered":"Arquivet, Twist con pollo enrollado, Snacks Naturales para perros"},"content":{"rendered":"\t\t<div data-elementor-type=\"wp-page\" data-elementor-id=\"20116\" class=\"elementor elementor-20116\" data-elementor-post-type=\"page\">\n\t\t\t\t<div class=\"elementor-element elementor-element-51f7d7f e-flex e-con-boxed e-con e-parent\" data-id=\"51f7d7f\" data-element_type=\"container\" data-e-type=\"container\">\n\t\t\t\t\t<div class=\"e-con-inner\">\n\t\t\t\t<div class=\"elementor-element elementor-element-e38a825 elementor-invisible elementor-widget elementor-widget-heading\" data-id=\"e38a825\" data-element_type=\"widget\" data-e-type=\"widget\" data-settings=\"{&quot;_animation&quot;:&quot;fadeInDown&quot;}\" data-widget_type=\"heading.default\">\n\t\t\t\t<div class=\"elementor-widget-container\">\n\t\t\t\t\t<h2 class=\"elementor-heading-title elementor-size-default\">\u00bfQuieres consentir a tu perro con un delicioso premio que sea saludable y delicioso al mismo tiempo? \u00a1No busques m\u00e1s! Los Twist con Pollo Enrollado de Arquivet son la golosina perfecta para tu mejor amigo peludo.<\/h2>\t\t\t\t<\/div>\n\t\t\t\t<\/div>\n\t\t\t\t\t<\/div>\n\t\t\t\t<\/div>\n\t\t<div class=\"elementor-element elementor-element-aaabe15 e-flex e-con-boxed e-con e-parent\" data-id=\"aaabe15\" data-element_type=\"container\" data-e-type=\"container\">\n\t\t\t\t\t<div class=\"e-con-inner\">\n\t\t<div class=\"elementor-element elementor-element-eb27145 e-con-full e-flex e-con e-child\" data-id=\"eb27145\" data-element_type=\"container\" data-e-type=\"container\">\n\t\t\t\t<div class=\"elementor-element elementor-element-911f40d elementor-widget elementor-widget-image\" data-id=\"911f40d\" data-element_type=\"widget\" data-e-type=\"widget\" data-widget_type=\"image.default\">\n\t\t\t\t<div class=\"elementor-widget-container\">\n\t\t\t\t\t\t\t\t\t\t\t\t\t\t\t\t<a href=\"https:\/\/amzn.to\/49AJ9uq\" target=\"_blank\">\n\t\t\t\t\t\t\t<img fetchpriority=\"high\" decoding=\"async\" width=\"724\" height=\"1024\" src=\"https:\/\/mundoanimalito.com\/wp-content\/uploads\/2024\/04\/71DKuDXJxOS._AC_SL1500_-724x1024.jpg\" class=\"attachment-large size-large wp-image-20085\" alt=\"Arquivet, Twist con pollo enrollado, Snacks Naturales para perros, Chuches para perros, Golosinas para perro, Premios para tu mascota, 13 cm, 1 kg\" srcset=\"https:\/\/mundoanimalito.com\/wp-content\/uploads\/2024\/04\/71DKuDXJxOS._AC_SL1500_-724x1024.jpg 724w, https:\/\/mundoanimalito.com\/wp-content\/uploads\/2024\/04\/71DKuDXJxOS._AC_SL1500_-212x300.jpg 212w, https:\/\/mundoanimalito.com\/wp-content\/uploads\/2024\/04\/71DKuDXJxOS._AC_SL1500_-768x1086.jpg 768w, https:\/\/mundoanimalito.com\/wp-content\/uploads\/2024\/04\/71DKuDXJxOS._AC_SL1500_.jpg 991w\" sizes=\"(max-width: 724px) 100vw, 724px\" \/>\t\t\t\t\t\t\t\t<\/a>\n\t\t\t\t\t\t\t\t\t\t\t\t\t\t\t<\/div>\n\t\t\t\t<\/div>\n\t\t\t\t<\/div>\n\t\t<div class=\"elementor-element elementor-element-7eeb807 e-con-full e-flex e-con e-child\" data-id=\"7eeb807\" data-element_type=\"container\" data-e-type=\"container\">\n\t\t\t\t<div class=\"elementor-element elementor-element-45b1e3d elementor-widget elementor-widget-text-editor\" data-id=\"45b1e3d\" data-element_type=\"widget\" data-e-type=\"widget\" data-widget_type=\"text-editor.default\">\n\t\t\t\t<div class=\"elementor-widget-container\">\n\t\t\t\t\t\t\t\t\t<p>\ud83c\udf57 <strong>Rico en Prote\u00ednas y Bajo en Grasa:<\/strong> Estos premios est\u00e1n cargados de prote\u00ednas de alta calidad provenientes del pollo, lo que ayuda a mantener la masa muscular de tu perro fuerte y saludable. Adem\u00e1s, son bajos en grasa, lo que los convierte en una opci\u00f3n ideal para perros que necesitan controlar su peso.<\/p><p>\u00a0<\/p><p>\ud83d\udcaa <strong>Beneficios Nutricionales:<\/strong> Los Twist con Pollo Enrollado no solo son deliciosos, tambi\u00e9n son una fuente de tript\u00f3fano y vitaminas esenciales que contribuyen al bienestar general de tu mascota. El tript\u00f3fano es un amino\u00e1cido importante que ayuda a regular el estado de \u00e1nimo y promueve un sue\u00f1o reparador.<\/p><p>\u00a0<\/p><p>\ud83d\udc45 <strong>Sabor Irresistible:<\/strong> A tu perro le encantar\u00e1 el delicioso sabor a pollo que ofrece cada mordisco de estos premios. \u00a1Ver\u00e1s c\u00f3mo se relame los labios de pura felicidad cada vez que le des uno!<\/p><p>\u00a0<\/p><p>\ud83c\udf81 <strong>Regalo o Recompensa:<\/strong> Ya sea como una recompensa por un buen comportamiento, como un regalo especial o simplemente como un bocadillo entre comidas, los Twist con Pollo Enrollado son la elecci\u00f3n perfecta. Son ideales para entrenamiento, juegos interactivos o simplemente para demostrarle a tu perro cu\u00e1nto lo quieres.<\/p><p>\u00a0<\/p><p>\ud83c\udf1f <strong>Calidad Garantizada:<\/strong> Con Arquivet, puedes estar seguro de que est\u00e1s ofreciendo a tu perro productos de la m\u00e1s alta calidad. Cada golosina est\u00e1 cuidadosamente elaborada para garantizar la frescura y el sabor que tu perro merece.<\/p><p>\u00a0<\/p><p>\u00a1Haz feliz a tu perro con los Twist con Pollo Enrollado de Arquivet! Haz clic en el enlace y a\u00f1\u00e1delos a tu carrito de compras hoy mismo para consentir a tu mascota con un premio que se merece<\/p>\t\t\t\t\t\t\t\t<\/div>\n\t\t\t\t<\/div>\n\t\t\t\t<div class=\"elementor-element elementor-element-602aac0 elementor-align-right elementor-widget elementor-widget-button\" data-id=\"602aac0\" data-element_type=\"widget\" data-e-type=\"widget\" data-widget_type=\"button.default\">\n\t\t\t\t<div class=\"elementor-widget-container\">\n\t\t\t\t\t\t\t\t\t<div class=\"elementor-button-wrapper\">\n\t\t\t\t\t<a class=\"elementor-button elementor-button-link elementor-size-sm\" href=\"https:\/\/amzn.to\/49AJ9uq\" target=\"_blank\">\n\t\t\t\t\t\t<span class=\"elementor-button-content-wrapper\">\n\t\t\t\t\t\t\t\t\t<span class=\"elementor-button-text\">Compra ahora en Amazon<\/span>\n\t\t\t\t\t<\/span>\n\t\t\t\t\t<\/a>\n\t\t\t\t<\/div>\n\t\t\t\t\t\t\t\t<\/div>\n\t\t\t\t<\/div>\n\t\t\t\t<\/div>\n\t\t\t\t\t<\/div>\n\t\t\t\t<\/div>\n\t\t<div class=\"elementor-element elementor-element-96a020b e-flex e-con-boxed e-con e-parent\" data-id=\"96a020b\" data-element_type=\"container\" data-e-type=\"container\">\n\t\t\t\t\t<div class=\"e-con-inner\">\n\t\t\t\t<div class=\"elementor-element elementor-element-2bed787 elementor-arrows-position-inside elementor-pagination-position-outside elementor-widget elementor-widget-image-carousel\" data-id=\"2bed787\" data-element_type=\"widget\" data-e-type=\"widget\" data-settings=\"{&quot;slides_to_show&quot;:&quot;1&quot;,&quot;navigation&quot;:&quot;both&quot;,&quot;autoplay&quot;:&quot;yes&quot;,&quot;pause_on_hover&quot;:&quot;yes&quot;,&quot;pause_on_interaction&quot;:&quot;yes&quot;,&quot;autoplay_speed&quot;:5000,&quot;infinite&quot;:&quot;yes&quot;,&quot;effect&quot;:&quot;slide&quot;,&quot;speed&quot;:500}\" data-widget_type=\"image-carousel.default\">\n\t\t\t\t<div class=\"elementor-widget-container\">\n\t\t\t\t\t\t\t<div class=\"elementor-image-carousel-wrapper swiper\" role=\"region\" aria-roledescription=\"carousel\" aria-label=\"Carrusel de im\u00e1genes\" dir=\"ltr\">\n\t\t\t<div class=\"elementor-image-carousel swiper-wrapper\" aria-live=\"off\">\n\t\t\t\t\t\t\t\t<div class=\"swiper-slide\" role=\"group\" aria-roledescription=\"slide\" aria-label=\"1 de 4\"><figure class=\"swiper-slide-inner\"><img decoding=\"async\" class=\"swiper-slide-image\" src=\"https:\/\/mundoanimalito.com\/wp-content\/uploads\/2024\/04\/61YeF-aOOS._AC_SL1500_-1024x609.jpg\" alt=\"Arquivet, Twist con pollo enrollado, Snacks Naturales para perros, Chuches para perros, Golosinas para perro, Premios para tu mascota, 13 cm, 1 kg\" \/><\/figure><\/div><div class=\"swiper-slide\" role=\"group\" aria-roledescription=\"slide\" aria-label=\"2 de 4\"><figure class=\"swiper-slide-inner\"><img decoding=\"async\" class=\"swiper-slide-image\" src=\"https:\/\/mundoanimalito.com\/wp-content\/uploads\/2024\/04\/81qUYt2XlrL._AC_SL1500_-1024x1024.jpg\" alt=\"Arquivet, Twist con pollo enrollado, Snacks Naturales para perros, Chuches para perros, Golosinas para perro, Premios para tu mascota, 13 cm, 1 kg\" \/><\/figure><\/div><div class=\"swiper-slide\" role=\"group\" aria-roledescription=\"slide\" aria-label=\"3 de 4\"><figure class=\"swiper-slide-inner\"><img decoding=\"async\" class=\"swiper-slide-image\" src=\"https:\/\/mundoanimalito.com\/wp-content\/uploads\/2024\/04\/81mhOw1fEzS._AC_SL1500_-716x1024.jpg\" alt=\"Arquivet, Twist con pollo enrollado, Snacks Naturales para perros, Chuches para perros, Golosinas para perro, Premios para tu mascota, 13 cm, 1 kg\" \/><\/figure><\/div><div class=\"swiper-slide\" role=\"group\" aria-roledescription=\"slide\" aria-label=\"4 de 4\"><figure class=\"swiper-slide-inner\"><img decoding=\"async\" class=\"swiper-slide-image\" src=\"https:\/\/mundoanimalito.com\/wp-content\/uploads\/2024\/04\/71H-DhRPf1S._AC_SL1500_-1024x1024.jpg\" alt=\"Arquivet, Twist con pollo enrollado, Snacks Naturales para perros, Chuches para perros, Golosinas para perro, Premios para tu mascota, 13 cm, 1 kg\" \/><\/figure><\/div>\t\t\t<\/div>\n\t\t\t\t\t\t\t\t\t\t\t\t<div class=\"elementor-swiper-button elementor-swiper-button-prev\" role=\"button\" tabindex=\"0\">\n\t\t\t\t\t\t<i aria-hidden=\"true\" class=\"eicon-chevron-left\"><\/i>\t\t\t\t\t<\/div>\n\t\t\t\t\t<div class=\"elementor-swiper-button elementor-swiper-button-next\" role=\"button\" tabindex=\"0\">\n\t\t\t\t\t\t<i aria-hidden=\"true\" class=\"eicon-chevron-right\"><\/i>\t\t\t\t\t<\/div>\n\t\t\t\t\n\t\t\t\t\t\t\t\t\t<div class=\"swiper-pagination\"><\/div>\n\t\t\t\t\t\t\t\t\t<\/div>\n\t\t\t\t\t\t<\/div>\n\t\t\t\t<\/div>\n\t\t\t\t\t<\/div>\n\t\t\t\t<\/div>\n\t\t<div class=\"elementor-element elementor-element-b56c5ff e-flex e-con-boxed e-con e-parent\" data-id=\"b56c5ff\" data-element_type=\"container\" data-e-type=\"container\">\n\t\t\t\t\t<div class=\"e-con-inner\">\n\t\t\t\t<div class=\"elementor-element elementor-element-59f40f8 elementor-align-right elementor-widget elementor-widget-button\" data-id=\"59f40f8\" data-element_type=\"widget\" data-e-type=\"widget\" data-widget_type=\"button.default\">\n\t\t\t\t<div class=\"elementor-widget-container\">\n\t\t\t\t\t\t\t\t\t<div class=\"elementor-button-wrapper\">\n\t\t\t\t\t<a class=\"elementor-button elementor-button-link elementor-size-sm\" href=\"https:\/\/amzn.to\/49AJ9uq\" target=\"_blank\">\n\t\t\t\t\t\t<span class=\"elementor-button-content-wrapper\">\n\t\t\t\t\t\t\t\t\t<span class=\"elementor-button-text\">Compra ahora en Amazon<\/span>\n\t\t\t\t\t<\/span>\n\t\t\t\t\t<\/a>\n\t\t\t\t<\/div>\n\t\t\t\t\t\t\t\t<\/div>\n\t\t\t\t<\/div>\n\t\t\t\t\t<\/div>\n\t\t\t\t<\/div>\n\t\t\t\t<\/div>\n\t\t","protected":false},"excerpt":{"rendered":"<p>\u00bfQuieres consentir a tu perro con un delicioso premio que sea saludable y delicioso al mismo tiempo? \u00a1No busques m\u00e1s! Los Twist con Pollo Enrollado de Arquivet son la golosina perfecta para tu mejor amigo peludo. \ud83c\udf57 Rico en Prote\u00ednas y Bajo en Grasa: Estos premios est\u00e1n cargados de prote\u00ednas de alta calidad provenientes del [&hellip;]<\/p>\n","protected":false},"author":1,"featured_media":0,"parent":0,"menu_order":0,"comment_status":"closed","ping_status":"closed","template":"","meta":{"site-sidebar-layout":"no-sidebar","site-content-layout":"page-builder","ast-site-content-layout":"full-width-container","site-content-style":"default","site-sidebar-style":"default","ast-global-header-display":"","ast-banner-title-visibility":"","ast-main-header-display":"","ast-hfb-above-header-display":"","ast-hfb-below-header-display":"","ast-hfb-mobile-header-display":"","site-post-title":"disabled","ast-breadcrumbs-content":"","ast-featured-img":"disabled","footer-sml-layout":"","ast-disable-related-posts":"","theme-transparent-header-meta":"","adv-header-id-meta":"","stick-header-meta":"","header-above-stick-meta":"","header-main-stick-meta":"","header-below-stick-meta":"","astra-migrate-meta-layouts":"set","ast-page-background-enabled":"default","ast-page-background-meta":{"desktop":{"background-color":"var(--ast-global-color-4)","background-image":"","background-repeat":"repeat","background-position":"center center","background-size":"auto","background-attachment":"scroll","background-type":"","background-media":"","overlay-type":"","overlay-color":"","overlay-opacity":"","overlay-gradient":""},"tablet":{"background-color":"","background-image":"","background-repeat":"repeat","background-position":"center center","background-size":"auto","background-attachment":"scroll","background-type":"","background-media":"","overlay-type":"","overlay-color":"","overlay-opacity":"","overlay-gradient":""},"mobile":{"background-color":"","background-image":"","background-repeat":"repeat","background-position":"center center","background-size":"auto","background-attachment":"scroll","background-type":"","background-media":"","overlay-type":"","overlay-color":"","overlay-opacity":"","overlay-gradient":""}},"ast-content-background-meta":{"desktop":{"background-color":"var(--ast-global-color-5)","background-image":"","background-repeat":"repeat","background-position":"center center","background-size":"auto","background-attachment":"scroll","background-type":"","background-media":"","overlay-type":"","overlay-color":"","overlay-opacity":"","overlay-gradient":""},"tablet":{"background-color":"var(--ast-global-color-5)","background-image":"","background-repeat":"repeat","background-position":"center center","background-size":"auto","background-attachment":"scroll","background-type":"","background-media":"","overlay-type":"","overlay-color":"","overlay-opacity":"","overlay-gradient":""},"mobile":{"background-color":"var(--ast-global-color-5)","background-image":"","background-repeat":"repeat","background-position":"center center","background-size":"auto","background-attachment":"scroll","background-type":"","background-media":"","overlay-type":"","overlay-color":"","overlay-opacity":"","overlay-gradient":""}},"footnotes":""},"class_list":["post-20116","page","type-page","status-publish","hentry"],"yoast_head":"<!-- This site is optimized with the Yoast SEO plugin v27.4 - https:\/\/yoast.com\/product\/yoast-seo-wordpress\/ -->\n<title>Arquivet, Twist con Pollo Enrollado, Snacks Naturales para Perros<\/title>\n<meta name=\"description\" content=\"\u00bfQuieres consentir a tu perro con un delicioso premio que sea saludable y delicioso al mismo tiempo? \u00a1No busques m\u00e1s! Los Twist con Pollo Enrollado de Arquivet son la golosina perfecta para tu mejor amigo peludo.\" \/>\n<meta name=\"robots\" content=\"index, follow, max-snippet:-1, max-image-preview:large, max-video-preview:-1\" \/>\n<link rel=\"canonical\" href=\"https:\/\/mundoanimalito.com\/index.php\/arquivet-twist-con-pollo-enrollado-snacks-naturales-para-perros\/\" \/>\n<meta property=\"og:locale\" content=\"es_ES\" \/>\n<meta property=\"og:type\" content=\"article\" \/>\n<meta property=\"og:title\" content=\"Arquivet, Twist con Pollo Enrollado, Snacks Naturales para Perros\" \/>\n<meta property=\"og:description\" content=\"\u00bfQuieres consentir a tu perro con un delicioso premio que sea saludable y delicioso al mismo tiempo? \u00a1No busques m\u00e1s! Los Twist con Pollo Enrollado de Arquivet son la golosina perfecta para tu mejor amigo peludo.\" \/>\n<meta property=\"og:url\" content=\"https:\/\/mundoanimalito.com\/index.php\/arquivet-twist-con-pollo-enrollado-snacks-naturales-para-perros\/\" \/>\n<meta property=\"og:site_name\" content=\"Mundo Animalito\" \/>\n<meta property=\"article:publisher\" content=\"https:\/\/www.facebook.com\/mundoanimalito77\" \/>\n<meta property=\"article:modified_time\" content=\"2024-09-03T21:00:53+00:00\" \/>\n<meta property=\"og:image\" content=\"https:\/\/mundoanimalito.com\/wp-content\/uploads\/2024\/04\/71DKuDXJxOS._AC_SL1500_-724x1024.jpg\" \/>\n<meta name=\"twitter:card\" content=\"summary_large_image\" \/>\n<meta name=\"twitter:label1\" content=\"Tiempo de lectura\" \/>\n\t<meta name=\"twitter:data1\" content=\"3 minutos\" \/>\n<script type=\"application\/ld+json\" class=\"yoast-schema-graph\">{\"@context\":\"https:\\\/\\\/schema.org\",\"@graph\":[{\"@type\":\"WebPage\",\"@id\":\"https:\\\/\\\/mundoanimalito.com\\\/index.php\\\/arquivet-twist-con-pollo-enrollado-snacks-naturales-para-perros\\\/\",\"url\":\"https:\\\/\\\/mundoanimalito.com\\\/index.php\\\/arquivet-twist-con-pollo-enrollado-snacks-naturales-para-perros\\\/\",\"name\":\"Arquivet, Twist con Pollo Enrollado, Snacks Naturales para Perros\",\"isPartOf\":{\"@id\":\"https:\\\/\\\/mundoanimalito.com\\\/#website\"},\"primaryImageOfPage\":{\"@id\":\"https:\\\/\\\/mundoanimalito.com\\\/index.php\\\/arquivet-twist-con-pollo-enrollado-snacks-naturales-para-perros\\\/#primaryimage\"},\"image\":{\"@id\":\"https:\\\/\\\/mundoanimalito.com\\\/index.php\\\/arquivet-twist-con-pollo-enrollado-snacks-naturales-para-perros\\\/#primaryimage\"},\"thumbnailUrl\":\"https:\\\/\\\/mundoanimalito.com\\\/wp-content\\\/uploads\\\/2024\\\/04\\\/71DKuDXJxOS._AC_SL1500_-724x1024.jpg\",\"datePublished\":\"2024-04-09T19:54:30+00:00\",\"dateModified\":\"2024-09-03T21:00:53+00:00\",\"description\":\"\u00bfQuieres consentir a tu perro con un delicioso premio que sea saludable y delicioso al mismo tiempo? \u00a1No busques m\u00e1s! Los Twist con Pollo Enrollado de Arquivet son la golosina perfecta para tu mejor amigo peludo.\",\"breadcrumb\":{\"@id\":\"https:\\\/\\\/mundoanimalito.com\\\/index.php\\\/arquivet-twist-con-pollo-enrollado-snacks-naturales-para-perros\\\/#breadcrumb\"},\"inLanguage\":\"es\",\"potentialAction\":[{\"@type\":\"ReadAction\",\"target\":[\"https:\\\/\\\/mundoanimalito.com\\\/index.php\\\/arquivet-twist-con-pollo-enrollado-snacks-naturales-para-perros\\\/\"]}]},{\"@type\":\"ImageObject\",\"inLanguage\":\"es\",\"@id\":\"https:\\\/\\\/mundoanimalito.com\\\/index.php\\\/arquivet-twist-con-pollo-enrollado-snacks-naturales-para-perros\\\/#primaryimage\",\"url\":\"https:\\\/\\\/mundoanimalito.com\\\/wp-content\\\/uploads\\\/2024\\\/04\\\/71DKuDXJxOS._AC_SL1500_.jpg\",\"contentUrl\":\"https:\\\/\\\/mundoanimalito.com\\\/wp-content\\\/uploads\\\/2024\\\/04\\\/71DKuDXJxOS._AC_SL1500_.jpg\",\"width\":991,\"height\":1401,\"caption\":\"Arquivet, Twist con pollo enrollado, Snacks Naturales para perros, Chuches para perros, Golosinas para perro, Premios para tu mascota, 13 cm, 1 kg\"},{\"@type\":\"BreadcrumbList\",\"@id\":\"https:\\\/\\\/mundoanimalito.com\\\/index.php\\\/arquivet-twist-con-pollo-enrollado-snacks-naturales-para-perros\\\/#breadcrumb\",\"itemListElement\":[{\"@type\":\"ListItem\",\"position\":1,\"name\":\"Portada\",\"item\":\"https:\\\/\\\/mundoanimalito.com\\\/\"},{\"@type\":\"ListItem\",\"position\":2,\"name\":\"Arquivet, Twist con pollo enrollado, Snacks Naturales para perros\"}]},{\"@type\":\"WebSite\",\"@id\":\"https:\\\/\\\/mundoanimalito.com\\\/#website\",\"url\":\"https:\\\/\\\/mundoanimalito.com\\\/\",\"name\":\"Mundo Animalito\",\"description\":\"Datos y curiosidades de los animales, encuentra ac\u00e1 todo para tu mascota\",\"publisher\":{\"@id\":\"https:\\\/\\\/mundoanimalito.com\\\/#organization\"},\"potentialAction\":[{\"@type\":\"SearchAction\",\"target\":{\"@type\":\"EntryPoint\",\"urlTemplate\":\"https:\\\/\\\/mundoanimalito.com\\\/?s={search_term_string}\"},\"query-input\":{\"@type\":\"PropertyValueSpecification\",\"valueRequired\":true,\"valueName\":\"search_term_string\"}}],\"inLanguage\":\"es\"},{\"@type\":\"Organization\",\"@id\":\"https:\\\/\\\/mundoanimalito.com\\\/#organization\",\"name\":\"Mundo Animalito\",\"url\":\"https:\\\/\\\/mundoanimalito.com\\\/\",\"logo\":{\"@type\":\"ImageObject\",\"inLanguage\":\"es\",\"@id\":\"https:\\\/\\\/mundoanimalito.com\\\/#\\\/schema\\\/logo\\\/image\\\/\",\"url\":\"https:\\\/\\\/mundoanimalito.com\\\/wp-content\\\/uploads\\\/2023\\\/10\\\/cropped-cropped-LOGO-OFICIAL-ULTIMA-VERSION-1.jpg\",\"contentUrl\":\"https:\\\/\\\/mundoanimalito.com\\\/wp-content\\\/uploads\\\/2023\\\/10\\\/cropped-cropped-LOGO-OFICIAL-ULTIMA-VERSION-1.jpg\",\"width\":374,\"height\":425,\"caption\":\"Mundo Animalito\"},\"image\":{\"@id\":\"https:\\\/\\\/mundoanimalito.com\\\/#\\\/schema\\\/logo\\\/image\\\/\"},\"sameAs\":[\"https:\\\/\\\/www.facebook.com\\\/mundoanimalito77\",\"https:\\\/\\\/www.instagram.com\\\/mundoanimalito77\\\/\",\"https:\\\/\\\/www.tiktok.com\\\/@mundoanimalito77\",\"https:\\\/\\\/www.youtube.com\\\/channel\\\/UCLo2JhNUNtHVraDt5aHadew\"]}]}<\/script>\n<!-- \/ Yoast SEO plugin. -->","yoast_head_json":{"title":"Arquivet, Twist con Pollo Enrollado, Snacks Naturales para Perros","description":"\u00bfQuieres consentir a tu perro con un delicioso premio que sea saludable y delicioso al mismo tiempo? \u00a1No busques m\u00e1s! Los Twist con Pollo Enrollado de Arquivet son la golosina perfecta para tu mejor amigo peludo.","robots":{"index":"index","follow":"follow","max-snippet":"max-snippet:-1","max-image-preview":"max-image-preview:large","max-video-preview":"max-video-preview:-1"},"canonical":"https:\/\/mundoanimalito.com\/index.php\/arquivet-twist-con-pollo-enrollado-snacks-naturales-para-perros\/","og_locale":"es_ES","og_type":"article","og_title":"Arquivet, Twist con Pollo Enrollado, Snacks Naturales para Perros","og_description":"\u00bfQuieres consentir a tu perro con un delicioso premio que sea saludable y delicioso al mismo tiempo? \u00a1No busques m\u00e1s! Los Twist con Pollo Enrollado de Arquivet son la golosina perfecta para tu mejor amigo peludo.","og_url":"https:\/\/mundoanimalito.com\/index.php\/arquivet-twist-con-pollo-enrollado-snacks-naturales-para-perros\/","og_site_name":"Mundo Animalito","article_publisher":"https:\/\/www.facebook.com\/mundoanimalito77","article_modified_time":"2024-09-03T21:00:53+00:00","og_image":[{"url":"https:\/\/mundoanimalito.com\/wp-content\/uploads\/2024\/04\/71DKuDXJxOS._AC_SL1500_-724x1024.jpg","type":"","width":"","height":""}],"twitter_card":"summary_large_image","twitter_misc":{"Tiempo de lectura":"3 minutos"},"schema":{"@context":"https:\/\/schema.org","@graph":[{"@type":"WebPage","@id":"https:\/\/mundoanimalito.com\/index.php\/arquivet-twist-con-pollo-enrollado-snacks-naturales-para-perros\/","url":"https:\/\/mundoanimalito.com\/index.php\/arquivet-twist-con-pollo-enrollado-snacks-naturales-para-perros\/","name":"Arquivet, Twist con Pollo Enrollado, Snacks Naturales para Perros","isPartOf":{"@id":"https:\/\/mundoanimalito.com\/#website"},"primaryImageOfPage":{"@id":"https:\/\/mundoanimalito.com\/index.php\/arquivet-twist-con-pollo-enrollado-snacks-naturales-para-perros\/#primaryimage"},"image":{"@id":"https:\/\/mundoanimalito.com\/index.php\/arquivet-twist-con-pollo-enrollado-snacks-naturales-para-perros\/#primaryimage"},"thumbnailUrl":"https:\/\/mundoanimalito.com\/wp-content\/uploads\/2024\/04\/71DKuDXJxOS._AC_SL1500_-724x1024.jpg","datePublished":"2024-04-09T19:54:30+00:00","dateModified":"2024-09-03T21:00:53+00:00","description":"\u00bfQuieres consentir a tu perro con un delicioso premio que sea saludable y delicioso al mismo tiempo? \u00a1No busques m\u00e1s! Los Twist con Pollo Enrollado de Arquivet son la golosina perfecta para tu mejor amigo peludo.","breadcrumb":{"@id":"https:\/\/mundoanimalito.com\/index.php\/arquivet-twist-con-pollo-enrollado-snacks-naturales-para-perros\/#breadcrumb"},"inLanguage":"es","potentialAction":[{"@type":"ReadAction","target":["https:\/\/mundoanimalito.com\/index.php\/arquivet-twist-con-pollo-enrollado-snacks-naturales-para-perros\/"]}]},{"@type":"ImageObject","inLanguage":"es","@id":"https:\/\/mundoanimalito.com\/index.php\/arquivet-twist-con-pollo-enrollado-snacks-naturales-para-perros\/#primaryimage","url":"https:\/\/mundoanimalito.com\/wp-content\/uploads\/2024\/04\/71DKuDXJxOS._AC_SL1500_.jpg","contentUrl":"https:\/\/mundoanimalito.com\/wp-content\/uploads\/2024\/04\/71DKuDXJxOS._AC_SL1500_.jpg","width":991,"height":1401,"caption":"Arquivet, Twist con pollo enrollado, Snacks Naturales para perros, Chuches para perros, Golosinas para perro, Premios para tu mascota, 13 cm, 1 kg"},{"@type":"BreadcrumbList","@id":"https:\/\/mundoanimalito.com\/index.php\/arquivet-twist-con-pollo-enrollado-snacks-naturales-para-perros\/#breadcrumb","itemListElement":[{"@type":"ListItem","position":1,"name":"Portada","item":"https:\/\/mundoanimalito.com\/"},{"@type":"ListItem","position":2,"name":"Arquivet, Twist con pollo enrollado, Snacks Naturales para perros"}]},{"@type":"WebSite","@id":"https:\/\/mundoanimalito.com\/#website","url":"https:\/\/mundoanimalito.com\/","name":"Mundo Animalito","description":"Datos y curiosidades de los animales, encuentra ac\u00e1 todo para tu mascota","publisher":{"@id":"https:\/\/mundoanimalito.com\/#organization"},"potentialAction":[{"@type":"SearchAction","target":{"@type":"EntryPoint","urlTemplate":"https:\/\/mundoanimalito.com\/?s={search_term_string}"},"query-input":{"@type":"PropertyValueSpecification","valueRequired":true,"valueName":"search_term_string"}}],"inLanguage":"es"},{"@type":"Organization","@id":"https:\/\/mundoanimalito.com\/#organization","name":"Mundo Animalito","url":"https:\/\/mundoanimalito.com\/","logo":{"@type":"ImageObject","inLanguage":"es","@id":"https:\/\/mundoanimalito.com\/#\/schema\/logo\/image\/","url":"https:\/\/mundoanimalito.com\/wp-content\/uploads\/2023\/10\/cropped-cropped-LOGO-OFICIAL-ULTIMA-VERSION-1.jpg","contentUrl":"https:\/\/mundoanimalito.com\/wp-content\/uploads\/2023\/10\/cropped-cropped-LOGO-OFICIAL-ULTIMA-VERSION-1.jpg","width":374,"height":425,"caption":"Mundo Animalito"},"image":{"@id":"https:\/\/mundoanimalito.com\/#\/schema\/logo\/image\/"},"sameAs":["https:\/\/www.facebook.com\/mundoanimalito77","https:\/\/www.instagram.com\/mundoanimalito77\/","https:\/\/www.tiktok.com\/@mundoanimalito77","https:\/\/www.youtube.com\/channel\/UCLo2JhNUNtHVraDt5aHadew"]}]}},"_links":{"self":[{"href":"https:\/\/mundoanimalito.com\/index.php\/wp-json\/wp\/v2\/pages\/20116","targetHints":{"allow":["GET"]}}],"collection":[{"href":"https:\/\/mundoanimalito.com\/index.php\/wp-json\/wp\/v2\/pages"}],"about":[{"href":"https:\/\/mundoanimalito.com\/index.php\/wp-json\/wp\/v2\/types\/page"}],"author":[{"embeddable":true,"href":"https:\/\/mundoanimalito.com\/index.php\/wp-json\/wp\/v2\/users\/1"}],"replies":[{"embeddable":true,"href":"https:\/\/mundoanimalito.com\/index.php\/wp-json\/wp\/v2\/comments?post=20116"}],"version-history":[{"count":0,"href":"https:\/\/mundoanimalito.com\/index.php\/wp-json\/wp\/v2\/pages\/20116\/revisions"}],"wp:attachment":[{"href":"https:\/\/mundoanimalito.com\/index.php\/wp-json\/wp\/v2\/media?parent=20116"}],"curies":[{"name":"wp","href":"https:\/\/api.w.org\/{rel}","templated":true}]}}