{"id":19801,"date":"2024-04-09T11:31:02","date_gmt":"2024-04-09T16:31:02","guid":{"rendered":"https:\/\/mundoanimalito.com\/?page_id=19801"},"modified":"2024-09-04T18:12:54","modified_gmt":"2024-09-04T23:12:54","slug":"gimdog-pure-delight-pollo-con-atun-snack-para-perros-rico-en-proteinas","status":"publish","type":"page","link":"https:\/\/mundoanimalito.com\/index.php\/gimdog-pure-delight-pollo-con-atun-snack-para-perros-rico-en-proteinas\/","title":{"rendered":"GimDog Pure Delight, pollo con at\u00fan &#8211; Snack para perros rico en prote\u00ednas"},"content":{"rendered":"\t\t<div data-elementor-type=\"wp-page\" data-elementor-id=\"19801\" class=\"elementor elementor-19801\" data-elementor-post-type=\"page\">\n\t\t\t\t<div class=\"elementor-element elementor-element-15d9b40 e-flex e-con-boxed e-con e-parent\" data-id=\"15d9b40\" data-element_type=\"container\" data-e-type=\"container\">\n\t\t\t\t\t<div class=\"e-con-inner\">\n\t\t\t\t<div class=\"elementor-element elementor-element-870a3a9 elementor-invisible elementor-widget elementor-widget-heading\" data-id=\"870a3a9\" data-element_type=\"widget\" data-e-type=\"widget\" data-settings=\"{&quot;_animation&quot;:&quot;fadeInDown&quot;}\" data-widget_type=\"heading.default\">\n\t\t\t\t<div class=\"elementor-widget-container\">\n\t\t\t\t\t<h2 class=\"elementor-heading-title elementor-size-default\">\u00bfQuieres consentir a tu compa\u00f1ero canino con un snack delicioso y nutritivo? \u00a1Entonces GimDog Pure Delight es la elecci\u00f3n perfecta para ti y tu peludo amigo!<\/h2>\t\t\t\t<\/div>\n\t\t\t\t<\/div>\n\t\t\t\t\t<\/div>\n\t\t\t\t<\/div>\n\t\t<div class=\"elementor-element elementor-element-56e0af3 e-flex e-con-boxed e-con e-parent\" data-id=\"56e0af3\" data-element_type=\"container\" data-e-type=\"container\">\n\t\t\t\t\t<div class=\"e-con-inner\">\n\t\t<div class=\"elementor-element elementor-element-ffba620 e-con-full e-flex e-con e-child\" data-id=\"ffba620\" data-element_type=\"container\" data-e-type=\"container\">\n\t\t\t\t<div class=\"elementor-element elementor-element-8abc2e1 elementor-widget elementor-widget-image\" data-id=\"8abc2e1\" data-element_type=\"widget\" data-e-type=\"widget\" data-widget_type=\"image.default\">\n\t\t\t\t<div class=\"elementor-widget-container\">\n\t\t\t\t\t\t\t\t\t\t\t\t\t\t\t\t<a href=\"https:\/\/amzn.to\/3VXkHAt\" target=\"_blank\">\n\t\t\t\t\t\t\t<img fetchpriority=\"high\" decoding=\"async\" width=\"1023\" height=\"847\" src=\"https:\/\/mundoanimalito.com\/wp-content\/uploads\/2024\/04\/617wYd7IOGL._AC_SL1200_-1.jpg\" class=\"attachment-large size-large wp-image-19824\" alt=\"GimDog Pure Delight, pollo con at\u00fan - Snack para perros rico en prote\u00ednas, con carne tierna en deliciosa gelatina - 12 latas (12 x 85 g)\" srcset=\"https:\/\/mundoanimalito.com\/wp-content\/uploads\/2024\/04\/617wYd7IOGL._AC_SL1200_-1.jpg 1023w, https:\/\/mundoanimalito.com\/wp-content\/uploads\/2024\/04\/617wYd7IOGL._AC_SL1200_-1-300x248.jpg 300w, https:\/\/mundoanimalito.com\/wp-content\/uploads\/2024\/04\/617wYd7IOGL._AC_SL1200_-1-768x636.jpg 768w\" sizes=\"(max-width: 1023px) 100vw, 1023px\" \/>\t\t\t\t\t\t\t\t<\/a>\n\t\t\t\t\t\t\t\t\t\t\t\t\t\t\t<\/div>\n\t\t\t\t<\/div>\n\t\t\t\t<\/div>\n\t\t<div class=\"elementor-element elementor-element-be253a2 e-con-full e-flex e-con e-child\" data-id=\"be253a2\" data-element_type=\"container\" data-e-type=\"container\">\n\t\t\t\t<div class=\"elementor-element elementor-element-b005db9 elementor-widget elementor-widget-text-editor\" data-id=\"b005db9\" data-element_type=\"widget\" data-e-type=\"widget\" data-widget_type=\"text-editor.default\">\n\t\t\t\t<div class=\"elementor-widget-container\">\n\t\t\t\t\t\t\t\t\t<p>\ud83c\udf57 <strong>Alto Contenido de Carne:<\/strong> Cada lata de GimDog Pure Delight est\u00e1 cargada con jugosos trozos de carne de pollo y at\u00fan, dos fuentes de prote\u00ednas animales que satisfacen el instinto carn\u00edvoro de tu perro. Con un contenido de carne del 43%, este snack es una excelente fuente de prote\u00ednas de alta calidad que promueven m\u00fasculos fuertes y una salud \u00f3ptima.<\/p><p>\u00a0<\/p><p>\ud83d\udc1f <strong>Duo Animal Protein:<\/strong> \u00bfPor qu\u00e9 conformarse con una sola fuente de prote\u00edna cuando puedes tener dos? GimDog Pure Delight combina lo mejor de la carne y el pescado en una deliciosa gelatina, ofreciendo a tu perro una experiencia de sabor incomparable que lo mantendr\u00e1 deseando m\u00e1s.<\/p><p>\u00a0<\/p><p>\ud83c\udf3f <strong>Ingredientes Naturales:<\/strong> Pensando en la salud y el bienestar de tu mascota, GimDog Pure Delight est\u00e1 elaborado sin gluten, colorantes ni conservantes artificiales, y tampoco contiene az\u00facar a\u00f1adido. Con una receta cuidadosamente seleccionada, puedes estar seguro de que est\u00e1s ofreciendo a tu perro un snack seguro y saludable.<\/p>\t\t\t\t\t\t\t\t<\/div>\n\t\t\t\t<\/div>\n\t\t\t\t<\/div>\n\t\t\t\t\t<\/div>\n\t\t\t\t<\/div>\n\t\t<div class=\"elementor-element elementor-element-795dbac e-flex e-con-boxed e-con e-parent\" data-id=\"795dbac\" data-element_type=\"container\" data-e-type=\"container\">\n\t\t\t\t\t<div class=\"e-con-inner\">\n\t\t\t\t<div class=\"elementor-element elementor-element-b60e075 elementor-widget elementor-widget-text-editor\" data-id=\"b60e075\" data-element_type=\"widget\" data-e-type=\"widget\" data-widget_type=\"text-editor.default\">\n\t\t\t\t<div class=\"elementor-widget-container\">\n\t\t\t\t\t\t\t\t\t<p>\ud83c\udf81 <strong>Conveniente Pack de 12:<\/strong> Con este pack, tendr\u00e1s suficiente GimDog Pure Delight para consentir a tu perro durante d\u00edas. Cada lata de 85g es perfecta como recompensa especial para perros peque\u00f1os de hasta 10 kg, permiti\u00e9ndote mantener a tu amigo peludo feliz y satisfecho en todo momento.<\/p><p>\u00a0<\/p><p>No esperes m\u00e1s para deleitar a tu perro con el irresistible sabor de GimDog Pure Delight. Haz clic en el enlace y a\u00f1ade este delicioso snack a tu carrito de compras hoy mismo. \u00a1Tu peludo te lo agradecer\u00e1 con saltos de alegr\u00eda y cola wagging!<\/p>\t\t\t\t\t\t\t\t<\/div>\n\t\t\t\t<\/div>\n\t\t\t\t\t<\/div>\n\t\t\t\t<\/div>\n\t\t<div class=\"elementor-element elementor-element-3200bf1 e-flex e-con-boxed e-con e-parent\" data-id=\"3200bf1\" data-element_type=\"container\" data-e-type=\"container\">\n\t\t\t\t\t<div class=\"e-con-inner\">\n\t\t\t\t<div class=\"elementor-element elementor-element-b60e556 elementor-align-right elementor-widget elementor-widget-button\" data-id=\"b60e556\" data-element_type=\"widget\" data-e-type=\"widget\" data-widget_type=\"button.default\">\n\t\t\t\t<div class=\"elementor-widget-container\">\n\t\t\t\t\t\t\t\t\t<div class=\"elementor-button-wrapper\">\n\t\t\t\t\t<a class=\"elementor-button elementor-button-link elementor-size-sm\" href=\"https:\/\/amzn.to\/3VXkHAt\" target=\"_blank\">\n\t\t\t\t\t\t<span class=\"elementor-button-content-wrapper\">\n\t\t\t\t\t\t\t\t\t<span class=\"elementor-button-text\">Compra ahora en Amazon<\/span>\n\t\t\t\t\t<\/span>\n\t\t\t\t\t<\/a>\n\t\t\t\t<\/div>\n\t\t\t\t\t\t\t\t<\/div>\n\t\t\t\t<\/div>\n\t\t\t\t\t<\/div>\n\t\t\t\t<\/div>\n\t\t<div class=\"elementor-element elementor-element-08ee552 e-flex e-con-boxed e-con e-parent\" data-id=\"08ee552\" data-element_type=\"container\" data-e-type=\"container\">\n\t\t\t\t\t<div class=\"e-con-inner\">\n\t\t\t\t<div class=\"elementor-element elementor-element-f75023b elementor-arrows-position-inside elementor-pagination-position-outside elementor-widget elementor-widget-image-carousel\" data-id=\"f75023b\" data-element_type=\"widget\" data-e-type=\"widget\" data-settings=\"{&quot;slides_to_show&quot;:&quot;1&quot;,&quot;navigation&quot;:&quot;both&quot;,&quot;autoplay&quot;:&quot;yes&quot;,&quot;pause_on_hover&quot;:&quot;yes&quot;,&quot;pause_on_interaction&quot;:&quot;yes&quot;,&quot;autoplay_speed&quot;:5000,&quot;infinite&quot;:&quot;yes&quot;,&quot;effect&quot;:&quot;slide&quot;,&quot;speed&quot;:500}\" data-widget_type=\"image-carousel.default\">\n\t\t\t\t<div class=\"elementor-widget-container\">\n\t\t\t\t\t\t\t<div class=\"elementor-image-carousel-wrapper swiper\" role=\"region\" aria-roledescription=\"carousel\" aria-label=\"Carrusel de im\u00e1genes\" dir=\"ltr\">\n\t\t\t<div class=\"elementor-image-carousel swiper-wrapper\" aria-live=\"off\">\n\t\t\t\t\t\t\t\t<div class=\"swiper-slide\" role=\"group\" aria-roledescription=\"slide\" aria-label=\"1 de 2\"><figure class=\"swiper-slide-inner\"><img decoding=\"async\" class=\"swiper-slide-image\" src=\"https:\/\/mundoanimalito.com\/wp-content\/uploads\/2024\/04\/51jlbvbKBCL._AC_SL1200_.jpg\" alt=\"GimDog Pure Delight, pollo con at\u00fan - Snack para perros rico en prote\u00ednas, con carne tierna en deliciosa gelatina - 12 latas (12 x 85 g)\" \/><\/figure><\/div><div class=\"swiper-slide\" role=\"group\" aria-roledescription=\"slide\" aria-label=\"2 de 2\"><figure class=\"swiper-slide-inner\"><img decoding=\"async\" class=\"swiper-slide-image\" src=\"https:\/\/mundoanimalito.com\/wp-content\/uploads\/2024\/04\/61peUKUP9WL._AC_SL1138_-1006x1024.jpg\" alt=\"GimDog Pure Delight, pollo con at\u00fan - Snack para perros rico en prote\u00ednas, con carne tierna en deliciosa gelatina - 12 latas (12 x 85 g)\" \/><\/figure><\/div>\t\t\t<\/div>\n\t\t\t\t\t\t\t\t\t\t\t\t<div class=\"elementor-swiper-button elementor-swiper-button-prev\" role=\"button\" tabindex=\"0\">\n\t\t\t\t\t\t<i aria-hidden=\"true\" class=\"eicon-chevron-left\"><\/i>\t\t\t\t\t<\/div>\n\t\t\t\t\t<div class=\"elementor-swiper-button elementor-swiper-button-next\" role=\"button\" tabindex=\"0\">\n\t\t\t\t\t\t<i aria-hidden=\"true\" class=\"eicon-chevron-right\"><\/i>\t\t\t\t\t<\/div>\n\t\t\t\t\n\t\t\t\t\t\t\t\t\t<div class=\"swiper-pagination\"><\/div>\n\t\t\t\t\t\t\t\t\t<\/div>\n\t\t\t\t\t\t<\/div>\n\t\t\t\t<\/div>\n\t\t\t\t\t<\/div>\n\t\t\t\t<\/div>\n\t\t<div class=\"elementor-element elementor-element-68bcc5d e-flex e-con-boxed e-con e-parent\" data-id=\"68bcc5d\" data-element_type=\"container\" data-e-type=\"container\">\n\t\t\t\t\t<div class=\"e-con-inner\">\n\t\t\t\t<div class=\"elementor-element elementor-element-5e14586 elementor-align-right elementor-widget elementor-widget-button\" data-id=\"5e14586\" data-element_type=\"widget\" data-e-type=\"widget\" data-widget_type=\"button.default\">\n\t\t\t\t<div class=\"elementor-widget-container\">\n\t\t\t\t\t\t\t\t\t<div class=\"elementor-button-wrapper\">\n\t\t\t\t\t<a class=\"elementor-button elementor-button-link elementor-size-sm\" href=\"https:\/\/amzn.to\/3VXkHAt\" target=\"_blank\">\n\t\t\t\t\t\t<span class=\"elementor-button-content-wrapper\">\n\t\t\t\t\t\t\t\t\t<span class=\"elementor-button-text\">Compra ahora en Amazon<\/span>\n\t\t\t\t\t<\/span>\n\t\t\t\t\t<\/a>\n\t\t\t\t<\/div>\n\t\t\t\t\t\t\t\t<\/div>\n\t\t\t\t<\/div>\n\t\t\t\t\t<\/div>\n\t\t\t\t<\/div>\n\t\t\t\t<\/div>\n\t\t","protected":false},"excerpt":{"rendered":"<p>\u00bfQuieres consentir a tu compa\u00f1ero canino con un snack delicioso y nutritivo? \u00a1Entonces GimDog Pure Delight es la elecci\u00f3n perfecta para ti y tu peludo amigo! \ud83c\udf57 Alto Contenido de Carne: Cada lata de GimDog Pure Delight est\u00e1 cargada con jugosos trozos de carne de pollo y at\u00fan, dos fuentes de prote\u00ednas animales que satisfacen [&hellip;]<\/p>\n","protected":false},"author":1,"featured_media":0,"parent":0,"menu_order":0,"comment_status":"closed","ping_status":"closed","template":"","meta":{"site-sidebar-layout":"no-sidebar","site-content-layout":"page-builder","ast-site-content-layout":"full-width-container","site-content-style":"default","site-sidebar-style":"default","ast-global-header-display":"","ast-banner-title-visibility":"","ast-main-header-display":"","ast-hfb-above-header-display":"","ast-hfb-below-header-display":"","ast-hfb-mobile-header-display":"","site-post-title":"disabled","ast-breadcrumbs-content":"","ast-featured-img":"disabled","footer-sml-layout":"","ast-disable-related-posts":"","theme-transparent-header-meta":"","adv-header-id-meta":"","stick-header-meta":"","header-above-stick-meta":"","header-main-stick-meta":"","header-below-stick-meta":"","astra-migrate-meta-layouts":"set","ast-page-background-enabled":"default","ast-page-background-meta":{"desktop":{"background-color":"var(--ast-global-color-4)","background-image":"","background-repeat":"repeat","background-position":"center center","background-size":"auto","background-attachment":"scroll","background-type":"","background-media":"","overlay-type":"","overlay-color":"","overlay-opacity":"","overlay-gradient":""},"tablet":{"background-color":"","background-image":"","background-repeat":"repeat","background-position":"center center","background-size":"auto","background-attachment":"scroll","background-type":"","background-media":"","overlay-type":"","overlay-color":"","overlay-opacity":"","overlay-gradient":""},"mobile":{"background-color":"","background-image":"","background-repeat":"repeat","background-position":"center center","background-size":"auto","background-attachment":"scroll","background-type":"","background-media":"","overlay-type":"","overlay-color":"","overlay-opacity":"","overlay-gradient":""}},"ast-content-background-meta":{"desktop":{"background-color":"var(--ast-global-color-5)","background-image":"","background-repeat":"repeat","background-position":"center center","background-size":"auto","background-attachment":"scroll","background-type":"","background-media":"","overlay-type":"","overlay-color":"","overlay-opacity":"","overlay-gradient":""},"tablet":{"background-color":"var(--ast-global-color-5)","background-image":"","background-repeat":"repeat","background-position":"center center","background-size":"auto","background-attachment":"scroll","background-type":"","background-media":"","overlay-type":"","overlay-color":"","overlay-opacity":"","overlay-gradient":""},"mobile":{"background-color":"var(--ast-global-color-5)","background-image":"","background-repeat":"repeat","background-position":"center center","background-size":"auto","background-attachment":"scroll","background-type":"","background-media":"","overlay-type":"","overlay-color":"","overlay-opacity":"","overlay-gradient":""}},"footnotes":""},"class_list":["post-19801","page","type-page","status-publish","hentry"],"yoast_head":"<!-- This site is optimized with the Yoast SEO plugin v27.5 - https:\/\/yoast.com\/product\/yoast-seo-wordpress\/ -->\n<title>GimDog Pure Delight, Pollo con At\u00fan | Mundo Animalito<\/title>\n<meta name=\"description\" content=\"GimDog Pure Delight, pollo con at\u00fan - Snack para perros rico en prote\u00ednas, con carne tierna en deliciosa gelatina - 12 latas (12 x 85 g)\" \/>\n<meta name=\"robots\" content=\"index, follow, max-snippet:-1, max-image-preview:large, max-video-preview:-1\" \/>\n<link rel=\"canonical\" href=\"https:\/\/mundoanimalito.com\/index.php\/gimdog-pure-delight-pollo-con-atun-snack-para-perros-rico-en-proteinas\/\" \/>\n<meta property=\"og:locale\" content=\"es_ES\" \/>\n<meta property=\"og:type\" content=\"article\" \/>\n<meta property=\"og:title\" content=\"GimDog Pure Delight, Pollo con At\u00fan | Mundo Animalito\" \/>\n<meta property=\"og:description\" content=\"GimDog Pure Delight, pollo con at\u00fan - Snack para perros rico en prote\u00ednas, con carne tierna en deliciosa gelatina - 12 latas (12 x 85 g)\" \/>\n<meta property=\"og:url\" content=\"https:\/\/mundoanimalito.com\/index.php\/gimdog-pure-delight-pollo-con-atun-snack-para-perros-rico-en-proteinas\/\" \/>\n<meta property=\"og:site_name\" content=\"Mundo Animalito\" \/>\n<meta property=\"article:publisher\" content=\"https:\/\/www.facebook.com\/mundoanimalito77\" \/>\n<meta property=\"article:modified_time\" content=\"2024-09-04T23:12:54+00:00\" \/>\n<meta property=\"og:image\" content=\"https:\/\/mundoanimalito.com\/wp-content\/uploads\/2024\/04\/617wYd7IOGL._AC_SL1200_-1.jpg\" \/>\n<meta name=\"twitter:card\" content=\"summary_large_image\" \/>\n<meta name=\"twitter:label1\" content=\"Tiempo de lectura\" \/>\n\t<meta name=\"twitter:data1\" content=\"2 minutos\" \/>\n<script type=\"application\/ld+json\" class=\"yoast-schema-graph\">{\"@context\":\"https:\\\/\\\/schema.org\",\"@graph\":[{\"@type\":\"WebPage\",\"@id\":\"https:\\\/\\\/mundoanimalito.com\\\/index.php\\\/gimdog-pure-delight-pollo-con-atun-snack-para-perros-rico-en-proteinas\\\/\",\"url\":\"https:\\\/\\\/mundoanimalito.com\\\/index.php\\\/gimdog-pure-delight-pollo-con-atun-snack-para-perros-rico-en-proteinas\\\/\",\"name\":\"GimDog Pure Delight, Pollo con At\u00fan | Mundo Animalito\",\"isPartOf\":{\"@id\":\"https:\\\/\\\/mundoanimalito.com\\\/#website\"},\"primaryImageOfPage\":{\"@id\":\"https:\\\/\\\/mundoanimalito.com\\\/index.php\\\/gimdog-pure-delight-pollo-con-atun-snack-para-perros-rico-en-proteinas\\\/#primaryimage\"},\"image\":{\"@id\":\"https:\\\/\\\/mundoanimalito.com\\\/index.php\\\/gimdog-pure-delight-pollo-con-atun-snack-para-perros-rico-en-proteinas\\\/#primaryimage\"},\"thumbnailUrl\":\"https:\\\/\\\/mundoanimalito.com\\\/wp-content\\\/uploads\\\/2024\\\/04\\\/617wYd7IOGL._AC_SL1200_-1.jpg\",\"datePublished\":\"2024-04-09T16:31:02+00:00\",\"dateModified\":\"2024-09-04T23:12:54+00:00\",\"description\":\"GimDog Pure Delight, pollo con at\u00fan - Snack para perros rico en prote\u00ednas, con carne tierna en deliciosa gelatina - 12 latas (12 x 85 g)\",\"breadcrumb\":{\"@id\":\"https:\\\/\\\/mundoanimalito.com\\\/index.php\\\/gimdog-pure-delight-pollo-con-atun-snack-para-perros-rico-en-proteinas\\\/#breadcrumb\"},\"inLanguage\":\"es\",\"potentialAction\":[{\"@type\":\"ReadAction\",\"target\":[\"https:\\\/\\\/mundoanimalito.com\\\/index.php\\\/gimdog-pure-delight-pollo-con-atun-snack-para-perros-rico-en-proteinas\\\/\"]}]},{\"@type\":\"ImageObject\",\"inLanguage\":\"es\",\"@id\":\"https:\\\/\\\/mundoanimalito.com\\\/index.php\\\/gimdog-pure-delight-pollo-con-atun-snack-para-perros-rico-en-proteinas\\\/#primaryimage\",\"url\":\"https:\\\/\\\/mundoanimalito.com\\\/wp-content\\\/uploads\\\/2024\\\/04\\\/617wYd7IOGL._AC_SL1200_-1.jpg\",\"contentUrl\":\"https:\\\/\\\/mundoanimalito.com\\\/wp-content\\\/uploads\\\/2024\\\/04\\\/617wYd7IOGL._AC_SL1200_-1.jpg\",\"width\":1023,\"height\":847,\"caption\":\"GimDog Pure Delight, pollo con at\u00fan - Snack para perros rico en prote\u00ednas, con carne tierna en deliciosa gelatina - 12 latas (12 x 85 g)\"},{\"@type\":\"BreadcrumbList\",\"@id\":\"https:\\\/\\\/mundoanimalito.com\\\/index.php\\\/gimdog-pure-delight-pollo-con-atun-snack-para-perros-rico-en-proteinas\\\/#breadcrumb\",\"itemListElement\":[{\"@type\":\"ListItem\",\"position\":1,\"name\":\"Portada\",\"item\":\"https:\\\/\\\/mundoanimalito.com\\\/\"},{\"@type\":\"ListItem\",\"position\":2,\"name\":\"GimDog Pure Delight, pollo con at\u00fan &#8211; Snack para perros rico en prote\u00ednas\"}]},{\"@type\":\"WebSite\",\"@id\":\"https:\\\/\\\/mundoanimalito.com\\\/#website\",\"url\":\"https:\\\/\\\/mundoanimalito.com\\\/\",\"name\":\"Mundo Animalito\",\"description\":\"Datos y curiosidades de los animales, encuentra ac\u00e1 todo para tu mascota\",\"publisher\":{\"@id\":\"https:\\\/\\\/mundoanimalito.com\\\/#organization\"},\"potentialAction\":[{\"@type\":\"SearchAction\",\"target\":{\"@type\":\"EntryPoint\",\"urlTemplate\":\"https:\\\/\\\/mundoanimalito.com\\\/?s={search_term_string}\"},\"query-input\":{\"@type\":\"PropertyValueSpecification\",\"valueRequired\":true,\"valueName\":\"search_term_string\"}}],\"inLanguage\":\"es\"},{\"@type\":\"Organization\",\"@id\":\"https:\\\/\\\/mundoanimalito.com\\\/#organization\",\"name\":\"Mundo Animalito\",\"url\":\"https:\\\/\\\/mundoanimalito.com\\\/\",\"logo\":{\"@type\":\"ImageObject\",\"inLanguage\":\"es\",\"@id\":\"https:\\\/\\\/mundoanimalito.com\\\/#\\\/schema\\\/logo\\\/image\\\/\",\"url\":\"https:\\\/\\\/mundoanimalito.com\\\/wp-content\\\/uploads\\\/2023\\\/10\\\/cropped-cropped-LOGO-OFICIAL-ULTIMA-VERSION-1.jpg\",\"contentUrl\":\"https:\\\/\\\/mundoanimalito.com\\\/wp-content\\\/uploads\\\/2023\\\/10\\\/cropped-cropped-LOGO-OFICIAL-ULTIMA-VERSION-1.jpg\",\"width\":374,\"height\":425,\"caption\":\"Mundo Animalito\"},\"image\":{\"@id\":\"https:\\\/\\\/mundoanimalito.com\\\/#\\\/schema\\\/logo\\\/image\\\/\"},\"sameAs\":[\"https:\\\/\\\/www.facebook.com\\\/mundoanimalito77\",\"https:\\\/\\\/www.instagram.com\\\/mundoanimalito77\\\/\",\"https:\\\/\\\/www.tiktok.com\\\/@mundoanimalito77\",\"https:\\\/\\\/www.youtube.com\\\/channel\\\/UCLo2JhNUNtHVraDt5aHadew\"]}]}<\/script>\n<!-- \/ Yoast SEO plugin. -->","yoast_head_json":{"title":"GimDog Pure Delight, Pollo con At\u00fan | Mundo Animalito","description":"GimDog Pure Delight, pollo con at\u00fan - Snack para perros rico en prote\u00ednas, con carne tierna en deliciosa gelatina - 12 latas (12 x 85 g)","robots":{"index":"index","follow":"follow","max-snippet":"max-snippet:-1","max-image-preview":"max-image-preview:large","max-video-preview":"max-video-preview:-1"},"canonical":"https:\/\/mundoanimalito.com\/index.php\/gimdog-pure-delight-pollo-con-atun-snack-para-perros-rico-en-proteinas\/","og_locale":"es_ES","og_type":"article","og_title":"GimDog Pure Delight, Pollo con At\u00fan | Mundo Animalito","og_description":"GimDog Pure Delight, pollo con at\u00fan - Snack para perros rico en prote\u00ednas, con carne tierna en deliciosa gelatina - 12 latas (12 x 85 g)","og_url":"https:\/\/mundoanimalito.com\/index.php\/gimdog-pure-delight-pollo-con-atun-snack-para-perros-rico-en-proteinas\/","og_site_name":"Mundo Animalito","article_publisher":"https:\/\/www.facebook.com\/mundoanimalito77","article_modified_time":"2024-09-04T23:12:54+00:00","og_image":[{"url":"https:\/\/mundoanimalito.com\/wp-content\/uploads\/2024\/04\/617wYd7IOGL._AC_SL1200_-1.jpg","type":"","width":"","height":""}],"twitter_card":"summary_large_image","twitter_misc":{"Tiempo de lectura":"2 minutos"},"schema":{"@context":"https:\/\/schema.org","@graph":[{"@type":"WebPage","@id":"https:\/\/mundoanimalito.com\/index.php\/gimdog-pure-delight-pollo-con-atun-snack-para-perros-rico-en-proteinas\/","url":"https:\/\/mundoanimalito.com\/index.php\/gimdog-pure-delight-pollo-con-atun-snack-para-perros-rico-en-proteinas\/","name":"GimDog Pure Delight, Pollo con At\u00fan | Mundo Animalito","isPartOf":{"@id":"https:\/\/mundoanimalito.com\/#website"},"primaryImageOfPage":{"@id":"https:\/\/mundoanimalito.com\/index.php\/gimdog-pure-delight-pollo-con-atun-snack-para-perros-rico-en-proteinas\/#primaryimage"},"image":{"@id":"https:\/\/mundoanimalito.com\/index.php\/gimdog-pure-delight-pollo-con-atun-snack-para-perros-rico-en-proteinas\/#primaryimage"},"thumbnailUrl":"https:\/\/mundoanimalito.com\/wp-content\/uploads\/2024\/04\/617wYd7IOGL._AC_SL1200_-1.jpg","datePublished":"2024-04-09T16:31:02+00:00","dateModified":"2024-09-04T23:12:54+00:00","description":"GimDog Pure Delight, pollo con at\u00fan - Snack para perros rico en prote\u00ednas, con carne tierna en deliciosa gelatina - 12 latas (12 x 85 g)","breadcrumb":{"@id":"https:\/\/mundoanimalito.com\/index.php\/gimdog-pure-delight-pollo-con-atun-snack-para-perros-rico-en-proteinas\/#breadcrumb"},"inLanguage":"es","potentialAction":[{"@type":"ReadAction","target":["https:\/\/mundoanimalito.com\/index.php\/gimdog-pure-delight-pollo-con-atun-snack-para-perros-rico-en-proteinas\/"]}]},{"@type":"ImageObject","inLanguage":"es","@id":"https:\/\/mundoanimalito.com\/index.php\/gimdog-pure-delight-pollo-con-atun-snack-para-perros-rico-en-proteinas\/#primaryimage","url":"https:\/\/mundoanimalito.com\/wp-content\/uploads\/2024\/04\/617wYd7IOGL._AC_SL1200_-1.jpg","contentUrl":"https:\/\/mundoanimalito.com\/wp-content\/uploads\/2024\/04\/617wYd7IOGL._AC_SL1200_-1.jpg","width":1023,"height":847,"caption":"GimDog Pure Delight, pollo con at\u00fan - Snack para perros rico en prote\u00ednas, con carne tierna en deliciosa gelatina - 12 latas (12 x 85 g)"},{"@type":"BreadcrumbList","@id":"https:\/\/mundoanimalito.com\/index.php\/gimdog-pure-delight-pollo-con-atun-snack-para-perros-rico-en-proteinas\/#breadcrumb","itemListElement":[{"@type":"ListItem","position":1,"name":"Portada","item":"https:\/\/mundoanimalito.com\/"},{"@type":"ListItem","position":2,"name":"GimDog Pure Delight, pollo con at\u00fan &#8211; Snack para perros rico en prote\u00ednas"}]},{"@type":"WebSite","@id":"https:\/\/mundoanimalito.com\/#website","url":"https:\/\/mundoanimalito.com\/","name":"Mundo Animalito","description":"Datos y curiosidades de los animales, encuentra ac\u00e1 todo para tu mascota","publisher":{"@id":"https:\/\/mundoanimalito.com\/#organization"},"potentialAction":[{"@type":"SearchAction","target":{"@type":"EntryPoint","urlTemplate":"https:\/\/mundoanimalito.com\/?s={search_term_string}"},"query-input":{"@type":"PropertyValueSpecification","valueRequired":true,"valueName":"search_term_string"}}],"inLanguage":"es"},{"@type":"Organization","@id":"https:\/\/mundoanimalito.com\/#organization","name":"Mundo Animalito","url":"https:\/\/mundoanimalito.com\/","logo":{"@type":"ImageObject","inLanguage":"es","@id":"https:\/\/mundoanimalito.com\/#\/schema\/logo\/image\/","url":"https:\/\/mundoanimalito.com\/wp-content\/uploads\/2023\/10\/cropped-cropped-LOGO-OFICIAL-ULTIMA-VERSION-1.jpg","contentUrl":"https:\/\/mundoanimalito.com\/wp-content\/uploads\/2023\/10\/cropped-cropped-LOGO-OFICIAL-ULTIMA-VERSION-1.jpg","width":374,"height":425,"caption":"Mundo Animalito"},"image":{"@id":"https:\/\/mundoanimalito.com\/#\/schema\/logo\/image\/"},"sameAs":["https:\/\/www.facebook.com\/mundoanimalito77","https:\/\/www.instagram.com\/mundoanimalito77\/","https:\/\/www.tiktok.com\/@mundoanimalito77","https:\/\/www.youtube.com\/channel\/UCLo2JhNUNtHVraDt5aHadew"]}]}},"_links":{"self":[{"href":"https:\/\/mundoanimalito.com\/index.php\/wp-json\/wp\/v2\/pages\/19801","targetHints":{"allow":["GET"]}}],"collection":[{"href":"https:\/\/mundoanimalito.com\/index.php\/wp-json\/wp\/v2\/pages"}],"about":[{"href":"https:\/\/mundoanimalito.com\/index.php\/wp-json\/wp\/v2\/types\/page"}],"author":[{"embeddable":true,"href":"https:\/\/mundoanimalito.com\/index.php\/wp-json\/wp\/v2\/users\/1"}],"replies":[{"embeddable":true,"href":"https:\/\/mundoanimalito.com\/index.php\/wp-json\/wp\/v2\/comments?post=19801"}],"version-history":[{"count":0,"href":"https:\/\/mundoanimalito.com\/index.php\/wp-json\/wp\/v2\/pages\/19801\/revisions"}],"wp:attachment":[{"href":"https:\/\/mundoanimalito.com\/index.php\/wp-json\/wp\/v2\/media?parent=19801"}],"curies":[{"name":"wp","href":"https:\/\/api.w.org\/{rel}","templated":true}]}}