{"id":19240,"date":"2024-04-08T19:11:10","date_gmt":"2024-04-09T00:11:10","guid":{"rendered":"https:\/\/mundoanimalito.com\/?page_id=19240"},"modified":"2024-09-04T15:36:10","modified_gmt":"2024-09-04T20:36:10","slug":"dehner-comida-para-perros-vacuno-6-x-800-g-4800-g","status":"publish","type":"page","link":"https:\/\/mundoanimalito.com\/index.php\/dehner-comida-para-perros-vacuno-6-x-800-g-4800-g\/","title":{"rendered":"Dehner Comida para Perros, Vacuno, 6 x 800 g (4800 g)"},"content":{"rendered":"\t\t<div data-elementor-type=\"wp-page\" data-elementor-id=\"19240\" class=\"elementor elementor-19240\" data-elementor-post-type=\"page\">\n\t\t\t\t<div class=\"elementor-element elementor-element-b776296 e-flex e-con-boxed e-con e-parent\" data-id=\"b776296\" data-element_type=\"container\" data-e-type=\"container\">\n\t\t\t\t\t<div class=\"e-con-inner\">\n\t\t\t\t<div class=\"elementor-element elementor-element-87659e7 elementor-invisible elementor-widget elementor-widget-heading\" data-id=\"87659e7\" data-element_type=\"widget\" data-e-type=\"widget\" data-settings=\"{&quot;_animation&quot;:&quot;fadeInDown&quot;}\" data-widget_type=\"heading.default\">\n\t\t\t\t<div class=\"elementor-widget-container\">\n\t\t\t\t\t<h2 class=\"elementor-heading-title elementor-size-default\">\u00bfEst\u00e1s buscando el alimento perfecto para tu perro que sea delicioso, nutritivo y cuidadosamente formulado para sus necesidades? \u00a1Entonces Dehner Comida para Perros es la elecci\u00f3n ideal para ti y tu peludo amigo!<\/h2>\t\t\t\t<\/div>\n\t\t\t\t<\/div>\n\t\t\t\t\t<\/div>\n\t\t\t\t<\/div>\n\t\t<div class=\"elementor-element elementor-element-c3afa74 e-flex e-con-boxed e-con e-parent\" data-id=\"c3afa74\" data-element_type=\"container\" data-e-type=\"container\">\n\t\t\t\t\t<div class=\"e-con-inner\">\n\t\t<div class=\"elementor-element elementor-element-06d6a14 e-con-full e-flex e-con e-child\" data-id=\"06d6a14\" data-element_type=\"container\" data-e-type=\"container\">\n\t\t\t\t<div class=\"elementor-element elementor-element-261f70d elementor-widget elementor-widget-image\" data-id=\"261f70d\" data-element_type=\"widget\" data-e-type=\"widget\" data-widget_type=\"image.default\">\n\t\t\t\t<div class=\"elementor-widget-container\">\n\t\t\t\t\t\t\t\t\t\t\t\t\t\t\t\t<a href=\"https:\/\/amzn.to\/4cPawUf\" target=\"_blank\">\n\t\t\t\t\t\t\t<img fetchpriority=\"high\" decoding=\"async\" width=\"805\" height=\"945\" src=\"https:\/\/mundoanimalito.com\/wp-content\/uploads\/2024\/04\/61wuA5ymcML._AC_SL1107_.jpg\" class=\"attachment-large size-large wp-image-19218\" alt=\"Dehner Comida para Perros, Vacuno, 6 x 800 g (4800 g)\" srcset=\"https:\/\/mundoanimalito.com\/wp-content\/uploads\/2024\/04\/61wuA5ymcML._AC_SL1107_.jpg 805w, https:\/\/mundoanimalito.com\/wp-content\/uploads\/2024\/04\/61wuA5ymcML._AC_SL1107_-256x300.jpg 256w, https:\/\/mundoanimalito.com\/wp-content\/uploads\/2024\/04\/61wuA5ymcML._AC_SL1107_-768x902.jpg 768w\" sizes=\"(max-width: 805px) 100vw, 805px\" \/>\t\t\t\t\t\t\t\t<\/a>\n\t\t\t\t\t\t\t\t\t\t\t\t\t\t\t<\/div>\n\t\t\t\t<\/div>\n\t\t\t\t<\/div>\n\t\t<div class=\"elementor-element elementor-element-287eb5d e-con-full e-flex e-con e-child\" data-id=\"287eb5d\" data-element_type=\"container\" data-e-type=\"container\">\n\t\t\t\t<div class=\"elementor-element elementor-element-27a5d5d elementor-widget elementor-widget-text-editor\" data-id=\"27a5d5d\" data-element_type=\"widget\" data-e-type=\"widget\" data-widget_type=\"text-editor.default\">\n\t\t\t\t<div class=\"elementor-widget-container\">\n\t\t\t\t\t\t\t\t\t<p>\ud83e\udd69 <strong>Abundante en Carne de Vacuno:<\/strong> Con una proporci\u00f3n alta de carne de vacuno, este pienso h\u00famedo proporciona a tu perro una fuente de prote\u00ednas de alta calidad para mantener sus m\u00fasculos fuertes y saludables. Adem\u00e1s, \u00a1tu perro va a amar su delicioso sabor!<\/p><p>\u00a0<\/p><p>\ud83d\udeab <strong>Sin Cereales y Sin Aditivos Artificiales:<\/strong> Esta comida para perros est\u00e1 formulada sin cereales, lo que la hace ideal para perros con sensibilidades alimentarias y alergias. Adem\u00e1s, Dehner se enorgullece de ofrecer un producto sin aditivos artificiales, solo ingredientes naturales de alta calidad para la mejor nutrici\u00f3n de tu perro.<\/p><p>\u00a0<\/p><p>\ud83c\udfc5 <strong>Calidad Premium Garantizada:<\/strong> Dehner Premium es sin\u00f3nimo de calidad superior. Con materias primas de alta calidad y una producci\u00f3n cuidadosa, este alimento para perros garantiza la conservaci\u00f3n de los nutrientes naturales esenciales para la salud y el bienestar de tu mascota.<\/p><p>\u00a0<\/p><p>\ud83d\udc36 <strong>Adecuado para Perros Adultos de Todas las Razas:<\/strong> Este pienso h\u00famedo es perfecto para perros adultos de todas las razas y tama\u00f1os. La proporci\u00f3n equilibrada de vitaminas y minerales asegura que tu perro reciba todos los nutrientes necesarios para una vida activa y saludable.<\/p><p>\u00a0<\/p><p>\ud83c\udf7d\ufe0f <strong>F\u00e1cil de Servir y Almacenar:<\/strong> Las latas de 800 g son f\u00e1ciles de abrir y servir, lo que hace que alimentar a tu perro sea conveniente y sin complicaciones. Despu\u00e9s de abrirlo, simplemente gu\u00e1rdalo en un lugar fresco y seco para mantener su frescura.<\/p>\t\t\t\t\t\t\t\t<\/div>\n\t\t\t\t<\/div>\n\t\t\t\t<\/div>\n\t\t\t\t\t<\/div>\n\t\t\t\t<\/div>\n\t\t<div class=\"elementor-element elementor-element-58565e6 e-flex e-con-boxed e-con e-parent\" data-id=\"58565e6\" data-element_type=\"container\" data-e-type=\"container\">\n\t\t\t\t\t<div class=\"e-con-inner\">\n\t\t\t\t<div class=\"elementor-element elementor-element-6000ee0 elementor-widget elementor-widget-text-editor\" data-id=\"6000ee0\" data-element_type=\"widget\" data-e-type=\"widget\" data-widget_type=\"text-editor.default\">\n\t\t\t\t<div class=\"elementor-widget-container\">\n\t\t\t\t\t\t\t\t\t<p>\ud83d\udce6 <strong>Contenido del Paquete:<\/strong> Este pack incluye 6 latas de pienso premium para perros adultos de Dehner, cada una repleta de sabor y nutrientes para mantener a tu perro feliz y saludable.<\/p><p>\u00a0<\/p><p>\u00a1Haz feliz a tu perro con Dehner Comida para Perros, Vacuno! Dale a tu mascota la nutrici\u00f3n que se merece y a\u00f1ade este delicioso alimento a tu carrito ahora mismo. \u00a1Tu perro te lo agradecer\u00e1 con cada lamida!\u00a0<\/p>\t\t\t\t\t\t\t\t<\/div>\n\t\t\t\t<\/div>\n\t\t\t\t\t<\/div>\n\t\t\t\t<\/div>\n\t\t<div class=\"elementor-element elementor-element-98e4076 e-flex e-con-boxed e-con e-parent\" data-id=\"98e4076\" data-element_type=\"container\" data-e-type=\"container\">\n\t\t\t\t\t<div class=\"e-con-inner\">\n\t\t\t\t<div class=\"elementor-element elementor-element-e31b670 elementor-align-right elementor-widget elementor-widget-button\" data-id=\"e31b670\" data-element_type=\"widget\" data-e-type=\"widget\" data-widget_type=\"button.default\">\n\t\t\t\t<div class=\"elementor-widget-container\">\n\t\t\t\t\t\t\t\t\t<div class=\"elementor-button-wrapper\">\n\t\t\t\t\t<a class=\"elementor-button elementor-button-link elementor-size-sm\" href=\"https:\/\/amzn.to\/4cPawUf\" target=\"_blank\">\n\t\t\t\t\t\t<span class=\"elementor-button-content-wrapper\">\n\t\t\t\t\t\t\t\t\t<span class=\"elementor-button-text\">Compra ahora en Amazon<\/span>\n\t\t\t\t\t<\/span>\n\t\t\t\t\t<\/a>\n\t\t\t\t<\/div>\n\t\t\t\t\t\t\t\t<\/div>\n\t\t\t\t<\/div>\n\t\t\t\t<div class=\"elementor-element elementor-element-cc4078b elementor-arrows-position-inside elementor-pagination-position-outside elementor-widget elementor-widget-image-carousel\" data-id=\"cc4078b\" data-element_type=\"widget\" data-e-type=\"widget\" data-settings=\"{&quot;slides_to_show&quot;:&quot;1&quot;,&quot;navigation&quot;:&quot;both&quot;,&quot;autoplay&quot;:&quot;yes&quot;,&quot;pause_on_hover&quot;:&quot;yes&quot;,&quot;pause_on_interaction&quot;:&quot;yes&quot;,&quot;autoplay_speed&quot;:5000,&quot;infinite&quot;:&quot;yes&quot;,&quot;effect&quot;:&quot;slide&quot;,&quot;speed&quot;:500}\" data-widget_type=\"image-carousel.default\">\n\t\t\t\t<div class=\"elementor-widget-container\">\n\t\t\t\t\t\t\t<div class=\"elementor-image-carousel-wrapper swiper\" role=\"region\" aria-roledescription=\"carousel\" aria-label=\"Carrusel de im\u00e1genes\" dir=\"ltr\">\n\t\t\t<div class=\"elementor-image-carousel swiper-wrapper\" aria-live=\"off\">\n\t\t\t\t\t\t\t\t<div class=\"swiper-slide\" role=\"group\" aria-roledescription=\"slide\" aria-label=\"1 de 1\"><figure class=\"swiper-slide-inner\"><img decoding=\"async\" class=\"swiper-slide-image\" src=\"https:\/\/mundoanimalito.com\/wp-content\/uploads\/2024\/04\/61AZg5ekf1L._AC_SL1107_.jpg\" alt=\"Dehner Comida para Perros, Vacuno, 6 x 800 g (4800 g)\" \/><\/figure><\/div>\t\t\t<\/div>\n\t\t\t\t\t<\/div>\n\t\t\t\t\t\t<\/div>\n\t\t\t\t<\/div>\n\t\t\t\t\t<\/div>\n\t\t\t\t<\/div>\n\t\t<div class=\"elementor-element elementor-element-5f9477c e-flex e-con-boxed e-con e-parent\" data-id=\"5f9477c\" data-element_type=\"container\" data-e-type=\"container\">\n\t\t\t\t\t<div class=\"e-con-inner\">\n\t\t\t\t<div class=\"elementor-element elementor-element-de21133 elementor-align-right elementor-widget elementor-widget-button\" data-id=\"de21133\" data-element_type=\"widget\" data-e-type=\"widget\" data-widget_type=\"button.default\">\n\t\t\t\t<div class=\"elementor-widget-container\">\n\t\t\t\t\t\t\t\t\t<div class=\"elementor-button-wrapper\">\n\t\t\t\t\t<a class=\"elementor-button elementor-button-link elementor-size-sm\" href=\"https:\/\/amzn.to\/4cPawUf\" target=\"_blank\">\n\t\t\t\t\t\t<span class=\"elementor-button-content-wrapper\">\n\t\t\t\t\t\t\t\t\t<span class=\"elementor-button-text\">Compra ahora en Amazon<\/span>\n\t\t\t\t\t<\/span>\n\t\t\t\t\t<\/a>\n\t\t\t\t<\/div>\n\t\t\t\t\t\t\t\t<\/div>\n\t\t\t\t<\/div>\n\t\t\t\t\t<\/div>\n\t\t\t\t<\/div>\n\t\t\t\t<\/div>\n\t\t","protected":false},"excerpt":{"rendered":"<p>\u00bfEst\u00e1s buscando el alimento perfecto para tu perro que sea delicioso, nutritivo y cuidadosamente formulado para sus necesidades? \u00a1Entonces Dehner Comida para Perros es la elecci\u00f3n ideal para ti y tu peludo amigo! \ud83e\udd69 Abundante en Carne de Vacuno: Con una proporci\u00f3n alta de carne de vacuno, este pienso h\u00famedo proporciona a tu perro una [&hellip;]<\/p>\n","protected":false},"author":1,"featured_media":0,"parent":0,"menu_order":0,"comment_status":"closed","ping_status":"closed","template":"","meta":{"site-sidebar-layout":"no-sidebar","site-content-layout":"page-builder","ast-site-content-layout":"full-width-container","site-content-style":"default","site-sidebar-style":"default","ast-global-header-display":"","ast-banner-title-visibility":"","ast-main-header-display":"","ast-hfb-above-header-display":"","ast-hfb-below-header-display":"","ast-hfb-mobile-header-display":"","site-post-title":"disabled","ast-breadcrumbs-content":"","ast-featured-img":"disabled","footer-sml-layout":"","ast-disable-related-posts":"","theme-transparent-header-meta":"","adv-header-id-meta":"","stick-header-meta":"","header-above-stick-meta":"","header-main-stick-meta":"","header-below-stick-meta":"","astra-migrate-meta-layouts":"set","ast-page-background-enabled":"default","ast-page-background-meta":{"desktop":{"background-color":"var(--ast-global-color-4)","background-image":"","background-repeat":"repeat","background-position":"center center","background-size":"auto","background-attachment":"scroll","background-type":"","background-media":"","overlay-type":"","overlay-color":"","overlay-opacity":"","overlay-gradient":""},"tablet":{"background-color":"","background-image":"","background-repeat":"repeat","background-position":"center center","background-size":"auto","background-attachment":"scroll","background-type":"","background-media":"","overlay-type":"","overlay-color":"","overlay-opacity":"","overlay-gradient":""},"mobile":{"background-color":"","background-image":"","background-repeat":"repeat","background-position":"center center","background-size":"auto","background-attachment":"scroll","background-type":"","background-media":"","overlay-type":"","overlay-color":"","overlay-opacity":"","overlay-gradient":""}},"ast-content-background-meta":{"desktop":{"background-color":"var(--ast-global-color-5)","background-image":"","background-repeat":"repeat","background-position":"center center","background-size":"auto","background-attachment":"scroll","background-type":"","background-media":"","overlay-type":"","overlay-color":"","overlay-opacity":"","overlay-gradient":""},"tablet":{"background-color":"var(--ast-global-color-5)","background-image":"","background-repeat":"repeat","background-position":"center center","background-size":"auto","background-attachment":"scroll","background-type":"","background-media":"","overlay-type":"","overlay-color":"","overlay-opacity":"","overlay-gradient":""},"mobile":{"background-color":"var(--ast-global-color-5)","background-image":"","background-repeat":"repeat","background-position":"center center","background-size":"auto","background-attachment":"scroll","background-type":"","background-media":"","overlay-type":"","overlay-color":"","overlay-opacity":"","overlay-gradient":""}},"footnotes":""},"class_list":["post-19240","page","type-page","status-publish","hentry"],"yoast_head":"<!-- This site is optimized with the Yoast SEO plugin v27.5 - https:\/\/yoast.com\/product\/yoast-seo-wordpress\/ -->\n<title>Dehner Comida para Perros, Vacuno, 6 x 800 g (4800 g) | Mundo Animalito<\/title>\n<meta name=\"description\" content=\"\u00bfEst\u00e1s buscando el alimento perfecto para tu perro que sea delicioso, nutritivo y cuidadosamente formulado para sus necesidades? \u00a1Entonces Dehner Comida para Perros es la elecci\u00f3n ideal para ti y tu peludo amigo!\" \/>\n<meta name=\"robots\" content=\"index, follow, max-snippet:-1, max-image-preview:large, max-video-preview:-1\" \/>\n<link rel=\"canonical\" href=\"https:\/\/mundoanimalito.com\/index.php\/dehner-comida-para-perros-vacuno-6-x-800-g-4800-g\/\" \/>\n<meta property=\"og:locale\" content=\"es_ES\" \/>\n<meta property=\"og:type\" content=\"article\" \/>\n<meta property=\"og:title\" content=\"Dehner Comida para Perros, Vacuno, 6 x 800 g (4800 g) | Mundo Animalito\" \/>\n<meta property=\"og:description\" content=\"\u00bfEst\u00e1s buscando el alimento perfecto para tu perro que sea delicioso, nutritivo y cuidadosamente formulado para sus necesidades? \u00a1Entonces Dehner Comida para Perros es la elecci\u00f3n ideal para ti y tu peludo amigo!\" \/>\n<meta property=\"og:url\" content=\"https:\/\/mundoanimalito.com\/index.php\/dehner-comida-para-perros-vacuno-6-x-800-g-4800-g\/\" \/>\n<meta property=\"og:site_name\" content=\"Mundo Animalito\" \/>\n<meta property=\"article:publisher\" content=\"https:\/\/www.facebook.com\/mundoanimalito77\" \/>\n<meta property=\"article:modified_time\" content=\"2024-09-04T20:36:10+00:00\" \/>\n<meta property=\"og:image\" content=\"https:\/\/mundoanimalito.com\/wp-content\/uploads\/2024\/04\/61wuA5ymcML._AC_SL1107_.jpg\" \/>\n<meta name=\"twitter:card\" content=\"summary_large_image\" \/>\n<meta name=\"twitter:label1\" content=\"Tiempo de lectura\" \/>\n\t<meta name=\"twitter:data1\" content=\"2 minutos\" \/>\n<script type=\"application\/ld+json\" class=\"yoast-schema-graph\">{\"@context\":\"https:\\\/\\\/schema.org\",\"@graph\":[{\"@type\":\"WebPage\",\"@id\":\"https:\\\/\\\/mundoanimalito.com\\\/index.php\\\/dehner-comida-para-perros-vacuno-6-x-800-g-4800-g\\\/\",\"url\":\"https:\\\/\\\/mundoanimalito.com\\\/index.php\\\/dehner-comida-para-perros-vacuno-6-x-800-g-4800-g\\\/\",\"name\":\"Dehner Comida para Perros, Vacuno, 6 x 800 g (4800 g) | Mundo Animalito\",\"isPartOf\":{\"@id\":\"https:\\\/\\\/mundoanimalito.com\\\/#website\"},\"primaryImageOfPage\":{\"@id\":\"https:\\\/\\\/mundoanimalito.com\\\/index.php\\\/dehner-comida-para-perros-vacuno-6-x-800-g-4800-g\\\/#primaryimage\"},\"image\":{\"@id\":\"https:\\\/\\\/mundoanimalito.com\\\/index.php\\\/dehner-comida-para-perros-vacuno-6-x-800-g-4800-g\\\/#primaryimage\"},\"thumbnailUrl\":\"https:\\\/\\\/mundoanimalito.com\\\/wp-content\\\/uploads\\\/2024\\\/04\\\/61wuA5ymcML._AC_SL1107_.jpg\",\"datePublished\":\"2024-04-09T00:11:10+00:00\",\"dateModified\":\"2024-09-04T20:36:10+00:00\",\"description\":\"\u00bfEst\u00e1s buscando el alimento perfecto para tu perro que sea delicioso, nutritivo y cuidadosamente formulado para sus necesidades? \u00a1Entonces Dehner Comida para Perros es la elecci\u00f3n ideal para ti y tu peludo amigo!\",\"breadcrumb\":{\"@id\":\"https:\\\/\\\/mundoanimalito.com\\\/index.php\\\/dehner-comida-para-perros-vacuno-6-x-800-g-4800-g\\\/#breadcrumb\"},\"inLanguage\":\"es\",\"potentialAction\":[{\"@type\":\"ReadAction\",\"target\":[\"https:\\\/\\\/mundoanimalito.com\\\/index.php\\\/dehner-comida-para-perros-vacuno-6-x-800-g-4800-g\\\/\"]}]},{\"@type\":\"ImageObject\",\"inLanguage\":\"es\",\"@id\":\"https:\\\/\\\/mundoanimalito.com\\\/index.php\\\/dehner-comida-para-perros-vacuno-6-x-800-g-4800-g\\\/#primaryimage\",\"url\":\"https:\\\/\\\/mundoanimalito.com\\\/wp-content\\\/uploads\\\/2024\\\/04\\\/61wuA5ymcML._AC_SL1107_.jpg\",\"contentUrl\":\"https:\\\/\\\/mundoanimalito.com\\\/wp-content\\\/uploads\\\/2024\\\/04\\\/61wuA5ymcML._AC_SL1107_.jpg\",\"width\":805,\"height\":945,\"caption\":\"Dehner Comida para Perros, Vacuno, 6 x 800 g (4800 g)\"},{\"@type\":\"BreadcrumbList\",\"@id\":\"https:\\\/\\\/mundoanimalito.com\\\/index.php\\\/dehner-comida-para-perros-vacuno-6-x-800-g-4800-g\\\/#breadcrumb\",\"itemListElement\":[{\"@type\":\"ListItem\",\"position\":1,\"name\":\"Portada\",\"item\":\"https:\\\/\\\/mundoanimalito.com\\\/\"},{\"@type\":\"ListItem\",\"position\":2,\"name\":\"Dehner Comida para Perros, Vacuno, 6 x 800 g (4800 g)\"}]},{\"@type\":\"WebSite\",\"@id\":\"https:\\\/\\\/mundoanimalito.com\\\/#website\",\"url\":\"https:\\\/\\\/mundoanimalito.com\\\/\",\"name\":\"Mundo Animalito\",\"description\":\"Datos y curiosidades de los animales, encuentra ac\u00e1 todo para tu mascota\",\"publisher\":{\"@id\":\"https:\\\/\\\/mundoanimalito.com\\\/#organization\"},\"potentialAction\":[{\"@type\":\"SearchAction\",\"target\":{\"@type\":\"EntryPoint\",\"urlTemplate\":\"https:\\\/\\\/mundoanimalito.com\\\/?s={search_term_string}\"},\"query-input\":{\"@type\":\"PropertyValueSpecification\",\"valueRequired\":true,\"valueName\":\"search_term_string\"}}],\"inLanguage\":\"es\"},{\"@type\":\"Organization\",\"@id\":\"https:\\\/\\\/mundoanimalito.com\\\/#organization\",\"name\":\"Mundo Animalito\",\"url\":\"https:\\\/\\\/mundoanimalito.com\\\/\",\"logo\":{\"@type\":\"ImageObject\",\"inLanguage\":\"es\",\"@id\":\"https:\\\/\\\/mundoanimalito.com\\\/#\\\/schema\\\/logo\\\/image\\\/\",\"url\":\"https:\\\/\\\/mundoanimalito.com\\\/wp-content\\\/uploads\\\/2023\\\/10\\\/cropped-cropped-LOGO-OFICIAL-ULTIMA-VERSION-1.jpg\",\"contentUrl\":\"https:\\\/\\\/mundoanimalito.com\\\/wp-content\\\/uploads\\\/2023\\\/10\\\/cropped-cropped-LOGO-OFICIAL-ULTIMA-VERSION-1.jpg\",\"width\":374,\"height\":425,\"caption\":\"Mundo Animalito\"},\"image\":{\"@id\":\"https:\\\/\\\/mundoanimalito.com\\\/#\\\/schema\\\/logo\\\/image\\\/\"},\"sameAs\":[\"https:\\\/\\\/www.facebook.com\\\/mundoanimalito77\",\"https:\\\/\\\/www.instagram.com\\\/mundoanimalito77\\\/\",\"https:\\\/\\\/www.tiktok.com\\\/@mundoanimalito77\",\"https:\\\/\\\/www.youtube.com\\\/channel\\\/UCLo2JhNUNtHVraDt5aHadew\"]}]}<\/script>\n<!-- \/ Yoast SEO plugin. -->","yoast_head_json":{"title":"Dehner Comida para Perros, Vacuno, 6 x 800 g (4800 g) | Mundo Animalito","description":"\u00bfEst\u00e1s buscando el alimento perfecto para tu perro que sea delicioso, nutritivo y cuidadosamente formulado para sus necesidades? \u00a1Entonces Dehner Comida para Perros es la elecci\u00f3n ideal para ti y tu peludo amigo!","robots":{"index":"index","follow":"follow","max-snippet":"max-snippet:-1","max-image-preview":"max-image-preview:large","max-video-preview":"max-video-preview:-1"},"canonical":"https:\/\/mundoanimalito.com\/index.php\/dehner-comida-para-perros-vacuno-6-x-800-g-4800-g\/","og_locale":"es_ES","og_type":"article","og_title":"Dehner Comida para Perros, Vacuno, 6 x 800 g (4800 g) | Mundo Animalito","og_description":"\u00bfEst\u00e1s buscando el alimento perfecto para tu perro que sea delicioso, nutritivo y cuidadosamente formulado para sus necesidades? \u00a1Entonces Dehner Comida para Perros es la elecci\u00f3n ideal para ti y tu peludo amigo!","og_url":"https:\/\/mundoanimalito.com\/index.php\/dehner-comida-para-perros-vacuno-6-x-800-g-4800-g\/","og_site_name":"Mundo Animalito","article_publisher":"https:\/\/www.facebook.com\/mundoanimalito77","article_modified_time":"2024-09-04T20:36:10+00:00","og_image":[{"url":"https:\/\/mundoanimalito.com\/wp-content\/uploads\/2024\/04\/61wuA5ymcML._AC_SL1107_.jpg","type":"","width":"","height":""}],"twitter_card":"summary_large_image","twitter_misc":{"Tiempo de lectura":"2 minutos"},"schema":{"@context":"https:\/\/schema.org","@graph":[{"@type":"WebPage","@id":"https:\/\/mundoanimalito.com\/index.php\/dehner-comida-para-perros-vacuno-6-x-800-g-4800-g\/","url":"https:\/\/mundoanimalito.com\/index.php\/dehner-comida-para-perros-vacuno-6-x-800-g-4800-g\/","name":"Dehner Comida para Perros, Vacuno, 6 x 800 g (4800 g) | Mundo Animalito","isPartOf":{"@id":"https:\/\/mundoanimalito.com\/#website"},"primaryImageOfPage":{"@id":"https:\/\/mundoanimalito.com\/index.php\/dehner-comida-para-perros-vacuno-6-x-800-g-4800-g\/#primaryimage"},"image":{"@id":"https:\/\/mundoanimalito.com\/index.php\/dehner-comida-para-perros-vacuno-6-x-800-g-4800-g\/#primaryimage"},"thumbnailUrl":"https:\/\/mundoanimalito.com\/wp-content\/uploads\/2024\/04\/61wuA5ymcML._AC_SL1107_.jpg","datePublished":"2024-04-09T00:11:10+00:00","dateModified":"2024-09-04T20:36:10+00:00","description":"\u00bfEst\u00e1s buscando el alimento perfecto para tu perro que sea delicioso, nutritivo y cuidadosamente formulado para sus necesidades? \u00a1Entonces Dehner Comida para Perros es la elecci\u00f3n ideal para ti y tu peludo amigo!","breadcrumb":{"@id":"https:\/\/mundoanimalito.com\/index.php\/dehner-comida-para-perros-vacuno-6-x-800-g-4800-g\/#breadcrumb"},"inLanguage":"es","potentialAction":[{"@type":"ReadAction","target":["https:\/\/mundoanimalito.com\/index.php\/dehner-comida-para-perros-vacuno-6-x-800-g-4800-g\/"]}]},{"@type":"ImageObject","inLanguage":"es","@id":"https:\/\/mundoanimalito.com\/index.php\/dehner-comida-para-perros-vacuno-6-x-800-g-4800-g\/#primaryimage","url":"https:\/\/mundoanimalito.com\/wp-content\/uploads\/2024\/04\/61wuA5ymcML._AC_SL1107_.jpg","contentUrl":"https:\/\/mundoanimalito.com\/wp-content\/uploads\/2024\/04\/61wuA5ymcML._AC_SL1107_.jpg","width":805,"height":945,"caption":"Dehner Comida para Perros, Vacuno, 6 x 800 g (4800 g)"},{"@type":"BreadcrumbList","@id":"https:\/\/mundoanimalito.com\/index.php\/dehner-comida-para-perros-vacuno-6-x-800-g-4800-g\/#breadcrumb","itemListElement":[{"@type":"ListItem","position":1,"name":"Portada","item":"https:\/\/mundoanimalito.com\/"},{"@type":"ListItem","position":2,"name":"Dehner Comida para Perros, Vacuno, 6 x 800 g (4800 g)"}]},{"@type":"WebSite","@id":"https:\/\/mundoanimalito.com\/#website","url":"https:\/\/mundoanimalito.com\/","name":"Mundo Animalito","description":"Datos y curiosidades de los animales, encuentra ac\u00e1 todo para tu mascota","publisher":{"@id":"https:\/\/mundoanimalito.com\/#organization"},"potentialAction":[{"@type":"SearchAction","target":{"@type":"EntryPoint","urlTemplate":"https:\/\/mundoanimalito.com\/?s={search_term_string}"},"query-input":{"@type":"PropertyValueSpecification","valueRequired":true,"valueName":"search_term_string"}}],"inLanguage":"es"},{"@type":"Organization","@id":"https:\/\/mundoanimalito.com\/#organization","name":"Mundo Animalito","url":"https:\/\/mundoanimalito.com\/","logo":{"@type":"ImageObject","inLanguage":"es","@id":"https:\/\/mundoanimalito.com\/#\/schema\/logo\/image\/","url":"https:\/\/mundoanimalito.com\/wp-content\/uploads\/2023\/10\/cropped-cropped-LOGO-OFICIAL-ULTIMA-VERSION-1.jpg","contentUrl":"https:\/\/mundoanimalito.com\/wp-content\/uploads\/2023\/10\/cropped-cropped-LOGO-OFICIAL-ULTIMA-VERSION-1.jpg","width":374,"height":425,"caption":"Mundo Animalito"},"image":{"@id":"https:\/\/mundoanimalito.com\/#\/schema\/logo\/image\/"},"sameAs":["https:\/\/www.facebook.com\/mundoanimalito77","https:\/\/www.instagram.com\/mundoanimalito77\/","https:\/\/www.tiktok.com\/@mundoanimalito77","https:\/\/www.youtube.com\/channel\/UCLo2JhNUNtHVraDt5aHadew"]}]}},"_links":{"self":[{"href":"https:\/\/mundoanimalito.com\/index.php\/wp-json\/wp\/v2\/pages\/19240","targetHints":{"allow":["GET"]}}],"collection":[{"href":"https:\/\/mundoanimalito.com\/index.php\/wp-json\/wp\/v2\/pages"}],"about":[{"href":"https:\/\/mundoanimalito.com\/index.php\/wp-json\/wp\/v2\/types\/page"}],"author":[{"embeddable":true,"href":"https:\/\/mundoanimalito.com\/index.php\/wp-json\/wp\/v2\/users\/1"}],"replies":[{"embeddable":true,"href":"https:\/\/mundoanimalito.com\/index.php\/wp-json\/wp\/v2\/comments?post=19240"}],"version-history":[{"count":0,"href":"https:\/\/mundoanimalito.com\/index.php\/wp-json\/wp\/v2\/pages\/19240\/revisions"}],"wp:attachment":[{"href":"https:\/\/mundoanimalito.com\/index.php\/wp-json\/wp\/v2\/media?parent=19240"}],"curies":[{"name":"wp","href":"https:\/\/api.w.org\/{rel}","templated":true}]}}