{"id":19129,"date":"2024-04-08T18:49:19","date_gmt":"2024-04-08T23:49:19","guid":{"rendered":"https:\/\/mundoanimalito.com\/?page_id=19129"},"modified":"2024-09-09T17:39:53","modified_gmt":"2024-09-09T22:39:53","slug":"mjamjam-comida-humeda-premium-para-perros","status":"publish","type":"page","link":"https:\/\/mundoanimalito.com\/index.php\/mjamjam-comida-humeda-premium-para-perros\/","title":{"rendered":"MjAMjAM &#8211; comida h\u00fameda premium para perros\u00a0"},"content":{"rendered":"\t\t<div data-elementor-type=\"wp-page\" data-elementor-id=\"19129\" class=\"elementor elementor-19129\" data-elementor-post-type=\"page\">\n\t\t\t\t<div class=\"elementor-element elementor-element-eff9c0a e-flex e-con-boxed e-con e-parent\" data-id=\"eff9c0a\" data-element_type=\"container\" data-e-type=\"container\">\n\t\t\t\t\t<div class=\"e-con-inner\">\n\t\t\t\t<div class=\"elementor-element elementor-element-02a959b elementor-invisible elementor-widget elementor-widget-heading\" data-id=\"02a959b\" data-element_type=\"widget\" data-e-type=\"widget\" data-settings=\"{&quot;_animation&quot;:&quot;fadeInDown&quot;}\" data-widget_type=\"heading.default\">\n\t\t\t\t<div class=\"elementor-widget-container\">\n\t\t\t\t\t<h2 class=\"elementor-heading-title elementor-size-default\">\u00bfEst\u00e1s buscando una comida h\u00fameda que haga que la cola de tu peludo amigo se mueva de emoci\u00f3n en cada comida? \u00a1Entonces has encontrado la soluci\u00f3n perfecta con MjAMjAM Comida H\u00fameda Premium para Perros!<\/h2>\t\t\t\t<\/div>\n\t\t\t\t<\/div>\n\t\t\t\t\t<\/div>\n\t\t\t\t<\/div>\n\t\t<div class=\"elementor-element elementor-element-d6d5fa7 e-flex e-con-boxed e-con e-parent\" data-id=\"d6d5fa7\" data-element_type=\"container\" data-e-type=\"container\">\n\t\t\t\t\t<div class=\"e-con-inner\">\n\t\t<div class=\"elementor-element elementor-element-d3e1ce0 e-con-full e-flex e-con e-child\" data-id=\"d3e1ce0\" data-element_type=\"container\" data-e-type=\"container\">\n\t\t\t\t<div class=\"elementor-element elementor-element-a3aee96 elementor-widget elementor-widget-image\" data-id=\"a3aee96\" data-element_type=\"widget\" data-e-type=\"widget\" data-widget_type=\"image.default\">\n\t\t\t\t<div class=\"elementor-widget-container\">\n\t\t\t\t\t\t\t\t\t\t\t\t\t\t\t\t<a href=\"https:\/\/amzn.to\/3PUYfE7\" target=\"_blank\">\n\t\t\t\t\t\t\t<img fetchpriority=\"high\" decoding=\"async\" width=\"1024\" height=\"658\" src=\"https:\/\/mundoanimalito.com\/wp-content\/uploads\/2024\/04\/71DZUfm2tkL._AC_SL1500_-1024x658.jpg\" class=\"attachment-large size-large wp-image-19119\" alt=\"MjAMjAM - comida h\u00fameda premium para perros - deliciosa ternera sobre patatas hervidas con guisantes crujientes, pack de 6 (6 x 400 g), natural con extra de carne\" srcset=\"https:\/\/mundoanimalito.com\/wp-content\/uploads\/2024\/04\/71DZUfm2tkL._AC_SL1500_-1024x658.jpg 1024w, https:\/\/mundoanimalito.com\/wp-content\/uploads\/2024\/04\/71DZUfm2tkL._AC_SL1500_-300x193.jpg 300w, https:\/\/mundoanimalito.com\/wp-content\/uploads\/2024\/04\/71DZUfm2tkL._AC_SL1500_-768x493.jpg 768w, https:\/\/mundoanimalito.com\/wp-content\/uploads\/2024\/04\/71DZUfm2tkL._AC_SL1500_.jpg 1468w\" sizes=\"(max-width: 1024px) 100vw, 1024px\" \/>\t\t\t\t\t\t\t\t<\/a>\n\t\t\t\t\t\t\t\t\t\t\t\t\t\t\t<\/div>\n\t\t\t\t<\/div>\n\t\t\t\t<\/div>\n\t\t<div class=\"elementor-element elementor-element-54bf68a e-con-full e-flex e-con e-child\" data-id=\"54bf68a\" data-element_type=\"container\" data-e-type=\"container\">\n\t\t\t\t<div class=\"elementor-element elementor-element-14c4972 elementor-widget elementor-widget-text-editor\" data-id=\"14c4972\" data-element_type=\"widget\" data-e-type=\"widget\" data-widget_type=\"text-editor.default\">\n\t\t\t\t<div class=\"elementor-widget-container\">\n\t\t\t\t\t\t\t\t\t<p>\ud83e\udd69 <strong>Deliciosa Ternera sobre Patatas con Guisantes Crujientes:<\/strong> Este pack de 6 tarrinas de 400g cada una est\u00e1 lleno de sabor y nutrici\u00f3n. Con una proporci\u00f3n extraalta de carne de vacuno, patatas saludables y guisantes crujientes, cada bocado es una delicia para tu perro.<\/p><p>\u00a0<\/p><p>\ud83c\udf3f <strong>Ingredientes Naturales de Granjas Regionales:<\/strong> Nos preocupamos por la calidad de los ingredientes que van a la comida de tu perro. Es por eso que empleamos principalmente ingredientes procedentes de granjas regionales, criados y cultivados con amor. Sin gluten, soja, conservantes sint\u00e9ticos, lactosa ni az\u00facar, \u00a1solo lo mejor para tu mascota!<\/p><p>\u00a0<\/p><p>\ud83d\udc15 <strong>Nutrici\u00f3n Completa y Equilibrada:<\/strong> Con un 87.5% de carne y v\u00edsceras de ternera, esta comida h\u00fameda proporciona a tu perro todas las vitaminas y minerales esenciales que necesita para mantenerse saludable y activo.<\/p>\t\t\t\t\t\t\t\t<\/div>\n\t\t\t\t<\/div>\n\t\t\t\t<\/div>\n\t\t\t\t\t<\/div>\n\t\t\t\t<\/div>\n\t\t<div class=\"elementor-element elementor-element-a786e28 e-flex e-con-boxed e-con e-parent\" data-id=\"a786e28\" data-element_type=\"container\" data-e-type=\"container\">\n\t\t\t\t\t<div class=\"e-con-inner\">\n\t\t\t\t<div class=\"elementor-element elementor-element-c8e88ca elementor-widget elementor-widget-text-editor\" data-id=\"c8e88ca\" data-element_type=\"widget\" data-e-type=\"widget\" data-widget_type=\"text-editor.default\">\n\t\t\t\t<div class=\"elementor-widget-container\">\n\t\t\t\t\t\t\t\t\t<p>\ud83e\udd63 <strong>F\u00e1cil de Servir y Conservar:<\/strong> Las tarrinas individuales son f\u00e1ciles de abrir y servir, lo que hace que alimentar a tu perro sea conveniente y sin complicaciones. Y despu\u00e9s de abrirlo, simplemente gu\u00e1rdalo en el refrigerador y \u00fasalo dentro de las 24 horas para mantener la frescura.<\/p><p>\u00a0<\/p><p>\ud83c\udf1f <strong>Nuestra Promesa de Bienestar Animal:<\/strong> En MjAMjAM, nos importa el bienestar de tu mascota. Nuestra filosof\u00eda se basa en proporcionar una dieta equilibrada, cercana a una presa natural, con un alto porcentaje de carne y ingredientes crujientes como frutas o verduras, que son los principales proveedores de nutrientes para tu perro.<\/p><p>\u00a0<\/p><p>Dale a tu perro la experiencia gourmet que se merece con MjAMjAM Comida H\u00fameda Premium para Perros. \u00a1Haz clic ahora y a\u00f1ade este pack de 6 tarrinas a tu carrito para ver c\u00f3mo tu perro disfruta de cada delicioso bocado!<\/p>\t\t\t\t\t\t\t\t<\/div>\n\t\t\t\t<\/div>\n\t\t\t\t<div class=\"elementor-element elementor-element-d657bf1 elementor-align-right elementor-widget elementor-widget-button\" data-id=\"d657bf1\" data-element_type=\"widget\" data-e-type=\"widget\" data-widget_type=\"button.default\">\n\t\t\t\t<div class=\"elementor-widget-container\">\n\t\t\t\t\t\t\t\t\t<div class=\"elementor-button-wrapper\">\n\t\t\t\t\t<a class=\"elementor-button elementor-button-link elementor-size-sm\" href=\"https:\/\/amzn.to\/3PUYfE7\" target=\"_blank\">\n\t\t\t\t\t\t<span class=\"elementor-button-content-wrapper\">\n\t\t\t\t\t\t\t\t\t<span class=\"elementor-button-text\">Compra ahora en Amazon <\/span>\n\t\t\t\t\t<\/span>\n\t\t\t\t\t<\/a>\n\t\t\t\t<\/div>\n\t\t\t\t\t\t\t\t<\/div>\n\t\t\t\t<\/div>\n\t\t\t\t\t<\/div>\n\t\t\t\t<\/div>\n\t\t<div class=\"elementor-element elementor-element-9339a00 e-flex e-con-boxed e-con e-parent\" data-id=\"9339a00\" data-element_type=\"container\" data-e-type=\"container\">\n\t\t\t\t\t<div class=\"e-con-inner\">\n\t\t\t\t<div class=\"elementor-element elementor-element-3c6c654 elementor-arrows-position-inside elementor-pagination-position-outside elementor-widget elementor-widget-image-carousel\" data-id=\"3c6c654\" data-element_type=\"widget\" data-e-type=\"widget\" data-settings=\"{&quot;slides_to_show&quot;:&quot;1&quot;,&quot;navigation&quot;:&quot;both&quot;,&quot;autoplay&quot;:&quot;yes&quot;,&quot;pause_on_hover&quot;:&quot;yes&quot;,&quot;pause_on_interaction&quot;:&quot;yes&quot;,&quot;autoplay_speed&quot;:5000,&quot;infinite&quot;:&quot;yes&quot;,&quot;effect&quot;:&quot;slide&quot;,&quot;speed&quot;:500}\" data-widget_type=\"image-carousel.default\">\n\t\t\t\t<div class=\"elementor-widget-container\">\n\t\t\t\t\t\t\t<div class=\"elementor-image-carousel-wrapper swiper\" role=\"region\" aria-roledescription=\"carousel\" aria-label=\"Carrusel de im\u00e1genes\" dir=\"ltr\">\n\t\t\t<div class=\"elementor-image-carousel swiper-wrapper\" aria-live=\"off\">\n\t\t\t\t\t\t\t\t<div class=\"swiper-slide\" role=\"group\" aria-roledescription=\"slide\" aria-label=\"1 de 3\"><figure class=\"swiper-slide-inner\"><img decoding=\"async\" class=\"swiper-slide-image\" src=\"https:\/\/mundoanimalito.com\/wp-content\/uploads\/2024\/04\/71jAzVqNKjL._AC_SL1500_-1-1024x1013.jpg\" alt=\"MjAMjAM - comida h\u00fameda premium para perros - deliciosa ternera sobre patatas hervidas con guisantes crujientes, pack de 6 (6 x 400 g), natural con extra de carne\" \/><\/figure><\/div><div class=\"swiper-slide\" role=\"group\" aria-roledescription=\"slide\" aria-label=\"2 de 3\"><figure class=\"swiper-slide-inner\"><img decoding=\"async\" class=\"swiper-slide-image\" src=\"https:\/\/mundoanimalito.com\/wp-content\/uploads\/2024\/04\/91GPQQkoNlS._AC_SL1500_-1-1024x1024.jpg\" alt=\"MjAMjAM - comida h\u00fameda premium para perros - deliciosa ternera sobre patatas hervidas con guisantes crujientes, pack de 6 (6 x 400 g), natural con extra de carne\" \/><\/figure><\/div><div class=\"swiper-slide\" role=\"group\" aria-roledescription=\"slide\" aria-label=\"3 de 3\"><figure class=\"swiper-slide-inner\"><img decoding=\"async\" class=\"swiper-slide-image\" src=\"https:\/\/mundoanimalito.com\/wp-content\/uploads\/2024\/04\/71QGM9V-24L._AC_SL1313_-1-930x1024.jpg\" alt=\"MjAMjAM - comida h\u00fameda premium para perros - deliciosa ternera sobre patatas hervidas con guisantes crujientes, pack de 6 (6 x 400 g), natural con extra de carne\" \/><\/figure><\/div>\t\t\t<\/div>\n\t\t\t\t\t\t\t\t\t\t\t\t<div class=\"elementor-swiper-button elementor-swiper-button-prev\" role=\"button\" tabindex=\"0\">\n\t\t\t\t\t\t<i aria-hidden=\"true\" class=\"eicon-chevron-left\"><\/i>\t\t\t\t\t<\/div>\n\t\t\t\t\t<div class=\"elementor-swiper-button elementor-swiper-button-next\" role=\"button\" tabindex=\"0\">\n\t\t\t\t\t\t<i aria-hidden=\"true\" class=\"eicon-chevron-right\"><\/i>\t\t\t\t\t<\/div>\n\t\t\t\t\n\t\t\t\t\t\t\t\t\t<div class=\"swiper-pagination\"><\/div>\n\t\t\t\t\t\t\t\t\t<\/div>\n\t\t\t\t\t\t<\/div>\n\t\t\t\t<\/div>\n\t\t\t\t\t<\/div>\n\t\t\t\t<\/div>\n\t\t<div class=\"elementor-element elementor-element-e151721 e-flex e-con-boxed e-con e-parent\" data-id=\"e151721\" data-element_type=\"container\" data-e-type=\"container\">\n\t\t\t\t\t<div class=\"e-con-inner\">\n\t\t\t\t<div class=\"elementor-element elementor-element-fd86d77 elementor-align-right elementor-widget elementor-widget-button\" data-id=\"fd86d77\" data-element_type=\"widget\" data-e-type=\"widget\" data-widget_type=\"button.default\">\n\t\t\t\t<div class=\"elementor-widget-container\">\n\t\t\t\t\t\t\t\t\t<div class=\"elementor-button-wrapper\">\n\t\t\t\t\t<a class=\"elementor-button elementor-button-link elementor-size-sm\" href=\"https:\/\/amzn.to\/3PUYfE7\" target=\"_blank\">\n\t\t\t\t\t\t<span class=\"elementor-button-content-wrapper\">\n\t\t\t\t\t\t\t\t\t<span class=\"elementor-button-text\">Compra ahora en Amazon <\/span>\n\t\t\t\t\t<\/span>\n\t\t\t\t\t<\/a>\n\t\t\t\t<\/div>\n\t\t\t\t\t\t\t\t<\/div>\n\t\t\t\t<\/div>\n\t\t\t\t\t<\/div>\n\t\t\t\t<\/div>\n\t\t\t\t<\/div>\n\t\t","protected":false},"excerpt":{"rendered":"<p>\u00bfEst\u00e1s buscando una comida h\u00fameda que haga que la cola de tu peludo amigo se mueva de emoci\u00f3n en cada comida? \u00a1Entonces has encontrado la soluci\u00f3n perfecta con MjAMjAM Comida H\u00fameda Premium para Perros! \ud83e\udd69 Deliciosa Ternera sobre Patatas con Guisantes Crujientes: Este pack de 6 tarrinas de 400g cada una est\u00e1 lleno de sabor [&hellip;]<\/p>\n","protected":false},"author":1,"featured_media":0,"parent":0,"menu_order":0,"comment_status":"closed","ping_status":"closed","template":"","meta":{"site-sidebar-layout":"no-sidebar","site-content-layout":"page-builder","ast-site-content-layout":"full-width-container","site-content-style":"default","site-sidebar-style":"default","ast-global-header-display":"","ast-banner-title-visibility":"","ast-main-header-display":"","ast-hfb-above-header-display":"","ast-hfb-below-header-display":"","ast-hfb-mobile-header-display":"","site-post-title":"disabled","ast-breadcrumbs-content":"","ast-featured-img":"disabled","footer-sml-layout":"","ast-disable-related-posts":"","theme-transparent-header-meta":"","adv-header-id-meta":"","stick-header-meta":"","header-above-stick-meta":"","header-main-stick-meta":"","header-below-stick-meta":"","astra-migrate-meta-layouts":"set","ast-page-background-enabled":"default","ast-page-background-meta":{"desktop":{"background-color":"var(--ast-global-color-4)","background-image":"","background-repeat":"repeat","background-position":"center center","background-size":"auto","background-attachment":"scroll","background-type":"","background-media":"","overlay-type":"","overlay-color":"","overlay-opacity":"","overlay-gradient":""},"tablet":{"background-color":"","background-image":"","background-repeat":"repeat","background-position":"center center","background-size":"auto","background-attachment":"scroll","background-type":"","background-media":"","overlay-type":"","overlay-color":"","overlay-opacity":"","overlay-gradient":""},"mobile":{"background-color":"","background-image":"","background-repeat":"repeat","background-position":"center center","background-size":"auto","background-attachment":"scroll","background-type":"","background-media":"","overlay-type":"","overlay-color":"","overlay-opacity":"","overlay-gradient":""}},"ast-content-background-meta":{"desktop":{"background-color":"var(--ast-global-color-5)","background-image":"","background-repeat":"repeat","background-position":"center center","background-size":"auto","background-attachment":"scroll","background-type":"","background-media":"","overlay-type":"","overlay-color":"","overlay-opacity":"","overlay-gradient":""},"tablet":{"background-color":"var(--ast-global-color-5)","background-image":"","background-repeat":"repeat","background-position":"center center","background-size":"auto","background-attachment":"scroll","background-type":"","background-media":"","overlay-type":"","overlay-color":"","overlay-opacity":"","overlay-gradient":""},"mobile":{"background-color":"var(--ast-global-color-5)","background-image":"","background-repeat":"repeat","background-position":"center center","background-size":"auto","background-attachment":"scroll","background-type":"","background-media":"","overlay-type":"","overlay-color":"","overlay-opacity":"","overlay-gradient":""}},"footnotes":""},"class_list":["post-19129","page","type-page","status-publish","hentry"],"yoast_head":"<!-- This site is optimized with the Yoast SEO plugin v27.5 - https:\/\/yoast.com\/product\/yoast-seo-wordpress\/ -->\n<title>MjAMjAM - Comida H\u00fameda Premium para Perros | Mundo Animalito<\/title>\n<meta name=\"description\" content=\"MjAMjAM - comida h\u00fameda premium para perros - deliciosa ternera sobre patatas hervidas con guisantes crujientes, pack de 6 (6 x 400 g), natural con extra de carne\" \/>\n<meta name=\"robots\" content=\"index, follow, max-snippet:-1, max-image-preview:large, max-video-preview:-1\" \/>\n<link rel=\"canonical\" href=\"https:\/\/mundoanimalito.com\/index.php\/mjamjam-comida-humeda-premium-para-perros\/\" \/>\n<meta property=\"og:locale\" content=\"es_ES\" \/>\n<meta property=\"og:type\" content=\"article\" \/>\n<meta property=\"og:title\" content=\"MjAMjAM - Comida H\u00fameda Premium para Perros | Mundo Animalito\" \/>\n<meta property=\"og:description\" content=\"MjAMjAM - comida h\u00fameda premium para perros - deliciosa ternera sobre patatas hervidas con guisantes crujientes, pack de 6 (6 x 400 g), natural con extra de carne\" \/>\n<meta property=\"og:url\" content=\"https:\/\/mundoanimalito.com\/index.php\/mjamjam-comida-humeda-premium-para-perros\/\" \/>\n<meta property=\"og:site_name\" content=\"Mundo Animalito\" \/>\n<meta property=\"article:publisher\" content=\"https:\/\/www.facebook.com\/mundoanimalito77\" \/>\n<meta property=\"article:modified_time\" content=\"2024-09-09T22:39:53+00:00\" \/>\n<meta property=\"og:image\" content=\"https:\/\/mundoanimalito.com\/wp-content\/uploads\/2024\/04\/71DZUfm2tkL._AC_SL1500_-1024x658.jpg\" \/>\n<meta name=\"twitter:card\" content=\"summary_large_image\" \/>\n<meta name=\"twitter:label1\" content=\"Tiempo de lectura\" \/>\n\t<meta name=\"twitter:data1\" content=\"3 minutos\" \/>\n<script type=\"application\/ld+json\" class=\"yoast-schema-graph\">{\"@context\":\"https:\\\/\\\/schema.org\",\"@graph\":[{\"@type\":\"WebPage\",\"@id\":\"https:\\\/\\\/mundoanimalito.com\\\/index.php\\\/mjamjam-comida-humeda-premium-para-perros\\\/\",\"url\":\"https:\\\/\\\/mundoanimalito.com\\\/index.php\\\/mjamjam-comida-humeda-premium-para-perros\\\/\",\"name\":\"MjAMjAM - Comida H\u00fameda Premium para Perros | Mundo Animalito\",\"isPartOf\":{\"@id\":\"https:\\\/\\\/mundoanimalito.com\\\/#website\"},\"primaryImageOfPage\":{\"@id\":\"https:\\\/\\\/mundoanimalito.com\\\/index.php\\\/mjamjam-comida-humeda-premium-para-perros\\\/#primaryimage\"},\"image\":{\"@id\":\"https:\\\/\\\/mundoanimalito.com\\\/index.php\\\/mjamjam-comida-humeda-premium-para-perros\\\/#primaryimage\"},\"thumbnailUrl\":\"https:\\\/\\\/mundoanimalito.com\\\/wp-content\\\/uploads\\\/2024\\\/04\\\/71DZUfm2tkL._AC_SL1500_-1024x658.jpg\",\"datePublished\":\"2024-04-08T23:49:19+00:00\",\"dateModified\":\"2024-09-09T22:39:53+00:00\",\"description\":\"MjAMjAM - comida h\u00fameda premium para perros - deliciosa ternera sobre patatas hervidas con guisantes crujientes, pack de 6 (6 x 400 g), natural con extra de carne\",\"breadcrumb\":{\"@id\":\"https:\\\/\\\/mundoanimalito.com\\\/index.php\\\/mjamjam-comida-humeda-premium-para-perros\\\/#breadcrumb\"},\"inLanguage\":\"es\",\"potentialAction\":[{\"@type\":\"ReadAction\",\"target\":[\"https:\\\/\\\/mundoanimalito.com\\\/index.php\\\/mjamjam-comida-humeda-premium-para-perros\\\/\"]}]},{\"@type\":\"ImageObject\",\"inLanguage\":\"es\",\"@id\":\"https:\\\/\\\/mundoanimalito.com\\\/index.php\\\/mjamjam-comida-humeda-premium-para-perros\\\/#primaryimage\",\"url\":\"https:\\\/\\\/mundoanimalito.com\\\/wp-content\\\/uploads\\\/2024\\\/04\\\/71DZUfm2tkL._AC_SL1500_.jpg\",\"contentUrl\":\"https:\\\/\\\/mundoanimalito.com\\\/wp-content\\\/uploads\\\/2024\\\/04\\\/71DZUfm2tkL._AC_SL1500_.jpg\",\"width\":1468,\"height\":943,\"caption\":\"MjAMjAM - comida h\u00fameda premium para perros - deliciosa ternera sobre patatas hervidas con guisantes crujientes, pack de 6 (6 x 400 g), natural con extra de carne\"},{\"@type\":\"BreadcrumbList\",\"@id\":\"https:\\\/\\\/mundoanimalito.com\\\/index.php\\\/mjamjam-comida-humeda-premium-para-perros\\\/#breadcrumb\",\"itemListElement\":[{\"@type\":\"ListItem\",\"position\":1,\"name\":\"Portada\",\"item\":\"https:\\\/\\\/mundoanimalito.com\\\/\"},{\"@type\":\"ListItem\",\"position\":2,\"name\":\"MjAMjAM &#8211; comida h\u00fameda premium para perros\u00a0\"}]},{\"@type\":\"WebSite\",\"@id\":\"https:\\\/\\\/mundoanimalito.com\\\/#website\",\"url\":\"https:\\\/\\\/mundoanimalito.com\\\/\",\"name\":\"Mundo Animalito\",\"description\":\"Datos y curiosidades de los animales, encuentra ac\u00e1 todo para tu mascota\",\"publisher\":{\"@id\":\"https:\\\/\\\/mundoanimalito.com\\\/#organization\"},\"potentialAction\":[{\"@type\":\"SearchAction\",\"target\":{\"@type\":\"EntryPoint\",\"urlTemplate\":\"https:\\\/\\\/mundoanimalito.com\\\/?s={search_term_string}\"},\"query-input\":{\"@type\":\"PropertyValueSpecification\",\"valueRequired\":true,\"valueName\":\"search_term_string\"}}],\"inLanguage\":\"es\"},{\"@type\":\"Organization\",\"@id\":\"https:\\\/\\\/mundoanimalito.com\\\/#organization\",\"name\":\"Mundo Animalito\",\"url\":\"https:\\\/\\\/mundoanimalito.com\\\/\",\"logo\":{\"@type\":\"ImageObject\",\"inLanguage\":\"es\",\"@id\":\"https:\\\/\\\/mundoanimalito.com\\\/#\\\/schema\\\/logo\\\/image\\\/\",\"url\":\"https:\\\/\\\/mundoanimalito.com\\\/wp-content\\\/uploads\\\/2023\\\/10\\\/cropped-cropped-LOGO-OFICIAL-ULTIMA-VERSION-1.jpg\",\"contentUrl\":\"https:\\\/\\\/mundoanimalito.com\\\/wp-content\\\/uploads\\\/2023\\\/10\\\/cropped-cropped-LOGO-OFICIAL-ULTIMA-VERSION-1.jpg\",\"width\":374,\"height\":425,\"caption\":\"Mundo Animalito\"},\"image\":{\"@id\":\"https:\\\/\\\/mundoanimalito.com\\\/#\\\/schema\\\/logo\\\/image\\\/\"},\"sameAs\":[\"https:\\\/\\\/www.facebook.com\\\/mundoanimalito77\",\"https:\\\/\\\/www.instagram.com\\\/mundoanimalito77\\\/\",\"https:\\\/\\\/www.tiktok.com\\\/@mundoanimalito77\",\"https:\\\/\\\/www.youtube.com\\\/channel\\\/UCLo2JhNUNtHVraDt5aHadew\"]}]}<\/script>\n<!-- \/ Yoast SEO plugin. -->","yoast_head_json":{"title":"MjAMjAM - Comida H\u00fameda Premium para Perros | Mundo Animalito","description":"MjAMjAM - comida h\u00fameda premium para perros - deliciosa ternera sobre patatas hervidas con guisantes crujientes, pack de 6 (6 x 400 g), natural con extra de carne","robots":{"index":"index","follow":"follow","max-snippet":"max-snippet:-1","max-image-preview":"max-image-preview:large","max-video-preview":"max-video-preview:-1"},"canonical":"https:\/\/mundoanimalito.com\/index.php\/mjamjam-comida-humeda-premium-para-perros\/","og_locale":"es_ES","og_type":"article","og_title":"MjAMjAM - Comida H\u00fameda Premium para Perros | Mundo Animalito","og_description":"MjAMjAM - comida h\u00fameda premium para perros - deliciosa ternera sobre patatas hervidas con guisantes crujientes, pack de 6 (6 x 400 g), natural con extra de carne","og_url":"https:\/\/mundoanimalito.com\/index.php\/mjamjam-comida-humeda-premium-para-perros\/","og_site_name":"Mundo Animalito","article_publisher":"https:\/\/www.facebook.com\/mundoanimalito77","article_modified_time":"2024-09-09T22:39:53+00:00","og_image":[{"url":"https:\/\/mundoanimalito.com\/wp-content\/uploads\/2024\/04\/71DZUfm2tkL._AC_SL1500_-1024x658.jpg","type":"","width":"","height":""}],"twitter_card":"summary_large_image","twitter_misc":{"Tiempo de lectura":"3 minutos"},"schema":{"@context":"https:\/\/schema.org","@graph":[{"@type":"WebPage","@id":"https:\/\/mundoanimalito.com\/index.php\/mjamjam-comida-humeda-premium-para-perros\/","url":"https:\/\/mundoanimalito.com\/index.php\/mjamjam-comida-humeda-premium-para-perros\/","name":"MjAMjAM - Comida H\u00fameda Premium para Perros | Mundo Animalito","isPartOf":{"@id":"https:\/\/mundoanimalito.com\/#website"},"primaryImageOfPage":{"@id":"https:\/\/mundoanimalito.com\/index.php\/mjamjam-comida-humeda-premium-para-perros\/#primaryimage"},"image":{"@id":"https:\/\/mundoanimalito.com\/index.php\/mjamjam-comida-humeda-premium-para-perros\/#primaryimage"},"thumbnailUrl":"https:\/\/mundoanimalito.com\/wp-content\/uploads\/2024\/04\/71DZUfm2tkL._AC_SL1500_-1024x658.jpg","datePublished":"2024-04-08T23:49:19+00:00","dateModified":"2024-09-09T22:39:53+00:00","description":"MjAMjAM - comida h\u00fameda premium para perros - deliciosa ternera sobre patatas hervidas con guisantes crujientes, pack de 6 (6 x 400 g), natural con extra de carne","breadcrumb":{"@id":"https:\/\/mundoanimalito.com\/index.php\/mjamjam-comida-humeda-premium-para-perros\/#breadcrumb"},"inLanguage":"es","potentialAction":[{"@type":"ReadAction","target":["https:\/\/mundoanimalito.com\/index.php\/mjamjam-comida-humeda-premium-para-perros\/"]}]},{"@type":"ImageObject","inLanguage":"es","@id":"https:\/\/mundoanimalito.com\/index.php\/mjamjam-comida-humeda-premium-para-perros\/#primaryimage","url":"https:\/\/mundoanimalito.com\/wp-content\/uploads\/2024\/04\/71DZUfm2tkL._AC_SL1500_.jpg","contentUrl":"https:\/\/mundoanimalito.com\/wp-content\/uploads\/2024\/04\/71DZUfm2tkL._AC_SL1500_.jpg","width":1468,"height":943,"caption":"MjAMjAM - comida h\u00fameda premium para perros - deliciosa ternera sobre patatas hervidas con guisantes crujientes, pack de 6 (6 x 400 g), natural con extra de carne"},{"@type":"BreadcrumbList","@id":"https:\/\/mundoanimalito.com\/index.php\/mjamjam-comida-humeda-premium-para-perros\/#breadcrumb","itemListElement":[{"@type":"ListItem","position":1,"name":"Portada","item":"https:\/\/mundoanimalito.com\/"},{"@type":"ListItem","position":2,"name":"MjAMjAM &#8211; comida h\u00fameda premium para perros\u00a0"}]},{"@type":"WebSite","@id":"https:\/\/mundoanimalito.com\/#website","url":"https:\/\/mundoanimalito.com\/","name":"Mundo Animalito","description":"Datos y curiosidades de los animales, encuentra ac\u00e1 todo para tu mascota","publisher":{"@id":"https:\/\/mundoanimalito.com\/#organization"},"potentialAction":[{"@type":"SearchAction","target":{"@type":"EntryPoint","urlTemplate":"https:\/\/mundoanimalito.com\/?s={search_term_string}"},"query-input":{"@type":"PropertyValueSpecification","valueRequired":true,"valueName":"search_term_string"}}],"inLanguage":"es"},{"@type":"Organization","@id":"https:\/\/mundoanimalito.com\/#organization","name":"Mundo Animalito","url":"https:\/\/mundoanimalito.com\/","logo":{"@type":"ImageObject","inLanguage":"es","@id":"https:\/\/mundoanimalito.com\/#\/schema\/logo\/image\/","url":"https:\/\/mundoanimalito.com\/wp-content\/uploads\/2023\/10\/cropped-cropped-LOGO-OFICIAL-ULTIMA-VERSION-1.jpg","contentUrl":"https:\/\/mundoanimalito.com\/wp-content\/uploads\/2023\/10\/cropped-cropped-LOGO-OFICIAL-ULTIMA-VERSION-1.jpg","width":374,"height":425,"caption":"Mundo Animalito"},"image":{"@id":"https:\/\/mundoanimalito.com\/#\/schema\/logo\/image\/"},"sameAs":["https:\/\/www.facebook.com\/mundoanimalito77","https:\/\/www.instagram.com\/mundoanimalito77\/","https:\/\/www.tiktok.com\/@mundoanimalito77","https:\/\/www.youtube.com\/channel\/UCLo2JhNUNtHVraDt5aHadew"]}]}},"_links":{"self":[{"href":"https:\/\/mundoanimalito.com\/index.php\/wp-json\/wp\/v2\/pages\/19129","targetHints":{"allow":["GET"]}}],"collection":[{"href":"https:\/\/mundoanimalito.com\/index.php\/wp-json\/wp\/v2\/pages"}],"about":[{"href":"https:\/\/mundoanimalito.com\/index.php\/wp-json\/wp\/v2\/types\/page"}],"author":[{"embeddable":true,"href":"https:\/\/mundoanimalito.com\/index.php\/wp-json\/wp\/v2\/users\/1"}],"replies":[{"embeddable":true,"href":"https:\/\/mundoanimalito.com\/index.php\/wp-json\/wp\/v2\/comments?post=19129"}],"version-history":[{"count":0,"href":"https:\/\/mundoanimalito.com\/index.php\/wp-json\/wp\/v2\/pages\/19129\/revisions"}],"wp:attachment":[{"href":"https:\/\/mundoanimalito.com\/index.php\/wp-json\/wp\/v2\/media?parent=19129"}],"curies":[{"name":"wp","href":"https:\/\/api.w.org\/{rel}","templated":true}]}}