{"id":18814,"date":"2024-04-08T15:48:25","date_gmt":"2024-04-08T20:48:25","guid":{"rendered":"https:\/\/mundoanimalito.com\/?page_id=18814"},"modified":"2024-09-09T18:04:56","modified_gmt":"2024-09-09T23:04:56","slug":"natures-variety-original-no-grain-pate-para-perros-adultos-mini-con-pavo","status":"publish","type":"page","link":"https:\/\/mundoanimalito.com\/index.php\/natures-variety-original-no-grain-pate-para-perros-adultos-mini-con-pavo\/","title":{"rendered":"Nature&#8217;s Variety Original No Grain &#8211; Pat\u00e9 para Perros Adultos Mini con Pavo"},"content":{"rendered":"\t\t<div data-elementor-type=\"wp-page\" data-elementor-id=\"18814\" class=\"elementor elementor-18814\" data-elementor-post-type=\"page\">\n\t\t\t\t<div class=\"elementor-element elementor-element-266cb33 e-flex e-con-boxed e-con e-parent\" data-id=\"266cb33\" data-element_type=\"container\" data-e-type=\"container\">\n\t\t\t\t\t<div class=\"e-con-inner\">\n\t\t\t\t<div class=\"elementor-element elementor-element-cd67c88 elementor-invisible elementor-widget elementor-widget-heading\" data-id=\"cd67c88\" data-element_type=\"widget\" data-e-type=\"widget\" data-settings=\"{&quot;_animation&quot;:&quot;fadeInDown&quot;}\" data-widget_type=\"heading.default\">\n\t\t\t\t<div class=\"elementor-widget-container\">\n\t\t\t\t\t<h2 class=\"elementor-heading-title elementor-size-default\">\u00a1Dale a tu perro el regalo de una comida deliciosa y nutritiva con Nature's Variety Original No Grain! Este pat\u00e9 para perros adultos mini est\u00e1 especialmente dise\u00f1ado para satisfacer las necesidades nutricionales de tu fiel compa\u00f1ero<\/h2>\t\t\t\t<\/div>\n\t\t\t\t<\/div>\n\t\t\t\t\t<\/div>\n\t\t\t\t<\/div>\n\t\t<div class=\"elementor-element elementor-element-d0210d4 e-flex e-con-boxed e-con e-parent\" data-id=\"d0210d4\" data-element_type=\"container\" data-e-type=\"container\">\n\t\t\t\t\t<div class=\"e-con-inner\">\n\t\t<div class=\"elementor-element elementor-element-d552998 e-con-full e-flex e-con e-child\" data-id=\"d552998\" data-element_type=\"container\" data-e-type=\"container\">\n\t\t\t\t<div class=\"elementor-element elementor-element-dcfc7c9 elementor-widget elementor-widget-image\" data-id=\"dcfc7c9\" data-element_type=\"widget\" data-e-type=\"widget\" data-widget_type=\"image.default\">\n\t\t\t\t<div class=\"elementor-widget-container\">\n\t\t\t\t\t\t\t\t\t\t\t\t\t\t\t\t<a href=\"https:\/\/amzn.to\/3PTiKRw\" target=\"_blank\">\n\t\t\t\t\t\t\t<img fetchpriority=\"high\" decoding=\"async\" width=\"1024\" height=\"933\" src=\"https:\/\/mundoanimalito.com\/wp-content\/uploads\/2024\/04\/71VHt6TwtLL._AC_SL1500_-1024x933.jpg\" class=\"attachment-large size-large wp-image-18804\" alt=\"Nature&#039;s Variety Original No Grain - Pat\u00e9 para Perros Adultos Mini con Pavo - Caja 8 x 150 g\" srcset=\"https:\/\/mundoanimalito.com\/wp-content\/uploads\/2024\/04\/71VHt6TwtLL._AC_SL1500_-1024x933.jpg 1024w, https:\/\/mundoanimalito.com\/wp-content\/uploads\/2024\/04\/71VHt6TwtLL._AC_SL1500_-300x273.jpg 300w, https:\/\/mundoanimalito.com\/wp-content\/uploads\/2024\/04\/71VHt6TwtLL._AC_SL1500_-768x700.jpg 768w, https:\/\/mundoanimalito.com\/wp-content\/uploads\/2024\/04\/71VHt6TwtLL._AC_SL1500_.jpg 1500w\" sizes=\"(max-width: 1024px) 100vw, 1024px\" \/>\t\t\t\t\t\t\t\t<\/a>\n\t\t\t\t\t\t\t\t\t\t\t\t\t\t\t<\/div>\n\t\t\t\t<\/div>\n\t\t\t\t<\/div>\n\t\t<div class=\"elementor-element elementor-element-b9c8017 e-con-full e-flex e-con e-child\" data-id=\"b9c8017\" data-element_type=\"container\" data-e-type=\"container\">\n\t\t\t\t<div class=\"elementor-element elementor-element-99233de elementor-widget elementor-widget-text-editor\" data-id=\"99233de\" data-element_type=\"widget\" data-e-type=\"widget\" data-widget_type=\"text-editor.default\">\n\t\t\t\t<div class=\"elementor-widget-container\">\n\t\t\t\t\t\t\t\t\t<p>\ud83e\udd69 <strong>Prote\u00edna de Alta Calidad:<\/strong> Con un 66% de pavo, esta comida est\u00e1 repleta de prote\u00edna de alta calidad para ayudar a mantener los m\u00fasculos fuertes y la energ\u00eda vital de tu perro.<\/p><p>\u00a0<\/p><p>\ud83c\udf3f <strong>Ingredientes Naturales:<\/strong> Elaborado con ingredientes naturales de proveedores de confianza, Nature&#8217;s Variety se compromete a brindarle a tu mascota lo mejor de la naturaleza sin colorantes, conservantes ni aromas artificiales.<\/p><p>\u00a0<\/p><p>\ud83d\udc4d <strong>Completo y Equilibrado:<\/strong> Este pat\u00e9 ofrece una nutrici\u00f3n completa y equilibrada que contribuye a una digesti\u00f3n saludable y al bienestar general de tu perro, ayud\u00e1ndolo a mantenerse en \u00f3ptimas condiciones en todas las etapas de su vida.<\/p><p>\u00a0<\/p><p>\ud83c\udf72 <strong>Cocci\u00f3n al Vapor:<\/strong> Preparado con el m\u00e9todo de cocci\u00f3n al vapor, este pat\u00e9 conserva los nutrientes naturales de los ingredientes, garantizando una comida sabrosa y saludable para tu perro.<\/p><p>\u00a0<\/p><p>\ud83c\udf0d <strong>Embalaje Reciclable:<\/strong> Nature&#8217;s Variety se preocupa por el medio ambiente, por eso su embalaje es reciclable, ayudando a reducir el impacto ambiental mientras cuidas de tu mascota.<\/p>\t\t\t\t\t\t\t\t<\/div>\n\t\t\t\t<\/div>\n\t\t\t\t<\/div>\n\t\t\t\t\t<\/div>\n\t\t\t\t<\/div>\n\t\t<div class=\"elementor-element elementor-element-ac2741a e-flex e-con-boxed e-con e-parent\" data-id=\"ac2741a\" data-element_type=\"container\" data-e-type=\"container\">\n\t\t\t\t\t<div class=\"e-con-inner\">\n\t\t\t\t<div class=\"elementor-element elementor-element-579ecbb elementor-widget elementor-widget-text-editor\" data-id=\"579ecbb\" data-element_type=\"widget\" data-e-type=\"widget\" data-widget_type=\"text-editor.default\">\n\t\t\t\t<div class=\"elementor-widget-container\">\n\t\t\t\t\t\t\t\t\t<p>Con Nature&#8217;s Variety Original No Grain, est\u00e1s brindando a tu perro una alimentaci\u00f3n de calidad que lo mantendr\u00e1 saludable y feliz d\u00eda tras d\u00eda. Haz clic en el enlace y descubre por qu\u00e9 este pat\u00e9 es la elecci\u00f3n perfecta para consentir a tu compa\u00f1ero peludo.<\/p>\t\t\t\t\t\t\t\t<\/div>\n\t\t\t\t<\/div>\n\t\t\t\t\t<\/div>\n\t\t\t\t<\/div>\n\t\t<div class=\"elementor-element elementor-element-109dab4 e-flex e-con-boxed e-con e-parent\" data-id=\"109dab4\" data-element_type=\"container\" data-e-type=\"container\">\n\t\t\t\t\t<div class=\"e-con-inner\">\n\t\t\t\t<div class=\"elementor-element elementor-element-5af0dcc elementor-align-right elementor-widget elementor-widget-button\" data-id=\"5af0dcc\" data-element_type=\"widget\" data-e-type=\"widget\" data-widget_type=\"button.default\">\n\t\t\t\t<div class=\"elementor-widget-container\">\n\t\t\t\t\t\t\t\t\t<div class=\"elementor-button-wrapper\">\n\t\t\t\t\t<a class=\"elementor-button elementor-button-link elementor-size-sm\" href=\"https:\/\/amzn.to\/3PTiKRw\" target=\"_blank\">\n\t\t\t\t\t\t<span class=\"elementor-button-content-wrapper\">\n\t\t\t\t\t\t\t\t\t<span class=\"elementor-button-text\">Compra ahora en Amazon<\/span>\n\t\t\t\t\t<\/span>\n\t\t\t\t\t<\/a>\n\t\t\t\t<\/div>\n\t\t\t\t\t\t\t\t<\/div>\n\t\t\t\t<\/div>\n\t\t\t\t\t<\/div>\n\t\t\t\t<\/div>\n\t\t<div class=\"elementor-element elementor-element-1b6b3c4 e-flex e-con-boxed e-con e-parent\" data-id=\"1b6b3c4\" data-element_type=\"container\" data-e-type=\"container\">\n\t\t\t\t\t<div class=\"e-con-inner\">\n\t\t\t\t<div class=\"elementor-element elementor-element-e1ef79e elementor-arrows-position-inside elementor-pagination-position-outside elementor-widget elementor-widget-image-carousel\" data-id=\"e1ef79e\" data-element_type=\"widget\" data-e-type=\"widget\" data-settings=\"{&quot;slides_to_show&quot;:&quot;1&quot;,&quot;navigation&quot;:&quot;both&quot;,&quot;autoplay&quot;:&quot;yes&quot;,&quot;pause_on_hover&quot;:&quot;yes&quot;,&quot;pause_on_interaction&quot;:&quot;yes&quot;,&quot;autoplay_speed&quot;:5000,&quot;infinite&quot;:&quot;yes&quot;,&quot;effect&quot;:&quot;slide&quot;,&quot;speed&quot;:500}\" data-widget_type=\"image-carousel.default\">\n\t\t\t\t<div class=\"elementor-widget-container\">\n\t\t\t\t\t\t\t<div class=\"elementor-image-carousel-wrapper swiper\" role=\"region\" aria-roledescription=\"carousel\" aria-label=\"Carrusel de im\u00e1genes\" dir=\"ltr\">\n\t\t\t<div class=\"elementor-image-carousel swiper-wrapper\" aria-live=\"off\">\n\t\t\t\t\t\t\t\t<div class=\"swiper-slide\" role=\"group\" aria-roledescription=\"slide\" aria-label=\"1 de 5\"><figure class=\"swiper-slide-inner\"><img decoding=\"async\" class=\"swiper-slide-image\" src=\"https:\/\/mundoanimalito.com\/wp-content\/uploads\/2024\/04\/71INVwjKP4L._AC_SL1200_-1024x1024.jpg\" alt=\"Nature&#039;s Variety Original No Grain - Pat\u00e9 para Perros Adultos Mini con Pavo - Caja 8 x 150 g\" \/><\/figure><\/div><div class=\"swiper-slide\" role=\"group\" aria-roledescription=\"slide\" aria-label=\"2 de 5\"><figure class=\"swiper-slide-inner\"><img decoding=\"async\" class=\"swiper-slide-image\" src=\"https:\/\/mundoanimalito.com\/wp-content\/uploads\/2024\/04\/71LyEKVE7pL._AC_SL1201_-882x1024.jpg\" alt=\"Nature&#039;s Variety Original No Grain - Pat\u00e9 para Perros Adultos Mini con Pavo - Caja 8 x 150 g\" \/><\/figure><\/div><div class=\"swiper-slide\" role=\"group\" aria-roledescription=\"slide\" aria-label=\"3 de 5\"><figure class=\"swiper-slide-inner\"><img decoding=\"async\" class=\"swiper-slide-image\" src=\"https:\/\/mundoanimalito.com\/wp-content\/uploads\/2024\/04\/61MjTyvjX8L._AC_SL1204_.jpg\" alt=\"Nature&#039;s Variety Original No Grain - Pat\u00e9 para Perros Adultos Mini con Pavo - Caja 8 x 150 g\" \/><\/figure><\/div><div class=\"swiper-slide\" role=\"group\" aria-roledescription=\"slide\" aria-label=\"4 de 5\"><figure class=\"swiper-slide-inner\"><img decoding=\"async\" class=\"swiper-slide-image\" src=\"https:\/\/mundoanimalito.com\/wp-content\/uploads\/2024\/04\/61EvY5qWOwL._AC_SL1200_-567x1024.jpg\" alt=\"Nature&#039;s Variety Original No Grain - Pat\u00e9 para Perros Adultos Mini con Pavo - Caja 8 x 150 g\" \/><\/figure><\/div><div class=\"swiper-slide\" role=\"group\" aria-roledescription=\"slide\" aria-label=\"5 de 5\"><figure class=\"swiper-slide-inner\"><img decoding=\"async\" class=\"swiper-slide-image\" src=\"https:\/\/mundoanimalito.com\/wp-content\/uploads\/2024\/04\/51ZPmic0mTL._AC_SL1204_-1024x255.jpg\" alt=\"Nature&#039;s Variety Original No Grain - Pat\u00e9 para Perros Adultos Mini con Pavo - Caja 8 x 150 g\" \/><\/figure><\/div>\t\t\t<\/div>\n\t\t\t\t\t\t\t\t\t\t\t\t<div class=\"elementor-swiper-button elementor-swiper-button-prev\" role=\"button\" tabindex=\"0\">\n\t\t\t\t\t\t<i aria-hidden=\"true\" class=\"eicon-chevron-left\"><\/i>\t\t\t\t\t<\/div>\n\t\t\t\t\t<div class=\"elementor-swiper-button elementor-swiper-button-next\" role=\"button\" tabindex=\"0\">\n\t\t\t\t\t\t<i aria-hidden=\"true\" class=\"eicon-chevron-right\"><\/i>\t\t\t\t\t<\/div>\n\t\t\t\t\n\t\t\t\t\t\t\t\t\t<div class=\"swiper-pagination\"><\/div>\n\t\t\t\t\t\t\t\t\t<\/div>\n\t\t\t\t\t\t<\/div>\n\t\t\t\t<\/div>\n\t\t\t\t\t<\/div>\n\t\t\t\t<\/div>\n\t\t<div class=\"elementor-element elementor-element-104c17d e-flex e-con-boxed e-con e-parent\" data-id=\"104c17d\" data-element_type=\"container\" data-e-type=\"container\">\n\t\t\t\t\t<div class=\"e-con-inner\">\n\t\t\t\t<div class=\"elementor-element elementor-element-d4ff604 elementor-align-right elementor-widget elementor-widget-button\" data-id=\"d4ff604\" data-element_type=\"widget\" data-e-type=\"widget\" data-widget_type=\"button.default\">\n\t\t\t\t<div class=\"elementor-widget-container\">\n\t\t\t\t\t\t\t\t\t<div class=\"elementor-button-wrapper\">\n\t\t\t\t\t<a class=\"elementor-button elementor-button-link elementor-size-sm\" href=\"https:\/\/amzn.to\/3PTiKRw\" target=\"_blank\">\n\t\t\t\t\t\t<span class=\"elementor-button-content-wrapper\">\n\t\t\t\t\t\t\t\t\t<span class=\"elementor-button-text\">Compra ahora en Amazon<\/span>\n\t\t\t\t\t<\/span>\n\t\t\t\t\t<\/a>\n\t\t\t\t<\/div>\n\t\t\t\t\t\t\t\t<\/div>\n\t\t\t\t<\/div>\n\t\t\t\t\t<\/div>\n\t\t\t\t<\/div>\n\t\t\t\t<\/div>\n\t\t","protected":false},"excerpt":{"rendered":"<p>\u00a1Dale a tu perro el regalo de una comida deliciosa y nutritiva con Nature&#8217;s Variety Original No Grain! Este pat\u00e9 para perros adultos mini est\u00e1 especialmente dise\u00f1ado para satisfacer las necesidades nutricionales de tu fiel compa\u00f1ero \ud83e\udd69 Prote\u00edna de Alta Calidad: Con un 66% de pavo, esta comida est\u00e1 repleta de prote\u00edna de alta calidad [&hellip;]<\/p>\n","protected":false},"author":1,"featured_media":0,"parent":0,"menu_order":0,"comment_status":"closed","ping_status":"closed","template":"","meta":{"site-sidebar-layout":"no-sidebar","site-content-layout":"page-builder","ast-site-content-layout":"full-width-container","site-content-style":"default","site-sidebar-style":"default","ast-global-header-display":"","ast-banner-title-visibility":"","ast-main-header-display":"","ast-hfb-above-header-display":"","ast-hfb-below-header-display":"","ast-hfb-mobile-header-display":"","site-post-title":"disabled","ast-breadcrumbs-content":"","ast-featured-img":"disabled","footer-sml-layout":"","ast-disable-related-posts":"","theme-transparent-header-meta":"","adv-header-id-meta":"","stick-header-meta":"","header-above-stick-meta":"","header-main-stick-meta":"","header-below-stick-meta":"","astra-migrate-meta-layouts":"set","ast-page-background-enabled":"default","ast-page-background-meta":{"desktop":{"background-color":"var(--ast-global-color-4)","background-image":"","background-repeat":"repeat","background-position":"center center","background-size":"auto","background-attachment":"scroll","background-type":"","background-media":"","overlay-type":"","overlay-color":"","overlay-opacity":"","overlay-gradient":""},"tablet":{"background-color":"","background-image":"","background-repeat":"repeat","background-position":"center center","background-size":"auto","background-attachment":"scroll","background-type":"","background-media":"","overlay-type":"","overlay-color":"","overlay-opacity":"","overlay-gradient":""},"mobile":{"background-color":"","background-image":"","background-repeat":"repeat","background-position":"center center","background-size":"auto","background-attachment":"scroll","background-type":"","background-media":"","overlay-type":"","overlay-color":"","overlay-opacity":"","overlay-gradient":""}},"ast-content-background-meta":{"desktop":{"background-color":"var(--ast-global-color-5)","background-image":"","background-repeat":"repeat","background-position":"center center","background-size":"auto","background-attachment":"scroll","background-type":"","background-media":"","overlay-type":"","overlay-color":"","overlay-opacity":"","overlay-gradient":""},"tablet":{"background-color":"var(--ast-global-color-5)","background-image":"","background-repeat":"repeat","background-position":"center center","background-size":"auto","background-attachment":"scroll","background-type":"","background-media":"","overlay-type":"","overlay-color":"","overlay-opacity":"","overlay-gradient":""},"mobile":{"background-color":"var(--ast-global-color-5)","background-image":"","background-repeat":"repeat","background-position":"center center","background-size":"auto","background-attachment":"scroll","background-type":"","background-media":"","overlay-type":"","overlay-color":"","overlay-opacity":"","overlay-gradient":""}},"footnotes":""},"class_list":["post-18814","page","type-page","status-publish","hentry"],"yoast_head":"<!-- This site is optimized with the Yoast SEO plugin v27.5 - https:\/\/yoast.com\/product\/yoast-seo-wordpress\/ -->\n<title>Pat\u00e9 para Perros Adultos Mini con Pavo | Mundo Animalito<\/title>\n<meta name=\"description\" content=\"Nature&#039;s Variety Original No Grain - Pat\u00e9 para Perros Adultos Mini con Pavo - Caja 8 x 150 g\" \/>\n<meta name=\"robots\" content=\"index, follow, max-snippet:-1, max-image-preview:large, max-video-preview:-1\" \/>\n<link rel=\"canonical\" href=\"https:\/\/mundoanimalito.com\/index.php\/natures-variety-original-no-grain-pate-para-perros-adultos-mini-con-pavo\/\" \/>\n<meta property=\"og:locale\" content=\"es_ES\" \/>\n<meta property=\"og:type\" content=\"article\" \/>\n<meta property=\"og:title\" content=\"Pat\u00e9 para Perros Adultos Mini con Pavo | Mundo Animalito\" \/>\n<meta property=\"og:description\" content=\"Nature&#039;s Variety Original No Grain - Pat\u00e9 para Perros Adultos Mini con Pavo - Caja 8 x 150 g\" \/>\n<meta property=\"og:url\" content=\"https:\/\/mundoanimalito.com\/index.php\/natures-variety-original-no-grain-pate-para-perros-adultos-mini-con-pavo\/\" \/>\n<meta property=\"og:site_name\" content=\"Mundo Animalito\" \/>\n<meta property=\"article:publisher\" content=\"https:\/\/www.facebook.com\/mundoanimalito77\" \/>\n<meta property=\"article:modified_time\" content=\"2024-09-09T23:04:56+00:00\" \/>\n<meta property=\"og:image\" content=\"https:\/\/mundoanimalito.com\/wp-content\/uploads\/2024\/04\/71VHt6TwtLL._AC_SL1500_-1024x933.jpg\" \/>\n<meta name=\"twitter:card\" content=\"summary_large_image\" \/>\n<meta name=\"twitter:label1\" content=\"Tiempo de lectura\" \/>\n\t<meta name=\"twitter:data1\" content=\"3 minutos\" \/>\n<script type=\"application\/ld+json\" class=\"yoast-schema-graph\">{\"@context\":\"https:\\\/\\\/schema.org\",\"@graph\":[{\"@type\":\"WebPage\",\"@id\":\"https:\\\/\\\/mundoanimalito.com\\\/index.php\\\/natures-variety-original-no-grain-pate-para-perros-adultos-mini-con-pavo\\\/\",\"url\":\"https:\\\/\\\/mundoanimalito.com\\\/index.php\\\/natures-variety-original-no-grain-pate-para-perros-adultos-mini-con-pavo\\\/\",\"name\":\"Pat\u00e9 para Perros Adultos Mini con Pavo | Mundo Animalito\",\"isPartOf\":{\"@id\":\"https:\\\/\\\/mundoanimalito.com\\\/#website\"},\"primaryImageOfPage\":{\"@id\":\"https:\\\/\\\/mundoanimalito.com\\\/index.php\\\/natures-variety-original-no-grain-pate-para-perros-adultos-mini-con-pavo\\\/#primaryimage\"},\"image\":{\"@id\":\"https:\\\/\\\/mundoanimalito.com\\\/index.php\\\/natures-variety-original-no-grain-pate-para-perros-adultos-mini-con-pavo\\\/#primaryimage\"},\"thumbnailUrl\":\"https:\\\/\\\/mundoanimalito.com\\\/wp-content\\\/uploads\\\/2024\\\/04\\\/71VHt6TwtLL._AC_SL1500_-1024x933.jpg\",\"datePublished\":\"2024-04-08T20:48:25+00:00\",\"dateModified\":\"2024-09-09T23:04:56+00:00\",\"description\":\"Nature's Variety Original No Grain - Pat\u00e9 para Perros Adultos Mini con Pavo - Caja 8 x 150 g\",\"breadcrumb\":{\"@id\":\"https:\\\/\\\/mundoanimalito.com\\\/index.php\\\/natures-variety-original-no-grain-pate-para-perros-adultos-mini-con-pavo\\\/#breadcrumb\"},\"inLanguage\":\"es\",\"potentialAction\":[{\"@type\":\"ReadAction\",\"target\":[\"https:\\\/\\\/mundoanimalito.com\\\/index.php\\\/natures-variety-original-no-grain-pate-para-perros-adultos-mini-con-pavo\\\/\"]}]},{\"@type\":\"ImageObject\",\"inLanguage\":\"es\",\"@id\":\"https:\\\/\\\/mundoanimalito.com\\\/index.php\\\/natures-variety-original-no-grain-pate-para-perros-adultos-mini-con-pavo\\\/#primaryimage\",\"url\":\"https:\\\/\\\/mundoanimalito.com\\\/wp-content\\\/uploads\\\/2024\\\/04\\\/71VHt6TwtLL._AC_SL1500_.jpg\",\"contentUrl\":\"https:\\\/\\\/mundoanimalito.com\\\/wp-content\\\/uploads\\\/2024\\\/04\\\/71VHt6TwtLL._AC_SL1500_.jpg\",\"width\":1500,\"height\":1367,\"caption\":\"Nature's Variety Original No Grain - Pat\u00e9 para Perros Adultos Mini con Pavo - Caja 8 x 150 g\"},{\"@type\":\"BreadcrumbList\",\"@id\":\"https:\\\/\\\/mundoanimalito.com\\\/index.php\\\/natures-variety-original-no-grain-pate-para-perros-adultos-mini-con-pavo\\\/#breadcrumb\",\"itemListElement\":[{\"@type\":\"ListItem\",\"position\":1,\"name\":\"Portada\",\"item\":\"https:\\\/\\\/mundoanimalito.com\\\/\"},{\"@type\":\"ListItem\",\"position\":2,\"name\":\"Nature&#8217;s Variety Original No Grain &#8211; Pat\u00e9 para Perros Adultos Mini con Pavo\"}]},{\"@type\":\"WebSite\",\"@id\":\"https:\\\/\\\/mundoanimalito.com\\\/#website\",\"url\":\"https:\\\/\\\/mundoanimalito.com\\\/\",\"name\":\"Mundo Animalito\",\"description\":\"Datos y curiosidades de los animales, encuentra ac\u00e1 todo para tu mascota\",\"publisher\":{\"@id\":\"https:\\\/\\\/mundoanimalito.com\\\/#organization\"},\"potentialAction\":[{\"@type\":\"SearchAction\",\"target\":{\"@type\":\"EntryPoint\",\"urlTemplate\":\"https:\\\/\\\/mundoanimalito.com\\\/?s={search_term_string}\"},\"query-input\":{\"@type\":\"PropertyValueSpecification\",\"valueRequired\":true,\"valueName\":\"search_term_string\"}}],\"inLanguage\":\"es\"},{\"@type\":\"Organization\",\"@id\":\"https:\\\/\\\/mundoanimalito.com\\\/#organization\",\"name\":\"Mundo Animalito\",\"url\":\"https:\\\/\\\/mundoanimalito.com\\\/\",\"logo\":{\"@type\":\"ImageObject\",\"inLanguage\":\"es\",\"@id\":\"https:\\\/\\\/mundoanimalito.com\\\/#\\\/schema\\\/logo\\\/image\\\/\",\"url\":\"https:\\\/\\\/mundoanimalito.com\\\/wp-content\\\/uploads\\\/2023\\\/10\\\/cropped-cropped-LOGO-OFICIAL-ULTIMA-VERSION-1.jpg\",\"contentUrl\":\"https:\\\/\\\/mundoanimalito.com\\\/wp-content\\\/uploads\\\/2023\\\/10\\\/cropped-cropped-LOGO-OFICIAL-ULTIMA-VERSION-1.jpg\",\"width\":374,\"height\":425,\"caption\":\"Mundo Animalito\"},\"image\":{\"@id\":\"https:\\\/\\\/mundoanimalito.com\\\/#\\\/schema\\\/logo\\\/image\\\/\"},\"sameAs\":[\"https:\\\/\\\/www.facebook.com\\\/mundoanimalito77\",\"https:\\\/\\\/www.instagram.com\\\/mundoanimalito77\\\/\",\"https:\\\/\\\/www.tiktok.com\\\/@mundoanimalito77\",\"https:\\\/\\\/www.youtube.com\\\/channel\\\/UCLo2JhNUNtHVraDt5aHadew\"]}]}<\/script>\n<!-- \/ Yoast SEO plugin. -->","yoast_head_json":{"title":"Pat\u00e9 para Perros Adultos Mini con Pavo | Mundo Animalito","description":"Nature's Variety Original No Grain - Pat\u00e9 para Perros Adultos Mini con Pavo - Caja 8 x 150 g","robots":{"index":"index","follow":"follow","max-snippet":"max-snippet:-1","max-image-preview":"max-image-preview:large","max-video-preview":"max-video-preview:-1"},"canonical":"https:\/\/mundoanimalito.com\/index.php\/natures-variety-original-no-grain-pate-para-perros-adultos-mini-con-pavo\/","og_locale":"es_ES","og_type":"article","og_title":"Pat\u00e9 para Perros Adultos Mini con Pavo | Mundo Animalito","og_description":"Nature's Variety Original No Grain - Pat\u00e9 para Perros Adultos Mini con Pavo - Caja 8 x 150 g","og_url":"https:\/\/mundoanimalito.com\/index.php\/natures-variety-original-no-grain-pate-para-perros-adultos-mini-con-pavo\/","og_site_name":"Mundo Animalito","article_publisher":"https:\/\/www.facebook.com\/mundoanimalito77","article_modified_time":"2024-09-09T23:04:56+00:00","og_image":[{"url":"https:\/\/mundoanimalito.com\/wp-content\/uploads\/2024\/04\/71VHt6TwtLL._AC_SL1500_-1024x933.jpg","type":"","width":"","height":""}],"twitter_card":"summary_large_image","twitter_misc":{"Tiempo de lectura":"3 minutos"},"schema":{"@context":"https:\/\/schema.org","@graph":[{"@type":"WebPage","@id":"https:\/\/mundoanimalito.com\/index.php\/natures-variety-original-no-grain-pate-para-perros-adultos-mini-con-pavo\/","url":"https:\/\/mundoanimalito.com\/index.php\/natures-variety-original-no-grain-pate-para-perros-adultos-mini-con-pavo\/","name":"Pat\u00e9 para Perros Adultos Mini con Pavo | Mundo Animalito","isPartOf":{"@id":"https:\/\/mundoanimalito.com\/#website"},"primaryImageOfPage":{"@id":"https:\/\/mundoanimalito.com\/index.php\/natures-variety-original-no-grain-pate-para-perros-adultos-mini-con-pavo\/#primaryimage"},"image":{"@id":"https:\/\/mundoanimalito.com\/index.php\/natures-variety-original-no-grain-pate-para-perros-adultos-mini-con-pavo\/#primaryimage"},"thumbnailUrl":"https:\/\/mundoanimalito.com\/wp-content\/uploads\/2024\/04\/71VHt6TwtLL._AC_SL1500_-1024x933.jpg","datePublished":"2024-04-08T20:48:25+00:00","dateModified":"2024-09-09T23:04:56+00:00","description":"Nature's Variety Original No Grain - Pat\u00e9 para Perros Adultos Mini con Pavo - Caja 8 x 150 g","breadcrumb":{"@id":"https:\/\/mundoanimalito.com\/index.php\/natures-variety-original-no-grain-pate-para-perros-adultos-mini-con-pavo\/#breadcrumb"},"inLanguage":"es","potentialAction":[{"@type":"ReadAction","target":["https:\/\/mundoanimalito.com\/index.php\/natures-variety-original-no-grain-pate-para-perros-adultos-mini-con-pavo\/"]}]},{"@type":"ImageObject","inLanguage":"es","@id":"https:\/\/mundoanimalito.com\/index.php\/natures-variety-original-no-grain-pate-para-perros-adultos-mini-con-pavo\/#primaryimage","url":"https:\/\/mundoanimalito.com\/wp-content\/uploads\/2024\/04\/71VHt6TwtLL._AC_SL1500_.jpg","contentUrl":"https:\/\/mundoanimalito.com\/wp-content\/uploads\/2024\/04\/71VHt6TwtLL._AC_SL1500_.jpg","width":1500,"height":1367,"caption":"Nature's Variety Original No Grain - Pat\u00e9 para Perros Adultos Mini con Pavo - Caja 8 x 150 g"},{"@type":"BreadcrumbList","@id":"https:\/\/mundoanimalito.com\/index.php\/natures-variety-original-no-grain-pate-para-perros-adultos-mini-con-pavo\/#breadcrumb","itemListElement":[{"@type":"ListItem","position":1,"name":"Portada","item":"https:\/\/mundoanimalito.com\/"},{"@type":"ListItem","position":2,"name":"Nature&#8217;s Variety Original No Grain &#8211; Pat\u00e9 para Perros Adultos Mini con Pavo"}]},{"@type":"WebSite","@id":"https:\/\/mundoanimalito.com\/#website","url":"https:\/\/mundoanimalito.com\/","name":"Mundo Animalito","description":"Datos y curiosidades de los animales, encuentra ac\u00e1 todo para tu mascota","publisher":{"@id":"https:\/\/mundoanimalito.com\/#organization"},"potentialAction":[{"@type":"SearchAction","target":{"@type":"EntryPoint","urlTemplate":"https:\/\/mundoanimalito.com\/?s={search_term_string}"},"query-input":{"@type":"PropertyValueSpecification","valueRequired":true,"valueName":"search_term_string"}}],"inLanguage":"es"},{"@type":"Organization","@id":"https:\/\/mundoanimalito.com\/#organization","name":"Mundo Animalito","url":"https:\/\/mundoanimalito.com\/","logo":{"@type":"ImageObject","inLanguage":"es","@id":"https:\/\/mundoanimalito.com\/#\/schema\/logo\/image\/","url":"https:\/\/mundoanimalito.com\/wp-content\/uploads\/2023\/10\/cropped-cropped-LOGO-OFICIAL-ULTIMA-VERSION-1.jpg","contentUrl":"https:\/\/mundoanimalito.com\/wp-content\/uploads\/2023\/10\/cropped-cropped-LOGO-OFICIAL-ULTIMA-VERSION-1.jpg","width":374,"height":425,"caption":"Mundo Animalito"},"image":{"@id":"https:\/\/mundoanimalito.com\/#\/schema\/logo\/image\/"},"sameAs":["https:\/\/www.facebook.com\/mundoanimalito77","https:\/\/www.instagram.com\/mundoanimalito77\/","https:\/\/www.tiktok.com\/@mundoanimalito77","https:\/\/www.youtube.com\/channel\/UCLo2JhNUNtHVraDt5aHadew"]}]}},"_links":{"self":[{"href":"https:\/\/mundoanimalito.com\/index.php\/wp-json\/wp\/v2\/pages\/18814","targetHints":{"allow":["GET"]}}],"collection":[{"href":"https:\/\/mundoanimalito.com\/index.php\/wp-json\/wp\/v2\/pages"}],"about":[{"href":"https:\/\/mundoanimalito.com\/index.php\/wp-json\/wp\/v2\/types\/page"}],"author":[{"embeddable":true,"href":"https:\/\/mundoanimalito.com\/index.php\/wp-json\/wp\/v2\/users\/1"}],"replies":[{"embeddable":true,"href":"https:\/\/mundoanimalito.com\/index.php\/wp-json\/wp\/v2\/comments?post=18814"}],"version-history":[{"count":0,"href":"https:\/\/mundoanimalito.com\/index.php\/wp-json\/wp\/v2\/pages\/18814\/revisions"}],"wp:attachment":[{"href":"https:\/\/mundoanimalito.com\/index.php\/wp-json\/wp\/v2\/media?parent=18814"}],"curies":[{"name":"wp","href":"https:\/\/api.w.org\/{rel}","templated":true}]}}